{"id":15754,"date":"2026-02-02T10:35:35","date_gmt":"2026-02-02T10:35:35","guid":{"rendered":"https:\/\/homeproject.fr\/fr\/?post_type=product&#038;p=15754"},"modified":"2026-02-02T14:54:22","modified_gmt":"2026-02-02T14:54:22","slug":"suspension-5-lampes-graphique-et-lumiere-architecturale-beaux-arts","status":"publish","type":"product","link":"https:\/\/homeproject.fr\/fr\/produit\/suspension-5-lampes-graphique-et-lumiere-architecturale-beaux-arts\/","title":{"rendered":"Suspension 5 lampes graphique et lumi\u00e8re architecturale BEAUX ARTS"},"content":{"rendered":"<h2 data-start=\"892\" data-end=\"1024\"><strong>Caract\u00e9ristiques techniques<\/strong><\/h2>\n<ul>\n<li style=\"list-style-type: none;\" data-start=\"1190\" data-end=\"1222\">\n<ul class=\"ul1\">\n<li class=\"li1\"><b>Type de luminaire<\/b>\u00a0: Suspension int\u00e9rieure lin\u00e9aire<\/li>\n<li class=\"li1\"><b>Style<\/b>\u00a0: Contemporain \/ Architectural<\/li>\n<li class=\"li1\"><b>Installation<\/b>\u00a0: Plafond<\/li>\n<li class=\"li1\"><b>Utilisation<\/b>\u00a0: Int\u00e9rieur uniquement<\/li>\n<li class=\"li1\"><b>Technologie<\/b>\u00a0: LED int\u00e9gr\u00e9e<\/li>\n<li class=\"li1\"><b>Puissance totale<\/b>\u00a0: 45 W<\/li>\n<li class=\"li1\"><b>Nombre de sources<\/b>\u00a0: 5 modules LED<\/li>\n<li class=\"li1\"><b>Flux lumineux total<\/b>\u00a0: 3360 lm<\/li>\n<li class=\"li1\"><b>Temp\u00e9rature de couleur<\/b>\u00a0: 3000 K (blanc chaud)<\/li>\n<li class=\"li1\"><b>Indice de rendu des couleurs (CRI)<\/b>\u00a0: \u2265 80<\/li>\n<li class=\"li1\"><b>Angle de diffusion<\/b>\u00a0: 180\u00b0 (diffusion sph\u00e9rique)<\/li>\n<li class=\"li1\"><b>Dur\u00e9e de vie estim\u00e9e<\/b>\u00a0: L80B10 \u2013 50 000 heures<\/li>\n<li class=\"li1\"><b>MacAdam<\/b>\u00a0: SDCM < 2<\/li>\n<li class=\"li1\"><b>Dimmable<\/b>\u00a0: Non<\/li>\n<li class=\"li1\"><b>Tension d\u2019entr\u00e9e<\/b>\u00a0: 220\u2013240 V<\/li>\n<li class=\"li1\"><b>Fr\u00e9quence<\/b>\u00a0: 50\/60 Hz<\/li>\n<li class=\"li1\"><b>Courant d\u2019alimentation<\/b>\u00a0: 5 \u00d7 500 mA<\/li>\n<li class=\"li1\"><b>Classe de s\u00e9curit\u00e9<\/b>\u00a0: Classe I<\/li>\n<li class=\"li1\"><b>Structure<\/b>\u00a0: M\u00e9tal \/ Aluminium<\/li>\n<li class=\"li1\"><b>Diffuseur<\/b>\u00a0: Acrylique avec grille nid d\u2019abeille<\/li>\n<li class=\"li1\"><b>Finition<\/b>\u00a0:<\/li>\n<li class=\"li1\"><b>Longueur totale<\/b>\u00a0: 105 cm<\/li>\n<li class=\"li1\"><b>Diam\u00e8tre de chaque suspension<\/b>\u00a0: \u00d8 13 cm<\/li>\n<li class=\"li1\"><b>Hauteur du corps lumineux<\/b>\u00a0: 6,5 cm<\/li>\n<li class=\"li1\"><b>Dimensions du support plafond<\/b>\u00a0: L 105 \u00d7 l 5 \u00d7 H 3 cm<\/li>\n<li class=\"li1\"><b>C\u00e2ble<\/b>\u00a0: 200 cm \u2013 r\u00e9glable en hauteur<\/li>\n<li class=\"li1\"><b>Indice de protection<\/b>\u00a0: IP20<\/li>\n<li class=\"li1\"><b>Classe \u00e9nerg\u00e9tique<\/b>\u00a0: F<\/li>\n<li class=\"li1\"><b>Garantie fabricant<\/b>\u00a0: 3 ans<\/li>\n<\/ul>\n<\/li>\n<\/ul>\n<p><a href=\"https:\/\/homeproject.fr\/fr\/wp-content\/uploads\/2026\/02\/Suspension-5-lampes-graphique-et-lumiere-architecturale-BEAUX-ARTS-schema.png\"><img fetchpriority=\"high\" decoding=\"async\" class=\"alignnone wp-image-15755 size-large\" src=\"https:\/\/homeproject.fr\/fr\/wp-content\/uploads\/2026\/02\/Suspension-5-lampes-graphique-et-lumiere-architecturale-BEAUX-ARTS-schema-838x1024.png\" alt=\"\" width=\"838\" height=\"1024\" srcset=\"https:\/\/homeproject.fr\/fr\/wp-content\/uploads\/2026\/02\/Suspension-5-lampes-graphique-et-lumiere-architecturale-BEAUX-ARTS-schema-838x1024.png 838w, https:\/\/homeproject.fr\/fr\/wp-content\/uploads\/2026\/02\/Suspension-5-lampes-graphique-et-lumiere-architecturale-BEAUX-ARTS-schema-245x300.png 245w, https:\/\/homeproject.fr\/fr\/wp-content\/uploads\/2026\/02\/Suspension-5-lampes-graphique-et-lumiere-architecturale-BEAUX-ARTS-schema-768x939.png 768w, https:\/\/homeproject.fr\/fr\/wp-content\/uploads\/2026\/02\/Suspension-5-lampes-graphique-et-lumiere-architecturale-BEAUX-ARTS-schema-1257x1536.png 1257w, https:\/\/homeproject.fr\/fr\/wp-content\/uploads\/2026\/02\/Suspension-5-lampes-graphique-et-lumiere-architecturale-BEAUX-ARTS-schema-1676x2048.png 1676w, https:\/\/homeproject.fr\/fr\/wp-content\/uploads\/2026\/02\/Suspension-5-lampes-graphique-et-lumiere-architecturale-BEAUX-ARTS-schema-10x12.png 10w, https:\/\/homeproject.fr\/fr\/wp-content\/uploads\/2026\/02\/Suspension-5-lampes-graphique-et-lumiere-architecturale-BEAUX-ARTS-schema-840x1027.png 840w, https:\/\/homeproject.fr\/fr\/wp-content\/uploads\/2026\/02\/Suspension-5-lampes-graphique-et-lumiere-architecturale-BEAUX-ARTS-schema.png 1800w\" sizes=\"(max-width: 838px) 100vw, 838px\" \/><\/a><\/p>\n<p>\u00a0<\/p>\n<h2 data-start=\"509\" data-end=\"546\"><strong style=\"font-family: inherit;\">Vous avez des questions ?<\/strong><\/h2>\n<style id=\"wpforms-css-vars-3675\">\n\t\t\t\t#wpforms-3675 {\n\t\t\t\t\n\t\t\t}\n\t\t\t<\/style><div class=\"wpforms-container wpforms-container-full wpforms-render-modern\" id=\"wpforms-3675\"><form id=\"wpforms-form-3675\" class=\"wpforms-validate wpforms-form wpforms-ajax-form\" data-formid=\"3675\" method=\"post\" enctype=\"multipart\/form-data\" action=\"\/fr\/wp-json\/wp\/v2\/product\/15754\" data-token=\"40ada6e9151c970e4278e2da3e5409c5\" data-token-time=\"1777932130\"><noscript class=\"wpforms-error-noscript\">Veuillez activer JavaScript dans votre navigateur pour remplir ce formulaire.<\/noscript><div id=\"wpforms-error-noscript\" style=\"display: none;\">Veuillez activer JavaScript dans votre navigateur pour remplir ce formulaire.<\/div><div class=\"wpforms-field-container\">\t\t<div id=\"wpforms-3675-field_1-container\"\n\t\t\tclass=\"wpforms-field wpforms-field-text\"\n\t\t\tdata-field-type=\"text\"\n\t\t\tdata-field-id=\"1\"\n\t\t\t>\n\t\t\t<label class=\"wpforms-field-label\" for=\"wpforms-3675-field_1\" >E-mail Nom Message<\/label>\n\t\t\t<input type=\"text\" id=\"wpforms-3675-field_1\" class=\"wpforms-field-medium\" name=\"wpforms[fields][1]\" >\n\t\t<\/div>\n\t\t<div id=\"wpforms-3675-field_3-container\" class=\"wpforms-field wpforms-field-name\" data-field-id=\"3\"><fieldset><legend class=\"wpforms-field-label\">Nom <span class=\"wpforms-required-label\" aria-hidden=\"true\">*<\/span><\/legend><div class=\"wpforms-field-row wpforms-field-medium\"><div class=\"wpforms-field-row-block wpforms-first wpforms-one-half\"><input type=\"text\" id=\"wpforms-3675-field_3\" class=\"wpforms-field-name-first wpforms-field-required\" name=\"wpforms[fields][3][first]\" aria-errormessage=\"wpforms-3675-field_3-error\" required><label for=\"wpforms-3675-field_3\" class=\"wpforms-field-sublabel after\">Pr\u00e9nom<\/label><\/div><div class=\"wpforms-field-row-block wpforms-one-half\"><input type=\"text\" id=\"wpforms-3675-field_3-last\" class=\"wpforms-field-name-last wpforms-field-required\" name=\"wpforms[fields][3][last]\" aria-errormessage=\"wpforms-3675-field_3-last-error\" required><label for=\"wpforms-3675-field_3-last\" class=\"wpforms-field-sublabel after\">Nom<\/label><\/div><\/div><\/fieldset><\/div><div id=\"wpforms-3675-field_4-container\" class=\"wpforms-field wpforms-field-email\" data-field-id=\"4\"><label class=\"wpforms-field-label\" for=\"wpforms-3675-field_4\">E-mail <span class=\"wpforms-required-label\" aria-hidden=\"true\">*<\/span><\/label><input type=\"email\" id=\"wpforms-3675-field_4\" class=\"wpforms-field-medium wpforms-field-required\" name=\"wpforms[fields][4]\" spellcheck=\"false\" aria-errormessage=\"wpforms-3675-field_4-error\" required><\/div><div id=\"wpforms-3675-field_5-container\" class=\"wpforms-field wpforms-field-textarea\" data-field-id=\"5\"><label class=\"wpforms-field-label\" for=\"wpforms-3675-field_5\">Message <span class=\"wpforms-required-label\" aria-hidden=\"true\">*<\/span><\/label><textarea id=\"wpforms-3675-field_5\" class=\"wpforms-field-medium wpforms-field-required\" name=\"wpforms[fields][5]\" aria-errormessage=\"wpforms-3675-field_5-error\" required><\/textarea><\/div><script>\n\t\t\t\t( function() {\n\t\t\t\t\tconst style = document.createElement( 'style' );\n\t\t\t\t\tstyle.appendChild( document.createTextNode( '#wpforms-3675-field_1-container { position: absolute !important; overflow: hidden !important; display: inline !important; height: 1px !important; width: 1px !important; z-index: -1000 !important; padding: 0 !important; } #wpforms-3675-field_1-container input { visibility: hidden; } #wpforms-conversational-form-page #wpforms-3675-field_1-container label { counter-increment: none; }' ) );\n\t\t\t\t\tdocument.head.appendChild( style );\n\t\t\t\t\tdocument.currentScript?.remove();\n\t\t\t\t} )();\n\t\t\t<\/script><\/div><!-- .wpforms-field-container --><div class=\"wpforms-submit-container\" ><input type=\"hidden\" name=\"wpforms[id]\" value=\"3675\"><input type=\"hidden\" name=\"page_title\" value=\"\"><input type=\"hidden\" name=\"page_url\" value=\"https:\/\/homeproject.fr\/fr\/wp-json\/wp\/v2\/product\/15754\"><input type=\"hidden\" name=\"url_referer\" value=\"\"><button type=\"submit\" name=\"wpforms[submit]\" id=\"wpforms-submit-3675\" class=\"wpforms-submit\" data-alt-text=\"Envoi...\" data-submit-text=\"Envoyer\" aria-live=\"assertive\" value=\"wpforms-submit\">Envoyer<\/button><img decoding=\"async\" src=\"https:\/\/homeproject.fr\/fr\/wp-content\/plugins\/wpforms-lite\/assets\/images\/submit-spin.svg\" class=\"wpforms-submit-spinner\" style=\"display: none;\" width=\"26\" height=\"26\" alt=\"Chargement en cours\"><\/div><\/form><\/div>  <!-- .wpforms-container -->\n","protected":false},"excerpt":{"rendered":"<p data-start=\"336\" data-end=\"721\">La suspension\u00a0<strong data-start=\"350\" data-end=\"364\">Beaux Arts<\/strong>\u00a0incarne une vision contemporaine du luminaire d\u00e9coratif, o\u00f9 la rigueur graphique rencontre une atmosph\u00e8re chaleureuse et sophistiqu\u00e9e. Compos\u00e9e de cinq suspensions finement align\u00e9es sur une structure lin\u00e9aire, elle cr\u00e9e un rythme visuel \u00e9l\u00e9gant, id\u00e9al pour sublimer une table de salle \u00e0 manger, un \u00eelot de cuisine ou un espace de r\u00e9ception au design \u00e9pur\u00e9.<\/p>\n<p data-start=\"723\" data-end=\"1066\">Son contraste subtil entre le\u00a0<strong data-start=\"753\" data-end=\"771\">noir sable mat<\/strong>\u00a0et les\u00a0<strong data-start=\"779\" data-end=\"808\">finitions dor\u00e9es bross\u00e9es<\/strong>\u00a0diffuse une lumi\u00e8re douce et enveloppante, parfaitement ma\u00eetris\u00e9e gr\u00e2ce \u00e0 un diffuseur \u00e0 structure alv\u00e9olaire (honeycomb). La temp\u00e9rature de couleur\u00a0<strong data-start=\"958\" data-end=\"967\">3000K<\/strong>\u00a0offre un \u00e9clairage chaud et confortable, propice aux moments de partage et aux ambiances feutr\u00e9es.<\/p>\n<p data-start=\"1068\" data-end=\"1365\">Pens\u00e9e comme un v\u00e9ritable \u00e9l\u00e9ment d\u2019architecture int\u00e9rieure,\u00a0<strong data-start=\"1129\" data-end=\"1143\">Beaux Arts<\/strong> s\u2019inscrit naturellement dans les univers contemporains, m\u00e9diterran\u00e9ens ou minimalistes chers \u00e0 l\u2019esth\u00e9tique Homeproject.fr. Un luminaire sculptural qui structure l\u2019espace tout en apportant une lumi\u00e8re d\u00e9corative haut de gamme.<\/p>\n","protected":false},"featured_media":15756,"template":"","meta":{"_uf_show_specific_survey":0,"_uf_disable_surveys":false,"iawp_total_views":2},"product_brand":[],"product_cat":[172],"product_tag":[],"class_list":{"0":"post-15754","1":"product","2":"type-product","3":"status-publish","4":"has-post-thumbnail","6":"product_cat-suspensions","7":"product_shipping_class-petit-colis","8":"pa_materiau-acrylique","9":"pa_materiau-aluminium","10":"pa_materiau-metal","12":"first","13":"instock","14":"taxable","15":"shipping-taxable","16":"purchasable","17":"product-type-simple"},"yoast_head":"<!-- This site is optimized with the Yoast SEO plugin v27.5 - https:\/\/yoast.com\/product\/yoast-seo-wordpress\/ -->\n<title>Suspension 5 lampes graphique et lumi\u00e8re architecturale BEAUX ARTS - Homeproject.fr<\/title>\n<meta name=\"robots\" content=\"index, follow, max-snippet:-1, max-image-preview:large, max-video-preview:-1\" \/>\n<link rel=\"canonical\" href=\"https:\/\/homeproject.fr\/fr\/produit\/suspension-5-lampes-graphique-et-lumiere-architecturale-beaux-arts\/\" \/>\n<meta property=\"og:locale\" content=\"fr_FR\" \/>\n<meta property=\"og:type\" content=\"article\" \/>\n<meta property=\"og:title\" content=\"Suspension 5 lampes graphique et lumi\u00e8re architecturale BEAUX ARTS - Homeproject.fr\" \/>\n<meta property=\"og:description\" content=\"La suspension\u00a0Beaux Arts\u00a0incarne une vision contemporaine du luminaire d\u00e9coratif, o\u00f9 la rigueur graphique rencontre une atmosph\u00e8re chaleureuse et sophistiqu\u00e9e. Compos\u00e9e de cinq suspensions finement align\u00e9es sur une structure lin\u00e9aire, elle cr\u00e9e un rythme visuel \u00e9l\u00e9gant, id\u00e9al pour sublimer une table de salle \u00e0 manger, un \u00eelot de cuisine ou un espace de r\u00e9ception au design \u00e9pur\u00e9. Son contraste subtil entre le\u00a0noir sable mat\u00a0et les\u00a0finitions dor\u00e9es bross\u00e9es\u00a0diffuse une lumi\u00e8re douce et enveloppante, parfaitement ma\u00eetris\u00e9e gr\u00e2ce \u00e0 un diffuseur \u00e0 structure alv\u00e9olaire (honeycomb). La temp\u00e9rature de couleur\u00a03000K\u00a0offre un \u00e9clairage chaud et confortable, propice aux moments de partage et aux ambiances feutr\u00e9es. Pens\u00e9e comme un v\u00e9ritable \u00e9l\u00e9ment d\u2019architecture int\u00e9rieure,\u00a0Beaux Arts s\u2019inscrit naturellement dans les univers contemporains, m\u00e9diterran\u00e9ens ou minimalistes chers \u00e0 l\u2019esth\u00e9tique Homeproject.fr. Un luminaire sculptural qui structure l\u2019espace tout en apportant une lumi\u00e8re d\u00e9corative haut de gamme.\" \/>\n<meta property=\"og:url\" content=\"https:\/\/homeproject.fr\/fr\/produit\/suspension-5-lampes-graphique-et-lumiere-architecturale-beaux-arts\/\" \/>\n<meta property=\"og:site_name\" content=\"Homeproject.fr\" \/>\n<meta property=\"article:modified_time\" content=\"2026-02-02T14:54:22+00:00\" \/>\n<meta property=\"og:image\" content=\"https:\/\/homeproject.fr\/fr\/wp-content\/uploads\/2026\/02\/Suspension-5-lampes-graphique-et-lumiere-architecturale-BEAUX-ARTS-1.png\" \/>\n\t<meta property=\"og:image:width\" content=\"1024\" \/>\n\t<meta property=\"og:image:height\" content=\"1024\" \/>\n\t<meta property=\"og:image:type\" content=\"image\/png\" \/>\n<meta name=\"twitter:card\" content=\"summary_large_image\" \/>\n<meta name=\"twitter:label1\" content=\"Dur\u00e9e de lecture estim\u00e9e\" \/>\n\t<meta name=\"twitter:data1\" content=\"2 minutes\" \/>\n<script type=\"application\/ld+json\" class=\"yoast-schema-graph\">{\"@context\":\"https:\\\/\\\/schema.org\",\"@graph\":[{\"@type\":\"WebPage\",\"@id\":\"https:\\\/\\\/homeproject.fr\\\/fr\\\/produit\\\/suspension-5-lampes-graphique-et-lumiere-architecturale-beaux-arts\\\/\",\"url\":\"https:\\\/\\\/homeproject.fr\\\/fr\\\/produit\\\/suspension-5-lampes-graphique-et-lumiere-architecturale-beaux-arts\\\/\",\"name\":\"Suspension 5 lampes graphique et lumi\u00e8re architecturale BEAUX ARTS - Homeproject.fr\",\"isPartOf\":{\"@id\":\"https:\\\/\\\/homeproject.fr\\\/fr\\\/#website\"},\"primaryImageOfPage\":{\"@id\":\"https:\\\/\\\/homeproject.fr\\\/fr\\\/produit\\\/suspension-5-lampes-graphique-et-lumiere-architecturale-beaux-arts\\\/#primaryimage\"},\"image\":{\"@id\":\"https:\\\/\\\/homeproject.fr\\\/fr\\\/produit\\\/suspension-5-lampes-graphique-et-lumiere-architecturale-beaux-arts\\\/#primaryimage\"},\"thumbnailUrl\":\"https:\\\/\\\/homeproject.fr\\\/fr\\\/wp-content\\\/uploads\\\/2026\\\/02\\\/Suspension-5-lampes-graphique-et-lumiere-architecturale-BEAUX-ARTS-1.png\",\"datePublished\":\"2026-02-02T10:35:35+00:00\",\"dateModified\":\"2026-02-02T14:54:22+00:00\",\"breadcrumb\":{\"@id\":\"https:\\\/\\\/homeproject.fr\\\/fr\\\/produit\\\/suspension-5-lampes-graphique-et-lumiere-architecturale-beaux-arts\\\/#breadcrumb\"},\"inLanguage\":\"fr-FR\",\"potentialAction\":[{\"@type\":\"ReadAction\",\"target\":[\"https:\\\/\\\/homeproject.fr\\\/fr\\\/produit\\\/suspension-5-lampes-graphique-et-lumiere-architecturale-beaux-arts\\\/\"]}]},{\"@type\":\"ImageObject\",\"inLanguage\":\"fr-FR\",\"@id\":\"https:\\\/\\\/homeproject.fr\\\/fr\\\/produit\\\/suspension-5-lampes-graphique-et-lumiere-architecturale-beaux-arts\\\/#primaryimage\",\"url\":\"https:\\\/\\\/homeproject.fr\\\/fr\\\/wp-content\\\/uploads\\\/2026\\\/02\\\/Suspension-5-lampes-graphique-et-lumiere-architecturale-BEAUX-ARTS-1.png\",\"contentUrl\":\"https:\\\/\\\/homeproject.fr\\\/fr\\\/wp-content\\\/uploads\\\/2026\\\/02\\\/Suspension-5-lampes-graphique-et-lumiere-architecturale-BEAUX-ARTS-1.png\",\"width\":1024,\"height\":1024},{\"@type\":\"BreadcrumbList\",\"@id\":\"https:\\\/\\\/homeproject.fr\\\/fr\\\/produit\\\/suspension-5-lampes-graphique-et-lumiere-architecturale-beaux-arts\\\/#breadcrumb\",\"itemListElement\":[{\"@type\":\"ListItem\",\"position\":1,\"name\":\"Accueil\",\"item\":\"https:\\\/\\\/homeproject.fr\\\/fr\\\/\"},{\"@type\":\"ListItem\",\"position\":2,\"name\":\"Boutique\",\"item\":\"https:\\\/\\\/homeproject.fr\\\/fr\\\/boutique\\\/\"},{\"@type\":\"ListItem\",\"position\":3,\"name\":\"Suspension 5 lampes graphique et lumi\u00e8re architecturale BEAUX ARTS\"}]},{\"@type\":\"WebSite\",\"@id\":\"https:\\\/\\\/homeproject.fr\\\/fr\\\/#website\",\"url\":\"https:\\\/\\\/homeproject.fr\\\/fr\\\/\",\"name\":\"Homeproject.fr\",\"description\":\"Offrez l&#039;exceptionnel \u00e0 vos espaces \u00e0 vivre\",\"publisher\":{\"@id\":\"https:\\\/\\\/homeproject.fr\\\/fr\\\/#organization\"},\"potentialAction\":[{\"@type\":\"SearchAction\",\"target\":{\"@type\":\"EntryPoint\",\"urlTemplate\":\"https:\\\/\\\/homeproject.fr\\\/fr\\\/?s={search_term_string}\"},\"query-input\":{\"@type\":\"PropertyValueSpecification\",\"valueRequired\":true,\"valueName\":\"search_term_string\"}}],\"inLanguage\":\"fr-FR\"},{\"@type\":\"Organization\",\"@id\":\"https:\\\/\\\/homeproject.fr\\\/fr\\\/#organization\",\"name\":\"Homeproject.fr\",\"url\":\"https:\\\/\\\/homeproject.fr\\\/fr\\\/\",\"logo\":{\"@type\":\"ImageObject\",\"inLanguage\":\"fr-FR\",\"@id\":\"https:\\\/\\\/homeproject.fr\\\/fr\\\/#\\\/schema\\\/logo\\\/image\\\/\",\"url\":\"https:\\\/\\\/homeproject.fr\\\/fr\\\/wp-content\\\/uploads\\\/2024\\\/12\\\/Logo_HomeProject-noir-2.png\",\"contentUrl\":\"https:\\\/\\\/homeproject.fr\\\/fr\\\/wp-content\\\/uploads\\\/2024\\\/12\\\/Logo_HomeProject-noir-2.png\",\"width\":300,\"height\":91,\"caption\":\"Homeproject.fr\"},\"image\":{\"@id\":\"https:\\\/\\\/homeproject.fr\\\/fr\\\/#\\\/schema\\\/logo\\\/image\\\/\"}}]}<\/script>\n<!-- \/ Yoast SEO plugin. -->","yoast_head_json":{"title":"Suspension 5 lampes graphique et lumi\u00e8re architecturale BEAUX ARTS - Homeproject.fr","robots":{"index":"index","follow":"follow","max-snippet":"max-snippet:-1","max-image-preview":"max-image-preview:large","max-video-preview":"max-video-preview:-1"},"canonical":"https:\/\/homeproject.fr\/fr\/produit\/suspension-5-lampes-graphique-et-lumiere-architecturale-beaux-arts\/","og_locale":"fr_FR","og_type":"article","og_title":"Suspension 5 lampes graphique et lumi\u00e8re architecturale BEAUX ARTS - Homeproject.fr","og_description":"La suspension\u00a0Beaux Arts\u00a0incarne une vision contemporaine du luminaire d\u00e9coratif, o\u00f9 la rigueur graphique rencontre une atmosph\u00e8re chaleureuse et sophistiqu\u00e9e. Compos\u00e9e de cinq suspensions finement align\u00e9es sur une structure lin\u00e9aire, elle cr\u00e9e un rythme visuel \u00e9l\u00e9gant, id\u00e9al pour sublimer une table de salle \u00e0 manger, un \u00eelot de cuisine ou un espace de r\u00e9ception au design \u00e9pur\u00e9. Son contraste subtil entre le\u00a0noir sable mat\u00a0et les\u00a0finitions dor\u00e9es bross\u00e9es\u00a0diffuse une lumi\u00e8re douce et enveloppante, parfaitement ma\u00eetris\u00e9e gr\u00e2ce \u00e0 un diffuseur \u00e0 structure alv\u00e9olaire (honeycomb). La temp\u00e9rature de couleur\u00a03000K\u00a0offre un \u00e9clairage chaud et confortable, propice aux moments de partage et aux ambiances feutr\u00e9es. Pens\u00e9e comme un v\u00e9ritable \u00e9l\u00e9ment d\u2019architecture int\u00e9rieure,\u00a0Beaux Arts s\u2019inscrit naturellement dans les univers contemporains, m\u00e9diterran\u00e9ens ou minimalistes chers \u00e0 l\u2019esth\u00e9tique Homeproject.fr. Un luminaire sculptural qui structure l\u2019espace tout en apportant une lumi\u00e8re d\u00e9corative haut de gamme.","og_url":"https:\/\/homeproject.fr\/fr\/produit\/suspension-5-lampes-graphique-et-lumiere-architecturale-beaux-arts\/","og_site_name":"Homeproject.fr","article_modified_time":"2026-02-02T14:54:22+00:00","og_image":[{"width":1024,"height":1024,"url":"https:\/\/homeproject.fr\/fr\/wp-content\/uploads\/2026\/02\/Suspension-5-lampes-graphique-et-lumiere-architecturale-BEAUX-ARTS-1.png","type":"image\/png"}],"twitter_card":"summary_large_image","twitter_misc":{"Dur\u00e9e de lecture estim\u00e9e":"2 minutes"},"schema":{"@context":"https:\/\/schema.org","@graph":[{"@type":"WebPage","@id":"https:\/\/homeproject.fr\/fr\/produit\/suspension-5-lampes-graphique-et-lumiere-architecturale-beaux-arts\/","url":"https:\/\/homeproject.fr\/fr\/produit\/suspension-5-lampes-graphique-et-lumiere-architecturale-beaux-arts\/","name":"Suspension 5 lampes graphique et lumi\u00e8re architecturale BEAUX ARTS - Homeproject.fr","isPartOf":{"@id":"https:\/\/homeproject.fr\/fr\/#website"},"primaryImageOfPage":{"@id":"https:\/\/homeproject.fr\/fr\/produit\/suspension-5-lampes-graphique-et-lumiere-architecturale-beaux-arts\/#primaryimage"},"image":{"@id":"https:\/\/homeproject.fr\/fr\/produit\/suspension-5-lampes-graphique-et-lumiere-architecturale-beaux-arts\/#primaryimage"},"thumbnailUrl":"https:\/\/homeproject.fr\/fr\/wp-content\/uploads\/2026\/02\/Suspension-5-lampes-graphique-et-lumiere-architecturale-BEAUX-ARTS-1.png","datePublished":"2026-02-02T10:35:35+00:00","dateModified":"2026-02-02T14:54:22+00:00","breadcrumb":{"@id":"https:\/\/homeproject.fr\/fr\/produit\/suspension-5-lampes-graphique-et-lumiere-architecturale-beaux-arts\/#breadcrumb"},"inLanguage":"fr-FR","potentialAction":[{"@type":"ReadAction","target":["https:\/\/homeproject.fr\/fr\/produit\/suspension-5-lampes-graphique-et-lumiere-architecturale-beaux-arts\/"]}]},{"@type":"ImageObject","inLanguage":"fr-FR","@id":"https:\/\/homeproject.fr\/fr\/produit\/suspension-5-lampes-graphique-et-lumiere-architecturale-beaux-arts\/#primaryimage","url":"https:\/\/homeproject.fr\/fr\/wp-content\/uploads\/2026\/02\/Suspension-5-lampes-graphique-et-lumiere-architecturale-BEAUX-ARTS-1.png","contentUrl":"https:\/\/homeproject.fr\/fr\/wp-content\/uploads\/2026\/02\/Suspension-5-lampes-graphique-et-lumiere-architecturale-BEAUX-ARTS-1.png","width":1024,"height":1024},{"@type":"BreadcrumbList","@id":"https:\/\/homeproject.fr\/fr\/produit\/suspension-5-lampes-graphique-et-lumiere-architecturale-beaux-arts\/#breadcrumb","itemListElement":[{"@type":"ListItem","position":1,"name":"Accueil","item":"https:\/\/homeproject.fr\/fr\/"},{"@type":"ListItem","position":2,"name":"Boutique","item":"https:\/\/homeproject.fr\/fr\/boutique\/"},{"@type":"ListItem","position":3,"name":"Suspension 5 lampes graphique et lumi\u00e8re architecturale BEAUX ARTS"}]},{"@type":"WebSite","@id":"https:\/\/homeproject.fr\/fr\/#website","url":"https:\/\/homeproject.fr\/fr\/","name":"Homeproject.fr","description":"Offrez l&#039;exceptionnel \u00e0 vos espaces \u00e0 vivre","publisher":{"@id":"https:\/\/homeproject.fr\/fr\/#organization"},"potentialAction":[{"@type":"SearchAction","target":{"@type":"EntryPoint","urlTemplate":"https:\/\/homeproject.fr\/fr\/?s={search_term_string}"},"query-input":{"@type":"PropertyValueSpecification","valueRequired":true,"valueName":"search_term_string"}}],"inLanguage":"fr-FR"},{"@type":"Organization","@id":"https:\/\/homeproject.fr\/fr\/#organization","name":"Homeproject.fr","url":"https:\/\/homeproject.fr\/fr\/","logo":{"@type":"ImageObject","inLanguage":"fr-FR","@id":"https:\/\/homeproject.fr\/fr\/#\/schema\/logo\/image\/","url":"https:\/\/homeproject.fr\/fr\/wp-content\/uploads\/2024\/12\/Logo_HomeProject-noir-2.png","contentUrl":"https:\/\/homeproject.fr\/fr\/wp-content\/uploads\/2024\/12\/Logo_HomeProject-noir-2.png","width":300,"height":91,"caption":"Homeproject.fr"},"image":{"@id":"https:\/\/homeproject.fr\/fr\/#\/schema\/logo\/image\/"}}]}},"_links":{"self":[{"href":"https:\/\/homeproject.fr\/fr\/wp-json\/wp\/v2\/product\/15754","targetHints":{"allow":["GET"]}}],"collection":[{"href":"https:\/\/homeproject.fr\/fr\/wp-json\/wp\/v2\/product"}],"about":[{"href":"https:\/\/homeproject.fr\/fr\/wp-json\/wp\/v2\/types\/product"}],"version-history":[{"count":2,"href":"https:\/\/homeproject.fr\/fr\/wp-json\/wp\/v2\/product\/15754\/revisions"}],"predecessor-version":[{"id":15791,"href":"https:\/\/homeproject.fr\/fr\/wp-json\/wp\/v2\/product\/15754\/revisions\/15791"}],"wp:featuredmedia":[{"embeddable":true,"href":"https:\/\/homeproject.fr\/fr\/wp-json\/wp\/v2\/media\/15756"}],"wp:attachment":[{"href":"https:\/\/homeproject.fr\/fr\/wp-json\/wp\/v2\/media?parent=15754"}],"wp:term":[{"taxonomy":"product_brand","embeddable":true,"href":"https:\/\/homeproject.fr\/fr\/wp-json\/wp\/v2\/product_brand?post=15754"},{"taxonomy":"product_cat","embeddable":true,"href":"https:\/\/homeproject.fr\/fr\/wp-json\/wp\/v2\/product_cat?post=15754"},{"taxonomy":"product_tag","embeddable":true,"href":"https:\/\/homeproject.fr\/fr\/wp-json\/wp\/v2\/product_tag?post=15754"}],"curies":[{"name":"wp","href":"https:\/\/api.w.org\/{rel}","templated":true}]}}