{"id":15741,"date":"2026-02-02T10:17:04","date_gmt":"2026-02-02T10:17:04","guid":{"rendered":"https:\/\/homeproject.fr\/fr\/?post_type=product&#038;p=15741"},"modified":"2026-02-02T10:21:47","modified_gmt":"2026-02-02T10:21:47","slug":"suspension-design-en-verre-fume-metal-noir-torino","status":"publish","type":"product","link":"https:\/\/homeproject.fr\/fr\/produit\/suspension-design-en-verre-fume-metal-noir-torino\/","title":{"rendered":"Suspension design en verre fum\u00e9 &#038; m\u00e9tal noir TORINO"},"content":{"rendered":"<h2 data-start=\"892\" data-end=\"1024\"><strong>Caract\u00e9ristiques techniques<\/strong><\/h2>\n<ul>\n<li data-start=\"1190\" data-end=\"1222\">\n<p data-start=\"1192\" data-end=\"1222\"><strong data-start=\"1192\" data-end=\"1200\">Type<\/strong>\u00a0: Suspension design<\/p>\n<\/li>\n<li data-start=\"1223\" data-end=\"1254\">\n<p data-start=\"1225\" data-end=\"1254\"><strong data-start=\"1225\" data-end=\"1238\">Structure<\/strong>\u00a0: M\u00e9tal \/ fer<\/p>\n<\/li>\n<li data-start=\"1255\" data-end=\"1282\">\n<p data-start=\"1257\" data-end=\"1282\"><strong data-start=\"1257\" data-end=\"1269\">Finition<\/strong>\u00a0: Noir mat<\/p>\n<\/li>\n<li data-start=\"1283\" data-end=\"1322\">\n<p data-start=\"1285\" data-end=\"1322\"><strong data-start=\"1285\" data-end=\"1299\">Diffuseurs<\/strong>\u00a0: Verre souffl\u00e9 fum\u00e9<\/p>\n<\/li>\n<li data-start=\"1323\" data-end=\"1363\">\n<p data-start=\"1325\" data-end=\"1363\"><strong data-start=\"1325\" data-end=\"1357\">Nombre de sources lumineuses<\/strong>\u00a0: 9<\/p>\n<\/li>\n<li data-start=\"1364\" data-end=\"1412\">\n<p data-start=\"1366\" data-end=\"1412\"><strong data-start=\"1366\" data-end=\"1377\">Douille<\/strong>\u00a0: G9 LED (ampoules non incluses)<\/p>\n<\/li>\n<li data-start=\"1413\" data-end=\"1456\">\n<p data-start=\"1415\" data-end=\"1456\"><strong data-start=\"1415\" data-end=\"1431\">Alimentation<\/strong>\u00a0: 220\u2013240 V \/ 50\u201360 Hz<\/p>\n<\/li>\n<li data-start=\"1457\" data-end=\"1494\">\n<p data-start=\"1459\" data-end=\"1494\"><strong data-start=\"1459\" data-end=\"1481\">Classe d\u2019isolation<\/strong>\u00a0: Classe I<\/p>\n<\/li>\n<li data-start=\"1495\" data-end=\"1530\">\n<p data-start=\"1497\" data-end=\"1530\"><strong data-start=\"1497\" data-end=\"1521\">Indice de protection<\/strong>\u00a0: IP20<\/p>\n<\/li>\n<li data-start=\"1556\" data-end=\"1607\">\n<p data-start=\"1558\" data-end=\"1607\"><strong data-start=\"1558\" data-end=\"1567\">C\u00e2ble<\/strong>\u00a0: R\u00e9glable \u2013 longueur maximale 110 cm<\/p>\n<\/li>\n<li data-start=\"1608\" data-end=\"1645\">\n<p data-start=\"1610\" data-end=\"1645\"><strong data-start=\"1610\" data-end=\"1628\">Largeur totale<\/strong>\u00a0: env. 83,4 cm<\/p>\n<\/li>\n<li data-start=\"1646\" data-end=\"1686\">\n<p data-start=\"1648\" data-end=\"1686\"><strong data-start=\"1648\" data-end=\"1671\">Diam\u00e8tre des globes<\/strong>\u00a0: e15 cm<\/p>\n<\/li>\n<li data-start=\"1687\" data-end=\"1730\">\n<p data-start=\"1689\" data-end=\"1730\"><strong data-start=\"1689\" data-end=\"1715\">Diam\u00e8tre cache plafond<\/strong>\u00a0: 12 cm<\/p>\n<\/li>\n<li data-start=\"1731\" data-end=\"1767\">\n<p data-start=\"1733\" data-end=\"1767\"><strong data-start=\"1733\" data-end=\"1742\">Usage<\/strong>\u00a0: Int\u00e9rieur uniquement<\/p>\n<\/li>\n<li data-start=\"1768\" data-end=\"1798\">\n<p data-start=\"1770\" data-end=\"1798\"><strong data-start=\"1770\" data-end=\"1786\">Installation<\/strong>\u00a0: Plafond<\/p>\n<\/li>\n<li data-start=\"1799\" data-end=\"1833\">\n<p data-start=\"1801\" data-end=\"1833\"><strong data-start=\"1801\" data-end=\"1823\">Garantie fabricant<\/strong>\u00a0: 5 ans<\/p>\n<\/li>\n<\/ul>\n<p><a href=\"https:\/\/homeproject.fr\/fr\/wp-content\/uploads\/2026\/02\/Suspension-design-en-verre-fume-metal-noir-TORINO-schema.png\"><img fetchpriority=\"high\" decoding=\"async\" class=\"alignnone size-full wp-image-15745\" src=\"https:\/\/homeproject.fr\/fr\/wp-content\/uploads\/2026\/02\/Suspension-design-en-verre-fume-metal-noir-TORINO-schema.png\" alt=\"\" width=\"492\" height=\"568\" srcset=\"https:\/\/homeproject.fr\/fr\/wp-content\/uploads\/2026\/02\/Suspension-design-en-verre-fume-metal-noir-TORINO-schema.png 492w, https:\/\/homeproject.fr\/fr\/wp-content\/uploads\/2026\/02\/Suspension-design-en-verre-fume-metal-noir-TORINO-schema-260x300.png 260w, https:\/\/homeproject.fr\/fr\/wp-content\/uploads\/2026\/02\/Suspension-design-en-verre-fume-metal-noir-TORINO-schema-10x12.png 10w, https:\/\/homeproject.fr\/fr\/wp-content\/uploads\/2026\/02\/Suspension-design-en-verre-fume-metal-noir-TORINO-schema-120x140.png 120w\" sizes=\"(max-width: 492px) 100vw, 492px\" \/><\/a><\/p>\n<p class=\"p1\"><strong style=\"font-size: 2.5rem;\">Pourquoi choisir la suspension Torino?<\/strong><\/p>\n<ul>\n<li>Design sculptural et contemporain<\/li>\n<li>Verre souffl\u00e9 fum\u00e9 pour une lumi\u00e8re douce et \u00e9l\u00e9gante<\/li>\n<li>Composition lumineuse id\u00e9ale au-dessus d\u2019une table ronde ou ovale<\/li>\n<li>Finition noire mate intemporelle<\/li>\n<li style=\"list-style-type: none;\"><\/li>\n<\/ul>\n<h2 data-start=\"509\" data-end=\"546\"><strong style=\"font-family: inherit;\">Vous avez des questions ?<\/strong><\/h2>\n<style id=\"wpforms-css-vars-3675\">\n\t\t\t\t#wpforms-3675 {\n\t\t\t\t\n\t\t\t}\n\t\t\t<\/style><div class=\"wpforms-container wpforms-container-full wpforms-render-modern\" id=\"wpforms-3675\"><form id=\"wpforms-form-3675\" class=\"wpforms-validate wpforms-form wpforms-ajax-form\" data-formid=\"3675\" method=\"post\" enctype=\"multipart\/form-data\" action=\"\/fr\/wp-json\/wp\/v2\/product\/15741\" data-token=\"40ada6e9151c970e4278e2da3e5409c5\" data-token-time=\"1777919651\"><noscript class=\"wpforms-error-noscript\">Veuillez activer JavaScript dans votre navigateur pour remplir ce formulaire.<\/noscript><div id=\"wpforms-error-noscript\" style=\"display: none;\">Veuillez activer JavaScript dans votre navigateur pour remplir ce formulaire.<\/div><div class=\"wpforms-field-container\"><div id=\"wpforms-3675-field_3-container\" class=\"wpforms-field wpforms-field-name\" data-field-id=\"3\"><fieldset><legend class=\"wpforms-field-label\">Nom <span class=\"wpforms-required-label\" aria-hidden=\"true\">*<\/span><\/legend><div class=\"wpforms-field-row wpforms-field-medium\"><div class=\"wpforms-field-row-block wpforms-first wpforms-one-half\"><input type=\"text\" id=\"wpforms-3675-field_3\" class=\"wpforms-field-name-first wpforms-field-required\" name=\"wpforms[fields][3][first]\" aria-errormessage=\"wpforms-3675-field_3-error\" required><label for=\"wpforms-3675-field_3\" class=\"wpforms-field-sublabel after\">Pr\u00e9nom<\/label><\/div><div class=\"wpforms-field-row-block wpforms-one-half\"><input type=\"text\" id=\"wpforms-3675-field_3-last\" class=\"wpforms-field-name-last wpforms-field-required\" name=\"wpforms[fields][3][last]\" aria-errormessage=\"wpforms-3675-field_3-last-error\" required><label for=\"wpforms-3675-field_3-last\" class=\"wpforms-field-sublabel after\">Nom<\/label><\/div><\/div><\/fieldset><\/div><div id=\"wpforms-3675-field_4-container\" class=\"wpforms-field wpforms-field-email\" data-field-id=\"4\"><label class=\"wpforms-field-label\" for=\"wpforms-3675-field_4\">E-mail <span class=\"wpforms-required-label\" aria-hidden=\"true\">*<\/span><\/label><input type=\"email\" id=\"wpforms-3675-field_4\" class=\"wpforms-field-medium wpforms-field-required\" name=\"wpforms[fields][4]\" spellcheck=\"false\" aria-errormessage=\"wpforms-3675-field_4-error\" required><\/div>\t\t<div id=\"wpforms-3675-field_1-container\"\n\t\t\tclass=\"wpforms-field wpforms-field-text\"\n\t\t\tdata-field-type=\"text\"\n\t\t\tdata-field-id=\"1\"\n\t\t\t>\n\t\t\t<label class=\"wpforms-field-label\" for=\"wpforms-3675-field_1\" >Nom Message E-mail<\/label>\n\t\t\t<input type=\"text\" id=\"wpforms-3675-field_1\" class=\"wpforms-field-medium\" name=\"wpforms[fields][1]\" >\n\t\t<\/div>\n\t\t<div id=\"wpforms-3675-field_5-container\" class=\"wpforms-field wpforms-field-textarea\" data-field-id=\"5\"><label class=\"wpforms-field-label\" for=\"wpforms-3675-field_5\">Message <span class=\"wpforms-required-label\" aria-hidden=\"true\">*<\/span><\/label><textarea id=\"wpforms-3675-field_5\" class=\"wpforms-field-medium wpforms-field-required\" name=\"wpforms[fields][5]\" aria-errormessage=\"wpforms-3675-field_5-error\" required><\/textarea><\/div><script>\n\t\t\t\t( function() {\n\t\t\t\t\tconst style = document.createElement( 'style' );\n\t\t\t\t\tstyle.appendChild( document.createTextNode( '#wpforms-3675-field_1-container { position: absolute !important; overflow: hidden !important; display: inline !important; height: 1px !important; width: 1px !important; z-index: -1000 !important; padding: 0 !important; } #wpforms-3675-field_1-container input { visibility: hidden; } #wpforms-conversational-form-page #wpforms-3675-field_1-container label { counter-increment: none; }' ) );\n\t\t\t\t\tdocument.head.appendChild( style );\n\t\t\t\t\tdocument.currentScript?.remove();\n\t\t\t\t} )();\n\t\t\t<\/script><\/div><!-- .wpforms-field-container --><div class=\"wpforms-submit-container\" ><input type=\"hidden\" name=\"wpforms[id]\" value=\"3675\"><input type=\"hidden\" name=\"page_title\" value=\"\"><input type=\"hidden\" name=\"page_url\" value=\"https:\/\/homeproject.fr\/fr\/wp-json\/wp\/v2\/product\/15741\"><input type=\"hidden\" name=\"url_referer\" value=\"\"><button type=\"submit\" name=\"wpforms[submit]\" id=\"wpforms-submit-3675\" class=\"wpforms-submit\" data-alt-text=\"Envoi...\" data-submit-text=\"Envoyer\" aria-live=\"assertive\" value=\"wpforms-submit\">Envoyer<\/button><img decoding=\"async\" src=\"https:\/\/homeproject.fr\/fr\/wp-content\/plugins\/wpforms-lite\/assets\/images\/submit-spin.svg\" class=\"wpforms-submit-spinner\" style=\"display: none;\" width=\"26\" height=\"26\" alt=\"Chargement en cours\"><\/div><\/form><\/div>  <!-- .wpforms-container -->\n","protected":false},"excerpt":{"rendered":"<p data-start=\"349\" data-end=\"671\">La suspension\u00a0<strong data-start=\"363\" data-end=\"373\">Torino<\/strong>\u00a0incarne une vision contemporaine du lustre design, m\u00ealant lignes architecturales et \u00e9l\u00e9gance italienne. Sa structure graphique en\u00a0<strong data-start=\"504\" data-end=\"522\">m\u00e9tal noir mat<\/strong>\u00a0accueille une composition raffin\u00e9e de\u00a0<strong data-start=\"561\" data-end=\"593\">globes en verre souffl\u00e9 fum\u00e9<\/strong>, cr\u00e9ant un jeu de volumes sophistiqu\u00e9 et une diffusion lumineuse chaleureuse.<\/p>\n<p data-start=\"673\" data-end=\"960\">Pens\u00e9e comme une pi\u00e8ce ma\u00eetresse, la suspension Torino sublime une\u00a0<strong data-start=\"740\" data-end=\"767\">table de salle \u00e0 manger<\/strong>, un\u00a0<strong data-start=\"772\" data-end=\"795\">s\u00e9jour contemporain<\/strong>\u00a0ou un\u00a0<strong data-start=\"802\" data-end=\"839\">espace de r\u00e9ception haut de gamme<\/strong>. Son design a\u00e9rien, \u00e0 la fois d\u00e9coratif et \u00e9quilibr\u00e9, apporte caract\u00e8re et profondeur \u00e0 l\u2019espace, de jour comme de nuit.<\/p>\n<p data-start=\"962\" data-end=\"1150\">Gr\u00e2ce \u00e0 ses\u00a0<strong data-start=\"974\" data-end=\"995\">9 points lumineux<\/strong>, Torino offre un \u00e9clairage enveloppant et homog\u00e8ne, id\u00e9al pour cr\u00e9er une ambiance \u00e9l\u00e9gante et conviviale, tout en affirmant une forte identit\u00e9 d\u00e9corative.<\/p>\n","protected":false},"featured_media":15742,"template":"","meta":{"_uf_show_specific_survey":0,"_uf_disable_surveys":false,"iawp_total_views":2},"product_brand":[],"product_cat":[172],"product_tag":[],"class_list":{"0":"post-15741","1":"product","2":"type-product","3":"status-publish","4":"has-post-thumbnail","6":"product_cat-suspensions","7":"product_shipping_class-petit-colis","8":"pa_materiau-metal","9":"pa_materiau-verre","11":"first","12":"instock","13":"taxable","14":"shipping-taxable","15":"purchasable","16":"product-type-simple"},"yoast_head":"<!-- This site is optimized with the Yoast SEO plugin v27.5 - https:\/\/yoast.com\/product\/yoast-seo-wordpress\/ -->\n<title>Suspension design en verre fum\u00e9 &amp; m\u00e9tal noir TORINO - Homeproject.fr<\/title>\n<meta name=\"robots\" content=\"index, follow, max-snippet:-1, max-image-preview:large, max-video-preview:-1\" \/>\n<link rel=\"canonical\" href=\"https:\/\/homeproject.fr\/fr\/produit\/suspension-design-en-verre-fume-metal-noir-torino\/\" \/>\n<meta property=\"og:locale\" content=\"fr_FR\" \/>\n<meta property=\"og:type\" content=\"article\" \/>\n<meta property=\"og:title\" content=\"Suspension design en verre fum\u00e9 &amp; m\u00e9tal noir TORINO - Homeproject.fr\" \/>\n<meta property=\"og:description\" content=\"La suspension\u00a0Torino\u00a0incarne une vision contemporaine du lustre design, m\u00ealant lignes architecturales et \u00e9l\u00e9gance italienne. Sa structure graphique en\u00a0m\u00e9tal noir mat\u00a0accueille une composition raffin\u00e9e de\u00a0globes en verre souffl\u00e9 fum\u00e9, cr\u00e9ant un jeu de volumes sophistiqu\u00e9 et une diffusion lumineuse chaleureuse. Pens\u00e9e comme une pi\u00e8ce ma\u00eetresse, la suspension Torino sublime une\u00a0table de salle \u00e0 manger, un\u00a0s\u00e9jour contemporain\u00a0ou un\u00a0espace de r\u00e9ception haut de gamme. Son design a\u00e9rien, \u00e0 la fois d\u00e9coratif et \u00e9quilibr\u00e9, apporte caract\u00e8re et profondeur \u00e0 l\u2019espace, de jour comme de nuit. Gr\u00e2ce \u00e0 ses\u00a09 points lumineux, Torino offre un \u00e9clairage enveloppant et homog\u00e8ne, id\u00e9al pour cr\u00e9er une ambiance \u00e9l\u00e9gante et conviviale, tout en affirmant une forte identit\u00e9 d\u00e9corative.\" \/>\n<meta property=\"og:url\" content=\"https:\/\/homeproject.fr\/fr\/produit\/suspension-design-en-verre-fume-metal-noir-torino\/\" \/>\n<meta property=\"og:site_name\" content=\"Homeproject.fr\" \/>\n<meta property=\"article:modified_time\" content=\"2026-02-02T10:21:47+00:00\" \/>\n<meta property=\"og:image\" content=\"https:\/\/homeproject.fr\/fr\/wp-content\/uploads\/2026\/02\/Suspension-design-en-verre-fume-metal-noir-TORINO-1.png\" \/>\n\t<meta property=\"og:image:width\" content=\"1024\" \/>\n\t<meta property=\"og:image:height\" content=\"1024\" \/>\n\t<meta property=\"og:image:type\" content=\"image\/png\" \/>\n<meta name=\"twitter:card\" content=\"summary_large_image\" \/>\n<meta name=\"twitter:label1\" content=\"Dur\u00e9e de lecture estim\u00e9e\" \/>\n\t<meta name=\"twitter:data1\" content=\"1 minute\" \/>\n<script type=\"application\/ld+json\" class=\"yoast-schema-graph\">{\"@context\":\"https:\\\/\\\/schema.org\",\"@graph\":[{\"@type\":\"WebPage\",\"@id\":\"https:\\\/\\\/homeproject.fr\\\/fr\\\/produit\\\/suspension-design-en-verre-fume-metal-noir-torino\\\/\",\"url\":\"https:\\\/\\\/homeproject.fr\\\/fr\\\/produit\\\/suspension-design-en-verre-fume-metal-noir-torino\\\/\",\"name\":\"Suspension design en verre fum\u00e9 & m\u00e9tal noir TORINO - Homeproject.fr\",\"isPartOf\":{\"@id\":\"https:\\\/\\\/homeproject.fr\\\/fr\\\/#website\"},\"primaryImageOfPage\":{\"@id\":\"https:\\\/\\\/homeproject.fr\\\/fr\\\/produit\\\/suspension-design-en-verre-fume-metal-noir-torino\\\/#primaryimage\"},\"image\":{\"@id\":\"https:\\\/\\\/homeproject.fr\\\/fr\\\/produit\\\/suspension-design-en-verre-fume-metal-noir-torino\\\/#primaryimage\"},\"thumbnailUrl\":\"https:\\\/\\\/homeproject.fr\\\/fr\\\/wp-content\\\/uploads\\\/2026\\\/02\\\/Suspension-design-en-verre-fume-metal-noir-TORINO-1.png\",\"datePublished\":\"2026-02-02T10:17:04+00:00\",\"dateModified\":\"2026-02-02T10:21:47+00:00\",\"breadcrumb\":{\"@id\":\"https:\\\/\\\/homeproject.fr\\\/fr\\\/produit\\\/suspension-design-en-verre-fume-metal-noir-torino\\\/#breadcrumb\"},\"inLanguage\":\"fr-FR\",\"potentialAction\":[{\"@type\":\"ReadAction\",\"target\":[\"https:\\\/\\\/homeproject.fr\\\/fr\\\/produit\\\/suspension-design-en-verre-fume-metal-noir-torino\\\/\"]}]},{\"@type\":\"ImageObject\",\"inLanguage\":\"fr-FR\",\"@id\":\"https:\\\/\\\/homeproject.fr\\\/fr\\\/produit\\\/suspension-design-en-verre-fume-metal-noir-torino\\\/#primaryimage\",\"url\":\"https:\\\/\\\/homeproject.fr\\\/fr\\\/wp-content\\\/uploads\\\/2026\\\/02\\\/Suspension-design-en-verre-fume-metal-noir-TORINO-1.png\",\"contentUrl\":\"https:\\\/\\\/homeproject.fr\\\/fr\\\/wp-content\\\/uploads\\\/2026\\\/02\\\/Suspension-design-en-verre-fume-metal-noir-TORINO-1.png\",\"width\":1024,\"height\":1024},{\"@type\":\"BreadcrumbList\",\"@id\":\"https:\\\/\\\/homeproject.fr\\\/fr\\\/produit\\\/suspension-design-en-verre-fume-metal-noir-torino\\\/#breadcrumb\",\"itemListElement\":[{\"@type\":\"ListItem\",\"position\":1,\"name\":\"Accueil\",\"item\":\"https:\\\/\\\/homeproject.fr\\\/fr\\\/\"},{\"@type\":\"ListItem\",\"position\":2,\"name\":\"Boutique\",\"item\":\"https:\\\/\\\/homeproject.fr\\\/fr\\\/boutique\\\/\"},{\"@type\":\"ListItem\",\"position\":3,\"name\":\"Suspension design en verre fum\u00e9 &#038; m\u00e9tal noir TORINO\"}]},{\"@type\":\"WebSite\",\"@id\":\"https:\\\/\\\/homeproject.fr\\\/fr\\\/#website\",\"url\":\"https:\\\/\\\/homeproject.fr\\\/fr\\\/\",\"name\":\"Homeproject.fr\",\"description\":\"Offrez l&#039;exceptionnel \u00e0 vos espaces \u00e0 vivre\",\"publisher\":{\"@id\":\"https:\\\/\\\/homeproject.fr\\\/fr\\\/#organization\"},\"potentialAction\":[{\"@type\":\"SearchAction\",\"target\":{\"@type\":\"EntryPoint\",\"urlTemplate\":\"https:\\\/\\\/homeproject.fr\\\/fr\\\/?s={search_term_string}\"},\"query-input\":{\"@type\":\"PropertyValueSpecification\",\"valueRequired\":true,\"valueName\":\"search_term_string\"}}],\"inLanguage\":\"fr-FR\"},{\"@type\":\"Organization\",\"@id\":\"https:\\\/\\\/homeproject.fr\\\/fr\\\/#organization\",\"name\":\"Homeproject.fr\",\"url\":\"https:\\\/\\\/homeproject.fr\\\/fr\\\/\",\"logo\":{\"@type\":\"ImageObject\",\"inLanguage\":\"fr-FR\",\"@id\":\"https:\\\/\\\/homeproject.fr\\\/fr\\\/#\\\/schema\\\/logo\\\/image\\\/\",\"url\":\"https:\\\/\\\/homeproject.fr\\\/fr\\\/wp-content\\\/uploads\\\/2024\\\/12\\\/Logo_HomeProject-noir-2.png\",\"contentUrl\":\"https:\\\/\\\/homeproject.fr\\\/fr\\\/wp-content\\\/uploads\\\/2024\\\/12\\\/Logo_HomeProject-noir-2.png\",\"width\":300,\"height\":91,\"caption\":\"Homeproject.fr\"},\"image\":{\"@id\":\"https:\\\/\\\/homeproject.fr\\\/fr\\\/#\\\/schema\\\/logo\\\/image\\\/\"}}]}<\/script>\n<!-- \/ Yoast SEO plugin. -->","yoast_head_json":{"title":"Suspension design en verre fum\u00e9 & m\u00e9tal noir TORINO - Homeproject.fr","robots":{"index":"index","follow":"follow","max-snippet":"max-snippet:-1","max-image-preview":"max-image-preview:large","max-video-preview":"max-video-preview:-1"},"canonical":"https:\/\/homeproject.fr\/fr\/produit\/suspension-design-en-verre-fume-metal-noir-torino\/","og_locale":"fr_FR","og_type":"article","og_title":"Suspension design en verre fum\u00e9 & m\u00e9tal noir TORINO - Homeproject.fr","og_description":"La suspension\u00a0Torino\u00a0incarne une vision contemporaine du lustre design, m\u00ealant lignes architecturales et \u00e9l\u00e9gance italienne. Sa structure graphique en\u00a0m\u00e9tal noir mat\u00a0accueille une composition raffin\u00e9e de\u00a0globes en verre souffl\u00e9 fum\u00e9, cr\u00e9ant un jeu de volumes sophistiqu\u00e9 et une diffusion lumineuse chaleureuse. Pens\u00e9e comme une pi\u00e8ce ma\u00eetresse, la suspension Torino sublime une\u00a0table de salle \u00e0 manger, un\u00a0s\u00e9jour contemporain\u00a0ou un\u00a0espace de r\u00e9ception haut de gamme. Son design a\u00e9rien, \u00e0 la fois d\u00e9coratif et \u00e9quilibr\u00e9, apporte caract\u00e8re et profondeur \u00e0 l\u2019espace, de jour comme de nuit. Gr\u00e2ce \u00e0 ses\u00a09 points lumineux, Torino offre un \u00e9clairage enveloppant et homog\u00e8ne, id\u00e9al pour cr\u00e9er une ambiance \u00e9l\u00e9gante et conviviale, tout en affirmant une forte identit\u00e9 d\u00e9corative.","og_url":"https:\/\/homeproject.fr\/fr\/produit\/suspension-design-en-verre-fume-metal-noir-torino\/","og_site_name":"Homeproject.fr","article_modified_time":"2026-02-02T10:21:47+00:00","og_image":[{"width":1024,"height":1024,"url":"https:\/\/homeproject.fr\/fr\/wp-content\/uploads\/2026\/02\/Suspension-design-en-verre-fume-metal-noir-TORINO-1.png","type":"image\/png"}],"twitter_card":"summary_large_image","twitter_misc":{"Dur\u00e9e de lecture estim\u00e9e":"1 minute"},"schema":{"@context":"https:\/\/schema.org","@graph":[{"@type":"WebPage","@id":"https:\/\/homeproject.fr\/fr\/produit\/suspension-design-en-verre-fume-metal-noir-torino\/","url":"https:\/\/homeproject.fr\/fr\/produit\/suspension-design-en-verre-fume-metal-noir-torino\/","name":"Suspension design en verre fum\u00e9 & m\u00e9tal noir TORINO - Homeproject.fr","isPartOf":{"@id":"https:\/\/homeproject.fr\/fr\/#website"},"primaryImageOfPage":{"@id":"https:\/\/homeproject.fr\/fr\/produit\/suspension-design-en-verre-fume-metal-noir-torino\/#primaryimage"},"image":{"@id":"https:\/\/homeproject.fr\/fr\/produit\/suspension-design-en-verre-fume-metal-noir-torino\/#primaryimage"},"thumbnailUrl":"https:\/\/homeproject.fr\/fr\/wp-content\/uploads\/2026\/02\/Suspension-design-en-verre-fume-metal-noir-TORINO-1.png","datePublished":"2026-02-02T10:17:04+00:00","dateModified":"2026-02-02T10:21:47+00:00","breadcrumb":{"@id":"https:\/\/homeproject.fr\/fr\/produit\/suspension-design-en-verre-fume-metal-noir-torino\/#breadcrumb"},"inLanguage":"fr-FR","potentialAction":[{"@type":"ReadAction","target":["https:\/\/homeproject.fr\/fr\/produit\/suspension-design-en-verre-fume-metal-noir-torino\/"]}]},{"@type":"ImageObject","inLanguage":"fr-FR","@id":"https:\/\/homeproject.fr\/fr\/produit\/suspension-design-en-verre-fume-metal-noir-torino\/#primaryimage","url":"https:\/\/homeproject.fr\/fr\/wp-content\/uploads\/2026\/02\/Suspension-design-en-verre-fume-metal-noir-TORINO-1.png","contentUrl":"https:\/\/homeproject.fr\/fr\/wp-content\/uploads\/2026\/02\/Suspension-design-en-verre-fume-metal-noir-TORINO-1.png","width":1024,"height":1024},{"@type":"BreadcrumbList","@id":"https:\/\/homeproject.fr\/fr\/produit\/suspension-design-en-verre-fume-metal-noir-torino\/#breadcrumb","itemListElement":[{"@type":"ListItem","position":1,"name":"Accueil","item":"https:\/\/homeproject.fr\/fr\/"},{"@type":"ListItem","position":2,"name":"Boutique","item":"https:\/\/homeproject.fr\/fr\/boutique\/"},{"@type":"ListItem","position":3,"name":"Suspension design en verre fum\u00e9 &#038; m\u00e9tal noir TORINO"}]},{"@type":"WebSite","@id":"https:\/\/homeproject.fr\/fr\/#website","url":"https:\/\/homeproject.fr\/fr\/","name":"Homeproject.fr","description":"Offrez l&#039;exceptionnel \u00e0 vos espaces \u00e0 vivre","publisher":{"@id":"https:\/\/homeproject.fr\/fr\/#organization"},"potentialAction":[{"@type":"SearchAction","target":{"@type":"EntryPoint","urlTemplate":"https:\/\/homeproject.fr\/fr\/?s={search_term_string}"},"query-input":{"@type":"PropertyValueSpecification","valueRequired":true,"valueName":"search_term_string"}}],"inLanguage":"fr-FR"},{"@type":"Organization","@id":"https:\/\/homeproject.fr\/fr\/#organization","name":"Homeproject.fr","url":"https:\/\/homeproject.fr\/fr\/","logo":{"@type":"ImageObject","inLanguage":"fr-FR","@id":"https:\/\/homeproject.fr\/fr\/#\/schema\/logo\/image\/","url":"https:\/\/homeproject.fr\/fr\/wp-content\/uploads\/2024\/12\/Logo_HomeProject-noir-2.png","contentUrl":"https:\/\/homeproject.fr\/fr\/wp-content\/uploads\/2024\/12\/Logo_HomeProject-noir-2.png","width":300,"height":91,"caption":"Homeproject.fr"},"image":{"@id":"https:\/\/homeproject.fr\/fr\/#\/schema\/logo\/image\/"}}]}},"_links":{"self":[{"href":"https:\/\/homeproject.fr\/fr\/wp-json\/wp\/v2\/product\/15741","targetHints":{"allow":["GET"]}}],"collection":[{"href":"https:\/\/homeproject.fr\/fr\/wp-json\/wp\/v2\/product"}],"about":[{"href":"https:\/\/homeproject.fr\/fr\/wp-json\/wp\/v2\/types\/product"}],"version-history":[{"count":1,"href":"https:\/\/homeproject.fr\/fr\/wp-json\/wp\/v2\/product\/15741\/revisions"}],"predecessor-version":[{"id":15746,"href":"https:\/\/homeproject.fr\/fr\/wp-json\/wp\/v2\/product\/15741\/revisions\/15746"}],"wp:featuredmedia":[{"embeddable":true,"href":"https:\/\/homeproject.fr\/fr\/wp-json\/wp\/v2\/media\/15742"}],"wp:attachment":[{"href":"https:\/\/homeproject.fr\/fr\/wp-json\/wp\/v2\/media?parent=15741"}],"wp:term":[{"taxonomy":"product_brand","embeddable":true,"href":"https:\/\/homeproject.fr\/fr\/wp-json\/wp\/v2\/product_brand?post=15741"},{"taxonomy":"product_cat","embeddable":true,"href":"https:\/\/homeproject.fr\/fr\/wp-json\/wp\/v2\/product_cat?post=15741"},{"taxonomy":"product_tag","embeddable":true,"href":"https:\/\/homeproject.fr\/fr\/wp-json\/wp\/v2\/product_tag?post=15741"}],"curies":[{"name":"wp","href":"https:\/\/api.w.org\/{rel}","templated":true}]}}