{"id":15719,"date":"2026-02-02T09:46:48","date_gmt":"2026-02-02T09:46:48","guid":{"rendered":"https:\/\/homeproject.fr\/fr\/?post_type=product&#038;p=15719"},"modified":"2026-02-02T14:56:47","modified_gmt":"2026-02-02T14:56:47","slug":"suspension-design-en-metal-noir-mat-bouzigues","status":"publish","type":"product","link":"https:\/\/homeproject.fr\/fr\/produit\/suspension-design-en-metal-noir-mat-bouzigues\/","title":{"rendered":"Suspension design en m\u00e9tal noir mat BOUZIGUES"},"content":{"rendered":"<h2 data-start=\"892\" data-end=\"1024\"><strong>Caract\u00e9ristiques techniques<\/strong><\/h2>\n<p data-start=\"1352\" data-end=\"1401\"><strong data-start=\"1352\" data-end=\"1373\">Type de luminaire<\/strong><br data-start=\"1373\" data-end=\"1376\" \/>Suspension int\u00e9rieure LED<\/p>\n<p data-start=\"1403\" data-end=\"1447\"><strong data-start=\"1403\" data-end=\"1416\">Mat\u00e9riaux<\/strong><br data-start=\"1416\" data-end=\"1419\" \/>M\u00e9tal avec diffuseur int\u00e9gr\u00e9<\/p>\n<p data-start=\"1449\" data-end=\"1472\"><strong data-start=\"1449\" data-end=\"1461\">Finition<\/strong><br data-start=\"1461\" data-end=\"1464\" \/>Noir mat<\/p>\n<p data-start=\"1474\" data-end=\"1509\"><strong data-start=\"1474\" data-end=\"1494\">Source lumineuse<\/strong><br data-start=\"1494\" data-end=\"1497\" \/>LED int\u00e9gr\u00e9e<\/p>\n<p data-start=\"1511\" data-end=\"1535\"><strong data-start=\"1511\" data-end=\"1524\">Puissance<\/strong><br data-start=\"1524\" data-end=\"1527\" \/>10 W LED<\/p>\n<p data-start=\"1537\" data-end=\"1586\"><strong data-start=\"1537\" data-end=\"1563\">Temp\u00e9rature de couleur<\/strong><br data-start=\"1563\" data-end=\"1566\" \/>3000 K (blanc chaud)<\/p>\n<p data-start=\"1588\" data-end=\"1623\"><strong data-start=\"1588\" data-end=\"1612\">Efficacit\u00e9 lumineuse<\/strong><br data-start=\"1612\" data-end=\"1615\" \/>100 lm\/W<\/p>\n<p data-start=\"1625\" data-end=\"1656\"><strong data-start=\"1625\" data-end=\"1649\">Indice de protection<\/strong><br data-start=\"1649\" data-end=\"1652\" \/>IP20<\/p>\n<p data-start=\"1658\" data-end=\"1691\"><strong data-start=\"1658\" data-end=\"1679\">Classe \u00e9lectrique<\/strong><br data-start=\"1679\" data-end=\"1682\" \/>Classe II<\/p>\n<p data-start=\"1693\" data-end=\"1720\"><strong data-start=\"1693\" data-end=\"1711\">Transformateur<\/strong><br data-start=\"1711\" data-end=\"1714\" \/>Inclus<\/p>\n<p data-start=\"1722\" data-end=\"1745\"><strong data-start=\"1722\" data-end=\"1733\">Tension<\/strong><br data-start=\"1733\" data-end=\"1736\" \/>220\u2013240 V<\/p>\n<p data-start=\"1747\" data-end=\"1773\"><strong data-start=\"1747\" data-end=\"1760\">Fr\u00e9quence<\/strong><br data-start=\"1760\" data-end=\"1763\" \/>50 \/ 60 Hz<\/p>\n<p data-start=\"1797\" data-end=\"1819\"><strong data-start=\"1797\" data-end=\"1809\">Longueur<\/strong>\u00a0: 76 cm<\/p>\n<p data-start=\"1822\" data-end=\"1843\"><strong data-start=\"1822\" data-end=\"1833\">Largeur<\/strong>\u00a0: 40 cm<\/p>\n<p data-start=\"1846\" data-end=\"1880\"><strong data-start=\"1846\" data-end=\"1870\">Hauteur du luminaire<\/strong>\u00a0: 17 cm<\/p>\n<p data-start=\"1883\" data-end=\"1924\"><strong data-start=\"1883\" data-end=\"1901\">Rosace plafond<\/strong>\u00a0: \u00d8 12 cm \u00d7 H 2,5 cm<\/p>\n<p data-start=\"1927\" data-end=\"1947\"><strong data-start=\"1927\" data-end=\"1936\">C\u00e2ble<\/strong>\u00a0: 200 cm<\/p>\n<p data-start=\"1989\" data-end=\"2017\"><strong>Usage<\/strong>\u00a0: int\u00e9rieur uniquement<\/p>\n<p data-start=\"2020\" data-end=\"2040\"><strong>Poids net :<\/strong>\u00a01,5 kg<\/p>\n<p data-start=\"892\" data-end=\"1024\"><img fetchpriority=\"high\" decoding=\"async\" class=\"alignnone wp-image-15725 size-large\" src=\"https:\/\/homeproject.fr\/fr\/wp-content\/uploads\/2026\/02\/Suspension-design-en-metal-noir-mat-BOUZIGUES-schema-838x1024.jpg\" alt=\"\" width=\"838\" height=\"1024\" srcset=\"https:\/\/homeproject.fr\/fr\/wp-content\/uploads\/2026\/02\/Suspension-design-en-metal-noir-mat-BOUZIGUES-schema-838x1024.jpg 838w, https:\/\/homeproject.fr\/fr\/wp-content\/uploads\/2026\/02\/Suspension-design-en-metal-noir-mat-BOUZIGUES-schema-245x300.jpg 245w, https:\/\/homeproject.fr\/fr\/wp-content\/uploads\/2026\/02\/Suspension-design-en-metal-noir-mat-BOUZIGUES-schema-768x939.jpg 768w, https:\/\/homeproject.fr\/fr\/wp-content\/uploads\/2026\/02\/Suspension-design-en-metal-noir-mat-BOUZIGUES-schema-1257x1536.jpg 1257w, https:\/\/homeproject.fr\/fr\/wp-content\/uploads\/2026\/02\/Suspension-design-en-metal-noir-mat-BOUZIGUES-schema-1676x2048.jpg 1676w, https:\/\/homeproject.fr\/fr\/wp-content\/uploads\/2026\/02\/Suspension-design-en-metal-noir-mat-BOUZIGUES-schema-10x12.jpg 10w, https:\/\/homeproject.fr\/fr\/wp-content\/uploads\/2026\/02\/Suspension-design-en-metal-noir-mat-BOUZIGUES-schema-840x1027.jpg 840w, https:\/\/homeproject.fr\/fr\/wp-content\/uploads\/2026\/02\/Suspension-design-en-metal-noir-mat-BOUZIGUES-schema.jpg 1800w\" sizes=\"(max-width: 838px) 100vw, 838px\" \/><\/p>\n<h2 data-start=\"892\" data-end=\"1024\"><strong>Pourquoi choisir la suspension Bouzigues?<\/strong><\/h2>\n<ul class=\"ul1\">\n<li class=\"li1\">Design sculptural et organique<\/li>\n<li class=\"li1\">Structure l\u00e9g\u00e8re en m\u00e9tal noir mat<\/li>\n<li class=\"li1\">Lumi\u00e8re LED int\u00e9gr\u00e9e, chaude et enveloppante<\/li>\n<li class=\"li1\">Id\u00e9ale pour table, \u00eelot ou espace de r\u00e9ception<\/li>\n<li class=\"li1\">Esth\u00e9tique contemporaine et architecturale<\/li>\n<li class=\"li1\">C\u00e2ble long pour installation sur mesure<\/li>\n<\/ul>\n<h2 data-start=\"509\" data-end=\"546\"><strong>Conseil Homeproject.fr<\/strong><\/h2>\n<p class=\"p1\">La suspension\u00a0<b>Bouzigues<\/b>\u00a0r\u00e9v\u00e8le tout son potentiel au-dessus d\u2019une table ronde ou ovale aux lignes douces, associ\u00e9e \u00e0 des mat\u00e9riaux min\u00e9raux ou naturels pour un rendu \u00e0 la fois contemporain et intemporel.<\/p>\n<h2 data-start=\"509\" data-end=\"546\"><strong style=\"font-family: inherit;\">Vous avez des questions ?<\/strong><\/h2>\n<style id=\"wpforms-css-vars-3675\">\n\t\t\t\t#wpforms-3675 {\n\t\t\t\t\n\t\t\t}\n\t\t\t<\/style><div class=\"wpforms-container wpforms-container-full wpforms-render-modern\" id=\"wpforms-3675\"><form id=\"wpforms-form-3675\" class=\"wpforms-validate wpforms-form wpforms-ajax-form\" data-formid=\"3675\" method=\"post\" enctype=\"multipart\/form-data\" action=\"\/fr\/wp-json\/wp\/v2\/product\/15719\" data-token=\"2921a7ac3408d834be151983965c4ab3\" data-token-time=\"1777957455\"><noscript class=\"wpforms-error-noscript\">Veuillez activer JavaScript dans votre navigateur pour remplir ce formulaire.<\/noscript><div id=\"wpforms-error-noscript\" style=\"display: none;\">Veuillez activer JavaScript dans votre navigateur pour remplir ce formulaire.<\/div><div class=\"wpforms-field-container\"><div id=\"wpforms-3675-field_3-container\" class=\"wpforms-field wpforms-field-name\" data-field-id=\"3\"><fieldset><legend class=\"wpforms-field-label\">Nom <span class=\"wpforms-required-label\" aria-hidden=\"true\">*<\/span><\/legend><div class=\"wpforms-field-row wpforms-field-medium\"><div class=\"wpforms-field-row-block wpforms-first wpforms-one-half\"><input type=\"text\" id=\"wpforms-3675-field_3\" class=\"wpforms-field-name-first wpforms-field-required\" name=\"wpforms[fields][3][first]\" aria-errormessage=\"wpforms-3675-field_3-error\" required><label for=\"wpforms-3675-field_3\" class=\"wpforms-field-sublabel after\">Pr\u00e9nom<\/label><\/div><div class=\"wpforms-field-row-block wpforms-one-half\"><input type=\"text\" id=\"wpforms-3675-field_3-last\" class=\"wpforms-field-name-last wpforms-field-required\" name=\"wpforms[fields][3][last]\" aria-errormessage=\"wpforms-3675-field_3-last-error\" required><label for=\"wpforms-3675-field_3-last\" class=\"wpforms-field-sublabel after\">Nom<\/label><\/div><\/div><\/fieldset><\/div>\t\t<div id=\"wpforms-3675-field_1-container\"\n\t\t\tclass=\"wpforms-field wpforms-field-text\"\n\t\t\tdata-field-type=\"text\"\n\t\t\tdata-field-id=\"1\"\n\t\t\t>\n\t\t\t<label class=\"wpforms-field-label\" for=\"wpforms-3675-field_1\" >Message Nom E-mail<\/label>\n\t\t\t<input type=\"text\" id=\"wpforms-3675-field_1\" class=\"wpforms-field-medium\" name=\"wpforms[fields][1]\" >\n\t\t<\/div>\n\t\t<div id=\"wpforms-3675-field_4-container\" class=\"wpforms-field wpforms-field-email\" data-field-id=\"4\"><label class=\"wpforms-field-label\" for=\"wpforms-3675-field_4\">E-mail <span class=\"wpforms-required-label\" aria-hidden=\"true\">*<\/span><\/label><input type=\"email\" id=\"wpforms-3675-field_4\" class=\"wpforms-field-medium wpforms-field-required\" name=\"wpforms[fields][4]\" spellcheck=\"false\" aria-errormessage=\"wpforms-3675-field_4-error\" required><\/div><div id=\"wpforms-3675-field_5-container\" class=\"wpforms-field wpforms-field-textarea\" data-field-id=\"5\"><label class=\"wpforms-field-label\" for=\"wpforms-3675-field_5\">Message <span class=\"wpforms-required-label\" aria-hidden=\"true\">*<\/span><\/label><textarea id=\"wpforms-3675-field_5\" class=\"wpforms-field-medium wpforms-field-required\" name=\"wpforms[fields][5]\" aria-errormessage=\"wpforms-3675-field_5-error\" required><\/textarea><\/div><script>\n\t\t\t\t( function() {\n\t\t\t\t\tconst style = document.createElement( 'style' );\n\t\t\t\t\tstyle.appendChild( document.createTextNode( '#wpforms-3675-field_1-container { position: absolute !important; overflow: hidden !important; display: inline !important; height: 1px !important; width: 1px !important; z-index: -1000 !important; padding: 0 !important; } #wpforms-3675-field_1-container input { visibility: hidden; } #wpforms-conversational-form-page #wpforms-3675-field_1-container label { counter-increment: none; }' ) );\n\t\t\t\t\tdocument.head.appendChild( style );\n\t\t\t\t\tdocument.currentScript?.remove();\n\t\t\t\t} )();\n\t\t\t<\/script><\/div><!-- .wpforms-field-container --><div class=\"wpforms-submit-container\" ><input type=\"hidden\" name=\"wpforms[id]\" value=\"3675\"><input type=\"hidden\" name=\"page_title\" value=\"\"><input type=\"hidden\" name=\"page_url\" value=\"https:\/\/homeproject.fr\/fr\/wp-json\/wp\/v2\/product\/15719\"><input type=\"hidden\" name=\"url_referer\" value=\"\"><button type=\"submit\" name=\"wpforms[submit]\" id=\"wpforms-submit-3675\" class=\"wpforms-submit\" data-alt-text=\"Envoi...\" data-submit-text=\"Envoyer\" aria-live=\"assertive\" value=\"wpforms-submit\">Envoyer<\/button><img decoding=\"async\" src=\"https:\/\/homeproject.fr\/fr\/wp-content\/plugins\/wpforms-lite\/assets\/images\/submit-spin.svg\" class=\"wpforms-submit-spinner\" style=\"display: none;\" width=\"26\" height=\"26\" alt=\"Chargement en cours\"><\/div><\/form><\/div>  <!-- .wpforms-container -->\n","protected":false},"excerpt":{"rendered":"<p data-start=\"190\" data-end=\"517\">Sculpturale et a\u00e9rienne, la\u00a0<strong data-start=\"218\" data-end=\"242\">suspension Bouzigues<\/strong>\u00a0se distingue par son design organique inspir\u00e9 des formes naturelles et du mouvement. Sa structure en\u00a0<strong data-start=\"344\" data-end=\"362\">m\u00e9tal noir mat<\/strong>, finement travaill\u00e9e, \u00e9voque une coque l\u00e9g\u00e8re suspendue dans l\u2019espace, cr\u00e9ant une pr\u00e9sence graphique forte sans jamais alourdir l\u2019architecture int\u00e9rieure.<\/p>\n<p data-start=\"519\" data-end=\"890\">Pens\u00e9e comme un v\u00e9ritable\u00a0<strong data-start=\"545\" data-end=\"564\">objet d\u00e9coratif<\/strong>, Bouzigues diffuse une lumi\u00e8re\u00a0<strong data-start=\"596\" data-end=\"616\">LED chaude 3000K<\/strong>, id\u00e9ale pour instaurer une atmosph\u00e8re feutr\u00e9e et \u00e9l\u00e9gante. Son dessin allong\u00e9 la rend particuli\u00e8rement adapt\u00e9e au-dessus d\u2019une\u00a0<strong data-start=\"744\" data-end=\"771\">table de salle \u00e0 manger<\/strong>, d\u2019un\u00a0<strong data-start=\"778\" data-end=\"794\">\u00eelot central<\/strong>, ou dans un\u00a0<strong data-start=\"807\" data-end=\"843\">espace de r\u00e9ception contemporain<\/strong>\u00a0\u00e0 l\u2019esth\u00e9tique minimaliste ou m\u00e9diterran\u00e9enne.<\/p>\n<p data-start=\"892\" data-end=\"1024\">De jour comme de nuit, la suspension Bouzigues devient un point focal, jouant avec les ombres et les volumes pour sublimer l\u2019espace.<\/p>\n","protected":false},"featured_media":15722,"template":"","meta":{"_uf_show_specific_survey":0,"_uf_disable_surveys":false,"iawp_total_views":3},"product_brand":[],"product_cat":[172],"product_tag":[],"class_list":{"0":"post-15719","1":"product","2":"type-product","3":"status-publish","4":"has-post-thumbnail","6":"product_cat-suspensions","7":"product_shipping_class-petit-colis","8":"pa_materiau-metal","10":"first","11":"instock","12":"taxable","13":"shipping-taxable","14":"purchasable","15":"product-type-simple"},"yoast_head":"<!-- This site is optimized with the Yoast SEO plugin v27.5 - https:\/\/yoast.com\/product\/yoast-seo-wordpress\/ -->\n<title>Suspension design en m\u00e9tal noir mat BOUZIGUES - Homeproject.fr<\/title>\n<meta name=\"robots\" content=\"index, follow, max-snippet:-1, max-image-preview:large, max-video-preview:-1\" \/>\n<link rel=\"canonical\" href=\"https:\/\/homeproject.fr\/fr\/produit\/suspension-design-en-metal-noir-mat-bouzigues\/\" \/>\n<meta property=\"og:locale\" content=\"fr_FR\" \/>\n<meta property=\"og:type\" content=\"article\" \/>\n<meta property=\"og:title\" content=\"Suspension design en m\u00e9tal noir mat BOUZIGUES - Homeproject.fr\" \/>\n<meta property=\"og:description\" content=\"Sculpturale et a\u00e9rienne, la\u00a0suspension Bouzigues\u00a0se distingue par son design organique inspir\u00e9 des formes naturelles et du mouvement. Sa structure en\u00a0m\u00e9tal noir mat, finement travaill\u00e9e, \u00e9voque une coque l\u00e9g\u00e8re suspendue dans l\u2019espace, cr\u00e9ant une pr\u00e9sence graphique forte sans jamais alourdir l\u2019architecture int\u00e9rieure. Pens\u00e9e comme un v\u00e9ritable\u00a0objet d\u00e9coratif, Bouzigues diffuse une lumi\u00e8re\u00a0LED chaude 3000K, id\u00e9ale pour instaurer une atmosph\u00e8re feutr\u00e9e et \u00e9l\u00e9gante. Son dessin allong\u00e9 la rend particuli\u00e8rement adapt\u00e9e au-dessus d\u2019une\u00a0table de salle \u00e0 manger, d\u2019un\u00a0\u00eelot central, ou dans un\u00a0espace de r\u00e9ception contemporain\u00a0\u00e0 l\u2019esth\u00e9tique minimaliste ou m\u00e9diterran\u00e9enne. De jour comme de nuit, la suspension Bouzigues devient un point focal, jouant avec les ombres et les volumes pour sublimer l\u2019espace.\" \/>\n<meta property=\"og:url\" content=\"https:\/\/homeproject.fr\/fr\/produit\/suspension-design-en-metal-noir-mat-bouzigues\/\" \/>\n<meta property=\"og:site_name\" content=\"Homeproject.fr\" \/>\n<meta property=\"article:modified_time\" content=\"2026-02-02T14:56:47+00:00\" \/>\n<meta property=\"og:image\" content=\"https:\/\/homeproject.fr\/fr\/wp-content\/uploads\/2026\/02\/Suspension-design-en-metal-noir-mat-BOUZIGUES-2.png\" \/>\n\t<meta property=\"og:image:width\" content=\"1024\" \/>\n\t<meta property=\"og:image:height\" content=\"1024\" \/>\n\t<meta property=\"og:image:type\" content=\"image\/png\" \/>\n<meta name=\"twitter:card\" content=\"summary_large_image\" \/>\n<meta name=\"twitter:label1\" content=\"Dur\u00e9e de lecture estim\u00e9e\" \/>\n\t<meta name=\"twitter:data1\" content=\"2 minutes\" \/>\n<script type=\"application\/ld+json\" class=\"yoast-schema-graph\">{\"@context\":\"https:\\\/\\\/schema.org\",\"@graph\":[{\"@type\":\"WebPage\",\"@id\":\"https:\\\/\\\/homeproject.fr\\\/fr\\\/produit\\\/suspension-design-en-metal-noir-mat-bouzigues\\\/\",\"url\":\"https:\\\/\\\/homeproject.fr\\\/fr\\\/produit\\\/suspension-design-en-metal-noir-mat-bouzigues\\\/\",\"name\":\"Suspension design en m\u00e9tal noir mat BOUZIGUES - Homeproject.fr\",\"isPartOf\":{\"@id\":\"https:\\\/\\\/homeproject.fr\\\/fr\\\/#website\"},\"primaryImageOfPage\":{\"@id\":\"https:\\\/\\\/homeproject.fr\\\/fr\\\/produit\\\/suspension-design-en-metal-noir-mat-bouzigues\\\/#primaryimage\"},\"image\":{\"@id\":\"https:\\\/\\\/homeproject.fr\\\/fr\\\/produit\\\/suspension-design-en-metal-noir-mat-bouzigues\\\/#primaryimage\"},\"thumbnailUrl\":\"https:\\\/\\\/homeproject.fr\\\/fr\\\/wp-content\\\/uploads\\\/2026\\\/02\\\/Suspension-design-en-metal-noir-mat-BOUZIGUES-2.png\",\"datePublished\":\"2026-02-02T09:46:48+00:00\",\"dateModified\":\"2026-02-02T14:56:47+00:00\",\"breadcrumb\":{\"@id\":\"https:\\\/\\\/homeproject.fr\\\/fr\\\/produit\\\/suspension-design-en-metal-noir-mat-bouzigues\\\/#breadcrumb\"},\"inLanguage\":\"fr-FR\",\"potentialAction\":[{\"@type\":\"ReadAction\",\"target\":[\"https:\\\/\\\/homeproject.fr\\\/fr\\\/produit\\\/suspension-design-en-metal-noir-mat-bouzigues\\\/\"]}]},{\"@type\":\"ImageObject\",\"inLanguage\":\"fr-FR\",\"@id\":\"https:\\\/\\\/homeproject.fr\\\/fr\\\/produit\\\/suspension-design-en-metal-noir-mat-bouzigues\\\/#primaryimage\",\"url\":\"https:\\\/\\\/homeproject.fr\\\/fr\\\/wp-content\\\/uploads\\\/2026\\\/02\\\/Suspension-design-en-metal-noir-mat-BOUZIGUES-2.png\",\"contentUrl\":\"https:\\\/\\\/homeproject.fr\\\/fr\\\/wp-content\\\/uploads\\\/2026\\\/02\\\/Suspension-design-en-metal-noir-mat-BOUZIGUES-2.png\",\"width\":1024,\"height\":1024},{\"@type\":\"BreadcrumbList\",\"@id\":\"https:\\\/\\\/homeproject.fr\\\/fr\\\/produit\\\/suspension-design-en-metal-noir-mat-bouzigues\\\/#breadcrumb\",\"itemListElement\":[{\"@type\":\"ListItem\",\"position\":1,\"name\":\"Accueil\",\"item\":\"https:\\\/\\\/homeproject.fr\\\/fr\\\/\"},{\"@type\":\"ListItem\",\"position\":2,\"name\":\"Boutique\",\"item\":\"https:\\\/\\\/homeproject.fr\\\/fr\\\/boutique\\\/\"},{\"@type\":\"ListItem\",\"position\":3,\"name\":\"Suspension design en m\u00e9tal noir mat BOUZIGUES\"}]},{\"@type\":\"WebSite\",\"@id\":\"https:\\\/\\\/homeproject.fr\\\/fr\\\/#website\",\"url\":\"https:\\\/\\\/homeproject.fr\\\/fr\\\/\",\"name\":\"Homeproject.fr\",\"description\":\"Offrez l&#039;exceptionnel \u00e0 vos espaces \u00e0 vivre\",\"publisher\":{\"@id\":\"https:\\\/\\\/homeproject.fr\\\/fr\\\/#organization\"},\"potentialAction\":[{\"@type\":\"SearchAction\",\"target\":{\"@type\":\"EntryPoint\",\"urlTemplate\":\"https:\\\/\\\/homeproject.fr\\\/fr\\\/?s={search_term_string}\"},\"query-input\":{\"@type\":\"PropertyValueSpecification\",\"valueRequired\":true,\"valueName\":\"search_term_string\"}}],\"inLanguage\":\"fr-FR\"},{\"@type\":\"Organization\",\"@id\":\"https:\\\/\\\/homeproject.fr\\\/fr\\\/#organization\",\"name\":\"Homeproject.fr\",\"url\":\"https:\\\/\\\/homeproject.fr\\\/fr\\\/\",\"logo\":{\"@type\":\"ImageObject\",\"inLanguage\":\"fr-FR\",\"@id\":\"https:\\\/\\\/homeproject.fr\\\/fr\\\/#\\\/schema\\\/logo\\\/image\\\/\",\"url\":\"https:\\\/\\\/homeproject.fr\\\/fr\\\/wp-content\\\/uploads\\\/2024\\\/12\\\/Logo_HomeProject-noir-2.png\",\"contentUrl\":\"https:\\\/\\\/homeproject.fr\\\/fr\\\/wp-content\\\/uploads\\\/2024\\\/12\\\/Logo_HomeProject-noir-2.png\",\"width\":300,\"height\":91,\"caption\":\"Homeproject.fr\"},\"image\":{\"@id\":\"https:\\\/\\\/homeproject.fr\\\/fr\\\/#\\\/schema\\\/logo\\\/image\\\/\"}}]}<\/script>\n<!-- \/ Yoast SEO plugin. -->","yoast_head_json":{"title":"Suspension design en m\u00e9tal noir mat BOUZIGUES - Homeproject.fr","robots":{"index":"index","follow":"follow","max-snippet":"max-snippet:-1","max-image-preview":"max-image-preview:large","max-video-preview":"max-video-preview:-1"},"canonical":"https:\/\/homeproject.fr\/fr\/produit\/suspension-design-en-metal-noir-mat-bouzigues\/","og_locale":"fr_FR","og_type":"article","og_title":"Suspension design en m\u00e9tal noir mat BOUZIGUES - Homeproject.fr","og_description":"Sculpturale et a\u00e9rienne, la\u00a0suspension Bouzigues\u00a0se distingue par son design organique inspir\u00e9 des formes naturelles et du mouvement. Sa structure en\u00a0m\u00e9tal noir mat, finement travaill\u00e9e, \u00e9voque une coque l\u00e9g\u00e8re suspendue dans l\u2019espace, cr\u00e9ant une pr\u00e9sence graphique forte sans jamais alourdir l\u2019architecture int\u00e9rieure. Pens\u00e9e comme un v\u00e9ritable\u00a0objet d\u00e9coratif, Bouzigues diffuse une lumi\u00e8re\u00a0LED chaude 3000K, id\u00e9ale pour instaurer une atmosph\u00e8re feutr\u00e9e et \u00e9l\u00e9gante. Son dessin allong\u00e9 la rend particuli\u00e8rement adapt\u00e9e au-dessus d\u2019une\u00a0table de salle \u00e0 manger, d\u2019un\u00a0\u00eelot central, ou dans un\u00a0espace de r\u00e9ception contemporain\u00a0\u00e0 l\u2019esth\u00e9tique minimaliste ou m\u00e9diterran\u00e9enne. De jour comme de nuit, la suspension Bouzigues devient un point focal, jouant avec les ombres et les volumes pour sublimer l\u2019espace.","og_url":"https:\/\/homeproject.fr\/fr\/produit\/suspension-design-en-metal-noir-mat-bouzigues\/","og_site_name":"Homeproject.fr","article_modified_time":"2026-02-02T14:56:47+00:00","og_image":[{"width":1024,"height":1024,"url":"https:\/\/homeproject.fr\/fr\/wp-content\/uploads\/2026\/02\/Suspension-design-en-metal-noir-mat-BOUZIGUES-2.png","type":"image\/png"}],"twitter_card":"summary_large_image","twitter_misc":{"Dur\u00e9e de lecture estim\u00e9e":"2 minutes"},"schema":{"@context":"https:\/\/schema.org","@graph":[{"@type":"WebPage","@id":"https:\/\/homeproject.fr\/fr\/produit\/suspension-design-en-metal-noir-mat-bouzigues\/","url":"https:\/\/homeproject.fr\/fr\/produit\/suspension-design-en-metal-noir-mat-bouzigues\/","name":"Suspension design en m\u00e9tal noir mat BOUZIGUES - Homeproject.fr","isPartOf":{"@id":"https:\/\/homeproject.fr\/fr\/#website"},"primaryImageOfPage":{"@id":"https:\/\/homeproject.fr\/fr\/produit\/suspension-design-en-metal-noir-mat-bouzigues\/#primaryimage"},"image":{"@id":"https:\/\/homeproject.fr\/fr\/produit\/suspension-design-en-metal-noir-mat-bouzigues\/#primaryimage"},"thumbnailUrl":"https:\/\/homeproject.fr\/fr\/wp-content\/uploads\/2026\/02\/Suspension-design-en-metal-noir-mat-BOUZIGUES-2.png","datePublished":"2026-02-02T09:46:48+00:00","dateModified":"2026-02-02T14:56:47+00:00","breadcrumb":{"@id":"https:\/\/homeproject.fr\/fr\/produit\/suspension-design-en-metal-noir-mat-bouzigues\/#breadcrumb"},"inLanguage":"fr-FR","potentialAction":[{"@type":"ReadAction","target":["https:\/\/homeproject.fr\/fr\/produit\/suspension-design-en-metal-noir-mat-bouzigues\/"]}]},{"@type":"ImageObject","inLanguage":"fr-FR","@id":"https:\/\/homeproject.fr\/fr\/produit\/suspension-design-en-metal-noir-mat-bouzigues\/#primaryimage","url":"https:\/\/homeproject.fr\/fr\/wp-content\/uploads\/2026\/02\/Suspension-design-en-metal-noir-mat-BOUZIGUES-2.png","contentUrl":"https:\/\/homeproject.fr\/fr\/wp-content\/uploads\/2026\/02\/Suspension-design-en-metal-noir-mat-BOUZIGUES-2.png","width":1024,"height":1024},{"@type":"BreadcrumbList","@id":"https:\/\/homeproject.fr\/fr\/produit\/suspension-design-en-metal-noir-mat-bouzigues\/#breadcrumb","itemListElement":[{"@type":"ListItem","position":1,"name":"Accueil","item":"https:\/\/homeproject.fr\/fr\/"},{"@type":"ListItem","position":2,"name":"Boutique","item":"https:\/\/homeproject.fr\/fr\/boutique\/"},{"@type":"ListItem","position":3,"name":"Suspension design en m\u00e9tal noir mat BOUZIGUES"}]},{"@type":"WebSite","@id":"https:\/\/homeproject.fr\/fr\/#website","url":"https:\/\/homeproject.fr\/fr\/","name":"Homeproject.fr","description":"Offrez l&#039;exceptionnel \u00e0 vos espaces \u00e0 vivre","publisher":{"@id":"https:\/\/homeproject.fr\/fr\/#organization"},"potentialAction":[{"@type":"SearchAction","target":{"@type":"EntryPoint","urlTemplate":"https:\/\/homeproject.fr\/fr\/?s={search_term_string}"},"query-input":{"@type":"PropertyValueSpecification","valueRequired":true,"valueName":"search_term_string"}}],"inLanguage":"fr-FR"},{"@type":"Organization","@id":"https:\/\/homeproject.fr\/fr\/#organization","name":"Homeproject.fr","url":"https:\/\/homeproject.fr\/fr\/","logo":{"@type":"ImageObject","inLanguage":"fr-FR","@id":"https:\/\/homeproject.fr\/fr\/#\/schema\/logo\/image\/","url":"https:\/\/homeproject.fr\/fr\/wp-content\/uploads\/2024\/12\/Logo_HomeProject-noir-2.png","contentUrl":"https:\/\/homeproject.fr\/fr\/wp-content\/uploads\/2024\/12\/Logo_HomeProject-noir-2.png","width":300,"height":91,"caption":"Homeproject.fr"},"image":{"@id":"https:\/\/homeproject.fr\/fr\/#\/schema\/logo\/image\/"}}]}},"_links":{"self":[{"href":"https:\/\/homeproject.fr\/fr\/wp-json\/wp\/v2\/product\/15719","targetHints":{"allow":["GET"]}}],"collection":[{"href":"https:\/\/homeproject.fr\/fr\/wp-json\/wp\/v2\/product"}],"about":[{"href":"https:\/\/homeproject.fr\/fr\/wp-json\/wp\/v2\/types\/product"}],"version-history":[{"count":2,"href":"https:\/\/homeproject.fr\/fr\/wp-json\/wp\/v2\/product\/15719\/revisions"}],"predecessor-version":[{"id":15797,"href":"https:\/\/homeproject.fr\/fr\/wp-json\/wp\/v2\/product\/15719\/revisions\/15797"}],"wp:featuredmedia":[{"embeddable":true,"href":"https:\/\/homeproject.fr\/fr\/wp-json\/wp\/v2\/media\/15722"}],"wp:attachment":[{"href":"https:\/\/homeproject.fr\/fr\/wp-json\/wp\/v2\/media?parent=15719"}],"wp:term":[{"taxonomy":"product_brand","embeddable":true,"href":"https:\/\/homeproject.fr\/fr\/wp-json\/wp\/v2\/product_brand?post=15719"},{"taxonomy":"product_cat","embeddable":true,"href":"https:\/\/homeproject.fr\/fr\/wp-json\/wp\/v2\/product_cat?post=15719"},{"taxonomy":"product_tag","embeddable":true,"href":"https:\/\/homeproject.fr\/fr\/wp-json\/wp\/v2\/product_tag?post=15719"}],"curies":[{"name":"wp","href":"https:\/\/api.w.org\/{rel}","templated":true}]}}