{"id":15669,"date":"2026-01-24T14:34:41","date_gmt":"2026-01-24T14:34:41","guid":{"rendered":"https:\/\/homeproject.fr\/fr\/?post_type=product&#038;p=15669"},"modified":"2026-05-03T07:05:08","modified_gmt":"2026-05-03T07:05:08","slug":"table-de-repas-ovale-en-bois-massif-dacacia-victoria","status":"publish","type":"product","link":"https:\/\/homeproject.fr\/fr\/produit\/table-de-repas-ovale-en-bois-massif-dacacia-victoria\/","title":{"rendered":"Table de repas ovale en bois massif d&rsquo;acacia VICTORIA 240 cm"},"content":{"rendered":"<div class=\"flex-1 overflow-hidden @container\/thread\">\n<div class=\"h-full\">\n<div class=\"react-scroll-to-bottom--css-avwfw-79elbk h-full\">\n<div class=\"react-scroll-to-bottom--css-avwfw-1n7m0yu\">\n<div class=\"flex flex-col text-sm md:pb-9\">\n<article class=\"w-full scroll-mb-[var(--thread-trailing-height,150px)] text-token-text-primary focus-visible:outline-2 focus-visible:outline-offset-[-4px]\" dir=\"auto\" data-testid=\"conversation-turn-13\" data-scroll-anchor=\"true\">\n<div class=\"m-auto text-base py-[18px] px-3 md:px-4 w-full md:px-5 lg:px-4 xl:px-5\">\n<div class=\"mx-auto flex flex-1 gap-4 text-base md:gap-5 lg:gap-6 md:max-w-3xl lg:max-w-[40rem] xl:max-w-[48rem]\">\n<div class=\"group\/conversation-turn relative flex w-full min-w-0 flex-col agent-turn\">\n<div class=\"flex-col gap-1 md:gap-3\">\n<div class=\"flex max-w-full flex-col flex-grow\">\n<div class=\"min-h-8 text-message flex w-full flex-col items-end gap-2 whitespace-normal break-words text-start [.text-message+&]:mt-5\" dir=\"auto\" data-message-author-role=\"assistant\" data-message-id=\"dc5cab26-9697-46d2-b6fe-c8745ded277b\" data-message-model-slug=\"gpt-4o\">\n<div class=\"flex w-full flex-col gap-1 empty:hidden first:pt-[3px]\">\n<div class=\"markdown prose w-full break-words dark:prose-invert light\">\n<h3 data-start=\"903\" data-end=\"957\">Un design ovale aux lignes douces et \u00e9quilibr\u00e9es<\/h3>\n<p data-start=\"958\" data-end=\"1258\">La forme ovale de la table Victoria favorise la fluidit\u00e9 des circulations et cr\u00e9e une atmosph\u00e8re chaleureuse et conviviale. Son plateau \u00e9pais en <strong data-start=\"1103\" data-end=\"1127\">bois massif d\u2019acacia<\/strong> r\u00e9v\u00e8le un veinage naturel unique, ponctu\u00e9 de subtiles irr\u00e9gularit\u00e9s qui t\u00e9moignent du caract\u00e8re vivant et authentique du mat\u00e9riau.<\/p>\n<p data-start=\"1260\" data-end=\"1415\">Les <strong data-start=\"1264\" data-end=\"1290\">pieds pleins et galb\u00e9s<\/strong>, parfaitement int\u00e9gr\u00e9s \u00e0 la structure, apportent stabilit\u00e9 et \u00e9l\u00e9gance tout en renfor\u00e7ant l\u2019aspect sculptural de l\u2019ensemble.<\/p>\n<h3 data-start=\"1417\" data-end=\"1479\">Le charme du bois massif pour une table de repas durable<\/h3>\n<p data-start=\"1480\" data-end=\"1786\">R\u00e9alis\u00e9e en <strong data-start=\"1492\" data-end=\"1509\">acacia massif<\/strong>, la table Victoria s\u00e9duit par la richesse de sa teinte naturelle et la profondeur de son grain. Chaque table est unique, avec des variations de nuances, de n\u0153uds et de textures propres au bois massif, faisant de Victoria une pi\u00e8ce de caract\u00e8re destin\u00e9e \u00e0 traverser les ann\u00e9es.<\/p>\n<p data-start=\"1788\" data-end=\"1907\">Solide et durable, elle est con\u00e7ue pour un usage quotidien, tout en conservant une esth\u00e9tique raffin\u00e9e et intemporelle.<\/p>\n<h3 data-start=\"1909\" data-end=\"1977\">Une table de repas haut de gamme pour int\u00e9rieurs contemporains<\/h3>\n<p data-start=\"1978\" data-end=\"2247\">Gr\u00e2ce \u00e0 ses proportions g\u00e9n\u00e9reuses, la table Victoria permet d\u2019accueillir confortablement famille et invit\u00e9s. Elle s\u2019int\u00e8gre aussi bien dans une salle \u00e0 manger \u00e9pur\u00e9e que dans un espace plus chaleureux, associ\u00e9e \u00e0 des chaises en tissu, en bois ou aux lignes organiques.<\/p>\n<p data-start=\"2249\" data-end=\"2422\">V\u00e9ritable pi\u00e8ce centrale, cette <strong data-start=\"2281\" data-end=\"2311\">table ovale en bois massif<\/strong> s\u2019adresse aux amateurs de mobilier int\u00e9rieur haut de gamme recherchant <strong data-start=\"2383\" data-end=\"2421\">authenticit\u00e9, design et durabilit\u00e9<\/strong>.<\/p>\n<hr data-start=\"2424\" data-end=\"2427\" \/>\n<h2 data-start=\"2429\" data-end=\"2459\">Caract\u00e9ristiques techniques<\/h2>\n<ul data-start=\"2461\" data-end=\"2805\">\n<li data-start=\"2461\" data-end=\"2493\">\n<p data-start=\"2463\" data-end=\"2493\"><strong data-start=\"2463\" data-end=\"2482\">Nom du mod\u00e8le :<\/strong> Victoria<\/p>\n<\/li>\n<li data-start=\"2494\" data-end=\"2534\">\n<p data-start=\"2496\" data-end=\"2534\"><strong data-start=\"2496\" data-end=\"2506\">Type :<\/strong> Table de repas int\u00e9rieure<\/p>\n<\/li>\n<li data-start=\"2535\" data-end=\"2556\">\n<p data-start=\"2537\" data-end=\"2556\"><strong data-start=\"2537\" data-end=\"2548\">Forme :<\/strong> Ovale<\/p>\n<\/li>\n<li data-start=\"2557\" data-end=\"2596\">\n<p data-start=\"2559\" data-end=\"2596\"><strong data-start=\"2559\" data-end=\"2573\">Mat\u00e9riau :<\/strong> Bois massif d\u2019acacia<\/p>\n<\/li>\n<li data-start=\"2597\" data-end=\"2625\">\n<p data-start=\"2599\" data-end=\"2625\"><strong data-start=\"2599\" data-end=\"2613\">Finition :<\/strong> Naturelle<\/p>\n<\/li>\n<li data-start=\"2626\" data-end=\"2667\">\n<p data-start=\"2628\" data-end=\"2667\"><strong data-start=\"2628\" data-end=\"2639\">Style :<\/strong> Contemporain \/ intemporel<\/p>\n<\/li>\n<li data-start=\"2668\" data-end=\"2693\">\n<p data-start=\"2670\" data-end=\"2693\"><strong data-start=\"2670\" data-end=\"2681\">Usage :<\/strong> Int\u00e9rieur<\/p>\n<\/li>\n<li data-start=\"2694\" data-end=\"2805\">\n<p data-start=\"2696\" data-end=\"2714\"><strong data-start=\"2696\" data-end=\"2712\">Dimensions :<\/strong><\/p>\n<ul data-start=\"2717\" data-end=\"2805\">\n<li data-start=\"2717\" data-end=\"2742\">\n<p data-start=\"2719\" data-end=\"2742\"><strong data-start=\"2719\" data-end=\"2733\">Longueur :<\/strong> 240 cm<\/p>\n<\/li>\n<li data-start=\"2745\" data-end=\"2774\">\n<p data-start=\"2747\" data-end=\"2774\"><strong data-start=\"2747\" data-end=\"2760\">Largeur : <\/strong>100 cm<\/p>\n<\/li>\n<li data-start=\"2777\" data-end=\"2805\">\n<p data-start=\"2779\" data-end=\"2805\"><strong data-start=\"2779\" data-end=\"2792\">Hauteur :<\/strong> env. 75 cm<\/p>\n<\/li>\n<\/ul>\n<\/li>\n<\/ul>\n<p><strong style=\"font-family: inherit; font-size: 30px;\">Vous avez des questions ?<\/strong><\/p>\n<\/div>\n<\/div>\n<\/div>\n<\/div>\n<\/div>\n<\/div>\n<\/div>\n<\/div>\n<\/article>\n<\/div>\n<\/div>\n<\/div>\n<\/div>\n<\/div>\n<style id=\"wpforms-css-vars-3675\">\n\t\t\t\t#wpforms-3675 {\n\t\t\t\t\n\t\t\t}\n\t\t\t<\/style><div class=\"wpforms-container wpforms-container-full wpforms-render-modern\" id=\"wpforms-3675\"><form id=\"wpforms-form-3675\" class=\"wpforms-validate wpforms-form wpforms-ajax-form\" data-formid=\"3675\" method=\"post\" enctype=\"multipart\/form-data\" action=\"\/fr\/wp-json\/wp\/v2\/product\/15669\" data-token=\"86cfa3cd8fc4572532d762e2357ac556\" data-token-time=\"1777836380\"><noscript class=\"wpforms-error-noscript\">Veuillez activer JavaScript dans votre navigateur pour remplir ce formulaire.<\/noscript><div id=\"wpforms-error-noscript\" style=\"display: none;\">Veuillez activer JavaScript dans votre navigateur pour remplir ce formulaire.<\/div><div class=\"wpforms-field-container\"><div id=\"wpforms-3675-field_3-container\" class=\"wpforms-field wpforms-field-name\" data-field-id=\"3\"><fieldset><legend class=\"wpforms-field-label\">Nom <span class=\"wpforms-required-label\" aria-hidden=\"true\">*<\/span><\/legend><div class=\"wpforms-field-row wpforms-field-medium\"><div class=\"wpforms-field-row-block wpforms-first wpforms-one-half\"><input type=\"text\" id=\"wpforms-3675-field_3\" class=\"wpforms-field-name-first wpforms-field-required\" name=\"wpforms[fields][3][first]\" aria-errormessage=\"wpforms-3675-field_3-error\" required><label for=\"wpforms-3675-field_3\" class=\"wpforms-field-sublabel after\">Pr\u00e9nom<\/label><\/div><div class=\"wpforms-field-row-block wpforms-one-half\"><input type=\"text\" id=\"wpforms-3675-field_3-last\" class=\"wpforms-field-name-last wpforms-field-required\" name=\"wpforms[fields][3][last]\" aria-errormessage=\"wpforms-3675-field_3-last-error\" required><label for=\"wpforms-3675-field_3-last\" class=\"wpforms-field-sublabel after\">Nom<\/label><\/div><\/div><\/fieldset><\/div><div id=\"wpforms-3675-field_4-container\" class=\"wpforms-field wpforms-field-email\" data-field-id=\"4\"><label class=\"wpforms-field-label\" for=\"wpforms-3675-field_4\">E-mail <span class=\"wpforms-required-label\" aria-hidden=\"true\">*<\/span><\/label><input type=\"email\" id=\"wpforms-3675-field_4\" class=\"wpforms-field-medium wpforms-field-required\" name=\"wpforms[fields][4]\" spellcheck=\"false\" aria-errormessage=\"wpforms-3675-field_4-error\" required><\/div>\t\t<div id=\"wpforms-3675-field_1-container\"\n\t\t\tclass=\"wpforms-field wpforms-field-text\"\n\t\t\tdata-field-type=\"text\"\n\t\t\tdata-field-id=\"1\"\n\t\t\t>\n\t\t\t<label class=\"wpforms-field-label\" for=\"wpforms-3675-field_1\" >E-mail Message Nom<\/label>\n\t\t\t<input type=\"text\" id=\"wpforms-3675-field_1\" class=\"wpforms-field-medium\" name=\"wpforms[fields][1]\" >\n\t\t<\/div>\n\t\t<div id=\"wpforms-3675-field_5-container\" class=\"wpforms-field wpforms-field-textarea\" data-field-id=\"5\"><label class=\"wpforms-field-label\" for=\"wpforms-3675-field_5\">Message <span class=\"wpforms-required-label\" aria-hidden=\"true\">*<\/span><\/label><textarea id=\"wpforms-3675-field_5\" class=\"wpforms-field-medium wpforms-field-required\" name=\"wpforms[fields][5]\" aria-errormessage=\"wpforms-3675-field_5-error\" required><\/textarea><\/div><script>\n\t\t\t\t( function() {\n\t\t\t\t\tconst style = document.createElement( 'style' );\n\t\t\t\t\tstyle.appendChild( document.createTextNode( '#wpforms-3675-field_1-container { position: absolute !important; overflow: hidden !important; display: inline !important; height: 1px !important; width: 1px !important; z-index: -1000 !important; padding: 0 !important; } #wpforms-3675-field_1-container input { visibility: hidden; } #wpforms-conversational-form-page #wpforms-3675-field_1-container label { counter-increment: none; }' ) );\n\t\t\t\t\tdocument.head.appendChild( style );\n\t\t\t\t\tdocument.currentScript?.remove();\n\t\t\t\t} )();\n\t\t\t<\/script><\/div><!-- .wpforms-field-container --><div class=\"wpforms-submit-container\" ><input type=\"hidden\" name=\"wpforms[id]\" value=\"3675\"><input type=\"hidden\" name=\"page_title\" value=\"\"><input type=\"hidden\" name=\"page_url\" value=\"https:\/\/homeproject.fr\/fr\/wp-json\/wp\/v2\/product\/15669\"><input type=\"hidden\" name=\"url_referer\" value=\"\"><button type=\"submit\" name=\"wpforms[submit]\" id=\"wpforms-submit-3675\" class=\"wpforms-submit\" data-alt-text=\"Envoi...\" data-submit-text=\"Envoyer\" aria-live=\"assertive\" value=\"wpforms-submit\">Envoyer<\/button><img decoding=\"async\" src=\"https:\/\/homeproject.fr\/fr\/wp-content\/plugins\/wpforms-lite\/assets\/images\/submit-spin.svg\" class=\"wpforms-submit-spinner\" style=\"display: none;\" width=\"26\" height=\"26\" alt=\"Chargement en cours\"><\/div><\/form><\/div>  <!-- .wpforms-container -->\n","protected":false},"excerpt":{"rendered":"<p data-start=\"325\" data-end=\"689\">La <strong data-start=\"328\" data-end=\"352\">table ovale Victoria<\/strong> incarne l\u2019\u00e9quilibre parfait entre <strong data-start=\"387\" data-end=\"418\">authenticit\u00e9 du bois massif<\/strong>, <strong data-start=\"420\" data-end=\"446\">lignes architecturales<\/strong> et <strong data-start=\"450\" data-end=\"476\">\u00e9l\u00e9gance contemporaine<\/strong>. Avec son plateau g\u00e9n\u00e9reux aux bords adoucis et son pi\u00e8tement sculptural, elle s\u2019impose comme une pi\u00e8ce ma\u00eetresse dans une salle \u00e0 manger raffin\u00e9e, un int\u00e9rieur lumineux ou une maison au style m\u00e9diterran\u00e9en chic.<\/p>\n<p data-start=\"691\" data-end=\"901\">Pens\u00e9e pour accueillir de grands moments de convivialit\u00e9, la table Victoria conjugue <strong data-start=\"776\" data-end=\"803\">pr\u00e9sence visuelle forte<\/strong> et <strong data-start=\"807\" data-end=\"832\">sobri\u00e9t\u00e9 intemporelle<\/strong>, id\u00e9ale pour des int\u00e9rieurs contemporains, minimalistes ou naturels.<\/p>\n","protected":false},"featured_media":16301,"template":"","meta":{"_uf_show_specific_survey":0,"_uf_disable_surveys":false,"iawp_total_views":3},"product_brand":[],"product_cat":[148],"product_tag":[],"class_list":{"0":"post-15669","1":"product","2":"type-product","3":"status-publish","4":"has-post-thumbnail","6":"product_cat-tables","7":"product_shipping_class-gros-colis-messagerie","8":"pa_collection-natura-line","9":"pa_materiau-bois","11":"first","12":"instock","13":"taxable","14":"shipping-taxable","15":"purchasable","16":"product-type-simple"},"yoast_head":"<!-- This site is optimized with the Yoast SEO plugin v27.5 - https:\/\/yoast.com\/product\/yoast-seo-wordpress\/ -->\n<title>Table de repas ovale en bois massif d&#039;acacia VICTORIA 240 cm - Homeproject.fr<\/title>\n<meta name=\"robots\" content=\"index, follow, max-snippet:-1, max-image-preview:large, max-video-preview:-1\" \/>\n<link rel=\"canonical\" href=\"https:\/\/homeproject.fr\/fr\/produit\/table-de-repas-ovale-en-bois-massif-dacacia-victoria\/\" \/>\n<meta property=\"og:locale\" content=\"fr_FR\" \/>\n<meta property=\"og:type\" content=\"article\" \/>\n<meta property=\"og:title\" content=\"Table de repas ovale en bois massif d&#039;acacia VICTORIA 240 cm - Homeproject.fr\" \/>\n<meta property=\"og:description\" content=\"La table ovale Victoria incarne l\u2019\u00e9quilibre parfait entre authenticit\u00e9 du bois massif, lignes architecturales et \u00e9l\u00e9gance contemporaine. Avec son plateau g\u00e9n\u00e9reux aux bords adoucis et son pi\u00e8tement sculptural, elle s\u2019impose comme une pi\u00e8ce ma\u00eetresse dans une salle \u00e0 manger raffin\u00e9e, un int\u00e9rieur lumineux ou une maison au style m\u00e9diterran\u00e9en chic. Pens\u00e9e pour accueillir de grands moments de convivialit\u00e9, la table Victoria conjugue pr\u00e9sence visuelle forte et sobri\u00e9t\u00e9 intemporelle, id\u00e9ale pour des int\u00e9rieurs contemporains, minimalistes ou naturels.\" \/>\n<meta property=\"og:url\" content=\"https:\/\/homeproject.fr\/fr\/produit\/table-de-repas-ovale-en-bois-massif-dacacia-victoria\/\" \/>\n<meta property=\"og:site_name\" content=\"Homeproject.fr\" \/>\n<meta property=\"article:modified_time\" content=\"2026-05-03T07:05:08+00:00\" \/>\n<meta property=\"og:image\" content=\"https:\/\/homeproject.fr\/fr\/wp-content\/uploads\/2026\/01\/Table-de-repas-ovale-en-bois-massif-dacacia-VICTORIA-240-ambiance-1024x1024.png\" \/>\n\t<meta property=\"og:image:width\" content=\"1024\" \/>\n\t<meta property=\"og:image:height\" content=\"1024\" \/>\n\t<meta property=\"og:image:type\" content=\"image\/png\" \/>\n<meta name=\"twitter:card\" content=\"summary_large_image\" \/>\n<meta name=\"twitter:label1\" content=\"Dur\u00e9e de lecture estim\u00e9e\" \/>\n\t<meta name=\"twitter:data1\" content=\"2 minutes\" \/>\n<script type=\"application\/ld+json\" class=\"yoast-schema-graph\">{\"@context\":\"https:\\\/\\\/schema.org\",\"@graph\":[{\"@type\":\"WebPage\",\"@id\":\"https:\\\/\\\/homeproject.fr\\\/fr\\\/produit\\\/table-de-repas-ovale-en-bois-massif-dacacia-victoria\\\/\",\"url\":\"https:\\\/\\\/homeproject.fr\\\/fr\\\/produit\\\/table-de-repas-ovale-en-bois-massif-dacacia-victoria\\\/\",\"name\":\"Table de repas ovale en bois massif d'acacia VICTORIA 240 cm - Homeproject.fr\",\"isPartOf\":{\"@id\":\"https:\\\/\\\/homeproject.fr\\\/fr\\\/#website\"},\"primaryImageOfPage\":{\"@id\":\"https:\\\/\\\/homeproject.fr\\\/fr\\\/produit\\\/table-de-repas-ovale-en-bois-massif-dacacia-victoria\\\/#primaryimage\"},\"image\":{\"@id\":\"https:\\\/\\\/homeproject.fr\\\/fr\\\/produit\\\/table-de-repas-ovale-en-bois-massif-dacacia-victoria\\\/#primaryimage\"},\"thumbnailUrl\":\"https:\\\/\\\/homeproject.fr\\\/fr\\\/wp-content\\\/uploads\\\/2026\\\/01\\\/Table-de-repas-ovale-en-bois-massif-dacacia-VICTORIA-240-ambiance.png\",\"datePublished\":\"2026-01-24T14:34:41+00:00\",\"dateModified\":\"2026-05-03T07:05:08+00:00\",\"breadcrumb\":{\"@id\":\"https:\\\/\\\/homeproject.fr\\\/fr\\\/produit\\\/table-de-repas-ovale-en-bois-massif-dacacia-victoria\\\/#breadcrumb\"},\"inLanguage\":\"fr-FR\",\"potentialAction\":[{\"@type\":\"ReadAction\",\"target\":[\"https:\\\/\\\/homeproject.fr\\\/fr\\\/produit\\\/table-de-repas-ovale-en-bois-massif-dacacia-victoria\\\/\"]}]},{\"@type\":\"ImageObject\",\"inLanguage\":\"fr-FR\",\"@id\":\"https:\\\/\\\/homeproject.fr\\\/fr\\\/produit\\\/table-de-repas-ovale-en-bois-massif-dacacia-victoria\\\/#primaryimage\",\"url\":\"https:\\\/\\\/homeproject.fr\\\/fr\\\/wp-content\\\/uploads\\\/2026\\\/01\\\/Table-de-repas-ovale-en-bois-massif-dacacia-VICTORIA-240-ambiance.png\",\"contentUrl\":\"https:\\\/\\\/homeproject.fr\\\/fr\\\/wp-content\\\/uploads\\\/2026\\\/01\\\/Table-de-repas-ovale-en-bois-massif-dacacia-VICTORIA-240-ambiance.png\",\"width\":1254,\"height\":1254},{\"@type\":\"BreadcrumbList\",\"@id\":\"https:\\\/\\\/homeproject.fr\\\/fr\\\/produit\\\/table-de-repas-ovale-en-bois-massif-dacacia-victoria\\\/#breadcrumb\",\"itemListElement\":[{\"@type\":\"ListItem\",\"position\":1,\"name\":\"Accueil\",\"item\":\"https:\\\/\\\/homeproject.fr\\\/fr\\\/\"},{\"@type\":\"ListItem\",\"position\":2,\"name\":\"Boutique\",\"item\":\"https:\\\/\\\/homeproject.fr\\\/fr\\\/boutique\\\/\"},{\"@type\":\"ListItem\",\"position\":3,\"name\":\"Table de repas ovale en bois massif d&rsquo;acacia VICTORIA 240 cm\"}]},{\"@type\":\"WebSite\",\"@id\":\"https:\\\/\\\/homeproject.fr\\\/fr\\\/#website\",\"url\":\"https:\\\/\\\/homeproject.fr\\\/fr\\\/\",\"name\":\"Homeproject.fr\",\"description\":\"Offrez l&#039;exceptionnel \u00e0 vos espaces \u00e0 vivre\",\"publisher\":{\"@id\":\"https:\\\/\\\/homeproject.fr\\\/fr\\\/#organization\"},\"potentialAction\":[{\"@type\":\"SearchAction\",\"target\":{\"@type\":\"EntryPoint\",\"urlTemplate\":\"https:\\\/\\\/homeproject.fr\\\/fr\\\/?s={search_term_string}\"},\"query-input\":{\"@type\":\"PropertyValueSpecification\",\"valueRequired\":true,\"valueName\":\"search_term_string\"}}],\"inLanguage\":\"fr-FR\"},{\"@type\":\"Organization\",\"@id\":\"https:\\\/\\\/homeproject.fr\\\/fr\\\/#organization\",\"name\":\"Homeproject.fr\",\"url\":\"https:\\\/\\\/homeproject.fr\\\/fr\\\/\",\"logo\":{\"@type\":\"ImageObject\",\"inLanguage\":\"fr-FR\",\"@id\":\"https:\\\/\\\/homeproject.fr\\\/fr\\\/#\\\/schema\\\/logo\\\/image\\\/\",\"url\":\"https:\\\/\\\/homeproject.fr\\\/fr\\\/wp-content\\\/uploads\\\/2024\\\/12\\\/Logo_HomeProject-noir-2.png\",\"contentUrl\":\"https:\\\/\\\/homeproject.fr\\\/fr\\\/wp-content\\\/uploads\\\/2024\\\/12\\\/Logo_HomeProject-noir-2.png\",\"width\":300,\"height\":91,\"caption\":\"Homeproject.fr\"},\"image\":{\"@id\":\"https:\\\/\\\/homeproject.fr\\\/fr\\\/#\\\/schema\\\/logo\\\/image\\\/\"}}]}<\/script>\n<!-- \/ Yoast SEO plugin. -->","yoast_head_json":{"title":"Table de repas ovale en bois massif d'acacia VICTORIA 240 cm - Homeproject.fr","robots":{"index":"index","follow":"follow","max-snippet":"max-snippet:-1","max-image-preview":"max-image-preview:large","max-video-preview":"max-video-preview:-1"},"canonical":"https:\/\/homeproject.fr\/fr\/produit\/table-de-repas-ovale-en-bois-massif-dacacia-victoria\/","og_locale":"fr_FR","og_type":"article","og_title":"Table de repas ovale en bois massif d'acacia VICTORIA 240 cm - Homeproject.fr","og_description":"La table ovale Victoria incarne l\u2019\u00e9quilibre parfait entre authenticit\u00e9 du bois massif, lignes architecturales et \u00e9l\u00e9gance contemporaine. Avec son plateau g\u00e9n\u00e9reux aux bords adoucis et son pi\u00e8tement sculptural, elle s\u2019impose comme une pi\u00e8ce ma\u00eetresse dans une salle \u00e0 manger raffin\u00e9e, un int\u00e9rieur lumineux ou une maison au style m\u00e9diterran\u00e9en chic. Pens\u00e9e pour accueillir de grands moments de convivialit\u00e9, la table Victoria conjugue pr\u00e9sence visuelle forte et sobri\u00e9t\u00e9 intemporelle, id\u00e9ale pour des int\u00e9rieurs contemporains, minimalistes ou naturels.","og_url":"https:\/\/homeproject.fr\/fr\/produit\/table-de-repas-ovale-en-bois-massif-dacacia-victoria\/","og_site_name":"Homeproject.fr","article_modified_time":"2026-05-03T07:05:08+00:00","og_image":[{"width":1024,"height":1024,"url":"https:\/\/homeproject.fr\/fr\/wp-content\/uploads\/2026\/01\/Table-de-repas-ovale-en-bois-massif-dacacia-VICTORIA-240-ambiance-1024x1024.png","type":"image\/png"}],"twitter_card":"summary_large_image","twitter_misc":{"Dur\u00e9e de lecture estim\u00e9e":"2 minutes"},"schema":{"@context":"https:\/\/schema.org","@graph":[{"@type":"WebPage","@id":"https:\/\/homeproject.fr\/fr\/produit\/table-de-repas-ovale-en-bois-massif-dacacia-victoria\/","url":"https:\/\/homeproject.fr\/fr\/produit\/table-de-repas-ovale-en-bois-massif-dacacia-victoria\/","name":"Table de repas ovale en bois massif d'acacia VICTORIA 240 cm - Homeproject.fr","isPartOf":{"@id":"https:\/\/homeproject.fr\/fr\/#website"},"primaryImageOfPage":{"@id":"https:\/\/homeproject.fr\/fr\/produit\/table-de-repas-ovale-en-bois-massif-dacacia-victoria\/#primaryimage"},"image":{"@id":"https:\/\/homeproject.fr\/fr\/produit\/table-de-repas-ovale-en-bois-massif-dacacia-victoria\/#primaryimage"},"thumbnailUrl":"https:\/\/homeproject.fr\/fr\/wp-content\/uploads\/2026\/01\/Table-de-repas-ovale-en-bois-massif-dacacia-VICTORIA-240-ambiance.png","datePublished":"2026-01-24T14:34:41+00:00","dateModified":"2026-05-03T07:05:08+00:00","breadcrumb":{"@id":"https:\/\/homeproject.fr\/fr\/produit\/table-de-repas-ovale-en-bois-massif-dacacia-victoria\/#breadcrumb"},"inLanguage":"fr-FR","potentialAction":[{"@type":"ReadAction","target":["https:\/\/homeproject.fr\/fr\/produit\/table-de-repas-ovale-en-bois-massif-dacacia-victoria\/"]}]},{"@type":"ImageObject","inLanguage":"fr-FR","@id":"https:\/\/homeproject.fr\/fr\/produit\/table-de-repas-ovale-en-bois-massif-dacacia-victoria\/#primaryimage","url":"https:\/\/homeproject.fr\/fr\/wp-content\/uploads\/2026\/01\/Table-de-repas-ovale-en-bois-massif-dacacia-VICTORIA-240-ambiance.png","contentUrl":"https:\/\/homeproject.fr\/fr\/wp-content\/uploads\/2026\/01\/Table-de-repas-ovale-en-bois-massif-dacacia-VICTORIA-240-ambiance.png","width":1254,"height":1254},{"@type":"BreadcrumbList","@id":"https:\/\/homeproject.fr\/fr\/produit\/table-de-repas-ovale-en-bois-massif-dacacia-victoria\/#breadcrumb","itemListElement":[{"@type":"ListItem","position":1,"name":"Accueil","item":"https:\/\/homeproject.fr\/fr\/"},{"@type":"ListItem","position":2,"name":"Boutique","item":"https:\/\/homeproject.fr\/fr\/boutique\/"},{"@type":"ListItem","position":3,"name":"Table de repas ovale en bois massif d&rsquo;acacia VICTORIA 240 cm"}]},{"@type":"WebSite","@id":"https:\/\/homeproject.fr\/fr\/#website","url":"https:\/\/homeproject.fr\/fr\/","name":"Homeproject.fr","description":"Offrez l&#039;exceptionnel \u00e0 vos espaces \u00e0 vivre","publisher":{"@id":"https:\/\/homeproject.fr\/fr\/#organization"},"potentialAction":[{"@type":"SearchAction","target":{"@type":"EntryPoint","urlTemplate":"https:\/\/homeproject.fr\/fr\/?s={search_term_string}"},"query-input":{"@type":"PropertyValueSpecification","valueRequired":true,"valueName":"search_term_string"}}],"inLanguage":"fr-FR"},{"@type":"Organization","@id":"https:\/\/homeproject.fr\/fr\/#organization","name":"Homeproject.fr","url":"https:\/\/homeproject.fr\/fr\/","logo":{"@type":"ImageObject","inLanguage":"fr-FR","@id":"https:\/\/homeproject.fr\/fr\/#\/schema\/logo\/image\/","url":"https:\/\/homeproject.fr\/fr\/wp-content\/uploads\/2024\/12\/Logo_HomeProject-noir-2.png","contentUrl":"https:\/\/homeproject.fr\/fr\/wp-content\/uploads\/2024\/12\/Logo_HomeProject-noir-2.png","width":300,"height":91,"caption":"Homeproject.fr"},"image":{"@id":"https:\/\/homeproject.fr\/fr\/#\/schema\/logo\/image\/"}}]}},"_links":{"self":[{"href":"https:\/\/homeproject.fr\/fr\/wp-json\/wp\/v2\/product\/15669","targetHints":{"allow":["GET"]}}],"collection":[{"href":"https:\/\/homeproject.fr\/fr\/wp-json\/wp\/v2\/product"}],"about":[{"href":"https:\/\/homeproject.fr\/fr\/wp-json\/wp\/v2\/types\/product"}],"version-history":[{"count":3,"href":"https:\/\/homeproject.fr\/fr\/wp-json\/wp\/v2\/product\/15669\/revisions"}],"predecessor-version":[{"id":16306,"href":"https:\/\/homeproject.fr\/fr\/wp-json\/wp\/v2\/product\/15669\/revisions\/16306"}],"wp:featuredmedia":[{"embeddable":true,"href":"https:\/\/homeproject.fr\/fr\/wp-json\/wp\/v2\/media\/16301"}],"wp:attachment":[{"href":"https:\/\/homeproject.fr\/fr\/wp-json\/wp\/v2\/media?parent=15669"}],"wp:term":[{"taxonomy":"product_brand","embeddable":true,"href":"https:\/\/homeproject.fr\/fr\/wp-json\/wp\/v2\/product_brand?post=15669"},{"taxonomy":"product_cat","embeddable":true,"href":"https:\/\/homeproject.fr\/fr\/wp-json\/wp\/v2\/product_cat?post=15669"},{"taxonomy":"product_tag","embeddable":true,"href":"https:\/\/homeproject.fr\/fr\/wp-json\/wp\/v2\/product_tag?post=15669"}],"curies":[{"name":"wp","href":"https:\/\/api.w.org\/{rel}","templated":true}]}}