{"id":15547,"date":"2025-11-04T11:55:14","date_gmt":"2025-11-04T11:55:14","guid":{"rendered":"https:\/\/homeproject.fr\/fr\/?post_type=product&#038;p=15547"},"modified":"2025-11-04T12:01:22","modified_gmt":"2025-11-04T12:01:22","slug":"buffet-en-chene-massif-naturel-cala-blanca-l-180-cm","status":"publish","type":"product","link":"https:\/\/homeproject.fr\/fr\/produit\/buffet-en-chene-massif-naturel-cala-blanca-l-180-cm\/","title":{"rendered":"Buffet en ch\u00eane massif naturel CALA BLANCA L.180 cm"},"content":{"rendered":"<div class=\"flex-1 overflow-hidden @container\/thread\">\n<div class=\"h-full\">\n<div class=\"react-scroll-to-bottom--css-avwfw-79elbk h-full\">\n<div class=\"react-scroll-to-bottom--css-avwfw-1n7m0yu\">\n<div class=\"flex flex-col text-sm md:pb-9\">\n<article class=\"w-full scroll-mb-[var(--thread-trailing-height,150px)] text-token-text-primary focus-visible:outline-2 focus-visible:outline-offset-[-4px]\" dir=\"auto\" data-testid=\"conversation-turn-13\" data-scroll-anchor=\"true\">\n<div class=\"m-auto text-base py-[18px] px-3 md:px-4 w-full md:px-5 lg:px-4 xl:px-5\">\n<div class=\"mx-auto flex flex-1 gap-4 text-base md:gap-5 lg:gap-6 md:max-w-3xl lg:max-w-[40rem] xl:max-w-[48rem]\">\n<div class=\"group\/conversation-turn relative flex w-full min-w-0 flex-col agent-turn\">\n<div class=\"flex-col gap-1 md:gap-3\">\n<div class=\"flex max-w-full flex-col flex-grow\">\n<div class=\"min-h-8 text-message flex w-full flex-col items-end gap-2 whitespace-normal break-words text-start [.text-message+&amp;]:mt-5\" dir=\"auto\" data-message-author-role=\"assistant\" data-message-id=\"dc5cab26-9697-46d2-b6fe-c8745ded277b\" data-message-model-slug=\"gpt-4o\">\n<div class=\"flex w-full flex-col gap-1 empty:hidden first:pt-[3px]\">\n<div class=\"markdown prose w-full break-words dark:prose-invert light\">\n<div class=\"elementor-element elementor-element-246e210b e-flex e-con-boxed kitify-col-width-auto-no ignore-docs-style-no kitify-disable-relative-no e-root-container elementor-top-section e-con e-parent e-lazyloaded\" data-id=\"246e210b\" data-element_type=\"container\">\n<div class=\"e-con-inner\">\n<div class=\"elementor-element elementor-element-7bbd00bd elementor-widget kitify elementor-kitify-wooproduct-datatabs\" data-id=\"7bbd00bd\" data-element_type=\"widget\" data-widget_type=\"kitify-wooproduct-datatabs.default\">\n<div class=\"elementor-widget-container\">\n<div class=\"kitify-product-tabs layout-type-default\">\n<div class=\"nova-woocommerce-tabs\">\n<div class=\"tabs-content\" data-tabs-content=\"single_product_tab\">\n<div id=\"panel_description\" class=\"tabs-panel is-active\" role=\"tabpanel\" aria-labelledby=\"panel_description-label\">\n<h3 data-start=\"1159\" data-end=\"1194\"><strong data-start=\"1163\" data-end=\"1194\">Caract\u00e9ristiques techniques<\/strong><\/h3>\n<ul data-start=\"1195\" data-end=\"1663\">\n<li data-start=\"1195\" data-end=\"1238\">\n<p data-start=\"1197\" data-end=\"1238\"><strong data-start=\"1197\" data-end=\"1217\">Nom du produit :<\/strong>\u00a0Buffet Cala Blanca<\/p>\n<\/li>\n<li data-start=\"1239\" data-end=\"1272\">\n<p data-start=\"1241\" data-end=\"1272\"><strong data-start=\"1241\" data-end=\"1251\">Type :<\/strong>\u00a0Buffet \/ Meuble TV<\/p>\n<\/li>\n<li data-start=\"1273\" data-end=\"1312\">\n<p data-start=\"1275\" data-end=\"1312\"><strong data-start=\"1275\" data-end=\"1288\">Famille :<\/strong>\u00a0Buffets et meubles TV<\/p>\n<\/li>\n<li data-start=\"1313\" data-end=\"1356\">\n<p data-start=\"1315\" data-end=\"1356\"><strong data-start=\"1315\" data-end=\"1331\">Dimensions :<\/strong>\u00a0L 180 \u00d7 P 40 \u00d7 H 80 cm<\/p>\n<\/li>\n<li data-start=\"1357\" data-end=\"1384\">\n<p data-start=\"1359\" data-end=\"1384\"><strong data-start=\"1359\" data-end=\"1374\">Poids net :<\/strong>\u00a059,4 kg<\/p>\n<\/li>\n<li data-start=\"1385\" data-end=\"1426\">\n<p data-start=\"1387\" data-end=\"1426\"><strong data-start=\"1387\" data-end=\"1411\">Mat\u00e9riau principal :<\/strong>\u00a0Ch\u00eane massif<\/p>\n<\/li>\n<li data-start=\"1427\" data-end=\"1476\">\n<p data-start=\"1429\" data-end=\"1476\"><strong data-start=\"1429\" data-end=\"1443\">Finition :<\/strong>\u00a0Naturelle<\/p>\n<\/li>\n<li data-start=\"1427\" data-end=\"1476\">\n<p data-start=\"1429\" data-end=\"1476\"><strong data-start=\"1479\" data-end=\"1504\">Syst\u00e8me d\u2019ouverture :<\/strong>\u00a0Push-pull (sans poign\u00e9es)<\/p>\n<\/li>\n<li data-start=\"1533\" data-end=\"1604\">\n<p data-start=\"1535\" data-end=\"1604\"><strong data-start=\"1535\" data-end=\"1550\">Structure :<\/strong>\u00a04 portes \u2013 2 compartiments int\u00e9rieurs avec \u00e9tag\u00e8res<\/p>\n<\/li>\n<li data-start=\"1605\" data-end=\"1663\">\n<p data-start=\"1607\" data-end=\"1663\"><strong data-start=\"1607\" data-end=\"1618\">Style :<\/strong>\u00a0M\u00e9diterran\u00e9en \/ Contemporain \/ Minimaliste<\/p>\n<\/li>\n<\/ul>\n<hr data-start=\"1665\" data-end=\"1668\" \/>\n<h3 data-start=\"1670\" data-end=\"1690\"><strong data-start=\"1674\" data-end=\"1690\">Points forts<\/strong><\/h3>\n<ul data-start=\"1691\" data-end=\"1960\">\n<li data-start=\"1691\" data-end=\"1742\">\n<p data-start=\"1693\" data-end=\"1742\">Design \u00e9pur\u00e9 aux\u00a0<strong data-start=\"1710\" data-end=\"1740\">formes arrondies et douces<\/strong><\/p>\n<\/li>\n<li data-start=\"1743\" data-end=\"1801\">\n<p data-start=\"1745\" data-end=\"1801\">Fabrication en\u00a0<strong data-start=\"1760\" data-end=\"1776\">ch\u00eane massif<\/strong>, robuste et intemporel<\/p>\n<\/li>\n<li data-start=\"1802\" data-end=\"1861\">\n<p data-start=\"1804\" data-end=\"1861\">Finition naturelle mettant en valeur le veinage du bois<\/p>\n<\/li>\n<li data-start=\"1862\" data-end=\"1916\">\n<p data-start=\"1864\" data-end=\"1916\">Syst\u00e8me d\u2019ouverture\u00a0<em data-start=\"1884\" data-end=\"1895\">push-pull<\/em>\u00a0discret et moderne<\/p>\n<\/li>\n<li data-start=\"1917\" data-end=\"1960\">\n<p data-start=\"1919\" data-end=\"1960\">Meuble polyvalent : buffet ou meuble TV<\/p>\n<\/li>\n<\/ul>\n<\/div>\n<\/div>\n<\/div>\n<\/div>\n<\/div>\n<\/div>\n<\/div>\n<\/div>\n<div class=\"elementor-element elementor-element-199e820e e-flex e-con-boxed kitify-col-width-auto-no ignore-docs-style-no kitify-disable-relative-no e-root-container elementor-top-section e-con e-parent e-lazyloaded\" data-id=\"199e820e\" data-element_type=\"container\"><\/div>\n<h3><strong style=\"font-family: inherit; font-size: 30px;\">Vous avez des questions ?<\/strong><\/h3>\n<\/div>\n<\/div>\n<\/div>\n<\/div>\n<\/div>\n<\/div>\n<\/div>\n<\/div>\n<\/article>\n<\/div>\n<\/div>\n<\/div>\n<\/div>\n<\/div>\n<style id=\"wpforms-css-vars-3675\">\n\t\t\t\t#wpforms-3675 {\n\t\t\t\t\n\t\t\t}\n\t\t\t<\/style><div class=\"wpforms-container wpforms-container-full wpforms-render-modern\" id=\"wpforms-3675\"><form id=\"wpforms-form-3675\" class=\"wpforms-validate wpforms-form wpforms-ajax-form\" data-formid=\"3675\" method=\"post\" enctype=\"multipart\/form-data\" action=\"\/fr\/wp-json\/wp\/v2\/product\/15547\" data-token=\"61a757da810f90bb9b7a9e476d087382\" data-token-time=\"1776524715\"><noscript class=\"wpforms-error-noscript\">Veuillez activer JavaScript dans votre navigateur pour remplir ce formulaire.<\/noscript><div id=\"wpforms-error-noscript\" style=\"display: none;\">Veuillez activer JavaScript dans votre navigateur pour remplir ce formulaire.<\/div><div class=\"wpforms-field-container\"><div id=\"wpforms-3675-field_3-container\" class=\"wpforms-field wpforms-field-name\" data-field-id=\"3\"><fieldset><legend class=\"wpforms-field-label\">Nom <span class=\"wpforms-required-label\" aria-hidden=\"true\">*<\/span><\/legend><div class=\"wpforms-field-row wpforms-field-medium\"><div class=\"wpforms-field-row-block wpforms-first wpforms-one-half\"><input type=\"text\" id=\"wpforms-3675-field_3\" class=\"wpforms-field-name-first wpforms-field-required\" name=\"wpforms[fields][3][first]\" aria-errormessage=\"wpforms-3675-field_3-error\" required><label for=\"wpforms-3675-field_3\" class=\"wpforms-field-sublabel after\">Pr\u00e9nom<\/label><\/div><div class=\"wpforms-field-row-block wpforms-one-half\"><input type=\"text\" id=\"wpforms-3675-field_3-last\" class=\"wpforms-field-name-last wpforms-field-required\" name=\"wpforms[fields][3][last]\" aria-errormessage=\"wpforms-3675-field_3-last-error\" required><label for=\"wpforms-3675-field_3-last\" class=\"wpforms-field-sublabel after\">Nom<\/label><\/div><\/div><\/fieldset><\/div><div id=\"wpforms-3675-field_4-container\" class=\"wpforms-field wpforms-field-email\" data-field-id=\"4\"><label class=\"wpforms-field-label\" for=\"wpforms-3675-field_4\">E-mail <span class=\"wpforms-required-label\" aria-hidden=\"true\">*<\/span><\/label><input type=\"email\" id=\"wpforms-3675-field_4\" class=\"wpforms-field-medium wpforms-field-required\" name=\"wpforms[fields][4]\" spellcheck=\"false\" aria-errormessage=\"wpforms-3675-field_4-error\" required><\/div>\t\t<div id=\"wpforms-3675-field_1-container\"\n\t\t\tclass=\"wpforms-field wpforms-field-text\"\n\t\t\tdata-field-type=\"text\"\n\t\t\tdata-field-id=\"1\"\n\t\t\t>\n\t\t\t<label class=\"wpforms-field-label\" for=\"wpforms-3675-field_1\" >E-mail Nom Message<\/label>\n\t\t\t<input type=\"text\" id=\"wpforms-3675-field_1\" class=\"wpforms-field-medium\" name=\"wpforms[fields][1]\" >\n\t\t<\/div>\n\t\t<div id=\"wpforms-3675-field_5-container\" class=\"wpforms-field wpforms-field-textarea\" data-field-id=\"5\"><label class=\"wpforms-field-label\" for=\"wpforms-3675-field_5\">Message <span class=\"wpforms-required-label\" aria-hidden=\"true\">*<\/span><\/label><textarea id=\"wpforms-3675-field_5\" class=\"wpforms-field-medium wpforms-field-required\" name=\"wpforms[fields][5]\" aria-errormessage=\"wpforms-3675-field_5-error\" required><\/textarea><\/div><script>\n\t\t\t\t( function() {\n\t\t\t\t\tconst style = document.createElement( 'style' );\n\t\t\t\t\tstyle.appendChild( document.createTextNode( '#wpforms-3675-field_1-container { position: absolute !important; overflow: hidden !important; display: inline !important; height: 1px !important; width: 1px !important; z-index: -1000 !important; padding: 0 !important; } #wpforms-3675-field_1-container input { visibility: hidden; } #wpforms-conversational-form-page #wpforms-3675-field_1-container label { counter-increment: none; }' ) );\n\t\t\t\t\tdocument.head.appendChild( style );\n\t\t\t\t\tdocument.currentScript?.remove();\n\t\t\t\t} )();\n\t\t\t<\/script><\/div><!-- .wpforms-field-container --><div class=\"wpforms-submit-container\" ><input type=\"hidden\" name=\"wpforms[id]\" value=\"3675\"><input type=\"hidden\" name=\"page_title\" value=\"\"><input type=\"hidden\" name=\"page_url\" value=\"https:\/\/homeproject.fr\/fr\/wp-json\/wp\/v2\/product\/15547\"><input type=\"hidden\" name=\"url_referer\" value=\"\"><button type=\"submit\" name=\"wpforms[submit]\" id=\"wpforms-submit-3675\" class=\"wpforms-submit\" data-alt-text=\"Envoi...\" data-submit-text=\"Envoyer\" aria-live=\"assertive\" value=\"wpforms-submit\">Envoyer<\/button><img decoding=\"async\" src=\"https:\/\/homeproject.fr\/fr\/wp-content\/plugins\/wpforms-lite\/assets\/images\/submit-spin.svg\" class=\"wpforms-submit-spinner\" style=\"display: none;\" width=\"26\" height=\"26\" alt=\"Chargement en cours\"><\/div><\/form><\/div>  <!-- .wpforms-container -->\n","protected":false},"excerpt":{"rendered":"<div class=\"elementor-element elementor-element-83ea5bb elementor-widget kitify elementor-kitify-wooproduct-shortdescription\" data-id=\"83ea5bb\" data-element_type=\"widget\" data-widget_type=\"kitify-wooproduct-shortdescription.default\">\n<div class=\"elementor-widget-container\">\n<div class=\"woocommerce-product-details__short-description\">\n<p data-start=\"243\" data-end=\"524\">\u00c9pure, douceur et authenticit\u00e9 : le <strong data-start=\"279\" data-end=\"301\">buffet Cala Blanca<\/strong>\u00a0incarne l\u2019\u00e9l\u00e9gance naturelle du design m\u00e9diterran\u00e9en contemporain. R\u00e9alis\u00e9 en\u00a0<strong data-start=\"380\" data-end=\"404\">bois massif de ch\u00eane<\/strong>, il s\u00e9duit par ses lignes arrondies et son toucher velout\u00e9, qui \u00e9voquent la puret\u00e9 des int\u00e9rieurs ensoleill\u00e9s du sud.<\/p>\n<p data-start=\"526\" data-end=\"861\">Ses\u00a0<strong data-start=\"530\" data-end=\"554\">portes sans poign\u00e9es<\/strong>\u00a0\u00e0 ouverture\u00a0<em data-start=\"567\" data-end=\"578\">push-pull<\/em>\u00a0soulignent la sobri\u00e9t\u00e9 de son dessin, tandis que ses\u00a0<strong data-start=\"632\" data-end=\"649\">bords courb\u00e9s<\/strong>\u00a0adoucissent la silhouette du meuble. Avec ses\u00a0<strong data-start=\"696\" data-end=\"734\">quatre grands espaces de rangement<\/strong>, Cala Blanca allie\u00a0<strong data-start=\"754\" data-end=\"786\">fonctionnalit\u00e9 et esth\u00e9tisme<\/strong>, id\u00e9al pour un salon, une salle \u00e0 manger ou un espace ouvert sur la mer.<\/p>\n<p data-start=\"863\" data-end=\"1152\">Chaque d\u00e9tail \u2014 du veinage naturel du ch\u00eane \u00e0 la finition mate \u2014 t\u00e9moigne d\u2019un savoir-faire artisanal et d\u2019une recherche d\u2019\u00e9quilibre entre\u00a0<strong data-start=\"1002\" data-end=\"1022\">forme et mati\u00e8re<\/strong>. Un meuble qui s\u2019int\u00e8gre aussi bien dans une\u00a0<strong data-start=\"1068\" data-end=\"1100\">villa m\u00e9diterran\u00e9enne \u00e9pur\u00e9e<\/strong>\u00a0que dans un\u00a0<strong data-start=\"1113\" data-end=\"1151\">int\u00e9rieur contemporain minimaliste<\/strong>.<\/p>\n<\/div>\n<\/div>\n<\/div>\n","protected":false},"featured_media":15548,"template":"","meta":{"_uf_show_specific_survey":0,"_uf_disable_surveys":false,"iawp_total_views":6},"product_brand":[],"product_cat":[152],"product_tag":[],"class_list":{"0":"post-15547","1":"product","2":"type-product","3":"status-publish","4":"has-post-thumbnail","6":"product_cat-buffets","7":"product_shipping_class-gros-colis-messagerie","8":"pa_collection-natura-line","9":"pa_materiau-bois","11":"first","12":"instock","13":"taxable","14":"shipping-taxable","15":"purchasable","16":"product-type-simple"},"yoast_head":"<!-- This site is optimized with the Yoast SEO plugin v27.4 - https:\/\/yoast.com\/product\/yoast-seo-wordpress\/ -->\n<title>Buffet en ch\u00eane massif naturel CALA BLANCA L.180 cm - Homeproject.fr<\/title>\n<meta name=\"robots\" content=\"index, follow, max-snippet:-1, max-image-preview:large, max-video-preview:-1\" \/>\n<link rel=\"canonical\" href=\"https:\/\/homeproject.fr\/fr\/produit\/buffet-en-chene-massif-naturel-cala-blanca-l-180-cm\/\" \/>\n<meta property=\"og:locale\" content=\"fr_FR\" \/>\n<meta property=\"og:type\" content=\"article\" \/>\n<meta property=\"og:title\" content=\"Buffet en ch\u00eane massif naturel CALA BLANCA L.180 cm - Homeproject.fr\" \/>\n<meta property=\"og:description\" content=\"\u00c9pure, douceur et authenticit\u00e9 : le buffet Cala Blanca\u00a0incarne l\u2019\u00e9l\u00e9gance naturelle du design m\u00e9diterran\u00e9en contemporain. R\u00e9alis\u00e9 en\u00a0bois massif de ch\u00eane, il s\u00e9duit par ses lignes arrondies et son toucher velout\u00e9, qui \u00e9voquent la puret\u00e9 des int\u00e9rieurs ensoleill\u00e9s du sud. Ses\u00a0portes sans poign\u00e9es\u00a0\u00e0 ouverture\u00a0push-pull\u00a0soulignent la sobri\u00e9t\u00e9 de son dessin, tandis que ses\u00a0bords courb\u00e9s\u00a0adoucissent la silhouette du meuble. Avec ses\u00a0quatre grands espaces de rangement, Cala Blanca allie\u00a0fonctionnalit\u00e9 et esth\u00e9tisme, id\u00e9al pour un salon, une salle \u00e0 manger ou un espace ouvert sur la mer. Chaque d\u00e9tail \u2014 du veinage naturel du ch\u00eane \u00e0 la finition mate \u2014 t\u00e9moigne d\u2019un savoir-faire artisanal et d\u2019une recherche d\u2019\u00e9quilibre entre\u00a0forme et mati\u00e8re. Un meuble qui s\u2019int\u00e8gre aussi bien dans une\u00a0villa m\u00e9diterran\u00e9enne \u00e9pur\u00e9e\u00a0que dans un\u00a0int\u00e9rieur contemporain minimaliste.\" \/>\n<meta property=\"og:url\" content=\"https:\/\/homeproject.fr\/fr\/produit\/buffet-en-chene-massif-naturel-cala-blanca-l-180-cm\/\" \/>\n<meta property=\"og:site_name\" content=\"Homeproject.fr\" \/>\n<meta property=\"article:modified_time\" content=\"2025-11-04T12:01:22+00:00\" \/>\n<meta property=\"og:image\" content=\"https:\/\/homeproject.fr\/fr\/wp-content\/uploads\/2025\/11\/Buffet-4-portes-en-bois-massif-de-chene-au-design-arrondi-Cala-Blanca-ambiance-sejour.jpg\" \/>\n\t<meta property=\"og:image:width\" content=\"1500\" \/>\n\t<meta property=\"og:image:height\" content=\"1500\" \/>\n\t<meta property=\"og:image:type\" content=\"image\/jpeg\" \/>\n<meta name=\"twitter:card\" content=\"summary_large_image\" \/>\n<meta name=\"twitter:label1\" content=\"Dur\u00e9e de lecture estim\u00e9e\" \/>\n\t<meta name=\"twitter:data1\" content=\"1 minute\" \/>\n<script type=\"application\/ld+json\" class=\"yoast-schema-graph\">{\"@context\":\"https:\\\/\\\/schema.org\",\"@graph\":[{\"@type\":\"WebPage\",\"@id\":\"https:\\\/\\\/homeproject.fr\\\/fr\\\/produit\\\/buffet-en-chene-massif-naturel-cala-blanca-l-180-cm\\\/\",\"url\":\"https:\\\/\\\/homeproject.fr\\\/fr\\\/produit\\\/buffet-en-chene-massif-naturel-cala-blanca-l-180-cm\\\/\",\"name\":\"Buffet en ch\u00eane massif naturel CALA BLANCA L.180 cm - Homeproject.fr\",\"isPartOf\":{\"@id\":\"https:\\\/\\\/homeproject.fr\\\/fr\\\/#website\"},\"primaryImageOfPage\":{\"@id\":\"https:\\\/\\\/homeproject.fr\\\/fr\\\/produit\\\/buffet-en-chene-massif-naturel-cala-blanca-l-180-cm\\\/#primaryimage\"},\"image\":{\"@id\":\"https:\\\/\\\/homeproject.fr\\\/fr\\\/produit\\\/buffet-en-chene-massif-naturel-cala-blanca-l-180-cm\\\/#primaryimage\"},\"thumbnailUrl\":\"https:\\\/\\\/homeproject.fr\\\/fr\\\/wp-content\\\/uploads\\\/2025\\\/11\\\/Buffet-4-portes-en-bois-massif-de-chene-au-design-arrondi-Cala-Blanca-ambiance-sejour.jpg\",\"datePublished\":\"2025-11-04T11:55:14+00:00\",\"dateModified\":\"2025-11-04T12:01:22+00:00\",\"breadcrumb\":{\"@id\":\"https:\\\/\\\/homeproject.fr\\\/fr\\\/produit\\\/buffet-en-chene-massif-naturel-cala-blanca-l-180-cm\\\/#breadcrumb\"},\"inLanguage\":\"fr-FR\",\"potentialAction\":[{\"@type\":\"ReadAction\",\"target\":[\"https:\\\/\\\/homeproject.fr\\\/fr\\\/produit\\\/buffet-en-chene-massif-naturel-cala-blanca-l-180-cm\\\/\"]}]},{\"@type\":\"ImageObject\",\"inLanguage\":\"fr-FR\",\"@id\":\"https:\\\/\\\/homeproject.fr\\\/fr\\\/produit\\\/buffet-en-chene-massif-naturel-cala-blanca-l-180-cm\\\/#primaryimage\",\"url\":\"https:\\\/\\\/homeproject.fr\\\/fr\\\/wp-content\\\/uploads\\\/2025\\\/11\\\/Buffet-4-portes-en-bois-massif-de-chene-au-design-arrondi-Cala-Blanca-ambiance-sejour.jpg\",\"contentUrl\":\"https:\\\/\\\/homeproject.fr\\\/fr\\\/wp-content\\\/uploads\\\/2025\\\/11\\\/Buffet-4-portes-en-bois-massif-de-chene-au-design-arrondi-Cala-Blanca-ambiance-sejour.jpg\",\"width\":1500,\"height\":1500},{\"@type\":\"BreadcrumbList\",\"@id\":\"https:\\\/\\\/homeproject.fr\\\/fr\\\/produit\\\/buffet-en-chene-massif-naturel-cala-blanca-l-180-cm\\\/#breadcrumb\",\"itemListElement\":[{\"@type\":\"ListItem\",\"position\":1,\"name\":\"Accueil\",\"item\":\"https:\\\/\\\/homeproject.fr\\\/fr\\\/\"},{\"@type\":\"ListItem\",\"position\":2,\"name\":\"Boutique\",\"item\":\"https:\\\/\\\/homeproject.fr\\\/fr\\\/boutique\\\/\"},{\"@type\":\"ListItem\",\"position\":3,\"name\":\"Buffet en ch\u00eane massif naturel CALA BLANCA L.180 cm\"}]},{\"@type\":\"WebSite\",\"@id\":\"https:\\\/\\\/homeproject.fr\\\/fr\\\/#website\",\"url\":\"https:\\\/\\\/homeproject.fr\\\/fr\\\/\",\"name\":\"Homeproject.fr\",\"description\":\"Offrez l&#039;exceptionnel \u00e0 vos espaces \u00e0 vivre\",\"publisher\":{\"@id\":\"https:\\\/\\\/homeproject.fr\\\/fr\\\/#organization\"},\"potentialAction\":[{\"@type\":\"SearchAction\",\"target\":{\"@type\":\"EntryPoint\",\"urlTemplate\":\"https:\\\/\\\/homeproject.fr\\\/fr\\\/?s={search_term_string}\"},\"query-input\":{\"@type\":\"PropertyValueSpecification\",\"valueRequired\":true,\"valueName\":\"search_term_string\"}}],\"inLanguage\":\"fr-FR\"},{\"@type\":\"Organization\",\"@id\":\"https:\\\/\\\/homeproject.fr\\\/fr\\\/#organization\",\"name\":\"Homeproject.fr\",\"url\":\"https:\\\/\\\/homeproject.fr\\\/fr\\\/\",\"logo\":{\"@type\":\"ImageObject\",\"inLanguage\":\"fr-FR\",\"@id\":\"https:\\\/\\\/homeproject.fr\\\/fr\\\/#\\\/schema\\\/logo\\\/image\\\/\",\"url\":\"https:\\\/\\\/homeproject.fr\\\/fr\\\/wp-content\\\/uploads\\\/2024\\\/12\\\/Logo_HomeProject-noir-2.png\",\"contentUrl\":\"https:\\\/\\\/homeproject.fr\\\/fr\\\/wp-content\\\/uploads\\\/2024\\\/12\\\/Logo_HomeProject-noir-2.png\",\"width\":300,\"height\":91,\"caption\":\"Homeproject.fr\"},\"image\":{\"@id\":\"https:\\\/\\\/homeproject.fr\\\/fr\\\/#\\\/schema\\\/logo\\\/image\\\/\"}}]}<\/script>\n<!-- \/ Yoast SEO plugin. -->","yoast_head_json":{"title":"Buffet en ch\u00eane massif naturel CALA BLANCA L.180 cm - Homeproject.fr","robots":{"index":"index","follow":"follow","max-snippet":"max-snippet:-1","max-image-preview":"max-image-preview:large","max-video-preview":"max-video-preview:-1"},"canonical":"https:\/\/homeproject.fr\/fr\/produit\/buffet-en-chene-massif-naturel-cala-blanca-l-180-cm\/","og_locale":"fr_FR","og_type":"article","og_title":"Buffet en ch\u00eane massif naturel CALA BLANCA L.180 cm - Homeproject.fr","og_description":"\u00c9pure, douceur et authenticit\u00e9 : le buffet Cala Blanca\u00a0incarne l\u2019\u00e9l\u00e9gance naturelle du design m\u00e9diterran\u00e9en contemporain. R\u00e9alis\u00e9 en\u00a0bois massif de ch\u00eane, il s\u00e9duit par ses lignes arrondies et son toucher velout\u00e9, qui \u00e9voquent la puret\u00e9 des int\u00e9rieurs ensoleill\u00e9s du sud. Ses\u00a0portes sans poign\u00e9es\u00a0\u00e0 ouverture\u00a0push-pull\u00a0soulignent la sobri\u00e9t\u00e9 de son dessin, tandis que ses\u00a0bords courb\u00e9s\u00a0adoucissent la silhouette du meuble. Avec ses\u00a0quatre grands espaces de rangement, Cala Blanca allie\u00a0fonctionnalit\u00e9 et esth\u00e9tisme, id\u00e9al pour un salon, une salle \u00e0 manger ou un espace ouvert sur la mer. Chaque d\u00e9tail \u2014 du veinage naturel du ch\u00eane \u00e0 la finition mate \u2014 t\u00e9moigne d\u2019un savoir-faire artisanal et d\u2019une recherche d\u2019\u00e9quilibre entre\u00a0forme et mati\u00e8re. Un meuble qui s\u2019int\u00e8gre aussi bien dans une\u00a0villa m\u00e9diterran\u00e9enne \u00e9pur\u00e9e\u00a0que dans un\u00a0int\u00e9rieur contemporain minimaliste.","og_url":"https:\/\/homeproject.fr\/fr\/produit\/buffet-en-chene-massif-naturel-cala-blanca-l-180-cm\/","og_site_name":"Homeproject.fr","article_modified_time":"2025-11-04T12:01:22+00:00","og_image":[{"width":1500,"height":1500,"url":"https:\/\/homeproject.fr\/fr\/wp-content\/uploads\/2025\/11\/Buffet-4-portes-en-bois-massif-de-chene-au-design-arrondi-Cala-Blanca-ambiance-sejour.jpg","type":"image\/jpeg"}],"twitter_card":"summary_large_image","twitter_misc":{"Dur\u00e9e de lecture estim\u00e9e":"1 minute"},"schema":{"@context":"https:\/\/schema.org","@graph":[{"@type":"WebPage","@id":"https:\/\/homeproject.fr\/fr\/produit\/buffet-en-chene-massif-naturel-cala-blanca-l-180-cm\/","url":"https:\/\/homeproject.fr\/fr\/produit\/buffet-en-chene-massif-naturel-cala-blanca-l-180-cm\/","name":"Buffet en ch\u00eane massif naturel CALA BLANCA L.180 cm - Homeproject.fr","isPartOf":{"@id":"https:\/\/homeproject.fr\/fr\/#website"},"primaryImageOfPage":{"@id":"https:\/\/homeproject.fr\/fr\/produit\/buffet-en-chene-massif-naturel-cala-blanca-l-180-cm\/#primaryimage"},"image":{"@id":"https:\/\/homeproject.fr\/fr\/produit\/buffet-en-chene-massif-naturel-cala-blanca-l-180-cm\/#primaryimage"},"thumbnailUrl":"https:\/\/homeproject.fr\/fr\/wp-content\/uploads\/2025\/11\/Buffet-4-portes-en-bois-massif-de-chene-au-design-arrondi-Cala-Blanca-ambiance-sejour.jpg","datePublished":"2025-11-04T11:55:14+00:00","dateModified":"2025-11-04T12:01:22+00:00","breadcrumb":{"@id":"https:\/\/homeproject.fr\/fr\/produit\/buffet-en-chene-massif-naturel-cala-blanca-l-180-cm\/#breadcrumb"},"inLanguage":"fr-FR","potentialAction":[{"@type":"ReadAction","target":["https:\/\/homeproject.fr\/fr\/produit\/buffet-en-chene-massif-naturel-cala-blanca-l-180-cm\/"]}]},{"@type":"ImageObject","inLanguage":"fr-FR","@id":"https:\/\/homeproject.fr\/fr\/produit\/buffet-en-chene-massif-naturel-cala-blanca-l-180-cm\/#primaryimage","url":"https:\/\/homeproject.fr\/fr\/wp-content\/uploads\/2025\/11\/Buffet-4-portes-en-bois-massif-de-chene-au-design-arrondi-Cala-Blanca-ambiance-sejour.jpg","contentUrl":"https:\/\/homeproject.fr\/fr\/wp-content\/uploads\/2025\/11\/Buffet-4-portes-en-bois-massif-de-chene-au-design-arrondi-Cala-Blanca-ambiance-sejour.jpg","width":1500,"height":1500},{"@type":"BreadcrumbList","@id":"https:\/\/homeproject.fr\/fr\/produit\/buffet-en-chene-massif-naturel-cala-blanca-l-180-cm\/#breadcrumb","itemListElement":[{"@type":"ListItem","position":1,"name":"Accueil","item":"https:\/\/homeproject.fr\/fr\/"},{"@type":"ListItem","position":2,"name":"Boutique","item":"https:\/\/homeproject.fr\/fr\/boutique\/"},{"@type":"ListItem","position":3,"name":"Buffet en ch\u00eane massif naturel CALA BLANCA L.180 cm"}]},{"@type":"WebSite","@id":"https:\/\/homeproject.fr\/fr\/#website","url":"https:\/\/homeproject.fr\/fr\/","name":"Homeproject.fr","description":"Offrez l&#039;exceptionnel \u00e0 vos espaces \u00e0 vivre","publisher":{"@id":"https:\/\/homeproject.fr\/fr\/#organization"},"potentialAction":[{"@type":"SearchAction","target":{"@type":"EntryPoint","urlTemplate":"https:\/\/homeproject.fr\/fr\/?s={search_term_string}"},"query-input":{"@type":"PropertyValueSpecification","valueRequired":true,"valueName":"search_term_string"}}],"inLanguage":"fr-FR"},{"@type":"Organization","@id":"https:\/\/homeproject.fr\/fr\/#organization","name":"Homeproject.fr","url":"https:\/\/homeproject.fr\/fr\/","logo":{"@type":"ImageObject","inLanguage":"fr-FR","@id":"https:\/\/homeproject.fr\/fr\/#\/schema\/logo\/image\/","url":"https:\/\/homeproject.fr\/fr\/wp-content\/uploads\/2024\/12\/Logo_HomeProject-noir-2.png","contentUrl":"https:\/\/homeproject.fr\/fr\/wp-content\/uploads\/2024\/12\/Logo_HomeProject-noir-2.png","width":300,"height":91,"caption":"Homeproject.fr"},"image":{"@id":"https:\/\/homeproject.fr\/fr\/#\/schema\/logo\/image\/"}}]}},"_links":{"self":[{"href":"https:\/\/homeproject.fr\/fr\/wp-json\/wp\/v2\/product\/15547","targetHints":{"allow":["GET"]}}],"collection":[{"href":"https:\/\/homeproject.fr\/fr\/wp-json\/wp\/v2\/product"}],"about":[{"href":"https:\/\/homeproject.fr\/fr\/wp-json\/wp\/v2\/types\/product"}],"version-history":[{"count":1,"href":"https:\/\/homeproject.fr\/fr\/wp-json\/wp\/v2\/product\/15547\/revisions"}],"predecessor-version":[{"id":15560,"href":"https:\/\/homeproject.fr\/fr\/wp-json\/wp\/v2\/product\/15547\/revisions\/15560"}],"wp:featuredmedia":[{"embeddable":true,"href":"https:\/\/homeproject.fr\/fr\/wp-json\/wp\/v2\/media\/15548"}],"wp:attachment":[{"href":"https:\/\/homeproject.fr\/fr\/wp-json\/wp\/v2\/media?parent=15547"}],"wp:term":[{"taxonomy":"product_brand","embeddable":true,"href":"https:\/\/homeproject.fr\/fr\/wp-json\/wp\/v2\/product_brand?post=15547"},{"taxonomy":"product_cat","embeddable":true,"href":"https:\/\/homeproject.fr\/fr\/wp-json\/wp\/v2\/product_cat?post=15547"},{"taxonomy":"product_tag","embeddable":true,"href":"https:\/\/homeproject.fr\/fr\/wp-json\/wp\/v2\/product_tag?post=15547"}],"curies":[{"name":"wp","href":"https:\/\/api.w.org\/{rel}","templated":true}]}}