{"id":15509,"date":"2025-08-30T07:24:42","date_gmt":"2025-08-30T07:24:42","guid":{"rendered":"https:\/\/homeproject.fr\/fr\/?post_type=product&#038;p=15509"},"modified":"2025-08-30T07:37:37","modified_gmt":"2025-08-30T07:37:37","slug":"profile-en-bois-mutina-hives-lineare-et-terminale","status":"publish","type":"product","link":"https:\/\/homeproject.fr\/fr\/produit\/profile-en-bois-mutina-hives-lineare-et-terminale\/","title":{"rendered":"Profil\u00e9 en bois Mutina Hives \u2013 Lineare et Terminale"},"content":{"rendered":"<h2 data-start=\"1091\" data-end=\"1123\">Caract\u00e9ristiques techniques<\/h2>\n<ul data-start=\"1124\" data-end=\"1694\">\n<li data-start=\"1124\" data-end=\"1159\">\n<p data-start=\"1126\" data-end=\"1159\"><strong data-start=\"1126\" data-end=\"1141\">Fabricant :<\/strong> Mutina (Italie)<\/p>\n<\/li>\n<li data-start=\"1160\" data-end=\"1200\">\n<p data-start=\"1162\" data-end=\"1200\"><strong data-start=\"1162\" data-end=\"1178\">Collection :<\/strong> Hives \u2013 accessoires<\/p>\n<\/li>\n<li data-start=\"1201\" data-end=\"1236\">\n<p data-start=\"1203\" data-end=\"1236\"><strong data-start=\"1203\" data-end=\"1217\">Designer :<\/strong> Konstantin Grcic<\/p>\n<\/li>\n<li data-start=\"1237\" data-end=\"1295\">\n<p data-start=\"1239\" data-end=\"1295\"><strong data-start=\"1239\" data-end=\"1253\">Mat\u00e9riau :<\/strong> Bois de saule peint<\/p>\n<\/li>\n<li data-start=\"1296\" data-end=\"1344\">\n<p data-start=\"1298\" data-end=\"1344\"><strong data-start=\"1298\" data-end=\"1324\">Dimensions nominales :<\/strong> 12,5 \u00d7 300 \u00d7 4 cm<\/p>\n<\/li>\n<li data-start=\"1345\" data-end=\"1381\">\n<p data-start=\"1347\" data-end=\"1381\"><strong data-start=\"1347\" data-end=\"1367\">Poids unitaire :<\/strong> env. 8,7 kg<\/p>\n<\/li>\n<li data-start=\"1382\" data-end=\"1438\">\n<p data-start=\"1384\" data-end=\"1438\"><strong data-start=\"1384\" data-end=\"1401\">Utilisation :<\/strong> int\u00e9rieur et ext\u00e9rieur (sous abri)<\/p>\n<\/li>\n<li data-start=\"1439\" data-end=\"1654\">\n<p data-start=\"1441\" data-end=\"1458\"><strong data-start=\"1441\" data-end=\"1456\">Fonctions :<\/strong><\/p>\n<ul data-start=\"1461\" data-end=\"1654\">\n<li data-start=\"1461\" data-end=\"1547\">\n<p data-start=\"1463\" data-end=\"1547\"><strong data-start=\"1463\" data-end=\"1484\">Profil\u00e9 lineare :<\/strong> alignement des claustras Hives pour un rendu net et uniforme<\/p>\n<\/li>\n<li data-start=\"1550\" data-end=\"1654\">\n<p data-start=\"1552\" data-end=\"1654\"><strong data-start=\"1552\" data-end=\"1575\">Profil\u00e9 terminale :<\/strong> fixation et fermeture au plafond gr\u00e2ce \u00e0 sa structure fa\u00e7onn\u00e9e et d\u00e9montable<\/p>\n<\/li>\n<\/ul>\n<\/li>\n<li data-start=\"1655\" data-end=\"1694\">\n<p data-start=\"1657\" data-end=\"1694\"><strong data-start=\"1657\" data-end=\"1688\">Hauteur maximale de paroi :<\/strong> 4 m<\/p>\n<\/li>\n<\/ul>\n<h2 data-start=\"1696\" data-end=\"1729\">Avantages des profil\u00e9s Hives<\/h2>\n<ul data-start=\"1730\" data-end=\"2071\">\n<li data-start=\"1730\" data-end=\"1807\">\n<p data-start=\"1732\" data-end=\"1807\">Accessoires <strong data-start=\"1744\" data-end=\"1764\">officiels Mutina<\/strong>, garantissant une compatibilit\u00e9 parfaite<\/p>\n<\/li>\n<li data-start=\"1808\" data-end=\"1869\">\n<p data-start=\"1810\" data-end=\"1869\">Installation stable, pr\u00e9cise et durable des modules Hives<\/p>\n<\/li>\n<li data-start=\"1870\" data-end=\"1921\">\n<p data-start=\"1872\" data-end=\"1921\">Finition esth\u00e9tique haut de gamme en bois peint<\/p>\n<\/li>\n<li data-start=\"1922\" data-end=\"2003\">\n<p data-start=\"1924\" data-end=\"2003\">Conviennent aux <strong data-start=\"1940\" data-end=\"2001\">projets r\u00e9sidentiels, commerciaux, culturels et h\u00f4teliers<\/strong><\/p>\n<\/li>\n<li data-start=\"2004\" data-end=\"2071\">\n<p data-start=\"2006\" data-end=\"2071\">Adapt\u00e9s \u00e0 une utilisation en <strong data-start=\"2035\" data-end=\"2069\">int\u00e9rieur et ext\u00e9rieur prot\u00e9g\u00e9<\/strong><\/p>\n<\/li>\n<\/ul>\n<hr data-start=\"2324\" data-end=\"2327\" \/>\n<h2 data-start=\"1235\" data-end=\"1267\"><strong style=\"font-size: 1.875rem;\">Vous avez des questions ?<\/strong><\/h2>\n<style id=\"wpforms-css-vars-3675\">\n\t\t\t\t#wpforms-3675 {\n\t\t\t\t\n\t\t\t}\n\t\t\t<\/style><div class=\"wpforms-container wpforms-container-full wpforms-render-modern\" id=\"wpforms-3675\"><form id=\"wpforms-form-3675\" class=\"wpforms-validate wpforms-form wpforms-ajax-form\" data-formid=\"3675\" method=\"post\" enctype=\"multipart\/form-data\" action=\"\/fr\/wp-json\/wp\/v2\/product\/15509\" data-token=\"9d579c4fe014830de7f99f3dcbfaaa07\" data-token-time=\"1777530008\"><noscript class=\"wpforms-error-noscript\">Veuillez activer JavaScript dans votre navigateur pour remplir ce formulaire.<\/noscript><div id=\"wpforms-error-noscript\" style=\"display: none;\">Veuillez activer JavaScript dans votre navigateur pour remplir ce formulaire.<\/div><div class=\"wpforms-field-container\">\t\t<div id=\"wpforms-3675-field_1-container\"\n\t\t\tclass=\"wpforms-field wpforms-field-text\"\n\t\t\tdata-field-type=\"text\"\n\t\t\tdata-field-id=\"1\"\n\t\t\t>\n\t\t\t<label class=\"wpforms-field-label\" for=\"wpforms-3675-field_1\" >E-mail Nom Message<\/label>\n\t\t\t<input type=\"text\" id=\"wpforms-3675-field_1\" class=\"wpforms-field-medium\" name=\"wpforms[fields][1]\" >\n\t\t<\/div>\n\t\t<div id=\"wpforms-3675-field_3-container\" class=\"wpforms-field wpforms-field-name\" data-field-id=\"3\"><fieldset><legend class=\"wpforms-field-label\">Nom <span class=\"wpforms-required-label\" aria-hidden=\"true\">*<\/span><\/legend><div class=\"wpforms-field-row wpforms-field-medium\"><div class=\"wpforms-field-row-block wpforms-first wpforms-one-half\"><input type=\"text\" id=\"wpforms-3675-field_3\" class=\"wpforms-field-name-first wpforms-field-required\" name=\"wpforms[fields][3][first]\" aria-errormessage=\"wpforms-3675-field_3-error\" required><label for=\"wpforms-3675-field_3\" class=\"wpforms-field-sublabel after\">Pr\u00e9nom<\/label><\/div><div class=\"wpforms-field-row-block wpforms-one-half\"><input type=\"text\" id=\"wpforms-3675-field_3-last\" class=\"wpforms-field-name-last wpforms-field-required\" name=\"wpforms[fields][3][last]\" aria-errormessage=\"wpforms-3675-field_3-last-error\" required><label for=\"wpforms-3675-field_3-last\" class=\"wpforms-field-sublabel after\">Nom<\/label><\/div><\/div><\/fieldset><\/div><div id=\"wpforms-3675-field_4-container\" class=\"wpforms-field wpforms-field-email\" data-field-id=\"4\"><label class=\"wpforms-field-label\" for=\"wpforms-3675-field_4\">E-mail <span class=\"wpforms-required-label\" aria-hidden=\"true\">*<\/span><\/label><input type=\"email\" id=\"wpforms-3675-field_4\" class=\"wpforms-field-medium wpforms-field-required\" name=\"wpforms[fields][4]\" spellcheck=\"false\" aria-errormessage=\"wpforms-3675-field_4-error\" required><\/div><div id=\"wpforms-3675-field_5-container\" class=\"wpforms-field wpforms-field-textarea\" data-field-id=\"5\"><label class=\"wpforms-field-label\" for=\"wpforms-3675-field_5\">Message <span class=\"wpforms-required-label\" aria-hidden=\"true\">*<\/span><\/label><textarea id=\"wpforms-3675-field_5\" class=\"wpforms-field-medium wpforms-field-required\" name=\"wpforms[fields][5]\" aria-errormessage=\"wpforms-3675-field_5-error\" required><\/textarea><\/div><script>\n\t\t\t\t( function() {\n\t\t\t\t\tconst style = document.createElement( 'style' );\n\t\t\t\t\tstyle.appendChild( document.createTextNode( '#wpforms-3675-field_1-container { position: absolute !important; overflow: hidden !important; display: inline !important; height: 1px !important; width: 1px !important; z-index: -1000 !important; padding: 0 !important; } #wpforms-3675-field_1-container input { visibility: hidden; } #wpforms-conversational-form-page #wpforms-3675-field_1-container label { counter-increment: none; }' ) );\n\t\t\t\t\tdocument.head.appendChild( style );\n\t\t\t\t\tdocument.currentScript?.remove();\n\t\t\t\t} )();\n\t\t\t<\/script><\/div><!-- .wpforms-field-container --><div class=\"wpforms-submit-container\" ><input type=\"hidden\" name=\"wpforms[id]\" value=\"3675\"><input type=\"hidden\" name=\"page_title\" value=\"\"><input type=\"hidden\" name=\"page_url\" value=\"https:\/\/homeproject.fr\/fr\/wp-json\/wp\/v2\/product\/15509\"><input type=\"hidden\" name=\"url_referer\" value=\"\"><button type=\"submit\" name=\"wpforms[submit]\" id=\"wpforms-submit-3675\" class=\"wpforms-submit\" data-alt-text=\"Envoi...\" data-submit-text=\"Envoyer\" aria-live=\"assertive\" value=\"wpforms-submit\">Envoyer<\/button><img decoding=\"async\" src=\"https:\/\/homeproject.fr\/fr\/wp-content\/plugins\/wpforms-lite\/assets\/images\/submit-spin.svg\" class=\"wpforms-submit-spinner\" style=\"display: none;\" width=\"26\" height=\"26\" alt=\"Chargement en cours\"><\/div><\/form><\/div>  <!-- .wpforms-container -->\n","protected":false},"excerpt":{"rendered":"<p data-start=\"257\" data-end=\"343\"><strong data-start=\"257\" data-end=\"343\">La solution id\u00e9ale pour une installation parfaite et \u00e9l\u00e9gante des claustras Hives.<\/strong><\/p>\n<p data-start=\"373\" data-end=\"720\">Les <strong data-start=\"377\" data-end=\"402\">profil\u00e9s Mutina Hives<\/strong> \u2013 propos\u00e9s en version <strong data-start=\"425\" data-end=\"447\">lineare (lin\u00e9aire)<\/strong> et <strong data-start=\"451\" data-end=\"471\">terminale (haut)<\/strong> \u2013 sont des accessoires indispensables \u00e0 la pose des claustras <strong data-start=\"534\" data-end=\"550\">Mutina Hives<\/strong>, design <strong data-start=\"559\" data-end=\"579\">Konstantin Grcic<\/strong>. R\u00e9alis\u00e9s en <strong data-start=\"593\" data-end=\"627\">bois peint (saule verni)<\/strong>, ils sont con\u00e7us pour garantir une installation stable, durable et esth\u00e9tiquement soign\u00e9e.<\/p>\n<p data-start=\"722\" data-end=\"1089\">Le <strong data-start=\"725\" data-end=\"744\">profil\u00e9 lineare<\/strong> permet d\u2019aligner les modules Hives et d\u2019assurer une pose parfaitement r\u00e9guli\u00e8re. Le <strong data-start=\"829\" data-end=\"850\">profil\u00e9 terminale<\/strong>, quant \u00e0 lui, est dot\u00e9 d\u2019une extr\u00e9mit\u00e9 fa\u00e7onn\u00e9e et d\u2019un c\u00f4t\u00e9 amovible qui facilite la <strong data-start=\"937\" data-end=\"961\">fermeture au plafond<\/strong>. Ces \u00e9l\u00e9ments sont adapt\u00e9s aussi bien aux <strong data-start=\"1004\" data-end=\"1028\">espaces r\u00e9sidentiels<\/strong> qu\u2019aux <strong data-start=\"1036\" data-end=\"1086\">projets commerciaux et h\u00f4teliers haut de gamme<\/strong>.<\/p>\n","protected":false},"featured_media":15520,"template":"","meta":{"_uf_show_specific_survey":0,"_uf_disable_surveys":false,"iawp_total_views":18},"product_brand":[620],"product_cat":[20,194],"product_tag":[],"class_list":{"0":"post-15509","1":"product","2":"type-product","3":"status-publish","4":"has-post-thumbnail","6":"product_brand-mutina","7":"product_cat-carrelage","8":"product_cat-claustras","9":"product_shipping_class-carrelage","10":"pa_collection-hives-par-mutina","11":"pa_designer-konstantin-grcic","12":"pa_effet-claustra","13":"pa_marque-mutina","15":"first","16":"instock","17":"taxable","18":"shipping-taxable","19":"purchasable","20":"product-type-variable"},"yoast_head":"<!-- This site is optimized with the Yoast SEO plugin v27.5 - https:\/\/yoast.com\/product\/yoast-seo-wordpress\/ -->\n<title>Profil\u00e9 en bois Mutina Hives \u2013 Lineare et Terminale - Homeproject.fr<\/title>\n<meta name=\"robots\" content=\"index, follow, max-snippet:-1, max-image-preview:large, max-video-preview:-1\" \/>\n<link rel=\"canonical\" href=\"https:\/\/homeproject.fr\/fr\/produit\/profile-en-bois-mutina-hives-lineare-et-terminale\/\" \/>\n<meta property=\"og:locale\" content=\"fr_FR\" \/>\n<meta property=\"og:type\" content=\"article\" \/>\n<meta property=\"og:title\" content=\"Profil\u00e9 en bois Mutina Hives \u2013 Lineare et Terminale - Homeproject.fr\" \/>\n<meta property=\"og:description\" content=\"La solution id\u00e9ale pour une installation parfaite et \u00e9l\u00e9gante des claustras Hives. Les profil\u00e9s Mutina Hives \u2013 propos\u00e9s en version lineare (lin\u00e9aire) et terminale (haut) \u2013 sont des accessoires indispensables \u00e0 la pose des claustras Mutina Hives, design Konstantin Grcic. R\u00e9alis\u00e9s en bois peint (saule verni), ils sont con\u00e7us pour garantir une installation stable, durable et esth\u00e9tiquement soign\u00e9e. Le profil\u00e9 lineare permet d\u2019aligner les modules Hives et d\u2019assurer une pose parfaitement r\u00e9guli\u00e8re. Le profil\u00e9 terminale, quant \u00e0 lui, est dot\u00e9 d\u2019une extr\u00e9mit\u00e9 fa\u00e7onn\u00e9e et d\u2019un c\u00f4t\u00e9 amovible qui facilite la fermeture au plafond. Ces \u00e9l\u00e9ments sont adapt\u00e9s aussi bien aux espaces r\u00e9sidentiels qu\u2019aux projets commerciaux et h\u00f4teliers haut de gamme.\" \/>\n<meta property=\"og:url\" content=\"https:\/\/homeproject.fr\/fr\/produit\/profile-en-bois-mutina-hives-lineare-et-terminale\/\" \/>\n<meta property=\"og:site_name\" content=\"Homeproject.fr\" \/>\n<meta property=\"article:modified_time\" content=\"2025-08-30T07:37:37+00:00\" \/>\n<meta property=\"og:image\" content=\"https:\/\/homeproject.fr\/fr\/wp-content\/uploads\/2025\/08\/Profile-Hives.jpg\" \/>\n\t<meta property=\"og:image:width\" content=\"601\" \/>\n\t<meta property=\"og:image:height\" content=\"601\" \/>\n\t<meta property=\"og:image:type\" content=\"image\/jpeg\" \/>\n<meta name=\"twitter:card\" content=\"summary_large_image\" \/>\n<meta name=\"twitter:label1\" content=\"Dur\u00e9e de lecture estim\u00e9e\" \/>\n\t<meta name=\"twitter:data1\" content=\"1 minute\" \/>\n<script type=\"application\/ld+json\" class=\"yoast-schema-graph\">{\"@context\":\"https:\\\/\\\/schema.org\",\"@graph\":[{\"@type\":\"WebPage\",\"@id\":\"https:\\\/\\\/homeproject.fr\\\/fr\\\/produit\\\/profile-en-bois-mutina-hives-lineare-et-terminale\\\/\",\"url\":\"https:\\\/\\\/homeproject.fr\\\/fr\\\/produit\\\/profile-en-bois-mutina-hives-lineare-et-terminale\\\/\",\"name\":\"Profil\u00e9 en bois Mutina Hives \u2013 Lineare et Terminale - Homeproject.fr\",\"isPartOf\":{\"@id\":\"https:\\\/\\\/homeproject.fr\\\/fr\\\/#website\"},\"primaryImageOfPage\":{\"@id\":\"https:\\\/\\\/homeproject.fr\\\/fr\\\/produit\\\/profile-en-bois-mutina-hives-lineare-et-terminale\\\/#primaryimage\"},\"image\":{\"@id\":\"https:\\\/\\\/homeproject.fr\\\/fr\\\/produit\\\/profile-en-bois-mutina-hives-lineare-et-terminale\\\/#primaryimage\"},\"thumbnailUrl\":\"https:\\\/\\\/homeproject.fr\\\/fr\\\/wp-content\\\/uploads\\\/2025\\\/08\\\/Profile-Hives.jpg\",\"datePublished\":\"2025-08-30T07:24:42+00:00\",\"dateModified\":\"2025-08-30T07:37:37+00:00\",\"breadcrumb\":{\"@id\":\"https:\\\/\\\/homeproject.fr\\\/fr\\\/produit\\\/profile-en-bois-mutina-hives-lineare-et-terminale\\\/#breadcrumb\"},\"inLanguage\":\"fr-FR\",\"potentialAction\":[{\"@type\":\"ReadAction\",\"target\":[\"https:\\\/\\\/homeproject.fr\\\/fr\\\/produit\\\/profile-en-bois-mutina-hives-lineare-et-terminale\\\/\"]}]},{\"@type\":\"ImageObject\",\"inLanguage\":\"fr-FR\",\"@id\":\"https:\\\/\\\/homeproject.fr\\\/fr\\\/produit\\\/profile-en-bois-mutina-hives-lineare-et-terminale\\\/#primaryimage\",\"url\":\"https:\\\/\\\/homeproject.fr\\\/fr\\\/wp-content\\\/uploads\\\/2025\\\/08\\\/Profile-Hives.jpg\",\"contentUrl\":\"https:\\\/\\\/homeproject.fr\\\/fr\\\/wp-content\\\/uploads\\\/2025\\\/08\\\/Profile-Hives.jpg\",\"width\":601,\"height\":601},{\"@type\":\"BreadcrumbList\",\"@id\":\"https:\\\/\\\/homeproject.fr\\\/fr\\\/produit\\\/profile-en-bois-mutina-hives-lineare-et-terminale\\\/#breadcrumb\",\"itemListElement\":[{\"@type\":\"ListItem\",\"position\":1,\"name\":\"Accueil\",\"item\":\"https:\\\/\\\/homeproject.fr\\\/fr\\\/\"},{\"@type\":\"ListItem\",\"position\":2,\"name\":\"Boutique\",\"item\":\"https:\\\/\\\/homeproject.fr\\\/fr\\\/boutique\\\/\"},{\"@type\":\"ListItem\",\"position\":3,\"name\":\"Profil\u00e9 en bois Mutina Hives \u2013 Lineare et Terminale\"}]},{\"@type\":\"WebSite\",\"@id\":\"https:\\\/\\\/homeproject.fr\\\/fr\\\/#website\",\"url\":\"https:\\\/\\\/homeproject.fr\\\/fr\\\/\",\"name\":\"Homeproject.fr\",\"description\":\"Offrez l&#039;exceptionnel \u00e0 vos espaces \u00e0 vivre\",\"publisher\":{\"@id\":\"https:\\\/\\\/homeproject.fr\\\/fr\\\/#organization\"},\"potentialAction\":[{\"@type\":\"SearchAction\",\"target\":{\"@type\":\"EntryPoint\",\"urlTemplate\":\"https:\\\/\\\/homeproject.fr\\\/fr\\\/?s={search_term_string}\"},\"query-input\":{\"@type\":\"PropertyValueSpecification\",\"valueRequired\":true,\"valueName\":\"search_term_string\"}}],\"inLanguage\":\"fr-FR\"},{\"@type\":\"Organization\",\"@id\":\"https:\\\/\\\/homeproject.fr\\\/fr\\\/#organization\",\"name\":\"Homeproject.fr\",\"url\":\"https:\\\/\\\/homeproject.fr\\\/fr\\\/\",\"logo\":{\"@type\":\"ImageObject\",\"inLanguage\":\"fr-FR\",\"@id\":\"https:\\\/\\\/homeproject.fr\\\/fr\\\/#\\\/schema\\\/logo\\\/image\\\/\",\"url\":\"https:\\\/\\\/homeproject.fr\\\/fr\\\/wp-content\\\/uploads\\\/2024\\\/12\\\/Logo_HomeProject-noir-2.png\",\"contentUrl\":\"https:\\\/\\\/homeproject.fr\\\/fr\\\/wp-content\\\/uploads\\\/2024\\\/12\\\/Logo_HomeProject-noir-2.png\",\"width\":300,\"height\":91,\"caption\":\"Homeproject.fr\"},\"image\":{\"@id\":\"https:\\\/\\\/homeproject.fr\\\/fr\\\/#\\\/schema\\\/logo\\\/image\\\/\"}}]}<\/script>\n<!-- \/ Yoast SEO plugin. -->","yoast_head_json":{"title":"Profil\u00e9 en bois Mutina Hives \u2013 Lineare et Terminale - Homeproject.fr","robots":{"index":"index","follow":"follow","max-snippet":"max-snippet:-1","max-image-preview":"max-image-preview:large","max-video-preview":"max-video-preview:-1"},"canonical":"https:\/\/homeproject.fr\/fr\/produit\/profile-en-bois-mutina-hives-lineare-et-terminale\/","og_locale":"fr_FR","og_type":"article","og_title":"Profil\u00e9 en bois Mutina Hives \u2013 Lineare et Terminale - Homeproject.fr","og_description":"La solution id\u00e9ale pour une installation parfaite et \u00e9l\u00e9gante des claustras Hives. Les profil\u00e9s Mutina Hives \u2013 propos\u00e9s en version lineare (lin\u00e9aire) et terminale (haut) \u2013 sont des accessoires indispensables \u00e0 la pose des claustras Mutina Hives, design Konstantin Grcic. R\u00e9alis\u00e9s en bois peint (saule verni), ils sont con\u00e7us pour garantir une installation stable, durable et esth\u00e9tiquement soign\u00e9e. Le profil\u00e9 lineare permet d\u2019aligner les modules Hives et d\u2019assurer une pose parfaitement r\u00e9guli\u00e8re. Le profil\u00e9 terminale, quant \u00e0 lui, est dot\u00e9 d\u2019une extr\u00e9mit\u00e9 fa\u00e7onn\u00e9e et d\u2019un c\u00f4t\u00e9 amovible qui facilite la fermeture au plafond. Ces \u00e9l\u00e9ments sont adapt\u00e9s aussi bien aux espaces r\u00e9sidentiels qu\u2019aux projets commerciaux et h\u00f4teliers haut de gamme.","og_url":"https:\/\/homeproject.fr\/fr\/produit\/profile-en-bois-mutina-hives-lineare-et-terminale\/","og_site_name":"Homeproject.fr","article_modified_time":"2025-08-30T07:37:37+00:00","og_image":[{"width":601,"height":601,"url":"https:\/\/homeproject.fr\/fr\/wp-content\/uploads\/2025\/08\/Profile-Hives.jpg","type":"image\/jpeg"}],"twitter_card":"summary_large_image","twitter_misc":{"Dur\u00e9e de lecture estim\u00e9e":"1 minute"},"schema":{"@context":"https:\/\/schema.org","@graph":[{"@type":"WebPage","@id":"https:\/\/homeproject.fr\/fr\/produit\/profile-en-bois-mutina-hives-lineare-et-terminale\/","url":"https:\/\/homeproject.fr\/fr\/produit\/profile-en-bois-mutina-hives-lineare-et-terminale\/","name":"Profil\u00e9 en bois Mutina Hives \u2013 Lineare et Terminale - Homeproject.fr","isPartOf":{"@id":"https:\/\/homeproject.fr\/fr\/#website"},"primaryImageOfPage":{"@id":"https:\/\/homeproject.fr\/fr\/produit\/profile-en-bois-mutina-hives-lineare-et-terminale\/#primaryimage"},"image":{"@id":"https:\/\/homeproject.fr\/fr\/produit\/profile-en-bois-mutina-hives-lineare-et-terminale\/#primaryimage"},"thumbnailUrl":"https:\/\/homeproject.fr\/fr\/wp-content\/uploads\/2025\/08\/Profile-Hives.jpg","datePublished":"2025-08-30T07:24:42+00:00","dateModified":"2025-08-30T07:37:37+00:00","breadcrumb":{"@id":"https:\/\/homeproject.fr\/fr\/produit\/profile-en-bois-mutina-hives-lineare-et-terminale\/#breadcrumb"},"inLanguage":"fr-FR","potentialAction":[{"@type":"ReadAction","target":["https:\/\/homeproject.fr\/fr\/produit\/profile-en-bois-mutina-hives-lineare-et-terminale\/"]}]},{"@type":"ImageObject","inLanguage":"fr-FR","@id":"https:\/\/homeproject.fr\/fr\/produit\/profile-en-bois-mutina-hives-lineare-et-terminale\/#primaryimage","url":"https:\/\/homeproject.fr\/fr\/wp-content\/uploads\/2025\/08\/Profile-Hives.jpg","contentUrl":"https:\/\/homeproject.fr\/fr\/wp-content\/uploads\/2025\/08\/Profile-Hives.jpg","width":601,"height":601},{"@type":"BreadcrumbList","@id":"https:\/\/homeproject.fr\/fr\/produit\/profile-en-bois-mutina-hives-lineare-et-terminale\/#breadcrumb","itemListElement":[{"@type":"ListItem","position":1,"name":"Accueil","item":"https:\/\/homeproject.fr\/fr\/"},{"@type":"ListItem","position":2,"name":"Boutique","item":"https:\/\/homeproject.fr\/fr\/boutique\/"},{"@type":"ListItem","position":3,"name":"Profil\u00e9 en bois Mutina Hives \u2013 Lineare et Terminale"}]},{"@type":"WebSite","@id":"https:\/\/homeproject.fr\/fr\/#website","url":"https:\/\/homeproject.fr\/fr\/","name":"Homeproject.fr","description":"Offrez l&#039;exceptionnel \u00e0 vos espaces \u00e0 vivre","publisher":{"@id":"https:\/\/homeproject.fr\/fr\/#organization"},"potentialAction":[{"@type":"SearchAction","target":{"@type":"EntryPoint","urlTemplate":"https:\/\/homeproject.fr\/fr\/?s={search_term_string}"},"query-input":{"@type":"PropertyValueSpecification","valueRequired":true,"valueName":"search_term_string"}}],"inLanguage":"fr-FR"},{"@type":"Organization","@id":"https:\/\/homeproject.fr\/fr\/#organization","name":"Homeproject.fr","url":"https:\/\/homeproject.fr\/fr\/","logo":{"@type":"ImageObject","inLanguage":"fr-FR","@id":"https:\/\/homeproject.fr\/fr\/#\/schema\/logo\/image\/","url":"https:\/\/homeproject.fr\/fr\/wp-content\/uploads\/2024\/12\/Logo_HomeProject-noir-2.png","contentUrl":"https:\/\/homeproject.fr\/fr\/wp-content\/uploads\/2024\/12\/Logo_HomeProject-noir-2.png","width":300,"height":91,"caption":"Homeproject.fr"},"image":{"@id":"https:\/\/homeproject.fr\/fr\/#\/schema\/logo\/image\/"}}]}},"_links":{"self":[{"href":"https:\/\/homeproject.fr\/fr\/wp-json\/wp\/v2\/product\/15509","targetHints":{"allow":["GET"]}}],"collection":[{"href":"https:\/\/homeproject.fr\/fr\/wp-json\/wp\/v2\/product"}],"about":[{"href":"https:\/\/homeproject.fr\/fr\/wp-json\/wp\/v2\/types\/product"}],"version-history":[{"count":2,"href":"https:\/\/homeproject.fr\/fr\/wp-json\/wp\/v2\/product\/15509\/revisions"}],"predecessor-version":[{"id":15524,"href":"https:\/\/homeproject.fr\/fr\/wp-json\/wp\/v2\/product\/15509\/revisions\/15524"}],"wp:featuredmedia":[{"embeddable":true,"href":"https:\/\/homeproject.fr\/fr\/wp-json\/wp\/v2\/media\/15520"}],"wp:attachment":[{"href":"https:\/\/homeproject.fr\/fr\/wp-json\/wp\/v2\/media?parent=15509"}],"wp:term":[{"taxonomy":"product_brand","embeddable":true,"href":"https:\/\/homeproject.fr\/fr\/wp-json\/wp\/v2\/product_brand?post=15509"},{"taxonomy":"product_cat","embeddable":true,"href":"https:\/\/homeproject.fr\/fr\/wp-json\/wp\/v2\/product_cat?post=15509"},{"taxonomy":"product_tag","embeddable":true,"href":"https:\/\/homeproject.fr\/fr\/wp-json\/wp\/v2\/product_tag?post=15509"}],"curies":[{"name":"wp","href":"https:\/\/api.w.org\/{rel}","templated":true}]}}