{"id":15487,"date":"2025-08-29T15:35:32","date_gmt":"2025-08-29T15:35:32","guid":{"rendered":"https:\/\/homeproject.fr\/fr\/?post_type=product&#038;p=15487"},"modified":"2025-08-29T15:44:11","modified_gmt":"2025-08-29T15:44:11","slug":"claustra-mutina-hives-design-konstantin-grcic","status":"publish","type":"product","link":"https:\/\/homeproject.fr\/fr\/produit\/claustra-mutina-hives-design-konstantin-grcic\/","title":{"rendered":"Claustra Mutina Hives Natural \u2013 Design Konstantin Grcic"},"content":{"rendered":"<h2 data-start=\"1156\" data-end=\"1188\">Caract\u00e9ristiques techniques<\/h2>\n<ul data-start=\"1189\" data-end=\"1904\">\n<li data-start=\"1189\" data-end=\"1239\">\n<p data-start=\"1191\" data-end=\"1239\"><strong data-start=\"1191\" data-end=\"1205\">Designer :<\/strong> Konstantin Grcic (Mutina, 2022)<\/p>\n<\/li>\n<li data-start=\"1240\" data-end=\"1266\">\n<p data-start=\"1242\" data-end=\"1266\"><strong data-start=\"1242\" data-end=\"1258\">Collection :<\/strong> Hives<\/p>\n<\/li>\n<li data-start=\"1267\" data-end=\"1317\">\n<p data-start=\"1269\" data-end=\"1317\"><strong data-start=\"1269\" data-end=\"1283\">Mat\u00e9riau :<\/strong> Terre cuite extrud\u00e9e artisanale<\/p>\n<\/li>\n<li data-start=\"1318\" data-end=\"1379\">\n<p data-start=\"1320\" data-end=\"1379\"><strong data-start=\"1320\" data-end=\"1344\">Couleur &amp; finition :<\/strong> Naturel (terre cuite orange, mat)<\/p>\n<\/li>\n<li data-start=\"1380\" data-end=\"1427\">\n<p data-start=\"1382\" data-end=\"1427\"><strong data-start=\"1382\" data-end=\"1408\">Dimensions nominales :<\/strong> 13 \u00d7 22,5 \u00d7 7 cm<\/p>\n<\/li>\n<li data-start=\"1428\" data-end=\"1465\">\n<p data-start=\"1430\" data-end=\"1465\"><strong data-start=\"1430\" data-end=\"1450\">Poids unitaire :<\/strong> env. 2,99 kg<\/p>\n<\/li>\n<li data-start=\"1466\" data-end=\"1594\">\n<p data-start=\"1468\" data-end=\"1594\"><strong data-start=\"1468\" data-end=\"1485\">Utilisation :<\/strong> Int\u00e9rieur et ext\u00e9rieur (uniquement sous abri) \u2013 conforme \u00e0 la norme UNI EN 772-22 (F1, exposition mod\u00e9r\u00e9e)<\/p>\n<\/li>\n<li data-start=\"1595\" data-end=\"1704\">\n<p data-start=\"1597\" data-end=\"1704\"><strong data-start=\"1597\" data-end=\"1618\">Poses possibles :<\/strong> verticale (claustras et parois ajour\u00e9es) ou horizontale (murs, colonnes, comptoirs)<\/p>\n<\/li>\n<li data-start=\"1705\" data-end=\"1862\">\n<p data-start=\"1707\" data-end=\"1727\"><strong data-start=\"1707\" data-end=\"1725\">Consommation :<\/strong><\/p>\n<ul data-start=\"1730\" data-end=\"1862\">\n<li data-start=\"1730\" data-end=\"1788\">\n<p data-start=\"1732\" data-end=\"1788\">Pose verticale : env. 30 \u00e0 45 pi\u00e8ces \/ m\u00b2 selon sch\u00e9ma<\/p>\n<\/li>\n<li data-start=\"1791\" data-end=\"1862\">\n<p data-start=\"1793\" data-end=\"1862\">Pose horizontale : possibilit\u00e9 de cr\u00e9er <strong data-start=\"1833\" data-end=\"1860\">murs courbes d\u00e9coratifs<\/strong><\/p>\n<\/li>\n<\/ul>\n<\/li>\n<li data-start=\"1863\" data-end=\"1904\">\n<p data-start=\"1865\" data-end=\"1904\"><strong data-start=\"1865\" data-end=\"1898\">Hauteur maximale conseill\u00e9e :<\/strong> 4 m<\/p>\n<\/li>\n<\/ul>\n<h2 data-start=\"1906\" data-end=\"1939\">Points forts du Mutina Hives<\/h2>\n<ul data-start=\"1940\" data-end=\"2306\">\n<li data-start=\"1940\" data-end=\"1999\">\n<p data-start=\"1942\" data-end=\"1999\">Design <strong data-start=\"1949\" data-end=\"1974\">innovant et modulable<\/strong> sign\u00e9 Konstantin Grcic<\/p>\n<\/li>\n<li data-start=\"2000\" data-end=\"2068\">\n<p data-start=\"2002\" data-end=\"2068\">Forme hexagonale inspir\u00e9e de la <strong data-start=\"2034\" data-end=\"2066\">nature (alv\u00e9oles d\u2019abeilles)<\/strong><\/p>\n<\/li>\n<li data-start=\"2069\" data-end=\"2136\">\n<p data-start=\"2071\" data-end=\"2136\">Production artisanale italienne en terre cuite de haute qualit\u00e9<\/p>\n<\/li>\n<li data-start=\"2137\" data-end=\"2227\">\n<p data-start=\"2139\" data-end=\"2227\">Adapt\u00e9 aux <strong data-start=\"2150\" data-end=\"2225\">cloisons, colonnes, banques d\u2019accueil, comptoirs et \u00e9l\u00e9ments d\u00e9coratifs<\/strong><\/p>\n<\/li>\n<li data-start=\"2228\" data-end=\"2306\">\n<p data-start=\"2230\" data-end=\"2306\">Convient aux <strong data-start=\"2243\" data-end=\"2304\">projets r\u00e9sidentiels, commerciaux, culturels et h\u00f4teliers<\/strong><\/p>\n<\/li>\n<\/ul>\n<h2 data-start=\"2308\" data-end=\"2325\">Applications<\/h2>\n<ul data-start=\"2326\" data-end=\"2628\">\n<li data-start=\"2326\" data-end=\"2390\">\n<p data-start=\"2328\" data-end=\"2390\"><strong data-start=\"2328\" data-end=\"2364\">Cloisons d\u00e9coratives int\u00e9rieures<\/strong> aux motifs g\u00e9om\u00e9triques<\/p>\n<\/li>\n<li data-start=\"2391\" data-end=\"2467\">\n<p data-start=\"2393\" data-end=\"2467\"><strong data-start=\"2393\" data-end=\"2425\">S\u00e9parateurs d\u2019espaces design<\/strong> dans un salon, un bureau ou un showroom<\/p>\n<\/li>\n<li data-start=\"2468\" data-end=\"2538\">\n<p data-start=\"2470\" data-end=\"2538\"><strong data-start=\"2470\" data-end=\"2514\">Murs ajour\u00e9s ou colonnes architecturales<\/strong> au style contemporain<\/p>\n<\/li>\n<li data-start=\"2539\" data-end=\"2628\">\n<p data-start=\"2541\" data-end=\"2628\"><strong data-start=\"2541\" data-end=\"2582\">Comptoirs et structures d\u2019ameublement<\/strong> pour h\u00f4tels, restaurants et espaces publics<\/p>\n<\/li>\n<\/ul>\n<h2 data-start=\"1160\" data-end=\"1190\"><strong style=\"font-size: 1.875rem;\">Vous avez des questions ?<\/strong><\/h2>\n<style id=\"wpforms-css-vars-3675\">\n\t\t\t\t#wpforms-3675 {\n\t\t\t\t\n\t\t\t}\n\t\t\t<\/style><div class=\"wpforms-container wpforms-container-full wpforms-render-modern\" id=\"wpforms-3675\"><form id=\"wpforms-form-3675\" class=\"wpforms-validate wpforms-form wpforms-ajax-form\" data-formid=\"3675\" method=\"post\" enctype=\"multipart\/form-data\" action=\"\/fr\/wp-json\/wp\/v2\/product\/15487\" data-token=\"9d579c4fe014830de7f99f3dcbfaaa07\" data-token-time=\"1777525495\"><noscript class=\"wpforms-error-noscript\">Veuillez activer JavaScript dans votre navigateur pour remplir ce formulaire.<\/noscript><div id=\"wpforms-error-noscript\" style=\"display: none;\">Veuillez activer JavaScript dans votre navigateur pour remplir ce formulaire.<\/div><div class=\"wpforms-field-container\"><div id=\"wpforms-3675-field_3-container\" class=\"wpforms-field wpforms-field-name\" data-field-id=\"3\"><fieldset><legend class=\"wpforms-field-label\">Nom <span class=\"wpforms-required-label\" aria-hidden=\"true\">*<\/span><\/legend><div class=\"wpforms-field-row wpforms-field-medium\"><div class=\"wpforms-field-row-block wpforms-first wpforms-one-half\"><input type=\"text\" id=\"wpforms-3675-field_3\" class=\"wpforms-field-name-first wpforms-field-required\" name=\"wpforms[fields][3][first]\" aria-errormessage=\"wpforms-3675-field_3-error\" required><label for=\"wpforms-3675-field_3\" class=\"wpforms-field-sublabel after\">Pr\u00e9nom<\/label><\/div><div class=\"wpforms-field-row-block wpforms-one-half\"><input type=\"text\" id=\"wpforms-3675-field_3-last\" class=\"wpforms-field-name-last wpforms-field-required\" name=\"wpforms[fields][3][last]\" aria-errormessage=\"wpforms-3675-field_3-last-error\" required><label for=\"wpforms-3675-field_3-last\" class=\"wpforms-field-sublabel after\">Nom<\/label><\/div><\/div><\/fieldset><\/div><div id=\"wpforms-3675-field_4-container\" class=\"wpforms-field wpforms-field-email\" data-field-id=\"4\"><label class=\"wpforms-field-label\" for=\"wpforms-3675-field_4\">E-mail <span class=\"wpforms-required-label\" aria-hidden=\"true\">*<\/span><\/label><input type=\"email\" id=\"wpforms-3675-field_4\" class=\"wpforms-field-medium wpforms-field-required\" name=\"wpforms[fields][4]\" spellcheck=\"false\" aria-errormessage=\"wpforms-3675-field_4-error\" required><\/div>\t\t<div id=\"wpforms-3675-field_1-container\"\n\t\t\tclass=\"wpforms-field wpforms-field-text\"\n\t\t\tdata-field-type=\"text\"\n\t\t\tdata-field-id=\"1\"\n\t\t\t>\n\t\t\t<label class=\"wpforms-field-label\" for=\"wpforms-3675-field_1\" >Message E-mail Nom<\/label>\n\t\t\t<input type=\"text\" id=\"wpforms-3675-field_1\" class=\"wpforms-field-medium\" name=\"wpforms[fields][1]\" >\n\t\t<\/div>\n\t\t<div id=\"wpforms-3675-field_5-container\" class=\"wpforms-field wpforms-field-textarea\" data-field-id=\"5\"><label class=\"wpforms-field-label\" for=\"wpforms-3675-field_5\">Message <span class=\"wpforms-required-label\" aria-hidden=\"true\">*<\/span><\/label><textarea id=\"wpforms-3675-field_5\" class=\"wpforms-field-medium wpforms-field-required\" name=\"wpforms[fields][5]\" aria-errormessage=\"wpforms-3675-field_5-error\" required><\/textarea><\/div><script>\n\t\t\t\t( function() {\n\t\t\t\t\tconst style = document.createElement( 'style' );\n\t\t\t\t\tstyle.appendChild( document.createTextNode( '#wpforms-3675-field_1-container { position: absolute !important; overflow: hidden !important; display: inline !important; height: 1px !important; width: 1px !important; z-index: -1000 !important; padding: 0 !important; } #wpforms-3675-field_1-container input { visibility: hidden; } #wpforms-conversational-form-page #wpforms-3675-field_1-container label { counter-increment: none; }' ) );\n\t\t\t\t\tdocument.head.appendChild( style );\n\t\t\t\t\tdocument.currentScript?.remove();\n\t\t\t\t} )();\n\t\t\t<\/script><\/div><!-- .wpforms-field-container --><div class=\"wpforms-submit-container\" ><input type=\"hidden\" name=\"wpforms[id]\" value=\"3675\"><input type=\"hidden\" name=\"page_title\" value=\"\"><input type=\"hidden\" name=\"page_url\" value=\"https:\/\/homeproject.fr\/fr\/wp-json\/wp\/v2\/product\/15487\"><input type=\"hidden\" name=\"url_referer\" value=\"\"><button type=\"submit\" name=\"wpforms[submit]\" id=\"wpforms-submit-3675\" class=\"wpforms-submit\" data-alt-text=\"Envoi...\" data-submit-text=\"Envoyer\" aria-live=\"assertive\" value=\"wpforms-submit\">Envoyer<\/button><img decoding=\"async\" src=\"https:\/\/homeproject.fr\/fr\/wp-content\/plugins\/wpforms-lite\/assets\/images\/submit-spin.svg\" class=\"wpforms-submit-spinner\" style=\"display: none;\" width=\"26\" height=\"26\" alt=\"Chargement en cours\"><\/div><\/form><\/div>  <!-- .wpforms-container -->\n","protected":false},"excerpt":{"rendered":"<p data-start=\"193\" data-end=\"264\"><strong data-start=\"193\" data-end=\"264\">Un module hexagonal en terre cuite inspir\u00e9 des alv\u00e9oles d\u2019abeilles.<\/strong><\/p>\n<p data-start=\"294\" data-end=\"605\">Le <strong data-start=\"297\" data-end=\"322\">claustra Mutina Hives<\/strong> est un \u00e9l\u00e9ment architectural innovant con\u00e7u par le designer allemand <strong data-start=\"392\" data-end=\"412\">Konstantin Grcic<\/strong> pour <strong data-start=\"418\" data-end=\"428\">Mutina<\/strong>. Fabriqu\u00e9 artisanalement en <strong data-start=\"457\" data-end=\"481\">terre cuite extrud\u00e9e<\/strong>, il reprend la forme de l\u2019hexagone, \u00e0 la fois g\u00e9om\u00e9trique et organique, directement inspir\u00e9e des <strong data-start=\"579\" data-end=\"602\">alv\u00e9oles d\u2019abeilles<\/strong>.<\/p>\n<p data-start=\"607\" data-end=\"947\">Ce module unique de <strong data-start=\"627\" data-end=\"647\">13 \u00d7 22,5 \u00d7 7 cm<\/strong> permet une infinit\u00e9 de compositions. Install\u00e9 \u00e0 la verticale, il sert \u00e0 cr\u00e9er des <strong data-start=\"730\" data-end=\"749\">parois ajour\u00e9es<\/strong> o\u00f9 les hexagones dessinent des ouvertures d\u00e9coratives. Pos\u00e9 \u00e0 plat, il devient un \u00e9l\u00e9ment constructif permettant de r\u00e9aliser des <strong data-start=\"879\" data-end=\"944\">murs courbes, colonnes, comptoirs ou structures d\u2019ameublement<\/strong>.<\/p>\n<p data-start=\"949\" data-end=\"1154\">Gr\u00e2ce \u00e0 son esth\u00e9tique contemporaine et sa mat\u00e9rialit\u00e9 brute, le Mutina Hives s\u2019int\u00e8gre dans des <strong data-start=\"1046\" data-end=\"1110\">projets r\u00e9sidentiels, commerciaux ou h\u00f4teliers haut de gamme<\/strong>, en int\u00e9rieur comme en ext\u00e9rieur couvert.<\/p>\n","protected":false},"featured_media":15505,"template":"","meta":{"_uf_show_specific_survey":0,"_uf_disable_surveys":false,"iawp_total_views":34},"product_brand":[620],"product_cat":[20,194],"product_tag":[],"class_list":{"0":"post-15487","1":"product","2":"type-product","3":"status-publish","4":"has-post-thumbnail","6":"product_brand-mutina","7":"product_cat-carrelage","8":"product_cat-claustras","9":"product_shipping_class-carrelage","10":"pa_collection-hives-par-mutina","11":"pa_designer-konstantin-grcic","12":"pa_dimensions-nominales-13x225","13":"pa_effet-claustra","14":"pa_epaisseur-70mm","15":"pa_marque-mutina","17":"first","18":"instock","19":"sale","20":"taxable","21":"shipping-taxable","22":"purchasable","23":"product-type-simple"},"yoast_head":"<!-- This site is optimized with the Yoast SEO plugin v27.5 - https:\/\/yoast.com\/product\/yoast-seo-wordpress\/ -->\n<title>Claustra Mutina Hives Natural \u2013 Design Konstantin Grcic - Homeproject.fr<\/title>\n<meta name=\"robots\" content=\"index, follow, max-snippet:-1, max-image-preview:large, max-video-preview:-1\" \/>\n<link rel=\"canonical\" href=\"https:\/\/homeproject.fr\/fr\/produit\/claustra-mutina-hives-design-konstantin-grcic\/\" \/>\n<meta property=\"og:locale\" content=\"fr_FR\" \/>\n<meta property=\"og:type\" content=\"article\" \/>\n<meta property=\"og:title\" content=\"Claustra Mutina Hives Natural \u2013 Design Konstantin Grcic - Homeproject.fr\" \/>\n<meta property=\"og:description\" content=\"Un module hexagonal en terre cuite inspir\u00e9 des alv\u00e9oles d\u2019abeilles. Le claustra Mutina Hives est un \u00e9l\u00e9ment architectural innovant con\u00e7u par le designer allemand Konstantin Grcic pour Mutina. Fabriqu\u00e9 artisanalement en terre cuite extrud\u00e9e, il reprend la forme de l\u2019hexagone, \u00e0 la fois g\u00e9om\u00e9trique et organique, directement inspir\u00e9e des alv\u00e9oles d\u2019abeilles. Ce module unique de 13 \u00d7 22,5 \u00d7 7 cm permet une infinit\u00e9 de compositions. Install\u00e9 \u00e0 la verticale, il sert \u00e0 cr\u00e9er des parois ajour\u00e9es o\u00f9 les hexagones dessinent des ouvertures d\u00e9coratives. Pos\u00e9 \u00e0 plat, il devient un \u00e9l\u00e9ment constructif permettant de r\u00e9aliser des murs courbes, colonnes, comptoirs ou structures d\u2019ameublement. Gr\u00e2ce \u00e0 son esth\u00e9tique contemporaine et sa mat\u00e9rialit\u00e9 brute, le Mutina Hives s\u2019int\u00e8gre dans des projets r\u00e9sidentiels, commerciaux ou h\u00f4teliers haut de gamme, en int\u00e9rieur comme en ext\u00e9rieur couvert.\" \/>\n<meta property=\"og:url\" content=\"https:\/\/homeproject.fr\/fr\/produit\/claustra-mutina-hives-design-konstantin-grcic\/\" \/>\n<meta property=\"og:site_name\" content=\"Homeproject.fr\" \/>\n<meta property=\"article:modified_time\" content=\"2025-08-29T15:44:11+00:00\" \/>\n<meta property=\"og:image\" content=\"https:\/\/homeproject.fr\/fr\/wp-content\/uploads\/2025\/08\/Brique-claustra-en-terre-cuite-naturelle-Mutina-Hives-dessine-par-Konstantin-Grcic.jpg\" \/>\n\t<meta property=\"og:image:width\" content=\"1500\" \/>\n\t<meta property=\"og:image:height\" content=\"1500\" \/>\n\t<meta property=\"og:image:type\" content=\"image\/jpeg\" \/>\n<meta name=\"twitter:card\" content=\"summary_large_image\" \/>\n<meta name=\"twitter:label1\" content=\"Dur\u00e9e de lecture estim\u00e9e\" \/>\n\t<meta name=\"twitter:data1\" content=\"2 minutes\" \/>\n<script type=\"application\/ld+json\" class=\"yoast-schema-graph\">{\"@context\":\"https:\\\/\\\/schema.org\",\"@graph\":[{\"@type\":\"WebPage\",\"@id\":\"https:\\\/\\\/homeproject.fr\\\/fr\\\/produit\\\/claustra-mutina-hives-design-konstantin-grcic\\\/\",\"url\":\"https:\\\/\\\/homeproject.fr\\\/fr\\\/produit\\\/claustra-mutina-hives-design-konstantin-grcic\\\/\",\"name\":\"Claustra Mutina Hives Natural \u2013 Design Konstantin Grcic - Homeproject.fr\",\"isPartOf\":{\"@id\":\"https:\\\/\\\/homeproject.fr\\\/fr\\\/#website\"},\"primaryImageOfPage\":{\"@id\":\"https:\\\/\\\/homeproject.fr\\\/fr\\\/produit\\\/claustra-mutina-hives-design-konstantin-grcic\\\/#primaryimage\"},\"image\":{\"@id\":\"https:\\\/\\\/homeproject.fr\\\/fr\\\/produit\\\/claustra-mutina-hives-design-konstantin-grcic\\\/#primaryimage\"},\"thumbnailUrl\":\"https:\\\/\\\/homeproject.fr\\\/fr\\\/wp-content\\\/uploads\\\/2025\\\/08\\\/Brique-claustra-en-terre-cuite-naturelle-Mutina-Hives-dessine-par-Konstantin-Grcic.jpg\",\"datePublished\":\"2025-08-29T15:35:32+00:00\",\"dateModified\":\"2025-08-29T15:44:11+00:00\",\"breadcrumb\":{\"@id\":\"https:\\\/\\\/homeproject.fr\\\/fr\\\/produit\\\/claustra-mutina-hives-design-konstantin-grcic\\\/#breadcrumb\"},\"inLanguage\":\"fr-FR\",\"potentialAction\":[{\"@type\":\"ReadAction\",\"target\":[\"https:\\\/\\\/homeproject.fr\\\/fr\\\/produit\\\/claustra-mutina-hives-design-konstantin-grcic\\\/\"]}]},{\"@type\":\"ImageObject\",\"inLanguage\":\"fr-FR\",\"@id\":\"https:\\\/\\\/homeproject.fr\\\/fr\\\/produit\\\/claustra-mutina-hives-design-konstantin-grcic\\\/#primaryimage\",\"url\":\"https:\\\/\\\/homeproject.fr\\\/fr\\\/wp-content\\\/uploads\\\/2025\\\/08\\\/Brique-claustra-en-terre-cuite-naturelle-Mutina-Hives-dessine-par-Konstantin-Grcic.jpg\",\"contentUrl\":\"https:\\\/\\\/homeproject.fr\\\/fr\\\/wp-content\\\/uploads\\\/2025\\\/08\\\/Brique-claustra-en-terre-cuite-naturelle-Mutina-Hives-dessine-par-Konstantin-Grcic.jpg\",\"width\":1500,\"height\":1500},{\"@type\":\"BreadcrumbList\",\"@id\":\"https:\\\/\\\/homeproject.fr\\\/fr\\\/produit\\\/claustra-mutina-hives-design-konstantin-grcic\\\/#breadcrumb\",\"itemListElement\":[{\"@type\":\"ListItem\",\"position\":1,\"name\":\"Accueil\",\"item\":\"https:\\\/\\\/homeproject.fr\\\/fr\\\/\"},{\"@type\":\"ListItem\",\"position\":2,\"name\":\"Boutique\",\"item\":\"https:\\\/\\\/homeproject.fr\\\/fr\\\/boutique\\\/\"},{\"@type\":\"ListItem\",\"position\":3,\"name\":\"Claustra Mutina Hives Natural \u2013 Design Konstantin Grcic\"}]},{\"@type\":\"WebSite\",\"@id\":\"https:\\\/\\\/homeproject.fr\\\/fr\\\/#website\",\"url\":\"https:\\\/\\\/homeproject.fr\\\/fr\\\/\",\"name\":\"Homeproject.fr\",\"description\":\"Offrez l&#039;exceptionnel \u00e0 vos espaces \u00e0 vivre\",\"publisher\":{\"@id\":\"https:\\\/\\\/homeproject.fr\\\/fr\\\/#organization\"},\"potentialAction\":[{\"@type\":\"SearchAction\",\"target\":{\"@type\":\"EntryPoint\",\"urlTemplate\":\"https:\\\/\\\/homeproject.fr\\\/fr\\\/?s={search_term_string}\"},\"query-input\":{\"@type\":\"PropertyValueSpecification\",\"valueRequired\":true,\"valueName\":\"search_term_string\"}}],\"inLanguage\":\"fr-FR\"},{\"@type\":\"Organization\",\"@id\":\"https:\\\/\\\/homeproject.fr\\\/fr\\\/#organization\",\"name\":\"Homeproject.fr\",\"url\":\"https:\\\/\\\/homeproject.fr\\\/fr\\\/\",\"logo\":{\"@type\":\"ImageObject\",\"inLanguage\":\"fr-FR\",\"@id\":\"https:\\\/\\\/homeproject.fr\\\/fr\\\/#\\\/schema\\\/logo\\\/image\\\/\",\"url\":\"https:\\\/\\\/homeproject.fr\\\/fr\\\/wp-content\\\/uploads\\\/2024\\\/12\\\/Logo_HomeProject-noir-2.png\",\"contentUrl\":\"https:\\\/\\\/homeproject.fr\\\/fr\\\/wp-content\\\/uploads\\\/2024\\\/12\\\/Logo_HomeProject-noir-2.png\",\"width\":300,\"height\":91,\"caption\":\"Homeproject.fr\"},\"image\":{\"@id\":\"https:\\\/\\\/homeproject.fr\\\/fr\\\/#\\\/schema\\\/logo\\\/image\\\/\"}}]}<\/script>\n<!-- \/ Yoast SEO plugin. -->","yoast_head_json":{"title":"Claustra Mutina Hives Natural \u2013 Design Konstantin Grcic - Homeproject.fr","robots":{"index":"index","follow":"follow","max-snippet":"max-snippet:-1","max-image-preview":"max-image-preview:large","max-video-preview":"max-video-preview:-1"},"canonical":"https:\/\/homeproject.fr\/fr\/produit\/claustra-mutina-hives-design-konstantin-grcic\/","og_locale":"fr_FR","og_type":"article","og_title":"Claustra Mutina Hives Natural \u2013 Design Konstantin Grcic - Homeproject.fr","og_description":"Un module hexagonal en terre cuite inspir\u00e9 des alv\u00e9oles d\u2019abeilles. Le claustra Mutina Hives est un \u00e9l\u00e9ment architectural innovant con\u00e7u par le designer allemand Konstantin Grcic pour Mutina. Fabriqu\u00e9 artisanalement en terre cuite extrud\u00e9e, il reprend la forme de l\u2019hexagone, \u00e0 la fois g\u00e9om\u00e9trique et organique, directement inspir\u00e9e des alv\u00e9oles d\u2019abeilles. Ce module unique de 13 \u00d7 22,5 \u00d7 7 cm permet une infinit\u00e9 de compositions. Install\u00e9 \u00e0 la verticale, il sert \u00e0 cr\u00e9er des parois ajour\u00e9es o\u00f9 les hexagones dessinent des ouvertures d\u00e9coratives. Pos\u00e9 \u00e0 plat, il devient un \u00e9l\u00e9ment constructif permettant de r\u00e9aliser des murs courbes, colonnes, comptoirs ou structures d\u2019ameublement. Gr\u00e2ce \u00e0 son esth\u00e9tique contemporaine et sa mat\u00e9rialit\u00e9 brute, le Mutina Hives s\u2019int\u00e8gre dans des projets r\u00e9sidentiels, commerciaux ou h\u00f4teliers haut de gamme, en int\u00e9rieur comme en ext\u00e9rieur couvert.","og_url":"https:\/\/homeproject.fr\/fr\/produit\/claustra-mutina-hives-design-konstantin-grcic\/","og_site_name":"Homeproject.fr","article_modified_time":"2025-08-29T15:44:11+00:00","og_image":[{"width":1500,"height":1500,"url":"https:\/\/homeproject.fr\/fr\/wp-content\/uploads\/2025\/08\/Brique-claustra-en-terre-cuite-naturelle-Mutina-Hives-dessine-par-Konstantin-Grcic.jpg","type":"image\/jpeg"}],"twitter_card":"summary_large_image","twitter_misc":{"Dur\u00e9e de lecture estim\u00e9e":"2 minutes"},"schema":{"@context":"https:\/\/schema.org","@graph":[{"@type":"WebPage","@id":"https:\/\/homeproject.fr\/fr\/produit\/claustra-mutina-hives-design-konstantin-grcic\/","url":"https:\/\/homeproject.fr\/fr\/produit\/claustra-mutina-hives-design-konstantin-grcic\/","name":"Claustra Mutina Hives Natural \u2013 Design Konstantin Grcic - Homeproject.fr","isPartOf":{"@id":"https:\/\/homeproject.fr\/fr\/#website"},"primaryImageOfPage":{"@id":"https:\/\/homeproject.fr\/fr\/produit\/claustra-mutina-hives-design-konstantin-grcic\/#primaryimage"},"image":{"@id":"https:\/\/homeproject.fr\/fr\/produit\/claustra-mutina-hives-design-konstantin-grcic\/#primaryimage"},"thumbnailUrl":"https:\/\/homeproject.fr\/fr\/wp-content\/uploads\/2025\/08\/Brique-claustra-en-terre-cuite-naturelle-Mutina-Hives-dessine-par-Konstantin-Grcic.jpg","datePublished":"2025-08-29T15:35:32+00:00","dateModified":"2025-08-29T15:44:11+00:00","breadcrumb":{"@id":"https:\/\/homeproject.fr\/fr\/produit\/claustra-mutina-hives-design-konstantin-grcic\/#breadcrumb"},"inLanguage":"fr-FR","potentialAction":[{"@type":"ReadAction","target":["https:\/\/homeproject.fr\/fr\/produit\/claustra-mutina-hives-design-konstantin-grcic\/"]}]},{"@type":"ImageObject","inLanguage":"fr-FR","@id":"https:\/\/homeproject.fr\/fr\/produit\/claustra-mutina-hives-design-konstantin-grcic\/#primaryimage","url":"https:\/\/homeproject.fr\/fr\/wp-content\/uploads\/2025\/08\/Brique-claustra-en-terre-cuite-naturelle-Mutina-Hives-dessine-par-Konstantin-Grcic.jpg","contentUrl":"https:\/\/homeproject.fr\/fr\/wp-content\/uploads\/2025\/08\/Brique-claustra-en-terre-cuite-naturelle-Mutina-Hives-dessine-par-Konstantin-Grcic.jpg","width":1500,"height":1500},{"@type":"BreadcrumbList","@id":"https:\/\/homeproject.fr\/fr\/produit\/claustra-mutina-hives-design-konstantin-grcic\/#breadcrumb","itemListElement":[{"@type":"ListItem","position":1,"name":"Accueil","item":"https:\/\/homeproject.fr\/fr\/"},{"@type":"ListItem","position":2,"name":"Boutique","item":"https:\/\/homeproject.fr\/fr\/boutique\/"},{"@type":"ListItem","position":3,"name":"Claustra Mutina Hives Natural \u2013 Design Konstantin Grcic"}]},{"@type":"WebSite","@id":"https:\/\/homeproject.fr\/fr\/#website","url":"https:\/\/homeproject.fr\/fr\/","name":"Homeproject.fr","description":"Offrez l&#039;exceptionnel \u00e0 vos espaces \u00e0 vivre","publisher":{"@id":"https:\/\/homeproject.fr\/fr\/#organization"},"potentialAction":[{"@type":"SearchAction","target":{"@type":"EntryPoint","urlTemplate":"https:\/\/homeproject.fr\/fr\/?s={search_term_string}"},"query-input":{"@type":"PropertyValueSpecification","valueRequired":true,"valueName":"search_term_string"}}],"inLanguage":"fr-FR"},{"@type":"Organization","@id":"https:\/\/homeproject.fr\/fr\/#organization","name":"Homeproject.fr","url":"https:\/\/homeproject.fr\/fr\/","logo":{"@type":"ImageObject","inLanguage":"fr-FR","@id":"https:\/\/homeproject.fr\/fr\/#\/schema\/logo\/image\/","url":"https:\/\/homeproject.fr\/fr\/wp-content\/uploads\/2024\/12\/Logo_HomeProject-noir-2.png","contentUrl":"https:\/\/homeproject.fr\/fr\/wp-content\/uploads\/2024\/12\/Logo_HomeProject-noir-2.png","width":300,"height":91,"caption":"Homeproject.fr"},"image":{"@id":"https:\/\/homeproject.fr\/fr\/#\/schema\/logo\/image\/"}}]}},"_links":{"self":[{"href":"https:\/\/homeproject.fr\/fr\/wp-json\/wp\/v2\/product\/15487","targetHints":{"allow":["GET"]}}],"collection":[{"href":"https:\/\/homeproject.fr\/fr\/wp-json\/wp\/v2\/product"}],"about":[{"href":"https:\/\/homeproject.fr\/fr\/wp-json\/wp\/v2\/types\/product"}],"version-history":[{"count":3,"href":"https:\/\/homeproject.fr\/fr\/wp-json\/wp\/v2\/product\/15487\/revisions"}],"predecessor-version":[{"id":15508,"href":"https:\/\/homeproject.fr\/fr\/wp-json\/wp\/v2\/product\/15487\/revisions\/15508"}],"wp:featuredmedia":[{"embeddable":true,"href":"https:\/\/homeproject.fr\/fr\/wp-json\/wp\/v2\/media\/15505"}],"wp:attachment":[{"href":"https:\/\/homeproject.fr\/fr\/wp-json\/wp\/v2\/media?parent=15487"}],"wp:term":[{"taxonomy":"product_brand","embeddable":true,"href":"https:\/\/homeproject.fr\/fr\/wp-json\/wp\/v2\/product_brand?post=15487"},{"taxonomy":"product_cat","embeddable":true,"href":"https:\/\/homeproject.fr\/fr\/wp-json\/wp\/v2\/product_cat?post=15487"},{"taxonomy":"product_tag","embeddable":true,"href":"https:\/\/homeproject.fr\/fr\/wp-json\/wp\/v2\/product_tag?post=15487"}],"curies":[{"name":"wp","href":"https:\/\/api.w.org\/{rel}","templated":true}]}}