{"id":15459,"date":"2025-08-29T14:54:40","date_gmt":"2025-08-29T14:54:40","guid":{"rendered":"https:\/\/homeproject.fr\/fr\/?post_type=product&#038;p=15459"},"modified":"2025-08-29T14:56:54","modified_gmt":"2025-08-29T14:56:54","slug":"claustra-mutina-brac-marrone-design-nathalie-du-pasquier","status":"publish","type":"product","link":"https:\/\/homeproject.fr\/fr\/produit\/claustra-mutina-brac-marrone-design-nathalie-du-pasquier\/","title":{"rendered":"Claustra Mutina Brac Marrone \u2013 Design Nathalie Du Pasquier"},"content":{"rendered":"<h2 data-start=\"1156\" data-end=\"1188\">Caract\u00e9ristiques techniques<\/h2>\n<ul data-start=\"1189\" data-end=\"1766\">\n<li data-start=\"1189\" data-end=\"1245\">\n<p data-start=\"1191\" data-end=\"1245\"><strong data-start=\"1191\" data-end=\"1205\">Designer :<\/strong> Nathalie Du Pasquier (Mutina, Italie)<\/p>\n<\/li>\n<li data-start=\"1246\" data-end=\"1271\">\n<p data-start=\"1248\" data-end=\"1271\"><strong data-start=\"1248\" data-end=\"1264\">Collection :<\/strong> Brac<\/p>\n<\/li>\n<li data-start=\"1272\" data-end=\"1323\">\n<p data-start=\"1274\" data-end=\"1323\"><strong data-start=\"1274\" data-end=\"1287\">Couleur :<\/strong> Marrone (\u00e9maill\u00e9 brillant marron)<\/p>\n<\/li>\n<li data-start=\"1324\" data-end=\"1370\">\n<p data-start=\"1326\" data-end=\"1370\"><strong data-start=\"1326\" data-end=\"1352\">Dimensions nominales :<\/strong> 22 \u00d7 12,5 \u00d7 10 cm<\/p>\n<\/li>\n<li data-start=\"1371\" data-end=\"1421\">\n<p data-start=\"1373\" data-end=\"1421\"><strong data-start=\"1373\" data-end=\"1387\">Mat\u00e9riau :<\/strong> Terre cuite extrud\u00e9e artisanale<\/p>\n<\/li>\n<li data-start=\"1422\" data-end=\"1512\">\n<p data-start=\"1424\" data-end=\"1512\"><strong data-start=\"1424\" data-end=\"1441\">Utilisation :<\/strong> Int\u00e9rieur et ext\u00e9rieur (norme UNI EN 772-22 \u2013 exposition mod\u00e9r\u00e9e F1)<\/p>\n<\/li>\n<li data-start=\"1513\" data-end=\"1614\">\n<p data-start=\"1515\" data-end=\"1614\"><strong data-start=\"1515\" data-end=\"1525\">Pose :<\/strong> Obligatoirement en <strong data-start=\"1545\" data-end=\"1575\">d\u00e9cal\u00e9 (pose en quinconce)<\/strong> pour assurer stabilit\u00e9 et esth\u00e9tique<\/p>\n<\/li>\n<li data-start=\"1615\" data-end=\"1686\">\n<p data-start=\"1617\" data-end=\"1686\"><strong data-start=\"1617\" data-end=\"1635\">Consommation :<\/strong> env. 35 \u00e0 42 pi\u00e8ces \/ m\u00b2 selon le sch\u00e9ma de pose<\/p>\n<\/li>\n<li data-start=\"1687\" data-end=\"1728\">\n<p data-start=\"1689\" data-end=\"1728\"><strong data-start=\"1689\" data-end=\"1722\">Hauteur maximale conseill\u00e9e :<\/strong> 4 m<\/p>\n<\/li>\n<li data-start=\"1729\" data-end=\"1766\">\n<p data-start=\"1731\" data-end=\"1766\"><strong data-start=\"1731\" data-end=\"1751\">Poids unitaire :<\/strong> env. 1,35 kg<\/p>\n<\/li>\n<\/ul>\n<h2 data-start=\"1033\" data-end=\"1063\"><img fetchpriority=\"high\" decoding=\"async\" class=\"alignnone size-full wp-image-15438\" style=\"font-size: 14px;\" src=\"https:\/\/homeproject.fr\/fr\/wp-content\/uploads\/2025\/08\/schemadeposebrac.jpg\" alt=\"\" width=\"1026\" height=\"259\" srcset=\"https:\/\/homeproject.fr\/fr\/wp-content\/uploads\/2025\/08\/schemadeposebrac.jpg 1026w, https:\/\/homeproject.fr\/fr\/wp-content\/uploads\/2025\/08\/schemadeposebrac-840x212.jpg 840w, https:\/\/homeproject.fr\/fr\/wp-content\/uploads\/2025\/08\/schemadeposebrac-300x76.jpg 300w, https:\/\/homeproject.fr\/fr\/wp-content\/uploads\/2025\/08\/schemadeposebrac-1024x258.jpg 1024w, https:\/\/homeproject.fr\/fr\/wp-content\/uploads\/2025\/08\/schemadeposebrac-768x194.jpg 768w, https:\/\/homeproject.fr\/fr\/wp-content\/uploads\/2025\/08\/schemadeposebrac-18x5.jpg 18w\" sizes=\"(max-width: 1026px) 100vw, 1026px\" \/><\/h2>\n<h2 data-start=\"1768\" data-end=\"1801\">Points forts du Brac Marrone<\/h2>\n<ul data-start=\"1802\" data-end=\"2175\">\n<li data-start=\"1802\" data-end=\"1871\">\n<p data-start=\"1804\" data-end=\"1871\">Design sign\u00e9 par une <strong data-start=\"1825\" data-end=\"1869\">figure embl\u00e9matique du mouvement Memphis<\/strong><\/p>\n<\/li>\n<li data-start=\"1872\" data-end=\"1953\">\n<p data-start=\"1874\" data-end=\"1953\">Finition marron brillante pour une <strong data-start=\"1909\" data-end=\"1951\">atmosph\u00e8re chaleureuse et sophistiqu\u00e9e<\/strong><\/p>\n<\/li>\n<li data-start=\"1954\" data-end=\"2028\">\n<p data-start=\"1956\" data-end=\"2028\">Cr\u00e9ation de <strong data-start=\"1968\" data-end=\"1993\">murs ajour\u00e9s lumineux<\/strong> gr\u00e2ce \u00e0 sa structure g\u00e9om\u00e9trique<\/p>\n<\/li>\n<li data-start=\"2029\" data-end=\"2090\">\n<p data-start=\"2031\" data-end=\"2090\">Fabrication artisanale italienne, haut niveau de finition<\/p>\n<\/li>\n<li data-start=\"2091\" data-end=\"2175\">\n<p data-start=\"2093\" data-end=\"2175\">Adapt\u00e9 aux <strong data-start=\"2104\" data-end=\"2173\">projets r\u00e9sidentiels haut de gamme, h\u00f4tels et espaces commerciaux<\/strong><\/p>\n<\/li>\n<\/ul>\n<h2 data-start=\"2177\" data-end=\"2194\">Applications<\/h2>\n<ul data-start=\"2195\" data-end=\"2460\">\n<li data-start=\"2195\" data-end=\"2260\">\n<p data-start=\"2197\" data-end=\"2260\">Cloisons d\u00e9coratives int\u00e9rieures \u00e0 l\u2019esth\u00e9tique contemporaine<\/p>\n<\/li>\n<li data-start=\"2261\" data-end=\"2340\">\n<p data-start=\"2263\" data-end=\"2340\">S\u00e9parateurs d\u2019espaces design pour salons, bureaux, showrooms et restaurants<\/p>\n<\/li>\n<li data-start=\"2341\" data-end=\"2409\">\n<p data-start=\"2343\" data-end=\"2409\">Claustras architecturaux dans des projets h\u00f4teliers et culturels<\/p>\n<\/li>\n<li data-start=\"2410\" data-end=\"2460\">\n<p data-start=\"2412\" data-end=\"2460\">Murs ajour\u00e9s raffin\u00e9s pour terrasses et patios<\/p>\n<\/li>\n<\/ul>\n<hr data-start=\"2324\" data-end=\"2327\" \/>\n<h2 data-start=\"1235\" data-end=\"1267\"><strong style=\"font-size: 1.875rem;\">Vous avez des questions ?<\/strong><\/h2>\n<style id=\"wpforms-css-vars-3675\">\n\t\t\t\t#wpforms-3675 {\n\t\t\t\t\n\t\t\t}\n\t\t\t<\/style><div class=\"wpforms-container wpforms-container-full wpforms-render-modern\" id=\"wpforms-3675\"><form id=\"wpforms-form-3675\" class=\"wpforms-validate wpforms-form wpforms-ajax-form\" data-formid=\"3675\" method=\"post\" enctype=\"multipart\/form-data\" action=\"\/fr\/wp-json\/wp\/v2\/product\/15459\" data-token=\"9d579c4fe014830de7f99f3dcbfaaa07\" data-token-time=\"1777510955\"><noscript class=\"wpforms-error-noscript\">Veuillez activer JavaScript dans votre navigateur pour remplir ce formulaire.<\/noscript><div id=\"wpforms-error-noscript\" style=\"display: none;\">Veuillez activer JavaScript dans votre navigateur pour remplir ce formulaire.<\/div><div class=\"wpforms-field-container\">\t\t<div id=\"wpforms-3675-field_1-container\"\n\t\t\tclass=\"wpforms-field wpforms-field-text\"\n\t\t\tdata-field-type=\"text\"\n\t\t\tdata-field-id=\"1\"\n\t\t\t>\n\t\t\t<label class=\"wpforms-field-label\" for=\"wpforms-3675-field_1\" >Nom E-mail Message<\/label>\n\t\t\t<input type=\"text\" id=\"wpforms-3675-field_1\" class=\"wpforms-field-medium\" name=\"wpforms[fields][1]\" >\n\t\t<\/div>\n\t\t<div id=\"wpforms-3675-field_3-container\" class=\"wpforms-field wpforms-field-name\" data-field-id=\"3\"><fieldset><legend class=\"wpforms-field-label\">Nom <span class=\"wpforms-required-label\" aria-hidden=\"true\">*<\/span><\/legend><div class=\"wpforms-field-row wpforms-field-medium\"><div class=\"wpforms-field-row-block wpforms-first wpforms-one-half\"><input type=\"text\" id=\"wpforms-3675-field_3\" class=\"wpforms-field-name-first wpforms-field-required\" name=\"wpforms[fields][3][first]\" aria-errormessage=\"wpforms-3675-field_3-error\" required><label for=\"wpforms-3675-field_3\" class=\"wpforms-field-sublabel after\">Pr\u00e9nom<\/label><\/div><div class=\"wpforms-field-row-block wpforms-one-half\"><input type=\"text\" id=\"wpforms-3675-field_3-last\" class=\"wpforms-field-name-last wpforms-field-required\" name=\"wpforms[fields][3][last]\" aria-errormessage=\"wpforms-3675-field_3-last-error\" required><label for=\"wpforms-3675-field_3-last\" class=\"wpforms-field-sublabel after\">Nom<\/label><\/div><\/div><\/fieldset><\/div><div id=\"wpforms-3675-field_4-container\" class=\"wpforms-field wpforms-field-email\" data-field-id=\"4\"><label class=\"wpforms-field-label\" for=\"wpforms-3675-field_4\">E-mail <span class=\"wpforms-required-label\" aria-hidden=\"true\">*<\/span><\/label><input type=\"email\" id=\"wpforms-3675-field_4\" class=\"wpforms-field-medium wpforms-field-required\" name=\"wpforms[fields][4]\" spellcheck=\"false\" aria-errormessage=\"wpforms-3675-field_4-error\" required><\/div><div id=\"wpforms-3675-field_5-container\" class=\"wpforms-field wpforms-field-textarea\" data-field-id=\"5\"><label class=\"wpforms-field-label\" for=\"wpforms-3675-field_5\">Message <span class=\"wpforms-required-label\" aria-hidden=\"true\">*<\/span><\/label><textarea id=\"wpforms-3675-field_5\" class=\"wpforms-field-medium wpforms-field-required\" name=\"wpforms[fields][5]\" aria-errormessage=\"wpforms-3675-field_5-error\" required><\/textarea><\/div><script>\n\t\t\t\t( function() {\n\t\t\t\t\tconst style = document.createElement( 'style' );\n\t\t\t\t\tstyle.appendChild( document.createTextNode( '#wpforms-3675-field_1-container { position: absolute !important; overflow: hidden !important; display: inline !important; height: 1px !important; width: 1px !important; z-index: -1000 !important; padding: 0 !important; } #wpforms-3675-field_1-container input { visibility: hidden; } #wpforms-conversational-form-page #wpforms-3675-field_1-container label { counter-increment: none; }' ) );\n\t\t\t\t\tdocument.head.appendChild( style );\n\t\t\t\t\tdocument.currentScript?.remove();\n\t\t\t\t} )();\n\t\t\t<\/script><\/div><!-- .wpforms-field-container --><div class=\"wpforms-submit-container\" ><input type=\"hidden\" name=\"wpforms[id]\" value=\"3675\"><input type=\"hidden\" name=\"page_title\" value=\"\"><input type=\"hidden\" name=\"page_url\" value=\"https:\/\/homeproject.fr\/fr\/wp-json\/wp\/v2\/product\/15459\"><input type=\"hidden\" name=\"url_referer\" value=\"\"><button type=\"submit\" name=\"wpforms[submit]\" id=\"wpforms-submit-3675\" class=\"wpforms-submit\" data-alt-text=\"Envoi...\" data-submit-text=\"Envoyer\" aria-live=\"assertive\" value=\"wpforms-submit\">Envoyer<\/button><img decoding=\"async\" src=\"https:\/\/homeproject.fr\/fr\/wp-content\/plugins\/wpforms-lite\/assets\/images\/submit-spin.svg\" class=\"wpforms-submit-spinner\" style=\"display: none;\" width=\"26\" height=\"26\" alt=\"Chargement en cours\"><\/div><\/form><\/div>  <!-- .wpforms-container -->\n","protected":false},"excerpt":{"rendered":"<p data-start=\"218\" data-end=\"292\"><strong data-start=\"218\" data-end=\"290\">Un claustra architectural chaleureux en terre cuite \u00e9maill\u00e9e marron.<\/strong><\/p>\n<p data-start=\"322\" data-end=\"623\">Le <strong data-start=\"325\" data-end=\"357\">claustra Mutina Brac Marrone<\/strong> est une brique design exclusive, imagin\u00e9e par <strong data-start=\"404\" data-end=\"428\">Nathalie Du Pasquier<\/strong> pour la maison italienne <strong data-start=\"454\" data-end=\"464\">Mutina<\/strong>. R\u00e9alis\u00e9 en <strong data-start=\"477\" data-end=\"512\">terre cuite extrud\u00e9e artisanale<\/strong>, ce module tridimensionnel se distingue par sa finition marron brillante, \u00e0 la fois \u00e9l\u00e9gante et chaleureuse.<\/p>\n<p data-start=\"625\" data-end=\"983\">Pens\u00e9 comme un \u00e9l\u00e9ment modulable, le Brac Marrone peut \u00eatre install\u00e9 <strong data-start=\"694\" data-end=\"730\">verticalement ou horizontalement<\/strong>, permettant de cr\u00e9er des cloisons ajour\u00e9es et des murs d\u00e9coratifs aux <strong data-start=\"801\" data-end=\"840\">jeux d\u2019ombre et de lumi\u00e8re raffin\u00e9s<\/strong>. Sa teinte profonde apporte caract\u00e8re et authenticit\u00e9, id\u00e9ale pour des int\u00e9rieurs contemporains comme pour des projets contract de standing.<\/p>\n<p data-start=\"985\" data-end=\"1154\">Ce claustra est parfaitement adapt\u00e9 aux <strong data-start=\"1025\" data-end=\"1075\">espaces r\u00e9sidentiels, commerciaux et h\u00f4teliers<\/strong>, o\u00f9 il devient un v\u00e9ritable \u00e9l\u00e9ment d\u2019architecture int\u00e9rieure et ext\u00e9rieure.<\/p>\n","protected":false},"featured_media":15460,"template":"","meta":{"_uf_show_specific_survey":0,"_uf_disable_surveys":false,"iawp_total_views":23},"product_brand":[620],"product_cat":[20,194],"product_tag":[],"class_list":{"0":"post-15459","1":"product","2":"type-product","3":"status-publish","4":"has-post-thumbnail","6":"product_brand-mutina","7":"product_cat-carrelage","8":"product_cat-claustras","9":"product_shipping_class-carrelage","10":"pa_collection-brac-par-mutina","11":"pa_designer-nathalie-du-pasquier","12":"pa_dimensions-nominales-22x125","13":"pa_effet-claustra","14":"pa_epaisseur-100mm","15":"pa_marque-mutina","17":"first","18":"instock","19":"sale","20":"taxable","21":"shipping-taxable","22":"purchasable","23":"product-type-simple"},"yoast_head":"<!-- This site is optimized with the Yoast SEO plugin v27.5 - https:\/\/yoast.com\/product\/yoast-seo-wordpress\/ -->\n<title>Claustra Mutina Brac Marrone \u2013 Design Nathalie Du Pasquier - Homeproject.fr<\/title>\n<meta name=\"robots\" content=\"index, follow, max-snippet:-1, max-image-preview:large, max-video-preview:-1\" \/>\n<link rel=\"canonical\" href=\"https:\/\/homeproject.fr\/fr\/produit\/claustra-mutina-brac-marrone-design-nathalie-du-pasquier\/\" \/>\n<meta property=\"og:locale\" content=\"fr_FR\" \/>\n<meta property=\"og:type\" content=\"article\" \/>\n<meta property=\"og:title\" content=\"Claustra Mutina Brac Marrone \u2013 Design Nathalie Du Pasquier - Homeproject.fr\" \/>\n<meta property=\"og:description\" content=\"Un claustra architectural chaleureux en terre cuite \u00e9maill\u00e9e marron. Le claustra Mutina Brac Marrone est une brique design exclusive, imagin\u00e9e par Nathalie Du Pasquier pour la maison italienne Mutina. R\u00e9alis\u00e9 en terre cuite extrud\u00e9e artisanale, ce module tridimensionnel se distingue par sa finition marron brillante, \u00e0 la fois \u00e9l\u00e9gante et chaleureuse. Pens\u00e9 comme un \u00e9l\u00e9ment modulable, le Brac Marrone peut \u00eatre install\u00e9 verticalement ou horizontalement, permettant de cr\u00e9er des cloisons ajour\u00e9es et des murs d\u00e9coratifs aux jeux d\u2019ombre et de lumi\u00e8re raffin\u00e9s. Sa teinte profonde apporte caract\u00e8re et authenticit\u00e9, id\u00e9ale pour des int\u00e9rieurs contemporains comme pour des projets contract de standing. Ce claustra est parfaitement adapt\u00e9 aux espaces r\u00e9sidentiels, commerciaux et h\u00f4teliers, o\u00f9 il devient un v\u00e9ritable \u00e9l\u00e9ment d\u2019architecture int\u00e9rieure et ext\u00e9rieure.\" \/>\n<meta property=\"og:url\" content=\"https:\/\/homeproject.fr\/fr\/produit\/claustra-mutina-brac-marrone-design-nathalie-du-pasquier\/\" \/>\n<meta property=\"og:site_name\" content=\"Homeproject.fr\" \/>\n<meta property=\"article:modified_time\" content=\"2025-08-29T14:56:54+00:00\" \/>\n<meta property=\"og:image\" content=\"https:\/\/homeproject.fr\/fr\/wp-content\/uploads\/2025\/08\/Brique-claustra-en-terre-cuite-marron-Mutina-Brac-Marrone-dessine-par-Nathalie-du-Pasquier.jpg\" \/>\n\t<meta property=\"og:image:width\" content=\"1500\" \/>\n\t<meta property=\"og:image:height\" content=\"1500\" \/>\n\t<meta property=\"og:image:type\" content=\"image\/jpeg\" \/>\n<meta name=\"twitter:card\" content=\"summary_large_image\" \/>\n<meta name=\"twitter:label1\" content=\"Dur\u00e9e de lecture estim\u00e9e\" \/>\n\t<meta name=\"twitter:data1\" content=\"2 minutes\" \/>\n<script type=\"application\/ld+json\" class=\"yoast-schema-graph\">{\"@context\":\"https:\\\/\\\/schema.org\",\"@graph\":[{\"@type\":\"WebPage\",\"@id\":\"https:\\\/\\\/homeproject.fr\\\/fr\\\/produit\\\/claustra-mutina-brac-marrone-design-nathalie-du-pasquier\\\/\",\"url\":\"https:\\\/\\\/homeproject.fr\\\/fr\\\/produit\\\/claustra-mutina-brac-marrone-design-nathalie-du-pasquier\\\/\",\"name\":\"Claustra Mutina Brac Marrone \u2013 Design Nathalie Du Pasquier - Homeproject.fr\",\"isPartOf\":{\"@id\":\"https:\\\/\\\/homeproject.fr\\\/fr\\\/#website\"},\"primaryImageOfPage\":{\"@id\":\"https:\\\/\\\/homeproject.fr\\\/fr\\\/produit\\\/claustra-mutina-brac-marrone-design-nathalie-du-pasquier\\\/#primaryimage\"},\"image\":{\"@id\":\"https:\\\/\\\/homeproject.fr\\\/fr\\\/produit\\\/claustra-mutina-brac-marrone-design-nathalie-du-pasquier\\\/#primaryimage\"},\"thumbnailUrl\":\"https:\\\/\\\/homeproject.fr\\\/fr\\\/wp-content\\\/uploads\\\/2025\\\/08\\\/Brique-claustra-en-terre-cuite-marron-Mutina-Brac-Marrone-dessine-par-Nathalie-du-Pasquier.jpg\",\"datePublished\":\"2025-08-29T14:54:40+00:00\",\"dateModified\":\"2025-08-29T14:56:54+00:00\",\"breadcrumb\":{\"@id\":\"https:\\\/\\\/homeproject.fr\\\/fr\\\/produit\\\/claustra-mutina-brac-marrone-design-nathalie-du-pasquier\\\/#breadcrumb\"},\"inLanguage\":\"fr-FR\",\"potentialAction\":[{\"@type\":\"ReadAction\",\"target\":[\"https:\\\/\\\/homeproject.fr\\\/fr\\\/produit\\\/claustra-mutina-brac-marrone-design-nathalie-du-pasquier\\\/\"]}]},{\"@type\":\"ImageObject\",\"inLanguage\":\"fr-FR\",\"@id\":\"https:\\\/\\\/homeproject.fr\\\/fr\\\/produit\\\/claustra-mutina-brac-marrone-design-nathalie-du-pasquier\\\/#primaryimage\",\"url\":\"https:\\\/\\\/homeproject.fr\\\/fr\\\/wp-content\\\/uploads\\\/2025\\\/08\\\/Brique-claustra-en-terre-cuite-marron-Mutina-Brac-Marrone-dessine-par-Nathalie-du-Pasquier.jpg\",\"contentUrl\":\"https:\\\/\\\/homeproject.fr\\\/fr\\\/wp-content\\\/uploads\\\/2025\\\/08\\\/Brique-claustra-en-terre-cuite-marron-Mutina-Brac-Marrone-dessine-par-Nathalie-du-Pasquier.jpg\",\"width\":1500,\"height\":1500},{\"@type\":\"BreadcrumbList\",\"@id\":\"https:\\\/\\\/homeproject.fr\\\/fr\\\/produit\\\/claustra-mutina-brac-marrone-design-nathalie-du-pasquier\\\/#breadcrumb\",\"itemListElement\":[{\"@type\":\"ListItem\",\"position\":1,\"name\":\"Accueil\",\"item\":\"https:\\\/\\\/homeproject.fr\\\/fr\\\/\"},{\"@type\":\"ListItem\",\"position\":2,\"name\":\"Boutique\",\"item\":\"https:\\\/\\\/homeproject.fr\\\/fr\\\/boutique\\\/\"},{\"@type\":\"ListItem\",\"position\":3,\"name\":\"Claustra Mutina Brac Marrone \u2013 Design Nathalie Du Pasquier\"}]},{\"@type\":\"WebSite\",\"@id\":\"https:\\\/\\\/homeproject.fr\\\/fr\\\/#website\",\"url\":\"https:\\\/\\\/homeproject.fr\\\/fr\\\/\",\"name\":\"Homeproject.fr\",\"description\":\"Offrez l&#039;exceptionnel \u00e0 vos espaces \u00e0 vivre\",\"publisher\":{\"@id\":\"https:\\\/\\\/homeproject.fr\\\/fr\\\/#organization\"},\"potentialAction\":[{\"@type\":\"SearchAction\",\"target\":{\"@type\":\"EntryPoint\",\"urlTemplate\":\"https:\\\/\\\/homeproject.fr\\\/fr\\\/?s={search_term_string}\"},\"query-input\":{\"@type\":\"PropertyValueSpecification\",\"valueRequired\":true,\"valueName\":\"search_term_string\"}}],\"inLanguage\":\"fr-FR\"},{\"@type\":\"Organization\",\"@id\":\"https:\\\/\\\/homeproject.fr\\\/fr\\\/#organization\",\"name\":\"Homeproject.fr\",\"url\":\"https:\\\/\\\/homeproject.fr\\\/fr\\\/\",\"logo\":{\"@type\":\"ImageObject\",\"inLanguage\":\"fr-FR\",\"@id\":\"https:\\\/\\\/homeproject.fr\\\/fr\\\/#\\\/schema\\\/logo\\\/image\\\/\",\"url\":\"https:\\\/\\\/homeproject.fr\\\/fr\\\/wp-content\\\/uploads\\\/2024\\\/12\\\/Logo_HomeProject-noir-2.png\",\"contentUrl\":\"https:\\\/\\\/homeproject.fr\\\/fr\\\/wp-content\\\/uploads\\\/2024\\\/12\\\/Logo_HomeProject-noir-2.png\",\"width\":300,\"height\":91,\"caption\":\"Homeproject.fr\"},\"image\":{\"@id\":\"https:\\\/\\\/homeproject.fr\\\/fr\\\/#\\\/schema\\\/logo\\\/image\\\/\"}}]}<\/script>\n<!-- \/ Yoast SEO plugin. -->","yoast_head_json":{"title":"Claustra Mutina Brac Marrone \u2013 Design Nathalie Du Pasquier - Homeproject.fr","robots":{"index":"index","follow":"follow","max-snippet":"max-snippet:-1","max-image-preview":"max-image-preview:large","max-video-preview":"max-video-preview:-1"},"canonical":"https:\/\/homeproject.fr\/fr\/produit\/claustra-mutina-brac-marrone-design-nathalie-du-pasquier\/","og_locale":"fr_FR","og_type":"article","og_title":"Claustra Mutina Brac Marrone \u2013 Design Nathalie Du Pasquier - Homeproject.fr","og_description":"Un claustra architectural chaleureux en terre cuite \u00e9maill\u00e9e marron. Le claustra Mutina Brac Marrone est une brique design exclusive, imagin\u00e9e par Nathalie Du Pasquier pour la maison italienne Mutina. R\u00e9alis\u00e9 en terre cuite extrud\u00e9e artisanale, ce module tridimensionnel se distingue par sa finition marron brillante, \u00e0 la fois \u00e9l\u00e9gante et chaleureuse. Pens\u00e9 comme un \u00e9l\u00e9ment modulable, le Brac Marrone peut \u00eatre install\u00e9 verticalement ou horizontalement, permettant de cr\u00e9er des cloisons ajour\u00e9es et des murs d\u00e9coratifs aux jeux d\u2019ombre et de lumi\u00e8re raffin\u00e9s. Sa teinte profonde apporte caract\u00e8re et authenticit\u00e9, id\u00e9ale pour des int\u00e9rieurs contemporains comme pour des projets contract de standing. Ce claustra est parfaitement adapt\u00e9 aux espaces r\u00e9sidentiels, commerciaux et h\u00f4teliers, o\u00f9 il devient un v\u00e9ritable \u00e9l\u00e9ment d\u2019architecture int\u00e9rieure et ext\u00e9rieure.","og_url":"https:\/\/homeproject.fr\/fr\/produit\/claustra-mutina-brac-marrone-design-nathalie-du-pasquier\/","og_site_name":"Homeproject.fr","article_modified_time":"2025-08-29T14:56:54+00:00","og_image":[{"width":1500,"height":1500,"url":"https:\/\/homeproject.fr\/fr\/wp-content\/uploads\/2025\/08\/Brique-claustra-en-terre-cuite-marron-Mutina-Brac-Marrone-dessine-par-Nathalie-du-Pasquier.jpg","type":"image\/jpeg"}],"twitter_card":"summary_large_image","twitter_misc":{"Dur\u00e9e de lecture estim\u00e9e":"2 minutes"},"schema":{"@context":"https:\/\/schema.org","@graph":[{"@type":"WebPage","@id":"https:\/\/homeproject.fr\/fr\/produit\/claustra-mutina-brac-marrone-design-nathalie-du-pasquier\/","url":"https:\/\/homeproject.fr\/fr\/produit\/claustra-mutina-brac-marrone-design-nathalie-du-pasquier\/","name":"Claustra Mutina Brac Marrone \u2013 Design Nathalie Du Pasquier - Homeproject.fr","isPartOf":{"@id":"https:\/\/homeproject.fr\/fr\/#website"},"primaryImageOfPage":{"@id":"https:\/\/homeproject.fr\/fr\/produit\/claustra-mutina-brac-marrone-design-nathalie-du-pasquier\/#primaryimage"},"image":{"@id":"https:\/\/homeproject.fr\/fr\/produit\/claustra-mutina-brac-marrone-design-nathalie-du-pasquier\/#primaryimage"},"thumbnailUrl":"https:\/\/homeproject.fr\/fr\/wp-content\/uploads\/2025\/08\/Brique-claustra-en-terre-cuite-marron-Mutina-Brac-Marrone-dessine-par-Nathalie-du-Pasquier.jpg","datePublished":"2025-08-29T14:54:40+00:00","dateModified":"2025-08-29T14:56:54+00:00","breadcrumb":{"@id":"https:\/\/homeproject.fr\/fr\/produit\/claustra-mutina-brac-marrone-design-nathalie-du-pasquier\/#breadcrumb"},"inLanguage":"fr-FR","potentialAction":[{"@type":"ReadAction","target":["https:\/\/homeproject.fr\/fr\/produit\/claustra-mutina-brac-marrone-design-nathalie-du-pasquier\/"]}]},{"@type":"ImageObject","inLanguage":"fr-FR","@id":"https:\/\/homeproject.fr\/fr\/produit\/claustra-mutina-brac-marrone-design-nathalie-du-pasquier\/#primaryimage","url":"https:\/\/homeproject.fr\/fr\/wp-content\/uploads\/2025\/08\/Brique-claustra-en-terre-cuite-marron-Mutina-Brac-Marrone-dessine-par-Nathalie-du-Pasquier.jpg","contentUrl":"https:\/\/homeproject.fr\/fr\/wp-content\/uploads\/2025\/08\/Brique-claustra-en-terre-cuite-marron-Mutina-Brac-Marrone-dessine-par-Nathalie-du-Pasquier.jpg","width":1500,"height":1500},{"@type":"BreadcrumbList","@id":"https:\/\/homeproject.fr\/fr\/produit\/claustra-mutina-brac-marrone-design-nathalie-du-pasquier\/#breadcrumb","itemListElement":[{"@type":"ListItem","position":1,"name":"Accueil","item":"https:\/\/homeproject.fr\/fr\/"},{"@type":"ListItem","position":2,"name":"Boutique","item":"https:\/\/homeproject.fr\/fr\/boutique\/"},{"@type":"ListItem","position":3,"name":"Claustra Mutina Brac Marrone \u2013 Design Nathalie Du Pasquier"}]},{"@type":"WebSite","@id":"https:\/\/homeproject.fr\/fr\/#website","url":"https:\/\/homeproject.fr\/fr\/","name":"Homeproject.fr","description":"Offrez l&#039;exceptionnel \u00e0 vos espaces \u00e0 vivre","publisher":{"@id":"https:\/\/homeproject.fr\/fr\/#organization"},"potentialAction":[{"@type":"SearchAction","target":{"@type":"EntryPoint","urlTemplate":"https:\/\/homeproject.fr\/fr\/?s={search_term_string}"},"query-input":{"@type":"PropertyValueSpecification","valueRequired":true,"valueName":"search_term_string"}}],"inLanguage":"fr-FR"},{"@type":"Organization","@id":"https:\/\/homeproject.fr\/fr\/#organization","name":"Homeproject.fr","url":"https:\/\/homeproject.fr\/fr\/","logo":{"@type":"ImageObject","inLanguage":"fr-FR","@id":"https:\/\/homeproject.fr\/fr\/#\/schema\/logo\/image\/","url":"https:\/\/homeproject.fr\/fr\/wp-content\/uploads\/2024\/12\/Logo_HomeProject-noir-2.png","contentUrl":"https:\/\/homeproject.fr\/fr\/wp-content\/uploads\/2024\/12\/Logo_HomeProject-noir-2.png","width":300,"height":91,"caption":"Homeproject.fr"},"image":{"@id":"https:\/\/homeproject.fr\/fr\/#\/schema\/logo\/image\/"}}]}},"_links":{"self":[{"href":"https:\/\/homeproject.fr\/fr\/wp-json\/wp\/v2\/product\/15459","targetHints":{"allow":["GET"]}}],"collection":[{"href":"https:\/\/homeproject.fr\/fr\/wp-json\/wp\/v2\/product"}],"about":[{"href":"https:\/\/homeproject.fr\/fr\/wp-json\/wp\/v2\/types\/product"}],"version-history":[{"count":1,"href":"https:\/\/homeproject.fr\/fr\/wp-json\/wp\/v2\/product\/15459\/revisions"}],"predecessor-version":[{"id":15461,"href":"https:\/\/homeproject.fr\/fr\/wp-json\/wp\/v2\/product\/15459\/revisions\/15461"}],"wp:featuredmedia":[{"embeddable":true,"href":"https:\/\/homeproject.fr\/fr\/wp-json\/wp\/v2\/media\/15460"}],"wp:attachment":[{"href":"https:\/\/homeproject.fr\/fr\/wp-json\/wp\/v2\/media?parent=15459"}],"wp:term":[{"taxonomy":"product_brand","embeddable":true,"href":"https:\/\/homeproject.fr\/fr\/wp-json\/wp\/v2\/product_brand?post=15459"},{"taxonomy":"product_cat","embeddable":true,"href":"https:\/\/homeproject.fr\/fr\/wp-json\/wp\/v2\/product_cat?post=15459"},{"taxonomy":"product_tag","embeddable":true,"href":"https:\/\/homeproject.fr\/fr\/wp-json\/wp\/v2\/product_tag?post=15459"}],"curies":[{"name":"wp","href":"https:\/\/api.w.org\/{rel}","templated":true}]}}