{"id":15456,"date":"2025-08-29T14:42:37","date_gmt":"2025-08-29T14:42:37","guid":{"rendered":"https:\/\/homeproject.fr\/fr\/?post_type=product&#038;p=15456"},"modified":"2025-08-29T14:52:48","modified_gmt":"2025-08-29T14:52:48","slug":"claustra-mutina-brac-nero-design-nathalie-du-pasquier","status":"publish","type":"product","link":"https:\/\/homeproject.fr\/fr\/produit\/claustra-mutina-brac-nero-design-nathalie-du-pasquier\/","title":{"rendered":"Claustra Mutina Brac Nero \u2013 Design Nathalie Du Pasquier"},"content":{"rendered":"<h2 data-start=\"1033\" data-end=\"1063\">Caract\u00e9ristiques techniques<\/h2>\n<ul data-start=\"1064\" data-end=\"1617\">\n<li data-start=\"1064\" data-end=\"1120\">\n<p data-start=\"1066\" data-end=\"1120\"><strong data-start=\"1066\" data-end=\"1080\">Designer :<\/strong> Nathalie Du Pasquier (Mutina, Italie)<\/p>\n<\/li>\n<li data-start=\"1121\" data-end=\"1146\">\n<p data-start=\"1123\" data-end=\"1146\"><strong data-start=\"1123\" data-end=\"1139\">Collection :<\/strong> Brac<\/p>\n<\/li>\n<li data-start=\"1147\" data-end=\"1193\">\n<p data-start=\"1149\" data-end=\"1193\"><strong data-start=\"1149\" data-end=\"1162\">Couleur :<\/strong> Nero (\u00e9maill\u00e9 brillant noir)<\/p>\n<\/li>\n<li data-start=\"1194\" data-end=\"1240\">\n<p data-start=\"1196\" data-end=\"1240\"><strong data-start=\"1196\" data-end=\"1222\">Dimensions nominales :<\/strong> 22 \u00d7 12,5 \u00d7 10 cm<\/p>\n<\/li>\n<li data-start=\"1241\" data-end=\"1291\">\n<p data-start=\"1243\" data-end=\"1291\"><strong data-start=\"1243\" data-end=\"1257\">Mat\u00e9riau :<\/strong> Terre cuite extrud\u00e9e artisanale<\/p>\n<\/li>\n<li data-start=\"1292\" data-end=\"1382\">\n<p data-start=\"1294\" data-end=\"1382\"><strong data-start=\"1294\" data-end=\"1311\">Utilisation :<\/strong> Int\u00e9rieur et ext\u00e9rieur (norme UNI EN 772-22 \u2013 exposition mod\u00e9r\u00e9e F1)<\/p>\n<\/li>\n<li data-start=\"1383\" data-end=\"1465\">\n<p data-start=\"1385\" data-end=\"1465\"><strong data-start=\"1385\" data-end=\"1395\">Pose :<\/strong> Uniquement en <strong data-start=\"1410\" data-end=\"1440\">d\u00e9cal\u00e9 (pose en quinconce)<\/strong> pour plus de stabilit\u00e9<\/p>\n<\/li>\n<li data-start=\"1466\" data-end=\"1537\">\n<p data-start=\"1468\" data-end=\"1537\"><strong data-start=\"1468\" data-end=\"1486\">Consommation :<\/strong> env. 35 \u00e0 42 pi\u00e8ces \/ m\u00b2 selon le sch\u00e9ma de pose<\/p>\n<\/li>\n<li data-start=\"1538\" data-end=\"1579\">\n<p data-start=\"1540\" data-end=\"1579\"><strong data-start=\"1540\" data-end=\"1573\">Hauteur maximale conseill\u00e9e :<\/strong> 4 m<\/p>\n<\/li>\n<li data-start=\"1580\" data-end=\"1617\">\n<p data-start=\"1582\" data-end=\"1617\"><strong data-start=\"1582\" data-end=\"1602\">Poids unitaire :<\/strong> env. 1,35 kg<\/p>\n<\/li>\n<\/ul>\n<h2 data-start=\"1077\" data-end=\"1107\"><img fetchpriority=\"high\" decoding=\"async\" class=\"alignnone size-full wp-image-15438\" style=\"font-size: 14px;\" src=\"https:\/\/homeproject.fr\/fr\/wp-content\/uploads\/2025\/08\/schemadeposebrac.jpg\" alt=\"\" width=\"1026\" height=\"259\" srcset=\"https:\/\/homeproject.fr\/fr\/wp-content\/uploads\/2025\/08\/schemadeposebrac.jpg 1026w, https:\/\/homeproject.fr\/fr\/wp-content\/uploads\/2025\/08\/schemadeposebrac-840x212.jpg 840w, https:\/\/homeproject.fr\/fr\/wp-content\/uploads\/2025\/08\/schemadeposebrac-300x76.jpg 300w, https:\/\/homeproject.fr\/fr\/wp-content\/uploads\/2025\/08\/schemadeposebrac-1024x258.jpg 1024w, https:\/\/homeproject.fr\/fr\/wp-content\/uploads\/2025\/08\/schemadeposebrac-768x194.jpg 768w, https:\/\/homeproject.fr\/fr\/wp-content\/uploads\/2025\/08\/schemadeposebrac-18x5.jpg 18w\" sizes=\"(max-width: 1026px) 100vw, 1026px\" \/><\/h2>\n<h2 data-start=\"1619\" data-end=\"1644\">Avantages du Brac Nero<\/h2>\n<ul data-start=\"1645\" data-end=\"1975\">\n<li data-start=\"1645\" data-end=\"1712\">\n<p data-start=\"1647\" data-end=\"1712\">Design exclusif par une <strong data-start=\"1671\" data-end=\"1710\">figure majeure du mouvement Memphis<\/strong><\/p>\n<\/li>\n<li data-start=\"1713\" data-end=\"1779\">\n<p data-start=\"1715\" data-end=\"1779\"><strong data-start=\"1715\" data-end=\"1740\">Noir brillant intense<\/strong> : \u00e9l\u00e9gant, graphique et contemporain<\/p>\n<\/li>\n<li data-start=\"1780\" data-end=\"1849\">\n<p data-start=\"1782\" data-end=\"1849\">Cloison ajour\u00e9e cr\u00e9ant des <strong data-start=\"1809\" data-end=\"1847\">jeux d\u2019ombre et de lumi\u00e8re uniques<\/strong><\/p>\n<\/li>\n<li data-start=\"1850\" data-end=\"1900\">\n<p data-start=\"1852\" data-end=\"1900\">Fabrication artisanale italienne haut de gamme<\/p>\n<\/li>\n<li data-start=\"1901\" data-end=\"1975\">\n<p data-start=\"1903\" data-end=\"1975\">Convient aux projets <strong data-start=\"1924\" data-end=\"1973\">design r\u00e9sidentiels, commerciaux et h\u00f4teliers<\/strong><\/p>\n<\/li>\n<\/ul>\n<h2 data-start=\"1977\" data-end=\"1992\">Applications<\/h2>\n<ul data-start=\"1993\" data-end=\"2255\">\n<li data-start=\"1993\" data-end=\"2046\">\n<p data-start=\"1995\" data-end=\"2046\">Cloisons d\u00e9coratives int\u00e9rieures au style affirm\u00e9<\/p>\n<\/li>\n<li data-start=\"2047\" data-end=\"2119\">\n<p data-start=\"2049\" data-end=\"2119\">S\u00e9parateurs d\u2019espaces dans salons, bureaux, restaurants et showrooms<\/p>\n<\/li>\n<li data-start=\"2120\" data-end=\"2185\">\n<p data-start=\"2122\" data-end=\"2185\">Claustras pour h\u00f4tels et projets architecturaux contemporains<\/p>\n<\/li>\n<li data-start=\"2186\" data-end=\"2255\">\n<p data-start=\"2188\" data-end=\"2255\">Murs ajour\u00e9s design pour terrasses et espaces ext\u00e9rieurs raffin\u00e9s<\/p>\n<\/li>\n<\/ul>\n<hr data-start=\"2324\" data-end=\"2327\" \/>\n<h2 data-start=\"1235\" data-end=\"1267\"><strong style=\"font-size: 1.875rem;\">Vous avez des questions ?<\/strong><\/h2>\n<style id=\"wpforms-css-vars-3675\">\n\t\t\t\t#wpforms-3675 {\n\t\t\t\t\n\t\t\t}\n\t\t\t<\/style><div class=\"wpforms-container wpforms-container-full wpforms-render-modern\" id=\"wpforms-3675\"><form id=\"wpforms-form-3675\" class=\"wpforms-validate wpforms-form wpforms-ajax-form\" data-formid=\"3675\" method=\"post\" enctype=\"multipart\/form-data\" action=\"\/fr\/wp-json\/wp\/v2\/product\/15456\" data-token=\"9d579c4fe014830de7f99f3dcbfaaa07\" data-token-time=\"1777522447\"><noscript class=\"wpforms-error-noscript\">Veuillez activer JavaScript dans votre navigateur pour remplir ce formulaire.<\/noscript><div id=\"wpforms-error-noscript\" style=\"display: none;\">Veuillez activer JavaScript dans votre navigateur pour remplir ce formulaire.<\/div><div class=\"wpforms-field-container\">\t\t<div id=\"wpforms-3675-field_1-container\"\n\t\t\tclass=\"wpforms-field wpforms-field-text\"\n\t\t\tdata-field-type=\"text\"\n\t\t\tdata-field-id=\"1\"\n\t\t\t>\n\t\t\t<label class=\"wpforms-field-label\" for=\"wpforms-3675-field_1\" >E-mail Nom Message<\/label>\n\t\t\t<input type=\"text\" id=\"wpforms-3675-field_1\" class=\"wpforms-field-medium\" name=\"wpforms[fields][1]\" >\n\t\t<\/div>\n\t\t<div id=\"wpforms-3675-field_3-container\" class=\"wpforms-field wpforms-field-name\" data-field-id=\"3\"><fieldset><legend class=\"wpforms-field-label\">Nom <span class=\"wpforms-required-label\" aria-hidden=\"true\">*<\/span><\/legend><div class=\"wpforms-field-row wpforms-field-medium\"><div class=\"wpforms-field-row-block wpforms-first wpforms-one-half\"><input type=\"text\" id=\"wpforms-3675-field_3\" class=\"wpforms-field-name-first wpforms-field-required\" name=\"wpforms[fields][3][first]\" aria-errormessage=\"wpforms-3675-field_3-error\" required><label for=\"wpforms-3675-field_3\" class=\"wpforms-field-sublabel after\">Pr\u00e9nom<\/label><\/div><div class=\"wpforms-field-row-block wpforms-one-half\"><input type=\"text\" id=\"wpforms-3675-field_3-last\" class=\"wpforms-field-name-last wpforms-field-required\" name=\"wpforms[fields][3][last]\" aria-errormessage=\"wpforms-3675-field_3-last-error\" required><label for=\"wpforms-3675-field_3-last\" class=\"wpforms-field-sublabel after\">Nom<\/label><\/div><\/div><\/fieldset><\/div><div id=\"wpforms-3675-field_4-container\" class=\"wpforms-field wpforms-field-email\" data-field-id=\"4\"><label class=\"wpforms-field-label\" for=\"wpforms-3675-field_4\">E-mail <span class=\"wpforms-required-label\" aria-hidden=\"true\">*<\/span><\/label><input type=\"email\" id=\"wpforms-3675-field_4\" class=\"wpforms-field-medium wpforms-field-required\" name=\"wpforms[fields][4]\" spellcheck=\"false\" aria-errormessage=\"wpforms-3675-field_4-error\" required><\/div><div id=\"wpforms-3675-field_5-container\" class=\"wpforms-field wpforms-field-textarea\" data-field-id=\"5\"><label class=\"wpforms-field-label\" for=\"wpforms-3675-field_5\">Message <span class=\"wpforms-required-label\" aria-hidden=\"true\">*<\/span><\/label><textarea id=\"wpforms-3675-field_5\" class=\"wpforms-field-medium wpforms-field-required\" name=\"wpforms[fields][5]\" aria-errormessage=\"wpforms-3675-field_5-error\" required><\/textarea><\/div><script>\n\t\t\t\t( function() {\n\t\t\t\t\tconst style = document.createElement( 'style' );\n\t\t\t\t\tstyle.appendChild( document.createTextNode( '#wpforms-3675-field_1-container { position: absolute !important; overflow: hidden !important; display: inline !important; height: 1px !important; width: 1px !important; z-index: -1000 !important; padding: 0 !important; } #wpforms-3675-field_1-container input { visibility: hidden; } #wpforms-conversational-form-page #wpforms-3675-field_1-container label { counter-increment: none; }' ) );\n\t\t\t\t\tdocument.head.appendChild( style );\n\t\t\t\t\tdocument.currentScript?.remove();\n\t\t\t\t} )();\n\t\t\t<\/script><\/div><!-- .wpforms-field-container --><div class=\"wpforms-submit-container\" ><input type=\"hidden\" name=\"wpforms[id]\" value=\"3675\"><input type=\"hidden\" name=\"page_title\" value=\"\"><input type=\"hidden\" name=\"page_url\" value=\"https:\/\/homeproject.fr\/fr\/wp-json\/wp\/v2\/product\/15456\"><input type=\"hidden\" name=\"url_referer\" value=\"\"><button type=\"submit\" name=\"wpforms[submit]\" id=\"wpforms-submit-3675\" class=\"wpforms-submit\" data-alt-text=\"Envoi...\" data-submit-text=\"Envoyer\" aria-live=\"assertive\" value=\"wpforms-submit\">Envoyer<\/button><img decoding=\"async\" src=\"https:\/\/homeproject.fr\/fr\/wp-content\/plugins\/wpforms-lite\/assets\/images\/submit-spin.svg\" class=\"wpforms-submit-spinner\" style=\"display: none;\" width=\"26\" height=\"26\" alt=\"Chargement en cours\"><\/div><\/form><\/div>  <!-- .wpforms-container -->\n","protected":false},"excerpt":{"rendered":"<p data-start=\"167\" data-end=\"237\"><strong data-start=\"167\" data-end=\"237\">Un claustra architectural audacieux en terre cuite \u00e9maill\u00e9e noire.<\/strong><\/p>\n<p data-start=\"267\" data-end=\"552\">Le <strong data-start=\"270\" data-end=\"299\">claustra Mutina Brac Nero<\/strong> est une cr\u00e9ation design exclusive sign\u00e9e <strong data-start=\"341\" data-end=\"365\">Nathalie Du Pasquier<\/strong> pour la maison italienne <strong data-start=\"391\" data-end=\"401\">Mutina<\/strong>. Fabriqu\u00e9 en <strong data-start=\"415\" data-end=\"450\">terre cuite extrud\u00e9e artisanale<\/strong>, ce module tridimensionnel se distingue par sa finition noire brillante, \u00e9l\u00e9gante et contemporaine.<\/p>\n<p data-start=\"554\" data-end=\"870\">Pens\u00e9 comme un \u00e9l\u00e9ment architectural modulable, le Brac Nero peut \u00eatre dispos\u00e9 <strong data-start=\"633\" data-end=\"669\">verticalement ou horizontalement<\/strong>, permettant la r\u00e9alisation de murs ajour\u00e9s et de cloisons originales. Son noir intense capte la lumi\u00e8re et cr\u00e9e des <strong data-start=\"786\" data-end=\"820\">jeux de contrastes saisissants<\/strong>, conf\u00e9rant caract\u00e8re et profondeur aux espaces.<\/p>\n<p data-start=\"872\" data-end=\"1031\">Le Brac Nero est une solution d\u00e9corative haut de gamme, adapt\u00e9e aussi bien aux <strong data-start=\"951\" data-end=\"975\">espaces r\u00e9sidentiels<\/strong> qu\u2019aux <strong data-start=\"983\" data-end=\"1030\">projets commerciaux, h\u00f4teliers et culturels<\/strong>.<\/p>\n","protected":false},"featured_media":15457,"template":"","meta":{"_uf_show_specific_survey":0,"_uf_disable_surveys":false,"iawp_total_views":24},"product_brand":[620],"product_cat":[20,194],"product_tag":[],"class_list":{"0":"post-15456","1":"product","2":"type-product","3":"status-publish","4":"has-post-thumbnail","6":"product_brand-mutina","7":"product_cat-carrelage","8":"product_cat-claustras","9":"product_shipping_class-carrelage","10":"pa_collection-brac-par-mutina","11":"pa_designer-nathalie-du-pasquier","12":"pa_dimensions-nominales-22x125","13":"pa_effet-claustra","14":"pa_epaisseur-100mm","15":"pa_marque-mutina","17":"first","18":"instock","19":"sale","20":"taxable","21":"shipping-taxable","22":"purchasable","23":"product-type-simple"},"yoast_head":"<!-- This site is optimized with the Yoast SEO plugin v27.5 - https:\/\/yoast.com\/product\/yoast-seo-wordpress\/ -->\n<title>Claustra Mutina Brac Nero \u2013 Design Nathalie Du Pasquier - Homeproject.fr<\/title>\n<meta name=\"robots\" content=\"index, follow, max-snippet:-1, max-image-preview:large, max-video-preview:-1\" \/>\n<link rel=\"canonical\" href=\"https:\/\/homeproject.fr\/fr\/produit\/claustra-mutina-brac-nero-design-nathalie-du-pasquier\/\" \/>\n<meta property=\"og:locale\" content=\"fr_FR\" \/>\n<meta property=\"og:type\" content=\"article\" \/>\n<meta property=\"og:title\" content=\"Claustra Mutina Brac Nero \u2013 Design Nathalie Du Pasquier - Homeproject.fr\" \/>\n<meta property=\"og:description\" content=\"Un claustra architectural audacieux en terre cuite \u00e9maill\u00e9e noire. Le claustra Mutina Brac Nero est une cr\u00e9ation design exclusive sign\u00e9e Nathalie Du Pasquier pour la maison italienne Mutina. Fabriqu\u00e9 en terre cuite extrud\u00e9e artisanale, ce module tridimensionnel se distingue par sa finition noire brillante, \u00e9l\u00e9gante et contemporaine. Pens\u00e9 comme un \u00e9l\u00e9ment architectural modulable, le Brac Nero peut \u00eatre dispos\u00e9 verticalement ou horizontalement, permettant la r\u00e9alisation de murs ajour\u00e9s et de cloisons originales. Son noir intense capte la lumi\u00e8re et cr\u00e9e des jeux de contrastes saisissants, conf\u00e9rant caract\u00e8re et profondeur aux espaces. Le Brac Nero est une solution d\u00e9corative haut de gamme, adapt\u00e9e aussi bien aux espaces r\u00e9sidentiels qu\u2019aux projets commerciaux, h\u00f4teliers et culturels.\" \/>\n<meta property=\"og:url\" content=\"https:\/\/homeproject.fr\/fr\/produit\/claustra-mutina-brac-nero-design-nathalie-du-pasquier\/\" \/>\n<meta property=\"og:site_name\" content=\"Homeproject.fr\" \/>\n<meta property=\"article:modified_time\" content=\"2025-08-29T14:52:48+00:00\" \/>\n<meta property=\"og:image\" content=\"https:\/\/homeproject.fr\/fr\/wp-content\/uploads\/2025\/08\/Brique-claustra-en-terre-cuite-noire-Mutina-Brac-Nero-dessine-par-Nathalie-du-Pasquier.jpg\" \/>\n\t<meta property=\"og:image:width\" content=\"1500\" \/>\n\t<meta property=\"og:image:height\" content=\"1500\" \/>\n\t<meta property=\"og:image:type\" content=\"image\/jpeg\" \/>\n<meta name=\"twitter:card\" content=\"summary_large_image\" \/>\n<meta name=\"twitter:label1\" content=\"Dur\u00e9e de lecture estim\u00e9e\" \/>\n\t<meta name=\"twitter:data1\" content=\"2 minutes\" \/>\n<script type=\"application\/ld+json\" class=\"yoast-schema-graph\">{\"@context\":\"https:\\\/\\\/schema.org\",\"@graph\":[{\"@type\":\"WebPage\",\"@id\":\"https:\\\/\\\/homeproject.fr\\\/fr\\\/produit\\\/claustra-mutina-brac-nero-design-nathalie-du-pasquier\\\/\",\"url\":\"https:\\\/\\\/homeproject.fr\\\/fr\\\/produit\\\/claustra-mutina-brac-nero-design-nathalie-du-pasquier\\\/\",\"name\":\"Claustra Mutina Brac Nero \u2013 Design Nathalie Du Pasquier - Homeproject.fr\",\"isPartOf\":{\"@id\":\"https:\\\/\\\/homeproject.fr\\\/fr\\\/#website\"},\"primaryImageOfPage\":{\"@id\":\"https:\\\/\\\/homeproject.fr\\\/fr\\\/produit\\\/claustra-mutina-brac-nero-design-nathalie-du-pasquier\\\/#primaryimage\"},\"image\":{\"@id\":\"https:\\\/\\\/homeproject.fr\\\/fr\\\/produit\\\/claustra-mutina-brac-nero-design-nathalie-du-pasquier\\\/#primaryimage\"},\"thumbnailUrl\":\"https:\\\/\\\/homeproject.fr\\\/fr\\\/wp-content\\\/uploads\\\/2025\\\/08\\\/Brique-claustra-en-terre-cuite-noire-Mutina-Brac-Nero-dessine-par-Nathalie-du-Pasquier.jpg\",\"datePublished\":\"2025-08-29T14:42:37+00:00\",\"dateModified\":\"2025-08-29T14:52:48+00:00\",\"breadcrumb\":{\"@id\":\"https:\\\/\\\/homeproject.fr\\\/fr\\\/produit\\\/claustra-mutina-brac-nero-design-nathalie-du-pasquier\\\/#breadcrumb\"},\"inLanguage\":\"fr-FR\",\"potentialAction\":[{\"@type\":\"ReadAction\",\"target\":[\"https:\\\/\\\/homeproject.fr\\\/fr\\\/produit\\\/claustra-mutina-brac-nero-design-nathalie-du-pasquier\\\/\"]}]},{\"@type\":\"ImageObject\",\"inLanguage\":\"fr-FR\",\"@id\":\"https:\\\/\\\/homeproject.fr\\\/fr\\\/produit\\\/claustra-mutina-brac-nero-design-nathalie-du-pasquier\\\/#primaryimage\",\"url\":\"https:\\\/\\\/homeproject.fr\\\/fr\\\/wp-content\\\/uploads\\\/2025\\\/08\\\/Brique-claustra-en-terre-cuite-noire-Mutina-Brac-Nero-dessine-par-Nathalie-du-Pasquier.jpg\",\"contentUrl\":\"https:\\\/\\\/homeproject.fr\\\/fr\\\/wp-content\\\/uploads\\\/2025\\\/08\\\/Brique-claustra-en-terre-cuite-noire-Mutina-Brac-Nero-dessine-par-Nathalie-du-Pasquier.jpg\",\"width\":1500,\"height\":1500},{\"@type\":\"BreadcrumbList\",\"@id\":\"https:\\\/\\\/homeproject.fr\\\/fr\\\/produit\\\/claustra-mutina-brac-nero-design-nathalie-du-pasquier\\\/#breadcrumb\",\"itemListElement\":[{\"@type\":\"ListItem\",\"position\":1,\"name\":\"Accueil\",\"item\":\"https:\\\/\\\/homeproject.fr\\\/fr\\\/\"},{\"@type\":\"ListItem\",\"position\":2,\"name\":\"Boutique\",\"item\":\"https:\\\/\\\/homeproject.fr\\\/fr\\\/boutique\\\/\"},{\"@type\":\"ListItem\",\"position\":3,\"name\":\"Claustra Mutina Brac Nero \u2013 Design Nathalie Du Pasquier\"}]},{\"@type\":\"WebSite\",\"@id\":\"https:\\\/\\\/homeproject.fr\\\/fr\\\/#website\",\"url\":\"https:\\\/\\\/homeproject.fr\\\/fr\\\/\",\"name\":\"Homeproject.fr\",\"description\":\"Offrez l&#039;exceptionnel \u00e0 vos espaces \u00e0 vivre\",\"publisher\":{\"@id\":\"https:\\\/\\\/homeproject.fr\\\/fr\\\/#organization\"},\"potentialAction\":[{\"@type\":\"SearchAction\",\"target\":{\"@type\":\"EntryPoint\",\"urlTemplate\":\"https:\\\/\\\/homeproject.fr\\\/fr\\\/?s={search_term_string}\"},\"query-input\":{\"@type\":\"PropertyValueSpecification\",\"valueRequired\":true,\"valueName\":\"search_term_string\"}}],\"inLanguage\":\"fr-FR\"},{\"@type\":\"Organization\",\"@id\":\"https:\\\/\\\/homeproject.fr\\\/fr\\\/#organization\",\"name\":\"Homeproject.fr\",\"url\":\"https:\\\/\\\/homeproject.fr\\\/fr\\\/\",\"logo\":{\"@type\":\"ImageObject\",\"inLanguage\":\"fr-FR\",\"@id\":\"https:\\\/\\\/homeproject.fr\\\/fr\\\/#\\\/schema\\\/logo\\\/image\\\/\",\"url\":\"https:\\\/\\\/homeproject.fr\\\/fr\\\/wp-content\\\/uploads\\\/2024\\\/12\\\/Logo_HomeProject-noir-2.png\",\"contentUrl\":\"https:\\\/\\\/homeproject.fr\\\/fr\\\/wp-content\\\/uploads\\\/2024\\\/12\\\/Logo_HomeProject-noir-2.png\",\"width\":300,\"height\":91,\"caption\":\"Homeproject.fr\"},\"image\":{\"@id\":\"https:\\\/\\\/homeproject.fr\\\/fr\\\/#\\\/schema\\\/logo\\\/image\\\/\"}}]}<\/script>\n<!-- \/ Yoast SEO plugin. -->","yoast_head_json":{"title":"Claustra Mutina Brac Nero \u2013 Design Nathalie Du Pasquier - Homeproject.fr","robots":{"index":"index","follow":"follow","max-snippet":"max-snippet:-1","max-image-preview":"max-image-preview:large","max-video-preview":"max-video-preview:-1"},"canonical":"https:\/\/homeproject.fr\/fr\/produit\/claustra-mutina-brac-nero-design-nathalie-du-pasquier\/","og_locale":"fr_FR","og_type":"article","og_title":"Claustra Mutina Brac Nero \u2013 Design Nathalie Du Pasquier - Homeproject.fr","og_description":"Un claustra architectural audacieux en terre cuite \u00e9maill\u00e9e noire. Le claustra Mutina Brac Nero est une cr\u00e9ation design exclusive sign\u00e9e Nathalie Du Pasquier pour la maison italienne Mutina. Fabriqu\u00e9 en terre cuite extrud\u00e9e artisanale, ce module tridimensionnel se distingue par sa finition noire brillante, \u00e9l\u00e9gante et contemporaine. Pens\u00e9 comme un \u00e9l\u00e9ment architectural modulable, le Brac Nero peut \u00eatre dispos\u00e9 verticalement ou horizontalement, permettant la r\u00e9alisation de murs ajour\u00e9s et de cloisons originales. Son noir intense capte la lumi\u00e8re et cr\u00e9e des jeux de contrastes saisissants, conf\u00e9rant caract\u00e8re et profondeur aux espaces. Le Brac Nero est une solution d\u00e9corative haut de gamme, adapt\u00e9e aussi bien aux espaces r\u00e9sidentiels qu\u2019aux projets commerciaux, h\u00f4teliers et culturels.","og_url":"https:\/\/homeproject.fr\/fr\/produit\/claustra-mutina-brac-nero-design-nathalie-du-pasquier\/","og_site_name":"Homeproject.fr","article_modified_time":"2025-08-29T14:52:48+00:00","og_image":[{"width":1500,"height":1500,"url":"https:\/\/homeproject.fr\/fr\/wp-content\/uploads\/2025\/08\/Brique-claustra-en-terre-cuite-noire-Mutina-Brac-Nero-dessine-par-Nathalie-du-Pasquier.jpg","type":"image\/jpeg"}],"twitter_card":"summary_large_image","twitter_misc":{"Dur\u00e9e de lecture estim\u00e9e":"2 minutes"},"schema":{"@context":"https:\/\/schema.org","@graph":[{"@type":"WebPage","@id":"https:\/\/homeproject.fr\/fr\/produit\/claustra-mutina-brac-nero-design-nathalie-du-pasquier\/","url":"https:\/\/homeproject.fr\/fr\/produit\/claustra-mutina-brac-nero-design-nathalie-du-pasquier\/","name":"Claustra Mutina Brac Nero \u2013 Design Nathalie Du Pasquier - Homeproject.fr","isPartOf":{"@id":"https:\/\/homeproject.fr\/fr\/#website"},"primaryImageOfPage":{"@id":"https:\/\/homeproject.fr\/fr\/produit\/claustra-mutina-brac-nero-design-nathalie-du-pasquier\/#primaryimage"},"image":{"@id":"https:\/\/homeproject.fr\/fr\/produit\/claustra-mutina-brac-nero-design-nathalie-du-pasquier\/#primaryimage"},"thumbnailUrl":"https:\/\/homeproject.fr\/fr\/wp-content\/uploads\/2025\/08\/Brique-claustra-en-terre-cuite-noire-Mutina-Brac-Nero-dessine-par-Nathalie-du-Pasquier.jpg","datePublished":"2025-08-29T14:42:37+00:00","dateModified":"2025-08-29T14:52:48+00:00","breadcrumb":{"@id":"https:\/\/homeproject.fr\/fr\/produit\/claustra-mutina-brac-nero-design-nathalie-du-pasquier\/#breadcrumb"},"inLanguage":"fr-FR","potentialAction":[{"@type":"ReadAction","target":["https:\/\/homeproject.fr\/fr\/produit\/claustra-mutina-brac-nero-design-nathalie-du-pasquier\/"]}]},{"@type":"ImageObject","inLanguage":"fr-FR","@id":"https:\/\/homeproject.fr\/fr\/produit\/claustra-mutina-brac-nero-design-nathalie-du-pasquier\/#primaryimage","url":"https:\/\/homeproject.fr\/fr\/wp-content\/uploads\/2025\/08\/Brique-claustra-en-terre-cuite-noire-Mutina-Brac-Nero-dessine-par-Nathalie-du-Pasquier.jpg","contentUrl":"https:\/\/homeproject.fr\/fr\/wp-content\/uploads\/2025\/08\/Brique-claustra-en-terre-cuite-noire-Mutina-Brac-Nero-dessine-par-Nathalie-du-Pasquier.jpg","width":1500,"height":1500},{"@type":"BreadcrumbList","@id":"https:\/\/homeproject.fr\/fr\/produit\/claustra-mutina-brac-nero-design-nathalie-du-pasquier\/#breadcrumb","itemListElement":[{"@type":"ListItem","position":1,"name":"Accueil","item":"https:\/\/homeproject.fr\/fr\/"},{"@type":"ListItem","position":2,"name":"Boutique","item":"https:\/\/homeproject.fr\/fr\/boutique\/"},{"@type":"ListItem","position":3,"name":"Claustra Mutina Brac Nero \u2013 Design Nathalie Du Pasquier"}]},{"@type":"WebSite","@id":"https:\/\/homeproject.fr\/fr\/#website","url":"https:\/\/homeproject.fr\/fr\/","name":"Homeproject.fr","description":"Offrez l&#039;exceptionnel \u00e0 vos espaces \u00e0 vivre","publisher":{"@id":"https:\/\/homeproject.fr\/fr\/#organization"},"potentialAction":[{"@type":"SearchAction","target":{"@type":"EntryPoint","urlTemplate":"https:\/\/homeproject.fr\/fr\/?s={search_term_string}"},"query-input":{"@type":"PropertyValueSpecification","valueRequired":true,"valueName":"search_term_string"}}],"inLanguage":"fr-FR"},{"@type":"Organization","@id":"https:\/\/homeproject.fr\/fr\/#organization","name":"Homeproject.fr","url":"https:\/\/homeproject.fr\/fr\/","logo":{"@type":"ImageObject","inLanguage":"fr-FR","@id":"https:\/\/homeproject.fr\/fr\/#\/schema\/logo\/image\/","url":"https:\/\/homeproject.fr\/fr\/wp-content\/uploads\/2024\/12\/Logo_HomeProject-noir-2.png","contentUrl":"https:\/\/homeproject.fr\/fr\/wp-content\/uploads\/2024\/12\/Logo_HomeProject-noir-2.png","width":300,"height":91,"caption":"Homeproject.fr"},"image":{"@id":"https:\/\/homeproject.fr\/fr\/#\/schema\/logo\/image\/"}}]}},"_links":{"self":[{"href":"https:\/\/homeproject.fr\/fr\/wp-json\/wp\/v2\/product\/15456","targetHints":{"allow":["GET"]}}],"collection":[{"href":"https:\/\/homeproject.fr\/fr\/wp-json\/wp\/v2\/product"}],"about":[{"href":"https:\/\/homeproject.fr\/fr\/wp-json\/wp\/v2\/types\/product"}],"version-history":[{"count":1,"href":"https:\/\/homeproject.fr\/fr\/wp-json\/wp\/v2\/product\/15456\/revisions"}],"predecessor-version":[{"id":15458,"href":"https:\/\/homeproject.fr\/fr\/wp-json\/wp\/v2\/product\/15456\/revisions\/15458"}],"wp:featuredmedia":[{"embeddable":true,"href":"https:\/\/homeproject.fr\/fr\/wp-json\/wp\/v2\/media\/15457"}],"wp:attachment":[{"href":"https:\/\/homeproject.fr\/fr\/wp-json\/wp\/v2\/media?parent=15456"}],"wp:term":[{"taxonomy":"product_brand","embeddable":true,"href":"https:\/\/homeproject.fr\/fr\/wp-json\/wp\/v2\/product_brand?post=15456"},{"taxonomy":"product_cat","embeddable":true,"href":"https:\/\/homeproject.fr\/fr\/wp-json\/wp\/v2\/product_cat?post=15456"},{"taxonomy":"product_tag","embeddable":true,"href":"https:\/\/homeproject.fr\/fr\/wp-json\/wp\/v2\/product_tag?post=15456"}],"curies":[{"name":"wp","href":"https:\/\/api.w.org\/{rel}","templated":true}]}}