{"id":15453,"date":"2025-08-29T14:23:15","date_gmt":"2025-08-29T14:23:15","guid":{"rendered":"https:\/\/homeproject.fr\/fr\/?post_type=product&#038;p=15453"},"modified":"2025-08-29T14:41:42","modified_gmt":"2025-08-29T14:41:42","slug":"claustra-mutina-brac-salvia-design-nathalie-du-pasquier","status":"publish","type":"product","link":"https:\/\/homeproject.fr\/fr\/produit\/claustra-mutina-brac-salvia-design-nathalie-du-pasquier\/","title":{"rendered":"Claustra Mutina Brac Salvia \u2013 Design Nathalie Du Pasquier"},"content":{"rendered":"<h2 data-start=\"1077\" data-end=\"1107\">Caract\u00e9ristiques techniques<\/h2>\n<ul data-start=\"1108\" data-end=\"1671\">\n<li data-start=\"1108\" data-end=\"1164\">\n<p data-start=\"1110\" data-end=\"1164\"><strong data-start=\"1110\" data-end=\"1124\">Designer :<\/strong> Nathalie Du Pasquier (Mutina, Italie)<\/p>\n<\/li>\n<li data-start=\"1165\" data-end=\"1190\">\n<p data-start=\"1167\" data-end=\"1190\"><strong data-start=\"1167\" data-end=\"1183\">Collection :<\/strong> Brac<\/p>\n<\/li>\n<li data-start=\"1191\" data-end=\"1239\">\n<p data-start=\"1193\" data-end=\"1239\"><strong data-start=\"1193\" data-end=\"1206\">Couleur :<\/strong> Salvia (\u00e9maill\u00e9 brillant vert)<\/p>\n<\/li>\n<li data-start=\"1240\" data-end=\"1286\">\n<p data-start=\"1242\" data-end=\"1286\"><strong data-start=\"1242\" data-end=\"1268\">Dimensions nominales :<\/strong> 22 \u00d7 13 \u00d7 10 cm<\/p>\n<\/li>\n<li data-start=\"1287\" data-end=\"1337\">\n<p data-start=\"1289\" data-end=\"1337\"><strong data-start=\"1289\" data-end=\"1303\">Mat\u00e9riau :<\/strong> Terre cuite extrud\u00e9e artisanale<\/p>\n<\/li>\n<li data-start=\"1338\" data-end=\"1428\">\n<p data-start=\"1340\" data-end=\"1428\"><strong data-start=\"1340\" data-end=\"1357\">Utilisation :<\/strong> Int\u00e9rieur et ext\u00e9rieur (norme UNI EN 772-22 \u2013 exposition mod\u00e9r\u00e9e F1)<\/p>\n<\/li>\n<li data-start=\"1429\" data-end=\"1519\">\n<p data-start=\"1431\" data-end=\"1519\"><strong data-start=\"1431\" data-end=\"1441\">Pose :<\/strong> Exclusivement en <strong data-start=\"1459\" data-end=\"1489\">d\u00e9cal\u00e9 (pose en quinconce)<\/strong> pour une stabilit\u00e9 optimale<\/p>\n<\/li>\n<li data-start=\"1520\" data-end=\"1591\">\n<p data-start=\"1522\" data-end=\"1591\"><strong data-start=\"1522\" data-end=\"1540\">Consommation :<\/strong> env. 35 \u00e0 42 pi\u00e8ces \/ m\u00b2 selon le sch\u00e9ma de pose<\/p>\n<\/li>\n<li data-start=\"1592\" data-end=\"1633\">\n<p data-start=\"1594\" data-end=\"1633\"><strong data-start=\"1594\" data-end=\"1627\">Hauteur maximale conseill\u00e9e :<\/strong> 4 m<\/p>\n<\/li>\n<li data-start=\"1634\" data-end=\"1671\">\n<p data-start=\"1636\" data-end=\"1671\"><strong data-start=\"1636\" data-end=\"1656\">Poids unitaire :<\/strong> env. 1,35 kg<\/p>\n<\/li>\n<\/ul>\n<p><img fetchpriority=\"high\" decoding=\"async\" class=\"alignnone size-full wp-image-15438\" src=\"https:\/\/homeproject.fr\/fr\/wp-content\/uploads\/2025\/08\/schemadeposebrac.jpg\" alt=\"\" width=\"1026\" height=\"259\" srcset=\"https:\/\/homeproject.fr\/fr\/wp-content\/uploads\/2025\/08\/schemadeposebrac.jpg 1026w, https:\/\/homeproject.fr\/fr\/wp-content\/uploads\/2025\/08\/schemadeposebrac-840x212.jpg 840w, https:\/\/homeproject.fr\/fr\/wp-content\/uploads\/2025\/08\/schemadeposebrac-300x76.jpg 300w, https:\/\/homeproject.fr\/fr\/wp-content\/uploads\/2025\/08\/schemadeposebrac-1024x258.jpg 1024w, https:\/\/homeproject.fr\/fr\/wp-content\/uploads\/2025\/08\/schemadeposebrac-768x194.jpg 768w, https:\/\/homeproject.fr\/fr\/wp-content\/uploads\/2025\/08\/schemadeposebrac-18x5.jpg 18w\" sizes=\"(max-width: 1026px) 100vw, 1026px\" \/><\/p>\n<h2 data-start=\"1673\" data-end=\"1697\">Atouts du Brac Salvia<\/h2>\n<ul data-start=\"1698\" data-end=\"2039\">\n<li data-start=\"1698\" data-end=\"1779\">\n<p data-start=\"1700\" data-end=\"1779\"><strong data-start=\"1700\" data-end=\"1737\">Finition \u00e9maill\u00e9e verte brillante<\/strong> pour une atmosph\u00e8re fra\u00eeche et \u00e9l\u00e9gante<\/p>\n<\/li>\n<li data-start=\"1780\" data-end=\"1845\">\n<p data-start=\"1782\" data-end=\"1845\">Design exclusif sign\u00e9 par une figure du mouvement <strong data-start=\"1832\" data-end=\"1843\">Memphis<\/strong><\/p>\n<\/li>\n<li data-start=\"1846\" data-end=\"1913\">\n<p data-start=\"1848\" data-end=\"1913\"><strong data-start=\"1848\" data-end=\"1878\">Jeux de lumi\u00e8re et d\u2019ombre<\/strong> qui cr\u00e9ent des ambiances uniques<\/p>\n<\/li>\n<li data-start=\"1914\" data-end=\"1973\">\n<p data-start=\"1916\" data-end=\"1973\">Fabrication artisanale italienne, qualit\u00e9 haut de gamme<\/p>\n<\/li>\n<li data-start=\"1974\" data-end=\"2039\">\n<p data-start=\"1976\" data-end=\"2039\">Adapt\u00e9 aux <strong data-start=\"1987\" data-end=\"2037\">projets r\u00e9sidentiels, h\u00f4teliers et commerciaux<\/strong><\/p>\n<\/li>\n<\/ul>\n<h2 data-start=\"2041\" data-end=\"2066\">Applications possibles<\/h2>\n<ul data-start=\"2067\" data-end=\"2322\">\n<li data-start=\"2067\" data-end=\"2115\">\n<p data-start=\"2069\" data-end=\"2115\">Cloisons d\u00e9coratives int\u00e9rieures vert design<\/p>\n<\/li>\n<li data-start=\"2116\" data-end=\"2181\">\n<p data-start=\"2118\" data-end=\"2181\">S\u00e9parations d\u2019espaces dans un salon, une cuisine ou un bureau<\/p>\n<\/li>\n<li data-start=\"2182\" data-end=\"2256\">\n<p data-start=\"2184\" data-end=\"2256\">Claustras architecturaux pour h\u00f4tels, restaurants et espaces culturels<\/p>\n<\/li>\n<li data-start=\"2257\" data-end=\"2322\">\n<p data-start=\"2259\" data-end=\"2322\">Am\u00e9nagements ext\u00e9rieurs raffin\u00e9s (terrasses, patios, jardins)<\/p>\n<\/li>\n<\/ul>\n<hr data-start=\"2324\" data-end=\"2327\" \/>\n<h2 data-start=\"1235\" data-end=\"1267\"><strong style=\"font-size: 1.875rem;\">Vous avez des questions ?<\/strong><\/h2>\n<style id=\"wpforms-css-vars-3675\">\n\t\t\t\t#wpforms-3675 {\n\t\t\t\t\n\t\t\t}\n\t\t\t<\/style><div class=\"wpforms-container wpforms-container-full wpforms-render-modern\" id=\"wpforms-3675\"><form id=\"wpforms-form-3675\" class=\"wpforms-validate wpforms-form wpforms-ajax-form\" data-formid=\"3675\" method=\"post\" enctype=\"multipart\/form-data\" action=\"\/fr\/wp-json\/wp\/v2\/product\/15453\" data-token=\"9d579c4fe014830de7f99f3dcbfaaa07\" data-token-time=\"1777525993\"><noscript class=\"wpforms-error-noscript\">Veuillez activer JavaScript dans votre navigateur pour remplir ce formulaire.<\/noscript><div id=\"wpforms-error-noscript\" style=\"display: none;\">Veuillez activer JavaScript dans votre navigateur pour remplir ce formulaire.<\/div><div class=\"wpforms-field-container\">\t\t<div id=\"wpforms-3675-field_1-container\"\n\t\t\tclass=\"wpforms-field wpforms-field-text\"\n\t\t\tdata-field-type=\"text\"\n\t\t\tdata-field-id=\"1\"\n\t\t\t>\n\t\t\t<label class=\"wpforms-field-label\" for=\"wpforms-3675-field_1\" >Message E-mail Nom<\/label>\n\t\t\t<input type=\"text\" id=\"wpforms-3675-field_1\" class=\"wpforms-field-medium\" name=\"wpforms[fields][1]\" >\n\t\t<\/div>\n\t\t<div id=\"wpforms-3675-field_3-container\" class=\"wpforms-field wpforms-field-name\" data-field-id=\"3\"><fieldset><legend class=\"wpforms-field-label\">Nom <span class=\"wpforms-required-label\" aria-hidden=\"true\">*<\/span><\/legend><div class=\"wpforms-field-row wpforms-field-medium\"><div class=\"wpforms-field-row-block wpforms-first wpforms-one-half\"><input type=\"text\" id=\"wpforms-3675-field_3\" class=\"wpforms-field-name-first wpforms-field-required\" name=\"wpforms[fields][3][first]\" aria-errormessage=\"wpforms-3675-field_3-error\" required><label for=\"wpforms-3675-field_3\" class=\"wpforms-field-sublabel after\">Pr\u00e9nom<\/label><\/div><div class=\"wpforms-field-row-block wpforms-one-half\"><input type=\"text\" id=\"wpforms-3675-field_3-last\" class=\"wpforms-field-name-last wpforms-field-required\" name=\"wpforms[fields][3][last]\" aria-errormessage=\"wpforms-3675-field_3-last-error\" required><label for=\"wpforms-3675-field_3-last\" class=\"wpforms-field-sublabel after\">Nom<\/label><\/div><\/div><\/fieldset><\/div><div id=\"wpforms-3675-field_4-container\" class=\"wpforms-field wpforms-field-email\" data-field-id=\"4\"><label class=\"wpforms-field-label\" for=\"wpforms-3675-field_4\">E-mail <span class=\"wpforms-required-label\" aria-hidden=\"true\">*<\/span><\/label><input type=\"email\" id=\"wpforms-3675-field_4\" class=\"wpforms-field-medium wpforms-field-required\" name=\"wpforms[fields][4]\" spellcheck=\"false\" aria-errormessage=\"wpforms-3675-field_4-error\" required><\/div><div id=\"wpforms-3675-field_5-container\" class=\"wpforms-field wpforms-field-textarea\" data-field-id=\"5\"><label class=\"wpforms-field-label\" for=\"wpforms-3675-field_5\">Message <span class=\"wpforms-required-label\" aria-hidden=\"true\">*<\/span><\/label><textarea id=\"wpforms-3675-field_5\" class=\"wpforms-field-medium wpforms-field-required\" name=\"wpforms[fields][5]\" aria-errormessage=\"wpforms-3675-field_5-error\" required><\/textarea><\/div><script>\n\t\t\t\t( function() {\n\t\t\t\t\tconst style = document.createElement( 'style' );\n\t\t\t\t\tstyle.appendChild( document.createTextNode( '#wpforms-3675-field_1-container { position: absolute !important; overflow: hidden !important; display: inline !important; height: 1px !important; width: 1px !important; z-index: -1000 !important; padding: 0 !important; } #wpforms-3675-field_1-container input { visibility: hidden; } #wpforms-conversational-form-page #wpforms-3675-field_1-container label { counter-increment: none; }' ) );\n\t\t\t\t\tdocument.head.appendChild( style );\n\t\t\t\t\tdocument.currentScript?.remove();\n\t\t\t\t} )();\n\t\t\t<\/script><\/div><!-- .wpforms-field-container --><div class=\"wpforms-submit-container\" ><input type=\"hidden\" name=\"wpforms[id]\" value=\"3675\"><input type=\"hidden\" name=\"page_title\" value=\"\"><input type=\"hidden\" name=\"page_url\" value=\"https:\/\/homeproject.fr\/fr\/wp-json\/wp\/v2\/product\/15453\"><input type=\"hidden\" name=\"url_referer\" value=\"\"><button type=\"submit\" name=\"wpforms[submit]\" id=\"wpforms-submit-3675\" class=\"wpforms-submit\" data-alt-text=\"Envoi...\" data-submit-text=\"Envoyer\" aria-live=\"assertive\" value=\"wpforms-submit\">Envoyer<\/button><img decoding=\"async\" src=\"https:\/\/homeproject.fr\/fr\/wp-content\/plugins\/wpforms-lite\/assets\/images\/submit-spin.svg\" class=\"wpforms-submit-spinner\" style=\"display: none;\" width=\"26\" height=\"26\" alt=\"Chargement en cours\"><\/div><\/form><\/div>  <!-- .wpforms-container -->\n","protected":false},"excerpt":{"rendered":"<p data-start=\"182\" data-end=\"245\"><strong data-start=\"182\" data-end=\"245\">Une cloison ajour\u00e9e raffin\u00e9e en terre cuite \u00e9maill\u00e9e verte.<\/strong><\/p>\n<p data-start=\"275\" data-end=\"590\">Le <strong data-start=\"278\" data-end=\"309\">claustra Mutina Brac Salvia<\/strong> est une brique architecturale design cr\u00e9\u00e9e par <strong data-start=\"357\" data-end=\"381\">Nathalie Du Pasquier<\/strong> pour la maison italienne <strong data-start=\"407\" data-end=\"417\">Mutina<\/strong>. R\u00e9alis\u00e9 en terre cuite extrud\u00e9e artisanale, ce module tridimensionnel permet de composer des <strong data-start=\"512\" data-end=\"537\">murs ajour\u00e9s \u00e9l\u00e9gants<\/strong> qui jouent subtilement avec la lumi\u00e8re et l\u2019ombre.<\/p>\n<p data-start=\"592\" data-end=\"912\">Sa finition \u00e9maill\u00e9e brillante couleur <strong data-start=\"631\" data-end=\"641\">Salvia<\/strong>, un vert sophistiqu\u00e9 et apaisant, apporte une touche naturelle et contemporaine \u00e0 tous les espaces. Gr\u00e2ce \u00e0 son design graphique, le Brac Salvia transforme une cloison en <strong data-start=\"813\" data-end=\"845\">\u00e9l\u00e9ment d\u00e9coratif sculptural<\/strong>, id\u00e9al pour des projets d\u2019am\u00e9nagement int\u00e9rieur comme ext\u00e9rieur.<\/p>\n<p data-start=\"914\" data-end=\"1075\">Alliant la chaleur de la terre cuite et la modernit\u00e9 de l\u2019\u00e9mail, ce claustra est pens\u00e9 pour les <strong data-start=\"1010\" data-end=\"1074\">espaces r\u00e9sidentiels, commerciaux et h\u00f4teliers haut de gamme<\/strong>.<\/p>\n","protected":false},"featured_media":15454,"template":"","meta":{"_uf_show_specific_survey":0,"_uf_disable_surveys":false,"iawp_total_views":19},"product_brand":[620],"product_cat":[20,194],"product_tag":[],"class_list":{"0":"post-15453","1":"product","2":"type-product","3":"status-publish","4":"has-post-thumbnail","6":"product_brand-mutina","7":"product_cat-carrelage","8":"product_cat-claustras","9":"product_shipping_class-carrelage","10":"pa_collection-brac-par-mutina","11":"pa_designer-nathalie-du-pasquier","12":"pa_dimensions-nominales-22x125","13":"pa_effet-claustra","14":"pa_epaisseur-100mm","15":"pa_marque-mutina","17":"first","18":"instock","19":"sale","20":"taxable","21":"shipping-taxable","22":"purchasable","23":"product-type-simple"},"yoast_head":"<!-- This site is optimized with the Yoast SEO plugin v27.5 - https:\/\/yoast.com\/product\/yoast-seo-wordpress\/ -->\n<title>Claustra Mutina Brac Salvia \u2013 Design Nathalie Du Pasquier - Homeproject.fr<\/title>\n<meta name=\"robots\" content=\"index, follow, max-snippet:-1, max-image-preview:large, max-video-preview:-1\" \/>\n<link rel=\"canonical\" href=\"https:\/\/homeproject.fr\/fr\/produit\/claustra-mutina-brac-salvia-design-nathalie-du-pasquier\/\" \/>\n<meta property=\"og:locale\" content=\"fr_FR\" \/>\n<meta property=\"og:type\" content=\"article\" \/>\n<meta property=\"og:title\" content=\"Claustra Mutina Brac Salvia \u2013 Design Nathalie Du Pasquier - Homeproject.fr\" \/>\n<meta property=\"og:description\" content=\"Une cloison ajour\u00e9e raffin\u00e9e en terre cuite \u00e9maill\u00e9e verte. Le claustra Mutina Brac Salvia est une brique architecturale design cr\u00e9\u00e9e par Nathalie Du Pasquier pour la maison italienne Mutina. R\u00e9alis\u00e9 en terre cuite extrud\u00e9e artisanale, ce module tridimensionnel permet de composer des murs ajour\u00e9s \u00e9l\u00e9gants qui jouent subtilement avec la lumi\u00e8re et l\u2019ombre. Sa finition \u00e9maill\u00e9e brillante couleur Salvia, un vert sophistiqu\u00e9 et apaisant, apporte une touche naturelle et contemporaine \u00e0 tous les espaces. Gr\u00e2ce \u00e0 son design graphique, le Brac Salvia transforme une cloison en \u00e9l\u00e9ment d\u00e9coratif sculptural, id\u00e9al pour des projets d\u2019am\u00e9nagement int\u00e9rieur comme ext\u00e9rieur. Alliant la chaleur de la terre cuite et la modernit\u00e9 de l\u2019\u00e9mail, ce claustra est pens\u00e9 pour les espaces r\u00e9sidentiels, commerciaux et h\u00f4teliers haut de gamme.\" \/>\n<meta property=\"og:url\" content=\"https:\/\/homeproject.fr\/fr\/produit\/claustra-mutina-brac-salvia-design-nathalie-du-pasquier\/\" \/>\n<meta property=\"og:site_name\" content=\"Homeproject.fr\" \/>\n<meta property=\"article:modified_time\" content=\"2025-08-29T14:41:42+00:00\" \/>\n<meta property=\"og:image\" content=\"https:\/\/homeproject.fr\/fr\/wp-content\/uploads\/2025\/08\/Brique-claustra-en-terre-cuite-verte-Mutina-Brac-Salvia-dessine-par-Nathalie-du-Pasquier.jpg\" \/>\n\t<meta property=\"og:image:width\" content=\"1500\" \/>\n\t<meta property=\"og:image:height\" content=\"1500\" \/>\n\t<meta property=\"og:image:type\" content=\"image\/jpeg\" \/>\n<meta name=\"twitter:card\" content=\"summary_large_image\" \/>\n<meta name=\"twitter:label1\" content=\"Dur\u00e9e de lecture estim\u00e9e\" \/>\n\t<meta name=\"twitter:data1\" content=\"2 minutes\" \/>\n<script type=\"application\/ld+json\" class=\"yoast-schema-graph\">{\"@context\":\"https:\\\/\\\/schema.org\",\"@graph\":[{\"@type\":\"WebPage\",\"@id\":\"https:\\\/\\\/homeproject.fr\\\/fr\\\/produit\\\/claustra-mutina-brac-salvia-design-nathalie-du-pasquier\\\/\",\"url\":\"https:\\\/\\\/homeproject.fr\\\/fr\\\/produit\\\/claustra-mutina-brac-salvia-design-nathalie-du-pasquier\\\/\",\"name\":\"Claustra Mutina Brac Salvia \u2013 Design Nathalie Du Pasquier - Homeproject.fr\",\"isPartOf\":{\"@id\":\"https:\\\/\\\/homeproject.fr\\\/fr\\\/#website\"},\"primaryImageOfPage\":{\"@id\":\"https:\\\/\\\/homeproject.fr\\\/fr\\\/produit\\\/claustra-mutina-brac-salvia-design-nathalie-du-pasquier\\\/#primaryimage\"},\"image\":{\"@id\":\"https:\\\/\\\/homeproject.fr\\\/fr\\\/produit\\\/claustra-mutina-brac-salvia-design-nathalie-du-pasquier\\\/#primaryimage\"},\"thumbnailUrl\":\"https:\\\/\\\/homeproject.fr\\\/fr\\\/wp-content\\\/uploads\\\/2025\\\/08\\\/Brique-claustra-en-terre-cuite-verte-Mutina-Brac-Salvia-dessine-par-Nathalie-du-Pasquier.jpg\",\"datePublished\":\"2025-08-29T14:23:15+00:00\",\"dateModified\":\"2025-08-29T14:41:42+00:00\",\"breadcrumb\":{\"@id\":\"https:\\\/\\\/homeproject.fr\\\/fr\\\/produit\\\/claustra-mutina-brac-salvia-design-nathalie-du-pasquier\\\/#breadcrumb\"},\"inLanguage\":\"fr-FR\",\"potentialAction\":[{\"@type\":\"ReadAction\",\"target\":[\"https:\\\/\\\/homeproject.fr\\\/fr\\\/produit\\\/claustra-mutina-brac-salvia-design-nathalie-du-pasquier\\\/\"]}]},{\"@type\":\"ImageObject\",\"inLanguage\":\"fr-FR\",\"@id\":\"https:\\\/\\\/homeproject.fr\\\/fr\\\/produit\\\/claustra-mutina-brac-salvia-design-nathalie-du-pasquier\\\/#primaryimage\",\"url\":\"https:\\\/\\\/homeproject.fr\\\/fr\\\/wp-content\\\/uploads\\\/2025\\\/08\\\/Brique-claustra-en-terre-cuite-verte-Mutina-Brac-Salvia-dessine-par-Nathalie-du-Pasquier.jpg\",\"contentUrl\":\"https:\\\/\\\/homeproject.fr\\\/fr\\\/wp-content\\\/uploads\\\/2025\\\/08\\\/Brique-claustra-en-terre-cuite-verte-Mutina-Brac-Salvia-dessine-par-Nathalie-du-Pasquier.jpg\",\"width\":1500,\"height\":1500},{\"@type\":\"BreadcrumbList\",\"@id\":\"https:\\\/\\\/homeproject.fr\\\/fr\\\/produit\\\/claustra-mutina-brac-salvia-design-nathalie-du-pasquier\\\/#breadcrumb\",\"itemListElement\":[{\"@type\":\"ListItem\",\"position\":1,\"name\":\"Accueil\",\"item\":\"https:\\\/\\\/homeproject.fr\\\/fr\\\/\"},{\"@type\":\"ListItem\",\"position\":2,\"name\":\"Boutique\",\"item\":\"https:\\\/\\\/homeproject.fr\\\/fr\\\/boutique\\\/\"},{\"@type\":\"ListItem\",\"position\":3,\"name\":\"Claustra Mutina Brac Salvia \u2013 Design Nathalie Du Pasquier\"}]},{\"@type\":\"WebSite\",\"@id\":\"https:\\\/\\\/homeproject.fr\\\/fr\\\/#website\",\"url\":\"https:\\\/\\\/homeproject.fr\\\/fr\\\/\",\"name\":\"Homeproject.fr\",\"description\":\"Offrez l&#039;exceptionnel \u00e0 vos espaces \u00e0 vivre\",\"publisher\":{\"@id\":\"https:\\\/\\\/homeproject.fr\\\/fr\\\/#organization\"},\"potentialAction\":[{\"@type\":\"SearchAction\",\"target\":{\"@type\":\"EntryPoint\",\"urlTemplate\":\"https:\\\/\\\/homeproject.fr\\\/fr\\\/?s={search_term_string}\"},\"query-input\":{\"@type\":\"PropertyValueSpecification\",\"valueRequired\":true,\"valueName\":\"search_term_string\"}}],\"inLanguage\":\"fr-FR\"},{\"@type\":\"Organization\",\"@id\":\"https:\\\/\\\/homeproject.fr\\\/fr\\\/#organization\",\"name\":\"Homeproject.fr\",\"url\":\"https:\\\/\\\/homeproject.fr\\\/fr\\\/\",\"logo\":{\"@type\":\"ImageObject\",\"inLanguage\":\"fr-FR\",\"@id\":\"https:\\\/\\\/homeproject.fr\\\/fr\\\/#\\\/schema\\\/logo\\\/image\\\/\",\"url\":\"https:\\\/\\\/homeproject.fr\\\/fr\\\/wp-content\\\/uploads\\\/2024\\\/12\\\/Logo_HomeProject-noir-2.png\",\"contentUrl\":\"https:\\\/\\\/homeproject.fr\\\/fr\\\/wp-content\\\/uploads\\\/2024\\\/12\\\/Logo_HomeProject-noir-2.png\",\"width\":300,\"height\":91,\"caption\":\"Homeproject.fr\"},\"image\":{\"@id\":\"https:\\\/\\\/homeproject.fr\\\/fr\\\/#\\\/schema\\\/logo\\\/image\\\/\"}}]}<\/script>\n<!-- \/ Yoast SEO plugin. -->","yoast_head_json":{"title":"Claustra Mutina Brac Salvia \u2013 Design Nathalie Du Pasquier - Homeproject.fr","robots":{"index":"index","follow":"follow","max-snippet":"max-snippet:-1","max-image-preview":"max-image-preview:large","max-video-preview":"max-video-preview:-1"},"canonical":"https:\/\/homeproject.fr\/fr\/produit\/claustra-mutina-brac-salvia-design-nathalie-du-pasquier\/","og_locale":"fr_FR","og_type":"article","og_title":"Claustra Mutina Brac Salvia \u2013 Design Nathalie Du Pasquier - Homeproject.fr","og_description":"Une cloison ajour\u00e9e raffin\u00e9e en terre cuite \u00e9maill\u00e9e verte. Le claustra Mutina Brac Salvia est une brique architecturale design cr\u00e9\u00e9e par Nathalie Du Pasquier pour la maison italienne Mutina. R\u00e9alis\u00e9 en terre cuite extrud\u00e9e artisanale, ce module tridimensionnel permet de composer des murs ajour\u00e9s \u00e9l\u00e9gants qui jouent subtilement avec la lumi\u00e8re et l\u2019ombre. Sa finition \u00e9maill\u00e9e brillante couleur Salvia, un vert sophistiqu\u00e9 et apaisant, apporte une touche naturelle et contemporaine \u00e0 tous les espaces. Gr\u00e2ce \u00e0 son design graphique, le Brac Salvia transforme une cloison en \u00e9l\u00e9ment d\u00e9coratif sculptural, id\u00e9al pour des projets d\u2019am\u00e9nagement int\u00e9rieur comme ext\u00e9rieur. Alliant la chaleur de la terre cuite et la modernit\u00e9 de l\u2019\u00e9mail, ce claustra est pens\u00e9 pour les espaces r\u00e9sidentiels, commerciaux et h\u00f4teliers haut de gamme.","og_url":"https:\/\/homeproject.fr\/fr\/produit\/claustra-mutina-brac-salvia-design-nathalie-du-pasquier\/","og_site_name":"Homeproject.fr","article_modified_time":"2025-08-29T14:41:42+00:00","og_image":[{"width":1500,"height":1500,"url":"https:\/\/homeproject.fr\/fr\/wp-content\/uploads\/2025\/08\/Brique-claustra-en-terre-cuite-verte-Mutina-Brac-Salvia-dessine-par-Nathalie-du-Pasquier.jpg","type":"image\/jpeg"}],"twitter_card":"summary_large_image","twitter_misc":{"Dur\u00e9e de lecture estim\u00e9e":"2 minutes"},"schema":{"@context":"https:\/\/schema.org","@graph":[{"@type":"WebPage","@id":"https:\/\/homeproject.fr\/fr\/produit\/claustra-mutina-brac-salvia-design-nathalie-du-pasquier\/","url":"https:\/\/homeproject.fr\/fr\/produit\/claustra-mutina-brac-salvia-design-nathalie-du-pasquier\/","name":"Claustra Mutina Brac Salvia \u2013 Design Nathalie Du Pasquier - Homeproject.fr","isPartOf":{"@id":"https:\/\/homeproject.fr\/fr\/#website"},"primaryImageOfPage":{"@id":"https:\/\/homeproject.fr\/fr\/produit\/claustra-mutina-brac-salvia-design-nathalie-du-pasquier\/#primaryimage"},"image":{"@id":"https:\/\/homeproject.fr\/fr\/produit\/claustra-mutina-brac-salvia-design-nathalie-du-pasquier\/#primaryimage"},"thumbnailUrl":"https:\/\/homeproject.fr\/fr\/wp-content\/uploads\/2025\/08\/Brique-claustra-en-terre-cuite-verte-Mutina-Brac-Salvia-dessine-par-Nathalie-du-Pasquier.jpg","datePublished":"2025-08-29T14:23:15+00:00","dateModified":"2025-08-29T14:41:42+00:00","breadcrumb":{"@id":"https:\/\/homeproject.fr\/fr\/produit\/claustra-mutina-brac-salvia-design-nathalie-du-pasquier\/#breadcrumb"},"inLanguage":"fr-FR","potentialAction":[{"@type":"ReadAction","target":["https:\/\/homeproject.fr\/fr\/produit\/claustra-mutina-brac-salvia-design-nathalie-du-pasquier\/"]}]},{"@type":"ImageObject","inLanguage":"fr-FR","@id":"https:\/\/homeproject.fr\/fr\/produit\/claustra-mutina-brac-salvia-design-nathalie-du-pasquier\/#primaryimage","url":"https:\/\/homeproject.fr\/fr\/wp-content\/uploads\/2025\/08\/Brique-claustra-en-terre-cuite-verte-Mutina-Brac-Salvia-dessine-par-Nathalie-du-Pasquier.jpg","contentUrl":"https:\/\/homeproject.fr\/fr\/wp-content\/uploads\/2025\/08\/Brique-claustra-en-terre-cuite-verte-Mutina-Brac-Salvia-dessine-par-Nathalie-du-Pasquier.jpg","width":1500,"height":1500},{"@type":"BreadcrumbList","@id":"https:\/\/homeproject.fr\/fr\/produit\/claustra-mutina-brac-salvia-design-nathalie-du-pasquier\/#breadcrumb","itemListElement":[{"@type":"ListItem","position":1,"name":"Accueil","item":"https:\/\/homeproject.fr\/fr\/"},{"@type":"ListItem","position":2,"name":"Boutique","item":"https:\/\/homeproject.fr\/fr\/boutique\/"},{"@type":"ListItem","position":3,"name":"Claustra Mutina Brac Salvia \u2013 Design Nathalie Du Pasquier"}]},{"@type":"WebSite","@id":"https:\/\/homeproject.fr\/fr\/#website","url":"https:\/\/homeproject.fr\/fr\/","name":"Homeproject.fr","description":"Offrez l&#039;exceptionnel \u00e0 vos espaces \u00e0 vivre","publisher":{"@id":"https:\/\/homeproject.fr\/fr\/#organization"},"potentialAction":[{"@type":"SearchAction","target":{"@type":"EntryPoint","urlTemplate":"https:\/\/homeproject.fr\/fr\/?s={search_term_string}"},"query-input":{"@type":"PropertyValueSpecification","valueRequired":true,"valueName":"search_term_string"}}],"inLanguage":"fr-FR"},{"@type":"Organization","@id":"https:\/\/homeproject.fr\/fr\/#organization","name":"Homeproject.fr","url":"https:\/\/homeproject.fr\/fr\/","logo":{"@type":"ImageObject","inLanguage":"fr-FR","@id":"https:\/\/homeproject.fr\/fr\/#\/schema\/logo\/image\/","url":"https:\/\/homeproject.fr\/fr\/wp-content\/uploads\/2024\/12\/Logo_HomeProject-noir-2.png","contentUrl":"https:\/\/homeproject.fr\/fr\/wp-content\/uploads\/2024\/12\/Logo_HomeProject-noir-2.png","width":300,"height":91,"caption":"Homeproject.fr"},"image":{"@id":"https:\/\/homeproject.fr\/fr\/#\/schema\/logo\/image\/"}}]}},"_links":{"self":[{"href":"https:\/\/homeproject.fr\/fr\/wp-json\/wp\/v2\/product\/15453","targetHints":{"allow":["GET"]}}],"collection":[{"href":"https:\/\/homeproject.fr\/fr\/wp-json\/wp\/v2\/product"}],"about":[{"href":"https:\/\/homeproject.fr\/fr\/wp-json\/wp\/v2\/types\/product"}],"version-history":[{"count":1,"href":"https:\/\/homeproject.fr\/fr\/wp-json\/wp\/v2\/product\/15453\/revisions"}],"predecessor-version":[{"id":15455,"href":"https:\/\/homeproject.fr\/fr\/wp-json\/wp\/v2\/product\/15453\/revisions\/15455"}],"wp:featuredmedia":[{"embeddable":true,"href":"https:\/\/homeproject.fr\/fr\/wp-json\/wp\/v2\/media\/15454"}],"wp:attachment":[{"href":"https:\/\/homeproject.fr\/fr\/wp-json\/wp\/v2\/media?parent=15453"}],"wp:term":[{"taxonomy":"product_brand","embeddable":true,"href":"https:\/\/homeproject.fr\/fr\/wp-json\/wp\/v2\/product_brand?post=15453"},{"taxonomy":"product_cat","embeddable":true,"href":"https:\/\/homeproject.fr\/fr\/wp-json\/wp\/v2\/product_cat?post=15453"},{"taxonomy":"product_tag","embeddable":true,"href":"https:\/\/homeproject.fr\/fr\/wp-json\/wp\/v2\/product_tag?post=15453"}],"curies":[{"name":"wp","href":"https:\/\/api.w.org\/{rel}","templated":true}]}}