{"id":15449,"date":"2025-08-29T14:10:14","date_gmt":"2025-08-29T14:10:14","guid":{"rendered":"https:\/\/homeproject.fr\/fr\/?post_type=product&#038;p=15449"},"modified":"2025-08-29T14:16:57","modified_gmt":"2025-08-29T14:16:57","slug":"claustra-mutina-brac-bianco-design-nathalie-du-pasquier","status":"publish","type":"product","link":"https:\/\/homeproject.fr\/fr\/produit\/claustra-mutina-brac-bianco-design-nathalie-du-pasquier\/","title":{"rendered":"Claustra Mutina Brac Bianco \u2013 Design Nathalie Du Pasquier"},"content":{"rendered":"<h2 data-start=\"1102\" data-end=\"1132\">Caract\u00e9ristiques techniques<\/h2>\n<ul data-start=\"1133\" data-end=\"1706\">\n<li data-start=\"1133\" data-end=\"1172\">\n<p data-start=\"1135\" data-end=\"1172\"><strong data-start=\"1135\" data-end=\"1149\">Designer :<\/strong> Nathalie Du Pasquier<\/p>\n<\/li>\n<li data-start=\"1173\" data-end=\"1208\">\n<p data-start=\"1175\" data-end=\"1208\"><strong data-start=\"1175\" data-end=\"1190\">Fabricant :<\/strong> Mutina (Italie)<\/p>\n<\/li>\n<li data-start=\"1209\" data-end=\"1234\">\n<p data-start=\"1211\" data-end=\"1234\"><strong data-start=\"1211\" data-end=\"1227\">Collection :<\/strong> Brac<\/p>\n<\/li>\n<li data-start=\"1235\" data-end=\"1278\">\n<p data-start=\"1237\" data-end=\"1278\"><strong data-start=\"1237\" data-end=\"1250\">Couleur :<\/strong> Bianco (\u00e9maill\u00e9 brillant)<\/p>\n<\/li>\n<li data-start=\"1279\" data-end=\"1325\">\n<p data-start=\"1281\" data-end=\"1325\"><strong data-start=\"1281\" data-end=\"1307\">Dimensions nominales :<\/strong> 22 \u00d7 12,5 \u00d7 10 cm<\/p>\n<\/li>\n<li data-start=\"1326\" data-end=\"1376\">\n<p data-start=\"1328\" data-end=\"1376\"><strong data-start=\"1328\" data-end=\"1342\">Mat\u00e9riau :<\/strong> Terre cuite extrud\u00e9e artisanale<\/p>\n<\/li>\n<li data-start=\"1377\" data-end=\"1473\">\n<p data-start=\"1379\" data-end=\"1473\"><strong data-start=\"1379\" data-end=\"1396\">Utilisation :<\/strong> Int\u00e9rieur et ext\u00e9rieur (selon norme UNI EN 722-22 \u2013 exposition mod\u00e9r\u00e9e F1)<\/p>\n<\/li>\n<li data-start=\"1474\" data-end=\"1554\">\n<p data-start=\"1476\" data-end=\"1554\"><strong data-start=\"1476\" data-end=\"1486\">Pose :<\/strong> Toujours en <strong data-start=\"1499\" data-end=\"1529\">d\u00e9cal\u00e9 (pose en quinconce)<\/strong> pour plus de stabilit\u00e9<\/p>\n<\/li>\n<li data-start=\"1555\" data-end=\"1626\">\n<p data-start=\"1557\" data-end=\"1626\"><strong data-start=\"1557\" data-end=\"1575\">Consommation :<\/strong> env. 35 \u00e0 42 pi\u00e8ces \/ m\u00b2 selon le sch\u00e9ma de pose<\/p>\n<\/li>\n<li data-start=\"1627\" data-end=\"1668\">\n<p data-start=\"1629\" data-end=\"1668\"><strong data-start=\"1629\" data-end=\"1662\">Hauteur maximale conseill\u00e9e :<\/strong> 4 m<\/p>\n<\/li>\n<li data-start=\"1669\" data-end=\"1706\">\n<p data-start=\"1671\" data-end=\"1706\"><strong data-start=\"1671\" data-end=\"1691\">Poids unitaire :<\/strong> env. 1,35 kg<\/p>\n<\/li>\n<\/ul>\n<p><img fetchpriority=\"high\" decoding=\"async\" class=\"alignnone size-full wp-image-15438\" src=\"https:\/\/homeproject.fr\/fr\/wp-content\/uploads\/2025\/08\/schemadeposebrac.jpg\" alt=\"\" width=\"1026\" height=\"259\" srcset=\"https:\/\/homeproject.fr\/fr\/wp-content\/uploads\/2025\/08\/schemadeposebrac.jpg 1026w, https:\/\/homeproject.fr\/fr\/wp-content\/uploads\/2025\/08\/schemadeposebrac-840x212.jpg 840w, https:\/\/homeproject.fr\/fr\/wp-content\/uploads\/2025\/08\/schemadeposebrac-300x76.jpg 300w, https:\/\/homeproject.fr\/fr\/wp-content\/uploads\/2025\/08\/schemadeposebrac-1024x258.jpg 1024w, https:\/\/homeproject.fr\/fr\/wp-content\/uploads\/2025\/08\/schemadeposebrac-768x194.jpg 768w, https:\/\/homeproject.fr\/fr\/wp-content\/uploads\/2025\/08\/schemadeposebrac-18x5.jpg 18w\" sizes=\"(max-width: 1026px) 100vw, 1026px\" \/><\/p>\n<h2 data-start=\"1708\" data-end=\"1723\">Points forts<\/h2>\n<ul data-start=\"1724\" data-end=\"2054\">\n<li data-start=\"1724\" data-end=\"1793\">\n<p data-start=\"1726\" data-end=\"1793\">Design sign\u00e9 par une <strong data-start=\"1747\" data-end=\"1791\">figure embl\u00e9matique du mouvement Memphis<\/strong><\/p>\n<\/li>\n<li data-start=\"1794\" data-end=\"1871\">\n<p data-start=\"1796\" data-end=\"1871\">Finition blanche brillante, id\u00e9ale pour des ambiances modernes et \u00e9pur\u00e9es<\/p>\n<\/li>\n<li data-start=\"1872\" data-end=\"1932\">\n<p data-start=\"1874\" data-end=\"1932\"><strong data-start=\"1874\" data-end=\"1904\">Jeux de lumi\u00e8re et d\u2019ombre<\/strong> qui enrichissent l\u2019espace<\/p>\n<\/li>\n<li data-start=\"1933\" data-end=\"1986\">\n<p data-start=\"1935\" data-end=\"1986\">Fabrication artisanale italienne de haute qualit\u00e9<\/p>\n<\/li>\n<li data-start=\"1987\" data-end=\"2054\">\n<p data-start=\"1989\" data-end=\"2054\">Convient aux projets <strong data-start=\"2010\" data-end=\"2052\">r\u00e9sidentiels, commerciaux et h\u00f4teliers<\/strong><\/p>\n<\/li>\n<\/ul>\n<h2 data-start=\"2056\" data-end=\"2071\">Applications<\/h2>\n<ul data-start=\"2072\" data-end=\"2293\">\n<li data-start=\"2072\" data-end=\"2119\">\n<p data-start=\"2074\" data-end=\"2119\">Cloisons d\u00e9coratives int\u00e9rieures lumineuses<\/p>\n<\/li>\n<li data-start=\"2120\" data-end=\"2178\">\n<p data-start=\"2122\" data-end=\"2178\">S\u00e9parateurs d\u2019espaces design (salon, bureau, showroom)<\/p>\n<\/li>\n<li data-start=\"2179\" data-end=\"2236\">\n<p data-start=\"2181\" data-end=\"2236\">Claustras pour h\u00f4tels, restaurants et espaces publics<\/p>\n<\/li>\n<li data-start=\"2237\" data-end=\"2293\">\n<p data-start=\"2239\" data-end=\"2293\">Mur architectural sculptural en projet haut de gamme<\/p>\n<\/li>\n<\/ul>\n<h2 data-start=\"1235\" data-end=\"1267\"><strong style=\"font-size: 1.875rem;\">Vous avez des questions ?<\/strong><\/h2>\n<style id=\"wpforms-css-vars-3675\">\n\t\t\t\t#wpforms-3675 {\n\t\t\t\t\n\t\t\t}\n\t\t\t<\/style><div class=\"wpforms-container wpforms-container-full wpforms-render-modern\" id=\"wpforms-3675\"><form id=\"wpforms-form-3675\" class=\"wpforms-validate wpforms-form wpforms-ajax-form\" data-formid=\"3675\" method=\"post\" enctype=\"multipart\/form-data\" action=\"\/fr\/wp-json\/wp\/v2\/product\/15449\" data-token=\"9d579c4fe014830de7f99f3dcbfaaa07\" data-token-time=\"1777522428\"><noscript class=\"wpforms-error-noscript\">Veuillez activer JavaScript dans votre navigateur pour remplir ce formulaire.<\/noscript><div id=\"wpforms-error-noscript\" style=\"display: none;\">Veuillez activer JavaScript dans votre navigateur pour remplir ce formulaire.<\/div><div class=\"wpforms-field-container\"><div id=\"wpforms-3675-field_3-container\" class=\"wpforms-field wpforms-field-name\" data-field-id=\"3\"><fieldset><legend class=\"wpforms-field-label\">Nom <span class=\"wpforms-required-label\" aria-hidden=\"true\">*<\/span><\/legend><div class=\"wpforms-field-row wpforms-field-medium\"><div class=\"wpforms-field-row-block wpforms-first wpforms-one-half\"><input type=\"text\" id=\"wpforms-3675-field_3\" class=\"wpforms-field-name-first wpforms-field-required\" name=\"wpforms[fields][3][first]\" aria-errormessage=\"wpforms-3675-field_3-error\" required><label for=\"wpforms-3675-field_3\" class=\"wpforms-field-sublabel after\">Pr\u00e9nom<\/label><\/div><div class=\"wpforms-field-row-block wpforms-one-half\"><input type=\"text\" id=\"wpforms-3675-field_3-last\" class=\"wpforms-field-name-last wpforms-field-required\" name=\"wpforms[fields][3][last]\" aria-errormessage=\"wpforms-3675-field_3-last-error\" required><label for=\"wpforms-3675-field_3-last\" class=\"wpforms-field-sublabel after\">Nom<\/label><\/div><\/div><\/fieldset><\/div><div id=\"wpforms-3675-field_4-container\" class=\"wpforms-field wpforms-field-email\" data-field-id=\"4\"><label class=\"wpforms-field-label\" for=\"wpforms-3675-field_4\">E-mail <span class=\"wpforms-required-label\" aria-hidden=\"true\">*<\/span><\/label><input type=\"email\" id=\"wpforms-3675-field_4\" class=\"wpforms-field-medium wpforms-field-required\" name=\"wpforms[fields][4]\" spellcheck=\"false\" aria-errormessage=\"wpforms-3675-field_4-error\" required><\/div>\t\t<div id=\"wpforms-3675-field_1-container\"\n\t\t\tclass=\"wpforms-field wpforms-field-text\"\n\t\t\tdata-field-type=\"text\"\n\t\t\tdata-field-id=\"1\"\n\t\t\t>\n\t\t\t<label class=\"wpforms-field-label\" for=\"wpforms-3675-field_1\" >E-mail Nom Message<\/label>\n\t\t\t<input type=\"text\" id=\"wpforms-3675-field_1\" class=\"wpforms-field-medium\" name=\"wpforms[fields][1]\" >\n\t\t<\/div>\n\t\t<div id=\"wpforms-3675-field_5-container\" class=\"wpforms-field wpforms-field-textarea\" data-field-id=\"5\"><label class=\"wpforms-field-label\" for=\"wpforms-3675-field_5\">Message <span class=\"wpforms-required-label\" aria-hidden=\"true\">*<\/span><\/label><textarea id=\"wpforms-3675-field_5\" class=\"wpforms-field-medium wpforms-field-required\" name=\"wpforms[fields][5]\" aria-errormessage=\"wpforms-3675-field_5-error\" required><\/textarea><\/div><script>\n\t\t\t\t( function() {\n\t\t\t\t\tconst style = document.createElement( 'style' );\n\t\t\t\t\tstyle.appendChild( document.createTextNode( '#wpforms-3675-field_1-container { position: absolute !important; overflow: hidden !important; display: inline !important; height: 1px !important; width: 1px !important; z-index: -1000 !important; padding: 0 !important; } #wpforms-3675-field_1-container input { visibility: hidden; } #wpforms-conversational-form-page #wpforms-3675-field_1-container label { counter-increment: none; }' ) );\n\t\t\t\t\tdocument.head.appendChild( style );\n\t\t\t\t\tdocument.currentScript?.remove();\n\t\t\t\t} )();\n\t\t\t<\/script><\/div><!-- .wpforms-field-container --><div class=\"wpforms-submit-container\" ><input type=\"hidden\" name=\"wpforms[id]\" value=\"3675\"><input type=\"hidden\" name=\"page_title\" value=\"\"><input type=\"hidden\" name=\"page_url\" value=\"https:\/\/homeproject.fr\/fr\/wp-json\/wp\/v2\/product\/15449\"><input type=\"hidden\" name=\"url_referer\" value=\"\"><button type=\"submit\" name=\"wpforms[submit]\" id=\"wpforms-submit-3675\" class=\"wpforms-submit\" data-alt-text=\"Envoi...\" data-submit-text=\"Envoyer\" aria-live=\"assertive\" value=\"wpforms-submit\">Envoyer<\/button><img decoding=\"async\" src=\"https:\/\/homeproject.fr\/fr\/wp-content\/plugins\/wpforms-lite\/assets\/images\/submit-spin.svg\" class=\"wpforms-submit-spinner\" style=\"display: none;\" width=\"26\" height=\"26\" alt=\"Chargement en cours\"><\/div><\/form><\/div>  <!-- .wpforms-container -->\n","protected":false},"excerpt":{"rendered":"<p data-start=\"211\" data-end=\"287\"><strong data-start=\"211\" data-end=\"287\">Un claustra architectural lumineux et graphique en terre cuite \u00e9maill\u00e9e.<\/strong><\/p>\n<p data-start=\"317\" data-end=\"653\">Le <strong data-start=\"320\" data-end=\"351\">claustra Mutina Brac Bianco<\/strong> est un \u00e9l\u00e9ment design exclusif cr\u00e9\u00e9 par l\u2019artiste et designer <strong data-start=\"414\" data-end=\"438\">Nathalie Du Pasquier<\/strong> pour la maison italienne <strong data-start=\"464\" data-end=\"474\">Mutina<\/strong>. Ce module tridimensionnel en terre cuite extrud\u00e9e, finition blanche brillante, s\u2019impose comme une solution architecturale contemporaine, \u00e0 la fois d\u00e9corative et fonctionnelle.<\/p>\n<p data-start=\"655\" data-end=\"961\">Sa g\u00e9om\u00e9trie unique permet une <strong data-start=\"686\" data-end=\"727\">installation verticale ou horizontale<\/strong>, donnant naissance \u00e0 des murs ajour\u00e9s originaux qui jouent avec la lumi\u00e8re et les ombres. Le blanc \u00e9clatant de sa surface \u00e9maill\u00e9e apporte modernit\u00e9 et luminosit\u00e9, transformant chaque cloison en un v\u00e9ritable <strong data-start=\"936\" data-end=\"958\">\u00e9l\u00e9ment sculptural<\/strong>.<\/p>\n<p data-start=\"963\" data-end=\"1100\">Le Brac Bianco s\u2019int\u00e8gre aussi bien dans des projets r\u00e9sidentiels haut de gamme que dans des espaces commerciaux, h\u00f4teliers ou culturels.<\/p>\n","protected":false},"featured_media":15450,"template":"","meta":{"_uf_show_specific_survey":0,"_uf_disable_surveys":false,"iawp_total_views":23},"product_brand":[620],"product_cat":[20,194],"product_tag":[],"class_list":{"0":"post-15449","1":"product","2":"type-product","3":"status-publish","4":"has-post-thumbnail","6":"product_brand-mutina","7":"product_cat-carrelage","8":"product_cat-claustras","9":"product_shipping_class-carrelage","10":"pa_collection-brac-par-mutina","11":"pa_designer-nathalie-du-pasquier","12":"pa_dimensions-nominales-22x125","13":"pa_effet-claustra","14":"pa_epaisseur-100mm","15":"pa_marque-mutina","17":"first","18":"instock","19":"sale","20":"taxable","21":"shipping-taxable","22":"purchasable","23":"product-type-simple"},"yoast_head":"<!-- This site is optimized with the Yoast SEO plugin v27.5 - https:\/\/yoast.com\/product\/yoast-seo-wordpress\/ -->\n<title>Claustra Mutina Brac Bianco \u2013 Design Nathalie Du Pasquier - Homeproject.fr<\/title>\n<meta name=\"robots\" content=\"index, follow, max-snippet:-1, max-image-preview:large, max-video-preview:-1\" \/>\n<link rel=\"canonical\" href=\"https:\/\/homeproject.fr\/fr\/produit\/claustra-mutina-brac-bianco-design-nathalie-du-pasquier\/\" \/>\n<meta property=\"og:locale\" content=\"fr_FR\" \/>\n<meta property=\"og:type\" content=\"article\" \/>\n<meta property=\"og:title\" content=\"Claustra Mutina Brac Bianco \u2013 Design Nathalie Du Pasquier - Homeproject.fr\" \/>\n<meta property=\"og:description\" content=\"Un claustra architectural lumineux et graphique en terre cuite \u00e9maill\u00e9e. Le claustra Mutina Brac Bianco est un \u00e9l\u00e9ment design exclusif cr\u00e9\u00e9 par l\u2019artiste et designer Nathalie Du Pasquier pour la maison italienne Mutina. Ce module tridimensionnel en terre cuite extrud\u00e9e, finition blanche brillante, s\u2019impose comme une solution architecturale contemporaine, \u00e0 la fois d\u00e9corative et fonctionnelle. Sa g\u00e9om\u00e9trie unique permet une installation verticale ou horizontale, donnant naissance \u00e0 des murs ajour\u00e9s originaux qui jouent avec la lumi\u00e8re et les ombres. Le blanc \u00e9clatant de sa surface \u00e9maill\u00e9e apporte modernit\u00e9 et luminosit\u00e9, transformant chaque cloison en un v\u00e9ritable \u00e9l\u00e9ment sculptural. Le Brac Bianco s\u2019int\u00e8gre aussi bien dans des projets r\u00e9sidentiels haut de gamme que dans des espaces commerciaux, h\u00f4teliers ou culturels.\" \/>\n<meta property=\"og:url\" content=\"https:\/\/homeproject.fr\/fr\/produit\/claustra-mutina-brac-bianco-design-nathalie-du-pasquier\/\" \/>\n<meta property=\"og:site_name\" content=\"Homeproject.fr\" \/>\n<meta property=\"article:modified_time\" content=\"2025-08-29T14:16:57+00:00\" \/>\n<meta property=\"og:image\" content=\"https:\/\/homeproject.fr\/fr\/wp-content\/uploads\/2025\/08\/Brique-claustra-en-terre-cuite-blanche-Mutina-Brac-Bianco-dessine-par-Nathalie-du-Pasquier.jpg\" \/>\n\t<meta property=\"og:image:width\" content=\"1500\" \/>\n\t<meta property=\"og:image:height\" content=\"1500\" \/>\n\t<meta property=\"og:image:type\" content=\"image\/jpeg\" \/>\n<meta name=\"twitter:card\" content=\"summary_large_image\" \/>\n<meta name=\"twitter:label1\" content=\"Dur\u00e9e de lecture estim\u00e9e\" \/>\n\t<meta name=\"twitter:data1\" content=\"2 minutes\" \/>\n<script type=\"application\/ld+json\" class=\"yoast-schema-graph\">{\"@context\":\"https:\\\/\\\/schema.org\",\"@graph\":[{\"@type\":\"WebPage\",\"@id\":\"https:\\\/\\\/homeproject.fr\\\/fr\\\/produit\\\/claustra-mutina-brac-bianco-design-nathalie-du-pasquier\\\/\",\"url\":\"https:\\\/\\\/homeproject.fr\\\/fr\\\/produit\\\/claustra-mutina-brac-bianco-design-nathalie-du-pasquier\\\/\",\"name\":\"Claustra Mutina Brac Bianco \u2013 Design Nathalie Du Pasquier - Homeproject.fr\",\"isPartOf\":{\"@id\":\"https:\\\/\\\/homeproject.fr\\\/fr\\\/#website\"},\"primaryImageOfPage\":{\"@id\":\"https:\\\/\\\/homeproject.fr\\\/fr\\\/produit\\\/claustra-mutina-brac-bianco-design-nathalie-du-pasquier\\\/#primaryimage\"},\"image\":{\"@id\":\"https:\\\/\\\/homeproject.fr\\\/fr\\\/produit\\\/claustra-mutina-brac-bianco-design-nathalie-du-pasquier\\\/#primaryimage\"},\"thumbnailUrl\":\"https:\\\/\\\/homeproject.fr\\\/fr\\\/wp-content\\\/uploads\\\/2025\\\/08\\\/Brique-claustra-en-terre-cuite-blanche-Mutina-Brac-Bianco-dessine-par-Nathalie-du-Pasquier.jpg\",\"datePublished\":\"2025-08-29T14:10:14+00:00\",\"dateModified\":\"2025-08-29T14:16:57+00:00\",\"breadcrumb\":{\"@id\":\"https:\\\/\\\/homeproject.fr\\\/fr\\\/produit\\\/claustra-mutina-brac-bianco-design-nathalie-du-pasquier\\\/#breadcrumb\"},\"inLanguage\":\"fr-FR\",\"potentialAction\":[{\"@type\":\"ReadAction\",\"target\":[\"https:\\\/\\\/homeproject.fr\\\/fr\\\/produit\\\/claustra-mutina-brac-bianco-design-nathalie-du-pasquier\\\/\"]}]},{\"@type\":\"ImageObject\",\"inLanguage\":\"fr-FR\",\"@id\":\"https:\\\/\\\/homeproject.fr\\\/fr\\\/produit\\\/claustra-mutina-brac-bianco-design-nathalie-du-pasquier\\\/#primaryimage\",\"url\":\"https:\\\/\\\/homeproject.fr\\\/fr\\\/wp-content\\\/uploads\\\/2025\\\/08\\\/Brique-claustra-en-terre-cuite-blanche-Mutina-Brac-Bianco-dessine-par-Nathalie-du-Pasquier.jpg\",\"contentUrl\":\"https:\\\/\\\/homeproject.fr\\\/fr\\\/wp-content\\\/uploads\\\/2025\\\/08\\\/Brique-claustra-en-terre-cuite-blanche-Mutina-Brac-Bianco-dessine-par-Nathalie-du-Pasquier.jpg\",\"width\":1500,\"height\":1500},{\"@type\":\"BreadcrumbList\",\"@id\":\"https:\\\/\\\/homeproject.fr\\\/fr\\\/produit\\\/claustra-mutina-brac-bianco-design-nathalie-du-pasquier\\\/#breadcrumb\",\"itemListElement\":[{\"@type\":\"ListItem\",\"position\":1,\"name\":\"Accueil\",\"item\":\"https:\\\/\\\/homeproject.fr\\\/fr\\\/\"},{\"@type\":\"ListItem\",\"position\":2,\"name\":\"Boutique\",\"item\":\"https:\\\/\\\/homeproject.fr\\\/fr\\\/boutique\\\/\"},{\"@type\":\"ListItem\",\"position\":3,\"name\":\"Claustra Mutina Brac Bianco \u2013 Design Nathalie Du Pasquier\"}]},{\"@type\":\"WebSite\",\"@id\":\"https:\\\/\\\/homeproject.fr\\\/fr\\\/#website\",\"url\":\"https:\\\/\\\/homeproject.fr\\\/fr\\\/\",\"name\":\"Homeproject.fr\",\"description\":\"Offrez l&#039;exceptionnel \u00e0 vos espaces \u00e0 vivre\",\"publisher\":{\"@id\":\"https:\\\/\\\/homeproject.fr\\\/fr\\\/#organization\"},\"potentialAction\":[{\"@type\":\"SearchAction\",\"target\":{\"@type\":\"EntryPoint\",\"urlTemplate\":\"https:\\\/\\\/homeproject.fr\\\/fr\\\/?s={search_term_string}\"},\"query-input\":{\"@type\":\"PropertyValueSpecification\",\"valueRequired\":true,\"valueName\":\"search_term_string\"}}],\"inLanguage\":\"fr-FR\"},{\"@type\":\"Organization\",\"@id\":\"https:\\\/\\\/homeproject.fr\\\/fr\\\/#organization\",\"name\":\"Homeproject.fr\",\"url\":\"https:\\\/\\\/homeproject.fr\\\/fr\\\/\",\"logo\":{\"@type\":\"ImageObject\",\"inLanguage\":\"fr-FR\",\"@id\":\"https:\\\/\\\/homeproject.fr\\\/fr\\\/#\\\/schema\\\/logo\\\/image\\\/\",\"url\":\"https:\\\/\\\/homeproject.fr\\\/fr\\\/wp-content\\\/uploads\\\/2024\\\/12\\\/Logo_HomeProject-noir-2.png\",\"contentUrl\":\"https:\\\/\\\/homeproject.fr\\\/fr\\\/wp-content\\\/uploads\\\/2024\\\/12\\\/Logo_HomeProject-noir-2.png\",\"width\":300,\"height\":91,\"caption\":\"Homeproject.fr\"},\"image\":{\"@id\":\"https:\\\/\\\/homeproject.fr\\\/fr\\\/#\\\/schema\\\/logo\\\/image\\\/\"}}]}<\/script>\n<!-- \/ Yoast SEO plugin. -->","yoast_head_json":{"title":"Claustra Mutina Brac Bianco \u2013 Design Nathalie Du Pasquier - Homeproject.fr","robots":{"index":"index","follow":"follow","max-snippet":"max-snippet:-1","max-image-preview":"max-image-preview:large","max-video-preview":"max-video-preview:-1"},"canonical":"https:\/\/homeproject.fr\/fr\/produit\/claustra-mutina-brac-bianco-design-nathalie-du-pasquier\/","og_locale":"fr_FR","og_type":"article","og_title":"Claustra Mutina Brac Bianco \u2013 Design Nathalie Du Pasquier - Homeproject.fr","og_description":"Un claustra architectural lumineux et graphique en terre cuite \u00e9maill\u00e9e. Le claustra Mutina Brac Bianco est un \u00e9l\u00e9ment design exclusif cr\u00e9\u00e9 par l\u2019artiste et designer Nathalie Du Pasquier pour la maison italienne Mutina. Ce module tridimensionnel en terre cuite extrud\u00e9e, finition blanche brillante, s\u2019impose comme une solution architecturale contemporaine, \u00e0 la fois d\u00e9corative et fonctionnelle. Sa g\u00e9om\u00e9trie unique permet une installation verticale ou horizontale, donnant naissance \u00e0 des murs ajour\u00e9s originaux qui jouent avec la lumi\u00e8re et les ombres. Le blanc \u00e9clatant de sa surface \u00e9maill\u00e9e apporte modernit\u00e9 et luminosit\u00e9, transformant chaque cloison en un v\u00e9ritable \u00e9l\u00e9ment sculptural. Le Brac Bianco s\u2019int\u00e8gre aussi bien dans des projets r\u00e9sidentiels haut de gamme que dans des espaces commerciaux, h\u00f4teliers ou culturels.","og_url":"https:\/\/homeproject.fr\/fr\/produit\/claustra-mutina-brac-bianco-design-nathalie-du-pasquier\/","og_site_name":"Homeproject.fr","article_modified_time":"2025-08-29T14:16:57+00:00","og_image":[{"width":1500,"height":1500,"url":"https:\/\/homeproject.fr\/fr\/wp-content\/uploads\/2025\/08\/Brique-claustra-en-terre-cuite-blanche-Mutina-Brac-Bianco-dessine-par-Nathalie-du-Pasquier.jpg","type":"image\/jpeg"}],"twitter_card":"summary_large_image","twitter_misc":{"Dur\u00e9e de lecture estim\u00e9e":"2 minutes"},"schema":{"@context":"https:\/\/schema.org","@graph":[{"@type":"WebPage","@id":"https:\/\/homeproject.fr\/fr\/produit\/claustra-mutina-brac-bianco-design-nathalie-du-pasquier\/","url":"https:\/\/homeproject.fr\/fr\/produit\/claustra-mutina-brac-bianco-design-nathalie-du-pasquier\/","name":"Claustra Mutina Brac Bianco \u2013 Design Nathalie Du Pasquier - Homeproject.fr","isPartOf":{"@id":"https:\/\/homeproject.fr\/fr\/#website"},"primaryImageOfPage":{"@id":"https:\/\/homeproject.fr\/fr\/produit\/claustra-mutina-brac-bianco-design-nathalie-du-pasquier\/#primaryimage"},"image":{"@id":"https:\/\/homeproject.fr\/fr\/produit\/claustra-mutina-brac-bianco-design-nathalie-du-pasquier\/#primaryimage"},"thumbnailUrl":"https:\/\/homeproject.fr\/fr\/wp-content\/uploads\/2025\/08\/Brique-claustra-en-terre-cuite-blanche-Mutina-Brac-Bianco-dessine-par-Nathalie-du-Pasquier.jpg","datePublished":"2025-08-29T14:10:14+00:00","dateModified":"2025-08-29T14:16:57+00:00","breadcrumb":{"@id":"https:\/\/homeproject.fr\/fr\/produit\/claustra-mutina-brac-bianco-design-nathalie-du-pasquier\/#breadcrumb"},"inLanguage":"fr-FR","potentialAction":[{"@type":"ReadAction","target":["https:\/\/homeproject.fr\/fr\/produit\/claustra-mutina-brac-bianco-design-nathalie-du-pasquier\/"]}]},{"@type":"ImageObject","inLanguage":"fr-FR","@id":"https:\/\/homeproject.fr\/fr\/produit\/claustra-mutina-brac-bianco-design-nathalie-du-pasquier\/#primaryimage","url":"https:\/\/homeproject.fr\/fr\/wp-content\/uploads\/2025\/08\/Brique-claustra-en-terre-cuite-blanche-Mutina-Brac-Bianco-dessine-par-Nathalie-du-Pasquier.jpg","contentUrl":"https:\/\/homeproject.fr\/fr\/wp-content\/uploads\/2025\/08\/Brique-claustra-en-terre-cuite-blanche-Mutina-Brac-Bianco-dessine-par-Nathalie-du-Pasquier.jpg","width":1500,"height":1500},{"@type":"BreadcrumbList","@id":"https:\/\/homeproject.fr\/fr\/produit\/claustra-mutina-brac-bianco-design-nathalie-du-pasquier\/#breadcrumb","itemListElement":[{"@type":"ListItem","position":1,"name":"Accueil","item":"https:\/\/homeproject.fr\/fr\/"},{"@type":"ListItem","position":2,"name":"Boutique","item":"https:\/\/homeproject.fr\/fr\/boutique\/"},{"@type":"ListItem","position":3,"name":"Claustra Mutina Brac Bianco \u2013 Design Nathalie Du Pasquier"}]},{"@type":"WebSite","@id":"https:\/\/homeproject.fr\/fr\/#website","url":"https:\/\/homeproject.fr\/fr\/","name":"Homeproject.fr","description":"Offrez l&#039;exceptionnel \u00e0 vos espaces \u00e0 vivre","publisher":{"@id":"https:\/\/homeproject.fr\/fr\/#organization"},"potentialAction":[{"@type":"SearchAction","target":{"@type":"EntryPoint","urlTemplate":"https:\/\/homeproject.fr\/fr\/?s={search_term_string}"},"query-input":{"@type":"PropertyValueSpecification","valueRequired":true,"valueName":"search_term_string"}}],"inLanguage":"fr-FR"},{"@type":"Organization","@id":"https:\/\/homeproject.fr\/fr\/#organization","name":"Homeproject.fr","url":"https:\/\/homeproject.fr\/fr\/","logo":{"@type":"ImageObject","inLanguage":"fr-FR","@id":"https:\/\/homeproject.fr\/fr\/#\/schema\/logo\/image\/","url":"https:\/\/homeproject.fr\/fr\/wp-content\/uploads\/2024\/12\/Logo_HomeProject-noir-2.png","contentUrl":"https:\/\/homeproject.fr\/fr\/wp-content\/uploads\/2024\/12\/Logo_HomeProject-noir-2.png","width":300,"height":91,"caption":"Homeproject.fr"},"image":{"@id":"https:\/\/homeproject.fr\/fr\/#\/schema\/logo\/image\/"}}]}},"_links":{"self":[{"href":"https:\/\/homeproject.fr\/fr\/wp-json\/wp\/v2\/product\/15449","targetHints":{"allow":["GET"]}}],"collection":[{"href":"https:\/\/homeproject.fr\/fr\/wp-json\/wp\/v2\/product"}],"about":[{"href":"https:\/\/homeproject.fr\/fr\/wp-json\/wp\/v2\/types\/product"}],"version-history":[{"count":1,"href":"https:\/\/homeproject.fr\/fr\/wp-json\/wp\/v2\/product\/15449\/revisions"}],"predecessor-version":[{"id":15452,"href":"https:\/\/homeproject.fr\/fr\/wp-json\/wp\/v2\/product\/15449\/revisions\/15452"}],"wp:featuredmedia":[{"embeddable":true,"href":"https:\/\/homeproject.fr\/fr\/wp-json\/wp\/v2\/media\/15450"}],"wp:attachment":[{"href":"https:\/\/homeproject.fr\/fr\/wp-json\/wp\/v2\/media?parent=15449"}],"wp:term":[{"taxonomy":"product_brand","embeddable":true,"href":"https:\/\/homeproject.fr\/fr\/wp-json\/wp\/v2\/product_brand?post=15449"},{"taxonomy":"product_cat","embeddable":true,"href":"https:\/\/homeproject.fr\/fr\/wp-json\/wp\/v2\/product_cat?post=15449"},{"taxonomy":"product_tag","embeddable":true,"href":"https:\/\/homeproject.fr\/fr\/wp-json\/wp\/v2\/product_tag?post=15449"}],"curies":[{"name":"wp","href":"https:\/\/api.w.org\/{rel}","templated":true}]}}