{"id":15437,"date":"2025-08-29T09:20:07","date_gmt":"2025-08-29T09:20:07","guid":{"rendered":"https:\/\/homeproject.fr\/fr\/?post_type=product&#038;p=15437"},"modified":"2025-08-29T14:08:11","modified_gmt":"2025-08-29T14:08:11","slug":"claustra-mutina-brac-argilla-design-nathalie-du-pasquier","status":"publish","type":"product","link":"https:\/\/homeproject.fr\/fr\/produit\/claustra-mutina-brac-argilla-design-nathalie-du-pasquier\/","title":{"rendered":"Claustra Mutina Brac Argilla \u2013 Design Nathalie Du Pasquier"},"content":{"rendered":"<h2 data-start=\"1160\" data-end=\"1190\">Caract\u00e9ristiques techniques<\/h2>\n<ul data-start=\"1191\" data-end=\"1830\">\n<li data-start=\"1191\" data-end=\"1270\">\n<p data-start=\"1193\" data-end=\"1270\"><strong data-start=\"1193\" data-end=\"1207\">Designer :<\/strong> Nathalie Du Pasquier (Membre fondateur du mouvement Memphis)<\/p>\n<\/li>\n<li data-start=\"1271\" data-end=\"1306\">\n<p data-start=\"1273\" data-end=\"1306\"><strong data-start=\"1273\" data-end=\"1288\">Fabricant :<\/strong> Mutina (Italie)<\/p>\n<\/li>\n<li data-start=\"1307\" data-end=\"1332\">\n<p data-start=\"1309\" data-end=\"1332\"><strong data-start=\"1309\" data-end=\"1325\">Collection :<\/strong> Brac<\/p>\n<\/li>\n<li data-start=\"1333\" data-end=\"1372\">\n<p data-start=\"1335\" data-end=\"1372\"><strong data-start=\"1335\" data-end=\"1348\">Couleur :<\/strong> Argilla (naturel mat)<\/p>\n<\/li>\n<li data-start=\"1373\" data-end=\"1419\">\n<p data-start=\"1375\" data-end=\"1419\"><strong data-start=\"1375\" data-end=\"1401\">Dimensions nominales :<\/strong> 22 \u00d7 12,5 \u00d7 10 cm<\/p>\n<\/li>\n<li data-start=\"1420\" data-end=\"1470\">\n<p data-start=\"1422\" data-end=\"1470\"><strong data-start=\"1422\" data-end=\"1436\">Mat\u00e9riau :<\/strong> Terre cuite extrud\u00e9e artisanale<\/p>\n<\/li>\n<li data-start=\"1471\" data-end=\"1567\">\n<p data-start=\"1473\" data-end=\"1567\"><strong data-start=\"1473\" data-end=\"1490\">Utilisation :<\/strong> Int\u00e9rieur et ext\u00e9rieur (selon norme UNI EN 722-22 \u2013 exposition mod\u00e9r\u00e9e F1)<\/p>\n<\/li>\n<li data-start=\"1568\" data-end=\"1678\">\n<p data-start=\"1570\" data-end=\"1678\"><strong data-start=\"1570\" data-end=\"1580\">Pose :<\/strong> Uniquement en <strong data-start=\"1595\" data-end=\"1638\">disposition d\u00e9cal\u00e9e (pose en quinconce)<\/strong> pour garantir stabilit\u00e9 et esth\u00e9tique<\/p>\n<\/li>\n<li data-start=\"1679\" data-end=\"1750\">\n<p data-start=\"1681\" data-end=\"1750\"><strong data-start=\"1681\" data-end=\"1699\">Consommation :<\/strong> env. 35 \u00e0 42 pi\u00e8ces \/ m\u00b2 selon le sch\u00e9ma de pose<\/p>\n<\/li>\n<li data-start=\"1751\" data-end=\"1792\">\n<p data-start=\"1753\" data-end=\"1792\"><strong data-start=\"1753\" data-end=\"1786\">Hauteur maximale conseill\u00e9e :<\/strong> 4 m<\/p>\n<\/li>\n<li data-start=\"1793\" data-end=\"1830\">\n<p data-start=\"1795\" data-end=\"1830\"><strong data-start=\"1795\" data-end=\"1815\">Poids unitaire :<\/strong> env. 1,35 kg<\/p>\n<\/li>\n<\/ul>\n<p><img fetchpriority=\"high\" decoding=\"async\" class=\"alignnone size-full wp-image-15438\" src=\"https:\/\/homeproject.fr\/fr\/wp-content\/uploads\/2025\/08\/schemadeposebrac.jpg\" alt=\"\" width=\"1026\" height=\"259\" srcset=\"https:\/\/homeproject.fr\/fr\/wp-content\/uploads\/2025\/08\/schemadeposebrac.jpg 1026w, https:\/\/homeproject.fr\/fr\/wp-content\/uploads\/2025\/08\/schemadeposebrac-840x212.jpg 840w, https:\/\/homeproject.fr\/fr\/wp-content\/uploads\/2025\/08\/schemadeposebrac-300x76.jpg 300w, https:\/\/homeproject.fr\/fr\/wp-content\/uploads\/2025\/08\/schemadeposebrac-1024x258.jpg 1024w, https:\/\/homeproject.fr\/fr\/wp-content\/uploads\/2025\/08\/schemadeposebrac-768x194.jpg 768w, https:\/\/homeproject.fr\/fr\/wp-content\/uploads\/2025\/08\/schemadeposebrac-18x5.jpg 18w\" sizes=\"(max-width: 1026px) 100vw, 1026px\" \/><\/p>\n<h2 data-start=\"1832\" data-end=\"1844\">Avantages<\/h2>\n<ul data-start=\"1845\" data-end=\"2188\">\n<li data-start=\"1845\" data-end=\"1896\">\n<p data-start=\"1847\" data-end=\"1896\">\u00c9l\u00e9ment architectural <strong data-start=\"1869\" data-end=\"1894\">design et fonctionnel<\/strong><\/p>\n<\/li>\n<li data-start=\"1897\" data-end=\"1987\">\n<p data-start=\"1899\" data-end=\"1987\">Modulable : permet de cr\u00e9er des parois ajour\u00e9es, s\u00e9parateurs d\u2019espace, murs d\u00e9coratifs<\/p>\n<\/li>\n<li data-start=\"1988\" data-end=\"2041\">\n<p data-start=\"1990\" data-end=\"2041\">Apporte une <strong data-start=\"2002\" data-end=\"2039\">atmosph\u00e8re graphique et lumineuse<\/strong><\/p>\n<\/li>\n<li data-start=\"2042\" data-end=\"2104\">\n<p data-start=\"2044\" data-end=\"2104\">Production artisanale respectueuse du savoir-faire italien<\/p>\n<\/li>\n<li data-start=\"2105\" data-end=\"2188\">\n<p data-start=\"2107\" data-end=\"2188\">Convient \u00e0 des projets de d\u00e9coration <strong data-start=\"2144\" data-end=\"2186\">r\u00e9sidentiels, commerciaux ou h\u00f4teliers<\/strong><\/p>\n<\/li>\n<\/ul>\n<h2 data-start=\"2190\" data-end=\"2205\">Applications<\/h2>\n<ul data-start=\"2206\" data-end=\"2415\">\n<li data-start=\"2206\" data-end=\"2242\">\n<p data-start=\"2208\" data-end=\"2242\">Cloisons d\u00e9coratives int\u00e9rieures<\/p>\n<\/li>\n<li data-start=\"2243\" data-end=\"2308\">\n<p data-start=\"2245\" data-end=\"2308\">S\u00e9parations d\u2019espaces dans un salon, une cuisine ou un bureau<\/p>\n<\/li>\n<li data-start=\"2309\" data-end=\"2358\">\n<p data-start=\"2311\" data-end=\"2358\">Claustras ext\u00e9rieurs pour terrasses et patios<\/p>\n<\/li>\n<li data-start=\"2359\" data-end=\"2415\">\n<p data-start=\"2361\" data-end=\"2415\">Projets architecturaux et d\u2019h\u00f4tellerie haut de gamme<\/p>\n<\/li>\n<\/ul>\n<h2 data-start=\"1235\" data-end=\"1267\"><strong style=\"font-size: 1.875rem;\">Vous avez des questions ?<\/strong><\/h2>\n<style id=\"wpforms-css-vars-3675\">\n\t\t\t\t#wpforms-3675 {\n\t\t\t\t\n\t\t\t}\n\t\t\t<\/style><div class=\"wpforms-container wpforms-container-full wpforms-render-modern\" id=\"wpforms-3675\"><form id=\"wpforms-form-3675\" class=\"wpforms-validate wpforms-form wpforms-ajax-form\" data-formid=\"3675\" method=\"post\" enctype=\"multipart\/form-data\" action=\"\/fr\/wp-json\/wp\/v2\/product\/15437\" data-token=\"9d579c4fe014830de7f99f3dcbfaaa07\" data-token-time=\"1777518275\"><noscript class=\"wpforms-error-noscript\">Veuillez activer JavaScript dans votre navigateur pour remplir ce formulaire.<\/noscript><div id=\"wpforms-error-noscript\" style=\"display: none;\">Veuillez activer JavaScript dans votre navigateur pour remplir ce formulaire.<\/div><div class=\"wpforms-field-container\"><div id=\"wpforms-3675-field_3-container\" class=\"wpforms-field wpforms-field-name\" data-field-id=\"3\"><fieldset><legend class=\"wpforms-field-label\">Nom <span class=\"wpforms-required-label\" aria-hidden=\"true\">*<\/span><\/legend><div class=\"wpforms-field-row wpforms-field-medium\"><div class=\"wpforms-field-row-block wpforms-first wpforms-one-half\"><input type=\"text\" id=\"wpforms-3675-field_3\" class=\"wpforms-field-name-first wpforms-field-required\" name=\"wpforms[fields][3][first]\" aria-errormessage=\"wpforms-3675-field_3-error\" required><label for=\"wpforms-3675-field_3\" class=\"wpforms-field-sublabel after\">Pr\u00e9nom<\/label><\/div><div class=\"wpforms-field-row-block wpforms-one-half\"><input type=\"text\" id=\"wpforms-3675-field_3-last\" class=\"wpforms-field-name-last wpforms-field-required\" name=\"wpforms[fields][3][last]\" aria-errormessage=\"wpforms-3675-field_3-last-error\" required><label for=\"wpforms-3675-field_3-last\" class=\"wpforms-field-sublabel after\">Nom<\/label><\/div><\/div><\/fieldset><\/div><div id=\"wpforms-3675-field_4-container\" class=\"wpforms-field wpforms-field-email\" data-field-id=\"4\"><label class=\"wpforms-field-label\" for=\"wpforms-3675-field_4\">E-mail <span class=\"wpforms-required-label\" aria-hidden=\"true\">*<\/span><\/label><input type=\"email\" id=\"wpforms-3675-field_4\" class=\"wpforms-field-medium wpforms-field-required\" name=\"wpforms[fields][4]\" spellcheck=\"false\" aria-errormessage=\"wpforms-3675-field_4-error\" required><\/div>\t\t<div id=\"wpforms-3675-field_1-container\"\n\t\t\tclass=\"wpforms-field wpforms-field-text\"\n\t\t\tdata-field-type=\"text\"\n\t\t\tdata-field-id=\"1\"\n\t\t\t>\n\t\t\t<label class=\"wpforms-field-label\" for=\"wpforms-3675-field_1\" >Nom Message E-mail<\/label>\n\t\t\t<input type=\"text\" id=\"wpforms-3675-field_1\" class=\"wpforms-field-medium\" name=\"wpforms[fields][1]\" >\n\t\t<\/div>\n\t\t<div id=\"wpforms-3675-field_5-container\" class=\"wpforms-field wpforms-field-textarea\" data-field-id=\"5\"><label class=\"wpforms-field-label\" for=\"wpforms-3675-field_5\">Message <span class=\"wpforms-required-label\" aria-hidden=\"true\">*<\/span><\/label><textarea id=\"wpforms-3675-field_5\" class=\"wpforms-field-medium wpforms-field-required\" name=\"wpforms[fields][5]\" aria-errormessage=\"wpforms-3675-field_5-error\" required><\/textarea><\/div><script>\n\t\t\t\t( function() {\n\t\t\t\t\tconst style = document.createElement( 'style' );\n\t\t\t\t\tstyle.appendChild( document.createTextNode( '#wpforms-3675-field_1-container { position: absolute !important; overflow: hidden !important; display: inline !important; height: 1px !important; width: 1px !important; z-index: -1000 !important; padding: 0 !important; } #wpforms-3675-field_1-container input { visibility: hidden; } #wpforms-conversational-form-page #wpforms-3675-field_1-container label { counter-increment: none; }' ) );\n\t\t\t\t\tdocument.head.appendChild( style );\n\t\t\t\t\tdocument.currentScript?.remove();\n\t\t\t\t} )();\n\t\t\t<\/script><\/div><!-- .wpforms-field-container --><div class=\"wpforms-submit-container\" ><input type=\"hidden\" name=\"wpforms[id]\" value=\"3675\"><input type=\"hidden\" name=\"page_title\" value=\"\"><input type=\"hidden\" name=\"page_url\" value=\"https:\/\/homeproject.fr\/fr\/wp-json\/wp\/v2\/product\/15437\"><input type=\"hidden\" name=\"url_referer\" value=\"\"><button type=\"submit\" name=\"wpforms[submit]\" id=\"wpforms-submit-3675\" class=\"wpforms-submit\" data-alt-text=\"Envoi...\" data-submit-text=\"Envoyer\" aria-live=\"assertive\" value=\"wpforms-submit\">Envoyer<\/button><img decoding=\"async\" src=\"https:\/\/homeproject.fr\/fr\/wp-content\/plugins\/wpforms-lite\/assets\/images\/submit-spin.svg\" class=\"wpforms-submit-spinner\" style=\"display: none;\" width=\"26\" height=\"26\" alt=\"Chargement en cours\"><\/div><\/form><\/div>  <!-- .wpforms-container -->\n","protected":false},"excerpt":{"rendered":"<p data-start=\"236\" data-end=\"329\"><strong data-start=\"236\" data-end=\"329\">Un \u00e9l\u00e9ment architectural en terre cuite naturelle pour structurer l\u2019espace avec \u00e9l\u00e9gance.<\/strong><\/p>\n<p data-start=\"357\" data-end=\"705\">Le <strong data-start=\"360\" data-end=\"392\">claustra Mutina Brac Argilla<\/strong> est une brique design en terre cuite extrud\u00e9e, cr\u00e9\u00e9e par l\u2019artiste et designer <strong data-start=\"472\" data-end=\"496\">Nathalie Du Pasquier<\/strong> en exclusivit\u00e9 pour <strong data-start=\"517\" data-end=\"527\">Mutina<\/strong>. Inspir\u00e9 du projet artistique <em data-start=\"558\" data-end=\"564\">BRIC<\/em>, ce module tridimensionnel permet de composer des parois, cloisons et s\u00e9parations originales, aussi bien en pose verticale qu\u2019horizontale.<\/p>\n<p data-start=\"707\" data-end=\"987\">Gr\u00e2ce \u00e0 sa forme graphique et sculpturale, Brac Argilla g\u00e9n\u00e8re des <strong data-start=\"774\" data-end=\"812\">jeux de lumi\u00e8re et d\u2019ombre uniques<\/strong>, transformant chaque mur en une \u0153uvre architecturale. Sa finition naturelle mate couleur <strong data-start=\"902\" data-end=\"912\">argile<\/strong> apporte chaleur et authenticit\u00e9 aux espaces int\u00e9rieurs comme ext\u00e9rieurs.<\/p>\n<p data-start=\"989\" data-end=\"1158\">Ce claustra est id\u00e9al pour des projets r\u00e9sidentiels et contract haut de gamme, mariant la tradition artisanale de la terre cuite avec une vision contemporaine du design.<\/p>\n","protected":false},"featured_media":15439,"template":"","meta":{"_uf_show_specific_survey":0,"_uf_disable_surveys":false,"iawp_total_views":38},"product_brand":[620],"product_cat":[20,194],"product_tag":[],"class_list":{"0":"post-15437","1":"product","2":"type-product","3":"status-publish","4":"has-post-thumbnail","6":"product_brand-mutina","7":"product_cat-carrelage","8":"product_cat-claustras","9":"product_shipping_class-carrelage","10":"pa_collection-brac-par-mutina","11":"pa_designer-nathalie-du-pasquier","12":"pa_dimensions-nominales-22x125","13":"pa_effet-claustra","14":"pa_epaisseur-100mm","15":"pa_marque-mutina","17":"first","18":"instock","19":"sale","20":"taxable","21":"shipping-taxable","22":"purchasable","23":"product-type-simple"},"yoast_head":"<!-- This site is optimized with the Yoast SEO plugin v27.5 - https:\/\/yoast.com\/product\/yoast-seo-wordpress\/ -->\n<title>Claustra Mutina Brac Argilla \u2013 Design Nathalie Du Pasquier - Homeproject.fr<\/title>\n<meta name=\"robots\" content=\"index, follow, max-snippet:-1, max-image-preview:large, max-video-preview:-1\" \/>\n<link rel=\"canonical\" href=\"https:\/\/homeproject.fr\/fr\/produit\/claustra-mutina-brac-argilla-design-nathalie-du-pasquier\/\" \/>\n<meta property=\"og:locale\" content=\"fr_FR\" \/>\n<meta property=\"og:type\" content=\"article\" \/>\n<meta property=\"og:title\" content=\"Claustra Mutina Brac Argilla \u2013 Design Nathalie Du Pasquier - Homeproject.fr\" \/>\n<meta property=\"og:description\" content=\"Un \u00e9l\u00e9ment architectural en terre cuite naturelle pour structurer l\u2019espace avec \u00e9l\u00e9gance. Le claustra Mutina Brac Argilla est une brique design en terre cuite extrud\u00e9e, cr\u00e9\u00e9e par l\u2019artiste et designer Nathalie Du Pasquier en exclusivit\u00e9 pour Mutina. Inspir\u00e9 du projet artistique BRIC, ce module tridimensionnel permet de composer des parois, cloisons et s\u00e9parations originales, aussi bien en pose verticale qu\u2019horizontale. Gr\u00e2ce \u00e0 sa forme graphique et sculpturale, Brac Argilla g\u00e9n\u00e8re des jeux de lumi\u00e8re et d\u2019ombre uniques, transformant chaque mur en une \u0153uvre architecturale. Sa finition naturelle mate couleur argile apporte chaleur et authenticit\u00e9 aux espaces int\u00e9rieurs comme ext\u00e9rieurs. Ce claustra est id\u00e9al pour des projets r\u00e9sidentiels et contract haut de gamme, mariant la tradition artisanale de la terre cuite avec une vision contemporaine du design.\" \/>\n<meta property=\"og:url\" content=\"https:\/\/homeproject.fr\/fr\/produit\/claustra-mutina-brac-argilla-design-nathalie-du-pasquier\/\" \/>\n<meta property=\"og:site_name\" content=\"Homeproject.fr\" \/>\n<meta property=\"article:modified_time\" content=\"2025-08-29T14:08:11+00:00\" \/>\n<meta property=\"og:image\" content=\"https:\/\/homeproject.fr\/fr\/wp-content\/uploads\/2025\/08\/Brique-claustra-en-terre-cuite-naturelle-Mutina-Brac-Argilla-dessine-par-Nathalie-du-Pasquier.jpg\" \/>\n\t<meta property=\"og:image:width\" content=\"1500\" \/>\n\t<meta property=\"og:image:height\" content=\"1500\" \/>\n\t<meta property=\"og:image:type\" content=\"image\/jpeg\" \/>\n<meta name=\"twitter:card\" content=\"summary_large_image\" \/>\n<meta name=\"twitter:label1\" content=\"Dur\u00e9e de lecture estim\u00e9e\" \/>\n\t<meta name=\"twitter:data1\" content=\"2 minutes\" \/>\n<script type=\"application\/ld+json\" class=\"yoast-schema-graph\">{\"@context\":\"https:\\\/\\\/schema.org\",\"@graph\":[{\"@type\":\"WebPage\",\"@id\":\"https:\\\/\\\/homeproject.fr\\\/fr\\\/produit\\\/claustra-mutina-brac-argilla-design-nathalie-du-pasquier\\\/\",\"url\":\"https:\\\/\\\/homeproject.fr\\\/fr\\\/produit\\\/claustra-mutina-brac-argilla-design-nathalie-du-pasquier\\\/\",\"name\":\"Claustra Mutina Brac Argilla \u2013 Design Nathalie Du Pasquier - Homeproject.fr\",\"isPartOf\":{\"@id\":\"https:\\\/\\\/homeproject.fr\\\/fr\\\/#website\"},\"primaryImageOfPage\":{\"@id\":\"https:\\\/\\\/homeproject.fr\\\/fr\\\/produit\\\/claustra-mutina-brac-argilla-design-nathalie-du-pasquier\\\/#primaryimage\"},\"image\":{\"@id\":\"https:\\\/\\\/homeproject.fr\\\/fr\\\/produit\\\/claustra-mutina-brac-argilla-design-nathalie-du-pasquier\\\/#primaryimage\"},\"thumbnailUrl\":\"https:\\\/\\\/homeproject.fr\\\/fr\\\/wp-content\\\/uploads\\\/2025\\\/08\\\/Brique-claustra-en-terre-cuite-naturelle-Mutina-Brac-Argilla-dessine-par-Nathalie-du-Pasquier.jpg\",\"datePublished\":\"2025-08-29T09:20:07+00:00\",\"dateModified\":\"2025-08-29T14:08:11+00:00\",\"breadcrumb\":{\"@id\":\"https:\\\/\\\/homeproject.fr\\\/fr\\\/produit\\\/claustra-mutina-brac-argilla-design-nathalie-du-pasquier\\\/#breadcrumb\"},\"inLanguage\":\"fr-FR\",\"potentialAction\":[{\"@type\":\"ReadAction\",\"target\":[\"https:\\\/\\\/homeproject.fr\\\/fr\\\/produit\\\/claustra-mutina-brac-argilla-design-nathalie-du-pasquier\\\/\"]}]},{\"@type\":\"ImageObject\",\"inLanguage\":\"fr-FR\",\"@id\":\"https:\\\/\\\/homeproject.fr\\\/fr\\\/produit\\\/claustra-mutina-brac-argilla-design-nathalie-du-pasquier\\\/#primaryimage\",\"url\":\"https:\\\/\\\/homeproject.fr\\\/fr\\\/wp-content\\\/uploads\\\/2025\\\/08\\\/Brique-claustra-en-terre-cuite-naturelle-Mutina-Brac-Argilla-dessine-par-Nathalie-du-Pasquier.jpg\",\"contentUrl\":\"https:\\\/\\\/homeproject.fr\\\/fr\\\/wp-content\\\/uploads\\\/2025\\\/08\\\/Brique-claustra-en-terre-cuite-naturelle-Mutina-Brac-Argilla-dessine-par-Nathalie-du-Pasquier.jpg\",\"width\":1500,\"height\":1500},{\"@type\":\"BreadcrumbList\",\"@id\":\"https:\\\/\\\/homeproject.fr\\\/fr\\\/produit\\\/claustra-mutina-brac-argilla-design-nathalie-du-pasquier\\\/#breadcrumb\",\"itemListElement\":[{\"@type\":\"ListItem\",\"position\":1,\"name\":\"Accueil\",\"item\":\"https:\\\/\\\/homeproject.fr\\\/fr\\\/\"},{\"@type\":\"ListItem\",\"position\":2,\"name\":\"Boutique\",\"item\":\"https:\\\/\\\/homeproject.fr\\\/fr\\\/boutique\\\/\"},{\"@type\":\"ListItem\",\"position\":3,\"name\":\"Claustra Mutina Brac Argilla \u2013 Design Nathalie Du Pasquier\"}]},{\"@type\":\"WebSite\",\"@id\":\"https:\\\/\\\/homeproject.fr\\\/fr\\\/#website\",\"url\":\"https:\\\/\\\/homeproject.fr\\\/fr\\\/\",\"name\":\"Homeproject.fr\",\"description\":\"Offrez l&#039;exceptionnel \u00e0 vos espaces \u00e0 vivre\",\"publisher\":{\"@id\":\"https:\\\/\\\/homeproject.fr\\\/fr\\\/#organization\"},\"potentialAction\":[{\"@type\":\"SearchAction\",\"target\":{\"@type\":\"EntryPoint\",\"urlTemplate\":\"https:\\\/\\\/homeproject.fr\\\/fr\\\/?s={search_term_string}\"},\"query-input\":{\"@type\":\"PropertyValueSpecification\",\"valueRequired\":true,\"valueName\":\"search_term_string\"}}],\"inLanguage\":\"fr-FR\"},{\"@type\":\"Organization\",\"@id\":\"https:\\\/\\\/homeproject.fr\\\/fr\\\/#organization\",\"name\":\"Homeproject.fr\",\"url\":\"https:\\\/\\\/homeproject.fr\\\/fr\\\/\",\"logo\":{\"@type\":\"ImageObject\",\"inLanguage\":\"fr-FR\",\"@id\":\"https:\\\/\\\/homeproject.fr\\\/fr\\\/#\\\/schema\\\/logo\\\/image\\\/\",\"url\":\"https:\\\/\\\/homeproject.fr\\\/fr\\\/wp-content\\\/uploads\\\/2024\\\/12\\\/Logo_HomeProject-noir-2.png\",\"contentUrl\":\"https:\\\/\\\/homeproject.fr\\\/fr\\\/wp-content\\\/uploads\\\/2024\\\/12\\\/Logo_HomeProject-noir-2.png\",\"width\":300,\"height\":91,\"caption\":\"Homeproject.fr\"},\"image\":{\"@id\":\"https:\\\/\\\/homeproject.fr\\\/fr\\\/#\\\/schema\\\/logo\\\/image\\\/\"}}]}<\/script>\n<!-- \/ Yoast SEO plugin. -->","yoast_head_json":{"title":"Claustra Mutina Brac Argilla \u2013 Design Nathalie Du Pasquier - Homeproject.fr","robots":{"index":"index","follow":"follow","max-snippet":"max-snippet:-1","max-image-preview":"max-image-preview:large","max-video-preview":"max-video-preview:-1"},"canonical":"https:\/\/homeproject.fr\/fr\/produit\/claustra-mutina-brac-argilla-design-nathalie-du-pasquier\/","og_locale":"fr_FR","og_type":"article","og_title":"Claustra Mutina Brac Argilla \u2013 Design Nathalie Du Pasquier - Homeproject.fr","og_description":"Un \u00e9l\u00e9ment architectural en terre cuite naturelle pour structurer l\u2019espace avec \u00e9l\u00e9gance. Le claustra Mutina Brac Argilla est une brique design en terre cuite extrud\u00e9e, cr\u00e9\u00e9e par l\u2019artiste et designer Nathalie Du Pasquier en exclusivit\u00e9 pour Mutina. Inspir\u00e9 du projet artistique BRIC, ce module tridimensionnel permet de composer des parois, cloisons et s\u00e9parations originales, aussi bien en pose verticale qu\u2019horizontale. Gr\u00e2ce \u00e0 sa forme graphique et sculpturale, Brac Argilla g\u00e9n\u00e8re des jeux de lumi\u00e8re et d\u2019ombre uniques, transformant chaque mur en une \u0153uvre architecturale. Sa finition naturelle mate couleur argile apporte chaleur et authenticit\u00e9 aux espaces int\u00e9rieurs comme ext\u00e9rieurs. Ce claustra est id\u00e9al pour des projets r\u00e9sidentiels et contract haut de gamme, mariant la tradition artisanale de la terre cuite avec une vision contemporaine du design.","og_url":"https:\/\/homeproject.fr\/fr\/produit\/claustra-mutina-brac-argilla-design-nathalie-du-pasquier\/","og_site_name":"Homeproject.fr","article_modified_time":"2025-08-29T14:08:11+00:00","og_image":[{"width":1500,"height":1500,"url":"https:\/\/homeproject.fr\/fr\/wp-content\/uploads\/2025\/08\/Brique-claustra-en-terre-cuite-naturelle-Mutina-Brac-Argilla-dessine-par-Nathalie-du-Pasquier.jpg","type":"image\/jpeg"}],"twitter_card":"summary_large_image","twitter_misc":{"Dur\u00e9e de lecture estim\u00e9e":"2 minutes"},"schema":{"@context":"https:\/\/schema.org","@graph":[{"@type":"WebPage","@id":"https:\/\/homeproject.fr\/fr\/produit\/claustra-mutina-brac-argilla-design-nathalie-du-pasquier\/","url":"https:\/\/homeproject.fr\/fr\/produit\/claustra-mutina-brac-argilla-design-nathalie-du-pasquier\/","name":"Claustra Mutina Brac Argilla \u2013 Design Nathalie Du Pasquier - Homeproject.fr","isPartOf":{"@id":"https:\/\/homeproject.fr\/fr\/#website"},"primaryImageOfPage":{"@id":"https:\/\/homeproject.fr\/fr\/produit\/claustra-mutina-brac-argilla-design-nathalie-du-pasquier\/#primaryimage"},"image":{"@id":"https:\/\/homeproject.fr\/fr\/produit\/claustra-mutina-brac-argilla-design-nathalie-du-pasquier\/#primaryimage"},"thumbnailUrl":"https:\/\/homeproject.fr\/fr\/wp-content\/uploads\/2025\/08\/Brique-claustra-en-terre-cuite-naturelle-Mutina-Brac-Argilla-dessine-par-Nathalie-du-Pasquier.jpg","datePublished":"2025-08-29T09:20:07+00:00","dateModified":"2025-08-29T14:08:11+00:00","breadcrumb":{"@id":"https:\/\/homeproject.fr\/fr\/produit\/claustra-mutina-brac-argilla-design-nathalie-du-pasquier\/#breadcrumb"},"inLanguage":"fr-FR","potentialAction":[{"@type":"ReadAction","target":["https:\/\/homeproject.fr\/fr\/produit\/claustra-mutina-brac-argilla-design-nathalie-du-pasquier\/"]}]},{"@type":"ImageObject","inLanguage":"fr-FR","@id":"https:\/\/homeproject.fr\/fr\/produit\/claustra-mutina-brac-argilla-design-nathalie-du-pasquier\/#primaryimage","url":"https:\/\/homeproject.fr\/fr\/wp-content\/uploads\/2025\/08\/Brique-claustra-en-terre-cuite-naturelle-Mutina-Brac-Argilla-dessine-par-Nathalie-du-Pasquier.jpg","contentUrl":"https:\/\/homeproject.fr\/fr\/wp-content\/uploads\/2025\/08\/Brique-claustra-en-terre-cuite-naturelle-Mutina-Brac-Argilla-dessine-par-Nathalie-du-Pasquier.jpg","width":1500,"height":1500},{"@type":"BreadcrumbList","@id":"https:\/\/homeproject.fr\/fr\/produit\/claustra-mutina-brac-argilla-design-nathalie-du-pasquier\/#breadcrumb","itemListElement":[{"@type":"ListItem","position":1,"name":"Accueil","item":"https:\/\/homeproject.fr\/fr\/"},{"@type":"ListItem","position":2,"name":"Boutique","item":"https:\/\/homeproject.fr\/fr\/boutique\/"},{"@type":"ListItem","position":3,"name":"Claustra Mutina Brac Argilla \u2013 Design Nathalie Du Pasquier"}]},{"@type":"WebSite","@id":"https:\/\/homeproject.fr\/fr\/#website","url":"https:\/\/homeproject.fr\/fr\/","name":"Homeproject.fr","description":"Offrez l&#039;exceptionnel \u00e0 vos espaces \u00e0 vivre","publisher":{"@id":"https:\/\/homeproject.fr\/fr\/#organization"},"potentialAction":[{"@type":"SearchAction","target":{"@type":"EntryPoint","urlTemplate":"https:\/\/homeproject.fr\/fr\/?s={search_term_string}"},"query-input":{"@type":"PropertyValueSpecification","valueRequired":true,"valueName":"search_term_string"}}],"inLanguage":"fr-FR"},{"@type":"Organization","@id":"https:\/\/homeproject.fr\/fr\/#organization","name":"Homeproject.fr","url":"https:\/\/homeproject.fr\/fr\/","logo":{"@type":"ImageObject","inLanguage":"fr-FR","@id":"https:\/\/homeproject.fr\/fr\/#\/schema\/logo\/image\/","url":"https:\/\/homeproject.fr\/fr\/wp-content\/uploads\/2024\/12\/Logo_HomeProject-noir-2.png","contentUrl":"https:\/\/homeproject.fr\/fr\/wp-content\/uploads\/2024\/12\/Logo_HomeProject-noir-2.png","width":300,"height":91,"caption":"Homeproject.fr"},"image":{"@id":"https:\/\/homeproject.fr\/fr\/#\/schema\/logo\/image\/"}}]}},"_links":{"self":[{"href":"https:\/\/homeproject.fr\/fr\/wp-json\/wp\/v2\/product\/15437","targetHints":{"allow":["GET"]}}],"collection":[{"href":"https:\/\/homeproject.fr\/fr\/wp-json\/wp\/v2\/product"}],"about":[{"href":"https:\/\/homeproject.fr\/fr\/wp-json\/wp\/v2\/types\/product"}],"version-history":[{"count":1,"href":"https:\/\/homeproject.fr\/fr\/wp-json\/wp\/v2\/product\/15437\/revisions"}],"predecessor-version":[{"id":15448,"href":"https:\/\/homeproject.fr\/fr\/wp-json\/wp\/v2\/product\/15437\/revisions\/15448"}],"wp:featuredmedia":[{"embeddable":true,"href":"https:\/\/homeproject.fr\/fr\/wp-json\/wp\/v2\/media\/15439"}],"wp:attachment":[{"href":"https:\/\/homeproject.fr\/fr\/wp-json\/wp\/v2\/media?parent=15437"}],"wp:term":[{"taxonomy":"product_brand","embeddable":true,"href":"https:\/\/homeproject.fr\/fr\/wp-json\/wp\/v2\/product_brand?post=15437"},{"taxonomy":"product_cat","embeddable":true,"href":"https:\/\/homeproject.fr\/fr\/wp-json\/wp\/v2\/product_cat?post=15437"},{"taxonomy":"product_tag","embeddable":true,"href":"https:\/\/homeproject.fr\/fr\/wp-json\/wp\/v2\/product_tag?post=15437"}],"curies":[{"name":"wp","href":"https:\/\/api.w.org\/{rel}","templated":true}]}}