{"id":15402,"date":"2025-08-27T13:41:23","date_gmt":"2025-08-27T13:41:23","guid":{"rendered":"https:\/\/homeproject.fr\/fr\/?post_type=product&#038;p=15402"},"modified":"2025-08-27T13:55:13","modified_gmt":"2025-08-27T13:55:13","slug":"claustra-bloc-blue-glossy-mutina-design-ronan-erwan-bouroullec-copie","status":"publish","type":"product","link":"https:\/\/homeproject.fr\/fr\/produit\/claustra-bloc-blue-glossy-mutina-design-ronan-erwan-bouroullec-copie\/","title":{"rendered":"Bloc Tube Bleu et Rouge Mutina \u2013 Design Ronan &#038; Erwan Bouroullec"},"content":{"rendered":"<h2 data-start=\"1387\" data-end=\"1419\">Caract\u00e9ristiques techniques<\/h2>\n<ul data-start=\"1420\" data-end=\"1944\">\n<li data-start=\"1420\" data-end=\"1463\">\n<p data-start=\"1422\" data-end=\"1463\"><strong data-start=\"1422\" data-end=\"1434\">Designer<\/strong> : Ronan &amp; Erwan Bouroullec<\/p>\n<\/li>\n<li data-start=\"1464\" data-end=\"1487\">\n<p data-start=\"1466\" data-end=\"1487\"><strong data-start=\"1466\" data-end=\"1476\">Marque<\/strong> : Mutina<\/p>\n<\/li>\n<li data-start=\"1488\" data-end=\"1513\">\n<p data-start=\"1490\" data-end=\"1513\"><strong data-start=\"1490\" data-end=\"1504\">Collection<\/strong> : Bloc<\/p>\n<\/li>\n<li data-start=\"1514\" data-end=\"1565\">\n<p data-start=\"1516\" data-end=\"1565\"><strong data-start=\"1516\" data-end=\"1527\">Produit<\/strong> : Tube (\u00e9l\u00e9ment cylindrique ajour\u00e9)<\/p>\n<\/li>\n<li data-start=\"1566\" data-end=\"1611\">\n<p data-start=\"1568\" data-end=\"1611\"><strong data-start=\"1568\" data-end=\"1579\">Coloris<\/strong> : Bleu Glossy et Rouge Glossy<\/p>\n<\/li>\n<li data-start=\"1612\" data-end=\"1676\">\n<p data-start=\"1614\" data-end=\"1676\"><strong data-start=\"1614\" data-end=\"1626\">Mat\u00e9riau<\/strong> : Bois teint\u00e9<\/p>\n<\/li>\n<li data-start=\"1612\" data-end=\"1676\">\n<p data-start=\"1614\" data-end=\"1676\"><strong data-start=\"1679\" data-end=\"1694\">Utilisation<\/strong> : Int\u00e9rieur<\/p>\n<\/li>\n<li data-start=\"1721\" data-end=\"1851\">\n<p data-start=\"1723\" data-end=\"1851\"><strong data-start=\"1723\" data-end=\"1739\">Applications<\/strong> : \u00c9l\u00e9ment d\u00e9coratif \u00e0 int\u00e9grer aux compositions Bloc, cloison ajour\u00e9e, mur ventil\u00e9, s\u00e9paration architecturale<\/p>\n<\/li>\n<\/ul>\n<h2 data-start=\"1946\" data-end=\"1960\">Avantages<\/h2>\n<ul data-start=\"1961\" data-end=\"2387\">\n<li data-start=\"1961\" data-end=\"2042\">\n<p data-start=\"1963\" data-end=\"2042\">Design exclusif par les <strong data-start=\"1987\" data-end=\"2008\">fr\u00e8res Bouroullec<\/strong>, ic\u00f4nes du design international<\/p>\n<\/li>\n<li data-start=\"2043\" data-end=\"2106\">\n<p data-start=\"2045\" data-end=\"2106\">Coloris <strong data-start=\"2053\" data-end=\"2077\">Bleu et Rouge Glossy<\/strong>, intenses et contemporains<\/p>\n<\/li>\n<li data-start=\"2107\" data-end=\"2184\">\n<p data-start=\"2109\" data-end=\"2184\">Permet de <strong data-start=\"2119\" data-end=\"2151\">varier les compositions Bloc<\/strong> avec un effet graphique in\u00e9dit<\/p>\n<\/li>\n<li data-start=\"2185\" data-end=\"2310\">\n<p data-start=\"2187\" data-end=\"2310\">Convient aux projets <strong data-start=\"2208\" data-end=\"2238\">r\u00e9sidentiels haut de gamme<\/strong> comme aux espaces <strong data-start=\"2257\" data-end=\"2269\">contract<\/strong> (bars, restaurants, h\u00f4tels, showrooms)<\/p>\n<\/li>\n<li data-start=\"2311\" data-end=\"2387\">\n<p data-start=\"2313\" data-end=\"2387\">Fabrication artisanale durable, respectueuse des savoir-faire c\u00e9ramiques<\/p>\n<\/li>\n<\/ul>\n<h2 data-start=\"2389\" data-end=\"2413\">Id\u00e9es d\u2019utilisation<\/h2>\n<ul data-start=\"2414\" data-end=\"2836\">\n<li data-start=\"2414\" data-end=\"2535\">\n<p data-start=\"2416\" data-end=\"2535\">Introduire un <strong data-start=\"2430\" data-end=\"2463\">\u00e9l\u00e9ment color\u00e9 et cylindrique<\/strong> dans un mur en claustras Bloc Natural ou Matt pour cr\u00e9er du contraste<\/p>\n<\/li>\n<li data-start=\"2536\" data-end=\"2640\">\n<p data-start=\"2538\" data-end=\"2640\">R\u00e9aliser une <strong data-start=\"2551\" data-end=\"2587\">s\u00e9paration originale et vibrante<\/strong> dans un restaurant, un h\u00f4tel ou un espace culturel<\/p>\n<\/li>\n<li data-start=\"2641\" data-end=\"2737\">\n<p data-start=\"2643\" data-end=\"2737\">Concevoir une <strong data-start=\"2657\" data-end=\"2692\">fa\u00e7ade int\u00e9rieure<\/strong>\u00a0qui alterne modules cubiques et tubulaires<\/p>\n<\/li>\n<li data-start=\"2738\" data-end=\"2836\">\n<p data-start=\"2740\" data-end=\"2836\">Structurer un showroom ou un espace design avec un <strong data-start=\"2791\" data-end=\"2834\">rythme visuel audacieux et contemporain<\/strong><\/p>\n<\/li>\n<\/ul>\n<hr data-start=\"2963\" data-end=\"2966\" \/>\n<h2 data-start=\"1283\" data-end=\"1315\"><strong style=\"font-size: 1.875rem;\">Vous avez des questions ?<\/strong><\/h2>\n<style id=\"wpforms-css-vars-3675\">\n\t\t\t\t#wpforms-3675 {\n\t\t\t\t\n\t\t\t}\n\t\t\t<\/style><div class=\"wpforms-container wpforms-container-full wpforms-render-modern\" id=\"wpforms-3675\"><form id=\"wpforms-form-3675\" class=\"wpforms-validate wpforms-form wpforms-ajax-form\" data-formid=\"3675\" method=\"post\" enctype=\"multipart\/form-data\" action=\"\/fr\/wp-json\/wp\/v2\/product\/15402\" data-token=\"9d579c4fe014830de7f99f3dcbfaaa07\" data-token-time=\"1777522409\"><noscript class=\"wpforms-error-noscript\">Veuillez activer JavaScript dans votre navigateur pour remplir ce formulaire.<\/noscript><div id=\"wpforms-error-noscript\" style=\"display: none;\">Veuillez activer JavaScript dans votre navigateur pour remplir ce formulaire.<\/div><div class=\"wpforms-field-container\"><div id=\"wpforms-3675-field_3-container\" class=\"wpforms-field wpforms-field-name\" data-field-id=\"3\"><fieldset><legend class=\"wpforms-field-label\">Nom <span class=\"wpforms-required-label\" aria-hidden=\"true\">*<\/span><\/legend><div class=\"wpforms-field-row wpforms-field-medium\"><div class=\"wpforms-field-row-block wpforms-first wpforms-one-half\"><input type=\"text\" id=\"wpforms-3675-field_3\" class=\"wpforms-field-name-first wpforms-field-required\" name=\"wpforms[fields][3][first]\" aria-errormessage=\"wpforms-3675-field_3-error\" required><label for=\"wpforms-3675-field_3\" class=\"wpforms-field-sublabel after\">Pr\u00e9nom<\/label><\/div><div class=\"wpforms-field-row-block wpforms-one-half\"><input type=\"text\" id=\"wpforms-3675-field_3-last\" class=\"wpforms-field-name-last wpforms-field-required\" name=\"wpforms[fields][3][last]\" aria-errormessage=\"wpforms-3675-field_3-last-error\" required><label for=\"wpforms-3675-field_3-last\" class=\"wpforms-field-sublabel after\">Nom<\/label><\/div><\/div><\/fieldset><\/div>\t\t<div id=\"wpforms-3675-field_1-container\"\n\t\t\tclass=\"wpforms-field wpforms-field-text\"\n\t\t\tdata-field-type=\"text\"\n\t\t\tdata-field-id=\"1\"\n\t\t\t>\n\t\t\t<label class=\"wpforms-field-label\" for=\"wpforms-3675-field_1\" >Nom Message E-mail<\/label>\n\t\t\t<input type=\"text\" id=\"wpforms-3675-field_1\" class=\"wpforms-field-medium\" name=\"wpforms[fields][1]\" >\n\t\t<\/div>\n\t\t<div id=\"wpforms-3675-field_4-container\" class=\"wpforms-field wpforms-field-email\" data-field-id=\"4\"><label class=\"wpforms-field-label\" for=\"wpforms-3675-field_4\">E-mail <span class=\"wpforms-required-label\" aria-hidden=\"true\">*<\/span><\/label><input type=\"email\" id=\"wpforms-3675-field_4\" class=\"wpforms-field-medium wpforms-field-required\" name=\"wpforms[fields][4]\" spellcheck=\"false\" aria-errormessage=\"wpforms-3675-field_4-error\" required><\/div><div id=\"wpforms-3675-field_5-container\" class=\"wpforms-field wpforms-field-textarea\" data-field-id=\"5\"><label class=\"wpforms-field-label\" for=\"wpforms-3675-field_5\">Message <span class=\"wpforms-required-label\" aria-hidden=\"true\">*<\/span><\/label><textarea id=\"wpforms-3675-field_5\" class=\"wpforms-field-medium wpforms-field-required\" name=\"wpforms[fields][5]\" aria-errormessage=\"wpforms-3675-field_5-error\" required><\/textarea><\/div><script>\n\t\t\t\t( function() {\n\t\t\t\t\tconst style = document.createElement( 'style' );\n\t\t\t\t\tstyle.appendChild( document.createTextNode( '#wpforms-3675-field_1-container { position: absolute !important; overflow: hidden !important; display: inline !important; height: 1px !important; width: 1px !important; z-index: -1000 !important; padding: 0 !important; } #wpforms-3675-field_1-container input { visibility: hidden; } #wpforms-conversational-form-page #wpforms-3675-field_1-container label { counter-increment: none; }' ) );\n\t\t\t\t\tdocument.head.appendChild( style );\n\t\t\t\t\tdocument.currentScript?.remove();\n\t\t\t\t} )();\n\t\t\t<\/script><\/div><!-- .wpforms-field-container --><div class=\"wpforms-submit-container\" ><input type=\"hidden\" name=\"wpforms[id]\" value=\"3675\"><input type=\"hidden\" name=\"page_title\" value=\"\"><input type=\"hidden\" name=\"page_url\" value=\"https:\/\/homeproject.fr\/fr\/wp-json\/wp\/v2\/product\/15402\"><input type=\"hidden\" name=\"url_referer\" value=\"\"><button type=\"submit\" name=\"wpforms[submit]\" id=\"wpforms-submit-3675\" class=\"wpforms-submit\" data-alt-text=\"Envoi...\" data-submit-text=\"Envoyer\" aria-live=\"assertive\" value=\"wpforms-submit\">Envoyer<\/button><img decoding=\"async\" src=\"https:\/\/homeproject.fr\/fr\/wp-content\/plugins\/wpforms-lite\/assets\/images\/submit-spin.svg\" class=\"wpforms-submit-spinner\" style=\"display: none;\" width=\"26\" height=\"26\" alt=\"Chargement en cours\"><\/div><\/form><\/div>  <!-- .wpforms-container -->\n","protected":false},"excerpt":{"rendered":"<p data-start=\"384\" data-end=\"752\">Le <strong data-start=\"387\" data-end=\"414\">Bloc Tube<\/strong>\u00a0est un \u00e9l\u00e9ment architectural original de la collection <strong data-start=\"470\" data-end=\"478\">Bloc<\/strong>, dessin\u00e9 par les designers fran\u00e7ais <strong data-start=\"515\" data-end=\"543\">Ronan &amp; Erwan Bouroullec<\/strong> pour <strong data-start=\"549\" data-end=\"559\">Mutina<\/strong>. Pens\u00e9 comme une extension graphique et color\u00e9e du claustra Bloc, le Tube se caract\u00e9rise par sa <strong data-start=\"656\" data-end=\"685\">forme cylindrique ajour\u00e9e<\/strong> qui contraste avec la rigueur cubique des modules traditionnels.<\/p>\n<p data-start=\"754\" data-end=\"1103\">R\u00e9alis\u00e9 artisanalement en <strong data-start=\"780\" data-end=\"817\">bois teint\u00e9<\/strong>, le Bloc Tube est disponible en deux finitions \u00e9clatantes : <strong data-start=\"878\" data-end=\"886\">Bleu<\/strong> et <strong data-start=\"890\" data-end=\"899\">Rouge<\/strong>, toutes deux en version mates. Ces couleurs vives et intenses permettent de cr\u00e9er des <strong data-start=\"990\" data-end=\"1033\">compositions architecturales dynamiques<\/strong>, en jouant sur l\u2019alternance entre modules cubiques et cylindriques.<\/p>\n<p data-start=\"1105\" data-end=\"1385\">Adapt\u00e9 pour une utilisation <strong>int\u00e9rieure<\/strong>, le Bloc Tube Bleu et Rouge s\u2019utilise comme un <strong data-start=\"1209\" data-end=\"1243\">\u00e9l\u00e9ment de contraste d\u00e9coratif<\/strong> dans des murs ajour\u00e9s, cloisons ou fa\u00e7ades, pour des projets r\u00e9sidentiels ou contract (restaurants, h\u00f4tels, galeries, espaces commerciaux).<\/p>\n","protected":false},"featured_media":15403,"template":"","meta":{"_uf_show_specific_survey":0,"_uf_disable_surveys":false,"iawp_total_views":14},"product_brand":[620],"product_cat":[20,194],"product_tag":[],"class_list":{"0":"post-15402","1":"product","2":"type-product","3":"status-publish","4":"has-post-thumbnail","6":"product_brand-mutina","7":"product_cat-carrelage","8":"product_cat-claustras","9":"product_shipping_class-carrelage","10":"pa_collection-bloc-par-mutina","11":"pa_designer-erwan-et-ronan-bouroullec","12":"pa_dimensions-nominales-13x13","13":"pa_effet-claustra","14":"pa_epaisseur-100mm","15":"pa_marque-mutina","17":"first","18":"instock","19":"sale","20":"taxable","21":"shipping-taxable","22":"product-type-variable"},"yoast_head":"<!-- This site is optimized with the Yoast SEO plugin v27.5 - https:\/\/yoast.com\/product\/yoast-seo-wordpress\/ -->\n<title>Bloc Tube Bleu et Rouge Mutina \u2013 Design Ronan &amp; Erwan Bouroullec - Homeproject.fr<\/title>\n<meta name=\"robots\" content=\"index, follow, max-snippet:-1, max-image-preview:large, max-video-preview:-1\" \/>\n<link rel=\"canonical\" href=\"https:\/\/homeproject.fr\/fr\/produit\/claustra-bloc-blue-glossy-mutina-design-ronan-erwan-bouroullec-copie\/\" \/>\n<meta property=\"og:locale\" content=\"fr_FR\" \/>\n<meta property=\"og:type\" content=\"article\" \/>\n<meta property=\"og:title\" content=\"Bloc Tube Bleu et Rouge Mutina \u2013 Design Ronan &amp; Erwan Bouroullec - Homeproject.fr\" \/>\n<meta property=\"og:description\" content=\"Le Bloc Tube\u00a0est un \u00e9l\u00e9ment architectural original de la collection Bloc, dessin\u00e9 par les designers fran\u00e7ais Ronan &amp; Erwan Bouroullec pour Mutina. Pens\u00e9 comme une extension graphique et color\u00e9e du claustra Bloc, le Tube se caract\u00e9rise par sa forme cylindrique ajour\u00e9e qui contraste avec la rigueur cubique des modules traditionnels. R\u00e9alis\u00e9 artisanalement en bois teint\u00e9, le Bloc Tube est disponible en deux finitions \u00e9clatantes : Bleu et Rouge, toutes deux en version mates. Ces couleurs vives et intenses permettent de cr\u00e9er des compositions architecturales dynamiques, en jouant sur l\u2019alternance entre modules cubiques et cylindriques. Adapt\u00e9 pour une utilisation int\u00e9rieure, le Bloc Tube Bleu et Rouge s\u2019utilise comme un \u00e9l\u00e9ment de contraste d\u00e9coratif dans des murs ajour\u00e9s, cloisons ou fa\u00e7ades, pour des projets r\u00e9sidentiels ou contract (restaurants, h\u00f4tels, galeries, espaces commerciaux).\" \/>\n<meta property=\"og:url\" content=\"https:\/\/homeproject.fr\/fr\/produit\/claustra-bloc-blue-glossy-mutina-design-ronan-erwan-bouroullec-copie\/\" \/>\n<meta property=\"og:site_name\" content=\"Homeproject.fr\" \/>\n<meta property=\"article:modified_time\" content=\"2025-08-27T13:55:13+00:00\" \/>\n<meta property=\"og:image\" content=\"https:\/\/homeproject.fr\/fr\/wp-content\/uploads\/2025\/08\/Claustra-en-terre-cuite-coloree-Bloc-Tube-Mutina.jpg\" \/>\n\t<meta property=\"og:image:width\" content=\"410\" \/>\n\t<meta property=\"og:image:height\" content=\"410\" \/>\n\t<meta property=\"og:image:type\" content=\"image\/jpeg\" \/>\n<meta name=\"twitter:card\" content=\"summary_large_image\" \/>\n<meta name=\"twitter:label1\" content=\"Dur\u00e9e de lecture estim\u00e9e\" \/>\n\t<meta name=\"twitter:data1\" content=\"2 minutes\" \/>\n<script type=\"application\/ld+json\" class=\"yoast-schema-graph\">{\"@context\":\"https:\\\/\\\/schema.org\",\"@graph\":[{\"@type\":\"WebPage\",\"@id\":\"https:\\\/\\\/homeproject.fr\\\/fr\\\/produit\\\/claustra-bloc-blue-glossy-mutina-design-ronan-erwan-bouroullec-copie\\\/\",\"url\":\"https:\\\/\\\/homeproject.fr\\\/fr\\\/produit\\\/claustra-bloc-blue-glossy-mutina-design-ronan-erwan-bouroullec-copie\\\/\",\"name\":\"Bloc Tube Bleu et Rouge Mutina \u2013 Design Ronan & Erwan Bouroullec - Homeproject.fr\",\"isPartOf\":{\"@id\":\"https:\\\/\\\/homeproject.fr\\\/fr\\\/#website\"},\"primaryImageOfPage\":{\"@id\":\"https:\\\/\\\/homeproject.fr\\\/fr\\\/produit\\\/claustra-bloc-blue-glossy-mutina-design-ronan-erwan-bouroullec-copie\\\/#primaryimage\"},\"image\":{\"@id\":\"https:\\\/\\\/homeproject.fr\\\/fr\\\/produit\\\/claustra-bloc-blue-glossy-mutina-design-ronan-erwan-bouroullec-copie\\\/#primaryimage\"},\"thumbnailUrl\":\"https:\\\/\\\/homeproject.fr\\\/fr\\\/wp-content\\\/uploads\\\/2025\\\/08\\\/Claustra-en-terre-cuite-coloree-Bloc-Tube-Mutina.jpg\",\"datePublished\":\"2025-08-27T13:41:23+00:00\",\"dateModified\":\"2025-08-27T13:55:13+00:00\",\"breadcrumb\":{\"@id\":\"https:\\\/\\\/homeproject.fr\\\/fr\\\/produit\\\/claustra-bloc-blue-glossy-mutina-design-ronan-erwan-bouroullec-copie\\\/#breadcrumb\"},\"inLanguage\":\"fr-FR\",\"potentialAction\":[{\"@type\":\"ReadAction\",\"target\":[\"https:\\\/\\\/homeproject.fr\\\/fr\\\/produit\\\/claustra-bloc-blue-glossy-mutina-design-ronan-erwan-bouroullec-copie\\\/\"]}]},{\"@type\":\"ImageObject\",\"inLanguage\":\"fr-FR\",\"@id\":\"https:\\\/\\\/homeproject.fr\\\/fr\\\/produit\\\/claustra-bloc-blue-glossy-mutina-design-ronan-erwan-bouroullec-copie\\\/#primaryimage\",\"url\":\"https:\\\/\\\/homeproject.fr\\\/fr\\\/wp-content\\\/uploads\\\/2025\\\/08\\\/Claustra-en-terre-cuite-coloree-Bloc-Tube-Mutina.jpg\",\"contentUrl\":\"https:\\\/\\\/homeproject.fr\\\/fr\\\/wp-content\\\/uploads\\\/2025\\\/08\\\/Claustra-en-terre-cuite-coloree-Bloc-Tube-Mutina.jpg\",\"width\":410,\"height\":410},{\"@type\":\"BreadcrumbList\",\"@id\":\"https:\\\/\\\/homeproject.fr\\\/fr\\\/produit\\\/claustra-bloc-blue-glossy-mutina-design-ronan-erwan-bouroullec-copie\\\/#breadcrumb\",\"itemListElement\":[{\"@type\":\"ListItem\",\"position\":1,\"name\":\"Accueil\",\"item\":\"https:\\\/\\\/homeproject.fr\\\/fr\\\/\"},{\"@type\":\"ListItem\",\"position\":2,\"name\":\"Boutique\",\"item\":\"https:\\\/\\\/homeproject.fr\\\/fr\\\/boutique\\\/\"},{\"@type\":\"ListItem\",\"position\":3,\"name\":\"Bloc Tube Bleu et Rouge Mutina \u2013 Design Ronan &#038; Erwan Bouroullec\"}]},{\"@type\":\"WebSite\",\"@id\":\"https:\\\/\\\/homeproject.fr\\\/fr\\\/#website\",\"url\":\"https:\\\/\\\/homeproject.fr\\\/fr\\\/\",\"name\":\"Homeproject.fr\",\"description\":\"Offrez l&#039;exceptionnel \u00e0 vos espaces \u00e0 vivre\",\"publisher\":{\"@id\":\"https:\\\/\\\/homeproject.fr\\\/fr\\\/#organization\"},\"potentialAction\":[{\"@type\":\"SearchAction\",\"target\":{\"@type\":\"EntryPoint\",\"urlTemplate\":\"https:\\\/\\\/homeproject.fr\\\/fr\\\/?s={search_term_string}\"},\"query-input\":{\"@type\":\"PropertyValueSpecification\",\"valueRequired\":true,\"valueName\":\"search_term_string\"}}],\"inLanguage\":\"fr-FR\"},{\"@type\":\"Organization\",\"@id\":\"https:\\\/\\\/homeproject.fr\\\/fr\\\/#organization\",\"name\":\"Homeproject.fr\",\"url\":\"https:\\\/\\\/homeproject.fr\\\/fr\\\/\",\"logo\":{\"@type\":\"ImageObject\",\"inLanguage\":\"fr-FR\",\"@id\":\"https:\\\/\\\/homeproject.fr\\\/fr\\\/#\\\/schema\\\/logo\\\/image\\\/\",\"url\":\"https:\\\/\\\/homeproject.fr\\\/fr\\\/wp-content\\\/uploads\\\/2024\\\/12\\\/Logo_HomeProject-noir-2.png\",\"contentUrl\":\"https:\\\/\\\/homeproject.fr\\\/fr\\\/wp-content\\\/uploads\\\/2024\\\/12\\\/Logo_HomeProject-noir-2.png\",\"width\":300,\"height\":91,\"caption\":\"Homeproject.fr\"},\"image\":{\"@id\":\"https:\\\/\\\/homeproject.fr\\\/fr\\\/#\\\/schema\\\/logo\\\/image\\\/\"}}]}<\/script>\n<!-- \/ Yoast SEO plugin. -->","yoast_head_json":{"title":"Bloc Tube Bleu et Rouge Mutina \u2013 Design Ronan & Erwan Bouroullec - Homeproject.fr","robots":{"index":"index","follow":"follow","max-snippet":"max-snippet:-1","max-image-preview":"max-image-preview:large","max-video-preview":"max-video-preview:-1"},"canonical":"https:\/\/homeproject.fr\/fr\/produit\/claustra-bloc-blue-glossy-mutina-design-ronan-erwan-bouroullec-copie\/","og_locale":"fr_FR","og_type":"article","og_title":"Bloc Tube Bleu et Rouge Mutina \u2013 Design Ronan & Erwan Bouroullec - Homeproject.fr","og_description":"Le Bloc Tube\u00a0est un \u00e9l\u00e9ment architectural original de la collection Bloc, dessin\u00e9 par les designers fran\u00e7ais Ronan &amp; Erwan Bouroullec pour Mutina. Pens\u00e9 comme une extension graphique et color\u00e9e du claustra Bloc, le Tube se caract\u00e9rise par sa forme cylindrique ajour\u00e9e qui contraste avec la rigueur cubique des modules traditionnels. R\u00e9alis\u00e9 artisanalement en bois teint\u00e9, le Bloc Tube est disponible en deux finitions \u00e9clatantes : Bleu et Rouge, toutes deux en version mates. Ces couleurs vives et intenses permettent de cr\u00e9er des compositions architecturales dynamiques, en jouant sur l\u2019alternance entre modules cubiques et cylindriques. Adapt\u00e9 pour une utilisation int\u00e9rieure, le Bloc Tube Bleu et Rouge s\u2019utilise comme un \u00e9l\u00e9ment de contraste d\u00e9coratif dans des murs ajour\u00e9s, cloisons ou fa\u00e7ades, pour des projets r\u00e9sidentiels ou contract (restaurants, h\u00f4tels, galeries, espaces commerciaux).","og_url":"https:\/\/homeproject.fr\/fr\/produit\/claustra-bloc-blue-glossy-mutina-design-ronan-erwan-bouroullec-copie\/","og_site_name":"Homeproject.fr","article_modified_time":"2025-08-27T13:55:13+00:00","og_image":[{"width":410,"height":410,"url":"https:\/\/homeproject.fr\/fr\/wp-content\/uploads\/2025\/08\/Claustra-en-terre-cuite-coloree-Bloc-Tube-Mutina.jpg","type":"image\/jpeg"}],"twitter_card":"summary_large_image","twitter_misc":{"Dur\u00e9e de lecture estim\u00e9e":"2 minutes"},"schema":{"@context":"https:\/\/schema.org","@graph":[{"@type":"WebPage","@id":"https:\/\/homeproject.fr\/fr\/produit\/claustra-bloc-blue-glossy-mutina-design-ronan-erwan-bouroullec-copie\/","url":"https:\/\/homeproject.fr\/fr\/produit\/claustra-bloc-blue-glossy-mutina-design-ronan-erwan-bouroullec-copie\/","name":"Bloc Tube Bleu et Rouge Mutina \u2013 Design Ronan & Erwan Bouroullec - Homeproject.fr","isPartOf":{"@id":"https:\/\/homeproject.fr\/fr\/#website"},"primaryImageOfPage":{"@id":"https:\/\/homeproject.fr\/fr\/produit\/claustra-bloc-blue-glossy-mutina-design-ronan-erwan-bouroullec-copie\/#primaryimage"},"image":{"@id":"https:\/\/homeproject.fr\/fr\/produit\/claustra-bloc-blue-glossy-mutina-design-ronan-erwan-bouroullec-copie\/#primaryimage"},"thumbnailUrl":"https:\/\/homeproject.fr\/fr\/wp-content\/uploads\/2025\/08\/Claustra-en-terre-cuite-coloree-Bloc-Tube-Mutina.jpg","datePublished":"2025-08-27T13:41:23+00:00","dateModified":"2025-08-27T13:55:13+00:00","breadcrumb":{"@id":"https:\/\/homeproject.fr\/fr\/produit\/claustra-bloc-blue-glossy-mutina-design-ronan-erwan-bouroullec-copie\/#breadcrumb"},"inLanguage":"fr-FR","potentialAction":[{"@type":"ReadAction","target":["https:\/\/homeproject.fr\/fr\/produit\/claustra-bloc-blue-glossy-mutina-design-ronan-erwan-bouroullec-copie\/"]}]},{"@type":"ImageObject","inLanguage":"fr-FR","@id":"https:\/\/homeproject.fr\/fr\/produit\/claustra-bloc-blue-glossy-mutina-design-ronan-erwan-bouroullec-copie\/#primaryimage","url":"https:\/\/homeproject.fr\/fr\/wp-content\/uploads\/2025\/08\/Claustra-en-terre-cuite-coloree-Bloc-Tube-Mutina.jpg","contentUrl":"https:\/\/homeproject.fr\/fr\/wp-content\/uploads\/2025\/08\/Claustra-en-terre-cuite-coloree-Bloc-Tube-Mutina.jpg","width":410,"height":410},{"@type":"BreadcrumbList","@id":"https:\/\/homeproject.fr\/fr\/produit\/claustra-bloc-blue-glossy-mutina-design-ronan-erwan-bouroullec-copie\/#breadcrumb","itemListElement":[{"@type":"ListItem","position":1,"name":"Accueil","item":"https:\/\/homeproject.fr\/fr\/"},{"@type":"ListItem","position":2,"name":"Boutique","item":"https:\/\/homeproject.fr\/fr\/boutique\/"},{"@type":"ListItem","position":3,"name":"Bloc Tube Bleu et Rouge Mutina \u2013 Design Ronan &#038; Erwan Bouroullec"}]},{"@type":"WebSite","@id":"https:\/\/homeproject.fr\/fr\/#website","url":"https:\/\/homeproject.fr\/fr\/","name":"Homeproject.fr","description":"Offrez l&#039;exceptionnel \u00e0 vos espaces \u00e0 vivre","publisher":{"@id":"https:\/\/homeproject.fr\/fr\/#organization"},"potentialAction":[{"@type":"SearchAction","target":{"@type":"EntryPoint","urlTemplate":"https:\/\/homeproject.fr\/fr\/?s={search_term_string}"},"query-input":{"@type":"PropertyValueSpecification","valueRequired":true,"valueName":"search_term_string"}}],"inLanguage":"fr-FR"},{"@type":"Organization","@id":"https:\/\/homeproject.fr\/fr\/#organization","name":"Homeproject.fr","url":"https:\/\/homeproject.fr\/fr\/","logo":{"@type":"ImageObject","inLanguage":"fr-FR","@id":"https:\/\/homeproject.fr\/fr\/#\/schema\/logo\/image\/","url":"https:\/\/homeproject.fr\/fr\/wp-content\/uploads\/2024\/12\/Logo_HomeProject-noir-2.png","contentUrl":"https:\/\/homeproject.fr\/fr\/wp-content\/uploads\/2024\/12\/Logo_HomeProject-noir-2.png","width":300,"height":91,"caption":"Homeproject.fr"},"image":{"@id":"https:\/\/homeproject.fr\/fr\/#\/schema\/logo\/image\/"}}]}},"_links":{"self":[{"href":"https:\/\/homeproject.fr\/fr\/wp-json\/wp\/v2\/product\/15402","targetHints":{"allow":["GET"]}}],"collection":[{"href":"https:\/\/homeproject.fr\/fr\/wp-json\/wp\/v2\/product"}],"about":[{"href":"https:\/\/homeproject.fr\/fr\/wp-json\/wp\/v2\/types\/product"}],"version-history":[{"count":2,"href":"https:\/\/homeproject.fr\/fr\/wp-json\/wp\/v2\/product\/15402\/revisions"}],"predecessor-version":[{"id":15407,"href":"https:\/\/homeproject.fr\/fr\/wp-json\/wp\/v2\/product\/15402\/revisions\/15407"}],"wp:featuredmedia":[{"embeddable":true,"href":"https:\/\/homeproject.fr\/fr\/wp-json\/wp\/v2\/media\/15403"}],"wp:attachment":[{"href":"https:\/\/homeproject.fr\/fr\/wp-json\/wp\/v2\/media?parent=15402"}],"wp:term":[{"taxonomy":"product_brand","embeddable":true,"href":"https:\/\/homeproject.fr\/fr\/wp-json\/wp\/v2\/product_brand?post=15402"},{"taxonomy":"product_cat","embeddable":true,"href":"https:\/\/homeproject.fr\/fr\/wp-json\/wp\/v2\/product_cat?post=15402"},{"taxonomy":"product_tag","embeddable":true,"href":"https:\/\/homeproject.fr\/fr\/wp-json\/wp\/v2\/product_tag?post=15402"}],"curies":[{"name":"wp","href":"https:\/\/api.w.org\/{rel}","templated":true}]}}