{"id":15394,"date":"2025-08-27T13:36:41","date_gmt":"2025-08-27T13:36:41","guid":{"rendered":"https:\/\/homeproject.fr\/fr\/?post_type=product&#038;p=15394"},"modified":"2025-08-27T13:40:45","modified_gmt":"2025-08-27T13:40:45","slug":"claustra-bloc-blue-glossy-mutina-design-ronan-erwan-bouroullec","status":"publish","type":"product","link":"https:\/\/homeproject.fr\/fr\/produit\/claustra-bloc-blue-glossy-mutina-design-ronan-erwan-bouroullec\/","title":{"rendered":"Claustra Bloc Blue Glossy Mutina \u2013 Design Ronan &#038; Erwan Bouroullec"},"content":{"rendered":"<h2 data-start=\"1308\" data-end=\"1340\">Caract\u00e9ristiques techniques<\/h2>\n<ul data-start=\"1341\" data-end=\"1903\">\n<li data-start=\"1341\" data-end=\"1384\">\n<p data-start=\"1343\" data-end=\"1384\"><strong data-start=\"1343\" data-end=\"1355\">Designer<\/strong> : Ronan & Erwan Bouroullec<\/p>\n<\/li>\n<li data-start=\"1385\" data-end=\"1408\">\n<p data-start=\"1387\" data-end=\"1408\"><strong data-start=\"1387\" data-end=\"1397\">Marque<\/strong> : Mutina<\/p>\n<\/li>\n<li data-start=\"1409\" data-end=\"1434\">\n<p data-start=\"1411\" data-end=\"1434\"><strong data-start=\"1411\" data-end=\"1425\">Collection<\/strong> : Bloc<\/p>\n<\/li>\n<li data-start=\"1435\" data-end=\"1488\">\n<p data-start=\"1437\" data-end=\"1488\"><strong data-start=\"1437\" data-end=\"1448\">Coloris<\/strong> : Blue Glossy (bleu brillant profond)<\/p>\n<\/li>\n<li data-start=\"1489\" data-end=\"1553\">\n<p data-start=\"1491\" data-end=\"1553\"><strong data-start=\"1491\" data-end=\"1503\">Mat\u00e9riau<\/strong> : Terre cuite artisanale<\/p>\n<\/li>\n<li data-start=\"1489\" data-end=\"1553\">\n<p data-start=\"1491\" data-end=\"1553\"><strong data-start=\"1556\" data-end=\"1570\">Dimensions<\/strong> : Module cubique perfor\u00e9 (format nominal \u2013 4 ouvertures circulaires)<\/p>\n<\/li>\n<li data-start=\"1642\" data-end=\"1685\">\n<p data-start=\"1644\" data-end=\"1685\"><strong data-start=\"1644\" data-end=\"1659\">Utilisation<\/strong> : Int\u00e9rieur & ext\u00e9rieur<\/p>\n<\/li>\n<li data-start=\"1686\" data-end=\"1784\">\n<p data-start=\"1688\" data-end=\"1784\"><strong data-start=\"1688\" data-end=\"1704\">Applications<\/strong> : Claustra d\u00e9coratif, cloison ajour\u00e9e, mur ventil\u00e9, s\u00e9paration architecturale<\/p>\n<\/li>\n<li data-start=\"1785\" data-end=\"1903\">\n<p data-start=\"1787\" data-end=\"1903\"><strong data-start=\"1787\" data-end=\"1803\">Installation<\/strong> : Pose avec colle\/sigillante organique \u00e9co-compatible Mutina (Kerakoll) \u2013 montage modulaire libre<\/p>\n<\/li>\n<\/ul>\n<h2 data-start=\"1905\" data-end=\"1919\">Avantages<\/h2>\n<ul data-start=\"1920\" data-end=\"2416\">\n<li data-start=\"1920\" data-end=\"2007\">\n<p data-start=\"1922\" data-end=\"2007\">Design exclusif des <strong data-start=\"1942\" data-end=\"1963\">fr\u00e8res Bouroullec<\/strong>, figures majeures du design international<\/p>\n<\/li>\n<li data-start=\"2008\" data-end=\"2105\">\n<p data-start=\"2010\" data-end=\"2105\">Finition <strong data-start=\"2019\" data-end=\"2034\">Blue Glossy<\/strong> \u00e9clatante et contemporaine, id\u00e9ale pour un rendu graphique audacieux<\/p>\n<\/li>\n<li data-start=\"2106\" data-end=\"2180\">\n<p data-start=\"2108\" data-end=\"2180\">\u00c9l\u00e9ment modulaire permettant de multiples compositions architecturales<\/p>\n<\/li>\n<li data-start=\"2181\" data-end=\"2318\">\n<p data-start=\"2183\" data-end=\"2318\">Convient aussi bien aux <strong data-start=\"2207\" data-end=\"2245\">projets r\u00e9sidentiels haut de gamme<\/strong> qu\u2019aux <strong data-start=\"2253\" data-end=\"2273\">espaces contract<\/strong> (restaurants, h\u00f4tels, galeries, commerces)<\/p>\n<\/li>\n<li data-start=\"2319\" data-end=\"2416\">\n<p data-start=\"2321\" data-end=\"2416\">Fabrication artisanale en terre cuite, durable et respectueuse des savoir-faire traditionnels<\/p>\n<\/li>\n<\/ul>\n<h2 data-start=\"2418\" data-end=\"2442\">Id\u00e9es d\u2019utilisation<\/h2>\n<ul data-start=\"2443\" data-end=\"2795\">\n<li data-start=\"2443\" data-end=\"2528\">\n<p data-start=\"2445\" data-end=\"2528\">Cr\u00e9er une <strong data-start=\"2455\" data-end=\"2487\">cloison d\u00e9corative brillante<\/strong> dans un salon, une entr\u00e9e ou un bureau<\/p>\n<\/li>\n<li data-start=\"2529\" data-end=\"2614\">\n<p data-start=\"2531\" data-end=\"2614\">Structurer un <strong data-start=\"2545\" data-end=\"2571\">restaurant ou un h\u00f4tel<\/strong> avec une s\u00e9paration color\u00e9e et lumineuse<\/p>\n<\/li>\n<li data-start=\"2615\" data-end=\"2696\">\n<p data-start=\"2617\" data-end=\"2696\">R\u00e9aliser une <strong data-start=\"2630\" data-end=\"2665\">fa\u00e7ade int\u00e9rieure ou ext\u00e9rieure<\/strong> \u00e0 l\u2019esth\u00e9tique contemporaine<\/p>\n<\/li>\n<li data-start=\"2697\" data-end=\"2795\">\n<p data-start=\"2699\" data-end=\"2795\">Am\u00e9nager un <strong data-start=\"2711\" data-end=\"2745\">showroom ou un espace culturel<\/strong> avec un \u00e9l\u00e9ment architectural fort et audacieux<\/p>\n<\/li>\n<\/ul>\n<hr data-start=\"2963\" data-end=\"2966\" \/>\n<h2 data-start=\"1283\" data-end=\"1315\"><strong style=\"font-size: 1.875rem;\">Vous avez des questions ?<\/strong><\/h2>\n<style id=\"wpforms-css-vars-3675\">\n\t\t\t\t#wpforms-3675 {\n\t\t\t\t\n\t\t\t}\n\t\t\t<\/style><div class=\"wpforms-container wpforms-container-full wpforms-render-modern\" id=\"wpforms-3675\"><form id=\"wpforms-form-3675\" class=\"wpforms-validate wpforms-form wpforms-ajax-form\" data-formid=\"3675\" method=\"post\" enctype=\"multipart\/form-data\" action=\"\/fr\/wp-json\/wp\/v2\/product\/15394\" data-token=\"9d579c4fe014830de7f99f3dcbfaaa07\" data-token-time=\"1777532881\"><noscript class=\"wpforms-error-noscript\">Veuillez activer JavaScript dans votre navigateur pour remplir ce formulaire.<\/noscript><div id=\"wpforms-error-noscript\" style=\"display: none;\">Veuillez activer JavaScript dans votre navigateur pour remplir ce formulaire.<\/div><div class=\"wpforms-field-container\">\t\t<div id=\"wpforms-3675-field_1-container\"\n\t\t\tclass=\"wpforms-field wpforms-field-text\"\n\t\t\tdata-field-type=\"text\"\n\t\t\tdata-field-id=\"1\"\n\t\t\t>\n\t\t\t<label class=\"wpforms-field-label\" for=\"wpforms-3675-field_1\" >Nom Message E-mail<\/label>\n\t\t\t<input type=\"text\" id=\"wpforms-3675-field_1\" class=\"wpforms-field-medium\" name=\"wpforms[fields][1]\" >\n\t\t<\/div>\n\t\t<div id=\"wpforms-3675-field_3-container\" class=\"wpforms-field wpforms-field-name\" data-field-id=\"3\"><fieldset><legend class=\"wpforms-field-label\">Nom <span class=\"wpforms-required-label\" aria-hidden=\"true\">*<\/span><\/legend><div class=\"wpforms-field-row wpforms-field-medium\"><div class=\"wpforms-field-row-block wpforms-first wpforms-one-half\"><input type=\"text\" id=\"wpforms-3675-field_3\" class=\"wpforms-field-name-first wpforms-field-required\" name=\"wpforms[fields][3][first]\" aria-errormessage=\"wpforms-3675-field_3-error\" required><label for=\"wpforms-3675-field_3\" class=\"wpforms-field-sublabel after\">Pr\u00e9nom<\/label><\/div><div class=\"wpforms-field-row-block wpforms-one-half\"><input type=\"text\" id=\"wpforms-3675-field_3-last\" class=\"wpforms-field-name-last wpforms-field-required\" name=\"wpforms[fields][3][last]\" aria-errormessage=\"wpforms-3675-field_3-last-error\" required><label for=\"wpforms-3675-field_3-last\" class=\"wpforms-field-sublabel after\">Nom<\/label><\/div><\/div><\/fieldset><\/div><div id=\"wpforms-3675-field_4-container\" class=\"wpforms-field wpforms-field-email\" data-field-id=\"4\"><label class=\"wpforms-field-label\" for=\"wpforms-3675-field_4\">E-mail <span class=\"wpforms-required-label\" aria-hidden=\"true\">*<\/span><\/label><input type=\"email\" id=\"wpforms-3675-field_4\" class=\"wpforms-field-medium wpforms-field-required\" name=\"wpforms[fields][4]\" spellcheck=\"false\" aria-errormessage=\"wpforms-3675-field_4-error\" required><\/div><div id=\"wpforms-3675-field_5-container\" class=\"wpforms-field wpforms-field-textarea\" data-field-id=\"5\"><label class=\"wpforms-field-label\" for=\"wpforms-3675-field_5\">Message <span class=\"wpforms-required-label\" aria-hidden=\"true\">*<\/span><\/label><textarea id=\"wpforms-3675-field_5\" class=\"wpforms-field-medium wpforms-field-required\" name=\"wpforms[fields][5]\" aria-errormessage=\"wpforms-3675-field_5-error\" required><\/textarea><\/div><script>\n\t\t\t\t( function() {\n\t\t\t\t\tconst style = document.createElement( 'style' );\n\t\t\t\t\tstyle.appendChild( document.createTextNode( '#wpforms-3675-field_1-container { position: absolute !important; overflow: hidden !important; display: inline !important; height: 1px !important; width: 1px !important; z-index: -1000 !important; padding: 0 !important; } #wpforms-3675-field_1-container input { visibility: hidden; } #wpforms-conversational-form-page #wpforms-3675-field_1-container label { counter-increment: none; }' ) );\n\t\t\t\t\tdocument.head.appendChild( style );\n\t\t\t\t\tdocument.currentScript?.remove();\n\t\t\t\t} )();\n\t\t\t<\/script><\/div><!-- .wpforms-field-container --><div class=\"wpforms-submit-container\" ><input type=\"hidden\" name=\"wpforms[id]\" value=\"3675\"><input type=\"hidden\" name=\"page_title\" value=\"\"><input type=\"hidden\" name=\"page_url\" value=\"https:\/\/homeproject.fr\/fr\/wp-json\/wp\/v2\/product\/15394\"><input type=\"hidden\" name=\"url_referer\" value=\"\"><button type=\"submit\" name=\"wpforms[submit]\" id=\"wpforms-submit-3675\" class=\"wpforms-submit\" data-alt-text=\"Envoi...\" data-submit-text=\"Envoyer\" aria-live=\"assertive\" value=\"wpforms-submit\">Envoyer<\/button><img decoding=\"async\" src=\"https:\/\/homeproject.fr\/fr\/wp-content\/plugins\/wpforms-lite\/assets\/images\/submit-spin.svg\" class=\"wpforms-submit-spinner\" style=\"display: none;\" width=\"26\" height=\"26\" alt=\"Chargement en cours\"><\/div><\/form><\/div>  <!-- .wpforms-container -->\n","protected":false},"excerpt":{"rendered":"<p data-start=\"356\" data-end=\"697\">Le <strong data-start=\"359\" data-end=\"388\">claustra Bloc Blue Glossy<\/strong> est une pi\u00e8ce embl\u00e9matique de la collection <strong data-start=\"433\" data-end=\"441\">Bloc<\/strong>, imagin\u00e9e par les designers fran\u00e7ais <strong data-start=\"479\" data-end=\"507\">Ronan &amp; Erwan Bouroullec<\/strong> pour <strong data-start=\"513\" data-end=\"523\">Mutina<\/strong>. Pens\u00e9 comme une <strong data-start=\"541\" data-end=\"576\">brique contemporaine r\u00e9invent\u00e9e<\/strong>, Bloc devient un <strong data-start=\"594\" data-end=\"632\">\u00e9l\u00e9ment d\u00e9coratif et architectural<\/strong> qui associe minimalisme, modularit\u00e9 et esth\u00e9tique sculpturale.<\/p>\n<p data-start=\"699\" data-end=\"1100\">Fabriqu\u00e9 artisanalement en <strong data-start=\"726\" data-end=\"763\">terre cuite color\u00e9e \u00e9maill\u00e9e<\/strong>, Bloc prend la forme d\u2019un <strong data-start=\"790\" data-end=\"839\">cube perfor\u00e9 de quatre ouvertures circulaires<\/strong>, cr\u00e9ant des jeux de lumi\u00e8re et de transparence uniques. Sa finition <strong data-start=\"908\" data-end=\"923\">Blue Glossy<\/strong>, d\u2019un bleu profond et brillant, conf\u00e8re une <strong data-start=\"968\" data-end=\"1005\">intensit\u00e9 graphique et audacieuse<\/strong> aux compositions architecturales, id\u00e9ale pour sublimer les projets r\u00e9sidentiels et contract.<\/p>\n<p data-start=\"1102\" data-end=\"1306\">Adapt\u00e9 aussi bien \u00e0 l\u2019<strong data-start=\"1124\" data-end=\"1137\">int\u00e9rieur<\/strong> qu\u2019\u00e0 l\u2019<strong data-start=\"1145\" data-end=\"1158\">ext\u00e9rieur<\/strong>, le claustra Bloc Blue Glossy est con\u00e7u pour r\u00e9aliser des <strong data-start=\"1217\" data-end=\"1280\">murs ajour\u00e9s, cloisons d\u00e9coratives et s\u00e9parateurs d\u2019espaces<\/strong> au design contemporain.<\/p>\n","protected":false},"featured_media":15395,"template":"","meta":{"_uf_show_specific_survey":0,"_uf_disable_surveys":false,"iawp_total_views":14},"product_brand":[620],"product_cat":[20,194],"product_tag":[],"class_list":{"0":"post-15394","1":"product","2":"type-product","3":"status-publish","4":"has-post-thumbnail","6":"product_brand-mutina","7":"product_cat-carrelage","8":"product_cat-claustras","9":"product_shipping_class-carrelage","10":"pa_collection-bloc-par-mutina","11":"pa_designer-erwan-et-ronan-bouroullec","12":"pa_dimensions-nominales-13x13","13":"pa_effet-claustra","14":"pa_epaisseur-100mm","15":"pa_marque-mutina","17":"first","18":"instock","19":"sale","20":"taxable","21":"shipping-taxable","22":"purchasable","23":"product-type-simple"},"yoast_head":"<!-- This site is optimized with the Yoast SEO plugin v27.5 - https:\/\/yoast.com\/product\/yoast-seo-wordpress\/ -->\n<title>Claustra Bloc Blue Glossy Mutina \u2013 Design Ronan &amp; Erwan Bouroullec - Homeproject.fr<\/title>\n<meta name=\"robots\" content=\"index, follow, max-snippet:-1, max-image-preview:large, max-video-preview:-1\" \/>\n<link rel=\"canonical\" href=\"https:\/\/homeproject.fr\/fr\/produit\/claustra-bloc-blue-glossy-mutina-design-ronan-erwan-bouroullec\/\" \/>\n<meta property=\"og:locale\" content=\"fr_FR\" \/>\n<meta property=\"og:type\" content=\"article\" \/>\n<meta property=\"og:title\" content=\"Claustra Bloc Blue Glossy Mutina \u2013 Design Ronan &amp; Erwan Bouroullec - Homeproject.fr\" \/>\n<meta property=\"og:description\" content=\"Le claustra Bloc Blue Glossy est une pi\u00e8ce embl\u00e9matique de la collection Bloc, imagin\u00e9e par les designers fran\u00e7ais Ronan &amp; Erwan Bouroullec pour Mutina. Pens\u00e9 comme une brique contemporaine r\u00e9invent\u00e9e, Bloc devient un \u00e9l\u00e9ment d\u00e9coratif et architectural qui associe minimalisme, modularit\u00e9 et esth\u00e9tique sculpturale. Fabriqu\u00e9 artisanalement en terre cuite color\u00e9e \u00e9maill\u00e9e, Bloc prend la forme d\u2019un cube perfor\u00e9 de quatre ouvertures circulaires, cr\u00e9ant des jeux de lumi\u00e8re et de transparence uniques. Sa finition Blue Glossy, d\u2019un bleu profond et brillant, conf\u00e8re une intensit\u00e9 graphique et audacieuse aux compositions architecturales, id\u00e9ale pour sublimer les projets r\u00e9sidentiels et contract. Adapt\u00e9 aussi bien \u00e0 l\u2019int\u00e9rieur qu\u2019\u00e0 l\u2019ext\u00e9rieur, le claustra Bloc Blue Glossy est con\u00e7u pour r\u00e9aliser des murs ajour\u00e9s, cloisons d\u00e9coratives et s\u00e9parateurs d\u2019espaces au design contemporain.\" \/>\n<meta property=\"og:url\" content=\"https:\/\/homeproject.fr\/fr\/produit\/claustra-bloc-blue-glossy-mutina-design-ronan-erwan-bouroullec\/\" \/>\n<meta property=\"og:site_name\" content=\"Homeproject.fr\" \/>\n<meta property=\"article:modified_time\" content=\"2025-08-27T13:40:45+00:00\" \/>\n<meta property=\"og:image\" content=\"https:\/\/homeproject.fr\/fr\/wp-content\/uploads\/2025\/08\/Claustra-en-terre-cuite-coloree-Bloc-Blue-Glossy-dessine-par-Erwan-et-Ronan-Bouroullec-pour-Mutina.jpg\" \/>\n\t<meta property=\"og:image:width\" content=\"1500\" \/>\n\t<meta property=\"og:image:height\" content=\"1500\" \/>\n\t<meta property=\"og:image:type\" content=\"image\/jpeg\" \/>\n<meta name=\"twitter:card\" content=\"summary_large_image\" \/>\n<meta name=\"twitter:label1\" content=\"Dur\u00e9e de lecture estim\u00e9e\" \/>\n\t<meta name=\"twitter:data1\" content=\"2 minutes\" \/>\n<script type=\"application\/ld+json\" class=\"yoast-schema-graph\">{\"@context\":\"https:\\\/\\\/schema.org\",\"@graph\":[{\"@type\":\"WebPage\",\"@id\":\"https:\\\/\\\/homeproject.fr\\\/fr\\\/produit\\\/claustra-bloc-blue-glossy-mutina-design-ronan-erwan-bouroullec\\\/\",\"url\":\"https:\\\/\\\/homeproject.fr\\\/fr\\\/produit\\\/claustra-bloc-blue-glossy-mutina-design-ronan-erwan-bouroullec\\\/\",\"name\":\"Claustra Bloc Blue Glossy Mutina \u2013 Design Ronan & Erwan Bouroullec - Homeproject.fr\",\"isPartOf\":{\"@id\":\"https:\\\/\\\/homeproject.fr\\\/fr\\\/#website\"},\"primaryImageOfPage\":{\"@id\":\"https:\\\/\\\/homeproject.fr\\\/fr\\\/produit\\\/claustra-bloc-blue-glossy-mutina-design-ronan-erwan-bouroullec\\\/#primaryimage\"},\"image\":{\"@id\":\"https:\\\/\\\/homeproject.fr\\\/fr\\\/produit\\\/claustra-bloc-blue-glossy-mutina-design-ronan-erwan-bouroullec\\\/#primaryimage\"},\"thumbnailUrl\":\"https:\\\/\\\/homeproject.fr\\\/fr\\\/wp-content\\\/uploads\\\/2025\\\/08\\\/Claustra-en-terre-cuite-coloree-Bloc-Blue-Glossy-dessine-par-Erwan-et-Ronan-Bouroullec-pour-Mutina.jpg\",\"datePublished\":\"2025-08-27T13:36:41+00:00\",\"dateModified\":\"2025-08-27T13:40:45+00:00\",\"breadcrumb\":{\"@id\":\"https:\\\/\\\/homeproject.fr\\\/fr\\\/produit\\\/claustra-bloc-blue-glossy-mutina-design-ronan-erwan-bouroullec\\\/#breadcrumb\"},\"inLanguage\":\"fr-FR\",\"potentialAction\":[{\"@type\":\"ReadAction\",\"target\":[\"https:\\\/\\\/homeproject.fr\\\/fr\\\/produit\\\/claustra-bloc-blue-glossy-mutina-design-ronan-erwan-bouroullec\\\/\"]}]},{\"@type\":\"ImageObject\",\"inLanguage\":\"fr-FR\",\"@id\":\"https:\\\/\\\/homeproject.fr\\\/fr\\\/produit\\\/claustra-bloc-blue-glossy-mutina-design-ronan-erwan-bouroullec\\\/#primaryimage\",\"url\":\"https:\\\/\\\/homeproject.fr\\\/fr\\\/wp-content\\\/uploads\\\/2025\\\/08\\\/Claustra-en-terre-cuite-coloree-Bloc-Blue-Glossy-dessine-par-Erwan-et-Ronan-Bouroullec-pour-Mutina.jpg\",\"contentUrl\":\"https:\\\/\\\/homeproject.fr\\\/fr\\\/wp-content\\\/uploads\\\/2025\\\/08\\\/Claustra-en-terre-cuite-coloree-Bloc-Blue-Glossy-dessine-par-Erwan-et-Ronan-Bouroullec-pour-Mutina.jpg\",\"width\":1500,\"height\":1500},{\"@type\":\"BreadcrumbList\",\"@id\":\"https:\\\/\\\/homeproject.fr\\\/fr\\\/produit\\\/claustra-bloc-blue-glossy-mutina-design-ronan-erwan-bouroullec\\\/#breadcrumb\",\"itemListElement\":[{\"@type\":\"ListItem\",\"position\":1,\"name\":\"Accueil\",\"item\":\"https:\\\/\\\/homeproject.fr\\\/fr\\\/\"},{\"@type\":\"ListItem\",\"position\":2,\"name\":\"Boutique\",\"item\":\"https:\\\/\\\/homeproject.fr\\\/fr\\\/boutique\\\/\"},{\"@type\":\"ListItem\",\"position\":3,\"name\":\"Claustra Bloc Blue Glossy Mutina \u2013 Design Ronan &#038; Erwan Bouroullec\"}]},{\"@type\":\"WebSite\",\"@id\":\"https:\\\/\\\/homeproject.fr\\\/fr\\\/#website\",\"url\":\"https:\\\/\\\/homeproject.fr\\\/fr\\\/\",\"name\":\"Homeproject.fr\",\"description\":\"Offrez l&#039;exceptionnel \u00e0 vos espaces \u00e0 vivre\",\"publisher\":{\"@id\":\"https:\\\/\\\/homeproject.fr\\\/fr\\\/#organization\"},\"potentialAction\":[{\"@type\":\"SearchAction\",\"target\":{\"@type\":\"EntryPoint\",\"urlTemplate\":\"https:\\\/\\\/homeproject.fr\\\/fr\\\/?s={search_term_string}\"},\"query-input\":{\"@type\":\"PropertyValueSpecification\",\"valueRequired\":true,\"valueName\":\"search_term_string\"}}],\"inLanguage\":\"fr-FR\"},{\"@type\":\"Organization\",\"@id\":\"https:\\\/\\\/homeproject.fr\\\/fr\\\/#organization\",\"name\":\"Homeproject.fr\",\"url\":\"https:\\\/\\\/homeproject.fr\\\/fr\\\/\",\"logo\":{\"@type\":\"ImageObject\",\"inLanguage\":\"fr-FR\",\"@id\":\"https:\\\/\\\/homeproject.fr\\\/fr\\\/#\\\/schema\\\/logo\\\/image\\\/\",\"url\":\"https:\\\/\\\/homeproject.fr\\\/fr\\\/wp-content\\\/uploads\\\/2024\\\/12\\\/Logo_HomeProject-noir-2.png\",\"contentUrl\":\"https:\\\/\\\/homeproject.fr\\\/fr\\\/wp-content\\\/uploads\\\/2024\\\/12\\\/Logo_HomeProject-noir-2.png\",\"width\":300,\"height\":91,\"caption\":\"Homeproject.fr\"},\"image\":{\"@id\":\"https:\\\/\\\/homeproject.fr\\\/fr\\\/#\\\/schema\\\/logo\\\/image\\\/\"}}]}<\/script>\n<!-- \/ Yoast SEO plugin. -->","yoast_head_json":{"title":"Claustra Bloc Blue Glossy Mutina \u2013 Design Ronan & Erwan Bouroullec - Homeproject.fr","robots":{"index":"index","follow":"follow","max-snippet":"max-snippet:-1","max-image-preview":"max-image-preview:large","max-video-preview":"max-video-preview:-1"},"canonical":"https:\/\/homeproject.fr\/fr\/produit\/claustra-bloc-blue-glossy-mutina-design-ronan-erwan-bouroullec\/","og_locale":"fr_FR","og_type":"article","og_title":"Claustra Bloc Blue Glossy Mutina \u2013 Design Ronan & Erwan Bouroullec - Homeproject.fr","og_description":"Le claustra Bloc Blue Glossy est une pi\u00e8ce embl\u00e9matique de la collection Bloc, imagin\u00e9e par les designers fran\u00e7ais Ronan &amp; Erwan Bouroullec pour Mutina. Pens\u00e9 comme une brique contemporaine r\u00e9invent\u00e9e, Bloc devient un \u00e9l\u00e9ment d\u00e9coratif et architectural qui associe minimalisme, modularit\u00e9 et esth\u00e9tique sculpturale. Fabriqu\u00e9 artisanalement en terre cuite color\u00e9e \u00e9maill\u00e9e, Bloc prend la forme d\u2019un cube perfor\u00e9 de quatre ouvertures circulaires, cr\u00e9ant des jeux de lumi\u00e8re et de transparence uniques. Sa finition Blue Glossy, d\u2019un bleu profond et brillant, conf\u00e8re une intensit\u00e9 graphique et audacieuse aux compositions architecturales, id\u00e9ale pour sublimer les projets r\u00e9sidentiels et contract. Adapt\u00e9 aussi bien \u00e0 l\u2019int\u00e9rieur qu\u2019\u00e0 l\u2019ext\u00e9rieur, le claustra Bloc Blue Glossy est con\u00e7u pour r\u00e9aliser des murs ajour\u00e9s, cloisons d\u00e9coratives et s\u00e9parateurs d\u2019espaces au design contemporain.","og_url":"https:\/\/homeproject.fr\/fr\/produit\/claustra-bloc-blue-glossy-mutina-design-ronan-erwan-bouroullec\/","og_site_name":"Homeproject.fr","article_modified_time":"2025-08-27T13:40:45+00:00","og_image":[{"width":1500,"height":1500,"url":"https:\/\/homeproject.fr\/fr\/wp-content\/uploads\/2025\/08\/Claustra-en-terre-cuite-coloree-Bloc-Blue-Glossy-dessine-par-Erwan-et-Ronan-Bouroullec-pour-Mutina.jpg","type":"image\/jpeg"}],"twitter_card":"summary_large_image","twitter_misc":{"Dur\u00e9e de lecture estim\u00e9e":"2 minutes"},"schema":{"@context":"https:\/\/schema.org","@graph":[{"@type":"WebPage","@id":"https:\/\/homeproject.fr\/fr\/produit\/claustra-bloc-blue-glossy-mutina-design-ronan-erwan-bouroullec\/","url":"https:\/\/homeproject.fr\/fr\/produit\/claustra-bloc-blue-glossy-mutina-design-ronan-erwan-bouroullec\/","name":"Claustra Bloc Blue Glossy Mutina \u2013 Design Ronan & Erwan Bouroullec - Homeproject.fr","isPartOf":{"@id":"https:\/\/homeproject.fr\/fr\/#website"},"primaryImageOfPage":{"@id":"https:\/\/homeproject.fr\/fr\/produit\/claustra-bloc-blue-glossy-mutina-design-ronan-erwan-bouroullec\/#primaryimage"},"image":{"@id":"https:\/\/homeproject.fr\/fr\/produit\/claustra-bloc-blue-glossy-mutina-design-ronan-erwan-bouroullec\/#primaryimage"},"thumbnailUrl":"https:\/\/homeproject.fr\/fr\/wp-content\/uploads\/2025\/08\/Claustra-en-terre-cuite-coloree-Bloc-Blue-Glossy-dessine-par-Erwan-et-Ronan-Bouroullec-pour-Mutina.jpg","datePublished":"2025-08-27T13:36:41+00:00","dateModified":"2025-08-27T13:40:45+00:00","breadcrumb":{"@id":"https:\/\/homeproject.fr\/fr\/produit\/claustra-bloc-blue-glossy-mutina-design-ronan-erwan-bouroullec\/#breadcrumb"},"inLanguage":"fr-FR","potentialAction":[{"@type":"ReadAction","target":["https:\/\/homeproject.fr\/fr\/produit\/claustra-bloc-blue-glossy-mutina-design-ronan-erwan-bouroullec\/"]}]},{"@type":"ImageObject","inLanguage":"fr-FR","@id":"https:\/\/homeproject.fr\/fr\/produit\/claustra-bloc-blue-glossy-mutina-design-ronan-erwan-bouroullec\/#primaryimage","url":"https:\/\/homeproject.fr\/fr\/wp-content\/uploads\/2025\/08\/Claustra-en-terre-cuite-coloree-Bloc-Blue-Glossy-dessine-par-Erwan-et-Ronan-Bouroullec-pour-Mutina.jpg","contentUrl":"https:\/\/homeproject.fr\/fr\/wp-content\/uploads\/2025\/08\/Claustra-en-terre-cuite-coloree-Bloc-Blue-Glossy-dessine-par-Erwan-et-Ronan-Bouroullec-pour-Mutina.jpg","width":1500,"height":1500},{"@type":"BreadcrumbList","@id":"https:\/\/homeproject.fr\/fr\/produit\/claustra-bloc-blue-glossy-mutina-design-ronan-erwan-bouroullec\/#breadcrumb","itemListElement":[{"@type":"ListItem","position":1,"name":"Accueil","item":"https:\/\/homeproject.fr\/fr\/"},{"@type":"ListItem","position":2,"name":"Boutique","item":"https:\/\/homeproject.fr\/fr\/boutique\/"},{"@type":"ListItem","position":3,"name":"Claustra Bloc Blue Glossy Mutina \u2013 Design Ronan &#038; Erwan Bouroullec"}]},{"@type":"WebSite","@id":"https:\/\/homeproject.fr\/fr\/#website","url":"https:\/\/homeproject.fr\/fr\/","name":"Homeproject.fr","description":"Offrez l&#039;exceptionnel \u00e0 vos espaces \u00e0 vivre","publisher":{"@id":"https:\/\/homeproject.fr\/fr\/#organization"},"potentialAction":[{"@type":"SearchAction","target":{"@type":"EntryPoint","urlTemplate":"https:\/\/homeproject.fr\/fr\/?s={search_term_string}"},"query-input":{"@type":"PropertyValueSpecification","valueRequired":true,"valueName":"search_term_string"}}],"inLanguage":"fr-FR"},{"@type":"Organization","@id":"https:\/\/homeproject.fr\/fr\/#organization","name":"Homeproject.fr","url":"https:\/\/homeproject.fr\/fr\/","logo":{"@type":"ImageObject","inLanguage":"fr-FR","@id":"https:\/\/homeproject.fr\/fr\/#\/schema\/logo\/image\/","url":"https:\/\/homeproject.fr\/fr\/wp-content\/uploads\/2024\/12\/Logo_HomeProject-noir-2.png","contentUrl":"https:\/\/homeproject.fr\/fr\/wp-content\/uploads\/2024\/12\/Logo_HomeProject-noir-2.png","width":300,"height":91,"caption":"Homeproject.fr"},"image":{"@id":"https:\/\/homeproject.fr\/fr\/#\/schema\/logo\/image\/"}}]}},"_links":{"self":[{"href":"https:\/\/homeproject.fr\/fr\/wp-json\/wp\/v2\/product\/15394","targetHints":{"allow":["GET"]}}],"collection":[{"href":"https:\/\/homeproject.fr\/fr\/wp-json\/wp\/v2\/product"}],"about":[{"href":"https:\/\/homeproject.fr\/fr\/wp-json\/wp\/v2\/types\/product"}],"version-history":[{"count":1,"href":"https:\/\/homeproject.fr\/fr\/wp-json\/wp\/v2\/product\/15394\/revisions"}],"predecessor-version":[{"id":15401,"href":"https:\/\/homeproject.fr\/fr\/wp-json\/wp\/v2\/product\/15394\/revisions\/15401"}],"wp:featuredmedia":[{"embeddable":true,"href":"https:\/\/homeproject.fr\/fr\/wp-json\/wp\/v2\/media\/15395"}],"wp:attachment":[{"href":"https:\/\/homeproject.fr\/fr\/wp-json\/wp\/v2\/media?parent=15394"}],"wp:term":[{"taxonomy":"product_brand","embeddable":true,"href":"https:\/\/homeproject.fr\/fr\/wp-json\/wp\/v2\/product_brand?post=15394"},{"taxonomy":"product_cat","embeddable":true,"href":"https:\/\/homeproject.fr\/fr\/wp-json\/wp\/v2\/product_cat?post=15394"},{"taxonomy":"product_tag","embeddable":true,"href":"https:\/\/homeproject.fr\/fr\/wp-json\/wp\/v2\/product_tag?post=15394"}],"curies":[{"name":"wp","href":"https:\/\/api.w.org\/{rel}","templated":true}]}}