{"id":15365,"date":"2025-08-27T13:05:38","date_gmt":"2025-08-27T13:05:38","guid":{"rendered":"https:\/\/homeproject.fr\/fr\/?post_type=product&#038;p=15365"},"modified":"2025-08-27T13:27:36","modified_gmt":"2025-08-27T13:27:36","slug":"claustra-bloc-red-matt-mutina-design-ronan-erwan-bouroullec","status":"publish","type":"product","link":"https:\/\/homeproject.fr\/fr\/produit\/claustra-bloc-red-matt-mutina-design-ronan-erwan-bouroullec\/","title":{"rendered":"Claustra Bloc Red Matt Mutina \u2013 Design Ronan &#038; Erwan Bouroullec"},"content":{"rendered":"<h2 data-start=\"1336\" data-end=\"1368\">Caract\u00e9ristiques techniques<\/h2>\n<ul data-start=\"1369\" data-end=\"1924\">\n<li data-start=\"1369\" data-end=\"1412\">\n<p data-start=\"1371\" data-end=\"1412\"><strong data-start=\"1371\" data-end=\"1383\">Designer<\/strong> : Ronan &amp; Erwan Bouroullec<\/p>\n<\/li>\n<li data-start=\"1413\" data-end=\"1436\">\n<p data-start=\"1415\" data-end=\"1436\"><strong data-start=\"1415\" data-end=\"1425\">Marque<\/strong> : Mutina<\/p>\n<\/li>\n<li data-start=\"1437\" data-end=\"1462\">\n<p data-start=\"1439\" data-end=\"1462\"><strong data-start=\"1439\" data-end=\"1453\">Collection<\/strong> : Bloc<\/p>\n<\/li>\n<li data-start=\"1463\" data-end=\"1509\">\n<p data-start=\"1465\" data-end=\"1509\"><strong data-start=\"1465\" data-end=\"1476\">Coloris<\/strong> : Red Matt (rouge mat intense)<\/p>\n<\/li>\n<li data-start=\"1510\" data-end=\"1574\">\n<p data-start=\"1512\" data-end=\"1574\"><strong data-start=\"1512\" data-end=\"1524\">Mat\u00e9riau<\/strong> : Terre cuite artisanale<\/p>\n<\/li>\n<li data-start=\"1510\" data-end=\"1574\">\n<p data-start=\"1512\" data-end=\"1574\"><strong data-start=\"1577\" data-end=\"1591\">Dimensions<\/strong> : Module cubique perfor\u00e9 (format nominal \u2013 4 ouvertures circulaires)<\/p>\n<\/li>\n<li data-start=\"1663\" data-end=\"1706\">\n<p data-start=\"1665\" data-end=\"1706\"><strong data-start=\"1665\" data-end=\"1680\">Utilisation<\/strong> : Int\u00e9rieur &amp; ext\u00e9rieur<\/p>\n<\/li>\n<li data-start=\"1707\" data-end=\"1805\">\n<p data-start=\"1709\" data-end=\"1805\"><strong data-start=\"1709\" data-end=\"1725\">Applications<\/strong> : Claustra d\u00e9coratif, cloison ajour\u00e9e, mur ventil\u00e9, s\u00e9paration architecturale<\/p>\n<\/li>\n<li data-start=\"1806\" data-end=\"1924\">\n<p data-start=\"1808\" data-end=\"1924\"><strong data-start=\"1808\" data-end=\"1824\">Installation<\/strong> : Pose avec colle\/sigillante organique \u00e9co-compatible Mutina (Kerakoll) \u2013 montage modulaire libre<\/p>\n<\/li>\n<\/ul>\n<h2 data-start=\"1926\" data-end=\"1940\">Avantages<\/h2>\n<ul data-start=\"1941\" data-end=\"2406\">\n<li data-start=\"1941\" data-end=\"2037\">\n<p data-start=\"1943\" data-end=\"2037\">Design exclusif des <strong data-start=\"1963\" data-end=\"1984\">fr\u00e8res Bouroullec<\/strong>, r\u00e9f\u00e9rences internationales du design contemporain<\/p>\n<\/li>\n<li data-start=\"2038\" data-end=\"2136\">\n<p data-start=\"2040\" data-end=\"2136\">Finition <strong data-start=\"2049\" data-end=\"2061\">Red Matt<\/strong> chaleureuse et expressive, id\u00e9ale pour apporter du caract\u00e8re \u00e0 un projet<\/p>\n<\/li>\n<li data-start=\"2137\" data-end=\"2215\">\n<p data-start=\"2139\" data-end=\"2215\">\u00c9l\u00e9ment modulaire permettant de multiples compositions ouvertes ou ferm\u00e9es<\/p>\n<\/li>\n<li data-start=\"2216\" data-end=\"2335\">\n<p data-start=\"2218\" data-end=\"2335\">Convient aux <strong data-start=\"2231\" data-end=\"2269\">espaces r\u00e9sidentiels haut de gamme<\/strong> comme aux projets <strong data-start=\"2288\" data-end=\"2300\">contract<\/strong> (h\u00f4tels, restaurants, commerces)<\/p>\n<\/li>\n<li data-start=\"2336\" data-end=\"2406\">\n<p data-start=\"2338\" data-end=\"2406\">Fabrication artisanale, durable et respectueuse de l\u2019environnement<\/p>\n<\/li>\n<\/ul>\n<h2 data-start=\"2408\" data-end=\"2432\">Id\u00e9es d\u2019utilisation<\/h2>\n<ul data-start=\"2433\" data-end=\"2792\">\n<li data-start=\"2433\" data-end=\"2513\">\n<p data-start=\"2435\" data-end=\"2513\">Cr\u00e9er une <strong data-start=\"2445\" data-end=\"2471\">cloison ajour\u00e9e design<\/strong> dans un salon, une cuisine ou un bureau<\/p>\n<\/li>\n<li data-start=\"2514\" data-end=\"2605\">\n<p data-start=\"2516\" data-end=\"2605\">R\u00e9aliser une <strong data-start=\"2529\" data-end=\"2564\">s\u00e9paration graphique et color\u00e9e<\/strong> dans un espace public ou un restaurant<\/p>\n<\/li>\n<li data-start=\"2606\" data-end=\"2704\">\n<p data-start=\"2608\" data-end=\"2704\">Concevoir une <strong data-start=\"2622\" data-end=\"2643\">fa\u00e7ade d\u00e9corative<\/strong> int\u00e9rieure ou ext\u00e9rieure avec une signature visuelle forte<\/p>\n<\/li>\n<li data-start=\"2705\" data-end=\"2792\">\n<p data-start=\"2707\" data-end=\"2792\">Am\u00e9nager un <strong data-start=\"2719\" data-end=\"2743\">h\u00f4tel ou un showroom<\/strong> avec un \u00e9l\u00e9ment d\u00e9coratif unique et sculptural<\/p>\n<\/li>\n<\/ul>\n<hr data-start=\"2963\" data-end=\"2966\" \/>\n<h2 data-start=\"1283\" data-end=\"1315\"><strong style=\"font-size: 1.875rem;\">Vous avez des questions ?<\/strong><\/h2>\n<style id=\"wpforms-css-vars-3675\">\n\t\t\t\t#wpforms-3675 {\n\t\t\t\t\n\t\t\t}\n\t\t\t<\/style><div class=\"wpforms-container wpforms-container-full wpforms-render-modern\" id=\"wpforms-3675\"><form id=\"wpforms-form-3675\" class=\"wpforms-validate wpforms-form wpforms-ajax-form\" data-formid=\"3675\" method=\"post\" enctype=\"multipart\/form-data\" action=\"\/fr\/wp-json\/wp\/v2\/product\/15365\" data-token=\"9d579c4fe014830de7f99f3dcbfaaa07\" data-token-time=\"1777522434\"><noscript class=\"wpforms-error-noscript\">Veuillez activer JavaScript dans votre navigateur pour remplir ce formulaire.<\/noscript><div id=\"wpforms-error-noscript\" style=\"display: none;\">Veuillez activer JavaScript dans votre navigateur pour remplir ce formulaire.<\/div><div class=\"wpforms-field-container\">\t\t<div id=\"wpforms-3675-field_1-container\"\n\t\t\tclass=\"wpforms-field wpforms-field-text\"\n\t\t\tdata-field-type=\"text\"\n\t\t\tdata-field-id=\"1\"\n\t\t\t>\n\t\t\t<label class=\"wpforms-field-label\" for=\"wpforms-3675-field_1\" >Message E-mail Nom<\/label>\n\t\t\t<input type=\"text\" id=\"wpforms-3675-field_1\" class=\"wpforms-field-medium\" name=\"wpforms[fields][1]\" >\n\t\t<\/div>\n\t\t<div id=\"wpforms-3675-field_3-container\" class=\"wpforms-field wpforms-field-name\" data-field-id=\"3\"><fieldset><legend class=\"wpforms-field-label\">Nom <span class=\"wpforms-required-label\" aria-hidden=\"true\">*<\/span><\/legend><div class=\"wpforms-field-row wpforms-field-medium\"><div class=\"wpforms-field-row-block wpforms-first wpforms-one-half\"><input type=\"text\" id=\"wpforms-3675-field_3\" class=\"wpforms-field-name-first wpforms-field-required\" name=\"wpforms[fields][3][first]\" aria-errormessage=\"wpforms-3675-field_3-error\" required><label for=\"wpforms-3675-field_3\" class=\"wpforms-field-sublabel after\">Pr\u00e9nom<\/label><\/div><div class=\"wpforms-field-row-block wpforms-one-half\"><input type=\"text\" id=\"wpforms-3675-field_3-last\" class=\"wpforms-field-name-last wpforms-field-required\" name=\"wpforms[fields][3][last]\" aria-errormessage=\"wpforms-3675-field_3-last-error\" required><label for=\"wpforms-3675-field_3-last\" class=\"wpforms-field-sublabel after\">Nom<\/label><\/div><\/div><\/fieldset><\/div><div id=\"wpforms-3675-field_4-container\" class=\"wpforms-field wpforms-field-email\" data-field-id=\"4\"><label class=\"wpforms-field-label\" for=\"wpforms-3675-field_4\">E-mail <span class=\"wpforms-required-label\" aria-hidden=\"true\">*<\/span><\/label><input type=\"email\" id=\"wpforms-3675-field_4\" class=\"wpforms-field-medium wpforms-field-required\" name=\"wpforms[fields][4]\" spellcheck=\"false\" aria-errormessage=\"wpforms-3675-field_4-error\" required><\/div><div id=\"wpforms-3675-field_5-container\" class=\"wpforms-field wpforms-field-textarea\" data-field-id=\"5\"><label class=\"wpforms-field-label\" for=\"wpforms-3675-field_5\">Message <span class=\"wpforms-required-label\" aria-hidden=\"true\">*<\/span><\/label><textarea id=\"wpforms-3675-field_5\" class=\"wpforms-field-medium wpforms-field-required\" name=\"wpforms[fields][5]\" aria-errormessage=\"wpforms-3675-field_5-error\" required><\/textarea><\/div><script>\n\t\t\t\t( function() {\n\t\t\t\t\tconst style = document.createElement( 'style' );\n\t\t\t\t\tstyle.appendChild( document.createTextNode( '#wpforms-3675-field_1-container { position: absolute !important; overflow: hidden !important; display: inline !important; height: 1px !important; width: 1px !important; z-index: -1000 !important; padding: 0 !important; } #wpforms-3675-field_1-container input { visibility: hidden; } #wpforms-conversational-form-page #wpforms-3675-field_1-container label { counter-increment: none; }' ) );\n\t\t\t\t\tdocument.head.appendChild( style );\n\t\t\t\t\tdocument.currentScript?.remove();\n\t\t\t\t} )();\n\t\t\t<\/script><\/div><!-- .wpforms-field-container --><div class=\"wpforms-submit-container\" ><input type=\"hidden\" name=\"wpforms[id]\" value=\"3675\"><input type=\"hidden\" name=\"page_title\" value=\"\"><input type=\"hidden\" name=\"page_url\" value=\"https:\/\/homeproject.fr\/fr\/wp-json\/wp\/v2\/product\/15365\"><input type=\"hidden\" name=\"url_referer\" value=\"\"><button type=\"submit\" name=\"wpforms[submit]\" id=\"wpforms-submit-3675\" class=\"wpforms-submit\" data-alt-text=\"Envoi...\" data-submit-text=\"Envoyer\" aria-live=\"assertive\" value=\"wpforms-submit\">Envoyer<\/button><img decoding=\"async\" src=\"https:\/\/homeproject.fr\/fr\/wp-content\/plugins\/wpforms-lite\/assets\/images\/submit-spin.svg\" class=\"wpforms-submit-spinner\" style=\"display: none;\" width=\"26\" height=\"26\" alt=\"Chargement en cours\"><\/div><\/form><\/div>  <!-- .wpforms-container -->\n","protected":false},"excerpt":{"rendered":"<p data-start=\"341\" data-end=\"687\">Le <strong data-start=\"344\" data-end=\"370\">claustra Bloc Red Matt<\/strong> est un \u00e9l\u00e9ment architectural de la collection <strong data-start=\"417\" data-end=\"425\">Bloc<\/strong>, dessin\u00e9e par les designers fran\u00e7ais <strong data-start=\"463\" data-end=\"491\">Ronan &amp; Erwan Bouroullec<\/strong> pour <strong data-start=\"497\" data-end=\"507\">Mutina<\/strong>. Inspir\u00e9 de la brique traditionnelle, Bloc en r\u00e9invente le principe avec une approche contemporaine, transformant un objet de construction en un <strong data-start=\"653\" data-end=\"684\">module sculptural et design<\/strong>.<\/p>\n<p data-start=\"689\" data-end=\"1081\">Fabriqu\u00e9 artisanalement en <strong data-start=\"716\" data-end=\"753\">terre cuite color\u00e9e<\/strong>, Bloc se distingue par son format cubique et ses <strong data-start=\"803\" data-end=\"836\">quatre ouvertures circulaires<\/strong> qui laissent passer la lumi\u00e8re et cr\u00e9ent des jeux graphiques subtils. La finition <strong data-start=\"919\" data-end=\"931\">Red Matt<\/strong>, d\u2019un rouge profond et mat, apporte une touche <strong data-start=\"979\" data-end=\"1022\">chaleureuse, vibrante et architecturale<\/strong>, id\u00e9ale pour concevoir des projets au caract\u00e8re affirm\u00e9.<\/p>\n<p data-start=\"1083\" data-end=\"1334\">Utilisable aussi bien en <strong data-start=\"1108\" data-end=\"1121\">int\u00e9rieur<\/strong> qu\u2019en <strong data-start=\"1128\" data-end=\"1141\">ext\u00e9rieur<\/strong>, Bloc Red Matt permet de r\u00e9aliser des <strong data-start=\"1180\" data-end=\"1243\">murs ajour\u00e9s, cloisons d\u00e9coratives ou s\u00e9parations d\u2019espaces<\/strong> dans des contextes r\u00e9sidentiels comme contract (restaurants, h\u00f4tels, bureaux, galeries).<\/p>\n","protected":false},"featured_media":15366,"template":"","meta":{"_uf_show_specific_survey":0,"_uf_disable_surveys":false,"iawp_total_views":32},"product_brand":[620],"product_cat":[20,194],"product_tag":[],"class_list":{"0":"post-15365","1":"product","2":"type-product","3":"status-publish","4":"has-post-thumbnail","6":"product_brand-mutina","7":"product_cat-carrelage","8":"product_cat-claustras","9":"product_shipping_class-carrelage","10":"pa_collection-bloc-par-mutina","11":"pa_designer-erwan-et-ronan-bouroullec","12":"pa_dimensions-nominales-13x13","13":"pa_effet-claustra","14":"pa_epaisseur-100mm","15":"pa_marque-mutina","17":"first","18":"instock","19":"sale","20":"taxable","21":"shipping-taxable","22":"purchasable","23":"product-type-simple"},"yoast_head":"<!-- This site is optimized with the Yoast SEO plugin v27.5 - https:\/\/yoast.com\/product\/yoast-seo-wordpress\/ -->\n<title>Claustra Bloc Red Matt Mutina \u2013 Design Ronan &amp; Erwan Bouroullec - Homeproject.fr<\/title>\n<meta name=\"robots\" content=\"index, follow, max-snippet:-1, max-image-preview:large, max-video-preview:-1\" \/>\n<link rel=\"canonical\" href=\"https:\/\/homeproject.fr\/fr\/produit\/claustra-bloc-red-matt-mutina-design-ronan-erwan-bouroullec\/\" \/>\n<meta property=\"og:locale\" content=\"fr_FR\" \/>\n<meta property=\"og:type\" content=\"article\" \/>\n<meta property=\"og:title\" content=\"Claustra Bloc Red Matt Mutina \u2013 Design Ronan &amp; Erwan Bouroullec - Homeproject.fr\" \/>\n<meta property=\"og:description\" content=\"Le claustra Bloc Red Matt est un \u00e9l\u00e9ment architectural de la collection Bloc, dessin\u00e9e par les designers fran\u00e7ais Ronan &amp; Erwan Bouroullec pour Mutina. Inspir\u00e9 de la brique traditionnelle, Bloc en r\u00e9invente le principe avec une approche contemporaine, transformant un objet de construction en un module sculptural et design. Fabriqu\u00e9 artisanalement en terre cuite color\u00e9e, Bloc se distingue par son format cubique et ses quatre ouvertures circulaires qui laissent passer la lumi\u00e8re et cr\u00e9ent des jeux graphiques subtils. La finition Red Matt, d\u2019un rouge profond et mat, apporte une touche chaleureuse, vibrante et architecturale, id\u00e9ale pour concevoir des projets au caract\u00e8re affirm\u00e9. Utilisable aussi bien en int\u00e9rieur qu\u2019en ext\u00e9rieur, Bloc Red Matt permet de r\u00e9aliser des murs ajour\u00e9s, cloisons d\u00e9coratives ou s\u00e9parations d\u2019espaces dans des contextes r\u00e9sidentiels comme contract (restaurants, h\u00f4tels, bureaux, galeries).\" \/>\n<meta property=\"og:url\" content=\"https:\/\/homeproject.fr\/fr\/produit\/claustra-bloc-red-matt-mutina-design-ronan-erwan-bouroullec\/\" \/>\n<meta property=\"og:site_name\" content=\"Homeproject.fr\" \/>\n<meta property=\"article:modified_time\" content=\"2025-08-27T13:27:36+00:00\" \/>\n<meta property=\"og:image\" content=\"https:\/\/homeproject.fr\/fr\/wp-content\/uploads\/2025\/08\/Claustra-en-terre-cuite-coloree-Bloc-Red-Matt-dessine-par-Erwan-et-Ronan-Bouroullec-pour-Mutina.jpg\" \/>\n\t<meta property=\"og:image:width\" content=\"1500\" \/>\n\t<meta property=\"og:image:height\" content=\"1500\" \/>\n\t<meta property=\"og:image:type\" content=\"image\/jpeg\" \/>\n<meta name=\"twitter:card\" content=\"summary_large_image\" \/>\n<meta name=\"twitter:label1\" content=\"Dur\u00e9e de lecture estim\u00e9e\" \/>\n\t<meta name=\"twitter:data1\" content=\"2 minutes\" \/>\n<script type=\"application\/ld+json\" class=\"yoast-schema-graph\">{\"@context\":\"https:\\\/\\\/schema.org\",\"@graph\":[{\"@type\":\"WebPage\",\"@id\":\"https:\\\/\\\/homeproject.fr\\\/fr\\\/produit\\\/claustra-bloc-red-matt-mutina-design-ronan-erwan-bouroullec\\\/\",\"url\":\"https:\\\/\\\/homeproject.fr\\\/fr\\\/produit\\\/claustra-bloc-red-matt-mutina-design-ronan-erwan-bouroullec\\\/\",\"name\":\"Claustra Bloc Red Matt Mutina \u2013 Design Ronan & Erwan Bouroullec - Homeproject.fr\",\"isPartOf\":{\"@id\":\"https:\\\/\\\/homeproject.fr\\\/fr\\\/#website\"},\"primaryImageOfPage\":{\"@id\":\"https:\\\/\\\/homeproject.fr\\\/fr\\\/produit\\\/claustra-bloc-red-matt-mutina-design-ronan-erwan-bouroullec\\\/#primaryimage\"},\"image\":{\"@id\":\"https:\\\/\\\/homeproject.fr\\\/fr\\\/produit\\\/claustra-bloc-red-matt-mutina-design-ronan-erwan-bouroullec\\\/#primaryimage\"},\"thumbnailUrl\":\"https:\\\/\\\/homeproject.fr\\\/fr\\\/wp-content\\\/uploads\\\/2025\\\/08\\\/Claustra-en-terre-cuite-coloree-Bloc-Red-Matt-dessine-par-Erwan-et-Ronan-Bouroullec-pour-Mutina.jpg\",\"datePublished\":\"2025-08-27T13:05:38+00:00\",\"dateModified\":\"2025-08-27T13:27:36+00:00\",\"breadcrumb\":{\"@id\":\"https:\\\/\\\/homeproject.fr\\\/fr\\\/produit\\\/claustra-bloc-red-matt-mutina-design-ronan-erwan-bouroullec\\\/#breadcrumb\"},\"inLanguage\":\"fr-FR\",\"potentialAction\":[{\"@type\":\"ReadAction\",\"target\":[\"https:\\\/\\\/homeproject.fr\\\/fr\\\/produit\\\/claustra-bloc-red-matt-mutina-design-ronan-erwan-bouroullec\\\/\"]}]},{\"@type\":\"ImageObject\",\"inLanguage\":\"fr-FR\",\"@id\":\"https:\\\/\\\/homeproject.fr\\\/fr\\\/produit\\\/claustra-bloc-red-matt-mutina-design-ronan-erwan-bouroullec\\\/#primaryimage\",\"url\":\"https:\\\/\\\/homeproject.fr\\\/fr\\\/wp-content\\\/uploads\\\/2025\\\/08\\\/Claustra-en-terre-cuite-coloree-Bloc-Red-Matt-dessine-par-Erwan-et-Ronan-Bouroullec-pour-Mutina.jpg\",\"contentUrl\":\"https:\\\/\\\/homeproject.fr\\\/fr\\\/wp-content\\\/uploads\\\/2025\\\/08\\\/Claustra-en-terre-cuite-coloree-Bloc-Red-Matt-dessine-par-Erwan-et-Ronan-Bouroullec-pour-Mutina.jpg\",\"width\":1500,\"height\":1500},{\"@type\":\"BreadcrumbList\",\"@id\":\"https:\\\/\\\/homeproject.fr\\\/fr\\\/produit\\\/claustra-bloc-red-matt-mutina-design-ronan-erwan-bouroullec\\\/#breadcrumb\",\"itemListElement\":[{\"@type\":\"ListItem\",\"position\":1,\"name\":\"Accueil\",\"item\":\"https:\\\/\\\/homeproject.fr\\\/fr\\\/\"},{\"@type\":\"ListItem\",\"position\":2,\"name\":\"Boutique\",\"item\":\"https:\\\/\\\/homeproject.fr\\\/fr\\\/boutique\\\/\"},{\"@type\":\"ListItem\",\"position\":3,\"name\":\"Claustra Bloc Red Matt Mutina \u2013 Design Ronan &#038; Erwan Bouroullec\"}]},{\"@type\":\"WebSite\",\"@id\":\"https:\\\/\\\/homeproject.fr\\\/fr\\\/#website\",\"url\":\"https:\\\/\\\/homeproject.fr\\\/fr\\\/\",\"name\":\"Homeproject.fr\",\"description\":\"Offrez l&#039;exceptionnel \u00e0 vos espaces \u00e0 vivre\",\"publisher\":{\"@id\":\"https:\\\/\\\/homeproject.fr\\\/fr\\\/#organization\"},\"potentialAction\":[{\"@type\":\"SearchAction\",\"target\":{\"@type\":\"EntryPoint\",\"urlTemplate\":\"https:\\\/\\\/homeproject.fr\\\/fr\\\/?s={search_term_string}\"},\"query-input\":{\"@type\":\"PropertyValueSpecification\",\"valueRequired\":true,\"valueName\":\"search_term_string\"}}],\"inLanguage\":\"fr-FR\"},{\"@type\":\"Organization\",\"@id\":\"https:\\\/\\\/homeproject.fr\\\/fr\\\/#organization\",\"name\":\"Homeproject.fr\",\"url\":\"https:\\\/\\\/homeproject.fr\\\/fr\\\/\",\"logo\":{\"@type\":\"ImageObject\",\"inLanguage\":\"fr-FR\",\"@id\":\"https:\\\/\\\/homeproject.fr\\\/fr\\\/#\\\/schema\\\/logo\\\/image\\\/\",\"url\":\"https:\\\/\\\/homeproject.fr\\\/fr\\\/wp-content\\\/uploads\\\/2024\\\/12\\\/Logo_HomeProject-noir-2.png\",\"contentUrl\":\"https:\\\/\\\/homeproject.fr\\\/fr\\\/wp-content\\\/uploads\\\/2024\\\/12\\\/Logo_HomeProject-noir-2.png\",\"width\":300,\"height\":91,\"caption\":\"Homeproject.fr\"},\"image\":{\"@id\":\"https:\\\/\\\/homeproject.fr\\\/fr\\\/#\\\/schema\\\/logo\\\/image\\\/\"}}]}<\/script>\n<!-- \/ Yoast SEO plugin. -->","yoast_head_json":{"title":"Claustra Bloc Red Matt Mutina \u2013 Design Ronan & Erwan Bouroullec - Homeproject.fr","robots":{"index":"index","follow":"follow","max-snippet":"max-snippet:-1","max-image-preview":"max-image-preview:large","max-video-preview":"max-video-preview:-1"},"canonical":"https:\/\/homeproject.fr\/fr\/produit\/claustra-bloc-red-matt-mutina-design-ronan-erwan-bouroullec\/","og_locale":"fr_FR","og_type":"article","og_title":"Claustra Bloc Red Matt Mutina \u2013 Design Ronan & Erwan Bouroullec - Homeproject.fr","og_description":"Le claustra Bloc Red Matt est un \u00e9l\u00e9ment architectural de la collection Bloc, dessin\u00e9e par les designers fran\u00e7ais Ronan &amp; Erwan Bouroullec pour Mutina. Inspir\u00e9 de la brique traditionnelle, Bloc en r\u00e9invente le principe avec une approche contemporaine, transformant un objet de construction en un module sculptural et design. Fabriqu\u00e9 artisanalement en terre cuite color\u00e9e, Bloc se distingue par son format cubique et ses quatre ouvertures circulaires qui laissent passer la lumi\u00e8re et cr\u00e9ent des jeux graphiques subtils. La finition Red Matt, d\u2019un rouge profond et mat, apporte une touche chaleureuse, vibrante et architecturale, id\u00e9ale pour concevoir des projets au caract\u00e8re affirm\u00e9. Utilisable aussi bien en int\u00e9rieur qu\u2019en ext\u00e9rieur, Bloc Red Matt permet de r\u00e9aliser des murs ajour\u00e9s, cloisons d\u00e9coratives ou s\u00e9parations d\u2019espaces dans des contextes r\u00e9sidentiels comme contract (restaurants, h\u00f4tels, bureaux, galeries).","og_url":"https:\/\/homeproject.fr\/fr\/produit\/claustra-bloc-red-matt-mutina-design-ronan-erwan-bouroullec\/","og_site_name":"Homeproject.fr","article_modified_time":"2025-08-27T13:27:36+00:00","og_image":[{"width":1500,"height":1500,"url":"https:\/\/homeproject.fr\/fr\/wp-content\/uploads\/2025\/08\/Claustra-en-terre-cuite-coloree-Bloc-Red-Matt-dessine-par-Erwan-et-Ronan-Bouroullec-pour-Mutina.jpg","type":"image\/jpeg"}],"twitter_card":"summary_large_image","twitter_misc":{"Dur\u00e9e de lecture estim\u00e9e":"2 minutes"},"schema":{"@context":"https:\/\/schema.org","@graph":[{"@type":"WebPage","@id":"https:\/\/homeproject.fr\/fr\/produit\/claustra-bloc-red-matt-mutina-design-ronan-erwan-bouroullec\/","url":"https:\/\/homeproject.fr\/fr\/produit\/claustra-bloc-red-matt-mutina-design-ronan-erwan-bouroullec\/","name":"Claustra Bloc Red Matt Mutina \u2013 Design Ronan & Erwan Bouroullec - Homeproject.fr","isPartOf":{"@id":"https:\/\/homeproject.fr\/fr\/#website"},"primaryImageOfPage":{"@id":"https:\/\/homeproject.fr\/fr\/produit\/claustra-bloc-red-matt-mutina-design-ronan-erwan-bouroullec\/#primaryimage"},"image":{"@id":"https:\/\/homeproject.fr\/fr\/produit\/claustra-bloc-red-matt-mutina-design-ronan-erwan-bouroullec\/#primaryimage"},"thumbnailUrl":"https:\/\/homeproject.fr\/fr\/wp-content\/uploads\/2025\/08\/Claustra-en-terre-cuite-coloree-Bloc-Red-Matt-dessine-par-Erwan-et-Ronan-Bouroullec-pour-Mutina.jpg","datePublished":"2025-08-27T13:05:38+00:00","dateModified":"2025-08-27T13:27:36+00:00","breadcrumb":{"@id":"https:\/\/homeproject.fr\/fr\/produit\/claustra-bloc-red-matt-mutina-design-ronan-erwan-bouroullec\/#breadcrumb"},"inLanguage":"fr-FR","potentialAction":[{"@type":"ReadAction","target":["https:\/\/homeproject.fr\/fr\/produit\/claustra-bloc-red-matt-mutina-design-ronan-erwan-bouroullec\/"]}]},{"@type":"ImageObject","inLanguage":"fr-FR","@id":"https:\/\/homeproject.fr\/fr\/produit\/claustra-bloc-red-matt-mutina-design-ronan-erwan-bouroullec\/#primaryimage","url":"https:\/\/homeproject.fr\/fr\/wp-content\/uploads\/2025\/08\/Claustra-en-terre-cuite-coloree-Bloc-Red-Matt-dessine-par-Erwan-et-Ronan-Bouroullec-pour-Mutina.jpg","contentUrl":"https:\/\/homeproject.fr\/fr\/wp-content\/uploads\/2025\/08\/Claustra-en-terre-cuite-coloree-Bloc-Red-Matt-dessine-par-Erwan-et-Ronan-Bouroullec-pour-Mutina.jpg","width":1500,"height":1500},{"@type":"BreadcrumbList","@id":"https:\/\/homeproject.fr\/fr\/produit\/claustra-bloc-red-matt-mutina-design-ronan-erwan-bouroullec\/#breadcrumb","itemListElement":[{"@type":"ListItem","position":1,"name":"Accueil","item":"https:\/\/homeproject.fr\/fr\/"},{"@type":"ListItem","position":2,"name":"Boutique","item":"https:\/\/homeproject.fr\/fr\/boutique\/"},{"@type":"ListItem","position":3,"name":"Claustra Bloc Red Matt Mutina \u2013 Design Ronan &#038; Erwan Bouroullec"}]},{"@type":"WebSite","@id":"https:\/\/homeproject.fr\/fr\/#website","url":"https:\/\/homeproject.fr\/fr\/","name":"Homeproject.fr","description":"Offrez l&#039;exceptionnel \u00e0 vos espaces \u00e0 vivre","publisher":{"@id":"https:\/\/homeproject.fr\/fr\/#organization"},"potentialAction":[{"@type":"SearchAction","target":{"@type":"EntryPoint","urlTemplate":"https:\/\/homeproject.fr\/fr\/?s={search_term_string}"},"query-input":{"@type":"PropertyValueSpecification","valueRequired":true,"valueName":"search_term_string"}}],"inLanguage":"fr-FR"},{"@type":"Organization","@id":"https:\/\/homeproject.fr\/fr\/#organization","name":"Homeproject.fr","url":"https:\/\/homeproject.fr\/fr\/","logo":{"@type":"ImageObject","inLanguage":"fr-FR","@id":"https:\/\/homeproject.fr\/fr\/#\/schema\/logo\/image\/","url":"https:\/\/homeproject.fr\/fr\/wp-content\/uploads\/2024\/12\/Logo_HomeProject-noir-2.png","contentUrl":"https:\/\/homeproject.fr\/fr\/wp-content\/uploads\/2024\/12\/Logo_HomeProject-noir-2.png","width":300,"height":91,"caption":"Homeproject.fr"},"image":{"@id":"https:\/\/homeproject.fr\/fr\/#\/schema\/logo\/image\/"}}]}},"_links":{"self":[{"href":"https:\/\/homeproject.fr\/fr\/wp-json\/wp\/v2\/product\/15365","targetHints":{"allow":["GET"]}}],"collection":[{"href":"https:\/\/homeproject.fr\/fr\/wp-json\/wp\/v2\/product"}],"about":[{"href":"https:\/\/homeproject.fr\/fr\/wp-json\/wp\/v2\/types\/product"}],"version-history":[{"count":3,"href":"https:\/\/homeproject.fr\/fr\/wp-json\/wp\/v2\/product\/15365\/revisions"}],"predecessor-version":[{"id":15386,"href":"https:\/\/homeproject.fr\/fr\/wp-json\/wp\/v2\/product\/15365\/revisions\/15386"}],"wp:featuredmedia":[{"embeddable":true,"href":"https:\/\/homeproject.fr\/fr\/wp-json\/wp\/v2\/media\/15366"}],"wp:attachment":[{"href":"https:\/\/homeproject.fr\/fr\/wp-json\/wp\/v2\/media?parent=15365"}],"wp:term":[{"taxonomy":"product_brand","embeddable":true,"href":"https:\/\/homeproject.fr\/fr\/wp-json\/wp\/v2\/product_brand?post=15365"},{"taxonomy":"product_cat","embeddable":true,"href":"https:\/\/homeproject.fr\/fr\/wp-json\/wp\/v2\/product_cat?post=15365"},{"taxonomy":"product_tag","embeddable":true,"href":"https:\/\/homeproject.fr\/fr\/wp-json\/wp\/v2\/product_tag?post=15365"}],"curies":[{"name":"wp","href":"https:\/\/api.w.org\/{rel}","templated":true}]}}