{"id":15360,"date":"2025-08-27T13:00:48","date_gmt":"2025-08-27T13:00:48","guid":{"rendered":"https:\/\/homeproject.fr\/fr\/?post_type=product&#038;p=15360"},"modified":"2025-08-27T13:27:47","modified_gmt":"2025-08-27T13:27:47","slug":"claustra-bloc-grey-matt-mutina-design-ronan-erwan-bouroullec","status":"publish","type":"product","link":"https:\/\/homeproject.fr\/fr\/produit\/claustra-bloc-grey-matt-mutina-design-ronan-erwan-bouroullec\/","title":{"rendered":"Claustra Bloc Grey Matt Mutina \u2013 Design Ronan &#038; Erwan Bouroullec"},"content":{"rendered":"<h2 data-start=\"1350\" data-end=\"1382\">Caract\u00e9ristiques techniques<\/h2>\n<ul data-start=\"1383\" data-end=\"1943\">\n<li data-start=\"1383\" data-end=\"1426\">\n<p data-start=\"1385\" data-end=\"1426\"><strong data-start=\"1385\" data-end=\"1397\">Designer<\/strong> : Ronan &amp; Erwan Bouroullec<\/p>\n<\/li>\n<li data-start=\"1427\" data-end=\"1450\">\n<p data-start=\"1429\" data-end=\"1450\"><strong data-start=\"1429\" data-end=\"1439\">Marque<\/strong> : Mutina<\/p>\n<\/li>\n<li data-start=\"1451\" data-end=\"1476\">\n<p data-start=\"1453\" data-end=\"1476\"><strong data-start=\"1453\" data-end=\"1467\">Collection<\/strong> : Bloc<\/p>\n<\/li>\n<li data-start=\"1477\" data-end=\"1528\">\n<p data-start=\"1479\" data-end=\"1528\"><strong data-start=\"1479\" data-end=\"1490\">Coloris<\/strong> : Grey Matt (gris mat contemporain)<\/p>\n<\/li>\n<li data-start=\"1529\" data-end=\"1593\">\n<p data-start=\"1531\" data-end=\"1593\"><strong data-start=\"1531\" data-end=\"1543\">Mat\u00e9riau<\/strong> : Terre cuite artisanale<\/p>\n<\/li>\n<li data-start=\"1529\" data-end=\"1593\">\n<p data-start=\"1531\" data-end=\"1593\"><strong data-start=\"1596\" data-end=\"1610\">Dimensions<\/strong> : Module cubique perfor\u00e9 (format nominal \u2013 4 ouvertures circulaires)<\/p>\n<\/li>\n<li data-start=\"1682\" data-end=\"1725\">\n<p data-start=\"1684\" data-end=\"1725\"><strong data-start=\"1684\" data-end=\"1699\">Utilisation<\/strong> : Int\u00e9rieur &amp; ext\u00e9rieur<\/p>\n<\/li>\n<li data-start=\"1726\" data-end=\"1824\">\n<p data-start=\"1728\" data-end=\"1824\"><strong data-start=\"1728\" data-end=\"1744\">Applications<\/strong> : Claustra d\u00e9coratif, cloison ajour\u00e9e, mur ventil\u00e9, s\u00e9paration architecturale<\/p>\n<\/li>\n<li data-start=\"1825\" data-end=\"1943\">\n<p data-start=\"1827\" data-end=\"1943\"><strong data-start=\"1827\" data-end=\"1843\">Installation<\/strong> : Pose avec colle\/sigillante organique \u00e9co-compatible Mutina (Kerakoll) \u2013 montage modulaire libre<\/p>\n<\/li>\n<\/ul>\n<h2 data-start=\"1945\" data-end=\"1959\">Avantages<\/h2>\n<ul data-start=\"1960\" data-end=\"2373\">\n<li data-start=\"1960\" data-end=\"2051\">\n<p data-start=\"1962\" data-end=\"2051\">Design sign\u00e9 par les <strong data-start=\"1983\" data-end=\"2004\">fr\u00e8res Bouroullec<\/strong>, r\u00e9f\u00e9rences mondiales du design contemporain<\/p>\n<\/li>\n<li data-start=\"2052\" data-end=\"2133\">\n<p data-start=\"2054\" data-end=\"2133\">Finition <strong data-start=\"2063\" data-end=\"2076\">Grey Matt<\/strong> moderne et polyvalente, adapt\u00e9e \u00e0 tout type d\u2019ambiance<\/p>\n<\/li>\n<li data-start=\"2134\" data-end=\"2200\">\n<p data-start=\"2136\" data-end=\"2200\">\u00c9l\u00e9ment modulaire permettant une grande libert\u00e9 de composition<\/p>\n<\/li>\n<li data-start=\"2201\" data-end=\"2287\">\n<p data-start=\"2203\" data-end=\"2287\">Convient aux <strong data-start=\"2216\" data-end=\"2254\">projets r\u00e9sidentiels haut de gamme<\/strong> comme aux <strong data-start=\"2265\" data-end=\"2285\">espaces contract<\/strong><\/p>\n<\/li>\n<li data-start=\"2288\" data-end=\"2373\">\n<p data-start=\"2290\" data-end=\"2373\">Fabrication artisanale en terre cuite, durable et respectueuse de l\u2019environnement<\/p>\n<\/li>\n<\/ul>\n<h2 data-start=\"2375\" data-end=\"2399\">Id\u00e9es d\u2019utilisation<\/h2>\n<ul data-start=\"2400\" data-end=\"2761\">\n<li data-start=\"2400\" data-end=\"2476\">\n<p data-start=\"2402\" data-end=\"2476\">Cr\u00e9er une <strong data-start=\"2412\" data-end=\"2440\">s\u00e9paration contemporaine<\/strong> dans un salon ou un espace bureau<\/p>\n<\/li>\n<li data-start=\"2477\" data-end=\"2569\">\n<p data-start=\"2479\" data-end=\"2569\">R\u00e9aliser une <strong data-start=\"2492\" data-end=\"2511\">cloison ajour\u00e9e<\/strong> \u00e9l\u00e9gante dans une cuisine ouverte ou une salle \u00e0 manger<\/p>\n<\/li>\n<li data-start=\"2570\" data-end=\"2654\">\n<p data-start=\"2572\" data-end=\"2654\">Am\u00e9nager une <strong data-start=\"2585\" data-end=\"2604\">fa\u00e7ade ventil\u00e9e<\/strong> en int\u00e9rieur ou ext\u00e9rieur avec un design unique<\/p>\n<\/li>\n<li data-start=\"2655\" data-end=\"2761\">\n<p data-start=\"2657\" data-end=\"2761\">Structurer des espaces h\u00f4teliers, culturels ou commerciaux avec une <strong data-start=\"2725\" data-end=\"2759\">signature architecturale forte<\/strong><\/p>\n<\/li>\n<\/ul>\n<hr data-start=\"2963\" data-end=\"2966\" \/>\n<h2 data-start=\"1283\" data-end=\"1315\"><strong style=\"font-size: 1.875rem;\">Vous avez des questions ?<\/strong><\/h2>\n<style id=\"wpforms-css-vars-3675\">\n\t\t\t\t#wpforms-3675 {\n\t\t\t\t\n\t\t\t}\n\t\t\t<\/style><div class=\"wpforms-container wpforms-container-full wpforms-render-modern\" id=\"wpforms-3675\"><form id=\"wpforms-form-3675\" class=\"wpforms-validate wpforms-form wpforms-ajax-form\" data-formid=\"3675\" method=\"post\" enctype=\"multipart\/form-data\" action=\"\/fr\/wp-json\/wp\/v2\/product\/15360\" data-token=\"9d579c4fe014830de7f99f3dcbfaaa07\" data-token-time=\"1777518313\"><noscript class=\"wpforms-error-noscript\">Veuillez activer JavaScript dans votre navigateur pour remplir ce formulaire.<\/noscript><div id=\"wpforms-error-noscript\" style=\"display: none;\">Veuillez activer JavaScript dans votre navigateur pour remplir ce formulaire.<\/div><div class=\"wpforms-field-container\"><div id=\"wpforms-3675-field_3-container\" class=\"wpforms-field wpforms-field-name\" data-field-id=\"3\"><fieldset><legend class=\"wpforms-field-label\">Nom <span class=\"wpforms-required-label\" aria-hidden=\"true\">*<\/span><\/legend><div class=\"wpforms-field-row wpforms-field-medium\"><div class=\"wpforms-field-row-block wpforms-first wpforms-one-half\"><input type=\"text\" id=\"wpforms-3675-field_3\" class=\"wpforms-field-name-first wpforms-field-required\" name=\"wpforms[fields][3][first]\" aria-errormessage=\"wpforms-3675-field_3-error\" required><label for=\"wpforms-3675-field_3\" class=\"wpforms-field-sublabel after\">Pr\u00e9nom<\/label><\/div><div class=\"wpforms-field-row-block wpforms-one-half\"><input type=\"text\" id=\"wpforms-3675-field_3-last\" class=\"wpforms-field-name-last wpforms-field-required\" name=\"wpforms[fields][3][last]\" aria-errormessage=\"wpforms-3675-field_3-last-error\" required><label for=\"wpforms-3675-field_3-last\" class=\"wpforms-field-sublabel after\">Nom<\/label><\/div><\/div><\/fieldset><\/div>\t\t<div id=\"wpforms-3675-field_1-container\"\n\t\t\tclass=\"wpforms-field wpforms-field-text\"\n\t\t\tdata-field-type=\"text\"\n\t\t\tdata-field-id=\"1\"\n\t\t\t>\n\t\t\t<label class=\"wpforms-field-label\" for=\"wpforms-3675-field_1\" >Message Nom E-mail<\/label>\n\t\t\t<input type=\"text\" id=\"wpforms-3675-field_1\" class=\"wpforms-field-medium\" name=\"wpforms[fields][1]\" >\n\t\t<\/div>\n\t\t<div id=\"wpforms-3675-field_4-container\" class=\"wpforms-field wpforms-field-email\" data-field-id=\"4\"><label class=\"wpforms-field-label\" for=\"wpforms-3675-field_4\">E-mail <span class=\"wpforms-required-label\" aria-hidden=\"true\">*<\/span><\/label><input type=\"email\" id=\"wpforms-3675-field_4\" class=\"wpforms-field-medium wpforms-field-required\" name=\"wpforms[fields][4]\" spellcheck=\"false\" aria-errormessage=\"wpforms-3675-field_4-error\" required><\/div><div id=\"wpforms-3675-field_5-container\" class=\"wpforms-field wpforms-field-textarea\" data-field-id=\"5\"><label class=\"wpforms-field-label\" for=\"wpforms-3675-field_5\">Message <span class=\"wpforms-required-label\" aria-hidden=\"true\">*<\/span><\/label><textarea id=\"wpforms-3675-field_5\" class=\"wpforms-field-medium wpforms-field-required\" name=\"wpforms[fields][5]\" aria-errormessage=\"wpforms-3675-field_5-error\" required><\/textarea><\/div><script>\n\t\t\t\t( function() {\n\t\t\t\t\tconst style = document.createElement( 'style' );\n\t\t\t\t\tstyle.appendChild( document.createTextNode( '#wpforms-3675-field_1-container { position: absolute !important; overflow: hidden !important; display: inline !important; height: 1px !important; width: 1px !important; z-index: -1000 !important; padding: 0 !important; } #wpforms-3675-field_1-container input { visibility: hidden; } #wpforms-conversational-form-page #wpforms-3675-field_1-container label { counter-increment: none; }' ) );\n\t\t\t\t\tdocument.head.appendChild( style );\n\t\t\t\t\tdocument.currentScript?.remove();\n\t\t\t\t} )();\n\t\t\t<\/script><\/div><!-- .wpforms-field-container --><div class=\"wpforms-submit-container\" ><input type=\"hidden\" name=\"wpforms[id]\" value=\"3675\"><input type=\"hidden\" name=\"page_title\" value=\"\"><input type=\"hidden\" name=\"page_url\" value=\"https:\/\/homeproject.fr\/fr\/wp-json\/wp\/v2\/product\/15360\"><input type=\"hidden\" name=\"url_referer\" value=\"\"><button type=\"submit\" name=\"wpforms[submit]\" id=\"wpforms-submit-3675\" class=\"wpforms-submit\" data-alt-text=\"Envoi...\" data-submit-text=\"Envoyer\" aria-live=\"assertive\" value=\"wpforms-submit\">Envoyer<\/button><img decoding=\"async\" src=\"https:\/\/homeproject.fr\/fr\/wp-content\/plugins\/wpforms-lite\/assets\/images\/submit-spin.svg\" class=\"wpforms-submit-spinner\" style=\"display: none;\" width=\"26\" height=\"26\" alt=\"Chargement en cours\"><\/div><\/form><\/div>  <!-- .wpforms-container -->\n","protected":false},"excerpt":{"rendered":"<p data-start=\"338\" data-end=\"681\">Le <strong data-start=\"341\" data-end=\"368\">claustra Bloc Grey Matt<\/strong> appartient \u00e0 la collection <strong data-start=\"396\" data-end=\"404\">Bloc<\/strong>, imagin\u00e9e par les designers fran\u00e7ais <strong data-start=\"442\" data-end=\"470\">Ronan &amp; Erwan Bouroullec<\/strong> pour <strong data-start=\"476\" data-end=\"486\">Mutina<\/strong>. Pens\u00e9 comme une <strong data-start=\"504\" data-end=\"543\">brique architecturale contemporaine<\/strong>, Bloc se distingue par sa simplicit\u00e9 brute et sa modularit\u00e9, transformant un \u00e9l\u00e9ment traditionnel en un <strong data-start=\"648\" data-end=\"678\">objet sculptural et design<\/strong>.<\/p>\n<p data-start=\"683\" data-end=\"1051\">R\u00e9alis\u00e9 artisanalement en <strong data-start=\"709\" data-end=\"746\">terre cuite color\u00e9e<\/strong>, Bloc se pr\u00e9sente sous la forme d\u2019un <strong data-start=\"784\" data-end=\"833\">cube perfor\u00e9 de quatre ouvertures circulaires<\/strong>. La finition <strong data-start=\"847\" data-end=\"860\">Grey Matt<\/strong>, dans une nuance grise mate et \u00e9l\u00e9gante, apporte une atmosph\u00e8re <strong data-start=\"925\" data-end=\"959\">moderne, sobre et intemporelle<\/strong>, id\u00e9ale pour des projets minimalistes ou des espaces architecturaux au caract\u00e8re affirm\u00e9.<\/p>\n<p data-start=\"1053\" data-end=\"1348\">Adapt\u00e9 \u00e0 une utilisation aussi bien en <strong data-start=\"1092\" data-end=\"1105\">int\u00e9rieur<\/strong> qu\u2019en <strong data-start=\"1112\" data-end=\"1125\">ext\u00e9rieur<\/strong>, Bloc Grey Matt permet de concevoir des <strong data-start=\"1166\" data-end=\"1229\">murs ajour\u00e9s, cloisons d\u00e9coratives ou s\u00e9parateurs d\u2019espaces<\/strong>, adapt\u00e9s aux environnements r\u00e9sidentiels comme aux projets contract (restaurants, h\u00f4tels, bureaux, espaces publics).<\/p>\n","protected":false},"featured_media":15361,"template":"","meta":{"_uf_show_specific_survey":0,"_uf_disable_surveys":false,"iawp_total_views":7},"product_brand":[620],"product_cat":[20,194],"product_tag":[],"class_list":{"0":"post-15360","1":"product","2":"type-product","3":"status-publish","4":"has-post-thumbnail","6":"product_brand-mutina","7":"product_cat-carrelage","8":"product_cat-claustras","9":"product_shipping_class-carrelage","10":"pa_collection-bloc-par-mutina","11":"pa_designer-erwan-et-ronan-bouroullec","12":"pa_dimensions-nominales-13x13","13":"pa_effet-claustra","14":"pa_epaisseur-100mm","15":"pa_marque-mutina","17":"first","18":"instock","19":"sale","20":"taxable","21":"shipping-taxable","22":"purchasable","23":"product-type-simple"},"yoast_head":"<!-- This site is optimized with the Yoast SEO plugin v27.5 - https:\/\/yoast.com\/product\/yoast-seo-wordpress\/ -->\n<title>Claustra Bloc Grey Matt Mutina \u2013 Design Ronan &amp; Erwan Bouroullec - Homeproject.fr<\/title>\n<meta name=\"robots\" content=\"index, follow, max-snippet:-1, max-image-preview:large, max-video-preview:-1\" \/>\n<link rel=\"canonical\" href=\"https:\/\/homeproject.fr\/fr\/produit\/claustra-bloc-grey-matt-mutina-design-ronan-erwan-bouroullec\/\" \/>\n<meta property=\"og:locale\" content=\"fr_FR\" \/>\n<meta property=\"og:type\" content=\"article\" \/>\n<meta property=\"og:title\" content=\"Claustra Bloc Grey Matt Mutina \u2013 Design Ronan &amp; Erwan Bouroullec - Homeproject.fr\" \/>\n<meta property=\"og:description\" content=\"Le claustra Bloc Grey Matt appartient \u00e0 la collection Bloc, imagin\u00e9e par les designers fran\u00e7ais Ronan &amp; Erwan Bouroullec pour Mutina. Pens\u00e9 comme une brique architecturale contemporaine, Bloc se distingue par sa simplicit\u00e9 brute et sa modularit\u00e9, transformant un \u00e9l\u00e9ment traditionnel en un objet sculptural et design. R\u00e9alis\u00e9 artisanalement en terre cuite color\u00e9e, Bloc se pr\u00e9sente sous la forme d\u2019un cube perfor\u00e9 de quatre ouvertures circulaires. La finition Grey Matt, dans une nuance grise mate et \u00e9l\u00e9gante, apporte une atmosph\u00e8re moderne, sobre et intemporelle, id\u00e9ale pour des projets minimalistes ou des espaces architecturaux au caract\u00e8re affirm\u00e9. Adapt\u00e9 \u00e0 une utilisation aussi bien en int\u00e9rieur qu\u2019en ext\u00e9rieur, Bloc Grey Matt permet de concevoir des murs ajour\u00e9s, cloisons d\u00e9coratives ou s\u00e9parateurs d\u2019espaces, adapt\u00e9s aux environnements r\u00e9sidentiels comme aux projets contract (restaurants, h\u00f4tels, bureaux, espaces publics).\" \/>\n<meta property=\"og:url\" content=\"https:\/\/homeproject.fr\/fr\/produit\/claustra-bloc-grey-matt-mutina-design-ronan-erwan-bouroullec\/\" \/>\n<meta property=\"og:site_name\" content=\"Homeproject.fr\" \/>\n<meta property=\"article:modified_time\" content=\"2025-08-27T13:27:47+00:00\" \/>\n<meta property=\"og:image\" content=\"https:\/\/homeproject.fr\/fr\/wp-content\/uploads\/2025\/08\/Claustra-en-terre-cuite-coloree-Bloc-Grey-Matt-dessine-par-Erwan-et-Ronan-Bouroullec-pour-Mutina.jpg\" \/>\n\t<meta property=\"og:image:width\" content=\"1500\" \/>\n\t<meta property=\"og:image:height\" content=\"1500\" \/>\n\t<meta property=\"og:image:type\" content=\"image\/jpeg\" \/>\n<meta name=\"twitter:card\" content=\"summary_large_image\" \/>\n<meta name=\"twitter:label1\" content=\"Dur\u00e9e de lecture estim\u00e9e\" \/>\n\t<meta name=\"twitter:data1\" content=\"2 minutes\" \/>\n<script type=\"application\/ld+json\" class=\"yoast-schema-graph\">{\"@context\":\"https:\\\/\\\/schema.org\",\"@graph\":[{\"@type\":\"WebPage\",\"@id\":\"https:\\\/\\\/homeproject.fr\\\/fr\\\/produit\\\/claustra-bloc-grey-matt-mutina-design-ronan-erwan-bouroullec\\\/\",\"url\":\"https:\\\/\\\/homeproject.fr\\\/fr\\\/produit\\\/claustra-bloc-grey-matt-mutina-design-ronan-erwan-bouroullec\\\/\",\"name\":\"Claustra Bloc Grey Matt Mutina \u2013 Design Ronan & Erwan Bouroullec - Homeproject.fr\",\"isPartOf\":{\"@id\":\"https:\\\/\\\/homeproject.fr\\\/fr\\\/#website\"},\"primaryImageOfPage\":{\"@id\":\"https:\\\/\\\/homeproject.fr\\\/fr\\\/produit\\\/claustra-bloc-grey-matt-mutina-design-ronan-erwan-bouroullec\\\/#primaryimage\"},\"image\":{\"@id\":\"https:\\\/\\\/homeproject.fr\\\/fr\\\/produit\\\/claustra-bloc-grey-matt-mutina-design-ronan-erwan-bouroullec\\\/#primaryimage\"},\"thumbnailUrl\":\"https:\\\/\\\/homeproject.fr\\\/fr\\\/wp-content\\\/uploads\\\/2025\\\/08\\\/Claustra-en-terre-cuite-coloree-Bloc-Grey-Matt-dessine-par-Erwan-et-Ronan-Bouroullec-pour-Mutina.jpg\",\"datePublished\":\"2025-08-27T13:00:48+00:00\",\"dateModified\":\"2025-08-27T13:27:47+00:00\",\"breadcrumb\":{\"@id\":\"https:\\\/\\\/homeproject.fr\\\/fr\\\/produit\\\/claustra-bloc-grey-matt-mutina-design-ronan-erwan-bouroullec\\\/#breadcrumb\"},\"inLanguage\":\"fr-FR\",\"potentialAction\":[{\"@type\":\"ReadAction\",\"target\":[\"https:\\\/\\\/homeproject.fr\\\/fr\\\/produit\\\/claustra-bloc-grey-matt-mutina-design-ronan-erwan-bouroullec\\\/\"]}]},{\"@type\":\"ImageObject\",\"inLanguage\":\"fr-FR\",\"@id\":\"https:\\\/\\\/homeproject.fr\\\/fr\\\/produit\\\/claustra-bloc-grey-matt-mutina-design-ronan-erwan-bouroullec\\\/#primaryimage\",\"url\":\"https:\\\/\\\/homeproject.fr\\\/fr\\\/wp-content\\\/uploads\\\/2025\\\/08\\\/Claustra-en-terre-cuite-coloree-Bloc-Grey-Matt-dessine-par-Erwan-et-Ronan-Bouroullec-pour-Mutina.jpg\",\"contentUrl\":\"https:\\\/\\\/homeproject.fr\\\/fr\\\/wp-content\\\/uploads\\\/2025\\\/08\\\/Claustra-en-terre-cuite-coloree-Bloc-Grey-Matt-dessine-par-Erwan-et-Ronan-Bouroullec-pour-Mutina.jpg\",\"width\":1500,\"height\":1500},{\"@type\":\"BreadcrumbList\",\"@id\":\"https:\\\/\\\/homeproject.fr\\\/fr\\\/produit\\\/claustra-bloc-grey-matt-mutina-design-ronan-erwan-bouroullec\\\/#breadcrumb\",\"itemListElement\":[{\"@type\":\"ListItem\",\"position\":1,\"name\":\"Accueil\",\"item\":\"https:\\\/\\\/homeproject.fr\\\/fr\\\/\"},{\"@type\":\"ListItem\",\"position\":2,\"name\":\"Boutique\",\"item\":\"https:\\\/\\\/homeproject.fr\\\/fr\\\/boutique\\\/\"},{\"@type\":\"ListItem\",\"position\":3,\"name\":\"Claustra Bloc Grey Matt Mutina \u2013 Design Ronan &#038; Erwan Bouroullec\"}]},{\"@type\":\"WebSite\",\"@id\":\"https:\\\/\\\/homeproject.fr\\\/fr\\\/#website\",\"url\":\"https:\\\/\\\/homeproject.fr\\\/fr\\\/\",\"name\":\"Homeproject.fr\",\"description\":\"Offrez l&#039;exceptionnel \u00e0 vos espaces \u00e0 vivre\",\"publisher\":{\"@id\":\"https:\\\/\\\/homeproject.fr\\\/fr\\\/#organization\"},\"potentialAction\":[{\"@type\":\"SearchAction\",\"target\":{\"@type\":\"EntryPoint\",\"urlTemplate\":\"https:\\\/\\\/homeproject.fr\\\/fr\\\/?s={search_term_string}\"},\"query-input\":{\"@type\":\"PropertyValueSpecification\",\"valueRequired\":true,\"valueName\":\"search_term_string\"}}],\"inLanguage\":\"fr-FR\"},{\"@type\":\"Organization\",\"@id\":\"https:\\\/\\\/homeproject.fr\\\/fr\\\/#organization\",\"name\":\"Homeproject.fr\",\"url\":\"https:\\\/\\\/homeproject.fr\\\/fr\\\/\",\"logo\":{\"@type\":\"ImageObject\",\"inLanguage\":\"fr-FR\",\"@id\":\"https:\\\/\\\/homeproject.fr\\\/fr\\\/#\\\/schema\\\/logo\\\/image\\\/\",\"url\":\"https:\\\/\\\/homeproject.fr\\\/fr\\\/wp-content\\\/uploads\\\/2024\\\/12\\\/Logo_HomeProject-noir-2.png\",\"contentUrl\":\"https:\\\/\\\/homeproject.fr\\\/fr\\\/wp-content\\\/uploads\\\/2024\\\/12\\\/Logo_HomeProject-noir-2.png\",\"width\":300,\"height\":91,\"caption\":\"Homeproject.fr\"},\"image\":{\"@id\":\"https:\\\/\\\/homeproject.fr\\\/fr\\\/#\\\/schema\\\/logo\\\/image\\\/\"}}]}<\/script>\n<!-- \/ Yoast SEO plugin. -->","yoast_head_json":{"title":"Claustra Bloc Grey Matt Mutina \u2013 Design Ronan & Erwan Bouroullec - Homeproject.fr","robots":{"index":"index","follow":"follow","max-snippet":"max-snippet:-1","max-image-preview":"max-image-preview:large","max-video-preview":"max-video-preview:-1"},"canonical":"https:\/\/homeproject.fr\/fr\/produit\/claustra-bloc-grey-matt-mutina-design-ronan-erwan-bouroullec\/","og_locale":"fr_FR","og_type":"article","og_title":"Claustra Bloc Grey Matt Mutina \u2013 Design Ronan & Erwan Bouroullec - Homeproject.fr","og_description":"Le claustra Bloc Grey Matt appartient \u00e0 la collection Bloc, imagin\u00e9e par les designers fran\u00e7ais Ronan &amp; Erwan Bouroullec pour Mutina. Pens\u00e9 comme une brique architecturale contemporaine, Bloc se distingue par sa simplicit\u00e9 brute et sa modularit\u00e9, transformant un \u00e9l\u00e9ment traditionnel en un objet sculptural et design. R\u00e9alis\u00e9 artisanalement en terre cuite color\u00e9e, Bloc se pr\u00e9sente sous la forme d\u2019un cube perfor\u00e9 de quatre ouvertures circulaires. La finition Grey Matt, dans une nuance grise mate et \u00e9l\u00e9gante, apporte une atmosph\u00e8re moderne, sobre et intemporelle, id\u00e9ale pour des projets minimalistes ou des espaces architecturaux au caract\u00e8re affirm\u00e9. Adapt\u00e9 \u00e0 une utilisation aussi bien en int\u00e9rieur qu\u2019en ext\u00e9rieur, Bloc Grey Matt permet de concevoir des murs ajour\u00e9s, cloisons d\u00e9coratives ou s\u00e9parateurs d\u2019espaces, adapt\u00e9s aux environnements r\u00e9sidentiels comme aux projets contract (restaurants, h\u00f4tels, bureaux, espaces publics).","og_url":"https:\/\/homeproject.fr\/fr\/produit\/claustra-bloc-grey-matt-mutina-design-ronan-erwan-bouroullec\/","og_site_name":"Homeproject.fr","article_modified_time":"2025-08-27T13:27:47+00:00","og_image":[{"width":1500,"height":1500,"url":"https:\/\/homeproject.fr\/fr\/wp-content\/uploads\/2025\/08\/Claustra-en-terre-cuite-coloree-Bloc-Grey-Matt-dessine-par-Erwan-et-Ronan-Bouroullec-pour-Mutina.jpg","type":"image\/jpeg"}],"twitter_card":"summary_large_image","twitter_misc":{"Dur\u00e9e de lecture estim\u00e9e":"2 minutes"},"schema":{"@context":"https:\/\/schema.org","@graph":[{"@type":"WebPage","@id":"https:\/\/homeproject.fr\/fr\/produit\/claustra-bloc-grey-matt-mutina-design-ronan-erwan-bouroullec\/","url":"https:\/\/homeproject.fr\/fr\/produit\/claustra-bloc-grey-matt-mutina-design-ronan-erwan-bouroullec\/","name":"Claustra Bloc Grey Matt Mutina \u2013 Design Ronan & Erwan Bouroullec - Homeproject.fr","isPartOf":{"@id":"https:\/\/homeproject.fr\/fr\/#website"},"primaryImageOfPage":{"@id":"https:\/\/homeproject.fr\/fr\/produit\/claustra-bloc-grey-matt-mutina-design-ronan-erwan-bouroullec\/#primaryimage"},"image":{"@id":"https:\/\/homeproject.fr\/fr\/produit\/claustra-bloc-grey-matt-mutina-design-ronan-erwan-bouroullec\/#primaryimage"},"thumbnailUrl":"https:\/\/homeproject.fr\/fr\/wp-content\/uploads\/2025\/08\/Claustra-en-terre-cuite-coloree-Bloc-Grey-Matt-dessine-par-Erwan-et-Ronan-Bouroullec-pour-Mutina.jpg","datePublished":"2025-08-27T13:00:48+00:00","dateModified":"2025-08-27T13:27:47+00:00","breadcrumb":{"@id":"https:\/\/homeproject.fr\/fr\/produit\/claustra-bloc-grey-matt-mutina-design-ronan-erwan-bouroullec\/#breadcrumb"},"inLanguage":"fr-FR","potentialAction":[{"@type":"ReadAction","target":["https:\/\/homeproject.fr\/fr\/produit\/claustra-bloc-grey-matt-mutina-design-ronan-erwan-bouroullec\/"]}]},{"@type":"ImageObject","inLanguage":"fr-FR","@id":"https:\/\/homeproject.fr\/fr\/produit\/claustra-bloc-grey-matt-mutina-design-ronan-erwan-bouroullec\/#primaryimage","url":"https:\/\/homeproject.fr\/fr\/wp-content\/uploads\/2025\/08\/Claustra-en-terre-cuite-coloree-Bloc-Grey-Matt-dessine-par-Erwan-et-Ronan-Bouroullec-pour-Mutina.jpg","contentUrl":"https:\/\/homeproject.fr\/fr\/wp-content\/uploads\/2025\/08\/Claustra-en-terre-cuite-coloree-Bloc-Grey-Matt-dessine-par-Erwan-et-Ronan-Bouroullec-pour-Mutina.jpg","width":1500,"height":1500},{"@type":"BreadcrumbList","@id":"https:\/\/homeproject.fr\/fr\/produit\/claustra-bloc-grey-matt-mutina-design-ronan-erwan-bouroullec\/#breadcrumb","itemListElement":[{"@type":"ListItem","position":1,"name":"Accueil","item":"https:\/\/homeproject.fr\/fr\/"},{"@type":"ListItem","position":2,"name":"Boutique","item":"https:\/\/homeproject.fr\/fr\/boutique\/"},{"@type":"ListItem","position":3,"name":"Claustra Bloc Grey Matt Mutina \u2013 Design Ronan &#038; Erwan Bouroullec"}]},{"@type":"WebSite","@id":"https:\/\/homeproject.fr\/fr\/#website","url":"https:\/\/homeproject.fr\/fr\/","name":"Homeproject.fr","description":"Offrez l&#039;exceptionnel \u00e0 vos espaces \u00e0 vivre","publisher":{"@id":"https:\/\/homeproject.fr\/fr\/#organization"},"potentialAction":[{"@type":"SearchAction","target":{"@type":"EntryPoint","urlTemplate":"https:\/\/homeproject.fr\/fr\/?s={search_term_string}"},"query-input":{"@type":"PropertyValueSpecification","valueRequired":true,"valueName":"search_term_string"}}],"inLanguage":"fr-FR"},{"@type":"Organization","@id":"https:\/\/homeproject.fr\/fr\/#organization","name":"Homeproject.fr","url":"https:\/\/homeproject.fr\/fr\/","logo":{"@type":"ImageObject","inLanguage":"fr-FR","@id":"https:\/\/homeproject.fr\/fr\/#\/schema\/logo\/image\/","url":"https:\/\/homeproject.fr\/fr\/wp-content\/uploads\/2024\/12\/Logo_HomeProject-noir-2.png","contentUrl":"https:\/\/homeproject.fr\/fr\/wp-content\/uploads\/2024\/12\/Logo_HomeProject-noir-2.png","width":300,"height":91,"caption":"Homeproject.fr"},"image":{"@id":"https:\/\/homeproject.fr\/fr\/#\/schema\/logo\/image\/"}}]}},"_links":{"self":[{"href":"https:\/\/homeproject.fr\/fr\/wp-json\/wp\/v2\/product\/15360","targetHints":{"allow":["GET"]}}],"collection":[{"href":"https:\/\/homeproject.fr\/fr\/wp-json\/wp\/v2\/product"}],"about":[{"href":"https:\/\/homeproject.fr\/fr\/wp-json\/wp\/v2\/types\/product"}],"version-history":[{"count":3,"href":"https:\/\/homeproject.fr\/fr\/wp-json\/wp\/v2\/product\/15360\/revisions"}],"predecessor-version":[{"id":15387,"href":"https:\/\/homeproject.fr\/fr\/wp-json\/wp\/v2\/product\/15360\/revisions\/15387"}],"wp:featuredmedia":[{"embeddable":true,"href":"https:\/\/homeproject.fr\/fr\/wp-json\/wp\/v2\/media\/15361"}],"wp:attachment":[{"href":"https:\/\/homeproject.fr\/fr\/wp-json\/wp\/v2\/media?parent=15360"}],"wp:term":[{"taxonomy":"product_brand","embeddable":true,"href":"https:\/\/homeproject.fr\/fr\/wp-json\/wp\/v2\/product_brand?post=15360"},{"taxonomy":"product_cat","embeddable":true,"href":"https:\/\/homeproject.fr\/fr\/wp-json\/wp\/v2\/product_cat?post=15360"},{"taxonomy":"product_tag","embeddable":true,"href":"https:\/\/homeproject.fr\/fr\/wp-json\/wp\/v2\/product_tag?post=15360"}],"curies":[{"name":"wp","href":"https:\/\/api.w.org\/{rel}","templated":true}]}}