{"id":15329,"date":"2025-08-27T10:56:11","date_gmt":"2025-08-27T10:56:11","guid":{"rendered":"https:\/\/homeproject.fr\/fr\/?post_type=product&#038;p=15329"},"modified":"2025-08-27T11:00:46","modified_gmt":"2025-08-27T11:00:46","slug":"colle-mutina-putc01-adhesive-pour-claustras-renga","status":"publish","type":"product","link":"https:\/\/homeproject.fr\/fr\/produit\/colle-mutina-putc01-adhesive-pour-claustras-renga\/","title":{"rendered":"Colle Mutina PUTC01 \u2013 Adhesive pour claustras Renga"},"content":{"rendered":"<h2 data-start=\"974\" data-end=\"1006\">Caract\u00e9ristiques techniques<\/h2>\n<ul data-start=\"1007\" data-end=\"1573\">\n<li data-start=\"1007\" data-end=\"1073\">\n<p data-start=\"1009\" data-end=\"1073\"><strong data-start=\"1009\" data-end=\"1024\">Nom produit<\/strong> : Mutina Sigillante \/ Mutina Adhesive \u2013 PUTC01<\/p>\n<\/li>\n<li data-start=\"1074\" data-end=\"1130\">\n<p data-start=\"1076\" data-end=\"1130\"><strong data-start=\"1076\" data-end=\"1086\">Marque<\/strong> : Mutina (en collaboration avec Kerakoll)<\/p>\n<\/li>\n<li data-start=\"1131\" data-end=\"1202\">\n<p data-start=\"1133\" data-end=\"1202\"><strong data-start=\"1133\" data-end=\"1152\">Conditionnement<\/strong> : Cartouche de 290 ml (achat minimum : 1 unit\u00e9)<\/p>\n<\/li>\n<li data-start=\"1203\" data-end=\"1302\">\n<p data-start=\"1205\" data-end=\"1302\"><strong data-start=\"1205\" data-end=\"1229\">Consommation moyenne<\/strong> : env. 407 ml\/m\u00b2 (incluant pertes et ajustements) pour claustras Renga<\/p>\n<\/li>\n<li data-start=\"1303\" data-end=\"1372\">\n<p data-start=\"1305\" data-end=\"1372\"><strong data-start=\"1305\" data-end=\"1322\">Compatibilit\u00e9<\/strong> : Tous mat\u00e9riaux (absorbants et non absorbants)<\/p>\n<\/li>\n<li data-start=\"1373\" data-end=\"1420\">\n<p data-start=\"1375\" data-end=\"1420\"><strong data-start=\"1375\" data-end=\"1390\">Application<\/strong> : En int\u00e9rieur et ext\u00e9rieur<\/p>\n<\/li>\n<li data-start=\"1421\" data-end=\"1500\">\n<p data-start=\"1423\" data-end=\"1500\"><strong data-start=\"1423\" data-end=\"1435\">Fonction<\/strong> : Collage et \u00e9tanch\u00e9it\u00e9 des claustras et \u00e9l\u00e9ments constructifs<\/p>\n<\/li>\n<li data-start=\"1501\" data-end=\"1573\">\n<p data-start=\"1503\" data-end=\"1573\"><strong data-start=\"1503\" data-end=\"1521\">\u00c9co-conception<\/strong> : Produit organique \u00e9co-compatible, sans solvants<\/p>\n<\/li>\n<\/ul>\n<h2 data-start=\"1575\" data-end=\"1589\">Avantages<\/h2>\n<ul data-start=\"1590\" data-end=\"1908\">\n<li data-start=\"1590\" data-end=\"1669\">\n<p data-start=\"1592\" data-end=\"1669\">Colle <strong data-start=\"1598\" data-end=\"1619\">officielle Mutina<\/strong>, con\u00e7ue sp\u00e9cifiquement pour la collection Renga<\/p>\n<\/li>\n<li data-start=\"1670\" data-end=\"1720\">\n<p data-start=\"1672\" data-end=\"1720\"><strong data-start=\"1672\" data-end=\"1691\">Haute adh\u00e9rence<\/strong> sans n\u00e9cessit\u00e9 de primaire<\/p>\n<\/li>\n<li data-start=\"1721\" data-end=\"1776\">\n<p data-start=\"1723\" data-end=\"1776\"><strong data-start=\"1723\" data-end=\"1748\">\u00c9lasticit\u00e9 permanente<\/strong>, \u00e9vitant les fissurations<\/p>\n<\/li>\n<li data-start=\"1777\" data-end=\"1845\">\n<p data-start=\"1779\" data-end=\"1845\">Utilisable en <strong data-start=\"1793\" data-end=\"1819\">int\u00e9rieur et ext\u00e9rieur<\/strong> pour une tenue optimale<\/p>\n<\/li>\n<li data-start=\"1846\" data-end=\"1908\">\n<p data-start=\"1848\" data-end=\"1908\">Formulation respectueuse de l\u2019environnement et de la sant\u00e9<\/p>\n<\/li>\n<\/ul>\n<h2 data-start=\"1910\" data-end=\"1938\">Utilisation recommand\u00e9e<\/h2>\n<ul data-start=\"1939\" data-end=\"2262\">\n<li data-start=\"1939\" data-end=\"2011\">\n<p data-start=\"1941\" data-end=\"2011\">Collage et jointoiement des <strong data-start=\"1969\" data-end=\"2009\">claustras Renga (Ivory, Grey, Brown)<\/strong><\/p>\n<\/li>\n<li data-start=\"2012\" data-end=\"2085\">\n<p data-start=\"2014\" data-end=\"2085\">Pose en <strong data-start=\"2022\" data-end=\"2041\">murs int\u00e9rieurs<\/strong> : s\u00e9paration de pi\u00e8ces, cloisons ajour\u00e9es<\/p>\n<\/li>\n<li data-start=\"2086\" data-end=\"2165\">\n<p data-start=\"2088\" data-end=\"2165\">Installation en <strong data-start=\"2104\" data-end=\"2126\">espaces ext\u00e9rieurs<\/strong> : fa\u00e7ades d\u00e9coratives, murs ventil\u00e9s<\/p>\n<\/li>\n<li data-start=\"2166\" data-end=\"2262\">\n<p data-start=\"2168\" data-end=\"2262\">\u00c9tanch\u00e9it\u00e9 de <strong data-start=\"2182\" data-end=\"2212\">structures architecturales<\/strong> n\u00e9cessitant une finition discr\u00e8te et r\u00e9sistante<\/p>\n<\/li>\n<\/ul>\n<h2 data-start=\"1183\" data-end=\"1215\"><strong style=\"font-size: 1.875rem;\">Vous avez des questions ?<\/strong><\/h2>\n<style id=\"wpforms-css-vars-3675\">\n\t\t\t\t#wpforms-3675 {\n\t\t\t\t\n\t\t\t}\n\t\t\t<\/style><div class=\"wpforms-container wpforms-container-full wpforms-render-modern\" id=\"wpforms-3675\"><form id=\"wpforms-form-3675\" class=\"wpforms-validate wpforms-form wpforms-ajax-form\" data-formid=\"3675\" method=\"post\" enctype=\"multipart\/form-data\" action=\"\/fr\/wp-json\/wp\/v2\/product\/15329\" data-token=\"9d579c4fe014830de7f99f3dcbfaaa07\" data-token-time=\"1777522165\"><noscript class=\"wpforms-error-noscript\">Veuillez activer JavaScript dans votre navigateur pour remplir ce formulaire.<\/noscript><div id=\"wpforms-error-noscript\" style=\"display: none;\">Veuillez activer JavaScript dans votre navigateur pour remplir ce formulaire.<\/div><div class=\"wpforms-field-container\">\t\t<div id=\"wpforms-3675-field_1-container\"\n\t\t\tclass=\"wpforms-field wpforms-field-text\"\n\t\t\tdata-field-type=\"text\"\n\t\t\tdata-field-id=\"1\"\n\t\t\t>\n\t\t\t<label class=\"wpforms-field-label\" for=\"wpforms-3675-field_1\" >Message E-mail Nom<\/label>\n\t\t\t<input type=\"text\" id=\"wpforms-3675-field_1\" class=\"wpforms-field-medium\" name=\"wpforms[fields][1]\" >\n\t\t<\/div>\n\t\t<div id=\"wpforms-3675-field_3-container\" class=\"wpforms-field wpforms-field-name\" data-field-id=\"3\"><fieldset><legend class=\"wpforms-field-label\">Nom <span class=\"wpforms-required-label\" aria-hidden=\"true\">*<\/span><\/legend><div class=\"wpforms-field-row wpforms-field-medium\"><div class=\"wpforms-field-row-block wpforms-first wpforms-one-half\"><input type=\"text\" id=\"wpforms-3675-field_3\" class=\"wpforms-field-name-first wpforms-field-required\" name=\"wpforms[fields][3][first]\" aria-errormessage=\"wpforms-3675-field_3-error\" required><label for=\"wpforms-3675-field_3\" class=\"wpforms-field-sublabel after\">Pr\u00e9nom<\/label><\/div><div class=\"wpforms-field-row-block wpforms-one-half\"><input type=\"text\" id=\"wpforms-3675-field_3-last\" class=\"wpforms-field-name-last wpforms-field-required\" name=\"wpforms[fields][3][last]\" aria-errormessage=\"wpforms-3675-field_3-last-error\" required><label for=\"wpforms-3675-field_3-last\" class=\"wpforms-field-sublabel after\">Nom<\/label><\/div><\/div><\/fieldset><\/div><div id=\"wpforms-3675-field_4-container\" class=\"wpforms-field wpforms-field-email\" data-field-id=\"4\"><label class=\"wpforms-field-label\" for=\"wpforms-3675-field_4\">E-mail <span class=\"wpforms-required-label\" aria-hidden=\"true\">*<\/span><\/label><input type=\"email\" id=\"wpforms-3675-field_4\" class=\"wpforms-field-medium wpforms-field-required\" name=\"wpforms[fields][4]\" spellcheck=\"false\" aria-errormessage=\"wpforms-3675-field_4-error\" required><\/div><div id=\"wpforms-3675-field_5-container\" class=\"wpforms-field wpforms-field-textarea\" data-field-id=\"5\"><label class=\"wpforms-field-label\" for=\"wpforms-3675-field_5\">Message <span class=\"wpforms-required-label\" aria-hidden=\"true\">*<\/span><\/label><textarea id=\"wpforms-3675-field_5\" class=\"wpforms-field-medium wpforms-field-required\" name=\"wpforms[fields][5]\" aria-errormessage=\"wpforms-3675-field_5-error\" required><\/textarea><\/div><script>\n\t\t\t\t( function() {\n\t\t\t\t\tconst style = document.createElement( 'style' );\n\t\t\t\t\tstyle.appendChild( document.createTextNode( '#wpforms-3675-field_1-container { position: absolute !important; overflow: hidden !important; display: inline !important; height: 1px !important; width: 1px !important; z-index: -1000 !important; padding: 0 !important; } #wpforms-3675-field_1-container input { visibility: hidden; } #wpforms-conversational-form-page #wpforms-3675-field_1-container label { counter-increment: none; }' ) );\n\t\t\t\t\tdocument.head.appendChild( style );\n\t\t\t\t\tdocument.currentScript?.remove();\n\t\t\t\t} )();\n\t\t\t<\/script><\/div><!-- .wpforms-field-container --><div class=\"wpforms-submit-container\" ><input type=\"hidden\" name=\"wpforms[id]\" value=\"3675\"><input type=\"hidden\" name=\"page_title\" value=\"\"><input type=\"hidden\" name=\"page_url\" value=\"https:\/\/homeproject.fr\/fr\/wp-json\/wp\/v2\/product\/15329\"><input type=\"hidden\" name=\"url_referer\" value=\"\"><button type=\"submit\" name=\"wpforms[submit]\" id=\"wpforms-submit-3675\" class=\"wpforms-submit\" data-alt-text=\"Envoi...\" data-submit-text=\"Envoyer\" aria-live=\"assertive\" value=\"wpforms-submit\">Envoyer<\/button><img decoding=\"async\" src=\"https:\/\/homeproject.fr\/fr\/wp-content\/plugins\/wpforms-lite\/assets\/images\/submit-spin.svg\" class=\"wpforms-submit-spinner\" style=\"display: none;\" width=\"26\" height=\"26\" alt=\"Chargement en cours\"><\/div><\/form><\/div>  <!-- .wpforms-container -->\n","protected":false},"excerpt":{"rendered":"<p data-start=\"325\" data-end=\"710\">La <strong data-start=\"328\" data-end=\"351\">colle Mutina PUTC01<\/strong> est l\u2019adh\u00e9sif officiel d\u00e9velopp\u00e9 par <strong data-start=\"389\" data-end=\"401\">Kerakoll<\/strong> en exclusivit\u00e9 pour <strong data-start=\"422\" data-end=\"432\">Mutina<\/strong>, sp\u00e9cialement con\u00e7u pour l\u2019installation des <strong data-start=\"477\" data-end=\"496\">claustras Renga<\/strong>. Ce <strong data-start=\"501\" data-end=\"540\">sigillante organique \u00e9co-compatible<\/strong> est exempt de solvants, respectueux de l\u2019environnement et formul\u00e9 pour garantir une <strong data-start=\"625\" data-end=\"674\">adh\u00e9rence optimale sur tous types de supports<\/strong>, qu\u2019ils soient absorbants ou non.<\/p>\n<p data-start=\"712\" data-end=\"972\">Gr\u00e2ce \u00e0 sa composition \u00e0 base de <strong data-start=\"745\" data-end=\"762\">silane neutre<\/strong> \u00e0 faible teneur en solvants, la colle Mutina PUTC01 offre une <strong data-start=\"825\" data-end=\"850\">\u00e9lasticit\u00e9 permanente<\/strong>, une r\u00e9sistance durable et un <strong data-start=\"881\" data-end=\"898\">joint \u00e9tanche<\/strong>, assurant ainsi une finition soign\u00e9e et une longue tenue des claustras.<\/p>\n","protected":false},"featured_media":15330,"template":"","meta":{"_uf_show_specific_survey":0,"_uf_disable_surveys":false,"iawp_total_views":19},"product_brand":[620],"product_cat":[20,194],"product_tag":[],"class_list":{"0":"post-15329","1":"product","2":"type-product","3":"status-publish","4":"has-post-thumbnail","6":"product_brand-mutina","7":"product_cat-carrelage","8":"product_cat-claustras","9":"product_shipping_class-carrelage","10":"pa_collection-renga-par-mutina","11":"pa_marque-mutina","13":"first","14":"instock","15":"sale","16":"taxable","17":"shipping-taxable","18":"purchasable","19":"product-type-simple"},"yoast_head":"<!-- This site is optimized with the Yoast SEO plugin v27.5 - https:\/\/yoast.com\/product\/yoast-seo-wordpress\/ -->\n<title>Colle Mutina PUTC01 \u2013 Adhesive pour claustras Renga - Homeproject.fr<\/title>\n<meta name=\"robots\" content=\"index, follow, max-snippet:-1, max-image-preview:large, max-video-preview:-1\" \/>\n<link rel=\"canonical\" href=\"https:\/\/homeproject.fr\/fr\/produit\/colle-mutina-putc01-adhesive-pour-claustras-renga\/\" \/>\n<meta property=\"og:locale\" content=\"fr_FR\" \/>\n<meta property=\"og:type\" content=\"article\" \/>\n<meta property=\"og:title\" content=\"Colle Mutina PUTC01 \u2013 Adhesive pour claustras Renga - Homeproject.fr\" \/>\n<meta property=\"og:description\" content=\"La colle Mutina PUTC01 est l\u2019adh\u00e9sif officiel d\u00e9velopp\u00e9 par Kerakoll en exclusivit\u00e9 pour Mutina, sp\u00e9cialement con\u00e7u pour l\u2019installation des claustras Renga. Ce sigillante organique \u00e9co-compatible est exempt de solvants, respectueux de l\u2019environnement et formul\u00e9 pour garantir une adh\u00e9rence optimale sur tous types de supports, qu\u2019ils soient absorbants ou non. Gr\u00e2ce \u00e0 sa composition \u00e0 base de silane neutre \u00e0 faible teneur en solvants, la colle Mutina PUTC01 offre une \u00e9lasticit\u00e9 permanente, une r\u00e9sistance durable et un joint \u00e9tanche, assurant ainsi une finition soign\u00e9e et une longue tenue des claustras.\" \/>\n<meta property=\"og:url\" content=\"https:\/\/homeproject.fr\/fr\/produit\/colle-mutina-putc01-adhesive-pour-claustras-renga\/\" \/>\n<meta property=\"og:site_name\" content=\"Homeproject.fr\" \/>\n<meta property=\"article:modified_time\" content=\"2025-08-27T11:00:46+00:00\" \/>\n<meta property=\"og:image\" content=\"https:\/\/homeproject.fr\/fr\/wp-content\/uploads\/2025\/08\/colle-pour-renga.jpg\" \/>\n\t<meta property=\"og:image:width\" content=\"309\" \/>\n\t<meta property=\"og:image:height\" content=\"309\" \/>\n\t<meta property=\"og:image:type\" content=\"image\/jpeg\" \/>\n<meta name=\"twitter:card\" content=\"summary_large_image\" \/>\n<meta name=\"twitter:label1\" content=\"Dur\u00e9e de lecture estim\u00e9e\" \/>\n\t<meta name=\"twitter:data1\" content=\"1 minute\" \/>\n<script type=\"application\/ld+json\" class=\"yoast-schema-graph\">{\"@context\":\"https:\\\/\\\/schema.org\",\"@graph\":[{\"@type\":\"WebPage\",\"@id\":\"https:\\\/\\\/homeproject.fr\\\/fr\\\/produit\\\/colle-mutina-putc01-adhesive-pour-claustras-renga\\\/\",\"url\":\"https:\\\/\\\/homeproject.fr\\\/fr\\\/produit\\\/colle-mutina-putc01-adhesive-pour-claustras-renga\\\/\",\"name\":\"Colle Mutina PUTC01 \u2013 Adhesive pour claustras Renga - Homeproject.fr\",\"isPartOf\":{\"@id\":\"https:\\\/\\\/homeproject.fr\\\/fr\\\/#website\"},\"primaryImageOfPage\":{\"@id\":\"https:\\\/\\\/homeproject.fr\\\/fr\\\/produit\\\/colle-mutina-putc01-adhesive-pour-claustras-renga\\\/#primaryimage\"},\"image\":{\"@id\":\"https:\\\/\\\/homeproject.fr\\\/fr\\\/produit\\\/colle-mutina-putc01-adhesive-pour-claustras-renga\\\/#primaryimage\"},\"thumbnailUrl\":\"https:\\\/\\\/homeproject.fr\\\/fr\\\/wp-content\\\/uploads\\\/2025\\\/08\\\/colle-pour-renga.jpg\",\"datePublished\":\"2025-08-27T10:56:11+00:00\",\"dateModified\":\"2025-08-27T11:00:46+00:00\",\"breadcrumb\":{\"@id\":\"https:\\\/\\\/homeproject.fr\\\/fr\\\/produit\\\/colle-mutina-putc01-adhesive-pour-claustras-renga\\\/#breadcrumb\"},\"inLanguage\":\"fr-FR\",\"potentialAction\":[{\"@type\":\"ReadAction\",\"target\":[\"https:\\\/\\\/homeproject.fr\\\/fr\\\/produit\\\/colle-mutina-putc01-adhesive-pour-claustras-renga\\\/\"]}]},{\"@type\":\"ImageObject\",\"inLanguage\":\"fr-FR\",\"@id\":\"https:\\\/\\\/homeproject.fr\\\/fr\\\/produit\\\/colle-mutina-putc01-adhesive-pour-claustras-renga\\\/#primaryimage\",\"url\":\"https:\\\/\\\/homeproject.fr\\\/fr\\\/wp-content\\\/uploads\\\/2025\\\/08\\\/colle-pour-renga.jpg\",\"contentUrl\":\"https:\\\/\\\/homeproject.fr\\\/fr\\\/wp-content\\\/uploads\\\/2025\\\/08\\\/colle-pour-renga.jpg\",\"width\":309,\"height\":309},{\"@type\":\"BreadcrumbList\",\"@id\":\"https:\\\/\\\/homeproject.fr\\\/fr\\\/produit\\\/colle-mutina-putc01-adhesive-pour-claustras-renga\\\/#breadcrumb\",\"itemListElement\":[{\"@type\":\"ListItem\",\"position\":1,\"name\":\"Accueil\",\"item\":\"https:\\\/\\\/homeproject.fr\\\/fr\\\/\"},{\"@type\":\"ListItem\",\"position\":2,\"name\":\"Boutique\",\"item\":\"https:\\\/\\\/homeproject.fr\\\/fr\\\/boutique\\\/\"},{\"@type\":\"ListItem\",\"position\":3,\"name\":\"Colle Mutina PUTC01 \u2013 Adhesive pour claustras Renga\"}]},{\"@type\":\"WebSite\",\"@id\":\"https:\\\/\\\/homeproject.fr\\\/fr\\\/#website\",\"url\":\"https:\\\/\\\/homeproject.fr\\\/fr\\\/\",\"name\":\"Homeproject.fr\",\"description\":\"Offrez l&#039;exceptionnel \u00e0 vos espaces \u00e0 vivre\",\"publisher\":{\"@id\":\"https:\\\/\\\/homeproject.fr\\\/fr\\\/#organization\"},\"potentialAction\":[{\"@type\":\"SearchAction\",\"target\":{\"@type\":\"EntryPoint\",\"urlTemplate\":\"https:\\\/\\\/homeproject.fr\\\/fr\\\/?s={search_term_string}\"},\"query-input\":{\"@type\":\"PropertyValueSpecification\",\"valueRequired\":true,\"valueName\":\"search_term_string\"}}],\"inLanguage\":\"fr-FR\"},{\"@type\":\"Organization\",\"@id\":\"https:\\\/\\\/homeproject.fr\\\/fr\\\/#organization\",\"name\":\"Homeproject.fr\",\"url\":\"https:\\\/\\\/homeproject.fr\\\/fr\\\/\",\"logo\":{\"@type\":\"ImageObject\",\"inLanguage\":\"fr-FR\",\"@id\":\"https:\\\/\\\/homeproject.fr\\\/fr\\\/#\\\/schema\\\/logo\\\/image\\\/\",\"url\":\"https:\\\/\\\/homeproject.fr\\\/fr\\\/wp-content\\\/uploads\\\/2024\\\/12\\\/Logo_HomeProject-noir-2.png\",\"contentUrl\":\"https:\\\/\\\/homeproject.fr\\\/fr\\\/wp-content\\\/uploads\\\/2024\\\/12\\\/Logo_HomeProject-noir-2.png\",\"width\":300,\"height\":91,\"caption\":\"Homeproject.fr\"},\"image\":{\"@id\":\"https:\\\/\\\/homeproject.fr\\\/fr\\\/#\\\/schema\\\/logo\\\/image\\\/\"}}]}<\/script>\n<!-- \/ Yoast SEO plugin. -->","yoast_head_json":{"title":"Colle Mutina PUTC01 \u2013 Adhesive pour claustras Renga - Homeproject.fr","robots":{"index":"index","follow":"follow","max-snippet":"max-snippet:-1","max-image-preview":"max-image-preview:large","max-video-preview":"max-video-preview:-1"},"canonical":"https:\/\/homeproject.fr\/fr\/produit\/colle-mutina-putc01-adhesive-pour-claustras-renga\/","og_locale":"fr_FR","og_type":"article","og_title":"Colle Mutina PUTC01 \u2013 Adhesive pour claustras Renga - Homeproject.fr","og_description":"La colle Mutina PUTC01 est l\u2019adh\u00e9sif officiel d\u00e9velopp\u00e9 par Kerakoll en exclusivit\u00e9 pour Mutina, sp\u00e9cialement con\u00e7u pour l\u2019installation des claustras Renga. Ce sigillante organique \u00e9co-compatible est exempt de solvants, respectueux de l\u2019environnement et formul\u00e9 pour garantir une adh\u00e9rence optimale sur tous types de supports, qu\u2019ils soient absorbants ou non. Gr\u00e2ce \u00e0 sa composition \u00e0 base de silane neutre \u00e0 faible teneur en solvants, la colle Mutina PUTC01 offre une \u00e9lasticit\u00e9 permanente, une r\u00e9sistance durable et un joint \u00e9tanche, assurant ainsi une finition soign\u00e9e et une longue tenue des claustras.","og_url":"https:\/\/homeproject.fr\/fr\/produit\/colle-mutina-putc01-adhesive-pour-claustras-renga\/","og_site_name":"Homeproject.fr","article_modified_time":"2025-08-27T11:00:46+00:00","og_image":[{"width":309,"height":309,"url":"https:\/\/homeproject.fr\/fr\/wp-content\/uploads\/2025\/08\/colle-pour-renga.jpg","type":"image\/jpeg"}],"twitter_card":"summary_large_image","twitter_misc":{"Dur\u00e9e de lecture estim\u00e9e":"1 minute"},"schema":{"@context":"https:\/\/schema.org","@graph":[{"@type":"WebPage","@id":"https:\/\/homeproject.fr\/fr\/produit\/colle-mutina-putc01-adhesive-pour-claustras-renga\/","url":"https:\/\/homeproject.fr\/fr\/produit\/colle-mutina-putc01-adhesive-pour-claustras-renga\/","name":"Colle Mutina PUTC01 \u2013 Adhesive pour claustras Renga - Homeproject.fr","isPartOf":{"@id":"https:\/\/homeproject.fr\/fr\/#website"},"primaryImageOfPage":{"@id":"https:\/\/homeproject.fr\/fr\/produit\/colle-mutina-putc01-adhesive-pour-claustras-renga\/#primaryimage"},"image":{"@id":"https:\/\/homeproject.fr\/fr\/produit\/colle-mutina-putc01-adhesive-pour-claustras-renga\/#primaryimage"},"thumbnailUrl":"https:\/\/homeproject.fr\/fr\/wp-content\/uploads\/2025\/08\/colle-pour-renga.jpg","datePublished":"2025-08-27T10:56:11+00:00","dateModified":"2025-08-27T11:00:46+00:00","breadcrumb":{"@id":"https:\/\/homeproject.fr\/fr\/produit\/colle-mutina-putc01-adhesive-pour-claustras-renga\/#breadcrumb"},"inLanguage":"fr-FR","potentialAction":[{"@type":"ReadAction","target":["https:\/\/homeproject.fr\/fr\/produit\/colle-mutina-putc01-adhesive-pour-claustras-renga\/"]}]},{"@type":"ImageObject","inLanguage":"fr-FR","@id":"https:\/\/homeproject.fr\/fr\/produit\/colle-mutina-putc01-adhesive-pour-claustras-renga\/#primaryimage","url":"https:\/\/homeproject.fr\/fr\/wp-content\/uploads\/2025\/08\/colle-pour-renga.jpg","contentUrl":"https:\/\/homeproject.fr\/fr\/wp-content\/uploads\/2025\/08\/colle-pour-renga.jpg","width":309,"height":309},{"@type":"BreadcrumbList","@id":"https:\/\/homeproject.fr\/fr\/produit\/colle-mutina-putc01-adhesive-pour-claustras-renga\/#breadcrumb","itemListElement":[{"@type":"ListItem","position":1,"name":"Accueil","item":"https:\/\/homeproject.fr\/fr\/"},{"@type":"ListItem","position":2,"name":"Boutique","item":"https:\/\/homeproject.fr\/fr\/boutique\/"},{"@type":"ListItem","position":3,"name":"Colle Mutina PUTC01 \u2013 Adhesive pour claustras Renga"}]},{"@type":"WebSite","@id":"https:\/\/homeproject.fr\/fr\/#website","url":"https:\/\/homeproject.fr\/fr\/","name":"Homeproject.fr","description":"Offrez l&#039;exceptionnel \u00e0 vos espaces \u00e0 vivre","publisher":{"@id":"https:\/\/homeproject.fr\/fr\/#organization"},"potentialAction":[{"@type":"SearchAction","target":{"@type":"EntryPoint","urlTemplate":"https:\/\/homeproject.fr\/fr\/?s={search_term_string}"},"query-input":{"@type":"PropertyValueSpecification","valueRequired":true,"valueName":"search_term_string"}}],"inLanguage":"fr-FR"},{"@type":"Organization","@id":"https:\/\/homeproject.fr\/fr\/#organization","name":"Homeproject.fr","url":"https:\/\/homeproject.fr\/fr\/","logo":{"@type":"ImageObject","inLanguage":"fr-FR","@id":"https:\/\/homeproject.fr\/fr\/#\/schema\/logo\/image\/","url":"https:\/\/homeproject.fr\/fr\/wp-content\/uploads\/2024\/12\/Logo_HomeProject-noir-2.png","contentUrl":"https:\/\/homeproject.fr\/fr\/wp-content\/uploads\/2024\/12\/Logo_HomeProject-noir-2.png","width":300,"height":91,"caption":"Homeproject.fr"},"image":{"@id":"https:\/\/homeproject.fr\/fr\/#\/schema\/logo\/image\/"}}]}},"_links":{"self":[{"href":"https:\/\/homeproject.fr\/fr\/wp-json\/wp\/v2\/product\/15329","targetHints":{"allow":["GET"]}}],"collection":[{"href":"https:\/\/homeproject.fr\/fr\/wp-json\/wp\/v2\/product"}],"about":[{"href":"https:\/\/homeproject.fr\/fr\/wp-json\/wp\/v2\/types\/product"}],"version-history":[{"count":1,"href":"https:\/\/homeproject.fr\/fr\/wp-json\/wp\/v2\/product\/15329\/revisions"}],"predecessor-version":[{"id":15331,"href":"https:\/\/homeproject.fr\/fr\/wp-json\/wp\/v2\/product\/15329\/revisions\/15331"}],"wp:featuredmedia":[{"embeddable":true,"href":"https:\/\/homeproject.fr\/fr\/wp-json\/wp\/v2\/media\/15330"}],"wp:attachment":[{"href":"https:\/\/homeproject.fr\/fr\/wp-json\/wp\/v2\/media?parent=15329"}],"wp:term":[{"taxonomy":"product_brand","embeddable":true,"href":"https:\/\/homeproject.fr\/fr\/wp-json\/wp\/v2\/product_brand?post=15329"},{"taxonomy":"product_cat","embeddable":true,"href":"https:\/\/homeproject.fr\/fr\/wp-json\/wp\/v2\/product_cat?post=15329"},{"taxonomy":"product_tag","embeddable":true,"href":"https:\/\/homeproject.fr\/fr\/wp-json\/wp\/v2\/product_tag?post=15329"}],"curies":[{"name":"wp","href":"https:\/\/api.w.org\/{rel}","templated":true}]}}