{"id":15310,"date":"2025-08-27T09:25:48","date_gmt":"2025-08-27T09:25:48","guid":{"rendered":"https:\/\/homeproject.fr\/fr\/?post_type=product&#038;p=15310"},"modified":"2025-08-27T09:28:32","modified_gmt":"2025-08-27T09:28:32","slug":"claustra-mistral-owl-mutina-l-125-x-h-255-x-p-125-cm","status":"publish","type":"product","link":"https:\/\/homeproject.fr\/fr\/produit\/claustra-mistral-owl-mutina-l-125-x-h-255-x-p-125-cm\/","title":{"rendered":"Claustra Mistral Owl \u2013 Mutina L.12,5 x H.25,5 x P.12,5 cm"},"content":{"rendered":"<h2 data-start=\"1417\" data-end=\"1449\">Caract\u00e9ristiques techniques<\/h2>\n<ul data-start=\"1450\" data-end=\"2108\">\n<li data-start=\"1450\" data-end=\"1496\">\n<p data-start=\"1452\" data-end=\"1496\"><strong data-start=\"1452\" data-end=\"1464\">Designer<\/strong> : Edward Barber & Jay Osgerby<\/p>\n<\/li>\n<li data-start=\"1497\" data-end=\"1520\">\n<p data-start=\"1499\" data-end=\"1520\"><strong data-start=\"1499\" data-end=\"1509\">Marque<\/strong> : Mutina<\/p>\n<\/li>\n<li data-start=\"1521\" data-end=\"1549\">\n<p data-start=\"1523\" data-end=\"1549\"><strong data-start=\"1523\" data-end=\"1537\">Collection<\/strong> : Mistral<\/p>\n<\/li>\n<li data-start=\"1550\" data-end=\"1594\">\n<p data-start=\"1552\" data-end=\"1594\"><strong data-start=\"1552\" data-end=\"1563\">Coloris<\/strong> : Owl (vert de gris doux et naturel)<\/p>\n<\/li>\n<li data-start=\"1595\" data-end=\"1669\">\n<p data-start=\"1597\" data-end=\"1669\"><strong data-start=\"1597\" data-end=\"1609\">Mat\u00e9riau<\/strong> : Terre cuite produite par collage (production artisanale)<\/p>\n<\/li>\n<li data-start=\"1670\" data-end=\"1708\">\n<p data-start=\"1672\" data-end=\"1708\"><strong data-start=\"1672\" data-end=\"1682\">Format<\/strong> : 12,5 \u00d7 25,5 \u00d7 12,5 cm<\/p>\n<\/li>\n<li data-start=\"1709\" data-end=\"1736\">\n<p data-start=\"1711\" data-end=\"1736\"><strong data-start=\"1711\" data-end=\"1724\">\u00c9paisseur<\/strong> : 12,5 cm<\/p>\n<\/li>\n<li data-start=\"1737\" data-end=\"1829\">\n<p data-start=\"1739\" data-end=\"1829\"><strong data-start=\"1739\" data-end=\"1755\">Applications<\/strong> : Claustra d\u00e9coratif, s\u00e9paration d\u2019espaces, mur ajour\u00e9, fa\u00e7ade ventil\u00e9e<\/p>\n<\/li>\n<li data-start=\"1830\" data-end=\"1921\">\n<p data-start=\"1832\" data-end=\"1921\"><strong data-start=\"1832\" data-end=\"1847\">Utilisation<\/strong> : Int\u00e9rieur & ext\u00e9rieur (conforme UNI EN 772-22 F2 \u2013 exposition s\u00e9v\u00e8re)<\/p>\n<\/li>\n<li data-start=\"1922\" data-end=\"2032\">\n<p data-start=\"1924\" data-end=\"2032\"><strong data-start=\"1924\" data-end=\"1940\">Installation<\/strong> : Pose recommand\u00e9e avec profil\u00e9s en bois de saule peints (accessoires Mutina disponibles)<\/p>\n<\/li>\n<li data-start=\"2033\" data-end=\"2108\">\n<p data-start=\"2035\" data-end=\"2108\"><strong data-start=\"2035\" data-end=\"2053\">\u00c9co-conception<\/strong> : 5 % de mat\u00e9riaux recycl\u00e9s (certification LEED 4.1)<\/p>\n<\/li>\n<\/ul>\n<h2 data-start=\"2110\" data-end=\"2124\">Avantages<\/h2>\n<ul data-start=\"2125\" data-end=\"2504\">\n<li data-start=\"2125\" data-end=\"2193\">\n<p data-start=\"2127\" data-end=\"2193\"><strong data-start=\"2127\" data-end=\"2167\">Esth\u00e9tique naturelle et intemporelle<\/strong> gr\u00e2ce \u00e0 la finition Owl<\/p>\n<\/li>\n<li data-start=\"2194\" data-end=\"2264\">\n<p data-start=\"2196\" data-end=\"2264\">Cr\u00e9ation d\u2019ambiances raffin\u00e9es avec jeux de <strong data-start=\"2240\" data-end=\"2262\">lumi\u00e8re et d\u2019ombre<\/strong><\/p>\n<\/li>\n<li data-start=\"2265\" data-end=\"2339\">\n<p data-start=\"2267\" data-end=\"2339\">Modulable : pose verticale, horizontale, composition ouverte ou ferm\u00e9e<\/p>\n<\/li>\n<li data-start=\"2340\" data-end=\"2401\">\n<p data-start=\"2342\" data-end=\"2401\">R\u00e9sistant et durable, adapt\u00e9 aux environnements exigeants<\/p>\n<\/li>\n<li data-start=\"2402\" data-end=\"2504\">\n<p data-start=\"2404\" data-end=\"2504\">Parfait pour des projets <strong data-start=\"2429\" data-end=\"2471\">haut de gamme r\u00e9sidentiels ou Contract<\/strong> (h\u00f4tels, restaurants, bureaux)<\/p>\n<\/li>\n<\/ul>\n<h2 data-start=\"2506\" data-end=\"2530\">Id\u00e9es d\u2019utilisation<\/h2>\n<ul data-start=\"2531\" data-end=\"2851\">\n<li data-start=\"2531\" data-end=\"2603\">\n<p data-start=\"2533\" data-end=\"2603\">Structurer un grand espace ouvert tout en laissant passer la lumi\u00e8re<\/p>\n<\/li>\n<li data-start=\"2604\" data-end=\"2676\">\n<p data-start=\"2606\" data-end=\"2676\">R\u00e9aliser une <strong data-start=\"2619\" data-end=\"2642\">s\u00e9paration \u00e9l\u00e9gante<\/strong> entre salle \u00e0 manger et cuisine<\/p>\n<\/li>\n<li data-start=\"2677\" data-end=\"2759\">\n<p data-start=\"2679\" data-end=\"2759\">Cr\u00e9er une <strong data-start=\"2689\" data-end=\"2713\">fa\u00e7ade contemporaine<\/strong> ajour\u00e9e apportant ventilation et esth\u00e9tisme<\/p>\n<\/li>\n<li data-start=\"2760\" data-end=\"2851\">\n<p data-start=\"2762\" data-end=\"2851\">Valoriser des projets architecturaux ou d\u00e9coratifs avec une touche artisanale et design<\/p>\n<\/li>\n<\/ul>\n<h2 data-start=\"1252\" data-end=\"1284\"><strong style=\"font-size: 1.875rem;\">Vous avez des questions ?<\/strong><\/h2>\n<style id=\"wpforms-css-vars-3675\">\n\t\t\t\t#wpforms-3675 {\n\t\t\t\t\n\t\t\t}\n\t\t\t<\/style><div class=\"wpforms-container wpforms-container-full wpforms-render-modern\" id=\"wpforms-3675\"><form id=\"wpforms-form-3675\" class=\"wpforms-validate wpforms-form wpforms-ajax-form\" data-formid=\"3675\" method=\"post\" enctype=\"multipart\/form-data\" action=\"\/fr\/wp-json\/wp\/v2\/product\/15310\" data-token=\"40ada6e9151c970e4278e2da3e5409c5\" data-token-time=\"1777919636\"><noscript class=\"wpforms-error-noscript\">Veuillez activer JavaScript dans votre navigateur pour remplir ce formulaire.<\/noscript><div id=\"wpforms-error-noscript\" style=\"display: none;\">Veuillez activer JavaScript dans votre navigateur pour remplir ce formulaire.<\/div><div class=\"wpforms-field-container\">\t\t<div id=\"wpforms-3675-field_1-container\"\n\t\t\tclass=\"wpforms-field wpforms-field-text\"\n\t\t\tdata-field-type=\"text\"\n\t\t\tdata-field-id=\"1\"\n\t\t\t>\n\t\t\t<label class=\"wpforms-field-label\" for=\"wpforms-3675-field_1\" >Message Nom E-mail<\/label>\n\t\t\t<input type=\"text\" id=\"wpforms-3675-field_1\" class=\"wpforms-field-medium\" name=\"wpforms[fields][1]\" >\n\t\t<\/div>\n\t\t<div id=\"wpforms-3675-field_3-container\" class=\"wpforms-field wpforms-field-name\" data-field-id=\"3\"><fieldset><legend class=\"wpforms-field-label\">Nom <span class=\"wpforms-required-label\" aria-hidden=\"true\">*<\/span><\/legend><div class=\"wpforms-field-row wpforms-field-medium\"><div class=\"wpforms-field-row-block wpforms-first wpforms-one-half\"><input type=\"text\" id=\"wpforms-3675-field_3\" class=\"wpforms-field-name-first wpforms-field-required\" name=\"wpforms[fields][3][first]\" aria-errormessage=\"wpforms-3675-field_3-error\" required><label for=\"wpforms-3675-field_3\" class=\"wpforms-field-sublabel after\">Pr\u00e9nom<\/label><\/div><div class=\"wpforms-field-row-block wpforms-one-half\"><input type=\"text\" id=\"wpforms-3675-field_3-last\" class=\"wpforms-field-name-last wpforms-field-required\" name=\"wpforms[fields][3][last]\" aria-errormessage=\"wpforms-3675-field_3-last-error\" required><label for=\"wpforms-3675-field_3-last\" class=\"wpforms-field-sublabel after\">Nom<\/label><\/div><\/div><\/fieldset><\/div><div id=\"wpforms-3675-field_4-container\" class=\"wpforms-field wpforms-field-email\" data-field-id=\"4\"><label class=\"wpforms-field-label\" for=\"wpforms-3675-field_4\">E-mail <span class=\"wpforms-required-label\" aria-hidden=\"true\">*<\/span><\/label><input type=\"email\" id=\"wpforms-3675-field_4\" class=\"wpforms-field-medium wpforms-field-required\" name=\"wpforms[fields][4]\" spellcheck=\"false\" aria-errormessage=\"wpforms-3675-field_4-error\" required><\/div><div id=\"wpforms-3675-field_5-container\" class=\"wpforms-field wpforms-field-textarea\" data-field-id=\"5\"><label class=\"wpforms-field-label\" for=\"wpforms-3675-field_5\">Message <span class=\"wpforms-required-label\" aria-hidden=\"true\">*<\/span><\/label><textarea id=\"wpforms-3675-field_5\" class=\"wpforms-field-medium wpforms-field-required\" name=\"wpforms[fields][5]\" aria-errormessage=\"wpforms-3675-field_5-error\" required><\/textarea><\/div><script>\n\t\t\t\t( function() {\n\t\t\t\t\tconst style = document.createElement( 'style' );\n\t\t\t\t\tstyle.appendChild( document.createTextNode( '#wpforms-3675-field_1-container { position: absolute !important; overflow: hidden !important; display: inline !important; height: 1px !important; width: 1px !important; z-index: -1000 !important; padding: 0 !important; } #wpforms-3675-field_1-container input { visibility: hidden; } #wpforms-conversational-form-page #wpforms-3675-field_1-container label { counter-increment: none; }' ) );\n\t\t\t\t\tdocument.head.appendChild( style );\n\t\t\t\t\tdocument.currentScript?.remove();\n\t\t\t\t} )();\n\t\t\t<\/script><\/div><!-- .wpforms-field-container --><div class=\"wpforms-submit-container\" ><input type=\"hidden\" name=\"wpforms[id]\" value=\"3675\"><input type=\"hidden\" name=\"page_title\" value=\"\"><input type=\"hidden\" name=\"page_url\" value=\"https:\/\/homeproject.fr\/fr\/wp-json\/wp\/v2\/product\/15310\"><input type=\"hidden\" name=\"url_referer\" value=\"\"><button type=\"submit\" name=\"wpforms[submit]\" id=\"wpforms-submit-3675\" class=\"wpforms-submit\" data-alt-text=\"Envoi...\" data-submit-text=\"Envoyer\" aria-live=\"assertive\" value=\"wpforms-submit\">Envoyer<\/button><img decoding=\"async\" src=\"https:\/\/homeproject.fr\/fr\/wp-content\/plugins\/wpforms-lite\/assets\/images\/submit-spin.svg\" class=\"wpforms-submit-spinner\" style=\"display: none;\" width=\"26\" height=\"26\" alt=\"Chargement en cours\"><\/div><\/form><\/div>  <!-- .wpforms-container -->\n","protected":false},"excerpt":{"rendered":"<p data-start=\"324\" data-end=\"727\">Le <strong data-start=\"327\" data-end=\"351\">claustra Mistral Owl<\/strong> fait partie de la collection embl\u00e9matique <strong data-start=\"394\" data-end=\"405\">Mistral<\/strong> de <strong data-start=\"409\" data-end=\"419\">Mutina<\/strong>, imagin\u00e9e par le duo de designers britanniques <strong data-start=\"467\" data-end=\"498\">Edward Barber &amp; Jay Osgerby<\/strong>. Inspir\u00e9 des jalousies en terre cuite des campagnes italiennes, ce module tridimensionnel revisite l\u2019architecture traditionnelle pour proposer une solution contemporaine \u00e0 la fois <strong data-start=\"679\" data-end=\"724\">fonctionnelle, esth\u00e9tique et intemporelle<\/strong>.<\/p>\n<p data-start=\"729\" data-end=\"1138\">R\u00e9alis\u00e9 artisanalement en <strong data-start=\"755\" data-end=\"777\">terre cuite moul\u00e9e<\/strong>, le Mistral Owl se distingue par sa teinte <strong>vert de gris doux et naturel<\/strong>, qui apporte chaleur et sobri\u00e9t\u00e9 \u00e0 tout type d\u2019espace. Ce coloris interm\u00e9diaire, situ\u00e9 entre la puret\u00e9 du blanc et l\u2019intensit\u00e9 du noir, est id\u00e9al pour des <strong data-start=\"1001\" data-end=\"1039\">ambiances raffin\u00e9es et \u00e9quilibr\u00e9es<\/strong>, aussi bien dans des int\u00e9rieurs minimalistes que dans des projets architecturaux plus audacieux.<\/p>\n<p data-start=\"1140\" data-end=\"1415\">Gr\u00e2ce \u00e0 sa modularit\u00e9, il permet de r\u00e9aliser des <strong data-start=\"1189\" data-end=\"1248\">cloisons ajour\u00e9es, murs d\u00e9coratifs ou fa\u00e7ades ventil\u00e9es<\/strong> en composition ouverte ou ferm\u00e9e, en pose verticale ou horizontale. Il s\u2019adapte parfaitement \u00e0 un usage r\u00e9sidentiel comme contract, en int\u00e9rieur comme en ext\u00e9rieur.<\/p>\n","protected":false},"featured_media":15311,"template":"","meta":{"_uf_show_specific_survey":0,"_uf_disable_surveys":false,"iawp_total_views":11},"product_brand":[620],"product_cat":[20,194],"product_tag":[],"class_list":{"0":"post-15310","1":"product","2":"type-product","3":"status-publish","4":"has-post-thumbnail","6":"product_brand-mutina","7":"product_cat-carrelage","8":"product_cat-claustras","9":"product_shipping_class-carrelage","10":"pa_collection-mistral-par-mutina","11":"pa_designer-edward-barber-jay-osgerby","12":"pa_dimensions-nominales-125x255","13":"pa_effet-claustra","14":"pa_epaisseur-125mm","15":"pa_marque-mutina","17":"first","18":"instock","19":"sale","20":"taxable","21":"shipping-taxable","22":"purchasable","23":"product-type-simple"},"yoast_head":"<!-- This site is optimized with the Yoast SEO plugin v27.5 - https:\/\/yoast.com\/product\/yoast-seo-wordpress\/ -->\n<title>Claustra Mistral Owl \u2013 Mutina L.12,5 x H.25,5 x P.12,5 cm - Homeproject.fr<\/title>\n<meta name=\"robots\" content=\"index, follow, max-snippet:-1, max-image-preview:large, max-video-preview:-1\" \/>\n<link rel=\"canonical\" href=\"https:\/\/homeproject.fr\/fr\/produit\/claustra-mistral-owl-mutina-l-125-x-h-255-x-p-125-cm\/\" \/>\n<meta property=\"og:locale\" content=\"fr_FR\" \/>\n<meta property=\"og:type\" content=\"article\" \/>\n<meta property=\"og:title\" content=\"Claustra Mistral Owl \u2013 Mutina L.12,5 x H.25,5 x P.12,5 cm - Homeproject.fr\" \/>\n<meta property=\"og:description\" content=\"Le claustra Mistral Owl fait partie de la collection embl\u00e9matique Mistral de Mutina, imagin\u00e9e par le duo de designers britanniques Edward Barber &amp; Jay Osgerby. Inspir\u00e9 des jalousies en terre cuite des campagnes italiennes, ce module tridimensionnel revisite l\u2019architecture traditionnelle pour proposer une solution contemporaine \u00e0 la fois fonctionnelle, esth\u00e9tique et intemporelle. R\u00e9alis\u00e9 artisanalement en terre cuite moul\u00e9e, le Mistral Owl se distingue par sa teinte vert de gris doux et naturel, qui apporte chaleur et sobri\u00e9t\u00e9 \u00e0 tout type d\u2019espace. Ce coloris interm\u00e9diaire, situ\u00e9 entre la puret\u00e9 du blanc et l\u2019intensit\u00e9 du noir, est id\u00e9al pour des ambiances raffin\u00e9es et \u00e9quilibr\u00e9es, aussi bien dans des int\u00e9rieurs minimalistes que dans des projets architecturaux plus audacieux. Gr\u00e2ce \u00e0 sa modularit\u00e9, il permet de r\u00e9aliser des cloisons ajour\u00e9es, murs d\u00e9coratifs ou fa\u00e7ades ventil\u00e9es en composition ouverte ou ferm\u00e9e, en pose verticale ou horizontale. Il s\u2019adapte parfaitement \u00e0 un usage r\u00e9sidentiel comme contract, en int\u00e9rieur comme en ext\u00e9rieur.\" \/>\n<meta property=\"og:url\" content=\"https:\/\/homeproject.fr\/fr\/produit\/claustra-mistral-owl-mutina-l-125-x-h-255-x-p-125-cm\/\" \/>\n<meta property=\"og:site_name\" content=\"Homeproject.fr\" \/>\n<meta property=\"article:modified_time\" content=\"2025-08-27T09:28:32+00:00\" \/>\n<meta property=\"og:image\" content=\"https:\/\/homeproject.fr\/fr\/wp-content\/uploads\/2025\/08\/Claustra-en-terre-cuite-coloree-Mistral-Owl-dessine-par-Barber-et-Osgerby-pour-Mutina.jpg\" \/>\n\t<meta property=\"og:image:width\" content=\"1500\" \/>\n\t<meta property=\"og:image:height\" content=\"1500\" \/>\n\t<meta property=\"og:image:type\" content=\"image\/jpeg\" \/>\n<meta name=\"twitter:card\" content=\"summary_large_image\" \/>\n<meta name=\"twitter:label1\" content=\"Dur\u00e9e de lecture estim\u00e9e\" \/>\n\t<meta name=\"twitter:data1\" content=\"2 minutes\" \/>\n<script type=\"application\/ld+json\" class=\"yoast-schema-graph\">{\"@context\":\"https:\\\/\\\/schema.org\",\"@graph\":[{\"@type\":\"WebPage\",\"@id\":\"https:\\\/\\\/homeproject.fr\\\/fr\\\/produit\\\/claustra-mistral-owl-mutina-l-125-x-h-255-x-p-125-cm\\\/\",\"url\":\"https:\\\/\\\/homeproject.fr\\\/fr\\\/produit\\\/claustra-mistral-owl-mutina-l-125-x-h-255-x-p-125-cm\\\/\",\"name\":\"Claustra Mistral Owl \u2013 Mutina L.12,5 x H.25,5 x P.12,5 cm - Homeproject.fr\",\"isPartOf\":{\"@id\":\"https:\\\/\\\/homeproject.fr\\\/fr\\\/#website\"},\"primaryImageOfPage\":{\"@id\":\"https:\\\/\\\/homeproject.fr\\\/fr\\\/produit\\\/claustra-mistral-owl-mutina-l-125-x-h-255-x-p-125-cm\\\/#primaryimage\"},\"image\":{\"@id\":\"https:\\\/\\\/homeproject.fr\\\/fr\\\/produit\\\/claustra-mistral-owl-mutina-l-125-x-h-255-x-p-125-cm\\\/#primaryimage\"},\"thumbnailUrl\":\"https:\\\/\\\/homeproject.fr\\\/fr\\\/wp-content\\\/uploads\\\/2025\\\/08\\\/Claustra-en-terre-cuite-coloree-Mistral-Owl-dessine-par-Barber-et-Osgerby-pour-Mutina.jpg\",\"datePublished\":\"2025-08-27T09:25:48+00:00\",\"dateModified\":\"2025-08-27T09:28:32+00:00\",\"breadcrumb\":{\"@id\":\"https:\\\/\\\/homeproject.fr\\\/fr\\\/produit\\\/claustra-mistral-owl-mutina-l-125-x-h-255-x-p-125-cm\\\/#breadcrumb\"},\"inLanguage\":\"fr-FR\",\"potentialAction\":[{\"@type\":\"ReadAction\",\"target\":[\"https:\\\/\\\/homeproject.fr\\\/fr\\\/produit\\\/claustra-mistral-owl-mutina-l-125-x-h-255-x-p-125-cm\\\/\"]}]},{\"@type\":\"ImageObject\",\"inLanguage\":\"fr-FR\",\"@id\":\"https:\\\/\\\/homeproject.fr\\\/fr\\\/produit\\\/claustra-mistral-owl-mutina-l-125-x-h-255-x-p-125-cm\\\/#primaryimage\",\"url\":\"https:\\\/\\\/homeproject.fr\\\/fr\\\/wp-content\\\/uploads\\\/2025\\\/08\\\/Claustra-en-terre-cuite-coloree-Mistral-Owl-dessine-par-Barber-et-Osgerby-pour-Mutina.jpg\",\"contentUrl\":\"https:\\\/\\\/homeproject.fr\\\/fr\\\/wp-content\\\/uploads\\\/2025\\\/08\\\/Claustra-en-terre-cuite-coloree-Mistral-Owl-dessine-par-Barber-et-Osgerby-pour-Mutina.jpg\",\"width\":1500,\"height\":1500},{\"@type\":\"BreadcrumbList\",\"@id\":\"https:\\\/\\\/homeproject.fr\\\/fr\\\/produit\\\/claustra-mistral-owl-mutina-l-125-x-h-255-x-p-125-cm\\\/#breadcrumb\",\"itemListElement\":[{\"@type\":\"ListItem\",\"position\":1,\"name\":\"Accueil\",\"item\":\"https:\\\/\\\/homeproject.fr\\\/fr\\\/\"},{\"@type\":\"ListItem\",\"position\":2,\"name\":\"Boutique\",\"item\":\"https:\\\/\\\/homeproject.fr\\\/fr\\\/boutique\\\/\"},{\"@type\":\"ListItem\",\"position\":3,\"name\":\"Claustra Mistral Owl \u2013 Mutina L.12,5 x H.25,5 x P.12,5 cm\"}]},{\"@type\":\"WebSite\",\"@id\":\"https:\\\/\\\/homeproject.fr\\\/fr\\\/#website\",\"url\":\"https:\\\/\\\/homeproject.fr\\\/fr\\\/\",\"name\":\"Homeproject.fr\",\"description\":\"Offrez l&#039;exceptionnel \u00e0 vos espaces \u00e0 vivre\",\"publisher\":{\"@id\":\"https:\\\/\\\/homeproject.fr\\\/fr\\\/#organization\"},\"potentialAction\":[{\"@type\":\"SearchAction\",\"target\":{\"@type\":\"EntryPoint\",\"urlTemplate\":\"https:\\\/\\\/homeproject.fr\\\/fr\\\/?s={search_term_string}\"},\"query-input\":{\"@type\":\"PropertyValueSpecification\",\"valueRequired\":true,\"valueName\":\"search_term_string\"}}],\"inLanguage\":\"fr-FR\"},{\"@type\":\"Organization\",\"@id\":\"https:\\\/\\\/homeproject.fr\\\/fr\\\/#organization\",\"name\":\"Homeproject.fr\",\"url\":\"https:\\\/\\\/homeproject.fr\\\/fr\\\/\",\"logo\":{\"@type\":\"ImageObject\",\"inLanguage\":\"fr-FR\",\"@id\":\"https:\\\/\\\/homeproject.fr\\\/fr\\\/#\\\/schema\\\/logo\\\/image\\\/\",\"url\":\"https:\\\/\\\/homeproject.fr\\\/fr\\\/wp-content\\\/uploads\\\/2024\\\/12\\\/Logo_HomeProject-noir-2.png\",\"contentUrl\":\"https:\\\/\\\/homeproject.fr\\\/fr\\\/wp-content\\\/uploads\\\/2024\\\/12\\\/Logo_HomeProject-noir-2.png\",\"width\":300,\"height\":91,\"caption\":\"Homeproject.fr\"},\"image\":{\"@id\":\"https:\\\/\\\/homeproject.fr\\\/fr\\\/#\\\/schema\\\/logo\\\/image\\\/\"}}]}<\/script>\n<!-- \/ Yoast SEO plugin. -->","yoast_head_json":{"title":"Claustra Mistral Owl \u2013 Mutina L.12,5 x H.25,5 x P.12,5 cm - Homeproject.fr","robots":{"index":"index","follow":"follow","max-snippet":"max-snippet:-1","max-image-preview":"max-image-preview:large","max-video-preview":"max-video-preview:-1"},"canonical":"https:\/\/homeproject.fr\/fr\/produit\/claustra-mistral-owl-mutina-l-125-x-h-255-x-p-125-cm\/","og_locale":"fr_FR","og_type":"article","og_title":"Claustra Mistral Owl \u2013 Mutina L.12,5 x H.25,5 x P.12,5 cm - Homeproject.fr","og_description":"Le claustra Mistral Owl fait partie de la collection embl\u00e9matique Mistral de Mutina, imagin\u00e9e par le duo de designers britanniques Edward Barber &amp; Jay Osgerby. Inspir\u00e9 des jalousies en terre cuite des campagnes italiennes, ce module tridimensionnel revisite l\u2019architecture traditionnelle pour proposer une solution contemporaine \u00e0 la fois fonctionnelle, esth\u00e9tique et intemporelle. R\u00e9alis\u00e9 artisanalement en terre cuite moul\u00e9e, le Mistral Owl se distingue par sa teinte vert de gris doux et naturel, qui apporte chaleur et sobri\u00e9t\u00e9 \u00e0 tout type d\u2019espace. Ce coloris interm\u00e9diaire, situ\u00e9 entre la puret\u00e9 du blanc et l\u2019intensit\u00e9 du noir, est id\u00e9al pour des ambiances raffin\u00e9es et \u00e9quilibr\u00e9es, aussi bien dans des int\u00e9rieurs minimalistes que dans des projets architecturaux plus audacieux. Gr\u00e2ce \u00e0 sa modularit\u00e9, il permet de r\u00e9aliser des cloisons ajour\u00e9es, murs d\u00e9coratifs ou fa\u00e7ades ventil\u00e9es en composition ouverte ou ferm\u00e9e, en pose verticale ou horizontale. Il s\u2019adapte parfaitement \u00e0 un usage r\u00e9sidentiel comme contract, en int\u00e9rieur comme en ext\u00e9rieur.","og_url":"https:\/\/homeproject.fr\/fr\/produit\/claustra-mistral-owl-mutina-l-125-x-h-255-x-p-125-cm\/","og_site_name":"Homeproject.fr","article_modified_time":"2025-08-27T09:28:32+00:00","og_image":[{"width":1500,"height":1500,"url":"https:\/\/homeproject.fr\/fr\/wp-content\/uploads\/2025\/08\/Claustra-en-terre-cuite-coloree-Mistral-Owl-dessine-par-Barber-et-Osgerby-pour-Mutina.jpg","type":"image\/jpeg"}],"twitter_card":"summary_large_image","twitter_misc":{"Dur\u00e9e de lecture estim\u00e9e":"2 minutes"},"schema":{"@context":"https:\/\/schema.org","@graph":[{"@type":"WebPage","@id":"https:\/\/homeproject.fr\/fr\/produit\/claustra-mistral-owl-mutina-l-125-x-h-255-x-p-125-cm\/","url":"https:\/\/homeproject.fr\/fr\/produit\/claustra-mistral-owl-mutina-l-125-x-h-255-x-p-125-cm\/","name":"Claustra Mistral Owl \u2013 Mutina L.12,5 x H.25,5 x P.12,5 cm - Homeproject.fr","isPartOf":{"@id":"https:\/\/homeproject.fr\/fr\/#website"},"primaryImageOfPage":{"@id":"https:\/\/homeproject.fr\/fr\/produit\/claustra-mistral-owl-mutina-l-125-x-h-255-x-p-125-cm\/#primaryimage"},"image":{"@id":"https:\/\/homeproject.fr\/fr\/produit\/claustra-mistral-owl-mutina-l-125-x-h-255-x-p-125-cm\/#primaryimage"},"thumbnailUrl":"https:\/\/homeproject.fr\/fr\/wp-content\/uploads\/2025\/08\/Claustra-en-terre-cuite-coloree-Mistral-Owl-dessine-par-Barber-et-Osgerby-pour-Mutina.jpg","datePublished":"2025-08-27T09:25:48+00:00","dateModified":"2025-08-27T09:28:32+00:00","breadcrumb":{"@id":"https:\/\/homeproject.fr\/fr\/produit\/claustra-mistral-owl-mutina-l-125-x-h-255-x-p-125-cm\/#breadcrumb"},"inLanguage":"fr-FR","potentialAction":[{"@type":"ReadAction","target":["https:\/\/homeproject.fr\/fr\/produit\/claustra-mistral-owl-mutina-l-125-x-h-255-x-p-125-cm\/"]}]},{"@type":"ImageObject","inLanguage":"fr-FR","@id":"https:\/\/homeproject.fr\/fr\/produit\/claustra-mistral-owl-mutina-l-125-x-h-255-x-p-125-cm\/#primaryimage","url":"https:\/\/homeproject.fr\/fr\/wp-content\/uploads\/2025\/08\/Claustra-en-terre-cuite-coloree-Mistral-Owl-dessine-par-Barber-et-Osgerby-pour-Mutina.jpg","contentUrl":"https:\/\/homeproject.fr\/fr\/wp-content\/uploads\/2025\/08\/Claustra-en-terre-cuite-coloree-Mistral-Owl-dessine-par-Barber-et-Osgerby-pour-Mutina.jpg","width":1500,"height":1500},{"@type":"BreadcrumbList","@id":"https:\/\/homeproject.fr\/fr\/produit\/claustra-mistral-owl-mutina-l-125-x-h-255-x-p-125-cm\/#breadcrumb","itemListElement":[{"@type":"ListItem","position":1,"name":"Accueil","item":"https:\/\/homeproject.fr\/fr\/"},{"@type":"ListItem","position":2,"name":"Boutique","item":"https:\/\/homeproject.fr\/fr\/boutique\/"},{"@type":"ListItem","position":3,"name":"Claustra Mistral Owl \u2013 Mutina L.12,5 x H.25,5 x P.12,5 cm"}]},{"@type":"WebSite","@id":"https:\/\/homeproject.fr\/fr\/#website","url":"https:\/\/homeproject.fr\/fr\/","name":"Homeproject.fr","description":"Offrez l&#039;exceptionnel \u00e0 vos espaces \u00e0 vivre","publisher":{"@id":"https:\/\/homeproject.fr\/fr\/#organization"},"potentialAction":[{"@type":"SearchAction","target":{"@type":"EntryPoint","urlTemplate":"https:\/\/homeproject.fr\/fr\/?s={search_term_string}"},"query-input":{"@type":"PropertyValueSpecification","valueRequired":true,"valueName":"search_term_string"}}],"inLanguage":"fr-FR"},{"@type":"Organization","@id":"https:\/\/homeproject.fr\/fr\/#organization","name":"Homeproject.fr","url":"https:\/\/homeproject.fr\/fr\/","logo":{"@type":"ImageObject","inLanguage":"fr-FR","@id":"https:\/\/homeproject.fr\/fr\/#\/schema\/logo\/image\/","url":"https:\/\/homeproject.fr\/fr\/wp-content\/uploads\/2024\/12\/Logo_HomeProject-noir-2.png","contentUrl":"https:\/\/homeproject.fr\/fr\/wp-content\/uploads\/2024\/12\/Logo_HomeProject-noir-2.png","width":300,"height":91,"caption":"Homeproject.fr"},"image":{"@id":"https:\/\/homeproject.fr\/fr\/#\/schema\/logo\/image\/"}}]}},"_links":{"self":[{"href":"https:\/\/homeproject.fr\/fr\/wp-json\/wp\/v2\/product\/15310","targetHints":{"allow":["GET"]}}],"collection":[{"href":"https:\/\/homeproject.fr\/fr\/wp-json\/wp\/v2\/product"}],"about":[{"href":"https:\/\/homeproject.fr\/fr\/wp-json\/wp\/v2\/types\/product"}],"version-history":[{"count":1,"href":"https:\/\/homeproject.fr\/fr\/wp-json\/wp\/v2\/product\/15310\/revisions"}],"predecessor-version":[{"id":15312,"href":"https:\/\/homeproject.fr\/fr\/wp-json\/wp\/v2\/product\/15310\/revisions\/15312"}],"wp:featuredmedia":[{"embeddable":true,"href":"https:\/\/homeproject.fr\/fr\/wp-json\/wp\/v2\/media\/15311"}],"wp:attachment":[{"href":"https:\/\/homeproject.fr\/fr\/wp-json\/wp\/v2\/media?parent=15310"}],"wp:term":[{"taxonomy":"product_brand","embeddable":true,"href":"https:\/\/homeproject.fr\/fr\/wp-json\/wp\/v2\/product_brand?post=15310"},{"taxonomy":"product_cat","embeddable":true,"href":"https:\/\/homeproject.fr\/fr\/wp-json\/wp\/v2\/product_cat?post=15310"},{"taxonomy":"product_tag","embeddable":true,"href":"https:\/\/homeproject.fr\/fr\/wp-json\/wp\/v2\/product_tag?post=15310"}],"curies":[{"name":"wp","href":"https:\/\/api.w.org\/{rel}","templated":true}]}}