{"id":15307,"date":"2025-08-27T09:22:12","date_gmt":"2025-08-27T09:22:12","guid":{"rendered":"https:\/\/homeproject.fr\/fr\/?post_type=product&#038;p=15307"},"modified":"2025-08-27T09:26:14","modified_gmt":"2025-08-27T09:26:14","slug":"claustra-mistral-white-mutina-l-125-x-h-255-x-p-125-cm","status":"publish","type":"product","link":"https:\/\/homeproject.fr\/fr\/produit\/claustra-mistral-white-mutina-l-125-x-h-255-x-p-125-cm\/","title":{"rendered":"Claustra Mistral White \u2013 Mutina L.12,5 x H.25,5 x P.12,5 cm"},"content":{"rendered":"<h2 data-start=\"1252\" data-end=\"1284\">Caract\u00e9ristiques techniques<\/h2>\n<ul data-start=\"1285\" data-end=\"1967\">\n<li data-start=\"1285\" data-end=\"1331\">\n<p data-start=\"1287\" data-end=\"1331\"><strong data-start=\"1287\" data-end=\"1299\">Designer<\/strong> : Edward Barber & Jay Osgerby<\/p>\n<\/li>\n<li data-start=\"1332\" data-end=\"1355\">\n<p data-start=\"1334\" data-end=\"1355\"><strong data-start=\"1334\" data-end=\"1344\">Marque<\/strong> : Mutina<\/p>\n<\/li>\n<li data-start=\"1356\" data-end=\"1384\">\n<p data-start=\"1358\" data-end=\"1384\"><strong data-start=\"1358\" data-end=\"1372\">Collection<\/strong> : Mistral<\/p>\n<\/li>\n<li data-start=\"1385\" data-end=\"1429\">\n<p data-start=\"1387\" data-end=\"1429\"><strong data-start=\"1387\" data-end=\"1398\">Coloris<\/strong> : White (blanc lumineux mat)<\/p>\n<\/li>\n<li data-start=\"1430\" data-end=\"1504\">\n<p data-start=\"1432\" data-end=\"1504\"><strong data-start=\"1432\" data-end=\"1444\">Mat\u00e9riau<\/strong> : Terre cuite produite par collage (production artisanale)<\/p>\n<\/li>\n<li data-start=\"1505\" data-end=\"1543\">\n<p data-start=\"1507\" data-end=\"1543\"><strong data-start=\"1507\" data-end=\"1517\">Format<\/strong> : 12,5 \u00d7 25,5 \u00d7 12,5 cm<\/p>\n<\/li>\n<li data-start=\"1544\" data-end=\"1571\">\n<p data-start=\"1546\" data-end=\"1571\"><strong data-start=\"1546\" data-end=\"1559\">\u00c9paisseur<\/strong> : 12,5 cm<\/p>\n<\/li>\n<li data-start=\"1572\" data-end=\"1663\">\n<p data-start=\"1574\" data-end=\"1663\"><strong data-start=\"1574\" data-end=\"1589\">Utilisation<\/strong> : Int\u00e9rieur & ext\u00e9rieur (certifi\u00e9 UNI EN 772-22 F2 \u2013 exposition s\u00e9v\u00e8re)<\/p>\n<\/li>\n<li data-start=\"1664\" data-end=\"1761\">\n<p data-start=\"1666\" data-end=\"1761\"><strong data-start=\"1666\" data-end=\"1682\">Applications<\/strong> : Claustra d\u00e9coratif, cloison ajour\u00e9e, fa\u00e7ade ventil\u00e9e, s\u00e9paration d\u2019espaces<\/p>\n<\/li>\n<li data-start=\"1762\" data-end=\"1891\">\n<p data-start=\"1764\" data-end=\"1891\"><strong data-start=\"1764\" data-end=\"1780\">Installation<\/strong> : Avec profil\u00e9s en bois de saule peints (accessoires disponibles) \u2013 pose conseill\u00e9e sans d\u00e9coupe des modules<\/p>\n<\/li>\n<li data-start=\"1892\" data-end=\"1967\">\n<p data-start=\"1894\" data-end=\"1967\"><strong data-start=\"1894\" data-end=\"1912\">\u00c9co-conception<\/strong> : 5 % de mat\u00e9riaux recycl\u00e9s (certification LEED 4.1)<\/p>\n<\/li>\n<\/ul>\n<h2 data-start=\"1969\" data-end=\"1983\">Avantages<\/h2>\n<ul data-start=\"1984\" data-end=\"2286\">\n<li data-start=\"1984\" data-end=\"2038\">\n<p data-start=\"1986\" data-end=\"2038\">Design exclusif sign\u00e9 Barber & Osgerby pour Mutina<\/p>\n<\/li>\n<li data-start=\"2039\" data-end=\"2097\">\n<p data-start=\"2041\" data-end=\"2097\">\u00c9l\u00e9ment <strong data-start=\"2049\" data-end=\"2076\">architectural modulable<\/strong> et personnalisable<\/p>\n<\/li>\n<li data-start=\"2098\" data-end=\"2172\">\n<p data-start=\"2100\" data-end=\"2172\">Coloris blanc lumineux, parfait pour agrandir visuellement les espaces<\/p>\n<\/li>\n<li data-start=\"2173\" data-end=\"2216\">\n<p data-start=\"2175\" data-end=\"2216\">R\u00e9sistant et durable, m\u00eame en ext\u00e9rieur<\/p>\n<\/li>\n<li data-start=\"2217\" data-end=\"2286\">\n<p data-start=\"2219\" data-end=\"2286\">Convient \u00e0 des projets <strong data-start=\"2242\" data-end=\"2284\">r\u00e9sidentiels et Contract haut de gamme<\/strong><\/p>\n<\/li>\n<\/ul>\n<h2 data-start=\"2288\" data-end=\"2312\">Id\u00e9es d\u2019utilisation<\/h2>\n<ul data-start=\"2313\" data-end=\"2629\">\n<li data-start=\"2313\" data-end=\"2393\">\n<p data-start=\"2315\" data-end=\"2393\">Cloisonner un salon ou une cuisine avec une <strong data-start=\"2359\" data-end=\"2391\">s\u00e9paration ajour\u00e9e lumineuse<\/strong><\/p>\n<\/li>\n<li data-start=\"2394\" data-end=\"2466\">\n<p data-start=\"2396\" data-end=\"2466\">Cr\u00e9er une <strong data-start=\"2406\" data-end=\"2430\">fa\u00e7ade contemporaine<\/strong> alliant ventilation et esth\u00e9tique<\/p>\n<\/li>\n<li data-start=\"2467\" data-end=\"2541\">\n<p data-start=\"2469\" data-end=\"2541\">Structurer un espace ext\u00e9rieur (terrasse, patio, jardin) avec \u00e9l\u00e9gance<\/p>\n<\/li>\n<li data-start=\"2542\" data-end=\"2629\">\n<p data-start=\"2544\" data-end=\"2629\">Am\u00e9nager un h\u00f4tel, restaurant ou bureau avec une <strong data-start=\"2593\" data-end=\"2627\">signature architecturale forte<\/strong><\/p>\n<\/li>\n<\/ul>\n<h2 data-start=\"1052\" data-end=\"1084\"><strong style=\"font-size: 1.875rem;\">Vous avez des questions ?<\/strong><\/h2>\n<style id=\"wpforms-css-vars-3675\">\n\t\t\t\t#wpforms-3675 {\n\t\t\t\t\n\t\t\t}\n\t\t\t<\/style><div class=\"wpforms-container wpforms-container-full wpforms-render-modern\" id=\"wpforms-3675\"><form id=\"wpforms-form-3675\" class=\"wpforms-validate wpforms-form wpforms-ajax-form\" data-formid=\"3675\" method=\"post\" enctype=\"multipart\/form-data\" action=\"\/fr\/wp-json\/wp\/v2\/product\/15307\" data-token=\"40ada6e9151c970e4278e2da3e5409c5\" data-token-time=\"1777934961\"><noscript class=\"wpforms-error-noscript\">Veuillez activer JavaScript dans votre navigateur pour remplir ce formulaire.<\/noscript><div id=\"wpforms-error-noscript\" style=\"display: none;\">Veuillez activer JavaScript dans votre navigateur pour remplir ce formulaire.<\/div><div class=\"wpforms-field-container\">\t\t<div id=\"wpforms-3675-field_1-container\"\n\t\t\tclass=\"wpforms-field wpforms-field-text\"\n\t\t\tdata-field-type=\"text\"\n\t\t\tdata-field-id=\"1\"\n\t\t\t>\n\t\t\t<label class=\"wpforms-field-label\" for=\"wpforms-3675-field_1\" >Nom Message E-mail<\/label>\n\t\t\t<input type=\"text\" id=\"wpforms-3675-field_1\" class=\"wpforms-field-medium\" name=\"wpforms[fields][1]\" >\n\t\t<\/div>\n\t\t<div id=\"wpforms-3675-field_3-container\" class=\"wpforms-field wpforms-field-name\" data-field-id=\"3\"><fieldset><legend class=\"wpforms-field-label\">Nom <span class=\"wpforms-required-label\" aria-hidden=\"true\">*<\/span><\/legend><div class=\"wpforms-field-row wpforms-field-medium\"><div class=\"wpforms-field-row-block wpforms-first wpforms-one-half\"><input type=\"text\" id=\"wpforms-3675-field_3\" class=\"wpforms-field-name-first wpforms-field-required\" name=\"wpforms[fields][3][first]\" aria-errormessage=\"wpforms-3675-field_3-error\" required><label for=\"wpforms-3675-field_3\" class=\"wpforms-field-sublabel after\">Pr\u00e9nom<\/label><\/div><div class=\"wpforms-field-row-block wpforms-one-half\"><input type=\"text\" id=\"wpforms-3675-field_3-last\" class=\"wpforms-field-name-last wpforms-field-required\" name=\"wpforms[fields][3][last]\" aria-errormessage=\"wpforms-3675-field_3-last-error\" required><label for=\"wpforms-3675-field_3-last\" class=\"wpforms-field-sublabel after\">Nom<\/label><\/div><\/div><\/fieldset><\/div><div id=\"wpforms-3675-field_4-container\" class=\"wpforms-field wpforms-field-email\" data-field-id=\"4\"><label class=\"wpforms-field-label\" for=\"wpforms-3675-field_4\">E-mail <span class=\"wpforms-required-label\" aria-hidden=\"true\">*<\/span><\/label><input type=\"email\" id=\"wpforms-3675-field_4\" class=\"wpforms-field-medium wpforms-field-required\" name=\"wpforms[fields][4]\" spellcheck=\"false\" aria-errormessage=\"wpforms-3675-field_4-error\" required><\/div><div id=\"wpforms-3675-field_5-container\" class=\"wpforms-field wpforms-field-textarea\" data-field-id=\"5\"><label class=\"wpforms-field-label\" for=\"wpforms-3675-field_5\">Message <span class=\"wpforms-required-label\" aria-hidden=\"true\">*<\/span><\/label><textarea id=\"wpforms-3675-field_5\" class=\"wpforms-field-medium wpforms-field-required\" name=\"wpforms[fields][5]\" aria-errormessage=\"wpforms-3675-field_5-error\" required><\/textarea><\/div><script>\n\t\t\t\t( function() {\n\t\t\t\t\tconst style = document.createElement( 'style' );\n\t\t\t\t\tstyle.appendChild( document.createTextNode( '#wpforms-3675-field_1-container { position: absolute !important; overflow: hidden !important; display: inline !important; height: 1px !important; width: 1px !important; z-index: -1000 !important; padding: 0 !important; } #wpforms-3675-field_1-container input { visibility: hidden; } #wpforms-conversational-form-page #wpforms-3675-field_1-container label { counter-increment: none; }' ) );\n\t\t\t\t\tdocument.head.appendChild( style );\n\t\t\t\t\tdocument.currentScript?.remove();\n\t\t\t\t} )();\n\t\t\t<\/script><\/div><!-- .wpforms-field-container --><div class=\"wpforms-submit-container\" ><input type=\"hidden\" name=\"wpforms[id]\" value=\"3675\"><input type=\"hidden\" name=\"page_title\" value=\"\"><input type=\"hidden\" name=\"page_url\" value=\"https:\/\/homeproject.fr\/fr\/wp-json\/wp\/v2\/product\/15307\"><input type=\"hidden\" name=\"url_referer\" value=\"\"><button type=\"submit\" name=\"wpforms[submit]\" id=\"wpforms-submit-3675\" class=\"wpforms-submit\" data-alt-text=\"Envoi...\" data-submit-text=\"Envoyer\" aria-live=\"assertive\" value=\"wpforms-submit\">Envoyer<\/button><img decoding=\"async\" src=\"https:\/\/homeproject.fr\/fr\/wp-content\/plugins\/wpforms-lite\/assets\/images\/submit-spin.svg\" class=\"wpforms-submit-spinner\" style=\"display: none;\" width=\"26\" height=\"26\" alt=\"Chargement en cours\"><\/div><\/form><\/div>  <!-- .wpforms-container -->\n","protected":false},"excerpt":{"rendered":"<p data-start=\"337\" data-end=\"703\">Le <strong data-start=\"340\" data-end=\"366\">claustra Mistral White<\/strong> est une cr\u00e9ation de la maison italienne <strong data-start=\"407\" data-end=\"417\">Mutina<\/strong>, dessin\u00e9e par le duo de designers internationaux <strong data-start=\"467\" data-end=\"498\">Edward Barber &amp; Jay Osgerby<\/strong>. Inspir\u00e9 des jalousies en terre cuite utilis\u00e9es dans les campagnes italiennes pour ventiler granges et b\u00e2tisses, le Mistral r\u00e9interpr\u00e8te cet h\u00e9ritage architectural avec une approche moderne et \u00e9l\u00e9gante.<\/p>\n<p data-start=\"705\" data-end=\"1043\">Fabriqu\u00e9 artisanalement en <strong data-start=\"732\" data-end=\"754\">terre cuite moul\u00e9e<\/strong>, ce module tridimensionnel permet de composer des cloisons, murs ajour\u00e9s ou fa\u00e7ades d\u00e9coratives \u00e0 la fois <strong data-start=\"861\" data-end=\"892\">fonctionnels et esth\u00e9tiques<\/strong>. Sa teinte <strong data-start=\"904\" data-end=\"925\">blanche lumineuse<\/strong> apporte fra\u00eecheur et l\u00e9g\u00e8ret\u00e9 aux espaces, tout en jouant avec la lumi\u00e8re pour cr\u00e9er des effets graphiques uniques.<\/p>\n<p data-start=\"1045\" data-end=\"1250\">Gr\u00e2ce \u00e0 sa modularit\u00e9, le claustra Mistral White peut \u00eatre install\u00e9 en <strong data-start=\"1116\" data-end=\"1149\">pose verticale ou horizontale<\/strong>, en composition <strong data-start=\"1166\" data-end=\"1187\">ouverte ou ferm\u00e9e<\/strong>, s\u2019adaptant aussi bien aux projets int\u00e9rieurs qu\u2019ext\u00e9rieurs.<\/p>\n","protected":false},"featured_media":15308,"template":"","meta":{"_uf_show_specific_survey":0,"_uf_disable_surveys":false,"iawp_total_views":11},"product_brand":[620],"product_cat":[20,194],"product_tag":[],"class_list":{"0":"post-15307","1":"product","2":"type-product","3":"status-publish","4":"has-post-thumbnail","6":"product_brand-mutina","7":"product_cat-carrelage","8":"product_cat-claustras","9":"product_shipping_class-carrelage","10":"pa_collection-mistral-par-mutina","11":"pa_designer-edward-barber-jay-osgerby","12":"pa_dimensions-nominales-125x255","13":"pa_effet-claustra","14":"pa_epaisseur-125mm","15":"pa_marque-mutina","17":"first","18":"instock","19":"sale","20":"taxable","21":"shipping-taxable","22":"purchasable","23":"product-type-simple"},"yoast_head":"<!-- This site is optimized with the Yoast SEO plugin v27.5 - https:\/\/yoast.com\/product\/yoast-seo-wordpress\/ -->\n<title>Claustra Mistral White \u2013 Mutina L.12,5 x H.25,5 x P.12,5 cm - Homeproject.fr<\/title>\n<meta name=\"robots\" content=\"index, follow, max-snippet:-1, max-image-preview:large, max-video-preview:-1\" \/>\n<link rel=\"canonical\" href=\"https:\/\/homeproject.fr\/fr\/produit\/claustra-mistral-white-mutina-l-125-x-h-255-x-p-125-cm\/\" \/>\n<meta property=\"og:locale\" content=\"fr_FR\" \/>\n<meta property=\"og:type\" content=\"article\" \/>\n<meta property=\"og:title\" content=\"Claustra Mistral White \u2013 Mutina L.12,5 x H.25,5 x P.12,5 cm - Homeproject.fr\" \/>\n<meta property=\"og:description\" content=\"Le claustra Mistral White est une cr\u00e9ation de la maison italienne Mutina, dessin\u00e9e par le duo de designers internationaux Edward Barber &amp; Jay Osgerby. Inspir\u00e9 des jalousies en terre cuite utilis\u00e9es dans les campagnes italiennes pour ventiler granges et b\u00e2tisses, le Mistral r\u00e9interpr\u00e8te cet h\u00e9ritage architectural avec une approche moderne et \u00e9l\u00e9gante. Fabriqu\u00e9 artisanalement en terre cuite moul\u00e9e, ce module tridimensionnel permet de composer des cloisons, murs ajour\u00e9s ou fa\u00e7ades d\u00e9coratives \u00e0 la fois fonctionnels et esth\u00e9tiques. Sa teinte blanche lumineuse apporte fra\u00eecheur et l\u00e9g\u00e8ret\u00e9 aux espaces, tout en jouant avec la lumi\u00e8re pour cr\u00e9er des effets graphiques uniques. Gr\u00e2ce \u00e0 sa modularit\u00e9, le claustra Mistral White peut \u00eatre install\u00e9 en pose verticale ou horizontale, en composition ouverte ou ferm\u00e9e, s\u2019adaptant aussi bien aux projets int\u00e9rieurs qu\u2019ext\u00e9rieurs.\" \/>\n<meta property=\"og:url\" content=\"https:\/\/homeproject.fr\/fr\/produit\/claustra-mistral-white-mutina-l-125-x-h-255-x-p-125-cm\/\" \/>\n<meta property=\"og:site_name\" content=\"Homeproject.fr\" \/>\n<meta property=\"article:modified_time\" content=\"2025-08-27T09:26:14+00:00\" \/>\n<meta property=\"og:image\" content=\"https:\/\/homeproject.fr\/fr\/wp-content\/uploads\/2025\/08\/Claustra-en-terre-cuite-coloree-Mistral-White-dessine-par-Barber-et-Osgerby-pour-Mutina.jpg\" \/>\n\t<meta property=\"og:image:width\" content=\"1500\" \/>\n\t<meta property=\"og:image:height\" content=\"1500\" \/>\n\t<meta property=\"og:image:type\" content=\"image\/jpeg\" \/>\n<meta name=\"twitter:card\" content=\"summary_large_image\" \/>\n<meta name=\"twitter:label1\" content=\"Dur\u00e9e de lecture estim\u00e9e\" \/>\n\t<meta name=\"twitter:data1\" content=\"2 minutes\" \/>\n<script type=\"application\/ld+json\" class=\"yoast-schema-graph\">{\"@context\":\"https:\\\/\\\/schema.org\",\"@graph\":[{\"@type\":\"WebPage\",\"@id\":\"https:\\\/\\\/homeproject.fr\\\/fr\\\/produit\\\/claustra-mistral-white-mutina-l-125-x-h-255-x-p-125-cm\\\/\",\"url\":\"https:\\\/\\\/homeproject.fr\\\/fr\\\/produit\\\/claustra-mistral-white-mutina-l-125-x-h-255-x-p-125-cm\\\/\",\"name\":\"Claustra Mistral White \u2013 Mutina L.12,5 x H.25,5 x P.12,5 cm - Homeproject.fr\",\"isPartOf\":{\"@id\":\"https:\\\/\\\/homeproject.fr\\\/fr\\\/#website\"},\"primaryImageOfPage\":{\"@id\":\"https:\\\/\\\/homeproject.fr\\\/fr\\\/produit\\\/claustra-mistral-white-mutina-l-125-x-h-255-x-p-125-cm\\\/#primaryimage\"},\"image\":{\"@id\":\"https:\\\/\\\/homeproject.fr\\\/fr\\\/produit\\\/claustra-mistral-white-mutina-l-125-x-h-255-x-p-125-cm\\\/#primaryimage\"},\"thumbnailUrl\":\"https:\\\/\\\/homeproject.fr\\\/fr\\\/wp-content\\\/uploads\\\/2025\\\/08\\\/Claustra-en-terre-cuite-coloree-Mistral-White-dessine-par-Barber-et-Osgerby-pour-Mutina.jpg\",\"datePublished\":\"2025-08-27T09:22:12+00:00\",\"dateModified\":\"2025-08-27T09:26:14+00:00\",\"breadcrumb\":{\"@id\":\"https:\\\/\\\/homeproject.fr\\\/fr\\\/produit\\\/claustra-mistral-white-mutina-l-125-x-h-255-x-p-125-cm\\\/#breadcrumb\"},\"inLanguage\":\"fr-FR\",\"potentialAction\":[{\"@type\":\"ReadAction\",\"target\":[\"https:\\\/\\\/homeproject.fr\\\/fr\\\/produit\\\/claustra-mistral-white-mutina-l-125-x-h-255-x-p-125-cm\\\/\"]}]},{\"@type\":\"ImageObject\",\"inLanguage\":\"fr-FR\",\"@id\":\"https:\\\/\\\/homeproject.fr\\\/fr\\\/produit\\\/claustra-mistral-white-mutina-l-125-x-h-255-x-p-125-cm\\\/#primaryimage\",\"url\":\"https:\\\/\\\/homeproject.fr\\\/fr\\\/wp-content\\\/uploads\\\/2025\\\/08\\\/Claustra-en-terre-cuite-coloree-Mistral-White-dessine-par-Barber-et-Osgerby-pour-Mutina.jpg\",\"contentUrl\":\"https:\\\/\\\/homeproject.fr\\\/fr\\\/wp-content\\\/uploads\\\/2025\\\/08\\\/Claustra-en-terre-cuite-coloree-Mistral-White-dessine-par-Barber-et-Osgerby-pour-Mutina.jpg\",\"width\":1500,\"height\":1500},{\"@type\":\"BreadcrumbList\",\"@id\":\"https:\\\/\\\/homeproject.fr\\\/fr\\\/produit\\\/claustra-mistral-white-mutina-l-125-x-h-255-x-p-125-cm\\\/#breadcrumb\",\"itemListElement\":[{\"@type\":\"ListItem\",\"position\":1,\"name\":\"Accueil\",\"item\":\"https:\\\/\\\/homeproject.fr\\\/fr\\\/\"},{\"@type\":\"ListItem\",\"position\":2,\"name\":\"Boutique\",\"item\":\"https:\\\/\\\/homeproject.fr\\\/fr\\\/boutique\\\/\"},{\"@type\":\"ListItem\",\"position\":3,\"name\":\"Claustra Mistral White \u2013 Mutina L.12,5 x H.25,5 x P.12,5 cm\"}]},{\"@type\":\"WebSite\",\"@id\":\"https:\\\/\\\/homeproject.fr\\\/fr\\\/#website\",\"url\":\"https:\\\/\\\/homeproject.fr\\\/fr\\\/\",\"name\":\"Homeproject.fr\",\"description\":\"Offrez l&#039;exceptionnel \u00e0 vos espaces \u00e0 vivre\",\"publisher\":{\"@id\":\"https:\\\/\\\/homeproject.fr\\\/fr\\\/#organization\"},\"potentialAction\":[{\"@type\":\"SearchAction\",\"target\":{\"@type\":\"EntryPoint\",\"urlTemplate\":\"https:\\\/\\\/homeproject.fr\\\/fr\\\/?s={search_term_string}\"},\"query-input\":{\"@type\":\"PropertyValueSpecification\",\"valueRequired\":true,\"valueName\":\"search_term_string\"}}],\"inLanguage\":\"fr-FR\"},{\"@type\":\"Organization\",\"@id\":\"https:\\\/\\\/homeproject.fr\\\/fr\\\/#organization\",\"name\":\"Homeproject.fr\",\"url\":\"https:\\\/\\\/homeproject.fr\\\/fr\\\/\",\"logo\":{\"@type\":\"ImageObject\",\"inLanguage\":\"fr-FR\",\"@id\":\"https:\\\/\\\/homeproject.fr\\\/fr\\\/#\\\/schema\\\/logo\\\/image\\\/\",\"url\":\"https:\\\/\\\/homeproject.fr\\\/fr\\\/wp-content\\\/uploads\\\/2024\\\/12\\\/Logo_HomeProject-noir-2.png\",\"contentUrl\":\"https:\\\/\\\/homeproject.fr\\\/fr\\\/wp-content\\\/uploads\\\/2024\\\/12\\\/Logo_HomeProject-noir-2.png\",\"width\":300,\"height\":91,\"caption\":\"Homeproject.fr\"},\"image\":{\"@id\":\"https:\\\/\\\/homeproject.fr\\\/fr\\\/#\\\/schema\\\/logo\\\/image\\\/\"}}]}<\/script>\n<!-- \/ Yoast SEO plugin. -->","yoast_head_json":{"title":"Claustra Mistral White \u2013 Mutina L.12,5 x H.25,5 x P.12,5 cm - Homeproject.fr","robots":{"index":"index","follow":"follow","max-snippet":"max-snippet:-1","max-image-preview":"max-image-preview:large","max-video-preview":"max-video-preview:-1"},"canonical":"https:\/\/homeproject.fr\/fr\/produit\/claustra-mistral-white-mutina-l-125-x-h-255-x-p-125-cm\/","og_locale":"fr_FR","og_type":"article","og_title":"Claustra Mistral White \u2013 Mutina L.12,5 x H.25,5 x P.12,5 cm - Homeproject.fr","og_description":"Le claustra Mistral White est une cr\u00e9ation de la maison italienne Mutina, dessin\u00e9e par le duo de designers internationaux Edward Barber &amp; Jay Osgerby. Inspir\u00e9 des jalousies en terre cuite utilis\u00e9es dans les campagnes italiennes pour ventiler granges et b\u00e2tisses, le Mistral r\u00e9interpr\u00e8te cet h\u00e9ritage architectural avec une approche moderne et \u00e9l\u00e9gante. Fabriqu\u00e9 artisanalement en terre cuite moul\u00e9e, ce module tridimensionnel permet de composer des cloisons, murs ajour\u00e9s ou fa\u00e7ades d\u00e9coratives \u00e0 la fois fonctionnels et esth\u00e9tiques. Sa teinte blanche lumineuse apporte fra\u00eecheur et l\u00e9g\u00e8ret\u00e9 aux espaces, tout en jouant avec la lumi\u00e8re pour cr\u00e9er des effets graphiques uniques. Gr\u00e2ce \u00e0 sa modularit\u00e9, le claustra Mistral White peut \u00eatre install\u00e9 en pose verticale ou horizontale, en composition ouverte ou ferm\u00e9e, s\u2019adaptant aussi bien aux projets int\u00e9rieurs qu\u2019ext\u00e9rieurs.","og_url":"https:\/\/homeproject.fr\/fr\/produit\/claustra-mistral-white-mutina-l-125-x-h-255-x-p-125-cm\/","og_site_name":"Homeproject.fr","article_modified_time":"2025-08-27T09:26:14+00:00","og_image":[{"width":1500,"height":1500,"url":"https:\/\/homeproject.fr\/fr\/wp-content\/uploads\/2025\/08\/Claustra-en-terre-cuite-coloree-Mistral-White-dessine-par-Barber-et-Osgerby-pour-Mutina.jpg","type":"image\/jpeg"}],"twitter_card":"summary_large_image","twitter_misc":{"Dur\u00e9e de lecture estim\u00e9e":"2 minutes"},"schema":{"@context":"https:\/\/schema.org","@graph":[{"@type":"WebPage","@id":"https:\/\/homeproject.fr\/fr\/produit\/claustra-mistral-white-mutina-l-125-x-h-255-x-p-125-cm\/","url":"https:\/\/homeproject.fr\/fr\/produit\/claustra-mistral-white-mutina-l-125-x-h-255-x-p-125-cm\/","name":"Claustra Mistral White \u2013 Mutina L.12,5 x H.25,5 x P.12,5 cm - Homeproject.fr","isPartOf":{"@id":"https:\/\/homeproject.fr\/fr\/#website"},"primaryImageOfPage":{"@id":"https:\/\/homeproject.fr\/fr\/produit\/claustra-mistral-white-mutina-l-125-x-h-255-x-p-125-cm\/#primaryimage"},"image":{"@id":"https:\/\/homeproject.fr\/fr\/produit\/claustra-mistral-white-mutina-l-125-x-h-255-x-p-125-cm\/#primaryimage"},"thumbnailUrl":"https:\/\/homeproject.fr\/fr\/wp-content\/uploads\/2025\/08\/Claustra-en-terre-cuite-coloree-Mistral-White-dessine-par-Barber-et-Osgerby-pour-Mutina.jpg","datePublished":"2025-08-27T09:22:12+00:00","dateModified":"2025-08-27T09:26:14+00:00","breadcrumb":{"@id":"https:\/\/homeproject.fr\/fr\/produit\/claustra-mistral-white-mutina-l-125-x-h-255-x-p-125-cm\/#breadcrumb"},"inLanguage":"fr-FR","potentialAction":[{"@type":"ReadAction","target":["https:\/\/homeproject.fr\/fr\/produit\/claustra-mistral-white-mutina-l-125-x-h-255-x-p-125-cm\/"]}]},{"@type":"ImageObject","inLanguage":"fr-FR","@id":"https:\/\/homeproject.fr\/fr\/produit\/claustra-mistral-white-mutina-l-125-x-h-255-x-p-125-cm\/#primaryimage","url":"https:\/\/homeproject.fr\/fr\/wp-content\/uploads\/2025\/08\/Claustra-en-terre-cuite-coloree-Mistral-White-dessine-par-Barber-et-Osgerby-pour-Mutina.jpg","contentUrl":"https:\/\/homeproject.fr\/fr\/wp-content\/uploads\/2025\/08\/Claustra-en-terre-cuite-coloree-Mistral-White-dessine-par-Barber-et-Osgerby-pour-Mutina.jpg","width":1500,"height":1500},{"@type":"BreadcrumbList","@id":"https:\/\/homeproject.fr\/fr\/produit\/claustra-mistral-white-mutina-l-125-x-h-255-x-p-125-cm\/#breadcrumb","itemListElement":[{"@type":"ListItem","position":1,"name":"Accueil","item":"https:\/\/homeproject.fr\/fr\/"},{"@type":"ListItem","position":2,"name":"Boutique","item":"https:\/\/homeproject.fr\/fr\/boutique\/"},{"@type":"ListItem","position":3,"name":"Claustra Mistral White \u2013 Mutina L.12,5 x H.25,5 x P.12,5 cm"}]},{"@type":"WebSite","@id":"https:\/\/homeproject.fr\/fr\/#website","url":"https:\/\/homeproject.fr\/fr\/","name":"Homeproject.fr","description":"Offrez l&#039;exceptionnel \u00e0 vos espaces \u00e0 vivre","publisher":{"@id":"https:\/\/homeproject.fr\/fr\/#organization"},"potentialAction":[{"@type":"SearchAction","target":{"@type":"EntryPoint","urlTemplate":"https:\/\/homeproject.fr\/fr\/?s={search_term_string}"},"query-input":{"@type":"PropertyValueSpecification","valueRequired":true,"valueName":"search_term_string"}}],"inLanguage":"fr-FR"},{"@type":"Organization","@id":"https:\/\/homeproject.fr\/fr\/#organization","name":"Homeproject.fr","url":"https:\/\/homeproject.fr\/fr\/","logo":{"@type":"ImageObject","inLanguage":"fr-FR","@id":"https:\/\/homeproject.fr\/fr\/#\/schema\/logo\/image\/","url":"https:\/\/homeproject.fr\/fr\/wp-content\/uploads\/2024\/12\/Logo_HomeProject-noir-2.png","contentUrl":"https:\/\/homeproject.fr\/fr\/wp-content\/uploads\/2024\/12\/Logo_HomeProject-noir-2.png","width":300,"height":91,"caption":"Homeproject.fr"},"image":{"@id":"https:\/\/homeproject.fr\/fr\/#\/schema\/logo\/image\/"}}]}},"_links":{"self":[{"href":"https:\/\/homeproject.fr\/fr\/wp-json\/wp\/v2\/product\/15307","targetHints":{"allow":["GET"]}}],"collection":[{"href":"https:\/\/homeproject.fr\/fr\/wp-json\/wp\/v2\/product"}],"about":[{"href":"https:\/\/homeproject.fr\/fr\/wp-json\/wp\/v2\/types\/product"}],"version-history":[{"count":1,"href":"https:\/\/homeproject.fr\/fr\/wp-json\/wp\/v2\/product\/15307\/revisions"}],"predecessor-version":[{"id":15309,"href":"https:\/\/homeproject.fr\/fr\/wp-json\/wp\/v2\/product\/15307\/revisions\/15309"}],"wp:featuredmedia":[{"embeddable":true,"href":"https:\/\/homeproject.fr\/fr\/wp-json\/wp\/v2\/media\/15308"}],"wp:attachment":[{"href":"https:\/\/homeproject.fr\/fr\/wp-json\/wp\/v2\/media?parent=15307"}],"wp:term":[{"taxonomy":"product_brand","embeddable":true,"href":"https:\/\/homeproject.fr\/fr\/wp-json\/wp\/v2\/product_brand?post=15307"},{"taxonomy":"product_cat","embeddable":true,"href":"https:\/\/homeproject.fr\/fr\/wp-json\/wp\/v2\/product_cat?post=15307"},{"taxonomy":"product_tag","embeddable":true,"href":"https:\/\/homeproject.fr\/fr\/wp-json\/wp\/v2\/product_tag?post=15307"}],"curies":[{"name":"wp","href":"https:\/\/api.w.org\/{rel}","templated":true}]}}