{"id":15290,"date":"2025-08-27T08:46:26","date_gmt":"2025-08-27T08:46:26","guid":{"rendered":"https:\/\/homeproject.fr\/fr\/?post_type=product&#038;p=15290"},"modified":"2025-08-27T14:14:14","modified_gmt":"2025-08-27T14:14:14","slug":"profiles-de-finition-mistral-mutina-l-157-x-300-x-4-cm","status":"publish","type":"product","link":"https:\/\/homeproject.fr\/fr\/produit\/profiles-de-finition-mistral-mutina-l-157-x-300-x-4-cm\/","title":{"rendered":"Profil\u00e9 de finition Bloc Natural \u2013 Mutina L.12,5 x 300 x 4 cm"},"content":{"rendered":"<h2 data-start=\"1131\" data-end=\"1156\">Versions disponibles<\/h2>\n<ul data-start=\"1157\" data-end=\"1342\">\n<li data-start=\"1157\" data-end=\"1246\">\n<p data-start=\"1159\" data-end=\"1246\"><strong data-start=\"1159\" data-end=\"1179\">Profil\u00e9 lin\u00e9aire<\/strong> : pour installations droites, alignement et continuit\u00e9 visuelle.<\/p>\n<\/li>\n<li data-start=\"1247\" data-end=\"1342\">\n<p data-start=\"1249\" data-end=\"1342\"><strong data-start=\"1249\" data-end=\"1269\">Profil\u00e9 terminal<\/strong> : pour finitions en bordure ou fermeture au plafond avec rendu soign\u00e9.<\/p>\n<\/li>\n<\/ul>\n<h2 data-start=\"1344\" data-end=\"1376\">Caract\u00e9ristiques techniques<\/h2>\n<ul data-start=\"1377\" data-end=\"1814\">\n<li data-start=\"1377\" data-end=\"1400\">\n<p data-start=\"1379\" data-end=\"1400\"><strong data-start=\"1379\" data-end=\"1389\">Marque<\/strong> : Mutina<\/p>\n<\/li>\n<li data-start=\"1401\" data-end=\"1426\">\n<p data-start=\"1403\" data-end=\"1426\"><strong data-start=\"1403\" data-end=\"1417\">Collection<\/strong> : Bloc<\/p>\n<\/li>\n<li data-start=\"1427\" data-end=\"1481\">\n<p data-start=\"1429\" data-end=\"1481\"><strong data-start=\"1429\" data-end=\"1441\">Produits<\/strong> : Profil\u00e9 lin\u00e9aire & profil\u00e9 terminal<\/p>\n<\/li>\n<li data-start=\"1482\" data-end=\"1553\">\n<p data-start=\"1484\" data-end=\"1553\"><strong data-start=\"1484\" data-end=\"1496\">Mat\u00e9riau<\/strong> : Bois peint, adapt\u00e9 \u00e0 un usage int\u00e9rieur et ext\u00e9rieur<\/p>\n<\/li>\n<li data-start=\"1554\" data-end=\"1641\">\n<p data-start=\"1556\" data-end=\"1641\"><strong data-start=\"1556\" data-end=\"1573\">Compatibilit\u00e9<\/strong> : Claustras Bloc (toutes finitions \u2013 Matt, Glossy, Natural, Tube)<\/p>\n<\/li>\n<li data-start=\"1642\" data-end=\"1726\">\n<p data-start=\"1644\" data-end=\"1726\"><strong data-start=\"1644\" data-end=\"1659\">Utilisation<\/strong> : Accessoires de finition et de stabilit\u00e9 des installations Bloc<\/p>\n<\/li>\n<li data-start=\"1727\" data-end=\"1814\">\n<p data-start=\"1729\" data-end=\"1814\"><strong data-start=\"1729\" data-end=\"1745\">Installation<\/strong> : Montage facile \u2013 fixation des claustras sans d\u00e9coupe des modules<\/p>\n<\/li>\n<\/ul>\n<h2 data-start=\"1816\" data-end=\"1830\">Avantages<\/h2>\n<ul data-start=\"1831\" data-end=\"2207\">\n<li data-start=\"1831\" data-end=\"1913\">\n<p data-start=\"1833\" data-end=\"1913\">Accessoires <strong data-start=\"1845\" data-end=\"1865\">officiels Mutina<\/strong> con\u00e7us sp\u00e9cifiquement pour les claustras Bloc<\/p>\n<\/li>\n<li data-start=\"1914\" data-end=\"1976\">\n<p data-start=\"1916\" data-end=\"1976\">Assurent la <strong data-start=\"1928\" data-end=\"1958\">stabilit\u00e9 et la durabilit\u00e9<\/strong> de la structure<\/p>\n<\/li>\n<li data-start=\"1977\" data-end=\"2050\">\n<p data-start=\"1979\" data-end=\"2050\">Finitions nettes et \u00e9l\u00e9gantes, parfaitement coordonn\u00e9es aux claustras<\/p>\n<\/li>\n<li data-start=\"2051\" data-end=\"2145\">\n<p data-start=\"2053\" data-end=\"2145\">Adapt\u00e9s aux <strong data-start=\"2065\" data-end=\"2101\">projets r\u00e9sidentiels et contract<\/strong> (h\u00f4tels, restaurants, bureaux, showrooms)<\/p>\n<\/li>\n<li data-start=\"2146\" data-end=\"2207\">\n<p data-start=\"2148\" data-end=\"2207\">Installation simple et rapide pour un rendu haut de gamme<\/p>\n<\/li>\n<\/ul>\n<h2 data-start=\"2209\" data-end=\"2233\">Id\u00e9es d\u2019utilisation<\/h2>\n<ul data-start=\"2234\" data-end=\"2593\">\n<li data-start=\"2234\" data-end=\"2324\">\n<p data-start=\"2236\" data-end=\"2324\">R\u00e9aliser une <strong data-start=\"2249\" data-end=\"2268\">cloison ajour\u00e9e<\/strong> Bloc avec finition homog\u00e8ne gr\u00e2ce au profil\u00e9 lin\u00e9aire<\/p>\n<\/li>\n<li data-start=\"2325\" data-end=\"2425\">\n<p data-start=\"2327\" data-end=\"2425\">Utiliser le <strong data-start=\"2339\" data-end=\"2359\">profil\u00e9 terminal<\/strong> pour fermer \u00e9l\u00e9gamment une installation en plafond ou en fa\u00e7ade<\/p>\n<\/li>\n<li data-start=\"2426\" data-end=\"2513\">\n<p data-start=\"2428\" data-end=\"2513\">Assurer une <strong data-start=\"2440\" data-end=\"2466\">pose stable et durable<\/strong> des claustras Bloc en int\u00e9rieur et ext\u00e9rieur<\/p>\n<\/li>\n<li data-start=\"2514\" data-end=\"2593\">\n<p data-start=\"2516\" data-end=\"2593\">Obtenir un rendu <strong data-start=\"2533\" data-end=\"2560\">professionnel et design<\/strong> pour tout projet architectural<\/p>\n<\/li>\n<\/ul>\n<hr data-start=\"2595\" data-end=\"2598\" \/>\n<hr data-start=\"3142\" data-end=\"3145\" \/>\n<h3><strong style=\"font-size: 1.875rem;\">Vous avez des questions ?<\/strong><\/h3>\n<style id=\"wpforms-css-vars-3675\">\n\t\t\t\t#wpforms-3675 {\n\t\t\t\t\n\t\t\t}\n\t\t\t<\/style><div class=\"wpforms-container wpforms-container-full wpforms-render-modern\" id=\"wpforms-3675\"><form id=\"wpforms-form-3675\" class=\"wpforms-validate wpforms-form wpforms-ajax-form\" data-formid=\"3675\" method=\"post\" enctype=\"multipart\/form-data\" action=\"\/fr\/wp-json\/wp\/v2\/product\/15290\" data-token=\"40ada6e9151c970e4278e2da3e5409c5\" data-token-time=\"1777930140\"><noscript class=\"wpforms-error-noscript\">Veuillez activer JavaScript dans votre navigateur pour remplir ce formulaire.<\/noscript><div id=\"wpforms-error-noscript\" style=\"display: none;\">Veuillez activer JavaScript dans votre navigateur pour remplir ce formulaire.<\/div><div class=\"wpforms-field-container\"><div id=\"wpforms-3675-field_3-container\" class=\"wpforms-field wpforms-field-name\" data-field-id=\"3\"><fieldset><legend class=\"wpforms-field-label\">Nom <span class=\"wpforms-required-label\" aria-hidden=\"true\">*<\/span><\/legend><div class=\"wpforms-field-row wpforms-field-medium\"><div class=\"wpforms-field-row-block wpforms-first wpforms-one-half\"><input type=\"text\" id=\"wpforms-3675-field_3\" class=\"wpforms-field-name-first wpforms-field-required\" name=\"wpforms[fields][3][first]\" aria-errormessage=\"wpforms-3675-field_3-error\" required><label for=\"wpforms-3675-field_3\" class=\"wpforms-field-sublabel after\">Pr\u00e9nom<\/label><\/div><div class=\"wpforms-field-row-block wpforms-one-half\"><input type=\"text\" id=\"wpforms-3675-field_3-last\" class=\"wpforms-field-name-last wpforms-field-required\" name=\"wpforms[fields][3][last]\" aria-errormessage=\"wpforms-3675-field_3-last-error\" required><label for=\"wpforms-3675-field_3-last\" class=\"wpforms-field-sublabel after\">Nom<\/label><\/div><\/div><\/fieldset><\/div><div id=\"wpforms-3675-field_4-container\" class=\"wpforms-field wpforms-field-email\" data-field-id=\"4\"><label class=\"wpforms-field-label\" for=\"wpforms-3675-field_4\">E-mail <span class=\"wpforms-required-label\" aria-hidden=\"true\">*<\/span><\/label><input type=\"email\" id=\"wpforms-3675-field_4\" class=\"wpforms-field-medium wpforms-field-required\" name=\"wpforms[fields][4]\" spellcheck=\"false\" aria-errormessage=\"wpforms-3675-field_4-error\" required><\/div>\t\t<div id=\"wpforms-3675-field_1-container\"\n\t\t\tclass=\"wpforms-field wpforms-field-text\"\n\t\t\tdata-field-type=\"text\"\n\t\t\tdata-field-id=\"1\"\n\t\t\t>\n\t\t\t<label class=\"wpforms-field-label\" for=\"wpforms-3675-field_1\" >Message E-mail Nom<\/label>\n\t\t\t<input type=\"text\" id=\"wpforms-3675-field_1\" class=\"wpforms-field-medium\" name=\"wpforms[fields][1]\" >\n\t\t<\/div>\n\t\t<div id=\"wpforms-3675-field_5-container\" class=\"wpforms-field wpforms-field-textarea\" data-field-id=\"5\"><label class=\"wpforms-field-label\" for=\"wpforms-3675-field_5\">Message <span class=\"wpforms-required-label\" aria-hidden=\"true\">*<\/span><\/label><textarea id=\"wpforms-3675-field_5\" class=\"wpforms-field-medium wpforms-field-required\" name=\"wpforms[fields][5]\" aria-errormessage=\"wpforms-3675-field_5-error\" required><\/textarea><\/div><script>\n\t\t\t\t( function() {\n\t\t\t\t\tconst style = document.createElement( 'style' );\n\t\t\t\t\tstyle.appendChild( document.createTextNode( '#wpforms-3675-field_1-container { position: absolute !important; overflow: hidden !important; display: inline !important; height: 1px !important; width: 1px !important; z-index: -1000 !important; padding: 0 !important; } #wpforms-3675-field_1-container input { visibility: hidden; } #wpforms-conversational-form-page #wpforms-3675-field_1-container label { counter-increment: none; }' ) );\n\t\t\t\t\tdocument.head.appendChild( style );\n\t\t\t\t\tdocument.currentScript?.remove();\n\t\t\t\t} )();\n\t\t\t<\/script><\/div><!-- .wpforms-field-container --><div class=\"wpforms-submit-container\" ><input type=\"hidden\" name=\"wpforms[id]\" value=\"3675\"><input type=\"hidden\" name=\"page_title\" value=\"\"><input type=\"hidden\" name=\"page_url\" value=\"https:\/\/homeproject.fr\/fr\/wp-json\/wp\/v2\/product\/15290\"><input type=\"hidden\" name=\"url_referer\" value=\"\"><button type=\"submit\" name=\"wpforms[submit]\" id=\"wpforms-submit-3675\" class=\"wpforms-submit\" data-alt-text=\"Envoi...\" data-submit-text=\"Envoyer\" aria-live=\"assertive\" value=\"wpforms-submit\">Envoyer<\/button><img decoding=\"async\" src=\"https:\/\/homeproject.fr\/fr\/wp-content\/plugins\/wpforms-lite\/assets\/images\/submit-spin.svg\" class=\"wpforms-submit-spinner\" style=\"display: none;\" width=\"26\" height=\"26\" alt=\"Chargement en cours\"><\/div><\/form><\/div>  <!-- .wpforms-container -->\n","protected":false},"excerpt":{"rendered":"<p data-start=\"356\" data-end=\"761\">Les <strong data-start=\"360\" data-end=\"398\">profil\u00e9s lin\u00e9aire et terminal Bloc<\/strong> sont les accessoires de finition con\u00e7us par <strong data-start=\"443\" data-end=\"453\">Mutina<\/strong> pour assurer une installation parfaite et durable des <strong data-start=\"508\" data-end=\"526\">claustras Bloc<\/strong> dessin\u00e9s par <strong data-start=\"540\" data-end=\"568\">Ronan &amp; Erwan Bouroullec<\/strong>. Fabriqu\u00e9s en <strong data-start=\"583\" data-end=\"597\">bois peint<\/strong>, ils permettent de garantir la <strong data-start=\"629\" data-end=\"670\">stabilit\u00e9, la pr\u00e9cision et l\u2019\u00e9l\u00e9gance<\/strong> des compositions murales, qu\u2019il s\u2019agisse de cloisons ajour\u00e9es ou de fa\u00e7ades d\u00e9coratives.<\/p>\n<p data-start=\"763\" data-end=\"1129\">Le <strong data-start=\"766\" data-end=\"786\">profil\u00e9 lin\u00e9aire<\/strong> assure un alignement impeccable des modules Bloc sur toute la longueur, tandis que le <strong data-start=\"873\" data-end=\"893\">profil\u00e9 terminal<\/strong>, dot\u00e9 d\u2019une extr\u00e9mit\u00e9 fa\u00e7onn\u00e9e et d\u2019un c\u00f4t\u00e9 amovible, facilite la <strong data-start=\"960\" data-end=\"1001\">fermeture au plafond ou sur les bords<\/strong>.<\/p>\n","protected":false},"featured_media":15417,"template":"","meta":{"_uf_show_specific_survey":0,"_uf_disable_surveys":false,"iawp_total_views":17},"product_brand":[620],"product_cat":[20,194],"product_tag":[],"class_list":{"0":"post-15290","1":"product","2":"type-product","3":"status-publish","4":"has-post-thumbnail","6":"product_brand-mutina","7":"product_cat-carrelage","8":"product_cat-claustras","9":"product_shipping_class-carrelage","10":"pa_collection-bloc-par-mutina","11":"pa_designer-erwan-et-ronan-bouroullec","12":"pa_effet-claustra","13":"pa_epaisseur-125mm","14":"pa_marque-mutina","16":"first","17":"instock","18":"taxable","19":"shipping-taxable","20":"purchasable","21":"product-type-variable"},"yoast_head":"<!-- This site is optimized with the Yoast SEO plugin v27.5 - https:\/\/yoast.com\/product\/yoast-seo-wordpress\/ -->\n<title>Profil\u00e9 de finition Bloc Natural \u2013 Mutina L.12,5 x 300 x 4 cm - Homeproject.fr<\/title>\n<meta name=\"robots\" content=\"index, follow, max-snippet:-1, max-image-preview:large, max-video-preview:-1\" \/>\n<link rel=\"canonical\" href=\"https:\/\/homeproject.fr\/fr\/produit\/profiles-de-finition-mistral-mutina-l-157-x-300-x-4-cm\/\" \/>\n<meta property=\"og:locale\" content=\"fr_FR\" \/>\n<meta property=\"og:type\" content=\"article\" \/>\n<meta property=\"og:title\" content=\"Profil\u00e9 de finition Bloc Natural \u2013 Mutina L.12,5 x 300 x 4 cm - Homeproject.fr\" \/>\n<meta property=\"og:description\" content=\"Les profil\u00e9s lin\u00e9aire et terminal Bloc sont les accessoires de finition con\u00e7us par Mutina pour assurer une installation parfaite et durable des claustras Bloc dessin\u00e9s par Ronan &amp; Erwan Bouroullec. Fabriqu\u00e9s en bois peint, ils permettent de garantir la stabilit\u00e9, la pr\u00e9cision et l\u2019\u00e9l\u00e9gance des compositions murales, qu\u2019il s\u2019agisse de cloisons ajour\u00e9es ou de fa\u00e7ades d\u00e9coratives. Le profil\u00e9 lin\u00e9aire assure un alignement impeccable des modules Bloc sur toute la longueur, tandis que le profil\u00e9 terminal, dot\u00e9 d\u2019une extr\u00e9mit\u00e9 fa\u00e7onn\u00e9e et d\u2019un c\u00f4t\u00e9 amovible, facilite la fermeture au plafond ou sur les bords.\" \/>\n<meta property=\"og:url\" content=\"https:\/\/homeproject.fr\/fr\/produit\/profiles-de-finition-mistral-mutina-l-157-x-300-x-4-cm\/\" \/>\n<meta property=\"og:site_name\" content=\"Homeproject.fr\" \/>\n<meta property=\"article:modified_time\" content=\"2025-08-27T14:14:14+00:00\" \/>\n<meta property=\"og:image\" content=\"https:\/\/homeproject.fr\/fr\/wp-content\/uploads\/2025\/08\/Profiles-Mutina-Bloc.jpg\" \/>\n\t<meta property=\"og:image:width\" content=\"1204\" \/>\n\t<meta property=\"og:image:height\" content=\"804\" \/>\n\t<meta property=\"og:image:type\" content=\"image\/jpeg\" \/>\n<meta name=\"twitter:card\" content=\"summary_large_image\" \/>\n<meta name=\"twitter:label1\" content=\"Dur\u00e9e de lecture estim\u00e9e\" \/>\n\t<meta name=\"twitter:data1\" content=\"2 minutes\" \/>\n<script type=\"application\/ld+json\" class=\"yoast-schema-graph\">{\"@context\":\"https:\\\/\\\/schema.org\",\"@graph\":[{\"@type\":\"WebPage\",\"@id\":\"https:\\\/\\\/homeproject.fr\\\/fr\\\/produit\\\/profiles-de-finition-mistral-mutina-l-157-x-300-x-4-cm\\\/\",\"url\":\"https:\\\/\\\/homeproject.fr\\\/fr\\\/produit\\\/profiles-de-finition-mistral-mutina-l-157-x-300-x-4-cm\\\/\",\"name\":\"Profil\u00e9 de finition Bloc Natural \u2013 Mutina L.12,5 x 300 x 4 cm - Homeproject.fr\",\"isPartOf\":{\"@id\":\"https:\\\/\\\/homeproject.fr\\\/fr\\\/#website\"},\"primaryImageOfPage\":{\"@id\":\"https:\\\/\\\/homeproject.fr\\\/fr\\\/produit\\\/profiles-de-finition-mistral-mutina-l-157-x-300-x-4-cm\\\/#primaryimage\"},\"image\":{\"@id\":\"https:\\\/\\\/homeproject.fr\\\/fr\\\/produit\\\/profiles-de-finition-mistral-mutina-l-157-x-300-x-4-cm\\\/#primaryimage\"},\"thumbnailUrl\":\"https:\\\/\\\/homeproject.fr\\\/fr\\\/wp-content\\\/uploads\\\/2025\\\/08\\\/Profiles-Mutina-Bloc.jpg\",\"datePublished\":\"2025-08-27T08:46:26+00:00\",\"dateModified\":\"2025-08-27T14:14:14+00:00\",\"breadcrumb\":{\"@id\":\"https:\\\/\\\/homeproject.fr\\\/fr\\\/produit\\\/profiles-de-finition-mistral-mutina-l-157-x-300-x-4-cm\\\/#breadcrumb\"},\"inLanguage\":\"fr-FR\",\"potentialAction\":[{\"@type\":\"ReadAction\",\"target\":[\"https:\\\/\\\/homeproject.fr\\\/fr\\\/produit\\\/profiles-de-finition-mistral-mutina-l-157-x-300-x-4-cm\\\/\"]}]},{\"@type\":\"ImageObject\",\"inLanguage\":\"fr-FR\",\"@id\":\"https:\\\/\\\/homeproject.fr\\\/fr\\\/produit\\\/profiles-de-finition-mistral-mutina-l-157-x-300-x-4-cm\\\/#primaryimage\",\"url\":\"https:\\\/\\\/homeproject.fr\\\/fr\\\/wp-content\\\/uploads\\\/2025\\\/08\\\/Profiles-Mutina-Bloc.jpg\",\"contentUrl\":\"https:\\\/\\\/homeproject.fr\\\/fr\\\/wp-content\\\/uploads\\\/2025\\\/08\\\/Profiles-Mutina-Bloc.jpg\",\"width\":1204,\"height\":804},{\"@type\":\"BreadcrumbList\",\"@id\":\"https:\\\/\\\/homeproject.fr\\\/fr\\\/produit\\\/profiles-de-finition-mistral-mutina-l-157-x-300-x-4-cm\\\/#breadcrumb\",\"itemListElement\":[{\"@type\":\"ListItem\",\"position\":1,\"name\":\"Accueil\",\"item\":\"https:\\\/\\\/homeproject.fr\\\/fr\\\/\"},{\"@type\":\"ListItem\",\"position\":2,\"name\":\"Boutique\",\"item\":\"https:\\\/\\\/homeproject.fr\\\/fr\\\/boutique\\\/\"},{\"@type\":\"ListItem\",\"position\":3,\"name\":\"Profil\u00e9 de finition Bloc Natural \u2013 Mutina L.12,5 x 300 x 4 cm\"}]},{\"@type\":\"WebSite\",\"@id\":\"https:\\\/\\\/homeproject.fr\\\/fr\\\/#website\",\"url\":\"https:\\\/\\\/homeproject.fr\\\/fr\\\/\",\"name\":\"Homeproject.fr\",\"description\":\"Offrez l&#039;exceptionnel \u00e0 vos espaces \u00e0 vivre\",\"publisher\":{\"@id\":\"https:\\\/\\\/homeproject.fr\\\/fr\\\/#organization\"},\"potentialAction\":[{\"@type\":\"SearchAction\",\"target\":{\"@type\":\"EntryPoint\",\"urlTemplate\":\"https:\\\/\\\/homeproject.fr\\\/fr\\\/?s={search_term_string}\"},\"query-input\":{\"@type\":\"PropertyValueSpecification\",\"valueRequired\":true,\"valueName\":\"search_term_string\"}}],\"inLanguage\":\"fr-FR\"},{\"@type\":\"Organization\",\"@id\":\"https:\\\/\\\/homeproject.fr\\\/fr\\\/#organization\",\"name\":\"Homeproject.fr\",\"url\":\"https:\\\/\\\/homeproject.fr\\\/fr\\\/\",\"logo\":{\"@type\":\"ImageObject\",\"inLanguage\":\"fr-FR\",\"@id\":\"https:\\\/\\\/homeproject.fr\\\/fr\\\/#\\\/schema\\\/logo\\\/image\\\/\",\"url\":\"https:\\\/\\\/homeproject.fr\\\/fr\\\/wp-content\\\/uploads\\\/2024\\\/12\\\/Logo_HomeProject-noir-2.png\",\"contentUrl\":\"https:\\\/\\\/homeproject.fr\\\/fr\\\/wp-content\\\/uploads\\\/2024\\\/12\\\/Logo_HomeProject-noir-2.png\",\"width\":300,\"height\":91,\"caption\":\"Homeproject.fr\"},\"image\":{\"@id\":\"https:\\\/\\\/homeproject.fr\\\/fr\\\/#\\\/schema\\\/logo\\\/image\\\/\"}}]}<\/script>\n<!-- \/ Yoast SEO plugin. -->","yoast_head_json":{"title":"Profil\u00e9 de finition Bloc Natural \u2013 Mutina L.12,5 x 300 x 4 cm - Homeproject.fr","robots":{"index":"index","follow":"follow","max-snippet":"max-snippet:-1","max-image-preview":"max-image-preview:large","max-video-preview":"max-video-preview:-1"},"canonical":"https:\/\/homeproject.fr\/fr\/produit\/profiles-de-finition-mistral-mutina-l-157-x-300-x-4-cm\/","og_locale":"fr_FR","og_type":"article","og_title":"Profil\u00e9 de finition Bloc Natural \u2013 Mutina L.12,5 x 300 x 4 cm - Homeproject.fr","og_description":"Les profil\u00e9s lin\u00e9aire et terminal Bloc sont les accessoires de finition con\u00e7us par Mutina pour assurer une installation parfaite et durable des claustras Bloc dessin\u00e9s par Ronan &amp; Erwan Bouroullec. Fabriqu\u00e9s en bois peint, ils permettent de garantir la stabilit\u00e9, la pr\u00e9cision et l\u2019\u00e9l\u00e9gance des compositions murales, qu\u2019il s\u2019agisse de cloisons ajour\u00e9es ou de fa\u00e7ades d\u00e9coratives. Le profil\u00e9 lin\u00e9aire assure un alignement impeccable des modules Bloc sur toute la longueur, tandis que le profil\u00e9 terminal, dot\u00e9 d\u2019une extr\u00e9mit\u00e9 fa\u00e7onn\u00e9e et d\u2019un c\u00f4t\u00e9 amovible, facilite la fermeture au plafond ou sur les bords.","og_url":"https:\/\/homeproject.fr\/fr\/produit\/profiles-de-finition-mistral-mutina-l-157-x-300-x-4-cm\/","og_site_name":"Homeproject.fr","article_modified_time":"2025-08-27T14:14:14+00:00","og_image":[{"width":1204,"height":804,"url":"https:\/\/homeproject.fr\/fr\/wp-content\/uploads\/2025\/08\/Profiles-Mutina-Bloc.jpg","type":"image\/jpeg"}],"twitter_card":"summary_large_image","twitter_misc":{"Dur\u00e9e de lecture estim\u00e9e":"2 minutes"},"schema":{"@context":"https:\/\/schema.org","@graph":[{"@type":"WebPage","@id":"https:\/\/homeproject.fr\/fr\/produit\/profiles-de-finition-mistral-mutina-l-157-x-300-x-4-cm\/","url":"https:\/\/homeproject.fr\/fr\/produit\/profiles-de-finition-mistral-mutina-l-157-x-300-x-4-cm\/","name":"Profil\u00e9 de finition Bloc Natural \u2013 Mutina L.12,5 x 300 x 4 cm - Homeproject.fr","isPartOf":{"@id":"https:\/\/homeproject.fr\/fr\/#website"},"primaryImageOfPage":{"@id":"https:\/\/homeproject.fr\/fr\/produit\/profiles-de-finition-mistral-mutina-l-157-x-300-x-4-cm\/#primaryimage"},"image":{"@id":"https:\/\/homeproject.fr\/fr\/produit\/profiles-de-finition-mistral-mutina-l-157-x-300-x-4-cm\/#primaryimage"},"thumbnailUrl":"https:\/\/homeproject.fr\/fr\/wp-content\/uploads\/2025\/08\/Profiles-Mutina-Bloc.jpg","datePublished":"2025-08-27T08:46:26+00:00","dateModified":"2025-08-27T14:14:14+00:00","breadcrumb":{"@id":"https:\/\/homeproject.fr\/fr\/produit\/profiles-de-finition-mistral-mutina-l-157-x-300-x-4-cm\/#breadcrumb"},"inLanguage":"fr-FR","potentialAction":[{"@type":"ReadAction","target":["https:\/\/homeproject.fr\/fr\/produit\/profiles-de-finition-mistral-mutina-l-157-x-300-x-4-cm\/"]}]},{"@type":"ImageObject","inLanguage":"fr-FR","@id":"https:\/\/homeproject.fr\/fr\/produit\/profiles-de-finition-mistral-mutina-l-157-x-300-x-4-cm\/#primaryimage","url":"https:\/\/homeproject.fr\/fr\/wp-content\/uploads\/2025\/08\/Profiles-Mutina-Bloc.jpg","contentUrl":"https:\/\/homeproject.fr\/fr\/wp-content\/uploads\/2025\/08\/Profiles-Mutina-Bloc.jpg","width":1204,"height":804},{"@type":"BreadcrumbList","@id":"https:\/\/homeproject.fr\/fr\/produit\/profiles-de-finition-mistral-mutina-l-157-x-300-x-4-cm\/#breadcrumb","itemListElement":[{"@type":"ListItem","position":1,"name":"Accueil","item":"https:\/\/homeproject.fr\/fr\/"},{"@type":"ListItem","position":2,"name":"Boutique","item":"https:\/\/homeproject.fr\/fr\/boutique\/"},{"@type":"ListItem","position":3,"name":"Profil\u00e9 de finition Bloc Natural \u2013 Mutina L.12,5 x 300 x 4 cm"}]},{"@type":"WebSite","@id":"https:\/\/homeproject.fr\/fr\/#website","url":"https:\/\/homeproject.fr\/fr\/","name":"Homeproject.fr","description":"Offrez l&#039;exceptionnel \u00e0 vos espaces \u00e0 vivre","publisher":{"@id":"https:\/\/homeproject.fr\/fr\/#organization"},"potentialAction":[{"@type":"SearchAction","target":{"@type":"EntryPoint","urlTemplate":"https:\/\/homeproject.fr\/fr\/?s={search_term_string}"},"query-input":{"@type":"PropertyValueSpecification","valueRequired":true,"valueName":"search_term_string"}}],"inLanguage":"fr-FR"},{"@type":"Organization","@id":"https:\/\/homeproject.fr\/fr\/#organization","name":"Homeproject.fr","url":"https:\/\/homeproject.fr\/fr\/","logo":{"@type":"ImageObject","inLanguage":"fr-FR","@id":"https:\/\/homeproject.fr\/fr\/#\/schema\/logo\/image\/","url":"https:\/\/homeproject.fr\/fr\/wp-content\/uploads\/2024\/12\/Logo_HomeProject-noir-2.png","contentUrl":"https:\/\/homeproject.fr\/fr\/wp-content\/uploads\/2024\/12\/Logo_HomeProject-noir-2.png","width":300,"height":91,"caption":"Homeproject.fr"},"image":{"@id":"https:\/\/homeproject.fr\/fr\/#\/schema\/logo\/image\/"}}]}},"_links":{"self":[{"href":"https:\/\/homeproject.fr\/fr\/wp-json\/wp\/v2\/product\/15290","targetHints":{"allow":["GET"]}}],"collection":[{"href":"https:\/\/homeproject.fr\/fr\/wp-json\/wp\/v2\/product"}],"about":[{"href":"https:\/\/homeproject.fr\/fr\/wp-json\/wp\/v2\/types\/product"}],"version-history":[{"count":4,"href":"https:\/\/homeproject.fr\/fr\/wp-json\/wp\/v2\/product\/15290\/revisions"}],"predecessor-version":[{"id":15431,"href":"https:\/\/homeproject.fr\/fr\/wp-json\/wp\/v2\/product\/15290\/revisions\/15431"}],"wp:featuredmedia":[{"embeddable":true,"href":"https:\/\/homeproject.fr\/fr\/wp-json\/wp\/v2\/media\/15417"}],"wp:attachment":[{"href":"https:\/\/homeproject.fr\/fr\/wp-json\/wp\/v2\/media?parent=15290"}],"wp:term":[{"taxonomy":"product_brand","embeddable":true,"href":"https:\/\/homeproject.fr\/fr\/wp-json\/wp\/v2\/product_brand?post=15290"},{"taxonomy":"product_cat","embeddable":true,"href":"https:\/\/homeproject.fr\/fr\/wp-json\/wp\/v2\/product_cat?post=15290"},{"taxonomy":"product_tag","embeddable":true,"href":"https:\/\/homeproject.fr\/fr\/wp-json\/wp\/v2\/product_tag?post=15290"}],"curies":[{"name":"wp","href":"https:\/\/api.w.org\/{rel}","templated":true}]}}