{"id":15258,"date":"2025-08-22T14:56:29","date_gmt":"2025-08-22T14:56:29","guid":{"rendered":"https:\/\/homeproject.fr\/fr\/?post_type=product&#038;p=15258"},"modified":"2025-08-22T15:00:46","modified_gmt":"2025-08-22T15:00:46","slug":"carrelage-florim-sensiterre-cottone-naturale-60x60-r10-ptv-9mm","status":"publish","type":"product","link":"https:\/\/homeproject.fr\/fr\/produit\/carrelage-florim-sensiterre-cottone-naturale-60x60-r10-ptv-9mm\/","title":{"rendered":"Carrelage Florim SensiTerre Cottone Naturale 60&#215;60 R10 PTV 9mm"},"content":{"rendered":"<p><strong><a href=\"https:\/\/homeproject.fr\/fr\/produit\/echantillon-carrelage-florim-sensiterre-cottone-natural-9mm-r10-ptv\/\">Commander un \u00e9chantillon<\/a><\/strong><\/p>\n<h3 data-start=\"847\" data-end=\"884\"><strong data-start=\"853\" data-end=\"884\">Caract\u00e9ristiques techniques<\/strong><\/h3>\n<ul data-start=\"885\" data-end=\"1308\">\n<li data-start=\"885\" data-end=\"923\">\n<p data-start=\"887\" data-end=\"923\"><strong data-start=\"887\" data-end=\"901\">Collection<\/strong> : SensiTerre \u2013 Florim<\/p>\n<\/li>\n<li data-start=\"924\" data-end=\"967\">\n<p data-start=\"926\" data-end=\"967\"><strong data-start=\"926\" data-end=\"937\">Coloris<\/strong> : Cottone (beige sable clair)<\/p>\n<\/li>\n<li data-start=\"968\" data-end=\"1017\">\n<p data-start=\"970\" data-end=\"1017\"><strong data-start=\"970\" data-end=\"982\">Finition<\/strong> : Naturale (mat, douce au toucher)<\/p>\n<\/li>\n<li data-start=\"1018\" data-end=\"1064\">\n<p data-start=\"1020\" data-end=\"1064\"><strong data-start=\"1020\" data-end=\"1036\">Effet visuel<\/strong> : Terre cuite contemporaine<\/p>\n<\/li>\n<li data-start=\"1065\" data-end=\"1090\">\n<p data-start=\"1067\" data-end=\"1090\"><strong data-start=\"1067\" data-end=\"1077\">Format<\/strong> : 60 x 60 cm<\/p>\n<\/li>\n<li data-start=\"1091\" data-end=\"1113\">\n<p data-start=\"1093\" data-end=\"1113\"><strong data-start=\"1093\" data-end=\"1106\">\u00c9paisseur<\/strong> : 9 mm<\/p>\n<\/li>\n<li data-start=\"1114\" data-end=\"1186\">\n<p data-start=\"1116\" data-end=\"1186\"><strong data-start=\"1116\" data-end=\"1139\">Indice antid\u00e9rapant<\/strong> : R10 PTV (adh\u00e9rence adapt\u00e9e aux pi\u00e8ces d\u2019eau)<\/p>\n<\/li>\n<li data-start=\"1187\" data-end=\"1221\">\n<p data-start=\"1189\" data-end=\"1221\"><strong data-start=\"1189\" data-end=\"1212\">R\u00e9f\u00e9rence fabricant<\/strong> : 781499<\/p>\n<\/li>\n<li data-start=\"1222\" data-end=\"1268\">\n<p data-start=\"1224\" data-end=\"1268\"><strong data-start=\"1224\" data-end=\"1236\">Mat\u00e9riau<\/strong> : Gr\u00e8s c\u00e9rame \u00e9maill\u00e9, rectifi\u00e9<\/p>\n<\/li>\n<li data-start=\"1269\" data-end=\"1308\">\n<p data-start=\"1271\" data-end=\"1308\"><strong data-start=\"1271\" data-end=\"1279\">Pose<\/strong> : Sols et murs, en int\u00e9rieur<\/p>\n<\/li>\n<\/ul>\n<hr data-start=\"1310\" data-end=\"1313\" \/>\n<h3 data-start=\"1315\" data-end=\"1349\"><strong data-start=\"1322\" data-end=\"1349\">Les avantages du mod\u00e8le<\/strong><\/h3>\n<ul data-start=\"1350\" data-end=\"1669\">\n<li data-start=\"1350\" data-end=\"1420\">\n<p data-start=\"1352\" data-end=\"1420\"><strong data-start=\"1352\" data-end=\"1383\">Aspect naturel & chaleureux<\/strong> inspir\u00e9 de la terre cuite artisanale<\/p>\n<\/li>\n<li data-start=\"1421\" data-end=\"1487\">\n<p data-start=\"1423\" data-end=\"1487\"><strong data-start=\"1423\" data-end=\"1444\">Finition mate R10<\/strong> : adh\u00e9rence id\u00e9ale pour les pi\u00e8ces humides<\/p>\n<\/li>\n<li data-start=\"1488\" data-end=\"1562\">\n<p data-start=\"1490\" data-end=\"1562\"><strong data-start=\"1490\" data-end=\"1512\">Format carr\u00e9 60\u00d760<\/strong> : \u00e9quilibre parfait entre esth\u00e9tisme et praticit\u00e9<\/p>\n<\/li>\n<li data-start=\"1563\" data-end=\"1612\">\n<p data-start=\"1565\" data-end=\"1612\"><strong data-start=\"1565\" data-end=\"1612\">R\u00e9sistant \u00e0 l\u2019eau, aux chocs et aux rayures<\/strong><\/p>\n<\/li>\n<li data-start=\"1613\" data-end=\"1669\">\n<p data-start=\"1615\" data-end=\"1669\"><strong data-start=\"1615\" data-end=\"1669\">Facile d\u2019entretien & compatible plancher chauffant<\/strong><\/p>\n<\/li>\n<\/ul>\n<hr data-start=\"1671\" data-end=\"1674\" \/>\n<h3 data-start=\"1676\" data-end=\"1697\"><strong data-start=\"1683\" data-end=\"1697\">Id\u00e9al pour<\/strong><\/h3>\n<ul data-start=\"1698\" data-end=\"1842\">\n<li data-start=\"1698\" data-end=\"1722\">\n<p data-start=\"1700\" data-end=\"1722\">S\u00e9jour, salon, chambre<\/p>\n<\/li>\n<li data-start=\"1723\" data-end=\"1748\">\n<p data-start=\"1725\" data-end=\"1748\">Cuisine & salle de bain<\/p>\n<\/li>\n<li data-start=\"1749\" data-end=\"1786\">\n<p data-start=\"1751\" data-end=\"1786\">Entr\u00e9es, couloirs, zones de passage<\/p>\n<\/li>\n<li data-start=\"1787\" data-end=\"1842\">\n<p data-start=\"1789\" data-end=\"1842\">Rev\u00eatement mural pour cr\u00e9er une ambiance enveloppante<\/p>\n<\/li>\n<\/ul>\n<hr data-start=\"1844\" data-end=\"1847\" \/>\n<h3 data-start=\"1849\" data-end=\"1884\"><strong data-start=\"1856\" data-end=\"1884\">Harmonies d\u00e9co possibles<\/strong><\/h3>\n<p data-start=\"1885\" data-end=\"1922\">Associez ce carrelage beige sable \u00e0 :<\/p>\n<ul data-start=\"1923\" data-end=\"2096\">\n<li data-start=\"1923\" data-end=\"1984\">\n<p data-start=\"1925\" data-end=\"1984\">Des mat\u00e9riaux bruts comme le bois clair, le rotin ou le lin<\/p>\n<\/li>\n<li data-start=\"1985\" data-end=\"2044\">\n<p data-start=\"1987\" data-end=\"2044\">Des couleurs douces (blanc cass\u00e9, terracotta, vert sauge)<\/p>\n<\/li>\n<li data-start=\"2045\" data-end=\"2096\">\n<p data-start=\"2047\" data-end=\"2096\">Une ambiance m\u00e9diterran\u00e9enne, boh\u00e8me ou wabi-sabi<\/p>\n<\/li>\n<\/ul>\n<hr data-start=\"2297\" data-end=\"2300\" \/>\n<h3 data-start=\"2302\" data-end=\"2335\">\ud83d\udca1 <strong data-start=\"2309\" data-end=\"2335\">Conseil HomeProject.fr<\/strong><\/h3>\n<p data-start=\"2336\" data-end=\"2546\">Utilisez le format 60\u00d760 pour des poses droites ou en diagonale, seul ou combin\u00e9 avec d\u2019autres formats de la collection <strong data-start=\"2456\" data-end=\"2470\">SensiTerre<\/strong> pour un effet modul\u00e9 et textur\u00e9, tout en gardant une grande unit\u00e9 visuelle.<\/p>\n<hr data-start=\"2548\" data-end=\"2551\" \/>\n<p data-start=\"2553\" data-end=\"2730\"><strong data-start=\"2553\" data-end=\"2584\">SensiTerre Cottone 60\u00d760 cm<\/strong> est un carrelage qui conjugue charme artisanal et innovation technique. Parfait pour sublimer vos int\u00e9rieurs avec douceur, naturel et durabilit\u00e9.<\/p>\n<hr data-start=\"2732\" data-end=\"2735\" \/>\n<h4 data-start=\"1527\" data-end=\"1551\"><strong style=\"font-family: inherit; font-size: 30px;\">Vous avez des questions ?<\/strong><\/h4>\n<style id=\"wpforms-css-vars-3675\">\n\t\t\t\t#wpforms-3675 {\n\t\t\t\t\n\t\t\t}\n\t\t\t<\/style><div class=\"wpforms-container wpforms-container-full wpforms-render-modern\" id=\"wpforms-3675\"><form id=\"wpforms-form-3675\" class=\"wpforms-validate wpforms-form wpforms-ajax-form\" data-formid=\"3675\" method=\"post\" enctype=\"multipart\/form-data\" action=\"\/fr\/wp-json\/wp\/v2\/product\/15258\" data-token=\"86cfa3cd8fc4572532d762e2357ac556\" data-token-time=\"1777815201\"><noscript class=\"wpforms-error-noscript\">Veuillez activer JavaScript dans votre navigateur pour remplir ce formulaire.<\/noscript><div id=\"wpforms-error-noscript\" style=\"display: none;\">Veuillez activer JavaScript dans votre navigateur pour remplir ce formulaire.<\/div><div class=\"wpforms-field-container\"><div id=\"wpforms-3675-field_3-container\" class=\"wpforms-field wpforms-field-name\" data-field-id=\"3\"><fieldset><legend class=\"wpforms-field-label\">Nom <span class=\"wpforms-required-label\" aria-hidden=\"true\">*<\/span><\/legend><div class=\"wpforms-field-row wpforms-field-medium\"><div class=\"wpforms-field-row-block wpforms-first wpforms-one-half\"><input type=\"text\" id=\"wpforms-3675-field_3\" class=\"wpforms-field-name-first wpforms-field-required\" name=\"wpforms[fields][3][first]\" aria-errormessage=\"wpforms-3675-field_3-error\" required><label for=\"wpforms-3675-field_3\" class=\"wpforms-field-sublabel after\">Pr\u00e9nom<\/label><\/div><div class=\"wpforms-field-row-block wpforms-one-half\"><input type=\"text\" id=\"wpforms-3675-field_3-last\" class=\"wpforms-field-name-last wpforms-field-required\" name=\"wpforms[fields][3][last]\" aria-errormessage=\"wpforms-3675-field_3-last-error\" required><label for=\"wpforms-3675-field_3-last\" class=\"wpforms-field-sublabel after\">Nom<\/label><\/div><\/div><\/fieldset><\/div>\t\t<div id=\"wpforms-3675-field_1-container\"\n\t\t\tclass=\"wpforms-field wpforms-field-text\"\n\t\t\tdata-field-type=\"text\"\n\t\t\tdata-field-id=\"1\"\n\t\t\t>\n\t\t\t<label class=\"wpforms-field-label\" for=\"wpforms-3675-field_1\" >E-mail Message Nom<\/label>\n\t\t\t<input type=\"text\" id=\"wpforms-3675-field_1\" class=\"wpforms-field-medium\" name=\"wpforms[fields][1]\" >\n\t\t<\/div>\n\t\t<div id=\"wpforms-3675-field_4-container\" class=\"wpforms-field wpforms-field-email\" data-field-id=\"4\"><label class=\"wpforms-field-label\" for=\"wpforms-3675-field_4\">E-mail <span class=\"wpforms-required-label\" aria-hidden=\"true\">*<\/span><\/label><input type=\"email\" id=\"wpforms-3675-field_4\" class=\"wpforms-field-medium wpforms-field-required\" name=\"wpforms[fields][4]\" spellcheck=\"false\" aria-errormessage=\"wpforms-3675-field_4-error\" required><\/div><div id=\"wpforms-3675-field_5-container\" class=\"wpforms-field wpforms-field-textarea\" data-field-id=\"5\"><label class=\"wpforms-field-label\" for=\"wpforms-3675-field_5\">Message <span class=\"wpforms-required-label\" aria-hidden=\"true\">*<\/span><\/label><textarea id=\"wpforms-3675-field_5\" class=\"wpforms-field-medium wpforms-field-required\" name=\"wpforms[fields][5]\" aria-errormessage=\"wpforms-3675-field_5-error\" required><\/textarea><\/div><script>\n\t\t\t\t( function() {\n\t\t\t\t\tconst style = document.createElement( 'style' );\n\t\t\t\t\tstyle.appendChild( document.createTextNode( '#wpforms-3675-field_1-container { position: absolute !important; overflow: hidden !important; display: inline !important; height: 1px !important; width: 1px !important; z-index: -1000 !important; padding: 0 !important; } #wpforms-3675-field_1-container input { visibility: hidden; } #wpforms-conversational-form-page #wpforms-3675-field_1-container label { counter-increment: none; }' ) );\n\t\t\t\t\tdocument.head.appendChild( style );\n\t\t\t\t\tdocument.currentScript?.remove();\n\t\t\t\t} )();\n\t\t\t<\/script><\/div><!-- .wpforms-field-container --><div class=\"wpforms-submit-container\" ><input type=\"hidden\" name=\"wpforms[id]\" value=\"3675\"><input type=\"hidden\" name=\"page_title\" value=\"\"><input type=\"hidden\" name=\"page_url\" value=\"https:\/\/homeproject.fr\/fr\/wp-json\/wp\/v2\/product\/15258\"><input type=\"hidden\" name=\"url_referer\" value=\"\"><button type=\"submit\" name=\"wpforms[submit]\" id=\"wpforms-submit-3675\" class=\"wpforms-submit\" data-alt-text=\"Envoi...\" data-submit-text=\"Envoyer\" aria-live=\"assertive\" value=\"wpforms-submit\">Envoyer<\/button><img decoding=\"async\" src=\"https:\/\/homeproject.fr\/fr\/wp-content\/plugins\/wpforms-lite\/assets\/images\/submit-spin.svg\" class=\"wpforms-submit-spinner\" style=\"display: none;\" width=\"26\" height=\"26\" alt=\"Chargement en cours\"><\/div><\/form><\/div>  <!-- .wpforms-container -->\n","protected":false},"excerpt":{"rendered":"<p data-start=\"278\" data-end=\"344\"><strong>L\u2019authenticit\u00e9 du style m\u00e9diterran\u00e9en dans un format \u00e9quilibr\u00e9<\/strong><\/p>\n<p data-start=\"346\" data-end=\"617\">Apportez une touche d\u2019\u00e9l\u00e9gance artisanale \u00e0 vos espaces avec le carrelage <strong data-start=\"420\" data-end=\"451\">SensiTerre Cottone 60\u00d760 cm<\/strong> de <strong data-start=\"455\" data-end=\"465\">Florim<\/strong>. Ce mod\u00e8le reproduit avec subtilit\u00e9 l\u2019aspect d\u2019une terre cuite traditionnelle dans un format carr\u00e9 polyvalent, id\u00e9al pour les sols comme pour les murs.<\/p>\n<p data-start=\"619\" data-end=\"840\">Sa teinte <strong data-start=\"629\" data-end=\"640\">Cottone<\/strong>, douce et naturelle, rappelle les nuances du sable clair. Elle cr\u00e9e une atmosph\u00e8re chaleureuse, douce et intemporelle, s\u2019int\u00e9grant aussi bien dans des int\u00e9rieurs modernes, rustiques que minimalistes.<\/p>\n<hr data-start=\"841\" data-end=\"844\" \/>\n","protected":false},"featured_media":15259,"template":"","meta":{"_uf_show_specific_survey":0,"_uf_disable_surveys":false,"iawp_total_views":6},"product_brand":[607],"product_cat":[123,20,502],"product_tag":[],"class_list":{"0":"post-15258","1":"product","2":"type-product","3":"status-publish","4":"has-post-thumbnail","6":"product_brand-florim","7":"product_cat-aspect-beton","8":"product_cat-carrelage","9":"product_cat-terre-cuite","10":"product_shipping_class-carrelage","11":"pa_collection-sensiterre-par-florim","12":"pa_designer-matteo-thun","13":"pa_dimensions-nominales-60x60","14":"pa_effet-beton","15":"pa_effet-terre-cuite","16":"pa_epaisseur-9mm","17":"pa_marque-florim","18":"pa_materiau-gres-cerame-non-emaille","20":"first","21":"instock","22":"sale","23":"taxable","24":"shipping-taxable","25":"purchasable","26":"product-type-simple"},"yoast_head":"<!-- This site is optimized with the Yoast SEO plugin v27.5 - https:\/\/yoast.com\/product\/yoast-seo-wordpress\/ -->\n<title>Carrelage Florim SensiTerre Cottone Naturale 60x60 R10 PTV 9mm - Homeproject.fr<\/title>\n<meta name=\"robots\" content=\"index, follow, max-snippet:-1, max-image-preview:large, max-video-preview:-1\" \/>\n<link rel=\"canonical\" href=\"https:\/\/homeproject.fr\/fr\/produit\/carrelage-florim-sensiterre-cottone-naturale-60x60-r10-ptv-9mm\/\" \/>\n<meta property=\"og:locale\" content=\"fr_FR\" \/>\n<meta property=\"og:type\" content=\"article\" \/>\n<meta property=\"og:title\" content=\"Carrelage Florim SensiTerre Cottone Naturale 60x60 R10 PTV 9mm - Homeproject.fr\" \/>\n<meta property=\"og:description\" content=\"L\u2019authenticit\u00e9 du style m\u00e9diterran\u00e9en dans un format \u00e9quilibr\u00e9 Apportez une touche d\u2019\u00e9l\u00e9gance artisanale \u00e0 vos espaces avec le carrelage SensiTerre Cottone 60\u00d760 cm de Florim. Ce mod\u00e8le reproduit avec subtilit\u00e9 l\u2019aspect d\u2019une terre cuite traditionnelle dans un format carr\u00e9 polyvalent, id\u00e9al pour les sols comme pour les murs. Sa teinte Cottone, douce et naturelle, rappelle les nuances du sable clair. Elle cr\u00e9e une atmosph\u00e8re chaleureuse, douce et intemporelle, s\u2019int\u00e9grant aussi bien dans des int\u00e9rieurs modernes, rustiques que minimalistes.\" \/>\n<meta property=\"og:url\" content=\"https:\/\/homeproject.fr\/fr\/produit\/carrelage-florim-sensiterre-cottone-naturale-60x60-r10-ptv-9mm\/\" \/>\n<meta property=\"og:site_name\" content=\"Homeproject.fr\" \/>\n<meta property=\"article:modified_time\" content=\"2025-08-22T15:00:46+00:00\" \/>\n<meta property=\"og:image\" content=\"https:\/\/homeproject.fr\/fr\/wp-content\/uploads\/2025\/08\/Carrelage-contemporain-aspect-terre-cuite-grand-format-SensiTerre-Florim-Cottone-60x60-Naturale-R10-PTV-781499.jpg\" \/>\n\t<meta property=\"og:image:width\" content=\"1500\" \/>\n\t<meta property=\"og:image:height\" content=\"1500\" \/>\n\t<meta property=\"og:image:type\" content=\"image\/jpeg\" \/>\n<meta name=\"twitter:card\" content=\"summary_large_image\" \/>\n<meta name=\"twitter:label1\" content=\"Dur\u00e9e de lecture estim\u00e9e\" \/>\n\t<meta name=\"twitter:data1\" content=\"2 minutes\" \/>\n<script type=\"application\/ld+json\" class=\"yoast-schema-graph\">{\"@context\":\"https:\\\/\\\/schema.org\",\"@graph\":[{\"@type\":\"WebPage\",\"@id\":\"https:\\\/\\\/homeproject.fr\\\/fr\\\/produit\\\/carrelage-florim-sensiterre-cottone-naturale-60x60-r10-ptv-9mm\\\/\",\"url\":\"https:\\\/\\\/homeproject.fr\\\/fr\\\/produit\\\/carrelage-florim-sensiterre-cottone-naturale-60x60-r10-ptv-9mm\\\/\",\"name\":\"Carrelage Florim SensiTerre Cottone Naturale 60x60 R10 PTV 9mm - Homeproject.fr\",\"isPartOf\":{\"@id\":\"https:\\\/\\\/homeproject.fr\\\/fr\\\/#website\"},\"primaryImageOfPage\":{\"@id\":\"https:\\\/\\\/homeproject.fr\\\/fr\\\/produit\\\/carrelage-florim-sensiterre-cottone-naturale-60x60-r10-ptv-9mm\\\/#primaryimage\"},\"image\":{\"@id\":\"https:\\\/\\\/homeproject.fr\\\/fr\\\/produit\\\/carrelage-florim-sensiterre-cottone-naturale-60x60-r10-ptv-9mm\\\/#primaryimage\"},\"thumbnailUrl\":\"https:\\\/\\\/homeproject.fr\\\/fr\\\/wp-content\\\/uploads\\\/2025\\\/08\\\/Carrelage-contemporain-aspect-terre-cuite-grand-format-SensiTerre-Florim-Cottone-60x60-Naturale-R10-PTV-781499.jpg\",\"datePublished\":\"2025-08-22T14:56:29+00:00\",\"dateModified\":\"2025-08-22T15:00:46+00:00\",\"breadcrumb\":{\"@id\":\"https:\\\/\\\/homeproject.fr\\\/fr\\\/produit\\\/carrelage-florim-sensiterre-cottone-naturale-60x60-r10-ptv-9mm\\\/#breadcrumb\"},\"inLanguage\":\"fr-FR\",\"potentialAction\":[{\"@type\":\"ReadAction\",\"target\":[\"https:\\\/\\\/homeproject.fr\\\/fr\\\/produit\\\/carrelage-florim-sensiterre-cottone-naturale-60x60-r10-ptv-9mm\\\/\"]}]},{\"@type\":\"ImageObject\",\"inLanguage\":\"fr-FR\",\"@id\":\"https:\\\/\\\/homeproject.fr\\\/fr\\\/produit\\\/carrelage-florim-sensiterre-cottone-naturale-60x60-r10-ptv-9mm\\\/#primaryimage\",\"url\":\"https:\\\/\\\/homeproject.fr\\\/fr\\\/wp-content\\\/uploads\\\/2025\\\/08\\\/Carrelage-contemporain-aspect-terre-cuite-grand-format-SensiTerre-Florim-Cottone-60x60-Naturale-R10-PTV-781499.jpg\",\"contentUrl\":\"https:\\\/\\\/homeproject.fr\\\/fr\\\/wp-content\\\/uploads\\\/2025\\\/08\\\/Carrelage-contemporain-aspect-terre-cuite-grand-format-SensiTerre-Florim-Cottone-60x60-Naturale-R10-PTV-781499.jpg\",\"width\":1500,\"height\":1500},{\"@type\":\"BreadcrumbList\",\"@id\":\"https:\\\/\\\/homeproject.fr\\\/fr\\\/produit\\\/carrelage-florim-sensiterre-cottone-naturale-60x60-r10-ptv-9mm\\\/#breadcrumb\",\"itemListElement\":[{\"@type\":\"ListItem\",\"position\":1,\"name\":\"Accueil\",\"item\":\"https:\\\/\\\/homeproject.fr\\\/fr\\\/\"},{\"@type\":\"ListItem\",\"position\":2,\"name\":\"Boutique\",\"item\":\"https:\\\/\\\/homeproject.fr\\\/fr\\\/boutique\\\/\"},{\"@type\":\"ListItem\",\"position\":3,\"name\":\"Carrelage Florim SensiTerre Cottone Naturale 60&#215;60 R10 PTV 9mm\"}]},{\"@type\":\"WebSite\",\"@id\":\"https:\\\/\\\/homeproject.fr\\\/fr\\\/#website\",\"url\":\"https:\\\/\\\/homeproject.fr\\\/fr\\\/\",\"name\":\"Homeproject.fr\",\"description\":\"Offrez l&#039;exceptionnel \u00e0 vos espaces \u00e0 vivre\",\"publisher\":{\"@id\":\"https:\\\/\\\/homeproject.fr\\\/fr\\\/#organization\"},\"potentialAction\":[{\"@type\":\"SearchAction\",\"target\":{\"@type\":\"EntryPoint\",\"urlTemplate\":\"https:\\\/\\\/homeproject.fr\\\/fr\\\/?s={search_term_string}\"},\"query-input\":{\"@type\":\"PropertyValueSpecification\",\"valueRequired\":true,\"valueName\":\"search_term_string\"}}],\"inLanguage\":\"fr-FR\"},{\"@type\":\"Organization\",\"@id\":\"https:\\\/\\\/homeproject.fr\\\/fr\\\/#organization\",\"name\":\"Homeproject.fr\",\"url\":\"https:\\\/\\\/homeproject.fr\\\/fr\\\/\",\"logo\":{\"@type\":\"ImageObject\",\"inLanguage\":\"fr-FR\",\"@id\":\"https:\\\/\\\/homeproject.fr\\\/fr\\\/#\\\/schema\\\/logo\\\/image\\\/\",\"url\":\"https:\\\/\\\/homeproject.fr\\\/fr\\\/wp-content\\\/uploads\\\/2024\\\/12\\\/Logo_HomeProject-noir-2.png\",\"contentUrl\":\"https:\\\/\\\/homeproject.fr\\\/fr\\\/wp-content\\\/uploads\\\/2024\\\/12\\\/Logo_HomeProject-noir-2.png\",\"width\":300,\"height\":91,\"caption\":\"Homeproject.fr\"},\"image\":{\"@id\":\"https:\\\/\\\/homeproject.fr\\\/fr\\\/#\\\/schema\\\/logo\\\/image\\\/\"}}]}<\/script>\n<!-- \/ Yoast SEO plugin. -->","yoast_head_json":{"title":"Carrelage Florim SensiTerre Cottone Naturale 60x60 R10 PTV 9mm - Homeproject.fr","robots":{"index":"index","follow":"follow","max-snippet":"max-snippet:-1","max-image-preview":"max-image-preview:large","max-video-preview":"max-video-preview:-1"},"canonical":"https:\/\/homeproject.fr\/fr\/produit\/carrelage-florim-sensiterre-cottone-naturale-60x60-r10-ptv-9mm\/","og_locale":"fr_FR","og_type":"article","og_title":"Carrelage Florim SensiTerre Cottone Naturale 60x60 R10 PTV 9mm - Homeproject.fr","og_description":"L\u2019authenticit\u00e9 du style m\u00e9diterran\u00e9en dans un format \u00e9quilibr\u00e9 Apportez une touche d\u2019\u00e9l\u00e9gance artisanale \u00e0 vos espaces avec le carrelage SensiTerre Cottone 60\u00d760 cm de Florim. Ce mod\u00e8le reproduit avec subtilit\u00e9 l\u2019aspect d\u2019une terre cuite traditionnelle dans un format carr\u00e9 polyvalent, id\u00e9al pour les sols comme pour les murs. Sa teinte Cottone, douce et naturelle, rappelle les nuances du sable clair. Elle cr\u00e9e une atmosph\u00e8re chaleureuse, douce et intemporelle, s\u2019int\u00e9grant aussi bien dans des int\u00e9rieurs modernes, rustiques que minimalistes.","og_url":"https:\/\/homeproject.fr\/fr\/produit\/carrelage-florim-sensiterre-cottone-naturale-60x60-r10-ptv-9mm\/","og_site_name":"Homeproject.fr","article_modified_time":"2025-08-22T15:00:46+00:00","og_image":[{"width":1500,"height":1500,"url":"https:\/\/homeproject.fr\/fr\/wp-content\/uploads\/2025\/08\/Carrelage-contemporain-aspect-terre-cuite-grand-format-SensiTerre-Florim-Cottone-60x60-Naturale-R10-PTV-781499.jpg","type":"image\/jpeg"}],"twitter_card":"summary_large_image","twitter_misc":{"Dur\u00e9e de lecture estim\u00e9e":"2 minutes"},"schema":{"@context":"https:\/\/schema.org","@graph":[{"@type":"WebPage","@id":"https:\/\/homeproject.fr\/fr\/produit\/carrelage-florim-sensiterre-cottone-naturale-60x60-r10-ptv-9mm\/","url":"https:\/\/homeproject.fr\/fr\/produit\/carrelage-florim-sensiterre-cottone-naturale-60x60-r10-ptv-9mm\/","name":"Carrelage Florim SensiTerre Cottone Naturale 60x60 R10 PTV 9mm - Homeproject.fr","isPartOf":{"@id":"https:\/\/homeproject.fr\/fr\/#website"},"primaryImageOfPage":{"@id":"https:\/\/homeproject.fr\/fr\/produit\/carrelage-florim-sensiterre-cottone-naturale-60x60-r10-ptv-9mm\/#primaryimage"},"image":{"@id":"https:\/\/homeproject.fr\/fr\/produit\/carrelage-florim-sensiterre-cottone-naturale-60x60-r10-ptv-9mm\/#primaryimage"},"thumbnailUrl":"https:\/\/homeproject.fr\/fr\/wp-content\/uploads\/2025\/08\/Carrelage-contemporain-aspect-terre-cuite-grand-format-SensiTerre-Florim-Cottone-60x60-Naturale-R10-PTV-781499.jpg","datePublished":"2025-08-22T14:56:29+00:00","dateModified":"2025-08-22T15:00:46+00:00","breadcrumb":{"@id":"https:\/\/homeproject.fr\/fr\/produit\/carrelage-florim-sensiterre-cottone-naturale-60x60-r10-ptv-9mm\/#breadcrumb"},"inLanguage":"fr-FR","potentialAction":[{"@type":"ReadAction","target":["https:\/\/homeproject.fr\/fr\/produit\/carrelage-florim-sensiterre-cottone-naturale-60x60-r10-ptv-9mm\/"]}]},{"@type":"ImageObject","inLanguage":"fr-FR","@id":"https:\/\/homeproject.fr\/fr\/produit\/carrelage-florim-sensiterre-cottone-naturale-60x60-r10-ptv-9mm\/#primaryimage","url":"https:\/\/homeproject.fr\/fr\/wp-content\/uploads\/2025\/08\/Carrelage-contemporain-aspect-terre-cuite-grand-format-SensiTerre-Florim-Cottone-60x60-Naturale-R10-PTV-781499.jpg","contentUrl":"https:\/\/homeproject.fr\/fr\/wp-content\/uploads\/2025\/08\/Carrelage-contemporain-aspect-terre-cuite-grand-format-SensiTerre-Florim-Cottone-60x60-Naturale-R10-PTV-781499.jpg","width":1500,"height":1500},{"@type":"BreadcrumbList","@id":"https:\/\/homeproject.fr\/fr\/produit\/carrelage-florim-sensiterre-cottone-naturale-60x60-r10-ptv-9mm\/#breadcrumb","itemListElement":[{"@type":"ListItem","position":1,"name":"Accueil","item":"https:\/\/homeproject.fr\/fr\/"},{"@type":"ListItem","position":2,"name":"Boutique","item":"https:\/\/homeproject.fr\/fr\/boutique\/"},{"@type":"ListItem","position":3,"name":"Carrelage Florim SensiTerre Cottone Naturale 60&#215;60 R10 PTV 9mm"}]},{"@type":"WebSite","@id":"https:\/\/homeproject.fr\/fr\/#website","url":"https:\/\/homeproject.fr\/fr\/","name":"Homeproject.fr","description":"Offrez l&#039;exceptionnel \u00e0 vos espaces \u00e0 vivre","publisher":{"@id":"https:\/\/homeproject.fr\/fr\/#organization"},"potentialAction":[{"@type":"SearchAction","target":{"@type":"EntryPoint","urlTemplate":"https:\/\/homeproject.fr\/fr\/?s={search_term_string}"},"query-input":{"@type":"PropertyValueSpecification","valueRequired":true,"valueName":"search_term_string"}}],"inLanguage":"fr-FR"},{"@type":"Organization","@id":"https:\/\/homeproject.fr\/fr\/#organization","name":"Homeproject.fr","url":"https:\/\/homeproject.fr\/fr\/","logo":{"@type":"ImageObject","inLanguage":"fr-FR","@id":"https:\/\/homeproject.fr\/fr\/#\/schema\/logo\/image\/","url":"https:\/\/homeproject.fr\/fr\/wp-content\/uploads\/2024\/12\/Logo_HomeProject-noir-2.png","contentUrl":"https:\/\/homeproject.fr\/fr\/wp-content\/uploads\/2024\/12\/Logo_HomeProject-noir-2.png","width":300,"height":91,"caption":"Homeproject.fr"},"image":{"@id":"https:\/\/homeproject.fr\/fr\/#\/schema\/logo\/image\/"}}]}},"_links":{"self":[{"href":"https:\/\/homeproject.fr\/fr\/wp-json\/wp\/v2\/product\/15258","targetHints":{"allow":["GET"]}}],"collection":[{"href":"https:\/\/homeproject.fr\/fr\/wp-json\/wp\/v2\/product"}],"about":[{"href":"https:\/\/homeproject.fr\/fr\/wp-json\/wp\/v2\/types\/product"}],"version-history":[{"count":1,"href":"https:\/\/homeproject.fr\/fr\/wp-json\/wp\/v2\/product\/15258\/revisions"}],"predecessor-version":[{"id":15260,"href":"https:\/\/homeproject.fr\/fr\/wp-json\/wp\/v2\/product\/15258\/revisions\/15260"}],"wp:featuredmedia":[{"embeddable":true,"href":"https:\/\/homeproject.fr\/fr\/wp-json\/wp\/v2\/media\/15259"}],"wp:attachment":[{"href":"https:\/\/homeproject.fr\/fr\/wp-json\/wp\/v2\/media?parent=15258"}],"wp:term":[{"taxonomy":"product_brand","embeddable":true,"href":"https:\/\/homeproject.fr\/fr\/wp-json\/wp\/v2\/product_brand?post=15258"},{"taxonomy":"product_cat","embeddable":true,"href":"https:\/\/homeproject.fr\/fr\/wp-json\/wp\/v2\/product_cat?post=15258"},{"taxonomy":"product_tag","embeddable":true,"href":"https:\/\/homeproject.fr\/fr\/wp-json\/wp\/v2\/product_tag?post=15258"}],"curies":[{"name":"wp","href":"https:\/\/api.w.org\/{rel}","templated":true}]}}