{"id":15255,"date":"2025-08-22T14:47:34","date_gmt":"2025-08-22T14:47:34","guid":{"rendered":"https:\/\/homeproject.fr\/fr\/?post_type=product&#038;p=15255"},"modified":"2025-08-22T14:54:29","modified_gmt":"2025-08-22T14:54:29","slug":"carrelage-florim-sensiterre-cottone-naturale-60x120-r10-ptv-9mm","status":"publish","type":"product","link":"https:\/\/homeproject.fr\/fr\/produit\/carrelage-florim-sensiterre-cottone-naturale-60x120-r10-ptv-9mm\/","title":{"rendered":"Carrelage Florim SensiTerre Cottone Naturale 60&#215;120 R10 PTV 9mm"},"content":{"rendered":"<p><strong><a href=\"https:\/\/homeproject.fr\/fr\/produit\/echantillon-carrelage-florim-sensiterre-cottone-natural-9mm-r10-ptv\/\">Commander un \u00e9chantillon<\/a><\/strong><\/p>\n<div class=\"_tableContainer_sk2ct_1\">\n<div class=\"_tableWrapper_sk2ct_13 group flex w-fit flex-col-reverse\" tabindex=\"-1\"><\/div>\n<\/div>\n<h3 data-start=\"869\" data-end=\"906\"><strong data-start=\"875\" data-end=\"906\">Caract\u00e9ristiques techniques<\/strong><\/h3>\n<ul data-start=\"907\" data-end=\"1319\">\n<li data-start=\"907\" data-end=\"945\">\n<p data-start=\"909\" data-end=\"945\"><strong data-start=\"909\" data-end=\"923\">Collection<\/strong> : SensiTerre \u2013 Florim<\/p>\n<\/li>\n<li data-start=\"946\" data-end=\"989\">\n<p data-start=\"948\" data-end=\"989\"><strong data-start=\"948\" data-end=\"959\">Coloris<\/strong> : Cottone (beige sable clair)<\/p>\n<\/li>\n<li data-start=\"990\" data-end=\"1022\">\n<p data-start=\"992\" data-end=\"1022\"><strong data-start=\"992\" data-end=\"1004\">Finition<\/strong> : Naturale (mate)<\/p>\n<\/li>\n<li data-start=\"1023\" data-end=\"1085\">\n<p data-start=\"1025\" data-end=\"1085\"><strong data-start=\"1025\" data-end=\"1041\">Effet visuel<\/strong> : Terre cuite contemporaine \/ B\u00e9ton naturel<\/p>\n<\/li>\n<li data-start=\"1086\" data-end=\"1141\">\n<p data-start=\"1088\" data-end=\"1141\"><strong data-start=\"1088\" data-end=\"1098\">Format<\/strong> : 60 x 120 cm (grand format rectangulaire)<\/p>\n<\/li>\n<li data-start=\"1142\" data-end=\"1164\">\n<p data-start=\"1144\" data-end=\"1164\"><strong data-start=\"1144\" data-end=\"1157\">\u00c9paisseur<\/strong> : 9 mm<\/p>\n<\/li>\n<li data-start=\"1165\" data-end=\"1200\">\n<p data-start=\"1167\" data-end=\"1200\"><strong data-start=\"1167\" data-end=\"1190\">Indice antid\u00e9rapant<\/strong> : R10 PTV<\/p>\n<\/li>\n<li data-start=\"1201\" data-end=\"1235\">\n<p data-start=\"1203\" data-end=\"1235\"><strong data-start=\"1203\" data-end=\"1226\">R\u00e9f\u00e9rence fabricant<\/strong> : 781483<\/p>\n<\/li>\n<li data-start=\"1236\" data-end=\"1282\">\n<p data-start=\"1238\" data-end=\"1282\"><strong data-start=\"1238\" data-end=\"1250\">Mat\u00e9riau<\/strong> : Gr\u00e8s c\u00e9rame \u00e9maill\u00e9, rectifi\u00e9<\/p>\n<\/li>\n<li data-start=\"1283\" data-end=\"1319\">\n<p data-start=\"1285\" data-end=\"1319\"><strong data-start=\"1285\" data-end=\"1293\">Pose<\/strong> : Sols et murs int\u00e9rieurs<\/p>\n<\/li>\n<\/ul>\n<hr data-start=\"1321\" data-end=\"1324\" \/>\n<h3 data-start=\"1326\" data-end=\"1350\">\ud83c\udf3f <strong data-start=\"1333\" data-end=\"1350\">Les + produit<\/strong><\/h3>\n<ul data-start=\"1351\" data-end=\"1636\">\n<li data-start=\"1351\" data-end=\"1411\">\n<p data-start=\"1353\" data-end=\"1411\"><strong data-start=\"1353\" data-end=\"1384\">Aspect terre cuite revisit\u00e9<\/strong> avec subtilit\u00e9 et \u00e9l\u00e9gance<\/p>\n<\/li>\n<li data-start=\"1412\" data-end=\"1476\">\n<p data-start=\"1414\" data-end=\"1476\"><strong data-start=\"1414\" data-end=\"1439\">Grand format rectifi\u00e9<\/strong> : joints fins, rendu visuel homog\u00e8ne<\/p>\n<\/li>\n<li data-start=\"1477\" data-end=\"1537\">\n<p data-start=\"1479\" data-end=\"1537\"><strong data-start=\"1479\" data-end=\"1493\">Polyvalent<\/strong> : id\u00e9al pour toutes les pi\u00e8ces de la maison<\/p>\n<\/li>\n<li data-start=\"1538\" data-end=\"1600\">\n<p data-start=\"1540\" data-end=\"1600\"><strong data-start=\"1540\" data-end=\"1561\">R\u00e9sistance accrue<\/strong> aux chocs, rayures, taches et humidit\u00e9<\/p>\n<\/li>\n<li data-start=\"1601\" data-end=\"1636\">\n<p data-start=\"1603\" data-end=\"1636\"><strong data-start=\"1603\" data-end=\"1636\">Compatible plancher chauffant<\/strong><\/p>\n<\/li>\n<\/ul>\n<hr data-start=\"1638\" data-end=\"1641\" \/>\n<h3 data-start=\"1643\" data-end=\"1664\"><strong data-start=\"1650\" data-end=\"1664\">Id\u00e9al pour<\/strong><\/h3>\n<ul data-start=\"1665\" data-end=\"1826\">\n<li data-start=\"1665\" data-end=\"1690\">\n<p data-start=\"1667\" data-end=\"1690\">Sols et murs int\u00e9rieurs<\/p>\n<\/li>\n<li data-start=\"1691\" data-end=\"1730\">\n<p data-start=\"1693\" data-end=\"1730\">S\u00e9jours, chambres, cuisines, couloirs<\/p>\n<\/li>\n<li data-start=\"1731\" data-end=\"1788\">\n<p data-start=\"1733\" data-end=\"1788\">Salles de bain & douches \u00e0 l\u2019italienne (grip l\u00e9ger R10)<\/p>\n<\/li>\n<li data-start=\"1789\" data-end=\"1826\">\n<p data-start=\"1791\" data-end=\"1826\">Projets r\u00e9sidentiels ou commerciaux<\/p>\n<\/li>\n<\/ul>\n<hr data-start=\"1828\" data-end=\"1831\" \/>\n<h3 data-start=\"1833\" data-end=\"1860\"><strong data-start=\"1840\" data-end=\"1860\">Inspiration d\u00e9co<\/strong><\/h3>\n<p data-start=\"1861\" data-end=\"1930\">Ce carrelage beige clair au rendu min\u00e9ral se marie \u00e0 merveille avec :<\/p>\n<ul data-start=\"1931\" data-end=\"2117\">\n<li data-start=\"1931\" data-end=\"1967\">\n<p data-start=\"1933\" data-end=\"1967\">Des meubles en bois clair ou fonc\u00e9<\/p>\n<\/li>\n<li data-start=\"1968\" data-end=\"2010\">\n<p data-start=\"1970\" data-end=\"2010\">Des textiles naturels (lin, jute, coton)<\/p>\n<\/li>\n<li data-start=\"2011\" data-end=\"2066\">\n<p data-start=\"2013\" data-end=\"2066\">Une d\u00e9coration m\u00e9diterran\u00e9enne, boh\u00e8me ou minimaliste<\/p>\n<\/li>\n<li data-start=\"2067\" data-end=\"2117\">\n<p data-start=\"2069\" data-end=\"2117\">Des couleurs douces (terre, argile, blanc cass\u00e9)<\/p>\n<\/li>\n<\/ul>\n<hr data-start=\"2283\" data-end=\"2286\" \/>\n<h3 data-start=\"2288\" data-end=\"2321\">\ud83d\udca1 <strong data-start=\"2295\" data-end=\"2321\">Conseil HomeProject.fr<\/strong><\/h3>\n<p data-start=\"2322\" data-end=\"2544\">Le format <strong data-start=\"2332\" data-end=\"2345\">60\u00d7120 cm<\/strong> est id\u00e9al pour cr\u00e9er une sensation d\u2019espace, m\u00eame dans les petites pi\u00e8ces.<\/p>\n<hr data-start=\"2546\" data-end=\"2549\" \/>\n<p data-start=\"2551\" data-end=\"2719\"><strong data-start=\"2551\" data-end=\"2719\">Apportez authenticit\u00e9, douceur et modernit\u00e9 \u00e0 vos int\u00e9rieurs avec le carrelage SensiTerre Cottone 60\u00d7120 cm. Un choix esth\u00e9tique, pratique et durable, sign\u00e9 Florim.<\/strong><\/p>\n<h3 data-start=\"1949\" data-end=\"1974\"><strong style=\"font-family: inherit; font-size: 30px;\">Vous avez des questions ?<\/strong><\/h3>\n<style id=\"wpforms-css-vars-3675\">\n\t\t\t\t#wpforms-3675 {\n\t\t\t\t\n\t\t\t}\n\t\t\t<\/style><div class=\"wpforms-container wpforms-container-full wpforms-render-modern\" id=\"wpforms-3675\"><form id=\"wpforms-form-3675\" class=\"wpforms-validate wpforms-form wpforms-ajax-form\" data-formid=\"3675\" method=\"post\" enctype=\"multipart\/form-data\" action=\"\/fr\/wp-json\/wp\/v2\/product\/15255\" data-token=\"86cfa3cd8fc4572532d762e2357ac556\" data-token-time=\"1777815203\"><noscript class=\"wpforms-error-noscript\">Veuillez activer JavaScript dans votre navigateur pour remplir ce formulaire.<\/noscript><div id=\"wpforms-error-noscript\" style=\"display: none;\">Veuillez activer JavaScript dans votre navigateur pour remplir ce formulaire.<\/div><div class=\"wpforms-field-container\"><div id=\"wpforms-3675-field_3-container\" class=\"wpforms-field wpforms-field-name\" data-field-id=\"3\"><fieldset><legend class=\"wpforms-field-label\">Nom <span class=\"wpforms-required-label\" aria-hidden=\"true\">*<\/span><\/legend><div class=\"wpforms-field-row wpforms-field-medium\"><div class=\"wpforms-field-row-block wpforms-first wpforms-one-half\"><input type=\"text\" id=\"wpforms-3675-field_3\" class=\"wpforms-field-name-first wpforms-field-required\" name=\"wpforms[fields][3][first]\" aria-errormessage=\"wpforms-3675-field_3-error\" required><label for=\"wpforms-3675-field_3\" class=\"wpforms-field-sublabel after\">Pr\u00e9nom<\/label><\/div><div class=\"wpforms-field-row-block wpforms-one-half\"><input type=\"text\" id=\"wpforms-3675-field_3-last\" class=\"wpforms-field-name-last wpforms-field-required\" name=\"wpforms[fields][3][last]\" aria-errormessage=\"wpforms-3675-field_3-last-error\" required><label for=\"wpforms-3675-field_3-last\" class=\"wpforms-field-sublabel after\">Nom<\/label><\/div><\/div><\/fieldset><\/div>\t\t<div id=\"wpforms-3675-field_1-container\"\n\t\t\tclass=\"wpforms-field wpforms-field-text\"\n\t\t\tdata-field-type=\"text\"\n\t\t\tdata-field-id=\"1\"\n\t\t\t>\n\t\t\t<label class=\"wpforms-field-label\" for=\"wpforms-3675-field_1\" >E-mail Nom Message<\/label>\n\t\t\t<input type=\"text\" id=\"wpforms-3675-field_1\" class=\"wpforms-field-medium\" name=\"wpforms[fields][1]\" >\n\t\t<\/div>\n\t\t<div id=\"wpforms-3675-field_4-container\" class=\"wpforms-field wpforms-field-email\" data-field-id=\"4\"><label class=\"wpforms-field-label\" for=\"wpforms-3675-field_4\">E-mail <span class=\"wpforms-required-label\" aria-hidden=\"true\">*<\/span><\/label><input type=\"email\" id=\"wpforms-3675-field_4\" class=\"wpforms-field-medium wpforms-field-required\" name=\"wpforms[fields][4]\" spellcheck=\"false\" aria-errormessage=\"wpforms-3675-field_4-error\" required><\/div><div id=\"wpforms-3675-field_5-container\" class=\"wpforms-field wpforms-field-textarea\" data-field-id=\"5\"><label class=\"wpforms-field-label\" for=\"wpforms-3675-field_5\">Message <span class=\"wpforms-required-label\" aria-hidden=\"true\">*<\/span><\/label><textarea id=\"wpforms-3675-field_5\" class=\"wpforms-field-medium wpforms-field-required\" name=\"wpforms[fields][5]\" aria-errormessage=\"wpforms-3675-field_5-error\" required><\/textarea><\/div><script>\n\t\t\t\t( function() {\n\t\t\t\t\tconst style = document.createElement( 'style' );\n\t\t\t\t\tstyle.appendChild( document.createTextNode( '#wpforms-3675-field_1-container { position: absolute !important; overflow: hidden !important; display: inline !important; height: 1px !important; width: 1px !important; z-index: -1000 !important; padding: 0 !important; } #wpforms-3675-field_1-container input { visibility: hidden; } #wpforms-conversational-form-page #wpforms-3675-field_1-container label { counter-increment: none; }' ) );\n\t\t\t\t\tdocument.head.appendChild( style );\n\t\t\t\t\tdocument.currentScript?.remove();\n\t\t\t\t} )();\n\t\t\t<\/script><\/div><!-- .wpforms-field-container --><div class=\"wpforms-submit-container\" ><input type=\"hidden\" name=\"wpforms[id]\" value=\"3675\"><input type=\"hidden\" name=\"page_title\" value=\"\"><input type=\"hidden\" name=\"page_url\" value=\"https:\/\/homeproject.fr\/fr\/wp-json\/wp\/v2\/product\/15255\"><input type=\"hidden\" name=\"url_referer\" value=\"\"><button type=\"submit\" name=\"wpforms[submit]\" id=\"wpforms-submit-3675\" class=\"wpforms-submit\" data-alt-text=\"Envoi...\" data-submit-text=\"Envoyer\" aria-live=\"assertive\" value=\"wpforms-submit\">Envoyer<\/button><img decoding=\"async\" src=\"https:\/\/homeproject.fr\/fr\/wp-content\/plugins\/wpforms-lite\/assets\/images\/submit-spin.svg\" class=\"wpforms-submit-spinner\" style=\"display: none;\" width=\"26\" height=\"26\" alt=\"Chargement en cours\"><\/div><\/form><\/div>  <!-- .wpforms-container -->\n","protected":false},"excerpt":{"rendered":"<p data-start=\"280\" data-end=\"351\"><strong data-start=\"280\" data-end=\"351\">Chaleur min\u00e9rale et \u00e9l\u00e9gance italienne pour les int\u00e9rieurs raffin\u00e9s<\/strong><\/p>\n<p data-start=\"353\" data-end=\"682\">Le carrelage <strong data-start=\"366\" data-end=\"398\">SensiTerre Cottone 60\u00d7120 cm<\/strong> de <strong data-start=\"402\" data-end=\"412\">Florim<\/strong> incarne l\u2019alliance parfaite entre la chaleur naturelle de la terre cuite et la modernit\u00e9 du grand format. Sa finition <strong data-start=\"531\" data-end=\"551\">Naturale R10 PTV<\/strong> offre un toucher doux, mat et l\u00e9g\u00e8rement textur\u00e9, id\u00e9al pour cr\u00e9er une ambiance chaleureuse et contemporaine dans toute la maison.<\/p>\n<p data-start=\"684\" data-end=\"862\">Inspir\u00e9 de l\u2019artisanat italien, ce mod\u00e8le se distingue par sa couleur beige sable lumineuse et subtilement nuanc\u00e9e, parfaite pour r\u00e9chauffer les espaces de vie sans les alourdir.<\/p>\n<hr data-start=\"841\" data-end=\"844\" \/>\n","protected":false},"featured_media":15256,"template":"","meta":{"_uf_show_specific_survey":0,"_uf_disable_surveys":false,"iawp_total_views":40},"product_brand":[607],"product_cat":[123,20,502],"product_tag":[],"class_list":{"0":"post-15255","1":"product","2":"type-product","3":"status-publish","4":"has-post-thumbnail","6":"product_brand-florim","7":"product_cat-aspect-beton","8":"product_cat-carrelage","9":"product_cat-terre-cuite","10":"product_shipping_class-carrelage","11":"pa_collection-sensiterre-par-florim","12":"pa_designer-matteo-thun","13":"pa_dimensions-nominales-60x120","14":"pa_effet-beton","15":"pa_effet-terre-cuite","16":"pa_epaisseur-9mm","17":"pa_marque-florim","18":"pa_materiau-gres-cerame-non-emaille","20":"first","21":"instock","22":"sale","23":"taxable","24":"shipping-taxable","25":"purchasable","26":"product-type-simple"},"yoast_head":"<!-- This site is optimized with the Yoast SEO plugin v27.5 - https:\/\/yoast.com\/product\/yoast-seo-wordpress\/ -->\n<title>Carrelage Florim SensiTerre Cottone Naturale 60x120 R10 PTV 9mm - Homeproject.fr<\/title>\n<meta name=\"robots\" content=\"index, follow, max-snippet:-1, max-image-preview:large, max-video-preview:-1\" \/>\n<link rel=\"canonical\" href=\"https:\/\/homeproject.fr\/fr\/produit\/carrelage-florim-sensiterre-cottone-naturale-60x120-r10-ptv-9mm\/\" \/>\n<meta property=\"og:locale\" content=\"fr_FR\" \/>\n<meta property=\"og:type\" content=\"article\" \/>\n<meta property=\"og:title\" content=\"Carrelage Florim SensiTerre Cottone Naturale 60x120 R10 PTV 9mm - Homeproject.fr\" \/>\n<meta property=\"og:description\" content=\"Chaleur min\u00e9rale et \u00e9l\u00e9gance italienne pour les int\u00e9rieurs raffin\u00e9s Le carrelage SensiTerre Cottone 60\u00d7120 cm de Florim incarne l\u2019alliance parfaite entre la chaleur naturelle de la terre cuite et la modernit\u00e9 du grand format. Sa finition Naturale R10 PTV offre un toucher doux, mat et l\u00e9g\u00e8rement textur\u00e9, id\u00e9al pour cr\u00e9er une ambiance chaleureuse et contemporaine dans toute la maison. Inspir\u00e9 de l\u2019artisanat italien, ce mod\u00e8le se distingue par sa couleur beige sable lumineuse et subtilement nuanc\u00e9e, parfaite pour r\u00e9chauffer les espaces de vie sans les alourdir.\" \/>\n<meta property=\"og:url\" content=\"https:\/\/homeproject.fr\/fr\/produit\/carrelage-florim-sensiterre-cottone-naturale-60x120-r10-ptv-9mm\/\" \/>\n<meta property=\"og:site_name\" content=\"Homeproject.fr\" \/>\n<meta property=\"article:modified_time\" content=\"2025-08-22T14:54:29+00:00\" \/>\n<meta property=\"og:image\" content=\"https:\/\/homeproject.fr\/fr\/wp-content\/uploads\/2025\/08\/Carrelage-contemporain-aspect-terre-cuite-grand-format-SensiTerre-Florim-Cottone-60x120-Naturale-R10-PTV-781483.jpg\" \/>\n\t<meta property=\"og:image:width\" content=\"1500\" \/>\n\t<meta property=\"og:image:height\" content=\"1500\" \/>\n\t<meta property=\"og:image:type\" content=\"image\/jpeg\" \/>\n<meta name=\"twitter:card\" content=\"summary_large_image\" \/>\n<meta name=\"twitter:label1\" content=\"Dur\u00e9e de lecture estim\u00e9e\" \/>\n\t<meta name=\"twitter:data1\" content=\"2 minutes\" \/>\n<script type=\"application\/ld+json\" class=\"yoast-schema-graph\">{\"@context\":\"https:\\\/\\\/schema.org\",\"@graph\":[{\"@type\":\"WebPage\",\"@id\":\"https:\\\/\\\/homeproject.fr\\\/fr\\\/produit\\\/carrelage-florim-sensiterre-cottone-naturale-60x120-r10-ptv-9mm\\\/\",\"url\":\"https:\\\/\\\/homeproject.fr\\\/fr\\\/produit\\\/carrelage-florim-sensiterre-cottone-naturale-60x120-r10-ptv-9mm\\\/\",\"name\":\"Carrelage Florim SensiTerre Cottone Naturale 60x120 R10 PTV 9mm - Homeproject.fr\",\"isPartOf\":{\"@id\":\"https:\\\/\\\/homeproject.fr\\\/fr\\\/#website\"},\"primaryImageOfPage\":{\"@id\":\"https:\\\/\\\/homeproject.fr\\\/fr\\\/produit\\\/carrelage-florim-sensiterre-cottone-naturale-60x120-r10-ptv-9mm\\\/#primaryimage\"},\"image\":{\"@id\":\"https:\\\/\\\/homeproject.fr\\\/fr\\\/produit\\\/carrelage-florim-sensiterre-cottone-naturale-60x120-r10-ptv-9mm\\\/#primaryimage\"},\"thumbnailUrl\":\"https:\\\/\\\/homeproject.fr\\\/fr\\\/wp-content\\\/uploads\\\/2025\\\/08\\\/Carrelage-contemporain-aspect-terre-cuite-grand-format-SensiTerre-Florim-Cottone-60x120-Naturale-R10-PTV-781483.jpg\",\"datePublished\":\"2025-08-22T14:47:34+00:00\",\"dateModified\":\"2025-08-22T14:54:29+00:00\",\"breadcrumb\":{\"@id\":\"https:\\\/\\\/homeproject.fr\\\/fr\\\/produit\\\/carrelage-florim-sensiterre-cottone-naturale-60x120-r10-ptv-9mm\\\/#breadcrumb\"},\"inLanguage\":\"fr-FR\",\"potentialAction\":[{\"@type\":\"ReadAction\",\"target\":[\"https:\\\/\\\/homeproject.fr\\\/fr\\\/produit\\\/carrelage-florim-sensiterre-cottone-naturale-60x120-r10-ptv-9mm\\\/\"]}]},{\"@type\":\"ImageObject\",\"inLanguage\":\"fr-FR\",\"@id\":\"https:\\\/\\\/homeproject.fr\\\/fr\\\/produit\\\/carrelage-florim-sensiterre-cottone-naturale-60x120-r10-ptv-9mm\\\/#primaryimage\",\"url\":\"https:\\\/\\\/homeproject.fr\\\/fr\\\/wp-content\\\/uploads\\\/2025\\\/08\\\/Carrelage-contemporain-aspect-terre-cuite-grand-format-SensiTerre-Florim-Cottone-60x120-Naturale-R10-PTV-781483.jpg\",\"contentUrl\":\"https:\\\/\\\/homeproject.fr\\\/fr\\\/wp-content\\\/uploads\\\/2025\\\/08\\\/Carrelage-contemporain-aspect-terre-cuite-grand-format-SensiTerre-Florim-Cottone-60x120-Naturale-R10-PTV-781483.jpg\",\"width\":1500,\"height\":1500},{\"@type\":\"BreadcrumbList\",\"@id\":\"https:\\\/\\\/homeproject.fr\\\/fr\\\/produit\\\/carrelage-florim-sensiterre-cottone-naturale-60x120-r10-ptv-9mm\\\/#breadcrumb\",\"itemListElement\":[{\"@type\":\"ListItem\",\"position\":1,\"name\":\"Accueil\",\"item\":\"https:\\\/\\\/homeproject.fr\\\/fr\\\/\"},{\"@type\":\"ListItem\",\"position\":2,\"name\":\"Boutique\",\"item\":\"https:\\\/\\\/homeproject.fr\\\/fr\\\/boutique\\\/\"},{\"@type\":\"ListItem\",\"position\":3,\"name\":\"Carrelage Florim SensiTerre Cottone Naturale 60&#215;120 R10 PTV 9mm\"}]},{\"@type\":\"WebSite\",\"@id\":\"https:\\\/\\\/homeproject.fr\\\/fr\\\/#website\",\"url\":\"https:\\\/\\\/homeproject.fr\\\/fr\\\/\",\"name\":\"Homeproject.fr\",\"description\":\"Offrez l&#039;exceptionnel \u00e0 vos espaces \u00e0 vivre\",\"publisher\":{\"@id\":\"https:\\\/\\\/homeproject.fr\\\/fr\\\/#organization\"},\"potentialAction\":[{\"@type\":\"SearchAction\",\"target\":{\"@type\":\"EntryPoint\",\"urlTemplate\":\"https:\\\/\\\/homeproject.fr\\\/fr\\\/?s={search_term_string}\"},\"query-input\":{\"@type\":\"PropertyValueSpecification\",\"valueRequired\":true,\"valueName\":\"search_term_string\"}}],\"inLanguage\":\"fr-FR\"},{\"@type\":\"Organization\",\"@id\":\"https:\\\/\\\/homeproject.fr\\\/fr\\\/#organization\",\"name\":\"Homeproject.fr\",\"url\":\"https:\\\/\\\/homeproject.fr\\\/fr\\\/\",\"logo\":{\"@type\":\"ImageObject\",\"inLanguage\":\"fr-FR\",\"@id\":\"https:\\\/\\\/homeproject.fr\\\/fr\\\/#\\\/schema\\\/logo\\\/image\\\/\",\"url\":\"https:\\\/\\\/homeproject.fr\\\/fr\\\/wp-content\\\/uploads\\\/2024\\\/12\\\/Logo_HomeProject-noir-2.png\",\"contentUrl\":\"https:\\\/\\\/homeproject.fr\\\/fr\\\/wp-content\\\/uploads\\\/2024\\\/12\\\/Logo_HomeProject-noir-2.png\",\"width\":300,\"height\":91,\"caption\":\"Homeproject.fr\"},\"image\":{\"@id\":\"https:\\\/\\\/homeproject.fr\\\/fr\\\/#\\\/schema\\\/logo\\\/image\\\/\"}}]}<\/script>\n<!-- \/ Yoast SEO plugin. -->","yoast_head_json":{"title":"Carrelage Florim SensiTerre Cottone Naturale 60x120 R10 PTV 9mm - Homeproject.fr","robots":{"index":"index","follow":"follow","max-snippet":"max-snippet:-1","max-image-preview":"max-image-preview:large","max-video-preview":"max-video-preview:-1"},"canonical":"https:\/\/homeproject.fr\/fr\/produit\/carrelage-florim-sensiterre-cottone-naturale-60x120-r10-ptv-9mm\/","og_locale":"fr_FR","og_type":"article","og_title":"Carrelage Florim SensiTerre Cottone Naturale 60x120 R10 PTV 9mm - Homeproject.fr","og_description":"Chaleur min\u00e9rale et \u00e9l\u00e9gance italienne pour les int\u00e9rieurs raffin\u00e9s Le carrelage SensiTerre Cottone 60\u00d7120 cm de Florim incarne l\u2019alliance parfaite entre la chaleur naturelle de la terre cuite et la modernit\u00e9 du grand format. Sa finition Naturale R10 PTV offre un toucher doux, mat et l\u00e9g\u00e8rement textur\u00e9, id\u00e9al pour cr\u00e9er une ambiance chaleureuse et contemporaine dans toute la maison. Inspir\u00e9 de l\u2019artisanat italien, ce mod\u00e8le se distingue par sa couleur beige sable lumineuse et subtilement nuanc\u00e9e, parfaite pour r\u00e9chauffer les espaces de vie sans les alourdir.","og_url":"https:\/\/homeproject.fr\/fr\/produit\/carrelage-florim-sensiterre-cottone-naturale-60x120-r10-ptv-9mm\/","og_site_name":"Homeproject.fr","article_modified_time":"2025-08-22T14:54:29+00:00","og_image":[{"width":1500,"height":1500,"url":"https:\/\/homeproject.fr\/fr\/wp-content\/uploads\/2025\/08\/Carrelage-contemporain-aspect-terre-cuite-grand-format-SensiTerre-Florim-Cottone-60x120-Naturale-R10-PTV-781483.jpg","type":"image\/jpeg"}],"twitter_card":"summary_large_image","twitter_misc":{"Dur\u00e9e de lecture estim\u00e9e":"2 minutes"},"schema":{"@context":"https:\/\/schema.org","@graph":[{"@type":"WebPage","@id":"https:\/\/homeproject.fr\/fr\/produit\/carrelage-florim-sensiterre-cottone-naturale-60x120-r10-ptv-9mm\/","url":"https:\/\/homeproject.fr\/fr\/produit\/carrelage-florim-sensiterre-cottone-naturale-60x120-r10-ptv-9mm\/","name":"Carrelage Florim SensiTerre Cottone Naturale 60x120 R10 PTV 9mm - Homeproject.fr","isPartOf":{"@id":"https:\/\/homeproject.fr\/fr\/#website"},"primaryImageOfPage":{"@id":"https:\/\/homeproject.fr\/fr\/produit\/carrelage-florim-sensiterre-cottone-naturale-60x120-r10-ptv-9mm\/#primaryimage"},"image":{"@id":"https:\/\/homeproject.fr\/fr\/produit\/carrelage-florim-sensiterre-cottone-naturale-60x120-r10-ptv-9mm\/#primaryimage"},"thumbnailUrl":"https:\/\/homeproject.fr\/fr\/wp-content\/uploads\/2025\/08\/Carrelage-contemporain-aspect-terre-cuite-grand-format-SensiTerre-Florim-Cottone-60x120-Naturale-R10-PTV-781483.jpg","datePublished":"2025-08-22T14:47:34+00:00","dateModified":"2025-08-22T14:54:29+00:00","breadcrumb":{"@id":"https:\/\/homeproject.fr\/fr\/produit\/carrelage-florim-sensiterre-cottone-naturale-60x120-r10-ptv-9mm\/#breadcrumb"},"inLanguage":"fr-FR","potentialAction":[{"@type":"ReadAction","target":["https:\/\/homeproject.fr\/fr\/produit\/carrelage-florim-sensiterre-cottone-naturale-60x120-r10-ptv-9mm\/"]}]},{"@type":"ImageObject","inLanguage":"fr-FR","@id":"https:\/\/homeproject.fr\/fr\/produit\/carrelage-florim-sensiterre-cottone-naturale-60x120-r10-ptv-9mm\/#primaryimage","url":"https:\/\/homeproject.fr\/fr\/wp-content\/uploads\/2025\/08\/Carrelage-contemporain-aspect-terre-cuite-grand-format-SensiTerre-Florim-Cottone-60x120-Naturale-R10-PTV-781483.jpg","contentUrl":"https:\/\/homeproject.fr\/fr\/wp-content\/uploads\/2025\/08\/Carrelage-contemporain-aspect-terre-cuite-grand-format-SensiTerre-Florim-Cottone-60x120-Naturale-R10-PTV-781483.jpg","width":1500,"height":1500},{"@type":"BreadcrumbList","@id":"https:\/\/homeproject.fr\/fr\/produit\/carrelage-florim-sensiterre-cottone-naturale-60x120-r10-ptv-9mm\/#breadcrumb","itemListElement":[{"@type":"ListItem","position":1,"name":"Accueil","item":"https:\/\/homeproject.fr\/fr\/"},{"@type":"ListItem","position":2,"name":"Boutique","item":"https:\/\/homeproject.fr\/fr\/boutique\/"},{"@type":"ListItem","position":3,"name":"Carrelage Florim SensiTerre Cottone Naturale 60&#215;120 R10 PTV 9mm"}]},{"@type":"WebSite","@id":"https:\/\/homeproject.fr\/fr\/#website","url":"https:\/\/homeproject.fr\/fr\/","name":"Homeproject.fr","description":"Offrez l&#039;exceptionnel \u00e0 vos espaces \u00e0 vivre","publisher":{"@id":"https:\/\/homeproject.fr\/fr\/#organization"},"potentialAction":[{"@type":"SearchAction","target":{"@type":"EntryPoint","urlTemplate":"https:\/\/homeproject.fr\/fr\/?s={search_term_string}"},"query-input":{"@type":"PropertyValueSpecification","valueRequired":true,"valueName":"search_term_string"}}],"inLanguage":"fr-FR"},{"@type":"Organization","@id":"https:\/\/homeproject.fr\/fr\/#organization","name":"Homeproject.fr","url":"https:\/\/homeproject.fr\/fr\/","logo":{"@type":"ImageObject","inLanguage":"fr-FR","@id":"https:\/\/homeproject.fr\/fr\/#\/schema\/logo\/image\/","url":"https:\/\/homeproject.fr\/fr\/wp-content\/uploads\/2024\/12\/Logo_HomeProject-noir-2.png","contentUrl":"https:\/\/homeproject.fr\/fr\/wp-content\/uploads\/2024\/12\/Logo_HomeProject-noir-2.png","width":300,"height":91,"caption":"Homeproject.fr"},"image":{"@id":"https:\/\/homeproject.fr\/fr\/#\/schema\/logo\/image\/"}}]}},"_links":{"self":[{"href":"https:\/\/homeproject.fr\/fr\/wp-json\/wp\/v2\/product\/15255","targetHints":{"allow":["GET"]}}],"collection":[{"href":"https:\/\/homeproject.fr\/fr\/wp-json\/wp\/v2\/product"}],"about":[{"href":"https:\/\/homeproject.fr\/fr\/wp-json\/wp\/v2\/types\/product"}],"version-history":[{"count":1,"href":"https:\/\/homeproject.fr\/fr\/wp-json\/wp\/v2\/product\/15255\/revisions"}],"predecessor-version":[{"id":15257,"href":"https:\/\/homeproject.fr\/fr\/wp-json\/wp\/v2\/product\/15255\/revisions\/15257"}],"wp:featuredmedia":[{"embeddable":true,"href":"https:\/\/homeproject.fr\/fr\/wp-json\/wp\/v2\/media\/15256"}],"wp:attachment":[{"href":"https:\/\/homeproject.fr\/fr\/wp-json\/wp\/v2\/media?parent=15255"}],"wp:term":[{"taxonomy":"product_brand","embeddable":true,"href":"https:\/\/homeproject.fr\/fr\/wp-json\/wp\/v2\/product_brand?post=15255"},{"taxonomy":"product_cat","embeddable":true,"href":"https:\/\/homeproject.fr\/fr\/wp-json\/wp\/v2\/product_cat?post=15255"},{"taxonomy":"product_tag","embeddable":true,"href":"https:\/\/homeproject.fr\/fr\/wp-json\/wp\/v2\/product_tag?post=15255"}],"curies":[{"name":"wp","href":"https:\/\/api.w.org\/{rel}","templated":true}]}}