{"id":15252,"date":"2025-08-22T14:39:30","date_gmt":"2025-08-22T14:39:30","guid":{"rendered":"https:\/\/homeproject.fr\/fr\/?post_type=product&#038;p=15252"},"modified":"2025-08-22T14:45:16","modified_gmt":"2025-08-22T14:45:16","slug":"carrelage-florim-sensiterre-cottone-naturale-80x80-r10-ptv-9mm","status":"publish","type":"product","link":"https:\/\/homeproject.fr\/fr\/produit\/carrelage-florim-sensiterre-cottone-naturale-80x80-r10-ptv-9mm\/","title":{"rendered":"Carrelage Florim SensiTerre Cottone Naturale 80&#215;80 R10 PTV 9mm"},"content":{"rendered":"<p><strong><a href=\"https:\/\/homeproject.fr\/fr\/produit\/echantillon-carrelage-florim-sensiterre-cottone-natural-9mm-r10-ptv\/\">Commander un \u00e9chantillon<\/a><\/strong><\/p>\n<div class=\"_tableContainer_sk2ct_1\">\n<div class=\"_tableWrapper_sk2ct_13 group flex w-fit flex-col-reverse\" tabindex=\"-1\">\n<div class=\"_tableContainer_sk2ct_1\">\n<h3 data-start=\"904\" data-end=\"939\"><strong data-start=\"908\" data-end=\"939\">Caract\u00e9ristiques techniques<\/strong><\/h3>\n<div class=\"_tableContainer_sk2ct_1\">\n<div class=\"_tableWrapper_sk2ct_13 group flex w-fit flex-col-reverse\" tabindex=\"-1\">\n<table class=\"w-fit min-w-(--thread-content-width)\" data-start=\"941\" data-end=\"1999\">\n<thead data-start=\"941\" data-end=\"1021\">\n<tr data-start=\"941\" data-end=\"1021\">\n<th data-start=\"941\" data-end=\"969\" data-col-size=\"sm\"><strong data-start=\"943\" data-end=\"960\">Sp\u00e9cification<\/strong><\/th>\n<th data-start=\"969\" data-end=\"1021\" data-col-size=\"md\"><strong data-start=\"971\" data-end=\"981\">D\u00e9tail<\/strong><\/th>\n<\/tr>\n<\/thead>\n<tbody data-start=\"1103\" data-end=\"1999\">\n<tr data-start=\"1103\" data-end=\"1184\">\n<td data-start=\"1103\" data-end=\"1131\" data-col-size=\"sm\">Marque<\/td>\n<td data-start=\"1131\" data-end=\"1184\" data-col-size=\"md\">Florim<\/td>\n<\/tr>\n<tr data-start=\"1185\" data-end=\"1266\">\n<td data-start=\"1185\" data-end=\"1213\" data-col-size=\"sm\">Collection<\/td>\n<td data-start=\"1213\" data-end=\"1266\" data-col-size=\"md\">SensiTerre<\/td>\n<\/tr>\n<tr data-start=\"1267\" data-end=\"1348\">\n<td data-start=\"1267\" data-end=\"1295\" data-col-size=\"sm\">Mod\u00e8le \/ R\u00e9f\u00e9rence<\/td>\n<td data-start=\"1295\" data-end=\"1348\" data-col-size=\"md\">Cottone \u2013 781524<\/td>\n<\/tr>\n<tr data-start=\"1349\" data-end=\"1430\">\n<td data-start=\"1349\" data-end=\"1377\" data-col-size=\"sm\">Format<\/td>\n<td data-start=\"1377\" data-end=\"1430\" data-col-size=\"md\">80 \u00d7 80 cm<\/td>\n<\/tr>\n<tr data-start=\"1431\" data-end=\"1512\">\n<td data-start=\"1431\" data-end=\"1459\" data-col-size=\"sm\">\u00c9paisseur<\/td>\n<td data-start=\"1459\" data-end=\"1512\" data-col-size=\"md\">9 mm<\/td>\n<\/tr>\n<tr data-start=\"1513\" data-end=\"1593\">\n<td data-start=\"1513\" data-end=\"1541\" data-col-size=\"sm\">Finition<\/td>\n<td data-start=\"1541\" data-end=\"1593\" data-col-size=\"md\">Naturelle (mate, douce au toucher)<\/td>\n<\/tr>\n<tr data-start=\"1594\" data-end=\"1675\">\n<td data-start=\"1594\" data-end=\"1622\" data-col-size=\"sm\">Antid\u00e9rapance<\/td>\n<td data-start=\"1622\" data-end=\"1675\" data-col-size=\"md\">R10 PTV \u2013 adh\u00e9rence mod\u00e9r\u00e9e<\/td>\n<\/tr>\n<tr data-start=\"1676\" data-end=\"1756\">\n<td data-start=\"1676\" data-end=\"1704\" data-col-size=\"sm\">Effet<\/td>\n<td data-col-size=\"md\" data-start=\"1704\" data-end=\"1756\">Ciment \/ Terre cuite contemporaine<\/td>\n<\/tr>\n<tr data-start=\"1757\" data-end=\"1837\">\n<td data-start=\"1757\" data-end=\"1785\" data-col-size=\"sm\">Couleur<\/td>\n<td data-start=\"1785\" data-end=\"1837\" data-col-size=\"md\">Cottone (beige, ton naturel)<\/td>\n<\/tr>\n<tr data-start=\"1838\" data-end=\"1918\">\n<td data-start=\"1838\" data-end=\"1866\" data-col-size=\"sm\">Utilisation<\/td>\n<td data-start=\"1866\" data-end=\"1918\" data-col-size=\"md\">Sols et murs \u2013 int\u00e9rieur, zones semi-couvertes<\/td>\n<\/tr>\n<tr data-start=\"1919\" data-end=\"1999\">\n<td data-start=\"1919\" data-end=\"1947\" data-col-size=\"sm\">Pose recommand\u00e9e<\/td>\n<td data-start=\"1947\" data-end=\"1999\" data-col-size=\"md\">droite, joints fins<\/td>\n<\/tr>\n<\/tbody>\n<\/table>\n<\/div>\n<\/div>\n<\/div>\n<\/div>\n<\/div>\n<hr data-start=\"1522\" data-end=\"1525\" \/>\n<h3 data-start=\"2006\" data-end=\"2031\"><strong data-start=\"2010\" data-end=\"2031\">Avantages produit<\/strong><\/h3>\n<ul data-start=\"2032\" data-end=\"2353\">\n<li data-start=\"2032\" data-end=\"2103\">\n<p data-start=\"2034\" data-end=\"2103\">\u2705 Format 80\u00d780 cm : \u00e9quilibre parfait entre modernit\u00e9 et modularit\u00e9<\/p>\n<\/li>\n<li data-start=\"2104\" data-end=\"2162\">\n<p data-start=\"2106\" data-end=\"2162\">\u2705 Teinte Cottone : chaleureuse, claire, facile \u00e0 associer<\/p>\n<\/li>\n<li data-start=\"2163\" data-end=\"2252\">\n<p data-start=\"2165\" data-end=\"2252\">\u2705 Finition naturelle R10 : pour un usage int\u00e9rieur confortable, m\u00eame en zones humides<\/p>\n<\/li>\n<li data-start=\"2253\" data-end=\"2321\">\n<p data-start=\"2255\" data-end=\"2321\">\u2705 R\u00e9sistant \u00e0 l\u2019usure, aux taches, aux variations de temp\u00e9rature<\/p>\n<\/li>\n<li data-start=\"2322\" data-end=\"2353\">\n<p data-start=\"2324\" data-end=\"2353\">\u2705 Compatible chauffage au sol<\/p>\n<\/li>\n<\/ul>\n<hr data-start=\"2355\" data-end=\"2358\" \/>\n<h3 data-start=\"2360\" data-end=\"2393\"><strong data-start=\"2364\" data-end=\"2393\">Applications recommand\u00e9es<\/strong><\/h3>\n<ul data-start=\"2394\" data-end=\"2530\">\n<li data-start=\"2394\" data-end=\"2422\">\n<p data-start=\"2396\" data-end=\"2422\">S\u00e9jours, chambres, halls<\/p>\n<\/li>\n<li data-start=\"2423\" data-end=\"2451\">\n<p data-start=\"2425\" data-end=\"2451\">Cuisines, salles de bain<\/p>\n<\/li>\n<li data-start=\"2452\" data-end=\"2482\">\n<p data-start=\"2454\" data-end=\"2482\">Murs d\u00e9coratifs int\u00e9rieurs<\/p>\n<\/li>\n<li data-start=\"2483\" data-end=\"2530\">\n<p data-start=\"2485\" data-end=\"2530\">Espaces professionnels \u00e9l\u00e9gants et chaleureux<\/p>\n<\/li>\n<\/ul>\n<h3><strong>Conseil d\u00e9co<\/strong><\/h3>\n<p>Associez SensiTerre Cottone \u00e0 des bois naturels, du mobilier aux lignes douces ou encore des accessoires artisanaux (tapis en jute, c\u00e9ramiques, luminaires en osier) pour cr\u00e9er un univers m\u00e9diterran\u00e9en chic et intemporel.<\/p>\n<hr data-start=\"2532\" data-end=\"2535\" \/>\n<h3 data-start=\"2537\" data-end=\"2554\"><strong data-start=\"2541\" data-end=\"2554\">En r\u00e9sum\u00e9<\/strong><\/h3>\n<p data-start=\"2555\" data-end=\"2818\">Le carrelage <strong data-start=\"2568\" data-end=\"2598\">SensiTerre Cottone 80\u00d780 cm<\/strong> est une solution id\u00e9ale pour cr\u00e9er des <strong data-start=\"2638\" data-end=\"2681\">int\u00e9rieurs sobres, naturels et \u00e9l\u00e9gants<\/strong>, dans l\u2019esprit de la terre cuite artisanale revisit\u00e9e. Un format polyvalent et un ton clair pour des ambiances authentiques et raffin\u00e9es.<\/p>\n<hr data-start=\"2506\" data-end=\"2509\" \/>\n<p data-start=\"2511\" data-end=\"2715\"><strong data-start=\"2511\" data-end=\"2715\">Offrez \u00e0 vos sols une atmosph\u00e8re apaisante et naturelle gr\u00e2ce au carrelage effet terre cuite SensiTerre Cottone 80\u00d780. Commandez en ligne sur HomeProject.fr et donnez vie \u00e0 vos projets d\u2019am\u00e9nagement !<\/strong><\/p>\n<hr data-start=\"2717\" data-end=\"2720\" \/>\n<h3 data-start=\"1998\" data-end=\"2023\"><strong style=\"font-family: inherit; font-size: 30px;\">Vous avez des questions ?<\/strong><\/h3>\n<style id=\"wpforms-css-vars-3675\">\n\t\t\t\t#wpforms-3675 {\n\t\t\t\t\n\t\t\t}\n\t\t\t<\/style><div class=\"wpforms-container wpforms-container-full wpforms-render-modern\" id=\"wpforms-3675\"><form id=\"wpforms-form-3675\" class=\"wpforms-validate wpforms-form wpforms-ajax-form\" data-formid=\"3675\" method=\"post\" enctype=\"multipart\/form-data\" action=\"\/fr\/wp-json\/wp\/v2\/product\/15252\" data-token=\"86cfa3cd8fc4572532d762e2357ac556\" data-token-time=\"1777815200\"><noscript class=\"wpforms-error-noscript\">Veuillez activer JavaScript dans votre navigateur pour remplir ce formulaire.<\/noscript><div id=\"wpforms-error-noscript\" style=\"display: none;\">Veuillez activer JavaScript dans votre navigateur pour remplir ce formulaire.<\/div><div class=\"wpforms-field-container\"><div id=\"wpforms-3675-field_3-container\" class=\"wpforms-field wpforms-field-name\" data-field-id=\"3\"><fieldset><legend class=\"wpforms-field-label\">Nom <span class=\"wpforms-required-label\" aria-hidden=\"true\">*<\/span><\/legend><div class=\"wpforms-field-row wpforms-field-medium\"><div class=\"wpforms-field-row-block wpforms-first wpforms-one-half\"><input type=\"text\" id=\"wpforms-3675-field_3\" class=\"wpforms-field-name-first wpforms-field-required\" name=\"wpforms[fields][3][first]\" aria-errormessage=\"wpforms-3675-field_3-error\" required><label for=\"wpforms-3675-field_3\" class=\"wpforms-field-sublabel after\">Pr\u00e9nom<\/label><\/div><div class=\"wpforms-field-row-block wpforms-one-half\"><input type=\"text\" id=\"wpforms-3675-field_3-last\" class=\"wpforms-field-name-last wpforms-field-required\" name=\"wpforms[fields][3][last]\" aria-errormessage=\"wpforms-3675-field_3-last-error\" required><label for=\"wpforms-3675-field_3-last\" class=\"wpforms-field-sublabel after\">Nom<\/label><\/div><\/div><\/fieldset><\/div>\t\t<div id=\"wpforms-3675-field_1-container\"\n\t\t\tclass=\"wpforms-field wpforms-field-text\"\n\t\t\tdata-field-type=\"text\"\n\t\t\tdata-field-id=\"1\"\n\t\t\t>\n\t\t\t<label class=\"wpforms-field-label\" for=\"wpforms-3675-field_1\" >Nom E-mail Message<\/label>\n\t\t\t<input type=\"text\" id=\"wpforms-3675-field_1\" class=\"wpforms-field-medium\" name=\"wpforms[fields][1]\" >\n\t\t<\/div>\n\t\t<div id=\"wpforms-3675-field_4-container\" class=\"wpforms-field wpforms-field-email\" data-field-id=\"4\"><label class=\"wpforms-field-label\" for=\"wpforms-3675-field_4\">E-mail <span class=\"wpforms-required-label\" aria-hidden=\"true\">*<\/span><\/label><input type=\"email\" id=\"wpforms-3675-field_4\" class=\"wpforms-field-medium wpforms-field-required\" name=\"wpforms[fields][4]\" spellcheck=\"false\" aria-errormessage=\"wpforms-3675-field_4-error\" required><\/div><div id=\"wpforms-3675-field_5-container\" class=\"wpforms-field wpforms-field-textarea\" data-field-id=\"5\"><label class=\"wpforms-field-label\" for=\"wpforms-3675-field_5\">Message <span class=\"wpforms-required-label\" aria-hidden=\"true\">*<\/span><\/label><textarea id=\"wpforms-3675-field_5\" class=\"wpforms-field-medium wpforms-field-required\" name=\"wpforms[fields][5]\" aria-errormessage=\"wpforms-3675-field_5-error\" required><\/textarea><\/div><script>\n\t\t\t\t( function() {\n\t\t\t\t\tconst style = document.createElement( 'style' );\n\t\t\t\t\tstyle.appendChild( document.createTextNode( '#wpforms-3675-field_1-container { position: absolute !important; overflow: hidden !important; display: inline !important; height: 1px !important; width: 1px !important; z-index: -1000 !important; padding: 0 !important; } #wpforms-3675-field_1-container input { visibility: hidden; } #wpforms-conversational-form-page #wpforms-3675-field_1-container label { counter-increment: none; }' ) );\n\t\t\t\t\tdocument.head.appendChild( style );\n\t\t\t\t\tdocument.currentScript?.remove();\n\t\t\t\t} )();\n\t\t\t<\/script><\/div><!-- .wpforms-field-container --><div class=\"wpforms-submit-container\" ><input type=\"hidden\" name=\"wpforms[id]\" value=\"3675\"><input type=\"hidden\" name=\"page_title\" value=\"\"><input type=\"hidden\" name=\"page_url\" value=\"https:\/\/homeproject.fr\/fr\/wp-json\/wp\/v2\/product\/15252\"><input type=\"hidden\" name=\"url_referer\" value=\"\"><button type=\"submit\" name=\"wpforms[submit]\" id=\"wpforms-submit-3675\" class=\"wpforms-submit\" data-alt-text=\"Envoi...\" data-submit-text=\"Envoyer\" aria-live=\"assertive\" value=\"wpforms-submit\">Envoyer<\/button><img decoding=\"async\" src=\"https:\/\/homeproject.fr\/fr\/wp-content\/plugins\/wpforms-lite\/assets\/images\/submit-spin.svg\" class=\"wpforms-submit-spinner\" style=\"display: none;\" width=\"26\" height=\"26\" alt=\"Chargement en cours\"><\/div><\/form><\/div>  <!-- .wpforms-container -->\n","protected":false},"excerpt":{"rendered":"<p data-start=\"273\" data-end=\"344\"><strong data-start=\"273\" data-end=\"344\">La douceur de la terre cuite revisit\u00e9e en format carr\u00e9 contemporain<\/strong><\/p>\n<p data-start=\"346\" data-end=\"627\">Le carrelage <strong data-start=\"359\" data-end=\"399\">SensiTerre Cottone Naturale 80\u00d780 cm<\/strong> de <strong data-start=\"403\" data-end=\"413\">Florim<\/strong> offre une interpr\u00e9tation moderne et raffin\u00e9e de la terre cuite artisanale. Avec sa teinte beige, ses nuances poudr\u00e9es et sa finition mate, il apporte un style chaleureux et naturel \u00e0 tous les espaces de vie.<\/p>\n<p data-start=\"629\" data-end=\"758\">Ce format carr\u00e9 de 80&#215;80 cm est id\u00e9al pour les projets r\u00e9sidentiels et professionnels, alliant \u00e9l\u00e9gance, praticit\u00e9 et durabilit\u00e9.<\/p>\n<hr data-start=\"841\" data-end=\"844\" \/>\n","protected":false},"featured_media":15248,"template":"","meta":{"_uf_show_specific_survey":0,"_uf_disable_surveys":false,"iawp_total_views":2},"product_brand":[607],"product_cat":[123,20,502],"product_tag":[],"class_list":{"0":"post-15252","1":"product","2":"type-product","3":"status-publish","4":"has-post-thumbnail","6":"product_brand-florim","7":"product_cat-aspect-beton","8":"product_cat-carrelage","9":"product_cat-terre-cuite","10":"product_shipping_class-carrelage","11":"pa_collection-sensiterre-par-florim","12":"pa_designer-matteo-thun","13":"pa_dimensions-nominales-80x80","14":"pa_effet-beton","15":"pa_effet-terre-cuite","16":"pa_epaisseur-9mm","17":"pa_marque-florim","18":"pa_materiau-gres-cerame-non-emaille","20":"first","21":"instock","22":"sale","23":"taxable","24":"shipping-taxable","25":"purchasable","26":"product-type-simple"},"yoast_head":"<!-- This site is optimized with the Yoast SEO plugin v27.5 - https:\/\/yoast.com\/product\/yoast-seo-wordpress\/ -->\n<title>Carrelage Florim SensiTerre Cottone Naturale 80x80 R10 PTV 9mm - Homeproject.fr<\/title>\n<meta name=\"robots\" content=\"index, follow, max-snippet:-1, max-image-preview:large, max-video-preview:-1\" \/>\n<link rel=\"canonical\" href=\"https:\/\/homeproject.fr\/fr\/produit\/carrelage-florim-sensiterre-cottone-naturale-80x80-r10-ptv-9mm\/\" \/>\n<meta property=\"og:locale\" content=\"fr_FR\" \/>\n<meta property=\"og:type\" content=\"article\" \/>\n<meta property=\"og:title\" content=\"Carrelage Florim SensiTerre Cottone Naturale 80x80 R10 PTV 9mm - Homeproject.fr\" \/>\n<meta property=\"og:description\" content=\"La douceur de la terre cuite revisit\u00e9e en format carr\u00e9 contemporain Le carrelage SensiTerre Cottone Naturale 80\u00d780 cm de Florim offre une interpr\u00e9tation moderne et raffin\u00e9e de la terre cuite artisanale. Avec sa teinte beige, ses nuances poudr\u00e9es et sa finition mate, il apporte un style chaleureux et naturel \u00e0 tous les espaces de vie. Ce format carr\u00e9 de 80x80 cm est id\u00e9al pour les projets r\u00e9sidentiels et professionnels, alliant \u00e9l\u00e9gance, praticit\u00e9 et durabilit\u00e9.\" \/>\n<meta property=\"og:url\" content=\"https:\/\/homeproject.fr\/fr\/produit\/carrelage-florim-sensiterre-cottone-naturale-80x80-r10-ptv-9mm\/\" \/>\n<meta property=\"og:site_name\" content=\"Homeproject.fr\" \/>\n<meta property=\"article:modified_time\" content=\"2025-08-22T14:45:16+00:00\" \/>\n<meta property=\"og:image\" content=\"https:\/\/homeproject.fr\/fr\/wp-content\/uploads\/2025\/08\/Carrelage-contemporain-aspect-terre-cuite-grand-format-SensiTerre-Florim-Cottone-120x120-Naturale-R10-PTV-781530.jpg\" \/>\n\t<meta property=\"og:image:width\" content=\"1500\" \/>\n\t<meta property=\"og:image:height\" content=\"1500\" \/>\n\t<meta property=\"og:image:type\" content=\"image\/jpeg\" \/>\n<meta name=\"twitter:card\" content=\"summary_large_image\" \/>\n<meta name=\"twitter:label1\" content=\"Dur\u00e9e de lecture estim\u00e9e\" \/>\n\t<meta name=\"twitter:data1\" content=\"2 minutes\" \/>\n<script type=\"application\/ld+json\" class=\"yoast-schema-graph\">{\"@context\":\"https:\\\/\\\/schema.org\",\"@graph\":[{\"@type\":\"WebPage\",\"@id\":\"https:\\\/\\\/homeproject.fr\\\/fr\\\/produit\\\/carrelage-florim-sensiterre-cottone-naturale-80x80-r10-ptv-9mm\\\/\",\"url\":\"https:\\\/\\\/homeproject.fr\\\/fr\\\/produit\\\/carrelage-florim-sensiterre-cottone-naturale-80x80-r10-ptv-9mm\\\/\",\"name\":\"Carrelage Florim SensiTerre Cottone Naturale 80x80 R10 PTV 9mm - Homeproject.fr\",\"isPartOf\":{\"@id\":\"https:\\\/\\\/homeproject.fr\\\/fr\\\/#website\"},\"primaryImageOfPage\":{\"@id\":\"https:\\\/\\\/homeproject.fr\\\/fr\\\/produit\\\/carrelage-florim-sensiterre-cottone-naturale-80x80-r10-ptv-9mm\\\/#primaryimage\"},\"image\":{\"@id\":\"https:\\\/\\\/homeproject.fr\\\/fr\\\/produit\\\/carrelage-florim-sensiterre-cottone-naturale-80x80-r10-ptv-9mm\\\/#primaryimage\"},\"thumbnailUrl\":\"https:\\\/\\\/homeproject.fr\\\/fr\\\/wp-content\\\/uploads\\\/2025\\\/08\\\/Carrelage-contemporain-aspect-terre-cuite-grand-format-SensiTerre-Florim-Cottone-120x120-Naturale-R10-PTV-781530.jpg\",\"datePublished\":\"2025-08-22T14:39:30+00:00\",\"dateModified\":\"2025-08-22T14:45:16+00:00\",\"breadcrumb\":{\"@id\":\"https:\\\/\\\/homeproject.fr\\\/fr\\\/produit\\\/carrelage-florim-sensiterre-cottone-naturale-80x80-r10-ptv-9mm\\\/#breadcrumb\"},\"inLanguage\":\"fr-FR\",\"potentialAction\":[{\"@type\":\"ReadAction\",\"target\":[\"https:\\\/\\\/homeproject.fr\\\/fr\\\/produit\\\/carrelage-florim-sensiterre-cottone-naturale-80x80-r10-ptv-9mm\\\/\"]}]},{\"@type\":\"ImageObject\",\"inLanguage\":\"fr-FR\",\"@id\":\"https:\\\/\\\/homeproject.fr\\\/fr\\\/produit\\\/carrelage-florim-sensiterre-cottone-naturale-80x80-r10-ptv-9mm\\\/#primaryimage\",\"url\":\"https:\\\/\\\/homeproject.fr\\\/fr\\\/wp-content\\\/uploads\\\/2025\\\/08\\\/Carrelage-contemporain-aspect-terre-cuite-grand-format-SensiTerre-Florim-Cottone-120x120-Naturale-R10-PTV-781530.jpg\",\"contentUrl\":\"https:\\\/\\\/homeproject.fr\\\/fr\\\/wp-content\\\/uploads\\\/2025\\\/08\\\/Carrelage-contemporain-aspect-terre-cuite-grand-format-SensiTerre-Florim-Cottone-120x120-Naturale-R10-PTV-781530.jpg\",\"width\":1500,\"height\":1500},{\"@type\":\"BreadcrumbList\",\"@id\":\"https:\\\/\\\/homeproject.fr\\\/fr\\\/produit\\\/carrelage-florim-sensiterre-cottone-naturale-80x80-r10-ptv-9mm\\\/#breadcrumb\",\"itemListElement\":[{\"@type\":\"ListItem\",\"position\":1,\"name\":\"Accueil\",\"item\":\"https:\\\/\\\/homeproject.fr\\\/fr\\\/\"},{\"@type\":\"ListItem\",\"position\":2,\"name\":\"Boutique\",\"item\":\"https:\\\/\\\/homeproject.fr\\\/fr\\\/boutique\\\/\"},{\"@type\":\"ListItem\",\"position\":3,\"name\":\"Carrelage Florim SensiTerre Cottone Naturale 80&#215;80 R10 PTV 9mm\"}]},{\"@type\":\"WebSite\",\"@id\":\"https:\\\/\\\/homeproject.fr\\\/fr\\\/#website\",\"url\":\"https:\\\/\\\/homeproject.fr\\\/fr\\\/\",\"name\":\"Homeproject.fr\",\"description\":\"Offrez l&#039;exceptionnel \u00e0 vos espaces \u00e0 vivre\",\"publisher\":{\"@id\":\"https:\\\/\\\/homeproject.fr\\\/fr\\\/#organization\"},\"potentialAction\":[{\"@type\":\"SearchAction\",\"target\":{\"@type\":\"EntryPoint\",\"urlTemplate\":\"https:\\\/\\\/homeproject.fr\\\/fr\\\/?s={search_term_string}\"},\"query-input\":{\"@type\":\"PropertyValueSpecification\",\"valueRequired\":true,\"valueName\":\"search_term_string\"}}],\"inLanguage\":\"fr-FR\"},{\"@type\":\"Organization\",\"@id\":\"https:\\\/\\\/homeproject.fr\\\/fr\\\/#organization\",\"name\":\"Homeproject.fr\",\"url\":\"https:\\\/\\\/homeproject.fr\\\/fr\\\/\",\"logo\":{\"@type\":\"ImageObject\",\"inLanguage\":\"fr-FR\",\"@id\":\"https:\\\/\\\/homeproject.fr\\\/fr\\\/#\\\/schema\\\/logo\\\/image\\\/\",\"url\":\"https:\\\/\\\/homeproject.fr\\\/fr\\\/wp-content\\\/uploads\\\/2024\\\/12\\\/Logo_HomeProject-noir-2.png\",\"contentUrl\":\"https:\\\/\\\/homeproject.fr\\\/fr\\\/wp-content\\\/uploads\\\/2024\\\/12\\\/Logo_HomeProject-noir-2.png\",\"width\":300,\"height\":91,\"caption\":\"Homeproject.fr\"},\"image\":{\"@id\":\"https:\\\/\\\/homeproject.fr\\\/fr\\\/#\\\/schema\\\/logo\\\/image\\\/\"}}]}<\/script>\n<!-- \/ Yoast SEO plugin. -->","yoast_head_json":{"title":"Carrelage Florim SensiTerre Cottone Naturale 80x80 R10 PTV 9mm - Homeproject.fr","robots":{"index":"index","follow":"follow","max-snippet":"max-snippet:-1","max-image-preview":"max-image-preview:large","max-video-preview":"max-video-preview:-1"},"canonical":"https:\/\/homeproject.fr\/fr\/produit\/carrelage-florim-sensiterre-cottone-naturale-80x80-r10-ptv-9mm\/","og_locale":"fr_FR","og_type":"article","og_title":"Carrelage Florim SensiTerre Cottone Naturale 80x80 R10 PTV 9mm - Homeproject.fr","og_description":"La douceur de la terre cuite revisit\u00e9e en format carr\u00e9 contemporain Le carrelage SensiTerre Cottone Naturale 80\u00d780 cm de Florim offre une interpr\u00e9tation moderne et raffin\u00e9e de la terre cuite artisanale. Avec sa teinte beige, ses nuances poudr\u00e9es et sa finition mate, il apporte un style chaleureux et naturel \u00e0 tous les espaces de vie. Ce format carr\u00e9 de 80x80 cm est id\u00e9al pour les projets r\u00e9sidentiels et professionnels, alliant \u00e9l\u00e9gance, praticit\u00e9 et durabilit\u00e9.","og_url":"https:\/\/homeproject.fr\/fr\/produit\/carrelage-florim-sensiterre-cottone-naturale-80x80-r10-ptv-9mm\/","og_site_name":"Homeproject.fr","article_modified_time":"2025-08-22T14:45:16+00:00","og_image":[{"width":1500,"height":1500,"url":"https:\/\/homeproject.fr\/fr\/wp-content\/uploads\/2025\/08\/Carrelage-contemporain-aspect-terre-cuite-grand-format-SensiTerre-Florim-Cottone-120x120-Naturale-R10-PTV-781530.jpg","type":"image\/jpeg"}],"twitter_card":"summary_large_image","twitter_misc":{"Dur\u00e9e de lecture estim\u00e9e":"2 minutes"},"schema":{"@context":"https:\/\/schema.org","@graph":[{"@type":"WebPage","@id":"https:\/\/homeproject.fr\/fr\/produit\/carrelage-florim-sensiterre-cottone-naturale-80x80-r10-ptv-9mm\/","url":"https:\/\/homeproject.fr\/fr\/produit\/carrelage-florim-sensiterre-cottone-naturale-80x80-r10-ptv-9mm\/","name":"Carrelage Florim SensiTerre Cottone Naturale 80x80 R10 PTV 9mm - Homeproject.fr","isPartOf":{"@id":"https:\/\/homeproject.fr\/fr\/#website"},"primaryImageOfPage":{"@id":"https:\/\/homeproject.fr\/fr\/produit\/carrelage-florim-sensiterre-cottone-naturale-80x80-r10-ptv-9mm\/#primaryimage"},"image":{"@id":"https:\/\/homeproject.fr\/fr\/produit\/carrelage-florim-sensiterre-cottone-naturale-80x80-r10-ptv-9mm\/#primaryimage"},"thumbnailUrl":"https:\/\/homeproject.fr\/fr\/wp-content\/uploads\/2025\/08\/Carrelage-contemporain-aspect-terre-cuite-grand-format-SensiTerre-Florim-Cottone-120x120-Naturale-R10-PTV-781530.jpg","datePublished":"2025-08-22T14:39:30+00:00","dateModified":"2025-08-22T14:45:16+00:00","breadcrumb":{"@id":"https:\/\/homeproject.fr\/fr\/produit\/carrelage-florim-sensiterre-cottone-naturale-80x80-r10-ptv-9mm\/#breadcrumb"},"inLanguage":"fr-FR","potentialAction":[{"@type":"ReadAction","target":["https:\/\/homeproject.fr\/fr\/produit\/carrelage-florim-sensiterre-cottone-naturale-80x80-r10-ptv-9mm\/"]}]},{"@type":"ImageObject","inLanguage":"fr-FR","@id":"https:\/\/homeproject.fr\/fr\/produit\/carrelage-florim-sensiterre-cottone-naturale-80x80-r10-ptv-9mm\/#primaryimage","url":"https:\/\/homeproject.fr\/fr\/wp-content\/uploads\/2025\/08\/Carrelage-contemporain-aspect-terre-cuite-grand-format-SensiTerre-Florim-Cottone-120x120-Naturale-R10-PTV-781530.jpg","contentUrl":"https:\/\/homeproject.fr\/fr\/wp-content\/uploads\/2025\/08\/Carrelage-contemporain-aspect-terre-cuite-grand-format-SensiTerre-Florim-Cottone-120x120-Naturale-R10-PTV-781530.jpg","width":1500,"height":1500},{"@type":"BreadcrumbList","@id":"https:\/\/homeproject.fr\/fr\/produit\/carrelage-florim-sensiterre-cottone-naturale-80x80-r10-ptv-9mm\/#breadcrumb","itemListElement":[{"@type":"ListItem","position":1,"name":"Accueil","item":"https:\/\/homeproject.fr\/fr\/"},{"@type":"ListItem","position":2,"name":"Boutique","item":"https:\/\/homeproject.fr\/fr\/boutique\/"},{"@type":"ListItem","position":3,"name":"Carrelage Florim SensiTerre Cottone Naturale 80&#215;80 R10 PTV 9mm"}]},{"@type":"WebSite","@id":"https:\/\/homeproject.fr\/fr\/#website","url":"https:\/\/homeproject.fr\/fr\/","name":"Homeproject.fr","description":"Offrez l&#039;exceptionnel \u00e0 vos espaces \u00e0 vivre","publisher":{"@id":"https:\/\/homeproject.fr\/fr\/#organization"},"potentialAction":[{"@type":"SearchAction","target":{"@type":"EntryPoint","urlTemplate":"https:\/\/homeproject.fr\/fr\/?s={search_term_string}"},"query-input":{"@type":"PropertyValueSpecification","valueRequired":true,"valueName":"search_term_string"}}],"inLanguage":"fr-FR"},{"@type":"Organization","@id":"https:\/\/homeproject.fr\/fr\/#organization","name":"Homeproject.fr","url":"https:\/\/homeproject.fr\/fr\/","logo":{"@type":"ImageObject","inLanguage":"fr-FR","@id":"https:\/\/homeproject.fr\/fr\/#\/schema\/logo\/image\/","url":"https:\/\/homeproject.fr\/fr\/wp-content\/uploads\/2024\/12\/Logo_HomeProject-noir-2.png","contentUrl":"https:\/\/homeproject.fr\/fr\/wp-content\/uploads\/2024\/12\/Logo_HomeProject-noir-2.png","width":300,"height":91,"caption":"Homeproject.fr"},"image":{"@id":"https:\/\/homeproject.fr\/fr\/#\/schema\/logo\/image\/"}}]}},"_links":{"self":[{"href":"https:\/\/homeproject.fr\/fr\/wp-json\/wp\/v2\/product\/15252","targetHints":{"allow":["GET"]}}],"collection":[{"href":"https:\/\/homeproject.fr\/fr\/wp-json\/wp\/v2\/product"}],"about":[{"href":"https:\/\/homeproject.fr\/fr\/wp-json\/wp\/v2\/types\/product"}],"version-history":[{"count":2,"href":"https:\/\/homeproject.fr\/fr\/wp-json\/wp\/v2\/product\/15252\/revisions"}],"predecessor-version":[{"id":15254,"href":"https:\/\/homeproject.fr\/fr\/wp-json\/wp\/v2\/product\/15252\/revisions\/15254"}],"wp:featuredmedia":[{"embeddable":true,"href":"https:\/\/homeproject.fr\/fr\/wp-json\/wp\/v2\/media\/15248"}],"wp:attachment":[{"href":"https:\/\/homeproject.fr\/fr\/wp-json\/wp\/v2\/media?parent=15252"}],"wp:term":[{"taxonomy":"product_brand","embeddable":true,"href":"https:\/\/homeproject.fr\/fr\/wp-json\/wp\/v2\/product_brand?post=15252"},{"taxonomy":"product_cat","embeddable":true,"href":"https:\/\/homeproject.fr\/fr\/wp-json\/wp\/v2\/product_cat?post=15252"},{"taxonomy":"product_tag","embeddable":true,"href":"https:\/\/homeproject.fr\/fr\/wp-json\/wp\/v2\/product_tag?post=15252"}],"curies":[{"name":"wp","href":"https:\/\/api.w.org\/{rel}","templated":true}]}}