{"id":15247,"date":"2025-08-22T14:31:07","date_gmt":"2025-08-22T14:31:07","guid":{"rendered":"https:\/\/homeproject.fr\/fr\/?post_type=product&#038;p=15247"},"modified":"2025-08-22T14:37:13","modified_gmt":"2025-08-22T14:37:13","slug":"carrelage-florim-sensiterre-cottone-naturale-120x120-r10-ptv-9mm","status":"publish","type":"product","link":"https:\/\/homeproject.fr\/fr\/produit\/carrelage-florim-sensiterre-cottone-naturale-120x120-r10-ptv-9mm\/","title":{"rendered":"Carrelage Florim SensiTerre Cottone Naturale 120&#215;120 R10 PTV 9mm"},"content":{"rendered":"<p><strong><a href=\"https:\/\/homeproject.fr\/fr\/produit\/echantillon-carrelage-florim-sensiterre-cottone-natural-9mm-r10-ptv\/\">Commander un \u00e9chantillon<\/a><\/strong><\/p>\n<h3 data-start=\"641\" data-end=\"679\">\u2705 <strong data-start=\"647\" data-end=\"679\">Caract\u00e9ristiques principales<\/strong><\/h3>\n<ul data-start=\"680\" data-end=\"1083\">\n<li data-start=\"680\" data-end=\"719\">\n<p data-start=\"682\" data-end=\"719\"><strong data-start=\"682\" data-end=\"696\">Collection<\/strong> : SensiTerre by Florim<\/p>\n<\/li>\n<li data-start=\"720\" data-end=\"770\">\n<p data-start=\"722\" data-end=\"770\"><strong data-start=\"722\" data-end=\"733\">Coloris<\/strong> : Cottone (nuance sable clair\/cr\u00e8me)<\/p>\n<\/li>\n<li data-start=\"771\" data-end=\"814\">\n<p data-start=\"773\" data-end=\"814\"><strong data-start=\"773\" data-end=\"783\">Aspect<\/strong> : Terre cuite \u2013 B\u00e9ton cir\u00e9 mat<\/p>\n<\/li>\n<li data-start=\"815\" data-end=\"847\">\n<p data-start=\"817\" data-end=\"847\"><strong data-start=\"817\" data-end=\"829\">Finition<\/strong> : Naturale (mate)<\/p>\n<\/li>\n<li data-start=\"848\" data-end=\"875\">\n<p data-start=\"850\" data-end=\"875\"><strong data-start=\"850\" data-end=\"860\">Format<\/strong> : 120 x 120 cm<\/p>\n<\/li>\n<li data-start=\"876\" data-end=\"898\">\n<p data-start=\"878\" data-end=\"898\"><strong data-start=\"878\" data-end=\"891\">\u00c9paisseur<\/strong> : 9 mm<\/p>\n<\/li>\n<li data-start=\"899\" data-end=\"988\">\n<p data-start=\"901\" data-end=\"988\"><strong data-start=\"901\" data-end=\"924\">Indice antid\u00e9rapant<\/strong> : R10 PTV (usage int\u00e9rieur, zones s\u00e8ches et mod\u00e9r\u00e9ment humides)<\/p>\n<\/li>\n<li data-start=\"989\" data-end=\"1023\">\n<p data-start=\"991\" data-end=\"1023\"><strong data-start=\"991\" data-end=\"1014\">R\u00e9f\u00e9rence fabricant<\/strong> : 781530<\/p>\n<\/li>\n<li data-start=\"1024\" data-end=\"1083\">\n<p data-start=\"1026\" data-end=\"1083\"><strong data-start=\"1026\" data-end=\"1038\">Mat\u00e9riau<\/strong> : Gr\u00e8s c\u00e9rame rectifi\u00e9, teint\u00e9 dans la masse<\/p>\n<\/li>\n<\/ul>\n<hr data-start=\"1085\" data-end=\"1088\" \/>\n<h3 data-start=\"1090\" data-end=\"1118\"><strong data-start=\"1097\" data-end=\"1118\">Avantages produit<\/strong><\/h3>\n<ul data-start=\"1119\" data-end=\"1442\">\n<li data-start=\"1119\" data-end=\"1218\">\n<p data-start=\"1121\" data-end=\"1218\"><strong data-start=\"1121\" data-end=\"1154\">Esth\u00e9tique douce et apaisante<\/strong>, id\u00e9ale pour les int\u00e9rieurs minimalistes, naturels ou wabi-sabi<\/p>\n<\/li>\n<li data-start=\"1219\" data-end=\"1299\">\n<p data-start=\"1221\" data-end=\"1299\"><strong data-start=\"1221\" data-end=\"1234\">Format XL<\/strong> : r\u00e9duit les joints, parfait pour agrandir visuellement l\u2019espace<\/p>\n<\/li>\n<li data-start=\"1300\" data-end=\"1363\">\n<p data-start=\"1302\" data-end=\"1363\"><strong data-start=\"1302\" data-end=\"1322\">Haute r\u00e9sistance<\/strong> : aux chocs, rayures, taches et humidit\u00e9<\/p>\n<\/li>\n<li data-start=\"1364\" data-end=\"1400\">\n<p data-start=\"1366\" data-end=\"1400\"><strong data-start=\"1366\" data-end=\"1400\">Facile \u00e0 entretenir<\/strong><\/p>\n<\/li>\n<li data-start=\"1401\" data-end=\"1442\">\n<p data-start=\"1403\" data-end=\"1442\"><strong data-start=\"1403\" data-end=\"1442\">Compatible avec le chauffage au sol<\/strong><\/p>\n<\/li>\n<\/ul>\n<hr data-start=\"1444\" data-end=\"1447\" \/>\n<h3 data-start=\"1449\" data-end=\"1471\"><strong data-start=\"1456\" data-end=\"1471\">Id\u00e9al pour\u2026<\/strong><\/h3>\n<ul data-start=\"1472\" data-end=\"1605\">\n<li data-start=\"1472\" data-end=\"1506\">\n<p data-start=\"1474\" data-end=\"1506\">Salon, chambre, cuisine, couloir<\/p>\n<\/li>\n<li data-start=\"1507\" data-end=\"1532\">\n<p data-start=\"1509\" data-end=\"1532\">Salles de bain modernes<\/p>\n<\/li>\n<li data-start=\"1533\" data-end=\"1567\">\n<p data-start=\"1535\" data-end=\"1567\">Espaces commerciaux ou h\u00f4teliers<\/p>\n<\/li>\n<li data-start=\"1568\" data-end=\"1605\">\n<p data-start=\"1570\" data-end=\"1605\">Murs ou sols (int\u00e9rieur uniquement)<\/p>\n<\/li>\n<\/ul>\n<hr data-start=\"1787\" data-end=\"1790\" \/>\n<h3 data-start=\"1792\" data-end=\"1827\"><strong data-start=\"1799\" data-end=\"1827\">Conseil d\u00e9co HomeProject<\/strong><\/h3>\n<p data-start=\"1828\" data-end=\"2100\">Associez le carrelage SensiTerre Cottone \u00e0 des meubles en bois clair, des textiles naturels (lin, chanvre, laine) et une d\u00e9coration minimaliste pour cr\u00e9er une ambiance douce et enveloppante. Son coloris neutre sublime aussi bien les int\u00e9rieurs rustiques que contemporains.<\/p>\n<h4 data-start=\"942\" data-end=\"980\"><strong style=\"font-family: inherit; font-size: 30px;\">Vous avez des questions ?<\/strong><\/h4>\n<style id=\"wpforms-css-vars-3675\">\n\t\t\t\t#wpforms-3675 {\n\t\t\t\t\n\t\t\t}\n\t\t\t<\/style><div class=\"wpforms-container wpforms-container-full wpforms-render-modern\" id=\"wpforms-3675\"><form id=\"wpforms-form-3675\" class=\"wpforms-validate wpforms-form wpforms-ajax-form\" data-formid=\"3675\" method=\"post\" enctype=\"multipart\/form-data\" action=\"\/fr\/wp-json\/wp\/v2\/product\/15247\" data-token=\"86cfa3cd8fc4572532d762e2357ac556\" data-token-time=\"1777815199\"><noscript class=\"wpforms-error-noscript\">Veuillez activer JavaScript dans votre navigateur pour remplir ce formulaire.<\/noscript><div id=\"wpforms-error-noscript\" style=\"display: none;\">Veuillez activer JavaScript dans votre navigateur pour remplir ce formulaire.<\/div><div class=\"wpforms-field-container\">\t\t<div id=\"wpforms-3675-field_1-container\"\n\t\t\tclass=\"wpforms-field wpforms-field-text\"\n\t\t\tdata-field-type=\"text\"\n\t\t\tdata-field-id=\"1\"\n\t\t\t>\n\t\t\t<label class=\"wpforms-field-label\" for=\"wpforms-3675-field_1\" >Nom Message E-mail<\/label>\n\t\t\t<input type=\"text\" id=\"wpforms-3675-field_1\" class=\"wpforms-field-medium\" name=\"wpforms[fields][1]\" >\n\t\t<\/div>\n\t\t<div id=\"wpforms-3675-field_3-container\" class=\"wpforms-field wpforms-field-name\" data-field-id=\"3\"><fieldset><legend class=\"wpforms-field-label\">Nom <span class=\"wpforms-required-label\" aria-hidden=\"true\">*<\/span><\/legend><div class=\"wpforms-field-row wpforms-field-medium\"><div class=\"wpforms-field-row-block wpforms-first wpforms-one-half\"><input type=\"text\" id=\"wpforms-3675-field_3\" class=\"wpforms-field-name-first wpforms-field-required\" name=\"wpforms[fields][3][first]\" aria-errormessage=\"wpforms-3675-field_3-error\" required><label for=\"wpforms-3675-field_3\" class=\"wpforms-field-sublabel after\">Pr\u00e9nom<\/label><\/div><div class=\"wpforms-field-row-block wpforms-one-half\"><input type=\"text\" id=\"wpforms-3675-field_3-last\" class=\"wpforms-field-name-last wpforms-field-required\" name=\"wpforms[fields][3][last]\" aria-errormessage=\"wpforms-3675-field_3-last-error\" required><label for=\"wpforms-3675-field_3-last\" class=\"wpforms-field-sublabel after\">Nom<\/label><\/div><\/div><\/fieldset><\/div><div id=\"wpforms-3675-field_4-container\" class=\"wpforms-field wpforms-field-email\" data-field-id=\"4\"><label class=\"wpforms-field-label\" for=\"wpforms-3675-field_4\">E-mail <span class=\"wpforms-required-label\" aria-hidden=\"true\">*<\/span><\/label><input type=\"email\" id=\"wpforms-3675-field_4\" class=\"wpforms-field-medium wpforms-field-required\" name=\"wpforms[fields][4]\" spellcheck=\"false\" aria-errormessage=\"wpforms-3675-field_4-error\" required><\/div><div id=\"wpforms-3675-field_5-container\" class=\"wpforms-field wpforms-field-textarea\" data-field-id=\"5\"><label class=\"wpforms-field-label\" for=\"wpforms-3675-field_5\">Message <span class=\"wpforms-required-label\" aria-hidden=\"true\">*<\/span><\/label><textarea id=\"wpforms-3675-field_5\" class=\"wpforms-field-medium wpforms-field-required\" name=\"wpforms[fields][5]\" aria-errormessage=\"wpforms-3675-field_5-error\" required><\/textarea><\/div><script>\n\t\t\t\t( function() {\n\t\t\t\t\tconst style = document.createElement( 'style' );\n\t\t\t\t\tstyle.appendChild( document.createTextNode( '#wpforms-3675-field_1-container { position: absolute !important; overflow: hidden !important; display: inline !important; height: 1px !important; width: 1px !important; z-index: -1000 !important; padding: 0 !important; } #wpforms-3675-field_1-container input { visibility: hidden; } #wpforms-conversational-form-page #wpforms-3675-field_1-container label { counter-increment: none; }' ) );\n\t\t\t\t\tdocument.head.appendChild( style );\n\t\t\t\t\tdocument.currentScript?.remove();\n\t\t\t\t} )();\n\t\t\t<\/script><\/div><!-- .wpforms-field-container --><div class=\"wpforms-submit-container\" ><input type=\"hidden\" name=\"wpforms[id]\" value=\"3675\"><input type=\"hidden\" name=\"page_title\" value=\"\"><input type=\"hidden\" name=\"page_url\" value=\"https:\/\/homeproject.fr\/fr\/wp-json\/wp\/v2\/product\/15247\"><input type=\"hidden\" name=\"url_referer\" value=\"\"><button type=\"submit\" name=\"wpforms[submit]\" id=\"wpforms-submit-3675\" class=\"wpforms-submit\" data-alt-text=\"Envoi...\" data-submit-text=\"Envoyer\" aria-live=\"assertive\" value=\"wpforms-submit\">Envoyer<\/button><img decoding=\"async\" src=\"https:\/\/homeproject.fr\/fr\/wp-content\/plugins\/wpforms-lite\/assets\/images\/submit-spin.svg\" class=\"wpforms-submit-spinner\" style=\"display: none;\" width=\"26\" height=\"26\" alt=\"Chargement en cours\"><\/div><\/form><\/div>  <!-- .wpforms-container -->\n","protected":false},"excerpt":{"rendered":"<p data-start=\"268\" data-end=\"311\"><strong data-start=\"268\" data-end=\"311\">Chaleur naturelle &amp; design contemporain<\/strong><\/p>\n<p data-start=\"313\" data-end=\"634\">Apportez une touche d\u2019authenticit\u00e9 moderne \u00e0 vos int\u00e9rieurs avec le carrelage grand format <strong data-start=\"404\" data-end=\"443\">SensiTerre Cottone Naturale 120\u00d7120<\/strong> de <strong data-start=\"447\" data-end=\"457\">Florim<\/strong>. Inspir\u00e9 par la terre cuite artisanale, ce gr\u00e8s c\u00e9rame haut de gamme offre un rendu doux, poudr\u00e9 et \u00e9l\u00e9gant qui \u00e9voque les ambiances m\u00e9diterran\u00e9ennes et les mat\u00e9riaux naturels.<\/p>\n","protected":false},"featured_media":15248,"template":"","meta":{"_uf_show_specific_survey":0,"_uf_disable_surveys":false,"iawp_total_views":28},"product_brand":[607],"product_cat":[123,20,502],"product_tag":[],"class_list":{"0":"post-15247","1":"product","2":"type-product","3":"status-publish","4":"has-post-thumbnail","6":"product_brand-florim","7":"product_cat-aspect-beton","8":"product_cat-carrelage","9":"product_cat-terre-cuite","10":"product_shipping_class-carrelage","11":"pa_collection-sensiterre-par-florim","12":"pa_designer-matteo-thun","13":"pa_dimensions-nominales-120x120","14":"pa_effet-beton","15":"pa_effet-terre-cuite","16":"pa_epaisseur-9mm","17":"pa_marque-florim","18":"pa_materiau-gres-cerame-non-emaille","20":"first","21":"instock","22":"sale","23":"taxable","24":"shipping-taxable","25":"purchasable","26":"product-type-simple"},"yoast_head":"<!-- This site is optimized with the Yoast SEO plugin v27.5 - https:\/\/yoast.com\/product\/yoast-seo-wordpress\/ -->\n<title>Carrelage Florim SensiTerre Cottone Naturale 120x120 R10 PTV 9mm - Homeproject.fr<\/title>\n<meta name=\"robots\" content=\"index, follow, max-snippet:-1, max-image-preview:large, max-video-preview:-1\" \/>\n<link rel=\"canonical\" href=\"https:\/\/homeproject.fr\/fr\/produit\/carrelage-florim-sensiterre-cottone-naturale-120x120-r10-ptv-9mm\/\" \/>\n<meta property=\"og:locale\" content=\"fr_FR\" \/>\n<meta property=\"og:type\" content=\"article\" \/>\n<meta property=\"og:title\" content=\"Carrelage Florim SensiTerre Cottone Naturale 120x120 R10 PTV 9mm - Homeproject.fr\" \/>\n<meta property=\"og:description\" content=\"Chaleur naturelle &amp; design contemporain Apportez une touche d\u2019authenticit\u00e9 moderne \u00e0 vos int\u00e9rieurs avec le carrelage grand format SensiTerre Cottone Naturale 120\u00d7120 de Florim. Inspir\u00e9 par la terre cuite artisanale, ce gr\u00e8s c\u00e9rame haut de gamme offre un rendu doux, poudr\u00e9 et \u00e9l\u00e9gant qui \u00e9voque les ambiances m\u00e9diterran\u00e9ennes et les mat\u00e9riaux naturels.\" \/>\n<meta property=\"og:url\" content=\"https:\/\/homeproject.fr\/fr\/produit\/carrelage-florim-sensiterre-cottone-naturale-120x120-r10-ptv-9mm\/\" \/>\n<meta property=\"og:site_name\" content=\"Homeproject.fr\" \/>\n<meta property=\"article:modified_time\" content=\"2025-08-22T14:37:13+00:00\" \/>\n<meta property=\"og:image\" content=\"https:\/\/homeproject.fr\/fr\/wp-content\/uploads\/2025\/08\/Carrelage-contemporain-aspect-terre-cuite-grand-format-SensiTerre-Florim-Cottone-120x120-Naturale-R10-PTV-781530.jpg\" \/>\n\t<meta property=\"og:image:width\" content=\"1500\" \/>\n\t<meta property=\"og:image:height\" content=\"1500\" \/>\n\t<meta property=\"og:image:type\" content=\"image\/jpeg\" \/>\n<meta name=\"twitter:card\" content=\"summary_large_image\" \/>\n<meta name=\"twitter:label1\" content=\"Dur\u00e9e de lecture estim\u00e9e\" \/>\n\t<meta name=\"twitter:data1\" content=\"2 minutes\" \/>\n<script type=\"application\/ld+json\" class=\"yoast-schema-graph\">{\"@context\":\"https:\\\/\\\/schema.org\",\"@graph\":[{\"@type\":\"WebPage\",\"@id\":\"https:\\\/\\\/homeproject.fr\\\/fr\\\/produit\\\/carrelage-florim-sensiterre-cottone-naturale-120x120-r10-ptv-9mm\\\/\",\"url\":\"https:\\\/\\\/homeproject.fr\\\/fr\\\/produit\\\/carrelage-florim-sensiterre-cottone-naturale-120x120-r10-ptv-9mm\\\/\",\"name\":\"Carrelage Florim SensiTerre Cottone Naturale 120x120 R10 PTV 9mm - Homeproject.fr\",\"isPartOf\":{\"@id\":\"https:\\\/\\\/homeproject.fr\\\/fr\\\/#website\"},\"primaryImageOfPage\":{\"@id\":\"https:\\\/\\\/homeproject.fr\\\/fr\\\/produit\\\/carrelage-florim-sensiterre-cottone-naturale-120x120-r10-ptv-9mm\\\/#primaryimage\"},\"image\":{\"@id\":\"https:\\\/\\\/homeproject.fr\\\/fr\\\/produit\\\/carrelage-florim-sensiterre-cottone-naturale-120x120-r10-ptv-9mm\\\/#primaryimage\"},\"thumbnailUrl\":\"https:\\\/\\\/homeproject.fr\\\/fr\\\/wp-content\\\/uploads\\\/2025\\\/08\\\/Carrelage-contemporain-aspect-terre-cuite-grand-format-SensiTerre-Florim-Cottone-120x120-Naturale-R10-PTV-781530.jpg\",\"datePublished\":\"2025-08-22T14:31:07+00:00\",\"dateModified\":\"2025-08-22T14:37:13+00:00\",\"breadcrumb\":{\"@id\":\"https:\\\/\\\/homeproject.fr\\\/fr\\\/produit\\\/carrelage-florim-sensiterre-cottone-naturale-120x120-r10-ptv-9mm\\\/#breadcrumb\"},\"inLanguage\":\"fr-FR\",\"potentialAction\":[{\"@type\":\"ReadAction\",\"target\":[\"https:\\\/\\\/homeproject.fr\\\/fr\\\/produit\\\/carrelage-florim-sensiterre-cottone-naturale-120x120-r10-ptv-9mm\\\/\"]}]},{\"@type\":\"ImageObject\",\"inLanguage\":\"fr-FR\",\"@id\":\"https:\\\/\\\/homeproject.fr\\\/fr\\\/produit\\\/carrelage-florim-sensiterre-cottone-naturale-120x120-r10-ptv-9mm\\\/#primaryimage\",\"url\":\"https:\\\/\\\/homeproject.fr\\\/fr\\\/wp-content\\\/uploads\\\/2025\\\/08\\\/Carrelage-contemporain-aspect-terre-cuite-grand-format-SensiTerre-Florim-Cottone-120x120-Naturale-R10-PTV-781530.jpg\",\"contentUrl\":\"https:\\\/\\\/homeproject.fr\\\/fr\\\/wp-content\\\/uploads\\\/2025\\\/08\\\/Carrelage-contemporain-aspect-terre-cuite-grand-format-SensiTerre-Florim-Cottone-120x120-Naturale-R10-PTV-781530.jpg\",\"width\":1500,\"height\":1500},{\"@type\":\"BreadcrumbList\",\"@id\":\"https:\\\/\\\/homeproject.fr\\\/fr\\\/produit\\\/carrelage-florim-sensiterre-cottone-naturale-120x120-r10-ptv-9mm\\\/#breadcrumb\",\"itemListElement\":[{\"@type\":\"ListItem\",\"position\":1,\"name\":\"Accueil\",\"item\":\"https:\\\/\\\/homeproject.fr\\\/fr\\\/\"},{\"@type\":\"ListItem\",\"position\":2,\"name\":\"Boutique\",\"item\":\"https:\\\/\\\/homeproject.fr\\\/fr\\\/boutique\\\/\"},{\"@type\":\"ListItem\",\"position\":3,\"name\":\"Carrelage Florim SensiTerre Cottone Naturale 120&#215;120 R10 PTV 9mm\"}]},{\"@type\":\"WebSite\",\"@id\":\"https:\\\/\\\/homeproject.fr\\\/fr\\\/#website\",\"url\":\"https:\\\/\\\/homeproject.fr\\\/fr\\\/\",\"name\":\"Homeproject.fr\",\"description\":\"Offrez l&#039;exceptionnel \u00e0 vos espaces \u00e0 vivre\",\"publisher\":{\"@id\":\"https:\\\/\\\/homeproject.fr\\\/fr\\\/#organization\"},\"potentialAction\":[{\"@type\":\"SearchAction\",\"target\":{\"@type\":\"EntryPoint\",\"urlTemplate\":\"https:\\\/\\\/homeproject.fr\\\/fr\\\/?s={search_term_string}\"},\"query-input\":{\"@type\":\"PropertyValueSpecification\",\"valueRequired\":true,\"valueName\":\"search_term_string\"}}],\"inLanguage\":\"fr-FR\"},{\"@type\":\"Organization\",\"@id\":\"https:\\\/\\\/homeproject.fr\\\/fr\\\/#organization\",\"name\":\"Homeproject.fr\",\"url\":\"https:\\\/\\\/homeproject.fr\\\/fr\\\/\",\"logo\":{\"@type\":\"ImageObject\",\"inLanguage\":\"fr-FR\",\"@id\":\"https:\\\/\\\/homeproject.fr\\\/fr\\\/#\\\/schema\\\/logo\\\/image\\\/\",\"url\":\"https:\\\/\\\/homeproject.fr\\\/fr\\\/wp-content\\\/uploads\\\/2024\\\/12\\\/Logo_HomeProject-noir-2.png\",\"contentUrl\":\"https:\\\/\\\/homeproject.fr\\\/fr\\\/wp-content\\\/uploads\\\/2024\\\/12\\\/Logo_HomeProject-noir-2.png\",\"width\":300,\"height\":91,\"caption\":\"Homeproject.fr\"},\"image\":{\"@id\":\"https:\\\/\\\/homeproject.fr\\\/fr\\\/#\\\/schema\\\/logo\\\/image\\\/\"}}]}<\/script>\n<!-- \/ Yoast SEO plugin. -->","yoast_head_json":{"title":"Carrelage Florim SensiTerre Cottone Naturale 120x120 R10 PTV 9mm - Homeproject.fr","robots":{"index":"index","follow":"follow","max-snippet":"max-snippet:-1","max-image-preview":"max-image-preview:large","max-video-preview":"max-video-preview:-1"},"canonical":"https:\/\/homeproject.fr\/fr\/produit\/carrelage-florim-sensiterre-cottone-naturale-120x120-r10-ptv-9mm\/","og_locale":"fr_FR","og_type":"article","og_title":"Carrelage Florim SensiTerre Cottone Naturale 120x120 R10 PTV 9mm - Homeproject.fr","og_description":"Chaleur naturelle &amp; design contemporain Apportez une touche d\u2019authenticit\u00e9 moderne \u00e0 vos int\u00e9rieurs avec le carrelage grand format SensiTerre Cottone Naturale 120\u00d7120 de Florim. Inspir\u00e9 par la terre cuite artisanale, ce gr\u00e8s c\u00e9rame haut de gamme offre un rendu doux, poudr\u00e9 et \u00e9l\u00e9gant qui \u00e9voque les ambiances m\u00e9diterran\u00e9ennes et les mat\u00e9riaux naturels.","og_url":"https:\/\/homeproject.fr\/fr\/produit\/carrelage-florim-sensiterre-cottone-naturale-120x120-r10-ptv-9mm\/","og_site_name":"Homeproject.fr","article_modified_time":"2025-08-22T14:37:13+00:00","og_image":[{"width":1500,"height":1500,"url":"https:\/\/homeproject.fr\/fr\/wp-content\/uploads\/2025\/08\/Carrelage-contemporain-aspect-terre-cuite-grand-format-SensiTerre-Florim-Cottone-120x120-Naturale-R10-PTV-781530.jpg","type":"image\/jpeg"}],"twitter_card":"summary_large_image","twitter_misc":{"Dur\u00e9e de lecture estim\u00e9e":"2 minutes"},"schema":{"@context":"https:\/\/schema.org","@graph":[{"@type":"WebPage","@id":"https:\/\/homeproject.fr\/fr\/produit\/carrelage-florim-sensiterre-cottone-naturale-120x120-r10-ptv-9mm\/","url":"https:\/\/homeproject.fr\/fr\/produit\/carrelage-florim-sensiterre-cottone-naturale-120x120-r10-ptv-9mm\/","name":"Carrelage Florim SensiTerre Cottone Naturale 120x120 R10 PTV 9mm - Homeproject.fr","isPartOf":{"@id":"https:\/\/homeproject.fr\/fr\/#website"},"primaryImageOfPage":{"@id":"https:\/\/homeproject.fr\/fr\/produit\/carrelage-florim-sensiterre-cottone-naturale-120x120-r10-ptv-9mm\/#primaryimage"},"image":{"@id":"https:\/\/homeproject.fr\/fr\/produit\/carrelage-florim-sensiterre-cottone-naturale-120x120-r10-ptv-9mm\/#primaryimage"},"thumbnailUrl":"https:\/\/homeproject.fr\/fr\/wp-content\/uploads\/2025\/08\/Carrelage-contemporain-aspect-terre-cuite-grand-format-SensiTerre-Florim-Cottone-120x120-Naturale-R10-PTV-781530.jpg","datePublished":"2025-08-22T14:31:07+00:00","dateModified":"2025-08-22T14:37:13+00:00","breadcrumb":{"@id":"https:\/\/homeproject.fr\/fr\/produit\/carrelage-florim-sensiterre-cottone-naturale-120x120-r10-ptv-9mm\/#breadcrumb"},"inLanguage":"fr-FR","potentialAction":[{"@type":"ReadAction","target":["https:\/\/homeproject.fr\/fr\/produit\/carrelage-florim-sensiterre-cottone-naturale-120x120-r10-ptv-9mm\/"]}]},{"@type":"ImageObject","inLanguage":"fr-FR","@id":"https:\/\/homeproject.fr\/fr\/produit\/carrelage-florim-sensiterre-cottone-naturale-120x120-r10-ptv-9mm\/#primaryimage","url":"https:\/\/homeproject.fr\/fr\/wp-content\/uploads\/2025\/08\/Carrelage-contemporain-aspect-terre-cuite-grand-format-SensiTerre-Florim-Cottone-120x120-Naturale-R10-PTV-781530.jpg","contentUrl":"https:\/\/homeproject.fr\/fr\/wp-content\/uploads\/2025\/08\/Carrelage-contemporain-aspect-terre-cuite-grand-format-SensiTerre-Florim-Cottone-120x120-Naturale-R10-PTV-781530.jpg","width":1500,"height":1500},{"@type":"BreadcrumbList","@id":"https:\/\/homeproject.fr\/fr\/produit\/carrelage-florim-sensiterre-cottone-naturale-120x120-r10-ptv-9mm\/#breadcrumb","itemListElement":[{"@type":"ListItem","position":1,"name":"Accueil","item":"https:\/\/homeproject.fr\/fr\/"},{"@type":"ListItem","position":2,"name":"Boutique","item":"https:\/\/homeproject.fr\/fr\/boutique\/"},{"@type":"ListItem","position":3,"name":"Carrelage Florim SensiTerre Cottone Naturale 120&#215;120 R10 PTV 9mm"}]},{"@type":"WebSite","@id":"https:\/\/homeproject.fr\/fr\/#website","url":"https:\/\/homeproject.fr\/fr\/","name":"Homeproject.fr","description":"Offrez l&#039;exceptionnel \u00e0 vos espaces \u00e0 vivre","publisher":{"@id":"https:\/\/homeproject.fr\/fr\/#organization"},"potentialAction":[{"@type":"SearchAction","target":{"@type":"EntryPoint","urlTemplate":"https:\/\/homeproject.fr\/fr\/?s={search_term_string}"},"query-input":{"@type":"PropertyValueSpecification","valueRequired":true,"valueName":"search_term_string"}}],"inLanguage":"fr-FR"},{"@type":"Organization","@id":"https:\/\/homeproject.fr\/fr\/#organization","name":"Homeproject.fr","url":"https:\/\/homeproject.fr\/fr\/","logo":{"@type":"ImageObject","inLanguage":"fr-FR","@id":"https:\/\/homeproject.fr\/fr\/#\/schema\/logo\/image\/","url":"https:\/\/homeproject.fr\/fr\/wp-content\/uploads\/2024\/12\/Logo_HomeProject-noir-2.png","contentUrl":"https:\/\/homeproject.fr\/fr\/wp-content\/uploads\/2024\/12\/Logo_HomeProject-noir-2.png","width":300,"height":91,"caption":"Homeproject.fr"},"image":{"@id":"https:\/\/homeproject.fr\/fr\/#\/schema\/logo\/image\/"}}]}},"_links":{"self":[{"href":"https:\/\/homeproject.fr\/fr\/wp-json\/wp\/v2\/product\/15247","targetHints":{"allow":["GET"]}}],"collection":[{"href":"https:\/\/homeproject.fr\/fr\/wp-json\/wp\/v2\/product"}],"about":[{"href":"https:\/\/homeproject.fr\/fr\/wp-json\/wp\/v2\/types\/product"}],"version-history":[{"count":1,"href":"https:\/\/homeproject.fr\/fr\/wp-json\/wp\/v2\/product\/15247\/revisions"}],"predecessor-version":[{"id":15251,"href":"https:\/\/homeproject.fr\/fr\/wp-json\/wp\/v2\/product\/15247\/revisions\/15251"}],"wp:featuredmedia":[{"embeddable":true,"href":"https:\/\/homeproject.fr\/fr\/wp-json\/wp\/v2\/media\/15248"}],"wp:attachment":[{"href":"https:\/\/homeproject.fr\/fr\/wp-json\/wp\/v2\/media?parent=15247"}],"wp:term":[{"taxonomy":"product_brand","embeddable":true,"href":"https:\/\/homeproject.fr\/fr\/wp-json\/wp\/v2\/product_brand?post=15247"},{"taxonomy":"product_cat","embeddable":true,"href":"https:\/\/homeproject.fr\/fr\/wp-json\/wp\/v2\/product_cat?post=15247"},{"taxonomy":"product_tag","embeddable":true,"href":"https:\/\/homeproject.fr\/fr\/wp-json\/wp\/v2\/product_tag?post=15247"}],"curies":[{"name":"wp","href":"https:\/\/api.w.org\/{rel}","templated":true}]}}