{"id":15243,"date":"2025-08-22T14:21:03","date_gmt":"2025-08-22T14:21:03","guid":{"rendered":"https:\/\/homeproject.fr\/fr\/?post_type=product&#038;p=15243"},"modified":"2025-08-22T14:26:05","modified_gmt":"2025-08-22T14:26:05","slug":"carrelage-florim-sensiterre-sabbia-cannettato-60x120-decoratif-r10-9mm","status":"publish","type":"product","link":"https:\/\/homeproject.fr\/fr\/produit\/carrelage-florim-sensiterre-sabbia-cannettato-60x120-decoratif-r10-9mm\/","title":{"rendered":"Carrelage Florim SensiTerre Sabbia Cannettato 60&#215;120 d\u00e9coratif R10 9mm"},"content":{"rendered":"<p><strong><a href=\"https:\/\/homeproject.fr\/fr\/produit\/echantillon-carrelage-florim-sensiterre-sabbia-cannettato\/\">Commander un \u00e9chantillon<\/a><\/strong><\/p>\n<h3 data-start=\"936\" data-end=\"971\"><strong data-start=\"940\" data-end=\"971\">Caract\u00e9ristiques techniques<\/strong><\/h3>\n<div class=\"_tableContainer_1rjym_1\">\n<div class=\"_tableWrapper_1rjym_13 group flex w-fit flex-col-reverse\" tabindex=\"-1\">\n<table class=\"w-fit min-w-(--thread-content-width)\" data-start=\"973\" data-end=\"2007\">\n<thead data-start=\"973\" data-end=\"1051\">\n<tr data-start=\"973\" data-end=\"1051\">\n<th data-start=\"973\" data-end=\"1001\" data-col-size=\"sm\"><strong data-start=\"975\" data-end=\"992\">Sp\u00e9cification<\/strong><\/th>\n<th data-start=\"1001\" data-end=\"1051\" data-col-size=\"md\"><strong data-start=\"1003\" data-end=\"1013\">D\u00e9tail<\/strong><\/th>\n<\/tr>\n<\/thead>\n<tbody data-start=\"1131\" data-end=\"2007\">\n<tr data-start=\"1131\" data-end=\"1210\">\n<td data-start=\"1131\" data-end=\"1159\" data-col-size=\"sm\">Marque<\/td>\n<td data-col-size=\"md\" data-start=\"1159\" data-end=\"1210\">Florim<\/td>\n<\/tr>\n<tr data-start=\"1211\" data-end=\"1290\">\n<td data-start=\"1211\" data-end=\"1239\" data-col-size=\"sm\">Collection<\/td>\n<td data-col-size=\"md\" data-start=\"1239\" data-end=\"1290\">SensiTerre<\/td>\n<\/tr>\n<tr data-start=\"1291\" data-end=\"1370\">\n<td data-start=\"1291\" data-end=\"1319\" data-col-size=\"sm\">Mod\u00e8le<\/td>\n<td data-col-size=\"md\" data-start=\"1319\" data-end=\"1370\">Sabbia Cannettato<\/td>\n<\/tr>\n<tr data-start=\"1371\" data-end=\"1450\">\n<td data-start=\"1371\" data-end=\"1399\" data-col-size=\"sm\">Format<\/td>\n<td data-col-size=\"md\" data-start=\"1399\" data-end=\"1450\">60 \u00d7 120 cm<\/td>\n<\/tr>\n<tr data-start=\"1451\" data-end=\"1530\">\n<td data-start=\"1451\" data-end=\"1479\" data-col-size=\"sm\">\u00c9paisseur<\/td>\n<td data-col-size=\"md\" data-start=\"1479\" data-end=\"1530\">9 mm<\/td>\n<\/tr>\n<tr data-start=\"1531\" data-end=\"1609\">\n<td data-start=\"1531\" data-end=\"1559\" data-col-size=\"sm\">Finition<\/td>\n<td data-col-size=\"md\" data-start=\"1559\" data-end=\"1609\">Cannettato (stri\u00e9e verticalement)<\/td>\n<\/tr>\n<tr data-start=\"1610\" data-end=\"1689\">\n<td data-start=\"1610\" data-end=\"1638\" data-col-size=\"sm\">Coloris<\/td>\n<td data-col-size=\"md\" data-start=\"1638\" data-end=\"1689\">Sabbia (sable et blanc)<\/td>\n<\/tr>\n<tr data-start=\"1690\" data-end=\"1769\">\n<td data-start=\"1690\" data-end=\"1718\" data-col-size=\"sm\">Rectifi\u00e9<\/td>\n<td data-col-size=\"md\" data-start=\"1718\" data-end=\"1769\">Oui<\/td>\n<\/tr>\n<tr data-start=\"1770\" data-end=\"1848\">\n<td data-start=\"1770\" data-end=\"1798\" data-col-size=\"sm\">Antid\u00e9rapance<\/td>\n<td data-col-size=\"md\" data-start=\"1798\" data-end=\"1848\">R10 \u2013 Adapt\u00e9 aux zones humides<\/td>\n<\/tr>\n<tr data-start=\"1849\" data-end=\"1927\">\n<td data-start=\"1849\" data-end=\"1877\" data-col-size=\"sm\">Pose<\/td>\n<td data-col-size=\"md\" data-start=\"1877\" data-end=\"1927\">Mur int\u00e9rieur et ext\u00e9rieur (salons, salles de bains, etc.)<\/td>\n<\/tr>\n<tr data-start=\"1928\" data-end=\"2007\">\n<td data-start=\"1928\" data-end=\"1956\" data-col-size=\"sm\">Usage<\/td>\n<td data-col-size=\"md\" data-start=\"1956\" data-end=\"2007\">R\u00e9sidentiel ou professionnel<\/td>\n<\/tr>\n<\/tbody>\n<\/table>\n<\/div>\n<\/div>\n<h4 data-start=\"1687\" data-end=\"1748\"><strong data-start=\"1692\" data-end=\"1748\">Les atouts du carrelage SensiTerre Sabbia Cannettato<\/strong><\/h4>\n<ul data-start=\"1749\" data-end=\"2044\">\n<li data-start=\"1749\" data-end=\"1797\">\n<p data-start=\"1751\" data-end=\"1797\">\u2714 Design contemporain inspir\u00e9 de la nature<\/p>\n<\/li>\n<li data-start=\"1798\" data-end=\"1863\">\n<p data-start=\"1800\" data-end=\"1863\">\u2714 Finition en relief effet rainur\u00e9 pour un rendu artistique<\/p>\n<\/li>\n<li data-start=\"1864\" data-end=\"1905\">\n<p data-start=\"1866\" data-end=\"1905\">\u2714 Teinte sabl\u00e9e chaude et lumineuse<\/p>\n<\/li>\n<li data-start=\"1906\" data-end=\"1932\">\n<p data-start=\"1908\" data-end=\"1932\">\u2714 Facile d\u2019entretien<\/p>\n<\/li>\n<li data-start=\"1933\" data-end=\"2044\">\n<p data-start=\"1935\" data-end=\"2044\">\u2714 Compatible avec les environnements humides<\/p>\n<\/li>\n<\/ul>\n<hr data-start=\"2046\" data-end=\"2049\" \/>\n<h4 data-start=\"2051\" data-end=\"2073\"><strong data-start=\"2056\" data-end=\"2073\">Conseils d\u00e9co<\/strong><\/h4>\n<p data-start=\"2074\" data-end=\"2321\">Associez-le \u00e0 des carreaux <em data-start=\"2101\" data-end=\"2116\">Sabbia lisses<\/em> (m\u00eame collection) en sol ou murs adjacents pour cr\u00e9er un jeu de contrastes subtil. Id\u00e9al avec des meubles en bois clair, des touches de lin, des plantes vertes et des luminaires noirs ou en laiton bross\u00e9.<\/p>\n<hr data-start=\"2528\" data-end=\"2531\" \/>\n<h3 data-start=\"2533\" data-end=\"2680\"><em data-start=\"2540\" data-end=\"2680\">Envie d\u2019un int\u00e9rieur aux accents m\u00e9diterran\u00e9ens et naturels ? Le carrelage SensiTerre Sabbia Cannettato est un choix audacieux et raffin\u00e9.<\/em><\/h3>\n<h3 data-start=\"913\" data-end=\"948\"><strong style=\"font-family: inherit; font-size: 30px;\">Vous avez des questions ?<\/strong><\/h3>\n<style id=\"wpforms-css-vars-3675\">\n\t\t\t\t#wpforms-3675 {\n\t\t\t\t\n\t\t\t}\n\t\t\t<\/style><div class=\"wpforms-container wpforms-container-full wpforms-render-modern\" id=\"wpforms-3675\"><form id=\"wpforms-form-3675\" class=\"wpforms-validate wpforms-form wpforms-ajax-form\" data-formid=\"3675\" method=\"post\" enctype=\"multipart\/form-data\" action=\"\/fr\/wp-json\/wp\/v2\/product\/15243\" data-token=\"86cfa3cd8fc4572532d762e2357ac556\" data-token-time=\"1777849696\"><noscript class=\"wpforms-error-noscript\">Veuillez activer JavaScript dans votre navigateur pour remplir ce formulaire.<\/noscript><div id=\"wpforms-error-noscript\" style=\"display: none;\">Veuillez activer JavaScript dans votre navigateur pour remplir ce formulaire.<\/div><div class=\"wpforms-field-container\"><div id=\"wpforms-3675-field_3-container\" class=\"wpforms-field wpforms-field-name\" data-field-id=\"3\"><fieldset><legend class=\"wpforms-field-label\">Nom <span class=\"wpforms-required-label\" aria-hidden=\"true\">*<\/span><\/legend><div class=\"wpforms-field-row wpforms-field-medium\"><div class=\"wpforms-field-row-block wpforms-first wpforms-one-half\"><input type=\"text\" id=\"wpforms-3675-field_3\" class=\"wpforms-field-name-first wpforms-field-required\" name=\"wpforms[fields][3][first]\" aria-errormessage=\"wpforms-3675-field_3-error\" required><label for=\"wpforms-3675-field_3\" class=\"wpforms-field-sublabel after\">Pr\u00e9nom<\/label><\/div><div class=\"wpforms-field-row-block wpforms-one-half\"><input type=\"text\" id=\"wpforms-3675-field_3-last\" class=\"wpforms-field-name-last wpforms-field-required\" name=\"wpforms[fields][3][last]\" aria-errormessage=\"wpforms-3675-field_3-last-error\" required><label for=\"wpforms-3675-field_3-last\" class=\"wpforms-field-sublabel after\">Nom<\/label><\/div><\/div><\/fieldset><\/div>\t\t<div id=\"wpforms-3675-field_1-container\"\n\t\t\tclass=\"wpforms-field wpforms-field-text\"\n\t\t\tdata-field-type=\"text\"\n\t\t\tdata-field-id=\"1\"\n\t\t\t>\n\t\t\t<label class=\"wpforms-field-label\" for=\"wpforms-3675-field_1\" >Nom Message E-mail<\/label>\n\t\t\t<input type=\"text\" id=\"wpforms-3675-field_1\" class=\"wpforms-field-medium\" name=\"wpforms[fields][1]\" >\n\t\t<\/div>\n\t\t<div id=\"wpforms-3675-field_4-container\" class=\"wpforms-field wpforms-field-email\" data-field-id=\"4\"><label class=\"wpforms-field-label\" for=\"wpforms-3675-field_4\">E-mail <span class=\"wpforms-required-label\" aria-hidden=\"true\">*<\/span><\/label><input type=\"email\" id=\"wpforms-3675-field_4\" class=\"wpforms-field-medium wpforms-field-required\" name=\"wpforms[fields][4]\" spellcheck=\"false\" aria-errormessage=\"wpforms-3675-field_4-error\" required><\/div><div id=\"wpforms-3675-field_5-container\" class=\"wpforms-field wpforms-field-textarea\" data-field-id=\"5\"><label class=\"wpforms-field-label\" for=\"wpforms-3675-field_5\">Message <span class=\"wpforms-required-label\" aria-hidden=\"true\">*<\/span><\/label><textarea id=\"wpforms-3675-field_5\" class=\"wpforms-field-medium wpforms-field-required\" name=\"wpforms[fields][5]\" aria-errormessage=\"wpforms-3675-field_5-error\" required><\/textarea><\/div><script>\n\t\t\t\t( function() {\n\t\t\t\t\tconst style = document.createElement( 'style' );\n\t\t\t\t\tstyle.appendChild( document.createTextNode( '#wpforms-3675-field_1-container { position: absolute !important; overflow: hidden !important; display: inline !important; height: 1px !important; width: 1px !important; z-index: -1000 !important; padding: 0 !important; } #wpforms-3675-field_1-container input { visibility: hidden; } #wpforms-conversational-form-page #wpforms-3675-field_1-container label { counter-increment: none; }' ) );\n\t\t\t\t\tdocument.head.appendChild( style );\n\t\t\t\t\tdocument.currentScript?.remove();\n\t\t\t\t} )();\n\t\t\t<\/script><\/div><!-- .wpforms-field-container --><div class=\"wpforms-submit-container\" ><input type=\"hidden\" name=\"wpforms[id]\" value=\"3675\"><input type=\"hidden\" name=\"page_title\" value=\"\"><input type=\"hidden\" name=\"page_url\" value=\"https:\/\/homeproject.fr\/fr\/wp-json\/wp\/v2\/product\/15243\"><input type=\"hidden\" name=\"url_referer\" value=\"\"><button type=\"submit\" name=\"wpforms[submit]\" id=\"wpforms-submit-3675\" class=\"wpforms-submit\" data-alt-text=\"Envoi...\" data-submit-text=\"Envoyer\" aria-live=\"assertive\" value=\"wpforms-submit\">Envoyer<\/button><img decoding=\"async\" src=\"https:\/\/homeproject.fr\/fr\/wp-content\/plugins\/wpforms-lite\/assets\/images\/submit-spin.svg\" class=\"wpforms-submit-spinner\" style=\"display: none;\" width=\"26\" height=\"26\" alt=\"Chargement en cours\"><\/div><\/form><\/div>  <!-- .wpforms-container -->\n","protected":false},"excerpt":{"rendered":"<p data-start=\"365\" data-end=\"811\">La collection <strong><em data-start=\"379\" data-end=\"391\">SensiTerre<\/em> <\/strong>r\u00e9interpr\u00e8te avec \u00e9l\u00e9gance l\u2019authenticit\u00e9 de la terre cuite italienne \u00e0 travers des surfaces en gr\u00e8s c\u00e9rame haut de gamme. Le mod\u00e8le <strong><em data-start=\"525\" data-end=\"544\">Sabbia Cannettato<\/em><\/strong>, avec ses rainures verticales d\u00e9licatement irr\u00e9guli\u00e8res, apporte profondeur, texture et mouvement \u00e0 vos espaces int\u00e9rieurs. Ce d\u00e9cor structur\u00e9 \u00e9voque l\u2019artisanat m\u00e9diterran\u00e9en tout en s\u2019int\u00e9grant parfaitement dans des projets contemporains minimalistes ou wabi-sabi.<\/p>\n<p data-start=\"813\" data-end=\"1058\">Son format g\u00e9n\u00e9reux de <strong data-start=\"836\" data-end=\"849\">60&#215;120 cm<\/strong>, sa <strong data-start=\"854\" data-end=\"881\">finition mate naturelle<\/strong>, et sa <strong data-start=\"889\" data-end=\"918\">surface R10 antid\u00e9rapante<\/strong> en font un excellent choix pour habiller avec raffinement murs de salle de bain, cr\u00e9dences, t\u00eates de lit, couloirs ou encore murs d\u2019entr\u00e9e.<\/p>\n","protected":false},"featured_media":15241,"template":"","meta":{"_uf_show_specific_survey":0,"_uf_disable_surveys":false,"iawp_total_views":80},"product_brand":[607],"product_cat":[20,131],"product_tag":[],"class_list":{"0":"post-15243","1":"product","2":"type-product","3":"status-publish","4":"has-post-thumbnail","6":"product_brand-florim","7":"product_cat-carrelage","8":"product_cat-carrelage-mural","9":"product_shipping_class-carrelage","10":"pa_collection-sensiterre-par-florim","11":"pa_designer-matteo-thun","12":"pa_dimensions-nominales-60x120","13":"pa_effet-beton","14":"pa_effet-terre-cuite","15":"pa_epaisseur-9mm","16":"pa_marque-florim","17":"pa_materiau-gres-cerame-emaille","19":"first","20":"instock","21":"sale","22":"taxable","23":"shipping-taxable","24":"purchasable","25":"product-type-simple"},"yoast_head":"<!-- This site is optimized with the Yoast SEO plugin v27.5 - https:\/\/yoast.com\/product\/yoast-seo-wordpress\/ -->\n<title>Carrelage Florim SensiTerre Sabbia Cannettato 60x120 d\u00e9coratif R10 9mm - Homeproject.fr<\/title>\n<meta name=\"robots\" content=\"index, follow, max-snippet:-1, max-image-preview:large, max-video-preview:-1\" \/>\n<link rel=\"canonical\" href=\"https:\/\/homeproject.fr\/fr\/produit\/carrelage-florim-sensiterre-sabbia-cannettato-60x120-decoratif-r10-9mm\/\" \/>\n<meta property=\"og:locale\" content=\"fr_FR\" \/>\n<meta property=\"og:type\" content=\"article\" \/>\n<meta property=\"og:title\" content=\"Carrelage Florim SensiTerre Sabbia Cannettato 60x120 d\u00e9coratif R10 9mm - Homeproject.fr\" \/>\n<meta property=\"og:description\" content=\"La collection SensiTerre r\u00e9interpr\u00e8te avec \u00e9l\u00e9gance l\u2019authenticit\u00e9 de la terre cuite italienne \u00e0 travers des surfaces en gr\u00e8s c\u00e9rame haut de gamme. Le mod\u00e8le Sabbia Cannettato, avec ses rainures verticales d\u00e9licatement irr\u00e9guli\u00e8res, apporte profondeur, texture et mouvement \u00e0 vos espaces int\u00e9rieurs. Ce d\u00e9cor structur\u00e9 \u00e9voque l\u2019artisanat m\u00e9diterran\u00e9en tout en s\u2019int\u00e9grant parfaitement dans des projets contemporains minimalistes ou wabi-sabi. Son format g\u00e9n\u00e9reux de 60x120 cm, sa finition mate naturelle, et sa surface R10 antid\u00e9rapante en font un excellent choix pour habiller avec raffinement murs de salle de bain, cr\u00e9dences, t\u00eates de lit, couloirs ou encore murs d\u2019entr\u00e9e.\" \/>\n<meta property=\"og:url\" content=\"https:\/\/homeproject.fr\/fr\/produit\/carrelage-florim-sensiterre-sabbia-cannettato-60x120-decoratif-r10-9mm\/\" \/>\n<meta property=\"og:site_name\" content=\"Homeproject.fr\" \/>\n<meta property=\"article:modified_time\" content=\"2025-08-22T14:26:05+00:00\" \/>\n<meta property=\"og:image\" content=\"https:\/\/homeproject.fr\/fr\/wp-content\/uploads\/2025\/08\/Carrelage-contemporain-aspect-terre-cuite-decoree-grand-format-SensiTerre-Florim-Sabbia-Cannettato-60x120-R10-781495.jpg\" \/>\n\t<meta property=\"og:image:width\" content=\"1500\" \/>\n\t<meta property=\"og:image:height\" content=\"1500\" \/>\n\t<meta property=\"og:image:type\" content=\"image\/jpeg\" \/>\n<meta name=\"twitter:card\" content=\"summary_large_image\" \/>\n<meta name=\"twitter:label1\" content=\"Dur\u00e9e de lecture estim\u00e9e\" \/>\n\t<meta name=\"twitter:data1\" content=\"2 minutes\" \/>\n<script type=\"application\/ld+json\" class=\"yoast-schema-graph\">{\"@context\":\"https:\\\/\\\/schema.org\",\"@graph\":[{\"@type\":\"WebPage\",\"@id\":\"https:\\\/\\\/homeproject.fr\\\/fr\\\/produit\\\/carrelage-florim-sensiterre-sabbia-cannettato-60x120-decoratif-r10-9mm\\\/\",\"url\":\"https:\\\/\\\/homeproject.fr\\\/fr\\\/produit\\\/carrelage-florim-sensiterre-sabbia-cannettato-60x120-decoratif-r10-9mm\\\/\",\"name\":\"Carrelage Florim SensiTerre Sabbia Cannettato 60x120 d\u00e9coratif R10 9mm - Homeproject.fr\",\"isPartOf\":{\"@id\":\"https:\\\/\\\/homeproject.fr\\\/fr\\\/#website\"},\"primaryImageOfPage\":{\"@id\":\"https:\\\/\\\/homeproject.fr\\\/fr\\\/produit\\\/carrelage-florim-sensiterre-sabbia-cannettato-60x120-decoratif-r10-9mm\\\/#primaryimage\"},\"image\":{\"@id\":\"https:\\\/\\\/homeproject.fr\\\/fr\\\/produit\\\/carrelage-florim-sensiterre-sabbia-cannettato-60x120-decoratif-r10-9mm\\\/#primaryimage\"},\"thumbnailUrl\":\"https:\\\/\\\/homeproject.fr\\\/fr\\\/wp-content\\\/uploads\\\/2025\\\/08\\\/Carrelage-contemporain-aspect-terre-cuite-decoree-grand-format-SensiTerre-Florim-Sabbia-Cannettato-60x120-R10-781495.jpg\",\"datePublished\":\"2025-08-22T14:21:03+00:00\",\"dateModified\":\"2025-08-22T14:26:05+00:00\",\"breadcrumb\":{\"@id\":\"https:\\\/\\\/homeproject.fr\\\/fr\\\/produit\\\/carrelage-florim-sensiterre-sabbia-cannettato-60x120-decoratif-r10-9mm\\\/#breadcrumb\"},\"inLanguage\":\"fr-FR\",\"potentialAction\":[{\"@type\":\"ReadAction\",\"target\":[\"https:\\\/\\\/homeproject.fr\\\/fr\\\/produit\\\/carrelage-florim-sensiterre-sabbia-cannettato-60x120-decoratif-r10-9mm\\\/\"]}]},{\"@type\":\"ImageObject\",\"inLanguage\":\"fr-FR\",\"@id\":\"https:\\\/\\\/homeproject.fr\\\/fr\\\/produit\\\/carrelage-florim-sensiterre-sabbia-cannettato-60x120-decoratif-r10-9mm\\\/#primaryimage\",\"url\":\"https:\\\/\\\/homeproject.fr\\\/fr\\\/wp-content\\\/uploads\\\/2025\\\/08\\\/Carrelage-contemporain-aspect-terre-cuite-decoree-grand-format-SensiTerre-Florim-Sabbia-Cannettato-60x120-R10-781495.jpg\",\"contentUrl\":\"https:\\\/\\\/homeproject.fr\\\/fr\\\/wp-content\\\/uploads\\\/2025\\\/08\\\/Carrelage-contemporain-aspect-terre-cuite-decoree-grand-format-SensiTerre-Florim-Sabbia-Cannettato-60x120-R10-781495.jpg\",\"width\":1500,\"height\":1500},{\"@type\":\"BreadcrumbList\",\"@id\":\"https:\\\/\\\/homeproject.fr\\\/fr\\\/produit\\\/carrelage-florim-sensiterre-sabbia-cannettato-60x120-decoratif-r10-9mm\\\/#breadcrumb\",\"itemListElement\":[{\"@type\":\"ListItem\",\"position\":1,\"name\":\"Accueil\",\"item\":\"https:\\\/\\\/homeproject.fr\\\/fr\\\/\"},{\"@type\":\"ListItem\",\"position\":2,\"name\":\"Boutique\",\"item\":\"https:\\\/\\\/homeproject.fr\\\/fr\\\/boutique\\\/\"},{\"@type\":\"ListItem\",\"position\":3,\"name\":\"Carrelage Florim SensiTerre Sabbia Cannettato 60&#215;120 d\u00e9coratif R10 9mm\"}]},{\"@type\":\"WebSite\",\"@id\":\"https:\\\/\\\/homeproject.fr\\\/fr\\\/#website\",\"url\":\"https:\\\/\\\/homeproject.fr\\\/fr\\\/\",\"name\":\"Homeproject.fr\",\"description\":\"Offrez l&#039;exceptionnel \u00e0 vos espaces \u00e0 vivre\",\"publisher\":{\"@id\":\"https:\\\/\\\/homeproject.fr\\\/fr\\\/#organization\"},\"potentialAction\":[{\"@type\":\"SearchAction\",\"target\":{\"@type\":\"EntryPoint\",\"urlTemplate\":\"https:\\\/\\\/homeproject.fr\\\/fr\\\/?s={search_term_string}\"},\"query-input\":{\"@type\":\"PropertyValueSpecification\",\"valueRequired\":true,\"valueName\":\"search_term_string\"}}],\"inLanguage\":\"fr-FR\"},{\"@type\":\"Organization\",\"@id\":\"https:\\\/\\\/homeproject.fr\\\/fr\\\/#organization\",\"name\":\"Homeproject.fr\",\"url\":\"https:\\\/\\\/homeproject.fr\\\/fr\\\/\",\"logo\":{\"@type\":\"ImageObject\",\"inLanguage\":\"fr-FR\",\"@id\":\"https:\\\/\\\/homeproject.fr\\\/fr\\\/#\\\/schema\\\/logo\\\/image\\\/\",\"url\":\"https:\\\/\\\/homeproject.fr\\\/fr\\\/wp-content\\\/uploads\\\/2024\\\/12\\\/Logo_HomeProject-noir-2.png\",\"contentUrl\":\"https:\\\/\\\/homeproject.fr\\\/fr\\\/wp-content\\\/uploads\\\/2024\\\/12\\\/Logo_HomeProject-noir-2.png\",\"width\":300,\"height\":91,\"caption\":\"Homeproject.fr\"},\"image\":{\"@id\":\"https:\\\/\\\/homeproject.fr\\\/fr\\\/#\\\/schema\\\/logo\\\/image\\\/\"}}]}<\/script>\n<!-- \/ Yoast SEO plugin. -->","yoast_head_json":{"title":"Carrelage Florim SensiTerre Sabbia Cannettato 60x120 d\u00e9coratif R10 9mm - Homeproject.fr","robots":{"index":"index","follow":"follow","max-snippet":"max-snippet:-1","max-image-preview":"max-image-preview:large","max-video-preview":"max-video-preview:-1"},"canonical":"https:\/\/homeproject.fr\/fr\/produit\/carrelage-florim-sensiterre-sabbia-cannettato-60x120-decoratif-r10-9mm\/","og_locale":"fr_FR","og_type":"article","og_title":"Carrelage Florim SensiTerre Sabbia Cannettato 60x120 d\u00e9coratif R10 9mm - Homeproject.fr","og_description":"La collection SensiTerre r\u00e9interpr\u00e8te avec \u00e9l\u00e9gance l\u2019authenticit\u00e9 de la terre cuite italienne \u00e0 travers des surfaces en gr\u00e8s c\u00e9rame haut de gamme. Le mod\u00e8le Sabbia Cannettato, avec ses rainures verticales d\u00e9licatement irr\u00e9guli\u00e8res, apporte profondeur, texture et mouvement \u00e0 vos espaces int\u00e9rieurs. Ce d\u00e9cor structur\u00e9 \u00e9voque l\u2019artisanat m\u00e9diterran\u00e9en tout en s\u2019int\u00e9grant parfaitement dans des projets contemporains minimalistes ou wabi-sabi. Son format g\u00e9n\u00e9reux de 60x120 cm, sa finition mate naturelle, et sa surface R10 antid\u00e9rapante en font un excellent choix pour habiller avec raffinement murs de salle de bain, cr\u00e9dences, t\u00eates de lit, couloirs ou encore murs d\u2019entr\u00e9e.","og_url":"https:\/\/homeproject.fr\/fr\/produit\/carrelage-florim-sensiterre-sabbia-cannettato-60x120-decoratif-r10-9mm\/","og_site_name":"Homeproject.fr","article_modified_time":"2025-08-22T14:26:05+00:00","og_image":[{"width":1500,"height":1500,"url":"https:\/\/homeproject.fr\/fr\/wp-content\/uploads\/2025\/08\/Carrelage-contemporain-aspect-terre-cuite-decoree-grand-format-SensiTerre-Florim-Sabbia-Cannettato-60x120-R10-781495.jpg","type":"image\/jpeg"}],"twitter_card":"summary_large_image","twitter_misc":{"Dur\u00e9e de lecture estim\u00e9e":"2 minutes"},"schema":{"@context":"https:\/\/schema.org","@graph":[{"@type":"WebPage","@id":"https:\/\/homeproject.fr\/fr\/produit\/carrelage-florim-sensiterre-sabbia-cannettato-60x120-decoratif-r10-9mm\/","url":"https:\/\/homeproject.fr\/fr\/produit\/carrelage-florim-sensiterre-sabbia-cannettato-60x120-decoratif-r10-9mm\/","name":"Carrelage Florim SensiTerre Sabbia Cannettato 60x120 d\u00e9coratif R10 9mm - Homeproject.fr","isPartOf":{"@id":"https:\/\/homeproject.fr\/fr\/#website"},"primaryImageOfPage":{"@id":"https:\/\/homeproject.fr\/fr\/produit\/carrelage-florim-sensiterre-sabbia-cannettato-60x120-decoratif-r10-9mm\/#primaryimage"},"image":{"@id":"https:\/\/homeproject.fr\/fr\/produit\/carrelage-florim-sensiterre-sabbia-cannettato-60x120-decoratif-r10-9mm\/#primaryimage"},"thumbnailUrl":"https:\/\/homeproject.fr\/fr\/wp-content\/uploads\/2025\/08\/Carrelage-contemporain-aspect-terre-cuite-decoree-grand-format-SensiTerre-Florim-Sabbia-Cannettato-60x120-R10-781495.jpg","datePublished":"2025-08-22T14:21:03+00:00","dateModified":"2025-08-22T14:26:05+00:00","breadcrumb":{"@id":"https:\/\/homeproject.fr\/fr\/produit\/carrelage-florim-sensiterre-sabbia-cannettato-60x120-decoratif-r10-9mm\/#breadcrumb"},"inLanguage":"fr-FR","potentialAction":[{"@type":"ReadAction","target":["https:\/\/homeproject.fr\/fr\/produit\/carrelage-florim-sensiterre-sabbia-cannettato-60x120-decoratif-r10-9mm\/"]}]},{"@type":"ImageObject","inLanguage":"fr-FR","@id":"https:\/\/homeproject.fr\/fr\/produit\/carrelage-florim-sensiterre-sabbia-cannettato-60x120-decoratif-r10-9mm\/#primaryimage","url":"https:\/\/homeproject.fr\/fr\/wp-content\/uploads\/2025\/08\/Carrelage-contemporain-aspect-terre-cuite-decoree-grand-format-SensiTerre-Florim-Sabbia-Cannettato-60x120-R10-781495.jpg","contentUrl":"https:\/\/homeproject.fr\/fr\/wp-content\/uploads\/2025\/08\/Carrelage-contemporain-aspect-terre-cuite-decoree-grand-format-SensiTerre-Florim-Sabbia-Cannettato-60x120-R10-781495.jpg","width":1500,"height":1500},{"@type":"BreadcrumbList","@id":"https:\/\/homeproject.fr\/fr\/produit\/carrelage-florim-sensiterre-sabbia-cannettato-60x120-decoratif-r10-9mm\/#breadcrumb","itemListElement":[{"@type":"ListItem","position":1,"name":"Accueil","item":"https:\/\/homeproject.fr\/fr\/"},{"@type":"ListItem","position":2,"name":"Boutique","item":"https:\/\/homeproject.fr\/fr\/boutique\/"},{"@type":"ListItem","position":3,"name":"Carrelage Florim SensiTerre Sabbia Cannettato 60&#215;120 d\u00e9coratif R10 9mm"}]},{"@type":"WebSite","@id":"https:\/\/homeproject.fr\/fr\/#website","url":"https:\/\/homeproject.fr\/fr\/","name":"Homeproject.fr","description":"Offrez l&#039;exceptionnel \u00e0 vos espaces \u00e0 vivre","publisher":{"@id":"https:\/\/homeproject.fr\/fr\/#organization"},"potentialAction":[{"@type":"SearchAction","target":{"@type":"EntryPoint","urlTemplate":"https:\/\/homeproject.fr\/fr\/?s={search_term_string}"},"query-input":{"@type":"PropertyValueSpecification","valueRequired":true,"valueName":"search_term_string"}}],"inLanguage":"fr-FR"},{"@type":"Organization","@id":"https:\/\/homeproject.fr\/fr\/#organization","name":"Homeproject.fr","url":"https:\/\/homeproject.fr\/fr\/","logo":{"@type":"ImageObject","inLanguage":"fr-FR","@id":"https:\/\/homeproject.fr\/fr\/#\/schema\/logo\/image\/","url":"https:\/\/homeproject.fr\/fr\/wp-content\/uploads\/2024\/12\/Logo_HomeProject-noir-2.png","contentUrl":"https:\/\/homeproject.fr\/fr\/wp-content\/uploads\/2024\/12\/Logo_HomeProject-noir-2.png","width":300,"height":91,"caption":"Homeproject.fr"},"image":{"@id":"https:\/\/homeproject.fr\/fr\/#\/schema\/logo\/image\/"}}]}},"_links":{"self":[{"href":"https:\/\/homeproject.fr\/fr\/wp-json\/wp\/v2\/product\/15243","targetHints":{"allow":["GET"]}}],"collection":[{"href":"https:\/\/homeproject.fr\/fr\/wp-json\/wp\/v2\/product"}],"about":[{"href":"https:\/\/homeproject.fr\/fr\/wp-json\/wp\/v2\/types\/product"}],"version-history":[{"count":1,"href":"https:\/\/homeproject.fr\/fr\/wp-json\/wp\/v2\/product\/15243\/revisions"}],"predecessor-version":[{"id":15245,"href":"https:\/\/homeproject.fr\/fr\/wp-json\/wp\/v2\/product\/15243\/revisions\/15245"}],"wp:featuredmedia":[{"embeddable":true,"href":"https:\/\/homeproject.fr\/fr\/wp-json\/wp\/v2\/media\/15241"}],"wp:attachment":[{"href":"https:\/\/homeproject.fr\/fr\/wp-json\/wp\/v2\/media?parent=15243"}],"wp:term":[{"taxonomy":"product_brand","embeddable":true,"href":"https:\/\/homeproject.fr\/fr\/wp-json\/wp\/v2\/product_brand?post=15243"},{"taxonomy":"product_cat","embeddable":true,"href":"https:\/\/homeproject.fr\/fr\/wp-json\/wp\/v2\/product_cat?post=15243"},{"taxonomy":"product_tag","embeddable":true,"href":"https:\/\/homeproject.fr\/fr\/wp-json\/wp\/v2\/product_tag?post=15243"}],"curies":[{"name":"wp","href":"https:\/\/api.w.org\/{rel}","templated":true}]}}