{"id":15235,"date":"2025-08-22T14:10:03","date_gmt":"2025-08-22T14:10:03","guid":{"rendered":"https:\/\/homeproject.fr\/fr\/?post_type=product&#038;p=15235"},"modified":"2025-08-22T14:16:09","modified_gmt":"2025-08-22T14:16:09","slug":"carrelage-florim-sensiterre-mattone-rigatino-60x120-decoratif-r10-9mm-2","status":"publish","type":"product","link":"https:\/\/homeproject.fr\/fr\/produit\/carrelage-florim-sensiterre-mattone-rigatino-60x120-decoratif-r10-9mm-2\/","title":{"rendered":"Carrelage Florim SensiTerre Mattone Rigatino 60&#215;120 d\u00e9coratif R10 9mm"},"content":{"rendered":"<p><strong><a href=\"https:\/\/homeproject.fr\/fr\/produit\/echantillon-carrelage-florim-sensiterre-sabbia-rigatino\/\">Commander un \u00e9chantillon<\/a><\/strong><\/p>\n<div class=\"_tableContainer_1rjym_1\">\n<div class=\"_tableWrapper_1rjym_13 group flex w-fit flex-col-reverse\" tabindex=\"-1\">\n<h3 data-start=\"1053\" data-end=\"1088\"><strong data-start=\"1057\" data-end=\"1088\">Caract\u00e9ristiques techniques<\/strong><\/h3>\n<div class=\"_tableContainer_sk2ct_1\">\n<div class=\"_tableWrapper_sk2ct_13 group flex w-fit flex-col-reverse\" tabindex=\"-1\">\n<table class=\"w-fit min-w-(--thread-content-width)\" data-start=\"1090\" data-end=\"2193\">\n<thead data-start=\"1090\" data-end=\"1174\">\n<tr data-start=\"1090\" data-end=\"1174\">\n<th data-start=\"1090\" data-end=\"1118\" data-col-size=\"sm\"><strong data-start=\"1092\" data-end=\"1109\">Sp\u00e9cification<\/strong><\/th>\n<th data-start=\"1118\" data-end=\"1174\" data-col-size=\"md\"><strong data-start=\"1120\" data-end=\"1130\">D\u00e9tail<\/strong><\/th>\n<\/tr>\n<\/thead>\n<tbody data-start=\"1260\" data-end=\"2193\">\n<tr data-start=\"1260\" data-end=\"1344\">\n<td data-start=\"1260\" data-end=\"1288\" data-col-size=\"sm\">Marque<\/td>\n<td data-col-size=\"md\" data-start=\"1288\" data-end=\"1344\">Florim<\/td>\n<\/tr>\n<tr data-start=\"1345\" data-end=\"1429\">\n<td data-start=\"1345\" data-end=\"1373\" data-col-size=\"sm\">Collection<\/td>\n<td data-col-size=\"md\" data-start=\"1373\" data-end=\"1429\">SensiTerre<\/td>\n<\/tr>\n<tr data-start=\"1430\" data-end=\"1514\">\n<td data-start=\"1430\" data-end=\"1458\" data-col-size=\"sm\">R\u00e9f\u00e9rence<\/td>\n<td data-col-size=\"md\" data-start=\"1458\" data-end=\"1514\">Sabbia Rigatino \u2013 781497<\/td>\n<\/tr>\n<tr data-start=\"1515\" data-end=\"1599\">\n<td data-start=\"1515\" data-end=\"1543\" data-col-size=\"sm\">Format<\/td>\n<td data-col-size=\"md\" data-start=\"1543\" data-end=\"1599\">60 \u00d7 120 cm<\/td>\n<\/tr>\n<tr data-start=\"1600\" data-end=\"1684\">\n<td data-start=\"1600\" data-end=\"1628\" data-col-size=\"sm\">\u00c9paisseur<\/td>\n<td data-col-size=\"md\" data-start=\"1628\" data-end=\"1684\">9 mm<\/td>\n<\/tr>\n<tr data-start=\"1685\" data-end=\"1769\">\n<td data-start=\"1685\" data-end=\"1713\" data-col-size=\"sm\">Finition<\/td>\n<td data-col-size=\"md\" data-start=\"1713\" data-end=\"1769\">Rigatino (stri\u00e9e, structur\u00e9e)<\/td>\n<\/tr>\n<tr data-start=\"1770\" data-end=\"1854\">\n<td data-start=\"1770\" data-end=\"1798\" data-col-size=\"sm\">Antid\u00e9rapance<\/td>\n<td data-col-size=\"md\" data-start=\"1798\" data-end=\"1854\">R10 PTV \u2013 bonne adh\u00e9rence<\/td>\n<\/tr>\n<tr data-start=\"1855\" data-end=\"1939\">\n<td data-start=\"1855\" data-end=\"1883\" data-col-size=\"sm\">Effet<\/td>\n<td data-col-size=\"md\" data-start=\"1883\" data-end=\"1939\">Ciment textur\u00e9 \/ Terre cuite stri\u00e9e<\/td>\n<\/tr>\n<tr data-start=\"1940\" data-end=\"2024\">\n<td data-start=\"1940\" data-end=\"1968\" data-col-size=\"sm\">Teinte<\/td>\n<td data-col-size=\"md\" data-start=\"1968\" data-end=\"2024\">Sabbia (sable clair, naturel)<\/td>\n<\/tr>\n<tr data-start=\"2025\" data-end=\"2109\">\n<td data-start=\"2025\" data-end=\"2053\" data-col-size=\"sm\">Utilisation<\/td>\n<td data-col-size=\"md\" data-start=\"2053\" data-end=\"2109\">Murs & sols \u2013 int\u00e9rieur<\/td>\n<\/tr>\n<tr data-start=\"2110\" data-end=\"2193\">\n<td data-start=\"2110\" data-end=\"2138\" data-col-size=\"sm\">Pose recommand\u00e9e<\/td>\n<td data-col-size=\"md\" data-start=\"2138\" data-end=\"2193\">verticale, horizontale, joints fins assortis<\/td>\n<\/tr>\n<\/tbody>\n<\/table>\n<\/div>\n<\/div>\n<\/div>\n<\/div>\n<h3 data-start=\"2200\" data-end=\"2245\"><strong data-start=\"2204\" data-end=\"2245\">Pourquoi choisir le Sabbia Rigatino ?<\/strong><\/h3>\n<ul data-start=\"2246\" data-end=\"2526\">\n<li data-start=\"2246\" data-end=\"2301\">\n<p data-start=\"2248\" data-end=\"2301\">\u2705 <strong data-start=\"2250\" data-end=\"2270\">Relief structur\u00e9<\/strong> pour jeux d\u2019ombre et lumi\u00e8re<\/p>\n<\/li>\n<li data-start=\"2302\" data-end=\"2362\">\n<p data-start=\"2304\" data-end=\"2362\">\u2705 <strong data-start=\"2306\" data-end=\"2325\">Design exclusif<\/strong> \u00e9voquant l\u2019artisanat architectural<\/p>\n<\/li>\n<li data-start=\"2363\" data-end=\"2414\">\n<p data-start=\"2365\" data-end=\"2414\">\u2705 <strong data-start=\"2367\" data-end=\"2397\">Grande dalle rectangulaire<\/strong> facile \u00e0 poser<\/p>\n<\/li>\n<li data-start=\"2415\" data-end=\"2470\">\n<p data-start=\"2417\" data-end=\"2470\">\u2705 <strong data-start=\"2419\" data-end=\"2444\">Finition textur\u00e9e R10<\/strong> : s\u00e9curit\u00e9 & esth\u00e9tique<\/p>\n<\/li>\n<li data-start=\"2471\" data-end=\"2526\">\n<p data-start=\"2473\" data-end=\"2526\">\u2705 Parfait pour un <strong data-start=\"2491\" data-end=\"2526\">effet graphique et contemporain<\/strong><\/p>\n<\/li>\n<\/ul>\n<hr data-start=\"2528\" data-end=\"2531\" \/>\n<h3 data-start=\"2533\" data-end=\"2574\"><strong data-start=\"2537\" data-end=\"2574\">Id\u00e9al pour des projets cr\u00e9atifs :<\/strong><\/h3>\n<ul data-start=\"2575\" data-end=\"2743\">\n<li data-start=\"2575\" data-end=\"2614\">\n<p data-start=\"2577\" data-end=\"2614\">Murs de douche ou de salle de bains<\/p>\n<\/li>\n<li data-start=\"2615\" data-end=\"2639\">\n<p data-start=\"2617\" data-end=\"2639\">Cr\u00e9dences de cuisine<\/p>\n<\/li>\n<li data-start=\"2640\" data-end=\"2681\">\n<p data-start=\"2642\" data-end=\"2681\">Entr\u00e9es, couloirs ou zones de passage<\/p>\n<\/li>\n<li data-start=\"2682\" data-end=\"2743\">\n<p data-start=\"2684\" data-end=\"2743\">Rev\u00eatements d\u00e9coratifs int\u00e9rieurs (h\u00f4tels, boutiques, spas)<\/p>\n<\/li>\n<\/ul>\n<hr data-start=\"2745\" data-end=\"2748\" \/>\n<h3 data-start=\"2750\" data-end=\"2767\"><strong data-start=\"2754\" data-end=\"2767\">En r\u00e9sum\u00e9<\/strong><\/h3>\n<p data-start=\"2768\" data-end=\"2970\">Le carrelage <strong data-start=\"2781\" data-end=\"2821\">SensiTerre Sabbia Rigatino 60\u00d7120 cm<\/strong> conjugue <strong data-start=\"2831\" data-end=\"2869\">l\u2019\u00e9l\u00e9gance brute de la terre cuite<\/strong> avec un <strong data-start=\"2878\" data-end=\"2902\">design stri\u00e9 moderne<\/strong>, parfait pour cr\u00e9er des int\u00e9rieurs \u00e0 l\u2019identit\u00e9 forte et naturelle.<\/p>\n<h3 data-start=\"2014\" data-end=\"2031\"><strong style=\"font-family: inherit; font-size: 30px;\">Vous avez des questions ?<\/strong><\/h3>\n<style id=\"wpforms-css-vars-3675\">\n\t\t\t\t#wpforms-3675 {\n\t\t\t\t\n\t\t\t}\n\t\t\t<\/style><div class=\"wpforms-container wpforms-container-full wpforms-render-modern\" id=\"wpforms-3675\"><form id=\"wpforms-form-3675\" class=\"wpforms-validate wpforms-form wpforms-ajax-form\" data-formid=\"3675\" method=\"post\" enctype=\"multipart\/form-data\" action=\"\/fr\/wp-json\/wp\/v2\/product\/15235\" data-token=\"86cfa3cd8fc4572532d762e2357ac556\" data-token-time=\"1777849507\"><noscript class=\"wpforms-error-noscript\">Veuillez activer JavaScript dans votre navigateur pour remplir ce formulaire.<\/noscript><div id=\"wpforms-error-noscript\" style=\"display: none;\">Veuillez activer JavaScript dans votre navigateur pour remplir ce formulaire.<\/div><div class=\"wpforms-field-container\"><div id=\"wpforms-3675-field_3-container\" class=\"wpforms-field wpforms-field-name\" data-field-id=\"3\"><fieldset><legend class=\"wpforms-field-label\">Nom <span class=\"wpforms-required-label\" aria-hidden=\"true\">*<\/span><\/legend><div class=\"wpforms-field-row wpforms-field-medium\"><div class=\"wpforms-field-row-block wpforms-first wpforms-one-half\"><input type=\"text\" id=\"wpforms-3675-field_3\" class=\"wpforms-field-name-first wpforms-field-required\" name=\"wpforms[fields][3][first]\" aria-errormessage=\"wpforms-3675-field_3-error\" required><label for=\"wpforms-3675-field_3\" class=\"wpforms-field-sublabel after\">Pr\u00e9nom<\/label><\/div><div class=\"wpforms-field-row-block wpforms-one-half\"><input type=\"text\" id=\"wpforms-3675-field_3-last\" class=\"wpforms-field-name-last wpforms-field-required\" name=\"wpforms[fields][3][last]\" aria-errormessage=\"wpforms-3675-field_3-last-error\" required><label for=\"wpforms-3675-field_3-last\" class=\"wpforms-field-sublabel after\">Nom<\/label><\/div><\/div><\/fieldset><\/div><div id=\"wpforms-3675-field_4-container\" class=\"wpforms-field wpforms-field-email\" data-field-id=\"4\"><label class=\"wpforms-field-label\" for=\"wpforms-3675-field_4\">E-mail <span class=\"wpforms-required-label\" aria-hidden=\"true\">*<\/span><\/label><input type=\"email\" id=\"wpforms-3675-field_4\" class=\"wpforms-field-medium wpforms-field-required\" name=\"wpforms[fields][4]\" spellcheck=\"false\" aria-errormessage=\"wpforms-3675-field_4-error\" required><\/div>\t\t<div id=\"wpforms-3675-field_1-container\"\n\t\t\tclass=\"wpforms-field wpforms-field-text\"\n\t\t\tdata-field-type=\"text\"\n\t\t\tdata-field-id=\"1\"\n\t\t\t>\n\t\t\t<label class=\"wpforms-field-label\" for=\"wpforms-3675-field_1\" >E-mail Nom Message<\/label>\n\t\t\t<input type=\"text\" id=\"wpforms-3675-field_1\" class=\"wpforms-field-medium\" name=\"wpforms[fields][1]\" >\n\t\t<\/div>\n\t\t<div id=\"wpforms-3675-field_5-container\" class=\"wpforms-field wpforms-field-textarea\" data-field-id=\"5\"><label class=\"wpforms-field-label\" for=\"wpforms-3675-field_5\">Message <span class=\"wpforms-required-label\" aria-hidden=\"true\">*<\/span><\/label><textarea id=\"wpforms-3675-field_5\" class=\"wpforms-field-medium wpforms-field-required\" name=\"wpforms[fields][5]\" aria-errormessage=\"wpforms-3675-field_5-error\" required><\/textarea><\/div><script>\n\t\t\t\t( function() {\n\t\t\t\t\tconst style = document.createElement( 'style' );\n\t\t\t\t\tstyle.appendChild( document.createTextNode( '#wpforms-3675-field_1-container { position: absolute !important; overflow: hidden !important; display: inline !important; height: 1px !important; width: 1px !important; z-index: -1000 !important; padding: 0 !important; } #wpforms-3675-field_1-container input { visibility: hidden; } #wpforms-conversational-form-page #wpforms-3675-field_1-container label { counter-increment: none; }' ) );\n\t\t\t\t\tdocument.head.appendChild( style );\n\t\t\t\t\tdocument.currentScript?.remove();\n\t\t\t\t} )();\n\t\t\t<\/script><\/div><!-- .wpforms-field-container --><div class=\"wpforms-submit-container\" ><input type=\"hidden\" name=\"wpforms[id]\" value=\"3675\"><input type=\"hidden\" name=\"page_title\" value=\"\"><input type=\"hidden\" name=\"page_url\" value=\"https:\/\/homeproject.fr\/fr\/wp-json\/wp\/v2\/product\/15235\"><input type=\"hidden\" name=\"url_referer\" value=\"\"><button type=\"submit\" name=\"wpforms[submit]\" id=\"wpforms-submit-3675\" class=\"wpforms-submit\" data-alt-text=\"Envoi...\" data-submit-text=\"Envoyer\" aria-live=\"assertive\" value=\"wpforms-submit\">Envoyer<\/button><img decoding=\"async\" src=\"https:\/\/homeproject.fr\/fr\/wp-content\/plugins\/wpforms-lite\/assets\/images\/submit-spin.svg\" class=\"wpforms-submit-spinner\" style=\"display: none;\" width=\"26\" height=\"26\" alt=\"Chargement en cours\"><\/div><\/form><\/div>  <!-- .wpforms-container -->\n","protected":false},"excerpt":{"rendered":"<p data-start=\"337\" data-end=\"734\">Le mod\u00e8le <strong data-start=\"347\" data-end=\"387\">SensiTerre Sabbia Rigatino 60\u00d7120 cm<\/strong> de <strong data-start=\"391\" data-end=\"401\">Florim<\/strong> se distingue par son <strong data-start=\"423\" data-end=\"446\">relief stri\u00e9 unique<\/strong>, subtilement inspir\u00e9 des rev\u00eatements muraux traditionnels en argile peign\u00e9e. Cette version de la collection SensiTerre ajoute <strong data-start=\"573\" data-end=\"596\">profondeur visuelle<\/strong> et <strong data-start=\"600\" data-end=\"619\">texture tactile<\/strong> \u00e0 vos espaces, tout en conservant la douceur min\u00e9rale de la teinte <strong data-start=\"687\" data-end=\"697\">Sabbia<\/strong>, un beige sable clair et chaleureux.<\/p>\n<p data-start=\"736\" data-end=\"1046\">Avec sa <strong data-start=\"744\" data-end=\"765\">finitura Rigatino<\/strong> et son <strong data-start=\"773\" data-end=\"803\">grand format rectangulaire<\/strong>, il offre une \u00e9l\u00e9gance contemporaine id\u00e9ale pour les <strong data-start=\"857\" data-end=\"954\">murs de salle de bains, cr\u00e9dences de cuisine, halls d&rsquo;entr\u00e9e ou salons au style m\u00e9diterran\u00e9en<\/strong>. Son <strong data-start=\"960\" data-end=\"985\">antid\u00e9rapance R10 PTV<\/strong> et son <strong data-start=\"993\" data-end=\"1011\">\u00e9paisseur 9 mm<\/strong> assurent une pose s\u00fbre et durable.<\/p>\n","protected":false},"featured_media":15237,"template":"","meta":{"_uf_show_specific_survey":0,"_uf_disable_surveys":false,"iawp_total_views":8},"product_brand":[607],"product_cat":[20,131],"product_tag":[],"class_list":{"0":"post-15235","1":"product","2":"type-product","3":"status-publish","4":"has-post-thumbnail","6":"product_brand-florim","7":"product_cat-carrelage","8":"product_cat-carrelage-mural","9":"product_shipping_class-carrelage","10":"pa_collection-sensiterre-par-florim","11":"pa_designer-matteo-thun","12":"pa_dimensions-nominales-60x120","13":"pa_effet-beton","14":"pa_effet-terre-cuite","15":"pa_epaisseur-9mm","16":"pa_marque-florim","17":"pa_materiau-gres-cerame-non-emaille","19":"first","20":"instock","21":"sale","22":"taxable","23":"shipping-taxable","24":"purchasable","25":"product-type-simple"},"yoast_head":"<!-- This site is optimized with the Yoast SEO plugin v27.5 - https:\/\/yoast.com\/product\/yoast-seo-wordpress\/ -->\n<title>Carrelage Florim SensiTerre Mattone Rigatino 60x120 d\u00e9coratif R10 9mm - Homeproject.fr<\/title>\n<meta name=\"robots\" content=\"index, follow, max-snippet:-1, max-image-preview:large, max-video-preview:-1\" \/>\n<link rel=\"canonical\" href=\"https:\/\/homeproject.fr\/fr\/produit\/carrelage-florim-sensiterre-mattone-rigatino-60x120-decoratif-r10-9mm-2\/\" \/>\n<meta property=\"og:locale\" content=\"fr_FR\" \/>\n<meta property=\"og:type\" content=\"article\" \/>\n<meta property=\"og:title\" content=\"Carrelage Florim SensiTerre Mattone Rigatino 60x120 d\u00e9coratif R10 9mm - Homeproject.fr\" \/>\n<meta property=\"og:description\" content=\"Le mod\u00e8le SensiTerre Sabbia Rigatino 60\u00d7120 cm de Florim se distingue par son relief stri\u00e9 unique, subtilement inspir\u00e9 des rev\u00eatements muraux traditionnels en argile peign\u00e9e. Cette version de la collection SensiTerre ajoute profondeur visuelle et texture tactile \u00e0 vos espaces, tout en conservant la douceur min\u00e9rale de la teinte Sabbia, un beige sable clair et chaleureux. Avec sa finitura Rigatino et son grand format rectangulaire, il offre une \u00e9l\u00e9gance contemporaine id\u00e9ale pour les murs de salle de bains, cr\u00e9dences de cuisine, halls d&#039;entr\u00e9e ou salons au style m\u00e9diterran\u00e9en. Son antid\u00e9rapance R10 PTV et son \u00e9paisseur 9 mm assurent une pose s\u00fbre et durable.\" \/>\n<meta property=\"og:url\" content=\"https:\/\/homeproject.fr\/fr\/produit\/carrelage-florim-sensiterre-mattone-rigatino-60x120-decoratif-r10-9mm-2\/\" \/>\n<meta property=\"og:site_name\" content=\"Homeproject.fr\" \/>\n<meta property=\"article:modified_time\" content=\"2025-08-22T14:16:09+00:00\" \/>\n<meta property=\"og:image\" content=\"https:\/\/homeproject.fr\/fr\/wp-content\/uploads\/2025\/08\/Carrelage-contemporain-aspect-terre-cuite-striee-grand-format-SensiTerre-Florim-Sabbia-Rigatino-60x120-R10-781497.jpg\" \/>\n\t<meta property=\"og:image:width\" content=\"1500\" \/>\n\t<meta property=\"og:image:height\" content=\"1500\" \/>\n\t<meta property=\"og:image:type\" content=\"image\/jpeg\" \/>\n<meta name=\"twitter:card\" content=\"summary_large_image\" \/>\n<meta name=\"twitter:label1\" content=\"Dur\u00e9e de lecture estim\u00e9e\" \/>\n\t<meta name=\"twitter:data1\" content=\"2 minutes\" \/>\n<script type=\"application\/ld+json\" class=\"yoast-schema-graph\">{\"@context\":\"https:\\\/\\\/schema.org\",\"@graph\":[{\"@type\":\"WebPage\",\"@id\":\"https:\\\/\\\/homeproject.fr\\\/fr\\\/produit\\\/carrelage-florim-sensiterre-mattone-rigatino-60x120-decoratif-r10-9mm-2\\\/\",\"url\":\"https:\\\/\\\/homeproject.fr\\\/fr\\\/produit\\\/carrelage-florim-sensiterre-mattone-rigatino-60x120-decoratif-r10-9mm-2\\\/\",\"name\":\"Carrelage Florim SensiTerre Mattone Rigatino 60x120 d\u00e9coratif R10 9mm - Homeproject.fr\",\"isPartOf\":{\"@id\":\"https:\\\/\\\/homeproject.fr\\\/fr\\\/#website\"},\"primaryImageOfPage\":{\"@id\":\"https:\\\/\\\/homeproject.fr\\\/fr\\\/produit\\\/carrelage-florim-sensiterre-mattone-rigatino-60x120-decoratif-r10-9mm-2\\\/#primaryimage\"},\"image\":{\"@id\":\"https:\\\/\\\/homeproject.fr\\\/fr\\\/produit\\\/carrelage-florim-sensiterre-mattone-rigatino-60x120-decoratif-r10-9mm-2\\\/#primaryimage\"},\"thumbnailUrl\":\"https:\\\/\\\/homeproject.fr\\\/fr\\\/wp-content\\\/uploads\\\/2025\\\/08\\\/Carrelage-contemporain-aspect-terre-cuite-striee-grand-format-SensiTerre-Florim-Sabbia-Rigatino-60x120-R10-781497.jpg\",\"datePublished\":\"2025-08-22T14:10:03+00:00\",\"dateModified\":\"2025-08-22T14:16:09+00:00\",\"breadcrumb\":{\"@id\":\"https:\\\/\\\/homeproject.fr\\\/fr\\\/produit\\\/carrelage-florim-sensiterre-mattone-rigatino-60x120-decoratif-r10-9mm-2\\\/#breadcrumb\"},\"inLanguage\":\"fr-FR\",\"potentialAction\":[{\"@type\":\"ReadAction\",\"target\":[\"https:\\\/\\\/homeproject.fr\\\/fr\\\/produit\\\/carrelage-florim-sensiterre-mattone-rigatino-60x120-decoratif-r10-9mm-2\\\/\"]}]},{\"@type\":\"ImageObject\",\"inLanguage\":\"fr-FR\",\"@id\":\"https:\\\/\\\/homeproject.fr\\\/fr\\\/produit\\\/carrelage-florim-sensiterre-mattone-rigatino-60x120-decoratif-r10-9mm-2\\\/#primaryimage\",\"url\":\"https:\\\/\\\/homeproject.fr\\\/fr\\\/wp-content\\\/uploads\\\/2025\\\/08\\\/Carrelage-contemporain-aspect-terre-cuite-striee-grand-format-SensiTerre-Florim-Sabbia-Rigatino-60x120-R10-781497.jpg\",\"contentUrl\":\"https:\\\/\\\/homeproject.fr\\\/fr\\\/wp-content\\\/uploads\\\/2025\\\/08\\\/Carrelage-contemporain-aspect-terre-cuite-striee-grand-format-SensiTerre-Florim-Sabbia-Rigatino-60x120-R10-781497.jpg\",\"width\":1500,\"height\":1500},{\"@type\":\"BreadcrumbList\",\"@id\":\"https:\\\/\\\/homeproject.fr\\\/fr\\\/produit\\\/carrelage-florim-sensiterre-mattone-rigatino-60x120-decoratif-r10-9mm-2\\\/#breadcrumb\",\"itemListElement\":[{\"@type\":\"ListItem\",\"position\":1,\"name\":\"Accueil\",\"item\":\"https:\\\/\\\/homeproject.fr\\\/fr\\\/\"},{\"@type\":\"ListItem\",\"position\":2,\"name\":\"Boutique\",\"item\":\"https:\\\/\\\/homeproject.fr\\\/fr\\\/boutique\\\/\"},{\"@type\":\"ListItem\",\"position\":3,\"name\":\"Carrelage Florim SensiTerre Mattone Rigatino 60&#215;120 d\u00e9coratif R10 9mm\"}]},{\"@type\":\"WebSite\",\"@id\":\"https:\\\/\\\/homeproject.fr\\\/fr\\\/#website\",\"url\":\"https:\\\/\\\/homeproject.fr\\\/fr\\\/\",\"name\":\"Homeproject.fr\",\"description\":\"Offrez l&#039;exceptionnel \u00e0 vos espaces \u00e0 vivre\",\"publisher\":{\"@id\":\"https:\\\/\\\/homeproject.fr\\\/fr\\\/#organization\"},\"potentialAction\":[{\"@type\":\"SearchAction\",\"target\":{\"@type\":\"EntryPoint\",\"urlTemplate\":\"https:\\\/\\\/homeproject.fr\\\/fr\\\/?s={search_term_string}\"},\"query-input\":{\"@type\":\"PropertyValueSpecification\",\"valueRequired\":true,\"valueName\":\"search_term_string\"}}],\"inLanguage\":\"fr-FR\"},{\"@type\":\"Organization\",\"@id\":\"https:\\\/\\\/homeproject.fr\\\/fr\\\/#organization\",\"name\":\"Homeproject.fr\",\"url\":\"https:\\\/\\\/homeproject.fr\\\/fr\\\/\",\"logo\":{\"@type\":\"ImageObject\",\"inLanguage\":\"fr-FR\",\"@id\":\"https:\\\/\\\/homeproject.fr\\\/fr\\\/#\\\/schema\\\/logo\\\/image\\\/\",\"url\":\"https:\\\/\\\/homeproject.fr\\\/fr\\\/wp-content\\\/uploads\\\/2024\\\/12\\\/Logo_HomeProject-noir-2.png\",\"contentUrl\":\"https:\\\/\\\/homeproject.fr\\\/fr\\\/wp-content\\\/uploads\\\/2024\\\/12\\\/Logo_HomeProject-noir-2.png\",\"width\":300,\"height\":91,\"caption\":\"Homeproject.fr\"},\"image\":{\"@id\":\"https:\\\/\\\/homeproject.fr\\\/fr\\\/#\\\/schema\\\/logo\\\/image\\\/\"}}]}<\/script>\n<!-- \/ Yoast SEO plugin. -->","yoast_head_json":{"title":"Carrelage Florim SensiTerre Mattone Rigatino 60x120 d\u00e9coratif R10 9mm - Homeproject.fr","robots":{"index":"index","follow":"follow","max-snippet":"max-snippet:-1","max-image-preview":"max-image-preview:large","max-video-preview":"max-video-preview:-1"},"canonical":"https:\/\/homeproject.fr\/fr\/produit\/carrelage-florim-sensiterre-mattone-rigatino-60x120-decoratif-r10-9mm-2\/","og_locale":"fr_FR","og_type":"article","og_title":"Carrelage Florim SensiTerre Mattone Rigatino 60x120 d\u00e9coratif R10 9mm - Homeproject.fr","og_description":"Le mod\u00e8le SensiTerre Sabbia Rigatino 60\u00d7120 cm de Florim se distingue par son relief stri\u00e9 unique, subtilement inspir\u00e9 des rev\u00eatements muraux traditionnels en argile peign\u00e9e. Cette version de la collection SensiTerre ajoute profondeur visuelle et texture tactile \u00e0 vos espaces, tout en conservant la douceur min\u00e9rale de la teinte Sabbia, un beige sable clair et chaleureux. Avec sa finitura Rigatino et son grand format rectangulaire, il offre une \u00e9l\u00e9gance contemporaine id\u00e9ale pour les murs de salle de bains, cr\u00e9dences de cuisine, halls d'entr\u00e9e ou salons au style m\u00e9diterran\u00e9en. Son antid\u00e9rapance R10 PTV et son \u00e9paisseur 9 mm assurent une pose s\u00fbre et durable.","og_url":"https:\/\/homeproject.fr\/fr\/produit\/carrelage-florim-sensiterre-mattone-rigatino-60x120-decoratif-r10-9mm-2\/","og_site_name":"Homeproject.fr","article_modified_time":"2025-08-22T14:16:09+00:00","og_image":[{"width":1500,"height":1500,"url":"https:\/\/homeproject.fr\/fr\/wp-content\/uploads\/2025\/08\/Carrelage-contemporain-aspect-terre-cuite-striee-grand-format-SensiTerre-Florim-Sabbia-Rigatino-60x120-R10-781497.jpg","type":"image\/jpeg"}],"twitter_card":"summary_large_image","twitter_misc":{"Dur\u00e9e de lecture estim\u00e9e":"2 minutes"},"schema":{"@context":"https:\/\/schema.org","@graph":[{"@type":"WebPage","@id":"https:\/\/homeproject.fr\/fr\/produit\/carrelage-florim-sensiterre-mattone-rigatino-60x120-decoratif-r10-9mm-2\/","url":"https:\/\/homeproject.fr\/fr\/produit\/carrelage-florim-sensiterre-mattone-rigatino-60x120-decoratif-r10-9mm-2\/","name":"Carrelage Florim SensiTerre Mattone Rigatino 60x120 d\u00e9coratif R10 9mm - Homeproject.fr","isPartOf":{"@id":"https:\/\/homeproject.fr\/fr\/#website"},"primaryImageOfPage":{"@id":"https:\/\/homeproject.fr\/fr\/produit\/carrelage-florim-sensiterre-mattone-rigatino-60x120-decoratif-r10-9mm-2\/#primaryimage"},"image":{"@id":"https:\/\/homeproject.fr\/fr\/produit\/carrelage-florim-sensiterre-mattone-rigatino-60x120-decoratif-r10-9mm-2\/#primaryimage"},"thumbnailUrl":"https:\/\/homeproject.fr\/fr\/wp-content\/uploads\/2025\/08\/Carrelage-contemporain-aspect-terre-cuite-striee-grand-format-SensiTerre-Florim-Sabbia-Rigatino-60x120-R10-781497.jpg","datePublished":"2025-08-22T14:10:03+00:00","dateModified":"2025-08-22T14:16:09+00:00","breadcrumb":{"@id":"https:\/\/homeproject.fr\/fr\/produit\/carrelage-florim-sensiterre-mattone-rigatino-60x120-decoratif-r10-9mm-2\/#breadcrumb"},"inLanguage":"fr-FR","potentialAction":[{"@type":"ReadAction","target":["https:\/\/homeproject.fr\/fr\/produit\/carrelage-florim-sensiterre-mattone-rigatino-60x120-decoratif-r10-9mm-2\/"]}]},{"@type":"ImageObject","inLanguage":"fr-FR","@id":"https:\/\/homeproject.fr\/fr\/produit\/carrelage-florim-sensiterre-mattone-rigatino-60x120-decoratif-r10-9mm-2\/#primaryimage","url":"https:\/\/homeproject.fr\/fr\/wp-content\/uploads\/2025\/08\/Carrelage-contemporain-aspect-terre-cuite-striee-grand-format-SensiTerre-Florim-Sabbia-Rigatino-60x120-R10-781497.jpg","contentUrl":"https:\/\/homeproject.fr\/fr\/wp-content\/uploads\/2025\/08\/Carrelage-contemporain-aspect-terre-cuite-striee-grand-format-SensiTerre-Florim-Sabbia-Rigatino-60x120-R10-781497.jpg","width":1500,"height":1500},{"@type":"BreadcrumbList","@id":"https:\/\/homeproject.fr\/fr\/produit\/carrelage-florim-sensiterre-mattone-rigatino-60x120-decoratif-r10-9mm-2\/#breadcrumb","itemListElement":[{"@type":"ListItem","position":1,"name":"Accueil","item":"https:\/\/homeproject.fr\/fr\/"},{"@type":"ListItem","position":2,"name":"Boutique","item":"https:\/\/homeproject.fr\/fr\/boutique\/"},{"@type":"ListItem","position":3,"name":"Carrelage Florim SensiTerre Mattone Rigatino 60&#215;120 d\u00e9coratif R10 9mm"}]},{"@type":"WebSite","@id":"https:\/\/homeproject.fr\/fr\/#website","url":"https:\/\/homeproject.fr\/fr\/","name":"Homeproject.fr","description":"Offrez l&#039;exceptionnel \u00e0 vos espaces \u00e0 vivre","publisher":{"@id":"https:\/\/homeproject.fr\/fr\/#organization"},"potentialAction":[{"@type":"SearchAction","target":{"@type":"EntryPoint","urlTemplate":"https:\/\/homeproject.fr\/fr\/?s={search_term_string}"},"query-input":{"@type":"PropertyValueSpecification","valueRequired":true,"valueName":"search_term_string"}}],"inLanguage":"fr-FR"},{"@type":"Organization","@id":"https:\/\/homeproject.fr\/fr\/#organization","name":"Homeproject.fr","url":"https:\/\/homeproject.fr\/fr\/","logo":{"@type":"ImageObject","inLanguage":"fr-FR","@id":"https:\/\/homeproject.fr\/fr\/#\/schema\/logo\/image\/","url":"https:\/\/homeproject.fr\/fr\/wp-content\/uploads\/2024\/12\/Logo_HomeProject-noir-2.png","contentUrl":"https:\/\/homeproject.fr\/fr\/wp-content\/uploads\/2024\/12\/Logo_HomeProject-noir-2.png","width":300,"height":91,"caption":"Homeproject.fr"},"image":{"@id":"https:\/\/homeproject.fr\/fr\/#\/schema\/logo\/image\/"}}]}},"_links":{"self":[{"href":"https:\/\/homeproject.fr\/fr\/wp-json\/wp\/v2\/product\/15235","targetHints":{"allow":["GET"]}}],"collection":[{"href":"https:\/\/homeproject.fr\/fr\/wp-json\/wp\/v2\/product"}],"about":[{"href":"https:\/\/homeproject.fr\/fr\/wp-json\/wp\/v2\/types\/product"}],"version-history":[{"count":1,"href":"https:\/\/homeproject.fr\/fr\/wp-json\/wp\/v2\/product\/15235\/revisions"}],"predecessor-version":[{"id":15239,"href":"https:\/\/homeproject.fr\/fr\/wp-json\/wp\/v2\/product\/15235\/revisions\/15239"}],"wp:featuredmedia":[{"embeddable":true,"href":"https:\/\/homeproject.fr\/fr\/wp-json\/wp\/v2\/media\/15237"}],"wp:attachment":[{"href":"https:\/\/homeproject.fr\/fr\/wp-json\/wp\/v2\/media?parent=15235"}],"wp:term":[{"taxonomy":"product_brand","embeddable":true,"href":"https:\/\/homeproject.fr\/fr\/wp-json\/wp\/v2\/product_brand?post=15235"},{"taxonomy":"product_cat","embeddable":true,"href":"https:\/\/homeproject.fr\/fr\/wp-json\/wp\/v2\/product_cat?post=15235"},{"taxonomy":"product_tag","embeddable":true,"href":"https:\/\/homeproject.fr\/fr\/wp-json\/wp\/v2\/product_tag?post=15235"}],"curies":[{"name":"wp","href":"https:\/\/api.w.org\/{rel}","templated":true}]}}