{"id":15229,"date":"2025-08-22T13:44:59","date_gmt":"2025-08-22T13:44:59","guid":{"rendered":"https:\/\/homeproject.fr\/fr\/?post_type=product&#038;p=15229"},"modified":"2025-08-22T13:48:57","modified_gmt":"2025-08-22T13:48:57","slug":"carrelage-florim-sensiterre-sabbia-naturale-30x60-r10-ptv-9mm","status":"publish","type":"product","link":"https:\/\/homeproject.fr\/fr\/produit\/carrelage-florim-sensiterre-sabbia-naturale-30x60-r10-ptv-9mm\/","title":{"rendered":"Carrelage Florim SensiTerre Sabbia Naturale 30&#215;60 R10 PTV 9mm"},"content":{"rendered":"<p><strong><a href=\"https:\/\/homeproject.fr\/fr\/produit\/echantillon-carrelage-florim-sensiterre-sabbia-natural-9mm-r10-ptv\/\">Commander un \u00e9chantillon<\/a><\/strong><\/p>\n<h3 data-start=\"978\" data-end=\"1013\"><strong data-start=\"982\" data-end=\"1013\">Caract\u00e9ristiques techniques<\/strong><\/h3>\n<div class=\"_tableContainer_sk2ct_1\">\n<div class=\"_tableWrapper_sk2ct_13 group flex w-fit flex-col-reverse\" tabindex=\"-1\">\n<table class=\"w-fit min-w-(--thread-content-width)\" data-start=\"1015\" data-end=\"2073\">\n<thead data-start=\"1015\" data-end=\"1095\">\n<tr data-start=\"1015\" data-end=\"1095\">\n<th data-start=\"1015\" data-end=\"1043\" data-col-size=\"sm\"><strong data-start=\"1017\" data-end=\"1034\">Sp\u00e9cification<\/strong><\/th>\n<th data-start=\"1043\" data-end=\"1095\" data-col-size=\"md\"><strong data-start=\"1045\" data-end=\"1055\">D\u00e9tail<\/strong><\/th>\n<\/tr>\n<\/thead>\n<tbody data-start=\"1177\" data-end=\"2073\">\n<tr data-start=\"1177\" data-end=\"1258\">\n<td data-start=\"1177\" data-end=\"1205\" data-col-size=\"sm\">Marque<\/td>\n<td data-start=\"1205\" data-end=\"1258\" data-col-size=\"md\">Florim<\/td>\n<\/tr>\n<tr data-start=\"1259\" data-end=\"1340\">\n<td data-start=\"1259\" data-end=\"1287\" data-col-size=\"sm\">Collection<\/td>\n<td data-start=\"1287\" data-end=\"1340\" data-col-size=\"md\">SensiTerre<\/td>\n<\/tr>\n<tr data-start=\"1341\" data-end=\"1422\">\n<td data-start=\"1341\" data-end=\"1369\" data-col-size=\"sm\">R\u00e9f\u00e9rence<\/td>\n<td data-start=\"1369\" data-end=\"1422\" data-col-size=\"md\">Sabbia \u2013 781507<\/td>\n<\/tr>\n<tr data-start=\"1423\" data-end=\"1504\">\n<td data-start=\"1423\" data-end=\"1451\" data-col-size=\"sm\">Format<\/td>\n<td data-start=\"1451\" data-end=\"1504\" data-col-size=\"md\">30 \u00d7 60 cm<\/td>\n<\/tr>\n<tr data-start=\"1505\" data-end=\"1586\">\n<td data-start=\"1505\" data-end=\"1533\" data-col-size=\"sm\">\u00c9paisseur<\/td>\n<td data-start=\"1533\" data-end=\"1586\" data-col-size=\"md\">9 mm<\/td>\n<\/tr>\n<tr data-start=\"1587\" data-end=\"1667\">\n<td data-start=\"1587\" data-end=\"1615\" data-col-size=\"sm\">Finition<\/td>\n<td data-start=\"1615\" data-end=\"1667\" data-col-size=\"md\">Naturelle (mate, sans brillance)<\/td>\n<\/tr>\n<tr data-start=\"1668\" data-end=\"1749\">\n<td data-start=\"1668\" data-end=\"1696\" data-col-size=\"sm\">Antid\u00e9rapance<\/td>\n<td data-start=\"1696\" data-end=\"1749\" data-col-size=\"md\">R10 PTV \u2013 adh\u00e9rence mod\u00e9r\u00e9e<\/td>\n<\/tr>\n<tr data-start=\"1750\" data-end=\"1830\">\n<td data-start=\"1750\" data-end=\"1778\" data-col-size=\"sm\">Effet<\/td>\n<td data-start=\"1778\" data-end=\"1830\" data-col-size=\"md\">Ciment naturel \/ Terre cuite contemporaine<\/td>\n<\/tr>\n<tr data-start=\"1831\" data-end=\"1911\">\n<td data-start=\"1831\" data-end=\"1859\" data-col-size=\"sm\">Teinte<\/td>\n<td data-start=\"1859\" data-end=\"1911\" data-col-size=\"md\">Sabbia (sable clair et chaud)<\/td>\n<\/tr>\n<tr data-start=\"1912\" data-end=\"1992\">\n<td data-start=\"1912\" data-end=\"1940\" data-col-size=\"sm\">Utilisation<\/td>\n<td data-start=\"1940\" data-end=\"1992\" data-col-size=\"md\">Sols & murs \u2013 int\u00e9rieur et semi-ext\u00e9rieur couvert<\/td>\n<\/tr>\n<tr data-start=\"1993\" data-end=\"2073\">\n<td data-start=\"1993\" data-end=\"2021\" data-col-size=\"sm\">Pose recommand\u00e9e<\/td>\n<td data-start=\"2021\" data-end=\"2073\" data-col-size=\"md\">droite, d\u00e9cal\u00e9e, joints fins assortis<\/td>\n<\/tr>\n<\/tbody>\n<\/table>\n<\/div>\n<\/div>\n<div class=\"_tableContainer_sk2ct_1\">\n<div class=\"_tableWrapper_sk2ct_13 group flex w-fit flex-col-reverse\" tabindex=\"-1\">\n<h3 data-start=\"2080\" data-end=\"2105\"><strong data-start=\"2084\" data-end=\"2105\">Avantages produit<\/strong><\/h3>\n<ul data-start=\"2106\" data-end=\"2400\">\n<li data-start=\"2106\" data-end=\"2168\">\n<p data-start=\"2108\" data-end=\"2168\">\u2705 Format 30\u00d760 cm : facile \u00e0 poser, visuellement \u00e9quilibr\u00e9<\/p>\n<\/li>\n<li data-start=\"2169\" data-end=\"2242\">\n<p data-start=\"2171\" data-end=\"2242\">\u2705 Finition naturelle R10 : confort de marche et s\u00e9curit\u00e9 au quotidien<\/p>\n<\/li>\n<li data-start=\"2243\" data-end=\"2298\">\n<p data-start=\"2245\" data-end=\"2298\">\u2705 Effet ciment sobre et lumineux, facile \u00e0 assortir<\/p>\n<\/li>\n<li data-start=\"2299\" data-end=\"2341\">\n<p data-start=\"2301\" data-end=\"2341\">\u2705 Id\u00e9al pour pi\u00e8ces humides ou \u00e0 vivre<\/p>\n<\/li>\n<li data-start=\"2342\" data-end=\"2400\">\n<p data-start=\"2344\" data-end=\"2400\">\u2705 Haute r\u00e9sistance \u00e0 l\u2019usure, \u00e0 l\u2019humidit\u00e9 et aux taches<\/p>\n<\/li>\n<\/ul>\n<hr data-start=\"2402\" data-end=\"2405\" \/>\n<h3 data-start=\"2407\" data-end=\"2440\"><strong data-start=\"2411\" data-end=\"2440\">Applications recommand\u00e9es<\/strong><\/h3>\n<ul data-start=\"2441\" data-end=\"2630\">\n<li data-start=\"2441\" data-end=\"2472\">\n<p data-start=\"2443\" data-end=\"2472\">Cuisine, salle de bains, WC<\/p>\n<\/li>\n<li data-start=\"2473\" data-end=\"2499\">\n<p data-start=\"2475\" data-end=\"2499\">Salon, chambre, entr\u00e9e<\/p>\n<\/li>\n<li data-start=\"2500\" data-end=\"2563\">\n<p data-start=\"2502\" data-end=\"2563\">Habillages muraux (cr\u00e9dences, t\u00eates de lit, murs de douche)<\/p>\n<\/li>\n<li data-start=\"2564\" data-end=\"2630\">\n<p data-start=\"2566\" data-end=\"2630\">Commerces, h\u00f4tels, espaces professionnels \u00e0 l\u2019ambiance naturelle<\/p>\n<\/li>\n<\/ul>\n<hr data-start=\"2632\" data-end=\"2635\" \/>\n<h3 data-start=\"2637\" data-end=\"2654\"><strong data-start=\"2641\" data-end=\"2654\">En r\u00e9sum\u00e9<\/strong><\/h3>\n<p data-start=\"2655\" data-end=\"2943\">Le <strong data-start=\"2658\" data-end=\"2698\">carrelage SensiTerre Sabbia 30\u00d760 cm<\/strong> est un rev\u00eatement moderne et intemporel, qui associe <strong data-start=\"2752\" data-end=\"2775\">esth\u00e9tique min\u00e9rale<\/strong>, <strong data-start=\"2777\" data-end=\"2799\">modularit\u00e9 de pose<\/strong> et <strong data-start=\"2803\" data-end=\"2842\">excellentes performances techniques<\/strong>. Il s\u2019int\u00e8gre parfaitement dans tous les styles d\u2019int\u00e9rieur, du rustique chic au contemporain \u00e9pur\u00e9.<\/p>\n<p><strong style=\"font-family: inherit; font-size: 30px;\">Vous avez des questions ?<\/strong><\/div>\n<\/div>\n<style id=\"wpforms-css-vars-3675\">\n\t\t\t\t#wpforms-3675 {\n\t\t\t\t\n\t\t\t}\n\t\t\t<\/style><div class=\"wpforms-container wpforms-container-full wpforms-render-modern\" id=\"wpforms-3675\"><form id=\"wpforms-form-3675\" class=\"wpforms-validate wpforms-form wpforms-ajax-form\" data-formid=\"3675\" method=\"post\" enctype=\"multipart\/form-data\" action=\"\/fr\/wp-json\/wp\/v2\/product\/15229\" data-token=\"86cfa3cd8fc4572532d762e2357ac556\" data-token-time=\"1777821253\"><noscript class=\"wpforms-error-noscript\">Veuillez activer JavaScript dans votre navigateur pour remplir ce formulaire.<\/noscript><div id=\"wpforms-error-noscript\" style=\"display: none;\">Veuillez activer JavaScript dans votre navigateur pour remplir ce formulaire.<\/div><div class=\"wpforms-field-container\"><div id=\"wpforms-3675-field_3-container\" class=\"wpforms-field wpforms-field-name\" data-field-id=\"3\"><fieldset><legend class=\"wpforms-field-label\">Nom <span class=\"wpforms-required-label\" aria-hidden=\"true\">*<\/span><\/legend><div class=\"wpforms-field-row wpforms-field-medium\"><div class=\"wpforms-field-row-block wpforms-first wpforms-one-half\"><input type=\"text\" id=\"wpforms-3675-field_3\" class=\"wpforms-field-name-first wpforms-field-required\" name=\"wpforms[fields][3][first]\" aria-errormessage=\"wpforms-3675-field_3-error\" required><label for=\"wpforms-3675-field_3\" class=\"wpforms-field-sublabel after\">Pr\u00e9nom<\/label><\/div><div class=\"wpforms-field-row-block wpforms-one-half\"><input type=\"text\" id=\"wpforms-3675-field_3-last\" class=\"wpforms-field-name-last wpforms-field-required\" name=\"wpforms[fields][3][last]\" aria-errormessage=\"wpforms-3675-field_3-last-error\" required><label for=\"wpforms-3675-field_3-last\" class=\"wpforms-field-sublabel after\">Nom<\/label><\/div><\/div><\/fieldset><\/div><div id=\"wpforms-3675-field_4-container\" class=\"wpforms-field wpforms-field-email\" data-field-id=\"4\"><label class=\"wpforms-field-label\" for=\"wpforms-3675-field_4\">E-mail <span class=\"wpforms-required-label\" aria-hidden=\"true\">*<\/span><\/label><input type=\"email\" id=\"wpforms-3675-field_4\" class=\"wpforms-field-medium wpforms-field-required\" name=\"wpforms[fields][4]\" spellcheck=\"false\" aria-errormessage=\"wpforms-3675-field_4-error\" required><\/div>\t\t<div id=\"wpforms-3675-field_1-container\"\n\t\t\tclass=\"wpforms-field wpforms-field-text\"\n\t\t\tdata-field-type=\"text\"\n\t\t\tdata-field-id=\"1\"\n\t\t\t>\n\t\t\t<label class=\"wpforms-field-label\" for=\"wpforms-3675-field_1\" >E-mail Nom Message<\/label>\n\t\t\t<input type=\"text\" id=\"wpforms-3675-field_1\" class=\"wpforms-field-medium\" name=\"wpforms[fields][1]\" >\n\t\t<\/div>\n\t\t<div id=\"wpforms-3675-field_5-container\" class=\"wpforms-field wpforms-field-textarea\" data-field-id=\"5\"><label class=\"wpforms-field-label\" for=\"wpforms-3675-field_5\">Message <span class=\"wpforms-required-label\" aria-hidden=\"true\">*<\/span><\/label><textarea id=\"wpforms-3675-field_5\" class=\"wpforms-field-medium wpforms-field-required\" name=\"wpforms[fields][5]\" aria-errormessage=\"wpforms-3675-field_5-error\" required><\/textarea><\/div><script>\n\t\t\t\t( function() {\n\t\t\t\t\tconst style = document.createElement( 'style' );\n\t\t\t\t\tstyle.appendChild( document.createTextNode( '#wpforms-3675-field_1-container { position: absolute !important; overflow: hidden !important; display: inline !important; height: 1px !important; width: 1px !important; z-index: -1000 !important; padding: 0 !important; } #wpforms-3675-field_1-container input { visibility: hidden; } #wpforms-conversational-form-page #wpforms-3675-field_1-container label { counter-increment: none; }' ) );\n\t\t\t\t\tdocument.head.appendChild( style );\n\t\t\t\t\tdocument.currentScript?.remove();\n\t\t\t\t} )();\n\t\t\t<\/script><\/div><!-- .wpforms-field-container --><div class=\"wpforms-submit-container\" ><input type=\"hidden\" name=\"wpforms[id]\" value=\"3675\"><input type=\"hidden\" name=\"page_title\" value=\"\"><input type=\"hidden\" name=\"page_url\" value=\"https:\/\/homeproject.fr\/fr\/wp-json\/wp\/v2\/product\/15229\"><input type=\"hidden\" name=\"url_referer\" value=\"\"><button type=\"submit\" name=\"wpforms[submit]\" id=\"wpforms-submit-3675\" class=\"wpforms-submit\" data-alt-text=\"Envoi...\" data-submit-text=\"Envoyer\" aria-live=\"assertive\" value=\"wpforms-submit\">Envoyer<\/button><img decoding=\"async\" src=\"https:\/\/homeproject.fr\/fr\/wp-content\/plugins\/wpforms-lite\/assets\/images\/submit-spin.svg\" class=\"wpforms-submit-spinner\" style=\"display: none;\" width=\"26\" height=\"26\" alt=\"Chargement en cours\"><\/div><\/form><\/div>  <!-- .wpforms-container -->\n","protected":false},"excerpt":{"rendered":"<p data-start=\"280\" data-end=\"652\">Le carrelage <strong data-start=\"293\" data-end=\"323\">SensiTerre Sabbia 30\u00d760 cm<\/strong> de <strong data-start=\"327\" data-end=\"337\">Florim<\/strong> est un choix intemporel pour ceux qui recherchent un <strong data-start=\"391\" data-end=\"430\">rev\u00eatement naturel, doux et textur\u00e9<\/strong>, inspir\u00e9 de la terre cuite artisanale. Son <strong data-start=\"474\" data-end=\"508\">format rectangulaire modulaire<\/strong>, sa <strong data-start=\"513\" data-end=\"534\">finition naturale<\/strong> mate et sa <strong data-start=\"546\" data-end=\"563\">teinte Sabbia<\/strong> (beige sable clair) en font un produit polyvalent, \u00e0 l\u2019aise aussi bien au sol qu\u2019au mur.<\/p>\n<p data-start=\"654\" data-end=\"971\">Gr\u00e2ce \u00e0 sa <strong data-start=\"665\" data-end=\"698\">surface antid\u00e9rapante R10 PTV<\/strong>, il est parfaitement adapt\u00e9 \u00e0 un usage int\u00e9rieur : cuisines, salles de bains, chambres, couloirs ou pi\u00e8ces \u00e0 vivre. Il se pr\u00eate \u00e0 une pose droite, en quinconce ou en opus, seul ou combin\u00e9 \u00e0 d&rsquo;autres formats de la collection <strong data-start=\"923\" data-end=\"937\">SensiTerre<\/strong> pour cr\u00e9er des effets de mati\u00e8re.<\/p>\n","protected":false},"featured_media":15230,"template":"","meta":{"_uf_show_specific_survey":0,"_uf_disable_surveys":false,"iawp_total_views":6},"product_brand":[607],"product_cat":[123,20,502],"product_tag":[],"class_list":{"0":"post-15229","1":"product","2":"type-product","3":"status-publish","4":"has-post-thumbnail","6":"product_brand-florim","7":"product_cat-aspect-beton","8":"product_cat-carrelage","9":"product_cat-terre-cuite","10":"product_shipping_class-carrelage","11":"pa_collection-sensiterre-par-florim","12":"pa_designer-matteo-thun","13":"pa_dimensions-nominales-30x60","14":"pa_effet-beton","15":"pa_effet-terre-cuite","16":"pa_epaisseur-9mm","17":"pa_marque-florim","18":"pa_materiau-gres-cerame-non-emaille","20":"first","21":"instock","22":"sale","23":"taxable","24":"shipping-taxable","25":"purchasable","26":"product-type-simple"},"yoast_head":"<!-- This site is optimized with the Yoast SEO plugin v27.5 - https:\/\/yoast.com\/product\/yoast-seo-wordpress\/ -->\n<title>Carrelage Florim SensiTerre Sabbia Naturale 30x60 R10 PTV 9mm - Homeproject.fr<\/title>\n<meta name=\"robots\" content=\"index, follow, max-snippet:-1, max-image-preview:large, max-video-preview:-1\" \/>\n<link rel=\"canonical\" href=\"https:\/\/homeproject.fr\/fr\/produit\/carrelage-florim-sensiterre-sabbia-naturale-30x60-r10-ptv-9mm\/\" \/>\n<meta property=\"og:locale\" content=\"fr_FR\" \/>\n<meta property=\"og:type\" content=\"article\" \/>\n<meta property=\"og:title\" content=\"Carrelage Florim SensiTerre Sabbia Naturale 30x60 R10 PTV 9mm - Homeproject.fr\" \/>\n<meta property=\"og:description\" content=\"Le carrelage SensiTerre Sabbia 30\u00d760 cm de Florim est un choix intemporel pour ceux qui recherchent un rev\u00eatement naturel, doux et textur\u00e9, inspir\u00e9 de la terre cuite artisanale. Son format rectangulaire modulaire, sa finition naturale mate et sa teinte Sabbia (beige sable clair) en font un produit polyvalent, \u00e0 l\u2019aise aussi bien au sol qu\u2019au mur. Gr\u00e2ce \u00e0 sa surface antid\u00e9rapante R10 PTV, il est parfaitement adapt\u00e9 \u00e0 un usage int\u00e9rieur : cuisines, salles de bains, chambres, couloirs ou pi\u00e8ces \u00e0 vivre. Il se pr\u00eate \u00e0 une pose droite, en quinconce ou en opus, seul ou combin\u00e9 \u00e0 d&#039;autres formats de la collection SensiTerre pour cr\u00e9er des effets de mati\u00e8re.\" \/>\n<meta property=\"og:url\" content=\"https:\/\/homeproject.fr\/fr\/produit\/carrelage-florim-sensiterre-sabbia-naturale-30x60-r10-ptv-9mm\/\" \/>\n<meta property=\"og:site_name\" content=\"Homeproject.fr\" \/>\n<meta property=\"article:modified_time\" content=\"2025-08-22T13:48:57+00:00\" \/>\n<meta property=\"og:image\" content=\"https:\/\/homeproject.fr\/fr\/wp-content\/uploads\/2025\/08\/Carrelage-contemporain-aspect-terre-cuite-SensiTerre-Florim-Sabbia-30x60-Naturale-R10-PTV-781507.jpg\" \/>\n\t<meta property=\"og:image:width\" content=\"1500\" \/>\n\t<meta property=\"og:image:height\" content=\"1500\" \/>\n\t<meta property=\"og:image:type\" content=\"image\/jpeg\" \/>\n<meta name=\"twitter:card\" content=\"summary_large_image\" \/>\n<meta name=\"twitter:label1\" content=\"Dur\u00e9e de lecture estim\u00e9e\" \/>\n\t<meta name=\"twitter:data1\" content=\"2 minutes\" \/>\n<script type=\"application\/ld+json\" class=\"yoast-schema-graph\">{\"@context\":\"https:\\\/\\\/schema.org\",\"@graph\":[{\"@type\":\"WebPage\",\"@id\":\"https:\\\/\\\/homeproject.fr\\\/fr\\\/produit\\\/carrelage-florim-sensiterre-sabbia-naturale-30x60-r10-ptv-9mm\\\/\",\"url\":\"https:\\\/\\\/homeproject.fr\\\/fr\\\/produit\\\/carrelage-florim-sensiterre-sabbia-naturale-30x60-r10-ptv-9mm\\\/\",\"name\":\"Carrelage Florim SensiTerre Sabbia Naturale 30x60 R10 PTV 9mm - Homeproject.fr\",\"isPartOf\":{\"@id\":\"https:\\\/\\\/homeproject.fr\\\/fr\\\/#website\"},\"primaryImageOfPage\":{\"@id\":\"https:\\\/\\\/homeproject.fr\\\/fr\\\/produit\\\/carrelage-florim-sensiterre-sabbia-naturale-30x60-r10-ptv-9mm\\\/#primaryimage\"},\"image\":{\"@id\":\"https:\\\/\\\/homeproject.fr\\\/fr\\\/produit\\\/carrelage-florim-sensiterre-sabbia-naturale-30x60-r10-ptv-9mm\\\/#primaryimage\"},\"thumbnailUrl\":\"https:\\\/\\\/homeproject.fr\\\/fr\\\/wp-content\\\/uploads\\\/2025\\\/08\\\/Carrelage-contemporain-aspect-terre-cuite-SensiTerre-Florim-Sabbia-30x60-Naturale-R10-PTV-781507.jpg\",\"datePublished\":\"2025-08-22T13:44:59+00:00\",\"dateModified\":\"2025-08-22T13:48:57+00:00\",\"breadcrumb\":{\"@id\":\"https:\\\/\\\/homeproject.fr\\\/fr\\\/produit\\\/carrelage-florim-sensiterre-sabbia-naturale-30x60-r10-ptv-9mm\\\/#breadcrumb\"},\"inLanguage\":\"fr-FR\",\"potentialAction\":[{\"@type\":\"ReadAction\",\"target\":[\"https:\\\/\\\/homeproject.fr\\\/fr\\\/produit\\\/carrelage-florim-sensiterre-sabbia-naturale-30x60-r10-ptv-9mm\\\/\"]}]},{\"@type\":\"ImageObject\",\"inLanguage\":\"fr-FR\",\"@id\":\"https:\\\/\\\/homeproject.fr\\\/fr\\\/produit\\\/carrelage-florim-sensiterre-sabbia-naturale-30x60-r10-ptv-9mm\\\/#primaryimage\",\"url\":\"https:\\\/\\\/homeproject.fr\\\/fr\\\/wp-content\\\/uploads\\\/2025\\\/08\\\/Carrelage-contemporain-aspect-terre-cuite-SensiTerre-Florim-Sabbia-30x60-Naturale-R10-PTV-781507.jpg\",\"contentUrl\":\"https:\\\/\\\/homeproject.fr\\\/fr\\\/wp-content\\\/uploads\\\/2025\\\/08\\\/Carrelage-contemporain-aspect-terre-cuite-SensiTerre-Florim-Sabbia-30x60-Naturale-R10-PTV-781507.jpg\",\"width\":1500,\"height\":1500},{\"@type\":\"BreadcrumbList\",\"@id\":\"https:\\\/\\\/homeproject.fr\\\/fr\\\/produit\\\/carrelage-florim-sensiterre-sabbia-naturale-30x60-r10-ptv-9mm\\\/#breadcrumb\",\"itemListElement\":[{\"@type\":\"ListItem\",\"position\":1,\"name\":\"Accueil\",\"item\":\"https:\\\/\\\/homeproject.fr\\\/fr\\\/\"},{\"@type\":\"ListItem\",\"position\":2,\"name\":\"Boutique\",\"item\":\"https:\\\/\\\/homeproject.fr\\\/fr\\\/boutique\\\/\"},{\"@type\":\"ListItem\",\"position\":3,\"name\":\"Carrelage Florim SensiTerre Sabbia Naturale 30&#215;60 R10 PTV 9mm\"}]},{\"@type\":\"WebSite\",\"@id\":\"https:\\\/\\\/homeproject.fr\\\/fr\\\/#website\",\"url\":\"https:\\\/\\\/homeproject.fr\\\/fr\\\/\",\"name\":\"Homeproject.fr\",\"description\":\"Offrez l&#039;exceptionnel \u00e0 vos espaces \u00e0 vivre\",\"publisher\":{\"@id\":\"https:\\\/\\\/homeproject.fr\\\/fr\\\/#organization\"},\"potentialAction\":[{\"@type\":\"SearchAction\",\"target\":{\"@type\":\"EntryPoint\",\"urlTemplate\":\"https:\\\/\\\/homeproject.fr\\\/fr\\\/?s={search_term_string}\"},\"query-input\":{\"@type\":\"PropertyValueSpecification\",\"valueRequired\":true,\"valueName\":\"search_term_string\"}}],\"inLanguage\":\"fr-FR\"},{\"@type\":\"Organization\",\"@id\":\"https:\\\/\\\/homeproject.fr\\\/fr\\\/#organization\",\"name\":\"Homeproject.fr\",\"url\":\"https:\\\/\\\/homeproject.fr\\\/fr\\\/\",\"logo\":{\"@type\":\"ImageObject\",\"inLanguage\":\"fr-FR\",\"@id\":\"https:\\\/\\\/homeproject.fr\\\/fr\\\/#\\\/schema\\\/logo\\\/image\\\/\",\"url\":\"https:\\\/\\\/homeproject.fr\\\/fr\\\/wp-content\\\/uploads\\\/2024\\\/12\\\/Logo_HomeProject-noir-2.png\",\"contentUrl\":\"https:\\\/\\\/homeproject.fr\\\/fr\\\/wp-content\\\/uploads\\\/2024\\\/12\\\/Logo_HomeProject-noir-2.png\",\"width\":300,\"height\":91,\"caption\":\"Homeproject.fr\"},\"image\":{\"@id\":\"https:\\\/\\\/homeproject.fr\\\/fr\\\/#\\\/schema\\\/logo\\\/image\\\/\"}}]}<\/script>\n<!-- \/ Yoast SEO plugin. -->","yoast_head_json":{"title":"Carrelage Florim SensiTerre Sabbia Naturale 30x60 R10 PTV 9mm - Homeproject.fr","robots":{"index":"index","follow":"follow","max-snippet":"max-snippet:-1","max-image-preview":"max-image-preview:large","max-video-preview":"max-video-preview:-1"},"canonical":"https:\/\/homeproject.fr\/fr\/produit\/carrelage-florim-sensiterre-sabbia-naturale-30x60-r10-ptv-9mm\/","og_locale":"fr_FR","og_type":"article","og_title":"Carrelage Florim SensiTerre Sabbia Naturale 30x60 R10 PTV 9mm - Homeproject.fr","og_description":"Le carrelage SensiTerre Sabbia 30\u00d760 cm de Florim est un choix intemporel pour ceux qui recherchent un rev\u00eatement naturel, doux et textur\u00e9, inspir\u00e9 de la terre cuite artisanale. Son format rectangulaire modulaire, sa finition naturale mate et sa teinte Sabbia (beige sable clair) en font un produit polyvalent, \u00e0 l\u2019aise aussi bien au sol qu\u2019au mur. Gr\u00e2ce \u00e0 sa surface antid\u00e9rapante R10 PTV, il est parfaitement adapt\u00e9 \u00e0 un usage int\u00e9rieur : cuisines, salles de bains, chambres, couloirs ou pi\u00e8ces \u00e0 vivre. Il se pr\u00eate \u00e0 une pose droite, en quinconce ou en opus, seul ou combin\u00e9 \u00e0 d'autres formats de la collection SensiTerre pour cr\u00e9er des effets de mati\u00e8re.","og_url":"https:\/\/homeproject.fr\/fr\/produit\/carrelage-florim-sensiterre-sabbia-naturale-30x60-r10-ptv-9mm\/","og_site_name":"Homeproject.fr","article_modified_time":"2025-08-22T13:48:57+00:00","og_image":[{"width":1500,"height":1500,"url":"https:\/\/homeproject.fr\/fr\/wp-content\/uploads\/2025\/08\/Carrelage-contemporain-aspect-terre-cuite-SensiTerre-Florim-Sabbia-30x60-Naturale-R10-PTV-781507.jpg","type":"image\/jpeg"}],"twitter_card":"summary_large_image","twitter_misc":{"Dur\u00e9e de lecture estim\u00e9e":"2 minutes"},"schema":{"@context":"https:\/\/schema.org","@graph":[{"@type":"WebPage","@id":"https:\/\/homeproject.fr\/fr\/produit\/carrelage-florim-sensiterre-sabbia-naturale-30x60-r10-ptv-9mm\/","url":"https:\/\/homeproject.fr\/fr\/produit\/carrelage-florim-sensiterre-sabbia-naturale-30x60-r10-ptv-9mm\/","name":"Carrelage Florim SensiTerre Sabbia Naturale 30x60 R10 PTV 9mm - Homeproject.fr","isPartOf":{"@id":"https:\/\/homeproject.fr\/fr\/#website"},"primaryImageOfPage":{"@id":"https:\/\/homeproject.fr\/fr\/produit\/carrelage-florim-sensiterre-sabbia-naturale-30x60-r10-ptv-9mm\/#primaryimage"},"image":{"@id":"https:\/\/homeproject.fr\/fr\/produit\/carrelage-florim-sensiterre-sabbia-naturale-30x60-r10-ptv-9mm\/#primaryimage"},"thumbnailUrl":"https:\/\/homeproject.fr\/fr\/wp-content\/uploads\/2025\/08\/Carrelage-contemporain-aspect-terre-cuite-SensiTerre-Florim-Sabbia-30x60-Naturale-R10-PTV-781507.jpg","datePublished":"2025-08-22T13:44:59+00:00","dateModified":"2025-08-22T13:48:57+00:00","breadcrumb":{"@id":"https:\/\/homeproject.fr\/fr\/produit\/carrelage-florim-sensiterre-sabbia-naturale-30x60-r10-ptv-9mm\/#breadcrumb"},"inLanguage":"fr-FR","potentialAction":[{"@type":"ReadAction","target":["https:\/\/homeproject.fr\/fr\/produit\/carrelage-florim-sensiterre-sabbia-naturale-30x60-r10-ptv-9mm\/"]}]},{"@type":"ImageObject","inLanguage":"fr-FR","@id":"https:\/\/homeproject.fr\/fr\/produit\/carrelage-florim-sensiterre-sabbia-naturale-30x60-r10-ptv-9mm\/#primaryimage","url":"https:\/\/homeproject.fr\/fr\/wp-content\/uploads\/2025\/08\/Carrelage-contemporain-aspect-terre-cuite-SensiTerre-Florim-Sabbia-30x60-Naturale-R10-PTV-781507.jpg","contentUrl":"https:\/\/homeproject.fr\/fr\/wp-content\/uploads\/2025\/08\/Carrelage-contemporain-aspect-terre-cuite-SensiTerre-Florim-Sabbia-30x60-Naturale-R10-PTV-781507.jpg","width":1500,"height":1500},{"@type":"BreadcrumbList","@id":"https:\/\/homeproject.fr\/fr\/produit\/carrelage-florim-sensiterre-sabbia-naturale-30x60-r10-ptv-9mm\/#breadcrumb","itemListElement":[{"@type":"ListItem","position":1,"name":"Accueil","item":"https:\/\/homeproject.fr\/fr\/"},{"@type":"ListItem","position":2,"name":"Boutique","item":"https:\/\/homeproject.fr\/fr\/boutique\/"},{"@type":"ListItem","position":3,"name":"Carrelage Florim SensiTerre Sabbia Naturale 30&#215;60 R10 PTV 9mm"}]},{"@type":"WebSite","@id":"https:\/\/homeproject.fr\/fr\/#website","url":"https:\/\/homeproject.fr\/fr\/","name":"Homeproject.fr","description":"Offrez l&#039;exceptionnel \u00e0 vos espaces \u00e0 vivre","publisher":{"@id":"https:\/\/homeproject.fr\/fr\/#organization"},"potentialAction":[{"@type":"SearchAction","target":{"@type":"EntryPoint","urlTemplate":"https:\/\/homeproject.fr\/fr\/?s={search_term_string}"},"query-input":{"@type":"PropertyValueSpecification","valueRequired":true,"valueName":"search_term_string"}}],"inLanguage":"fr-FR"},{"@type":"Organization","@id":"https:\/\/homeproject.fr\/fr\/#organization","name":"Homeproject.fr","url":"https:\/\/homeproject.fr\/fr\/","logo":{"@type":"ImageObject","inLanguage":"fr-FR","@id":"https:\/\/homeproject.fr\/fr\/#\/schema\/logo\/image\/","url":"https:\/\/homeproject.fr\/fr\/wp-content\/uploads\/2024\/12\/Logo_HomeProject-noir-2.png","contentUrl":"https:\/\/homeproject.fr\/fr\/wp-content\/uploads\/2024\/12\/Logo_HomeProject-noir-2.png","width":300,"height":91,"caption":"Homeproject.fr"},"image":{"@id":"https:\/\/homeproject.fr\/fr\/#\/schema\/logo\/image\/"}}]}},"_links":{"self":[{"href":"https:\/\/homeproject.fr\/fr\/wp-json\/wp\/v2\/product\/15229","targetHints":{"allow":["GET"]}}],"collection":[{"href":"https:\/\/homeproject.fr\/fr\/wp-json\/wp\/v2\/product"}],"about":[{"href":"https:\/\/homeproject.fr\/fr\/wp-json\/wp\/v2\/types\/product"}],"version-history":[{"count":1,"href":"https:\/\/homeproject.fr\/fr\/wp-json\/wp\/v2\/product\/15229\/revisions"}],"predecessor-version":[{"id":15231,"href":"https:\/\/homeproject.fr\/fr\/wp-json\/wp\/v2\/product\/15229\/revisions\/15231"}],"wp:featuredmedia":[{"embeddable":true,"href":"https:\/\/homeproject.fr\/fr\/wp-json\/wp\/v2\/media\/15230"}],"wp:attachment":[{"href":"https:\/\/homeproject.fr\/fr\/wp-json\/wp\/v2\/media?parent=15229"}],"wp:term":[{"taxonomy":"product_brand","embeddable":true,"href":"https:\/\/homeproject.fr\/fr\/wp-json\/wp\/v2\/product_brand?post=15229"},{"taxonomy":"product_cat","embeddable":true,"href":"https:\/\/homeproject.fr\/fr\/wp-json\/wp\/v2\/product_cat?post=15229"},{"taxonomy":"product_tag","embeddable":true,"href":"https:\/\/homeproject.fr\/fr\/wp-json\/wp\/v2\/product_tag?post=15229"}],"curies":[{"name":"wp","href":"https:\/\/api.w.org\/{rel}","templated":true}]}}