{"id":15221,"date":"2025-08-22T12:56:47","date_gmt":"2025-08-22T12:56:47","guid":{"rendered":"https:\/\/homeproject.fr\/fr\/?post_type=product&#038;p=15221"},"modified":"2025-08-22T13:37:03","modified_gmt":"2025-08-22T13:37:03","slug":"carrelage-florim-sensiterre-sabbia-naturale-60x120-r10-ptv-9mm","status":"publish","type":"product","link":"https:\/\/homeproject.fr\/fr\/produit\/carrelage-florim-sensiterre-sabbia-naturale-60x120-r10-ptv-9mm\/","title":{"rendered":"Carrelage Florim SensiTerre Sabbia Naturale 60&#215;120 R10 PTV 9mm"},"content":{"rendered":"<p><strong><a href=\"https:\/\/homeproject.fr\/fr\/produit\/echantillon-carrelage-florim-sensiterre-sabbia-natural-9mm-r10-ptv\/\">Commander un \u00e9chantillon<\/a><\/strong><\/p>\n<div class=\"_tableContainer_sk2ct_1\">\n<div class=\"_tableWrapper_sk2ct_13 group flex w-fit flex-col-reverse\" tabindex=\"-1\">\n<h3 data-start=\"895\" data-end=\"930\"><strong data-start=\"899\" data-end=\"930\">Caract\u00e9ristiques techniques<\/strong><\/h3>\n<div class=\"_tableContainer_sk2ct_1\">\n<div class=\"_tableWrapper_sk2ct_13 group flex w-fit flex-col-reverse\" tabindex=\"-1\">\n<table class=\"w-fit min-w-(--thread-content-width)\" data-start=\"932\" data-end=\"1991\">\n<thead data-start=\"932\" data-end=\"1012\">\n<tr data-start=\"932\" data-end=\"1012\">\n<th data-start=\"932\" data-end=\"960\" data-col-size=\"sm\"><strong data-start=\"934\" data-end=\"951\">Sp\u00e9cification<\/strong><\/th>\n<th data-start=\"960\" data-end=\"1012\" data-col-size=\"md\"><strong data-start=\"962\" data-end=\"972\">D\u00e9tail<\/strong><\/th>\n<\/tr>\n<\/thead>\n<tbody data-start=\"1094\" data-end=\"1991\">\n<tr data-start=\"1094\" data-end=\"1175\">\n<td data-start=\"1094\" data-end=\"1122\" data-col-size=\"sm\">Marque<\/td>\n<td data-start=\"1122\" data-end=\"1175\" data-col-size=\"md\">Florim<\/td>\n<\/tr>\n<tr data-start=\"1176\" data-end=\"1257\">\n<td data-start=\"1176\" data-end=\"1204\" data-col-size=\"sm\">Collection<\/td>\n<td data-start=\"1204\" data-end=\"1257\" data-col-size=\"md\">SensiTerre<\/td>\n<\/tr>\n<tr data-start=\"1258\" data-end=\"1339\">\n<td data-start=\"1258\" data-end=\"1286\" data-col-size=\"sm\">Mod\u00e8le \/ R\u00e9f\u00e9rence<\/td>\n<td data-start=\"1286\" data-end=\"1339\" data-col-size=\"md\">Sabbia \u2013 781484<\/td>\n<\/tr>\n<tr data-start=\"1340\" data-end=\"1421\">\n<td data-start=\"1340\" data-end=\"1368\" data-col-size=\"sm\">Format<\/td>\n<td data-start=\"1368\" data-end=\"1421\" data-col-size=\"md\">60 \u00d7 120 cm<\/td>\n<\/tr>\n<tr data-start=\"1422\" data-end=\"1503\">\n<td data-start=\"1422\" data-end=\"1450\" data-col-size=\"sm\">\u00c9paisseur<\/td>\n<td data-start=\"1450\" data-end=\"1503\" data-col-size=\"md\">9 mm<\/td>\n<\/tr>\n<tr data-start=\"1504\" data-end=\"1585\">\n<td data-start=\"1504\" data-end=\"1532\" data-col-size=\"sm\">Finition<\/td>\n<td data-col-size=\"md\" data-start=\"1532\" data-end=\"1585\">Naturelle (mate)<\/td>\n<\/tr>\n<tr data-start=\"1586\" data-end=\"1667\">\n<td data-start=\"1586\" data-end=\"1614\" data-col-size=\"sm\">Antid\u00e9rapance<\/td>\n<td data-start=\"1614\" data-end=\"1667\" data-col-size=\"md\">R10 PTV \u2013 adh\u00e9rence mod\u00e9r\u00e9e<\/td>\n<\/tr>\n<tr data-start=\"1668\" data-end=\"1748\">\n<td data-start=\"1668\" data-end=\"1696\" data-col-size=\"sm\">Effet<\/td>\n<td data-start=\"1696\" data-end=\"1748\" data-col-size=\"md\">Ciment naturel \/ Terre cuite contemporaine<\/td>\n<\/tr>\n<tr data-start=\"1749\" data-end=\"1829\">\n<td data-start=\"1749\" data-end=\"1777\" data-col-size=\"sm\">Couleur<\/td>\n<td data-start=\"1777\" data-end=\"1829\" data-col-size=\"md\">Sabbia (beige sable lumineux)<\/td>\n<\/tr>\n<tr data-start=\"1830\" data-end=\"1910\">\n<td data-start=\"1830\" data-end=\"1858\" data-col-size=\"sm\">Utilisation<\/td>\n<td data-start=\"1858\" data-end=\"1910\" data-col-size=\"md\">Sols & murs \u2013 int\u00e9rieur et zones semi-abrit\u00e9es<\/td>\n<\/tr>\n<tr data-start=\"1911\" data-end=\"1991\">\n<td data-start=\"1911\" data-end=\"1939\" data-col-size=\"sm\">Pose recommand\u00e9e<\/td>\n<td data-start=\"1939\" data-end=\"1991\" data-col-size=\"md\">droite, en quinconce, \u00e0 joints d\u00e9cal\u00e9s<\/td>\n<\/tr>\n<\/tbody>\n<\/table>\n<\/div>\n<\/div>\n<\/div>\n<\/div>\n<hr data-start=\"1522\" data-end=\"1525\" \/>\n<h3 data-start=\"1998\" data-end=\"2023\"><strong data-start=\"2002\" data-end=\"2023\">Avantages produit<\/strong><\/h3>\n<ul data-start=\"2024\" data-end=\"2350\">\n<li data-start=\"2024\" data-end=\"2088\">\n<p data-start=\"2026\" data-end=\"2088\">\u2705 Format 60\u00d7120 cm : pour une pose \u00e9l\u00e9gante et contemporaine<\/p>\n<\/li>\n<li data-start=\"2089\" data-end=\"2147\">\n<p data-start=\"2091\" data-end=\"2147\">\u2705 Finition naturelle mate : douce, sobre, et lumineuse<\/p>\n<\/li>\n<li data-start=\"2148\" data-end=\"2232\">\n<p data-start=\"2150\" data-end=\"2232\">\u2705 Antid\u00e9rapant R10 : parfait pour zones humides non expos\u00e9es directement \u00e0 l\u2019eau<\/p>\n<\/li>\n<li data-start=\"2233\" data-end=\"2279\">\n<p data-start=\"2235\" data-end=\"2279\">\u2705 Look min\u00e9ral inspir\u00e9 du ciment artisanal<\/p>\n<\/li>\n<li data-start=\"2280\" data-end=\"2350\">\n<p data-start=\"2282\" data-end=\"2350\">\u2705 Gr\u00e8s c\u00e9rame technique : r\u00e9sistant, hygi\u00e9nique, facile \u00e0 nettoyer<\/p>\n<\/li>\n<\/ul>\n<hr data-start=\"2352\" data-end=\"2355\" \/>\n<h3 data-start=\"2357\" data-end=\"2390\"><strong data-start=\"2361\" data-end=\"2390\">Applications recommand\u00e9es<\/strong><\/h3>\n<ul data-start=\"2391\" data-end=\"2569\">\n<li data-start=\"2391\" data-end=\"2435\">\n<p data-start=\"2393\" data-end=\"2435\">Pi\u00e8ces \u00e0 vivre : salon, chambre, couloir<\/p>\n<\/li>\n<li data-start=\"2436\" data-end=\"2465\">\n<p data-start=\"2438\" data-end=\"2465\">Salles de bains, cuisines<\/p>\n<\/li>\n<li data-start=\"2466\" data-end=\"2511\">\n<p data-start=\"2468\" data-end=\"2511\">Murs d\u00e9coratifs int\u00e9rieurs ou commerciaux<\/p>\n<\/li>\n<li data-start=\"2512\" data-end=\"2569\">\n<p data-start=\"2514\" data-end=\"2569\">Espaces professionnels au style brut ou m\u00e9diterran\u00e9en<\/p>\n<\/li>\n<\/ul>\n<hr data-start=\"2571\" data-end=\"2574\" \/>\n<h3 data-start=\"2576\" data-end=\"2593\"><strong data-start=\"2580\" data-end=\"2593\">En r\u00e9sum\u00e9<\/strong><\/h3>\n<p data-start=\"2594\" data-end=\"2854\">Le <strong data-start=\"2597\" data-end=\"2638\">carrelage SensiTerre Sabbia 60\u00d7120 cm<\/strong> associe <strong data-start=\"2647\" data-end=\"2701\">style naturel, modularit\u00e9 et performance technique<\/strong>. Son format g\u00e9n\u00e9reux, sa finition mate et sa teinte chaleureuse en font un choix id\u00e9al pour sublimer vos int\u00e9rieurs avec une touche de raffinement brut.<\/p>\n<h3 data-start=\"1949\" data-end=\"1974\"><strong style=\"font-family: inherit; font-size: 30px;\">Vous avez des questions ?<\/strong><\/h3>\n<style id=\"wpforms-css-vars-3675\">\n\t\t\t\t#wpforms-3675 {\n\t\t\t\t\n\t\t\t}\n\t\t\t<\/style><div class=\"wpforms-container wpforms-container-full wpforms-render-modern\" id=\"wpforms-3675\"><form id=\"wpforms-form-3675\" class=\"wpforms-validate wpforms-form wpforms-ajax-form\" data-formid=\"3675\" method=\"post\" enctype=\"multipart\/form-data\" action=\"\/fr\/wp-json\/wp\/v2\/product\/15221\" data-token=\"86cfa3cd8fc4572532d762e2357ac556\" data-token-time=\"1777818707\"><noscript class=\"wpforms-error-noscript\">Veuillez activer JavaScript dans votre navigateur pour remplir ce formulaire.<\/noscript><div id=\"wpforms-error-noscript\" style=\"display: none;\">Veuillez activer JavaScript dans votre navigateur pour remplir ce formulaire.<\/div><div class=\"wpforms-field-container\">\t\t<div id=\"wpforms-3675-field_1-container\"\n\t\t\tclass=\"wpforms-field wpforms-field-text\"\n\t\t\tdata-field-type=\"text\"\n\t\t\tdata-field-id=\"1\"\n\t\t\t>\n\t\t\t<label class=\"wpforms-field-label\" for=\"wpforms-3675-field_1\" >Message E-mail Nom<\/label>\n\t\t\t<input type=\"text\" id=\"wpforms-3675-field_1\" class=\"wpforms-field-medium\" name=\"wpforms[fields][1]\" >\n\t\t<\/div>\n\t\t<div id=\"wpforms-3675-field_3-container\" class=\"wpforms-field wpforms-field-name\" data-field-id=\"3\"><fieldset><legend class=\"wpforms-field-label\">Nom <span class=\"wpforms-required-label\" aria-hidden=\"true\">*<\/span><\/legend><div class=\"wpforms-field-row wpforms-field-medium\"><div class=\"wpforms-field-row-block wpforms-first wpforms-one-half\"><input type=\"text\" id=\"wpforms-3675-field_3\" class=\"wpforms-field-name-first wpforms-field-required\" name=\"wpforms[fields][3][first]\" aria-errormessage=\"wpforms-3675-field_3-error\" required><label for=\"wpforms-3675-field_3\" class=\"wpforms-field-sublabel after\">Pr\u00e9nom<\/label><\/div><div class=\"wpforms-field-row-block wpforms-one-half\"><input type=\"text\" id=\"wpforms-3675-field_3-last\" class=\"wpforms-field-name-last wpforms-field-required\" name=\"wpforms[fields][3][last]\" aria-errormessage=\"wpforms-3675-field_3-last-error\" required><label for=\"wpforms-3675-field_3-last\" class=\"wpforms-field-sublabel after\">Nom<\/label><\/div><\/div><\/fieldset><\/div><div id=\"wpforms-3675-field_4-container\" class=\"wpforms-field wpforms-field-email\" data-field-id=\"4\"><label class=\"wpforms-field-label\" for=\"wpforms-3675-field_4\">E-mail <span class=\"wpforms-required-label\" aria-hidden=\"true\">*<\/span><\/label><input type=\"email\" id=\"wpforms-3675-field_4\" class=\"wpforms-field-medium wpforms-field-required\" name=\"wpforms[fields][4]\" spellcheck=\"false\" aria-errormessage=\"wpforms-3675-field_4-error\" required><\/div><div id=\"wpforms-3675-field_5-container\" class=\"wpforms-field wpforms-field-textarea\" data-field-id=\"5\"><label class=\"wpforms-field-label\" for=\"wpforms-3675-field_5\">Message <span class=\"wpforms-required-label\" aria-hidden=\"true\">*<\/span><\/label><textarea id=\"wpforms-3675-field_5\" class=\"wpforms-field-medium wpforms-field-required\" name=\"wpforms[fields][5]\" aria-errormessage=\"wpforms-3675-field_5-error\" required><\/textarea><\/div><script>\n\t\t\t\t( function() {\n\t\t\t\t\tconst style = document.createElement( 'style' );\n\t\t\t\t\tstyle.appendChild( document.createTextNode( '#wpforms-3675-field_1-container { position: absolute !important; overflow: hidden !important; display: inline !important; height: 1px !important; width: 1px !important; z-index: -1000 !important; padding: 0 !important; } #wpforms-3675-field_1-container input { visibility: hidden; } #wpforms-conversational-form-page #wpforms-3675-field_1-container label { counter-increment: none; }' ) );\n\t\t\t\t\tdocument.head.appendChild( style );\n\t\t\t\t\tdocument.currentScript?.remove();\n\t\t\t\t} )();\n\t\t\t<\/script><\/div><!-- .wpforms-field-container --><div class=\"wpforms-submit-container\" ><input type=\"hidden\" name=\"wpforms[id]\" value=\"3675\"><input type=\"hidden\" name=\"page_title\" value=\"\"><input type=\"hidden\" name=\"page_url\" value=\"https:\/\/homeproject.fr\/fr\/wp-json\/wp\/v2\/product\/15221\"><input type=\"hidden\" name=\"url_referer\" value=\"\"><button type=\"submit\" name=\"wpforms[submit]\" id=\"wpforms-submit-3675\" class=\"wpforms-submit\" data-alt-text=\"Envoi...\" data-submit-text=\"Envoyer\" aria-live=\"assertive\" value=\"wpforms-submit\">Envoyer<\/button><img decoding=\"async\" src=\"https:\/\/homeproject.fr\/fr\/wp-content\/plugins\/wpforms-lite\/assets\/images\/submit-spin.svg\" class=\"wpforms-submit-spinner\" style=\"display: none;\" width=\"26\" height=\"26\" alt=\"Chargement en cours\"><\/div><\/form><\/div>  <!-- .wpforms-container -->\n","protected":false},"excerpt":{"rendered":"<p data-start=\"282\" data-end=\"614\">Le carrelage <strong data-start=\"295\" data-end=\"326\">SensiTerre Sabbia 60\u00d7120 cm<\/strong> de <strong data-start=\"330\" data-end=\"340\">Florim<\/strong> offre une esth\u00e9tique min\u00e9rale raffin\u00e9e dans un <strong data-start=\"388\" data-end=\"418\">grand format rectangulaire<\/strong>, id\u00e9al pour agrandir visuellement l\u2019espace. Sa <strong data-start=\"466\" data-end=\"487\">finition naturale<\/strong> reproduit l\u2019aspect doux du ciment brut, avec une <strong data-start=\"537\" data-end=\"554\">nuance Sabbia<\/strong> aux tons beige sable, inspir\u00e9e des terres m\u00e9diterran\u00e9ennes.<\/p>\n<p data-start=\"616\" data-end=\"888\">Avec son classement <strong data-start=\"636\" data-end=\"647\">R10 PTV<\/strong>, ce carrelage en <strong data-start=\"665\" data-end=\"693\">gr\u00e8s c\u00e9rame pleine masse<\/strong> convient parfaitement aux espaces int\u00e9rieurs r\u00e9sidentiels ou commerciaux : salon, chambre, cuisine, salle de bain ou boutique. Sa <strong data-start=\"824\" data-end=\"840\">surface mate<\/strong> est agr\u00e9able au toucher et facile \u00e0 entretenir.<\/p>\n<hr data-start=\"841\" data-end=\"844\" \/>\n","protected":false},"featured_media":15222,"template":"","meta":{"_uf_show_specific_survey":0,"_uf_disable_surveys":false,"iawp_total_views":28},"product_brand":[607],"product_cat":[123,20,502],"product_tag":[],"class_list":{"0":"post-15221","1":"product","2":"type-product","3":"status-publish","4":"has-post-thumbnail","6":"product_brand-florim","7":"product_cat-aspect-beton","8":"product_cat-carrelage","9":"product_cat-terre-cuite","10":"product_shipping_class-carrelage","11":"pa_collection-sensiterre-par-florim","12":"pa_designer-matteo-thun","13":"pa_dimensions-nominales-60x120","14":"pa_effet-beton","15":"pa_effet-terre-cuite","16":"pa_epaisseur-9mm","17":"pa_marque-florim","18":"pa_materiau-gres-cerame-non-emaille","20":"first","21":"instock","22":"sale","23":"taxable","24":"shipping-taxable","25":"purchasable","26":"product-type-simple"},"yoast_head":"<!-- This site is optimized with the Yoast SEO plugin v27.5 - https:\/\/yoast.com\/product\/yoast-seo-wordpress\/ -->\n<title>Carrelage Florim SensiTerre Sabbia Naturale 60x120 R10 PTV 9mm - Homeproject.fr<\/title>\n<meta name=\"robots\" content=\"index, follow, max-snippet:-1, max-image-preview:large, max-video-preview:-1\" \/>\n<link rel=\"canonical\" href=\"https:\/\/homeproject.fr\/fr\/produit\/carrelage-florim-sensiterre-sabbia-naturale-60x120-r10-ptv-9mm\/\" \/>\n<meta property=\"og:locale\" content=\"fr_FR\" \/>\n<meta property=\"og:type\" content=\"article\" \/>\n<meta property=\"og:title\" content=\"Carrelage Florim SensiTerre Sabbia Naturale 60x120 R10 PTV 9mm - Homeproject.fr\" \/>\n<meta property=\"og:description\" content=\"Le carrelage SensiTerre Sabbia 60\u00d7120 cm de Florim offre une esth\u00e9tique min\u00e9rale raffin\u00e9e dans un grand format rectangulaire, id\u00e9al pour agrandir visuellement l\u2019espace. Sa finition naturale reproduit l\u2019aspect doux du ciment brut, avec une nuance Sabbia aux tons beige sable, inspir\u00e9e des terres m\u00e9diterran\u00e9ennes. Avec son classement R10 PTV, ce carrelage en gr\u00e8s c\u00e9rame pleine masse convient parfaitement aux espaces int\u00e9rieurs r\u00e9sidentiels ou commerciaux : salon, chambre, cuisine, salle de bain ou boutique. Sa surface mate est agr\u00e9able au toucher et facile \u00e0 entretenir.\" \/>\n<meta property=\"og:url\" content=\"https:\/\/homeproject.fr\/fr\/produit\/carrelage-florim-sensiterre-sabbia-naturale-60x120-r10-ptv-9mm\/\" \/>\n<meta property=\"og:site_name\" content=\"Homeproject.fr\" \/>\n<meta property=\"article:modified_time\" content=\"2025-08-22T13:37:03+00:00\" \/>\n<meta property=\"og:image\" content=\"https:\/\/homeproject.fr\/fr\/wp-content\/uploads\/2025\/08\/Carrelage-contemporain-aspect-terre-cuite-grand-format-SensiTerre-Florim-Sabbia-60x120-Naturale-R10-PTV-781484.jpg\" \/>\n\t<meta property=\"og:image:width\" content=\"1500\" \/>\n\t<meta property=\"og:image:height\" content=\"1500\" \/>\n\t<meta property=\"og:image:type\" content=\"image\/jpeg\" \/>\n<meta name=\"twitter:card\" content=\"summary_large_image\" \/>\n<meta name=\"twitter:label1\" content=\"Dur\u00e9e de lecture estim\u00e9e\" \/>\n\t<meta name=\"twitter:data1\" content=\"2 minutes\" \/>\n<script type=\"application\/ld+json\" class=\"yoast-schema-graph\">{\"@context\":\"https:\\\/\\\/schema.org\",\"@graph\":[{\"@type\":\"WebPage\",\"@id\":\"https:\\\/\\\/homeproject.fr\\\/fr\\\/produit\\\/carrelage-florim-sensiterre-sabbia-naturale-60x120-r10-ptv-9mm\\\/\",\"url\":\"https:\\\/\\\/homeproject.fr\\\/fr\\\/produit\\\/carrelage-florim-sensiterre-sabbia-naturale-60x120-r10-ptv-9mm\\\/\",\"name\":\"Carrelage Florim SensiTerre Sabbia Naturale 60x120 R10 PTV 9mm - Homeproject.fr\",\"isPartOf\":{\"@id\":\"https:\\\/\\\/homeproject.fr\\\/fr\\\/#website\"},\"primaryImageOfPage\":{\"@id\":\"https:\\\/\\\/homeproject.fr\\\/fr\\\/produit\\\/carrelage-florim-sensiterre-sabbia-naturale-60x120-r10-ptv-9mm\\\/#primaryimage\"},\"image\":{\"@id\":\"https:\\\/\\\/homeproject.fr\\\/fr\\\/produit\\\/carrelage-florim-sensiterre-sabbia-naturale-60x120-r10-ptv-9mm\\\/#primaryimage\"},\"thumbnailUrl\":\"https:\\\/\\\/homeproject.fr\\\/fr\\\/wp-content\\\/uploads\\\/2025\\\/08\\\/Carrelage-contemporain-aspect-terre-cuite-grand-format-SensiTerre-Florim-Sabbia-60x120-Naturale-R10-PTV-781484.jpg\",\"datePublished\":\"2025-08-22T12:56:47+00:00\",\"dateModified\":\"2025-08-22T13:37:03+00:00\",\"breadcrumb\":{\"@id\":\"https:\\\/\\\/homeproject.fr\\\/fr\\\/produit\\\/carrelage-florim-sensiterre-sabbia-naturale-60x120-r10-ptv-9mm\\\/#breadcrumb\"},\"inLanguage\":\"fr-FR\",\"potentialAction\":[{\"@type\":\"ReadAction\",\"target\":[\"https:\\\/\\\/homeproject.fr\\\/fr\\\/produit\\\/carrelage-florim-sensiterre-sabbia-naturale-60x120-r10-ptv-9mm\\\/\"]}]},{\"@type\":\"ImageObject\",\"inLanguage\":\"fr-FR\",\"@id\":\"https:\\\/\\\/homeproject.fr\\\/fr\\\/produit\\\/carrelage-florim-sensiterre-sabbia-naturale-60x120-r10-ptv-9mm\\\/#primaryimage\",\"url\":\"https:\\\/\\\/homeproject.fr\\\/fr\\\/wp-content\\\/uploads\\\/2025\\\/08\\\/Carrelage-contemporain-aspect-terre-cuite-grand-format-SensiTerre-Florim-Sabbia-60x120-Naturale-R10-PTV-781484.jpg\",\"contentUrl\":\"https:\\\/\\\/homeproject.fr\\\/fr\\\/wp-content\\\/uploads\\\/2025\\\/08\\\/Carrelage-contemporain-aspect-terre-cuite-grand-format-SensiTerre-Florim-Sabbia-60x120-Naturale-R10-PTV-781484.jpg\",\"width\":1500,\"height\":1500},{\"@type\":\"BreadcrumbList\",\"@id\":\"https:\\\/\\\/homeproject.fr\\\/fr\\\/produit\\\/carrelage-florim-sensiterre-sabbia-naturale-60x120-r10-ptv-9mm\\\/#breadcrumb\",\"itemListElement\":[{\"@type\":\"ListItem\",\"position\":1,\"name\":\"Accueil\",\"item\":\"https:\\\/\\\/homeproject.fr\\\/fr\\\/\"},{\"@type\":\"ListItem\",\"position\":2,\"name\":\"Boutique\",\"item\":\"https:\\\/\\\/homeproject.fr\\\/fr\\\/boutique\\\/\"},{\"@type\":\"ListItem\",\"position\":3,\"name\":\"Carrelage Florim SensiTerre Sabbia Naturale 60&#215;120 R10 PTV 9mm\"}]},{\"@type\":\"WebSite\",\"@id\":\"https:\\\/\\\/homeproject.fr\\\/fr\\\/#website\",\"url\":\"https:\\\/\\\/homeproject.fr\\\/fr\\\/\",\"name\":\"Homeproject.fr\",\"description\":\"Offrez l&#039;exceptionnel \u00e0 vos espaces \u00e0 vivre\",\"publisher\":{\"@id\":\"https:\\\/\\\/homeproject.fr\\\/fr\\\/#organization\"},\"potentialAction\":[{\"@type\":\"SearchAction\",\"target\":{\"@type\":\"EntryPoint\",\"urlTemplate\":\"https:\\\/\\\/homeproject.fr\\\/fr\\\/?s={search_term_string}\"},\"query-input\":{\"@type\":\"PropertyValueSpecification\",\"valueRequired\":true,\"valueName\":\"search_term_string\"}}],\"inLanguage\":\"fr-FR\"},{\"@type\":\"Organization\",\"@id\":\"https:\\\/\\\/homeproject.fr\\\/fr\\\/#organization\",\"name\":\"Homeproject.fr\",\"url\":\"https:\\\/\\\/homeproject.fr\\\/fr\\\/\",\"logo\":{\"@type\":\"ImageObject\",\"inLanguage\":\"fr-FR\",\"@id\":\"https:\\\/\\\/homeproject.fr\\\/fr\\\/#\\\/schema\\\/logo\\\/image\\\/\",\"url\":\"https:\\\/\\\/homeproject.fr\\\/fr\\\/wp-content\\\/uploads\\\/2024\\\/12\\\/Logo_HomeProject-noir-2.png\",\"contentUrl\":\"https:\\\/\\\/homeproject.fr\\\/fr\\\/wp-content\\\/uploads\\\/2024\\\/12\\\/Logo_HomeProject-noir-2.png\",\"width\":300,\"height\":91,\"caption\":\"Homeproject.fr\"},\"image\":{\"@id\":\"https:\\\/\\\/homeproject.fr\\\/fr\\\/#\\\/schema\\\/logo\\\/image\\\/\"}}]}<\/script>\n<!-- \/ Yoast SEO plugin. -->","yoast_head_json":{"title":"Carrelage Florim SensiTerre Sabbia Naturale 60x120 R10 PTV 9mm - Homeproject.fr","robots":{"index":"index","follow":"follow","max-snippet":"max-snippet:-1","max-image-preview":"max-image-preview:large","max-video-preview":"max-video-preview:-1"},"canonical":"https:\/\/homeproject.fr\/fr\/produit\/carrelage-florim-sensiterre-sabbia-naturale-60x120-r10-ptv-9mm\/","og_locale":"fr_FR","og_type":"article","og_title":"Carrelage Florim SensiTerre Sabbia Naturale 60x120 R10 PTV 9mm - Homeproject.fr","og_description":"Le carrelage SensiTerre Sabbia 60\u00d7120 cm de Florim offre une esth\u00e9tique min\u00e9rale raffin\u00e9e dans un grand format rectangulaire, id\u00e9al pour agrandir visuellement l\u2019espace. Sa finition naturale reproduit l\u2019aspect doux du ciment brut, avec une nuance Sabbia aux tons beige sable, inspir\u00e9e des terres m\u00e9diterran\u00e9ennes. Avec son classement R10 PTV, ce carrelage en gr\u00e8s c\u00e9rame pleine masse convient parfaitement aux espaces int\u00e9rieurs r\u00e9sidentiels ou commerciaux : salon, chambre, cuisine, salle de bain ou boutique. Sa surface mate est agr\u00e9able au toucher et facile \u00e0 entretenir.","og_url":"https:\/\/homeproject.fr\/fr\/produit\/carrelage-florim-sensiterre-sabbia-naturale-60x120-r10-ptv-9mm\/","og_site_name":"Homeproject.fr","article_modified_time":"2025-08-22T13:37:03+00:00","og_image":[{"width":1500,"height":1500,"url":"https:\/\/homeproject.fr\/fr\/wp-content\/uploads\/2025\/08\/Carrelage-contemporain-aspect-terre-cuite-grand-format-SensiTerre-Florim-Sabbia-60x120-Naturale-R10-PTV-781484.jpg","type":"image\/jpeg"}],"twitter_card":"summary_large_image","twitter_misc":{"Dur\u00e9e de lecture estim\u00e9e":"2 minutes"},"schema":{"@context":"https:\/\/schema.org","@graph":[{"@type":"WebPage","@id":"https:\/\/homeproject.fr\/fr\/produit\/carrelage-florim-sensiterre-sabbia-naturale-60x120-r10-ptv-9mm\/","url":"https:\/\/homeproject.fr\/fr\/produit\/carrelage-florim-sensiterre-sabbia-naturale-60x120-r10-ptv-9mm\/","name":"Carrelage Florim SensiTerre Sabbia Naturale 60x120 R10 PTV 9mm - Homeproject.fr","isPartOf":{"@id":"https:\/\/homeproject.fr\/fr\/#website"},"primaryImageOfPage":{"@id":"https:\/\/homeproject.fr\/fr\/produit\/carrelage-florim-sensiterre-sabbia-naturale-60x120-r10-ptv-9mm\/#primaryimage"},"image":{"@id":"https:\/\/homeproject.fr\/fr\/produit\/carrelage-florim-sensiterre-sabbia-naturale-60x120-r10-ptv-9mm\/#primaryimage"},"thumbnailUrl":"https:\/\/homeproject.fr\/fr\/wp-content\/uploads\/2025\/08\/Carrelage-contemporain-aspect-terre-cuite-grand-format-SensiTerre-Florim-Sabbia-60x120-Naturale-R10-PTV-781484.jpg","datePublished":"2025-08-22T12:56:47+00:00","dateModified":"2025-08-22T13:37:03+00:00","breadcrumb":{"@id":"https:\/\/homeproject.fr\/fr\/produit\/carrelage-florim-sensiterre-sabbia-naturale-60x120-r10-ptv-9mm\/#breadcrumb"},"inLanguage":"fr-FR","potentialAction":[{"@type":"ReadAction","target":["https:\/\/homeproject.fr\/fr\/produit\/carrelage-florim-sensiterre-sabbia-naturale-60x120-r10-ptv-9mm\/"]}]},{"@type":"ImageObject","inLanguage":"fr-FR","@id":"https:\/\/homeproject.fr\/fr\/produit\/carrelage-florim-sensiterre-sabbia-naturale-60x120-r10-ptv-9mm\/#primaryimage","url":"https:\/\/homeproject.fr\/fr\/wp-content\/uploads\/2025\/08\/Carrelage-contemporain-aspect-terre-cuite-grand-format-SensiTerre-Florim-Sabbia-60x120-Naturale-R10-PTV-781484.jpg","contentUrl":"https:\/\/homeproject.fr\/fr\/wp-content\/uploads\/2025\/08\/Carrelage-contemporain-aspect-terre-cuite-grand-format-SensiTerre-Florim-Sabbia-60x120-Naturale-R10-PTV-781484.jpg","width":1500,"height":1500},{"@type":"BreadcrumbList","@id":"https:\/\/homeproject.fr\/fr\/produit\/carrelage-florim-sensiterre-sabbia-naturale-60x120-r10-ptv-9mm\/#breadcrumb","itemListElement":[{"@type":"ListItem","position":1,"name":"Accueil","item":"https:\/\/homeproject.fr\/fr\/"},{"@type":"ListItem","position":2,"name":"Boutique","item":"https:\/\/homeproject.fr\/fr\/boutique\/"},{"@type":"ListItem","position":3,"name":"Carrelage Florim SensiTerre Sabbia Naturale 60&#215;120 R10 PTV 9mm"}]},{"@type":"WebSite","@id":"https:\/\/homeproject.fr\/fr\/#website","url":"https:\/\/homeproject.fr\/fr\/","name":"Homeproject.fr","description":"Offrez l&#039;exceptionnel \u00e0 vos espaces \u00e0 vivre","publisher":{"@id":"https:\/\/homeproject.fr\/fr\/#organization"},"potentialAction":[{"@type":"SearchAction","target":{"@type":"EntryPoint","urlTemplate":"https:\/\/homeproject.fr\/fr\/?s={search_term_string}"},"query-input":{"@type":"PropertyValueSpecification","valueRequired":true,"valueName":"search_term_string"}}],"inLanguage":"fr-FR"},{"@type":"Organization","@id":"https:\/\/homeproject.fr\/fr\/#organization","name":"Homeproject.fr","url":"https:\/\/homeproject.fr\/fr\/","logo":{"@type":"ImageObject","inLanguage":"fr-FR","@id":"https:\/\/homeproject.fr\/fr\/#\/schema\/logo\/image\/","url":"https:\/\/homeproject.fr\/fr\/wp-content\/uploads\/2024\/12\/Logo_HomeProject-noir-2.png","contentUrl":"https:\/\/homeproject.fr\/fr\/wp-content\/uploads\/2024\/12\/Logo_HomeProject-noir-2.png","width":300,"height":91,"caption":"Homeproject.fr"},"image":{"@id":"https:\/\/homeproject.fr\/fr\/#\/schema\/logo\/image\/"}}]}},"_links":{"self":[{"href":"https:\/\/homeproject.fr\/fr\/wp-json\/wp\/v2\/product\/15221","targetHints":{"allow":["GET"]}}],"collection":[{"href":"https:\/\/homeproject.fr\/fr\/wp-json\/wp\/v2\/product"}],"about":[{"href":"https:\/\/homeproject.fr\/fr\/wp-json\/wp\/v2\/types\/product"}],"version-history":[{"count":1,"href":"https:\/\/homeproject.fr\/fr\/wp-json\/wp\/v2\/product\/15221\/revisions"}],"predecessor-version":[{"id":15223,"href":"https:\/\/homeproject.fr\/fr\/wp-json\/wp\/v2\/product\/15221\/revisions\/15223"}],"wp:featuredmedia":[{"embeddable":true,"href":"https:\/\/homeproject.fr\/fr\/wp-json\/wp\/v2\/media\/15222"}],"wp:attachment":[{"href":"https:\/\/homeproject.fr\/fr\/wp-json\/wp\/v2\/media?parent=15221"}],"wp:term":[{"taxonomy":"product_brand","embeddable":true,"href":"https:\/\/homeproject.fr\/fr\/wp-json\/wp\/v2\/product_brand?post=15221"},{"taxonomy":"product_cat","embeddable":true,"href":"https:\/\/homeproject.fr\/fr\/wp-json\/wp\/v2\/product_cat?post=15221"},{"taxonomy":"product_tag","embeddable":true,"href":"https:\/\/homeproject.fr\/fr\/wp-json\/wp\/v2\/product_tag?post=15221"}],"curies":[{"name":"wp","href":"https:\/\/api.w.org\/{rel}","templated":true}]}}