{"id":15218,"date":"2025-08-22T12:46:44","date_gmt":"2025-08-22T12:46:44","guid":{"rendered":"https:\/\/homeproject.fr\/fr\/?post_type=product&#038;p=15218"},"modified":"2025-08-22T12:51:26","modified_gmt":"2025-08-22T12:51:26","slug":"carrelage-florim-sensiterre-sabbia-naturale-60x60-r10-ptv-9mm","status":"publish","type":"product","link":"https:\/\/homeproject.fr\/fr\/produit\/carrelage-florim-sensiterre-sabbia-naturale-60x60-r10-ptv-9mm\/","title":{"rendered":"Carrelage Florim SensiTerre Sabbia Naturale 60&#215;60 R10 PTV 9mm"},"content":{"rendered":"<p><strong><a href=\"https:\/\/homeproject.fr\/fr\/produit\/echantillon-carrelage-florim-sensiterre-sabbia-natural-9mm-r10-ptv\/\">Commander un \u00e9chantillon<\/a><\/strong><\/p>\n<h3 data-start=\"846\" data-end=\"881\"><strong data-start=\"850\" data-end=\"881\">Caract\u00e9ristiques techniques<\/strong><\/h3>\n<div class=\"_tableContainer_sk2ct_1\">\n<div class=\"_tableWrapper_sk2ct_13 group flex w-fit flex-col-reverse\" tabindex=\"-1\">\n<table class=\"w-fit min-w-(--thread-content-width)\" data-start=\"883\" data-end=\"1942\">\n<thead data-start=\"883\" data-end=\"963\">\n<tr data-start=\"883\" data-end=\"963\">\n<th data-start=\"883\" data-end=\"911\" data-col-size=\"sm\"><strong data-start=\"885\" data-end=\"902\">Sp\u00e9cification<\/strong><\/th>\n<th data-start=\"911\" data-end=\"963\" data-col-size=\"md\"><strong data-start=\"913\" data-end=\"923\">D\u00e9tail<\/strong><\/th>\n<\/tr>\n<\/thead>\n<tbody data-start=\"1045\" data-end=\"1942\">\n<tr data-start=\"1045\" data-end=\"1126\">\n<td data-start=\"1045\" data-end=\"1073\" data-col-size=\"sm\">Marque<\/td>\n<td data-col-size=\"md\" data-start=\"1073\" data-end=\"1126\">Florim<\/td>\n<\/tr>\n<tr data-start=\"1127\" data-end=\"1208\">\n<td data-start=\"1127\" data-end=\"1155\" data-col-size=\"sm\">Collection<\/td>\n<td data-col-size=\"md\" data-start=\"1155\" data-end=\"1208\">SensiTerre<\/td>\n<\/tr>\n<tr data-start=\"1209\" data-end=\"1290\">\n<td data-start=\"1209\" data-end=\"1237\" data-col-size=\"sm\">Mod\u00e8le \/ R\u00e9f\u00e9rence<\/td>\n<td data-col-size=\"md\" data-start=\"1237\" data-end=\"1290\">Sabbia \u2013 781500<\/td>\n<\/tr>\n<tr data-start=\"1291\" data-end=\"1372\">\n<td data-start=\"1291\" data-end=\"1319\" data-col-size=\"sm\">Format<\/td>\n<td data-col-size=\"md\" data-start=\"1319\" data-end=\"1372\">60 \u00d7 60 cm<\/td>\n<\/tr>\n<tr data-start=\"1373\" data-end=\"1454\">\n<td data-start=\"1373\" data-end=\"1401\" data-col-size=\"sm\">\u00c9paisseur<\/td>\n<td data-col-size=\"md\" data-start=\"1401\" data-end=\"1454\">9 mm<\/td>\n<\/tr>\n<tr data-start=\"1455\" data-end=\"1536\">\n<td data-start=\"1455\" data-end=\"1483\" data-col-size=\"sm\">Finition<\/td>\n<td data-col-size=\"md\" data-start=\"1483\" data-end=\"1536\">Naturelle (mate)<\/td>\n<\/tr>\n<tr data-start=\"1537\" data-end=\"1618\">\n<td data-start=\"1537\" data-end=\"1565\" data-col-size=\"sm\">Antid\u00e9rapance<\/td>\n<td data-col-size=\"md\" data-start=\"1565\" data-end=\"1618\">R10 PTV \u2013 adh\u00e9rence mod\u00e9r\u00e9e<\/td>\n<\/tr>\n<tr data-start=\"1619\" data-end=\"1699\">\n<td data-start=\"1619\" data-end=\"1647\" data-col-size=\"sm\">Effet<\/td>\n<td data-col-size=\"md\" data-start=\"1647\" data-end=\"1699\">Ciment naturel \/ Terre cuite contemporaine<\/td>\n<\/tr>\n<tr data-start=\"1700\" data-end=\"1780\">\n<td data-start=\"1700\" data-end=\"1728\" data-col-size=\"sm\">Couleur<\/td>\n<td data-col-size=\"md\" data-start=\"1728\" data-end=\"1780\">Sabbia (beige sable doux)<\/td>\n<\/tr>\n<tr data-start=\"1781\" data-end=\"1861\">\n<td data-start=\"1781\" data-end=\"1809\" data-col-size=\"sm\">Utilisation<\/td>\n<td data-col-size=\"md\" data-start=\"1809\" data-end=\"1861\">Sols et murs \u2013 int\u00e9rieur, zones semi-ext\u00e9rieures<\/td>\n<\/tr>\n<tr data-start=\"1862\" data-end=\"1942\">\n<td data-start=\"1862\" data-end=\"1890\" data-col-size=\"sm\">Pose recommand\u00e9e<\/td>\n<td data-col-size=\"md\" data-start=\"1890\" data-end=\"1942\">droite, diagonale, damier<\/td>\n<\/tr>\n<\/tbody>\n<\/table>\n<\/div>\n<\/div>\n<hr data-start=\"1522\" data-end=\"1525\" \/>\n<h3 data-start=\"1949\" data-end=\"1974\"><strong data-start=\"1953\" data-end=\"1974\">Avantages produit<\/strong><\/h3>\n<ul data-start=\"1975\" data-end=\"2315\">\n<li data-start=\"1975\" data-end=\"2050\">\n<p data-start=\"1977\" data-end=\"2050\">\u2705 Format 60\u00d760 cm polyvalent : esth\u00e9tique \u00e9quilibr\u00e9e et pose simplifi\u00e9e<\/p>\n<\/li>\n<li data-start=\"2051\" data-end=\"2119\">\n<p data-start=\"2053\" data-end=\"2119\">\u2705 Finition naturelle mate : douce, \u00e9l\u00e9gante, facile \u00e0 entretenir<\/p>\n<\/li>\n<li data-start=\"2120\" data-end=\"2203\">\n<p data-start=\"2122\" data-end=\"2203\">\u2705 Surface antid\u00e9rapante R10 : id\u00e9ale pour pi\u00e8ces de vie, cuisines, salles d\u2019eau<\/p>\n<\/li>\n<li data-start=\"2204\" data-end=\"2262\">\n<p data-start=\"2206\" data-end=\"2262\">\u2705 Couleur Sabbia : ton chaud, naturel, facile \u00e0 marier<\/p>\n<\/li>\n<li data-start=\"2263\" data-end=\"2315\">\n<p data-start=\"2265\" data-end=\"2315\">\u2705 R\u00e9sistance \u00e0 l\u2019usure, \u00e0 l\u2019humidit\u00e9 et aux taches<\/p>\n<\/li>\n<\/ul>\n<hr data-start=\"2317\" data-end=\"2320\" \/>\n<h3 data-start=\"2322\" data-end=\"2355\"><strong data-start=\"2326\" data-end=\"2355\">Applications recommand\u00e9es<\/strong><\/h3>\n<ul data-start=\"2356\" data-end=\"2502\">\n<li data-start=\"2356\" data-end=\"2387\">\n<p data-start=\"2358\" data-end=\"2387\">S\u00e9jours, chambres, couloirs<\/p>\n<\/li>\n<li data-start=\"2388\" data-end=\"2419\">\n<p data-start=\"2390\" data-end=\"2419\">Salles de bains et cuisines<\/p>\n<\/li>\n<li data-start=\"2420\" data-end=\"2450\">\n<p data-start=\"2422\" data-end=\"2450\">Murs d\u00e9coratifs, cr\u00e9dences<\/p>\n<\/li>\n<li data-start=\"2451\" data-end=\"2502\">\n<p data-start=\"2453\" data-end=\"2502\">Espaces professionnels au style brut et raffin\u00e9<\/p>\n<\/li>\n<\/ul>\n<hr data-start=\"2504\" data-end=\"2507\" \/>\n<h3 data-start=\"2509\" data-end=\"2526\"><strong data-start=\"2513\" data-end=\"2526\">En r\u00e9sum\u00e9<\/strong><\/h3>\n<p data-start=\"2527\" data-end=\"2792\">Le carrelage <strong data-start=\"2540\" data-end=\"2570\">SensiTerre Sabbia 60\u00d760 cm<\/strong> conjugue <strong data-start=\"2580\" data-end=\"2640\">esth\u00e9tique min\u00e9rale, confort d\u2019usage et facilit\u00e9 de pose<\/strong>. C\u2019est un choix s\u00fbr et \u00e9l\u00e9gant pour cr\u00e9er des ambiances naturelles, m\u00e9diterran\u00e9ennes ou contemporaines avec la qualit\u00e9 technique du gr\u00e8s c\u00e9rame Florim.<\/p>\n<h4 data-start=\"1527\" data-end=\"1551\"><strong style=\"font-family: inherit; font-size: 30px;\">Vous avez des questions ?<\/strong><\/h4>\n<style id=\"wpforms-css-vars-3675\">\n\t\t\t\t#wpforms-3675 {\n\t\t\t\t\n\t\t\t}\n\t\t\t<\/style><div class=\"wpforms-container wpforms-container-full wpforms-render-modern\" id=\"wpforms-3675\"><form id=\"wpforms-form-3675\" class=\"wpforms-validate wpforms-form wpforms-ajax-form\" data-formid=\"3675\" method=\"post\" enctype=\"multipart\/form-data\" action=\"\/fr\/wp-json\/wp\/v2\/product\/15218\" data-token=\"86cfa3cd8fc4572532d762e2357ac556\" data-token-time=\"1777821213\"><noscript class=\"wpforms-error-noscript\">Veuillez activer JavaScript dans votre navigateur pour remplir ce formulaire.<\/noscript><div id=\"wpforms-error-noscript\" style=\"display: none;\">Veuillez activer JavaScript dans votre navigateur pour remplir ce formulaire.<\/div><div class=\"wpforms-field-container\"><div id=\"wpforms-3675-field_3-container\" class=\"wpforms-field wpforms-field-name\" data-field-id=\"3\"><fieldset><legend class=\"wpforms-field-label\">Nom <span class=\"wpforms-required-label\" aria-hidden=\"true\">*<\/span><\/legend><div class=\"wpforms-field-row wpforms-field-medium\"><div class=\"wpforms-field-row-block wpforms-first wpforms-one-half\"><input type=\"text\" id=\"wpforms-3675-field_3\" class=\"wpforms-field-name-first wpforms-field-required\" name=\"wpforms[fields][3][first]\" aria-errormessage=\"wpforms-3675-field_3-error\" required><label for=\"wpforms-3675-field_3\" class=\"wpforms-field-sublabel after\">Pr\u00e9nom<\/label><\/div><div class=\"wpforms-field-row-block wpforms-one-half\"><input type=\"text\" id=\"wpforms-3675-field_3-last\" class=\"wpforms-field-name-last wpforms-field-required\" name=\"wpforms[fields][3][last]\" aria-errormessage=\"wpforms-3675-field_3-last-error\" required><label for=\"wpforms-3675-field_3-last\" class=\"wpforms-field-sublabel after\">Nom<\/label><\/div><\/div><\/fieldset><\/div>\t\t<div id=\"wpforms-3675-field_1-container\"\n\t\t\tclass=\"wpforms-field wpforms-field-text\"\n\t\t\tdata-field-type=\"text\"\n\t\t\tdata-field-id=\"1\"\n\t\t\t>\n\t\t\t<label class=\"wpforms-field-label\" for=\"wpforms-3675-field_1\" >Nom Message E-mail<\/label>\n\t\t\t<input type=\"text\" id=\"wpforms-3675-field_1\" class=\"wpforms-field-medium\" name=\"wpforms[fields][1]\" >\n\t\t<\/div>\n\t\t<div id=\"wpforms-3675-field_4-container\" class=\"wpforms-field wpforms-field-email\" data-field-id=\"4\"><label class=\"wpforms-field-label\" for=\"wpforms-3675-field_4\">E-mail <span class=\"wpforms-required-label\" aria-hidden=\"true\">*<\/span><\/label><input type=\"email\" id=\"wpforms-3675-field_4\" class=\"wpforms-field-medium wpforms-field-required\" name=\"wpforms[fields][4]\" spellcheck=\"false\" aria-errormessage=\"wpforms-3675-field_4-error\" required><\/div><div id=\"wpforms-3675-field_5-container\" class=\"wpforms-field wpforms-field-textarea\" data-field-id=\"5\"><label class=\"wpforms-field-label\" for=\"wpforms-3675-field_5\">Message <span class=\"wpforms-required-label\" aria-hidden=\"true\">*<\/span><\/label><textarea id=\"wpforms-3675-field_5\" class=\"wpforms-field-medium wpforms-field-required\" name=\"wpforms[fields][5]\" aria-errormessage=\"wpforms-3675-field_5-error\" required><\/textarea><\/div><script>\n\t\t\t\t( function() {\n\t\t\t\t\tconst style = document.createElement( 'style' );\n\t\t\t\t\tstyle.appendChild( document.createTextNode( '#wpforms-3675-field_1-container { position: absolute !important; overflow: hidden !important; display: inline !important; height: 1px !important; width: 1px !important; z-index: -1000 !important; padding: 0 !important; } #wpforms-3675-field_1-container input { visibility: hidden; } #wpforms-conversational-form-page #wpforms-3675-field_1-container label { counter-increment: none; }' ) );\n\t\t\t\t\tdocument.head.appendChild( style );\n\t\t\t\t\tdocument.currentScript?.remove();\n\t\t\t\t} )();\n\t\t\t<\/script><\/div><!-- .wpforms-field-container --><div class=\"wpforms-submit-container\" ><input type=\"hidden\" name=\"wpforms[id]\" value=\"3675\"><input type=\"hidden\" name=\"page_title\" value=\"\"><input type=\"hidden\" name=\"page_url\" value=\"https:\/\/homeproject.fr\/fr\/wp-json\/wp\/v2\/product\/15218\"><input type=\"hidden\" name=\"url_referer\" value=\"\"><button type=\"submit\" name=\"wpforms[submit]\" id=\"wpforms-submit-3675\" class=\"wpforms-submit\" data-alt-text=\"Envoi...\" data-submit-text=\"Envoyer\" aria-live=\"assertive\" value=\"wpforms-submit\">Envoyer<\/button><img decoding=\"async\" src=\"https:\/\/homeproject.fr\/fr\/wp-content\/plugins\/wpforms-lite\/assets\/images\/submit-spin.svg\" class=\"wpforms-submit-spinner\" style=\"display: none;\" width=\"26\" height=\"26\" alt=\"Chargement en cours\"><\/div><\/form><\/div>  <!-- .wpforms-container -->\n","protected":false},"excerpt":{"rendered":"<p data-start=\"280\" data-end=\"573\">Le carrelage <strong data-start=\"293\" data-end=\"323\">SensiTerre Sabbia 60\u00d760 cm<\/strong> de <strong data-start=\"327\" data-end=\"337\">Florim<\/strong> allie l\u2019authenticit\u00e9 d\u2019un effet ciment doux \u00e0 un format carr\u00e9 contemporain et \u00e9quilibr\u00e9. Sa <strong data-start=\"430\" data-end=\"451\">finition naturale<\/strong>, mate et textur\u00e9e, restitue l\u2019aspect brut et apaisant de la terre crue, dans une nuance <strong data-start=\"540\" data-end=\"550\">Sabbia<\/strong> lumineuse et sableuse.<\/p>\n<p data-start=\"575\" data-end=\"839\">Class\u00e9 <strong data-start=\"582\" data-end=\"593\">R10 PTV<\/strong>, ce carrelage offre une adh\u00e9rence mod\u00e9r\u00e9e adapt\u00e9e \u00e0 tous les espaces int\u00e9rieurs, y compris les pi\u00e8ces d\u2019eau. Son format standard <strong data-start=\"723\" data-end=\"735\">60\u00d760 cm<\/strong> s\u2019int\u00e8gre facilement dans tous types de projets : r\u00e9sidentiels ou professionnels, modernes ou naturels.<\/p>\n<hr data-start=\"841\" data-end=\"844\" \/>\n","protected":false},"featured_media":15219,"template":"","meta":{"_uf_show_specific_survey":0,"_uf_disable_surveys":false,"iawp_total_views":5},"product_brand":[607],"product_cat":[123,20,502],"product_tag":[],"class_list":{"0":"post-15218","1":"product","2":"type-product","3":"status-publish","4":"has-post-thumbnail","6":"product_brand-florim","7":"product_cat-aspect-beton","8":"product_cat-carrelage","9":"product_cat-terre-cuite","10":"product_shipping_class-carrelage","11":"pa_collection-sensiterre-par-florim","12":"pa_designer-matteo-thun","13":"pa_dimensions-nominales-60x60","14":"pa_effet-beton","15":"pa_effet-terre-cuite","16":"pa_epaisseur-9mm","17":"pa_marque-florim","18":"pa_materiau-gres-cerame-non-emaille","20":"first","21":"instock","22":"sale","23":"taxable","24":"shipping-taxable","25":"purchasable","26":"product-type-simple"},"yoast_head":"<!-- This site is optimized with the Yoast SEO plugin v27.5 - https:\/\/yoast.com\/product\/yoast-seo-wordpress\/ -->\n<title>Carrelage Florim SensiTerre Sabbia Naturale 60x60 R10 PTV 9mm - Homeproject.fr<\/title>\n<meta name=\"robots\" content=\"index, follow, max-snippet:-1, max-image-preview:large, max-video-preview:-1\" \/>\n<link rel=\"canonical\" href=\"https:\/\/homeproject.fr\/fr\/produit\/carrelage-florim-sensiterre-sabbia-naturale-60x60-r10-ptv-9mm\/\" \/>\n<meta property=\"og:locale\" content=\"fr_FR\" \/>\n<meta property=\"og:type\" content=\"article\" \/>\n<meta property=\"og:title\" content=\"Carrelage Florim SensiTerre Sabbia Naturale 60x60 R10 PTV 9mm - Homeproject.fr\" \/>\n<meta property=\"og:description\" content=\"Le carrelage SensiTerre Sabbia 60\u00d760 cm de Florim allie l\u2019authenticit\u00e9 d\u2019un effet ciment doux \u00e0 un format carr\u00e9 contemporain et \u00e9quilibr\u00e9. Sa finition naturale, mate et textur\u00e9e, restitue l\u2019aspect brut et apaisant de la terre crue, dans une nuance Sabbia lumineuse et sableuse. Class\u00e9 R10 PTV, ce carrelage offre une adh\u00e9rence mod\u00e9r\u00e9e adapt\u00e9e \u00e0 tous les espaces int\u00e9rieurs, y compris les pi\u00e8ces d\u2019eau. Son format standard 60\u00d760 cm s\u2019int\u00e8gre facilement dans tous types de projets : r\u00e9sidentiels ou professionnels, modernes ou naturels.\" \/>\n<meta property=\"og:url\" content=\"https:\/\/homeproject.fr\/fr\/produit\/carrelage-florim-sensiterre-sabbia-naturale-60x60-r10-ptv-9mm\/\" \/>\n<meta property=\"og:site_name\" content=\"Homeproject.fr\" \/>\n<meta property=\"article:modified_time\" content=\"2025-08-22T12:51:26+00:00\" \/>\n<meta property=\"og:image\" content=\"https:\/\/homeproject.fr\/fr\/wp-content\/uploads\/2025\/08\/Carrelage-contemporain-aspect-terre-cuite-SensiTerre-Florim-Sabbia-60x60-Naturale-R10-PTV-781500.jpg\" \/>\n\t<meta property=\"og:image:width\" content=\"1500\" \/>\n\t<meta property=\"og:image:height\" content=\"1500\" \/>\n\t<meta property=\"og:image:type\" content=\"image\/jpeg\" \/>\n<meta name=\"twitter:card\" content=\"summary_large_image\" \/>\n<meta name=\"twitter:label1\" content=\"Dur\u00e9e de lecture estim\u00e9e\" \/>\n\t<meta name=\"twitter:data1\" content=\"2 minutes\" \/>\n<script type=\"application\/ld+json\" class=\"yoast-schema-graph\">{\"@context\":\"https:\\\/\\\/schema.org\",\"@graph\":[{\"@type\":\"WebPage\",\"@id\":\"https:\\\/\\\/homeproject.fr\\\/fr\\\/produit\\\/carrelage-florim-sensiterre-sabbia-naturale-60x60-r10-ptv-9mm\\\/\",\"url\":\"https:\\\/\\\/homeproject.fr\\\/fr\\\/produit\\\/carrelage-florim-sensiterre-sabbia-naturale-60x60-r10-ptv-9mm\\\/\",\"name\":\"Carrelage Florim SensiTerre Sabbia Naturale 60x60 R10 PTV 9mm - Homeproject.fr\",\"isPartOf\":{\"@id\":\"https:\\\/\\\/homeproject.fr\\\/fr\\\/#website\"},\"primaryImageOfPage\":{\"@id\":\"https:\\\/\\\/homeproject.fr\\\/fr\\\/produit\\\/carrelage-florim-sensiterre-sabbia-naturale-60x60-r10-ptv-9mm\\\/#primaryimage\"},\"image\":{\"@id\":\"https:\\\/\\\/homeproject.fr\\\/fr\\\/produit\\\/carrelage-florim-sensiterre-sabbia-naturale-60x60-r10-ptv-9mm\\\/#primaryimage\"},\"thumbnailUrl\":\"https:\\\/\\\/homeproject.fr\\\/fr\\\/wp-content\\\/uploads\\\/2025\\\/08\\\/Carrelage-contemporain-aspect-terre-cuite-SensiTerre-Florim-Sabbia-60x60-Naturale-R10-PTV-781500.jpg\",\"datePublished\":\"2025-08-22T12:46:44+00:00\",\"dateModified\":\"2025-08-22T12:51:26+00:00\",\"breadcrumb\":{\"@id\":\"https:\\\/\\\/homeproject.fr\\\/fr\\\/produit\\\/carrelage-florim-sensiterre-sabbia-naturale-60x60-r10-ptv-9mm\\\/#breadcrumb\"},\"inLanguage\":\"fr-FR\",\"potentialAction\":[{\"@type\":\"ReadAction\",\"target\":[\"https:\\\/\\\/homeproject.fr\\\/fr\\\/produit\\\/carrelage-florim-sensiterre-sabbia-naturale-60x60-r10-ptv-9mm\\\/\"]}]},{\"@type\":\"ImageObject\",\"inLanguage\":\"fr-FR\",\"@id\":\"https:\\\/\\\/homeproject.fr\\\/fr\\\/produit\\\/carrelage-florim-sensiterre-sabbia-naturale-60x60-r10-ptv-9mm\\\/#primaryimage\",\"url\":\"https:\\\/\\\/homeproject.fr\\\/fr\\\/wp-content\\\/uploads\\\/2025\\\/08\\\/Carrelage-contemporain-aspect-terre-cuite-SensiTerre-Florim-Sabbia-60x60-Naturale-R10-PTV-781500.jpg\",\"contentUrl\":\"https:\\\/\\\/homeproject.fr\\\/fr\\\/wp-content\\\/uploads\\\/2025\\\/08\\\/Carrelage-contemporain-aspect-terre-cuite-SensiTerre-Florim-Sabbia-60x60-Naturale-R10-PTV-781500.jpg\",\"width\":1500,\"height\":1500},{\"@type\":\"BreadcrumbList\",\"@id\":\"https:\\\/\\\/homeproject.fr\\\/fr\\\/produit\\\/carrelage-florim-sensiterre-sabbia-naturale-60x60-r10-ptv-9mm\\\/#breadcrumb\",\"itemListElement\":[{\"@type\":\"ListItem\",\"position\":1,\"name\":\"Accueil\",\"item\":\"https:\\\/\\\/homeproject.fr\\\/fr\\\/\"},{\"@type\":\"ListItem\",\"position\":2,\"name\":\"Boutique\",\"item\":\"https:\\\/\\\/homeproject.fr\\\/fr\\\/boutique\\\/\"},{\"@type\":\"ListItem\",\"position\":3,\"name\":\"Carrelage Florim SensiTerre Sabbia Naturale 60&#215;60 R10 PTV 9mm\"}]},{\"@type\":\"WebSite\",\"@id\":\"https:\\\/\\\/homeproject.fr\\\/fr\\\/#website\",\"url\":\"https:\\\/\\\/homeproject.fr\\\/fr\\\/\",\"name\":\"Homeproject.fr\",\"description\":\"Offrez l&#039;exceptionnel \u00e0 vos espaces \u00e0 vivre\",\"publisher\":{\"@id\":\"https:\\\/\\\/homeproject.fr\\\/fr\\\/#organization\"},\"potentialAction\":[{\"@type\":\"SearchAction\",\"target\":{\"@type\":\"EntryPoint\",\"urlTemplate\":\"https:\\\/\\\/homeproject.fr\\\/fr\\\/?s={search_term_string}\"},\"query-input\":{\"@type\":\"PropertyValueSpecification\",\"valueRequired\":true,\"valueName\":\"search_term_string\"}}],\"inLanguage\":\"fr-FR\"},{\"@type\":\"Organization\",\"@id\":\"https:\\\/\\\/homeproject.fr\\\/fr\\\/#organization\",\"name\":\"Homeproject.fr\",\"url\":\"https:\\\/\\\/homeproject.fr\\\/fr\\\/\",\"logo\":{\"@type\":\"ImageObject\",\"inLanguage\":\"fr-FR\",\"@id\":\"https:\\\/\\\/homeproject.fr\\\/fr\\\/#\\\/schema\\\/logo\\\/image\\\/\",\"url\":\"https:\\\/\\\/homeproject.fr\\\/fr\\\/wp-content\\\/uploads\\\/2024\\\/12\\\/Logo_HomeProject-noir-2.png\",\"contentUrl\":\"https:\\\/\\\/homeproject.fr\\\/fr\\\/wp-content\\\/uploads\\\/2024\\\/12\\\/Logo_HomeProject-noir-2.png\",\"width\":300,\"height\":91,\"caption\":\"Homeproject.fr\"},\"image\":{\"@id\":\"https:\\\/\\\/homeproject.fr\\\/fr\\\/#\\\/schema\\\/logo\\\/image\\\/\"}}]}<\/script>\n<!-- \/ Yoast SEO plugin. -->","yoast_head_json":{"title":"Carrelage Florim SensiTerre Sabbia Naturale 60x60 R10 PTV 9mm - Homeproject.fr","robots":{"index":"index","follow":"follow","max-snippet":"max-snippet:-1","max-image-preview":"max-image-preview:large","max-video-preview":"max-video-preview:-1"},"canonical":"https:\/\/homeproject.fr\/fr\/produit\/carrelage-florim-sensiterre-sabbia-naturale-60x60-r10-ptv-9mm\/","og_locale":"fr_FR","og_type":"article","og_title":"Carrelage Florim SensiTerre Sabbia Naturale 60x60 R10 PTV 9mm - Homeproject.fr","og_description":"Le carrelage SensiTerre Sabbia 60\u00d760 cm de Florim allie l\u2019authenticit\u00e9 d\u2019un effet ciment doux \u00e0 un format carr\u00e9 contemporain et \u00e9quilibr\u00e9. Sa finition naturale, mate et textur\u00e9e, restitue l\u2019aspect brut et apaisant de la terre crue, dans une nuance Sabbia lumineuse et sableuse. Class\u00e9 R10 PTV, ce carrelage offre une adh\u00e9rence mod\u00e9r\u00e9e adapt\u00e9e \u00e0 tous les espaces int\u00e9rieurs, y compris les pi\u00e8ces d\u2019eau. Son format standard 60\u00d760 cm s\u2019int\u00e8gre facilement dans tous types de projets : r\u00e9sidentiels ou professionnels, modernes ou naturels.","og_url":"https:\/\/homeproject.fr\/fr\/produit\/carrelage-florim-sensiterre-sabbia-naturale-60x60-r10-ptv-9mm\/","og_site_name":"Homeproject.fr","article_modified_time":"2025-08-22T12:51:26+00:00","og_image":[{"width":1500,"height":1500,"url":"https:\/\/homeproject.fr\/fr\/wp-content\/uploads\/2025\/08\/Carrelage-contemporain-aspect-terre-cuite-SensiTerre-Florim-Sabbia-60x60-Naturale-R10-PTV-781500.jpg","type":"image\/jpeg"}],"twitter_card":"summary_large_image","twitter_misc":{"Dur\u00e9e de lecture estim\u00e9e":"2 minutes"},"schema":{"@context":"https:\/\/schema.org","@graph":[{"@type":"WebPage","@id":"https:\/\/homeproject.fr\/fr\/produit\/carrelage-florim-sensiterre-sabbia-naturale-60x60-r10-ptv-9mm\/","url":"https:\/\/homeproject.fr\/fr\/produit\/carrelage-florim-sensiterre-sabbia-naturale-60x60-r10-ptv-9mm\/","name":"Carrelage Florim SensiTerre Sabbia Naturale 60x60 R10 PTV 9mm - Homeproject.fr","isPartOf":{"@id":"https:\/\/homeproject.fr\/fr\/#website"},"primaryImageOfPage":{"@id":"https:\/\/homeproject.fr\/fr\/produit\/carrelage-florim-sensiterre-sabbia-naturale-60x60-r10-ptv-9mm\/#primaryimage"},"image":{"@id":"https:\/\/homeproject.fr\/fr\/produit\/carrelage-florim-sensiterre-sabbia-naturale-60x60-r10-ptv-9mm\/#primaryimage"},"thumbnailUrl":"https:\/\/homeproject.fr\/fr\/wp-content\/uploads\/2025\/08\/Carrelage-contemporain-aspect-terre-cuite-SensiTerre-Florim-Sabbia-60x60-Naturale-R10-PTV-781500.jpg","datePublished":"2025-08-22T12:46:44+00:00","dateModified":"2025-08-22T12:51:26+00:00","breadcrumb":{"@id":"https:\/\/homeproject.fr\/fr\/produit\/carrelage-florim-sensiterre-sabbia-naturale-60x60-r10-ptv-9mm\/#breadcrumb"},"inLanguage":"fr-FR","potentialAction":[{"@type":"ReadAction","target":["https:\/\/homeproject.fr\/fr\/produit\/carrelage-florim-sensiterre-sabbia-naturale-60x60-r10-ptv-9mm\/"]}]},{"@type":"ImageObject","inLanguage":"fr-FR","@id":"https:\/\/homeproject.fr\/fr\/produit\/carrelage-florim-sensiterre-sabbia-naturale-60x60-r10-ptv-9mm\/#primaryimage","url":"https:\/\/homeproject.fr\/fr\/wp-content\/uploads\/2025\/08\/Carrelage-contemporain-aspect-terre-cuite-SensiTerre-Florim-Sabbia-60x60-Naturale-R10-PTV-781500.jpg","contentUrl":"https:\/\/homeproject.fr\/fr\/wp-content\/uploads\/2025\/08\/Carrelage-contemporain-aspect-terre-cuite-SensiTerre-Florim-Sabbia-60x60-Naturale-R10-PTV-781500.jpg","width":1500,"height":1500},{"@type":"BreadcrumbList","@id":"https:\/\/homeproject.fr\/fr\/produit\/carrelage-florim-sensiterre-sabbia-naturale-60x60-r10-ptv-9mm\/#breadcrumb","itemListElement":[{"@type":"ListItem","position":1,"name":"Accueil","item":"https:\/\/homeproject.fr\/fr\/"},{"@type":"ListItem","position":2,"name":"Boutique","item":"https:\/\/homeproject.fr\/fr\/boutique\/"},{"@type":"ListItem","position":3,"name":"Carrelage Florim SensiTerre Sabbia Naturale 60&#215;60 R10 PTV 9mm"}]},{"@type":"WebSite","@id":"https:\/\/homeproject.fr\/fr\/#website","url":"https:\/\/homeproject.fr\/fr\/","name":"Homeproject.fr","description":"Offrez l&#039;exceptionnel \u00e0 vos espaces \u00e0 vivre","publisher":{"@id":"https:\/\/homeproject.fr\/fr\/#organization"},"potentialAction":[{"@type":"SearchAction","target":{"@type":"EntryPoint","urlTemplate":"https:\/\/homeproject.fr\/fr\/?s={search_term_string}"},"query-input":{"@type":"PropertyValueSpecification","valueRequired":true,"valueName":"search_term_string"}}],"inLanguage":"fr-FR"},{"@type":"Organization","@id":"https:\/\/homeproject.fr\/fr\/#organization","name":"Homeproject.fr","url":"https:\/\/homeproject.fr\/fr\/","logo":{"@type":"ImageObject","inLanguage":"fr-FR","@id":"https:\/\/homeproject.fr\/fr\/#\/schema\/logo\/image\/","url":"https:\/\/homeproject.fr\/fr\/wp-content\/uploads\/2024\/12\/Logo_HomeProject-noir-2.png","contentUrl":"https:\/\/homeproject.fr\/fr\/wp-content\/uploads\/2024\/12\/Logo_HomeProject-noir-2.png","width":300,"height":91,"caption":"Homeproject.fr"},"image":{"@id":"https:\/\/homeproject.fr\/fr\/#\/schema\/logo\/image\/"}}]}},"_links":{"self":[{"href":"https:\/\/homeproject.fr\/fr\/wp-json\/wp\/v2\/product\/15218","targetHints":{"allow":["GET"]}}],"collection":[{"href":"https:\/\/homeproject.fr\/fr\/wp-json\/wp\/v2\/product"}],"about":[{"href":"https:\/\/homeproject.fr\/fr\/wp-json\/wp\/v2\/types\/product"}],"version-history":[{"count":1,"href":"https:\/\/homeproject.fr\/fr\/wp-json\/wp\/v2\/product\/15218\/revisions"}],"predecessor-version":[{"id":15220,"href":"https:\/\/homeproject.fr\/fr\/wp-json\/wp\/v2\/product\/15218\/revisions\/15220"}],"wp:featuredmedia":[{"embeddable":true,"href":"https:\/\/homeproject.fr\/fr\/wp-json\/wp\/v2\/media\/15219"}],"wp:attachment":[{"href":"https:\/\/homeproject.fr\/fr\/wp-json\/wp\/v2\/media?parent=15218"}],"wp:term":[{"taxonomy":"product_brand","embeddable":true,"href":"https:\/\/homeproject.fr\/fr\/wp-json\/wp\/v2\/product_brand?post=15218"},{"taxonomy":"product_cat","embeddable":true,"href":"https:\/\/homeproject.fr\/fr\/wp-json\/wp\/v2\/product_cat?post=15218"},{"taxonomy":"product_tag","embeddable":true,"href":"https:\/\/homeproject.fr\/fr\/wp-json\/wp\/v2\/product_tag?post=15218"}],"curies":[{"name":"wp","href":"https:\/\/api.w.org\/{rel}","templated":true}]}}