{"id":15209,"date":"2025-08-22T12:17:05","date_gmt":"2025-08-22T12:17:05","guid":{"rendered":"https:\/\/homeproject.fr\/fr\/?post_type=product&#038;p=15209"},"modified":"2025-08-22T12:22:10","modified_gmt":"2025-08-22T12:22:10","slug":"carrelage-florim-sensiterre-sabbia-naturale-20x20-r10-ptv-9mm","status":"publish","type":"product","link":"https:\/\/homeproject.fr\/fr\/produit\/carrelage-florim-sensiterre-sabbia-naturale-20x20-r10-ptv-9mm\/","title":{"rendered":"Carrelage Florim SensiTerre Sabbia Naturale 20&#215;20 R10 PTV 9mm"},"content":{"rendered":"<p><strong><a href=\"https:\/\/homeproject.fr\/fr\/produit\/echantillon-carrelage-florim-sensiterre-sabbia-natural-9mm-r10-ptv\/\">Commander un \u00e9chantillon<\/a><\/strong><\/p>\n<div class=\"_tableContainer_sk2ct_1\">\n<div class=\"_tableWrapper_sk2ct_13 group flex w-fit flex-col-reverse\" tabindex=\"-1\">\n<h3 data-start=\"874\" data-end=\"909\"><strong data-start=\"878\" data-end=\"909\">Caract\u00e9ristiques techniques<\/strong><\/h3>\n<div class=\"_tableContainer_sk2ct_1\">\n<div class=\"_tableWrapper_sk2ct_13 group flex w-fit flex-col-reverse\" tabindex=\"-1\">\n<table class=\"w-fit min-w-(--thread-content-width)\" data-start=\"911\" data-end=\"1970\">\n<thead data-start=\"911\" data-end=\"991\">\n<tr data-start=\"911\" data-end=\"991\">\n<th data-start=\"911\" data-end=\"939\" data-col-size=\"sm\"><strong data-start=\"913\" data-end=\"930\">Sp\u00e9cification<\/strong><\/th>\n<th data-start=\"939\" data-end=\"991\" data-col-size=\"md\"><strong data-start=\"941\" data-end=\"951\">D\u00e9tail<\/strong><\/th>\n<\/tr>\n<\/thead>\n<tbody data-start=\"1073\" data-end=\"1970\">\n<tr data-start=\"1073\" data-end=\"1154\">\n<td data-start=\"1073\" data-end=\"1101\" data-col-size=\"sm\">Marque<\/td>\n<td data-start=\"1101\" data-end=\"1154\" data-col-size=\"md\">Florim<\/td>\n<\/tr>\n<tr data-start=\"1155\" data-end=\"1236\">\n<td data-start=\"1155\" data-end=\"1183\" data-col-size=\"sm\">Collection<\/td>\n<td data-start=\"1183\" data-end=\"1236\" data-col-size=\"md\">SensiTerre<\/td>\n<\/tr>\n<tr data-start=\"1237\" data-end=\"1318\">\n<td data-start=\"1237\" data-end=\"1265\" data-col-size=\"sm\">Mod\u00e8le \/ R\u00e9f\u00e9rence<\/td>\n<td data-start=\"1265\" data-end=\"1318\" data-col-size=\"md\">Sabbia \u2013 781793<\/td>\n<\/tr>\n<tr data-start=\"1319\" data-end=\"1400\">\n<td data-start=\"1319\" data-end=\"1347\" data-col-size=\"sm\">Format<\/td>\n<td data-start=\"1347\" data-end=\"1400\" data-col-size=\"md\">20 \u00d7 20 cm<\/td>\n<\/tr>\n<tr data-start=\"1401\" data-end=\"1482\">\n<td data-start=\"1401\" data-end=\"1429\" data-col-size=\"sm\">\u00c9paisseur<\/td>\n<td data-start=\"1429\" data-end=\"1482\" data-col-size=\"md\">9 mm<\/td>\n<\/tr>\n<tr data-start=\"1483\" data-end=\"1564\">\n<td data-start=\"1483\" data-end=\"1511\" data-col-size=\"sm\">Finition<\/td>\n<td data-start=\"1511\" data-end=\"1564\" data-col-size=\"md\">Naturelle (mate)<\/td>\n<\/tr>\n<tr data-start=\"1565\" data-end=\"1646\">\n<td data-start=\"1565\" data-end=\"1593\" data-col-size=\"sm\">Antid\u00e9rapance<\/td>\n<td data-start=\"1593\" data-end=\"1646\" data-col-size=\"md\">R10 PTV \u2013 adh\u00e9rence mod\u00e9r\u00e9e<\/td>\n<\/tr>\n<tr data-start=\"1647\" data-end=\"1727\">\n<td data-start=\"1647\" data-end=\"1675\" data-col-size=\"sm\">Effet<\/td>\n<td data-col-size=\"md\" data-start=\"1675\" data-end=\"1727\">Ciment \/ Terre cuite contemporaine<\/td>\n<\/tr>\n<tr data-start=\"1728\" data-end=\"1808\">\n<td data-start=\"1728\" data-end=\"1756\" data-col-size=\"sm\">Couleur<\/td>\n<td data-start=\"1756\" data-end=\"1808\" data-col-size=\"md\">Sabbia (sable clair naturel)<\/td>\n<\/tr>\n<tr data-start=\"1809\" data-end=\"1889\">\n<td data-start=\"1809\" data-end=\"1837\" data-col-size=\"sm\">Utilisation<\/td>\n<td data-start=\"1837\" data-end=\"1889\" data-col-size=\"md\">Sols et murs \u2013 int\u00e9rieur et zones couvertes<\/td>\n<\/tr>\n<tr data-start=\"1890\" data-end=\"1970\">\n<td data-start=\"1890\" data-end=\"1918\" data-col-size=\"sm\">Pose recommand\u00e9e<\/td>\n<td data-start=\"1918\" data-end=\"1970\" data-col-size=\"md\">droite, damier<\/td>\n<\/tr>\n<\/tbody>\n<\/table>\n<\/div>\n<\/div>\n<\/div>\n<\/div>\n<h3 data-start=\"1977\" data-end=\"2002\"><strong data-start=\"1981\" data-end=\"2002\">Avantages produit<\/strong><\/h3>\n<ul data-start=\"2003\" data-end=\"2294\">\n<li data-start=\"2003\" data-end=\"2044\">\n<p data-start=\"2005\" data-end=\"2044\">\u2705 Esth\u00e9tique naturelle et chaleureuse<\/p>\n<\/li>\n<li data-start=\"2045\" data-end=\"2128\">\n<p data-start=\"2047\" data-end=\"2128\">\u2705 Format 20\u00d720 cm : id\u00e9al pour poses cr\u00e9atives ou restaurations traditionnelles<\/p>\n<\/li>\n<li data-start=\"2129\" data-end=\"2199\">\n<p data-start=\"2131\" data-end=\"2199\">\u2705 Finition R10 : adapt\u00e9e aux pi\u00e8ces de vie, salles d\u2019eau, cuisines<\/p>\n<\/li>\n<li data-start=\"2200\" data-end=\"2255\">\n<p data-start=\"2202\" data-end=\"2255\">\u2705 Surface mate douce au toucher, facile d\u2019entretien<\/p>\n<\/li>\n<li data-start=\"2256\" data-end=\"2294\">\n<p data-start=\"2258\" data-end=\"2294\">\u2705 Compatible avec plancher chauffant<\/p>\n<\/li>\n<\/ul>\n<hr data-start=\"2296\" data-end=\"2299\" \/>\n<h3 data-start=\"2301\" data-end=\"2334\"><strong data-start=\"2305\" data-end=\"2334\">Applications recommand\u00e9es<\/strong><\/h3>\n<ul data-start=\"2335\" data-end=\"2487\">\n<li data-start=\"2335\" data-end=\"2374\">\n<p data-start=\"2337\" data-end=\"2374\">Sols de salle de bains, cuisine, WC<\/p>\n<\/li>\n<li data-start=\"2375\" data-end=\"2405\">\n<p data-start=\"2377\" data-end=\"2405\">Murs d\u00e9coratifs, cr\u00e9dences<\/p>\n<\/li>\n<li data-start=\"2406\" data-end=\"2446\">\n<p data-start=\"2408\" data-end=\"2446\">Projets de r\u00e9novation avec caract\u00e8re<\/p>\n<\/li>\n<li data-start=\"2447\" data-end=\"2487\">\n<p data-start=\"2449\" data-end=\"2487\">Espaces commerciaux au style naturel<\/p>\n<\/li>\n<\/ul>\n<hr data-start=\"2489\" data-end=\"2492\" \/>\n<h3 data-start=\"2494\" data-end=\"2511\"><strong data-start=\"2498\" data-end=\"2511\">En r\u00e9sum\u00e9<\/strong><\/h3>\n<p data-start=\"2512\" data-end=\"2762\">Le <strong data-start=\"2515\" data-end=\"2563\">carrelage Sabbia 20\u00d720 cm finition naturelle<\/strong> offre une <strong data-start=\"2574\" data-end=\"2610\">solution modulable et esth\u00e9tique<\/strong>, parfaite pour des int\u00e9rieurs chaleureux, sobres et \u00e9l\u00e9gants. Une alternative moderne \u00e0 la terre cuite artisanale, avec tout le confort du gr\u00e8s c\u00e9rame.<\/p>\n<h3 data-start=\"1974\" data-end=\"1999\"><strong style=\"font-family: inherit; font-size: 30px;\">Vous avez des questions ?<\/strong><\/h3>\n<style id=\"wpforms-css-vars-3675\">\n\t\t\t\t#wpforms-3675 {\n\t\t\t\t\n\t\t\t}\n\t\t\t<\/style><div class=\"wpforms-container wpforms-container-full wpforms-render-modern\" id=\"wpforms-3675\"><form id=\"wpforms-form-3675\" class=\"wpforms-validate wpforms-form wpforms-ajax-form\" data-formid=\"3675\" method=\"post\" enctype=\"multipart\/form-data\" action=\"\/fr\/wp-json\/wp\/v2\/product\/15209\" data-token=\"86cfa3cd8fc4572532d762e2357ac556\" data-token-time=\"1777821252\"><noscript class=\"wpforms-error-noscript\">Veuillez activer JavaScript dans votre navigateur pour remplir ce formulaire.<\/noscript><div id=\"wpforms-error-noscript\" style=\"display: none;\">Veuillez activer JavaScript dans votre navigateur pour remplir ce formulaire.<\/div><div class=\"wpforms-field-container\"><div id=\"wpforms-3675-field_3-container\" class=\"wpforms-field wpforms-field-name\" data-field-id=\"3\"><fieldset><legend class=\"wpforms-field-label\">Nom <span class=\"wpforms-required-label\" aria-hidden=\"true\">*<\/span><\/legend><div class=\"wpforms-field-row wpforms-field-medium\"><div class=\"wpforms-field-row-block wpforms-first wpforms-one-half\"><input type=\"text\" id=\"wpforms-3675-field_3\" class=\"wpforms-field-name-first wpforms-field-required\" name=\"wpforms[fields][3][first]\" aria-errormessage=\"wpforms-3675-field_3-error\" required><label for=\"wpforms-3675-field_3\" class=\"wpforms-field-sublabel after\">Pr\u00e9nom<\/label><\/div><div class=\"wpforms-field-row-block wpforms-one-half\"><input type=\"text\" id=\"wpforms-3675-field_3-last\" class=\"wpforms-field-name-last wpforms-field-required\" name=\"wpforms[fields][3][last]\" aria-errormessage=\"wpforms-3675-field_3-last-error\" required><label for=\"wpforms-3675-field_3-last\" class=\"wpforms-field-sublabel after\">Nom<\/label><\/div><\/div><\/fieldset><\/div><div id=\"wpforms-3675-field_4-container\" class=\"wpforms-field wpforms-field-email\" data-field-id=\"4\"><label class=\"wpforms-field-label\" for=\"wpforms-3675-field_4\">E-mail <span class=\"wpforms-required-label\" aria-hidden=\"true\">*<\/span><\/label><input type=\"email\" id=\"wpforms-3675-field_4\" class=\"wpforms-field-medium wpforms-field-required\" name=\"wpforms[fields][4]\" spellcheck=\"false\" aria-errormessage=\"wpforms-3675-field_4-error\" required><\/div>\t\t<div id=\"wpforms-3675-field_1-container\"\n\t\t\tclass=\"wpforms-field wpforms-field-text\"\n\t\t\tdata-field-type=\"text\"\n\t\t\tdata-field-id=\"1\"\n\t\t\t>\n\t\t\t<label class=\"wpforms-field-label\" for=\"wpforms-3675-field_1\" >Message Nom E-mail<\/label>\n\t\t\t<input type=\"text\" id=\"wpforms-3675-field_1\" class=\"wpforms-field-medium\" name=\"wpforms[fields][1]\" >\n\t\t<\/div>\n\t\t<div id=\"wpforms-3675-field_5-container\" class=\"wpforms-field wpforms-field-textarea\" data-field-id=\"5\"><label class=\"wpforms-field-label\" for=\"wpforms-3675-field_5\">Message <span class=\"wpforms-required-label\" aria-hidden=\"true\">*<\/span><\/label><textarea id=\"wpforms-3675-field_5\" class=\"wpforms-field-medium wpforms-field-required\" name=\"wpforms[fields][5]\" aria-errormessage=\"wpforms-3675-field_5-error\" required><\/textarea><\/div><script>\n\t\t\t\t( function() {\n\t\t\t\t\tconst style = document.createElement( 'style' );\n\t\t\t\t\tstyle.appendChild( document.createTextNode( '#wpforms-3675-field_1-container { position: absolute !important; overflow: hidden !important; display: inline !important; height: 1px !important; width: 1px !important; z-index: -1000 !important; padding: 0 !important; } #wpforms-3675-field_1-container input { visibility: hidden; } #wpforms-conversational-form-page #wpforms-3675-field_1-container label { counter-increment: none; }' ) );\n\t\t\t\t\tdocument.head.appendChild( style );\n\t\t\t\t\tdocument.currentScript?.remove();\n\t\t\t\t} )();\n\t\t\t<\/script><\/div><!-- .wpforms-field-container --><div class=\"wpforms-submit-container\" ><input type=\"hidden\" name=\"wpforms[id]\" value=\"3675\"><input type=\"hidden\" name=\"page_title\" value=\"\"><input type=\"hidden\" name=\"page_url\" value=\"https:\/\/homeproject.fr\/fr\/wp-json\/wp\/v2\/product\/15209\"><input type=\"hidden\" name=\"url_referer\" value=\"\"><button type=\"submit\" name=\"wpforms[submit]\" id=\"wpforms-submit-3675\" class=\"wpforms-submit\" data-alt-text=\"Envoi...\" data-submit-text=\"Envoyer\" aria-live=\"assertive\" value=\"wpforms-submit\">Envoyer<\/button><img decoding=\"async\" src=\"https:\/\/homeproject.fr\/fr\/wp-content\/plugins\/wpforms-lite\/assets\/images\/submit-spin.svg\" class=\"wpforms-submit-spinner\" style=\"display: none;\" width=\"26\" height=\"26\" alt=\"Chargement en cours\"><\/div><\/form><\/div>  <!-- .wpforms-container -->\n","protected":false},"excerpt":{"rendered":"<p data-start=\"276\" data-end=\"594\">Le carrelage <strong data-start=\"289\" data-end=\"319\">SensiTerre Sabbia 20\u00d720 cm<\/strong> de <strong data-start=\"323\" data-end=\"333\">Florim<\/strong> s\u2019inspire de la terre cuite artisanale dans une version contemporaine \u00e0 la finition mate naturelle. Ce <strong data-start=\"437\" data-end=\"466\">format carr\u00e9 traditionnel<\/strong> et modulaire s\u2019adapte parfaitement \u00e0 des calepinages d\u00e9coratifs, du plus classique au plus graphique (opus, damier, chevrons\u2026).<\/p>\n<p data-start=\"596\" data-end=\"867\">Sa <strong data-start=\"599\" data-end=\"620\">finitura naturale<\/strong> au <strong data-start=\"624\" data-end=\"659\">classement antid\u00e9rapant R10 PTV<\/strong> offre une surface douce, non brillante, parfaitement adapt\u00e9e aux <strong data-start=\"725\" data-end=\"747\">pi\u00e8ces int\u00e9rieures<\/strong>, m\u00eame humides. La teinte <strong data-start=\"773\" data-end=\"783\">Sabbia<\/strong>, d\u2019un beige sable lumineux, cr\u00e9e une ambiance naturelle, apaisante et intemporelle.<\/p>\n","protected":false},"featured_media":15210,"template":"","meta":{"_uf_show_specific_survey":0,"_uf_disable_surveys":false,"iawp_total_views":3},"product_brand":[607],"product_cat":[123,20,502],"product_tag":[],"class_list":{"0":"post-15209","1":"product","2":"type-product","3":"status-publish","4":"has-post-thumbnail","6":"product_brand-florim","7":"product_cat-aspect-beton","8":"product_cat-carrelage","9":"product_cat-terre-cuite","10":"product_shipping_class-carrelage","11":"pa_collection-sensiterre-par-florim","12":"pa_designer-matteo-thun","13":"pa_dimensions-nominales-20x20","14":"pa_effet-beton","15":"pa_effet-terre-cuite","16":"pa_epaisseur-9mm","17":"pa_marque-florim","18":"pa_materiau-gres-cerame-non-emaille","20":"first","21":"instock","22":"sale","23":"taxable","24":"shipping-taxable","25":"purchasable","26":"product-type-simple"},"yoast_head":"<!-- This site is optimized with the Yoast SEO plugin v27.5 - https:\/\/yoast.com\/product\/yoast-seo-wordpress\/ -->\n<title>Carrelage Florim SensiTerre Sabbia Naturale 20x20 R10 PTV 9mm - Homeproject.fr<\/title>\n<meta name=\"robots\" content=\"index, follow, max-snippet:-1, max-image-preview:large, max-video-preview:-1\" \/>\n<link rel=\"canonical\" href=\"https:\/\/homeproject.fr\/fr\/produit\/carrelage-florim-sensiterre-sabbia-naturale-20x20-r10-ptv-9mm\/\" \/>\n<meta property=\"og:locale\" content=\"fr_FR\" \/>\n<meta property=\"og:type\" content=\"article\" \/>\n<meta property=\"og:title\" content=\"Carrelage Florim SensiTerre Sabbia Naturale 20x20 R10 PTV 9mm - Homeproject.fr\" \/>\n<meta property=\"og:description\" content=\"Le carrelage SensiTerre Sabbia 20\u00d720 cm de Florim s\u2019inspire de la terre cuite artisanale dans une version contemporaine \u00e0 la finition mate naturelle. Ce format carr\u00e9 traditionnel et modulaire s\u2019adapte parfaitement \u00e0 des calepinages d\u00e9coratifs, du plus classique au plus graphique (opus, damier, chevrons\u2026). Sa finitura naturale au classement antid\u00e9rapant R10 PTV offre une surface douce, non brillante, parfaitement adapt\u00e9e aux pi\u00e8ces int\u00e9rieures, m\u00eame humides. La teinte Sabbia, d\u2019un beige sable lumineux, cr\u00e9e une ambiance naturelle, apaisante et intemporelle.\" \/>\n<meta property=\"og:url\" content=\"https:\/\/homeproject.fr\/fr\/produit\/carrelage-florim-sensiterre-sabbia-naturale-20x20-r10-ptv-9mm\/\" \/>\n<meta property=\"og:site_name\" content=\"Homeproject.fr\" \/>\n<meta property=\"article:modified_time\" content=\"2025-08-22T12:22:10+00:00\" \/>\n<meta property=\"og:image\" content=\"https:\/\/homeproject.fr\/fr\/wp-content\/uploads\/2025\/08\/Carrelage-contemporain-aspect-terre-cuite-petit-format-SensiTerre-Florim-Sabbia-20x20-Naturale-R10-PTV-781793.jpg\" \/>\n\t<meta property=\"og:image:width\" content=\"1500\" \/>\n\t<meta property=\"og:image:height\" content=\"1500\" \/>\n\t<meta property=\"og:image:type\" content=\"image\/jpeg\" \/>\n<meta name=\"twitter:card\" content=\"summary_large_image\" \/>\n<meta name=\"twitter:label1\" content=\"Dur\u00e9e de lecture estim\u00e9e\" \/>\n\t<meta name=\"twitter:data1\" content=\"2 minutes\" \/>\n<script type=\"application\/ld+json\" class=\"yoast-schema-graph\">{\"@context\":\"https:\\\/\\\/schema.org\",\"@graph\":[{\"@type\":\"WebPage\",\"@id\":\"https:\\\/\\\/homeproject.fr\\\/fr\\\/produit\\\/carrelage-florim-sensiterre-sabbia-naturale-20x20-r10-ptv-9mm\\\/\",\"url\":\"https:\\\/\\\/homeproject.fr\\\/fr\\\/produit\\\/carrelage-florim-sensiterre-sabbia-naturale-20x20-r10-ptv-9mm\\\/\",\"name\":\"Carrelage Florim SensiTerre Sabbia Naturale 20x20 R10 PTV 9mm - Homeproject.fr\",\"isPartOf\":{\"@id\":\"https:\\\/\\\/homeproject.fr\\\/fr\\\/#website\"},\"primaryImageOfPage\":{\"@id\":\"https:\\\/\\\/homeproject.fr\\\/fr\\\/produit\\\/carrelage-florim-sensiterre-sabbia-naturale-20x20-r10-ptv-9mm\\\/#primaryimage\"},\"image\":{\"@id\":\"https:\\\/\\\/homeproject.fr\\\/fr\\\/produit\\\/carrelage-florim-sensiterre-sabbia-naturale-20x20-r10-ptv-9mm\\\/#primaryimage\"},\"thumbnailUrl\":\"https:\\\/\\\/homeproject.fr\\\/fr\\\/wp-content\\\/uploads\\\/2025\\\/08\\\/Carrelage-contemporain-aspect-terre-cuite-petit-format-SensiTerre-Florim-Sabbia-20x20-Naturale-R10-PTV-781793.jpg\",\"datePublished\":\"2025-08-22T12:17:05+00:00\",\"dateModified\":\"2025-08-22T12:22:10+00:00\",\"breadcrumb\":{\"@id\":\"https:\\\/\\\/homeproject.fr\\\/fr\\\/produit\\\/carrelage-florim-sensiterre-sabbia-naturale-20x20-r10-ptv-9mm\\\/#breadcrumb\"},\"inLanguage\":\"fr-FR\",\"potentialAction\":[{\"@type\":\"ReadAction\",\"target\":[\"https:\\\/\\\/homeproject.fr\\\/fr\\\/produit\\\/carrelage-florim-sensiterre-sabbia-naturale-20x20-r10-ptv-9mm\\\/\"]}]},{\"@type\":\"ImageObject\",\"inLanguage\":\"fr-FR\",\"@id\":\"https:\\\/\\\/homeproject.fr\\\/fr\\\/produit\\\/carrelage-florim-sensiterre-sabbia-naturale-20x20-r10-ptv-9mm\\\/#primaryimage\",\"url\":\"https:\\\/\\\/homeproject.fr\\\/fr\\\/wp-content\\\/uploads\\\/2025\\\/08\\\/Carrelage-contemporain-aspect-terre-cuite-petit-format-SensiTerre-Florim-Sabbia-20x20-Naturale-R10-PTV-781793.jpg\",\"contentUrl\":\"https:\\\/\\\/homeproject.fr\\\/fr\\\/wp-content\\\/uploads\\\/2025\\\/08\\\/Carrelage-contemporain-aspect-terre-cuite-petit-format-SensiTerre-Florim-Sabbia-20x20-Naturale-R10-PTV-781793.jpg\",\"width\":1500,\"height\":1500},{\"@type\":\"BreadcrumbList\",\"@id\":\"https:\\\/\\\/homeproject.fr\\\/fr\\\/produit\\\/carrelage-florim-sensiterre-sabbia-naturale-20x20-r10-ptv-9mm\\\/#breadcrumb\",\"itemListElement\":[{\"@type\":\"ListItem\",\"position\":1,\"name\":\"Accueil\",\"item\":\"https:\\\/\\\/homeproject.fr\\\/fr\\\/\"},{\"@type\":\"ListItem\",\"position\":2,\"name\":\"Boutique\",\"item\":\"https:\\\/\\\/homeproject.fr\\\/fr\\\/boutique\\\/\"},{\"@type\":\"ListItem\",\"position\":3,\"name\":\"Carrelage Florim SensiTerre Sabbia Naturale 20&#215;20 R10 PTV 9mm\"}]},{\"@type\":\"WebSite\",\"@id\":\"https:\\\/\\\/homeproject.fr\\\/fr\\\/#website\",\"url\":\"https:\\\/\\\/homeproject.fr\\\/fr\\\/\",\"name\":\"Homeproject.fr\",\"description\":\"Offrez l&#039;exceptionnel \u00e0 vos espaces \u00e0 vivre\",\"publisher\":{\"@id\":\"https:\\\/\\\/homeproject.fr\\\/fr\\\/#organization\"},\"potentialAction\":[{\"@type\":\"SearchAction\",\"target\":{\"@type\":\"EntryPoint\",\"urlTemplate\":\"https:\\\/\\\/homeproject.fr\\\/fr\\\/?s={search_term_string}\"},\"query-input\":{\"@type\":\"PropertyValueSpecification\",\"valueRequired\":true,\"valueName\":\"search_term_string\"}}],\"inLanguage\":\"fr-FR\"},{\"@type\":\"Organization\",\"@id\":\"https:\\\/\\\/homeproject.fr\\\/fr\\\/#organization\",\"name\":\"Homeproject.fr\",\"url\":\"https:\\\/\\\/homeproject.fr\\\/fr\\\/\",\"logo\":{\"@type\":\"ImageObject\",\"inLanguage\":\"fr-FR\",\"@id\":\"https:\\\/\\\/homeproject.fr\\\/fr\\\/#\\\/schema\\\/logo\\\/image\\\/\",\"url\":\"https:\\\/\\\/homeproject.fr\\\/fr\\\/wp-content\\\/uploads\\\/2024\\\/12\\\/Logo_HomeProject-noir-2.png\",\"contentUrl\":\"https:\\\/\\\/homeproject.fr\\\/fr\\\/wp-content\\\/uploads\\\/2024\\\/12\\\/Logo_HomeProject-noir-2.png\",\"width\":300,\"height\":91,\"caption\":\"Homeproject.fr\"},\"image\":{\"@id\":\"https:\\\/\\\/homeproject.fr\\\/fr\\\/#\\\/schema\\\/logo\\\/image\\\/\"}}]}<\/script>\n<!-- \/ Yoast SEO plugin. -->","yoast_head_json":{"title":"Carrelage Florim SensiTerre Sabbia Naturale 20x20 R10 PTV 9mm - Homeproject.fr","robots":{"index":"index","follow":"follow","max-snippet":"max-snippet:-1","max-image-preview":"max-image-preview:large","max-video-preview":"max-video-preview:-1"},"canonical":"https:\/\/homeproject.fr\/fr\/produit\/carrelage-florim-sensiterre-sabbia-naturale-20x20-r10-ptv-9mm\/","og_locale":"fr_FR","og_type":"article","og_title":"Carrelage Florim SensiTerre Sabbia Naturale 20x20 R10 PTV 9mm - Homeproject.fr","og_description":"Le carrelage SensiTerre Sabbia 20\u00d720 cm de Florim s\u2019inspire de la terre cuite artisanale dans une version contemporaine \u00e0 la finition mate naturelle. Ce format carr\u00e9 traditionnel et modulaire s\u2019adapte parfaitement \u00e0 des calepinages d\u00e9coratifs, du plus classique au plus graphique (opus, damier, chevrons\u2026). Sa finitura naturale au classement antid\u00e9rapant R10 PTV offre une surface douce, non brillante, parfaitement adapt\u00e9e aux pi\u00e8ces int\u00e9rieures, m\u00eame humides. La teinte Sabbia, d\u2019un beige sable lumineux, cr\u00e9e une ambiance naturelle, apaisante et intemporelle.","og_url":"https:\/\/homeproject.fr\/fr\/produit\/carrelage-florim-sensiterre-sabbia-naturale-20x20-r10-ptv-9mm\/","og_site_name":"Homeproject.fr","article_modified_time":"2025-08-22T12:22:10+00:00","og_image":[{"width":1500,"height":1500,"url":"https:\/\/homeproject.fr\/fr\/wp-content\/uploads\/2025\/08\/Carrelage-contemporain-aspect-terre-cuite-petit-format-SensiTerre-Florim-Sabbia-20x20-Naturale-R10-PTV-781793.jpg","type":"image\/jpeg"}],"twitter_card":"summary_large_image","twitter_misc":{"Dur\u00e9e de lecture estim\u00e9e":"2 minutes"},"schema":{"@context":"https:\/\/schema.org","@graph":[{"@type":"WebPage","@id":"https:\/\/homeproject.fr\/fr\/produit\/carrelage-florim-sensiterre-sabbia-naturale-20x20-r10-ptv-9mm\/","url":"https:\/\/homeproject.fr\/fr\/produit\/carrelage-florim-sensiterre-sabbia-naturale-20x20-r10-ptv-9mm\/","name":"Carrelage Florim SensiTerre Sabbia Naturale 20x20 R10 PTV 9mm - Homeproject.fr","isPartOf":{"@id":"https:\/\/homeproject.fr\/fr\/#website"},"primaryImageOfPage":{"@id":"https:\/\/homeproject.fr\/fr\/produit\/carrelage-florim-sensiterre-sabbia-naturale-20x20-r10-ptv-9mm\/#primaryimage"},"image":{"@id":"https:\/\/homeproject.fr\/fr\/produit\/carrelage-florim-sensiterre-sabbia-naturale-20x20-r10-ptv-9mm\/#primaryimage"},"thumbnailUrl":"https:\/\/homeproject.fr\/fr\/wp-content\/uploads\/2025\/08\/Carrelage-contemporain-aspect-terre-cuite-petit-format-SensiTerre-Florim-Sabbia-20x20-Naturale-R10-PTV-781793.jpg","datePublished":"2025-08-22T12:17:05+00:00","dateModified":"2025-08-22T12:22:10+00:00","breadcrumb":{"@id":"https:\/\/homeproject.fr\/fr\/produit\/carrelage-florim-sensiterre-sabbia-naturale-20x20-r10-ptv-9mm\/#breadcrumb"},"inLanguage":"fr-FR","potentialAction":[{"@type":"ReadAction","target":["https:\/\/homeproject.fr\/fr\/produit\/carrelage-florim-sensiterre-sabbia-naturale-20x20-r10-ptv-9mm\/"]}]},{"@type":"ImageObject","inLanguage":"fr-FR","@id":"https:\/\/homeproject.fr\/fr\/produit\/carrelage-florim-sensiterre-sabbia-naturale-20x20-r10-ptv-9mm\/#primaryimage","url":"https:\/\/homeproject.fr\/fr\/wp-content\/uploads\/2025\/08\/Carrelage-contemporain-aspect-terre-cuite-petit-format-SensiTerre-Florim-Sabbia-20x20-Naturale-R10-PTV-781793.jpg","contentUrl":"https:\/\/homeproject.fr\/fr\/wp-content\/uploads\/2025\/08\/Carrelage-contemporain-aspect-terre-cuite-petit-format-SensiTerre-Florim-Sabbia-20x20-Naturale-R10-PTV-781793.jpg","width":1500,"height":1500},{"@type":"BreadcrumbList","@id":"https:\/\/homeproject.fr\/fr\/produit\/carrelage-florim-sensiterre-sabbia-naturale-20x20-r10-ptv-9mm\/#breadcrumb","itemListElement":[{"@type":"ListItem","position":1,"name":"Accueil","item":"https:\/\/homeproject.fr\/fr\/"},{"@type":"ListItem","position":2,"name":"Boutique","item":"https:\/\/homeproject.fr\/fr\/boutique\/"},{"@type":"ListItem","position":3,"name":"Carrelage Florim SensiTerre Sabbia Naturale 20&#215;20 R10 PTV 9mm"}]},{"@type":"WebSite","@id":"https:\/\/homeproject.fr\/fr\/#website","url":"https:\/\/homeproject.fr\/fr\/","name":"Homeproject.fr","description":"Offrez l&#039;exceptionnel \u00e0 vos espaces \u00e0 vivre","publisher":{"@id":"https:\/\/homeproject.fr\/fr\/#organization"},"potentialAction":[{"@type":"SearchAction","target":{"@type":"EntryPoint","urlTemplate":"https:\/\/homeproject.fr\/fr\/?s={search_term_string}"},"query-input":{"@type":"PropertyValueSpecification","valueRequired":true,"valueName":"search_term_string"}}],"inLanguage":"fr-FR"},{"@type":"Organization","@id":"https:\/\/homeproject.fr\/fr\/#organization","name":"Homeproject.fr","url":"https:\/\/homeproject.fr\/fr\/","logo":{"@type":"ImageObject","inLanguage":"fr-FR","@id":"https:\/\/homeproject.fr\/fr\/#\/schema\/logo\/image\/","url":"https:\/\/homeproject.fr\/fr\/wp-content\/uploads\/2024\/12\/Logo_HomeProject-noir-2.png","contentUrl":"https:\/\/homeproject.fr\/fr\/wp-content\/uploads\/2024\/12\/Logo_HomeProject-noir-2.png","width":300,"height":91,"caption":"Homeproject.fr"},"image":{"@id":"https:\/\/homeproject.fr\/fr\/#\/schema\/logo\/image\/"}}]}},"_links":{"self":[{"href":"https:\/\/homeproject.fr\/fr\/wp-json\/wp\/v2\/product\/15209","targetHints":{"allow":["GET"]}}],"collection":[{"href":"https:\/\/homeproject.fr\/fr\/wp-json\/wp\/v2\/product"}],"about":[{"href":"https:\/\/homeproject.fr\/fr\/wp-json\/wp\/v2\/types\/product"}],"version-history":[{"count":1,"href":"https:\/\/homeproject.fr\/fr\/wp-json\/wp\/v2\/product\/15209\/revisions"}],"predecessor-version":[{"id":15211,"href":"https:\/\/homeproject.fr\/fr\/wp-json\/wp\/v2\/product\/15209\/revisions\/15211"}],"wp:featuredmedia":[{"embeddable":true,"href":"https:\/\/homeproject.fr\/fr\/wp-json\/wp\/v2\/media\/15210"}],"wp:attachment":[{"href":"https:\/\/homeproject.fr\/fr\/wp-json\/wp\/v2\/media?parent=15209"}],"wp:term":[{"taxonomy":"product_brand","embeddable":true,"href":"https:\/\/homeproject.fr\/fr\/wp-json\/wp\/v2\/product_brand?post=15209"},{"taxonomy":"product_cat","embeddable":true,"href":"https:\/\/homeproject.fr\/fr\/wp-json\/wp\/v2\/product_cat?post=15209"},{"taxonomy":"product_tag","embeddable":true,"href":"https:\/\/homeproject.fr\/fr\/wp-json\/wp\/v2\/product_tag?post=15209"}],"curies":[{"name":"wp","href":"https:\/\/api.w.org\/{rel}","templated":true}]}}