{"id":15186,"date":"2025-08-22T10:35:05","date_gmt":"2025-08-22T10:35:05","guid":{"rendered":"https:\/\/homeproject.fr\/fr\/?post_type=product&#038;p=15186"},"modified":"2025-08-22T10:44:45","modified_gmt":"2025-08-22T10:44:45","slug":"carrelage-florim-sensiterre-sabbia-grana-antiderapant-120x120-r11-ptv-9mm","status":"publish","type":"product","link":"https:\/\/homeproject.fr\/fr\/produit\/carrelage-florim-sensiterre-sabbia-grana-antiderapant-120x120-r11-ptv-9mm\/","title":{"rendered":"Carrelage Florim SensiTerre Sabbia Grana antid\u00e9rapant 120&#215;120 R11 PTV 9mm"},"content":{"rendered":"<p><strong><a href=\"https:\/\/homeproject.fr\/fr\/produit\/echantillon-carrelage-florim-sensiterre-sabbia-grana-9mm-r11-ptv\/\">Commander un \u00e9chantillon<\/a><\/strong><\/p>\n<h4 data-start=\"891\" data-end=\"930\"><strong data-start=\"896\" data-end=\"930\">Caract\u00e9ristiques principales :<\/strong><\/h4>\n<ul data-start=\"931\" data-end=\"1283\">\n<li data-start=\"931\" data-end=\"969\">\n<p data-start=\"933\" data-end=\"969\"><strong data-start=\"933\" data-end=\"949\">Collection :<\/strong> SensiTerre \u2013 Florim<\/p>\n<\/li>\n<li data-start=\"970\" data-end=\"1022\">\n<p data-start=\"972\" data-end=\"1022\"><strong data-start=\"972\" data-end=\"985\">Coloris :<\/strong> Sabbia Grana (sable naturel textur\u00e9)<\/p>\n<\/li>\n<li data-start=\"1023\" data-end=\"1050\">\n<p data-start=\"1025\" data-end=\"1050\"><strong data-start=\"1025\" data-end=\"1037\">Format :<\/strong> 120 \u00d7 120 cm<\/p>\n<\/li>\n<li data-start=\"1051\" data-end=\"1073\">\n<p data-start=\"1053\" data-end=\"1073\"><strong data-start=\"1053\" data-end=\"1068\">\u00c9paisseur :<\/strong> 9 mm<\/p>\n<\/li>\n<li data-start=\"1074\" data-end=\"1109\">\n<p data-start=\"1076\" data-end=\"1109\"><strong data-start=\"1076\" data-end=\"1090\">Finition :<\/strong> Grip antid\u00e9rapante<\/p>\n<\/li>\n<li data-start=\"1110\" data-end=\"1145\">\n<p data-start=\"1112\" data-end=\"1145\"><strong data-start=\"1112\" data-end=\"1137\">Indice de glissance :<\/strong> R11 PTV<\/p>\n<\/li>\n<li data-start=\"1146\" data-end=\"1209\">\n<p data-start=\"1148\" data-end=\"1209\"><strong data-start=\"1148\" data-end=\"1167\">Effet mati\u00e8re :<\/strong> B\u00e9ton naturel \/ terre cuite contemporaine<\/p>\n<\/li>\n<li data-start=\"1210\" data-end=\"1283\">\n<p data-start=\"1212\" data-end=\"1283\"><strong data-start=\"1212\" data-end=\"1229\">Destination :<\/strong> Sol ext\u00e9rieur, terrasses, bordures de piscine, patios<\/p>\n<\/li>\n<\/ul>\n<h4 data-start=\"1285\" data-end=\"1309\"><strong data-start=\"1290\" data-end=\"1309\">Les + produit :<\/strong><\/h4>\n<ul data-start=\"1310\" data-end=\"1537\">\n<li data-start=\"1310\" data-end=\"1361\">\n<p data-start=\"1312\" data-end=\"1361\">Look naturel et min\u00e9ral inspir\u00e9 de la terre cuite<\/p>\n<\/li>\n<li data-start=\"1362\" data-end=\"1418\">\n<p data-start=\"1364\" data-end=\"1418\">Grande r\u00e9sistance aux intemp\u00e9ries, au gel et \u00e0 l\u2019usure<\/p>\n<\/li>\n<li data-start=\"1419\" data-end=\"1484\">\n<p data-start=\"1421\" data-end=\"1484\">Compatible avec un usage r\u00e9sidentiel ou professionnel ext\u00e9rieur<\/p>\n<\/li>\n<li data-start=\"1485\" data-end=\"1537\">\n<p data-start=\"1487\" data-end=\"1537\">Grand format pour une pose contemporaine et fluide<\/p>\n<\/li>\n<\/ul>\n<h4 data-start=\"1539\" data-end=\"1566\"><strong data-start=\"1544\" data-end=\"1566\">Conseils de pose :<\/strong><\/h4>\n<p data-start=\"1567\" data-end=\"1822\">Pour une esth\u00e9tique harmonieuse, privil\u00e9giez une pose \u00e0 joints fins assortis. Associez-le aux autres finitions de la collection SensiTerre (naturale, cannellata\u2026) pour des effets visuels dynamiques.<\/p>\n<h4 data-start=\"942\" data-end=\"980\"><strong style=\"font-family: inherit; font-size: 30px;\">Vous avez des questions ?<\/strong><\/h4>\n<style id=\"wpforms-css-vars-3675\">\n\t\t\t\t#wpforms-3675 {\n\t\t\t\t\n\t\t\t}\n\t\t\t<\/style><div class=\"wpforms-container wpforms-container-full wpforms-render-modern\" id=\"wpforms-3675\"><form id=\"wpforms-form-3675\" class=\"wpforms-validate wpforms-form wpforms-ajax-form\" data-formid=\"3675\" method=\"post\" enctype=\"multipart\/form-data\" action=\"\/fr\/wp-json\/wp\/v2\/product\/15186\" data-token=\"2921a7ac3408d834be151983965c4ab3\" data-token-time=\"1777957452\"><noscript class=\"wpforms-error-noscript\">Veuillez activer JavaScript dans votre navigateur pour remplir ce formulaire.<\/noscript><div id=\"wpforms-error-noscript\" style=\"display: none;\">Veuillez activer JavaScript dans votre navigateur pour remplir ce formulaire.<\/div><div class=\"wpforms-field-container\"><div id=\"wpforms-3675-field_3-container\" class=\"wpforms-field wpforms-field-name\" data-field-id=\"3\"><fieldset><legend class=\"wpforms-field-label\">Nom <span class=\"wpforms-required-label\" aria-hidden=\"true\">*<\/span><\/legend><div class=\"wpforms-field-row wpforms-field-medium\"><div class=\"wpforms-field-row-block wpforms-first wpforms-one-half\"><input type=\"text\" id=\"wpforms-3675-field_3\" class=\"wpforms-field-name-first wpforms-field-required\" name=\"wpforms[fields][3][first]\" aria-errormessage=\"wpforms-3675-field_3-error\" required><label for=\"wpforms-3675-field_3\" class=\"wpforms-field-sublabel after\">Pr\u00e9nom<\/label><\/div><div class=\"wpforms-field-row-block wpforms-one-half\"><input type=\"text\" id=\"wpforms-3675-field_3-last\" class=\"wpforms-field-name-last wpforms-field-required\" name=\"wpforms[fields][3][last]\" aria-errormessage=\"wpforms-3675-field_3-last-error\" required><label for=\"wpforms-3675-field_3-last\" class=\"wpforms-field-sublabel after\">Nom<\/label><\/div><\/div><\/fieldset><\/div><div id=\"wpforms-3675-field_4-container\" class=\"wpforms-field wpforms-field-email\" data-field-id=\"4\"><label class=\"wpforms-field-label\" for=\"wpforms-3675-field_4\">E-mail <span class=\"wpforms-required-label\" aria-hidden=\"true\">*<\/span><\/label><input type=\"email\" id=\"wpforms-3675-field_4\" class=\"wpforms-field-medium wpforms-field-required\" name=\"wpforms[fields][4]\" spellcheck=\"false\" aria-errormessage=\"wpforms-3675-field_4-error\" required><\/div>\t\t<div id=\"wpforms-3675-field_1-container\"\n\t\t\tclass=\"wpforms-field wpforms-field-text\"\n\t\t\tdata-field-type=\"text\"\n\t\t\tdata-field-id=\"1\"\n\t\t\t>\n\t\t\t<label class=\"wpforms-field-label\" for=\"wpforms-3675-field_1\" >Message Nom E-mail<\/label>\n\t\t\t<input type=\"text\" id=\"wpforms-3675-field_1\" class=\"wpforms-field-medium\" name=\"wpforms[fields][1]\" >\n\t\t<\/div>\n\t\t<div id=\"wpforms-3675-field_5-container\" class=\"wpforms-field wpforms-field-textarea\" data-field-id=\"5\"><label class=\"wpforms-field-label\" for=\"wpforms-3675-field_5\">Message <span class=\"wpforms-required-label\" aria-hidden=\"true\">*<\/span><\/label><textarea id=\"wpforms-3675-field_5\" class=\"wpforms-field-medium wpforms-field-required\" name=\"wpforms[fields][5]\" aria-errormessage=\"wpforms-3675-field_5-error\" required><\/textarea><\/div><script>\n\t\t\t\t( function() {\n\t\t\t\t\tconst style = document.createElement( 'style' );\n\t\t\t\t\tstyle.appendChild( document.createTextNode( '#wpforms-3675-field_1-container { position: absolute !important; overflow: hidden !important; display: inline !important; height: 1px !important; width: 1px !important; z-index: -1000 !important; padding: 0 !important; } #wpforms-3675-field_1-container input { visibility: hidden; } #wpforms-conversational-form-page #wpforms-3675-field_1-container label { counter-increment: none; }' ) );\n\t\t\t\t\tdocument.head.appendChild( style );\n\t\t\t\t\tdocument.currentScript?.remove();\n\t\t\t\t} )();\n\t\t\t<\/script><\/div><!-- .wpforms-field-container --><div class=\"wpforms-submit-container\" ><input type=\"hidden\" name=\"wpforms[id]\" value=\"3675\"><input type=\"hidden\" name=\"page_title\" value=\"\"><input type=\"hidden\" name=\"page_url\" value=\"https:\/\/homeproject.fr\/fr\/wp-json\/wp\/v2\/product\/15186\"><input type=\"hidden\" name=\"url_referer\" value=\"\"><button type=\"submit\" name=\"wpforms[submit]\" id=\"wpforms-submit-3675\" class=\"wpforms-submit\" data-alt-text=\"Envoi...\" data-submit-text=\"Envoyer\" aria-live=\"assertive\" value=\"wpforms-submit\">Envoyer<\/button><img decoding=\"async\" src=\"https:\/\/homeproject.fr\/fr\/wp-content\/plugins\/wpforms-lite\/assets\/images\/submit-spin.svg\" class=\"wpforms-submit-spinner\" style=\"display: none;\" width=\"26\" height=\"26\" alt=\"Chargement en cours\"><\/div><\/form><\/div>  <!-- .wpforms-container -->\n","protected":false},"excerpt":{"rendered":"<p data-start=\"259\" data-end=\"525\">Offrez \u00e0 vos ext\u00e9rieurs une ambiance naturelle et chaleureuse avec le carrelage grand format <strong data-start=\"352\" data-end=\"379\">SensiTerre Sabbia Grana<\/strong> de <strong data-start=\"383\" data-end=\"393\">Florim<\/strong>. Inspir\u00e9 de la terre crue et des mati\u00e8res naturelles, ce rev\u00eatement c\u00e9ramique conjugue esth\u00e9tique brute et performances techniques.<\/p>\n<p data-start=\"527\" data-end=\"889\">Fabriqu\u00e9 en gr\u00e8s c\u00e9rame pleine masse, le mod\u00e8le <strong data-start=\"575\" data-end=\"591\">Sabbia Grana<\/strong> affiche un subtil grain sabl\u00e9, id\u00e9al pour des terrasses, patios, loggias ou passages couverts. Sa <strong data-start=\"690\" data-end=\"729\">finition Grip antid\u00e9rapante R11 PTV<\/strong> garantit une adh\u00e9rence parfaite, m\u00eame en conditions humides. Il r\u00e9pond ainsi aux exigences des espaces ext\u00e9rieurs comme aux zones de transition indoor\/outdoor.<\/p>\n","protected":false},"featured_media":15184,"template":"","meta":{"_uf_show_specific_survey":0,"_uf_disable_surveys":false,"iawp_total_views":10},"product_brand":[607],"product_cat":[123,20,128,502],"product_tag":[],"class_list":{"0":"post-15186","1":"product","2":"type-product","3":"status-publish","4":"has-post-thumbnail","6":"product_brand-florim","7":"product_cat-aspect-beton","8":"product_cat-carrelage","9":"product_cat-exterieur","10":"product_cat-terre-cuite","11":"product_shipping_class-carrelage","12":"pa_collection-sensiterre-par-florim","13":"pa_designer-matteo-thun","14":"pa_dimensions-nominales-120x120","15":"pa_effet-beton","16":"pa_effet-terre-cuite","17":"pa_epaisseur-9mm","18":"pa_marque-florim","19":"pa_materiau-gres-cerame-non-emaille","21":"first","22":"instock","23":"sale","24":"taxable","25":"shipping-taxable","26":"purchasable","27":"product-type-simple"},"yoast_head":"<!-- This site is optimized with the Yoast SEO plugin v27.5 - https:\/\/yoast.com\/product\/yoast-seo-wordpress\/ -->\n<title>Carrelage Florim SensiTerre Sabbia Grana antid\u00e9rapant 120x120 R11 PTV 9mm - Homeproject.fr<\/title>\n<meta name=\"robots\" content=\"index, follow, max-snippet:-1, max-image-preview:large, max-video-preview:-1\" \/>\n<link rel=\"canonical\" href=\"https:\/\/homeproject.fr\/fr\/produit\/carrelage-florim-sensiterre-sabbia-grana-antiderapant-120x120-r11-ptv-9mm\/\" \/>\n<meta property=\"og:locale\" content=\"fr_FR\" \/>\n<meta property=\"og:type\" content=\"article\" \/>\n<meta property=\"og:title\" content=\"Carrelage Florim SensiTerre Sabbia Grana antid\u00e9rapant 120x120 R11 PTV 9mm - Homeproject.fr\" \/>\n<meta property=\"og:description\" content=\"Offrez \u00e0 vos ext\u00e9rieurs une ambiance naturelle et chaleureuse avec le carrelage grand format SensiTerre Sabbia Grana de Florim. Inspir\u00e9 de la terre crue et des mati\u00e8res naturelles, ce rev\u00eatement c\u00e9ramique conjugue esth\u00e9tique brute et performances techniques. Fabriqu\u00e9 en gr\u00e8s c\u00e9rame pleine masse, le mod\u00e8le Sabbia Grana affiche un subtil grain sabl\u00e9, id\u00e9al pour des terrasses, patios, loggias ou passages couverts. Sa finition Grip antid\u00e9rapante R11 PTV garantit une adh\u00e9rence parfaite, m\u00eame en conditions humides. Il r\u00e9pond ainsi aux exigences des espaces ext\u00e9rieurs comme aux zones de transition indoor\/outdoor.\" \/>\n<meta property=\"og:url\" content=\"https:\/\/homeproject.fr\/fr\/produit\/carrelage-florim-sensiterre-sabbia-grana-antiderapant-120x120-r11-ptv-9mm\/\" \/>\n<meta property=\"og:site_name\" content=\"Homeproject.fr\" \/>\n<meta property=\"article:modified_time\" content=\"2025-08-22T10:44:45+00:00\" \/>\n<meta property=\"og:image\" content=\"https:\/\/homeproject.fr\/fr\/wp-content\/uploads\/2025\/08\/Carrelage-contemporain-aspect-terre-cuite-grand-format-SensiTerre-Florim-Sabbia-120x120-Grana-antiderapant-R11-PTV-781537.jpg\" \/>\n\t<meta property=\"og:image:width\" content=\"1500\" \/>\n\t<meta property=\"og:image:height\" content=\"1500\" \/>\n\t<meta property=\"og:image:type\" content=\"image\/jpeg\" \/>\n<meta name=\"twitter:card\" content=\"summary_large_image\" \/>\n<meta name=\"twitter:label1\" content=\"Dur\u00e9e de lecture estim\u00e9e\" \/>\n\t<meta name=\"twitter:data1\" content=\"1 minute\" \/>\n<script type=\"application\/ld+json\" class=\"yoast-schema-graph\">{\"@context\":\"https:\\\/\\\/schema.org\",\"@graph\":[{\"@type\":\"WebPage\",\"@id\":\"https:\\\/\\\/homeproject.fr\\\/fr\\\/produit\\\/carrelage-florim-sensiterre-sabbia-grana-antiderapant-120x120-r11-ptv-9mm\\\/\",\"url\":\"https:\\\/\\\/homeproject.fr\\\/fr\\\/produit\\\/carrelage-florim-sensiterre-sabbia-grana-antiderapant-120x120-r11-ptv-9mm\\\/\",\"name\":\"Carrelage Florim SensiTerre Sabbia Grana antid\u00e9rapant 120x120 R11 PTV 9mm - Homeproject.fr\",\"isPartOf\":{\"@id\":\"https:\\\/\\\/homeproject.fr\\\/fr\\\/#website\"},\"primaryImageOfPage\":{\"@id\":\"https:\\\/\\\/homeproject.fr\\\/fr\\\/produit\\\/carrelage-florim-sensiterre-sabbia-grana-antiderapant-120x120-r11-ptv-9mm\\\/#primaryimage\"},\"image\":{\"@id\":\"https:\\\/\\\/homeproject.fr\\\/fr\\\/produit\\\/carrelage-florim-sensiterre-sabbia-grana-antiderapant-120x120-r11-ptv-9mm\\\/#primaryimage\"},\"thumbnailUrl\":\"https:\\\/\\\/homeproject.fr\\\/fr\\\/wp-content\\\/uploads\\\/2025\\\/08\\\/Carrelage-contemporain-aspect-terre-cuite-grand-format-SensiTerre-Florim-Sabbia-120x120-Grana-antiderapant-R11-PTV-781537.jpg\",\"datePublished\":\"2025-08-22T10:35:05+00:00\",\"dateModified\":\"2025-08-22T10:44:45+00:00\",\"breadcrumb\":{\"@id\":\"https:\\\/\\\/homeproject.fr\\\/fr\\\/produit\\\/carrelage-florim-sensiterre-sabbia-grana-antiderapant-120x120-r11-ptv-9mm\\\/#breadcrumb\"},\"inLanguage\":\"fr-FR\",\"potentialAction\":[{\"@type\":\"ReadAction\",\"target\":[\"https:\\\/\\\/homeproject.fr\\\/fr\\\/produit\\\/carrelage-florim-sensiterre-sabbia-grana-antiderapant-120x120-r11-ptv-9mm\\\/\"]}]},{\"@type\":\"ImageObject\",\"inLanguage\":\"fr-FR\",\"@id\":\"https:\\\/\\\/homeproject.fr\\\/fr\\\/produit\\\/carrelage-florim-sensiterre-sabbia-grana-antiderapant-120x120-r11-ptv-9mm\\\/#primaryimage\",\"url\":\"https:\\\/\\\/homeproject.fr\\\/fr\\\/wp-content\\\/uploads\\\/2025\\\/08\\\/Carrelage-contemporain-aspect-terre-cuite-grand-format-SensiTerre-Florim-Sabbia-120x120-Grana-antiderapant-R11-PTV-781537.jpg\",\"contentUrl\":\"https:\\\/\\\/homeproject.fr\\\/fr\\\/wp-content\\\/uploads\\\/2025\\\/08\\\/Carrelage-contemporain-aspect-terre-cuite-grand-format-SensiTerre-Florim-Sabbia-120x120-Grana-antiderapant-R11-PTV-781537.jpg\",\"width\":1500,\"height\":1500},{\"@type\":\"BreadcrumbList\",\"@id\":\"https:\\\/\\\/homeproject.fr\\\/fr\\\/produit\\\/carrelage-florim-sensiterre-sabbia-grana-antiderapant-120x120-r11-ptv-9mm\\\/#breadcrumb\",\"itemListElement\":[{\"@type\":\"ListItem\",\"position\":1,\"name\":\"Accueil\",\"item\":\"https:\\\/\\\/homeproject.fr\\\/fr\\\/\"},{\"@type\":\"ListItem\",\"position\":2,\"name\":\"Boutique\",\"item\":\"https:\\\/\\\/homeproject.fr\\\/fr\\\/boutique\\\/\"},{\"@type\":\"ListItem\",\"position\":3,\"name\":\"Carrelage Florim SensiTerre Sabbia Grana antid\u00e9rapant 120&#215;120 R11 PTV 9mm\"}]},{\"@type\":\"WebSite\",\"@id\":\"https:\\\/\\\/homeproject.fr\\\/fr\\\/#website\",\"url\":\"https:\\\/\\\/homeproject.fr\\\/fr\\\/\",\"name\":\"Homeproject.fr\",\"description\":\"Offrez l&#039;exceptionnel \u00e0 vos espaces \u00e0 vivre\",\"publisher\":{\"@id\":\"https:\\\/\\\/homeproject.fr\\\/fr\\\/#organization\"},\"potentialAction\":[{\"@type\":\"SearchAction\",\"target\":{\"@type\":\"EntryPoint\",\"urlTemplate\":\"https:\\\/\\\/homeproject.fr\\\/fr\\\/?s={search_term_string}\"},\"query-input\":{\"@type\":\"PropertyValueSpecification\",\"valueRequired\":true,\"valueName\":\"search_term_string\"}}],\"inLanguage\":\"fr-FR\"},{\"@type\":\"Organization\",\"@id\":\"https:\\\/\\\/homeproject.fr\\\/fr\\\/#organization\",\"name\":\"Homeproject.fr\",\"url\":\"https:\\\/\\\/homeproject.fr\\\/fr\\\/\",\"logo\":{\"@type\":\"ImageObject\",\"inLanguage\":\"fr-FR\",\"@id\":\"https:\\\/\\\/homeproject.fr\\\/fr\\\/#\\\/schema\\\/logo\\\/image\\\/\",\"url\":\"https:\\\/\\\/homeproject.fr\\\/fr\\\/wp-content\\\/uploads\\\/2024\\\/12\\\/Logo_HomeProject-noir-2.png\",\"contentUrl\":\"https:\\\/\\\/homeproject.fr\\\/fr\\\/wp-content\\\/uploads\\\/2024\\\/12\\\/Logo_HomeProject-noir-2.png\",\"width\":300,\"height\":91,\"caption\":\"Homeproject.fr\"},\"image\":{\"@id\":\"https:\\\/\\\/homeproject.fr\\\/fr\\\/#\\\/schema\\\/logo\\\/image\\\/\"}}]}<\/script>\n<!-- \/ Yoast SEO plugin. -->","yoast_head_json":{"title":"Carrelage Florim SensiTerre Sabbia Grana antid\u00e9rapant 120x120 R11 PTV 9mm - Homeproject.fr","robots":{"index":"index","follow":"follow","max-snippet":"max-snippet:-1","max-image-preview":"max-image-preview:large","max-video-preview":"max-video-preview:-1"},"canonical":"https:\/\/homeproject.fr\/fr\/produit\/carrelage-florim-sensiterre-sabbia-grana-antiderapant-120x120-r11-ptv-9mm\/","og_locale":"fr_FR","og_type":"article","og_title":"Carrelage Florim SensiTerre Sabbia Grana antid\u00e9rapant 120x120 R11 PTV 9mm - Homeproject.fr","og_description":"Offrez \u00e0 vos ext\u00e9rieurs une ambiance naturelle et chaleureuse avec le carrelage grand format SensiTerre Sabbia Grana de Florim. Inspir\u00e9 de la terre crue et des mati\u00e8res naturelles, ce rev\u00eatement c\u00e9ramique conjugue esth\u00e9tique brute et performances techniques. Fabriqu\u00e9 en gr\u00e8s c\u00e9rame pleine masse, le mod\u00e8le Sabbia Grana affiche un subtil grain sabl\u00e9, id\u00e9al pour des terrasses, patios, loggias ou passages couverts. Sa finition Grip antid\u00e9rapante R11 PTV garantit une adh\u00e9rence parfaite, m\u00eame en conditions humides. Il r\u00e9pond ainsi aux exigences des espaces ext\u00e9rieurs comme aux zones de transition indoor\/outdoor.","og_url":"https:\/\/homeproject.fr\/fr\/produit\/carrelage-florim-sensiterre-sabbia-grana-antiderapant-120x120-r11-ptv-9mm\/","og_site_name":"Homeproject.fr","article_modified_time":"2025-08-22T10:44:45+00:00","og_image":[{"width":1500,"height":1500,"url":"https:\/\/homeproject.fr\/fr\/wp-content\/uploads\/2025\/08\/Carrelage-contemporain-aspect-terre-cuite-grand-format-SensiTerre-Florim-Sabbia-120x120-Grana-antiderapant-R11-PTV-781537.jpg","type":"image\/jpeg"}],"twitter_card":"summary_large_image","twitter_misc":{"Dur\u00e9e de lecture estim\u00e9e":"1 minute"},"schema":{"@context":"https:\/\/schema.org","@graph":[{"@type":"WebPage","@id":"https:\/\/homeproject.fr\/fr\/produit\/carrelage-florim-sensiterre-sabbia-grana-antiderapant-120x120-r11-ptv-9mm\/","url":"https:\/\/homeproject.fr\/fr\/produit\/carrelage-florim-sensiterre-sabbia-grana-antiderapant-120x120-r11-ptv-9mm\/","name":"Carrelage Florim SensiTerre Sabbia Grana antid\u00e9rapant 120x120 R11 PTV 9mm - Homeproject.fr","isPartOf":{"@id":"https:\/\/homeproject.fr\/fr\/#website"},"primaryImageOfPage":{"@id":"https:\/\/homeproject.fr\/fr\/produit\/carrelage-florim-sensiterre-sabbia-grana-antiderapant-120x120-r11-ptv-9mm\/#primaryimage"},"image":{"@id":"https:\/\/homeproject.fr\/fr\/produit\/carrelage-florim-sensiterre-sabbia-grana-antiderapant-120x120-r11-ptv-9mm\/#primaryimage"},"thumbnailUrl":"https:\/\/homeproject.fr\/fr\/wp-content\/uploads\/2025\/08\/Carrelage-contemporain-aspect-terre-cuite-grand-format-SensiTerre-Florim-Sabbia-120x120-Grana-antiderapant-R11-PTV-781537.jpg","datePublished":"2025-08-22T10:35:05+00:00","dateModified":"2025-08-22T10:44:45+00:00","breadcrumb":{"@id":"https:\/\/homeproject.fr\/fr\/produit\/carrelage-florim-sensiterre-sabbia-grana-antiderapant-120x120-r11-ptv-9mm\/#breadcrumb"},"inLanguage":"fr-FR","potentialAction":[{"@type":"ReadAction","target":["https:\/\/homeproject.fr\/fr\/produit\/carrelage-florim-sensiterre-sabbia-grana-antiderapant-120x120-r11-ptv-9mm\/"]}]},{"@type":"ImageObject","inLanguage":"fr-FR","@id":"https:\/\/homeproject.fr\/fr\/produit\/carrelage-florim-sensiterre-sabbia-grana-antiderapant-120x120-r11-ptv-9mm\/#primaryimage","url":"https:\/\/homeproject.fr\/fr\/wp-content\/uploads\/2025\/08\/Carrelage-contemporain-aspect-terre-cuite-grand-format-SensiTerre-Florim-Sabbia-120x120-Grana-antiderapant-R11-PTV-781537.jpg","contentUrl":"https:\/\/homeproject.fr\/fr\/wp-content\/uploads\/2025\/08\/Carrelage-contemporain-aspect-terre-cuite-grand-format-SensiTerre-Florim-Sabbia-120x120-Grana-antiderapant-R11-PTV-781537.jpg","width":1500,"height":1500},{"@type":"BreadcrumbList","@id":"https:\/\/homeproject.fr\/fr\/produit\/carrelage-florim-sensiterre-sabbia-grana-antiderapant-120x120-r11-ptv-9mm\/#breadcrumb","itemListElement":[{"@type":"ListItem","position":1,"name":"Accueil","item":"https:\/\/homeproject.fr\/fr\/"},{"@type":"ListItem","position":2,"name":"Boutique","item":"https:\/\/homeproject.fr\/fr\/boutique\/"},{"@type":"ListItem","position":3,"name":"Carrelage Florim SensiTerre Sabbia Grana antid\u00e9rapant 120&#215;120 R11 PTV 9mm"}]},{"@type":"WebSite","@id":"https:\/\/homeproject.fr\/fr\/#website","url":"https:\/\/homeproject.fr\/fr\/","name":"Homeproject.fr","description":"Offrez l&#039;exceptionnel \u00e0 vos espaces \u00e0 vivre","publisher":{"@id":"https:\/\/homeproject.fr\/fr\/#organization"},"potentialAction":[{"@type":"SearchAction","target":{"@type":"EntryPoint","urlTemplate":"https:\/\/homeproject.fr\/fr\/?s={search_term_string}"},"query-input":{"@type":"PropertyValueSpecification","valueRequired":true,"valueName":"search_term_string"}}],"inLanguage":"fr-FR"},{"@type":"Organization","@id":"https:\/\/homeproject.fr\/fr\/#organization","name":"Homeproject.fr","url":"https:\/\/homeproject.fr\/fr\/","logo":{"@type":"ImageObject","inLanguage":"fr-FR","@id":"https:\/\/homeproject.fr\/fr\/#\/schema\/logo\/image\/","url":"https:\/\/homeproject.fr\/fr\/wp-content\/uploads\/2024\/12\/Logo_HomeProject-noir-2.png","contentUrl":"https:\/\/homeproject.fr\/fr\/wp-content\/uploads\/2024\/12\/Logo_HomeProject-noir-2.png","width":300,"height":91,"caption":"Homeproject.fr"},"image":{"@id":"https:\/\/homeproject.fr\/fr\/#\/schema\/logo\/image\/"}}]}},"_links":{"self":[{"href":"https:\/\/homeproject.fr\/fr\/wp-json\/wp\/v2\/product\/15186","targetHints":{"allow":["GET"]}}],"collection":[{"href":"https:\/\/homeproject.fr\/fr\/wp-json\/wp\/v2\/product"}],"about":[{"href":"https:\/\/homeproject.fr\/fr\/wp-json\/wp\/v2\/types\/product"}],"version-history":[{"count":1,"href":"https:\/\/homeproject.fr\/fr\/wp-json\/wp\/v2\/product\/15186\/revisions"}],"predecessor-version":[{"id":15195,"href":"https:\/\/homeproject.fr\/fr\/wp-json\/wp\/v2\/product\/15186\/revisions\/15195"}],"wp:featuredmedia":[{"embeddable":true,"href":"https:\/\/homeproject.fr\/fr\/wp-json\/wp\/v2\/media\/15184"}],"wp:attachment":[{"href":"https:\/\/homeproject.fr\/fr\/wp-json\/wp\/v2\/media?parent=15186"}],"wp:term":[{"taxonomy":"product_brand","embeddable":true,"href":"https:\/\/homeproject.fr\/fr\/wp-json\/wp\/v2\/product_brand?post=15186"},{"taxonomy":"product_cat","embeddable":true,"href":"https:\/\/homeproject.fr\/fr\/wp-json\/wp\/v2\/product_cat?post=15186"},{"taxonomy":"product_tag","embeddable":true,"href":"https:\/\/homeproject.fr\/fr\/wp-json\/wp\/v2\/product_tag?post=15186"}],"curies":[{"name":"wp","href":"https:\/\/api.w.org\/{rel}","templated":true}]}}