{"id":15170,"date":"2025-08-22T10:07:35","date_gmt":"2025-08-22T10:07:35","guid":{"rendered":"https:\/\/homeproject.fr\/fr\/?post_type=product&#038;p=15170"},"modified":"2025-08-22T10:20:58","modified_gmt":"2025-08-22T10:20:58","slug":"carrelage-florim-sensiterre-mattone-rigatino-60x120-decoratif-r10-9mm","status":"publish","type":"product","link":"https:\/\/homeproject.fr\/fr\/produit\/carrelage-florim-sensiterre-mattone-rigatino-60x120-decoratif-r10-9mm\/","title":{"rendered":"Carrelage Florim SensiTerre Mattone Rigatino 60&#215;120 d\u00e9coratif R10 9mm"},"content":{"rendered":"<p><strong><a href=\"https:\/\/homeproject.fr\/fr\/produit\/echantillon-carrelage-florim-sensiterre-mattone-rigatino\/\">Commander un \u00e9chantillon<\/a><\/strong><\/p>\n<h3 data-start=\"936\" data-end=\"971\"><strong data-start=\"940\" data-end=\"971\">Caract\u00e9ristiques techniques<\/strong><\/h3>\n<div class=\"_tableContainer_1rjym_1\">\n<div class=\"_tableWrapper_1rjym_13 group flex w-fit flex-col-reverse\" tabindex=\"-1\">\n<table class=\"w-fit min-w-(--thread-content-width)\" data-start=\"973\" data-end=\"2007\">\n<thead data-start=\"973\" data-end=\"1051\">\n<tr data-start=\"973\" data-end=\"1051\">\n<th data-start=\"973\" data-end=\"1001\" data-col-size=\"sm\"><strong data-start=\"975\" data-end=\"992\">Sp\u00e9cification<\/strong><\/th>\n<th data-start=\"1001\" data-end=\"1051\" data-col-size=\"md\"><strong data-start=\"1003\" data-end=\"1013\">D\u00e9tail<\/strong><\/th>\n<\/tr>\n<\/thead>\n<tbody data-start=\"1131\" data-end=\"2007\">\n<tr data-start=\"1131\" data-end=\"1210\">\n<td data-start=\"1131\" data-end=\"1159\" data-col-size=\"sm\">Marque<\/td>\n<td data-col-size=\"md\" data-start=\"1159\" data-end=\"1210\">Florim<\/td>\n<\/tr>\n<tr data-start=\"1211\" data-end=\"1290\">\n<td data-start=\"1211\" data-end=\"1239\" data-col-size=\"sm\">Collection<\/td>\n<td data-col-size=\"md\" data-start=\"1239\" data-end=\"1290\">SensiTerre<\/td>\n<\/tr>\n<tr data-start=\"1291\" data-end=\"1370\">\n<td data-start=\"1291\" data-end=\"1319\" data-col-size=\"sm\">Mod\u00e8le<\/td>\n<td data-col-size=\"md\" data-start=\"1319\" data-end=\"1370\">Mattone Rigatino<\/td>\n<\/tr>\n<tr data-start=\"1371\" data-end=\"1450\">\n<td data-start=\"1371\" data-end=\"1399\" data-col-size=\"sm\">Format<\/td>\n<td data-col-size=\"md\" data-start=\"1399\" data-end=\"1450\">60 \u00d7 120 cm<\/td>\n<\/tr>\n<tr data-start=\"1451\" data-end=\"1530\">\n<td data-start=\"1451\" data-end=\"1479\" data-col-size=\"sm\">\u00c9paisseur<\/td>\n<td data-col-size=\"md\" data-start=\"1479\" data-end=\"1530\">9 mm<\/td>\n<\/tr>\n<tr data-start=\"1531\" data-end=\"1609\">\n<td data-start=\"1531\" data-end=\"1559\" data-col-size=\"sm\">Finition<\/td>\n<td data-col-size=\"md\" data-start=\"1559\" data-end=\"1609\">Rigatino (stri\u00e9 verticalement)<\/td>\n<\/tr>\n<tr data-start=\"1610\" data-end=\"1689\">\n<td data-start=\"1610\" data-end=\"1638\" data-col-size=\"sm\">Coloris<\/td>\n<td data-col-size=\"md\" data-start=\"1638\" data-end=\"1689\">Mattone (terre cuite rouge naturelle)<\/td>\n<\/tr>\n<tr data-start=\"1690\" data-end=\"1769\">\n<td data-start=\"1690\" data-end=\"1718\" data-col-size=\"sm\">Rectifi\u00e9<\/td>\n<td data-col-size=\"md\" data-start=\"1718\" data-end=\"1769\">Oui<\/td>\n<\/tr>\n<tr data-start=\"1770\" data-end=\"1848\">\n<td data-start=\"1770\" data-end=\"1798\" data-col-size=\"sm\">Antid\u00e9rapance<\/td>\n<td data-col-size=\"md\" data-start=\"1798\" data-end=\"1848\">R10 \u2013 Adapt\u00e9 aux zones humides<\/td>\n<\/tr>\n<tr data-start=\"1849\" data-end=\"1927\">\n<td data-start=\"1849\" data-end=\"1877\" data-col-size=\"sm\">Pose<\/td>\n<td data-col-size=\"md\" data-start=\"1877\" data-end=\"1927\">Mur int\u00e9rieur et ext\u00e9rieur (salons, salles de bains, etc.)<\/td>\n<\/tr>\n<tr data-start=\"1928\" data-end=\"2007\">\n<td data-start=\"1928\" data-end=\"1956\" data-col-size=\"sm\">Usage<\/td>\n<td data-col-size=\"md\" data-start=\"1956\" data-end=\"2007\">R\u00e9sidentiel ou professionnel<\/td>\n<\/tr>\n<\/tbody>\n<\/table>\n<\/div>\n<\/div>\n<h3 data-start=\"2014\" data-end=\"2031\"><strong data-start=\"2018\" data-end=\"2031\">Avantages<\/strong><\/h3>\n<ul data-start=\"2032\" data-end=\"2503\">\n<li data-start=\"2032\" data-end=\"2146\">\n<p data-start=\"2034\" data-end=\"2146\"><strong data-start=\"2034\" data-end=\"2061\">Design graphique unique<\/strong> : l\u2019effet rigatino cr\u00e9e du relief et donne du rythme aux murs.<\/p>\n<\/li>\n<li data-start=\"2147\" data-end=\"2228\">\n<p data-start=\"2149\" data-end=\"2228\"><strong data-start=\"2149\" data-end=\"2175\">Inspiration artisanale<\/strong> : une esth\u00e9tique brute, naturelle et sophistiqu\u00e9e.<\/p>\n<\/li>\n<li data-start=\"2229\" data-end=\"2315\">\n<p data-start=\"2231\" data-end=\"2315\"><strong data-start=\"2231\" data-end=\"2260\">Format g\u00e9n\u00e9reux 60\u00d7120 cm<\/strong> : id\u00e9al pour un rendu mural sans surcharge visuelle.<\/p>\n<\/li>\n<li data-start=\"2316\" data-end=\"2419\">\n<p data-start=\"2318\" data-end=\"2419\"><strong data-start=\"2318\" data-end=\"2349\">Couleur Mattone chaleureuse<\/strong> : parfait en combinaison avec bois, b\u00e9ton, ou v\u00e9g\u00e9tation naturelle.<\/p>\n<\/li>\n<li data-start=\"2420\" data-end=\"2503\">\n<p data-start=\"2422\" data-end=\"2503\"><strong data-start=\"2422\" data-end=\"2451\">Surface antid\u00e9rapante R10<\/strong> : adapt\u00e9e aux pi\u00e8ces d\u2019eau ou zones \u00e0 fort passage.<\/p>\n<\/li>\n<\/ul>\n<hr data-start=\"2505\" data-end=\"2508\" \/>\n<h3 data-start=\"2510\" data-end=\"2538\"><strong data-start=\"2514\" data-end=\"2538\">Applications id\u00e9ales<\/strong><\/h3>\n<ul data-start=\"2539\" data-end=\"2721\">\n<li data-start=\"2539\" data-end=\"2578\">\n<p data-start=\"2541\" data-end=\"2578\">Murs de salle de bains ou de douche<\/p>\n<\/li>\n<li data-start=\"2579\" data-end=\"2631\">\n<p data-start=\"2581\" data-end=\"2631\">Habillage de cuisines et cr\u00e9dences haut de gamme<\/p>\n<\/li>\n<li data-start=\"2632\" data-end=\"2660\">\n<p data-start=\"2634\" data-end=\"2660\">T\u00eates de lit d\u00e9coratives<\/p>\n<\/li>\n<li data-start=\"2661\" data-end=\"2721\">\n<p data-start=\"2663\" data-end=\"2721\">Cloisons d\u2019entr\u00e9e ou espaces commerciaux (boutiques, spas)<\/p>\n<\/li>\n<\/ul>\n<hr data-start=\"2723\" data-end=\"2726\" \/>\n<h3 data-start=\"2728\" data-end=\"2759\"><strong data-start=\"2732\" data-end=\"2759\">Recommandations de pose<\/strong><\/h3>\n<p data-start=\"2760\" data-end=\"2948\">Pose verticale recommand\u00e9e pour conserver l\u2019effet graphique du cannel\u00e9. Utiliser un joint ton sur ton pour une finition \u00e9l\u00e9gante et homog\u00e8ne. Nettoyage facile \u00e0 l\u2019aide d\u2019un chiffon humide.<\/p>\n<hr data-start=\"2950\" data-end=\"2953\" \/>\n<h3 data-start=\"2955\" data-end=\"2972\"><strong data-start=\"2959\" data-end=\"2972\">En r\u00e9sum\u00e9<\/strong><\/h3>\n<p data-start=\"2973\" data-end=\"3171\">Le <strong data-start=\"2976\" data-end=\"3016\">Florim SensiTerre Mattone Cannettato<\/strong> est bien plus qu\u2019un simple carrelage mural : c\u2019est un <strong data-start=\"3071\" data-end=\"3096\">\u00e9l\u00e9ment architectural<\/strong> \u00e0 part enti\u00e8re, qui apporte texture, chaleur et identit\u00e9 \u00e0 vos int\u00e9rieurs.<\/p>\n<h3 data-start=\"913\" data-end=\"948\"><strong style=\"font-family: inherit; font-size: 30px;\">Vous avez des questions ?<\/strong><\/h3>\n<style id=\"wpforms-css-vars-3675\">\n\t\t\t\t#wpforms-3675 {\n\t\t\t\t\n\t\t\t}\n\t\t\t<\/style><div class=\"wpforms-container wpforms-container-full wpforms-render-modern\" id=\"wpforms-3675\"><form id=\"wpforms-form-3675\" class=\"wpforms-validate wpforms-form wpforms-ajax-form\" data-formid=\"3675\" method=\"post\" enctype=\"multipart\/form-data\" action=\"\/fr\/wp-json\/wp\/v2\/product\/15170\" data-token=\"86cfa3cd8fc4572532d762e2357ac556\" data-token-time=\"1777849969\"><noscript class=\"wpforms-error-noscript\">Veuillez activer JavaScript dans votre navigateur pour remplir ce formulaire.<\/noscript><div id=\"wpforms-error-noscript\" style=\"display: none;\">Veuillez activer JavaScript dans votre navigateur pour remplir ce formulaire.<\/div><div class=\"wpforms-field-container\"><div id=\"wpforms-3675-field_3-container\" class=\"wpforms-field wpforms-field-name\" data-field-id=\"3\"><fieldset><legend class=\"wpforms-field-label\">Nom <span class=\"wpforms-required-label\" aria-hidden=\"true\">*<\/span><\/legend><div class=\"wpforms-field-row wpforms-field-medium\"><div class=\"wpforms-field-row-block wpforms-first wpforms-one-half\"><input type=\"text\" id=\"wpforms-3675-field_3\" class=\"wpforms-field-name-first wpforms-field-required\" name=\"wpforms[fields][3][first]\" aria-errormessage=\"wpforms-3675-field_3-error\" required><label for=\"wpforms-3675-field_3\" class=\"wpforms-field-sublabel after\">Pr\u00e9nom<\/label><\/div><div class=\"wpforms-field-row-block wpforms-one-half\"><input type=\"text\" id=\"wpforms-3675-field_3-last\" class=\"wpforms-field-name-last wpforms-field-required\" name=\"wpforms[fields][3][last]\" aria-errormessage=\"wpforms-3675-field_3-last-error\" required><label for=\"wpforms-3675-field_3-last\" class=\"wpforms-field-sublabel after\">Nom<\/label><\/div><\/div><\/fieldset><\/div>\t\t<div id=\"wpforms-3675-field_1-container\"\n\t\t\tclass=\"wpforms-field wpforms-field-text\"\n\t\t\tdata-field-type=\"text\"\n\t\t\tdata-field-id=\"1\"\n\t\t\t>\n\t\t\t<label class=\"wpforms-field-label\" for=\"wpforms-3675-field_1\" >Nom E-mail Message<\/label>\n\t\t\t<input type=\"text\" id=\"wpforms-3675-field_1\" class=\"wpforms-field-medium\" name=\"wpforms[fields][1]\" >\n\t\t<\/div>\n\t\t<div id=\"wpforms-3675-field_4-container\" class=\"wpforms-field wpforms-field-email\" data-field-id=\"4\"><label class=\"wpforms-field-label\" for=\"wpforms-3675-field_4\">E-mail <span class=\"wpforms-required-label\" aria-hidden=\"true\">*<\/span><\/label><input type=\"email\" id=\"wpforms-3675-field_4\" class=\"wpforms-field-medium wpforms-field-required\" name=\"wpforms[fields][4]\" spellcheck=\"false\" aria-errormessage=\"wpforms-3675-field_4-error\" required><\/div><div id=\"wpforms-3675-field_5-container\" class=\"wpforms-field wpforms-field-textarea\" data-field-id=\"5\"><label class=\"wpforms-field-label\" for=\"wpforms-3675-field_5\">Message <span class=\"wpforms-required-label\" aria-hidden=\"true\">*<\/span><\/label><textarea id=\"wpforms-3675-field_5\" class=\"wpforms-field-medium wpforms-field-required\" name=\"wpforms[fields][5]\" aria-errormessage=\"wpforms-3675-field_5-error\" required><\/textarea><\/div><script>\n\t\t\t\t( function() {\n\t\t\t\t\tconst style = document.createElement( 'style' );\n\t\t\t\t\tstyle.appendChild( document.createTextNode( '#wpforms-3675-field_1-container { position: absolute !important; overflow: hidden !important; display: inline !important; height: 1px !important; width: 1px !important; z-index: -1000 !important; padding: 0 !important; } #wpforms-3675-field_1-container input { visibility: hidden; } #wpforms-conversational-form-page #wpforms-3675-field_1-container label { counter-increment: none; }' ) );\n\t\t\t\t\tdocument.head.appendChild( style );\n\t\t\t\t\tdocument.currentScript?.remove();\n\t\t\t\t} )();\n\t\t\t<\/script><\/div><!-- .wpforms-field-container --><div class=\"wpforms-submit-container\" ><input type=\"hidden\" name=\"wpforms[id]\" value=\"3675\"><input type=\"hidden\" name=\"page_title\" value=\"\"><input type=\"hidden\" name=\"page_url\" value=\"https:\/\/homeproject.fr\/fr\/wp-json\/wp\/v2\/product\/15170\"><input type=\"hidden\" name=\"url_referer\" value=\"\"><button type=\"submit\" name=\"wpforms[submit]\" id=\"wpforms-submit-3675\" class=\"wpforms-submit\" data-alt-text=\"Envoi...\" data-submit-text=\"Envoyer\" aria-live=\"assertive\" value=\"wpforms-submit\">Envoyer<\/button><img decoding=\"async\" src=\"https:\/\/homeproject.fr\/fr\/wp-content\/plugins\/wpforms-lite\/assets\/images\/submit-spin.svg\" class=\"wpforms-submit-spinner\" style=\"display: none;\" width=\"26\" height=\"26\" alt=\"Chargement en cours\"><\/div><\/form><\/div>  <!-- .wpforms-container -->\n","protected":false},"excerpt":{"rendered":"<p data-start=\"341\" data-end=\"748\">Le carrelage <strong data-start=\"354\" data-end=\"387\">SensiTerre Mattone Rigatino <\/strong>de Florim conjugue tradition artisanale et \u00e9l\u00e9gance graphique contemporaine. Son motif <b>rigatino <\/b>\u2013 fait de fines stries verticales \u2013 \u00e9voque les finitions manuelles typiques des enduits \u00e0 la chaux et des terres cuites travaill\u00e9es. En format <strong data-start=\"633\" data-end=\"646\">60\u00d7120 cm<\/strong> et avec une \u00e9paisseur de <strong data-start=\"672\" data-end=\"680\">9 mm<\/strong>, ce rev\u00eatement mural offre une forte personnalit\u00e9 \u00e0 vos int\u00e9rieurs.<\/p>\n<p data-start=\"750\" data-end=\"929\">Parfait pour cr\u00e9er des murs d\u2019accent, habiller une douche, ou structurer un espace de vie, ce mod\u00e8le est \u00e0 la fois d\u00e9coratif et technique, gr\u00e2ce \u00e0 sa <strong data-start=\"900\" data-end=\"914\">classe R10<\/strong> antid\u00e9rapante.<\/p>\n","protected":false},"featured_media":15168,"template":"","meta":{"_uf_show_specific_survey":0,"_uf_disable_surveys":false,"iawp_total_views":29},"product_brand":[607],"product_cat":[20,131],"product_tag":[],"class_list":{"0":"post-15170","1":"product","2":"type-product","3":"status-publish","4":"has-post-thumbnail","6":"product_brand-florim","7":"product_cat-carrelage","8":"product_cat-carrelage-mural","9":"product_shipping_class-carrelage","10":"pa_collection-sensiterre-par-florim","11":"pa_designer-matteo-thun","12":"pa_dimensions-nominales-60x120","13":"pa_effet-beton","14":"pa_effet-terre-cuite","15":"pa_epaisseur-9mm","16":"pa_marque-florim","17":"pa_materiau-gres-cerame-non-emaille","19":"first","20":"instock","21":"sale","22":"taxable","23":"shipping-taxable","24":"purchasable","25":"product-type-simple"},"yoast_head":"<!-- This site is optimized with the Yoast SEO plugin v27.5 - https:\/\/yoast.com\/product\/yoast-seo-wordpress\/ -->\n<title>Carrelage Florim SensiTerre Mattone Rigatino 60x120 d\u00e9coratif R10 9mm - Homeproject.fr<\/title>\n<meta name=\"robots\" content=\"index, follow, max-snippet:-1, max-image-preview:large, max-video-preview:-1\" \/>\n<link rel=\"canonical\" href=\"https:\/\/homeproject.fr\/fr\/produit\/carrelage-florim-sensiterre-mattone-rigatino-60x120-decoratif-r10-9mm\/\" \/>\n<meta property=\"og:locale\" content=\"fr_FR\" \/>\n<meta property=\"og:type\" content=\"article\" \/>\n<meta property=\"og:title\" content=\"Carrelage Florim SensiTerre Mattone Rigatino 60x120 d\u00e9coratif R10 9mm - Homeproject.fr\" \/>\n<meta property=\"og:description\" content=\"Le carrelage SensiTerre Mattone Rigatino de Florim conjugue tradition artisanale et \u00e9l\u00e9gance graphique contemporaine. Son motif rigatino \u2013 fait de fines stries verticales \u2013 \u00e9voque les finitions manuelles typiques des enduits \u00e0 la chaux et des terres cuites travaill\u00e9es. En format 60\u00d7120 cm et avec une \u00e9paisseur de 9 mm, ce rev\u00eatement mural offre une forte personnalit\u00e9 \u00e0 vos int\u00e9rieurs. Parfait pour cr\u00e9er des murs d\u2019accent, habiller une douche, ou structurer un espace de vie, ce mod\u00e8le est \u00e0 la fois d\u00e9coratif et technique, gr\u00e2ce \u00e0 sa classe R10 antid\u00e9rapante.\" \/>\n<meta property=\"og:url\" content=\"https:\/\/homeproject.fr\/fr\/produit\/carrelage-florim-sensiterre-mattone-rigatino-60x120-decoratif-r10-9mm\/\" \/>\n<meta property=\"og:site_name\" content=\"Homeproject.fr\" \/>\n<meta property=\"article:modified_time\" content=\"2025-08-22T10:20:58+00:00\" \/>\n<meta property=\"og:image\" content=\"https:\/\/homeproject.fr\/fr\/wp-content\/uploads\/2025\/08\/Carrelage-contemporain-aspect-terre-cuite-striee-grand-format-SensiTerre-Florim-Mattone-Rigatino-60x120-R10-781498.jpg\" \/>\n\t<meta property=\"og:image:width\" content=\"1500\" \/>\n\t<meta property=\"og:image:height\" content=\"1500\" \/>\n\t<meta property=\"og:image:type\" content=\"image\/jpeg\" \/>\n<meta name=\"twitter:card\" content=\"summary_large_image\" \/>\n<meta name=\"twitter:label1\" content=\"Dur\u00e9e de lecture estim\u00e9e\" \/>\n\t<meta name=\"twitter:data1\" content=\"2 minutes\" \/>\n<script type=\"application\/ld+json\" class=\"yoast-schema-graph\">{\"@context\":\"https:\\\/\\\/schema.org\",\"@graph\":[{\"@type\":\"WebPage\",\"@id\":\"https:\\\/\\\/homeproject.fr\\\/fr\\\/produit\\\/carrelage-florim-sensiterre-mattone-rigatino-60x120-decoratif-r10-9mm\\\/\",\"url\":\"https:\\\/\\\/homeproject.fr\\\/fr\\\/produit\\\/carrelage-florim-sensiterre-mattone-rigatino-60x120-decoratif-r10-9mm\\\/\",\"name\":\"Carrelage Florim SensiTerre Mattone Rigatino 60x120 d\u00e9coratif R10 9mm - Homeproject.fr\",\"isPartOf\":{\"@id\":\"https:\\\/\\\/homeproject.fr\\\/fr\\\/#website\"},\"primaryImageOfPage\":{\"@id\":\"https:\\\/\\\/homeproject.fr\\\/fr\\\/produit\\\/carrelage-florim-sensiterre-mattone-rigatino-60x120-decoratif-r10-9mm\\\/#primaryimage\"},\"image\":{\"@id\":\"https:\\\/\\\/homeproject.fr\\\/fr\\\/produit\\\/carrelage-florim-sensiterre-mattone-rigatino-60x120-decoratif-r10-9mm\\\/#primaryimage\"},\"thumbnailUrl\":\"https:\\\/\\\/homeproject.fr\\\/fr\\\/wp-content\\\/uploads\\\/2025\\\/08\\\/Carrelage-contemporain-aspect-terre-cuite-striee-grand-format-SensiTerre-Florim-Mattone-Rigatino-60x120-R10-781498.jpg\",\"datePublished\":\"2025-08-22T10:07:35+00:00\",\"dateModified\":\"2025-08-22T10:20:58+00:00\",\"breadcrumb\":{\"@id\":\"https:\\\/\\\/homeproject.fr\\\/fr\\\/produit\\\/carrelage-florim-sensiterre-mattone-rigatino-60x120-decoratif-r10-9mm\\\/#breadcrumb\"},\"inLanguage\":\"fr-FR\",\"potentialAction\":[{\"@type\":\"ReadAction\",\"target\":[\"https:\\\/\\\/homeproject.fr\\\/fr\\\/produit\\\/carrelage-florim-sensiterre-mattone-rigatino-60x120-decoratif-r10-9mm\\\/\"]}]},{\"@type\":\"ImageObject\",\"inLanguage\":\"fr-FR\",\"@id\":\"https:\\\/\\\/homeproject.fr\\\/fr\\\/produit\\\/carrelage-florim-sensiterre-mattone-rigatino-60x120-decoratif-r10-9mm\\\/#primaryimage\",\"url\":\"https:\\\/\\\/homeproject.fr\\\/fr\\\/wp-content\\\/uploads\\\/2025\\\/08\\\/Carrelage-contemporain-aspect-terre-cuite-striee-grand-format-SensiTerre-Florim-Mattone-Rigatino-60x120-R10-781498.jpg\",\"contentUrl\":\"https:\\\/\\\/homeproject.fr\\\/fr\\\/wp-content\\\/uploads\\\/2025\\\/08\\\/Carrelage-contemporain-aspect-terre-cuite-striee-grand-format-SensiTerre-Florim-Mattone-Rigatino-60x120-R10-781498.jpg\",\"width\":1500,\"height\":1500},{\"@type\":\"BreadcrumbList\",\"@id\":\"https:\\\/\\\/homeproject.fr\\\/fr\\\/produit\\\/carrelage-florim-sensiterre-mattone-rigatino-60x120-decoratif-r10-9mm\\\/#breadcrumb\",\"itemListElement\":[{\"@type\":\"ListItem\",\"position\":1,\"name\":\"Accueil\",\"item\":\"https:\\\/\\\/homeproject.fr\\\/fr\\\/\"},{\"@type\":\"ListItem\",\"position\":2,\"name\":\"Boutique\",\"item\":\"https:\\\/\\\/homeproject.fr\\\/fr\\\/boutique\\\/\"},{\"@type\":\"ListItem\",\"position\":3,\"name\":\"Carrelage Florim SensiTerre Mattone Rigatino 60&#215;120 d\u00e9coratif R10 9mm\"}]},{\"@type\":\"WebSite\",\"@id\":\"https:\\\/\\\/homeproject.fr\\\/fr\\\/#website\",\"url\":\"https:\\\/\\\/homeproject.fr\\\/fr\\\/\",\"name\":\"Homeproject.fr\",\"description\":\"Offrez l&#039;exceptionnel \u00e0 vos espaces \u00e0 vivre\",\"publisher\":{\"@id\":\"https:\\\/\\\/homeproject.fr\\\/fr\\\/#organization\"},\"potentialAction\":[{\"@type\":\"SearchAction\",\"target\":{\"@type\":\"EntryPoint\",\"urlTemplate\":\"https:\\\/\\\/homeproject.fr\\\/fr\\\/?s={search_term_string}\"},\"query-input\":{\"@type\":\"PropertyValueSpecification\",\"valueRequired\":true,\"valueName\":\"search_term_string\"}}],\"inLanguage\":\"fr-FR\"},{\"@type\":\"Organization\",\"@id\":\"https:\\\/\\\/homeproject.fr\\\/fr\\\/#organization\",\"name\":\"Homeproject.fr\",\"url\":\"https:\\\/\\\/homeproject.fr\\\/fr\\\/\",\"logo\":{\"@type\":\"ImageObject\",\"inLanguage\":\"fr-FR\",\"@id\":\"https:\\\/\\\/homeproject.fr\\\/fr\\\/#\\\/schema\\\/logo\\\/image\\\/\",\"url\":\"https:\\\/\\\/homeproject.fr\\\/fr\\\/wp-content\\\/uploads\\\/2024\\\/12\\\/Logo_HomeProject-noir-2.png\",\"contentUrl\":\"https:\\\/\\\/homeproject.fr\\\/fr\\\/wp-content\\\/uploads\\\/2024\\\/12\\\/Logo_HomeProject-noir-2.png\",\"width\":300,\"height\":91,\"caption\":\"Homeproject.fr\"},\"image\":{\"@id\":\"https:\\\/\\\/homeproject.fr\\\/fr\\\/#\\\/schema\\\/logo\\\/image\\\/\"}}]}<\/script>\n<!-- \/ Yoast SEO plugin. -->","yoast_head_json":{"title":"Carrelage Florim SensiTerre Mattone Rigatino 60x120 d\u00e9coratif R10 9mm - Homeproject.fr","robots":{"index":"index","follow":"follow","max-snippet":"max-snippet:-1","max-image-preview":"max-image-preview:large","max-video-preview":"max-video-preview:-1"},"canonical":"https:\/\/homeproject.fr\/fr\/produit\/carrelage-florim-sensiterre-mattone-rigatino-60x120-decoratif-r10-9mm\/","og_locale":"fr_FR","og_type":"article","og_title":"Carrelage Florim SensiTerre Mattone Rigatino 60x120 d\u00e9coratif R10 9mm - Homeproject.fr","og_description":"Le carrelage SensiTerre Mattone Rigatino de Florim conjugue tradition artisanale et \u00e9l\u00e9gance graphique contemporaine. Son motif rigatino \u2013 fait de fines stries verticales \u2013 \u00e9voque les finitions manuelles typiques des enduits \u00e0 la chaux et des terres cuites travaill\u00e9es. En format 60\u00d7120 cm et avec une \u00e9paisseur de 9 mm, ce rev\u00eatement mural offre une forte personnalit\u00e9 \u00e0 vos int\u00e9rieurs. Parfait pour cr\u00e9er des murs d\u2019accent, habiller une douche, ou structurer un espace de vie, ce mod\u00e8le est \u00e0 la fois d\u00e9coratif et technique, gr\u00e2ce \u00e0 sa classe R10 antid\u00e9rapante.","og_url":"https:\/\/homeproject.fr\/fr\/produit\/carrelage-florim-sensiterre-mattone-rigatino-60x120-decoratif-r10-9mm\/","og_site_name":"Homeproject.fr","article_modified_time":"2025-08-22T10:20:58+00:00","og_image":[{"width":1500,"height":1500,"url":"https:\/\/homeproject.fr\/fr\/wp-content\/uploads\/2025\/08\/Carrelage-contemporain-aspect-terre-cuite-striee-grand-format-SensiTerre-Florim-Mattone-Rigatino-60x120-R10-781498.jpg","type":"image\/jpeg"}],"twitter_card":"summary_large_image","twitter_misc":{"Dur\u00e9e de lecture estim\u00e9e":"2 minutes"},"schema":{"@context":"https:\/\/schema.org","@graph":[{"@type":"WebPage","@id":"https:\/\/homeproject.fr\/fr\/produit\/carrelage-florim-sensiterre-mattone-rigatino-60x120-decoratif-r10-9mm\/","url":"https:\/\/homeproject.fr\/fr\/produit\/carrelage-florim-sensiterre-mattone-rigatino-60x120-decoratif-r10-9mm\/","name":"Carrelage Florim SensiTerre Mattone Rigatino 60x120 d\u00e9coratif R10 9mm - Homeproject.fr","isPartOf":{"@id":"https:\/\/homeproject.fr\/fr\/#website"},"primaryImageOfPage":{"@id":"https:\/\/homeproject.fr\/fr\/produit\/carrelage-florim-sensiterre-mattone-rigatino-60x120-decoratif-r10-9mm\/#primaryimage"},"image":{"@id":"https:\/\/homeproject.fr\/fr\/produit\/carrelage-florim-sensiterre-mattone-rigatino-60x120-decoratif-r10-9mm\/#primaryimage"},"thumbnailUrl":"https:\/\/homeproject.fr\/fr\/wp-content\/uploads\/2025\/08\/Carrelage-contemporain-aspect-terre-cuite-striee-grand-format-SensiTerre-Florim-Mattone-Rigatino-60x120-R10-781498.jpg","datePublished":"2025-08-22T10:07:35+00:00","dateModified":"2025-08-22T10:20:58+00:00","breadcrumb":{"@id":"https:\/\/homeproject.fr\/fr\/produit\/carrelage-florim-sensiterre-mattone-rigatino-60x120-decoratif-r10-9mm\/#breadcrumb"},"inLanguage":"fr-FR","potentialAction":[{"@type":"ReadAction","target":["https:\/\/homeproject.fr\/fr\/produit\/carrelage-florim-sensiterre-mattone-rigatino-60x120-decoratif-r10-9mm\/"]}]},{"@type":"ImageObject","inLanguage":"fr-FR","@id":"https:\/\/homeproject.fr\/fr\/produit\/carrelage-florim-sensiterre-mattone-rigatino-60x120-decoratif-r10-9mm\/#primaryimage","url":"https:\/\/homeproject.fr\/fr\/wp-content\/uploads\/2025\/08\/Carrelage-contemporain-aspect-terre-cuite-striee-grand-format-SensiTerre-Florim-Mattone-Rigatino-60x120-R10-781498.jpg","contentUrl":"https:\/\/homeproject.fr\/fr\/wp-content\/uploads\/2025\/08\/Carrelage-contemporain-aspect-terre-cuite-striee-grand-format-SensiTerre-Florim-Mattone-Rigatino-60x120-R10-781498.jpg","width":1500,"height":1500},{"@type":"BreadcrumbList","@id":"https:\/\/homeproject.fr\/fr\/produit\/carrelage-florim-sensiterre-mattone-rigatino-60x120-decoratif-r10-9mm\/#breadcrumb","itemListElement":[{"@type":"ListItem","position":1,"name":"Accueil","item":"https:\/\/homeproject.fr\/fr\/"},{"@type":"ListItem","position":2,"name":"Boutique","item":"https:\/\/homeproject.fr\/fr\/boutique\/"},{"@type":"ListItem","position":3,"name":"Carrelage Florim SensiTerre Mattone Rigatino 60&#215;120 d\u00e9coratif R10 9mm"}]},{"@type":"WebSite","@id":"https:\/\/homeproject.fr\/fr\/#website","url":"https:\/\/homeproject.fr\/fr\/","name":"Homeproject.fr","description":"Offrez l&#039;exceptionnel \u00e0 vos espaces \u00e0 vivre","publisher":{"@id":"https:\/\/homeproject.fr\/fr\/#organization"},"potentialAction":[{"@type":"SearchAction","target":{"@type":"EntryPoint","urlTemplate":"https:\/\/homeproject.fr\/fr\/?s={search_term_string}"},"query-input":{"@type":"PropertyValueSpecification","valueRequired":true,"valueName":"search_term_string"}}],"inLanguage":"fr-FR"},{"@type":"Organization","@id":"https:\/\/homeproject.fr\/fr\/#organization","name":"Homeproject.fr","url":"https:\/\/homeproject.fr\/fr\/","logo":{"@type":"ImageObject","inLanguage":"fr-FR","@id":"https:\/\/homeproject.fr\/fr\/#\/schema\/logo\/image\/","url":"https:\/\/homeproject.fr\/fr\/wp-content\/uploads\/2024\/12\/Logo_HomeProject-noir-2.png","contentUrl":"https:\/\/homeproject.fr\/fr\/wp-content\/uploads\/2024\/12\/Logo_HomeProject-noir-2.png","width":300,"height":91,"caption":"Homeproject.fr"},"image":{"@id":"https:\/\/homeproject.fr\/fr\/#\/schema\/logo\/image\/"}}]}},"_links":{"self":[{"href":"https:\/\/homeproject.fr\/fr\/wp-json\/wp\/v2\/product\/15170","targetHints":{"allow":["GET"]}}],"collection":[{"href":"https:\/\/homeproject.fr\/fr\/wp-json\/wp\/v2\/product"}],"about":[{"href":"https:\/\/homeproject.fr\/fr\/wp-json\/wp\/v2\/types\/product"}],"version-history":[{"count":1,"href":"https:\/\/homeproject.fr\/fr\/wp-json\/wp\/v2\/product\/15170\/revisions"}],"predecessor-version":[{"id":15172,"href":"https:\/\/homeproject.fr\/fr\/wp-json\/wp\/v2\/product\/15170\/revisions\/15172"}],"wp:featuredmedia":[{"embeddable":true,"href":"https:\/\/homeproject.fr\/fr\/wp-json\/wp\/v2\/media\/15168"}],"wp:attachment":[{"href":"https:\/\/homeproject.fr\/fr\/wp-json\/wp\/v2\/media?parent=15170"}],"wp:term":[{"taxonomy":"product_brand","embeddable":true,"href":"https:\/\/homeproject.fr\/fr\/wp-json\/wp\/v2\/product_brand?post=15170"},{"taxonomy":"product_cat","embeddable":true,"href":"https:\/\/homeproject.fr\/fr\/wp-json\/wp\/v2\/product_cat?post=15170"},{"taxonomy":"product_tag","embeddable":true,"href":"https:\/\/homeproject.fr\/fr\/wp-json\/wp\/v2\/product_tag?post=15170"}],"curies":[{"name":"wp","href":"https:\/\/api.w.org\/{rel}","templated":true}]}}