{"id":15163,"date":"2025-08-22T09:46:51","date_gmt":"2025-08-22T09:46:51","guid":{"rendered":"https:\/\/homeproject.fr\/fr\/?post_type=product&#038;p=15163"},"modified":"2025-08-22T09:52:07","modified_gmt":"2025-08-22T09:52:07","slug":"carrelage-florim-sensiterre-mattone-naturale-20x20-r10-ptv-9mm","status":"publish","type":"product","link":"https:\/\/homeproject.fr\/fr\/produit\/carrelage-florim-sensiterre-mattone-naturale-20x20-r10-ptv-9mm\/","title":{"rendered":"Carrelage Florim SensiTerre Mattone Naturale 20&#215;20 R10 PTV 9mm"},"content":{"rendered":"<p><strong><a href=\"https:\/\/homeproject.fr\/fr\/produit\/echantillon-carrelage-florim-sensiterre-mattone-naturale-r10-ptv\/\">Commander un \u00e9chantillon<\/a><\/strong><\/p>\n<div class=\"_tableContainer_sk2ct_1\">\n<div class=\"_tableWrapper_sk2ct_13 group flex w-fit flex-col-reverse\" tabindex=\"-1\">\n<h3 data-start=\"919\" data-end=\"954\"><strong data-start=\"923\" data-end=\"954\">Caract\u00e9ristiques techniques<\/strong><\/h3>\n<div class=\"_tableContainer_sk2ct_1\">\n<div class=\"_tableWrapper_sk2ct_13 group flex w-fit flex-col-reverse\" tabindex=\"-1\">\n<table class=\"w-fit min-w-(--thread-content-width)\" data-start=\"956\" data-end=\"2013\">\n<thead data-start=\"956\" data-end=\"1036\">\n<tr data-start=\"956\" data-end=\"1036\">\n<th data-start=\"956\" data-end=\"984\" data-col-size=\"sm\"><strong data-start=\"958\" data-end=\"975\">Sp\u00e9cification<\/strong><\/th>\n<th data-start=\"984\" data-end=\"1036\" data-col-size=\"md\"><strong data-start=\"986\" data-end=\"996\">D\u00e9tail<\/strong><\/th>\n<\/tr>\n<\/thead>\n<tbody data-start=\"1118\" data-end=\"2013\">\n<tr data-start=\"1118\" data-end=\"1199\">\n<td data-start=\"1118\" data-end=\"1146\" data-col-size=\"sm\">Marque<\/td>\n<td data-start=\"1146\" data-end=\"1199\" data-col-size=\"md\">Florim<\/td>\n<\/tr>\n<tr data-start=\"1200\" data-end=\"1281\">\n<td data-start=\"1200\" data-end=\"1228\" data-col-size=\"sm\">Collection<\/td>\n<td data-start=\"1228\" data-end=\"1281\" data-col-size=\"md\">SensiTerre<\/td>\n<\/tr>\n<tr data-start=\"1282\" data-end=\"1363\">\n<td data-start=\"1282\" data-end=\"1310\" data-col-size=\"sm\">Mod\u00e8le \/ R\u00e9f\u00e9rence<\/td>\n<td data-start=\"1310\" data-end=\"1363\" data-col-size=\"md\">Mattone \u2013 781795<\/td>\n<\/tr>\n<tr data-start=\"1364\" data-end=\"1445\">\n<td data-start=\"1364\" data-end=\"1392\" data-col-size=\"sm\">Format<\/td>\n<td data-start=\"1392\" data-end=\"1445\" data-col-size=\"md\">20 \u00d7 20 cm<\/td>\n<\/tr>\n<tr data-start=\"1446\" data-end=\"1527\">\n<td data-start=\"1446\" data-end=\"1474\" data-col-size=\"sm\">\u00c9paisseur<\/td>\n<td data-start=\"1474\" data-end=\"1527\" data-col-size=\"md\">9 mm<\/td>\n<\/tr>\n<tr data-start=\"1528\" data-end=\"1608\">\n<td data-start=\"1528\" data-end=\"1556\" data-col-size=\"sm\">Finition<\/td>\n<td data-start=\"1556\" data-end=\"1608\" data-col-size=\"md\">Naturelle (mate, douce au toucher)<\/td>\n<\/tr>\n<tr data-start=\"1609\" data-end=\"1689\">\n<td data-start=\"1609\" data-end=\"1637\" data-col-size=\"sm\">Antid\u00e9rapance<\/td>\n<td data-start=\"1637\" data-end=\"1689\" data-col-size=\"md\">R10 PTV \u2013 adh\u00e9rence confortable<\/td>\n<\/tr>\n<tr data-start=\"1690\" data-end=\"1770\">\n<td data-start=\"1690\" data-end=\"1718\" data-col-size=\"sm\">Effet<\/td>\n<td data-start=\"1718\" data-end=\"1770\" data-col-size=\"md\">Ciment textur\u00e9 \/ Terre cuite artisanale<\/td>\n<\/tr>\n<tr data-start=\"1771\" data-end=\"1851\">\n<td data-start=\"1771\" data-end=\"1799\" data-col-size=\"sm\">Teinte<\/td>\n<td data-start=\"1799\" data-end=\"1851\" data-col-size=\"md\">Mattone (rouge argile chaud)<\/td>\n<\/tr>\n<tr data-start=\"1852\" data-end=\"1932\">\n<td data-start=\"1852\" data-end=\"1880\" data-col-size=\"sm\">Utilisation<\/td>\n<td data-start=\"1880\" data-end=\"1932\" data-col-size=\"md\">Sols & murs \u2013 int\u00e9rieur et ext\u00e9rieur abrit\u00e9<\/td>\n<\/tr>\n<tr data-start=\"1933\" data-end=\"2013\">\n<td data-start=\"1933\" data-end=\"1961\" data-col-size=\"sm\">Pose recommand\u00e9e<\/td>\n<td data-start=\"1961\" data-end=\"2013\" data-col-size=\"md\">Droite, opus, damier, d\u00e9cal\u00e9e<\/td>\n<\/tr>\n<\/tbody>\n<\/table>\n<\/div>\n<\/div>\n<\/div>\n<\/div>\n<h3 data-start=\"2020\" data-end=\"2037\"><strong data-start=\"2024\" data-end=\"2037\">Avantages<\/strong><\/h3>\n<ul data-start=\"2038\" data-end=\"2331\">\n<li data-start=\"2038\" data-end=\"2128\">\n<p data-start=\"2040\" data-end=\"2128\"><strong data-start=\"2040\" data-end=\"2065\">Petit format 20\u00d720 cm<\/strong> : id\u00e9al pour motifs d\u00e9coratifs ou restaurations \u00e0 l\u2019ancienne<\/p>\n<\/li>\n<li data-start=\"2129\" data-end=\"2194\">\n<p data-start=\"2131\" data-end=\"2194\"><strong data-start=\"2131\" data-end=\"2153\">Finition naturelle<\/strong> : effet mat, chaleureux et authentique<\/p>\n<\/li>\n<li data-start=\"2195\" data-end=\"2263\">\n<p data-start=\"2197\" data-end=\"2263\"><strong data-start=\"2197\" data-end=\"2225\">Adapt\u00e9 aux zones humides<\/strong> : salle de bain, cuisine, buanderie<\/p>\n<\/li>\n<li data-start=\"2264\" data-end=\"2331\">\n<p data-start=\"2266\" data-end=\"2331\"><strong data-start=\"2266\" data-end=\"2299\">Durable et facile d\u2019entretien<\/strong> : gr\u00e8s c\u00e9rame de qualit\u00e9 Florim<\/p>\n<\/li>\n<\/ul>\n<hr data-start=\"2333\" data-end=\"2336\" \/>\n<h3 data-start=\"2338\" data-end=\"2371\"><strong data-start=\"2342\" data-end=\"2371\">Applications recommand\u00e9es<\/strong><\/h3>\n<ul data-start=\"2372\" data-end=\"2538\">\n<li data-start=\"2372\" data-end=\"2414\">\n<p data-start=\"2374\" data-end=\"2414\">Int\u00e9rieurs rustiques ou m\u00e9diterran\u00e9ens<\/p>\n<\/li>\n<li data-start=\"2415\" data-end=\"2458\">\n<p data-start=\"2417\" data-end=\"2458\">Sols de cuisine, salle de bain, couloir<\/p>\n<\/li>\n<li data-start=\"2459\" data-end=\"2490\">\n<p data-start=\"2461\" data-end=\"2490\">Murs d\u2019appoint ou cr\u00e9dences<\/p>\n<\/li>\n<li data-start=\"2491\" data-end=\"2538\">\n<p data-start=\"2493\" data-end=\"2538\">Espaces semi-ouverts (loggia, porche couvert)<\/p>\n<\/li>\n<\/ul>\n<hr data-start=\"2540\" data-end=\"2543\" \/>\n<h3 data-start=\"2545\" data-end=\"2562\"><strong data-start=\"2549\" data-end=\"2562\">En r\u00e9sum\u00e9<\/strong><\/h3>\n<p data-start=\"2563\" data-end=\"2791\">Le carreau <strong data-start=\"2574\" data-end=\"2605\">SensiTerre Mattone 20\u00d720 cm<\/strong> est une solution id\u00e9ale pour ceux qui recherchent une <strong data-start=\"2660\" data-end=\"2699\">esth\u00e9tique chaleureuse et naturelle<\/strong>, dans un <strong data-start=\"2709\" data-end=\"2732\">format traditionnel<\/strong>, avec toute la <strong data-start=\"2748\" data-end=\"2790\">technicit\u00e9 du gr\u00e8s c\u00e9rame contemporain<\/strong>.<\/p>\n<h3 data-start=\"1936\" data-end=\"1953\"><strong style=\"font-family: inherit; font-size: 30px;\">Vous avez des questions ?<\/strong><\/h3>\n<style id=\"wpforms-css-vars-3675\">\n\t\t\t\t#wpforms-3675 {\n\t\t\t\t\n\t\t\t}\n\t\t\t<\/style><div class=\"wpforms-container wpforms-container-full wpforms-render-modern\" id=\"wpforms-3675\"><form id=\"wpforms-form-3675\" class=\"wpforms-validate wpforms-form wpforms-ajax-form\" data-formid=\"3675\" method=\"post\" enctype=\"multipart\/form-data\" action=\"\/fr\/wp-json\/wp\/v2\/product\/15163\" data-token=\"86cfa3cd8fc4572532d762e2357ac556\" data-token-time=\"1777821262\"><noscript class=\"wpforms-error-noscript\">Veuillez activer JavaScript dans votre navigateur pour remplir ce formulaire.<\/noscript><div id=\"wpforms-error-noscript\" style=\"display: none;\">Veuillez activer JavaScript dans votre navigateur pour remplir ce formulaire.<\/div><div class=\"wpforms-field-container\"><div id=\"wpforms-3675-field_3-container\" class=\"wpforms-field wpforms-field-name\" data-field-id=\"3\"><fieldset><legend class=\"wpforms-field-label\">Nom <span class=\"wpforms-required-label\" aria-hidden=\"true\">*<\/span><\/legend><div class=\"wpforms-field-row wpforms-field-medium\"><div class=\"wpforms-field-row-block wpforms-first wpforms-one-half\"><input type=\"text\" id=\"wpforms-3675-field_3\" class=\"wpforms-field-name-first wpforms-field-required\" name=\"wpforms[fields][3][first]\" aria-errormessage=\"wpforms-3675-field_3-error\" required><label for=\"wpforms-3675-field_3\" class=\"wpforms-field-sublabel after\">Pr\u00e9nom<\/label><\/div><div class=\"wpforms-field-row-block wpforms-one-half\"><input type=\"text\" id=\"wpforms-3675-field_3-last\" class=\"wpforms-field-name-last wpforms-field-required\" name=\"wpforms[fields][3][last]\" aria-errormessage=\"wpforms-3675-field_3-last-error\" required><label for=\"wpforms-3675-field_3-last\" class=\"wpforms-field-sublabel after\">Nom<\/label><\/div><\/div><\/fieldset><\/div>\t\t<div id=\"wpforms-3675-field_1-container\"\n\t\t\tclass=\"wpforms-field wpforms-field-text\"\n\t\t\tdata-field-type=\"text\"\n\t\t\tdata-field-id=\"1\"\n\t\t\t>\n\t\t\t<label class=\"wpforms-field-label\" for=\"wpforms-3675-field_1\" >Message E-mail Nom<\/label>\n\t\t\t<input type=\"text\" id=\"wpforms-3675-field_1\" class=\"wpforms-field-medium\" name=\"wpforms[fields][1]\" >\n\t\t<\/div>\n\t\t<div id=\"wpforms-3675-field_4-container\" class=\"wpforms-field wpforms-field-email\" data-field-id=\"4\"><label class=\"wpforms-field-label\" for=\"wpforms-3675-field_4\">E-mail <span class=\"wpforms-required-label\" aria-hidden=\"true\">*<\/span><\/label><input type=\"email\" id=\"wpforms-3675-field_4\" class=\"wpforms-field-medium wpforms-field-required\" name=\"wpforms[fields][4]\" spellcheck=\"false\" aria-errormessage=\"wpforms-3675-field_4-error\" required><\/div><div id=\"wpforms-3675-field_5-container\" class=\"wpforms-field wpforms-field-textarea\" data-field-id=\"5\"><label class=\"wpforms-field-label\" for=\"wpforms-3675-field_5\">Message <span class=\"wpforms-required-label\" aria-hidden=\"true\">*<\/span><\/label><textarea id=\"wpforms-3675-field_5\" class=\"wpforms-field-medium wpforms-field-required\" name=\"wpforms[fields][5]\" aria-errormessage=\"wpforms-3675-field_5-error\" required><\/textarea><\/div><script>\n\t\t\t\t( function() {\n\t\t\t\t\tconst style = document.createElement( 'style' );\n\t\t\t\t\tstyle.appendChild( document.createTextNode( '#wpforms-3675-field_1-container { position: absolute !important; overflow: hidden !important; display: inline !important; height: 1px !important; width: 1px !important; z-index: -1000 !important; padding: 0 !important; } #wpforms-3675-field_1-container input { visibility: hidden; } #wpforms-conversational-form-page #wpforms-3675-field_1-container label { counter-increment: none; }' ) );\n\t\t\t\t\tdocument.head.appendChild( style );\n\t\t\t\t\tdocument.currentScript?.remove();\n\t\t\t\t} )();\n\t\t\t<\/script><\/div><!-- .wpforms-field-container --><div class=\"wpforms-submit-container\" ><input type=\"hidden\" name=\"wpforms[id]\" value=\"3675\"><input type=\"hidden\" name=\"page_title\" value=\"\"><input type=\"hidden\" name=\"page_url\" value=\"https:\/\/homeproject.fr\/fr\/wp-json\/wp\/v2\/product\/15163\"><input type=\"hidden\" name=\"url_referer\" value=\"\"><button type=\"submit\" name=\"wpforms[submit]\" id=\"wpforms-submit-3675\" class=\"wpforms-submit\" data-alt-text=\"Envoi...\" data-submit-text=\"Envoyer\" aria-live=\"assertive\" value=\"wpforms-submit\">Envoyer<\/button><img decoding=\"async\" src=\"https:\/\/homeproject.fr\/fr\/wp-content\/plugins\/wpforms-lite\/assets\/images\/submit-spin.svg\" class=\"wpforms-submit-spinner\" style=\"display: none;\" width=\"26\" height=\"26\" alt=\"Chargement en cours\"><\/div><\/form><\/div>  <!-- .wpforms-container -->\n","protected":false},"excerpt":{"rendered":"<p data-start=\"282\" data-end=\"633\">Le carrelage <strong data-start=\"295\" data-end=\"333\">Florim SensiTerre Mattone 20\u00d720 cm<\/strong> revisite le charme intemporel des sols en terre cuite dans un <strong data-start=\"396\" data-end=\"425\">format carr\u00e9 traditionnel<\/strong>, tout en adoptant les qualit\u00e9s techniques du gr\u00e8s c\u00e9rame moderne. Sa <strong data-start=\"495\" data-end=\"516\">finition naturale<\/strong> et son <strong data-start=\"524\" data-end=\"547\">effet ciment patin\u00e9<\/strong> apportent de la chaleur et du caract\u00e8re aux int\u00e9rieurs comme aux ext\u00e9rieurs couverts.<\/p>\n<p data-start=\"635\" data-end=\"912\">Class\u00e9 <strong data-start=\"642\" data-end=\"653\">R10 PTV<\/strong>, ce mod\u00e8le est adapt\u00e9 aux zones r\u00e9sidentielles \u00e0 circulation normale, y compris les pi\u00e8ces humides comme les cuisines et salles de bains. Sa <strong data-start=\"795\" data-end=\"813\">teinte Mattone<\/strong>, inspir\u00e9e de l\u2019argile cuite, donne un esprit authentique et m\u00e9diterran\u00e9en \u00e0 tous vos projets d\u00e9co.<\/p>\n","protected":false},"featured_media":15164,"template":"","meta":{"_uf_show_specific_survey":0,"_uf_disable_surveys":false,"iawp_total_views":11},"product_brand":[607],"product_cat":[123,20,502],"product_tag":[],"class_list":{"0":"post-15163","1":"product","2":"type-product","3":"status-publish","4":"has-post-thumbnail","6":"product_brand-florim","7":"product_cat-aspect-beton","8":"product_cat-carrelage","9":"product_cat-terre-cuite","10":"product_shipping_class-carrelage","11":"pa_collection-sensiterre-par-florim","12":"pa_designer-matteo-thun","13":"pa_dimensions-nominales-20x20","14":"pa_effet-beton","15":"pa_effet-terre-cuite","16":"pa_epaisseur-9mm","17":"pa_marque-florim","18":"pa_materiau-gres-cerame-non-emaille","20":"first","21":"instock","22":"sale","23":"taxable","24":"shipping-taxable","25":"purchasable","26":"product-type-simple"},"yoast_head":"<!-- This site is optimized with the Yoast SEO plugin v27.5 - https:\/\/yoast.com\/product\/yoast-seo-wordpress\/ -->\n<title>Carrelage Florim SensiTerre Mattone Naturale 20x20 R10 PTV 9mm - Homeproject.fr<\/title>\n<meta name=\"robots\" content=\"index, follow, max-snippet:-1, max-image-preview:large, max-video-preview:-1\" \/>\n<link rel=\"canonical\" href=\"https:\/\/homeproject.fr\/fr\/produit\/carrelage-florim-sensiterre-mattone-naturale-20x20-r10-ptv-9mm\/\" \/>\n<meta property=\"og:locale\" content=\"fr_FR\" \/>\n<meta property=\"og:type\" content=\"article\" \/>\n<meta property=\"og:title\" content=\"Carrelage Florim SensiTerre Mattone Naturale 20x20 R10 PTV 9mm - Homeproject.fr\" \/>\n<meta property=\"og:description\" content=\"Le carrelage Florim SensiTerre Mattone 20\u00d720 cm revisite le charme intemporel des sols en terre cuite dans un format carr\u00e9 traditionnel, tout en adoptant les qualit\u00e9s techniques du gr\u00e8s c\u00e9rame moderne. Sa finition naturale et son effet ciment patin\u00e9 apportent de la chaleur et du caract\u00e8re aux int\u00e9rieurs comme aux ext\u00e9rieurs couverts. Class\u00e9 R10 PTV, ce mod\u00e8le est adapt\u00e9 aux zones r\u00e9sidentielles \u00e0 circulation normale, y compris les pi\u00e8ces humides comme les cuisines et salles de bains. Sa teinte Mattone, inspir\u00e9e de l\u2019argile cuite, donne un esprit authentique et m\u00e9diterran\u00e9en \u00e0 tous vos projets d\u00e9co.\" \/>\n<meta property=\"og:url\" content=\"https:\/\/homeproject.fr\/fr\/produit\/carrelage-florim-sensiterre-mattone-naturale-20x20-r10-ptv-9mm\/\" \/>\n<meta property=\"og:site_name\" content=\"Homeproject.fr\" \/>\n<meta property=\"article:modified_time\" content=\"2025-08-22T09:52:07+00:00\" \/>\n<meta property=\"og:image\" content=\"https:\/\/homeproject.fr\/fr\/wp-content\/uploads\/2025\/08\/Carrelage-contemporain-aspect-terre-cuite-petit-format-SensiTerre-Florim-Mattone-20x20-Naturale-R10-PTV-781795.jpg\" \/>\n\t<meta property=\"og:image:width\" content=\"1500\" \/>\n\t<meta property=\"og:image:height\" content=\"1500\" \/>\n\t<meta property=\"og:image:type\" content=\"image\/jpeg\" \/>\n<meta name=\"twitter:card\" content=\"summary_large_image\" \/>\n<meta name=\"twitter:label1\" content=\"Dur\u00e9e de lecture estim\u00e9e\" \/>\n\t<meta name=\"twitter:data1\" content=\"2 minutes\" \/>\n<script type=\"application\/ld+json\" class=\"yoast-schema-graph\">{\"@context\":\"https:\\\/\\\/schema.org\",\"@graph\":[{\"@type\":\"WebPage\",\"@id\":\"https:\\\/\\\/homeproject.fr\\\/fr\\\/produit\\\/carrelage-florim-sensiterre-mattone-naturale-20x20-r10-ptv-9mm\\\/\",\"url\":\"https:\\\/\\\/homeproject.fr\\\/fr\\\/produit\\\/carrelage-florim-sensiterre-mattone-naturale-20x20-r10-ptv-9mm\\\/\",\"name\":\"Carrelage Florim SensiTerre Mattone Naturale 20x20 R10 PTV 9mm - Homeproject.fr\",\"isPartOf\":{\"@id\":\"https:\\\/\\\/homeproject.fr\\\/fr\\\/#website\"},\"primaryImageOfPage\":{\"@id\":\"https:\\\/\\\/homeproject.fr\\\/fr\\\/produit\\\/carrelage-florim-sensiterre-mattone-naturale-20x20-r10-ptv-9mm\\\/#primaryimage\"},\"image\":{\"@id\":\"https:\\\/\\\/homeproject.fr\\\/fr\\\/produit\\\/carrelage-florim-sensiterre-mattone-naturale-20x20-r10-ptv-9mm\\\/#primaryimage\"},\"thumbnailUrl\":\"https:\\\/\\\/homeproject.fr\\\/fr\\\/wp-content\\\/uploads\\\/2025\\\/08\\\/Carrelage-contemporain-aspect-terre-cuite-petit-format-SensiTerre-Florim-Mattone-20x20-Naturale-R10-PTV-781795.jpg\",\"datePublished\":\"2025-08-22T09:46:51+00:00\",\"dateModified\":\"2025-08-22T09:52:07+00:00\",\"breadcrumb\":{\"@id\":\"https:\\\/\\\/homeproject.fr\\\/fr\\\/produit\\\/carrelage-florim-sensiterre-mattone-naturale-20x20-r10-ptv-9mm\\\/#breadcrumb\"},\"inLanguage\":\"fr-FR\",\"potentialAction\":[{\"@type\":\"ReadAction\",\"target\":[\"https:\\\/\\\/homeproject.fr\\\/fr\\\/produit\\\/carrelage-florim-sensiterre-mattone-naturale-20x20-r10-ptv-9mm\\\/\"]}]},{\"@type\":\"ImageObject\",\"inLanguage\":\"fr-FR\",\"@id\":\"https:\\\/\\\/homeproject.fr\\\/fr\\\/produit\\\/carrelage-florim-sensiterre-mattone-naturale-20x20-r10-ptv-9mm\\\/#primaryimage\",\"url\":\"https:\\\/\\\/homeproject.fr\\\/fr\\\/wp-content\\\/uploads\\\/2025\\\/08\\\/Carrelage-contemporain-aspect-terre-cuite-petit-format-SensiTerre-Florim-Mattone-20x20-Naturale-R10-PTV-781795.jpg\",\"contentUrl\":\"https:\\\/\\\/homeproject.fr\\\/fr\\\/wp-content\\\/uploads\\\/2025\\\/08\\\/Carrelage-contemporain-aspect-terre-cuite-petit-format-SensiTerre-Florim-Mattone-20x20-Naturale-R10-PTV-781795.jpg\",\"width\":1500,\"height\":1500},{\"@type\":\"BreadcrumbList\",\"@id\":\"https:\\\/\\\/homeproject.fr\\\/fr\\\/produit\\\/carrelage-florim-sensiterre-mattone-naturale-20x20-r10-ptv-9mm\\\/#breadcrumb\",\"itemListElement\":[{\"@type\":\"ListItem\",\"position\":1,\"name\":\"Accueil\",\"item\":\"https:\\\/\\\/homeproject.fr\\\/fr\\\/\"},{\"@type\":\"ListItem\",\"position\":2,\"name\":\"Boutique\",\"item\":\"https:\\\/\\\/homeproject.fr\\\/fr\\\/boutique\\\/\"},{\"@type\":\"ListItem\",\"position\":3,\"name\":\"Carrelage Florim SensiTerre Mattone Naturale 20&#215;20 R10 PTV 9mm\"}]},{\"@type\":\"WebSite\",\"@id\":\"https:\\\/\\\/homeproject.fr\\\/fr\\\/#website\",\"url\":\"https:\\\/\\\/homeproject.fr\\\/fr\\\/\",\"name\":\"Homeproject.fr\",\"description\":\"Offrez l&#039;exceptionnel \u00e0 vos espaces \u00e0 vivre\",\"publisher\":{\"@id\":\"https:\\\/\\\/homeproject.fr\\\/fr\\\/#organization\"},\"potentialAction\":[{\"@type\":\"SearchAction\",\"target\":{\"@type\":\"EntryPoint\",\"urlTemplate\":\"https:\\\/\\\/homeproject.fr\\\/fr\\\/?s={search_term_string}\"},\"query-input\":{\"@type\":\"PropertyValueSpecification\",\"valueRequired\":true,\"valueName\":\"search_term_string\"}}],\"inLanguage\":\"fr-FR\"},{\"@type\":\"Organization\",\"@id\":\"https:\\\/\\\/homeproject.fr\\\/fr\\\/#organization\",\"name\":\"Homeproject.fr\",\"url\":\"https:\\\/\\\/homeproject.fr\\\/fr\\\/\",\"logo\":{\"@type\":\"ImageObject\",\"inLanguage\":\"fr-FR\",\"@id\":\"https:\\\/\\\/homeproject.fr\\\/fr\\\/#\\\/schema\\\/logo\\\/image\\\/\",\"url\":\"https:\\\/\\\/homeproject.fr\\\/fr\\\/wp-content\\\/uploads\\\/2024\\\/12\\\/Logo_HomeProject-noir-2.png\",\"contentUrl\":\"https:\\\/\\\/homeproject.fr\\\/fr\\\/wp-content\\\/uploads\\\/2024\\\/12\\\/Logo_HomeProject-noir-2.png\",\"width\":300,\"height\":91,\"caption\":\"Homeproject.fr\"},\"image\":{\"@id\":\"https:\\\/\\\/homeproject.fr\\\/fr\\\/#\\\/schema\\\/logo\\\/image\\\/\"}}]}<\/script>\n<!-- \/ Yoast SEO plugin. -->","yoast_head_json":{"title":"Carrelage Florim SensiTerre Mattone Naturale 20x20 R10 PTV 9mm - Homeproject.fr","robots":{"index":"index","follow":"follow","max-snippet":"max-snippet:-1","max-image-preview":"max-image-preview:large","max-video-preview":"max-video-preview:-1"},"canonical":"https:\/\/homeproject.fr\/fr\/produit\/carrelage-florim-sensiterre-mattone-naturale-20x20-r10-ptv-9mm\/","og_locale":"fr_FR","og_type":"article","og_title":"Carrelage Florim SensiTerre Mattone Naturale 20x20 R10 PTV 9mm - Homeproject.fr","og_description":"Le carrelage Florim SensiTerre Mattone 20\u00d720 cm revisite le charme intemporel des sols en terre cuite dans un format carr\u00e9 traditionnel, tout en adoptant les qualit\u00e9s techniques du gr\u00e8s c\u00e9rame moderne. Sa finition naturale et son effet ciment patin\u00e9 apportent de la chaleur et du caract\u00e8re aux int\u00e9rieurs comme aux ext\u00e9rieurs couverts. Class\u00e9 R10 PTV, ce mod\u00e8le est adapt\u00e9 aux zones r\u00e9sidentielles \u00e0 circulation normale, y compris les pi\u00e8ces humides comme les cuisines et salles de bains. Sa teinte Mattone, inspir\u00e9e de l\u2019argile cuite, donne un esprit authentique et m\u00e9diterran\u00e9en \u00e0 tous vos projets d\u00e9co.","og_url":"https:\/\/homeproject.fr\/fr\/produit\/carrelage-florim-sensiterre-mattone-naturale-20x20-r10-ptv-9mm\/","og_site_name":"Homeproject.fr","article_modified_time":"2025-08-22T09:52:07+00:00","og_image":[{"width":1500,"height":1500,"url":"https:\/\/homeproject.fr\/fr\/wp-content\/uploads\/2025\/08\/Carrelage-contemporain-aspect-terre-cuite-petit-format-SensiTerre-Florim-Mattone-20x20-Naturale-R10-PTV-781795.jpg","type":"image\/jpeg"}],"twitter_card":"summary_large_image","twitter_misc":{"Dur\u00e9e de lecture estim\u00e9e":"2 minutes"},"schema":{"@context":"https:\/\/schema.org","@graph":[{"@type":"WebPage","@id":"https:\/\/homeproject.fr\/fr\/produit\/carrelage-florim-sensiterre-mattone-naturale-20x20-r10-ptv-9mm\/","url":"https:\/\/homeproject.fr\/fr\/produit\/carrelage-florim-sensiterre-mattone-naturale-20x20-r10-ptv-9mm\/","name":"Carrelage Florim SensiTerre Mattone Naturale 20x20 R10 PTV 9mm - Homeproject.fr","isPartOf":{"@id":"https:\/\/homeproject.fr\/fr\/#website"},"primaryImageOfPage":{"@id":"https:\/\/homeproject.fr\/fr\/produit\/carrelage-florim-sensiterre-mattone-naturale-20x20-r10-ptv-9mm\/#primaryimage"},"image":{"@id":"https:\/\/homeproject.fr\/fr\/produit\/carrelage-florim-sensiterre-mattone-naturale-20x20-r10-ptv-9mm\/#primaryimage"},"thumbnailUrl":"https:\/\/homeproject.fr\/fr\/wp-content\/uploads\/2025\/08\/Carrelage-contemporain-aspect-terre-cuite-petit-format-SensiTerre-Florim-Mattone-20x20-Naturale-R10-PTV-781795.jpg","datePublished":"2025-08-22T09:46:51+00:00","dateModified":"2025-08-22T09:52:07+00:00","breadcrumb":{"@id":"https:\/\/homeproject.fr\/fr\/produit\/carrelage-florim-sensiterre-mattone-naturale-20x20-r10-ptv-9mm\/#breadcrumb"},"inLanguage":"fr-FR","potentialAction":[{"@type":"ReadAction","target":["https:\/\/homeproject.fr\/fr\/produit\/carrelage-florim-sensiterre-mattone-naturale-20x20-r10-ptv-9mm\/"]}]},{"@type":"ImageObject","inLanguage":"fr-FR","@id":"https:\/\/homeproject.fr\/fr\/produit\/carrelage-florim-sensiterre-mattone-naturale-20x20-r10-ptv-9mm\/#primaryimage","url":"https:\/\/homeproject.fr\/fr\/wp-content\/uploads\/2025\/08\/Carrelage-contemporain-aspect-terre-cuite-petit-format-SensiTerre-Florim-Mattone-20x20-Naturale-R10-PTV-781795.jpg","contentUrl":"https:\/\/homeproject.fr\/fr\/wp-content\/uploads\/2025\/08\/Carrelage-contemporain-aspect-terre-cuite-petit-format-SensiTerre-Florim-Mattone-20x20-Naturale-R10-PTV-781795.jpg","width":1500,"height":1500},{"@type":"BreadcrumbList","@id":"https:\/\/homeproject.fr\/fr\/produit\/carrelage-florim-sensiterre-mattone-naturale-20x20-r10-ptv-9mm\/#breadcrumb","itemListElement":[{"@type":"ListItem","position":1,"name":"Accueil","item":"https:\/\/homeproject.fr\/fr\/"},{"@type":"ListItem","position":2,"name":"Boutique","item":"https:\/\/homeproject.fr\/fr\/boutique\/"},{"@type":"ListItem","position":3,"name":"Carrelage Florim SensiTerre Mattone Naturale 20&#215;20 R10 PTV 9mm"}]},{"@type":"WebSite","@id":"https:\/\/homeproject.fr\/fr\/#website","url":"https:\/\/homeproject.fr\/fr\/","name":"Homeproject.fr","description":"Offrez l&#039;exceptionnel \u00e0 vos espaces \u00e0 vivre","publisher":{"@id":"https:\/\/homeproject.fr\/fr\/#organization"},"potentialAction":[{"@type":"SearchAction","target":{"@type":"EntryPoint","urlTemplate":"https:\/\/homeproject.fr\/fr\/?s={search_term_string}"},"query-input":{"@type":"PropertyValueSpecification","valueRequired":true,"valueName":"search_term_string"}}],"inLanguage":"fr-FR"},{"@type":"Organization","@id":"https:\/\/homeproject.fr\/fr\/#organization","name":"Homeproject.fr","url":"https:\/\/homeproject.fr\/fr\/","logo":{"@type":"ImageObject","inLanguage":"fr-FR","@id":"https:\/\/homeproject.fr\/fr\/#\/schema\/logo\/image\/","url":"https:\/\/homeproject.fr\/fr\/wp-content\/uploads\/2024\/12\/Logo_HomeProject-noir-2.png","contentUrl":"https:\/\/homeproject.fr\/fr\/wp-content\/uploads\/2024\/12\/Logo_HomeProject-noir-2.png","width":300,"height":91,"caption":"Homeproject.fr"},"image":{"@id":"https:\/\/homeproject.fr\/fr\/#\/schema\/logo\/image\/"}}]}},"_links":{"self":[{"href":"https:\/\/homeproject.fr\/fr\/wp-json\/wp\/v2\/product\/15163","targetHints":{"allow":["GET"]}}],"collection":[{"href":"https:\/\/homeproject.fr\/fr\/wp-json\/wp\/v2\/product"}],"about":[{"href":"https:\/\/homeproject.fr\/fr\/wp-json\/wp\/v2\/types\/product"}],"version-history":[{"count":2,"href":"https:\/\/homeproject.fr\/fr\/wp-json\/wp\/v2\/product\/15163\/revisions"}],"predecessor-version":[{"id":15166,"href":"https:\/\/homeproject.fr\/fr\/wp-json\/wp\/v2\/product\/15163\/revisions\/15166"}],"wp:featuredmedia":[{"embeddable":true,"href":"https:\/\/homeproject.fr\/fr\/wp-json\/wp\/v2\/media\/15164"}],"wp:attachment":[{"href":"https:\/\/homeproject.fr\/fr\/wp-json\/wp\/v2\/media?parent=15163"}],"wp:term":[{"taxonomy":"product_brand","embeddable":true,"href":"https:\/\/homeproject.fr\/fr\/wp-json\/wp\/v2\/product_brand?post=15163"},{"taxonomy":"product_cat","embeddable":true,"href":"https:\/\/homeproject.fr\/fr\/wp-json\/wp\/v2\/product_cat?post=15163"},{"taxonomy":"product_tag","embeddable":true,"href":"https:\/\/homeproject.fr\/fr\/wp-json\/wp\/v2\/product_tag?post=15163"}],"curies":[{"name":"wp","href":"https:\/\/api.w.org\/{rel}","templated":true}]}}