{"id":15153,"date":"2025-08-22T09:01:47","date_gmt":"2025-08-22T09:01:47","guid":{"rendered":"https:\/\/homeproject.fr\/fr\/?post_type=product&#038;p=15153"},"modified":"2025-08-22T10:45:23","modified_gmt":"2025-08-22T10:45:23","slug":"carrelage-florim-sensiterre-mattone-naturale-tavella-and-listello-40x30-r10-ptv-9mm","status":"publish","type":"product","link":"https:\/\/homeproject.fr\/fr\/produit\/carrelage-florim-sensiterre-mattone-naturale-tavella-and-listello-40x30-r10-ptv-9mm\/","title":{"rendered":"Carrelage Florim SensiTerre Mattone Naturale Tavella and Listello 40&#215;30 R10 PTV 9mm"},"content":{"rendered":"<p><strong><a href=\"https:\/\/homeproject.fr\/fr\/produit\/echantillon-carrelage-florim-sensiterre-mattone-tavella-and-listello-40x30-781817\/\">Commander un \u00e9chantillon<\/a><\/strong><\/p>\n<div class=\"_tableContainer_sk2ct_1\">\n<div class=\"_tableWrapper_sk2ct_13 group flex w-fit flex-col-reverse\" tabindex=\"-1\">\n<h3 data-start=\"977\" data-end=\"1012\"><strong data-start=\"981\" data-end=\"1012\">Caract\u00e9ristiques techniques<\/strong><\/h3>\n<div class=\"_tableContainer_sk2ct_1\">\n<div class=\"_tableWrapper_sk2ct_13 group flex w-fit flex-col-reverse\" tabindex=\"-1\">\n<table class=\"w-fit min-w-(--thread-content-width)\" data-start=\"1014\" data-end=\"1989\">\n<thead data-start=\"1014\" data-end=\"1094\">\n<tr data-start=\"1014\" data-end=\"1094\">\n<th data-start=\"1014\" data-end=\"1042\" data-col-size=\"sm\"><strong data-start=\"1016\" data-end=\"1033\">Sp\u00e9cification<\/strong><\/th>\n<th data-start=\"1042\" data-end=\"1094\" data-col-size=\"md\"><strong data-start=\"1044\" data-end=\"1054\">D\u00e9tail<\/strong><\/th>\n<\/tr>\n<\/thead>\n<tbody data-start=\"1176\" data-end=\"1989\">\n<tr data-start=\"1176\" data-end=\"1257\">\n<td data-start=\"1176\" data-end=\"1204\" data-col-size=\"sm\">Marque<\/td>\n<td data-col-size=\"md\" data-start=\"1204\" data-end=\"1257\">Florim<\/td>\n<\/tr>\n<tr data-start=\"1258\" data-end=\"1339\">\n<td data-start=\"1258\" data-end=\"1286\" data-col-size=\"sm\">Collection<\/td>\n<td data-col-size=\"md\" data-start=\"1286\" data-end=\"1339\">SensiTerre<\/td>\n<\/tr>\n<tr data-start=\"1340\" data-end=\"1421\">\n<td data-start=\"1340\" data-end=\"1368\" data-col-size=\"sm\">Mod\u00e8le \/ R\u00e9f\u00e9rence<\/td>\n<td data-col-size=\"md\" data-start=\"1368\" data-end=\"1421\">Mattone \u2013 781817<\/td>\n<\/tr>\n<tr data-start=\"1422\" data-end=\"1502\">\n<td data-start=\"1422\" data-end=\"1450\" data-col-size=\"sm\">Format<\/td>\n<td data-col-size=\"md\" data-start=\"1450\" data-end=\"1502\">30 \u00d7 40 cm (modulaire avec listels 15\u00d730 et 5\u00d730)<\/td>\n<\/tr>\n<tr data-start=\"1503\" data-end=\"1584\">\n<td data-start=\"1503\" data-end=\"1531\" data-col-size=\"sm\">\u00c9paisseur<\/td>\n<td data-col-size=\"md\" data-start=\"1531\" data-end=\"1584\">9 mm<\/td>\n<\/tr>\n<tr data-start=\"1585\" data-end=\"1665\">\n<td data-start=\"1585\" data-end=\"1613\" data-col-size=\"sm\">Finition<\/td>\n<td data-col-size=\"md\" data-start=\"1613\" data-end=\"1665\">Naturelle (mate, douce au toucher)<\/td>\n<\/tr>\n<tr data-start=\"1666\" data-end=\"1746\">\n<td data-start=\"1666\" data-end=\"1694\" data-col-size=\"sm\">Antid\u00e9rapance<\/td>\n<td data-col-size=\"md\" data-start=\"1694\" data-end=\"1746\">R10 PTV \u2013 adh\u00e9rence mod\u00e9r\u00e9e<\/td>\n<\/tr>\n<tr data-start=\"1747\" data-end=\"1827\">\n<td data-start=\"1747\" data-end=\"1775\" data-col-size=\"sm\">Effet<\/td>\n<td data-col-size=\"md\" data-start=\"1775\" data-end=\"1827\">Ciment \u2013 Terre cuite contemporaine<\/td>\n<\/tr>\n<tr data-start=\"1828\" data-end=\"1908\">\n<td data-start=\"1828\" data-end=\"1856\" data-col-size=\"sm\">Teinte<\/td>\n<td data-col-size=\"md\" data-start=\"1856\" data-end=\"1908\">Mattone (rouge argile naturel)<\/td>\n<\/tr>\n<tr data-start=\"1909\" data-end=\"1989\">\n<td data-start=\"1909\" data-end=\"1937\" data-col-size=\"sm\">Utilisation<\/td>\n<td data-col-size=\"md\" data-start=\"1937\" data-end=\"1989\">Sols & murs \u2013 int\u00e9rieur, zones humides possibles<\/td>\n<\/tr>\n<\/tbody>\n<\/table>\n<\/div>\n<\/div>\n<\/div>\n<\/div>\n<h3 data-start=\"1996\" data-end=\"2013\"><strong data-start=\"2000\" data-end=\"2013\">Avantages<\/strong><\/h3>\n<ul data-start=\"2014\" data-end=\"2373\">\n<li data-start=\"2014\" data-end=\"2119\">\n<p data-start=\"2016\" data-end=\"2119\"><strong data-start=\"2016\" data-end=\"2066\">Format original 30\u00d740 cm avec listels int\u00e9gr\u00e9s<\/strong> : id\u00e9al pour compositions modulaires ou graphiques<\/p>\n<\/li>\n<li data-start=\"2120\" data-end=\"2203\">\n<p data-start=\"2122\" data-end=\"2203\"><strong data-start=\"2122\" data-end=\"2147\">Surface R10 naturelle<\/strong> : confort d\u2019usage au quotidien, m\u00eame en zones humides<\/p>\n<\/li>\n<li data-start=\"2204\" data-end=\"2297\">\n<p data-start=\"2206\" data-end=\"2297\"><strong data-start=\"2206\" data-end=\"2241\">Esth\u00e9tique artisanale revisit\u00e9e<\/strong> : id\u00e9ale pour les int\u00e9rieurs authentiques ou modernes<\/p>\n<\/li>\n<li data-start=\"2298\" data-end=\"2373\">\n<p data-start=\"2300\" data-end=\"2373\"><strong data-start=\"2300\" data-end=\"2324\">Facilit\u00e9 d\u2019entretien<\/strong> : surface r\u00e9sistante, non poreuse, sign\u00e9e Florim<\/p>\n<\/li>\n<\/ul>\n<hr data-start=\"2375\" data-end=\"2378\" \/>\n<h3 data-start=\"2380\" data-end=\"2413\"><strong data-start=\"2384\" data-end=\"2413\">Applications recommand\u00e9es<\/strong><\/h3>\n<ul data-start=\"2414\" data-end=\"2627\">\n<li data-start=\"2414\" data-end=\"2448\">\n<p data-start=\"2416\" data-end=\"2448\">Sols d\u2019entr\u00e9e, s\u00e9jour, chambre<\/p>\n<\/li>\n<li data-start=\"2449\" data-end=\"2507\">\n<p data-start=\"2451\" data-end=\"2507\">Habillages muraux (murs de cuisine, de salle de bains)<\/p>\n<\/li>\n<li data-start=\"2508\" data-end=\"2559\">\n<p data-start=\"2510\" data-end=\"2559\">Projets d\u00e9coratifs ou architecturaux int\u00e9rieurs<\/p>\n<\/li>\n<li data-start=\"2560\" data-end=\"2627\">\n<p data-start=\"2562\" data-end=\"2627\">Espaces h\u00f4teliers ou tertiaires \u00e0 l\u2019esth\u00e9tique brute et naturelle<\/p>\n<\/li>\n<\/ul>\n<hr data-start=\"2629\" data-end=\"2632\" \/>\n<h3 data-start=\"2634\" data-end=\"2651\"><strong data-start=\"2638\" data-end=\"2651\">En r\u00e9sum\u00e9<\/strong><\/h3>\n<p data-start=\"2652\" data-end=\"2921\">Le <strong data-start=\"2655\" data-end=\"2703\">carrelage Florim SensiTerre Mattone 30\u00d740 cm<\/strong> est une solution <strong data-start=\"2721\" data-end=\"2759\">esth\u00e9tique, technique et modulaire<\/strong> pour sublimer vos espaces avec <strong data-start=\"2791\" data-end=\"2821\">chaleur, mati\u00e8re et relief<\/strong>. Parfait pour une ambiance m\u00e9diterran\u00e9enne contemporaine, avec la fiabilit\u00e9 du gr\u00e8s c\u00e9rame italien.<\/p>\n<h3 data-start=\"2010\" data-end=\"2027\"><strong style=\"font-family: inherit; font-size: 30px;\">Vous avez des questions ?<\/strong><\/h3>\n<style id=\"wpforms-css-vars-3675\">\n\t\t\t\t#wpforms-3675 {\n\t\t\t\t\n\t\t\t}\n\t\t\t<\/style><div class=\"wpforms-container wpforms-container-full wpforms-render-modern\" id=\"wpforms-3675\"><form id=\"wpforms-form-3675\" class=\"wpforms-validate wpforms-form wpforms-ajax-form\" data-formid=\"3675\" method=\"post\" enctype=\"multipart\/form-data\" action=\"\/fr\/wp-json\/wp\/v2\/product\/15153\" data-token=\"86cfa3cd8fc4572532d762e2357ac556\" data-token-time=\"1777849696\"><noscript class=\"wpforms-error-noscript\">Veuillez activer JavaScript dans votre navigateur pour remplir ce formulaire.<\/noscript><div id=\"wpforms-error-noscript\" style=\"display: none;\">Veuillez activer JavaScript dans votre navigateur pour remplir ce formulaire.<\/div><div class=\"wpforms-field-container\"><div id=\"wpforms-3675-field_3-container\" class=\"wpforms-field wpforms-field-name\" data-field-id=\"3\"><fieldset><legend class=\"wpforms-field-label\">Nom <span class=\"wpforms-required-label\" aria-hidden=\"true\">*<\/span><\/legend><div class=\"wpforms-field-row wpforms-field-medium\"><div class=\"wpforms-field-row-block wpforms-first wpforms-one-half\"><input type=\"text\" id=\"wpforms-3675-field_3\" class=\"wpforms-field-name-first wpforms-field-required\" name=\"wpforms[fields][3][first]\" aria-errormessage=\"wpforms-3675-field_3-error\" required><label for=\"wpforms-3675-field_3\" class=\"wpforms-field-sublabel after\">Pr\u00e9nom<\/label><\/div><div class=\"wpforms-field-row-block wpforms-one-half\"><input type=\"text\" id=\"wpforms-3675-field_3-last\" class=\"wpforms-field-name-last wpforms-field-required\" name=\"wpforms[fields][3][last]\" aria-errormessage=\"wpforms-3675-field_3-last-error\" required><label for=\"wpforms-3675-field_3-last\" class=\"wpforms-field-sublabel after\">Nom<\/label><\/div><\/div><\/fieldset><\/div><div id=\"wpforms-3675-field_4-container\" class=\"wpforms-field wpforms-field-email\" data-field-id=\"4\"><label class=\"wpforms-field-label\" for=\"wpforms-3675-field_4\">E-mail <span class=\"wpforms-required-label\" aria-hidden=\"true\">*<\/span><\/label><input type=\"email\" id=\"wpforms-3675-field_4\" class=\"wpforms-field-medium wpforms-field-required\" name=\"wpforms[fields][4]\" spellcheck=\"false\" aria-errormessage=\"wpforms-3675-field_4-error\" required><\/div>\t\t<div id=\"wpforms-3675-field_1-container\"\n\t\t\tclass=\"wpforms-field wpforms-field-text\"\n\t\t\tdata-field-type=\"text\"\n\t\t\tdata-field-id=\"1\"\n\t\t\t>\n\t\t\t<label class=\"wpforms-field-label\" for=\"wpforms-3675-field_1\" >Message E-mail Nom<\/label>\n\t\t\t<input type=\"text\" id=\"wpforms-3675-field_1\" class=\"wpforms-field-medium\" name=\"wpforms[fields][1]\" >\n\t\t<\/div>\n\t\t<div id=\"wpforms-3675-field_5-container\" class=\"wpforms-field wpforms-field-textarea\" data-field-id=\"5\"><label class=\"wpforms-field-label\" for=\"wpforms-3675-field_5\">Message <span class=\"wpforms-required-label\" aria-hidden=\"true\">*<\/span><\/label><textarea id=\"wpforms-3675-field_5\" class=\"wpforms-field-medium wpforms-field-required\" name=\"wpforms[fields][5]\" aria-errormessage=\"wpforms-3675-field_5-error\" required><\/textarea><\/div><script>\n\t\t\t\t( function() {\n\t\t\t\t\tconst style = document.createElement( 'style' );\n\t\t\t\t\tstyle.appendChild( document.createTextNode( '#wpforms-3675-field_1-container { position: absolute !important; overflow: hidden !important; display: inline !important; height: 1px !important; width: 1px !important; z-index: -1000 !important; padding: 0 !important; } #wpforms-3675-field_1-container input { visibility: hidden; } #wpforms-conversational-form-page #wpforms-3675-field_1-container label { counter-increment: none; }' ) );\n\t\t\t\t\tdocument.head.appendChild( style );\n\t\t\t\t\tdocument.currentScript?.remove();\n\t\t\t\t} )();\n\t\t\t<\/script><\/div><!-- .wpforms-field-container --><div class=\"wpforms-submit-container\" ><input type=\"hidden\" name=\"wpforms[id]\" value=\"3675\"><input type=\"hidden\" name=\"page_title\" value=\"\"><input type=\"hidden\" name=\"page_url\" value=\"https:\/\/homeproject.fr\/fr\/wp-json\/wp\/v2\/product\/15153\"><input type=\"hidden\" name=\"url_referer\" value=\"\"><button type=\"submit\" name=\"wpforms[submit]\" id=\"wpforms-submit-3675\" class=\"wpforms-submit\" data-alt-text=\"Envoi...\" data-submit-text=\"Envoyer\" aria-live=\"assertive\" value=\"wpforms-submit\">Envoyer<\/button><img decoding=\"async\" src=\"https:\/\/homeproject.fr\/fr\/wp-content\/plugins\/wpforms-lite\/assets\/images\/submit-spin.svg\" class=\"wpforms-submit-spinner\" style=\"display: none;\" width=\"26\" height=\"26\" alt=\"Chargement en cours\"><\/div><\/form><\/div>  <!-- .wpforms-container -->\n","protected":false},"excerpt":{"rendered":"<p data-start=\"282\" data-end=\"627\">Le mod\u00e8le <strong data-start=\"292\" data-end=\"323\">SensiTerre Mattone 30\u00d740 cm<\/strong> de Florim revisite les codes de la terre cuite traditionnelle avec une <strong data-start=\"395\" data-end=\"430\">approche modulaire et graphique<\/strong>. Compos\u00e9 de dalles int\u00e9grant des <strong data-start=\"464\" data-end=\"495\">listels verticaux de 15&#215;30 et 5&#215;30<\/strong>, ce format unique permet de cr\u00e9er des rythmes visuels sophistiqu\u00e9s tout en conservant l\u2019<strong data-start=\"584\" data-end=\"609\">authenticit\u00e9 min\u00e9rale<\/strong> de la collection.<\/p>\n<p data-start=\"629\" data-end=\"970\">Sa <strong data-start=\"632\" data-end=\"653\">finitura naturale<\/strong>, douce et mate, associ\u00e9e \u00e0 une <strong data-start=\"685\" data-end=\"718\">surface antid\u00e9rapante R10 PTV<\/strong>, le rend parfaitement adapt\u00e9 aux usages r\u00e9sidentiels : <strong data-start=\"774\" data-end=\"813\">sols, murs ou habillages d\u00e9coratifs<\/strong>. La <strong data-start=\"818\" data-end=\"836\">teinte Mattone<\/strong>, d\u2019un rouge terre cuite profond et nuanc\u00e9, apporte chaleur et personnalit\u00e9 aux int\u00e9rieurs contemporains comme aux lieux de caract\u00e8re.<\/p>\n","protected":false},"featured_media":15152,"template":"","meta":{"_uf_show_specific_survey":0,"_uf_disable_surveys":false,"iawp_total_views":50},"product_brand":[607],"product_cat":[123,20,502],"product_tag":[],"class_list":{"0":"post-15153","1":"product","2":"type-product","3":"status-publish","4":"has-post-thumbnail","6":"product_brand-florim","7":"product_cat-aspect-beton","8":"product_cat-carrelage","9":"product_cat-terre-cuite","10":"product_shipping_class-carrelage","11":"pa_collection-sensiterre-par-florim","12":"pa_designer-matteo-thun","13":"pa_dimensions-nominales-30x30","14":"pa_effet-beton","15":"pa_effet-terre-cuite","16":"pa_epaisseur-9mm","17":"pa_marque-florim","18":"pa_materiau-gres-cerame-non-emaille","20":"first","21":"instock","22":"sale","23":"taxable","24":"shipping-taxable","25":"purchasable","26":"product-type-simple"},"yoast_head":"<!-- This site is optimized with the Yoast SEO plugin v27.5 - https:\/\/yoast.com\/product\/yoast-seo-wordpress\/ -->\n<title>Carrelage Florim SensiTerre Mattone Naturale Tavella and Listello 40x30 R10 PTV 9mm - Homeproject.fr<\/title>\n<meta name=\"robots\" content=\"index, follow, max-snippet:-1, max-image-preview:large, max-video-preview:-1\" \/>\n<link rel=\"canonical\" href=\"https:\/\/homeproject.fr\/fr\/produit\/carrelage-florim-sensiterre-mattone-naturale-tavella-and-listello-40x30-r10-ptv-9mm\/\" \/>\n<meta property=\"og:locale\" content=\"fr_FR\" \/>\n<meta property=\"og:type\" content=\"article\" \/>\n<meta property=\"og:title\" content=\"Carrelage Florim SensiTerre Mattone Naturale Tavella and Listello 40x30 R10 PTV 9mm - Homeproject.fr\" \/>\n<meta property=\"og:description\" content=\"Le mod\u00e8le SensiTerre Mattone 30\u00d740 cm de Florim revisite les codes de la terre cuite traditionnelle avec une approche modulaire et graphique. Compos\u00e9 de dalles int\u00e9grant des listels verticaux de 15x30 et 5x30, ce format unique permet de cr\u00e9er des rythmes visuels sophistiqu\u00e9s tout en conservant l\u2019authenticit\u00e9 min\u00e9rale de la collection. Sa finitura naturale, douce et mate, associ\u00e9e \u00e0 une surface antid\u00e9rapante R10 PTV, le rend parfaitement adapt\u00e9 aux usages r\u00e9sidentiels : sols, murs ou habillages d\u00e9coratifs. La teinte Mattone, d\u2019un rouge terre cuite profond et nuanc\u00e9, apporte chaleur et personnalit\u00e9 aux int\u00e9rieurs contemporains comme aux lieux de caract\u00e8re.\" \/>\n<meta property=\"og:url\" content=\"https:\/\/homeproject.fr\/fr\/produit\/carrelage-florim-sensiterre-mattone-naturale-tavella-and-listello-40x30-r10-ptv-9mm\/\" \/>\n<meta property=\"og:site_name\" content=\"Homeproject.fr\" \/>\n<meta property=\"article:modified_time\" content=\"2025-08-22T10:45:23+00:00\" \/>\n<meta property=\"og:image\" content=\"https:\/\/homeproject.fr\/fr\/wp-content\/uploads\/2025\/08\/Carrelage-contemporain-aspect-terre-cuite-SensiTerre-Florim-Mattone-Tavella-and-Listello-30x40-Naturale-R10-PTV-781817.jpg\" \/>\n\t<meta property=\"og:image:width\" content=\"1500\" \/>\n\t<meta property=\"og:image:height\" content=\"1500\" \/>\n\t<meta property=\"og:image:type\" content=\"image\/jpeg\" \/>\n<meta name=\"twitter:card\" content=\"summary_large_image\" \/>\n<meta name=\"twitter:label1\" content=\"Dur\u00e9e de lecture estim\u00e9e\" \/>\n\t<meta name=\"twitter:data1\" content=\"2 minutes\" \/>\n<script type=\"application\/ld+json\" class=\"yoast-schema-graph\">{\"@context\":\"https:\\\/\\\/schema.org\",\"@graph\":[{\"@type\":\"WebPage\",\"@id\":\"https:\\\/\\\/homeproject.fr\\\/fr\\\/produit\\\/carrelage-florim-sensiterre-mattone-naturale-tavella-and-listello-40x30-r10-ptv-9mm\\\/\",\"url\":\"https:\\\/\\\/homeproject.fr\\\/fr\\\/produit\\\/carrelage-florim-sensiterre-mattone-naturale-tavella-and-listello-40x30-r10-ptv-9mm\\\/\",\"name\":\"Carrelage Florim SensiTerre Mattone Naturale Tavella and Listello 40x30 R10 PTV 9mm - Homeproject.fr\",\"isPartOf\":{\"@id\":\"https:\\\/\\\/homeproject.fr\\\/fr\\\/#website\"},\"primaryImageOfPage\":{\"@id\":\"https:\\\/\\\/homeproject.fr\\\/fr\\\/produit\\\/carrelage-florim-sensiterre-mattone-naturale-tavella-and-listello-40x30-r10-ptv-9mm\\\/#primaryimage\"},\"image\":{\"@id\":\"https:\\\/\\\/homeproject.fr\\\/fr\\\/produit\\\/carrelage-florim-sensiterre-mattone-naturale-tavella-and-listello-40x30-r10-ptv-9mm\\\/#primaryimage\"},\"thumbnailUrl\":\"https:\\\/\\\/homeproject.fr\\\/fr\\\/wp-content\\\/uploads\\\/2025\\\/08\\\/Carrelage-contemporain-aspect-terre-cuite-SensiTerre-Florim-Mattone-Tavella-and-Listello-30x40-Naturale-R10-PTV-781817.jpg\",\"datePublished\":\"2025-08-22T09:01:47+00:00\",\"dateModified\":\"2025-08-22T10:45:23+00:00\",\"breadcrumb\":{\"@id\":\"https:\\\/\\\/homeproject.fr\\\/fr\\\/produit\\\/carrelage-florim-sensiterre-mattone-naturale-tavella-and-listello-40x30-r10-ptv-9mm\\\/#breadcrumb\"},\"inLanguage\":\"fr-FR\",\"potentialAction\":[{\"@type\":\"ReadAction\",\"target\":[\"https:\\\/\\\/homeproject.fr\\\/fr\\\/produit\\\/carrelage-florim-sensiterre-mattone-naturale-tavella-and-listello-40x30-r10-ptv-9mm\\\/\"]}]},{\"@type\":\"ImageObject\",\"inLanguage\":\"fr-FR\",\"@id\":\"https:\\\/\\\/homeproject.fr\\\/fr\\\/produit\\\/carrelage-florim-sensiterre-mattone-naturale-tavella-and-listello-40x30-r10-ptv-9mm\\\/#primaryimage\",\"url\":\"https:\\\/\\\/homeproject.fr\\\/fr\\\/wp-content\\\/uploads\\\/2025\\\/08\\\/Carrelage-contemporain-aspect-terre-cuite-SensiTerre-Florim-Mattone-Tavella-and-Listello-30x40-Naturale-R10-PTV-781817.jpg\",\"contentUrl\":\"https:\\\/\\\/homeproject.fr\\\/fr\\\/wp-content\\\/uploads\\\/2025\\\/08\\\/Carrelage-contemporain-aspect-terre-cuite-SensiTerre-Florim-Mattone-Tavella-and-Listello-30x40-Naturale-R10-PTV-781817.jpg\",\"width\":1500,\"height\":1500},{\"@type\":\"BreadcrumbList\",\"@id\":\"https:\\\/\\\/homeproject.fr\\\/fr\\\/produit\\\/carrelage-florim-sensiterre-mattone-naturale-tavella-and-listello-40x30-r10-ptv-9mm\\\/#breadcrumb\",\"itemListElement\":[{\"@type\":\"ListItem\",\"position\":1,\"name\":\"Accueil\",\"item\":\"https:\\\/\\\/homeproject.fr\\\/fr\\\/\"},{\"@type\":\"ListItem\",\"position\":2,\"name\":\"Boutique\",\"item\":\"https:\\\/\\\/homeproject.fr\\\/fr\\\/boutique\\\/\"},{\"@type\":\"ListItem\",\"position\":3,\"name\":\"Carrelage Florim SensiTerre Mattone Naturale Tavella and Listello 40&#215;30 R10 PTV 9mm\"}]},{\"@type\":\"WebSite\",\"@id\":\"https:\\\/\\\/homeproject.fr\\\/fr\\\/#website\",\"url\":\"https:\\\/\\\/homeproject.fr\\\/fr\\\/\",\"name\":\"Homeproject.fr\",\"description\":\"Offrez l&#039;exceptionnel \u00e0 vos espaces \u00e0 vivre\",\"publisher\":{\"@id\":\"https:\\\/\\\/homeproject.fr\\\/fr\\\/#organization\"},\"potentialAction\":[{\"@type\":\"SearchAction\",\"target\":{\"@type\":\"EntryPoint\",\"urlTemplate\":\"https:\\\/\\\/homeproject.fr\\\/fr\\\/?s={search_term_string}\"},\"query-input\":{\"@type\":\"PropertyValueSpecification\",\"valueRequired\":true,\"valueName\":\"search_term_string\"}}],\"inLanguage\":\"fr-FR\"},{\"@type\":\"Organization\",\"@id\":\"https:\\\/\\\/homeproject.fr\\\/fr\\\/#organization\",\"name\":\"Homeproject.fr\",\"url\":\"https:\\\/\\\/homeproject.fr\\\/fr\\\/\",\"logo\":{\"@type\":\"ImageObject\",\"inLanguage\":\"fr-FR\",\"@id\":\"https:\\\/\\\/homeproject.fr\\\/fr\\\/#\\\/schema\\\/logo\\\/image\\\/\",\"url\":\"https:\\\/\\\/homeproject.fr\\\/fr\\\/wp-content\\\/uploads\\\/2024\\\/12\\\/Logo_HomeProject-noir-2.png\",\"contentUrl\":\"https:\\\/\\\/homeproject.fr\\\/fr\\\/wp-content\\\/uploads\\\/2024\\\/12\\\/Logo_HomeProject-noir-2.png\",\"width\":300,\"height\":91,\"caption\":\"Homeproject.fr\"},\"image\":{\"@id\":\"https:\\\/\\\/homeproject.fr\\\/fr\\\/#\\\/schema\\\/logo\\\/image\\\/\"}}]}<\/script>\n<!-- \/ Yoast SEO plugin. -->","yoast_head_json":{"title":"Carrelage Florim SensiTerre Mattone Naturale Tavella and Listello 40x30 R10 PTV 9mm - Homeproject.fr","robots":{"index":"index","follow":"follow","max-snippet":"max-snippet:-1","max-image-preview":"max-image-preview:large","max-video-preview":"max-video-preview:-1"},"canonical":"https:\/\/homeproject.fr\/fr\/produit\/carrelage-florim-sensiterre-mattone-naturale-tavella-and-listello-40x30-r10-ptv-9mm\/","og_locale":"fr_FR","og_type":"article","og_title":"Carrelage Florim SensiTerre Mattone Naturale Tavella and Listello 40x30 R10 PTV 9mm - Homeproject.fr","og_description":"Le mod\u00e8le SensiTerre Mattone 30\u00d740 cm de Florim revisite les codes de la terre cuite traditionnelle avec une approche modulaire et graphique. Compos\u00e9 de dalles int\u00e9grant des listels verticaux de 15x30 et 5x30, ce format unique permet de cr\u00e9er des rythmes visuels sophistiqu\u00e9s tout en conservant l\u2019authenticit\u00e9 min\u00e9rale de la collection. Sa finitura naturale, douce et mate, associ\u00e9e \u00e0 une surface antid\u00e9rapante R10 PTV, le rend parfaitement adapt\u00e9 aux usages r\u00e9sidentiels : sols, murs ou habillages d\u00e9coratifs. La teinte Mattone, d\u2019un rouge terre cuite profond et nuanc\u00e9, apporte chaleur et personnalit\u00e9 aux int\u00e9rieurs contemporains comme aux lieux de caract\u00e8re.","og_url":"https:\/\/homeproject.fr\/fr\/produit\/carrelage-florim-sensiterre-mattone-naturale-tavella-and-listello-40x30-r10-ptv-9mm\/","og_site_name":"Homeproject.fr","article_modified_time":"2025-08-22T10:45:23+00:00","og_image":[{"width":1500,"height":1500,"url":"https:\/\/homeproject.fr\/fr\/wp-content\/uploads\/2025\/08\/Carrelage-contemporain-aspect-terre-cuite-SensiTerre-Florim-Mattone-Tavella-and-Listello-30x40-Naturale-R10-PTV-781817.jpg","type":"image\/jpeg"}],"twitter_card":"summary_large_image","twitter_misc":{"Dur\u00e9e de lecture estim\u00e9e":"2 minutes"},"schema":{"@context":"https:\/\/schema.org","@graph":[{"@type":"WebPage","@id":"https:\/\/homeproject.fr\/fr\/produit\/carrelage-florim-sensiterre-mattone-naturale-tavella-and-listello-40x30-r10-ptv-9mm\/","url":"https:\/\/homeproject.fr\/fr\/produit\/carrelage-florim-sensiterre-mattone-naturale-tavella-and-listello-40x30-r10-ptv-9mm\/","name":"Carrelage Florim SensiTerre Mattone Naturale Tavella and Listello 40x30 R10 PTV 9mm - Homeproject.fr","isPartOf":{"@id":"https:\/\/homeproject.fr\/fr\/#website"},"primaryImageOfPage":{"@id":"https:\/\/homeproject.fr\/fr\/produit\/carrelage-florim-sensiterre-mattone-naturale-tavella-and-listello-40x30-r10-ptv-9mm\/#primaryimage"},"image":{"@id":"https:\/\/homeproject.fr\/fr\/produit\/carrelage-florim-sensiterre-mattone-naturale-tavella-and-listello-40x30-r10-ptv-9mm\/#primaryimage"},"thumbnailUrl":"https:\/\/homeproject.fr\/fr\/wp-content\/uploads\/2025\/08\/Carrelage-contemporain-aspect-terre-cuite-SensiTerre-Florim-Mattone-Tavella-and-Listello-30x40-Naturale-R10-PTV-781817.jpg","datePublished":"2025-08-22T09:01:47+00:00","dateModified":"2025-08-22T10:45:23+00:00","breadcrumb":{"@id":"https:\/\/homeproject.fr\/fr\/produit\/carrelage-florim-sensiterre-mattone-naturale-tavella-and-listello-40x30-r10-ptv-9mm\/#breadcrumb"},"inLanguage":"fr-FR","potentialAction":[{"@type":"ReadAction","target":["https:\/\/homeproject.fr\/fr\/produit\/carrelage-florim-sensiterre-mattone-naturale-tavella-and-listello-40x30-r10-ptv-9mm\/"]}]},{"@type":"ImageObject","inLanguage":"fr-FR","@id":"https:\/\/homeproject.fr\/fr\/produit\/carrelage-florim-sensiterre-mattone-naturale-tavella-and-listello-40x30-r10-ptv-9mm\/#primaryimage","url":"https:\/\/homeproject.fr\/fr\/wp-content\/uploads\/2025\/08\/Carrelage-contemporain-aspect-terre-cuite-SensiTerre-Florim-Mattone-Tavella-and-Listello-30x40-Naturale-R10-PTV-781817.jpg","contentUrl":"https:\/\/homeproject.fr\/fr\/wp-content\/uploads\/2025\/08\/Carrelage-contemporain-aspect-terre-cuite-SensiTerre-Florim-Mattone-Tavella-and-Listello-30x40-Naturale-R10-PTV-781817.jpg","width":1500,"height":1500},{"@type":"BreadcrumbList","@id":"https:\/\/homeproject.fr\/fr\/produit\/carrelage-florim-sensiterre-mattone-naturale-tavella-and-listello-40x30-r10-ptv-9mm\/#breadcrumb","itemListElement":[{"@type":"ListItem","position":1,"name":"Accueil","item":"https:\/\/homeproject.fr\/fr\/"},{"@type":"ListItem","position":2,"name":"Boutique","item":"https:\/\/homeproject.fr\/fr\/boutique\/"},{"@type":"ListItem","position":3,"name":"Carrelage Florim SensiTerre Mattone Naturale Tavella and Listello 40&#215;30 R10 PTV 9mm"}]},{"@type":"WebSite","@id":"https:\/\/homeproject.fr\/fr\/#website","url":"https:\/\/homeproject.fr\/fr\/","name":"Homeproject.fr","description":"Offrez l&#039;exceptionnel \u00e0 vos espaces \u00e0 vivre","publisher":{"@id":"https:\/\/homeproject.fr\/fr\/#organization"},"potentialAction":[{"@type":"SearchAction","target":{"@type":"EntryPoint","urlTemplate":"https:\/\/homeproject.fr\/fr\/?s={search_term_string}"},"query-input":{"@type":"PropertyValueSpecification","valueRequired":true,"valueName":"search_term_string"}}],"inLanguage":"fr-FR"},{"@type":"Organization","@id":"https:\/\/homeproject.fr\/fr\/#organization","name":"Homeproject.fr","url":"https:\/\/homeproject.fr\/fr\/","logo":{"@type":"ImageObject","inLanguage":"fr-FR","@id":"https:\/\/homeproject.fr\/fr\/#\/schema\/logo\/image\/","url":"https:\/\/homeproject.fr\/fr\/wp-content\/uploads\/2024\/12\/Logo_HomeProject-noir-2.png","contentUrl":"https:\/\/homeproject.fr\/fr\/wp-content\/uploads\/2024\/12\/Logo_HomeProject-noir-2.png","width":300,"height":91,"caption":"Homeproject.fr"},"image":{"@id":"https:\/\/homeproject.fr\/fr\/#\/schema\/logo\/image\/"}}]}},"_links":{"self":[{"href":"https:\/\/homeproject.fr\/fr\/wp-json\/wp\/v2\/product\/15153","targetHints":{"allow":["GET"]}}],"collection":[{"href":"https:\/\/homeproject.fr\/fr\/wp-json\/wp\/v2\/product"}],"about":[{"href":"https:\/\/homeproject.fr\/fr\/wp-json\/wp\/v2\/types\/product"}],"version-history":[{"count":1,"href":"https:\/\/homeproject.fr\/fr\/wp-json\/wp\/v2\/product\/15153\/revisions"}],"predecessor-version":[{"id":15155,"href":"https:\/\/homeproject.fr\/fr\/wp-json\/wp\/v2\/product\/15153\/revisions\/15155"}],"wp:featuredmedia":[{"embeddable":true,"href":"https:\/\/homeproject.fr\/fr\/wp-json\/wp\/v2\/media\/15152"}],"wp:attachment":[{"href":"https:\/\/homeproject.fr\/fr\/wp-json\/wp\/v2\/media?parent=15153"}],"wp:term":[{"taxonomy":"product_brand","embeddable":true,"href":"https:\/\/homeproject.fr\/fr\/wp-json\/wp\/v2\/product_brand?post=15153"},{"taxonomy":"product_cat","embeddable":true,"href":"https:\/\/homeproject.fr\/fr\/wp-json\/wp\/v2\/product_cat?post=15153"},{"taxonomy":"product_tag","embeddable":true,"href":"https:\/\/homeproject.fr\/fr\/wp-json\/wp\/v2\/product_tag?post=15153"}],"curies":[{"name":"wp","href":"https:\/\/api.w.org\/{rel}","templated":true}]}}