{"id":15148,"date":"2025-08-22T08:46:15","date_gmt":"2025-08-22T08:46:15","guid":{"rendered":"https:\/\/homeproject.fr\/fr\/?post_type=product&#038;p=15148"},"modified":"2026-02-17T16:58:23","modified_gmt":"2026-02-17T16:58:23","slug":"carrelage-florim-sensiterre-mattone-naturale-30x30-r10-ptv-9mm","status":"publish","type":"product","link":"https:\/\/homeproject.fr\/fr\/produit\/carrelage-florim-sensiterre-mattone-naturale-30x30-r10-ptv-9mm\/","title":{"rendered":"Carrelage Florim SensiTerre Mattone Mosaique Naturale 30&#215;30 R10 PTV 9mm"},"content":{"rendered":"<p><strong><a href=\"https:\/\/homeproject.fr\/fr\/produit\/echantillon-carrelage-florim-sensiterre-mattone-30x30-781829\/\">Commander un \u00e9chantillon<\/a><\/strong><\/p>\n<h3 data-start=\"906\" data-end=\"941\"><strong data-start=\"910\" data-end=\"941\">Caract\u00e9ristiques techniques<\/strong><\/h3>\n<div class=\"_tableContainer_sk2ct_1\">\n<div class=\"_tableWrapper_sk2ct_13 group flex w-fit flex-col-reverse\" tabindex=\"-1\">\n<table class=\"w-fit min-w-(--thread-content-width)\" data-start=\"943\" data-end=\"2003\">\n<thead data-start=\"943\" data-end=\"1023\">\n<tr data-start=\"943\" data-end=\"1023\">\n<th data-start=\"943\" data-end=\"971\" data-col-size=\"sm\"><strong data-start=\"945\" data-end=\"962\">Sp\u00e9cification<\/strong><\/th>\n<th data-start=\"971\" data-end=\"1023\" data-col-size=\"md\"><strong data-start=\"973\" data-end=\"983\">D\u00e9tail<\/strong><\/th>\n<\/tr>\n<\/thead>\n<tbody data-start=\"1105\" data-end=\"2003\">\n<tr data-start=\"1105\" data-end=\"1186\">\n<td data-start=\"1105\" data-end=\"1133\" data-col-size=\"sm\">Marque<\/td>\n<td data-start=\"1133\" data-end=\"1186\" data-col-size=\"md\">Florim<\/td>\n<\/tr>\n<tr data-start=\"1187\" data-end=\"1268\">\n<td data-start=\"1187\" data-end=\"1215\" data-col-size=\"sm\">Collection<\/td>\n<td data-start=\"1215\" data-end=\"1268\" data-col-size=\"md\">SensiTerre<\/td>\n<\/tr>\n<tr data-start=\"1269\" data-end=\"1350\">\n<td data-start=\"1269\" data-end=\"1297\" data-col-size=\"sm\">Mod\u00e8le \/ R\u00e9f\u00e9rence<\/td>\n<td data-start=\"1297\" data-end=\"1350\" data-col-size=\"md\">Mattone \u2013 781829<\/td>\n<\/tr>\n<tr data-start=\"1351\" data-end=\"1432\">\n<td data-start=\"1351\" data-end=\"1379\" data-col-size=\"sm\">Format<\/td>\n<td data-start=\"1379\" data-end=\"1432\" data-col-size=\"md\">30 \u00d7 30 cm (trame)<\/td>\n<\/tr>\n<tr data-start=\"1433\" data-end=\"1514\">\n<td data-start=\"1433\" data-end=\"1461\" data-col-size=\"sm\">Composition<\/td>\n<td data-start=\"1461\" data-end=\"1514\" data-col-size=\"md\">Bandes de 3\u00d715 cm coll\u00e9es sur trame<\/td>\n<\/tr>\n<tr data-start=\"1515\" data-end=\"1596\">\n<td data-start=\"1515\" data-end=\"1543\" data-col-size=\"sm\">\u00c9paisseur<\/td>\n<td data-start=\"1543\" data-end=\"1596\" data-col-size=\"md\">9 mm<\/td>\n<\/tr>\n<tr data-start=\"1597\" data-end=\"1677\">\n<td data-start=\"1597\" data-end=\"1625\" data-col-size=\"sm\">Finition<\/td>\n<td data-start=\"1625\" data-end=\"1677\" data-col-size=\"md\">Naturelle (mate, douce au toucher)<\/td>\n<\/tr>\n<tr data-start=\"1678\" data-end=\"1759\">\n<td data-start=\"1678\" data-end=\"1706\" data-col-size=\"sm\">Antid\u00e9rapance<\/td>\n<td data-start=\"1706\" data-end=\"1759\" data-col-size=\"md\">R10 PTV \u2013 adh\u00e9rence mod\u00e9r\u00e9e<\/td>\n<\/tr>\n<tr data-start=\"1760\" data-end=\"1841\">\n<td data-start=\"1760\" data-end=\"1788\" data-col-size=\"sm\">Effet<\/td>\n<td data-start=\"1788\" data-end=\"1841\" data-col-size=\"md\">Ciment teint\u00e9 \u2013 style terre cuite revisit\u00e9<\/td>\n<\/tr>\n<tr data-start=\"1842\" data-end=\"1922\">\n<td data-start=\"1842\" data-end=\"1870\" data-col-size=\"sm\">Teinte<\/td>\n<td data-start=\"1870\" data-end=\"1922\" data-col-size=\"md\">Mattone (rouge argile naturel)<\/td>\n<\/tr>\n<tr data-start=\"1923\" data-end=\"2003\">\n<td data-start=\"1923\" data-end=\"1951\" data-col-size=\"sm\">Utilisation<\/td>\n<td data-start=\"1951\" data-end=\"2003\" data-col-size=\"md\">Sols & murs \u2013 int\u00e9rieur, zones humides possibles<\/td>\n<\/tr>\n<\/tbody>\n<\/table>\n<\/div>\n<\/div>\n<h3 data-start=\"2010\" data-end=\"2027\"><strong data-start=\"2014\" data-end=\"2027\">Avantages<\/strong><\/h3>\n<ul data-start=\"2028\" data-end=\"2443\">\n<li data-start=\"2028\" data-end=\"2120\">\n<p data-start=\"2030\" data-end=\"2120\"><strong data-start=\"2030\" data-end=\"2058\">Format mosa\u00efque 30\u00d730 cm<\/strong> : facile \u00e0 poser, id\u00e9al pour zones complexes ou d\u00e9coratives<\/p>\n<\/li>\n<li data-start=\"2121\" data-end=\"2198\">\n<p data-start=\"2123\" data-end=\"2198\"><strong data-start=\"2123\" data-end=\"2165\">Esth\u00e9tique artisanale et contemporaine<\/strong> : aspect terre cuite modernis\u00e9<\/p>\n<\/li>\n<li data-start=\"2199\" data-end=\"2288\">\n<p data-start=\"2201\" data-end=\"2288\"><strong data-start=\"2201\" data-end=\"2227\">Finition naturelle R10<\/strong> : confort d\u2019usage au quotidien, m\u00eame dans les salles d\u2019eau<\/p>\n<\/li>\n<li data-start=\"2289\" data-end=\"2386\">\n<p data-start=\"2291\" data-end=\"2386\"><strong data-start=\"2291\" data-end=\"2316\">Pose murale ou au sol<\/strong> : s\u2019int\u00e8gre parfaitement dans les projets r\u00e9sidentiels ou h\u00f4teliers<\/p>\n<\/li>\n<li data-start=\"2387\" data-end=\"2443\">\n<p data-start=\"2389\" data-end=\"2443\"><strong data-start=\"2389\" data-end=\"2409\">Entretien facile<\/strong> : surface r\u00e9sistante, non poreuse<\/p>\n<\/li>\n<\/ul>\n<hr data-start=\"2445\" data-end=\"2448\" \/>\n<h3 data-start=\"2450\" data-end=\"2483\"><strong data-start=\"2454\" data-end=\"2483\">Applications recommand\u00e9es<\/strong><\/h3>\n<ul data-start=\"2484\" data-end=\"2652\">\n<li data-start=\"2484\" data-end=\"2528\">\n<p data-start=\"2486\" data-end=\"2528\">Murs et sols de salle de bains ou douche<\/p>\n<\/li>\n<li data-start=\"2529\" data-end=\"2553\">\n<p data-start=\"2531\" data-end=\"2553\">Cr\u00e9dences de cuisine<\/p>\n<\/li>\n<li data-start=\"2554\" data-end=\"2600\">\n<p data-start=\"2556\" data-end=\"2600\">Marches, contremarches, niches d\u00e9coratives<\/p>\n<\/li>\n<li data-start=\"2601\" data-end=\"2652\">\n<p data-start=\"2603\" data-end=\"2652\">Couloirs, toilettes, rev\u00eatements verticaux design<\/p>\n<\/li>\n<\/ul>\n<hr data-start=\"2654\" data-end=\"2657\" \/>\n<h3 data-start=\"2659\" data-end=\"2676\"><strong data-start=\"2663\" data-end=\"2676\">En r\u00e9sum\u00e9<\/strong><\/h3>\n<p data-start=\"2677\" data-end=\"2932\">Le carrelage <strong data-start=\"2690\" data-end=\"2721\">SensiTerre Mattone 30\u00d730 cm<\/strong> est une solution d\u00e9corative technique et esth\u00e9tique, parfaite pour <strong data-start=\"2789\" data-end=\"2861\">int\u00e9grer la chaleur des mat\u00e9riaux naturels dans des espaces modernes<\/strong>. Une touche artisanale sign\u00e9e Florim, pr\u00eate \u00e0 sublimer vos int\u00e9rieurs.<\/p>\n<h3 data-start=\"872\" data-end=\"907\"><strong style=\"font-family: inherit; font-size: 30px;\">Vous avez des questions ?<\/strong><\/h3>\n<style id=\"wpforms-css-vars-3675\">\n\t\t\t\t#wpforms-3675 {\n\t\t\t\t\n\t\t\t}\n\t\t\t<\/style><div class=\"wpforms-container wpforms-container-full wpforms-render-modern\" id=\"wpforms-3675\"><form id=\"wpforms-form-3675\" class=\"wpforms-validate wpforms-form wpforms-ajax-form\" data-formid=\"3675\" method=\"post\" enctype=\"multipart\/form-data\" action=\"\/fr\/wp-json\/wp\/v2\/product\/15148\" data-token=\"86cfa3cd8fc4572532d762e2357ac556\" data-token-time=\"1777821218\"><noscript class=\"wpforms-error-noscript\">Veuillez activer JavaScript dans votre navigateur pour remplir ce formulaire.<\/noscript><div id=\"wpforms-error-noscript\" style=\"display: none;\">Veuillez activer JavaScript dans votre navigateur pour remplir ce formulaire.<\/div><div class=\"wpforms-field-container\"><div id=\"wpforms-3675-field_3-container\" class=\"wpforms-field wpforms-field-name\" data-field-id=\"3\"><fieldset><legend class=\"wpforms-field-label\">Nom <span class=\"wpforms-required-label\" aria-hidden=\"true\">*<\/span><\/legend><div class=\"wpforms-field-row wpforms-field-medium\"><div class=\"wpforms-field-row-block wpforms-first wpforms-one-half\"><input type=\"text\" id=\"wpforms-3675-field_3\" class=\"wpforms-field-name-first wpforms-field-required\" name=\"wpforms[fields][3][first]\" aria-errormessage=\"wpforms-3675-field_3-error\" required><label for=\"wpforms-3675-field_3\" class=\"wpforms-field-sublabel after\">Pr\u00e9nom<\/label><\/div><div class=\"wpforms-field-row-block wpforms-one-half\"><input type=\"text\" id=\"wpforms-3675-field_3-last\" class=\"wpforms-field-name-last wpforms-field-required\" name=\"wpforms[fields][3][last]\" aria-errormessage=\"wpforms-3675-field_3-last-error\" required><label for=\"wpforms-3675-field_3-last\" class=\"wpforms-field-sublabel after\">Nom<\/label><\/div><\/div><\/fieldset><\/div><div id=\"wpforms-3675-field_4-container\" class=\"wpforms-field wpforms-field-email\" data-field-id=\"4\"><label class=\"wpforms-field-label\" for=\"wpforms-3675-field_4\">E-mail <span class=\"wpforms-required-label\" aria-hidden=\"true\">*<\/span><\/label><input type=\"email\" id=\"wpforms-3675-field_4\" class=\"wpforms-field-medium wpforms-field-required\" name=\"wpforms[fields][4]\" spellcheck=\"false\" aria-errormessage=\"wpforms-3675-field_4-error\" required><\/div>\t\t<div id=\"wpforms-3675-field_1-container\"\n\t\t\tclass=\"wpforms-field wpforms-field-text\"\n\t\t\tdata-field-type=\"text\"\n\t\t\tdata-field-id=\"1\"\n\t\t\t>\n\t\t\t<label class=\"wpforms-field-label\" for=\"wpforms-3675-field_1\" >Message Nom E-mail<\/label>\n\t\t\t<input type=\"text\" id=\"wpforms-3675-field_1\" class=\"wpforms-field-medium\" name=\"wpforms[fields][1]\" >\n\t\t<\/div>\n\t\t<div id=\"wpforms-3675-field_5-container\" class=\"wpforms-field wpforms-field-textarea\" data-field-id=\"5\"><label class=\"wpforms-field-label\" for=\"wpforms-3675-field_5\">Message <span class=\"wpforms-required-label\" aria-hidden=\"true\">*<\/span><\/label><textarea id=\"wpforms-3675-field_5\" class=\"wpforms-field-medium wpforms-field-required\" name=\"wpforms[fields][5]\" aria-errormessage=\"wpforms-3675-field_5-error\" required><\/textarea><\/div><script>\n\t\t\t\t( function() {\n\t\t\t\t\tconst style = document.createElement( 'style' );\n\t\t\t\t\tstyle.appendChild( document.createTextNode( '#wpforms-3675-field_1-container { position: absolute !important; overflow: hidden !important; display: inline !important; height: 1px !important; width: 1px !important; z-index: -1000 !important; padding: 0 !important; } #wpforms-3675-field_1-container input { visibility: hidden; } #wpforms-conversational-form-page #wpforms-3675-field_1-container label { counter-increment: none; }' ) );\n\t\t\t\t\tdocument.head.appendChild( style );\n\t\t\t\t\tdocument.currentScript?.remove();\n\t\t\t\t} )();\n\t\t\t<\/script><\/div><!-- .wpforms-field-container --><div class=\"wpforms-submit-container\" ><input type=\"hidden\" name=\"wpforms[id]\" value=\"3675\"><input type=\"hidden\" name=\"page_title\" value=\"\"><input type=\"hidden\" name=\"page_url\" value=\"https:\/\/homeproject.fr\/fr\/wp-json\/wp\/v2\/product\/15148\"><input type=\"hidden\" name=\"url_referer\" value=\"\"><button type=\"submit\" name=\"wpforms[submit]\" id=\"wpforms-submit-3675\" class=\"wpforms-submit\" data-alt-text=\"Envoi...\" data-submit-text=\"Envoyer\" aria-live=\"assertive\" value=\"wpforms-submit\">Envoyer<\/button><img decoding=\"async\" src=\"https:\/\/homeproject.fr\/fr\/wp-content\/plugins\/wpforms-lite\/assets\/images\/submit-spin.svg\" class=\"wpforms-submit-spinner\" style=\"display: none;\" width=\"26\" height=\"26\" alt=\"Chargement en cours\"><\/div><\/form><\/div>  <!-- .wpforms-container -->\n","protected":false},"excerpt":{"rendered":"<p data-start=\"282\" data-end=\"599\">Le mod\u00e8le <strong data-start=\"292\" data-end=\"323\">SensiTerre Mattone 30\u00d730 cm<\/strong> de <strong data-start=\"327\" data-end=\"337\">Florim<\/strong> est une <strong data-start=\"346\" data-end=\"372\">mosa\u00efque contemporaine<\/strong> au charme rustique, inspir\u00e9e de la terre cuite artisanale. Sa finition <strong data-start=\"444\" data-end=\"457\">Naturelle<\/strong> au toucher mat et doux r\u00e9v\u00e8le une <strong data-start=\"492\" data-end=\"510\">teinte Mattone<\/strong> chaleureuse, subtilement pigment\u00e9e, \u00e9voquant l\u2019argile cuite dans une version modernis\u00e9e.<\/p>\n<p data-start=\"601\" data-end=\"899\">Ce carrelage est compos\u00e9 de <strong data-start=\"629\" data-end=\"678\">petites bandes assembl\u00e9es sur trame de 30\u00d730 cm<\/strong>, id\u00e9al pour des poses originales : cr\u00e9dences, murs de salle de bains, douches, niches ou rev\u00eatements de sol d\u00e9coratifs. Gr\u00e2ce \u00e0 son classement <strong data-start=\"822\" data-end=\"833\">R10 PTV<\/strong>, il offre une adh\u00e9rence confortable, m\u00eame dans des zones humides.<\/p>\n","protected":false},"featured_media":15146,"template":"","meta":{"_uf_show_specific_survey":0,"_uf_disable_surveys":false,"iawp_total_views":20},"product_brand":[607],"product_cat":[123,20,502],"product_tag":[],"class_list":{"0":"post-15148","1":"product","2":"type-product","3":"status-publish","4":"has-post-thumbnail","6":"product_brand-florim","7":"product_cat-aspect-beton","8":"product_cat-carrelage","9":"product_cat-terre-cuite","10":"product_shipping_class-carrelage","11":"pa_collection-sensiterre-par-florim","12":"pa_designer-matteo-thun","13":"pa_dimensions-nominales-30x30","14":"pa_effet-beton","15":"pa_effet-terre-cuite","16":"pa_epaisseur-9mm","17":"pa_marque-florim","18":"pa_materiau-gres-cerame-non-emaille","20":"first","21":"instock","22":"sale","23":"taxable","24":"shipping-taxable","25":"purchasable","26":"product-type-simple"},"yoast_head":"<!-- This site is optimized with the Yoast SEO plugin v27.5 - https:\/\/yoast.com\/product\/yoast-seo-wordpress\/ -->\n<title>Carrelage Florim SensiTerre Mattone Mosaique Naturale 30x30 R10 PTV 9mm - Homeproject.fr<\/title>\n<meta name=\"robots\" content=\"index, follow, max-snippet:-1, max-image-preview:large, max-video-preview:-1\" \/>\n<link rel=\"canonical\" href=\"https:\/\/homeproject.fr\/fr\/produit\/carrelage-florim-sensiterre-mattone-naturale-30x30-r10-ptv-9mm\/\" \/>\n<meta property=\"og:locale\" content=\"fr_FR\" \/>\n<meta property=\"og:type\" content=\"article\" \/>\n<meta property=\"og:title\" content=\"Carrelage Florim SensiTerre Mattone Mosaique Naturale 30x30 R10 PTV 9mm - Homeproject.fr\" \/>\n<meta property=\"og:description\" content=\"Le mod\u00e8le SensiTerre Mattone 30\u00d730 cm de Florim est une mosa\u00efque contemporaine au charme rustique, inspir\u00e9e de la terre cuite artisanale. Sa finition Naturelle au toucher mat et doux r\u00e9v\u00e8le une teinte Mattone chaleureuse, subtilement pigment\u00e9e, \u00e9voquant l\u2019argile cuite dans une version modernis\u00e9e. Ce carrelage est compos\u00e9 de petites bandes assembl\u00e9es sur trame de 30\u00d730 cm, id\u00e9al pour des poses originales : cr\u00e9dences, murs de salle de bains, douches, niches ou rev\u00eatements de sol d\u00e9coratifs. Gr\u00e2ce \u00e0 son classement R10 PTV, il offre une adh\u00e9rence confortable, m\u00eame dans des zones humides.\" \/>\n<meta property=\"og:url\" content=\"https:\/\/homeproject.fr\/fr\/produit\/carrelage-florim-sensiterre-mattone-naturale-30x30-r10-ptv-9mm\/\" \/>\n<meta property=\"og:site_name\" content=\"Homeproject.fr\" \/>\n<meta property=\"article:modified_time\" content=\"2026-02-17T16:58:23+00:00\" \/>\n<meta property=\"og:image\" content=\"https:\/\/homeproject.fr\/fr\/wp-content\/uploads\/2025\/08\/Carrelage-contemporain-aspect-terre-cuite-petit-format-SensiTerre-Florim-Mattone-30x30-Naturale-R10-PTV-781829.jpg\" \/>\n\t<meta property=\"og:image:width\" content=\"1500\" \/>\n\t<meta property=\"og:image:height\" content=\"1500\" \/>\n\t<meta property=\"og:image:type\" content=\"image\/jpeg\" \/>\n<meta name=\"twitter:card\" content=\"summary_large_image\" \/>\n<meta name=\"twitter:label1\" content=\"Dur\u00e9e de lecture estim\u00e9e\" \/>\n\t<meta name=\"twitter:data1\" content=\"2 minutes\" \/>\n<script type=\"application\/ld+json\" class=\"yoast-schema-graph\">{\"@context\":\"https:\\\/\\\/schema.org\",\"@graph\":[{\"@type\":\"WebPage\",\"@id\":\"https:\\\/\\\/homeproject.fr\\\/fr\\\/produit\\\/carrelage-florim-sensiterre-mattone-naturale-30x30-r10-ptv-9mm\\\/\",\"url\":\"https:\\\/\\\/homeproject.fr\\\/fr\\\/produit\\\/carrelage-florim-sensiterre-mattone-naturale-30x30-r10-ptv-9mm\\\/\",\"name\":\"Carrelage Florim SensiTerre Mattone Mosaique Naturale 30x30 R10 PTV 9mm - Homeproject.fr\",\"isPartOf\":{\"@id\":\"https:\\\/\\\/homeproject.fr\\\/fr\\\/#website\"},\"primaryImageOfPage\":{\"@id\":\"https:\\\/\\\/homeproject.fr\\\/fr\\\/produit\\\/carrelage-florim-sensiterre-mattone-naturale-30x30-r10-ptv-9mm\\\/#primaryimage\"},\"image\":{\"@id\":\"https:\\\/\\\/homeproject.fr\\\/fr\\\/produit\\\/carrelage-florim-sensiterre-mattone-naturale-30x30-r10-ptv-9mm\\\/#primaryimage\"},\"thumbnailUrl\":\"https:\\\/\\\/homeproject.fr\\\/fr\\\/wp-content\\\/uploads\\\/2025\\\/08\\\/Carrelage-contemporain-aspect-terre-cuite-petit-format-SensiTerre-Florim-Mattone-30x30-Naturale-R10-PTV-781829.jpg\",\"datePublished\":\"2025-08-22T08:46:15+00:00\",\"dateModified\":\"2026-02-17T16:58:23+00:00\",\"breadcrumb\":{\"@id\":\"https:\\\/\\\/homeproject.fr\\\/fr\\\/produit\\\/carrelage-florim-sensiterre-mattone-naturale-30x30-r10-ptv-9mm\\\/#breadcrumb\"},\"inLanguage\":\"fr-FR\",\"potentialAction\":[{\"@type\":\"ReadAction\",\"target\":[\"https:\\\/\\\/homeproject.fr\\\/fr\\\/produit\\\/carrelage-florim-sensiterre-mattone-naturale-30x30-r10-ptv-9mm\\\/\"]}]},{\"@type\":\"ImageObject\",\"inLanguage\":\"fr-FR\",\"@id\":\"https:\\\/\\\/homeproject.fr\\\/fr\\\/produit\\\/carrelage-florim-sensiterre-mattone-naturale-30x30-r10-ptv-9mm\\\/#primaryimage\",\"url\":\"https:\\\/\\\/homeproject.fr\\\/fr\\\/wp-content\\\/uploads\\\/2025\\\/08\\\/Carrelage-contemporain-aspect-terre-cuite-petit-format-SensiTerre-Florim-Mattone-30x30-Naturale-R10-PTV-781829.jpg\",\"contentUrl\":\"https:\\\/\\\/homeproject.fr\\\/fr\\\/wp-content\\\/uploads\\\/2025\\\/08\\\/Carrelage-contemporain-aspect-terre-cuite-petit-format-SensiTerre-Florim-Mattone-30x30-Naturale-R10-PTV-781829.jpg\",\"width\":1500,\"height\":1500},{\"@type\":\"BreadcrumbList\",\"@id\":\"https:\\\/\\\/homeproject.fr\\\/fr\\\/produit\\\/carrelage-florim-sensiterre-mattone-naturale-30x30-r10-ptv-9mm\\\/#breadcrumb\",\"itemListElement\":[{\"@type\":\"ListItem\",\"position\":1,\"name\":\"Accueil\",\"item\":\"https:\\\/\\\/homeproject.fr\\\/fr\\\/\"},{\"@type\":\"ListItem\",\"position\":2,\"name\":\"Boutique\",\"item\":\"https:\\\/\\\/homeproject.fr\\\/fr\\\/boutique\\\/\"},{\"@type\":\"ListItem\",\"position\":3,\"name\":\"Carrelage Florim SensiTerre Mattone Mosaique Naturale 30&#215;30 R10 PTV 9mm\"}]},{\"@type\":\"WebSite\",\"@id\":\"https:\\\/\\\/homeproject.fr\\\/fr\\\/#website\",\"url\":\"https:\\\/\\\/homeproject.fr\\\/fr\\\/\",\"name\":\"Homeproject.fr\",\"description\":\"Offrez l&#039;exceptionnel \u00e0 vos espaces \u00e0 vivre\",\"publisher\":{\"@id\":\"https:\\\/\\\/homeproject.fr\\\/fr\\\/#organization\"},\"potentialAction\":[{\"@type\":\"SearchAction\",\"target\":{\"@type\":\"EntryPoint\",\"urlTemplate\":\"https:\\\/\\\/homeproject.fr\\\/fr\\\/?s={search_term_string}\"},\"query-input\":{\"@type\":\"PropertyValueSpecification\",\"valueRequired\":true,\"valueName\":\"search_term_string\"}}],\"inLanguage\":\"fr-FR\"},{\"@type\":\"Organization\",\"@id\":\"https:\\\/\\\/homeproject.fr\\\/fr\\\/#organization\",\"name\":\"Homeproject.fr\",\"url\":\"https:\\\/\\\/homeproject.fr\\\/fr\\\/\",\"logo\":{\"@type\":\"ImageObject\",\"inLanguage\":\"fr-FR\",\"@id\":\"https:\\\/\\\/homeproject.fr\\\/fr\\\/#\\\/schema\\\/logo\\\/image\\\/\",\"url\":\"https:\\\/\\\/homeproject.fr\\\/fr\\\/wp-content\\\/uploads\\\/2024\\\/12\\\/Logo_HomeProject-noir-2.png\",\"contentUrl\":\"https:\\\/\\\/homeproject.fr\\\/fr\\\/wp-content\\\/uploads\\\/2024\\\/12\\\/Logo_HomeProject-noir-2.png\",\"width\":300,\"height\":91,\"caption\":\"Homeproject.fr\"},\"image\":{\"@id\":\"https:\\\/\\\/homeproject.fr\\\/fr\\\/#\\\/schema\\\/logo\\\/image\\\/\"}}]}<\/script>\n<!-- \/ Yoast SEO plugin. -->","yoast_head_json":{"title":"Carrelage Florim SensiTerre Mattone Mosaique Naturale 30x30 R10 PTV 9mm - Homeproject.fr","robots":{"index":"index","follow":"follow","max-snippet":"max-snippet:-1","max-image-preview":"max-image-preview:large","max-video-preview":"max-video-preview:-1"},"canonical":"https:\/\/homeproject.fr\/fr\/produit\/carrelage-florim-sensiterre-mattone-naturale-30x30-r10-ptv-9mm\/","og_locale":"fr_FR","og_type":"article","og_title":"Carrelage Florim SensiTerre Mattone Mosaique Naturale 30x30 R10 PTV 9mm - Homeproject.fr","og_description":"Le mod\u00e8le SensiTerre Mattone 30\u00d730 cm de Florim est une mosa\u00efque contemporaine au charme rustique, inspir\u00e9e de la terre cuite artisanale. Sa finition Naturelle au toucher mat et doux r\u00e9v\u00e8le une teinte Mattone chaleureuse, subtilement pigment\u00e9e, \u00e9voquant l\u2019argile cuite dans une version modernis\u00e9e. Ce carrelage est compos\u00e9 de petites bandes assembl\u00e9es sur trame de 30\u00d730 cm, id\u00e9al pour des poses originales : cr\u00e9dences, murs de salle de bains, douches, niches ou rev\u00eatements de sol d\u00e9coratifs. Gr\u00e2ce \u00e0 son classement R10 PTV, il offre une adh\u00e9rence confortable, m\u00eame dans des zones humides.","og_url":"https:\/\/homeproject.fr\/fr\/produit\/carrelage-florim-sensiterre-mattone-naturale-30x30-r10-ptv-9mm\/","og_site_name":"Homeproject.fr","article_modified_time":"2026-02-17T16:58:23+00:00","og_image":[{"width":1500,"height":1500,"url":"https:\/\/homeproject.fr\/fr\/wp-content\/uploads\/2025\/08\/Carrelage-contemporain-aspect-terre-cuite-petit-format-SensiTerre-Florim-Mattone-30x30-Naturale-R10-PTV-781829.jpg","type":"image\/jpeg"}],"twitter_card":"summary_large_image","twitter_misc":{"Dur\u00e9e de lecture estim\u00e9e":"2 minutes"},"schema":{"@context":"https:\/\/schema.org","@graph":[{"@type":"WebPage","@id":"https:\/\/homeproject.fr\/fr\/produit\/carrelage-florim-sensiterre-mattone-naturale-30x30-r10-ptv-9mm\/","url":"https:\/\/homeproject.fr\/fr\/produit\/carrelage-florim-sensiterre-mattone-naturale-30x30-r10-ptv-9mm\/","name":"Carrelage Florim SensiTerre Mattone Mosaique Naturale 30x30 R10 PTV 9mm - Homeproject.fr","isPartOf":{"@id":"https:\/\/homeproject.fr\/fr\/#website"},"primaryImageOfPage":{"@id":"https:\/\/homeproject.fr\/fr\/produit\/carrelage-florim-sensiterre-mattone-naturale-30x30-r10-ptv-9mm\/#primaryimage"},"image":{"@id":"https:\/\/homeproject.fr\/fr\/produit\/carrelage-florim-sensiterre-mattone-naturale-30x30-r10-ptv-9mm\/#primaryimage"},"thumbnailUrl":"https:\/\/homeproject.fr\/fr\/wp-content\/uploads\/2025\/08\/Carrelage-contemporain-aspect-terre-cuite-petit-format-SensiTerre-Florim-Mattone-30x30-Naturale-R10-PTV-781829.jpg","datePublished":"2025-08-22T08:46:15+00:00","dateModified":"2026-02-17T16:58:23+00:00","breadcrumb":{"@id":"https:\/\/homeproject.fr\/fr\/produit\/carrelage-florim-sensiterre-mattone-naturale-30x30-r10-ptv-9mm\/#breadcrumb"},"inLanguage":"fr-FR","potentialAction":[{"@type":"ReadAction","target":["https:\/\/homeproject.fr\/fr\/produit\/carrelage-florim-sensiterre-mattone-naturale-30x30-r10-ptv-9mm\/"]}]},{"@type":"ImageObject","inLanguage":"fr-FR","@id":"https:\/\/homeproject.fr\/fr\/produit\/carrelage-florim-sensiterre-mattone-naturale-30x30-r10-ptv-9mm\/#primaryimage","url":"https:\/\/homeproject.fr\/fr\/wp-content\/uploads\/2025\/08\/Carrelage-contemporain-aspect-terre-cuite-petit-format-SensiTerre-Florim-Mattone-30x30-Naturale-R10-PTV-781829.jpg","contentUrl":"https:\/\/homeproject.fr\/fr\/wp-content\/uploads\/2025\/08\/Carrelage-contemporain-aspect-terre-cuite-petit-format-SensiTerre-Florim-Mattone-30x30-Naturale-R10-PTV-781829.jpg","width":1500,"height":1500},{"@type":"BreadcrumbList","@id":"https:\/\/homeproject.fr\/fr\/produit\/carrelage-florim-sensiterre-mattone-naturale-30x30-r10-ptv-9mm\/#breadcrumb","itemListElement":[{"@type":"ListItem","position":1,"name":"Accueil","item":"https:\/\/homeproject.fr\/fr\/"},{"@type":"ListItem","position":2,"name":"Boutique","item":"https:\/\/homeproject.fr\/fr\/boutique\/"},{"@type":"ListItem","position":3,"name":"Carrelage Florim SensiTerre Mattone Mosaique Naturale 30&#215;30 R10 PTV 9mm"}]},{"@type":"WebSite","@id":"https:\/\/homeproject.fr\/fr\/#website","url":"https:\/\/homeproject.fr\/fr\/","name":"Homeproject.fr","description":"Offrez l&#039;exceptionnel \u00e0 vos espaces \u00e0 vivre","publisher":{"@id":"https:\/\/homeproject.fr\/fr\/#organization"},"potentialAction":[{"@type":"SearchAction","target":{"@type":"EntryPoint","urlTemplate":"https:\/\/homeproject.fr\/fr\/?s={search_term_string}"},"query-input":{"@type":"PropertyValueSpecification","valueRequired":true,"valueName":"search_term_string"}}],"inLanguage":"fr-FR"},{"@type":"Organization","@id":"https:\/\/homeproject.fr\/fr\/#organization","name":"Homeproject.fr","url":"https:\/\/homeproject.fr\/fr\/","logo":{"@type":"ImageObject","inLanguage":"fr-FR","@id":"https:\/\/homeproject.fr\/fr\/#\/schema\/logo\/image\/","url":"https:\/\/homeproject.fr\/fr\/wp-content\/uploads\/2024\/12\/Logo_HomeProject-noir-2.png","contentUrl":"https:\/\/homeproject.fr\/fr\/wp-content\/uploads\/2024\/12\/Logo_HomeProject-noir-2.png","width":300,"height":91,"caption":"Homeproject.fr"},"image":{"@id":"https:\/\/homeproject.fr\/fr\/#\/schema\/logo\/image\/"}}]}},"_links":{"self":[{"href":"https:\/\/homeproject.fr\/fr\/wp-json\/wp\/v2\/product\/15148","targetHints":{"allow":["GET"]}}],"collection":[{"href":"https:\/\/homeproject.fr\/fr\/wp-json\/wp\/v2\/product"}],"about":[{"href":"https:\/\/homeproject.fr\/fr\/wp-json\/wp\/v2\/types\/product"}],"version-history":[{"count":3,"href":"https:\/\/homeproject.fr\/fr\/wp-json\/wp\/v2\/product\/15148\/revisions"}],"predecessor-version":[{"id":15925,"href":"https:\/\/homeproject.fr\/fr\/wp-json\/wp\/v2\/product\/15148\/revisions\/15925"}],"wp:featuredmedia":[{"embeddable":true,"href":"https:\/\/homeproject.fr\/fr\/wp-json\/wp\/v2\/media\/15146"}],"wp:attachment":[{"href":"https:\/\/homeproject.fr\/fr\/wp-json\/wp\/v2\/media?parent=15148"}],"wp:term":[{"taxonomy":"product_brand","embeddable":true,"href":"https:\/\/homeproject.fr\/fr\/wp-json\/wp\/v2\/product_brand?post=15148"},{"taxonomy":"product_cat","embeddable":true,"href":"https:\/\/homeproject.fr\/fr\/wp-json\/wp\/v2\/product_cat?post=15148"},{"taxonomy":"product_tag","embeddable":true,"href":"https:\/\/homeproject.fr\/fr\/wp-json\/wp\/v2\/product_tag?post=15148"}],"curies":[{"name":"wp","href":"https:\/\/api.w.org\/{rel}","templated":true}]}}