{"id":15070,"date":"2025-08-01T13:46:49","date_gmt":"2025-08-01T13:46:49","guid":{"rendered":"https:\/\/homeproject.fr\/fr\/?post_type=product&#038;p=15070"},"modified":"2025-08-21T14:19:16","modified_gmt":"2025-08-21T14:19:16","slug":"carrelage-florim-sensiterre-mattone-naturale-120x120-r10-ptv-9mm","status":"publish","type":"product","link":"https:\/\/homeproject.fr\/fr\/produit\/carrelage-florim-sensiterre-mattone-naturale-120x120-r10-ptv-9mm\/","title":{"rendered":"Carrelage Florim SensiTerre Mattone Naturale 120&#215;120 R10 PTV 9mm"},"content":{"rendered":"<p><strong><a href=\"https:\/\/homeproject.fr\/fr\/produit\/echantillon-carrelage-florim-sensiterre-mattone-naturale-r10-ptv\/\">Commander un \u00e9chantillon<\/a><\/strong><\/p>\n<h3 data-start=\"1054\" data-end=\"1087\">Caract\u00e9ristiques techniques :<\/h3>\n<ul data-start=\"1088\" data-end=\"1445\">\n<li data-start=\"1088\" data-end=\"1119\">\n<p data-start=\"1090\" data-end=\"1119\"><strong data-start=\"1090\" data-end=\"1104\">Dimensions<\/strong> : 120 x 120 cm<\/p>\n<\/li>\n<li data-start=\"1120\" data-end=\"1145\">\n<p data-start=\"1122\" data-end=\"1145\"><strong data-start=\"1122\" data-end=\"1135\">\u00c9paisseur<\/strong> : 9 mm<\/p>\n<\/li>\n<li data-start=\"1146\" data-end=\"1184\">\n<p data-start=\"1148\" data-end=\"1184\"><strong data-start=\"1148\" data-end=\"1160\">Mat\u00e9riau<\/strong> : Gr\u00e8s c\u00e9rame non \u00e9maill\u00e9<\/p>\n<\/li>\n<li data-start=\"1185\" data-end=\"1208\">\n<p data-start=\"1187\" data-end=\"1208\"><strong data-start=\"1187\" data-end=\"1199\">Finition<\/strong> : Mate<\/p>\n<\/li>\n<li data-start=\"1209\" data-end=\"1261\">\n<p data-start=\"1211\" data-end=\"1261\"><strong data-start=\"1211\" data-end=\"1223\">Couleurs<\/strong> : Terracotta<\/p>\n<\/li>\n<li data-start=\"1262\" data-end=\"1308\">\n<p data-start=\"1264\" data-end=\"1308\"><strong data-start=\"1264\" data-end=\"1279\">Utilisation<\/strong> : Sols et murs \u2013 int\u00e9rieur et ext\u00e9rieur<\/p>\n<\/li>\n<li data-start=\"1309\" data-end=\"1372\">\n<p data-start=\"1311\" data-end=\"1372\"><strong data-start=\"1311\" data-end=\"1320\">Style<\/strong> : Ciment \/ terre cuite<\/p>\n<\/li>\n<li data-start=\"1373\" data-end=\"1409\">\n<p data-start=\"1375\" data-end=\"1409\"><strong data-start=\"1375\" data-end=\"1387\">Designer<\/strong> : Matteo Thun<\/p>\n<\/li>\n<li data-start=\"1410\" data-end=\"1445\">\n<p data-start=\"1412\" data-end=\"1445\"><strong data-start=\"1412\" data-end=\"1427\">Fabrication<\/strong> : Italie (Florim)<\/p>\n<\/li>\n<\/ul>\n<h3 data-start=\"1931\" data-end=\"1948\"><strong data-start=\"1935\" data-end=\"1948\">Avantages<\/strong><\/h3>\n<ul data-start=\"1949\" data-end=\"2279\">\n<li data-start=\"1949\" data-end=\"2026\">\n<p data-start=\"1951\" data-end=\"2026\"><strong data-start=\"1951\" data-end=\"1978\">Grand format 120\u00d7120 cm<\/strong> pour un rendu moderne et des joints discrets.<\/p>\n<\/li>\n<li data-start=\"2027\" data-end=\"2114\">\n<p data-start=\"2029\" data-end=\"2114\"><strong data-start=\"2029\" data-end=\"2060\">Couleur Mattone chaleureuse<\/strong>, id\u00e9ale pour des int\u00e9rieurs authentiques ou design.<\/p>\n<\/li>\n<li data-start=\"2115\" data-end=\"2204\">\n<p data-start=\"2117\" data-end=\"2204\"><strong data-start=\"2117\" data-end=\"2137\">Antid\u00e9rapant R10<\/strong>, parfait pour cuisines, salles de bains et zones \u00e0 fort passage.<\/p>\n<\/li>\n<li data-start=\"2205\" data-end=\"2279\">\n<p data-start=\"2207\" data-end=\"2279\"><strong data-start=\"2207\" data-end=\"2225\">Qualit\u00e9 Florim<\/strong>, une c\u00e9ramique durable et r\u00e9sistante dans le temps.<\/p>\n<\/li>\n<\/ul>\n<hr data-start=\"2281\" data-end=\"2284\" \/>\n<h3 data-start=\"2286\" data-end=\"2310\"><strong data-start=\"2290\" data-end=\"2310\">Conseils de pose<\/strong><\/h3>\n<p data-start=\"2311\" data-end=\"2478\">Pour un r\u00e9sultat optimal, utilisez des croisillons autonivelants et un joint de couleur assortie.<\/p>\n<hr data-start=\"2480\" data-end=\"2483\" \/>\n<h3 data-start=\"2485\" data-end=\"2505\"><strong data-start=\"2489\" data-end=\"2505\">Applications<\/strong><\/h3>\n<ul data-start=\"2506\" data-end=\"2671\">\n<li data-start=\"2506\" data-end=\"2549\">\n<p data-start=\"2508\" data-end=\"2549\">Pi\u00e8ces \u00e0 vivre (salon, cuisine, s\u00e9jour)<\/p>\n<\/li>\n<li data-start=\"2550\" data-end=\"2594\">\n<p data-start=\"2552\" data-end=\"2594\">Salles de bains et douches \u00e0 l\u2019italienne<\/p>\n<\/li>\n<li data-start=\"2595\" data-end=\"2637\">\n<p data-start=\"2597\" data-end=\"2637\">Halls d\u2019entr\u00e9e, commerces, restaurants<\/p>\n<\/li>\n<li data-start=\"2638\" data-end=\"2671\">\n<p data-start=\"2640\" data-end=\"2671\">Terrasses couvertes et patios<\/p>\n<\/li>\n<\/ul>\n<hr data-start=\"2842\" data-end=\"2845\" \/>\n<h3 data-start=\"2847\" data-end=\"2905\"><strong data-start=\"2851\" data-end=\"2905\">Pourquoi choisir la collection Florim SensiTerre ?<\/strong><\/h3>\n<p data-start=\"2906\" data-end=\"3108\">Cette gamme puise son inspiration dans les sols en terre cuite artisanale et offre une interpr\u00e9tation moderne, \u00e9l\u00e9gante et durable, parfaitement adapt\u00e9e aux tendances actuelles de d\u00e9coration int\u00e9rieure.<\/p>\n<h3><strong style=\"font-family: inherit; font-size: 30px;\">Vous avez des questions ?<\/strong><\/h3>\n<style id=\"wpforms-css-vars-3675\">\n\t\t\t\t#wpforms-3675 {\n\t\t\t\t\n\t\t\t}\n\t\t\t<\/style><div class=\"wpforms-container wpforms-container-full wpforms-render-modern\" id=\"wpforms-3675\"><form id=\"wpforms-form-3675\" class=\"wpforms-validate wpforms-form wpforms-ajax-form\" data-formid=\"3675\" method=\"post\" enctype=\"multipart\/form-data\" action=\"\/fr\/wp-json\/wp\/v2\/product\/15070\" data-token=\"2921a7ac3408d834be151983965c4ab3\" data-token-time=\"1777957220\"><noscript class=\"wpforms-error-noscript\">Veuillez activer JavaScript dans votre navigateur pour remplir ce formulaire.<\/noscript><div id=\"wpforms-error-noscript\" style=\"display: none;\">Veuillez activer JavaScript dans votre navigateur pour remplir ce formulaire.<\/div><div class=\"wpforms-field-container\"><div id=\"wpforms-3675-field_3-container\" class=\"wpforms-field wpforms-field-name\" data-field-id=\"3\"><fieldset><legend class=\"wpforms-field-label\">Nom <span class=\"wpforms-required-label\" aria-hidden=\"true\">*<\/span><\/legend><div class=\"wpforms-field-row wpforms-field-medium\"><div class=\"wpforms-field-row-block wpforms-first wpforms-one-half\"><input type=\"text\" id=\"wpforms-3675-field_3\" class=\"wpforms-field-name-first wpforms-field-required\" name=\"wpforms[fields][3][first]\" aria-errormessage=\"wpforms-3675-field_3-error\" required><label for=\"wpforms-3675-field_3\" class=\"wpforms-field-sublabel after\">Pr\u00e9nom<\/label><\/div><div class=\"wpforms-field-row-block wpforms-one-half\"><input type=\"text\" id=\"wpforms-3675-field_3-last\" class=\"wpforms-field-name-last wpforms-field-required\" name=\"wpforms[fields][3][last]\" aria-errormessage=\"wpforms-3675-field_3-last-error\" required><label for=\"wpforms-3675-field_3-last\" class=\"wpforms-field-sublabel after\">Nom<\/label><\/div><\/div><\/fieldset><\/div>\t\t<div id=\"wpforms-3675-field_1-container\"\n\t\t\tclass=\"wpforms-field wpforms-field-text\"\n\t\t\tdata-field-type=\"text\"\n\t\t\tdata-field-id=\"1\"\n\t\t\t>\n\t\t\t<label class=\"wpforms-field-label\" for=\"wpforms-3675-field_1\" >E-mail Nom Message<\/label>\n\t\t\t<input type=\"text\" id=\"wpforms-3675-field_1\" class=\"wpforms-field-medium\" name=\"wpforms[fields][1]\" >\n\t\t<\/div>\n\t\t<div id=\"wpforms-3675-field_4-container\" class=\"wpforms-field wpforms-field-email\" data-field-id=\"4\"><label class=\"wpforms-field-label\" for=\"wpforms-3675-field_4\">E-mail <span class=\"wpforms-required-label\" aria-hidden=\"true\">*<\/span><\/label><input type=\"email\" id=\"wpforms-3675-field_4\" class=\"wpforms-field-medium wpforms-field-required\" name=\"wpforms[fields][4]\" spellcheck=\"false\" aria-errormessage=\"wpforms-3675-field_4-error\" required><\/div><div id=\"wpforms-3675-field_5-container\" class=\"wpforms-field wpforms-field-textarea\" data-field-id=\"5\"><label class=\"wpforms-field-label\" for=\"wpforms-3675-field_5\">Message <span class=\"wpforms-required-label\" aria-hidden=\"true\">*<\/span><\/label><textarea id=\"wpforms-3675-field_5\" class=\"wpforms-field-medium wpforms-field-required\" name=\"wpforms[fields][5]\" aria-errormessage=\"wpforms-3675-field_5-error\" required><\/textarea><\/div><script>\n\t\t\t\t( function() {\n\t\t\t\t\tconst style = document.createElement( 'style' );\n\t\t\t\t\tstyle.appendChild( document.createTextNode( '#wpforms-3675-field_1-container { position: absolute !important; overflow: hidden !important; display: inline !important; height: 1px !important; width: 1px !important; z-index: -1000 !important; padding: 0 !important; } #wpforms-3675-field_1-container input { visibility: hidden; } #wpforms-conversational-form-page #wpforms-3675-field_1-container label { counter-increment: none; }' ) );\n\t\t\t\t\tdocument.head.appendChild( style );\n\t\t\t\t\tdocument.currentScript?.remove();\n\t\t\t\t} )();\n\t\t\t<\/script><\/div><!-- .wpforms-field-container --><div class=\"wpforms-submit-container\" ><input type=\"hidden\" name=\"wpforms[id]\" value=\"3675\"><input type=\"hidden\" name=\"page_title\" value=\"\"><input type=\"hidden\" name=\"page_url\" value=\"https:\/\/homeproject.fr\/fr\/wp-json\/wp\/v2\/product\/15070\"><input type=\"hidden\" name=\"url_referer\" value=\"\"><button type=\"submit\" name=\"wpforms[submit]\" id=\"wpforms-submit-3675\" class=\"wpforms-submit\" data-alt-text=\"Envoi...\" data-submit-text=\"Envoyer\" aria-live=\"assertive\" value=\"wpforms-submit\">Envoyer<\/button><img decoding=\"async\" src=\"https:\/\/homeproject.fr\/fr\/wp-content\/plugins\/wpforms-lite\/assets\/images\/submit-spin.svg\" class=\"wpforms-submit-spinner\" style=\"display: none;\" width=\"26\" height=\"26\" alt=\"Chargement en cours\"><\/div><\/form><\/div>  <!-- .wpforms-container -->\n","protected":false},"excerpt":{"rendered":"<p data-start=\"295\" data-end=\"681\">Le carrelage <strong data-start=\"308\" data-end=\"346\">Florim SensiTerre Mattone Naturale<\/strong> s\u2019inspire de l\u2019authenticit\u00e9 des terres cuites traditionnelles et revisite cet effet mati\u00e8re dans une version contemporaine et grand format. Avec sa finition mate, sa surface l\u00e9g\u00e8rement nuanc\u00e9e et ses tonalit\u00e9s chaudes, il apporte un charme intemporel et une ambiance m\u00e9diterran\u00e9enne \u00e0 vos espaces int\u00e9rieurs comme ext\u00e9rieurs couverts.<\/p>\n<p data-start=\"683\" data-end=\"874\">Pens\u00e9 pour un usage r\u00e9sidentiel ou commercial l\u00e9ger, ce carrelage 120\u00d7120 cm combine l\u2019esth\u00e9tique naturelle de l\u2019argile cuite et les avantages techniques de la c\u00e9ramique haut de gamme Florim.<\/p>\n","protected":false},"featured_media":15071,"template":"","meta":{"_uf_show_specific_survey":0,"_uf_disable_surveys":false,"iawp_total_views":26},"product_brand":[607],"product_cat":[123,20,502],"product_tag":[],"class_list":{"0":"post-15070","1":"product","2":"type-product","3":"status-publish","4":"has-post-thumbnail","6":"product_brand-florim","7":"product_cat-aspect-beton","8":"product_cat-carrelage","9":"product_cat-terre-cuite","10":"product_shipping_class-carrelage","11":"pa_collection-sensiterre-par-florim","12":"pa_designer-matteo-thun","13":"pa_dimensions-nominales-120x120","14":"pa_effet-beton","15":"pa_effet-terre-cuite","16":"pa_epaisseur-9mm","17":"pa_marque-florim","18":"pa_materiau-gres-cerame-non-emaille","20":"first","21":"instock","22":"sale","23":"taxable","24":"shipping-taxable","25":"purchasable","26":"product-type-simple"},"yoast_head":"<!-- This site is optimized with the Yoast SEO plugin v27.5 - https:\/\/yoast.com\/product\/yoast-seo-wordpress\/ -->\n<title>Carrelage Florim SensiTerre Mattone Naturale 120x120 R10 PTV 9mm - Homeproject.fr<\/title>\n<meta name=\"robots\" content=\"index, follow, max-snippet:-1, max-image-preview:large, max-video-preview:-1\" \/>\n<link rel=\"canonical\" href=\"https:\/\/homeproject.fr\/fr\/produit\/carrelage-florim-sensiterre-mattone-naturale-120x120-r10-ptv-9mm\/\" \/>\n<meta property=\"og:locale\" content=\"fr_FR\" \/>\n<meta property=\"og:type\" content=\"article\" \/>\n<meta property=\"og:title\" content=\"Carrelage Florim SensiTerre Mattone Naturale 120x120 R10 PTV 9mm - Homeproject.fr\" \/>\n<meta property=\"og:description\" content=\"Le carrelage Florim SensiTerre Mattone Naturale s\u2019inspire de l\u2019authenticit\u00e9 des terres cuites traditionnelles et revisite cet effet mati\u00e8re dans une version contemporaine et grand format. Avec sa finition mate, sa surface l\u00e9g\u00e8rement nuanc\u00e9e et ses tonalit\u00e9s chaudes, il apporte un charme intemporel et une ambiance m\u00e9diterran\u00e9enne \u00e0 vos espaces int\u00e9rieurs comme ext\u00e9rieurs couverts. Pens\u00e9 pour un usage r\u00e9sidentiel ou commercial l\u00e9ger, ce carrelage 120\u00d7120 cm combine l\u2019esth\u00e9tique naturelle de l\u2019argile cuite et les avantages techniques de la c\u00e9ramique haut de gamme Florim.\" \/>\n<meta property=\"og:url\" content=\"https:\/\/homeproject.fr\/fr\/produit\/carrelage-florim-sensiterre-mattone-naturale-120x120-r10-ptv-9mm\/\" \/>\n<meta property=\"og:site_name\" content=\"Homeproject.fr\" \/>\n<meta property=\"article:modified_time\" content=\"2025-08-21T14:19:16+00:00\" \/>\n<meta property=\"og:image\" content=\"https:\/\/homeproject.fr\/fr\/wp-content\/uploads\/2025\/08\/Carrelage-contemporain-aspect-terre-cuite-grand-format-SensiTerre-Florim-Mattone-120x120-Naturale-R10-PTV-781533.jpg\" \/>\n\t<meta property=\"og:image:width\" content=\"1500\" \/>\n\t<meta property=\"og:image:height\" content=\"1500\" \/>\n\t<meta property=\"og:image:type\" content=\"image\/jpeg\" \/>\n<meta name=\"twitter:card\" content=\"summary_large_image\" \/>\n<meta name=\"twitter:label1\" content=\"Dur\u00e9e de lecture estim\u00e9e\" \/>\n\t<meta name=\"twitter:data1\" content=\"2 minutes\" \/>\n<script type=\"application\/ld+json\" class=\"yoast-schema-graph\">{\"@context\":\"https:\\\/\\\/schema.org\",\"@graph\":[{\"@type\":\"WebPage\",\"@id\":\"https:\\\/\\\/homeproject.fr\\\/fr\\\/produit\\\/carrelage-florim-sensiterre-mattone-naturale-120x120-r10-ptv-9mm\\\/\",\"url\":\"https:\\\/\\\/homeproject.fr\\\/fr\\\/produit\\\/carrelage-florim-sensiterre-mattone-naturale-120x120-r10-ptv-9mm\\\/\",\"name\":\"Carrelage Florim SensiTerre Mattone Naturale 120x120 R10 PTV 9mm - Homeproject.fr\",\"isPartOf\":{\"@id\":\"https:\\\/\\\/homeproject.fr\\\/fr\\\/#website\"},\"primaryImageOfPage\":{\"@id\":\"https:\\\/\\\/homeproject.fr\\\/fr\\\/produit\\\/carrelage-florim-sensiterre-mattone-naturale-120x120-r10-ptv-9mm\\\/#primaryimage\"},\"image\":{\"@id\":\"https:\\\/\\\/homeproject.fr\\\/fr\\\/produit\\\/carrelage-florim-sensiterre-mattone-naturale-120x120-r10-ptv-9mm\\\/#primaryimage\"},\"thumbnailUrl\":\"https:\\\/\\\/homeproject.fr\\\/fr\\\/wp-content\\\/uploads\\\/2025\\\/08\\\/Carrelage-contemporain-aspect-terre-cuite-grand-format-SensiTerre-Florim-Mattone-120x120-Naturale-R10-PTV-781533.jpg\",\"datePublished\":\"2025-08-01T13:46:49+00:00\",\"dateModified\":\"2025-08-21T14:19:16+00:00\",\"breadcrumb\":{\"@id\":\"https:\\\/\\\/homeproject.fr\\\/fr\\\/produit\\\/carrelage-florim-sensiterre-mattone-naturale-120x120-r10-ptv-9mm\\\/#breadcrumb\"},\"inLanguage\":\"fr-FR\",\"potentialAction\":[{\"@type\":\"ReadAction\",\"target\":[\"https:\\\/\\\/homeproject.fr\\\/fr\\\/produit\\\/carrelage-florim-sensiterre-mattone-naturale-120x120-r10-ptv-9mm\\\/\"]}]},{\"@type\":\"ImageObject\",\"inLanguage\":\"fr-FR\",\"@id\":\"https:\\\/\\\/homeproject.fr\\\/fr\\\/produit\\\/carrelage-florim-sensiterre-mattone-naturale-120x120-r10-ptv-9mm\\\/#primaryimage\",\"url\":\"https:\\\/\\\/homeproject.fr\\\/fr\\\/wp-content\\\/uploads\\\/2025\\\/08\\\/Carrelage-contemporain-aspect-terre-cuite-grand-format-SensiTerre-Florim-Mattone-120x120-Naturale-R10-PTV-781533.jpg\",\"contentUrl\":\"https:\\\/\\\/homeproject.fr\\\/fr\\\/wp-content\\\/uploads\\\/2025\\\/08\\\/Carrelage-contemporain-aspect-terre-cuite-grand-format-SensiTerre-Florim-Mattone-120x120-Naturale-R10-PTV-781533.jpg\",\"width\":1500,\"height\":1500},{\"@type\":\"BreadcrumbList\",\"@id\":\"https:\\\/\\\/homeproject.fr\\\/fr\\\/produit\\\/carrelage-florim-sensiterre-mattone-naturale-120x120-r10-ptv-9mm\\\/#breadcrumb\",\"itemListElement\":[{\"@type\":\"ListItem\",\"position\":1,\"name\":\"Accueil\",\"item\":\"https:\\\/\\\/homeproject.fr\\\/fr\\\/\"},{\"@type\":\"ListItem\",\"position\":2,\"name\":\"Boutique\",\"item\":\"https:\\\/\\\/homeproject.fr\\\/fr\\\/boutique\\\/\"},{\"@type\":\"ListItem\",\"position\":3,\"name\":\"Carrelage Florim SensiTerre Mattone Naturale 120&#215;120 R10 PTV 9mm\"}]},{\"@type\":\"WebSite\",\"@id\":\"https:\\\/\\\/homeproject.fr\\\/fr\\\/#website\",\"url\":\"https:\\\/\\\/homeproject.fr\\\/fr\\\/\",\"name\":\"Homeproject.fr\",\"description\":\"Offrez l&#039;exceptionnel \u00e0 vos espaces \u00e0 vivre\",\"publisher\":{\"@id\":\"https:\\\/\\\/homeproject.fr\\\/fr\\\/#organization\"},\"potentialAction\":[{\"@type\":\"SearchAction\",\"target\":{\"@type\":\"EntryPoint\",\"urlTemplate\":\"https:\\\/\\\/homeproject.fr\\\/fr\\\/?s={search_term_string}\"},\"query-input\":{\"@type\":\"PropertyValueSpecification\",\"valueRequired\":true,\"valueName\":\"search_term_string\"}}],\"inLanguage\":\"fr-FR\"},{\"@type\":\"Organization\",\"@id\":\"https:\\\/\\\/homeproject.fr\\\/fr\\\/#organization\",\"name\":\"Homeproject.fr\",\"url\":\"https:\\\/\\\/homeproject.fr\\\/fr\\\/\",\"logo\":{\"@type\":\"ImageObject\",\"inLanguage\":\"fr-FR\",\"@id\":\"https:\\\/\\\/homeproject.fr\\\/fr\\\/#\\\/schema\\\/logo\\\/image\\\/\",\"url\":\"https:\\\/\\\/homeproject.fr\\\/fr\\\/wp-content\\\/uploads\\\/2024\\\/12\\\/Logo_HomeProject-noir-2.png\",\"contentUrl\":\"https:\\\/\\\/homeproject.fr\\\/fr\\\/wp-content\\\/uploads\\\/2024\\\/12\\\/Logo_HomeProject-noir-2.png\",\"width\":300,\"height\":91,\"caption\":\"Homeproject.fr\"},\"image\":{\"@id\":\"https:\\\/\\\/homeproject.fr\\\/fr\\\/#\\\/schema\\\/logo\\\/image\\\/\"}}]}<\/script>\n<!-- \/ Yoast SEO plugin. -->","yoast_head_json":{"title":"Carrelage Florim SensiTerre Mattone Naturale 120x120 R10 PTV 9mm - Homeproject.fr","robots":{"index":"index","follow":"follow","max-snippet":"max-snippet:-1","max-image-preview":"max-image-preview:large","max-video-preview":"max-video-preview:-1"},"canonical":"https:\/\/homeproject.fr\/fr\/produit\/carrelage-florim-sensiterre-mattone-naturale-120x120-r10-ptv-9mm\/","og_locale":"fr_FR","og_type":"article","og_title":"Carrelage Florim SensiTerre Mattone Naturale 120x120 R10 PTV 9mm - Homeproject.fr","og_description":"Le carrelage Florim SensiTerre Mattone Naturale s\u2019inspire de l\u2019authenticit\u00e9 des terres cuites traditionnelles et revisite cet effet mati\u00e8re dans une version contemporaine et grand format. Avec sa finition mate, sa surface l\u00e9g\u00e8rement nuanc\u00e9e et ses tonalit\u00e9s chaudes, il apporte un charme intemporel et une ambiance m\u00e9diterran\u00e9enne \u00e0 vos espaces int\u00e9rieurs comme ext\u00e9rieurs couverts. Pens\u00e9 pour un usage r\u00e9sidentiel ou commercial l\u00e9ger, ce carrelage 120\u00d7120 cm combine l\u2019esth\u00e9tique naturelle de l\u2019argile cuite et les avantages techniques de la c\u00e9ramique haut de gamme Florim.","og_url":"https:\/\/homeproject.fr\/fr\/produit\/carrelage-florim-sensiterre-mattone-naturale-120x120-r10-ptv-9mm\/","og_site_name":"Homeproject.fr","article_modified_time":"2025-08-21T14:19:16+00:00","og_image":[{"width":1500,"height":1500,"url":"https:\/\/homeproject.fr\/fr\/wp-content\/uploads\/2025\/08\/Carrelage-contemporain-aspect-terre-cuite-grand-format-SensiTerre-Florim-Mattone-120x120-Naturale-R10-PTV-781533.jpg","type":"image\/jpeg"}],"twitter_card":"summary_large_image","twitter_misc":{"Dur\u00e9e de lecture estim\u00e9e":"2 minutes"},"schema":{"@context":"https:\/\/schema.org","@graph":[{"@type":"WebPage","@id":"https:\/\/homeproject.fr\/fr\/produit\/carrelage-florim-sensiterre-mattone-naturale-120x120-r10-ptv-9mm\/","url":"https:\/\/homeproject.fr\/fr\/produit\/carrelage-florim-sensiterre-mattone-naturale-120x120-r10-ptv-9mm\/","name":"Carrelage Florim SensiTerre Mattone Naturale 120x120 R10 PTV 9mm - Homeproject.fr","isPartOf":{"@id":"https:\/\/homeproject.fr\/fr\/#website"},"primaryImageOfPage":{"@id":"https:\/\/homeproject.fr\/fr\/produit\/carrelage-florim-sensiterre-mattone-naturale-120x120-r10-ptv-9mm\/#primaryimage"},"image":{"@id":"https:\/\/homeproject.fr\/fr\/produit\/carrelage-florim-sensiterre-mattone-naturale-120x120-r10-ptv-9mm\/#primaryimage"},"thumbnailUrl":"https:\/\/homeproject.fr\/fr\/wp-content\/uploads\/2025\/08\/Carrelage-contemporain-aspect-terre-cuite-grand-format-SensiTerre-Florim-Mattone-120x120-Naturale-R10-PTV-781533.jpg","datePublished":"2025-08-01T13:46:49+00:00","dateModified":"2025-08-21T14:19:16+00:00","breadcrumb":{"@id":"https:\/\/homeproject.fr\/fr\/produit\/carrelage-florim-sensiterre-mattone-naturale-120x120-r10-ptv-9mm\/#breadcrumb"},"inLanguage":"fr-FR","potentialAction":[{"@type":"ReadAction","target":["https:\/\/homeproject.fr\/fr\/produit\/carrelage-florim-sensiterre-mattone-naturale-120x120-r10-ptv-9mm\/"]}]},{"@type":"ImageObject","inLanguage":"fr-FR","@id":"https:\/\/homeproject.fr\/fr\/produit\/carrelage-florim-sensiterre-mattone-naturale-120x120-r10-ptv-9mm\/#primaryimage","url":"https:\/\/homeproject.fr\/fr\/wp-content\/uploads\/2025\/08\/Carrelage-contemporain-aspect-terre-cuite-grand-format-SensiTerre-Florim-Mattone-120x120-Naturale-R10-PTV-781533.jpg","contentUrl":"https:\/\/homeproject.fr\/fr\/wp-content\/uploads\/2025\/08\/Carrelage-contemporain-aspect-terre-cuite-grand-format-SensiTerre-Florim-Mattone-120x120-Naturale-R10-PTV-781533.jpg","width":1500,"height":1500},{"@type":"BreadcrumbList","@id":"https:\/\/homeproject.fr\/fr\/produit\/carrelage-florim-sensiterre-mattone-naturale-120x120-r10-ptv-9mm\/#breadcrumb","itemListElement":[{"@type":"ListItem","position":1,"name":"Accueil","item":"https:\/\/homeproject.fr\/fr\/"},{"@type":"ListItem","position":2,"name":"Boutique","item":"https:\/\/homeproject.fr\/fr\/boutique\/"},{"@type":"ListItem","position":3,"name":"Carrelage Florim SensiTerre Mattone Naturale 120&#215;120 R10 PTV 9mm"}]},{"@type":"WebSite","@id":"https:\/\/homeproject.fr\/fr\/#website","url":"https:\/\/homeproject.fr\/fr\/","name":"Homeproject.fr","description":"Offrez l&#039;exceptionnel \u00e0 vos espaces \u00e0 vivre","publisher":{"@id":"https:\/\/homeproject.fr\/fr\/#organization"},"potentialAction":[{"@type":"SearchAction","target":{"@type":"EntryPoint","urlTemplate":"https:\/\/homeproject.fr\/fr\/?s={search_term_string}"},"query-input":{"@type":"PropertyValueSpecification","valueRequired":true,"valueName":"search_term_string"}}],"inLanguage":"fr-FR"},{"@type":"Organization","@id":"https:\/\/homeproject.fr\/fr\/#organization","name":"Homeproject.fr","url":"https:\/\/homeproject.fr\/fr\/","logo":{"@type":"ImageObject","inLanguage":"fr-FR","@id":"https:\/\/homeproject.fr\/fr\/#\/schema\/logo\/image\/","url":"https:\/\/homeproject.fr\/fr\/wp-content\/uploads\/2024\/12\/Logo_HomeProject-noir-2.png","contentUrl":"https:\/\/homeproject.fr\/fr\/wp-content\/uploads\/2024\/12\/Logo_HomeProject-noir-2.png","width":300,"height":91,"caption":"Homeproject.fr"},"image":{"@id":"https:\/\/homeproject.fr\/fr\/#\/schema\/logo\/image\/"}}]}},"_links":{"self":[{"href":"https:\/\/homeproject.fr\/fr\/wp-json\/wp\/v2\/product\/15070","targetHints":{"allow":["GET"]}}],"collection":[{"href":"https:\/\/homeproject.fr\/fr\/wp-json\/wp\/v2\/product"}],"about":[{"href":"https:\/\/homeproject.fr\/fr\/wp-json\/wp\/v2\/types\/product"}],"version-history":[{"count":4,"href":"https:\/\/homeproject.fr\/fr\/wp-json\/wp\/v2\/product\/15070\/revisions"}],"predecessor-version":[{"id":15078,"href":"https:\/\/homeproject.fr\/fr\/wp-json\/wp\/v2\/product\/15070\/revisions\/15078"}],"wp:featuredmedia":[{"embeddable":true,"href":"https:\/\/homeproject.fr\/fr\/wp-json\/wp\/v2\/media\/15071"}],"wp:attachment":[{"href":"https:\/\/homeproject.fr\/fr\/wp-json\/wp\/v2\/media?parent=15070"}],"wp:term":[{"taxonomy":"product_brand","embeddable":true,"href":"https:\/\/homeproject.fr\/fr\/wp-json\/wp\/v2\/product_brand?post=15070"},{"taxonomy":"product_cat","embeddable":true,"href":"https:\/\/homeproject.fr\/fr\/wp-json\/wp\/v2\/product_cat?post=15070"},{"taxonomy":"product_tag","embeddable":true,"href":"https:\/\/homeproject.fr\/fr\/wp-json\/wp\/v2\/product_tag?post=15070"}],"curies":[{"name":"wp","href":"https:\/\/api.w.org\/{rel}","templated":true}]}}