{"id":15032,"date":"2025-06-28T15:11:13","date_gmt":"2025-06-28T15:11:13","guid":{"rendered":"https:\/\/homeproject.fr\/fr\/?post_type=product&#038;p=15032"},"modified":"2025-06-28T15:41:45","modified_gmt":"2025-06-28T15:41:45","slug":"table-shell-ronde-base-avec-details-pacini-cappellini","status":"publish","type":"product","link":"https:\/\/homeproject.fr\/fr\/produit\/table-shell-ronde-base-avec-details-pacini-cappellini\/","title":{"rendered":"Table Shell ronde base avec d\u00e9tails \u2013 Pacini &#038; Cappellini"},"content":{"rendered":"<div class=\"flex-1 overflow-hidden @container\/thread\">\n<div class=\"h-full\">\n<div class=\"react-scroll-to-bottom--css-avwfw-79elbk h-full\">\n<div class=\"react-scroll-to-bottom--css-avwfw-1n7m0yu\">\n<div class=\"flex flex-col text-sm md:pb-9\">\n<article class=\"w-full scroll-mb-[var(--thread-trailing-height,150px)] text-token-text-primary focus-visible:outline-2 focus-visible:outline-offset-[-4px]\" dir=\"auto\" data-testid=\"conversation-turn-13\" data-scroll-anchor=\"true\">\n<div class=\"m-auto text-base py-[18px] px-3 md:px-4 w-full md:px-5 lg:px-4 xl:px-5\">\n<div class=\"mx-auto flex flex-1 gap-4 text-base md:gap-5 lg:gap-6 md:max-w-3xl lg:max-w-[40rem] xl:max-w-[48rem]\">\n<div class=\"group\/conversation-turn relative flex w-full min-w-0 flex-col agent-turn\">\n<div class=\"flex-col gap-1 md:gap-3\">\n<div class=\"flex max-w-full flex-col flex-grow\">\n<div class=\"min-h-8 text-message flex w-full flex-col items-end gap-2 whitespace-normal break-words text-start [.text-message+&amp;]:mt-5\" dir=\"auto\" data-message-author-role=\"assistant\" data-message-id=\"dc5cab26-9697-46d2-b6fe-c8745ded277b\" data-message-model-slug=\"gpt-4o\">\n<div class=\"flex w-full flex-col gap-1 empty:hidden first:pt-[3px]\">\n<div class=\"markdown prose w-full break-words dark:prose-invert light\">\n<h3 data-start=\"272\" data-end=\"309\"><strong data-start=\"276\" data-end=\"309\">Caract\u00e9ristiques techniques :<\/strong><\/h3>\n<ul data-start=\"310\" data-end=\"717\">\n<li data-start=\"310\" data-end=\"388\">\n<p data-start=\"312\" data-end=\"388\"><span class=\"relative -mx-px my-[-0.2rem] rounded px-px py-[0.2rem] transition-colors duration-100 ease-in-out\"><strong data-start=\"0\" data-end=\"21\" data-is-only-node=\"\">Pi\u00e8tement central<\/strong> conique en bois plaqu\u00e9 (noyer canaletto ou fr\u00eane teint\u00e9), agr\u00e9ment\u00e9 d\u2019\u00e9l\u00e9ments en m\u00e9tal verni<\/span><\/p>\n<\/li>\n<li data-start=\"389\" data-end=\"551\">\n<p data-start=\"391\" data-end=\"428\"><span class=\"relative -mx-px my-[-0.2rem] rounded px-px py-[0.2rem] transition-colors duration-100 ease-in-out\"><strong data-start=\"0\" data-end=\"11\" data-is-only-node=\"\">Plateau<\/strong> rond disponible en :<\/span><\/p>\n<ul data-start=\"431\" data-end=\"551\">\n<li data-start=\"431\" data-end=\"470\">\n<p data-start=\"433\" data-end=\"470\"><span class=\"relative -mx-px my-[-0.2rem] rounded px-px py-[0.2rem] transition-colors duration-100 ease-in-out\">bois plaqu\u00e9 Noyer Canaletto, <\/span>Fr\u00eane teint\u00e9 coloris weng\u00e9, tabac, teint\u00e9 noir, moka<\/p>\n<\/li>\n<\/ul>\n<\/li>\n<\/ul>\n<div class=\"su-custom-gallery su-custom-gallery-align-left su-custom-gallery-title-always su-lightbox-gallery\"><div class=\"su-custom-gallery-slide\" style=\"width:200px;height:200px\"><a href=\"https:\/\/homeproject.fr\/fr\/wp-content\/uploads\/2025\/06\/Noyer-Canaletto-NK.jpg\" title=\"Noyer Canaletto NK\"><img decoding=\"async\" src=\"https:\/\/homeproject.fr\/fr\/wp-content\/uploads\/2025\/06\/Noyer-Canaletto-NK-200x200.jpg\" alt=\"Noyer Canaletto NK\" width=\"200\" height=\"200\" \/><span class=\"su-custom-gallery-title\">Noyer Canaletto NK<\/span><\/a><\/div><div class=\"su-custom-gallery-slide\" style=\"width:200px;height:200px\"><a href=\"https:\/\/homeproject.fr\/fr\/wp-content\/uploads\/2025\/06\/Frene-Teinte-Wenge-WG.jpg\" title=\"Fr\u00eane Teint\u00e9 Weng\u00e9 WG\"><img decoding=\"async\" src=\"https:\/\/homeproject.fr\/fr\/wp-content\/uploads\/2025\/06\/Frene-Teinte-Wenge-WG-200x200.jpg\" alt=\"Fr\u00eane Teint\u00e9 Weng\u00e9 WG\" width=\"200\" height=\"200\" \/><span class=\"su-custom-gallery-title\">Fr\u00eane Teint\u00e9 Weng\u00e9 WG<\/span><\/a><\/div><div class=\"su-custom-gallery-slide\" style=\"width:200px;height:200px\"><a href=\"https:\/\/homeproject.fr\/fr\/wp-content\/uploads\/2025\/06\/Frene-Teinte-Tabac-TB.jpg\" title=\"Fr\u00eane Teint\u00e9 Tabac TB\"><img decoding=\"async\" src=\"https:\/\/homeproject.fr\/fr\/wp-content\/uploads\/2025\/06\/Frene-Teinte-Tabac-TB-200x200.jpg\" alt=\"Fr\u00eane Teint\u00e9 Tabac TB\" width=\"200\" height=\"200\" \/><span class=\"su-custom-gallery-title\">Fr\u00eane Teint\u00e9 Tabac TB<\/span><\/a><\/div><div class=\"su-custom-gallery-slide\" style=\"width:200px;height:200px\"><a href=\"https:\/\/homeproject.fr\/fr\/wp-content\/uploads\/2025\/06\/Frene-Teinte-Noir-TN.jpg\" title=\"Fr\u00eane Teint\u00e9 Noir TN\"><img loading=\"lazy\" decoding=\"async\" src=\"https:\/\/homeproject.fr\/fr\/wp-content\/uploads\/2025\/06\/Frene-Teinte-Noir-TN-200x200.jpg\" alt=\"Fr\u00eane Teint\u00e9 Noir TN\" width=\"200\" height=\"200\" \/><span class=\"su-custom-gallery-title\">Fr\u00eane Teint\u00e9 Noir TN<\/span><\/a><\/div><div class=\"su-custom-gallery-slide\" style=\"width:200px;height:200px\"><a href=\"https:\/\/homeproject.fr\/fr\/wp-content\/uploads\/2025\/06\/Frene-Teinte-Moka-MK.jpg\" title=\"Fr\u00eane Teint\u00e9 Moka MK\"><img loading=\"lazy\" decoding=\"async\" src=\"https:\/\/homeproject.fr\/fr\/wp-content\/uploads\/2025\/06\/Frene-Teinte-Moka-MK-200x200.jpg\" alt=\"Fr\u00eane Teint\u00e9 Moka MK\" width=\"200\" height=\"200\" \/><span class=\"su-custom-gallery-title\">Fr\u00eane Teint\u00e9 Moka MK<\/span><\/a><\/div><div class=\"su-clear\"><\/div><\/div>\n<ul data-start=\"310\" data-end=\"717\">\n<li data-start=\"552\" data-end=\"634\">\n<p data-start=\"554\" data-end=\"634\"><span class=\"relative -mx-px my-[-0.2rem] rounded px-px py-[0.2rem] transition-colors duration-100 ease-in-out\"><strong data-start=\"0\" data-end=\"26\" data-is-only-node=\"\">Dimensions disponibles<\/strong> : \u00d8 140 &#8211; 160 &#8211; 180 cm<\/span><\/p>\n<\/li>\n<\/ul>\n<hr data-start=\"719\" data-end=\"722\" \/>\n<h3 data-start=\"724\" data-end=\"745\"><strong data-start=\"728\" data-end=\"745\">Atouts cl\u00e9s :<\/strong><\/h3>\n<ul data-start=\"746\" data-end=\"995\">\n<li data-start=\"746\" data-end=\"787\">\n<p data-start=\"748\" data-end=\"787\"><span class=\"relative -mx-px my-[-0.2rem] rounded px-px py-[0.2rem] transition-colors duration-100 ease-in-out\"><strong data-start=\"0\" data-end=\"34\" data-is-only-node=\"\">Design scultpural &amp; monumental<\/strong>, parfait pour espaces \u00e0 fort impact visuel\u2028<\/span><\/li>\n<li data-start=\"788\" data-end=\"829\">\n<p data-start=\"790\" data-end=\"829\"><span class=\"relative -mx-px my-[-0.2rem] rounded px-px py-[0.2rem] transition-colors duration-100 ease-in-out\"><strong data-start=\"0\" data-end=\"20\" data-is-only-node=\"\">Mat\u00e9riaux nobles<\/strong> : bois plaqu\u00e9 noyer canaletto ou fr\u00eane teint\u00e9, d\u00e9tails en m\u00e9tal verni<\/span><\/p>\n<\/li>\n<li data-start=\"830\" data-end=\"911\">\n<p data-start=\"832\" data-end=\"911\"><span class=\"relative -mx-px my-[-0.2rem] rounded px-px py-[0.2rem] transition-colors duration-100 ease-in-out\"><strong data-start=\"0\" data-end=\"27\" data-is-only-node=\"\">Polyvalence stylistique<\/strong> : s\u2019int\u00e8gre aussi bien dans des int\u00e9rieurs modernes que classiques<\/span><\/p>\n<\/li>\n<li data-start=\"912\" data-end=\"953\">\n<p data-start=\"914\" data-end=\"953\"><span class=\"relative -mx-px my-[-0.2rem] rounded px-px py-[0.2rem] transition-colors duration-100 ease-in-out\"><strong data-start=\"0\" data-end=\"26\" data-is-only-node=\"\">Fabrication artisanale<\/strong> en Italie ; chaque table se distingue par son caract\u00e8re unique<\/span><\/p>\n<\/li>\n<\/ul>\n<hr data-start=\"1017\" data-end=\"1020\" \/>\n<h3 data-start=\"869\" data-end=\"906\"><strong style=\"font-family: inherit; font-size: 30px;\">Vous avez des questions ?<\/strong><\/h3>\n<\/div>\n<\/div>\n<\/div>\n<\/div>\n<\/div>\n<\/div>\n<\/div>\n<\/div>\n<\/article>\n<\/div>\n<\/div>\n<\/div>\n<\/div>\n<\/div>\n<style id=\"wpforms-css-vars-3675\">\n\t\t\t\t#wpforms-3675 {\n\t\t\t\t\n\t\t\t}\n\t\t\t<\/style><div class=\"wpforms-container wpforms-container-full wpforms-render-modern\" id=\"wpforms-3675\"><form id=\"wpforms-form-3675\" class=\"wpforms-validate wpforms-form wpforms-ajax-form\" data-formid=\"3675\" method=\"post\" enctype=\"multipart\/form-data\" action=\"\/fr\/wp-json\/wp\/v2\/product\/15032\" data-token=\"afc9de651a65a54d0ab77295ba63d8ad\" data-token-time=\"1776583255\"><noscript class=\"wpforms-error-noscript\">Veuillez activer JavaScript dans votre navigateur pour remplir ce formulaire.<\/noscript><div id=\"wpforms-error-noscript\" style=\"display: none;\">Veuillez activer JavaScript dans votre navigateur pour remplir ce formulaire.<\/div><div class=\"wpforms-field-container\"><div id=\"wpforms-3675-field_3-container\" class=\"wpforms-field wpforms-field-name\" data-field-id=\"3\"><fieldset><legend class=\"wpforms-field-label\">Nom <span class=\"wpforms-required-label\" aria-hidden=\"true\">*<\/span><\/legend><div class=\"wpforms-field-row wpforms-field-medium\"><div class=\"wpforms-field-row-block wpforms-first wpforms-one-half\"><input type=\"text\" id=\"wpforms-3675-field_3\" class=\"wpforms-field-name-first wpforms-field-required\" name=\"wpforms[fields][3][first]\" aria-errormessage=\"wpforms-3675-field_3-error\" required><label for=\"wpforms-3675-field_3\" class=\"wpforms-field-sublabel after\">Pr\u00e9nom<\/label><\/div><div class=\"wpforms-field-row-block wpforms-one-half\"><input type=\"text\" id=\"wpforms-3675-field_3-last\" class=\"wpforms-field-name-last wpforms-field-required\" name=\"wpforms[fields][3][last]\" aria-errormessage=\"wpforms-3675-field_3-last-error\" required><label for=\"wpforms-3675-field_3-last\" class=\"wpforms-field-sublabel after\">Nom<\/label><\/div><\/div><\/fieldset><\/div><div id=\"wpforms-3675-field_4-container\" class=\"wpforms-field wpforms-field-email\" data-field-id=\"4\"><label class=\"wpforms-field-label\" for=\"wpforms-3675-field_4\">E-mail <span class=\"wpforms-required-label\" aria-hidden=\"true\">*<\/span><\/label><input type=\"email\" id=\"wpforms-3675-field_4\" class=\"wpforms-field-medium wpforms-field-required\" name=\"wpforms[fields][4]\" spellcheck=\"false\" aria-errormessage=\"wpforms-3675-field_4-error\" required><\/div>\t\t<div id=\"wpforms-3675-field_1-container\"\n\t\t\tclass=\"wpforms-field wpforms-field-text\"\n\t\t\tdata-field-type=\"text\"\n\t\t\tdata-field-id=\"1\"\n\t\t\t>\n\t\t\t<label class=\"wpforms-field-label\" for=\"wpforms-3675-field_1\" >E-mail Nom Message<\/label>\n\t\t\t<input type=\"text\" id=\"wpforms-3675-field_1\" class=\"wpforms-field-medium\" name=\"wpforms[fields][1]\" >\n\t\t<\/div>\n\t\t<div id=\"wpforms-3675-field_5-container\" class=\"wpforms-field wpforms-field-textarea\" data-field-id=\"5\"><label class=\"wpforms-field-label\" for=\"wpforms-3675-field_5\">Message <span class=\"wpforms-required-label\" aria-hidden=\"true\">*<\/span><\/label><textarea id=\"wpforms-3675-field_5\" class=\"wpforms-field-medium wpforms-field-required\" name=\"wpforms[fields][5]\" aria-errormessage=\"wpforms-3675-field_5-error\" required><\/textarea><\/div><script>\n\t\t\t\t( function() {\n\t\t\t\t\tconst style = document.createElement( 'style' );\n\t\t\t\t\tstyle.appendChild( document.createTextNode( '#wpforms-3675-field_1-container { position: absolute !important; overflow: hidden !important; display: inline !important; height: 1px !important; width: 1px !important; z-index: -1000 !important; padding: 0 !important; } #wpforms-3675-field_1-container input { visibility: hidden; } #wpforms-conversational-form-page #wpforms-3675-field_1-container label { counter-increment: none; }' ) );\n\t\t\t\t\tdocument.head.appendChild( style );\n\t\t\t\t\tdocument.currentScript?.remove();\n\t\t\t\t} )();\n\t\t\t<\/script><\/div><!-- .wpforms-field-container --><div class=\"wpforms-submit-container\" ><input type=\"hidden\" name=\"wpforms[id]\" value=\"3675\"><input type=\"hidden\" name=\"page_title\" value=\"\"><input type=\"hidden\" name=\"page_url\" value=\"https:\/\/homeproject.fr\/fr\/wp-json\/wp\/v2\/product\/15032\"><input type=\"hidden\" name=\"url_referer\" value=\"\"><button type=\"submit\" name=\"wpforms[submit]\" id=\"wpforms-submit-3675\" class=\"wpforms-submit\" data-alt-text=\"Envoi...\" data-submit-text=\"Envoyer\" aria-live=\"assertive\" value=\"wpforms-submit\">Envoyer<\/button><img loading=\"lazy\" decoding=\"async\" src=\"https:\/\/homeproject.fr\/fr\/wp-content\/plugins\/wpforms-lite\/assets\/images\/submit-spin.svg\" class=\"wpforms-submit-spinner\" style=\"display: none;\" width=\"26\" height=\"26\" alt=\"Chargement en cours\"><\/div><\/form><\/div>  <!-- .wpforms-container -->\n","protected":false},"excerpt":{"rendered":"<p data-start=\"130\" data-end=\"187\"><strong data-start=\"130\" data-end=\"187\">Un concentr\u00e9 de sculpture et d\u2019\u00e9l\u00e9gance Made in Italy<\/strong><\/p>\n<p data-start=\"189\" data-end=\"265\"><span class=\"relative -mx-px my-[-0.2rem] rounded px-px py-[0.2rem] transition-colors duration-100 ease-in-out\">La table <strong data-start=\"9\" data-end=\"18\">Shell<\/strong>, con\u00e7ue par <strong data-start=\"31\" data-end=\"54\">Norberto Delfinetti<\/strong> pour <strong data-start=\"60\" data-end=\"83\">Pacini &amp; Cappellini<\/strong>, est une pi\u00e8ce imposante et raffin\u00e9e, parfaite pour sublimer les espaces contemporains. Son pi\u00e8tement central massif, inspir\u00e9 d\u2019une pi\u00e8ce de fonderie artistique, s\u2019impose comme un \u00e9l\u00e9ment visuel fort, tout en conservant une allure accueillante<\/span><\/p>\n","protected":false},"featured_media":15043,"template":"","meta":{"_uf_show_specific_survey":0,"_uf_disable_surveys":false,"iawp_total_views":4},"product_brand":[590],"product_cat":[148],"product_tag":[],"class_list":{"0":"post-15032","1":"product","2":"type-product","3":"status-publish","4":"has-post-thumbnail","6":"product_brand-pacini-cappellini","7":"product_cat-tables","8":"product_shipping_class-mobilier-par-transporteur-de-meuble","9":"pa_collection-shell-par-pacini-cappellini","10":"pa_designer-norberto-delfinetti","11":"pa_marque-pacini-cappellini","12":"pa_materiau-bois","13":"pa_materiau-verre","15":"first","16":"instock","17":"taxable","18":"shipping-taxable","19":"purchasable","20":"product-type-variable"},"yoast_head":"<!-- This site is optimized with the Yoast SEO plugin v27.4 - https:\/\/yoast.com\/product\/yoast-seo-wordpress\/ -->\n<title>Table Shell ronde base avec d\u00e9tails \u2013 Pacini &amp; Cappellini - Homeproject.fr<\/title>\n<meta name=\"robots\" content=\"index, follow, max-snippet:-1, max-image-preview:large, max-video-preview:-1\" \/>\n<link rel=\"canonical\" href=\"https:\/\/homeproject.fr\/fr\/produit\/table-shell-ronde-base-avec-details-pacini-cappellini\/\" \/>\n<meta property=\"og:locale\" content=\"fr_FR\" \/>\n<meta property=\"og:type\" content=\"article\" \/>\n<meta property=\"og:title\" content=\"Table Shell ronde base avec d\u00e9tails \u2013 Pacini &amp; Cappellini - Homeproject.fr\" \/>\n<meta property=\"og:description\" content=\"Un concentr\u00e9 de sculpture et d\u2019\u00e9l\u00e9gance Made in Italy La table Shell, con\u00e7ue par Norberto Delfinetti pour Pacini &amp; Cappellini, est une pi\u00e8ce imposante et raffin\u00e9e, parfaite pour sublimer les espaces contemporains. Son pi\u00e8tement central massif, inspir\u00e9 d\u2019une pi\u00e8ce de fonderie artistique, s\u2019impose comme un \u00e9l\u00e9ment visuel fort, tout en conservant une allure accueillante\" \/>\n<meta property=\"og:url\" content=\"https:\/\/homeproject.fr\/fr\/produit\/table-shell-ronde-base-avec-details-pacini-cappellini\/\" \/>\n<meta property=\"og:site_name\" content=\"Homeproject.fr\" \/>\n<meta property=\"article:modified_time\" content=\"2025-06-28T15:41:45+00:00\" \/>\n<meta property=\"og:image\" content=\"https:\/\/homeproject.fr\/fr\/wp-content\/uploads\/2025\/06\/Table-ronde-Shell-en-noyer-canaletto-Pacini-e-Cappellini-1.jpg\" \/>\n\t<meta property=\"og:image:width\" content=\"1500\" \/>\n\t<meta property=\"og:image:height\" content=\"1500\" \/>\n\t<meta property=\"og:image:type\" content=\"image\/jpeg\" \/>\n<meta name=\"twitter:card\" content=\"summary_large_image\" \/>\n<meta name=\"twitter:label1\" content=\"Dur\u00e9e de lecture estim\u00e9e\" \/>\n\t<meta name=\"twitter:data1\" content=\"1 minute\" \/>\n<script type=\"application\/ld+json\" class=\"yoast-schema-graph\">{\"@context\":\"https:\\\/\\\/schema.org\",\"@graph\":[{\"@type\":\"WebPage\",\"@id\":\"https:\\\/\\\/homeproject.fr\\\/fr\\\/produit\\\/table-shell-ronde-base-avec-details-pacini-cappellini\\\/\",\"url\":\"https:\\\/\\\/homeproject.fr\\\/fr\\\/produit\\\/table-shell-ronde-base-avec-details-pacini-cappellini\\\/\",\"name\":\"Table Shell ronde base avec d\u00e9tails \u2013 Pacini & Cappellini - Homeproject.fr\",\"isPartOf\":{\"@id\":\"https:\\\/\\\/homeproject.fr\\\/fr\\\/#website\"},\"primaryImageOfPage\":{\"@id\":\"https:\\\/\\\/homeproject.fr\\\/fr\\\/produit\\\/table-shell-ronde-base-avec-details-pacini-cappellini\\\/#primaryimage\"},\"image\":{\"@id\":\"https:\\\/\\\/homeproject.fr\\\/fr\\\/produit\\\/table-shell-ronde-base-avec-details-pacini-cappellini\\\/#primaryimage\"},\"thumbnailUrl\":\"https:\\\/\\\/homeproject.fr\\\/fr\\\/wp-content\\\/uploads\\\/2025\\\/06\\\/Table-ronde-Shell-en-noyer-canaletto-Pacini-e-Cappellini-1.jpg\",\"datePublished\":\"2025-06-28T15:11:13+00:00\",\"dateModified\":\"2025-06-28T15:41:45+00:00\",\"breadcrumb\":{\"@id\":\"https:\\\/\\\/homeproject.fr\\\/fr\\\/produit\\\/table-shell-ronde-base-avec-details-pacini-cappellini\\\/#breadcrumb\"},\"inLanguage\":\"fr-FR\",\"potentialAction\":[{\"@type\":\"ReadAction\",\"target\":[\"https:\\\/\\\/homeproject.fr\\\/fr\\\/produit\\\/table-shell-ronde-base-avec-details-pacini-cappellini\\\/\"]}]},{\"@type\":\"ImageObject\",\"inLanguage\":\"fr-FR\",\"@id\":\"https:\\\/\\\/homeproject.fr\\\/fr\\\/produit\\\/table-shell-ronde-base-avec-details-pacini-cappellini\\\/#primaryimage\",\"url\":\"https:\\\/\\\/homeproject.fr\\\/fr\\\/wp-content\\\/uploads\\\/2025\\\/06\\\/Table-ronde-Shell-en-noyer-canaletto-Pacini-e-Cappellini-1.jpg\",\"contentUrl\":\"https:\\\/\\\/homeproject.fr\\\/fr\\\/wp-content\\\/uploads\\\/2025\\\/06\\\/Table-ronde-Shell-en-noyer-canaletto-Pacini-e-Cappellini-1.jpg\",\"width\":1500,\"height\":1500},{\"@type\":\"BreadcrumbList\",\"@id\":\"https:\\\/\\\/homeproject.fr\\\/fr\\\/produit\\\/table-shell-ronde-base-avec-details-pacini-cappellini\\\/#breadcrumb\",\"itemListElement\":[{\"@type\":\"ListItem\",\"position\":1,\"name\":\"Accueil\",\"item\":\"https:\\\/\\\/homeproject.fr\\\/fr\\\/\"},{\"@type\":\"ListItem\",\"position\":2,\"name\":\"Boutique\",\"item\":\"https:\\\/\\\/homeproject.fr\\\/fr\\\/boutique\\\/\"},{\"@type\":\"ListItem\",\"position\":3,\"name\":\"Table Shell ronde base avec d\u00e9tails \u2013 Pacini &#038; Cappellini\"}]},{\"@type\":\"WebSite\",\"@id\":\"https:\\\/\\\/homeproject.fr\\\/fr\\\/#website\",\"url\":\"https:\\\/\\\/homeproject.fr\\\/fr\\\/\",\"name\":\"Homeproject.fr\",\"description\":\"Offrez l&#039;exceptionnel \u00e0 vos espaces \u00e0 vivre\",\"publisher\":{\"@id\":\"https:\\\/\\\/homeproject.fr\\\/fr\\\/#organization\"},\"potentialAction\":[{\"@type\":\"SearchAction\",\"target\":{\"@type\":\"EntryPoint\",\"urlTemplate\":\"https:\\\/\\\/homeproject.fr\\\/fr\\\/?s={search_term_string}\"},\"query-input\":{\"@type\":\"PropertyValueSpecification\",\"valueRequired\":true,\"valueName\":\"search_term_string\"}}],\"inLanguage\":\"fr-FR\"},{\"@type\":\"Organization\",\"@id\":\"https:\\\/\\\/homeproject.fr\\\/fr\\\/#organization\",\"name\":\"Homeproject.fr\",\"url\":\"https:\\\/\\\/homeproject.fr\\\/fr\\\/\",\"logo\":{\"@type\":\"ImageObject\",\"inLanguage\":\"fr-FR\",\"@id\":\"https:\\\/\\\/homeproject.fr\\\/fr\\\/#\\\/schema\\\/logo\\\/image\\\/\",\"url\":\"https:\\\/\\\/homeproject.fr\\\/fr\\\/wp-content\\\/uploads\\\/2024\\\/12\\\/Logo_HomeProject-noir-2.png\",\"contentUrl\":\"https:\\\/\\\/homeproject.fr\\\/fr\\\/wp-content\\\/uploads\\\/2024\\\/12\\\/Logo_HomeProject-noir-2.png\",\"width\":300,\"height\":91,\"caption\":\"Homeproject.fr\"},\"image\":{\"@id\":\"https:\\\/\\\/homeproject.fr\\\/fr\\\/#\\\/schema\\\/logo\\\/image\\\/\"}}]}<\/script>\n<!-- \/ Yoast SEO plugin. -->","yoast_head_json":{"title":"Table Shell ronde base avec d\u00e9tails \u2013 Pacini & Cappellini - Homeproject.fr","robots":{"index":"index","follow":"follow","max-snippet":"max-snippet:-1","max-image-preview":"max-image-preview:large","max-video-preview":"max-video-preview:-1"},"canonical":"https:\/\/homeproject.fr\/fr\/produit\/table-shell-ronde-base-avec-details-pacini-cappellini\/","og_locale":"fr_FR","og_type":"article","og_title":"Table Shell ronde base avec d\u00e9tails \u2013 Pacini & Cappellini - Homeproject.fr","og_description":"Un concentr\u00e9 de sculpture et d\u2019\u00e9l\u00e9gance Made in Italy La table Shell, con\u00e7ue par Norberto Delfinetti pour Pacini &amp; Cappellini, est une pi\u00e8ce imposante et raffin\u00e9e, parfaite pour sublimer les espaces contemporains. Son pi\u00e8tement central massif, inspir\u00e9 d\u2019une pi\u00e8ce de fonderie artistique, s\u2019impose comme un \u00e9l\u00e9ment visuel fort, tout en conservant une allure accueillante","og_url":"https:\/\/homeproject.fr\/fr\/produit\/table-shell-ronde-base-avec-details-pacini-cappellini\/","og_site_name":"Homeproject.fr","article_modified_time":"2025-06-28T15:41:45+00:00","og_image":[{"width":1500,"height":1500,"url":"https:\/\/homeproject.fr\/fr\/wp-content\/uploads\/2025\/06\/Table-ronde-Shell-en-noyer-canaletto-Pacini-e-Cappellini-1.jpg","type":"image\/jpeg"}],"twitter_card":"summary_large_image","twitter_misc":{"Dur\u00e9e de lecture estim\u00e9e":"1 minute"},"schema":{"@context":"https:\/\/schema.org","@graph":[{"@type":"WebPage","@id":"https:\/\/homeproject.fr\/fr\/produit\/table-shell-ronde-base-avec-details-pacini-cappellini\/","url":"https:\/\/homeproject.fr\/fr\/produit\/table-shell-ronde-base-avec-details-pacini-cappellini\/","name":"Table Shell ronde base avec d\u00e9tails \u2013 Pacini & Cappellini - Homeproject.fr","isPartOf":{"@id":"https:\/\/homeproject.fr\/fr\/#website"},"primaryImageOfPage":{"@id":"https:\/\/homeproject.fr\/fr\/produit\/table-shell-ronde-base-avec-details-pacini-cappellini\/#primaryimage"},"image":{"@id":"https:\/\/homeproject.fr\/fr\/produit\/table-shell-ronde-base-avec-details-pacini-cappellini\/#primaryimage"},"thumbnailUrl":"https:\/\/homeproject.fr\/fr\/wp-content\/uploads\/2025\/06\/Table-ronde-Shell-en-noyer-canaletto-Pacini-e-Cappellini-1.jpg","datePublished":"2025-06-28T15:11:13+00:00","dateModified":"2025-06-28T15:41:45+00:00","breadcrumb":{"@id":"https:\/\/homeproject.fr\/fr\/produit\/table-shell-ronde-base-avec-details-pacini-cappellini\/#breadcrumb"},"inLanguage":"fr-FR","potentialAction":[{"@type":"ReadAction","target":["https:\/\/homeproject.fr\/fr\/produit\/table-shell-ronde-base-avec-details-pacini-cappellini\/"]}]},{"@type":"ImageObject","inLanguage":"fr-FR","@id":"https:\/\/homeproject.fr\/fr\/produit\/table-shell-ronde-base-avec-details-pacini-cappellini\/#primaryimage","url":"https:\/\/homeproject.fr\/fr\/wp-content\/uploads\/2025\/06\/Table-ronde-Shell-en-noyer-canaletto-Pacini-e-Cappellini-1.jpg","contentUrl":"https:\/\/homeproject.fr\/fr\/wp-content\/uploads\/2025\/06\/Table-ronde-Shell-en-noyer-canaletto-Pacini-e-Cappellini-1.jpg","width":1500,"height":1500},{"@type":"BreadcrumbList","@id":"https:\/\/homeproject.fr\/fr\/produit\/table-shell-ronde-base-avec-details-pacini-cappellini\/#breadcrumb","itemListElement":[{"@type":"ListItem","position":1,"name":"Accueil","item":"https:\/\/homeproject.fr\/fr\/"},{"@type":"ListItem","position":2,"name":"Boutique","item":"https:\/\/homeproject.fr\/fr\/boutique\/"},{"@type":"ListItem","position":3,"name":"Table Shell ronde base avec d\u00e9tails \u2013 Pacini &#038; Cappellini"}]},{"@type":"WebSite","@id":"https:\/\/homeproject.fr\/fr\/#website","url":"https:\/\/homeproject.fr\/fr\/","name":"Homeproject.fr","description":"Offrez l&#039;exceptionnel \u00e0 vos espaces \u00e0 vivre","publisher":{"@id":"https:\/\/homeproject.fr\/fr\/#organization"},"potentialAction":[{"@type":"SearchAction","target":{"@type":"EntryPoint","urlTemplate":"https:\/\/homeproject.fr\/fr\/?s={search_term_string}"},"query-input":{"@type":"PropertyValueSpecification","valueRequired":true,"valueName":"search_term_string"}}],"inLanguage":"fr-FR"},{"@type":"Organization","@id":"https:\/\/homeproject.fr\/fr\/#organization","name":"Homeproject.fr","url":"https:\/\/homeproject.fr\/fr\/","logo":{"@type":"ImageObject","inLanguage":"fr-FR","@id":"https:\/\/homeproject.fr\/fr\/#\/schema\/logo\/image\/","url":"https:\/\/homeproject.fr\/fr\/wp-content\/uploads\/2024\/12\/Logo_HomeProject-noir-2.png","contentUrl":"https:\/\/homeproject.fr\/fr\/wp-content\/uploads\/2024\/12\/Logo_HomeProject-noir-2.png","width":300,"height":91,"caption":"Homeproject.fr"},"image":{"@id":"https:\/\/homeproject.fr\/fr\/#\/schema\/logo\/image\/"}}]}},"_links":{"self":[{"href":"https:\/\/homeproject.fr\/fr\/wp-json\/wp\/v2\/product\/15032","targetHints":{"allow":["GET"]}}],"collection":[{"href":"https:\/\/homeproject.fr\/fr\/wp-json\/wp\/v2\/product"}],"about":[{"href":"https:\/\/homeproject.fr\/fr\/wp-json\/wp\/v2\/types\/product"}],"version-history":[{"count":3,"href":"https:\/\/homeproject.fr\/fr\/wp-json\/wp\/v2\/product\/15032\/revisions"}],"predecessor-version":[{"id":15063,"href":"https:\/\/homeproject.fr\/fr\/wp-json\/wp\/v2\/product\/15032\/revisions\/15063"}],"wp:featuredmedia":[{"embeddable":true,"href":"https:\/\/homeproject.fr\/fr\/wp-json\/wp\/v2\/media\/15043"}],"wp:attachment":[{"href":"https:\/\/homeproject.fr\/fr\/wp-json\/wp\/v2\/media?parent=15032"}],"wp:term":[{"taxonomy":"product_brand","embeddable":true,"href":"https:\/\/homeproject.fr\/fr\/wp-json\/wp\/v2\/product_brand?post=15032"},{"taxonomy":"product_cat","embeddable":true,"href":"https:\/\/homeproject.fr\/fr\/wp-json\/wp\/v2\/product_cat?post=15032"},{"taxonomy":"product_tag","embeddable":true,"href":"https:\/\/homeproject.fr\/fr\/wp-json\/wp\/v2\/product_tag?post=15032"}],"curies":[{"name":"wp","href":"https:\/\/api.w.org\/{rel}","templated":true}]}}