{"id":14985,"date":"2025-06-28T14:33:46","date_gmt":"2025-06-28T14:33:46","guid":{"rendered":"https:\/\/homeproject.fr\/fr\/?post_type=product&#038;p=14985"},"modified":"2025-06-28T14:42:22","modified_gmt":"2025-06-28T14:42:22","slug":"buffet-star-5565-noyer-et-verre-bronze-pacini-cappellini","status":"publish","type":"product","link":"https:\/\/homeproject.fr\/fr\/produit\/buffet-star-5565-noyer-et-verre-bronze-pacini-cappellini\/","title":{"rendered":"Buffet Star 5565 noyer et verre bronze \u2013 Pacini &#038; Cappellini"},"content":{"rendered":"<div class=\"flex-1 overflow-hidden @container\/thread\">\n<div class=\"h-full\">\n<div class=\"react-scroll-to-bottom--css-avwfw-79elbk h-full\">\n<div class=\"react-scroll-to-bottom--css-avwfw-1n7m0yu\">\n<div class=\"flex flex-col text-sm md:pb-9\">\n<article class=\"w-full scroll-mb-[var(--thread-trailing-height,150px)] text-token-text-primary focus-visible:outline-2 focus-visible:outline-offset-[-4px]\" dir=\"auto\" data-testid=\"conversation-turn-13\" data-scroll-anchor=\"true\">\n<div class=\"m-auto text-base py-[18px] px-3 md:px-4 w-full md:px-5 lg:px-4 xl:px-5\">\n<div class=\"mx-auto flex flex-1 gap-4 text-base md:gap-5 lg:gap-6 md:max-w-3xl lg:max-w-[40rem] xl:max-w-[48rem]\">\n<div class=\"group\/conversation-turn relative flex w-full min-w-0 flex-col agent-turn\">\n<div class=\"flex-col gap-1 md:gap-3\">\n<div class=\"flex max-w-full flex-col flex-grow\">\n<div class=\"min-h-8 text-message flex w-full flex-col items-end gap-2 whitespace-normal break-words text-start [.text-message+&amp;]:mt-5\" dir=\"auto\" data-message-author-role=\"assistant\" data-message-id=\"dc5cab26-9697-46d2-b6fe-c8745ded277b\" data-message-model-slug=\"gpt-4o\">\n<div class=\"flex w-full flex-col gap-1 empty:hidden first:pt-[3px]\">\n<div class=\"markdown prose w-full break-words dark:prose-invert light\">\n<h3 data-start=\"866\" data-end=\"903\"><strong data-start=\"870\" data-end=\"903\">Caract\u00e9ristiques techniques :<\/strong><\/h3>\n<ul data-start=\"904\" data-end=\"1537\">\n<li data-start=\"904\" data-end=\"1025\">\n<p data-start=\"906\" data-end=\"1025\"><strong data-start=\"906\" data-end=\"930\">Structure et fa\u00e7ades<\/strong> : placage en <strong data-start=\"944\" data-end=\"963\">noyer canaletto<\/strong><\/p>\n<\/li>\n<li data-start=\"904\" data-end=\"1025\">\n<p data-start=\"906\" data-end=\"1025\"><strong data-start=\"1028\" data-end=\"1053\">Pi\u00e8tement et poign\u00e9es<\/strong> : <strong data-start=\"1056\" data-end=\"1084\">m\u00e9tal laqu\u00e9 effet laiton<\/strong>, finition \u00e9l\u00e9gante et contemporaine<\/p>\n<\/li>\n<li data-start=\"1121\" data-end=\"1256\">\n<p data-start=\"1123\" data-end=\"1136\"><strong data-start=\"1123\" data-end=\"1133\">Portes<\/strong> :<\/p>\n<ul data-start=\"1139\" data-end=\"1256\">\n<li data-start=\"1139\" data-end=\"1212\">\n<p data-start=\"1141\" data-end=\"1212\">2 portes en <strong data-start=\"1154\" data-end=\"1175\">verre transparent bronze <\/strong>dont une avec charni\u00e8re \u00e0 ouverture angulaire<\/p>\n<\/li>\n<li data-start=\"1215\" data-end=\"1256\">\n<p data-start=\"1217\" data-end=\"1256\">Une porte verre avec rangements ferm\u00e9s<\/p>\n<\/li>\n<\/ul>\n<\/li>\n<li data-start=\"1257\" data-end=\"1445\">\n<p data-start=\"1259\" data-end=\"1286\"><strong data-start=\"1259\" data-end=\"1284\">Rangements int\u00e9rieurs<\/strong> :<\/p>\n<ul data-start=\"1289\" data-end=\"1445\">\n<li data-start=\"1289\" data-end=\"1371\">\n<p data-start=\"1291\" data-end=\"1371\"><strong data-start=\"1291\" data-end=\"1302\">3 Tiroirs<\/strong> \u00e0 ouverture pousse l\u00e2che<\/p>\n<\/li>\n<li data-start=\"1289\" data-end=\"1371\">1 niche ouverte<\/li>\n<li data-start=\"1374\" data-end=\"1445\">\n<p data-start=\"1376\" data-end=\"1445\"><strong data-start=\"1376\" data-end=\"1408\">\u00c9tag\u00e8res en bois<\/strong>\u00a0pour exposer ou organiser avec style<\/p>\n<\/li>\n<\/ul>\n<\/li>\n<li data-start=\"1446\" data-end=\"1537\">\n<p data-start=\"1448\" data-end=\"1537\"><strong data-start=\"1448\" data-end=\"1462\">Dimensions<\/strong> : env. <strong data-start=\"1470\" data-end=\"1496\">L 210 x P 48 x H 81 cm<\/strong><\/p>\n<\/li>\n<\/ul>\n<hr data-start=\"1539\" data-end=\"1542\" \/>\n<h3 data-start=\"1544\" data-end=\"1575\"><strong data-start=\"1548\" data-end=\"1575\">Atouts du buffet Star :<\/strong><\/h3>\n<ul>\n<li style=\"list-style-type: none;\">\n<ul data-start=\"1576\" data-end=\"1914\">\n<li data-start=\"1576\" data-end=\"1616\">\n<p data-start=\"1578\" data-end=\"1616\"><strong data-start=\"1578\" data-end=\"1616\">Design haut de gamme made in Italy<\/strong><\/p>\n<\/li>\n<li data-start=\"1617\" data-end=\"1661\">\n<p data-start=\"1619\" data-end=\"1661\"><strong data-start=\"1619\" data-end=\"1639\">Mat\u00e9riaux nobles<\/strong> et finitions soign\u00e9es<\/p>\n<\/li>\n<li data-start=\"1662\" data-end=\"1735\">\n<p data-start=\"1664\" data-end=\"1735\"><strong data-start=\"1664\" data-end=\"1692\">Fonctionnalit\u00e9 optimis\u00e9e<\/strong> : tiroirs + \u00e9tag\u00e8res + espace vitrine<\/p>\n<\/li>\n<li data-start=\"1736\" data-end=\"1821\">\n<p data-start=\"1738\" data-end=\"1821\"><strong data-start=\"1738\" data-end=\"1764\">\u00c9l\u00e9ment d\u00e9coratif fort<\/strong> dans un int\u00e9rieur contemporain, classique ou minimaliste<\/p>\n<\/li>\n<li data-start=\"1822\" data-end=\"1914\">\n<p data-start=\"1824\" data-end=\"1914\">Parfait dans un <strong data-start=\"1840\" data-end=\"1849\">salon<\/strong>, une <strong data-start=\"1855\" data-end=\"1882\">salle \u00e0 manger \u00e9l\u00e9gante<\/strong>, ou un <strong data-start=\"1890\" data-end=\"1914\">bureau haut de gamme<\/strong><\/p>\n<\/li>\n<\/ul>\n<\/li>\n<\/ul>\n<p><strong style=\"font-family: inherit; font-size: 30px;\">Vous avez des questions ?<\/strong><\/p>\n<\/div>\n<\/div>\n<\/div>\n<\/div>\n<\/div>\n<\/div>\n<\/div>\n<\/div>\n<\/article>\n<\/div>\n<\/div>\n<\/div>\n<\/div>\n<\/div>\n<style id=\"wpforms-css-vars-3675\">\n\t\t\t\t#wpforms-3675 {\n\t\t\t\t\n\t\t\t}\n\t\t\t<\/style><div class=\"wpforms-container wpforms-container-full wpforms-render-modern\" id=\"wpforms-3675\"><form id=\"wpforms-form-3675\" class=\"wpforms-validate wpforms-form wpforms-ajax-form\" data-formid=\"3675\" method=\"post\" enctype=\"multipart\/form-data\" action=\"\/fr\/wp-json\/wp\/v2\/product\/14985\" data-token=\"afc9de651a65a54d0ab77295ba63d8ad\" data-token-time=\"1776576848\"><noscript class=\"wpforms-error-noscript\">Veuillez activer JavaScript dans votre navigateur pour remplir ce formulaire.<\/noscript><div id=\"wpforms-error-noscript\" style=\"display: none;\">Veuillez activer JavaScript dans votre navigateur pour remplir ce formulaire.<\/div><div class=\"wpforms-field-container\"><div id=\"wpforms-3675-field_3-container\" class=\"wpforms-field wpforms-field-name\" data-field-id=\"3\"><fieldset><legend class=\"wpforms-field-label\">Nom <span class=\"wpforms-required-label\" aria-hidden=\"true\">*<\/span><\/legend><div class=\"wpforms-field-row wpforms-field-medium\"><div class=\"wpforms-field-row-block wpforms-first wpforms-one-half\"><input type=\"text\" id=\"wpforms-3675-field_3\" class=\"wpforms-field-name-first wpforms-field-required\" name=\"wpforms[fields][3][first]\" aria-errormessage=\"wpforms-3675-field_3-error\" required><label for=\"wpforms-3675-field_3\" class=\"wpforms-field-sublabel after\">Pr\u00e9nom<\/label><\/div><div class=\"wpforms-field-row-block wpforms-one-half\"><input type=\"text\" id=\"wpforms-3675-field_3-last\" class=\"wpforms-field-name-last wpforms-field-required\" name=\"wpforms[fields][3][last]\" aria-errormessage=\"wpforms-3675-field_3-last-error\" required><label for=\"wpforms-3675-field_3-last\" class=\"wpforms-field-sublabel after\">Nom<\/label><\/div><\/div><\/fieldset><\/div><div id=\"wpforms-3675-field_4-container\" class=\"wpforms-field wpforms-field-email\" data-field-id=\"4\"><label class=\"wpforms-field-label\" for=\"wpforms-3675-field_4\">E-mail <span class=\"wpforms-required-label\" aria-hidden=\"true\">*<\/span><\/label><input type=\"email\" id=\"wpforms-3675-field_4\" class=\"wpforms-field-medium wpforms-field-required\" name=\"wpforms[fields][4]\" spellcheck=\"false\" aria-errormessage=\"wpforms-3675-field_4-error\" required><\/div>\t\t<div id=\"wpforms-3675-field_1-container\"\n\t\t\tclass=\"wpforms-field wpforms-field-text\"\n\t\t\tdata-field-type=\"text\"\n\t\t\tdata-field-id=\"1\"\n\t\t\t>\n\t\t\t<label class=\"wpforms-field-label\" for=\"wpforms-3675-field_1\" >Nom Message E-mail<\/label>\n\t\t\t<input type=\"text\" id=\"wpforms-3675-field_1\" class=\"wpforms-field-medium\" name=\"wpforms[fields][1]\" >\n\t\t<\/div>\n\t\t<div id=\"wpforms-3675-field_5-container\" class=\"wpforms-field wpforms-field-textarea\" data-field-id=\"5\"><label class=\"wpforms-field-label\" for=\"wpforms-3675-field_5\">Message <span class=\"wpforms-required-label\" aria-hidden=\"true\">*<\/span><\/label><textarea id=\"wpforms-3675-field_5\" class=\"wpforms-field-medium wpforms-field-required\" name=\"wpforms[fields][5]\" aria-errormessage=\"wpforms-3675-field_5-error\" required><\/textarea><\/div><script>\n\t\t\t\t( function() {\n\t\t\t\t\tconst style = document.createElement( 'style' );\n\t\t\t\t\tstyle.appendChild( document.createTextNode( '#wpforms-3675-field_1-container { position: absolute !important; overflow: hidden !important; display: inline !important; height: 1px !important; width: 1px !important; z-index: -1000 !important; padding: 0 !important; } #wpforms-3675-field_1-container input { visibility: hidden; } #wpforms-conversational-form-page #wpforms-3675-field_1-container label { counter-increment: none; }' ) );\n\t\t\t\t\tdocument.head.appendChild( style );\n\t\t\t\t\tdocument.currentScript?.remove();\n\t\t\t\t} )();\n\t\t\t<\/script><\/div><!-- .wpforms-field-container --><div class=\"wpforms-submit-container\" ><input type=\"hidden\" name=\"wpforms[id]\" value=\"3675\"><input type=\"hidden\" name=\"page_title\" value=\"\"><input type=\"hidden\" name=\"page_url\" value=\"https:\/\/homeproject.fr\/fr\/wp-json\/wp\/v2\/product\/14985\"><input type=\"hidden\" name=\"url_referer\" value=\"\"><button type=\"submit\" name=\"wpforms[submit]\" id=\"wpforms-submit-3675\" class=\"wpforms-submit\" data-alt-text=\"Envoi...\" data-submit-text=\"Envoyer\" aria-live=\"assertive\" value=\"wpforms-submit\">Envoyer<\/button><img decoding=\"async\" src=\"https:\/\/homeproject.fr\/fr\/wp-content\/plugins\/wpforms-lite\/assets\/images\/submit-spin.svg\" class=\"wpforms-submit-spinner\" style=\"display: none;\" width=\"26\" height=\"26\" alt=\"Chargement en cours\"><\/div><\/form><\/div>  <!-- .wpforms-container -->\n","protected":false},"excerpt":{"rendered":"<p data-start=\"200\" data-end=\"252\"><strong data-start=\"200\" data-end=\"252\">Un meuble de caract\u00e8re au design italien raffin\u00e9<\/strong><\/p>\n<p data-start=\"254\" data-end=\"571\">Le buffet <strong data-start=\"264\" data-end=\"272\">Star<\/strong>, imagin\u00e9 par le designer <strong data-start=\"298\" data-end=\"315\">Cesare Arosio<\/strong> pour <strong data-start=\"321\" data-end=\"344\">Pacini &amp; Cappellini<\/strong>, est une pi\u00e8ce embl\u00e9matique du mobilier contemporain italien. \u00c9l\u00e9gant et sculptural, il allie avec subtilit\u00e9 le <strong data-start=\"457\" data-end=\"471\">bois noble<\/strong>, le <strong data-start=\"476\" data-end=\"497\">verre transparent bronze<\/strong> et le <strong data-start=\"504\" data-end=\"519\">m\u00e9tal laqu\u00e9<\/strong>, pour un rendu \u00e0 la fois chaleureux et sophistiqu\u00e9.<\/p>\n<p data-start=\"573\" data-end=\"859\">Con\u00e7u comme un <strong data-start=\"588\" data-end=\"610\">meuble d\u2019exception<\/strong> pour le salon, la salle \u00e0 manger ou un bureau de direction, le buffet Star s\u00e9duit par ses lignes \u00e9pur\u00e9es, ses finitions haut de gamme et ses d\u00e9tails techniques innovants comme la <strong data-start=\"790\" data-end=\"814\">porte \u00e0 double angle<\/strong> qui vient souligner l\u2019originalit\u00e9 du design.<\/p>\n","protected":false},"featured_media":14995,"template":"","meta":{"_uf_show_specific_survey":0,"_uf_disable_surveys":false,"iawp_total_views":6},"product_brand":[590],"product_cat":[152],"product_tag":[],"class_list":{"0":"post-14985","1":"product","2":"type-product","3":"status-publish","4":"has-post-thumbnail","6":"product_brand-pacini-cappellini","7":"product_cat-buffets","8":"product_shipping_class-gros-colis-messagerie","9":"pa_collection-star-par-pacini-cappellini","10":"pa_designer-cesare-arosio","11":"pa_marque-pacini-cappellini","12":"pa_materiau-bois","13":"pa_materiau-verre","15":"first","16":"instock","17":"taxable","18":"shipping-taxable","19":"purchasable","20":"product-type-simple"},"yoast_head":"<!-- This site is optimized with the Yoast SEO plugin v27.4 - https:\/\/yoast.com\/product\/yoast-seo-wordpress\/ -->\n<title>Buffet Star 5565 noyer et verre bronze \u2013 Pacini &amp; Cappellini - Homeproject.fr<\/title>\n<meta name=\"robots\" content=\"index, follow, max-snippet:-1, max-image-preview:large, max-video-preview:-1\" \/>\n<link rel=\"canonical\" href=\"https:\/\/homeproject.fr\/fr\/produit\/buffet-star-5565-noyer-et-verre-bronze-pacini-cappellini\/\" \/>\n<meta property=\"og:locale\" content=\"fr_FR\" \/>\n<meta property=\"og:type\" content=\"article\" \/>\n<meta property=\"og:title\" content=\"Buffet Star 5565 noyer et verre bronze \u2013 Pacini &amp; Cappellini - Homeproject.fr\" \/>\n<meta property=\"og:description\" content=\"Un meuble de caract\u00e8re au design italien raffin\u00e9 Le buffet Star, imagin\u00e9 par le designer Cesare Arosio pour Pacini &amp; Cappellini, est une pi\u00e8ce embl\u00e9matique du mobilier contemporain italien. \u00c9l\u00e9gant et sculptural, il allie avec subtilit\u00e9 le bois noble, le verre transparent bronze et le m\u00e9tal laqu\u00e9, pour un rendu \u00e0 la fois chaleureux et sophistiqu\u00e9. Con\u00e7u comme un meuble d\u2019exception pour le salon, la salle \u00e0 manger ou un bureau de direction, le buffet Star s\u00e9duit par ses lignes \u00e9pur\u00e9es, ses finitions haut de gamme et ses d\u00e9tails techniques innovants comme la porte \u00e0 double angle qui vient souligner l\u2019originalit\u00e9 du design.\" \/>\n<meta property=\"og:url\" content=\"https:\/\/homeproject.fr\/fr\/produit\/buffet-star-5565-noyer-et-verre-bronze-pacini-cappellini\/\" \/>\n<meta property=\"og:site_name\" content=\"Homeproject.fr\" \/>\n<meta property=\"article:modified_time\" content=\"2025-06-28T14:42:22+00:00\" \/>\n<meta property=\"og:image\" content=\"https:\/\/homeproject.fr\/fr\/wp-content\/uploads\/2025\/06\/Buffet-contemporain-en-noyer-canaletto-et-verre-fume-avec-tiroirs-et-portes-Star-par-Pacini-Cappellini.jpg\" \/>\n\t<meta property=\"og:image:width\" content=\"1500\" \/>\n\t<meta property=\"og:image:height\" content=\"1500\" \/>\n\t<meta property=\"og:image:type\" content=\"image\/jpeg\" \/>\n<meta name=\"twitter:card\" content=\"summary_large_image\" \/>\n<meta name=\"twitter:label1\" content=\"Dur\u00e9e de lecture estim\u00e9e\" \/>\n\t<meta name=\"twitter:data1\" content=\"1 minute\" \/>\n<script type=\"application\/ld+json\" class=\"yoast-schema-graph\">{\"@context\":\"https:\\\/\\\/schema.org\",\"@graph\":[{\"@type\":\"WebPage\",\"@id\":\"https:\\\/\\\/homeproject.fr\\\/fr\\\/produit\\\/buffet-star-5565-noyer-et-verre-bronze-pacini-cappellini\\\/\",\"url\":\"https:\\\/\\\/homeproject.fr\\\/fr\\\/produit\\\/buffet-star-5565-noyer-et-verre-bronze-pacini-cappellini\\\/\",\"name\":\"Buffet Star 5565 noyer et verre bronze \u2013 Pacini & Cappellini - Homeproject.fr\",\"isPartOf\":{\"@id\":\"https:\\\/\\\/homeproject.fr\\\/fr\\\/#website\"},\"primaryImageOfPage\":{\"@id\":\"https:\\\/\\\/homeproject.fr\\\/fr\\\/produit\\\/buffet-star-5565-noyer-et-verre-bronze-pacini-cappellini\\\/#primaryimage\"},\"image\":{\"@id\":\"https:\\\/\\\/homeproject.fr\\\/fr\\\/produit\\\/buffet-star-5565-noyer-et-verre-bronze-pacini-cappellini\\\/#primaryimage\"},\"thumbnailUrl\":\"https:\\\/\\\/homeproject.fr\\\/fr\\\/wp-content\\\/uploads\\\/2025\\\/06\\\/Buffet-contemporain-en-noyer-canaletto-et-verre-fume-avec-tiroirs-et-portes-Star-par-Pacini-Cappellini.jpg\",\"datePublished\":\"2025-06-28T14:33:46+00:00\",\"dateModified\":\"2025-06-28T14:42:22+00:00\",\"breadcrumb\":{\"@id\":\"https:\\\/\\\/homeproject.fr\\\/fr\\\/produit\\\/buffet-star-5565-noyer-et-verre-bronze-pacini-cappellini\\\/#breadcrumb\"},\"inLanguage\":\"fr-FR\",\"potentialAction\":[{\"@type\":\"ReadAction\",\"target\":[\"https:\\\/\\\/homeproject.fr\\\/fr\\\/produit\\\/buffet-star-5565-noyer-et-verre-bronze-pacini-cappellini\\\/\"]}]},{\"@type\":\"ImageObject\",\"inLanguage\":\"fr-FR\",\"@id\":\"https:\\\/\\\/homeproject.fr\\\/fr\\\/produit\\\/buffet-star-5565-noyer-et-verre-bronze-pacini-cappellini\\\/#primaryimage\",\"url\":\"https:\\\/\\\/homeproject.fr\\\/fr\\\/wp-content\\\/uploads\\\/2025\\\/06\\\/Buffet-contemporain-en-noyer-canaletto-et-verre-fume-avec-tiroirs-et-portes-Star-par-Pacini-Cappellini.jpg\",\"contentUrl\":\"https:\\\/\\\/homeproject.fr\\\/fr\\\/wp-content\\\/uploads\\\/2025\\\/06\\\/Buffet-contemporain-en-noyer-canaletto-et-verre-fume-avec-tiroirs-et-portes-Star-par-Pacini-Cappellini.jpg\",\"width\":1500,\"height\":1500},{\"@type\":\"BreadcrumbList\",\"@id\":\"https:\\\/\\\/homeproject.fr\\\/fr\\\/produit\\\/buffet-star-5565-noyer-et-verre-bronze-pacini-cappellini\\\/#breadcrumb\",\"itemListElement\":[{\"@type\":\"ListItem\",\"position\":1,\"name\":\"Accueil\",\"item\":\"https:\\\/\\\/homeproject.fr\\\/fr\\\/\"},{\"@type\":\"ListItem\",\"position\":2,\"name\":\"Boutique\",\"item\":\"https:\\\/\\\/homeproject.fr\\\/fr\\\/boutique\\\/\"},{\"@type\":\"ListItem\",\"position\":3,\"name\":\"Buffet Star 5565 noyer et verre bronze \u2013 Pacini &#038; Cappellini\"}]},{\"@type\":\"WebSite\",\"@id\":\"https:\\\/\\\/homeproject.fr\\\/fr\\\/#website\",\"url\":\"https:\\\/\\\/homeproject.fr\\\/fr\\\/\",\"name\":\"Homeproject.fr\",\"description\":\"Offrez l&#039;exceptionnel \u00e0 vos espaces \u00e0 vivre\",\"publisher\":{\"@id\":\"https:\\\/\\\/homeproject.fr\\\/fr\\\/#organization\"},\"potentialAction\":[{\"@type\":\"SearchAction\",\"target\":{\"@type\":\"EntryPoint\",\"urlTemplate\":\"https:\\\/\\\/homeproject.fr\\\/fr\\\/?s={search_term_string}\"},\"query-input\":{\"@type\":\"PropertyValueSpecification\",\"valueRequired\":true,\"valueName\":\"search_term_string\"}}],\"inLanguage\":\"fr-FR\"},{\"@type\":\"Organization\",\"@id\":\"https:\\\/\\\/homeproject.fr\\\/fr\\\/#organization\",\"name\":\"Homeproject.fr\",\"url\":\"https:\\\/\\\/homeproject.fr\\\/fr\\\/\",\"logo\":{\"@type\":\"ImageObject\",\"inLanguage\":\"fr-FR\",\"@id\":\"https:\\\/\\\/homeproject.fr\\\/fr\\\/#\\\/schema\\\/logo\\\/image\\\/\",\"url\":\"https:\\\/\\\/homeproject.fr\\\/fr\\\/wp-content\\\/uploads\\\/2024\\\/12\\\/Logo_HomeProject-noir-2.png\",\"contentUrl\":\"https:\\\/\\\/homeproject.fr\\\/fr\\\/wp-content\\\/uploads\\\/2024\\\/12\\\/Logo_HomeProject-noir-2.png\",\"width\":300,\"height\":91,\"caption\":\"Homeproject.fr\"},\"image\":{\"@id\":\"https:\\\/\\\/homeproject.fr\\\/fr\\\/#\\\/schema\\\/logo\\\/image\\\/\"}}]}<\/script>\n<!-- \/ Yoast SEO plugin. -->","yoast_head_json":{"title":"Buffet Star 5565 noyer et verre bronze \u2013 Pacini & Cappellini - Homeproject.fr","robots":{"index":"index","follow":"follow","max-snippet":"max-snippet:-1","max-image-preview":"max-image-preview:large","max-video-preview":"max-video-preview:-1"},"canonical":"https:\/\/homeproject.fr\/fr\/produit\/buffet-star-5565-noyer-et-verre-bronze-pacini-cappellini\/","og_locale":"fr_FR","og_type":"article","og_title":"Buffet Star 5565 noyer et verre bronze \u2013 Pacini & Cappellini - Homeproject.fr","og_description":"Un meuble de caract\u00e8re au design italien raffin\u00e9 Le buffet Star, imagin\u00e9 par le designer Cesare Arosio pour Pacini &amp; Cappellini, est une pi\u00e8ce embl\u00e9matique du mobilier contemporain italien. \u00c9l\u00e9gant et sculptural, il allie avec subtilit\u00e9 le bois noble, le verre transparent bronze et le m\u00e9tal laqu\u00e9, pour un rendu \u00e0 la fois chaleureux et sophistiqu\u00e9. Con\u00e7u comme un meuble d\u2019exception pour le salon, la salle \u00e0 manger ou un bureau de direction, le buffet Star s\u00e9duit par ses lignes \u00e9pur\u00e9es, ses finitions haut de gamme et ses d\u00e9tails techniques innovants comme la porte \u00e0 double angle qui vient souligner l\u2019originalit\u00e9 du design.","og_url":"https:\/\/homeproject.fr\/fr\/produit\/buffet-star-5565-noyer-et-verre-bronze-pacini-cappellini\/","og_site_name":"Homeproject.fr","article_modified_time":"2025-06-28T14:42:22+00:00","og_image":[{"width":1500,"height":1500,"url":"https:\/\/homeproject.fr\/fr\/wp-content\/uploads\/2025\/06\/Buffet-contemporain-en-noyer-canaletto-et-verre-fume-avec-tiroirs-et-portes-Star-par-Pacini-Cappellini.jpg","type":"image\/jpeg"}],"twitter_card":"summary_large_image","twitter_misc":{"Dur\u00e9e de lecture estim\u00e9e":"1 minute"},"schema":{"@context":"https:\/\/schema.org","@graph":[{"@type":"WebPage","@id":"https:\/\/homeproject.fr\/fr\/produit\/buffet-star-5565-noyer-et-verre-bronze-pacini-cappellini\/","url":"https:\/\/homeproject.fr\/fr\/produit\/buffet-star-5565-noyer-et-verre-bronze-pacini-cappellini\/","name":"Buffet Star 5565 noyer et verre bronze \u2013 Pacini & Cappellini - Homeproject.fr","isPartOf":{"@id":"https:\/\/homeproject.fr\/fr\/#website"},"primaryImageOfPage":{"@id":"https:\/\/homeproject.fr\/fr\/produit\/buffet-star-5565-noyer-et-verre-bronze-pacini-cappellini\/#primaryimage"},"image":{"@id":"https:\/\/homeproject.fr\/fr\/produit\/buffet-star-5565-noyer-et-verre-bronze-pacini-cappellini\/#primaryimage"},"thumbnailUrl":"https:\/\/homeproject.fr\/fr\/wp-content\/uploads\/2025\/06\/Buffet-contemporain-en-noyer-canaletto-et-verre-fume-avec-tiroirs-et-portes-Star-par-Pacini-Cappellini.jpg","datePublished":"2025-06-28T14:33:46+00:00","dateModified":"2025-06-28T14:42:22+00:00","breadcrumb":{"@id":"https:\/\/homeproject.fr\/fr\/produit\/buffet-star-5565-noyer-et-verre-bronze-pacini-cappellini\/#breadcrumb"},"inLanguage":"fr-FR","potentialAction":[{"@type":"ReadAction","target":["https:\/\/homeproject.fr\/fr\/produit\/buffet-star-5565-noyer-et-verre-bronze-pacini-cappellini\/"]}]},{"@type":"ImageObject","inLanguage":"fr-FR","@id":"https:\/\/homeproject.fr\/fr\/produit\/buffet-star-5565-noyer-et-verre-bronze-pacini-cappellini\/#primaryimage","url":"https:\/\/homeproject.fr\/fr\/wp-content\/uploads\/2025\/06\/Buffet-contemporain-en-noyer-canaletto-et-verre-fume-avec-tiroirs-et-portes-Star-par-Pacini-Cappellini.jpg","contentUrl":"https:\/\/homeproject.fr\/fr\/wp-content\/uploads\/2025\/06\/Buffet-contemporain-en-noyer-canaletto-et-verre-fume-avec-tiroirs-et-portes-Star-par-Pacini-Cappellini.jpg","width":1500,"height":1500},{"@type":"BreadcrumbList","@id":"https:\/\/homeproject.fr\/fr\/produit\/buffet-star-5565-noyer-et-verre-bronze-pacini-cappellini\/#breadcrumb","itemListElement":[{"@type":"ListItem","position":1,"name":"Accueil","item":"https:\/\/homeproject.fr\/fr\/"},{"@type":"ListItem","position":2,"name":"Boutique","item":"https:\/\/homeproject.fr\/fr\/boutique\/"},{"@type":"ListItem","position":3,"name":"Buffet Star 5565 noyer et verre bronze \u2013 Pacini &#038; Cappellini"}]},{"@type":"WebSite","@id":"https:\/\/homeproject.fr\/fr\/#website","url":"https:\/\/homeproject.fr\/fr\/","name":"Homeproject.fr","description":"Offrez l&#039;exceptionnel \u00e0 vos espaces \u00e0 vivre","publisher":{"@id":"https:\/\/homeproject.fr\/fr\/#organization"},"potentialAction":[{"@type":"SearchAction","target":{"@type":"EntryPoint","urlTemplate":"https:\/\/homeproject.fr\/fr\/?s={search_term_string}"},"query-input":{"@type":"PropertyValueSpecification","valueRequired":true,"valueName":"search_term_string"}}],"inLanguage":"fr-FR"},{"@type":"Organization","@id":"https:\/\/homeproject.fr\/fr\/#organization","name":"Homeproject.fr","url":"https:\/\/homeproject.fr\/fr\/","logo":{"@type":"ImageObject","inLanguage":"fr-FR","@id":"https:\/\/homeproject.fr\/fr\/#\/schema\/logo\/image\/","url":"https:\/\/homeproject.fr\/fr\/wp-content\/uploads\/2024\/12\/Logo_HomeProject-noir-2.png","contentUrl":"https:\/\/homeproject.fr\/fr\/wp-content\/uploads\/2024\/12\/Logo_HomeProject-noir-2.png","width":300,"height":91,"caption":"Homeproject.fr"},"image":{"@id":"https:\/\/homeproject.fr\/fr\/#\/schema\/logo\/image\/"}}]}},"_links":{"self":[{"href":"https:\/\/homeproject.fr\/fr\/wp-json\/wp\/v2\/product\/14985","targetHints":{"allow":["GET"]}}],"collection":[{"href":"https:\/\/homeproject.fr\/fr\/wp-json\/wp\/v2\/product"}],"about":[{"href":"https:\/\/homeproject.fr\/fr\/wp-json\/wp\/v2\/types\/product"}],"version-history":[{"count":1,"href":"https:\/\/homeproject.fr\/fr\/wp-json\/wp\/v2\/product\/14985\/revisions"}],"predecessor-version":[{"id":14996,"href":"https:\/\/homeproject.fr\/fr\/wp-json\/wp\/v2\/product\/14985\/revisions\/14996"}],"wp:featuredmedia":[{"embeddable":true,"href":"https:\/\/homeproject.fr\/fr\/wp-json\/wp\/v2\/media\/14995"}],"wp:attachment":[{"href":"https:\/\/homeproject.fr\/fr\/wp-json\/wp\/v2\/media?parent=14985"}],"wp:term":[{"taxonomy":"product_brand","embeddable":true,"href":"https:\/\/homeproject.fr\/fr\/wp-json\/wp\/v2\/product_brand?post=14985"},{"taxonomy":"product_cat","embeddable":true,"href":"https:\/\/homeproject.fr\/fr\/wp-json\/wp\/v2\/product_cat?post=14985"},{"taxonomy":"product_tag","embeddable":true,"href":"https:\/\/homeproject.fr\/fr\/wp-json\/wp\/v2\/product_tag?post=14985"}],"curies":[{"name":"wp","href":"https:\/\/api.w.org\/{rel}","templated":true}]}}