{"id":14969,"date":"2025-06-28T08:32:06","date_gmt":"2025-06-28T08:32:06","guid":{"rendered":"https:\/\/homeproject.fr\/fr\/?post_type=product&#038;p=14969"},"modified":"2025-06-28T14:18:36","modified_gmt":"2025-06-28T14:18:36","slug":"table-clifford-rectangulaire-5495-pacini-cappellini","status":"publish","type":"product","link":"https:\/\/homeproject.fr\/fr\/produit\/table-clifford-rectangulaire-5495-pacini-cappellini\/","title":{"rendered":"Table Clifford rectangulaire 5495 noyer et verre \u2013 Pacini &#038; Cappellini"},"content":{"rendered":"<div class=\"flex-1 overflow-hidden @container\/thread\">\n<div class=\"h-full\">\n<div class=\"react-scroll-to-bottom--css-avwfw-79elbk h-full\">\n<div class=\"react-scroll-to-bottom--css-avwfw-1n7m0yu\">\n<div class=\"flex flex-col text-sm md:pb-9\">\n<article class=\"w-full scroll-mb-[var(--thread-trailing-height,150px)] text-token-text-primary focus-visible:outline-2 focus-visible:outline-offset-[-4px]\" dir=\"auto\" data-testid=\"conversation-turn-13\" data-scroll-anchor=\"true\">\n<div class=\"m-auto text-base py-[18px] px-3 md:px-4 w-full md:px-5 lg:px-4 xl:px-5\">\n<div class=\"mx-auto flex flex-1 gap-4 text-base md:gap-5 lg:gap-6 md:max-w-3xl lg:max-w-[40rem] xl:max-w-[48rem]\">\n<div class=\"group\/conversation-turn relative flex w-full min-w-0 flex-col agent-turn\">\n<div class=\"flex-col gap-1 md:gap-3\">\n<div class=\"flex max-w-full flex-col flex-grow\">\n<div class=\"min-h-8 text-message flex w-full flex-col items-end gap-2 whitespace-normal break-words text-start [.text-message+&amp;]:mt-5\" dir=\"auto\" data-message-author-role=\"assistant\" data-message-id=\"dc5cab26-9697-46d2-b6fe-c8745ded277b\" data-message-model-slug=\"gpt-4o\">\n<div class=\"flex w-full flex-col gap-1 empty:hidden first:pt-[3px]\">\n<div class=\"markdown prose w-full break-words dark:prose-invert light\">\n<h3 data-start=\"869\" data-end=\"906\"><strong data-start=\"873\" data-end=\"906\">Caract\u00e9ristiques techniques :<\/strong><\/h3>\n<ul data-start=\"907\" data-end=\"1410\">\n<li data-start=\"907\" data-end=\"1157\">\n<p data-start=\"909\" data-end=\"933\"><strong data-start=\"909\" data-end=\"931\">Plateau au choix :<\/strong><\/p>\n<ul data-start=\"936\" data-end=\"1157\">\n<li data-start=\"936\" data-end=\"1040\">\n<p data-start=\"938\" data-end=\"1040\">Verre tremp\u00e9 clair, bronze transparent ou fum\u00e9 (\u00e9paisseur 10 mm, avec supports \u00e9lectro-soud\u00e9s)<\/p>\n<\/li>\n<\/ul>\n<\/li>\n<li data-start=\"1158\" data-end=\"1276\">\n<p data-start=\"1160\" data-end=\"1177\"><strong data-start=\"1160\" data-end=\"1175\">Pi\u00e8tement :<\/strong><\/p>\n<ul data-start=\"1180\" data-end=\"1276\">\n<li data-start=\"1180\" data-end=\"1276\">\n<p data-start=\"1182\" data-end=\"1276\">Bois massif en <strong data-start=\"1197\" data-end=\"1216\">noyer canaletto<\/strong>, finition selon nuancier Pacini &amp; Cappellini<\/p>\n<\/li>\n<\/ul>\n<\/li>\n<li data-start=\"1277\" data-end=\"1316\">\n<p data-start=\"1279\" data-end=\"1316\"><strong data-start=\"1279\" data-end=\"1291\">Design :<\/strong> Ervas Basilico Girardi<\/p>\n<\/li>\n<li data-start=\"1317\" data-end=\"1410\">\n<p data-start=\"1319\" data-end=\"1410\"><strong data-start=\"1319\" data-end=\"1335\">Dimensions :<\/strong> Plusieurs tailles disponibles :<br \/>\n240 x 110 cm<br \/>\n260 x 120 cm<br \/>\n300 x 120 cm<\/p>\n<\/li>\n<\/ul>\n<hr data-start=\"1412\" data-end=\"1415\" \/>\n<h3 data-start=\"1417\" data-end=\"1461\"><strong data-start=\"1421\" data-end=\"1461\">Pourquoi choisir la table Clifford ?<\/strong><\/h3>\n<ul data-start=\"1462\" data-end=\"1807\">\n<li data-start=\"1462\" data-end=\"1564\">\n<p data-start=\"1464\" data-end=\"1564\">Un <strong data-start=\"1467\" data-end=\"1485\">design italien<\/strong> audacieux et raffin\u00e9, id\u00e9al pour un <strong data-start=\"1522\" data-end=\"1562\">int\u00e9rieur contemporain haut de gamme<\/strong><\/p>\n<\/li>\n<li data-start=\"1565\" data-end=\"1635\">\n<p data-start=\"1567\" data-end=\"1635\">Des mat\u00e9riaux de grande qualit\u00e9, issus d\u2019un savoir-faire artisanal<\/p>\n<\/li>\n<li data-start=\"1636\" data-end=\"1721\">\n<p data-start=\"1638\" data-end=\"1721\">Une <strong data-start=\"1642\" data-end=\"1665\">polyvalence d\u2019usage<\/strong>, entre salle \u00e0 manger \u00e9l\u00e9gante et bureau de direction<\/p>\n<\/li>\n<li data-start=\"1722\" data-end=\"1807\">\n<p data-start=\"1724\" data-end=\"1807\">Une personnalisation possible pour s\u2019int\u00e9grer \u00e0 tous types de projets d\u2019am\u00e9nagement<\/p>\n<\/li>\n<\/ul>\n<p><strong style=\"font-family: inherit; font-size: 30px;\">Vous avez des questions ?<\/strong><\/p>\n<\/div>\n<\/div>\n<\/div>\n<\/div>\n<\/div>\n<\/div>\n<\/div>\n<\/div>\n<\/article>\n<\/div>\n<\/div>\n<\/div>\n<\/div>\n<\/div>\n<style id=\"wpforms-css-vars-3675\">\n\t\t\t\t#wpforms-3675 {\n\t\t\t\t\n\t\t\t}\n\t\t\t<\/style><div class=\"wpforms-container wpforms-container-full wpforms-render-modern\" id=\"wpforms-3675\"><form id=\"wpforms-form-3675\" class=\"wpforms-validate wpforms-form wpforms-ajax-form\" data-formid=\"3675\" method=\"post\" enctype=\"multipart\/form-data\" action=\"\/fr\/wp-json\/wp\/v2\/product\/14969\" data-token=\"afc9de651a65a54d0ab77295ba63d8ad\" data-token-time=\"1776583256\"><noscript class=\"wpforms-error-noscript\">Veuillez activer JavaScript dans votre navigateur pour remplir ce formulaire.<\/noscript><div id=\"wpforms-error-noscript\" style=\"display: none;\">Veuillez activer JavaScript dans votre navigateur pour remplir ce formulaire.<\/div><div class=\"wpforms-field-container\"><div id=\"wpforms-3675-field_3-container\" class=\"wpforms-field wpforms-field-name\" data-field-id=\"3\"><fieldset><legend class=\"wpforms-field-label\">Nom <span class=\"wpforms-required-label\" aria-hidden=\"true\">*<\/span><\/legend><div class=\"wpforms-field-row wpforms-field-medium\"><div class=\"wpforms-field-row-block wpforms-first wpforms-one-half\"><input type=\"text\" id=\"wpforms-3675-field_3\" class=\"wpforms-field-name-first wpforms-field-required\" name=\"wpforms[fields][3][first]\" aria-errormessage=\"wpforms-3675-field_3-error\" required><label for=\"wpforms-3675-field_3\" class=\"wpforms-field-sublabel after\">Pr\u00e9nom<\/label><\/div><div class=\"wpforms-field-row-block wpforms-one-half\"><input type=\"text\" id=\"wpforms-3675-field_3-last\" class=\"wpforms-field-name-last wpforms-field-required\" name=\"wpforms[fields][3][last]\" aria-errormessage=\"wpforms-3675-field_3-last-error\" required><label for=\"wpforms-3675-field_3-last\" class=\"wpforms-field-sublabel after\">Nom<\/label><\/div><\/div><\/fieldset><\/div>\t\t<div id=\"wpforms-3675-field_1-container\"\n\t\t\tclass=\"wpforms-field wpforms-field-text\"\n\t\t\tdata-field-type=\"text\"\n\t\t\tdata-field-id=\"1\"\n\t\t\t>\n\t\t\t<label class=\"wpforms-field-label\" for=\"wpforms-3675-field_1\" >E-mail Nom Message<\/label>\n\t\t\t<input type=\"text\" id=\"wpforms-3675-field_1\" class=\"wpforms-field-medium\" name=\"wpforms[fields][1]\" >\n\t\t<\/div>\n\t\t<div id=\"wpforms-3675-field_4-container\" class=\"wpforms-field wpforms-field-email\" data-field-id=\"4\"><label class=\"wpforms-field-label\" for=\"wpforms-3675-field_4\">E-mail <span class=\"wpforms-required-label\" aria-hidden=\"true\">*<\/span><\/label><input type=\"email\" id=\"wpforms-3675-field_4\" class=\"wpforms-field-medium wpforms-field-required\" name=\"wpforms[fields][4]\" spellcheck=\"false\" aria-errormessage=\"wpforms-3675-field_4-error\" required><\/div><div id=\"wpforms-3675-field_5-container\" class=\"wpforms-field wpforms-field-textarea\" data-field-id=\"5\"><label class=\"wpforms-field-label\" for=\"wpforms-3675-field_5\">Message <span class=\"wpforms-required-label\" aria-hidden=\"true\">*<\/span><\/label><textarea id=\"wpforms-3675-field_5\" class=\"wpforms-field-medium wpforms-field-required\" name=\"wpforms[fields][5]\" aria-errormessage=\"wpforms-3675-field_5-error\" required><\/textarea><\/div><script>\n\t\t\t\t( function() {\n\t\t\t\t\tconst style = document.createElement( 'style' );\n\t\t\t\t\tstyle.appendChild( document.createTextNode( '#wpforms-3675-field_1-container { position: absolute !important; overflow: hidden !important; display: inline !important; height: 1px !important; width: 1px !important; z-index: -1000 !important; padding: 0 !important; } #wpforms-3675-field_1-container input { visibility: hidden; } #wpforms-conversational-form-page #wpforms-3675-field_1-container label { counter-increment: none; }' ) );\n\t\t\t\t\tdocument.head.appendChild( style );\n\t\t\t\t\tdocument.currentScript?.remove();\n\t\t\t\t} )();\n\t\t\t<\/script><\/div><!-- .wpforms-field-container --><div class=\"wpforms-submit-container\" ><input type=\"hidden\" name=\"wpforms[id]\" value=\"3675\"><input type=\"hidden\" name=\"page_title\" value=\"\"><input type=\"hidden\" name=\"page_url\" value=\"https:\/\/homeproject.fr\/fr\/wp-json\/wp\/v2\/product\/14969\"><input type=\"hidden\" name=\"url_referer\" value=\"\"><button type=\"submit\" name=\"wpforms[submit]\" id=\"wpforms-submit-3675\" class=\"wpforms-submit\" data-alt-text=\"Envoi...\" data-submit-text=\"Envoyer\" aria-live=\"assertive\" value=\"wpforms-submit\">Envoyer<\/button><img decoding=\"async\" src=\"https:\/\/homeproject.fr\/fr\/wp-content\/plugins\/wpforms-lite\/assets\/images\/submit-spin.svg\" class=\"wpforms-submit-spinner\" style=\"display: none;\" width=\"26\" height=\"26\" alt=\"Chargement en cours\"><\/div><\/form><\/div>  <!-- .wpforms-container -->\n","protected":false},"excerpt":{"rendered":"<p data-start=\"207\" data-end=\"267\"><strong data-start=\"207\" data-end=\"267\">\u00c9quilibre parfait entre sculpture et design contemporain<\/strong><\/p>\n<p data-start=\"269\" data-end=\"621\">La table <strong data-start=\"278\" data-end=\"290\">Clifford<\/strong> de <strong data-start=\"294\" data-end=\"317\">Pacini &amp; Cappellini<\/strong>, dessin\u00e9e par le cabinet d\u2019architecture <strong data-start=\"358\" data-end=\"384\">Ervas Basilico Girardi<\/strong>, incarne une alliance remarquable entre puissance sculpturale et l\u00e9g\u00e8ret\u00e9 visuelle. V\u00e9ritable pi\u00e8ce ma\u00eetresse, elle se distingue par sa base en bois massif aux formes douces et fluides, qui structure l\u2019espace avec \u00e9l\u00e9gance et caract\u00e8re.<\/p>\n<p data-start=\"623\" data-end=\"862\">Pens\u00e9e pour les <strong data-start=\"639\" data-end=\"672\">salles \u00e0 manger sophistiqu\u00e9es<\/strong> ou les <strong data-start=\"680\" data-end=\"720\">espaces professionnels haut de gamme<\/strong>, la table Clifford conjugue esth\u00e9tique et fonctionnalit\u00e9 dans un dialogue harmonieux entre les mat\u00e9riaux nobles et les lignes contemporaines.<\/p>\n","protected":false},"featured_media":14970,"template":"","meta":{"_uf_show_specific_survey":0,"_uf_disable_surveys":false,"iawp_total_views":8},"product_brand":[590],"product_cat":[148],"product_tag":[],"class_list":{"0":"post-14969","1":"product","2":"type-product","3":"status-publish","4":"has-post-thumbnail","6":"product_brand-pacini-cappellini","7":"product_cat-tables","8":"product_shipping_class-gros-colis-messagerie","9":"pa_collection-clifford-par-pacini-cappellini","10":"pa_designer-ervas-basilico-girardi","11":"pa_marque-pacini-cappellini","12":"pa_materiau-bois","13":"pa_materiau-verre","15":"first","16":"instock","17":"taxable","18":"shipping-taxable","19":"purchasable","20":"product-type-variable"},"yoast_head":"<!-- This site is optimized with the Yoast SEO plugin v27.4 - https:\/\/yoast.com\/product\/yoast-seo-wordpress\/ -->\n<title>Table Clifford rectangulaire 5495 noyer et verre \u2013 Pacini &amp; Cappellini - Homeproject.fr<\/title>\n<meta name=\"robots\" content=\"index, follow, max-snippet:-1, max-image-preview:large, max-video-preview:-1\" \/>\n<link rel=\"canonical\" href=\"https:\/\/homeproject.fr\/fr\/produit\/table-clifford-rectangulaire-5495-pacini-cappellini\/\" \/>\n<meta property=\"og:locale\" content=\"fr_FR\" \/>\n<meta property=\"og:type\" content=\"article\" \/>\n<meta property=\"og:title\" content=\"Table Clifford rectangulaire 5495 noyer et verre \u2013 Pacini &amp; Cappellini - Homeproject.fr\" \/>\n<meta property=\"og:description\" content=\"\u00c9quilibre parfait entre sculpture et design contemporain La table Clifford de Pacini &amp; Cappellini, dessin\u00e9e par le cabinet d\u2019architecture Ervas Basilico Girardi, incarne une alliance remarquable entre puissance sculpturale et l\u00e9g\u00e8ret\u00e9 visuelle. V\u00e9ritable pi\u00e8ce ma\u00eetresse, elle se distingue par sa base en bois massif aux formes douces et fluides, qui structure l\u2019espace avec \u00e9l\u00e9gance et caract\u00e8re. Pens\u00e9e pour les salles \u00e0 manger sophistiqu\u00e9es ou les espaces professionnels haut de gamme, la table Clifford conjugue esth\u00e9tique et fonctionnalit\u00e9 dans un dialogue harmonieux entre les mat\u00e9riaux nobles et les lignes contemporaines.\" \/>\n<meta property=\"og:url\" content=\"https:\/\/homeproject.fr\/fr\/produit\/table-clifford-rectangulaire-5495-pacini-cappellini\/\" \/>\n<meta property=\"og:site_name\" content=\"Homeproject.fr\" \/>\n<meta property=\"article:modified_time\" content=\"2025-06-28T14:18:36+00:00\" \/>\n<meta property=\"og:image\" content=\"https:\/\/homeproject.fr\/fr\/wp-content\/uploads\/2025\/06\/Table-contemporaine-avec-pieds-sculptes-en-bois-massif-de-noyer-et-plateau-rectangulaire-en-verre-transparent.jpg\" \/>\n\t<meta property=\"og:image:width\" content=\"1500\" \/>\n\t<meta property=\"og:image:height\" content=\"1500\" \/>\n\t<meta property=\"og:image:type\" content=\"image\/jpeg\" \/>\n<meta name=\"twitter:card\" content=\"summary_large_image\" \/>\n<meta name=\"twitter:label1\" content=\"Dur\u00e9e de lecture estim\u00e9e\" \/>\n\t<meta name=\"twitter:data1\" content=\"1 minute\" \/>\n<script type=\"application\/ld+json\" class=\"yoast-schema-graph\">{\"@context\":\"https:\\\/\\\/schema.org\",\"@graph\":[{\"@type\":\"WebPage\",\"@id\":\"https:\\\/\\\/homeproject.fr\\\/fr\\\/produit\\\/table-clifford-rectangulaire-5495-pacini-cappellini\\\/\",\"url\":\"https:\\\/\\\/homeproject.fr\\\/fr\\\/produit\\\/table-clifford-rectangulaire-5495-pacini-cappellini\\\/\",\"name\":\"Table Clifford rectangulaire 5495 noyer et verre \u2013 Pacini & Cappellini - Homeproject.fr\",\"isPartOf\":{\"@id\":\"https:\\\/\\\/homeproject.fr\\\/fr\\\/#website\"},\"primaryImageOfPage\":{\"@id\":\"https:\\\/\\\/homeproject.fr\\\/fr\\\/produit\\\/table-clifford-rectangulaire-5495-pacini-cappellini\\\/#primaryimage\"},\"image\":{\"@id\":\"https:\\\/\\\/homeproject.fr\\\/fr\\\/produit\\\/table-clifford-rectangulaire-5495-pacini-cappellini\\\/#primaryimage\"},\"thumbnailUrl\":\"https:\\\/\\\/homeproject.fr\\\/fr\\\/wp-content\\\/uploads\\\/2025\\\/06\\\/Table-contemporaine-avec-pieds-sculptes-en-bois-massif-de-noyer-et-plateau-rectangulaire-en-verre-transparent.jpg\",\"datePublished\":\"2025-06-28T08:32:06+00:00\",\"dateModified\":\"2025-06-28T14:18:36+00:00\",\"breadcrumb\":{\"@id\":\"https:\\\/\\\/homeproject.fr\\\/fr\\\/produit\\\/table-clifford-rectangulaire-5495-pacini-cappellini\\\/#breadcrumb\"},\"inLanguage\":\"fr-FR\",\"potentialAction\":[{\"@type\":\"ReadAction\",\"target\":[\"https:\\\/\\\/homeproject.fr\\\/fr\\\/produit\\\/table-clifford-rectangulaire-5495-pacini-cappellini\\\/\"]}]},{\"@type\":\"ImageObject\",\"inLanguage\":\"fr-FR\",\"@id\":\"https:\\\/\\\/homeproject.fr\\\/fr\\\/produit\\\/table-clifford-rectangulaire-5495-pacini-cappellini\\\/#primaryimage\",\"url\":\"https:\\\/\\\/homeproject.fr\\\/fr\\\/wp-content\\\/uploads\\\/2025\\\/06\\\/Table-contemporaine-avec-pieds-sculptes-en-bois-massif-de-noyer-et-plateau-rectangulaire-en-verre-transparent.jpg\",\"contentUrl\":\"https:\\\/\\\/homeproject.fr\\\/fr\\\/wp-content\\\/uploads\\\/2025\\\/06\\\/Table-contemporaine-avec-pieds-sculptes-en-bois-massif-de-noyer-et-plateau-rectangulaire-en-verre-transparent.jpg\",\"width\":1500,\"height\":1500},{\"@type\":\"BreadcrumbList\",\"@id\":\"https:\\\/\\\/homeproject.fr\\\/fr\\\/produit\\\/table-clifford-rectangulaire-5495-pacini-cappellini\\\/#breadcrumb\",\"itemListElement\":[{\"@type\":\"ListItem\",\"position\":1,\"name\":\"Accueil\",\"item\":\"https:\\\/\\\/homeproject.fr\\\/fr\\\/\"},{\"@type\":\"ListItem\",\"position\":2,\"name\":\"Boutique\",\"item\":\"https:\\\/\\\/homeproject.fr\\\/fr\\\/boutique\\\/\"},{\"@type\":\"ListItem\",\"position\":3,\"name\":\"Table Clifford rectangulaire 5495 noyer et verre \u2013 Pacini &#038; Cappellini\"}]},{\"@type\":\"WebSite\",\"@id\":\"https:\\\/\\\/homeproject.fr\\\/fr\\\/#website\",\"url\":\"https:\\\/\\\/homeproject.fr\\\/fr\\\/\",\"name\":\"Homeproject.fr\",\"description\":\"Offrez l&#039;exceptionnel \u00e0 vos espaces \u00e0 vivre\",\"publisher\":{\"@id\":\"https:\\\/\\\/homeproject.fr\\\/fr\\\/#organization\"},\"potentialAction\":[{\"@type\":\"SearchAction\",\"target\":{\"@type\":\"EntryPoint\",\"urlTemplate\":\"https:\\\/\\\/homeproject.fr\\\/fr\\\/?s={search_term_string}\"},\"query-input\":{\"@type\":\"PropertyValueSpecification\",\"valueRequired\":true,\"valueName\":\"search_term_string\"}}],\"inLanguage\":\"fr-FR\"},{\"@type\":\"Organization\",\"@id\":\"https:\\\/\\\/homeproject.fr\\\/fr\\\/#organization\",\"name\":\"Homeproject.fr\",\"url\":\"https:\\\/\\\/homeproject.fr\\\/fr\\\/\",\"logo\":{\"@type\":\"ImageObject\",\"inLanguage\":\"fr-FR\",\"@id\":\"https:\\\/\\\/homeproject.fr\\\/fr\\\/#\\\/schema\\\/logo\\\/image\\\/\",\"url\":\"https:\\\/\\\/homeproject.fr\\\/fr\\\/wp-content\\\/uploads\\\/2024\\\/12\\\/Logo_HomeProject-noir-2.png\",\"contentUrl\":\"https:\\\/\\\/homeproject.fr\\\/fr\\\/wp-content\\\/uploads\\\/2024\\\/12\\\/Logo_HomeProject-noir-2.png\",\"width\":300,\"height\":91,\"caption\":\"Homeproject.fr\"},\"image\":{\"@id\":\"https:\\\/\\\/homeproject.fr\\\/fr\\\/#\\\/schema\\\/logo\\\/image\\\/\"}}]}<\/script>\n<!-- \/ Yoast SEO plugin. -->","yoast_head_json":{"title":"Table Clifford rectangulaire 5495 noyer et verre \u2013 Pacini & Cappellini - Homeproject.fr","robots":{"index":"index","follow":"follow","max-snippet":"max-snippet:-1","max-image-preview":"max-image-preview:large","max-video-preview":"max-video-preview:-1"},"canonical":"https:\/\/homeproject.fr\/fr\/produit\/table-clifford-rectangulaire-5495-pacini-cappellini\/","og_locale":"fr_FR","og_type":"article","og_title":"Table Clifford rectangulaire 5495 noyer et verre \u2013 Pacini & Cappellini - Homeproject.fr","og_description":"\u00c9quilibre parfait entre sculpture et design contemporain La table Clifford de Pacini &amp; Cappellini, dessin\u00e9e par le cabinet d\u2019architecture Ervas Basilico Girardi, incarne une alliance remarquable entre puissance sculpturale et l\u00e9g\u00e8ret\u00e9 visuelle. V\u00e9ritable pi\u00e8ce ma\u00eetresse, elle se distingue par sa base en bois massif aux formes douces et fluides, qui structure l\u2019espace avec \u00e9l\u00e9gance et caract\u00e8re. Pens\u00e9e pour les salles \u00e0 manger sophistiqu\u00e9es ou les espaces professionnels haut de gamme, la table Clifford conjugue esth\u00e9tique et fonctionnalit\u00e9 dans un dialogue harmonieux entre les mat\u00e9riaux nobles et les lignes contemporaines.","og_url":"https:\/\/homeproject.fr\/fr\/produit\/table-clifford-rectangulaire-5495-pacini-cappellini\/","og_site_name":"Homeproject.fr","article_modified_time":"2025-06-28T14:18:36+00:00","og_image":[{"width":1500,"height":1500,"url":"https:\/\/homeproject.fr\/fr\/wp-content\/uploads\/2025\/06\/Table-contemporaine-avec-pieds-sculptes-en-bois-massif-de-noyer-et-plateau-rectangulaire-en-verre-transparent.jpg","type":"image\/jpeg"}],"twitter_card":"summary_large_image","twitter_misc":{"Dur\u00e9e de lecture estim\u00e9e":"1 minute"},"schema":{"@context":"https:\/\/schema.org","@graph":[{"@type":"WebPage","@id":"https:\/\/homeproject.fr\/fr\/produit\/table-clifford-rectangulaire-5495-pacini-cappellini\/","url":"https:\/\/homeproject.fr\/fr\/produit\/table-clifford-rectangulaire-5495-pacini-cappellini\/","name":"Table Clifford rectangulaire 5495 noyer et verre \u2013 Pacini & Cappellini - Homeproject.fr","isPartOf":{"@id":"https:\/\/homeproject.fr\/fr\/#website"},"primaryImageOfPage":{"@id":"https:\/\/homeproject.fr\/fr\/produit\/table-clifford-rectangulaire-5495-pacini-cappellini\/#primaryimage"},"image":{"@id":"https:\/\/homeproject.fr\/fr\/produit\/table-clifford-rectangulaire-5495-pacini-cappellini\/#primaryimage"},"thumbnailUrl":"https:\/\/homeproject.fr\/fr\/wp-content\/uploads\/2025\/06\/Table-contemporaine-avec-pieds-sculptes-en-bois-massif-de-noyer-et-plateau-rectangulaire-en-verre-transparent.jpg","datePublished":"2025-06-28T08:32:06+00:00","dateModified":"2025-06-28T14:18:36+00:00","breadcrumb":{"@id":"https:\/\/homeproject.fr\/fr\/produit\/table-clifford-rectangulaire-5495-pacini-cappellini\/#breadcrumb"},"inLanguage":"fr-FR","potentialAction":[{"@type":"ReadAction","target":["https:\/\/homeproject.fr\/fr\/produit\/table-clifford-rectangulaire-5495-pacini-cappellini\/"]}]},{"@type":"ImageObject","inLanguage":"fr-FR","@id":"https:\/\/homeproject.fr\/fr\/produit\/table-clifford-rectangulaire-5495-pacini-cappellini\/#primaryimage","url":"https:\/\/homeproject.fr\/fr\/wp-content\/uploads\/2025\/06\/Table-contemporaine-avec-pieds-sculptes-en-bois-massif-de-noyer-et-plateau-rectangulaire-en-verre-transparent.jpg","contentUrl":"https:\/\/homeproject.fr\/fr\/wp-content\/uploads\/2025\/06\/Table-contemporaine-avec-pieds-sculptes-en-bois-massif-de-noyer-et-plateau-rectangulaire-en-verre-transparent.jpg","width":1500,"height":1500},{"@type":"BreadcrumbList","@id":"https:\/\/homeproject.fr\/fr\/produit\/table-clifford-rectangulaire-5495-pacini-cappellini\/#breadcrumb","itemListElement":[{"@type":"ListItem","position":1,"name":"Accueil","item":"https:\/\/homeproject.fr\/fr\/"},{"@type":"ListItem","position":2,"name":"Boutique","item":"https:\/\/homeproject.fr\/fr\/boutique\/"},{"@type":"ListItem","position":3,"name":"Table Clifford rectangulaire 5495 noyer et verre \u2013 Pacini &#038; Cappellini"}]},{"@type":"WebSite","@id":"https:\/\/homeproject.fr\/fr\/#website","url":"https:\/\/homeproject.fr\/fr\/","name":"Homeproject.fr","description":"Offrez l&#039;exceptionnel \u00e0 vos espaces \u00e0 vivre","publisher":{"@id":"https:\/\/homeproject.fr\/fr\/#organization"},"potentialAction":[{"@type":"SearchAction","target":{"@type":"EntryPoint","urlTemplate":"https:\/\/homeproject.fr\/fr\/?s={search_term_string}"},"query-input":{"@type":"PropertyValueSpecification","valueRequired":true,"valueName":"search_term_string"}}],"inLanguage":"fr-FR"},{"@type":"Organization","@id":"https:\/\/homeproject.fr\/fr\/#organization","name":"Homeproject.fr","url":"https:\/\/homeproject.fr\/fr\/","logo":{"@type":"ImageObject","inLanguage":"fr-FR","@id":"https:\/\/homeproject.fr\/fr\/#\/schema\/logo\/image\/","url":"https:\/\/homeproject.fr\/fr\/wp-content\/uploads\/2024\/12\/Logo_HomeProject-noir-2.png","contentUrl":"https:\/\/homeproject.fr\/fr\/wp-content\/uploads\/2024\/12\/Logo_HomeProject-noir-2.png","width":300,"height":91,"caption":"Homeproject.fr"},"image":{"@id":"https:\/\/homeproject.fr\/fr\/#\/schema\/logo\/image\/"}}]}},"_links":{"self":[{"href":"https:\/\/homeproject.fr\/fr\/wp-json\/wp\/v2\/product\/14969","targetHints":{"allow":["GET"]}}],"collection":[{"href":"https:\/\/homeproject.fr\/fr\/wp-json\/wp\/v2\/product"}],"about":[{"href":"https:\/\/homeproject.fr\/fr\/wp-json\/wp\/v2\/types\/product"}],"version-history":[{"count":3,"href":"https:\/\/homeproject.fr\/fr\/wp-json\/wp\/v2\/product\/14969\/revisions"}],"predecessor-version":[{"id":14984,"href":"https:\/\/homeproject.fr\/fr\/wp-json\/wp\/v2\/product\/14969\/revisions\/14984"}],"wp:featuredmedia":[{"embeddable":true,"href":"https:\/\/homeproject.fr\/fr\/wp-json\/wp\/v2\/media\/14970"}],"wp:attachment":[{"href":"https:\/\/homeproject.fr\/fr\/wp-json\/wp\/v2\/media?parent=14969"}],"wp:term":[{"taxonomy":"product_brand","embeddable":true,"href":"https:\/\/homeproject.fr\/fr\/wp-json\/wp\/v2\/product_brand?post=14969"},{"taxonomy":"product_cat","embeddable":true,"href":"https:\/\/homeproject.fr\/fr\/wp-json\/wp\/v2\/product_cat?post=14969"},{"taxonomy":"product_tag","embeddable":true,"href":"https:\/\/homeproject.fr\/fr\/wp-json\/wp\/v2\/product_tag?post=14969"}],"curies":[{"name":"wp","href":"https:\/\/api.w.org\/{rel}","templated":true}]}}