{"id":14948,"date":"2025-06-21T15:36:29","date_gmt":"2025-06-21T15:36:29","guid":{"rendered":"https:\/\/homeproject.fr\/fr\/?post_type=product&#038;p=14948"},"modified":"2025-06-21T15:44:17","modified_gmt":"2025-06-21T15:44:17","slug":"miroir-rond-avec-cadre-bois-dore-argent-ou-cappuccino-circle-par-bmb-italy","status":"publish","type":"product","link":"https:\/\/homeproject.fr\/fr\/produit\/miroir-rond-avec-cadre-bois-dore-argent-ou-cappuccino-circle-par-bmb-italy\/","title":{"rendered":"Miroir rond avec cadre bois dor\u00e9 argent ou cappuccino Circle par BMB Italy"},"content":{"rendered":"<div class=\"flex-1 overflow-hidden @container\/thread\">\n<div class=\"h-full\">\n<div class=\"react-scroll-to-bottom--css-avwfw-79elbk h-full\">\n<div class=\"react-scroll-to-bottom--css-avwfw-1n7m0yu\">\n<div class=\"flex flex-col text-sm md:pb-9\">\n<article class=\"w-full scroll-mb-[var(--thread-trailing-height,150px)] text-token-text-primary focus-visible:outline-2 focus-visible:outline-offset-[-4px]\" dir=\"auto\" data-testid=\"conversation-turn-13\" data-scroll-anchor=\"true\">\n<div class=\"m-auto text-base py-[18px] px-3 md:px-4 w-full md:px-5 lg:px-4 xl:px-5\">\n<div class=\"mx-auto flex flex-1 gap-4 text-base md:gap-5 lg:gap-6 md:max-w-3xl lg:max-w-[40rem] xl:max-w-[48rem]\">\n<div class=\"group\/conversation-turn relative flex w-full min-w-0 flex-col agent-turn\">\n<div class=\"flex-col gap-1 md:gap-3\">\n<div class=\"flex max-w-full flex-col flex-grow\">\n<div class=\"min-h-8 text-message flex w-full flex-col items-end gap-2 whitespace-normal break-words text-start [.text-message+&amp;]:mt-5\" dir=\"auto\" data-message-author-role=\"assistant\" data-message-id=\"dc5cab26-9697-46d2-b6fe-c8745ded277b\" data-message-model-slug=\"gpt-4o\">\n<div class=\"flex w-full flex-col gap-1 empty:hidden first:pt-[3px]\">\n<div class=\"markdown prose w-full break-words dark:prose-invert light\">\n<h3 data-start=\"947\" data-end=\"974\">Finitions disponibles :<\/h3>\n<ul data-start=\"975\" data-end=\"1120\">\n<li data-start=\"975\" data-end=\"1050\">\n<p data-start=\"977\" data-end=\"1050\"><strong data-start=\"977\" data-end=\"997\">Feuille d\u2019argent<\/strong> \u2013 finition brillante et artisanale, effet lumineux<\/p>\n<\/li>\n<li data-start=\"1051\" data-end=\"1120\">\n<p data-start=\"1053\" data-end=\"1120\"><strong data-start=\"1053\" data-end=\"1071\">Cappuccino mat<\/strong> \u2013 laque douce, teinte naturelle et contemporaine<\/p>\n<\/li>\n<\/ul>\n<h3 data-start=\"1122\" data-end=\"1148\">Dimensions propos\u00e9es :<\/h3>\n<ul data-start=\"1149\" data-end=\"1184\">\n<li data-start=\"1149\" data-end=\"1160\">\n<p data-start=\"1151\" data-end=\"1160\">\u00d8 90 cm<\/p>\n<\/li>\n<li data-start=\"1161\" data-end=\"1173\">\n<p data-start=\"1163\" data-end=\"1173\">\u00d8 120 cm<\/p>\n<\/li>\n<li data-start=\"1174\" data-end=\"1184\">\n<p data-start=\"1176\" data-end=\"1184\">\u00d8 186 cm avec pieds noir mat<\/p>\n<\/li>\n<\/ul>\n<h3 data-start=\"1186\" data-end=\"1208\">Caract\u00e9ristiques :<\/h3>\n<ul data-start=\"1209\" data-end=\"1516\">\n<li data-start=\"1209\" data-end=\"1281\">\n<p data-start=\"1211\" data-end=\"1281\"><strong data-start=\"1211\" data-end=\"1220\">Cadre<\/strong> : Bois sculpt\u00e9, finition artisanale (argent ou cappuccino)<\/p>\n<\/li>\n<li data-start=\"1282\" data-end=\"1332\">\n<p data-start=\"1284\" data-end=\"1332\"><strong data-start=\"1284\" data-end=\"1293\">Verre<\/strong> : Miroir clair poli de haute qualit\u00e9<\/p>\n<\/li>\n<li data-start=\"1333\" data-end=\"1389\">\n<p data-start=\"1335\" data-end=\"1389\"><strong data-start=\"1335\" data-end=\"1351\">Installation<\/strong> : Mural, syst\u00e8me de fixation inclus<\/p>\n<\/li>\n<li data-start=\"1390\" data-end=\"1458\">\n<p data-start=\"1392\" data-end=\"1458\"><strong data-start=\"1392\" data-end=\"1407\">Utilisation<\/strong> : Int\u00e9rieur \u2013 usage r\u00e9sidentiel ou professionnel<\/p>\n<\/li>\n<li data-start=\"1459\" data-end=\"1516\">\n<p data-start=\"1461\" data-end=\"1516\"><strong data-start=\"1461\" data-end=\"1470\">Style<\/strong> : Organique, contemporain chic, n\u00e9o-classique<\/p>\n<\/li>\n<\/ul>\n<h3 data-start=\"1518\" data-end=\"1540\">Atouts du mod\u00e8le :<\/h3>\n<ul data-start=\"1541\" data-end=\"1778\">\n<li data-start=\"1541\" data-end=\"1587\">\n<p data-start=\"1543\" data-end=\"1587\"><strong data-start=\"1543\" data-end=\"1558\">Forme ronde<\/strong> tr\u00e8s tendance et apaisante<\/p>\n<\/li>\n<li data-start=\"1588\" data-end=\"1654\">\n<p data-start=\"1590\" data-end=\"1654\"><strong data-start=\"1590\" data-end=\"1618\">Grand choix de diam\u00e8tres<\/strong> pour s\u2019adapter \u00e0 tous les espaces<\/p>\n<\/li>\n<li data-start=\"1655\" data-end=\"1719\">\n<p data-start=\"1657\" data-end=\"1719\"><strong data-start=\"1657\" data-end=\"1696\">Fabrication italienne haut de gamme<\/strong>, finitions \u00e0 la main<\/p>\n<\/li>\n<li data-start=\"1720\" data-end=\"1778\">\n<p data-start=\"1722\" data-end=\"1778\">Id\u00e9al pour cr\u00e9er <strong data-start=\"1739\" data-end=\"1778\">un jeu de lumi\u00e8re et de perspective<\/strong><\/p>\n<\/li>\n<\/ul>\n<h3 data-start=\"942\" data-end=\"969\"><strong style=\"font-family: inherit; font-size: 30px;\">Vous avez des questions ?<\/strong><\/h3>\n<\/div>\n<\/div>\n<\/div>\n<\/div>\n<\/div>\n<\/div>\n<\/div>\n<\/div>\n<\/article>\n<\/div>\n<\/div>\n<\/div>\n<\/div>\n<\/div>\n<style id=\"wpforms-css-vars-3675\">\n\t\t\t\t#wpforms-3675 {\n\t\t\t\t\n\t\t\t}\n\t\t\t<\/style><div class=\"wpforms-container wpforms-container-full wpforms-render-modern\" id=\"wpforms-3675\"><form id=\"wpforms-form-3675\" class=\"wpforms-validate wpforms-form wpforms-ajax-form\" data-formid=\"3675\" method=\"post\" enctype=\"multipart\/form-data\" action=\"\/fr\/wp-json\/wp\/v2\/product\/14948\" data-token=\"61a757da810f90bb9b7a9e476d087382\" data-token-time=\"1776537629\"><noscript class=\"wpforms-error-noscript\">Veuillez activer JavaScript dans votre navigateur pour remplir ce formulaire.<\/noscript><div id=\"wpforms-error-noscript\" style=\"display: none;\">Veuillez activer JavaScript dans votre navigateur pour remplir ce formulaire.<\/div><div class=\"wpforms-field-container\"><div id=\"wpforms-3675-field_3-container\" class=\"wpforms-field wpforms-field-name\" data-field-id=\"3\"><fieldset><legend class=\"wpforms-field-label\">Nom <span class=\"wpforms-required-label\" aria-hidden=\"true\">*<\/span><\/legend><div class=\"wpforms-field-row wpforms-field-medium\"><div class=\"wpforms-field-row-block wpforms-first wpforms-one-half\"><input type=\"text\" id=\"wpforms-3675-field_3\" class=\"wpforms-field-name-first wpforms-field-required\" name=\"wpforms[fields][3][first]\" aria-errormessage=\"wpforms-3675-field_3-error\" required><label for=\"wpforms-3675-field_3\" class=\"wpforms-field-sublabel after\">Pr\u00e9nom<\/label><\/div><div class=\"wpforms-field-row-block wpforms-one-half\"><input type=\"text\" id=\"wpforms-3675-field_3-last\" class=\"wpforms-field-name-last wpforms-field-required\" name=\"wpforms[fields][3][last]\" aria-errormessage=\"wpforms-3675-field_3-last-error\" required><label for=\"wpforms-3675-field_3-last\" class=\"wpforms-field-sublabel after\">Nom<\/label><\/div><\/div><\/fieldset><\/div>\t\t<div id=\"wpforms-3675-field_1-container\"\n\t\t\tclass=\"wpforms-field wpforms-field-text\"\n\t\t\tdata-field-type=\"text\"\n\t\t\tdata-field-id=\"1\"\n\t\t\t>\n\t\t\t<label class=\"wpforms-field-label\" for=\"wpforms-3675-field_1\" >E-mail Nom Message<\/label>\n\t\t\t<input type=\"text\" id=\"wpforms-3675-field_1\" class=\"wpforms-field-medium\" name=\"wpforms[fields][1]\" >\n\t\t<\/div>\n\t\t<div id=\"wpforms-3675-field_4-container\" class=\"wpforms-field wpforms-field-email\" data-field-id=\"4\"><label class=\"wpforms-field-label\" for=\"wpforms-3675-field_4\">E-mail <span class=\"wpforms-required-label\" aria-hidden=\"true\">*<\/span><\/label><input type=\"email\" id=\"wpforms-3675-field_4\" class=\"wpforms-field-medium wpforms-field-required\" name=\"wpforms[fields][4]\" spellcheck=\"false\" aria-errormessage=\"wpforms-3675-field_4-error\" required><\/div><div id=\"wpforms-3675-field_5-container\" class=\"wpforms-field wpforms-field-textarea\" data-field-id=\"5\"><label class=\"wpforms-field-label\" for=\"wpforms-3675-field_5\">Message <span class=\"wpforms-required-label\" aria-hidden=\"true\">*<\/span><\/label><textarea id=\"wpforms-3675-field_5\" class=\"wpforms-field-medium wpforms-field-required\" name=\"wpforms[fields][5]\" aria-errormessage=\"wpforms-3675-field_5-error\" required><\/textarea><\/div><script>\n\t\t\t\t( function() {\n\t\t\t\t\tconst style = document.createElement( 'style' );\n\t\t\t\t\tstyle.appendChild( document.createTextNode( '#wpforms-3675-field_1-container { position: absolute !important; overflow: hidden !important; display: inline !important; height: 1px !important; width: 1px !important; z-index: -1000 !important; padding: 0 !important; } #wpforms-3675-field_1-container input { visibility: hidden; } #wpforms-conversational-form-page #wpforms-3675-field_1-container label { counter-increment: none; }' ) );\n\t\t\t\t\tdocument.head.appendChild( style );\n\t\t\t\t\tdocument.currentScript?.remove();\n\t\t\t\t} )();\n\t\t\t<\/script><\/div><!-- .wpforms-field-container --><div class=\"wpforms-submit-container\" ><input type=\"hidden\" name=\"wpforms[id]\" value=\"3675\"><input type=\"hidden\" name=\"page_title\" value=\"\"><input type=\"hidden\" name=\"page_url\" value=\"https:\/\/homeproject.fr\/fr\/wp-json\/wp\/v2\/product\/14948\"><input type=\"hidden\" name=\"url_referer\" value=\"\"><button type=\"submit\" name=\"wpforms[submit]\" id=\"wpforms-submit-3675\" class=\"wpforms-submit\" data-alt-text=\"Envoi...\" data-submit-text=\"Envoyer\" aria-live=\"assertive\" value=\"wpforms-submit\">Envoyer<\/button><img decoding=\"async\" src=\"https:\/\/homeproject.fr\/fr\/wp-content\/plugins\/wpforms-lite\/assets\/images\/submit-spin.svg\" class=\"wpforms-submit-spinner\" style=\"display: none;\" width=\"26\" height=\"26\" alt=\"Chargement en cours\"><\/div><\/form><\/div>  <!-- .wpforms-container -->\n","protected":false},"excerpt":{"rendered":"<p data-start=\"318\" data-end=\"755\"><strong>Douceur des courbes et finitions haut de gamme<\/strong><\/p>\n<p data-start=\"318\" data-end=\"755\">Avec ses lignes circulaires enveloppantes et son <strong data-start=\"367\" data-end=\"392\">cadre en bois sculpt\u00e9<\/strong>, ce miroir rond incarne une <strong data-start=\"421\" data-end=\"443\">\u00e9l\u00e9gance organique<\/strong> id\u00e9ale pour les int\u00e9rieurs contemporains comme plus classiques. Propos\u00e9 en deux finitions d\u2019exception \u2013 <strong data-start=\"548\" data-end=\"568\">feuille d\u2019argent<\/strong> pour un \u00e9clat sophistiqu\u00e9 ou <strong data-start=\"598\" data-end=\"622\">laque cappuccino mat<\/strong> pour une chaleur subtile \u2013 ce miroir devient un <strong data-start=\"671\" data-end=\"702\">v\u00e9ritable \u00e9l\u00e9ment d\u00e9coratif<\/strong>, alliant design intemporel et raffinement artisanal.<\/p>\n<p data-start=\"757\" data-end=\"945\">Disponible en <strong data-start=\"771\" data-end=\"799\">trois diam\u00e8tres g\u00e9n\u00e9reux<\/strong>, il s\u2019adapte parfaitement \u00e0 un salon, une entr\u00e9e, un espace commercial ou une chambre \u00e0 la recherche d\u2019un <strong data-start=\"906\" data-end=\"932\">point focal harmonieux<\/strong> et lumineux.<\/p>\n","protected":false},"featured_media":14957,"template":"","meta":{"_uf_show_specific_survey":0,"_uf_disable_surveys":false,"iawp_total_views":13},"product_brand":[555],"product_cat":[543],"product_tag":[],"class_list":{"0":"post-14948","1":"product","2":"type-product","3":"status-publish","4":"has-post-thumbnail","6":"product_brand-bmb-italy","7":"product_cat-miroirs","8":"product_shipping_class-mobilier-par-transporteur-de-meuble","9":"pa_collection-circle-par-bmb-italy","10":"pa_marque-bmb-italy","11":"pa_materiau-bois","12":"pa_materiau-miroir","14":"first","15":"instock","16":"taxable","17":"shipping-taxable","18":"purchasable","19":"product-type-variable"},"yoast_head":"<!-- This site is optimized with the Yoast SEO plugin v27.4 - https:\/\/yoast.com\/product\/yoast-seo-wordpress\/ -->\n<title>Miroir rond avec cadre bois dor\u00e9 argent ou cappuccino Circle par BMB Italy - Homeproject.fr<\/title>\n<meta name=\"description\" content=\"Miroir rond avec cadre bois dor\u00e9 argent ou cappuccino mat \u2013 Finition artisanale, trois diam\u00e8tres disponibles. \u00c9l\u00e9gance contemporaine sur homeproject.fr.\" \/>\n<meta name=\"robots\" content=\"index, follow, max-snippet:-1, max-image-preview:large, max-video-preview:-1\" \/>\n<link rel=\"canonical\" href=\"https:\/\/homeproject.fr\/fr\/produit\/miroir-rond-avec-cadre-bois-dore-argent-ou-cappuccino-circle-par-bmb-italy\/\" \/>\n<meta property=\"og:locale\" content=\"fr_FR\" \/>\n<meta property=\"og:type\" content=\"article\" \/>\n<meta property=\"og:title\" content=\"Miroir rond avec cadre bois dor\u00e9 argent ou cappuccino Circle par BMB Italy - Homeproject.fr\" \/>\n<meta property=\"og:description\" content=\"Miroir rond avec cadre bois dor\u00e9 argent ou cappuccino mat \u2013 Finition artisanale, trois diam\u00e8tres disponibles. \u00c9l\u00e9gance contemporaine sur homeproject.fr.\" \/>\n<meta property=\"og:url\" content=\"https:\/\/homeproject.fr\/fr\/produit\/miroir-rond-avec-cadre-bois-dore-argent-ou-cappuccino-circle-par-bmb-italy\/\" \/>\n<meta property=\"og:site_name\" content=\"Homeproject.fr\" \/>\n<meta property=\"article:modified_time\" content=\"2025-06-21T15:44:17+00:00\" \/>\n<meta property=\"og:image\" content=\"https:\/\/homeproject.fr\/fr\/wp-content\/uploads\/2025\/06\/Miroir-rond-grand-format-a-poser-au-sol-Circle-par-BMB-Italy.jpg\" \/>\n\t<meta property=\"og:image:width\" content=\"1500\" \/>\n\t<meta property=\"og:image:height\" content=\"1500\" \/>\n\t<meta property=\"og:image:type\" content=\"image\/jpeg\" \/>\n<meta name=\"twitter:card\" content=\"summary_large_image\" \/>\n<meta name=\"twitter:label1\" content=\"Dur\u00e9e de lecture estim\u00e9e\" \/>\n\t<meta name=\"twitter:data1\" content=\"1 minute\" \/>\n<script type=\"application\/ld+json\" class=\"yoast-schema-graph\">{\"@context\":\"https:\\\/\\\/schema.org\",\"@graph\":[{\"@type\":\"WebPage\",\"@id\":\"https:\\\/\\\/homeproject.fr\\\/fr\\\/produit\\\/miroir-rond-avec-cadre-bois-dore-argent-ou-cappuccino-circle-par-bmb-italy\\\/\",\"url\":\"https:\\\/\\\/homeproject.fr\\\/fr\\\/produit\\\/miroir-rond-avec-cadre-bois-dore-argent-ou-cappuccino-circle-par-bmb-italy\\\/\",\"name\":\"Miroir rond avec cadre bois dor\u00e9 argent ou cappuccino Circle par BMB Italy - Homeproject.fr\",\"isPartOf\":{\"@id\":\"https:\\\/\\\/homeproject.fr\\\/fr\\\/#website\"},\"primaryImageOfPage\":{\"@id\":\"https:\\\/\\\/homeproject.fr\\\/fr\\\/produit\\\/miroir-rond-avec-cadre-bois-dore-argent-ou-cappuccino-circle-par-bmb-italy\\\/#primaryimage\"},\"image\":{\"@id\":\"https:\\\/\\\/homeproject.fr\\\/fr\\\/produit\\\/miroir-rond-avec-cadre-bois-dore-argent-ou-cappuccino-circle-par-bmb-italy\\\/#primaryimage\"},\"thumbnailUrl\":\"https:\\\/\\\/homeproject.fr\\\/fr\\\/wp-content\\\/uploads\\\/2025\\\/06\\\/Miroir-rond-grand-format-a-poser-au-sol-Circle-par-BMB-Italy.jpg\",\"datePublished\":\"2025-06-21T15:36:29+00:00\",\"dateModified\":\"2025-06-21T15:44:17+00:00\",\"description\":\"Miroir rond avec cadre bois dor\u00e9 argent ou cappuccino mat \u2013 Finition artisanale, trois diam\u00e8tres disponibles. \u00c9l\u00e9gance contemporaine sur homeproject.fr.\",\"breadcrumb\":{\"@id\":\"https:\\\/\\\/homeproject.fr\\\/fr\\\/produit\\\/miroir-rond-avec-cadre-bois-dore-argent-ou-cappuccino-circle-par-bmb-italy\\\/#breadcrumb\"},\"inLanguage\":\"fr-FR\",\"potentialAction\":[{\"@type\":\"ReadAction\",\"target\":[\"https:\\\/\\\/homeproject.fr\\\/fr\\\/produit\\\/miroir-rond-avec-cadre-bois-dore-argent-ou-cappuccino-circle-par-bmb-italy\\\/\"]}]},{\"@type\":\"ImageObject\",\"inLanguage\":\"fr-FR\",\"@id\":\"https:\\\/\\\/homeproject.fr\\\/fr\\\/produit\\\/miroir-rond-avec-cadre-bois-dore-argent-ou-cappuccino-circle-par-bmb-italy\\\/#primaryimage\",\"url\":\"https:\\\/\\\/homeproject.fr\\\/fr\\\/wp-content\\\/uploads\\\/2025\\\/06\\\/Miroir-rond-grand-format-a-poser-au-sol-Circle-par-BMB-Italy.jpg\",\"contentUrl\":\"https:\\\/\\\/homeproject.fr\\\/fr\\\/wp-content\\\/uploads\\\/2025\\\/06\\\/Miroir-rond-grand-format-a-poser-au-sol-Circle-par-BMB-Italy.jpg\",\"width\":1500,\"height\":1500},{\"@type\":\"BreadcrumbList\",\"@id\":\"https:\\\/\\\/homeproject.fr\\\/fr\\\/produit\\\/miroir-rond-avec-cadre-bois-dore-argent-ou-cappuccino-circle-par-bmb-italy\\\/#breadcrumb\",\"itemListElement\":[{\"@type\":\"ListItem\",\"position\":1,\"name\":\"Accueil\",\"item\":\"https:\\\/\\\/homeproject.fr\\\/fr\\\/\"},{\"@type\":\"ListItem\",\"position\":2,\"name\":\"Boutique\",\"item\":\"https:\\\/\\\/homeproject.fr\\\/fr\\\/boutique\\\/\"},{\"@type\":\"ListItem\",\"position\":3,\"name\":\"Miroir rond avec cadre bois dor\u00e9 argent ou cappuccino Circle par BMB Italy\"}]},{\"@type\":\"WebSite\",\"@id\":\"https:\\\/\\\/homeproject.fr\\\/fr\\\/#website\",\"url\":\"https:\\\/\\\/homeproject.fr\\\/fr\\\/\",\"name\":\"Homeproject.fr\",\"description\":\"Offrez l&#039;exceptionnel \u00e0 vos espaces \u00e0 vivre\",\"publisher\":{\"@id\":\"https:\\\/\\\/homeproject.fr\\\/fr\\\/#organization\"},\"potentialAction\":[{\"@type\":\"SearchAction\",\"target\":{\"@type\":\"EntryPoint\",\"urlTemplate\":\"https:\\\/\\\/homeproject.fr\\\/fr\\\/?s={search_term_string}\"},\"query-input\":{\"@type\":\"PropertyValueSpecification\",\"valueRequired\":true,\"valueName\":\"search_term_string\"}}],\"inLanguage\":\"fr-FR\"},{\"@type\":\"Organization\",\"@id\":\"https:\\\/\\\/homeproject.fr\\\/fr\\\/#organization\",\"name\":\"Homeproject.fr\",\"url\":\"https:\\\/\\\/homeproject.fr\\\/fr\\\/\",\"logo\":{\"@type\":\"ImageObject\",\"inLanguage\":\"fr-FR\",\"@id\":\"https:\\\/\\\/homeproject.fr\\\/fr\\\/#\\\/schema\\\/logo\\\/image\\\/\",\"url\":\"https:\\\/\\\/homeproject.fr\\\/fr\\\/wp-content\\\/uploads\\\/2024\\\/12\\\/Logo_HomeProject-noir-2.png\",\"contentUrl\":\"https:\\\/\\\/homeproject.fr\\\/fr\\\/wp-content\\\/uploads\\\/2024\\\/12\\\/Logo_HomeProject-noir-2.png\",\"width\":300,\"height\":91,\"caption\":\"Homeproject.fr\"},\"image\":{\"@id\":\"https:\\\/\\\/homeproject.fr\\\/fr\\\/#\\\/schema\\\/logo\\\/image\\\/\"}}]}<\/script>\n<!-- \/ Yoast SEO plugin. -->","yoast_head_json":{"title":"Miroir rond avec cadre bois dor\u00e9 argent ou cappuccino Circle par BMB Italy - Homeproject.fr","description":"Miroir rond avec cadre bois dor\u00e9 argent ou cappuccino mat \u2013 Finition artisanale, trois diam\u00e8tres disponibles. \u00c9l\u00e9gance contemporaine sur homeproject.fr.","robots":{"index":"index","follow":"follow","max-snippet":"max-snippet:-1","max-image-preview":"max-image-preview:large","max-video-preview":"max-video-preview:-1"},"canonical":"https:\/\/homeproject.fr\/fr\/produit\/miroir-rond-avec-cadre-bois-dore-argent-ou-cappuccino-circle-par-bmb-italy\/","og_locale":"fr_FR","og_type":"article","og_title":"Miroir rond avec cadre bois dor\u00e9 argent ou cappuccino Circle par BMB Italy - Homeproject.fr","og_description":"Miroir rond avec cadre bois dor\u00e9 argent ou cappuccino mat \u2013 Finition artisanale, trois diam\u00e8tres disponibles. \u00c9l\u00e9gance contemporaine sur homeproject.fr.","og_url":"https:\/\/homeproject.fr\/fr\/produit\/miroir-rond-avec-cadre-bois-dore-argent-ou-cappuccino-circle-par-bmb-italy\/","og_site_name":"Homeproject.fr","article_modified_time":"2025-06-21T15:44:17+00:00","og_image":[{"width":1500,"height":1500,"url":"https:\/\/homeproject.fr\/fr\/wp-content\/uploads\/2025\/06\/Miroir-rond-grand-format-a-poser-au-sol-Circle-par-BMB-Italy.jpg","type":"image\/jpeg"}],"twitter_card":"summary_large_image","twitter_misc":{"Dur\u00e9e de lecture estim\u00e9e":"1 minute"},"schema":{"@context":"https:\/\/schema.org","@graph":[{"@type":"WebPage","@id":"https:\/\/homeproject.fr\/fr\/produit\/miroir-rond-avec-cadre-bois-dore-argent-ou-cappuccino-circle-par-bmb-italy\/","url":"https:\/\/homeproject.fr\/fr\/produit\/miroir-rond-avec-cadre-bois-dore-argent-ou-cappuccino-circle-par-bmb-italy\/","name":"Miroir rond avec cadre bois dor\u00e9 argent ou cappuccino Circle par BMB Italy - Homeproject.fr","isPartOf":{"@id":"https:\/\/homeproject.fr\/fr\/#website"},"primaryImageOfPage":{"@id":"https:\/\/homeproject.fr\/fr\/produit\/miroir-rond-avec-cadre-bois-dore-argent-ou-cappuccino-circle-par-bmb-italy\/#primaryimage"},"image":{"@id":"https:\/\/homeproject.fr\/fr\/produit\/miroir-rond-avec-cadre-bois-dore-argent-ou-cappuccino-circle-par-bmb-italy\/#primaryimage"},"thumbnailUrl":"https:\/\/homeproject.fr\/fr\/wp-content\/uploads\/2025\/06\/Miroir-rond-grand-format-a-poser-au-sol-Circle-par-BMB-Italy.jpg","datePublished":"2025-06-21T15:36:29+00:00","dateModified":"2025-06-21T15:44:17+00:00","description":"Miroir rond avec cadre bois dor\u00e9 argent ou cappuccino mat \u2013 Finition artisanale, trois diam\u00e8tres disponibles. \u00c9l\u00e9gance contemporaine sur homeproject.fr.","breadcrumb":{"@id":"https:\/\/homeproject.fr\/fr\/produit\/miroir-rond-avec-cadre-bois-dore-argent-ou-cappuccino-circle-par-bmb-italy\/#breadcrumb"},"inLanguage":"fr-FR","potentialAction":[{"@type":"ReadAction","target":["https:\/\/homeproject.fr\/fr\/produit\/miroir-rond-avec-cadre-bois-dore-argent-ou-cappuccino-circle-par-bmb-italy\/"]}]},{"@type":"ImageObject","inLanguage":"fr-FR","@id":"https:\/\/homeproject.fr\/fr\/produit\/miroir-rond-avec-cadre-bois-dore-argent-ou-cappuccino-circle-par-bmb-italy\/#primaryimage","url":"https:\/\/homeproject.fr\/fr\/wp-content\/uploads\/2025\/06\/Miroir-rond-grand-format-a-poser-au-sol-Circle-par-BMB-Italy.jpg","contentUrl":"https:\/\/homeproject.fr\/fr\/wp-content\/uploads\/2025\/06\/Miroir-rond-grand-format-a-poser-au-sol-Circle-par-BMB-Italy.jpg","width":1500,"height":1500},{"@type":"BreadcrumbList","@id":"https:\/\/homeproject.fr\/fr\/produit\/miroir-rond-avec-cadre-bois-dore-argent-ou-cappuccino-circle-par-bmb-italy\/#breadcrumb","itemListElement":[{"@type":"ListItem","position":1,"name":"Accueil","item":"https:\/\/homeproject.fr\/fr\/"},{"@type":"ListItem","position":2,"name":"Boutique","item":"https:\/\/homeproject.fr\/fr\/boutique\/"},{"@type":"ListItem","position":3,"name":"Miroir rond avec cadre bois dor\u00e9 argent ou cappuccino Circle par BMB Italy"}]},{"@type":"WebSite","@id":"https:\/\/homeproject.fr\/fr\/#website","url":"https:\/\/homeproject.fr\/fr\/","name":"Homeproject.fr","description":"Offrez l&#039;exceptionnel \u00e0 vos espaces \u00e0 vivre","publisher":{"@id":"https:\/\/homeproject.fr\/fr\/#organization"},"potentialAction":[{"@type":"SearchAction","target":{"@type":"EntryPoint","urlTemplate":"https:\/\/homeproject.fr\/fr\/?s={search_term_string}"},"query-input":{"@type":"PropertyValueSpecification","valueRequired":true,"valueName":"search_term_string"}}],"inLanguage":"fr-FR"},{"@type":"Organization","@id":"https:\/\/homeproject.fr\/fr\/#organization","name":"Homeproject.fr","url":"https:\/\/homeproject.fr\/fr\/","logo":{"@type":"ImageObject","inLanguage":"fr-FR","@id":"https:\/\/homeproject.fr\/fr\/#\/schema\/logo\/image\/","url":"https:\/\/homeproject.fr\/fr\/wp-content\/uploads\/2024\/12\/Logo_HomeProject-noir-2.png","contentUrl":"https:\/\/homeproject.fr\/fr\/wp-content\/uploads\/2024\/12\/Logo_HomeProject-noir-2.png","width":300,"height":91,"caption":"Homeproject.fr"},"image":{"@id":"https:\/\/homeproject.fr\/fr\/#\/schema\/logo\/image\/"}}]}},"_links":{"self":[{"href":"https:\/\/homeproject.fr\/fr\/wp-json\/wp\/v2\/product\/14948","targetHints":{"allow":["GET"]}}],"collection":[{"href":"https:\/\/homeproject.fr\/fr\/wp-json\/wp\/v2\/product"}],"about":[{"href":"https:\/\/homeproject.fr\/fr\/wp-json\/wp\/v2\/types\/product"}],"version-history":[{"count":1,"href":"https:\/\/homeproject.fr\/fr\/wp-json\/wp\/v2\/product\/14948\/revisions"}],"predecessor-version":[{"id":14967,"href":"https:\/\/homeproject.fr\/fr\/wp-json\/wp\/v2\/product\/14948\/revisions\/14967"}],"wp:featuredmedia":[{"embeddable":true,"href":"https:\/\/homeproject.fr\/fr\/wp-json\/wp\/v2\/media\/14957"}],"wp:attachment":[{"href":"https:\/\/homeproject.fr\/fr\/wp-json\/wp\/v2\/media?parent=14948"}],"wp:term":[{"taxonomy":"product_brand","embeddable":true,"href":"https:\/\/homeproject.fr\/fr\/wp-json\/wp\/v2\/product_brand?post=14948"},{"taxonomy":"product_cat","embeddable":true,"href":"https:\/\/homeproject.fr\/fr\/wp-json\/wp\/v2\/product_cat?post=14948"},{"taxonomy":"product_tag","embeddable":true,"href":"https:\/\/homeproject.fr\/fr\/wp-json\/wp\/v2\/product_tag?post=14948"}],"curies":[{"name":"wp","href":"https:\/\/api.w.org\/{rel}","templated":true}]}}