{"id":14927,"date":"2025-06-21T15:10:05","date_gmt":"2025-06-21T15:10:05","guid":{"rendered":"https:\/\/homeproject.fr\/fr\/?post_type=product&#038;p=14927"},"modified":"2025-06-21T15:17:41","modified_gmt":"2025-06-21T15:17:41","slug":"miroir-mural-avec-cadre-en-bois-dore-argent-ou-laque-noir-cesar-par-bmb-italy","status":"publish","type":"product","link":"https:\/\/homeproject.fr\/fr\/produit\/miroir-mural-avec-cadre-en-bois-dore-argent-ou-laque-noir-cesar-par-bmb-italy\/","title":{"rendered":"Miroir mural avec cadre en bois dor\u00e9 argent ou laqu\u00e9 noir Cesar par BMB Italy"},"content":{"rendered":"<div class=\"flex-1 overflow-hidden @container\/thread\">\n<div class=\"h-full\">\n<div class=\"react-scroll-to-bottom--css-avwfw-79elbk h-full\">\n<div class=\"react-scroll-to-bottom--css-avwfw-1n7m0yu\">\n<div class=\"flex flex-col text-sm md:pb-9\">\n<article class=\"w-full scroll-mb-[var(--thread-trailing-height,150px)] text-token-text-primary focus-visible:outline-2 focus-visible:outline-offset-[-4px]\" dir=\"auto\" data-testid=\"conversation-turn-13\" data-scroll-anchor=\"true\">\n<div class=\"m-auto text-base py-[18px] px-3 md:px-4 w-full md:px-5 lg:px-4 xl:px-5\">\n<div class=\"mx-auto flex flex-1 gap-4 text-base md:gap-5 lg:gap-6 md:max-w-3xl lg:max-w-[40rem] xl:max-w-[48rem]\">\n<div class=\"group\/conversation-turn relative flex w-full min-w-0 flex-col agent-turn\">\n<div class=\"flex-col gap-1 md:gap-3\">\n<div class=\"flex max-w-full flex-col flex-grow\">\n<div class=\"min-h-8 text-message flex w-full flex-col items-end gap-2 whitespace-normal break-words text-start [.text-message+&amp;]:mt-5\" dir=\"auto\" data-message-author-role=\"assistant\" data-message-id=\"dc5cab26-9697-46d2-b6fe-c8745ded277b\" data-message-model-slug=\"gpt-4o\">\n<div class=\"flex w-full flex-col gap-1 empty:hidden first:pt-[3px]\">\n<div class=\"markdown prose w-full break-words dark:prose-invert light\">\n<h3 data-start=\"942\" data-end=\"969\">\u00a0Finitions disponibles :<\/h3>\n<ul data-start=\"1054\" data-end=\"1164\">\n<li data-start=\"1054\" data-end=\"1116\">\n<p data-start=\"1056\" data-end=\"1116\"><strong data-start=\"1056\" data-end=\"1076\">Feuille d\u2019argent<\/strong> \u2013 effet lumineux, finition artisanale<\/p>\n<\/li>\n<li data-start=\"1117\" data-end=\"1164\">\n<p data-start=\"1119\" data-end=\"1164\"><strong data-start=\"1119\" data-end=\"1137\">Laqu\u00e9 noir mat<\/strong> \u2013 aspect profond et design<\/p>\n<\/li>\n<\/ul>\n<h3 data-start=\"1166\" data-end=\"1192\">Dimensions propos\u00e9es :<\/h3>\n<ul data-start=\"1193\" data-end=\"1256\">\n<li data-start=\"1193\" data-end=\"1208\">\n<p data-start=\"1195\" data-end=\"1208\">90 x 190 cm<\/p>\n<\/li>\n<li data-start=\"1209\" data-end=\"1224\">\n<p data-start=\"1211\" data-end=\"1224\">70 x 220 cm<\/p>\n<\/li>\n<li data-start=\"1225\" data-end=\"1241\">\n<p data-start=\"1227\" data-end=\"1241\">140 x 190 cm<\/p>\n<\/li>\n<li data-start=\"1242\" data-end=\"1256\">\n<p data-start=\"1244\" data-end=\"1256\">160 x 160 cm<\/p>\n<\/li>\n<\/ul>\n<h3 data-start=\"1258\" data-end=\"1291\">Caract\u00e9ristiques techniques :<\/h3>\n<ul data-start=\"1292\" data-end=\"1585\">\n<li data-start=\"1292\" data-end=\"1358\">\n<p data-start=\"1294\" data-end=\"1358\"><strong data-start=\"1294\" data-end=\"1303\">Cadre<\/strong> : Bois sculpt\u00e9, finition artisanale (argent ou noir)<\/p>\n<\/li>\n<li data-start=\"1359\" data-end=\"1406\">\n<p data-start=\"1361\" data-end=\"1406\"><strong data-start=\"1361\" data-end=\"1370\">Verre<\/strong> : Miroir clair poli haute qualit\u00e9<\/p>\n<\/li>\n<li data-start=\"1407\" data-end=\"1449\">\n<p data-start=\"1409\" data-end=\"1449\"><strong data-start=\"1409\" data-end=\"1424\">Utilisation<\/strong> : Int\u00e9rieur uniquement<\/p>\n<\/li>\n<li data-start=\"1450\" data-end=\"1533\">\n<p data-start=\"1452\" data-end=\"1533\"><strong data-start=\"1452\" data-end=\"1468\">Installation<\/strong> : \u00c0 poser ou \u00e0 suspendre (vertical ou horizontal selon mod\u00e8le)<\/p>\n<\/li>\n<li data-start=\"1534\" data-end=\"1585\">\n<p data-start=\"1536\" data-end=\"1585\"><strong data-start=\"1536\" data-end=\"1545\">Style<\/strong> : Contemporain chic, classique revisit\u00e9<\/p>\n<\/li>\n<\/ul>\n<h3 data-start=\"1587\" data-end=\"1611\">Pourquoi on l\u2019aime :<\/h3>\n<ul data-start=\"1612\" data-end=\"1850\">\n<li data-start=\"1612\" data-end=\"1674\">\n<p data-start=\"1614\" data-end=\"1674\"><strong data-start=\"1614\" data-end=\"1639\">Finitions contrast\u00e9es<\/strong> pour tous les styles d\u2019int\u00e9rieur<\/p>\n<\/li>\n<li data-start=\"1675\" data-end=\"1728\">\n<p data-start=\"1677\" data-end=\"1728\"><strong data-start=\"1677\" data-end=\"1705\">Grande pr\u00e9sence visuelle<\/strong> gr\u00e2ce aux formats XL<\/p>\n<\/li>\n<li data-start=\"1729\" data-end=\"1787\">\n<p data-start=\"1731\" data-end=\"1787\"><strong data-start=\"1731\" data-end=\"1767\">Fabrication artisanale italienne<\/strong>, mat\u00e9riaux nobles<\/p>\n<\/li>\n<li data-start=\"1788\" data-end=\"1850\">\n<p data-start=\"1790\" data-end=\"1850\">Id\u00e9al pour <strong data-start=\"1801\" data-end=\"1850\">sublimer un espace avec \u00e9l\u00e9gance et caract\u00e8re<\/strong><\/p>\n<\/li>\n<\/ul>\n<h3 data-start=\"864\" data-end=\"891\"><strong style=\"font-family: inherit; font-size: 30px;\">Vous avez des questions ?<\/strong><\/h3>\n<\/div>\n<\/div>\n<\/div>\n<\/div>\n<\/div>\n<\/div>\n<\/div>\n<\/div>\n<\/article>\n<\/div>\n<\/div>\n<\/div>\n<\/div>\n<\/div>\n<style id=\"wpforms-css-vars-3675\">\n\t\t\t\t#wpforms-3675 {\n\t\t\t\t\n\t\t\t}\n\t\t\t<\/style><div class=\"wpforms-container wpforms-container-full wpforms-render-modern\" id=\"wpforms-3675\"><form id=\"wpforms-form-3675\" class=\"wpforms-validate wpforms-form wpforms-ajax-form\" data-formid=\"3675\" method=\"post\" enctype=\"multipart\/form-data\" action=\"\/fr\/wp-json\/wp\/v2\/product\/14927\" data-token=\"61a757da810f90bb9b7a9e476d087382\" data-token-time=\"1776524713\"><noscript class=\"wpforms-error-noscript\">Veuillez activer JavaScript dans votre navigateur pour remplir ce formulaire.<\/noscript><div id=\"wpforms-error-noscript\" style=\"display: none;\">Veuillez activer JavaScript dans votre navigateur pour remplir ce formulaire.<\/div><div class=\"wpforms-field-container\"><div id=\"wpforms-3675-field_3-container\" class=\"wpforms-field wpforms-field-name\" data-field-id=\"3\"><fieldset><legend class=\"wpforms-field-label\">Nom <span class=\"wpforms-required-label\" aria-hidden=\"true\">*<\/span><\/legend><div class=\"wpforms-field-row wpforms-field-medium\"><div class=\"wpforms-field-row-block wpforms-first wpforms-one-half\"><input type=\"text\" id=\"wpforms-3675-field_3\" class=\"wpforms-field-name-first wpforms-field-required\" name=\"wpforms[fields][3][first]\" aria-errormessage=\"wpforms-3675-field_3-error\" required><label for=\"wpforms-3675-field_3\" class=\"wpforms-field-sublabel after\">Pr\u00e9nom<\/label><\/div><div class=\"wpforms-field-row-block wpforms-one-half\"><input type=\"text\" id=\"wpforms-3675-field_3-last\" class=\"wpforms-field-name-last wpforms-field-required\" name=\"wpforms[fields][3][last]\" aria-errormessage=\"wpforms-3675-field_3-last-error\" required><label for=\"wpforms-3675-field_3-last\" class=\"wpforms-field-sublabel after\">Nom<\/label><\/div><\/div><\/fieldset><\/div>\t\t<div id=\"wpforms-3675-field_1-container\"\n\t\t\tclass=\"wpforms-field wpforms-field-text\"\n\t\t\tdata-field-type=\"text\"\n\t\t\tdata-field-id=\"1\"\n\t\t\t>\n\t\t\t<label class=\"wpforms-field-label\" for=\"wpforms-3675-field_1\" >E-mail Message Nom<\/label>\n\t\t\t<input type=\"text\" id=\"wpforms-3675-field_1\" class=\"wpforms-field-medium\" name=\"wpforms[fields][1]\" >\n\t\t<\/div>\n\t\t<div id=\"wpforms-3675-field_4-container\" class=\"wpforms-field wpforms-field-email\" data-field-id=\"4\"><label class=\"wpforms-field-label\" for=\"wpforms-3675-field_4\">E-mail <span class=\"wpforms-required-label\" aria-hidden=\"true\">*<\/span><\/label><input type=\"email\" id=\"wpforms-3675-field_4\" class=\"wpforms-field-medium wpforms-field-required\" name=\"wpforms[fields][4]\" spellcheck=\"false\" aria-errormessage=\"wpforms-3675-field_4-error\" required><\/div><div id=\"wpforms-3675-field_5-container\" class=\"wpforms-field wpforms-field-textarea\" data-field-id=\"5\"><label class=\"wpforms-field-label\" for=\"wpforms-3675-field_5\">Message <span class=\"wpforms-required-label\" aria-hidden=\"true\">*<\/span><\/label><textarea id=\"wpforms-3675-field_5\" class=\"wpforms-field-medium wpforms-field-required\" name=\"wpforms[fields][5]\" aria-errormessage=\"wpforms-3675-field_5-error\" required><\/textarea><\/div><script>\n\t\t\t\t( function() {\n\t\t\t\t\tconst style = document.createElement( 'style' );\n\t\t\t\t\tstyle.appendChild( document.createTextNode( '#wpforms-3675-field_1-container { position: absolute !important; overflow: hidden !important; display: inline !important; height: 1px !important; width: 1px !important; z-index: -1000 !important; padding: 0 !important; } #wpforms-3675-field_1-container input { visibility: hidden; } #wpforms-conversational-form-page #wpforms-3675-field_1-container label { counter-increment: none; }' ) );\n\t\t\t\t\tdocument.head.appendChild( style );\n\t\t\t\t\tdocument.currentScript?.remove();\n\t\t\t\t} )();\n\t\t\t<\/script><\/div><!-- .wpforms-field-container --><div class=\"wpforms-submit-container\" ><input type=\"hidden\" name=\"wpforms[id]\" value=\"3675\"><input type=\"hidden\" name=\"page_title\" value=\"\"><input type=\"hidden\" name=\"page_url\" value=\"https:\/\/homeproject.fr\/fr\/wp-json\/wp\/v2\/product\/14927\"><input type=\"hidden\" name=\"url_referer\" value=\"\"><button type=\"submit\" name=\"wpforms[submit]\" id=\"wpforms-submit-3675\" class=\"wpforms-submit\" data-alt-text=\"Envoi...\" data-submit-text=\"Envoyer\" aria-live=\"assertive\" value=\"wpforms-submit\">Envoyer<\/button><img decoding=\"async\" src=\"https:\/\/homeproject.fr\/fr\/wp-content\/plugins\/wpforms-lite\/assets\/images\/submit-spin.svg\" class=\"wpforms-submit-spinner\" style=\"display: none;\" width=\"26\" height=\"26\" alt=\"Chargement en cours\"><\/div><\/form><\/div>  <!-- .wpforms-container -->\n","protected":false},"excerpt":{"rendered":"<p data-start=\"339\" data-end=\"678\"><strong>\u00c9l\u00e9gance graphique et finitions contrast\u00e9es<\/strong><\/p>\n<p data-start=\"339\" data-end=\"678\">Ce miroir mural \u00e0 <strong data-start=\"357\" data-end=\"382\">cadre en bois sculpt\u00e9<\/strong>, propos\u00e9 en <strong data-start=\"395\" data-end=\"424\">finition feuille d\u2019argent<\/strong> ou <strong data-start=\"428\" data-end=\"448\">laque noire mate<\/strong>, impose un <strong data-start=\"460\" data-end=\"485\">style fort et raffin\u00e9<\/strong>. Sa structure g\u00e9n\u00e9reuse et travaill\u00e9e encadre un miroir clair poli de haute qualit\u00e9, id\u00e9al pour <strong data-start=\"582\" data-end=\"603\">agrandir l\u2019espace<\/strong> et cr\u00e9er un <strong data-start=\"616\" data-end=\"641\">point focal d\u00e9coratif<\/strong> dans toutes les pi\u00e8ces de la maison.<\/p>\n<p data-start=\"680\" data-end=\"1024\">D\u00e9clin\u00e9 dans des formats spectaculaires, ce miroir se pr\u00eate aussi bien \u00e0 une <strong data-start=\"757\" data-end=\"790\">installation murale verticale<\/strong> qu\u2019\u00e0 une <strong data-start=\"800\" data-end=\"823\">pr\u00e9sentation au sol<\/strong>, dans un salon moderne, une entr\u00e9e graphique ou une suite parentale. La <strong data-start=\"896\" data-end=\"914\">version argent<\/strong> offre un \u00e9clat chic et lumineux, tandis que la <strong data-start=\"962\" data-end=\"984\">version noire mate<\/strong> s\u00e9duit par son intensit\u00e9 contemporaine.<\/p>\n","protected":false},"featured_media":14936,"template":"","meta":{"_uf_show_specific_survey":0,"_uf_disable_surveys":false,"iawp_total_views":4},"product_brand":[555],"product_cat":[543],"product_tag":[],"class_list":{"0":"post-14927","1":"product","2":"type-product","3":"status-publish","4":"has-post-thumbnail","6":"product_brand-bmb-italy","7":"product_cat-miroirs","8":"product_shipping_class-mobilier-par-transporteur-de-meuble","9":"pa_collection-cesar-par-bmb-italy","10":"pa_marque-bmb-italy","11":"pa_materiau-bois","12":"pa_materiau-miroir","14":"first","15":"instock","16":"taxable","17":"shipping-taxable","18":"purchasable","19":"product-type-variable"},"yoast_head":"<!-- This site is optimized with the Yoast SEO plugin v27.4 - https:\/\/yoast.com\/product\/yoast-seo-wordpress\/ -->\n<title>Miroir mural avec cadre en bois dor\u00e9 argent ou laqu\u00e9 noir Cesar par BMB Italy - Homeproject.fr<\/title>\n<meta name=\"description\" content=\"Miroir mural grand format avec cadre bois dor\u00e9 argent ou noir mat. Design chic, finitions artisanales, plusieurs dimensions disponibles sur homeproject.fr.\" \/>\n<meta name=\"robots\" content=\"index, follow, max-snippet:-1, max-image-preview:large, max-video-preview:-1\" \/>\n<link rel=\"canonical\" href=\"https:\/\/homeproject.fr\/fr\/produit\/miroir-mural-avec-cadre-en-bois-dore-argent-ou-laque-noir-cesar-par-bmb-italy\/\" \/>\n<meta property=\"og:locale\" content=\"fr_FR\" \/>\n<meta property=\"og:type\" content=\"article\" \/>\n<meta property=\"og:title\" content=\"Miroir mural avec cadre en bois dor\u00e9 argent ou laqu\u00e9 noir Cesar par BMB Italy - Homeproject.fr\" \/>\n<meta property=\"og:description\" content=\"Miroir mural grand format avec cadre bois dor\u00e9 argent ou noir mat. Design chic, finitions artisanales, plusieurs dimensions disponibles sur homeproject.fr.\" \/>\n<meta property=\"og:url\" content=\"https:\/\/homeproject.fr\/fr\/produit\/miroir-mural-avec-cadre-en-bois-dore-argent-ou-laque-noir-cesar-par-bmb-italy\/\" \/>\n<meta property=\"og:site_name\" content=\"Homeproject.fr\" \/>\n<meta property=\"article:modified_time\" content=\"2025-06-21T15:17:41+00:00\" \/>\n<meta property=\"og:image\" content=\"https:\/\/homeproject.fr\/fr\/wp-content\/uploads\/2025\/06\/Miroir-avec-cadre-en-bois-moulure-dore-a-la-feuille-argent-ou-noir-mat-Cesar-par-BMB-Italy-3.jpg\" \/>\n\t<meta property=\"og:image:width\" content=\"1500\" \/>\n\t<meta property=\"og:image:height\" content=\"1500\" \/>\n\t<meta property=\"og:image:type\" content=\"image\/jpeg\" \/>\n<meta name=\"twitter:card\" content=\"summary_large_image\" \/>\n<meta name=\"twitter:label1\" content=\"Dur\u00e9e de lecture estim\u00e9e\" \/>\n\t<meta name=\"twitter:data1\" content=\"1 minute\" \/>\n<script type=\"application\/ld+json\" class=\"yoast-schema-graph\">{\"@context\":\"https:\\\/\\\/schema.org\",\"@graph\":[{\"@type\":\"WebPage\",\"@id\":\"https:\\\/\\\/homeproject.fr\\\/fr\\\/produit\\\/miroir-mural-avec-cadre-en-bois-dore-argent-ou-laque-noir-cesar-par-bmb-italy\\\/\",\"url\":\"https:\\\/\\\/homeproject.fr\\\/fr\\\/produit\\\/miroir-mural-avec-cadre-en-bois-dore-argent-ou-laque-noir-cesar-par-bmb-italy\\\/\",\"name\":\"Miroir mural avec cadre en bois dor\u00e9 argent ou laqu\u00e9 noir Cesar par BMB Italy - Homeproject.fr\",\"isPartOf\":{\"@id\":\"https:\\\/\\\/homeproject.fr\\\/fr\\\/#website\"},\"primaryImageOfPage\":{\"@id\":\"https:\\\/\\\/homeproject.fr\\\/fr\\\/produit\\\/miroir-mural-avec-cadre-en-bois-dore-argent-ou-laque-noir-cesar-par-bmb-italy\\\/#primaryimage\"},\"image\":{\"@id\":\"https:\\\/\\\/homeproject.fr\\\/fr\\\/produit\\\/miroir-mural-avec-cadre-en-bois-dore-argent-ou-laque-noir-cesar-par-bmb-italy\\\/#primaryimage\"},\"thumbnailUrl\":\"https:\\\/\\\/homeproject.fr\\\/fr\\\/wp-content\\\/uploads\\\/2025\\\/06\\\/Miroir-avec-cadre-en-bois-moulure-dore-a-la-feuille-argent-ou-noir-mat-Cesar-par-BMB-Italy-3.jpg\",\"datePublished\":\"2025-06-21T15:10:05+00:00\",\"dateModified\":\"2025-06-21T15:17:41+00:00\",\"description\":\"Miroir mural grand format avec cadre bois dor\u00e9 argent ou noir mat. Design chic, finitions artisanales, plusieurs dimensions disponibles sur homeproject.fr.\",\"breadcrumb\":{\"@id\":\"https:\\\/\\\/homeproject.fr\\\/fr\\\/produit\\\/miroir-mural-avec-cadre-en-bois-dore-argent-ou-laque-noir-cesar-par-bmb-italy\\\/#breadcrumb\"},\"inLanguage\":\"fr-FR\",\"potentialAction\":[{\"@type\":\"ReadAction\",\"target\":[\"https:\\\/\\\/homeproject.fr\\\/fr\\\/produit\\\/miroir-mural-avec-cadre-en-bois-dore-argent-ou-laque-noir-cesar-par-bmb-italy\\\/\"]}]},{\"@type\":\"ImageObject\",\"inLanguage\":\"fr-FR\",\"@id\":\"https:\\\/\\\/homeproject.fr\\\/fr\\\/produit\\\/miroir-mural-avec-cadre-en-bois-dore-argent-ou-laque-noir-cesar-par-bmb-italy\\\/#primaryimage\",\"url\":\"https:\\\/\\\/homeproject.fr\\\/fr\\\/wp-content\\\/uploads\\\/2025\\\/06\\\/Miroir-avec-cadre-en-bois-moulure-dore-a-la-feuille-argent-ou-noir-mat-Cesar-par-BMB-Italy-3.jpg\",\"contentUrl\":\"https:\\\/\\\/homeproject.fr\\\/fr\\\/wp-content\\\/uploads\\\/2025\\\/06\\\/Miroir-avec-cadre-en-bois-moulure-dore-a-la-feuille-argent-ou-noir-mat-Cesar-par-BMB-Italy-3.jpg\",\"width\":1500,\"height\":1500},{\"@type\":\"BreadcrumbList\",\"@id\":\"https:\\\/\\\/homeproject.fr\\\/fr\\\/produit\\\/miroir-mural-avec-cadre-en-bois-dore-argent-ou-laque-noir-cesar-par-bmb-italy\\\/#breadcrumb\",\"itemListElement\":[{\"@type\":\"ListItem\",\"position\":1,\"name\":\"Accueil\",\"item\":\"https:\\\/\\\/homeproject.fr\\\/fr\\\/\"},{\"@type\":\"ListItem\",\"position\":2,\"name\":\"Boutique\",\"item\":\"https:\\\/\\\/homeproject.fr\\\/fr\\\/boutique\\\/\"},{\"@type\":\"ListItem\",\"position\":3,\"name\":\"Miroir mural avec cadre en bois dor\u00e9 argent ou laqu\u00e9 noir Cesar par BMB Italy\"}]},{\"@type\":\"WebSite\",\"@id\":\"https:\\\/\\\/homeproject.fr\\\/fr\\\/#website\",\"url\":\"https:\\\/\\\/homeproject.fr\\\/fr\\\/\",\"name\":\"Homeproject.fr\",\"description\":\"Offrez l&#039;exceptionnel \u00e0 vos espaces \u00e0 vivre\",\"publisher\":{\"@id\":\"https:\\\/\\\/homeproject.fr\\\/fr\\\/#organization\"},\"potentialAction\":[{\"@type\":\"SearchAction\",\"target\":{\"@type\":\"EntryPoint\",\"urlTemplate\":\"https:\\\/\\\/homeproject.fr\\\/fr\\\/?s={search_term_string}\"},\"query-input\":{\"@type\":\"PropertyValueSpecification\",\"valueRequired\":true,\"valueName\":\"search_term_string\"}}],\"inLanguage\":\"fr-FR\"},{\"@type\":\"Organization\",\"@id\":\"https:\\\/\\\/homeproject.fr\\\/fr\\\/#organization\",\"name\":\"Homeproject.fr\",\"url\":\"https:\\\/\\\/homeproject.fr\\\/fr\\\/\",\"logo\":{\"@type\":\"ImageObject\",\"inLanguage\":\"fr-FR\",\"@id\":\"https:\\\/\\\/homeproject.fr\\\/fr\\\/#\\\/schema\\\/logo\\\/image\\\/\",\"url\":\"https:\\\/\\\/homeproject.fr\\\/fr\\\/wp-content\\\/uploads\\\/2024\\\/12\\\/Logo_HomeProject-noir-2.png\",\"contentUrl\":\"https:\\\/\\\/homeproject.fr\\\/fr\\\/wp-content\\\/uploads\\\/2024\\\/12\\\/Logo_HomeProject-noir-2.png\",\"width\":300,\"height\":91,\"caption\":\"Homeproject.fr\"},\"image\":{\"@id\":\"https:\\\/\\\/homeproject.fr\\\/fr\\\/#\\\/schema\\\/logo\\\/image\\\/\"}}]}<\/script>\n<!-- \/ Yoast SEO plugin. -->","yoast_head_json":{"title":"Miroir mural avec cadre en bois dor\u00e9 argent ou laqu\u00e9 noir Cesar par BMB Italy - Homeproject.fr","description":"Miroir mural grand format avec cadre bois dor\u00e9 argent ou noir mat. Design chic, finitions artisanales, plusieurs dimensions disponibles sur homeproject.fr.","robots":{"index":"index","follow":"follow","max-snippet":"max-snippet:-1","max-image-preview":"max-image-preview:large","max-video-preview":"max-video-preview:-1"},"canonical":"https:\/\/homeproject.fr\/fr\/produit\/miroir-mural-avec-cadre-en-bois-dore-argent-ou-laque-noir-cesar-par-bmb-italy\/","og_locale":"fr_FR","og_type":"article","og_title":"Miroir mural avec cadre en bois dor\u00e9 argent ou laqu\u00e9 noir Cesar par BMB Italy - Homeproject.fr","og_description":"Miroir mural grand format avec cadre bois dor\u00e9 argent ou noir mat. Design chic, finitions artisanales, plusieurs dimensions disponibles sur homeproject.fr.","og_url":"https:\/\/homeproject.fr\/fr\/produit\/miroir-mural-avec-cadre-en-bois-dore-argent-ou-laque-noir-cesar-par-bmb-italy\/","og_site_name":"Homeproject.fr","article_modified_time":"2025-06-21T15:17:41+00:00","og_image":[{"width":1500,"height":1500,"url":"https:\/\/homeproject.fr\/fr\/wp-content\/uploads\/2025\/06\/Miroir-avec-cadre-en-bois-moulure-dore-a-la-feuille-argent-ou-noir-mat-Cesar-par-BMB-Italy-3.jpg","type":"image\/jpeg"}],"twitter_card":"summary_large_image","twitter_misc":{"Dur\u00e9e de lecture estim\u00e9e":"1 minute"},"schema":{"@context":"https:\/\/schema.org","@graph":[{"@type":"WebPage","@id":"https:\/\/homeproject.fr\/fr\/produit\/miroir-mural-avec-cadre-en-bois-dore-argent-ou-laque-noir-cesar-par-bmb-italy\/","url":"https:\/\/homeproject.fr\/fr\/produit\/miroir-mural-avec-cadre-en-bois-dore-argent-ou-laque-noir-cesar-par-bmb-italy\/","name":"Miroir mural avec cadre en bois dor\u00e9 argent ou laqu\u00e9 noir Cesar par BMB Italy - Homeproject.fr","isPartOf":{"@id":"https:\/\/homeproject.fr\/fr\/#website"},"primaryImageOfPage":{"@id":"https:\/\/homeproject.fr\/fr\/produit\/miroir-mural-avec-cadre-en-bois-dore-argent-ou-laque-noir-cesar-par-bmb-italy\/#primaryimage"},"image":{"@id":"https:\/\/homeproject.fr\/fr\/produit\/miroir-mural-avec-cadre-en-bois-dore-argent-ou-laque-noir-cesar-par-bmb-italy\/#primaryimage"},"thumbnailUrl":"https:\/\/homeproject.fr\/fr\/wp-content\/uploads\/2025\/06\/Miroir-avec-cadre-en-bois-moulure-dore-a-la-feuille-argent-ou-noir-mat-Cesar-par-BMB-Italy-3.jpg","datePublished":"2025-06-21T15:10:05+00:00","dateModified":"2025-06-21T15:17:41+00:00","description":"Miroir mural grand format avec cadre bois dor\u00e9 argent ou noir mat. Design chic, finitions artisanales, plusieurs dimensions disponibles sur homeproject.fr.","breadcrumb":{"@id":"https:\/\/homeproject.fr\/fr\/produit\/miroir-mural-avec-cadre-en-bois-dore-argent-ou-laque-noir-cesar-par-bmb-italy\/#breadcrumb"},"inLanguage":"fr-FR","potentialAction":[{"@type":"ReadAction","target":["https:\/\/homeproject.fr\/fr\/produit\/miroir-mural-avec-cadre-en-bois-dore-argent-ou-laque-noir-cesar-par-bmb-italy\/"]}]},{"@type":"ImageObject","inLanguage":"fr-FR","@id":"https:\/\/homeproject.fr\/fr\/produit\/miroir-mural-avec-cadre-en-bois-dore-argent-ou-laque-noir-cesar-par-bmb-italy\/#primaryimage","url":"https:\/\/homeproject.fr\/fr\/wp-content\/uploads\/2025\/06\/Miroir-avec-cadre-en-bois-moulure-dore-a-la-feuille-argent-ou-noir-mat-Cesar-par-BMB-Italy-3.jpg","contentUrl":"https:\/\/homeproject.fr\/fr\/wp-content\/uploads\/2025\/06\/Miroir-avec-cadre-en-bois-moulure-dore-a-la-feuille-argent-ou-noir-mat-Cesar-par-BMB-Italy-3.jpg","width":1500,"height":1500},{"@type":"BreadcrumbList","@id":"https:\/\/homeproject.fr\/fr\/produit\/miroir-mural-avec-cadre-en-bois-dore-argent-ou-laque-noir-cesar-par-bmb-italy\/#breadcrumb","itemListElement":[{"@type":"ListItem","position":1,"name":"Accueil","item":"https:\/\/homeproject.fr\/fr\/"},{"@type":"ListItem","position":2,"name":"Boutique","item":"https:\/\/homeproject.fr\/fr\/boutique\/"},{"@type":"ListItem","position":3,"name":"Miroir mural avec cadre en bois dor\u00e9 argent ou laqu\u00e9 noir Cesar par BMB Italy"}]},{"@type":"WebSite","@id":"https:\/\/homeproject.fr\/fr\/#website","url":"https:\/\/homeproject.fr\/fr\/","name":"Homeproject.fr","description":"Offrez l&#039;exceptionnel \u00e0 vos espaces \u00e0 vivre","publisher":{"@id":"https:\/\/homeproject.fr\/fr\/#organization"},"potentialAction":[{"@type":"SearchAction","target":{"@type":"EntryPoint","urlTemplate":"https:\/\/homeproject.fr\/fr\/?s={search_term_string}"},"query-input":{"@type":"PropertyValueSpecification","valueRequired":true,"valueName":"search_term_string"}}],"inLanguage":"fr-FR"},{"@type":"Organization","@id":"https:\/\/homeproject.fr\/fr\/#organization","name":"Homeproject.fr","url":"https:\/\/homeproject.fr\/fr\/","logo":{"@type":"ImageObject","inLanguage":"fr-FR","@id":"https:\/\/homeproject.fr\/fr\/#\/schema\/logo\/image\/","url":"https:\/\/homeproject.fr\/fr\/wp-content\/uploads\/2024\/12\/Logo_HomeProject-noir-2.png","contentUrl":"https:\/\/homeproject.fr\/fr\/wp-content\/uploads\/2024\/12\/Logo_HomeProject-noir-2.png","width":300,"height":91,"caption":"Homeproject.fr"},"image":{"@id":"https:\/\/homeproject.fr\/fr\/#\/schema\/logo\/image\/"}}]}},"_links":{"self":[{"href":"https:\/\/homeproject.fr\/fr\/wp-json\/wp\/v2\/product\/14927","targetHints":{"allow":["GET"]}}],"collection":[{"href":"https:\/\/homeproject.fr\/fr\/wp-json\/wp\/v2\/product"}],"about":[{"href":"https:\/\/homeproject.fr\/fr\/wp-json\/wp\/v2\/types\/product"}],"version-history":[{"count":1,"href":"https:\/\/homeproject.fr\/fr\/wp-json\/wp\/v2\/product\/14927\/revisions"}],"predecessor-version":[{"id":14947,"href":"https:\/\/homeproject.fr\/fr\/wp-json\/wp\/v2\/product\/14927\/revisions\/14947"}],"wp:featuredmedia":[{"embeddable":true,"href":"https:\/\/homeproject.fr\/fr\/wp-json\/wp\/v2\/media\/14936"}],"wp:attachment":[{"href":"https:\/\/homeproject.fr\/fr\/wp-json\/wp\/v2\/media?parent=14927"}],"wp:term":[{"taxonomy":"product_brand","embeddable":true,"href":"https:\/\/homeproject.fr\/fr\/wp-json\/wp\/v2\/product_brand?post=14927"},{"taxonomy":"product_cat","embeddable":true,"href":"https:\/\/homeproject.fr\/fr\/wp-json\/wp\/v2\/product_cat?post=14927"},{"taxonomy":"product_tag","embeddable":true,"href":"https:\/\/homeproject.fr\/fr\/wp-json\/wp\/v2\/product_tag?post=14927"}],"curies":[{"name":"wp","href":"https:\/\/api.w.org\/{rel}","templated":true}]}}