{"id":14895,"date":"2025-06-21T14:47:00","date_gmt":"2025-06-21T14:47:00","guid":{"rendered":"https:\/\/homeproject.fr\/fr\/?post_type=product&#038;p=14895"},"modified":"2025-06-21T14:53:00","modified_gmt":"2025-06-21T14:53:00","slug":"miroir-mural-brian-par-bmb-italy-cadre-sculptural-dore-ou-argente-esprit-classique-revisite","status":"publish","type":"product","link":"https:\/\/homeproject.fr\/fr\/produit\/miroir-mural-brian-par-bmb-italy-cadre-sculptural-dore-ou-argente-esprit-classique-revisite\/","title":{"rendered":"Miroir mural Brian par BMB Italy \u2013 Cadre sculptural dor\u00e9 ou argent\u00e9, esprit classique revisit\u00e9"},"content":{"rendered":"<div class=\"flex-1 overflow-hidden @container\/thread\">\n<div class=\"h-full\">\n<div class=\"react-scroll-to-bottom--css-avwfw-79elbk h-full\">\n<div class=\"react-scroll-to-bottom--css-avwfw-1n7m0yu\">\n<div class=\"flex flex-col text-sm md:pb-9\">\n<article class=\"w-full scroll-mb-[var(--thread-trailing-height,150px)] text-token-text-primary focus-visible:outline-2 focus-visible:outline-offset-[-4px]\" dir=\"auto\" data-testid=\"conversation-turn-13\" data-scroll-anchor=\"true\">\n<div class=\"m-auto text-base py-[18px] px-3 md:px-4 w-full md:px-5 lg:px-4 xl:px-5\">\n<div class=\"mx-auto flex flex-1 gap-4 text-base md:gap-5 lg:gap-6 md:max-w-3xl lg:max-w-[40rem] xl:max-w-[48rem]\">\n<div class=\"group\/conversation-turn relative flex w-full min-w-0 flex-col agent-turn\">\n<div class=\"flex-col gap-1 md:gap-3\">\n<div class=\"flex max-w-full flex-col flex-grow\">\n<div class=\"min-h-8 text-message flex w-full flex-col items-end gap-2 whitespace-normal break-words text-start [.text-message+&amp;]:mt-5\" dir=\"auto\" data-message-author-role=\"assistant\" data-message-id=\"dc5cab26-9697-46d2-b6fe-c8745ded277b\" data-message-model-slug=\"gpt-4o\">\n<div class=\"flex w-full flex-col gap-1 empty:hidden first:pt-[3px]\">\n<div class=\"markdown prose w-full break-words dark:prose-invert light\">\n<h3 data-start=\"942\" data-end=\"969\">Finitions disponibles :<\/h3>\n<ul data-start=\"970\" data-end=\"1095\">\n<li data-start=\"970\" data-end=\"1030\">\n<p data-start=\"972\" data-end=\"1030\"><strong data-start=\"972\" data-end=\"988\">Feuille d\u2019or<\/strong> \u2013 dorure artisanale chaude et lumineuse<\/p>\n<\/li>\n<li data-start=\"1031\" data-end=\"1095\">\n<p data-start=\"1033\" data-end=\"1095\"><strong data-start=\"1033\" data-end=\"1053\">Feuille d\u2019argent<\/strong> \u2013 finition argent\u00e9e mate \u00e0 l\u2019effet patin\u00e9<\/p>\n<\/li>\n<\/ul>\n<h3 data-start=\"1097\" data-end=\"1123\">Dimensions propos\u00e9es :<\/h3>\n<ul data-start=\"1124\" data-end=\"1217\">\n<li data-start=\"1124\" data-end=\"1139\">\n<p data-start=\"1126\" data-end=\"1139\">95 x 145 cm<\/p>\n<\/li>\n<li data-start=\"1140\" data-end=\"1155\">\n<p data-start=\"1142\" data-end=\"1155\">95 x 185 cm<\/p>\n<\/li>\n<li data-start=\"1156\" data-end=\"1171\">\n<p data-start=\"1158\" data-end=\"1171\">80 x 170 cm<\/p>\n<\/li>\n<li data-start=\"1172\" data-end=\"1187\">\n<p data-start=\"1174\" data-end=\"1187\">80 x 220 cm<\/p>\n<\/li>\n<li data-start=\"1188\" data-end=\"1203\">\n<p data-start=\"1190\" data-end=\"1203\">15 x 150 cm<\/p>\n<\/li>\n<li data-start=\"1204\" data-end=\"1217\">\n<p data-start=\"1206\" data-end=\"1217\">15 x 200 cm<\/p>\n<\/li>\n<\/ul>\n<h3 data-start=\"1219\" data-end=\"1241\">Caract\u00e9ristiques :<\/h3>\n<ul data-start=\"1242\" data-end=\"1576\">\n<li data-start=\"1242\" data-end=\"1268\">\n<p data-start=\"1244\" data-end=\"1268\"><strong data-start=\"1244\" data-end=\"1254\">Marque<\/strong> : BMB Italy<\/p>\n<\/li>\n<li data-start=\"1269\" data-end=\"1291\">\n<p data-start=\"1271\" data-end=\"1291\"><strong data-start=\"1271\" data-end=\"1281\">Mod\u00e8le<\/strong> : Brian<\/p>\n<\/li>\n<li data-start=\"1292\" data-end=\"1355\">\n<p data-start=\"1294\" data-end=\"1355\"><strong data-start=\"1294\" data-end=\"1303\">Cadre<\/strong> : Bois sculpt\u00e9, finition feuille d\u2019or ou d\u2019argent<\/p>\n<\/li>\n<li data-start=\"1356\" data-end=\"1406\">\n<p data-start=\"1358\" data-end=\"1406\"><strong data-start=\"1358\" data-end=\"1367\">Verre<\/strong> : Miroir clair poli de haute qualit\u00e9<\/p>\n<\/li>\n<li data-start=\"1407\" data-end=\"1458\">\n<p data-start=\"1409\" data-end=\"1458\"><strong data-start=\"1409\" data-end=\"1418\">Style<\/strong> : Classique chic, intemporel, \u00e9l\u00e9gant<\/p>\n<\/li>\n<li data-start=\"1459\" data-end=\"1504\">\n<p data-start=\"1461\" data-end=\"1504\"><strong data-start=\"1461\" data-end=\"1477\">Installation<\/strong> : \u00c0 suspendre ou \u00e0 poser<\/p>\n<\/li>\n<li data-start=\"1505\" data-end=\"1576\">\n<p data-start=\"1507\" data-end=\"1576\"><strong data-start=\"1507\" data-end=\"1522\">Utilisation<\/strong> : Int\u00e9rieur (salon, entr\u00e9e, chambre, dressing, h\u00f4tel)<\/p>\n<\/li>\n<\/ul>\n<h3 data-start=\"1578\" data-end=\"1610\">Les atouts du miroir Brian :<\/h3>\n<ul data-start=\"1611\" data-end=\"1821\">\n<li data-start=\"1611\" data-end=\"1667\">\n<p data-start=\"1613\" data-end=\"1667\"><strong data-start=\"1613\" data-end=\"1636\">Corniche travaill\u00e9e<\/strong> \u00e0 l\u2019effet noble et d\u00e9coratif<\/p>\n<\/li>\n<li data-start=\"1668\" data-end=\"1719\">\n<p data-start=\"1670\" data-end=\"1719\"><strong data-start=\"1670\" data-end=\"1697\">Finitions haut de gamme<\/strong> r\u00e9alis\u00e9es \u00e0 la main<\/p>\n<\/li>\n<li data-start=\"1720\" data-end=\"1787\">\n<p data-start=\"1722\" data-end=\"1787\"><strong data-start=\"1722\" data-end=\"1751\">Grande vari\u00e9t\u00e9 de formats<\/strong> pour s\u2019adapter \u00e0 tous les espaces<\/p>\n<\/li>\n<li data-start=\"1788\" data-end=\"1821\">\n<p data-start=\"1790\" data-end=\"1821\"><strong data-start=\"1790\" data-end=\"1821\">Fabrication 100 % italienne<\/strong><\/p>\n<\/li>\n<\/ul>\n<hr data-start=\"1823\" data-end=\"1826\" \/>\n<h3 data-start=\"864\" data-end=\"891\"><strong style=\"font-family: inherit; font-size: 30px;\">Vous avez des questions ?<\/strong><\/h3>\n<\/div>\n<\/div>\n<\/div>\n<\/div>\n<\/div>\n<\/div>\n<\/div>\n<\/div>\n<\/article>\n<\/div>\n<\/div>\n<\/div>\n<\/div>\n<\/div>\n<style id=\"wpforms-css-vars-3675\">\n\t\t\t\t#wpforms-3675 {\n\t\t\t\t\n\t\t\t}\n\t\t\t<\/style><div class=\"wpforms-container wpforms-container-full wpforms-render-modern\" id=\"wpforms-3675\"><form id=\"wpforms-form-3675\" class=\"wpforms-validate wpforms-form wpforms-ajax-form\" data-formid=\"3675\" method=\"post\" enctype=\"multipart\/form-data\" action=\"\/fr\/wp-json\/wp\/v2\/product\/14895\" data-token=\"61a757da810f90bb9b7a9e476d087382\" data-token-time=\"1776524715\"><noscript class=\"wpforms-error-noscript\">Veuillez activer JavaScript dans votre navigateur pour remplir ce formulaire.<\/noscript><div id=\"wpforms-error-noscript\" style=\"display: none;\">Veuillez activer JavaScript dans votre navigateur pour remplir ce formulaire.<\/div><div class=\"wpforms-field-container\">\t\t<div id=\"wpforms-3675-field_1-container\"\n\t\t\tclass=\"wpforms-field wpforms-field-text\"\n\t\t\tdata-field-type=\"text\"\n\t\t\tdata-field-id=\"1\"\n\t\t\t>\n\t\t\t<label class=\"wpforms-field-label\" for=\"wpforms-3675-field_1\" >E-mail Nom Message<\/label>\n\t\t\t<input type=\"text\" id=\"wpforms-3675-field_1\" class=\"wpforms-field-medium\" name=\"wpforms[fields][1]\" >\n\t\t<\/div>\n\t\t<div id=\"wpforms-3675-field_3-container\" class=\"wpforms-field wpforms-field-name\" data-field-id=\"3\"><fieldset><legend class=\"wpforms-field-label\">Nom <span class=\"wpforms-required-label\" aria-hidden=\"true\">*<\/span><\/legend><div class=\"wpforms-field-row wpforms-field-medium\"><div class=\"wpforms-field-row-block wpforms-first wpforms-one-half\"><input type=\"text\" id=\"wpforms-3675-field_3\" class=\"wpforms-field-name-first wpforms-field-required\" name=\"wpforms[fields][3][first]\" aria-errormessage=\"wpforms-3675-field_3-error\" required><label for=\"wpforms-3675-field_3\" class=\"wpforms-field-sublabel after\">Pr\u00e9nom<\/label><\/div><div class=\"wpforms-field-row-block wpforms-one-half\"><input type=\"text\" id=\"wpforms-3675-field_3-last\" class=\"wpforms-field-name-last wpforms-field-required\" name=\"wpforms[fields][3][last]\" aria-errormessage=\"wpforms-3675-field_3-last-error\" required><label for=\"wpforms-3675-field_3-last\" class=\"wpforms-field-sublabel after\">Nom<\/label><\/div><\/div><\/fieldset><\/div><div id=\"wpforms-3675-field_4-container\" class=\"wpforms-field wpforms-field-email\" data-field-id=\"4\"><label class=\"wpforms-field-label\" for=\"wpforms-3675-field_4\">E-mail <span class=\"wpforms-required-label\" aria-hidden=\"true\">*<\/span><\/label><input type=\"email\" id=\"wpforms-3675-field_4\" class=\"wpforms-field-medium wpforms-field-required\" name=\"wpforms[fields][4]\" spellcheck=\"false\" aria-errormessage=\"wpforms-3675-field_4-error\" required><\/div><div id=\"wpforms-3675-field_5-container\" class=\"wpforms-field wpforms-field-textarea\" data-field-id=\"5\"><label class=\"wpforms-field-label\" for=\"wpforms-3675-field_5\">Message <span class=\"wpforms-required-label\" aria-hidden=\"true\">*<\/span><\/label><textarea id=\"wpforms-3675-field_5\" class=\"wpforms-field-medium wpforms-field-required\" name=\"wpforms[fields][5]\" aria-errormessage=\"wpforms-3675-field_5-error\" required><\/textarea><\/div><script>\n\t\t\t\t( function() {\n\t\t\t\t\tconst style = document.createElement( 'style' );\n\t\t\t\t\tstyle.appendChild( document.createTextNode( '#wpforms-3675-field_1-container { position: absolute !important; overflow: hidden !important; display: inline !important; height: 1px !important; width: 1px !important; z-index: -1000 !important; padding: 0 !important; } #wpforms-3675-field_1-container input { visibility: hidden; } #wpforms-conversational-form-page #wpforms-3675-field_1-container label { counter-increment: none; }' ) );\n\t\t\t\t\tdocument.head.appendChild( style );\n\t\t\t\t\tdocument.currentScript?.remove();\n\t\t\t\t} )();\n\t\t\t<\/script><\/div><!-- .wpforms-field-container --><div class=\"wpforms-submit-container\" ><input type=\"hidden\" name=\"wpforms[id]\" value=\"3675\"><input type=\"hidden\" name=\"page_title\" value=\"\"><input type=\"hidden\" name=\"page_url\" value=\"https:\/\/homeproject.fr\/fr\/wp-json\/wp\/v2\/product\/14895\"><input type=\"hidden\" name=\"url_referer\" value=\"\"><button type=\"submit\" name=\"wpforms[submit]\" id=\"wpforms-submit-3675\" class=\"wpforms-submit\" data-alt-text=\"Envoi...\" data-submit-text=\"Envoyer\" aria-live=\"assertive\" value=\"wpforms-submit\">Envoyer<\/button><img decoding=\"async\" src=\"https:\/\/homeproject.fr\/fr\/wp-content\/plugins\/wpforms-lite\/assets\/images\/submit-spin.svg\" class=\"wpforms-submit-spinner\" style=\"display: none;\" width=\"26\" height=\"26\" alt=\"Chargement en cours\"><\/div><\/form><\/div>  <!-- .wpforms-container -->\n","protected":false},"excerpt":{"rendered":"<p data-start=\"292\" data-end=\"600\">Le miroir <strong data-start=\"302\" data-end=\"311\">Brian<\/strong> de <strong data-start=\"315\" data-end=\"328\">BMB Italy<\/strong> incarne la rencontre parfaite entre <strong data-start=\"365\" data-end=\"387\">\u00e9l\u00e9gance classique<\/strong> et <strong data-start=\"391\" data-end=\"412\">design intemporel<\/strong>. Sa large corniche en <strong data-start=\"435\" data-end=\"451\">bois sculpt\u00e9<\/strong> est minutieusement <strong data-start=\"471\" data-end=\"505\">dor\u00e9e ou argent\u00e9e \u00e0 la feuille<\/strong>, selon une m\u00e9thode artisanale italienne qui conf\u00e8re \u00e0 chaque pi\u00e8ce un \u00e9clat unique et raffin\u00e9.<\/p>\n<p data-start=\"602\" data-end=\"940\">Avec ses lignes \u00e9pur\u00e9es et sa finition pr\u00e9cieuse, le miroir Brian devient une <strong data-start=\"680\" data-end=\"706\">v\u00e9ritable \u0153uvre murale<\/strong>, id\u00e9ale pour sublimer un salon, un couloir majestueux, une chambre \u00e9l\u00e9gante ou m\u00eame un hall d&rsquo;h\u00f4tel. Disponible en plusieurs formats verticaux, il peut \u00eatre suspendu au mur ou simplement pos\u00e9 au sol pour un effet d\u00e9coratif audacieux.<\/p>\n","protected":false},"featured_media":14906,"template":"","meta":{"_uf_show_specific_survey":0,"_uf_disable_surveys":false,"iawp_total_views":11},"product_brand":[555],"product_cat":[543],"product_tag":[],"class_list":{"0":"post-14895","1":"product","2":"type-product","3":"status-publish","4":"has-post-thumbnail","6":"product_brand-bmb-italy","7":"product_cat-miroirs","8":"product_shipping_class-mobilier-par-transporteur-de-meuble","9":"pa_collection-brian-par-bmb-italy","10":"pa_marque-bmb-italy","11":"pa_materiau-bois","12":"pa_materiau-miroir","14":"first","15":"instock","16":"taxable","17":"shipping-taxable","18":"purchasable","19":"product-type-variable"},"yoast_head":"<!-- This site is optimized with the Yoast SEO plugin v27.4 - https:\/\/yoast.com\/product\/yoast-seo-wordpress\/ -->\n<title>Miroir mural Brian par BMB Italy \u2013 Cadre sculptural dor\u00e9 ou argent\u00e9, esprit classique revisit\u00e9 - Homeproject.fr<\/title>\n<meta name=\"description\" content=\"Miroir mural Brian par BMB Italy \u2013 Cadre en bois dor\u00e9 ou argent\u00e9 \u00e0 la feuille, formats vari\u00e9s. \u00c9l\u00e9gance classique et finitions artisanales\" \/>\n<meta name=\"robots\" content=\"index, follow, max-snippet:-1, max-image-preview:large, max-video-preview:-1\" \/>\n<link rel=\"canonical\" href=\"https:\/\/homeproject.fr\/fr\/produit\/miroir-mural-brian-par-bmb-italy-cadre-sculptural-dore-ou-argente-esprit-classique-revisite\/\" \/>\n<meta property=\"og:locale\" content=\"fr_FR\" \/>\n<meta property=\"og:type\" content=\"article\" \/>\n<meta property=\"og:title\" content=\"Miroir mural Brian par BMB Italy \u2013 Cadre sculptural dor\u00e9 ou argent\u00e9, esprit classique revisit\u00e9 - Homeproject.fr\" \/>\n<meta property=\"og:description\" content=\"Miroir mural Brian par BMB Italy \u2013 Cadre en bois dor\u00e9 ou argent\u00e9 \u00e0 la feuille, formats vari\u00e9s. \u00c9l\u00e9gance classique et finitions artisanales\" \/>\n<meta property=\"og:url\" content=\"https:\/\/homeproject.fr\/fr\/produit\/miroir-mural-brian-par-bmb-italy-cadre-sculptural-dore-ou-argente-esprit-classique-revisite\/\" \/>\n<meta property=\"og:site_name\" content=\"Homeproject.fr\" \/>\n<meta property=\"article:modified_time\" content=\"2025-06-21T14:53:00+00:00\" \/>\n<meta property=\"og:image\" content=\"https:\/\/homeproject.fr\/fr\/wp-content\/uploads\/2025\/06\/Miroir-avec-corniche-bois-decoree-a-la-feuile-or-ou-argent-Brian-par-BMB-Italy-2.jpg\" \/>\n\t<meta property=\"og:image:width\" content=\"1500\" \/>\n\t<meta property=\"og:image:height\" content=\"1500\" \/>\n\t<meta property=\"og:image:type\" content=\"image\/jpeg\" \/>\n<meta name=\"twitter:card\" content=\"summary_large_image\" \/>\n<meta name=\"twitter:label1\" content=\"Dur\u00e9e de lecture estim\u00e9e\" \/>\n\t<meta name=\"twitter:data1\" content=\"1 minute\" \/>\n<script type=\"application\/ld+json\" class=\"yoast-schema-graph\">{\"@context\":\"https:\\\/\\\/schema.org\",\"@graph\":[{\"@type\":\"WebPage\",\"@id\":\"https:\\\/\\\/homeproject.fr\\\/fr\\\/produit\\\/miroir-mural-brian-par-bmb-italy-cadre-sculptural-dore-ou-argente-esprit-classique-revisite\\\/\",\"url\":\"https:\\\/\\\/homeproject.fr\\\/fr\\\/produit\\\/miroir-mural-brian-par-bmb-italy-cadre-sculptural-dore-ou-argente-esprit-classique-revisite\\\/\",\"name\":\"Miroir mural Brian par BMB Italy \u2013 Cadre sculptural dor\u00e9 ou argent\u00e9, esprit classique revisit\u00e9 - Homeproject.fr\",\"isPartOf\":{\"@id\":\"https:\\\/\\\/homeproject.fr\\\/fr\\\/#website\"},\"primaryImageOfPage\":{\"@id\":\"https:\\\/\\\/homeproject.fr\\\/fr\\\/produit\\\/miroir-mural-brian-par-bmb-italy-cadre-sculptural-dore-ou-argente-esprit-classique-revisite\\\/#primaryimage\"},\"image\":{\"@id\":\"https:\\\/\\\/homeproject.fr\\\/fr\\\/produit\\\/miroir-mural-brian-par-bmb-italy-cadre-sculptural-dore-ou-argente-esprit-classique-revisite\\\/#primaryimage\"},\"thumbnailUrl\":\"https:\\\/\\\/homeproject.fr\\\/fr\\\/wp-content\\\/uploads\\\/2025\\\/06\\\/Miroir-avec-corniche-bois-decoree-a-la-feuile-or-ou-argent-Brian-par-BMB-Italy-2.jpg\",\"datePublished\":\"2025-06-21T14:47:00+00:00\",\"dateModified\":\"2025-06-21T14:53:00+00:00\",\"description\":\"Miroir mural Brian par BMB Italy \u2013 Cadre en bois dor\u00e9 ou argent\u00e9 \u00e0 la feuille, formats vari\u00e9s. \u00c9l\u00e9gance classique et finitions artisanales\",\"breadcrumb\":{\"@id\":\"https:\\\/\\\/homeproject.fr\\\/fr\\\/produit\\\/miroir-mural-brian-par-bmb-italy-cadre-sculptural-dore-ou-argente-esprit-classique-revisite\\\/#breadcrumb\"},\"inLanguage\":\"fr-FR\",\"potentialAction\":[{\"@type\":\"ReadAction\",\"target\":[\"https:\\\/\\\/homeproject.fr\\\/fr\\\/produit\\\/miroir-mural-brian-par-bmb-italy-cadre-sculptural-dore-ou-argente-esprit-classique-revisite\\\/\"]}]},{\"@type\":\"ImageObject\",\"inLanguage\":\"fr-FR\",\"@id\":\"https:\\\/\\\/homeproject.fr\\\/fr\\\/produit\\\/miroir-mural-brian-par-bmb-italy-cadre-sculptural-dore-ou-argente-esprit-classique-revisite\\\/#primaryimage\",\"url\":\"https:\\\/\\\/homeproject.fr\\\/fr\\\/wp-content\\\/uploads\\\/2025\\\/06\\\/Miroir-avec-corniche-bois-decoree-a-la-feuile-or-ou-argent-Brian-par-BMB-Italy-2.jpg\",\"contentUrl\":\"https:\\\/\\\/homeproject.fr\\\/fr\\\/wp-content\\\/uploads\\\/2025\\\/06\\\/Miroir-avec-corniche-bois-decoree-a-la-feuile-or-ou-argent-Brian-par-BMB-Italy-2.jpg\",\"width\":1500,\"height\":1500},{\"@type\":\"BreadcrumbList\",\"@id\":\"https:\\\/\\\/homeproject.fr\\\/fr\\\/produit\\\/miroir-mural-brian-par-bmb-italy-cadre-sculptural-dore-ou-argente-esprit-classique-revisite\\\/#breadcrumb\",\"itemListElement\":[{\"@type\":\"ListItem\",\"position\":1,\"name\":\"Accueil\",\"item\":\"https:\\\/\\\/homeproject.fr\\\/fr\\\/\"},{\"@type\":\"ListItem\",\"position\":2,\"name\":\"Boutique\",\"item\":\"https:\\\/\\\/homeproject.fr\\\/fr\\\/boutique\\\/\"},{\"@type\":\"ListItem\",\"position\":3,\"name\":\"Miroir mural Brian par BMB Italy \u2013 Cadre sculptural dor\u00e9 ou argent\u00e9, esprit classique revisit\u00e9\"}]},{\"@type\":\"WebSite\",\"@id\":\"https:\\\/\\\/homeproject.fr\\\/fr\\\/#website\",\"url\":\"https:\\\/\\\/homeproject.fr\\\/fr\\\/\",\"name\":\"Homeproject.fr\",\"description\":\"Offrez l&#039;exceptionnel \u00e0 vos espaces \u00e0 vivre\",\"publisher\":{\"@id\":\"https:\\\/\\\/homeproject.fr\\\/fr\\\/#organization\"},\"potentialAction\":[{\"@type\":\"SearchAction\",\"target\":{\"@type\":\"EntryPoint\",\"urlTemplate\":\"https:\\\/\\\/homeproject.fr\\\/fr\\\/?s={search_term_string}\"},\"query-input\":{\"@type\":\"PropertyValueSpecification\",\"valueRequired\":true,\"valueName\":\"search_term_string\"}}],\"inLanguage\":\"fr-FR\"},{\"@type\":\"Organization\",\"@id\":\"https:\\\/\\\/homeproject.fr\\\/fr\\\/#organization\",\"name\":\"Homeproject.fr\",\"url\":\"https:\\\/\\\/homeproject.fr\\\/fr\\\/\",\"logo\":{\"@type\":\"ImageObject\",\"inLanguage\":\"fr-FR\",\"@id\":\"https:\\\/\\\/homeproject.fr\\\/fr\\\/#\\\/schema\\\/logo\\\/image\\\/\",\"url\":\"https:\\\/\\\/homeproject.fr\\\/fr\\\/wp-content\\\/uploads\\\/2024\\\/12\\\/Logo_HomeProject-noir-2.png\",\"contentUrl\":\"https:\\\/\\\/homeproject.fr\\\/fr\\\/wp-content\\\/uploads\\\/2024\\\/12\\\/Logo_HomeProject-noir-2.png\",\"width\":300,\"height\":91,\"caption\":\"Homeproject.fr\"},\"image\":{\"@id\":\"https:\\\/\\\/homeproject.fr\\\/fr\\\/#\\\/schema\\\/logo\\\/image\\\/\"}}]}<\/script>\n<!-- \/ Yoast SEO plugin. -->","yoast_head_json":{"title":"Miroir mural Brian par BMB Italy \u2013 Cadre sculptural dor\u00e9 ou argent\u00e9, esprit classique revisit\u00e9 - Homeproject.fr","description":"Miroir mural Brian par BMB Italy \u2013 Cadre en bois dor\u00e9 ou argent\u00e9 \u00e0 la feuille, formats vari\u00e9s. \u00c9l\u00e9gance classique et finitions artisanales","robots":{"index":"index","follow":"follow","max-snippet":"max-snippet:-1","max-image-preview":"max-image-preview:large","max-video-preview":"max-video-preview:-1"},"canonical":"https:\/\/homeproject.fr\/fr\/produit\/miroir-mural-brian-par-bmb-italy-cadre-sculptural-dore-ou-argente-esprit-classique-revisite\/","og_locale":"fr_FR","og_type":"article","og_title":"Miroir mural Brian par BMB Italy \u2013 Cadre sculptural dor\u00e9 ou argent\u00e9, esprit classique revisit\u00e9 - Homeproject.fr","og_description":"Miroir mural Brian par BMB Italy \u2013 Cadre en bois dor\u00e9 ou argent\u00e9 \u00e0 la feuille, formats vari\u00e9s. \u00c9l\u00e9gance classique et finitions artisanales","og_url":"https:\/\/homeproject.fr\/fr\/produit\/miroir-mural-brian-par-bmb-italy-cadre-sculptural-dore-ou-argente-esprit-classique-revisite\/","og_site_name":"Homeproject.fr","article_modified_time":"2025-06-21T14:53:00+00:00","og_image":[{"width":1500,"height":1500,"url":"https:\/\/homeproject.fr\/fr\/wp-content\/uploads\/2025\/06\/Miroir-avec-corniche-bois-decoree-a-la-feuile-or-ou-argent-Brian-par-BMB-Italy-2.jpg","type":"image\/jpeg"}],"twitter_card":"summary_large_image","twitter_misc":{"Dur\u00e9e de lecture estim\u00e9e":"1 minute"},"schema":{"@context":"https:\/\/schema.org","@graph":[{"@type":"WebPage","@id":"https:\/\/homeproject.fr\/fr\/produit\/miroir-mural-brian-par-bmb-italy-cadre-sculptural-dore-ou-argente-esprit-classique-revisite\/","url":"https:\/\/homeproject.fr\/fr\/produit\/miroir-mural-brian-par-bmb-italy-cadre-sculptural-dore-ou-argente-esprit-classique-revisite\/","name":"Miroir mural Brian par BMB Italy \u2013 Cadre sculptural dor\u00e9 ou argent\u00e9, esprit classique revisit\u00e9 - Homeproject.fr","isPartOf":{"@id":"https:\/\/homeproject.fr\/fr\/#website"},"primaryImageOfPage":{"@id":"https:\/\/homeproject.fr\/fr\/produit\/miroir-mural-brian-par-bmb-italy-cadre-sculptural-dore-ou-argente-esprit-classique-revisite\/#primaryimage"},"image":{"@id":"https:\/\/homeproject.fr\/fr\/produit\/miroir-mural-brian-par-bmb-italy-cadre-sculptural-dore-ou-argente-esprit-classique-revisite\/#primaryimage"},"thumbnailUrl":"https:\/\/homeproject.fr\/fr\/wp-content\/uploads\/2025\/06\/Miroir-avec-corniche-bois-decoree-a-la-feuile-or-ou-argent-Brian-par-BMB-Italy-2.jpg","datePublished":"2025-06-21T14:47:00+00:00","dateModified":"2025-06-21T14:53:00+00:00","description":"Miroir mural Brian par BMB Italy \u2013 Cadre en bois dor\u00e9 ou argent\u00e9 \u00e0 la feuille, formats vari\u00e9s. \u00c9l\u00e9gance classique et finitions artisanales","breadcrumb":{"@id":"https:\/\/homeproject.fr\/fr\/produit\/miroir-mural-brian-par-bmb-italy-cadre-sculptural-dore-ou-argente-esprit-classique-revisite\/#breadcrumb"},"inLanguage":"fr-FR","potentialAction":[{"@type":"ReadAction","target":["https:\/\/homeproject.fr\/fr\/produit\/miroir-mural-brian-par-bmb-italy-cadre-sculptural-dore-ou-argente-esprit-classique-revisite\/"]}]},{"@type":"ImageObject","inLanguage":"fr-FR","@id":"https:\/\/homeproject.fr\/fr\/produit\/miroir-mural-brian-par-bmb-italy-cadre-sculptural-dore-ou-argente-esprit-classique-revisite\/#primaryimage","url":"https:\/\/homeproject.fr\/fr\/wp-content\/uploads\/2025\/06\/Miroir-avec-corniche-bois-decoree-a-la-feuile-or-ou-argent-Brian-par-BMB-Italy-2.jpg","contentUrl":"https:\/\/homeproject.fr\/fr\/wp-content\/uploads\/2025\/06\/Miroir-avec-corniche-bois-decoree-a-la-feuile-or-ou-argent-Brian-par-BMB-Italy-2.jpg","width":1500,"height":1500},{"@type":"BreadcrumbList","@id":"https:\/\/homeproject.fr\/fr\/produit\/miroir-mural-brian-par-bmb-italy-cadre-sculptural-dore-ou-argente-esprit-classique-revisite\/#breadcrumb","itemListElement":[{"@type":"ListItem","position":1,"name":"Accueil","item":"https:\/\/homeproject.fr\/fr\/"},{"@type":"ListItem","position":2,"name":"Boutique","item":"https:\/\/homeproject.fr\/fr\/boutique\/"},{"@type":"ListItem","position":3,"name":"Miroir mural Brian par BMB Italy \u2013 Cadre sculptural dor\u00e9 ou argent\u00e9, esprit classique revisit\u00e9"}]},{"@type":"WebSite","@id":"https:\/\/homeproject.fr\/fr\/#website","url":"https:\/\/homeproject.fr\/fr\/","name":"Homeproject.fr","description":"Offrez l&#039;exceptionnel \u00e0 vos espaces \u00e0 vivre","publisher":{"@id":"https:\/\/homeproject.fr\/fr\/#organization"},"potentialAction":[{"@type":"SearchAction","target":{"@type":"EntryPoint","urlTemplate":"https:\/\/homeproject.fr\/fr\/?s={search_term_string}"},"query-input":{"@type":"PropertyValueSpecification","valueRequired":true,"valueName":"search_term_string"}}],"inLanguage":"fr-FR"},{"@type":"Organization","@id":"https:\/\/homeproject.fr\/fr\/#organization","name":"Homeproject.fr","url":"https:\/\/homeproject.fr\/fr\/","logo":{"@type":"ImageObject","inLanguage":"fr-FR","@id":"https:\/\/homeproject.fr\/fr\/#\/schema\/logo\/image\/","url":"https:\/\/homeproject.fr\/fr\/wp-content\/uploads\/2024\/12\/Logo_HomeProject-noir-2.png","contentUrl":"https:\/\/homeproject.fr\/fr\/wp-content\/uploads\/2024\/12\/Logo_HomeProject-noir-2.png","width":300,"height":91,"caption":"Homeproject.fr"},"image":{"@id":"https:\/\/homeproject.fr\/fr\/#\/schema\/logo\/image\/"}}]}},"_links":{"self":[{"href":"https:\/\/homeproject.fr\/fr\/wp-json\/wp\/v2\/product\/14895","targetHints":{"allow":["GET"]}}],"collection":[{"href":"https:\/\/homeproject.fr\/fr\/wp-json\/wp\/v2\/product"}],"about":[{"href":"https:\/\/homeproject.fr\/fr\/wp-json\/wp\/v2\/types\/product"}],"version-history":[{"count":1,"href":"https:\/\/homeproject.fr\/fr\/wp-json\/wp\/v2\/product\/14895\/revisions"}],"predecessor-version":[{"id":14916,"href":"https:\/\/homeproject.fr\/fr\/wp-json\/wp\/v2\/product\/14895\/revisions\/14916"}],"wp:featuredmedia":[{"embeddable":true,"href":"https:\/\/homeproject.fr\/fr\/wp-json\/wp\/v2\/media\/14906"}],"wp:attachment":[{"href":"https:\/\/homeproject.fr\/fr\/wp-json\/wp\/v2\/media?parent=14895"}],"wp:term":[{"taxonomy":"product_brand","embeddable":true,"href":"https:\/\/homeproject.fr\/fr\/wp-json\/wp\/v2\/product_brand?post=14895"},{"taxonomy":"product_cat","embeddable":true,"href":"https:\/\/homeproject.fr\/fr\/wp-json\/wp\/v2\/product_cat?post=14895"},{"taxonomy":"product_tag","embeddable":true,"href":"https:\/\/homeproject.fr\/fr\/wp-json\/wp\/v2\/product_tag?post=14895"}],"curies":[{"name":"wp","href":"https:\/\/api.w.org\/{rel}","templated":true}]}}