{"id":14857,"date":"2025-06-21T14:01:29","date_gmt":"2025-06-21T14:01:29","guid":{"rendered":"https:\/\/homeproject.fr\/fr\/?post_type=product&#038;p=14857"},"modified":"2025-06-21T14:17:50","modified_gmt":"2025-06-21T14:17:50","slug":"miroir-mural-bold-par-bmb-italy-contraste-graphique-et-finition-precieuse","status":"publish","type":"product","link":"https:\/\/homeproject.fr\/fr\/produit\/miroir-mural-bold-par-bmb-italy-contraste-graphique-et-finition-precieuse\/","title":{"rendered":"Miroir mural Bold par BMB Italy \u2013 Contraste graphique et finition pr\u00e9cieuse"},"content":{"rendered":"<div class=\"flex-1 overflow-hidden @container\/thread\">\n<div class=\"h-full\">\n<div class=\"react-scroll-to-bottom--css-avwfw-79elbk h-full\">\n<div class=\"react-scroll-to-bottom--css-avwfw-1n7m0yu\">\n<div class=\"flex flex-col text-sm md:pb-9\">\n<article class=\"w-full scroll-mb-[var(--thread-trailing-height,150px)] text-token-text-primary focus-visible:outline-2 focus-visible:outline-offset-[-4px]\" dir=\"auto\" data-testid=\"conversation-turn-13\" data-scroll-anchor=\"true\">\n<div class=\"m-auto text-base py-[18px] px-3 md:px-4 w-full md:px-5 lg:px-4 xl:px-5\">\n<div class=\"mx-auto flex flex-1 gap-4 text-base md:gap-5 lg:gap-6 md:max-w-3xl lg:max-w-[40rem] xl:max-w-[48rem]\">\n<div class=\"group\/conversation-turn relative flex w-full min-w-0 flex-col agent-turn\">\n<div class=\"flex-col gap-1 md:gap-3\">\n<div class=\"flex max-w-full flex-col flex-grow\">\n<div class=\"min-h-8 text-message flex w-full flex-col items-end gap-2 whitespace-normal break-words text-start [.text-message+&amp;]:mt-5\" dir=\"auto\" data-message-author-role=\"assistant\" data-message-id=\"dc5cab26-9697-46d2-b6fe-c8745ded277b\" data-message-model-slug=\"gpt-4o\">\n<div class=\"flex w-full flex-col gap-1 empty:hidden first:pt-[3px]\">\n<div class=\"markdown prose w-full break-words dark:prose-invert light\">\n<h3 data-start=\"789\" data-end=\"816\">Finitions disponibles :<\/h3>\n<ul data-start=\"817\" data-end=\"945\">\n<li data-start=\"817\" data-end=\"878\">\n<p data-start=\"819\" data-end=\"878\"><strong data-start=\"819\" data-end=\"835\">Dor\u00e9 &amp; blanc<\/strong> (feuille d\u2019or + encadrement blanc laqu\u00e9)<\/p>\n<\/li>\n<li data-start=\"879\" data-end=\"945\">\n<p data-start=\"881\" data-end=\"945\"><strong data-start=\"881\" data-end=\"900\">Argent\u00e9 &amp; blanc<\/strong> (feuille d\u2019argent + encadrement blanc laqu\u00e9)<\/p>\n<\/li>\n<\/ul>\n<h3 data-start=\"947\" data-end=\"973\">Dimensions propos\u00e9es :<\/h3>\n<ul data-start=\"974\" data-end=\"1036\">\n<li data-start=\"974\" data-end=\"989\">\n<p data-start=\"976\" data-end=\"989\">70 x 120 cm<\/p>\n<\/li>\n<li data-start=\"990\" data-end=\"1006\">\n<p data-start=\"992\" data-end=\"1006\">100 x 100 cm<\/p>\n<\/li>\n<li data-start=\"1007\" data-end=\"1022\">\n<p data-start=\"1009\" data-end=\"1022\">90 x 140 cm<\/p>\n<\/li>\n<li data-start=\"1023\" data-end=\"1036\">\n<p data-start=\"1025\" data-end=\"1036\">90 x 190 cm<\/p>\n<\/li>\n<\/ul>\n<h3 data-start=\"1038\" data-end=\"1060\">Caract\u00e9ristiques :<\/h3>\n<ul data-start=\"1061\" data-end=\"1412\">\n<li data-start=\"1061\" data-end=\"1087\">\n<p data-start=\"1063\" data-end=\"1087\"><strong data-start=\"1063\" data-end=\"1073\">Marque<\/strong> : BMB Italy<\/p>\n<\/li>\n<li data-start=\"1088\" data-end=\"1109\">\n<p data-start=\"1090\" data-end=\"1109\"><strong data-start=\"1090\" data-end=\"1100\">Mod\u00e8le<\/strong> : Bold<\/p>\n<\/li>\n<li data-start=\"1110\" data-end=\"1160\">\n<p data-start=\"1112\" data-end=\"1160\"><strong data-start=\"1112\" data-end=\"1121\">Style<\/strong> : Contemporain, d\u00e9coratif, graphique<\/p>\n<\/li>\n<li data-start=\"1161\" data-end=\"1237\">\n<p data-start=\"1163\" data-end=\"1237\"><strong data-start=\"1163\" data-end=\"1172\">Cadre<\/strong> : Bois sculpt\u00e9 avec finition dor\u00e9e ou argent\u00e9e + blanc<\/p>\n<\/li>\n<li data-start=\"1238\" data-end=\"1288\">\n<p data-start=\"1240\" data-end=\"1288\"><strong data-start=\"1240\" data-end=\"1249\">Verre<\/strong> : Miroir clair poli de haute qualit\u00e9<\/p>\n<\/li>\n<li data-start=\"1289\" data-end=\"1358\">\n<p data-start=\"1291\" data-end=\"1358\"><strong data-start=\"1291\" data-end=\"1307\">Installation<\/strong> : Murale \u2013 verticale ou horizontale<\/p>\n<\/li>\n<li data-start=\"1359\" data-end=\"1412\">\n<p data-start=\"1361\" data-end=\"1412\"><strong data-start=\"1361\" data-end=\"1374\">Entretien<\/strong> : Chiffon doux sans produits abrasifs<\/p>\n<\/li>\n<\/ul>\n<h3 data-start=\"1414\" data-end=\"1440\">Les + du miroir Bold :<\/h3>\n<ul data-start=\"1441\" data-end=\"1643\">\n<li data-start=\"1441\" data-end=\"1479\">\n<p data-start=\"1443\" data-end=\"1479\"><strong data-start=\"1443\" data-end=\"1477\">Jeu de contrastes fort et chic<\/strong><\/p>\n<\/li>\n<li data-start=\"1480\" data-end=\"1541\">\n<p data-start=\"1482\" data-end=\"1541\"><strong data-start=\"1482\" data-end=\"1506\">Finitions pr\u00e9cieuses<\/strong> appliqu\u00e9es \u00e0 la main<\/p>\n<\/li>\n<li data-start=\"1542\" data-end=\"1601\">\n<p data-start=\"1544\" data-end=\"1601\"><strong data-start=\"1544\" data-end=\"1569\">Impact visuel garanti<\/strong>, m\u00eame dans les grands espaces<\/p>\n<\/li>\n<li data-start=\"1602\" data-end=\"1643\">\n<p data-start=\"1604\" data-end=\"1643\"><strong data-start=\"1604\" data-end=\"1643\">Fabrication italienne haut de gamme<\/strong><\/p>\n<\/li>\n<\/ul>\n<hr data-start=\"1645\" data-end=\"1648\" \/>\n<h3 data-start=\"950\" data-end=\"972\"><strong style=\"font-family: inherit; font-size: 30px;\">Vous avez des questions ?<\/strong><\/h3>\n<\/div>\n<\/div>\n<\/div>\n<\/div>\n<\/div>\n<\/div>\n<\/div>\n<\/div>\n<\/article>\n<\/div>\n<\/div>\n<\/div>\n<\/div>\n<\/div>\n<style id=\"wpforms-css-vars-3675\">\n\t\t\t\t#wpforms-3675 {\n\t\t\t\t\n\t\t\t}\n\t\t\t<\/style><div class=\"wpforms-container wpforms-container-full wpforms-render-modern\" id=\"wpforms-3675\"><form id=\"wpforms-form-3675\" class=\"wpforms-validate wpforms-form wpforms-ajax-form\" data-formid=\"3675\" method=\"post\" enctype=\"multipart\/form-data\" action=\"\/fr\/wp-json\/wp\/v2\/product\/14857\" data-token=\"61a757da810f90bb9b7a9e476d087382\" data-token-time=\"1776519112\"><noscript class=\"wpforms-error-noscript\">Veuillez activer JavaScript dans votre navigateur pour remplir ce formulaire.<\/noscript><div id=\"wpforms-error-noscript\" style=\"display: none;\">Veuillez activer JavaScript dans votre navigateur pour remplir ce formulaire.<\/div><div class=\"wpforms-field-container\"><div id=\"wpforms-3675-field_3-container\" class=\"wpforms-field wpforms-field-name\" data-field-id=\"3\"><fieldset><legend class=\"wpforms-field-label\">Nom <span class=\"wpforms-required-label\" aria-hidden=\"true\">*<\/span><\/legend><div class=\"wpforms-field-row wpforms-field-medium\"><div class=\"wpforms-field-row-block wpforms-first wpforms-one-half\"><input type=\"text\" id=\"wpforms-3675-field_3\" class=\"wpforms-field-name-first wpforms-field-required\" name=\"wpforms[fields][3][first]\" aria-errormessage=\"wpforms-3675-field_3-error\" required><label for=\"wpforms-3675-field_3\" class=\"wpforms-field-sublabel after\">Pr\u00e9nom<\/label><\/div><div class=\"wpforms-field-row-block wpforms-one-half\"><input type=\"text\" id=\"wpforms-3675-field_3-last\" class=\"wpforms-field-name-last wpforms-field-required\" name=\"wpforms[fields][3][last]\" aria-errormessage=\"wpforms-3675-field_3-last-error\" required><label for=\"wpforms-3675-field_3-last\" class=\"wpforms-field-sublabel after\">Nom<\/label><\/div><\/div><\/fieldset><\/div><div id=\"wpforms-3675-field_4-container\" class=\"wpforms-field wpforms-field-email\" data-field-id=\"4\"><label class=\"wpforms-field-label\" for=\"wpforms-3675-field_4\">E-mail <span class=\"wpforms-required-label\" aria-hidden=\"true\">*<\/span><\/label><input type=\"email\" id=\"wpforms-3675-field_4\" class=\"wpforms-field-medium wpforms-field-required\" name=\"wpforms[fields][4]\" spellcheck=\"false\" aria-errormessage=\"wpforms-3675-field_4-error\" required><\/div>\t\t<div id=\"wpforms-3675-field_1-container\"\n\t\t\tclass=\"wpforms-field wpforms-field-text\"\n\t\t\tdata-field-type=\"text\"\n\t\t\tdata-field-id=\"1\"\n\t\t\t>\n\t\t\t<label class=\"wpforms-field-label\" for=\"wpforms-3675-field_1\" >Nom Message E-mail<\/label>\n\t\t\t<input type=\"text\" id=\"wpforms-3675-field_1\" class=\"wpforms-field-medium\" name=\"wpforms[fields][1]\" >\n\t\t<\/div>\n\t\t<div id=\"wpforms-3675-field_5-container\" class=\"wpforms-field wpforms-field-textarea\" data-field-id=\"5\"><label class=\"wpforms-field-label\" for=\"wpforms-3675-field_5\">Message <span class=\"wpforms-required-label\" aria-hidden=\"true\">*<\/span><\/label><textarea id=\"wpforms-3675-field_5\" class=\"wpforms-field-medium wpforms-field-required\" name=\"wpforms[fields][5]\" aria-errormessage=\"wpforms-3675-field_5-error\" required><\/textarea><\/div><script>\n\t\t\t\t( function() {\n\t\t\t\t\tconst style = document.createElement( 'style' );\n\t\t\t\t\tstyle.appendChild( document.createTextNode( '#wpforms-3675-field_1-container { position: absolute !important; overflow: hidden !important; display: inline !important; height: 1px !important; width: 1px !important; z-index: -1000 !important; padding: 0 !important; } #wpforms-3675-field_1-container input { visibility: hidden; } #wpforms-conversational-form-page #wpforms-3675-field_1-container label { counter-increment: none; }' ) );\n\t\t\t\t\tdocument.head.appendChild( style );\n\t\t\t\t\tdocument.currentScript?.remove();\n\t\t\t\t} )();\n\t\t\t<\/script><\/div><!-- .wpforms-field-container --><div class=\"wpforms-submit-container\" ><input type=\"hidden\" name=\"wpforms[id]\" value=\"3675\"><input type=\"hidden\" name=\"page_title\" value=\"\"><input type=\"hidden\" name=\"page_url\" value=\"https:\/\/homeproject.fr\/fr\/wp-json\/wp\/v2\/product\/14857\"><input type=\"hidden\" name=\"url_referer\" value=\"\"><button type=\"submit\" name=\"wpforms[submit]\" id=\"wpforms-submit-3675\" class=\"wpforms-submit\" data-alt-text=\"Envoi...\" data-submit-text=\"Envoyer\" aria-live=\"assertive\" value=\"wpforms-submit\">Envoyer<\/button><img decoding=\"async\" src=\"https:\/\/homeproject.fr\/fr\/wp-content\/plugins\/wpforms-lite\/assets\/images\/submit-spin.svg\" class=\"wpforms-submit-spinner\" style=\"display: none;\" width=\"26\" height=\"26\" alt=\"Chargement en cours\"><\/div><\/form><\/div>  <!-- .wpforms-container -->\n","protected":false},"excerpt":{"rendered":"<p data-start=\"212\" data-end=\"533\">Avec le miroir <strong data-start=\"227\" data-end=\"235\">Bold<\/strong>, <strong data-start=\"237\" data-end=\"250\">BMB Italy<\/strong> propose un mod\u00e8le \u00e0 la <strong data-start=\"274\" data-end=\"304\">pr\u00e9sence forte et raffin\u00e9e<\/strong>, parfait pour habiller un mur avec caract\u00e8re. Sa <strong data-start=\"354\" data-end=\"377\">corniche contrast\u00e9e<\/strong> m\u00eale la <strong data-start=\"386\" data-end=\"424\">noblesse des finitions m\u00e9talliques<\/strong> (dor\u00e9 ou argent\u00e9) \u00e0 l\u2019<strong data-start=\"447\" data-end=\"479\">\u00e9clat d\u2019un encadrement blanc<\/strong>, pour un rendu \u00e0 la fois sophistiqu\u00e9 et contemporain.<\/p>\n<p data-start=\"535\" data-end=\"787\">Son <strong data-start=\"539\" data-end=\"559\">design structur\u00e9<\/strong> et ses <strong data-start=\"567\" data-end=\"593\">proportions g\u00e9n\u00e9reuses<\/strong> en font un choix d\u00e9coratif fort pour un salon, une chambre ou une entr\u00e9e. Le miroir Bold devient un <strong data-start=\"694\" data-end=\"716\">point focal visuel<\/strong>, tout en agrandissant la pi\u00e8ce et en captant la lumi\u00e8re avec \u00e9l\u00e9gance.<\/p>\n","protected":false},"featured_media":14858,"template":"","meta":{"_uf_show_specific_survey":0,"_uf_disable_surveys":false,"iawp_total_views":12},"product_brand":[555],"product_cat":[543],"product_tag":[],"class_list":{"0":"post-14857","1":"product","2":"type-product","3":"status-publish","4":"has-post-thumbnail","6":"product_brand-bmb-italy","7":"product_cat-miroirs","8":"product_shipping_class-mobilier-par-transporteur-de-meuble","9":"pa_collection-bold-par-bmb-italy","10":"pa_marque-bmb-italy","11":"pa_materiau-miroir","13":"first","14":"instock","15":"taxable","16":"shipping-taxable","17":"purchasable","18":"product-type-variable"},"yoast_head":"<!-- This site is optimized with the Yoast SEO plugin v27.4 - https:\/\/yoast.com\/product\/yoast-seo-wordpress\/ -->\n<title>Miroir mural Bold par BMB Italy \u2013 Contraste graphique et finition pr\u00e9cieuse - Homeproject.fr<\/title>\n<meta name=\"description\" content=\"Miroir Bold par BMB Italy \u2013 Cadre dor\u00e9\/blanc ou argent\/blanc, formats vari\u00e9s, design structur\u00e9 et contemporain. \u00c0 d\u00e9couvrir sur homeproject.fr.\" \/>\n<meta name=\"robots\" content=\"index, follow, max-snippet:-1, max-image-preview:large, max-video-preview:-1\" \/>\n<link rel=\"canonical\" href=\"https:\/\/homeproject.fr\/fr\/produit\/miroir-mural-bold-par-bmb-italy-contraste-graphique-et-finition-precieuse\/\" \/>\n<meta property=\"og:locale\" content=\"fr_FR\" \/>\n<meta property=\"og:type\" content=\"article\" \/>\n<meta property=\"og:title\" content=\"Miroir mural Bold par BMB Italy \u2013 Contraste graphique et finition pr\u00e9cieuse - Homeproject.fr\" \/>\n<meta property=\"og:description\" content=\"Miroir Bold par BMB Italy \u2013 Cadre dor\u00e9\/blanc ou argent\/blanc, formats vari\u00e9s, design structur\u00e9 et contemporain. \u00c0 d\u00e9couvrir sur homeproject.fr.\" \/>\n<meta property=\"og:url\" content=\"https:\/\/homeproject.fr\/fr\/produit\/miroir-mural-bold-par-bmb-italy-contraste-graphique-et-finition-precieuse\/\" \/>\n<meta property=\"og:site_name\" content=\"Homeproject.fr\" \/>\n<meta property=\"article:modified_time\" content=\"2025-06-21T14:17:50+00:00\" \/>\n<meta property=\"og:image\" content=\"https:\/\/homeproject.fr\/fr\/wp-content\/uploads\/2025\/06\/Miroir-artisanal-avec-bordure-irreguliere-decorative-coloris-argent-et-blanc-Bold-par-BMB-Italy-2.jpg\" \/>\n\t<meta property=\"og:image:width\" content=\"1500\" \/>\n\t<meta property=\"og:image:height\" content=\"1500\" \/>\n\t<meta property=\"og:image:type\" content=\"image\/jpeg\" \/>\n<meta name=\"twitter:card\" content=\"summary_large_image\" \/>\n<meta name=\"twitter:label1\" content=\"Dur\u00e9e de lecture estim\u00e9e\" \/>\n\t<meta name=\"twitter:data1\" content=\"1 minute\" \/>\n<script type=\"application\/ld+json\" class=\"yoast-schema-graph\">{\"@context\":\"https:\\\/\\\/schema.org\",\"@graph\":[{\"@type\":\"WebPage\",\"@id\":\"https:\\\/\\\/homeproject.fr\\\/fr\\\/produit\\\/miroir-mural-bold-par-bmb-italy-contraste-graphique-et-finition-precieuse\\\/\",\"url\":\"https:\\\/\\\/homeproject.fr\\\/fr\\\/produit\\\/miroir-mural-bold-par-bmb-italy-contraste-graphique-et-finition-precieuse\\\/\",\"name\":\"Miroir mural Bold par BMB Italy \u2013 Contraste graphique et finition pr\u00e9cieuse - Homeproject.fr\",\"isPartOf\":{\"@id\":\"https:\\\/\\\/homeproject.fr\\\/fr\\\/#website\"},\"primaryImageOfPage\":{\"@id\":\"https:\\\/\\\/homeproject.fr\\\/fr\\\/produit\\\/miroir-mural-bold-par-bmb-italy-contraste-graphique-et-finition-precieuse\\\/#primaryimage\"},\"image\":{\"@id\":\"https:\\\/\\\/homeproject.fr\\\/fr\\\/produit\\\/miroir-mural-bold-par-bmb-italy-contraste-graphique-et-finition-precieuse\\\/#primaryimage\"},\"thumbnailUrl\":\"https:\\\/\\\/homeproject.fr\\\/fr\\\/wp-content\\\/uploads\\\/2025\\\/06\\\/Miroir-artisanal-avec-bordure-irreguliere-decorative-coloris-argent-et-blanc-Bold-par-BMB-Italy-2.jpg\",\"datePublished\":\"2025-06-21T14:01:29+00:00\",\"dateModified\":\"2025-06-21T14:17:50+00:00\",\"description\":\"Miroir Bold par BMB Italy \u2013 Cadre dor\u00e9\\\/blanc ou argent\\\/blanc, formats vari\u00e9s, design structur\u00e9 et contemporain. \u00c0 d\u00e9couvrir sur homeproject.fr.\",\"breadcrumb\":{\"@id\":\"https:\\\/\\\/homeproject.fr\\\/fr\\\/produit\\\/miroir-mural-bold-par-bmb-italy-contraste-graphique-et-finition-precieuse\\\/#breadcrumb\"},\"inLanguage\":\"fr-FR\",\"potentialAction\":[{\"@type\":\"ReadAction\",\"target\":[\"https:\\\/\\\/homeproject.fr\\\/fr\\\/produit\\\/miroir-mural-bold-par-bmb-italy-contraste-graphique-et-finition-precieuse\\\/\"]}]},{\"@type\":\"ImageObject\",\"inLanguage\":\"fr-FR\",\"@id\":\"https:\\\/\\\/homeproject.fr\\\/fr\\\/produit\\\/miroir-mural-bold-par-bmb-italy-contraste-graphique-et-finition-precieuse\\\/#primaryimage\",\"url\":\"https:\\\/\\\/homeproject.fr\\\/fr\\\/wp-content\\\/uploads\\\/2025\\\/06\\\/Miroir-artisanal-avec-bordure-irreguliere-decorative-coloris-argent-et-blanc-Bold-par-BMB-Italy-2.jpg\",\"contentUrl\":\"https:\\\/\\\/homeproject.fr\\\/fr\\\/wp-content\\\/uploads\\\/2025\\\/06\\\/Miroir-artisanal-avec-bordure-irreguliere-decorative-coloris-argent-et-blanc-Bold-par-BMB-Italy-2.jpg\",\"width\":1500,\"height\":1500},{\"@type\":\"BreadcrumbList\",\"@id\":\"https:\\\/\\\/homeproject.fr\\\/fr\\\/produit\\\/miroir-mural-bold-par-bmb-italy-contraste-graphique-et-finition-precieuse\\\/#breadcrumb\",\"itemListElement\":[{\"@type\":\"ListItem\",\"position\":1,\"name\":\"Accueil\",\"item\":\"https:\\\/\\\/homeproject.fr\\\/fr\\\/\"},{\"@type\":\"ListItem\",\"position\":2,\"name\":\"Boutique\",\"item\":\"https:\\\/\\\/homeproject.fr\\\/fr\\\/boutique\\\/\"},{\"@type\":\"ListItem\",\"position\":3,\"name\":\"Miroir mural Bold par BMB Italy \u2013 Contraste graphique et finition pr\u00e9cieuse\"}]},{\"@type\":\"WebSite\",\"@id\":\"https:\\\/\\\/homeproject.fr\\\/fr\\\/#website\",\"url\":\"https:\\\/\\\/homeproject.fr\\\/fr\\\/\",\"name\":\"Homeproject.fr\",\"description\":\"Offrez l&#039;exceptionnel \u00e0 vos espaces \u00e0 vivre\",\"publisher\":{\"@id\":\"https:\\\/\\\/homeproject.fr\\\/fr\\\/#organization\"},\"potentialAction\":[{\"@type\":\"SearchAction\",\"target\":{\"@type\":\"EntryPoint\",\"urlTemplate\":\"https:\\\/\\\/homeproject.fr\\\/fr\\\/?s={search_term_string}\"},\"query-input\":{\"@type\":\"PropertyValueSpecification\",\"valueRequired\":true,\"valueName\":\"search_term_string\"}}],\"inLanguage\":\"fr-FR\"},{\"@type\":\"Organization\",\"@id\":\"https:\\\/\\\/homeproject.fr\\\/fr\\\/#organization\",\"name\":\"Homeproject.fr\",\"url\":\"https:\\\/\\\/homeproject.fr\\\/fr\\\/\",\"logo\":{\"@type\":\"ImageObject\",\"inLanguage\":\"fr-FR\",\"@id\":\"https:\\\/\\\/homeproject.fr\\\/fr\\\/#\\\/schema\\\/logo\\\/image\\\/\",\"url\":\"https:\\\/\\\/homeproject.fr\\\/fr\\\/wp-content\\\/uploads\\\/2024\\\/12\\\/Logo_HomeProject-noir-2.png\",\"contentUrl\":\"https:\\\/\\\/homeproject.fr\\\/fr\\\/wp-content\\\/uploads\\\/2024\\\/12\\\/Logo_HomeProject-noir-2.png\",\"width\":300,\"height\":91,\"caption\":\"Homeproject.fr\"},\"image\":{\"@id\":\"https:\\\/\\\/homeproject.fr\\\/fr\\\/#\\\/schema\\\/logo\\\/image\\\/\"}}]}<\/script>\n<!-- \/ Yoast SEO plugin. -->","yoast_head_json":{"title":"Miroir mural Bold par BMB Italy \u2013 Contraste graphique et finition pr\u00e9cieuse - Homeproject.fr","description":"Miroir Bold par BMB Italy \u2013 Cadre dor\u00e9\/blanc ou argent\/blanc, formats vari\u00e9s, design structur\u00e9 et contemporain. \u00c0 d\u00e9couvrir sur homeproject.fr.","robots":{"index":"index","follow":"follow","max-snippet":"max-snippet:-1","max-image-preview":"max-image-preview:large","max-video-preview":"max-video-preview:-1"},"canonical":"https:\/\/homeproject.fr\/fr\/produit\/miroir-mural-bold-par-bmb-italy-contraste-graphique-et-finition-precieuse\/","og_locale":"fr_FR","og_type":"article","og_title":"Miroir mural Bold par BMB Italy \u2013 Contraste graphique et finition pr\u00e9cieuse - Homeproject.fr","og_description":"Miroir Bold par BMB Italy \u2013 Cadre dor\u00e9\/blanc ou argent\/blanc, formats vari\u00e9s, design structur\u00e9 et contemporain. \u00c0 d\u00e9couvrir sur homeproject.fr.","og_url":"https:\/\/homeproject.fr\/fr\/produit\/miroir-mural-bold-par-bmb-italy-contraste-graphique-et-finition-precieuse\/","og_site_name":"Homeproject.fr","article_modified_time":"2025-06-21T14:17:50+00:00","og_image":[{"width":1500,"height":1500,"url":"https:\/\/homeproject.fr\/fr\/wp-content\/uploads\/2025\/06\/Miroir-artisanal-avec-bordure-irreguliere-decorative-coloris-argent-et-blanc-Bold-par-BMB-Italy-2.jpg","type":"image\/jpeg"}],"twitter_card":"summary_large_image","twitter_misc":{"Dur\u00e9e de lecture estim\u00e9e":"1 minute"},"schema":{"@context":"https:\/\/schema.org","@graph":[{"@type":"WebPage","@id":"https:\/\/homeproject.fr\/fr\/produit\/miroir-mural-bold-par-bmb-italy-contraste-graphique-et-finition-precieuse\/","url":"https:\/\/homeproject.fr\/fr\/produit\/miroir-mural-bold-par-bmb-italy-contraste-graphique-et-finition-precieuse\/","name":"Miroir mural Bold par BMB Italy \u2013 Contraste graphique et finition pr\u00e9cieuse - Homeproject.fr","isPartOf":{"@id":"https:\/\/homeproject.fr\/fr\/#website"},"primaryImageOfPage":{"@id":"https:\/\/homeproject.fr\/fr\/produit\/miroir-mural-bold-par-bmb-italy-contraste-graphique-et-finition-precieuse\/#primaryimage"},"image":{"@id":"https:\/\/homeproject.fr\/fr\/produit\/miroir-mural-bold-par-bmb-italy-contraste-graphique-et-finition-precieuse\/#primaryimage"},"thumbnailUrl":"https:\/\/homeproject.fr\/fr\/wp-content\/uploads\/2025\/06\/Miroir-artisanal-avec-bordure-irreguliere-decorative-coloris-argent-et-blanc-Bold-par-BMB-Italy-2.jpg","datePublished":"2025-06-21T14:01:29+00:00","dateModified":"2025-06-21T14:17:50+00:00","description":"Miroir Bold par BMB Italy \u2013 Cadre dor\u00e9\/blanc ou argent\/blanc, formats vari\u00e9s, design structur\u00e9 et contemporain. \u00c0 d\u00e9couvrir sur homeproject.fr.","breadcrumb":{"@id":"https:\/\/homeproject.fr\/fr\/produit\/miroir-mural-bold-par-bmb-italy-contraste-graphique-et-finition-precieuse\/#breadcrumb"},"inLanguage":"fr-FR","potentialAction":[{"@type":"ReadAction","target":["https:\/\/homeproject.fr\/fr\/produit\/miroir-mural-bold-par-bmb-italy-contraste-graphique-et-finition-precieuse\/"]}]},{"@type":"ImageObject","inLanguage":"fr-FR","@id":"https:\/\/homeproject.fr\/fr\/produit\/miroir-mural-bold-par-bmb-italy-contraste-graphique-et-finition-precieuse\/#primaryimage","url":"https:\/\/homeproject.fr\/fr\/wp-content\/uploads\/2025\/06\/Miroir-artisanal-avec-bordure-irreguliere-decorative-coloris-argent-et-blanc-Bold-par-BMB-Italy-2.jpg","contentUrl":"https:\/\/homeproject.fr\/fr\/wp-content\/uploads\/2025\/06\/Miroir-artisanal-avec-bordure-irreguliere-decorative-coloris-argent-et-blanc-Bold-par-BMB-Italy-2.jpg","width":1500,"height":1500},{"@type":"BreadcrumbList","@id":"https:\/\/homeproject.fr\/fr\/produit\/miroir-mural-bold-par-bmb-italy-contraste-graphique-et-finition-precieuse\/#breadcrumb","itemListElement":[{"@type":"ListItem","position":1,"name":"Accueil","item":"https:\/\/homeproject.fr\/fr\/"},{"@type":"ListItem","position":2,"name":"Boutique","item":"https:\/\/homeproject.fr\/fr\/boutique\/"},{"@type":"ListItem","position":3,"name":"Miroir mural Bold par BMB Italy \u2013 Contraste graphique et finition pr\u00e9cieuse"}]},{"@type":"WebSite","@id":"https:\/\/homeproject.fr\/fr\/#website","url":"https:\/\/homeproject.fr\/fr\/","name":"Homeproject.fr","description":"Offrez l&#039;exceptionnel \u00e0 vos espaces \u00e0 vivre","publisher":{"@id":"https:\/\/homeproject.fr\/fr\/#organization"},"potentialAction":[{"@type":"SearchAction","target":{"@type":"EntryPoint","urlTemplate":"https:\/\/homeproject.fr\/fr\/?s={search_term_string}"},"query-input":{"@type":"PropertyValueSpecification","valueRequired":true,"valueName":"search_term_string"}}],"inLanguage":"fr-FR"},{"@type":"Organization","@id":"https:\/\/homeproject.fr\/fr\/#organization","name":"Homeproject.fr","url":"https:\/\/homeproject.fr\/fr\/","logo":{"@type":"ImageObject","inLanguage":"fr-FR","@id":"https:\/\/homeproject.fr\/fr\/#\/schema\/logo\/image\/","url":"https:\/\/homeproject.fr\/fr\/wp-content\/uploads\/2024\/12\/Logo_HomeProject-noir-2.png","contentUrl":"https:\/\/homeproject.fr\/fr\/wp-content\/uploads\/2024\/12\/Logo_HomeProject-noir-2.png","width":300,"height":91,"caption":"Homeproject.fr"},"image":{"@id":"https:\/\/homeproject.fr\/fr\/#\/schema\/logo\/image\/"}}]}},"_links":{"self":[{"href":"https:\/\/homeproject.fr\/fr\/wp-json\/wp\/v2\/product\/14857","targetHints":{"allow":["GET"]}}],"collection":[{"href":"https:\/\/homeproject.fr\/fr\/wp-json\/wp\/v2\/product"}],"about":[{"href":"https:\/\/homeproject.fr\/fr\/wp-json\/wp\/v2\/types\/product"}],"version-history":[{"count":1,"href":"https:\/\/homeproject.fr\/fr\/wp-json\/wp\/v2\/product\/14857\/revisions"}],"predecessor-version":[{"id":14893,"href":"https:\/\/homeproject.fr\/fr\/wp-json\/wp\/v2\/product\/14857\/revisions\/14893"}],"wp:featuredmedia":[{"embeddable":true,"href":"https:\/\/homeproject.fr\/fr\/wp-json\/wp\/v2\/media\/14858"}],"wp:attachment":[{"href":"https:\/\/homeproject.fr\/fr\/wp-json\/wp\/v2\/media?parent=14857"}],"wp:term":[{"taxonomy":"product_brand","embeddable":true,"href":"https:\/\/homeproject.fr\/fr\/wp-json\/wp\/v2\/product_brand?post=14857"},{"taxonomy":"product_cat","embeddable":true,"href":"https:\/\/homeproject.fr\/fr\/wp-json\/wp\/v2\/product_cat?post=14857"},{"taxonomy":"product_tag","embeddable":true,"href":"https:\/\/homeproject.fr\/fr\/wp-json\/wp\/v2\/product_tag?post=14857"}],"curies":[{"name":"wp","href":"https:\/\/api.w.org\/{rel}","templated":true}]}}