{"id":14819,"date":"2025-06-21T13:40:43","date_gmt":"2025-06-21T13:40:43","guid":{"rendered":"https:\/\/homeproject.fr\/fr\/?post_type=product&#038;p=14819"},"modified":"2025-06-21T13:57:19","modified_gmt":"2025-06-21T13:57:19","slug":"miroir-mural-amedeo-modernite-epuree-et-formats-varies","status":"publish","type":"product","link":"https:\/\/homeproject.fr\/fr\/produit\/miroir-mural-amedeo-modernite-epuree-et-formats-varies\/","title":{"rendered":"Miroir mural Amedeo par BMB Italy \u2013 Modernit\u00e9 \u00e9pur\u00e9e et formats vari\u00e9s"},"content":{"rendered":"<div class=\"flex-1 overflow-hidden @container\/thread\">\n<div class=\"h-full\">\n<div class=\"react-scroll-to-bottom--css-avwfw-79elbk h-full\">\n<div class=\"react-scroll-to-bottom--css-avwfw-1n7m0yu\">\n<div class=\"flex flex-col text-sm md:pb-9\">\n<article class=\"w-full scroll-mb-[var(--thread-trailing-height,150px)] text-token-text-primary focus-visible:outline-2 focus-visible:outline-offset-[-4px]\" dir=\"auto\" data-testid=\"conversation-turn-13\" data-scroll-anchor=\"true\">\n<div class=\"m-auto text-base py-[18px] px-3 md:px-4 w-full md:px-5 lg:px-4 xl:px-5\">\n<div class=\"mx-auto flex flex-1 gap-4 text-base md:gap-5 lg:gap-6 md:max-w-3xl lg:max-w-[40rem] xl:max-w-[48rem]\">\n<div class=\"group\/conversation-turn relative flex w-full min-w-0 flex-col agent-turn\">\n<div class=\"flex-col gap-1 md:gap-3\">\n<div class=\"flex max-w-full flex-col flex-grow\">\n<div class=\"min-h-8 text-message flex w-full flex-col items-end gap-2 whitespace-normal break-words text-start [.text-message+&amp;]:mt-5\" dir=\"auto\" data-message-author-role=\"assistant\" data-message-id=\"dc5cab26-9697-46d2-b6fe-c8745ded277b\" data-message-model-slug=\"gpt-4o\">\n<div class=\"flex w-full flex-col gap-1 empty:hidden first:pt-[3px]\">\n<div class=\"markdown prose w-full break-words dark:prose-invert light\">\n<h3 data-start=\"856\" data-end=\"883\">Finitions disponibles :<\/h3>\n<ul data-start=\"884\" data-end=\"983\">\n<li data-start=\"884\" data-end=\"939\">\n<p data-start=\"886\" data-end=\"939\"><strong data-start=\"886\" data-end=\"907\">Aluminium anodis\u00e9<\/strong> (argent satin\u00e9)<\/p>\n<\/li>\n<li data-start=\"940\" data-end=\"983\">\n<p data-start=\"942\" data-end=\"983\"><strong data-start=\"942\" data-end=\"964\">Aluminium noir mat<\/strong> (peinture poudr\u00e9e)<\/p>\n<\/li>\n<\/ul>\n<h3 data-start=\"985\" data-end=\"1011\">Dimensions propos\u00e9es :<\/h3>\n<ul data-start=\"1012\" data-end=\"1088\">\n<li data-start=\"1012\" data-end=\"1026\">\n<p data-start=\"1014\" data-end=\"1026\">60 x 60 cm<\/p>\n<\/li>\n<li data-start=\"1027\" data-end=\"1042\">\n<p data-start=\"1029\" data-end=\"1042\">40 x 150 cm<\/p>\n<\/li>\n<li data-start=\"1043\" data-end=\"1058\">\n<p data-start=\"1045\" data-end=\"1058\">35 x 200 cm<\/p>\n<\/li>\n<li data-start=\"1059\" data-end=\"1074\">\n<p data-start=\"1061\" data-end=\"1074\">60 x 220 cm<\/p>\n<\/li>\n<li data-start=\"1075\" data-end=\"1088\">\n<p data-start=\"1077\" data-end=\"1088\">70 x 120 cm<\/p>\n<\/li>\n<\/ul>\n<h3 data-start=\"1090\" data-end=\"1123\">Caract\u00e9ristiques techniques :<\/h3>\n<ul data-start=\"1124\" data-end=\"1483\">\n<li data-start=\"1124\" data-end=\"1150\">\n<p data-start=\"1126\" data-end=\"1150\"><strong data-start=\"1126\" data-end=\"1136\">Marque<\/strong> : BMB Italy<\/p>\n<\/li>\n<li data-start=\"1151\" data-end=\"1174\">\n<p data-start=\"1153\" data-end=\"1174\"><strong data-start=\"1153\" data-end=\"1163\">Mod\u00e8le<\/strong> : Amedeo<\/p>\n<\/li>\n<li data-start=\"1175\" data-end=\"1216\">\n<p data-start=\"1177\" data-end=\"1216\"><strong data-start=\"1177\" data-end=\"1186\">Style<\/strong> : Minimaliste, contemporain<\/p>\n<\/li>\n<li data-start=\"1217\" data-end=\"1270\">\n<p data-start=\"1219\" data-end=\"1270\"><strong data-start=\"1219\" data-end=\"1228\">Cadre<\/strong> : Aluminium fin (anodis\u00e9 ou peint noir)<\/p>\n<\/li>\n<li data-start=\"1271\" data-end=\"1316\">\n<p data-start=\"1273\" data-end=\"1316\"><strong data-start=\"1273\" data-end=\"1282\">Verre<\/strong> : Miroir clair de haute qualit\u00e9<\/p>\n<\/li>\n<li data-start=\"1317\" data-end=\"1377\">\n<p data-start=\"1319\" data-end=\"1377\"><strong data-start=\"1319\" data-end=\"1334\">Utilisation<\/strong> : Int\u00e9rieur \u2013 mural (fixations incluses)<\/p>\n<\/li>\n<li data-start=\"1378\" data-end=\"1438\">\n<p data-start=\"1380\" data-end=\"1438\"><strong data-start=\"1380\" data-end=\"1396\">Installation<\/strong> : Verticale ou horizontale selon mod\u00e8le<\/p>\n<\/li>\n<li data-start=\"1439\" data-end=\"1483\">\n<p data-start=\"1441\" data-end=\"1483\"><strong data-start=\"1441\" data-end=\"1454\">Entretien<\/strong> : Chiffon doux, sans abrasif<\/p>\n<\/li>\n<\/ul>\n<h3 data-start=\"1485\" data-end=\"1503\">Points forts :<\/h3>\n<ul data-start=\"1504\" data-end=\"1718\">\n<li data-start=\"1504\" data-end=\"1559\">\n<p data-start=\"1506\" data-end=\"1559\"><strong data-start=\"1506\" data-end=\"1522\">Design \u00e9pur\u00e9<\/strong> id\u00e9al pour les int\u00e9rieurs modernes<\/p>\n<\/li>\n<li data-start=\"1560\" data-end=\"1626\">\n<p data-start=\"1562\" data-end=\"1626\"><strong data-start=\"1562\" data-end=\"1583\">Formats pratiques<\/strong> et \u00e9l\u00e9gants, adapt\u00e9s \u00e0 toutes les pi\u00e8ces<\/p>\n<\/li>\n<li data-start=\"1627\" data-end=\"1673\">\n<p data-start=\"1629\" data-end=\"1673\"><strong data-start=\"1629\" data-end=\"1654\">Finitions r\u00e9sistantes<\/strong> et haut de gamme<\/p>\n<\/li>\n<li data-start=\"1674\" data-end=\"1718\">\n<p data-start=\"1676\" data-end=\"1718\"><strong data-start=\"1676\" data-end=\"1701\">Fabrication italienne<\/strong> au style affirm\u00e9<\/p>\n<\/li>\n<\/ul>\n<h3 data-start=\"950\" data-end=\"972\"><strong style=\"font-family: inherit; font-size: 30px;\">Vous avez des questions ?<\/strong><\/h3>\n<\/div>\n<\/div>\n<\/div>\n<\/div>\n<\/div>\n<\/div>\n<\/div>\n<\/div>\n<\/article>\n<\/div>\n<\/div>\n<\/div>\n<\/div>\n<\/div>\n<style id=\"wpforms-css-vars-3675\">\n\t\t\t\t#wpforms-3675 {\n\t\t\t\t\n\t\t\t}\n\t\t\t<\/style><div class=\"wpforms-container wpforms-container-full wpforms-render-modern\" id=\"wpforms-3675\"><form id=\"wpforms-form-3675\" class=\"wpforms-validate wpforms-form wpforms-ajax-form\" data-formid=\"3675\" method=\"post\" enctype=\"multipart\/form-data\" action=\"\/fr\/wp-json\/wp\/v2\/product\/14819\" data-token=\"61a757da810f90bb9b7a9e476d087382\" data-token-time=\"1776519113\"><noscript class=\"wpforms-error-noscript\">Veuillez activer JavaScript dans votre navigateur pour remplir ce formulaire.<\/noscript><div id=\"wpforms-error-noscript\" style=\"display: none;\">Veuillez activer JavaScript dans votre navigateur pour remplir ce formulaire.<\/div><div class=\"wpforms-field-container\"><div id=\"wpforms-3675-field_3-container\" class=\"wpforms-field wpforms-field-name\" data-field-id=\"3\"><fieldset><legend class=\"wpforms-field-label\">Nom <span class=\"wpforms-required-label\" aria-hidden=\"true\">*<\/span><\/legend><div class=\"wpforms-field-row wpforms-field-medium\"><div class=\"wpforms-field-row-block wpforms-first wpforms-one-half\"><input type=\"text\" id=\"wpforms-3675-field_3\" class=\"wpforms-field-name-first wpforms-field-required\" name=\"wpforms[fields][3][first]\" aria-errormessage=\"wpforms-3675-field_3-error\" required><label for=\"wpforms-3675-field_3\" class=\"wpforms-field-sublabel after\">Pr\u00e9nom<\/label><\/div><div class=\"wpforms-field-row-block wpforms-one-half\"><input type=\"text\" id=\"wpforms-3675-field_3-last\" class=\"wpforms-field-name-last wpforms-field-required\" name=\"wpforms[fields][3][last]\" aria-errormessage=\"wpforms-3675-field_3-last-error\" required><label for=\"wpforms-3675-field_3-last\" class=\"wpforms-field-sublabel after\">Nom<\/label><\/div><\/div><\/fieldset><\/div>\t\t<div id=\"wpforms-3675-field_1-container\"\n\t\t\tclass=\"wpforms-field wpforms-field-text\"\n\t\t\tdata-field-type=\"text\"\n\t\t\tdata-field-id=\"1\"\n\t\t\t>\n\t\t\t<label class=\"wpforms-field-label\" for=\"wpforms-3675-field_1\" >E-mail Nom Message<\/label>\n\t\t\t<input type=\"text\" id=\"wpforms-3675-field_1\" class=\"wpforms-field-medium\" name=\"wpforms[fields][1]\" >\n\t\t<\/div>\n\t\t<div id=\"wpforms-3675-field_4-container\" class=\"wpforms-field wpforms-field-email\" data-field-id=\"4\"><label class=\"wpforms-field-label\" for=\"wpforms-3675-field_4\">E-mail <span class=\"wpforms-required-label\" aria-hidden=\"true\">*<\/span><\/label><input type=\"email\" id=\"wpforms-3675-field_4\" class=\"wpforms-field-medium wpforms-field-required\" name=\"wpforms[fields][4]\" spellcheck=\"false\" aria-errormessage=\"wpforms-3675-field_4-error\" required><\/div><div id=\"wpforms-3675-field_5-container\" class=\"wpforms-field wpforms-field-textarea\" data-field-id=\"5\"><label class=\"wpforms-field-label\" for=\"wpforms-3675-field_5\">Message <span class=\"wpforms-required-label\" aria-hidden=\"true\">*<\/span><\/label><textarea id=\"wpforms-3675-field_5\" class=\"wpforms-field-medium wpforms-field-required\" name=\"wpforms[fields][5]\" aria-errormessage=\"wpforms-3675-field_5-error\" required><\/textarea><\/div><script>\n\t\t\t\t( function() {\n\t\t\t\t\tconst style = document.createElement( 'style' );\n\t\t\t\t\tstyle.appendChild( document.createTextNode( '#wpforms-3675-field_1-container { position: absolute !important; overflow: hidden !important; display: inline !important; height: 1px !important; width: 1px !important; z-index: -1000 !important; padding: 0 !important; } #wpforms-3675-field_1-container input { visibility: hidden; } #wpforms-conversational-form-page #wpforms-3675-field_1-container label { counter-increment: none; }' ) );\n\t\t\t\t\tdocument.head.appendChild( style );\n\t\t\t\t\tdocument.currentScript?.remove();\n\t\t\t\t} )();\n\t\t\t<\/script><\/div><!-- .wpforms-field-container --><div class=\"wpforms-submit-container\" ><input type=\"hidden\" name=\"wpforms[id]\" value=\"3675\"><input type=\"hidden\" name=\"page_title\" value=\"\"><input type=\"hidden\" name=\"page_url\" value=\"https:\/\/homeproject.fr\/fr\/wp-json\/wp\/v2\/product\/14819\"><input type=\"hidden\" name=\"url_referer\" value=\"\"><button type=\"submit\" name=\"wpforms[submit]\" id=\"wpforms-submit-3675\" class=\"wpforms-submit\" data-alt-text=\"Envoi...\" data-submit-text=\"Envoyer\" aria-live=\"assertive\" value=\"wpforms-submit\">Envoyer<\/button><img decoding=\"async\" src=\"https:\/\/homeproject.fr\/fr\/wp-content\/plugins\/wpforms-lite\/assets\/images\/submit-spin.svg\" class=\"wpforms-submit-spinner\" style=\"display: none;\" width=\"26\" height=\"26\" alt=\"Chargement en cours\"><\/div><\/form><\/div>  <!-- .wpforms-container -->\n","protected":false},"excerpt":{"rendered":"<p data-start=\"209\" data-end=\"509\">Le miroir <strong data-start=\"219\" data-end=\"229\">Amedeo<\/strong> de <strong data-start=\"233\" data-end=\"246\">BMB Italy<\/strong> est un condens\u00e9 d\u2019\u00e9l\u00e9gance sobre et de lignes pures. Avec son <strong data-start=\"309\" data-end=\"359\">cadre en aluminium anodis\u00e9 naturel ou noir mat<\/strong>, il propose une <strong data-start=\"376\" data-end=\"414\">esth\u00e9tique minimaliste et raffin\u00e9e<\/strong>, id\u00e9ale pour les int\u00e9rieurs contemporains, les ambiances design ou les espaces professionnels.<\/p>\n<p data-start=\"511\" data-end=\"854\">D\u00e9clin\u00e9 dans plusieurs <strong data-start=\"534\" data-end=\"570\">formats rectangulaires et carr\u00e9s<\/strong>, Amedeo s\u2019adapte \u00e0 tous les usages : en miroir de salle de bain ou de couloir, dans une entr\u00e9e, une chambre ou un dressing, pos\u00e9 \u00e0 la verticale ou \u00e0 l\u2019horizontale. Sa finesse visuelle, combin\u00e9e \u00e0 la robustesse de l\u2019aluminium, en fait un <strong data-start=\"808\" data-end=\"843\">miroir fonctionnel et d\u00e9coratif<\/strong> \u00e0 la fois.<\/p>\n","protected":false},"featured_media":14820,"template":"","meta":{"_uf_show_specific_survey":0,"_uf_disable_surveys":false,"iawp_total_views":2},"product_brand":[555],"product_cat":[543],"product_tag":[],"class_list":{"0":"post-14819","1":"product","2":"type-product","3":"status-publish","4":"has-post-thumbnail","6":"product_brand-bmb-italy","7":"product_cat-miroirs","8":"product_shipping_class-mobilier-par-transporteur-de-meuble","9":"pa_collection-amedeo-par-bmb-italy","10":"pa_marque-bmb-italy","11":"pa_materiau-aluminium","12":"pa_materiau-miroir","14":"first","15":"instock","16":"taxable","17":"shipping-taxable","18":"purchasable","19":"product-type-variable"},"yoast_head":"<!-- This site is optimized with the Yoast SEO plugin v27.4 - https:\/\/yoast.com\/product\/yoast-seo-wordpress\/ -->\n<title>Miroir mural Amedeo par BMB Italy \u2013 Modernit\u00e9 \u00e9pur\u00e9e et formats vari\u00e9s - Homeproject.fr<\/title>\n<meta name=\"description\" content=\"Miroir mural Amedeo par BMB Italy \u2013 Cadre en aluminium noir ou anodis\u00e9, design minimaliste, plusieurs formats. \u00c9l\u00e9gance sobre et contemporaine\" \/>\n<meta name=\"robots\" content=\"index, follow, max-snippet:-1, max-image-preview:large, max-video-preview:-1\" \/>\n<link rel=\"canonical\" href=\"https:\/\/homeproject.fr\/fr\/produit\/miroir-mural-amedeo-modernite-epuree-et-formats-varies\/\" \/>\n<meta property=\"og:locale\" content=\"fr_FR\" \/>\n<meta property=\"og:type\" content=\"article\" \/>\n<meta property=\"og:title\" content=\"Miroir mural Amedeo par BMB Italy \u2013 Modernit\u00e9 \u00e9pur\u00e9e et formats vari\u00e9s - Homeproject.fr\" \/>\n<meta property=\"og:description\" content=\"Miroir mural Amedeo par BMB Italy \u2013 Cadre en aluminium noir ou anodis\u00e9, design minimaliste, plusieurs formats. \u00c9l\u00e9gance sobre et contemporaine\" \/>\n<meta property=\"og:url\" content=\"https:\/\/homeproject.fr\/fr\/produit\/miroir-mural-amedeo-modernite-epuree-et-formats-varies\/\" \/>\n<meta property=\"og:site_name\" content=\"Homeproject.fr\" \/>\n<meta property=\"article:modified_time\" content=\"2025-06-21T13:57:19+00:00\" \/>\n<meta property=\"og:image\" content=\"https:\/\/homeproject.fr\/fr\/wp-content\/uploads\/2025\/06\/Miroir-avec-cadre-aluminium-anodise-ou-noir-mat-Amedeo-par-Bmb-Italy-2.jpg\" \/>\n\t<meta property=\"og:image:width\" content=\"1500\" \/>\n\t<meta property=\"og:image:height\" content=\"1500\" \/>\n\t<meta property=\"og:image:type\" content=\"image\/jpeg\" \/>\n<meta name=\"twitter:card\" content=\"summary_large_image\" \/>\n<meta name=\"twitter:label1\" content=\"Dur\u00e9e de lecture estim\u00e9e\" \/>\n\t<meta name=\"twitter:data1\" content=\"1 minute\" \/>\n<script type=\"application\/ld+json\" class=\"yoast-schema-graph\">{\"@context\":\"https:\\\/\\\/schema.org\",\"@graph\":[{\"@type\":\"WebPage\",\"@id\":\"https:\\\/\\\/homeproject.fr\\\/fr\\\/produit\\\/miroir-mural-amedeo-modernite-epuree-et-formats-varies\\\/\",\"url\":\"https:\\\/\\\/homeproject.fr\\\/fr\\\/produit\\\/miroir-mural-amedeo-modernite-epuree-et-formats-varies\\\/\",\"name\":\"Miroir mural Amedeo par BMB Italy \u2013 Modernit\u00e9 \u00e9pur\u00e9e et formats vari\u00e9s - Homeproject.fr\",\"isPartOf\":{\"@id\":\"https:\\\/\\\/homeproject.fr\\\/fr\\\/#website\"},\"primaryImageOfPage\":{\"@id\":\"https:\\\/\\\/homeproject.fr\\\/fr\\\/produit\\\/miroir-mural-amedeo-modernite-epuree-et-formats-varies\\\/#primaryimage\"},\"image\":{\"@id\":\"https:\\\/\\\/homeproject.fr\\\/fr\\\/produit\\\/miroir-mural-amedeo-modernite-epuree-et-formats-varies\\\/#primaryimage\"},\"thumbnailUrl\":\"https:\\\/\\\/homeproject.fr\\\/fr\\\/wp-content\\\/uploads\\\/2025\\\/06\\\/Miroir-avec-cadre-aluminium-anodise-ou-noir-mat-Amedeo-par-Bmb-Italy-2.jpg\",\"datePublished\":\"2025-06-21T13:40:43+00:00\",\"dateModified\":\"2025-06-21T13:57:19+00:00\",\"description\":\"Miroir mural Amedeo par BMB Italy \u2013 Cadre en aluminium noir ou anodis\u00e9, design minimaliste, plusieurs formats. \u00c9l\u00e9gance sobre et contemporaine\",\"breadcrumb\":{\"@id\":\"https:\\\/\\\/homeproject.fr\\\/fr\\\/produit\\\/miroir-mural-amedeo-modernite-epuree-et-formats-varies\\\/#breadcrumb\"},\"inLanguage\":\"fr-FR\",\"potentialAction\":[{\"@type\":\"ReadAction\",\"target\":[\"https:\\\/\\\/homeproject.fr\\\/fr\\\/produit\\\/miroir-mural-amedeo-modernite-epuree-et-formats-varies\\\/\"]}]},{\"@type\":\"ImageObject\",\"inLanguage\":\"fr-FR\",\"@id\":\"https:\\\/\\\/homeproject.fr\\\/fr\\\/produit\\\/miroir-mural-amedeo-modernite-epuree-et-formats-varies\\\/#primaryimage\",\"url\":\"https:\\\/\\\/homeproject.fr\\\/fr\\\/wp-content\\\/uploads\\\/2025\\\/06\\\/Miroir-avec-cadre-aluminium-anodise-ou-noir-mat-Amedeo-par-Bmb-Italy-2.jpg\",\"contentUrl\":\"https:\\\/\\\/homeproject.fr\\\/fr\\\/wp-content\\\/uploads\\\/2025\\\/06\\\/Miroir-avec-cadre-aluminium-anodise-ou-noir-mat-Amedeo-par-Bmb-Italy-2.jpg\",\"width\":1500,\"height\":1500},{\"@type\":\"BreadcrumbList\",\"@id\":\"https:\\\/\\\/homeproject.fr\\\/fr\\\/produit\\\/miroir-mural-amedeo-modernite-epuree-et-formats-varies\\\/#breadcrumb\",\"itemListElement\":[{\"@type\":\"ListItem\",\"position\":1,\"name\":\"Accueil\",\"item\":\"https:\\\/\\\/homeproject.fr\\\/fr\\\/\"},{\"@type\":\"ListItem\",\"position\":2,\"name\":\"Boutique\",\"item\":\"https:\\\/\\\/homeproject.fr\\\/fr\\\/boutique\\\/\"},{\"@type\":\"ListItem\",\"position\":3,\"name\":\"Miroir mural Amedeo par BMB Italy \u2013 Modernit\u00e9 \u00e9pur\u00e9e et formats vari\u00e9s\"}]},{\"@type\":\"WebSite\",\"@id\":\"https:\\\/\\\/homeproject.fr\\\/fr\\\/#website\",\"url\":\"https:\\\/\\\/homeproject.fr\\\/fr\\\/\",\"name\":\"Homeproject.fr\",\"description\":\"Offrez l&#039;exceptionnel \u00e0 vos espaces \u00e0 vivre\",\"publisher\":{\"@id\":\"https:\\\/\\\/homeproject.fr\\\/fr\\\/#organization\"},\"potentialAction\":[{\"@type\":\"SearchAction\",\"target\":{\"@type\":\"EntryPoint\",\"urlTemplate\":\"https:\\\/\\\/homeproject.fr\\\/fr\\\/?s={search_term_string}\"},\"query-input\":{\"@type\":\"PropertyValueSpecification\",\"valueRequired\":true,\"valueName\":\"search_term_string\"}}],\"inLanguage\":\"fr-FR\"},{\"@type\":\"Organization\",\"@id\":\"https:\\\/\\\/homeproject.fr\\\/fr\\\/#organization\",\"name\":\"Homeproject.fr\",\"url\":\"https:\\\/\\\/homeproject.fr\\\/fr\\\/\",\"logo\":{\"@type\":\"ImageObject\",\"inLanguage\":\"fr-FR\",\"@id\":\"https:\\\/\\\/homeproject.fr\\\/fr\\\/#\\\/schema\\\/logo\\\/image\\\/\",\"url\":\"https:\\\/\\\/homeproject.fr\\\/fr\\\/wp-content\\\/uploads\\\/2024\\\/12\\\/Logo_HomeProject-noir-2.png\",\"contentUrl\":\"https:\\\/\\\/homeproject.fr\\\/fr\\\/wp-content\\\/uploads\\\/2024\\\/12\\\/Logo_HomeProject-noir-2.png\",\"width\":300,\"height\":91,\"caption\":\"Homeproject.fr\"},\"image\":{\"@id\":\"https:\\\/\\\/homeproject.fr\\\/fr\\\/#\\\/schema\\\/logo\\\/image\\\/\"}}]}<\/script>\n<!-- \/ Yoast SEO plugin. -->","yoast_head_json":{"title":"Miroir mural Amedeo par BMB Italy \u2013 Modernit\u00e9 \u00e9pur\u00e9e et formats vari\u00e9s - Homeproject.fr","description":"Miroir mural Amedeo par BMB Italy \u2013 Cadre en aluminium noir ou anodis\u00e9, design minimaliste, plusieurs formats. \u00c9l\u00e9gance sobre et contemporaine","robots":{"index":"index","follow":"follow","max-snippet":"max-snippet:-1","max-image-preview":"max-image-preview:large","max-video-preview":"max-video-preview:-1"},"canonical":"https:\/\/homeproject.fr\/fr\/produit\/miroir-mural-amedeo-modernite-epuree-et-formats-varies\/","og_locale":"fr_FR","og_type":"article","og_title":"Miroir mural Amedeo par BMB Italy \u2013 Modernit\u00e9 \u00e9pur\u00e9e et formats vari\u00e9s - Homeproject.fr","og_description":"Miroir mural Amedeo par BMB Italy \u2013 Cadre en aluminium noir ou anodis\u00e9, design minimaliste, plusieurs formats. \u00c9l\u00e9gance sobre et contemporaine","og_url":"https:\/\/homeproject.fr\/fr\/produit\/miroir-mural-amedeo-modernite-epuree-et-formats-varies\/","og_site_name":"Homeproject.fr","article_modified_time":"2025-06-21T13:57:19+00:00","og_image":[{"width":1500,"height":1500,"url":"https:\/\/homeproject.fr\/fr\/wp-content\/uploads\/2025\/06\/Miroir-avec-cadre-aluminium-anodise-ou-noir-mat-Amedeo-par-Bmb-Italy-2.jpg","type":"image\/jpeg"}],"twitter_card":"summary_large_image","twitter_misc":{"Dur\u00e9e de lecture estim\u00e9e":"1 minute"},"schema":{"@context":"https:\/\/schema.org","@graph":[{"@type":"WebPage","@id":"https:\/\/homeproject.fr\/fr\/produit\/miroir-mural-amedeo-modernite-epuree-et-formats-varies\/","url":"https:\/\/homeproject.fr\/fr\/produit\/miroir-mural-amedeo-modernite-epuree-et-formats-varies\/","name":"Miroir mural Amedeo par BMB Italy \u2013 Modernit\u00e9 \u00e9pur\u00e9e et formats vari\u00e9s - Homeproject.fr","isPartOf":{"@id":"https:\/\/homeproject.fr\/fr\/#website"},"primaryImageOfPage":{"@id":"https:\/\/homeproject.fr\/fr\/produit\/miroir-mural-amedeo-modernite-epuree-et-formats-varies\/#primaryimage"},"image":{"@id":"https:\/\/homeproject.fr\/fr\/produit\/miroir-mural-amedeo-modernite-epuree-et-formats-varies\/#primaryimage"},"thumbnailUrl":"https:\/\/homeproject.fr\/fr\/wp-content\/uploads\/2025\/06\/Miroir-avec-cadre-aluminium-anodise-ou-noir-mat-Amedeo-par-Bmb-Italy-2.jpg","datePublished":"2025-06-21T13:40:43+00:00","dateModified":"2025-06-21T13:57:19+00:00","description":"Miroir mural Amedeo par BMB Italy \u2013 Cadre en aluminium noir ou anodis\u00e9, design minimaliste, plusieurs formats. \u00c9l\u00e9gance sobre et contemporaine","breadcrumb":{"@id":"https:\/\/homeproject.fr\/fr\/produit\/miroir-mural-amedeo-modernite-epuree-et-formats-varies\/#breadcrumb"},"inLanguage":"fr-FR","potentialAction":[{"@type":"ReadAction","target":["https:\/\/homeproject.fr\/fr\/produit\/miroir-mural-amedeo-modernite-epuree-et-formats-varies\/"]}]},{"@type":"ImageObject","inLanguage":"fr-FR","@id":"https:\/\/homeproject.fr\/fr\/produit\/miroir-mural-amedeo-modernite-epuree-et-formats-varies\/#primaryimage","url":"https:\/\/homeproject.fr\/fr\/wp-content\/uploads\/2025\/06\/Miroir-avec-cadre-aluminium-anodise-ou-noir-mat-Amedeo-par-Bmb-Italy-2.jpg","contentUrl":"https:\/\/homeproject.fr\/fr\/wp-content\/uploads\/2025\/06\/Miroir-avec-cadre-aluminium-anodise-ou-noir-mat-Amedeo-par-Bmb-Italy-2.jpg","width":1500,"height":1500},{"@type":"BreadcrumbList","@id":"https:\/\/homeproject.fr\/fr\/produit\/miroir-mural-amedeo-modernite-epuree-et-formats-varies\/#breadcrumb","itemListElement":[{"@type":"ListItem","position":1,"name":"Accueil","item":"https:\/\/homeproject.fr\/fr\/"},{"@type":"ListItem","position":2,"name":"Boutique","item":"https:\/\/homeproject.fr\/fr\/boutique\/"},{"@type":"ListItem","position":3,"name":"Miroir mural Amedeo par BMB Italy \u2013 Modernit\u00e9 \u00e9pur\u00e9e et formats vari\u00e9s"}]},{"@type":"WebSite","@id":"https:\/\/homeproject.fr\/fr\/#website","url":"https:\/\/homeproject.fr\/fr\/","name":"Homeproject.fr","description":"Offrez l&#039;exceptionnel \u00e0 vos espaces \u00e0 vivre","publisher":{"@id":"https:\/\/homeproject.fr\/fr\/#organization"},"potentialAction":[{"@type":"SearchAction","target":{"@type":"EntryPoint","urlTemplate":"https:\/\/homeproject.fr\/fr\/?s={search_term_string}"},"query-input":{"@type":"PropertyValueSpecification","valueRequired":true,"valueName":"search_term_string"}}],"inLanguage":"fr-FR"},{"@type":"Organization","@id":"https:\/\/homeproject.fr\/fr\/#organization","name":"Homeproject.fr","url":"https:\/\/homeproject.fr\/fr\/","logo":{"@type":"ImageObject","inLanguage":"fr-FR","@id":"https:\/\/homeproject.fr\/fr\/#\/schema\/logo\/image\/","url":"https:\/\/homeproject.fr\/fr\/wp-content\/uploads\/2024\/12\/Logo_HomeProject-noir-2.png","contentUrl":"https:\/\/homeproject.fr\/fr\/wp-content\/uploads\/2024\/12\/Logo_HomeProject-noir-2.png","width":300,"height":91,"caption":"Homeproject.fr"},"image":{"@id":"https:\/\/homeproject.fr\/fr\/#\/schema\/logo\/image\/"}}]}},"_links":{"self":[{"href":"https:\/\/homeproject.fr\/fr\/wp-json\/wp\/v2\/product\/14819","targetHints":{"allow":["GET"]}}],"collection":[{"href":"https:\/\/homeproject.fr\/fr\/wp-json\/wp\/v2\/product"}],"about":[{"href":"https:\/\/homeproject.fr\/fr\/wp-json\/wp\/v2\/types\/product"}],"version-history":[{"count":3,"href":"https:\/\/homeproject.fr\/fr\/wp-json\/wp\/v2\/product\/14819\/revisions"}],"predecessor-version":[{"id":14856,"href":"https:\/\/homeproject.fr\/fr\/wp-json\/wp\/v2\/product\/14819\/revisions\/14856"}],"wp:featuredmedia":[{"embeddable":true,"href":"https:\/\/homeproject.fr\/fr\/wp-json\/wp\/v2\/media\/14820"}],"wp:attachment":[{"href":"https:\/\/homeproject.fr\/fr\/wp-json\/wp\/v2\/media?parent=14819"}],"wp:term":[{"taxonomy":"product_brand","embeddable":true,"href":"https:\/\/homeproject.fr\/fr\/wp-json\/wp\/v2\/product_brand?post=14819"},{"taxonomy":"product_cat","embeddable":true,"href":"https:\/\/homeproject.fr\/fr\/wp-json\/wp\/v2\/product_cat?post=14819"},{"taxonomy":"product_tag","embeddable":true,"href":"https:\/\/homeproject.fr\/fr\/wp-json\/wp\/v2\/product_tag?post=14819"}],"curies":[{"name":"wp","href":"https:\/\/api.w.org\/{rel}","templated":true}]}}