{"id":14804,"date":"2025-06-21T13:26:04","date_gmt":"2025-06-21T13:26:04","guid":{"rendered":"https:\/\/homeproject.fr\/fr\/?post_type=product&#038;p=14804"},"modified":"2025-06-21T13:33:58","modified_gmt":"2025-06-21T13:33:58","slug":"miroir-mural-alma-par-bmb-italy-ligne-sculpturale-et-charme-contemporain","status":"publish","type":"product","link":"https:\/\/homeproject.fr\/fr\/produit\/miroir-mural-alma-par-bmb-italy-ligne-sculpturale-et-charme-contemporain\/","title":{"rendered":"Miroir mural Alma par BMB Italy \u2013 Ligne sculpturale et charme contemporain"},"content":{"rendered":"<div class=\"flex-1 overflow-hidden @container\/thread\">\n<div class=\"h-full\">\n<div class=\"react-scroll-to-bottom--css-avwfw-79elbk h-full\">\n<div class=\"react-scroll-to-bottom--css-avwfw-1n7m0yu\">\n<div class=\"flex flex-col text-sm md:pb-9\">\n<article class=\"w-full scroll-mb-[var(--thread-trailing-height,150px)] text-token-text-primary focus-visible:outline-2 focus-visible:outline-offset-[-4px]\" dir=\"auto\" data-testid=\"conversation-turn-13\" data-scroll-anchor=\"true\">\n<div class=\"m-auto text-base py-[18px] px-3 md:px-4 w-full md:px-5 lg:px-4 xl:px-5\">\n<div class=\"mx-auto flex flex-1 gap-4 text-base md:gap-5 lg:gap-6 md:max-w-3xl lg:max-w-[40rem] xl:max-w-[48rem]\">\n<div class=\"group\/conversation-turn relative flex w-full min-w-0 flex-col agent-turn\">\n<div class=\"flex-col gap-1 md:gap-3\">\n<div class=\"flex max-w-full flex-col flex-grow\">\n<div class=\"min-h-8 text-message flex w-full flex-col items-end gap-2 whitespace-normal break-words text-start [.text-message+&amp;]:mt-5\" dir=\"auto\" data-message-author-role=\"assistant\" data-message-id=\"dc5cab26-9697-46d2-b6fe-c8745ded277b\" data-message-model-slug=\"gpt-4o\">\n<div class=\"flex w-full flex-col gap-1 empty:hidden first:pt-[3px]\">\n<div class=\"markdown prose w-full break-words dark:prose-invert light\">\n<h3 data-start=\"950\" data-end=\"972\">Caract\u00e9ristiques :<\/h3>\n<ul data-start=\"973\" data-end=\"1331\">\n<li data-start=\"973\" data-end=\"999\">\n<p data-start=\"975\" data-end=\"999\"><strong data-start=\"975\" data-end=\"985\">Marque<\/strong> : BMB Italy<\/p>\n<\/li>\n<li data-start=\"1000\" data-end=\"1021\">\n<p data-start=\"1002\" data-end=\"1021\"><strong data-start=\"1002\" data-end=\"1012\">Mod\u00e8le<\/strong> : Alma<\/p>\n<\/li>\n<li data-start=\"1022\" data-end=\"1073\">\n<p data-start=\"1024\" data-end=\"1073\"><strong data-start=\"1024\" data-end=\"1036\">Finition<\/strong> : Cadre bomb\u00e9 finition miroir poli<\/p>\n<\/li>\n<li data-start=\"1074\" data-end=\"1095\">\n<p data-start=\"1076\" data-end=\"1095\"><strong data-start=\"1076\" data-end=\"1085\">Forme<\/strong> : Ovale<\/p>\n<\/li>\n<li data-start=\"1096\" data-end=\"1128\">\n<p data-start=\"1098\" data-end=\"1128\"><strong data-start=\"1098\" data-end=\"1112\">Dimensions<\/strong> : 60 x 100 cm<\/p>\n<\/li>\n<li data-start=\"1129\" data-end=\"1206\">\n<p data-start=\"1131\" data-end=\"1206\"><strong data-start=\"1131\" data-end=\"1147\">Installation<\/strong> : Position verticale ou horizontale (fixations incluses)<\/p>\n<\/li>\n<li data-start=\"1207\" data-end=\"1258\">\n<p data-start=\"1209\" data-end=\"1258\"><strong data-start=\"1209\" data-end=\"1218\">Style<\/strong> : Contemporain, organique, sculptural<\/p>\n<\/li>\n<li data-start=\"1259\" data-end=\"1331\">\n<p data-start=\"1261\" data-end=\"1331\"><strong data-start=\"1261\" data-end=\"1276\">Utilisation<\/strong> : Int\u00e9rieur (salon, entr\u00e9e, chambre, projets contract)<\/p>\n<\/li>\n<\/ul>\n<h3 data-start=\"1333\" data-end=\"1370\">Pourquoi choisir le miroir Alma ?<\/h3>\n<ul data-start=\"1371\" data-end=\"1629\">\n<li data-start=\"1371\" data-end=\"1433\">\n<p data-start=\"1373\" data-end=\"1433\"><strong data-start=\"1373\" data-end=\"1408\">Design unique \u00e0 corniche bomb\u00e9e<\/strong>, effet tridimensionnel<\/p>\n<\/li>\n<li data-start=\"1434\" data-end=\"1502\">\n<p data-start=\"1436\" data-end=\"1502\"><strong data-start=\"1436\" data-end=\"1458\">Fabriqu\u00e9 en Italie<\/strong> avec une attention artisanale aux d\u00e9tails<\/p>\n<\/li>\n<li data-start=\"1503\" data-end=\"1576\">\n<p data-start=\"1505\" data-end=\"1576\"><strong data-start=\"1505\" data-end=\"1526\">Format polyvalent<\/strong>, adaptable \u00e0 diff\u00e9rents espaces et orientations<\/p>\n<\/li>\n<li data-start=\"1577\" data-end=\"1629\">\n<p data-start=\"1579\" data-end=\"1629\"><strong data-start=\"1579\" data-end=\"1605\">\u00c9l\u00e9ment d\u00e9coratif fort<\/strong> pour sublimer votre mur<\/p>\n<\/li>\n<\/ul>\n<h3 data-start=\"864\" data-end=\"891\"><strong style=\"font-family: inherit; font-size: 30px;\">Vous avez des questions ?<\/strong><\/h3>\n<\/div>\n<\/div>\n<\/div>\n<\/div>\n<\/div>\n<\/div>\n<\/div>\n<\/div>\n<\/article>\n<\/div>\n<\/div>\n<\/div>\n<\/div>\n<\/div>\n<style id=\"wpforms-css-vars-3675\">\n\t\t\t\t#wpforms-3675 {\n\t\t\t\t\n\t\t\t}\n\t\t\t<\/style><div class=\"wpforms-container wpforms-container-full wpforms-render-modern\" id=\"wpforms-3675\"><form id=\"wpforms-form-3675\" class=\"wpforms-validate wpforms-form wpforms-ajax-form\" data-formid=\"3675\" method=\"post\" enctype=\"multipart\/form-data\" action=\"\/fr\/wp-json\/wp\/v2\/product\/14804\" data-token=\"61a757da810f90bb9b7a9e476d087382\" data-token-time=\"1776525408\"><noscript class=\"wpforms-error-noscript\">Veuillez activer JavaScript dans votre navigateur pour remplir ce formulaire.<\/noscript><div id=\"wpforms-error-noscript\" style=\"display: none;\">Veuillez activer JavaScript dans votre navigateur pour remplir ce formulaire.<\/div><div class=\"wpforms-field-container\"><div id=\"wpforms-3675-field_3-container\" class=\"wpforms-field wpforms-field-name\" data-field-id=\"3\"><fieldset><legend class=\"wpforms-field-label\">Nom <span class=\"wpforms-required-label\" aria-hidden=\"true\">*<\/span><\/legend><div class=\"wpforms-field-row wpforms-field-medium\"><div class=\"wpforms-field-row-block wpforms-first wpforms-one-half\"><input type=\"text\" id=\"wpforms-3675-field_3\" class=\"wpforms-field-name-first wpforms-field-required\" name=\"wpforms[fields][3][first]\" aria-errormessage=\"wpforms-3675-field_3-error\" required><label for=\"wpforms-3675-field_3\" class=\"wpforms-field-sublabel after\">Pr\u00e9nom<\/label><\/div><div class=\"wpforms-field-row-block wpforms-one-half\"><input type=\"text\" id=\"wpforms-3675-field_3-last\" class=\"wpforms-field-name-last wpforms-field-required\" name=\"wpforms[fields][3][last]\" aria-errormessage=\"wpforms-3675-field_3-last-error\" required><label for=\"wpforms-3675-field_3-last\" class=\"wpforms-field-sublabel after\">Nom<\/label><\/div><\/div><\/fieldset><\/div>\t\t<div id=\"wpforms-3675-field_1-container\"\n\t\t\tclass=\"wpforms-field wpforms-field-text\"\n\t\t\tdata-field-type=\"text\"\n\t\t\tdata-field-id=\"1\"\n\t\t\t>\n\t\t\t<label class=\"wpforms-field-label\" for=\"wpforms-3675-field_1\" >Message E-mail Nom<\/label>\n\t\t\t<input type=\"text\" id=\"wpforms-3675-field_1\" class=\"wpforms-field-medium\" name=\"wpforms[fields][1]\" >\n\t\t<\/div>\n\t\t<div id=\"wpforms-3675-field_4-container\" class=\"wpforms-field wpforms-field-email\" data-field-id=\"4\"><label class=\"wpforms-field-label\" for=\"wpforms-3675-field_4\">E-mail <span class=\"wpforms-required-label\" aria-hidden=\"true\">*<\/span><\/label><input type=\"email\" id=\"wpforms-3675-field_4\" class=\"wpforms-field-medium wpforms-field-required\" name=\"wpforms[fields][4]\" spellcheck=\"false\" aria-errormessage=\"wpforms-3675-field_4-error\" required><\/div><div id=\"wpforms-3675-field_5-container\" class=\"wpforms-field wpforms-field-textarea\" data-field-id=\"5\"><label class=\"wpforms-field-label\" for=\"wpforms-3675-field_5\">Message <span class=\"wpforms-required-label\" aria-hidden=\"true\">*<\/span><\/label><textarea id=\"wpforms-3675-field_5\" class=\"wpforms-field-medium wpforms-field-required\" name=\"wpforms[fields][5]\" aria-errormessage=\"wpforms-3675-field_5-error\" required><\/textarea><\/div><script>\n\t\t\t\t( function() {\n\t\t\t\t\tconst style = document.createElement( 'style' );\n\t\t\t\t\tstyle.appendChild( document.createTextNode( '#wpforms-3675-field_1-container { position: absolute !important; overflow: hidden !important; display: inline !important; height: 1px !important; width: 1px !important; z-index: -1000 !important; padding: 0 !important; } #wpforms-3675-field_1-container input { visibility: hidden; } #wpforms-conversational-form-page #wpforms-3675-field_1-container label { counter-increment: none; }' ) );\n\t\t\t\t\tdocument.head.appendChild( style );\n\t\t\t\t\tdocument.currentScript?.remove();\n\t\t\t\t} )();\n\t\t\t<\/script><\/div><!-- .wpforms-field-container --><div class=\"wpforms-submit-container\" ><input type=\"hidden\" name=\"wpforms[id]\" value=\"3675\"><input type=\"hidden\" name=\"page_title\" value=\"\"><input type=\"hidden\" name=\"page_url\" value=\"https:\/\/homeproject.fr\/fr\/wp-json\/wp\/v2\/product\/14804\"><input type=\"hidden\" name=\"url_referer\" value=\"\"><button type=\"submit\" name=\"wpforms[submit]\" id=\"wpforms-submit-3675\" class=\"wpforms-submit\" data-alt-text=\"Envoi...\" data-submit-text=\"Envoyer\" aria-live=\"assertive\" value=\"wpforms-submit\">Envoyer<\/button><img decoding=\"async\" src=\"https:\/\/homeproject.fr\/fr\/wp-content\/plugins\/wpforms-lite\/assets\/images\/submit-spin.svg\" class=\"wpforms-submit-spinner\" style=\"display: none;\" width=\"26\" height=\"26\" alt=\"Chargement en cours\"><\/div><\/form><\/div>  <!-- .wpforms-container -->\n","protected":false},"excerpt":{"rendered":"<p data-start=\"210\" data-end=\"618\">Le miroir <strong data-start=\"220\" data-end=\"228\">Alma<\/strong> de <strong data-start=\"232\" data-end=\"245\">BMB Italy<\/strong> s\u00e9duit au premier regard par sa <strong data-start=\"278\" data-end=\"302\">forme ovale \u00e9l\u00e9gante<\/strong> et sa <strong data-start=\"309\" data-end=\"349\">corniche bomb\u00e9e au design sculptural<\/strong>. V\u00e9ritable pi\u00e8ce d\u00e9corative \u00e0 part enti\u00e8re, Alma combine douceur des lignes et \u00e9clat m\u00e9tallique pour un rendu sophistiqu\u00e9 et intemporel. Sa finition miroir polie accentue la lumi\u00e8re et magnifie l\u2019espace, tout en apportant une touche artistique discr\u00e8te mais marquante.<\/p>\n<p data-start=\"620\" data-end=\"948\">Avec ses <strong data-start=\"629\" data-end=\"658\">dimensions de 60 x 100 cm<\/strong>, ce miroir ovale peut \u00eatre install\u00e9 <strong data-start=\"695\" data-end=\"732\">\u00e0 la verticale ou \u00e0 l\u2019horizontale<\/strong>, selon vos pr\u00e9f\u00e9rences et la configuration de votre int\u00e9rieur. Parfait dans un salon, un couloir ou une chambre, il s\u2019adapte aussi parfaitement \u00e0 des projets d\u2019am\u00e9nagement haut de gamme (h\u00f4tel, bureau, boutique&#8230;).<\/p>\n","protected":false},"featured_media":14815,"template":"","meta":{"_uf_show_specific_survey":0,"_uf_disable_surveys":false,"iawp_total_views":7},"product_brand":[555],"product_cat":[543],"product_tag":[],"class_list":{"0":"post-14804","1":"product","2":"type-product","3":"status-publish","4":"has-post-thumbnail","6":"product_brand-bmb-italy","7":"product_cat-miroirs","8":"product_shipping_class-mobilier-par-transporteur-de-meuble","9":"pa_collection-alf-par-bmb-italy","10":"pa_marque-bmb-italy","11":"pa_materiau-miroir","13":"first","14":"instock","15":"taxable","16":"shipping-taxable","17":"purchasable","18":"product-type-simple"},"yoast_head":"<!-- This site is optimized with the Yoast SEO plugin v27.4 - https:\/\/yoast.com\/product\/yoast-seo-wordpress\/ -->\n<title>Miroir mural Alma par BMB Italy \u2013 Ligne sculpturale et charme contemporain - Homeproject.fr<\/title>\n<meta name=\"description\" content=\"Miroir ovale Alma par BMB Italy \u2013 Corniche bomb\u00e9e effet sculptural, format 60x100 cm, vertical ou horizontal. Design contemporain.\" \/>\n<meta name=\"robots\" content=\"index, follow, max-snippet:-1, max-image-preview:large, max-video-preview:-1\" \/>\n<link rel=\"canonical\" href=\"https:\/\/homeproject.fr\/fr\/produit\/miroir-mural-alma-par-bmb-italy-ligne-sculpturale-et-charme-contemporain\/\" \/>\n<meta property=\"og:locale\" content=\"fr_FR\" \/>\n<meta property=\"og:type\" content=\"article\" \/>\n<meta property=\"og:title\" content=\"Miroir mural Alma par BMB Italy \u2013 Ligne sculpturale et charme contemporain - Homeproject.fr\" \/>\n<meta property=\"og:description\" content=\"Miroir ovale Alma par BMB Italy \u2013 Corniche bomb\u00e9e effet sculptural, format 60x100 cm, vertical ou horizontal. Design contemporain.\" \/>\n<meta property=\"og:url\" content=\"https:\/\/homeproject.fr\/fr\/produit\/miroir-mural-alma-par-bmb-italy-ligne-sculpturale-et-charme-contemporain\/\" \/>\n<meta property=\"og:site_name\" content=\"Homeproject.fr\" \/>\n<meta property=\"article:modified_time\" content=\"2025-06-21T13:33:58+00:00\" \/>\n<meta property=\"og:image\" content=\"https:\/\/homeproject.fr\/fr\/wp-content\/uploads\/2025\/06\/Miroir-ovale-mural-avec-corniche-bombee-horizontal-ou-vertical-Alma-par-Bmb-Italy.jpg\" \/>\n\t<meta property=\"og:image:width\" content=\"1500\" \/>\n\t<meta property=\"og:image:height\" content=\"1500\" \/>\n\t<meta property=\"og:image:type\" content=\"image\/jpeg\" \/>\n<meta name=\"twitter:card\" content=\"summary_large_image\" \/>\n<meta name=\"twitter:label1\" content=\"Dur\u00e9e de lecture estim\u00e9e\" \/>\n\t<meta name=\"twitter:data1\" content=\"1 minute\" \/>\n<script type=\"application\/ld+json\" class=\"yoast-schema-graph\">{\"@context\":\"https:\\\/\\\/schema.org\",\"@graph\":[{\"@type\":\"WebPage\",\"@id\":\"https:\\\/\\\/homeproject.fr\\\/fr\\\/produit\\\/miroir-mural-alma-par-bmb-italy-ligne-sculpturale-et-charme-contemporain\\\/\",\"url\":\"https:\\\/\\\/homeproject.fr\\\/fr\\\/produit\\\/miroir-mural-alma-par-bmb-italy-ligne-sculpturale-et-charme-contemporain\\\/\",\"name\":\"Miroir mural Alma par BMB Italy \u2013 Ligne sculpturale et charme contemporain - Homeproject.fr\",\"isPartOf\":{\"@id\":\"https:\\\/\\\/homeproject.fr\\\/fr\\\/#website\"},\"primaryImageOfPage\":{\"@id\":\"https:\\\/\\\/homeproject.fr\\\/fr\\\/produit\\\/miroir-mural-alma-par-bmb-italy-ligne-sculpturale-et-charme-contemporain\\\/#primaryimage\"},\"image\":{\"@id\":\"https:\\\/\\\/homeproject.fr\\\/fr\\\/produit\\\/miroir-mural-alma-par-bmb-italy-ligne-sculpturale-et-charme-contemporain\\\/#primaryimage\"},\"thumbnailUrl\":\"https:\\\/\\\/homeproject.fr\\\/fr\\\/wp-content\\\/uploads\\\/2025\\\/06\\\/Miroir-ovale-mural-avec-corniche-bombee-horizontal-ou-vertical-Alma-par-Bmb-Italy.jpg\",\"datePublished\":\"2025-06-21T13:26:04+00:00\",\"dateModified\":\"2025-06-21T13:33:58+00:00\",\"description\":\"Miroir ovale Alma par BMB Italy \u2013 Corniche bomb\u00e9e effet sculptural, format 60x100 cm, vertical ou horizontal. Design contemporain.\",\"breadcrumb\":{\"@id\":\"https:\\\/\\\/homeproject.fr\\\/fr\\\/produit\\\/miroir-mural-alma-par-bmb-italy-ligne-sculpturale-et-charme-contemporain\\\/#breadcrumb\"},\"inLanguage\":\"fr-FR\",\"potentialAction\":[{\"@type\":\"ReadAction\",\"target\":[\"https:\\\/\\\/homeproject.fr\\\/fr\\\/produit\\\/miroir-mural-alma-par-bmb-italy-ligne-sculpturale-et-charme-contemporain\\\/\"]}]},{\"@type\":\"ImageObject\",\"inLanguage\":\"fr-FR\",\"@id\":\"https:\\\/\\\/homeproject.fr\\\/fr\\\/produit\\\/miroir-mural-alma-par-bmb-italy-ligne-sculpturale-et-charme-contemporain\\\/#primaryimage\",\"url\":\"https:\\\/\\\/homeproject.fr\\\/fr\\\/wp-content\\\/uploads\\\/2025\\\/06\\\/Miroir-ovale-mural-avec-corniche-bombee-horizontal-ou-vertical-Alma-par-Bmb-Italy.jpg\",\"contentUrl\":\"https:\\\/\\\/homeproject.fr\\\/fr\\\/wp-content\\\/uploads\\\/2025\\\/06\\\/Miroir-ovale-mural-avec-corniche-bombee-horizontal-ou-vertical-Alma-par-Bmb-Italy.jpg\",\"width\":1500,\"height\":1500},{\"@type\":\"BreadcrumbList\",\"@id\":\"https:\\\/\\\/homeproject.fr\\\/fr\\\/produit\\\/miroir-mural-alma-par-bmb-italy-ligne-sculpturale-et-charme-contemporain\\\/#breadcrumb\",\"itemListElement\":[{\"@type\":\"ListItem\",\"position\":1,\"name\":\"Accueil\",\"item\":\"https:\\\/\\\/homeproject.fr\\\/fr\\\/\"},{\"@type\":\"ListItem\",\"position\":2,\"name\":\"Boutique\",\"item\":\"https:\\\/\\\/homeproject.fr\\\/fr\\\/boutique\\\/\"},{\"@type\":\"ListItem\",\"position\":3,\"name\":\"Miroir mural Alma par BMB Italy \u2013 Ligne sculpturale et charme contemporain\"}]},{\"@type\":\"WebSite\",\"@id\":\"https:\\\/\\\/homeproject.fr\\\/fr\\\/#website\",\"url\":\"https:\\\/\\\/homeproject.fr\\\/fr\\\/\",\"name\":\"Homeproject.fr\",\"description\":\"Offrez l&#039;exceptionnel \u00e0 vos espaces \u00e0 vivre\",\"publisher\":{\"@id\":\"https:\\\/\\\/homeproject.fr\\\/fr\\\/#organization\"},\"potentialAction\":[{\"@type\":\"SearchAction\",\"target\":{\"@type\":\"EntryPoint\",\"urlTemplate\":\"https:\\\/\\\/homeproject.fr\\\/fr\\\/?s={search_term_string}\"},\"query-input\":{\"@type\":\"PropertyValueSpecification\",\"valueRequired\":true,\"valueName\":\"search_term_string\"}}],\"inLanguage\":\"fr-FR\"},{\"@type\":\"Organization\",\"@id\":\"https:\\\/\\\/homeproject.fr\\\/fr\\\/#organization\",\"name\":\"Homeproject.fr\",\"url\":\"https:\\\/\\\/homeproject.fr\\\/fr\\\/\",\"logo\":{\"@type\":\"ImageObject\",\"inLanguage\":\"fr-FR\",\"@id\":\"https:\\\/\\\/homeproject.fr\\\/fr\\\/#\\\/schema\\\/logo\\\/image\\\/\",\"url\":\"https:\\\/\\\/homeproject.fr\\\/fr\\\/wp-content\\\/uploads\\\/2024\\\/12\\\/Logo_HomeProject-noir-2.png\",\"contentUrl\":\"https:\\\/\\\/homeproject.fr\\\/fr\\\/wp-content\\\/uploads\\\/2024\\\/12\\\/Logo_HomeProject-noir-2.png\",\"width\":300,\"height\":91,\"caption\":\"Homeproject.fr\"},\"image\":{\"@id\":\"https:\\\/\\\/homeproject.fr\\\/fr\\\/#\\\/schema\\\/logo\\\/image\\\/\"}}]}<\/script>\n<!-- \/ Yoast SEO plugin. -->","yoast_head_json":{"title":"Miroir mural Alma par BMB Italy \u2013 Ligne sculpturale et charme contemporain - Homeproject.fr","description":"Miroir ovale Alma par BMB Italy \u2013 Corniche bomb\u00e9e effet sculptural, format 60x100 cm, vertical ou horizontal. Design contemporain.","robots":{"index":"index","follow":"follow","max-snippet":"max-snippet:-1","max-image-preview":"max-image-preview:large","max-video-preview":"max-video-preview:-1"},"canonical":"https:\/\/homeproject.fr\/fr\/produit\/miroir-mural-alma-par-bmb-italy-ligne-sculpturale-et-charme-contemporain\/","og_locale":"fr_FR","og_type":"article","og_title":"Miroir mural Alma par BMB Italy \u2013 Ligne sculpturale et charme contemporain - Homeproject.fr","og_description":"Miroir ovale Alma par BMB Italy \u2013 Corniche bomb\u00e9e effet sculptural, format 60x100 cm, vertical ou horizontal. Design contemporain.","og_url":"https:\/\/homeproject.fr\/fr\/produit\/miroir-mural-alma-par-bmb-italy-ligne-sculpturale-et-charme-contemporain\/","og_site_name":"Homeproject.fr","article_modified_time":"2025-06-21T13:33:58+00:00","og_image":[{"width":1500,"height":1500,"url":"https:\/\/homeproject.fr\/fr\/wp-content\/uploads\/2025\/06\/Miroir-ovale-mural-avec-corniche-bombee-horizontal-ou-vertical-Alma-par-Bmb-Italy.jpg","type":"image\/jpeg"}],"twitter_card":"summary_large_image","twitter_misc":{"Dur\u00e9e de lecture estim\u00e9e":"1 minute"},"schema":{"@context":"https:\/\/schema.org","@graph":[{"@type":"WebPage","@id":"https:\/\/homeproject.fr\/fr\/produit\/miroir-mural-alma-par-bmb-italy-ligne-sculpturale-et-charme-contemporain\/","url":"https:\/\/homeproject.fr\/fr\/produit\/miroir-mural-alma-par-bmb-italy-ligne-sculpturale-et-charme-contemporain\/","name":"Miroir mural Alma par BMB Italy \u2013 Ligne sculpturale et charme contemporain - Homeproject.fr","isPartOf":{"@id":"https:\/\/homeproject.fr\/fr\/#website"},"primaryImageOfPage":{"@id":"https:\/\/homeproject.fr\/fr\/produit\/miroir-mural-alma-par-bmb-italy-ligne-sculpturale-et-charme-contemporain\/#primaryimage"},"image":{"@id":"https:\/\/homeproject.fr\/fr\/produit\/miroir-mural-alma-par-bmb-italy-ligne-sculpturale-et-charme-contemporain\/#primaryimage"},"thumbnailUrl":"https:\/\/homeproject.fr\/fr\/wp-content\/uploads\/2025\/06\/Miroir-ovale-mural-avec-corniche-bombee-horizontal-ou-vertical-Alma-par-Bmb-Italy.jpg","datePublished":"2025-06-21T13:26:04+00:00","dateModified":"2025-06-21T13:33:58+00:00","description":"Miroir ovale Alma par BMB Italy \u2013 Corniche bomb\u00e9e effet sculptural, format 60x100 cm, vertical ou horizontal. Design contemporain.","breadcrumb":{"@id":"https:\/\/homeproject.fr\/fr\/produit\/miroir-mural-alma-par-bmb-italy-ligne-sculpturale-et-charme-contemporain\/#breadcrumb"},"inLanguage":"fr-FR","potentialAction":[{"@type":"ReadAction","target":["https:\/\/homeproject.fr\/fr\/produit\/miroir-mural-alma-par-bmb-italy-ligne-sculpturale-et-charme-contemporain\/"]}]},{"@type":"ImageObject","inLanguage":"fr-FR","@id":"https:\/\/homeproject.fr\/fr\/produit\/miroir-mural-alma-par-bmb-italy-ligne-sculpturale-et-charme-contemporain\/#primaryimage","url":"https:\/\/homeproject.fr\/fr\/wp-content\/uploads\/2025\/06\/Miroir-ovale-mural-avec-corniche-bombee-horizontal-ou-vertical-Alma-par-Bmb-Italy.jpg","contentUrl":"https:\/\/homeproject.fr\/fr\/wp-content\/uploads\/2025\/06\/Miroir-ovale-mural-avec-corniche-bombee-horizontal-ou-vertical-Alma-par-Bmb-Italy.jpg","width":1500,"height":1500},{"@type":"BreadcrumbList","@id":"https:\/\/homeproject.fr\/fr\/produit\/miroir-mural-alma-par-bmb-italy-ligne-sculpturale-et-charme-contemporain\/#breadcrumb","itemListElement":[{"@type":"ListItem","position":1,"name":"Accueil","item":"https:\/\/homeproject.fr\/fr\/"},{"@type":"ListItem","position":2,"name":"Boutique","item":"https:\/\/homeproject.fr\/fr\/boutique\/"},{"@type":"ListItem","position":3,"name":"Miroir mural Alma par BMB Italy \u2013 Ligne sculpturale et charme contemporain"}]},{"@type":"WebSite","@id":"https:\/\/homeproject.fr\/fr\/#website","url":"https:\/\/homeproject.fr\/fr\/","name":"Homeproject.fr","description":"Offrez l&#039;exceptionnel \u00e0 vos espaces \u00e0 vivre","publisher":{"@id":"https:\/\/homeproject.fr\/fr\/#organization"},"potentialAction":[{"@type":"SearchAction","target":{"@type":"EntryPoint","urlTemplate":"https:\/\/homeproject.fr\/fr\/?s={search_term_string}"},"query-input":{"@type":"PropertyValueSpecification","valueRequired":true,"valueName":"search_term_string"}}],"inLanguage":"fr-FR"},{"@type":"Organization","@id":"https:\/\/homeproject.fr\/fr\/#organization","name":"Homeproject.fr","url":"https:\/\/homeproject.fr\/fr\/","logo":{"@type":"ImageObject","inLanguage":"fr-FR","@id":"https:\/\/homeproject.fr\/fr\/#\/schema\/logo\/image\/","url":"https:\/\/homeproject.fr\/fr\/wp-content\/uploads\/2024\/12\/Logo_HomeProject-noir-2.png","contentUrl":"https:\/\/homeproject.fr\/fr\/wp-content\/uploads\/2024\/12\/Logo_HomeProject-noir-2.png","width":300,"height":91,"caption":"Homeproject.fr"},"image":{"@id":"https:\/\/homeproject.fr\/fr\/#\/schema\/logo\/image\/"}}]}},"_links":{"self":[{"href":"https:\/\/homeproject.fr\/fr\/wp-json\/wp\/v2\/product\/14804","targetHints":{"allow":["GET"]}}],"collection":[{"href":"https:\/\/homeproject.fr\/fr\/wp-json\/wp\/v2\/product"}],"about":[{"href":"https:\/\/homeproject.fr\/fr\/wp-json\/wp\/v2\/types\/product"}],"version-history":[{"count":1,"href":"https:\/\/homeproject.fr\/fr\/wp-json\/wp\/v2\/product\/14804\/revisions"}],"predecessor-version":[{"id":14818,"href":"https:\/\/homeproject.fr\/fr\/wp-json\/wp\/v2\/product\/14804\/revisions\/14818"}],"wp:featuredmedia":[{"embeddable":true,"href":"https:\/\/homeproject.fr\/fr\/wp-json\/wp\/v2\/media\/14815"}],"wp:attachment":[{"href":"https:\/\/homeproject.fr\/fr\/wp-json\/wp\/v2\/media?parent=14804"}],"wp:term":[{"taxonomy":"product_brand","embeddable":true,"href":"https:\/\/homeproject.fr\/fr\/wp-json\/wp\/v2\/product_brand?post=14804"},{"taxonomy":"product_cat","embeddable":true,"href":"https:\/\/homeproject.fr\/fr\/wp-json\/wp\/v2\/product_cat?post=14804"},{"taxonomy":"product_tag","embeddable":true,"href":"https:\/\/homeproject.fr\/fr\/wp-json\/wp\/v2\/product_tag?post=14804"}],"curies":[{"name":"wp","href":"https:\/\/api.w.org\/{rel}","templated":true}]}}