{"id":14783,"date":"2025-06-21T13:11:30","date_gmt":"2025-06-21T13:11:30","guid":{"rendered":"https:\/\/homeproject.fr\/fr\/?post_type=product&#038;p=14783"},"modified":"2025-06-21T13:21:07","modified_gmt":"2025-06-21T13:21:07","slug":"miroir-mural-alf-par-bmb-italy-eclat-raffine-et-savoir-faire-italien","status":"publish","type":"product","link":"https:\/\/homeproject.fr\/fr\/produit\/miroir-mural-alf-par-bmb-italy-eclat-raffine-et-savoir-faire-italien\/","title":{"rendered":"Miroir mural Alf par BMB Italy \u2013 \u00c9clat raffin\u00e9 et savoir-faire italien"},"content":{"rendered":"<div class=\"flex-1 overflow-hidden @container\/thread\">\n<div class=\"h-full\">\n<div class=\"react-scroll-to-bottom--css-avwfw-79elbk h-full\">\n<div class=\"react-scroll-to-bottom--css-avwfw-1n7m0yu\">\n<div class=\"flex flex-col text-sm md:pb-9\">\n<article class=\"w-full scroll-mb-[var(--thread-trailing-height,150px)] text-token-text-primary focus-visible:outline-2 focus-visible:outline-offset-[-4px]\" dir=\"auto\" data-testid=\"conversation-turn-13\" data-scroll-anchor=\"true\">\n<div class=\"m-auto text-base py-[18px] px-3 md:px-4 w-full md:px-5 lg:px-4 xl:px-5\">\n<div class=\"mx-auto flex flex-1 gap-4 text-base md:gap-5 lg:gap-6 md:max-w-3xl lg:max-w-[40rem] xl:max-w-[48rem]\">\n<div class=\"group\/conversation-turn relative flex w-full min-w-0 flex-col agent-turn\">\n<div class=\"flex-col gap-1 md:gap-3\">\n<div class=\"flex max-w-full flex-col flex-grow\">\n<div class=\"min-h-8 text-message flex w-full flex-col items-end gap-2 whitespace-normal break-words text-start [.text-message+&amp;]:mt-5\" dir=\"auto\" data-message-author-role=\"assistant\" data-message-id=\"dc5cab26-9697-46d2-b6fe-c8745ded277b\" data-message-model-slug=\"gpt-4o\">\n<div class=\"flex w-full flex-col gap-1 empty:hidden first:pt-[3px]\">\n<div class=\"markdown prose w-full break-words dark:prose-invert light\">\n<h3 data-start=\"864\" data-end=\"891\">Coloris disponibles :<\/h3>\n<ul data-start=\"892\" data-end=\"999\">\n<li data-start=\"892\" data-end=\"950\">\n<p data-start=\"894\" data-end=\"950\"><strong data-start=\"894\" data-end=\"908\">Or\u00a0<\/strong><\/p>\n<\/li>\n<li data-start=\"951\" data-end=\"999\">\n<p data-start=\"953\" data-end=\"999\"><strong data-start=\"953\" data-end=\"971\">Argent\u00a0<\/strong><\/p>\n<\/li>\n<\/ul>\n<h3 data-start=\"1001\" data-end=\"1027\">Dimensions propos\u00e9es :<\/h3>\n<ul data-start=\"1028\" data-end=\"1103\">\n<li data-start=\"1028\" data-end=\"1042\">\n<p data-start=\"1030\" data-end=\"1042\">60 x 80 cm<\/p>\n<\/li>\n<li data-start=\"1043\" data-end=\"1057\">\n<p data-start=\"1045\" data-end=\"1057\">80 x 80 cm<\/p>\n<\/li>\n<li data-start=\"1058\" data-end=\"1073\">\n<p data-start=\"1060\" data-end=\"1073\">60 x 145 cm<\/p>\n<\/li>\n<li data-start=\"1074\" data-end=\"1089\">\n<p data-start=\"1076\" data-end=\"1089\">95 x 185 cm<\/p>\n<\/li>\n<li data-start=\"1090\" data-end=\"1103\">\n<p data-start=\"1092\" data-end=\"1103\">45 x 218 cm<\/p>\n<\/li>\n<\/ul>\n<h3 data-start=\"1105\" data-end=\"1127\">Caract\u00e9ristiques :<\/h3>\n<ul data-start=\"1128\" data-end=\"1455\">\n<li data-start=\"1128\" data-end=\"1154\">\n<p data-start=\"1130\" data-end=\"1154\"><strong data-start=\"1130\" data-end=\"1140\">Marque<\/strong> : BMB Italy<\/p>\n<\/li>\n<li data-start=\"1155\" data-end=\"1175\">\n<p data-start=\"1157\" data-end=\"1175\"><strong data-start=\"1157\" data-end=\"1167\">Mod\u00e8le<\/strong> : Alf<\/p>\n<\/li>\n<li data-start=\"1176\" data-end=\"1227\">\n<p data-start=\"1178\" data-end=\"1227\"><strong data-start=\"1178\" data-end=\"1187\">Style<\/strong> : Chic contemporain, touche classique<\/p>\n<\/li>\n<li data-start=\"1228\" data-end=\"1293\">\n<p data-start=\"1230\" data-end=\"1293\"><strong data-start=\"1230\" data-end=\"1239\">Cadre<\/strong> : Bois avec finition dor\u00e9e ou argent\u00e9e \u00e0 la feuille<\/p>\n<\/li>\n<li data-start=\"1294\" data-end=\"1336\">\n<p data-start=\"1296\" data-end=\"1336\"><strong data-start=\"1296\" data-end=\"1305\">Verre<\/strong> : Miroir clair haute qualit\u00e9<\/p>\n<\/li>\n<li data-start=\"1337\" data-end=\"1397\">\n<p data-start=\"1339\" data-end=\"1397\"><strong data-start=\"1339\" data-end=\"1355\">Installation<\/strong> : Mural ou \u00e0 poser<\/p>\n<\/li>\n<li data-start=\"1398\" data-end=\"1455\">\n<p data-start=\"1400\" data-end=\"1455\"><strong data-start=\"1400\" data-end=\"1413\">Entretien<\/strong> : Nettoyage avec chiffon doux non abrasif<\/p>\n<\/li>\n<\/ul>\n<h3 data-start=\"1457\" data-end=\"1482\">Les + du miroir Alf :<\/h3>\n<ul data-start=\"1483\" data-end=\"1652\">\n<li data-start=\"1483\" data-end=\"1538\">\n<p data-start=\"1485\" data-end=\"1538\"><strong data-start=\"1485\" data-end=\"1536\">Finition luxueuse \u00e0 la feuille d\u2019or ou d\u2019argent<\/strong><\/p>\n<\/li>\n<li data-start=\"1539\" data-end=\"1610\">\n<p data-start=\"1541\" data-end=\"1610\"><strong data-start=\"1541\" data-end=\"1562\">Design intemporel<\/strong>, id\u00e9al dans un int\u00e9rieur classique ou moderne<\/p>\n<\/li>\n<li data-start=\"1611\" data-end=\"1652\">\n<p data-start=\"1613\" data-end=\"1652\"><strong data-start=\"1613\" data-end=\"1638\">Fabrication italienne<\/strong> haut de gamme<\/p>\n<\/li>\n<\/ul>\n<h3 data-start=\"882\" data-end=\"896\"><strong style=\"font-family: inherit; font-size: 30px;\">Vous avez des questions ?<\/strong><\/h3>\n<\/div>\n<\/div>\n<\/div>\n<\/div>\n<\/div>\n<\/div>\n<\/div>\n<\/div>\n<\/article>\n<\/div>\n<\/div>\n<\/div>\n<\/div>\n<\/div>\n<style id=\"wpforms-css-vars-3675\">\n\t\t\t\t#wpforms-3675 {\n\t\t\t\t\n\t\t\t}\n\t\t\t<\/style><div class=\"wpforms-container wpforms-container-full wpforms-render-modern\" id=\"wpforms-3675\"><form id=\"wpforms-form-3675\" class=\"wpforms-validate wpforms-form wpforms-ajax-form\" data-formid=\"3675\" method=\"post\" enctype=\"multipart\/form-data\" action=\"\/fr\/wp-json\/wp\/v2\/product\/14783\" data-token=\"61a757da810f90bb9b7a9e476d087382\" data-token-time=\"1776520114\"><noscript class=\"wpforms-error-noscript\">Veuillez activer JavaScript dans votre navigateur pour remplir ce formulaire.<\/noscript><div id=\"wpforms-error-noscript\" style=\"display: none;\">Veuillez activer JavaScript dans votre navigateur pour remplir ce formulaire.<\/div><div class=\"wpforms-field-container\"><div id=\"wpforms-3675-field_3-container\" class=\"wpforms-field wpforms-field-name\" data-field-id=\"3\"><fieldset><legend class=\"wpforms-field-label\">Nom <span class=\"wpforms-required-label\" aria-hidden=\"true\">*<\/span><\/legend><div class=\"wpforms-field-row wpforms-field-medium\"><div class=\"wpforms-field-row-block wpforms-first wpforms-one-half\"><input type=\"text\" id=\"wpforms-3675-field_3\" class=\"wpforms-field-name-first wpforms-field-required\" name=\"wpforms[fields][3][first]\" aria-errormessage=\"wpforms-3675-field_3-error\" required><label for=\"wpforms-3675-field_3\" class=\"wpforms-field-sublabel after\">Pr\u00e9nom<\/label><\/div><div class=\"wpforms-field-row-block wpforms-one-half\"><input type=\"text\" id=\"wpforms-3675-field_3-last\" class=\"wpforms-field-name-last wpforms-field-required\" name=\"wpforms[fields][3][last]\" aria-errormessage=\"wpforms-3675-field_3-last-error\" required><label for=\"wpforms-3675-field_3-last\" class=\"wpforms-field-sublabel after\">Nom<\/label><\/div><\/div><\/fieldset><\/div>\t\t<div id=\"wpforms-3675-field_1-container\"\n\t\t\tclass=\"wpforms-field wpforms-field-text\"\n\t\t\tdata-field-type=\"text\"\n\t\t\tdata-field-id=\"1\"\n\t\t\t>\n\t\t\t<label class=\"wpforms-field-label\" for=\"wpforms-3675-field_1\" >Message Nom E-mail<\/label>\n\t\t\t<input type=\"text\" id=\"wpforms-3675-field_1\" class=\"wpforms-field-medium\" name=\"wpforms[fields][1]\" >\n\t\t<\/div>\n\t\t<div id=\"wpforms-3675-field_4-container\" class=\"wpforms-field wpforms-field-email\" data-field-id=\"4\"><label class=\"wpforms-field-label\" for=\"wpforms-3675-field_4\">E-mail <span class=\"wpforms-required-label\" aria-hidden=\"true\">*<\/span><\/label><input type=\"email\" id=\"wpforms-3675-field_4\" class=\"wpforms-field-medium wpforms-field-required\" name=\"wpforms[fields][4]\" spellcheck=\"false\" aria-errormessage=\"wpforms-3675-field_4-error\" required><\/div><div id=\"wpforms-3675-field_5-container\" class=\"wpforms-field wpforms-field-textarea\" data-field-id=\"5\"><label class=\"wpforms-field-label\" for=\"wpforms-3675-field_5\">Message <span class=\"wpforms-required-label\" aria-hidden=\"true\">*<\/span><\/label><textarea id=\"wpforms-3675-field_5\" class=\"wpforms-field-medium wpforms-field-required\" name=\"wpforms[fields][5]\" aria-errormessage=\"wpforms-3675-field_5-error\" required><\/textarea><\/div><script>\n\t\t\t\t( function() {\n\t\t\t\t\tconst style = document.createElement( 'style' );\n\t\t\t\t\tstyle.appendChild( document.createTextNode( '#wpforms-3675-field_1-container { position: absolute !important; overflow: hidden !important; display: inline !important; height: 1px !important; width: 1px !important; z-index: -1000 !important; padding: 0 !important; } #wpforms-3675-field_1-container input { visibility: hidden; } #wpforms-conversational-form-page #wpforms-3675-field_1-container label { counter-increment: none; }' ) );\n\t\t\t\t\tdocument.head.appendChild( style );\n\t\t\t\t\tdocument.currentScript?.remove();\n\t\t\t\t} )();\n\t\t\t<\/script><\/div><!-- .wpforms-field-container --><div class=\"wpforms-submit-container\" ><input type=\"hidden\" name=\"wpforms[id]\" value=\"3675\"><input type=\"hidden\" name=\"page_title\" value=\"\"><input type=\"hidden\" name=\"page_url\" value=\"https:\/\/homeproject.fr\/fr\/wp-json\/wp\/v2\/product\/14783\"><input type=\"hidden\" name=\"url_referer\" value=\"\"><button type=\"submit\" name=\"wpforms[submit]\" id=\"wpforms-submit-3675\" class=\"wpforms-submit\" data-alt-text=\"Envoi...\" data-submit-text=\"Envoyer\" aria-live=\"assertive\" value=\"wpforms-submit\">Envoyer<\/button><img decoding=\"async\" src=\"https:\/\/homeproject.fr\/fr\/wp-content\/plugins\/wpforms-lite\/assets\/images\/submit-spin.svg\" class=\"wpforms-submit-spinner\" style=\"display: none;\" width=\"26\" height=\"26\" alt=\"Chargement en cours\"><\/div><\/form><\/div>  <!-- .wpforms-container -->\n","protected":false},"excerpt":{"rendered":"<p data-start=\"207\" data-end=\"493\">Le miroir <strong data-start=\"217\" data-end=\"225\">Alba<\/strong> de <strong data-start=\"229\" data-end=\"242\">BMB Italy<\/strong> incarne le parfait \u00e9quilibre entre sophistication contemporaine et esth\u00e9tique industrielle. Avec son <strong data-start=\"344\" data-end=\"378\">cadre en m\u00e9tal bruni \u00e0 la main<\/strong>, chaque pi\u00e8ce devient unique, r\u00e9v\u00e9lant des nuances sombres et profondes qui mettent en valeur la puret\u00e9 du miroir.<\/p>\n<p data-start=\"495\" data-end=\"880\">Pens\u00e9 comme un objet d\u00e9coratif \u00e0 part enti\u00e8re, <strong data-start=\"542\" data-end=\"550\">Alba<\/strong> se distingue par son <strong data-start=\"572\" data-end=\"594\">design minimaliste<\/strong> et sa <strong data-start=\"601\" data-end=\"625\">pr\u00e9sence sculpturale<\/strong>. Il peut \u00eatre fix\u00e9 verticalement ou horizontalement selon les dimensions, ou simplement appuy\u00e9 contre un mur pour un effet plus audacieux. Parfait dans un int\u00e9rieur moderne, un loft ou un espace plus classique souhaitant une touche de contraste \u00e9l\u00e9gante.<\/p>\n","protected":false},"featured_media":14791,"template":"","meta":{"_uf_show_specific_survey":0,"_uf_disable_surveys":false,"iawp_total_views":10},"product_brand":[555],"product_cat":[543],"product_tag":[],"class_list":{"0":"post-14783","1":"product","2":"type-product","3":"status-publish","4":"has-post-thumbnail","6":"product_brand-bmb-italy","7":"product_cat-miroirs","8":"product_shipping_class-mobilier-par-transporteur-de-meuble","9":"pa_collection-alf-par-bmb-italy","10":"pa_marque-bmb-italy","11":"pa_materiau-bois","12":"pa_materiau-miroir","14":"first","15":"instock","16":"taxable","17":"shipping-taxable","18":"purchasable","19":"product-type-variable"},"yoast_head":"<!-- This site is optimized with the Yoast SEO plugin v27.4 - https:\/\/yoast.com\/product\/yoast-seo-wordpress\/ -->\n<title>Miroir mural Alf par BMB Italy \u2013 \u00c9clat raffin\u00e9 et savoir-faire italien - Homeproject.fr<\/title>\n<meta name=\"description\" content=\"Miroir mural design Alba par BMB Italy \u2013 Cadre en m\u00e9tal bruni artisanal, formats vari\u00e9s, finition \u00e9l\u00e9gante. \u00c0 d\u00e9couvrir sur homeproject.fr.\" \/>\n<meta name=\"robots\" content=\"index, follow, max-snippet:-1, max-image-preview:large, max-video-preview:-1\" \/>\n<link rel=\"canonical\" href=\"https:\/\/homeproject.fr\/fr\/produit\/miroir-mural-alf-par-bmb-italy-eclat-raffine-et-savoir-faire-italien\/\" \/>\n<meta property=\"og:locale\" content=\"fr_FR\" \/>\n<meta property=\"og:type\" content=\"article\" \/>\n<meta property=\"og:title\" content=\"Miroir mural Alf par BMB Italy \u2013 \u00c9clat raffin\u00e9 et savoir-faire italien - Homeproject.fr\" \/>\n<meta property=\"og:description\" content=\"Miroir mural design Alba par BMB Italy \u2013 Cadre en m\u00e9tal bruni artisanal, formats vari\u00e9s, finition \u00e9l\u00e9gante. \u00c0 d\u00e9couvrir sur homeproject.fr.\" \/>\n<meta property=\"og:url\" content=\"https:\/\/homeproject.fr\/fr\/produit\/miroir-mural-alf-par-bmb-italy-eclat-raffine-et-savoir-faire-italien\/\" \/>\n<meta property=\"og:site_name\" content=\"Homeproject.fr\" \/>\n<meta property=\"article:modified_time\" content=\"2025-06-21T13:21:07+00:00\" \/>\n<meta property=\"og:image\" content=\"https:\/\/homeproject.fr\/fr\/wp-content\/uploads\/2025\/06\/Miroir-avec-cadre-dore-a-la-feuille-coloris-argent-ou-or-a-poser-ou-a-fixation-murale-Alf-par-BMB-Italy.jpg\" \/>\n\t<meta property=\"og:image:width\" content=\"1500\" \/>\n\t<meta property=\"og:image:height\" content=\"1500\" \/>\n\t<meta property=\"og:image:type\" content=\"image\/jpeg\" \/>\n<meta name=\"twitter:card\" content=\"summary_large_image\" \/>\n<meta name=\"twitter:label1\" content=\"Dur\u00e9e de lecture estim\u00e9e\" \/>\n\t<meta name=\"twitter:data1\" content=\"1 minute\" \/>\n<script type=\"application\/ld+json\" class=\"yoast-schema-graph\">{\"@context\":\"https:\\\/\\\/schema.org\",\"@graph\":[{\"@type\":\"WebPage\",\"@id\":\"https:\\\/\\\/homeproject.fr\\\/fr\\\/produit\\\/miroir-mural-alf-par-bmb-italy-eclat-raffine-et-savoir-faire-italien\\\/\",\"url\":\"https:\\\/\\\/homeproject.fr\\\/fr\\\/produit\\\/miroir-mural-alf-par-bmb-italy-eclat-raffine-et-savoir-faire-italien\\\/\",\"name\":\"Miroir mural Alf par BMB Italy \u2013 \u00c9clat raffin\u00e9 et savoir-faire italien - Homeproject.fr\",\"isPartOf\":{\"@id\":\"https:\\\/\\\/homeproject.fr\\\/fr\\\/#website\"},\"primaryImageOfPage\":{\"@id\":\"https:\\\/\\\/homeproject.fr\\\/fr\\\/produit\\\/miroir-mural-alf-par-bmb-italy-eclat-raffine-et-savoir-faire-italien\\\/#primaryimage\"},\"image\":{\"@id\":\"https:\\\/\\\/homeproject.fr\\\/fr\\\/produit\\\/miroir-mural-alf-par-bmb-italy-eclat-raffine-et-savoir-faire-italien\\\/#primaryimage\"},\"thumbnailUrl\":\"https:\\\/\\\/homeproject.fr\\\/fr\\\/wp-content\\\/uploads\\\/2025\\\/06\\\/Miroir-avec-cadre-dore-a-la-feuille-coloris-argent-ou-or-a-poser-ou-a-fixation-murale-Alf-par-BMB-Italy.jpg\",\"datePublished\":\"2025-06-21T13:11:30+00:00\",\"dateModified\":\"2025-06-21T13:21:07+00:00\",\"description\":\"Miroir mural design Alba par BMB Italy \u2013 Cadre en m\u00e9tal bruni artisanal, formats vari\u00e9s, finition \u00e9l\u00e9gante. \u00c0 d\u00e9couvrir sur homeproject.fr.\",\"breadcrumb\":{\"@id\":\"https:\\\/\\\/homeproject.fr\\\/fr\\\/produit\\\/miroir-mural-alf-par-bmb-italy-eclat-raffine-et-savoir-faire-italien\\\/#breadcrumb\"},\"inLanguage\":\"fr-FR\",\"potentialAction\":[{\"@type\":\"ReadAction\",\"target\":[\"https:\\\/\\\/homeproject.fr\\\/fr\\\/produit\\\/miroir-mural-alf-par-bmb-italy-eclat-raffine-et-savoir-faire-italien\\\/\"]}]},{\"@type\":\"ImageObject\",\"inLanguage\":\"fr-FR\",\"@id\":\"https:\\\/\\\/homeproject.fr\\\/fr\\\/produit\\\/miroir-mural-alf-par-bmb-italy-eclat-raffine-et-savoir-faire-italien\\\/#primaryimage\",\"url\":\"https:\\\/\\\/homeproject.fr\\\/fr\\\/wp-content\\\/uploads\\\/2025\\\/06\\\/Miroir-avec-cadre-dore-a-la-feuille-coloris-argent-ou-or-a-poser-ou-a-fixation-murale-Alf-par-BMB-Italy.jpg\",\"contentUrl\":\"https:\\\/\\\/homeproject.fr\\\/fr\\\/wp-content\\\/uploads\\\/2025\\\/06\\\/Miroir-avec-cadre-dore-a-la-feuille-coloris-argent-ou-or-a-poser-ou-a-fixation-murale-Alf-par-BMB-Italy.jpg\",\"width\":1500,\"height\":1500},{\"@type\":\"BreadcrumbList\",\"@id\":\"https:\\\/\\\/homeproject.fr\\\/fr\\\/produit\\\/miroir-mural-alf-par-bmb-italy-eclat-raffine-et-savoir-faire-italien\\\/#breadcrumb\",\"itemListElement\":[{\"@type\":\"ListItem\",\"position\":1,\"name\":\"Accueil\",\"item\":\"https:\\\/\\\/homeproject.fr\\\/fr\\\/\"},{\"@type\":\"ListItem\",\"position\":2,\"name\":\"Boutique\",\"item\":\"https:\\\/\\\/homeproject.fr\\\/fr\\\/boutique\\\/\"},{\"@type\":\"ListItem\",\"position\":3,\"name\":\"Miroir mural Alf par BMB Italy \u2013 \u00c9clat raffin\u00e9 et savoir-faire italien\"}]},{\"@type\":\"WebSite\",\"@id\":\"https:\\\/\\\/homeproject.fr\\\/fr\\\/#website\",\"url\":\"https:\\\/\\\/homeproject.fr\\\/fr\\\/\",\"name\":\"Homeproject.fr\",\"description\":\"Offrez l&#039;exceptionnel \u00e0 vos espaces \u00e0 vivre\",\"publisher\":{\"@id\":\"https:\\\/\\\/homeproject.fr\\\/fr\\\/#organization\"},\"potentialAction\":[{\"@type\":\"SearchAction\",\"target\":{\"@type\":\"EntryPoint\",\"urlTemplate\":\"https:\\\/\\\/homeproject.fr\\\/fr\\\/?s={search_term_string}\"},\"query-input\":{\"@type\":\"PropertyValueSpecification\",\"valueRequired\":true,\"valueName\":\"search_term_string\"}}],\"inLanguage\":\"fr-FR\"},{\"@type\":\"Organization\",\"@id\":\"https:\\\/\\\/homeproject.fr\\\/fr\\\/#organization\",\"name\":\"Homeproject.fr\",\"url\":\"https:\\\/\\\/homeproject.fr\\\/fr\\\/\",\"logo\":{\"@type\":\"ImageObject\",\"inLanguage\":\"fr-FR\",\"@id\":\"https:\\\/\\\/homeproject.fr\\\/fr\\\/#\\\/schema\\\/logo\\\/image\\\/\",\"url\":\"https:\\\/\\\/homeproject.fr\\\/fr\\\/wp-content\\\/uploads\\\/2024\\\/12\\\/Logo_HomeProject-noir-2.png\",\"contentUrl\":\"https:\\\/\\\/homeproject.fr\\\/fr\\\/wp-content\\\/uploads\\\/2024\\\/12\\\/Logo_HomeProject-noir-2.png\",\"width\":300,\"height\":91,\"caption\":\"Homeproject.fr\"},\"image\":{\"@id\":\"https:\\\/\\\/homeproject.fr\\\/fr\\\/#\\\/schema\\\/logo\\\/image\\\/\"}}]}<\/script>\n<!-- \/ Yoast SEO plugin. -->","yoast_head_json":{"title":"Miroir mural Alf par BMB Italy \u2013 \u00c9clat raffin\u00e9 et savoir-faire italien - Homeproject.fr","description":"Miroir mural design Alba par BMB Italy \u2013 Cadre en m\u00e9tal bruni artisanal, formats vari\u00e9s, finition \u00e9l\u00e9gante. \u00c0 d\u00e9couvrir sur homeproject.fr.","robots":{"index":"index","follow":"follow","max-snippet":"max-snippet:-1","max-image-preview":"max-image-preview:large","max-video-preview":"max-video-preview:-1"},"canonical":"https:\/\/homeproject.fr\/fr\/produit\/miroir-mural-alf-par-bmb-italy-eclat-raffine-et-savoir-faire-italien\/","og_locale":"fr_FR","og_type":"article","og_title":"Miroir mural Alf par BMB Italy \u2013 \u00c9clat raffin\u00e9 et savoir-faire italien - Homeproject.fr","og_description":"Miroir mural design Alba par BMB Italy \u2013 Cadre en m\u00e9tal bruni artisanal, formats vari\u00e9s, finition \u00e9l\u00e9gante. \u00c0 d\u00e9couvrir sur homeproject.fr.","og_url":"https:\/\/homeproject.fr\/fr\/produit\/miroir-mural-alf-par-bmb-italy-eclat-raffine-et-savoir-faire-italien\/","og_site_name":"Homeproject.fr","article_modified_time":"2025-06-21T13:21:07+00:00","og_image":[{"width":1500,"height":1500,"url":"https:\/\/homeproject.fr\/fr\/wp-content\/uploads\/2025\/06\/Miroir-avec-cadre-dore-a-la-feuille-coloris-argent-ou-or-a-poser-ou-a-fixation-murale-Alf-par-BMB-Italy.jpg","type":"image\/jpeg"}],"twitter_card":"summary_large_image","twitter_misc":{"Dur\u00e9e de lecture estim\u00e9e":"1 minute"},"schema":{"@context":"https:\/\/schema.org","@graph":[{"@type":"WebPage","@id":"https:\/\/homeproject.fr\/fr\/produit\/miroir-mural-alf-par-bmb-italy-eclat-raffine-et-savoir-faire-italien\/","url":"https:\/\/homeproject.fr\/fr\/produit\/miroir-mural-alf-par-bmb-italy-eclat-raffine-et-savoir-faire-italien\/","name":"Miroir mural Alf par BMB Italy \u2013 \u00c9clat raffin\u00e9 et savoir-faire italien - Homeproject.fr","isPartOf":{"@id":"https:\/\/homeproject.fr\/fr\/#website"},"primaryImageOfPage":{"@id":"https:\/\/homeproject.fr\/fr\/produit\/miroir-mural-alf-par-bmb-italy-eclat-raffine-et-savoir-faire-italien\/#primaryimage"},"image":{"@id":"https:\/\/homeproject.fr\/fr\/produit\/miroir-mural-alf-par-bmb-italy-eclat-raffine-et-savoir-faire-italien\/#primaryimage"},"thumbnailUrl":"https:\/\/homeproject.fr\/fr\/wp-content\/uploads\/2025\/06\/Miroir-avec-cadre-dore-a-la-feuille-coloris-argent-ou-or-a-poser-ou-a-fixation-murale-Alf-par-BMB-Italy.jpg","datePublished":"2025-06-21T13:11:30+00:00","dateModified":"2025-06-21T13:21:07+00:00","description":"Miroir mural design Alba par BMB Italy \u2013 Cadre en m\u00e9tal bruni artisanal, formats vari\u00e9s, finition \u00e9l\u00e9gante. \u00c0 d\u00e9couvrir sur homeproject.fr.","breadcrumb":{"@id":"https:\/\/homeproject.fr\/fr\/produit\/miroir-mural-alf-par-bmb-italy-eclat-raffine-et-savoir-faire-italien\/#breadcrumb"},"inLanguage":"fr-FR","potentialAction":[{"@type":"ReadAction","target":["https:\/\/homeproject.fr\/fr\/produit\/miroir-mural-alf-par-bmb-italy-eclat-raffine-et-savoir-faire-italien\/"]}]},{"@type":"ImageObject","inLanguage":"fr-FR","@id":"https:\/\/homeproject.fr\/fr\/produit\/miroir-mural-alf-par-bmb-italy-eclat-raffine-et-savoir-faire-italien\/#primaryimage","url":"https:\/\/homeproject.fr\/fr\/wp-content\/uploads\/2025\/06\/Miroir-avec-cadre-dore-a-la-feuille-coloris-argent-ou-or-a-poser-ou-a-fixation-murale-Alf-par-BMB-Italy.jpg","contentUrl":"https:\/\/homeproject.fr\/fr\/wp-content\/uploads\/2025\/06\/Miroir-avec-cadre-dore-a-la-feuille-coloris-argent-ou-or-a-poser-ou-a-fixation-murale-Alf-par-BMB-Italy.jpg","width":1500,"height":1500},{"@type":"BreadcrumbList","@id":"https:\/\/homeproject.fr\/fr\/produit\/miroir-mural-alf-par-bmb-italy-eclat-raffine-et-savoir-faire-italien\/#breadcrumb","itemListElement":[{"@type":"ListItem","position":1,"name":"Accueil","item":"https:\/\/homeproject.fr\/fr\/"},{"@type":"ListItem","position":2,"name":"Boutique","item":"https:\/\/homeproject.fr\/fr\/boutique\/"},{"@type":"ListItem","position":3,"name":"Miroir mural Alf par BMB Italy \u2013 \u00c9clat raffin\u00e9 et savoir-faire italien"}]},{"@type":"WebSite","@id":"https:\/\/homeproject.fr\/fr\/#website","url":"https:\/\/homeproject.fr\/fr\/","name":"Homeproject.fr","description":"Offrez l&#039;exceptionnel \u00e0 vos espaces \u00e0 vivre","publisher":{"@id":"https:\/\/homeproject.fr\/fr\/#organization"},"potentialAction":[{"@type":"SearchAction","target":{"@type":"EntryPoint","urlTemplate":"https:\/\/homeproject.fr\/fr\/?s={search_term_string}"},"query-input":{"@type":"PropertyValueSpecification","valueRequired":true,"valueName":"search_term_string"}}],"inLanguage":"fr-FR"},{"@type":"Organization","@id":"https:\/\/homeproject.fr\/fr\/#organization","name":"Homeproject.fr","url":"https:\/\/homeproject.fr\/fr\/","logo":{"@type":"ImageObject","inLanguage":"fr-FR","@id":"https:\/\/homeproject.fr\/fr\/#\/schema\/logo\/image\/","url":"https:\/\/homeproject.fr\/fr\/wp-content\/uploads\/2024\/12\/Logo_HomeProject-noir-2.png","contentUrl":"https:\/\/homeproject.fr\/fr\/wp-content\/uploads\/2024\/12\/Logo_HomeProject-noir-2.png","width":300,"height":91,"caption":"Homeproject.fr"},"image":{"@id":"https:\/\/homeproject.fr\/fr\/#\/schema\/logo\/image\/"}}]}},"_links":{"self":[{"href":"https:\/\/homeproject.fr\/fr\/wp-json\/wp\/v2\/product\/14783","targetHints":{"allow":["GET"]}}],"collection":[{"href":"https:\/\/homeproject.fr\/fr\/wp-json\/wp\/v2\/product"}],"about":[{"href":"https:\/\/homeproject.fr\/fr\/wp-json\/wp\/v2\/types\/product"}],"version-history":[{"count":1,"href":"https:\/\/homeproject.fr\/fr\/wp-json\/wp\/v2\/product\/14783\/revisions"}],"predecessor-version":[{"id":14803,"href":"https:\/\/homeproject.fr\/fr\/wp-json\/wp\/v2\/product\/14783\/revisions\/14803"}],"wp:featuredmedia":[{"embeddable":true,"href":"https:\/\/homeproject.fr\/fr\/wp-json\/wp\/v2\/media\/14791"}],"wp:attachment":[{"href":"https:\/\/homeproject.fr\/fr\/wp-json\/wp\/v2\/media?parent=14783"}],"wp:term":[{"taxonomy":"product_brand","embeddable":true,"href":"https:\/\/homeproject.fr\/fr\/wp-json\/wp\/v2\/product_brand?post=14783"},{"taxonomy":"product_cat","embeddable":true,"href":"https:\/\/homeproject.fr\/fr\/wp-json\/wp\/v2\/product_cat?post=14783"},{"taxonomy":"product_tag","embeddable":true,"href":"https:\/\/homeproject.fr\/fr\/wp-json\/wp\/v2\/product_tag?post=14783"}],"curies":[{"name":"wp","href":"https:\/\/api.w.org\/{rel}","templated":true}]}}