{"id":14699,"date":"2025-06-21T12:36:06","date_gmt":"2025-06-21T12:36:06","guid":{"rendered":"https:\/\/homeproject.fr\/fr\/?post_type=product&#038;p=14699"},"modified":"2025-06-21T12:54:57","modified_gmt":"2025-06-21T12:54:57","slug":"miroir-mural-leggero-par-bmb-italy-minimalisme-elegant-et-formats-varies","status":"publish","type":"product","link":"https:\/\/homeproject.fr\/fr\/produit\/miroir-mural-leggero-par-bmb-italy-minimalisme-elegant-et-formats-varies\/","title":{"rendered":"Miroir mural Leggero par Bmb Italy \u2013 Minimalisme \u00e9l\u00e9gant et formats vari\u00e9s"},"content":{"rendered":"<div class=\"flex-1 overflow-hidden @container\/thread\">\n<div class=\"h-full\">\n<div class=\"react-scroll-to-bottom--css-avwfw-79elbk h-full\">\n<div class=\"react-scroll-to-bottom--css-avwfw-1n7m0yu\">\n<div class=\"flex flex-col text-sm md:pb-9\">\n<article class=\"w-full scroll-mb-[var(--thread-trailing-height,150px)] text-token-text-primary focus-visible:outline-2 focus-visible:outline-offset-[-4px]\" dir=\"auto\" data-testid=\"conversation-turn-13\" data-scroll-anchor=\"true\">\n<div class=\"m-auto text-base py-[18px] px-3 md:px-4 w-full md:px-5 lg:px-4 xl:px-5\">\n<div class=\"mx-auto flex flex-1 gap-4 text-base md:gap-5 lg:gap-6 md:max-w-3xl lg:max-w-[40rem] xl:max-w-[48rem]\">\n<div class=\"group\/conversation-turn relative flex w-full min-w-0 flex-col agent-turn\">\n<div class=\"flex-col gap-1 md:gap-3\">\n<div class=\"flex max-w-full flex-col flex-grow\">\n<div class=\"min-h-8 text-message flex w-full flex-col items-end gap-2 whitespace-normal break-words text-start [.text-message+&amp;]:mt-5\" dir=\"auto\" data-message-author-role=\"assistant\" data-message-id=\"dc5cab26-9697-46d2-b6fe-c8745ded277b\" data-message-model-slug=\"gpt-4o\">\n<div class=\"flex w-full flex-col gap-1 empty:hidden first:pt-[3px]\">\n<div class=\"markdown prose w-full break-words dark:prose-invert light\">\n<h3 data-start=\"923\" data-end=\"950\">Finitions disponibles :<\/h3>\n<ul data-start=\"951\" data-end=\"1053\">\n<li data-start=\"951\" data-end=\"1013\">\n<p data-start=\"953\" data-end=\"1013\"><strong data-start=\"953\" data-end=\"991\">Cadre en aluminium anodis\u00e9 naturel<\/strong> (fini satin\u00e9 clair)<\/p>\n<\/li>\n<li data-start=\"1014\" data-end=\"1053\">\n<p data-start=\"1016\" data-end=\"1053\"><strong data-start=\"1016\" data-end=\"1053\">Cadre en aluminium peint noir mat<\/strong><\/p>\n<\/li>\n<\/ul>\n<h3 data-start=\"1055\" data-end=\"1077\">Formats propos\u00e9s :<\/h3>\n<ul data-start=\"1078\" data-end=\"1238\">\n<li data-start=\"1078\" data-end=\"1093\">\n<p data-start=\"1080\" data-end=\"1093\">15 x 150 cm<\/p>\n<\/li>\n<li data-start=\"1094\" data-end=\"1109\">\n<p data-start=\"1096\" data-end=\"1109\">15 x 200 cm<\/p>\n<\/li>\n<li data-start=\"1110\" data-end=\"1125\">\n<p data-start=\"1112\" data-end=\"1125\">20 x 235 cm<\/p>\n<\/li>\n<li data-start=\"1126\" data-end=\"1141\">\n<p data-start=\"1128\" data-end=\"1141\">30 x 200 cm<\/p>\n<\/li>\n<li data-start=\"1142\" data-end=\"1157\">\n<p data-start=\"1144\" data-end=\"1157\">40 x 150 cm<\/p>\n<\/li>\n<li data-start=\"1158\" data-end=\"1173\">\n<p data-start=\"1160\" data-end=\"1173\">40 x 180 cm<\/p>\n<\/li>\n<li data-start=\"1174\" data-end=\"1189\">\n<p data-start=\"1176\" data-end=\"1189\">60 x 200 cm<\/p>\n<\/li>\n<li data-start=\"1190\" data-end=\"1206\">\n<p data-start=\"1192\" data-end=\"1206\">100 x 200 cm<\/p>\n<\/li>\n<li data-start=\"1207\" data-end=\"1223\">\n<p data-start=\"1209\" data-end=\"1223\">130 x 130 cm<\/p>\n<\/li>\n<li data-start=\"1224\" data-end=\"1238\">\n<p data-start=\"1226\" data-end=\"1238\">180 x 180 cm<\/p>\n<\/li>\n<\/ul>\n<h3 data-start=\"1240\" data-end=\"1273\">Caract\u00e9ristiques techniques :<\/h3>\n<ul data-start=\"1274\" data-end=\"1619\">\n<li data-start=\"1274\" data-end=\"1334\">\n<p data-start=\"1276\" data-end=\"1334\"><strong data-start=\"1276\" data-end=\"1289\">Structure<\/strong> : Cadre aluminium ultra-fin (bord discret)<\/p>\n<\/li>\n<li data-start=\"1335\" data-end=\"1396\">\n<p data-start=\"1337\" data-end=\"1396\"><strong data-start=\"1337\" data-end=\"1346\">Verre<\/strong> : Miroir clair de haute qualit\u00e9, finition polie<\/p>\n<\/li>\n<li data-start=\"1397\" data-end=\"1494\">\n<p data-start=\"1399\" data-end=\"1494\"><strong data-start=\"1399\" data-end=\"1411\">Fixation<\/strong> : \u00c0 suspendre verticalement ou horizontalement (selon mod\u00e8le), ou \u00e0 poser au sol<\/p>\n<\/li>\n<li data-start=\"1495\" data-end=\"1543\">\n<p data-start=\"1497\" data-end=\"1543\"><strong data-start=\"1497\" data-end=\"1506\">Style<\/strong> : Minimaliste, contemporain, \u00e9pur\u00e9<\/p>\n<\/li>\n<li data-start=\"1544\" data-end=\"1619\">\n<p data-start=\"1546\" data-end=\"1619\"><strong data-start=\"1546\" data-end=\"1559\">Entretien<\/strong> : Nettoyage facile avec chiffon doux et produit pour vitres<\/p>\n<\/li>\n<\/ul>\n<h3 data-start=\"1621\" data-end=\"1639\">Points forts :<\/h3>\n<ul data-start=\"1640\" data-end=\"1894\">\n<li data-start=\"1640\" data-end=\"1711\">\n<p data-start=\"1642\" data-end=\"1711\"><strong data-start=\"1642\" data-end=\"1672\">Design sobre et intemporel<\/strong> adapt\u00e9 \u00e0 tous les styles d\u2019int\u00e9rieur<\/p>\n<\/li>\n<li data-start=\"1712\" data-end=\"1765\">\n<p data-start=\"1714\" data-end=\"1765\"><strong data-start=\"1714\" data-end=\"1744\">Polyvalence d\u2019installation<\/strong> (accroch\u00e9 ou pos\u00e9)<\/p>\n<\/li>\n<li data-start=\"1766\" data-end=\"1835\">\n<p data-start=\"1768\" data-end=\"1835\"><strong data-start=\"1768\" data-end=\"1786\">Grands formats<\/strong> disponibles pour effet d\u00e9coratif spectaculaire<\/p>\n<\/li>\n<li data-start=\"1836\" data-end=\"1894\">\n<p data-start=\"1838\" data-end=\"1894\"><strong data-start=\"1838\" data-end=\"1861\">Fabrication soign\u00e9e<\/strong> avec des mat\u00e9riaux haut de gamme<\/p>\n<\/li>\n<\/ul>\n<h3 data-start=\"940\" data-end=\"962\"><strong style=\"font-family: inherit; font-size: 30px;\">Vous avez des questions ?<\/strong><\/h3>\n<\/div>\n<\/div>\n<\/div>\n<\/div>\n<\/div>\n<\/div>\n<\/div>\n<\/div>\n<\/article>\n<\/div>\n<\/div>\n<\/div>\n<\/div>\n<\/div>\n<style id=\"wpforms-css-vars-3675\">\n\t\t\t\t#wpforms-3675 {\n\t\t\t\t\n\t\t\t}\n\t\t\t<\/style><div class=\"wpforms-container wpforms-container-full wpforms-render-modern\" id=\"wpforms-3675\"><form id=\"wpforms-form-3675\" class=\"wpforms-validate wpforms-form wpforms-ajax-form\" data-formid=\"3675\" method=\"post\" enctype=\"multipart\/form-data\" action=\"\/fr\/wp-json\/wp\/v2\/product\/14699\" data-token=\"61a757da810f90bb9b7a9e476d087382\" data-token-time=\"1776519110\"><noscript class=\"wpforms-error-noscript\">Veuillez activer JavaScript dans votre navigateur pour remplir ce formulaire.<\/noscript><div id=\"wpforms-error-noscript\" style=\"display: none;\">Veuillez activer JavaScript dans votre navigateur pour remplir ce formulaire.<\/div><div class=\"wpforms-field-container\"><div id=\"wpforms-3675-field_3-container\" class=\"wpforms-field wpforms-field-name\" data-field-id=\"3\"><fieldset><legend class=\"wpforms-field-label\">Nom <span class=\"wpforms-required-label\" aria-hidden=\"true\">*<\/span><\/legend><div class=\"wpforms-field-row wpforms-field-medium\"><div class=\"wpforms-field-row-block wpforms-first wpforms-one-half\"><input type=\"text\" id=\"wpforms-3675-field_3\" class=\"wpforms-field-name-first wpforms-field-required\" name=\"wpforms[fields][3][first]\" aria-errormessage=\"wpforms-3675-field_3-error\" required><label for=\"wpforms-3675-field_3\" class=\"wpforms-field-sublabel after\">Pr\u00e9nom<\/label><\/div><div class=\"wpforms-field-row-block wpforms-one-half\"><input type=\"text\" id=\"wpforms-3675-field_3-last\" class=\"wpforms-field-name-last wpforms-field-required\" name=\"wpforms[fields][3][last]\" aria-errormessage=\"wpforms-3675-field_3-last-error\" required><label for=\"wpforms-3675-field_3-last\" class=\"wpforms-field-sublabel after\">Nom<\/label><\/div><\/div><\/fieldset><\/div>\t\t<div id=\"wpforms-3675-field_1-container\"\n\t\t\tclass=\"wpforms-field wpforms-field-text\"\n\t\t\tdata-field-type=\"text\"\n\t\t\tdata-field-id=\"1\"\n\t\t\t>\n\t\t\t<label class=\"wpforms-field-label\" for=\"wpforms-3675-field_1\" >Message Nom E-mail<\/label>\n\t\t\t<input type=\"text\" id=\"wpforms-3675-field_1\" class=\"wpforms-field-medium\" name=\"wpforms[fields][1]\" >\n\t\t<\/div>\n\t\t<div id=\"wpforms-3675-field_4-container\" class=\"wpforms-field wpforms-field-email\" data-field-id=\"4\"><label class=\"wpforms-field-label\" for=\"wpforms-3675-field_4\">E-mail <span class=\"wpforms-required-label\" aria-hidden=\"true\">*<\/span><\/label><input type=\"email\" id=\"wpforms-3675-field_4\" class=\"wpforms-field-medium wpforms-field-required\" name=\"wpforms[fields][4]\" spellcheck=\"false\" aria-errormessage=\"wpforms-3675-field_4-error\" required><\/div><div id=\"wpforms-3675-field_5-container\" class=\"wpforms-field wpforms-field-textarea\" data-field-id=\"5\"><label class=\"wpforms-field-label\" for=\"wpforms-3675-field_5\">Message <span class=\"wpforms-required-label\" aria-hidden=\"true\">*<\/span><\/label><textarea id=\"wpforms-3675-field_5\" class=\"wpforms-field-medium wpforms-field-required\" name=\"wpforms[fields][5]\" aria-errormessage=\"wpforms-3675-field_5-error\" required><\/textarea><\/div><script>\n\t\t\t\t( function() {\n\t\t\t\t\tconst style = document.createElement( 'style' );\n\t\t\t\t\tstyle.appendChild( document.createTextNode( '#wpforms-3675-field_1-container { position: absolute !important; overflow: hidden !important; display: inline !important; height: 1px !important; width: 1px !important; z-index: -1000 !important; padding: 0 !important; } #wpforms-3675-field_1-container input { visibility: hidden; } #wpforms-conversational-form-page #wpforms-3675-field_1-container label { counter-increment: none; }' ) );\n\t\t\t\t\tdocument.head.appendChild( style );\n\t\t\t\t\tdocument.currentScript?.remove();\n\t\t\t\t} )();\n\t\t\t<\/script><\/div><!-- .wpforms-field-container --><div class=\"wpforms-submit-container\" ><input type=\"hidden\" name=\"wpforms[id]\" value=\"3675\"><input type=\"hidden\" name=\"page_title\" value=\"\"><input type=\"hidden\" name=\"page_url\" value=\"https:\/\/homeproject.fr\/fr\/wp-json\/wp\/v2\/product\/14699\"><input type=\"hidden\" name=\"url_referer\" value=\"\"><button type=\"submit\" name=\"wpforms[submit]\" id=\"wpforms-submit-3675\" class=\"wpforms-submit\" data-alt-text=\"Envoi...\" data-submit-text=\"Envoyer\" aria-live=\"assertive\" value=\"wpforms-submit\">Envoyer<\/button><img decoding=\"async\" src=\"https:\/\/homeproject.fr\/fr\/wp-content\/plugins\/wpforms-lite\/assets\/images\/submit-spin.svg\" class=\"wpforms-submit-spinner\" style=\"display: none;\" width=\"26\" height=\"26\" alt=\"Chargement en cours\"><\/div><\/form><\/div>  <!-- .wpforms-container -->\n","protected":false},"excerpt":{"rendered":"<p data-start=\"253\" data-end=\"617\">Le miroir <strong data-start=\"263\" data-end=\"274\">Leggero<\/strong> incarne la quintessence du design minimaliste. Sa silhouette \u00e9pur\u00e9e, soulign\u00e9e par un <strong data-start=\"361\" data-end=\"415\">cadre en aluminium anodis\u00e9 ou aluminium peint noir<\/strong>, s\u2019int\u00e8gre avec finesse dans tous les int\u00e9rieurs contemporains. Con\u00e7u pour refl\u00e9ter la lumi\u00e8re et agrandir visuellement les espaces, ce miroir allie <strong data-start=\"565\" data-end=\"616\">fonctionnalit\u00e9, esth\u00e9tique et l\u00e9g\u00e8ret\u00e9 visuelle<\/strong>.<\/p>\n<p data-start=\"619\" data-end=\"921\">D\u00e9clin\u00e9 dans une <strong data-start=\"636\" data-end=\"665\">vaste gamme de dimensions<\/strong>, du format vertical \u00e9lanc\u00e9 au grand carr\u00e9 panoramique, le miroir Leggero s\u2019adapte \u00e0 toutes les configurations : entr\u00e9e, dressing, salon, chambre, couloir ou espace commercial. Il peut \u00eatre <strong data-start=\"855\" data-end=\"889\">accroch\u00e9 au mur ou pos\u00e9 au sol<\/strong> pour un effet loft sophistiqu\u00e9.<\/p>\n","protected":false},"featured_media":14703,"template":"","meta":{"_uf_show_specific_survey":0,"_uf_disable_surveys":false,"iawp_total_views":6},"product_brand":[555],"product_cat":[543],"product_tag":[],"class_list":{"0":"post-14699","1":"product","2":"type-product","3":"status-publish","4":"has-post-thumbnail","6":"product_brand-bmb-italy","7":"product_cat-miroirs","8":"product_shipping_class-mobilier-par-transporteur-de-meuble","9":"pa_collection-leggero-par-bmb-italy","10":"pa_marque-bmb-italy","11":"pa_materiau-aluminium","12":"pa_materiau-miroir","14":"first","15":"instock","16":"taxable","17":"shipping-taxable","18":"purchasable","19":"product-type-variable"},"yoast_head":"<!-- This site is optimized with the Yoast SEO plugin v27.4 - https:\/\/yoast.com\/product\/yoast-seo-wordpress\/ -->\n<title>Miroir mural Leggero par Bmb Italy \u2013 Minimalisme \u00e9l\u00e9gant et formats vari\u00e9s - Homeproject.fr<\/title>\n<meta name=\"description\" content=\"Miroir mural Leggero \u2013 Cadre noir ou aluminium anodis\u00e9, formats vari\u00e9s de 15x150 \u00e0 180x180 cm. Design minimaliste, \u00e0 poser ou suspendre.\" \/>\n<meta name=\"robots\" content=\"index, follow, max-snippet:-1, max-image-preview:large, max-video-preview:-1\" \/>\n<link rel=\"canonical\" href=\"https:\/\/homeproject.fr\/fr\/produit\/miroir-mural-leggero-par-bmb-italy-minimalisme-elegant-et-formats-varies\/\" \/>\n<meta property=\"og:locale\" content=\"fr_FR\" \/>\n<meta property=\"og:type\" content=\"article\" \/>\n<meta property=\"og:title\" content=\"Miroir mural Leggero par Bmb Italy \u2013 Minimalisme \u00e9l\u00e9gant et formats vari\u00e9s - Homeproject.fr\" \/>\n<meta property=\"og:description\" content=\"Miroir mural Leggero \u2013 Cadre noir ou aluminium anodis\u00e9, formats vari\u00e9s de 15x150 \u00e0 180x180 cm. Design minimaliste, \u00e0 poser ou suspendre.\" \/>\n<meta property=\"og:url\" content=\"https:\/\/homeproject.fr\/fr\/produit\/miroir-mural-leggero-par-bmb-italy-minimalisme-elegant-et-formats-varies\/\" \/>\n<meta property=\"og:site_name\" content=\"Homeproject.fr\" \/>\n<meta property=\"article:modified_time\" content=\"2025-06-21T12:54:57+00:00\" \/>\n<meta property=\"og:image\" content=\"https:\/\/homeproject.fr\/fr\/wp-content\/uploads\/2025\/06\/Miroir-mural-minimaliste-Leggero-cadre-noir-carre-chambre.jpg\" \/>\n\t<meta property=\"og:image:width\" content=\"1500\" \/>\n\t<meta property=\"og:image:height\" content=\"1500\" \/>\n\t<meta property=\"og:image:type\" content=\"image\/jpeg\" \/>\n<meta name=\"twitter:card\" content=\"summary_large_image\" \/>\n<meta name=\"twitter:label1\" content=\"Dur\u00e9e de lecture estim\u00e9e\" \/>\n\t<meta name=\"twitter:data1\" content=\"1 minute\" \/>\n<script type=\"application\/ld+json\" class=\"yoast-schema-graph\">{\"@context\":\"https:\\\/\\\/schema.org\",\"@graph\":[{\"@type\":\"WebPage\",\"@id\":\"https:\\\/\\\/homeproject.fr\\\/fr\\\/produit\\\/miroir-mural-leggero-par-bmb-italy-minimalisme-elegant-et-formats-varies\\\/\",\"url\":\"https:\\\/\\\/homeproject.fr\\\/fr\\\/produit\\\/miroir-mural-leggero-par-bmb-italy-minimalisme-elegant-et-formats-varies\\\/\",\"name\":\"Miroir mural Leggero par Bmb Italy \u2013 Minimalisme \u00e9l\u00e9gant et formats vari\u00e9s - Homeproject.fr\",\"isPartOf\":{\"@id\":\"https:\\\/\\\/homeproject.fr\\\/fr\\\/#website\"},\"primaryImageOfPage\":{\"@id\":\"https:\\\/\\\/homeproject.fr\\\/fr\\\/produit\\\/miroir-mural-leggero-par-bmb-italy-minimalisme-elegant-et-formats-varies\\\/#primaryimage\"},\"image\":{\"@id\":\"https:\\\/\\\/homeproject.fr\\\/fr\\\/produit\\\/miroir-mural-leggero-par-bmb-italy-minimalisme-elegant-et-formats-varies\\\/#primaryimage\"},\"thumbnailUrl\":\"https:\\\/\\\/homeproject.fr\\\/fr\\\/wp-content\\\/uploads\\\/2025\\\/06\\\/Miroir-mural-minimaliste-Leggero-cadre-noir-carre-chambre.jpg\",\"datePublished\":\"2025-06-21T12:36:06+00:00\",\"dateModified\":\"2025-06-21T12:54:57+00:00\",\"description\":\"Miroir mural Leggero \u2013 Cadre noir ou aluminium anodis\u00e9, formats vari\u00e9s de 15x150 \u00e0 180x180 cm. Design minimaliste, \u00e0 poser ou suspendre.\",\"breadcrumb\":{\"@id\":\"https:\\\/\\\/homeproject.fr\\\/fr\\\/produit\\\/miroir-mural-leggero-par-bmb-italy-minimalisme-elegant-et-formats-varies\\\/#breadcrumb\"},\"inLanguage\":\"fr-FR\",\"potentialAction\":[{\"@type\":\"ReadAction\",\"target\":[\"https:\\\/\\\/homeproject.fr\\\/fr\\\/produit\\\/miroir-mural-leggero-par-bmb-italy-minimalisme-elegant-et-formats-varies\\\/\"]}]},{\"@type\":\"ImageObject\",\"inLanguage\":\"fr-FR\",\"@id\":\"https:\\\/\\\/homeproject.fr\\\/fr\\\/produit\\\/miroir-mural-leggero-par-bmb-italy-minimalisme-elegant-et-formats-varies\\\/#primaryimage\",\"url\":\"https:\\\/\\\/homeproject.fr\\\/fr\\\/wp-content\\\/uploads\\\/2025\\\/06\\\/Miroir-mural-minimaliste-Leggero-cadre-noir-carre-chambre.jpg\",\"contentUrl\":\"https:\\\/\\\/homeproject.fr\\\/fr\\\/wp-content\\\/uploads\\\/2025\\\/06\\\/Miroir-mural-minimaliste-Leggero-cadre-noir-carre-chambre.jpg\",\"width\":1500,\"height\":1500},{\"@type\":\"BreadcrumbList\",\"@id\":\"https:\\\/\\\/homeproject.fr\\\/fr\\\/produit\\\/miroir-mural-leggero-par-bmb-italy-minimalisme-elegant-et-formats-varies\\\/#breadcrumb\",\"itemListElement\":[{\"@type\":\"ListItem\",\"position\":1,\"name\":\"Accueil\",\"item\":\"https:\\\/\\\/homeproject.fr\\\/fr\\\/\"},{\"@type\":\"ListItem\",\"position\":2,\"name\":\"Boutique\",\"item\":\"https:\\\/\\\/homeproject.fr\\\/fr\\\/boutique\\\/\"},{\"@type\":\"ListItem\",\"position\":3,\"name\":\"Miroir mural Leggero par Bmb Italy \u2013 Minimalisme \u00e9l\u00e9gant et formats vari\u00e9s\"}]},{\"@type\":\"WebSite\",\"@id\":\"https:\\\/\\\/homeproject.fr\\\/fr\\\/#website\",\"url\":\"https:\\\/\\\/homeproject.fr\\\/fr\\\/\",\"name\":\"Homeproject.fr\",\"description\":\"Offrez l&#039;exceptionnel \u00e0 vos espaces \u00e0 vivre\",\"publisher\":{\"@id\":\"https:\\\/\\\/homeproject.fr\\\/fr\\\/#organization\"},\"potentialAction\":[{\"@type\":\"SearchAction\",\"target\":{\"@type\":\"EntryPoint\",\"urlTemplate\":\"https:\\\/\\\/homeproject.fr\\\/fr\\\/?s={search_term_string}\"},\"query-input\":{\"@type\":\"PropertyValueSpecification\",\"valueRequired\":true,\"valueName\":\"search_term_string\"}}],\"inLanguage\":\"fr-FR\"},{\"@type\":\"Organization\",\"@id\":\"https:\\\/\\\/homeproject.fr\\\/fr\\\/#organization\",\"name\":\"Homeproject.fr\",\"url\":\"https:\\\/\\\/homeproject.fr\\\/fr\\\/\",\"logo\":{\"@type\":\"ImageObject\",\"inLanguage\":\"fr-FR\",\"@id\":\"https:\\\/\\\/homeproject.fr\\\/fr\\\/#\\\/schema\\\/logo\\\/image\\\/\",\"url\":\"https:\\\/\\\/homeproject.fr\\\/fr\\\/wp-content\\\/uploads\\\/2024\\\/12\\\/Logo_HomeProject-noir-2.png\",\"contentUrl\":\"https:\\\/\\\/homeproject.fr\\\/fr\\\/wp-content\\\/uploads\\\/2024\\\/12\\\/Logo_HomeProject-noir-2.png\",\"width\":300,\"height\":91,\"caption\":\"Homeproject.fr\"},\"image\":{\"@id\":\"https:\\\/\\\/homeproject.fr\\\/fr\\\/#\\\/schema\\\/logo\\\/image\\\/\"}}]}<\/script>\n<!-- \/ Yoast SEO plugin. -->","yoast_head_json":{"title":"Miroir mural Leggero par Bmb Italy \u2013 Minimalisme \u00e9l\u00e9gant et formats vari\u00e9s - Homeproject.fr","description":"Miroir mural Leggero \u2013 Cadre noir ou aluminium anodis\u00e9, formats vari\u00e9s de 15x150 \u00e0 180x180 cm. Design minimaliste, \u00e0 poser ou suspendre.","robots":{"index":"index","follow":"follow","max-snippet":"max-snippet:-1","max-image-preview":"max-image-preview:large","max-video-preview":"max-video-preview:-1"},"canonical":"https:\/\/homeproject.fr\/fr\/produit\/miroir-mural-leggero-par-bmb-italy-minimalisme-elegant-et-formats-varies\/","og_locale":"fr_FR","og_type":"article","og_title":"Miroir mural Leggero par Bmb Italy \u2013 Minimalisme \u00e9l\u00e9gant et formats vari\u00e9s - Homeproject.fr","og_description":"Miroir mural Leggero \u2013 Cadre noir ou aluminium anodis\u00e9, formats vari\u00e9s de 15x150 \u00e0 180x180 cm. Design minimaliste, \u00e0 poser ou suspendre.","og_url":"https:\/\/homeproject.fr\/fr\/produit\/miroir-mural-leggero-par-bmb-italy-minimalisme-elegant-et-formats-varies\/","og_site_name":"Homeproject.fr","article_modified_time":"2025-06-21T12:54:57+00:00","og_image":[{"width":1500,"height":1500,"url":"https:\/\/homeproject.fr\/fr\/wp-content\/uploads\/2025\/06\/Miroir-mural-minimaliste-Leggero-cadre-noir-carre-chambre.jpg","type":"image\/jpeg"}],"twitter_card":"summary_large_image","twitter_misc":{"Dur\u00e9e de lecture estim\u00e9e":"1 minute"},"schema":{"@context":"https:\/\/schema.org","@graph":[{"@type":"WebPage","@id":"https:\/\/homeproject.fr\/fr\/produit\/miroir-mural-leggero-par-bmb-italy-minimalisme-elegant-et-formats-varies\/","url":"https:\/\/homeproject.fr\/fr\/produit\/miroir-mural-leggero-par-bmb-italy-minimalisme-elegant-et-formats-varies\/","name":"Miroir mural Leggero par Bmb Italy \u2013 Minimalisme \u00e9l\u00e9gant et formats vari\u00e9s - Homeproject.fr","isPartOf":{"@id":"https:\/\/homeproject.fr\/fr\/#website"},"primaryImageOfPage":{"@id":"https:\/\/homeproject.fr\/fr\/produit\/miroir-mural-leggero-par-bmb-italy-minimalisme-elegant-et-formats-varies\/#primaryimage"},"image":{"@id":"https:\/\/homeproject.fr\/fr\/produit\/miroir-mural-leggero-par-bmb-italy-minimalisme-elegant-et-formats-varies\/#primaryimage"},"thumbnailUrl":"https:\/\/homeproject.fr\/fr\/wp-content\/uploads\/2025\/06\/Miroir-mural-minimaliste-Leggero-cadre-noir-carre-chambre.jpg","datePublished":"2025-06-21T12:36:06+00:00","dateModified":"2025-06-21T12:54:57+00:00","description":"Miroir mural Leggero \u2013 Cadre noir ou aluminium anodis\u00e9, formats vari\u00e9s de 15x150 \u00e0 180x180 cm. Design minimaliste, \u00e0 poser ou suspendre.","breadcrumb":{"@id":"https:\/\/homeproject.fr\/fr\/produit\/miroir-mural-leggero-par-bmb-italy-minimalisme-elegant-et-formats-varies\/#breadcrumb"},"inLanguage":"fr-FR","potentialAction":[{"@type":"ReadAction","target":["https:\/\/homeproject.fr\/fr\/produit\/miroir-mural-leggero-par-bmb-italy-minimalisme-elegant-et-formats-varies\/"]}]},{"@type":"ImageObject","inLanguage":"fr-FR","@id":"https:\/\/homeproject.fr\/fr\/produit\/miroir-mural-leggero-par-bmb-italy-minimalisme-elegant-et-formats-varies\/#primaryimage","url":"https:\/\/homeproject.fr\/fr\/wp-content\/uploads\/2025\/06\/Miroir-mural-minimaliste-Leggero-cadre-noir-carre-chambre.jpg","contentUrl":"https:\/\/homeproject.fr\/fr\/wp-content\/uploads\/2025\/06\/Miroir-mural-minimaliste-Leggero-cadre-noir-carre-chambre.jpg","width":1500,"height":1500},{"@type":"BreadcrumbList","@id":"https:\/\/homeproject.fr\/fr\/produit\/miroir-mural-leggero-par-bmb-italy-minimalisme-elegant-et-formats-varies\/#breadcrumb","itemListElement":[{"@type":"ListItem","position":1,"name":"Accueil","item":"https:\/\/homeproject.fr\/fr\/"},{"@type":"ListItem","position":2,"name":"Boutique","item":"https:\/\/homeproject.fr\/fr\/boutique\/"},{"@type":"ListItem","position":3,"name":"Miroir mural Leggero par Bmb Italy \u2013 Minimalisme \u00e9l\u00e9gant et formats vari\u00e9s"}]},{"@type":"WebSite","@id":"https:\/\/homeproject.fr\/fr\/#website","url":"https:\/\/homeproject.fr\/fr\/","name":"Homeproject.fr","description":"Offrez l&#039;exceptionnel \u00e0 vos espaces \u00e0 vivre","publisher":{"@id":"https:\/\/homeproject.fr\/fr\/#organization"},"potentialAction":[{"@type":"SearchAction","target":{"@type":"EntryPoint","urlTemplate":"https:\/\/homeproject.fr\/fr\/?s={search_term_string}"},"query-input":{"@type":"PropertyValueSpecification","valueRequired":true,"valueName":"search_term_string"}}],"inLanguage":"fr-FR"},{"@type":"Organization","@id":"https:\/\/homeproject.fr\/fr\/#organization","name":"Homeproject.fr","url":"https:\/\/homeproject.fr\/fr\/","logo":{"@type":"ImageObject","inLanguage":"fr-FR","@id":"https:\/\/homeproject.fr\/fr\/#\/schema\/logo\/image\/","url":"https:\/\/homeproject.fr\/fr\/wp-content\/uploads\/2024\/12\/Logo_HomeProject-noir-2.png","contentUrl":"https:\/\/homeproject.fr\/fr\/wp-content\/uploads\/2024\/12\/Logo_HomeProject-noir-2.png","width":300,"height":91,"caption":"Homeproject.fr"},"image":{"@id":"https:\/\/homeproject.fr\/fr\/#\/schema\/logo\/image\/"}}]}},"_links":{"self":[{"href":"https:\/\/homeproject.fr\/fr\/wp-json\/wp\/v2\/product\/14699","targetHints":{"allow":["GET"]}}],"collection":[{"href":"https:\/\/homeproject.fr\/fr\/wp-json\/wp\/v2\/product"}],"about":[{"href":"https:\/\/homeproject.fr\/fr\/wp-json\/wp\/v2\/types\/product"}],"version-history":[{"count":1,"href":"https:\/\/homeproject.fr\/fr\/wp-json\/wp\/v2\/product\/14699\/revisions"}],"predecessor-version":[{"id":14737,"href":"https:\/\/homeproject.fr\/fr\/wp-json\/wp\/v2\/product\/14699\/revisions\/14737"}],"wp:featuredmedia":[{"embeddable":true,"href":"https:\/\/homeproject.fr\/fr\/wp-json\/wp\/v2\/media\/14703"}],"wp:attachment":[{"href":"https:\/\/homeproject.fr\/fr\/wp-json\/wp\/v2\/media?parent=14699"}],"wp:term":[{"taxonomy":"product_brand","embeddable":true,"href":"https:\/\/homeproject.fr\/fr\/wp-json\/wp\/v2\/product_brand?post=14699"},{"taxonomy":"product_cat","embeddable":true,"href":"https:\/\/homeproject.fr\/fr\/wp-json\/wp\/v2\/product_cat?post=14699"},{"taxonomy":"product_tag","embeddable":true,"href":"https:\/\/homeproject.fr\/fr\/wp-json\/wp\/v2\/product_tag?post=14699"}],"curies":[{"name":"wp","href":"https:\/\/api.w.org\/{rel}","templated":true}]}}