{"id":14676,"date":"2025-06-21T09:17:25","date_gmt":"2025-06-21T09:17:25","guid":{"rendered":"https:\/\/homeproject.fr\/fr\/?post_type=product&#038;p=14676"},"modified":"2025-06-21T09:22:49","modified_gmt":"2025-06-21T09:22:49","slug":"tapis-interieur-exterieur-luminous-blue-par-ligne-pure","status":"publish","type":"product","link":"https:\/\/homeproject.fr\/fr\/produit\/tapis-interieur-exterieur-luminous-blue-par-ligne-pure\/","title":{"rendered":"Tapis int\u00e9rieur ext\u00e9rieur Luminous Blue par Ligne Pure"},"content":{"rendered":"<div class=\"flex-1 overflow-hidden @container\/thread\">\n<div class=\"h-full\">\n<div class=\"react-scroll-to-bottom--css-avwfw-79elbk h-full\">\n<div class=\"react-scroll-to-bottom--css-avwfw-1n7m0yu\">\n<div class=\"flex flex-col text-sm md:pb-9\">\n<article class=\"w-full scroll-mb-[var(--thread-trailing-height,150px)] text-token-text-primary focus-visible:outline-2 focus-visible:outline-offset-[-4px]\" dir=\"auto\" data-testid=\"conversation-turn-13\" data-scroll-anchor=\"true\">\n<div class=\"m-auto text-base py-[18px] px-3 md:px-4 w-full md:px-5 lg:px-4 xl:px-5\">\n<div class=\"mx-auto flex flex-1 gap-4 text-base md:gap-5 lg:gap-6 md:max-w-3xl lg:max-w-[40rem] xl:max-w-[48rem]\">\n<div class=\"group\/conversation-turn relative flex w-full min-w-0 flex-col agent-turn\">\n<div class=\"flex-col gap-1 md:gap-3\">\n<div class=\"flex max-w-full flex-col flex-grow\">\n<div class=\"min-h-8 text-message flex w-full flex-col items-end gap-2 whitespace-normal break-words text-start [.text-message+&]:mt-5\" dir=\"auto\" data-message-author-role=\"assistant\" data-message-id=\"dc5cab26-9697-46d2-b6fe-c8745ded277b\" data-message-model-slug=\"gpt-4o\">\n<div class=\"flex w-full flex-col gap-1 empty:hidden first:pt-[3px]\">\n<div class=\"markdown prose w-full break-words dark:prose-invert light\">\n<h3 data-start=\"940\" data-end=\"962\">Caract\u00e9ristiques :<\/h3>\n<ul data-start=\"963\" data-end=\"1343\">\n<li data-start=\"963\" data-end=\"990\">\n<p data-start=\"965\" data-end=\"990\"><strong data-start=\"965\" data-end=\"975\">Marque<\/strong> : Ligne Pure<\/p>\n<\/li>\n<li data-start=\"991\" data-end=\"1023\">\n<p data-start=\"993\" data-end=\"1023\"><strong data-start=\"993\" data-end=\"1003\">Mod\u00e8le<\/strong> : Luminous Greige<\/p>\n<\/li>\n<li data-start=\"1024\" data-end=\"1082\">\n<p data-start=\"1026\" data-end=\"1082\"><strong data-start=\"1026\" data-end=\"1036\">Design<\/strong> : Abstrait contemporain, effet us\u00e9 min\u00e9ral<\/p>\n<\/li>\n<li data-start=\"1083\" data-end=\"1126\">\n<p data-start=\"1085\" data-end=\"1126\"><strong data-start=\"1085\" data-end=\"1100\">Utilisation<\/strong> : Int\u00e9rieur \/ Ext\u00e9rieur<\/p>\n<\/li>\n<li data-start=\"1127\" data-end=\"1178\">\n<p data-start=\"1129\" data-end=\"1178\"><strong data-start=\"1129\" data-end=\"1140\">Mati\u00e8re<\/strong> : Decolan et Polyester<\/p>\n<\/li>\n<li data-start=\"1179\" data-end=\"1240\">\n<p data-start=\"1181\" data-end=\"1240\"><strong data-start=\"1181\" data-end=\"1194\">Entretien<\/strong> : Facile \u00e0 nettoyer, r\u00e9sistant \u00e0 l\u2019humidit\u00e9<\/p>\n<\/li>\n<li data-start=\"1241\" data-end=\"1294\">\n<p data-start=\"1243\" data-end=\"1294\"><strong data-start=\"1243\" data-end=\"1254\">Coloris<\/strong> : Beige clair, blanc cass\u00e9, bleu<\/p>\n<\/li>\n<li data-start=\"1295\" data-end=\"1343\">\n<p data-start=\"1297\" data-end=\"1343\"><strong data-start=\"1297\" data-end=\"1312\">Fabrication<\/strong> : Tiss\u00e9 plat, bordures fil cousu<\/p>\n<\/li>\n<\/ul>\n<h3 data-start=\"1323\" data-end=\"1341\">Points forts :<\/h3>\n<ul data-start=\"1342\" data-end=\"1542\">\n<li data-start=\"1342\" data-end=\"1418\">\n<p data-start=\"1344\" data-end=\"1418\">Un design inspir\u00e9 des <strong data-start=\"1366\" data-end=\"1389\">textures naturelles<\/strong> et des <strong data-start=\"1397\" data-end=\"1416\">teintes marines<\/strong><\/p>\n<\/li>\n<li data-start=\"1419\" data-end=\"1480\">\n<p data-start=\"1421\" data-end=\"1480\">Adapt\u00e9 \u00e0 <strong data-start=\"1430\" data-end=\"1454\">tous types d\u2019espaces<\/strong>, y compris en ext\u00e9rieur<\/p>\n<\/li>\n<li data-start=\"1481\" data-end=\"1542\">\n<p data-start=\"1483\" data-end=\"1542\">Allie <strong data-start=\"1489\" data-end=\"1512\">\u00e9l\u00e9gance d\u00e9corative<\/strong> et <strong data-start=\"1516\" data-end=\"1542\">fonctionnalit\u00e9 durable<\/strong><\/p>\n<\/li>\n<\/ul>\n<p><strong style=\"font-family: inherit; font-size: 30px;\">Vous avez des questions ?<\/strong><\/p>\n<\/div>\n<\/div>\n<\/div>\n<\/div>\n<\/div>\n<\/div>\n<\/div>\n<\/div>\n<\/article>\n<\/div>\n<\/div>\n<\/div>\n<\/div>\n<\/div>\n<style id=\"wpforms-css-vars-3675\">\n\t\t\t\t#wpforms-3675 {\n\t\t\t\t\n\t\t\t}\n\t\t\t<\/style><div class=\"wpforms-container wpforms-container-full wpforms-render-modern\" id=\"wpforms-3675\"><form id=\"wpforms-form-3675\" class=\"wpforms-validate wpforms-form wpforms-ajax-form\" data-formid=\"3675\" method=\"post\" enctype=\"multipart\/form-data\" action=\"\/fr\/wp-json\/wp\/v2\/product\/14676\" data-token=\"2921a7ac3408d834be151983965c4ab3\" data-token-time=\"1777945838\"><noscript class=\"wpforms-error-noscript\">Veuillez activer JavaScript dans votre navigateur pour remplir ce formulaire.<\/noscript><div id=\"wpforms-error-noscript\" style=\"display: none;\">Veuillez activer JavaScript dans votre navigateur pour remplir ce formulaire.<\/div><div class=\"wpforms-field-container\"><div id=\"wpforms-3675-field_3-container\" class=\"wpforms-field wpforms-field-name\" data-field-id=\"3\"><fieldset><legend class=\"wpforms-field-label\">Nom <span class=\"wpforms-required-label\" aria-hidden=\"true\">*<\/span><\/legend><div class=\"wpforms-field-row wpforms-field-medium\"><div class=\"wpforms-field-row-block wpforms-first wpforms-one-half\"><input type=\"text\" id=\"wpforms-3675-field_3\" class=\"wpforms-field-name-first wpforms-field-required\" name=\"wpforms[fields][3][first]\" aria-errormessage=\"wpforms-3675-field_3-error\" required><label for=\"wpforms-3675-field_3\" class=\"wpforms-field-sublabel after\">Pr\u00e9nom<\/label><\/div><div class=\"wpforms-field-row-block wpforms-one-half\"><input type=\"text\" id=\"wpforms-3675-field_3-last\" class=\"wpforms-field-name-last wpforms-field-required\" name=\"wpforms[fields][3][last]\" aria-errormessage=\"wpforms-3675-field_3-last-error\" required><label for=\"wpforms-3675-field_3-last\" class=\"wpforms-field-sublabel after\">Nom<\/label><\/div><\/div><\/fieldset><\/div><div id=\"wpforms-3675-field_4-container\" class=\"wpforms-field wpforms-field-email\" data-field-id=\"4\"><label class=\"wpforms-field-label\" for=\"wpforms-3675-field_4\">E-mail <span class=\"wpforms-required-label\" aria-hidden=\"true\">*<\/span><\/label><input type=\"email\" id=\"wpforms-3675-field_4\" class=\"wpforms-field-medium wpforms-field-required\" name=\"wpforms[fields][4]\" spellcheck=\"false\" aria-errormessage=\"wpforms-3675-field_4-error\" required><\/div>\t\t<div id=\"wpforms-3675-field_1-container\"\n\t\t\tclass=\"wpforms-field wpforms-field-text\"\n\t\t\tdata-field-type=\"text\"\n\t\t\tdata-field-id=\"1\"\n\t\t\t>\n\t\t\t<label class=\"wpforms-field-label\" for=\"wpforms-3675-field_1\" >Message E-mail Nom<\/label>\n\t\t\t<input type=\"text\" id=\"wpforms-3675-field_1\" class=\"wpforms-field-medium\" name=\"wpforms[fields][1]\" >\n\t\t<\/div>\n\t\t<div id=\"wpforms-3675-field_5-container\" class=\"wpforms-field wpforms-field-textarea\" data-field-id=\"5\"><label class=\"wpforms-field-label\" for=\"wpforms-3675-field_5\">Message <span class=\"wpforms-required-label\" aria-hidden=\"true\">*<\/span><\/label><textarea id=\"wpforms-3675-field_5\" class=\"wpforms-field-medium wpforms-field-required\" name=\"wpforms[fields][5]\" aria-errormessage=\"wpforms-3675-field_5-error\" required><\/textarea><\/div><script>\n\t\t\t\t( function() {\n\t\t\t\t\tconst style = document.createElement( 'style' );\n\t\t\t\t\tstyle.appendChild( document.createTextNode( '#wpforms-3675-field_1-container { position: absolute !important; overflow: hidden !important; display: inline !important; height: 1px !important; width: 1px !important; z-index: -1000 !important; padding: 0 !important; } #wpforms-3675-field_1-container input { visibility: hidden; } #wpforms-conversational-form-page #wpforms-3675-field_1-container label { counter-increment: none; }' ) );\n\t\t\t\t\tdocument.head.appendChild( style );\n\t\t\t\t\tdocument.currentScript?.remove();\n\t\t\t\t} )();\n\t\t\t<\/script><\/div><!-- .wpforms-field-container --><div class=\"wpforms-submit-container\" ><input type=\"hidden\" name=\"wpforms[id]\" value=\"3675\"><input type=\"hidden\" name=\"page_title\" value=\"\"><input type=\"hidden\" name=\"page_url\" value=\"https:\/\/homeproject.fr\/fr\/wp-json\/wp\/v2\/product\/14676\"><input type=\"hidden\" name=\"url_referer\" value=\"\"><button type=\"submit\" name=\"wpforms[submit]\" id=\"wpforms-submit-3675\" class=\"wpforms-submit\" data-alt-text=\"Envoi...\" data-submit-text=\"Envoyer\" aria-live=\"assertive\" value=\"wpforms-submit\">Envoyer<\/button><img decoding=\"async\" src=\"https:\/\/homeproject.fr\/fr\/wp-content\/plugins\/wpforms-lite\/assets\/images\/submit-spin.svg\" class=\"wpforms-submit-spinner\" style=\"display: none;\" width=\"26\" height=\"26\" alt=\"Chargement en cours\"><\/div><\/form><\/div>  <!-- .wpforms-container -->\n","protected":false},"excerpt":{"rendered":"<p data-start=\"149\" data-end=\"230\"><strong>Harmonie min\u00e9rale et fra\u00eecheur contemporaine<\/strong><\/p>\n<p data-start=\"232\" data-end=\"617\">Le tapis <strong data-start=\"241\" data-end=\"258\">Luminous Blue<\/strong> de <strong data-start=\"262\" data-end=\"276\">Ligne Pure<\/strong> incarne l\u2019\u00e9l\u00e9gance naturelle dans une version contemporaine. Son motif abstrait aux nuances <strong data-start=\"369\" data-end=\"404\">beige sable, cr\u00e8me et bleu doux<\/strong> \u00e9voque la patine du temps, comme un paysage min\u00e9ral caress\u00e9 par la mer. Ce tapis graphique et apaisant est id\u00e9al pour cr\u00e9er une ambiance lumineuse, fra\u00eeche et raffin\u00e9e dans votre int\u00e9rieur\u2026 ou m\u00eame \u00e0 l\u2019ext\u00e9rieur.<\/p>\n<p data-start=\"619\" data-end=\"894\">Confectionn\u00e9 en fibres synth\u00e9tiques robustes (Decolan et polyester), le tapis Luminous Blue est aussi esth\u00e9tique que pratique. R\u00e9sistant \u00e0 l\u2019humidit\u00e9 et aux UV, il convient parfaitement \u00e0 un usage <strong data-start=\"822\" data-end=\"848\">int\u00e9rieur et ext\u00e9rieur<\/strong> : salon, chambre, terrasse ou jardin couvert.<\/p>\n","protected":false},"featured_media":14680,"template":"","meta":{"_uf_show_specific_survey":0,"_uf_disable_surveys":false,"iawp_total_views":5},"product_brand":[540],"product_cat":[349,363],"product_tag":[],"class_list":{"0":"post-14676","1":"product","2":"type-product","3":"status-publish","4":"has-post-thumbnail","6":"product_brand-ligne-pure","7":"product_cat-tapis","8":"product_cat-tapis-exterieurs","9":"product_shipping_class-gros-colis-messagerie","10":"pa_collection-luminous-par-ligne-pure","11":"pa_marque-ligne-pure","12":"pa_materiau-polyester","14":"first","15":"instock","16":"sale","17":"taxable","18":"shipping-taxable","19":"purchasable","20":"product-type-variable"},"yoast_head":"<!-- This site is optimized with the Yoast SEO plugin v27.5 - https:\/\/yoast.com\/product\/yoast-seo-wordpress\/ -->\n<title>Tapis int\u00e9rieur ext\u00e9rieur Luminous Blue par Ligne Pure - Homeproject.fr<\/title>\n<meta name=\"description\" content=\"Tapis Ligne Pure Luminous Blue int\u00e9rieur\/ext\u00e9rieur \u2013 Design abstrait bleu et beige, facile d\u2019entretien, r\u00e9sistant \u00e0 l\u2019humidit\u00e9.\" \/>\n<meta name=\"robots\" content=\"index, follow, max-snippet:-1, max-image-preview:large, max-video-preview:-1\" \/>\n<link rel=\"canonical\" href=\"https:\/\/homeproject.fr\/fr\/produit\/tapis-interieur-exterieur-luminous-blue-par-ligne-pure\/\" \/>\n<meta property=\"og:locale\" content=\"fr_FR\" \/>\n<meta property=\"og:type\" content=\"article\" \/>\n<meta property=\"og:title\" content=\"Tapis int\u00e9rieur ext\u00e9rieur Luminous Blue par Ligne Pure - Homeproject.fr\" \/>\n<meta property=\"og:description\" content=\"Tapis Ligne Pure Luminous Blue int\u00e9rieur\/ext\u00e9rieur \u2013 Design abstrait bleu et beige, facile d\u2019entretien, r\u00e9sistant \u00e0 l\u2019humidit\u00e9.\" \/>\n<meta property=\"og:url\" content=\"https:\/\/homeproject.fr\/fr\/produit\/tapis-interieur-exterieur-luminous-blue-par-ligne-pure\/\" \/>\n<meta property=\"og:site_name\" content=\"Homeproject.fr\" \/>\n<meta property=\"article:modified_time\" content=\"2025-06-21T09:22:49+00:00\" \/>\n<meta property=\"og:image\" content=\"https:\/\/homeproject.fr\/fr\/wp-content\/uploads\/2025\/06\/Tapis-contemporain-abstrait-interieur-exterieur-synthetique-Ligne-Pure-Luminous-Blue.jpg\" \/>\n\t<meta property=\"og:image:width\" content=\"1500\" \/>\n\t<meta property=\"og:image:height\" content=\"1500\" \/>\n\t<meta property=\"og:image:type\" content=\"image\/jpeg\" \/>\n<meta name=\"twitter:card\" content=\"summary_large_image\" \/>\n<meta name=\"twitter:label1\" content=\"Dur\u00e9e de lecture estim\u00e9e\" \/>\n\t<meta name=\"twitter:data1\" content=\"1 minute\" \/>\n<script type=\"application\/ld+json\" class=\"yoast-schema-graph\">{\"@context\":\"https:\\\/\\\/schema.org\",\"@graph\":[{\"@type\":\"WebPage\",\"@id\":\"https:\\\/\\\/homeproject.fr\\\/fr\\\/produit\\\/tapis-interieur-exterieur-luminous-blue-par-ligne-pure\\\/\",\"url\":\"https:\\\/\\\/homeproject.fr\\\/fr\\\/produit\\\/tapis-interieur-exterieur-luminous-blue-par-ligne-pure\\\/\",\"name\":\"Tapis int\u00e9rieur ext\u00e9rieur Luminous Blue par Ligne Pure - Homeproject.fr\",\"isPartOf\":{\"@id\":\"https:\\\/\\\/homeproject.fr\\\/fr\\\/#website\"},\"primaryImageOfPage\":{\"@id\":\"https:\\\/\\\/homeproject.fr\\\/fr\\\/produit\\\/tapis-interieur-exterieur-luminous-blue-par-ligne-pure\\\/#primaryimage\"},\"image\":{\"@id\":\"https:\\\/\\\/homeproject.fr\\\/fr\\\/produit\\\/tapis-interieur-exterieur-luminous-blue-par-ligne-pure\\\/#primaryimage\"},\"thumbnailUrl\":\"https:\\\/\\\/homeproject.fr\\\/fr\\\/wp-content\\\/uploads\\\/2025\\\/06\\\/Tapis-contemporain-abstrait-interieur-exterieur-synthetique-Ligne-Pure-Luminous-Blue.jpg\",\"datePublished\":\"2025-06-21T09:17:25+00:00\",\"dateModified\":\"2025-06-21T09:22:49+00:00\",\"description\":\"Tapis Ligne Pure Luminous Blue int\u00e9rieur\\\/ext\u00e9rieur \u2013 Design abstrait bleu et beige, facile d\u2019entretien, r\u00e9sistant \u00e0 l\u2019humidit\u00e9.\",\"breadcrumb\":{\"@id\":\"https:\\\/\\\/homeproject.fr\\\/fr\\\/produit\\\/tapis-interieur-exterieur-luminous-blue-par-ligne-pure\\\/#breadcrumb\"},\"inLanguage\":\"fr-FR\",\"potentialAction\":[{\"@type\":\"ReadAction\",\"target\":[\"https:\\\/\\\/homeproject.fr\\\/fr\\\/produit\\\/tapis-interieur-exterieur-luminous-blue-par-ligne-pure\\\/\"]}]},{\"@type\":\"ImageObject\",\"inLanguage\":\"fr-FR\",\"@id\":\"https:\\\/\\\/homeproject.fr\\\/fr\\\/produit\\\/tapis-interieur-exterieur-luminous-blue-par-ligne-pure\\\/#primaryimage\",\"url\":\"https:\\\/\\\/homeproject.fr\\\/fr\\\/wp-content\\\/uploads\\\/2025\\\/06\\\/Tapis-contemporain-abstrait-interieur-exterieur-synthetique-Ligne-Pure-Luminous-Blue.jpg\",\"contentUrl\":\"https:\\\/\\\/homeproject.fr\\\/fr\\\/wp-content\\\/uploads\\\/2025\\\/06\\\/Tapis-contemporain-abstrait-interieur-exterieur-synthetique-Ligne-Pure-Luminous-Blue.jpg\",\"width\":1500,\"height\":1500},{\"@type\":\"BreadcrumbList\",\"@id\":\"https:\\\/\\\/homeproject.fr\\\/fr\\\/produit\\\/tapis-interieur-exterieur-luminous-blue-par-ligne-pure\\\/#breadcrumb\",\"itemListElement\":[{\"@type\":\"ListItem\",\"position\":1,\"name\":\"Accueil\",\"item\":\"https:\\\/\\\/homeproject.fr\\\/fr\\\/\"},{\"@type\":\"ListItem\",\"position\":2,\"name\":\"Boutique\",\"item\":\"https:\\\/\\\/homeproject.fr\\\/fr\\\/boutique\\\/\"},{\"@type\":\"ListItem\",\"position\":3,\"name\":\"Tapis int\u00e9rieur ext\u00e9rieur Luminous Blue par Ligne Pure\"}]},{\"@type\":\"WebSite\",\"@id\":\"https:\\\/\\\/homeproject.fr\\\/fr\\\/#website\",\"url\":\"https:\\\/\\\/homeproject.fr\\\/fr\\\/\",\"name\":\"Homeproject.fr\",\"description\":\"Offrez l&#039;exceptionnel \u00e0 vos espaces \u00e0 vivre\",\"publisher\":{\"@id\":\"https:\\\/\\\/homeproject.fr\\\/fr\\\/#organization\"},\"potentialAction\":[{\"@type\":\"SearchAction\",\"target\":{\"@type\":\"EntryPoint\",\"urlTemplate\":\"https:\\\/\\\/homeproject.fr\\\/fr\\\/?s={search_term_string}\"},\"query-input\":{\"@type\":\"PropertyValueSpecification\",\"valueRequired\":true,\"valueName\":\"search_term_string\"}}],\"inLanguage\":\"fr-FR\"},{\"@type\":\"Organization\",\"@id\":\"https:\\\/\\\/homeproject.fr\\\/fr\\\/#organization\",\"name\":\"Homeproject.fr\",\"url\":\"https:\\\/\\\/homeproject.fr\\\/fr\\\/\",\"logo\":{\"@type\":\"ImageObject\",\"inLanguage\":\"fr-FR\",\"@id\":\"https:\\\/\\\/homeproject.fr\\\/fr\\\/#\\\/schema\\\/logo\\\/image\\\/\",\"url\":\"https:\\\/\\\/homeproject.fr\\\/fr\\\/wp-content\\\/uploads\\\/2024\\\/12\\\/Logo_HomeProject-noir-2.png\",\"contentUrl\":\"https:\\\/\\\/homeproject.fr\\\/fr\\\/wp-content\\\/uploads\\\/2024\\\/12\\\/Logo_HomeProject-noir-2.png\",\"width\":300,\"height\":91,\"caption\":\"Homeproject.fr\"},\"image\":{\"@id\":\"https:\\\/\\\/homeproject.fr\\\/fr\\\/#\\\/schema\\\/logo\\\/image\\\/\"}}]}<\/script>\n<!-- \/ Yoast SEO plugin. -->","yoast_head_json":{"title":"Tapis int\u00e9rieur ext\u00e9rieur Luminous Blue par Ligne Pure - Homeproject.fr","description":"Tapis Ligne Pure Luminous Blue int\u00e9rieur\/ext\u00e9rieur \u2013 Design abstrait bleu et beige, facile d\u2019entretien, r\u00e9sistant \u00e0 l\u2019humidit\u00e9.","robots":{"index":"index","follow":"follow","max-snippet":"max-snippet:-1","max-image-preview":"max-image-preview:large","max-video-preview":"max-video-preview:-1"},"canonical":"https:\/\/homeproject.fr\/fr\/produit\/tapis-interieur-exterieur-luminous-blue-par-ligne-pure\/","og_locale":"fr_FR","og_type":"article","og_title":"Tapis int\u00e9rieur ext\u00e9rieur Luminous Blue par Ligne Pure - Homeproject.fr","og_description":"Tapis Ligne Pure Luminous Blue int\u00e9rieur\/ext\u00e9rieur \u2013 Design abstrait bleu et beige, facile d\u2019entretien, r\u00e9sistant \u00e0 l\u2019humidit\u00e9.","og_url":"https:\/\/homeproject.fr\/fr\/produit\/tapis-interieur-exterieur-luminous-blue-par-ligne-pure\/","og_site_name":"Homeproject.fr","article_modified_time":"2025-06-21T09:22:49+00:00","og_image":[{"width":1500,"height":1500,"url":"https:\/\/homeproject.fr\/fr\/wp-content\/uploads\/2025\/06\/Tapis-contemporain-abstrait-interieur-exterieur-synthetique-Ligne-Pure-Luminous-Blue.jpg","type":"image\/jpeg"}],"twitter_card":"summary_large_image","twitter_misc":{"Dur\u00e9e de lecture estim\u00e9e":"1 minute"},"schema":{"@context":"https:\/\/schema.org","@graph":[{"@type":"WebPage","@id":"https:\/\/homeproject.fr\/fr\/produit\/tapis-interieur-exterieur-luminous-blue-par-ligne-pure\/","url":"https:\/\/homeproject.fr\/fr\/produit\/tapis-interieur-exterieur-luminous-blue-par-ligne-pure\/","name":"Tapis int\u00e9rieur ext\u00e9rieur Luminous Blue par Ligne Pure - Homeproject.fr","isPartOf":{"@id":"https:\/\/homeproject.fr\/fr\/#website"},"primaryImageOfPage":{"@id":"https:\/\/homeproject.fr\/fr\/produit\/tapis-interieur-exterieur-luminous-blue-par-ligne-pure\/#primaryimage"},"image":{"@id":"https:\/\/homeproject.fr\/fr\/produit\/tapis-interieur-exterieur-luminous-blue-par-ligne-pure\/#primaryimage"},"thumbnailUrl":"https:\/\/homeproject.fr\/fr\/wp-content\/uploads\/2025\/06\/Tapis-contemporain-abstrait-interieur-exterieur-synthetique-Ligne-Pure-Luminous-Blue.jpg","datePublished":"2025-06-21T09:17:25+00:00","dateModified":"2025-06-21T09:22:49+00:00","description":"Tapis Ligne Pure Luminous Blue int\u00e9rieur\/ext\u00e9rieur \u2013 Design abstrait bleu et beige, facile d\u2019entretien, r\u00e9sistant \u00e0 l\u2019humidit\u00e9.","breadcrumb":{"@id":"https:\/\/homeproject.fr\/fr\/produit\/tapis-interieur-exterieur-luminous-blue-par-ligne-pure\/#breadcrumb"},"inLanguage":"fr-FR","potentialAction":[{"@type":"ReadAction","target":["https:\/\/homeproject.fr\/fr\/produit\/tapis-interieur-exterieur-luminous-blue-par-ligne-pure\/"]}]},{"@type":"ImageObject","inLanguage":"fr-FR","@id":"https:\/\/homeproject.fr\/fr\/produit\/tapis-interieur-exterieur-luminous-blue-par-ligne-pure\/#primaryimage","url":"https:\/\/homeproject.fr\/fr\/wp-content\/uploads\/2025\/06\/Tapis-contemporain-abstrait-interieur-exterieur-synthetique-Ligne-Pure-Luminous-Blue.jpg","contentUrl":"https:\/\/homeproject.fr\/fr\/wp-content\/uploads\/2025\/06\/Tapis-contemporain-abstrait-interieur-exterieur-synthetique-Ligne-Pure-Luminous-Blue.jpg","width":1500,"height":1500},{"@type":"BreadcrumbList","@id":"https:\/\/homeproject.fr\/fr\/produit\/tapis-interieur-exterieur-luminous-blue-par-ligne-pure\/#breadcrumb","itemListElement":[{"@type":"ListItem","position":1,"name":"Accueil","item":"https:\/\/homeproject.fr\/fr\/"},{"@type":"ListItem","position":2,"name":"Boutique","item":"https:\/\/homeproject.fr\/fr\/boutique\/"},{"@type":"ListItem","position":3,"name":"Tapis int\u00e9rieur ext\u00e9rieur Luminous Blue par Ligne Pure"}]},{"@type":"WebSite","@id":"https:\/\/homeproject.fr\/fr\/#website","url":"https:\/\/homeproject.fr\/fr\/","name":"Homeproject.fr","description":"Offrez l&#039;exceptionnel \u00e0 vos espaces \u00e0 vivre","publisher":{"@id":"https:\/\/homeproject.fr\/fr\/#organization"},"potentialAction":[{"@type":"SearchAction","target":{"@type":"EntryPoint","urlTemplate":"https:\/\/homeproject.fr\/fr\/?s={search_term_string}"},"query-input":{"@type":"PropertyValueSpecification","valueRequired":true,"valueName":"search_term_string"}}],"inLanguage":"fr-FR"},{"@type":"Organization","@id":"https:\/\/homeproject.fr\/fr\/#organization","name":"Homeproject.fr","url":"https:\/\/homeproject.fr\/fr\/","logo":{"@type":"ImageObject","inLanguage":"fr-FR","@id":"https:\/\/homeproject.fr\/fr\/#\/schema\/logo\/image\/","url":"https:\/\/homeproject.fr\/fr\/wp-content\/uploads\/2024\/12\/Logo_HomeProject-noir-2.png","contentUrl":"https:\/\/homeproject.fr\/fr\/wp-content\/uploads\/2024\/12\/Logo_HomeProject-noir-2.png","width":300,"height":91,"caption":"Homeproject.fr"},"image":{"@id":"https:\/\/homeproject.fr\/fr\/#\/schema\/logo\/image\/"}}]}},"_links":{"self":[{"href":"https:\/\/homeproject.fr\/fr\/wp-json\/wp\/v2\/product\/14676","targetHints":{"allow":["GET"]}}],"collection":[{"href":"https:\/\/homeproject.fr\/fr\/wp-json\/wp\/v2\/product"}],"about":[{"href":"https:\/\/homeproject.fr\/fr\/wp-json\/wp\/v2\/types\/product"}],"version-history":[{"count":2,"href":"https:\/\/homeproject.fr\/fr\/wp-json\/wp\/v2\/product\/14676\/revisions"}],"predecessor-version":[{"id":14686,"href":"https:\/\/homeproject.fr\/fr\/wp-json\/wp\/v2\/product\/14676\/revisions\/14686"}],"wp:featuredmedia":[{"embeddable":true,"href":"https:\/\/homeproject.fr\/fr\/wp-json\/wp\/v2\/media\/14680"}],"wp:attachment":[{"href":"https:\/\/homeproject.fr\/fr\/wp-json\/wp\/v2\/media?parent=14676"}],"wp:term":[{"taxonomy":"product_brand","embeddable":true,"href":"https:\/\/homeproject.fr\/fr\/wp-json\/wp\/v2\/product_brand?post=14676"},{"taxonomy":"product_cat","embeddable":true,"href":"https:\/\/homeproject.fr\/fr\/wp-json\/wp\/v2\/product_cat?post=14676"},{"taxonomy":"product_tag","embeddable":true,"href":"https:\/\/homeproject.fr\/fr\/wp-json\/wp\/v2\/product_tag?post=14676"}],"curies":[{"name":"wp","href":"https:\/\/api.w.org\/{rel}","templated":true}]}}