{"id":14661,"date":"2025-06-20T14:46:06","date_gmt":"2025-06-20T14:46:06","guid":{"rendered":"https:\/\/homeproject.fr\/fr\/?post_type=product&#038;p=14661"},"modified":"2025-06-20T15:10:36","modified_gmt":"2025-06-20T15:10:36","slug":"tapis-interieur-exterieur-luminous-copper-par-ligne-pure","status":"publish","type":"product","link":"https:\/\/homeproject.fr\/fr\/produit\/tapis-interieur-exterieur-luminous-copper-par-ligne-pure\/","title":{"rendered":"Tapis int\u00e9rieur ext\u00e9rieur Luminous Copper par Ligne Pure"},"content":{"rendered":"<div class=\"flex-1 overflow-hidden @container\/thread\">\n<div class=\"h-full\">\n<div class=\"react-scroll-to-bottom--css-avwfw-79elbk h-full\">\n<div class=\"react-scroll-to-bottom--css-avwfw-1n7m0yu\">\n<div class=\"flex flex-col text-sm md:pb-9\">\n<article class=\"w-full scroll-mb-[var(--thread-trailing-height,150px)] text-token-text-primary focus-visible:outline-2 focus-visible:outline-offset-[-4px]\" dir=\"auto\" data-testid=\"conversation-turn-13\" data-scroll-anchor=\"true\">\n<div class=\"m-auto text-base py-[18px] px-3 md:px-4 w-full md:px-5 lg:px-4 xl:px-5\">\n<div class=\"mx-auto flex flex-1 gap-4 text-base md:gap-5 lg:gap-6 md:max-w-3xl lg:max-w-[40rem] xl:max-w-[48rem]\">\n<div class=\"group\/conversation-turn relative flex w-full min-w-0 flex-col agent-turn\">\n<div class=\"flex-col gap-1 md:gap-3\">\n<div class=\"flex max-w-full flex-col flex-grow\">\n<div class=\"min-h-8 text-message flex w-full flex-col items-end gap-2 whitespace-normal break-words text-start [.text-message+&]:mt-5\" dir=\"auto\" data-message-author-role=\"assistant\" data-message-id=\"dc5cab26-9697-46d2-b6fe-c8745ded277b\" data-message-model-slug=\"gpt-4o\">\n<div class=\"flex w-full flex-col gap-1 empty:hidden first:pt-[3px]\">\n<div class=\"markdown prose w-full break-words dark:prose-invert light\">\n<h3 data-start=\"940\" data-end=\"962\">Caract\u00e9ristiques :<\/h3>\n<ul data-start=\"963\" data-end=\"1343\">\n<li data-start=\"963\" data-end=\"990\">\n<p data-start=\"965\" data-end=\"990\"><strong data-start=\"965\" data-end=\"975\">Marque<\/strong> : Ligne Pure<\/p>\n<\/li>\n<li data-start=\"991\" data-end=\"1023\">\n<p data-start=\"993\" data-end=\"1023\"><strong data-start=\"993\" data-end=\"1003\">Mod\u00e8le<\/strong> : Luminous Copper<\/p>\n<\/li>\n<li data-start=\"1024\" data-end=\"1082\">\n<p data-start=\"1026\" data-end=\"1082\"><strong data-start=\"1026\" data-end=\"1036\">Design<\/strong> : Abstrait, effet vieilli, finition cuivr\u00e9e<\/p>\n<\/li>\n<li data-start=\"1083\" data-end=\"1126\">\n<p data-start=\"1085\" data-end=\"1126\"><strong data-start=\"1085\" data-end=\"1100\">Utilisation<\/strong> : Int\u00e9rieur \/ Ext\u00e9rieur<\/p>\n<\/li>\n<li data-start=\"1127\" data-end=\"1178\">\n<p data-start=\"1129\" data-end=\"1178\"><strong data-start=\"1129\" data-end=\"1140\">Mati\u00e8re<\/strong> : Decolan et Polyester<\/p>\n<\/li>\n<li data-start=\"1179\" data-end=\"1240\">\n<p data-start=\"1181\" data-end=\"1240\"><strong data-start=\"1181\" data-end=\"1194\">Entretien<\/strong> : Facile \u00e0 nettoyer, r\u00e9sistant \u00e0 l\u2019humidit\u00e9<\/p>\n<\/li>\n<li data-start=\"1241\" data-end=\"1294\">\n<p data-start=\"1243\" data-end=\"1294\"><strong data-start=\"1243\" data-end=\"1254\">Coloris<\/strong> : Beige clair, cuivre, touches grises<\/p>\n<\/li>\n<li data-start=\"1295\" data-end=\"1343\">\n<p data-start=\"1297\" data-end=\"1343\"><strong data-start=\"1297\" data-end=\"1312\">Fabrication<\/strong> : Tiss\u00e9 plat, bordures fil cousu<\/p>\n<\/li>\n<\/ul>\n<h3 data-start=\"1345\" data-end=\"1370\">Pourquoi on l\u2019adore :<\/h3>\n<ul data-start=\"1371\" data-end=\"1635\">\n<li data-start=\"1371\" data-end=\"1483\">\n<p data-start=\"1373\" data-end=\"1483\">Son <strong data-start=\"1377\" data-end=\"1407\">design min\u00e9ral et lumineux<\/strong> qui s\u2019int\u00e8gre dans tout type d\u2019univers, du salon \u00e9pur\u00e9 au patio paysager.<\/p>\n<\/li>\n<li data-start=\"1484\" data-end=\"1567\">\n<p data-start=\"1486\" data-end=\"1567\">Sa <strong data-start=\"1489\" data-end=\"1519\">r\u00e9sistance aux intemp\u00e9ries<\/strong>, parfaite pour les espaces de vie ext\u00e9rieurs.<\/p>\n<\/li>\n<li data-start=\"1568\" data-end=\"1635\">\n<p data-start=\"1570\" data-end=\"1635\">Sa <strong data-start=\"1573\" data-end=\"1588\">polyvalence<\/strong> : \u00e9l\u00e9gant en int\u00e9rieur, pratique en ext\u00e9rieur.<\/p>\n<\/li>\n<\/ul>\n<p><strong style=\"font-family: inherit; font-size: 30px;\">Vous avez des questions ?<\/strong><\/p>\n<\/div>\n<\/div>\n<\/div>\n<\/div>\n<\/div>\n<\/div>\n<\/div>\n<\/div>\n<\/article>\n<\/div>\n<\/div>\n<\/div>\n<\/div>\n<\/div>\n<style id=\"wpforms-css-vars-3675\">\n\t\t\t\t#wpforms-3675 {\n\t\t\t\t\n\t\t\t}\n\t\t\t<\/style><div class=\"wpforms-container wpforms-container-full wpforms-render-modern\" id=\"wpforms-3675\"><form id=\"wpforms-form-3675\" class=\"wpforms-validate wpforms-form wpforms-ajax-form\" data-formid=\"3675\" method=\"post\" enctype=\"multipart\/form-data\" action=\"\/fr\/wp-json\/wp\/v2\/product\/14661\" data-token=\"2921a7ac3408d834be151983965c4ab3\" data-token-time=\"1777954525\"><noscript class=\"wpforms-error-noscript\">Veuillez activer JavaScript dans votre navigateur pour remplir ce formulaire.<\/noscript><div id=\"wpforms-error-noscript\" style=\"display: none;\">Veuillez activer JavaScript dans votre navigateur pour remplir ce formulaire.<\/div><div class=\"wpforms-field-container\"><div id=\"wpforms-3675-field_3-container\" class=\"wpforms-field wpforms-field-name\" data-field-id=\"3\"><fieldset><legend class=\"wpforms-field-label\">Nom <span class=\"wpforms-required-label\" aria-hidden=\"true\">*<\/span><\/legend><div class=\"wpforms-field-row wpforms-field-medium\"><div class=\"wpforms-field-row-block wpforms-first wpforms-one-half\"><input type=\"text\" id=\"wpforms-3675-field_3\" class=\"wpforms-field-name-first wpforms-field-required\" name=\"wpforms[fields][3][first]\" aria-errormessage=\"wpforms-3675-field_3-error\" required><label for=\"wpforms-3675-field_3\" class=\"wpforms-field-sublabel after\">Pr\u00e9nom<\/label><\/div><div class=\"wpforms-field-row-block wpforms-one-half\"><input type=\"text\" id=\"wpforms-3675-field_3-last\" class=\"wpforms-field-name-last wpforms-field-required\" name=\"wpforms[fields][3][last]\" aria-errormessage=\"wpforms-3675-field_3-last-error\" required><label for=\"wpforms-3675-field_3-last\" class=\"wpforms-field-sublabel after\">Nom<\/label><\/div><\/div><\/fieldset><\/div><div id=\"wpforms-3675-field_4-container\" class=\"wpforms-field wpforms-field-email\" data-field-id=\"4\"><label class=\"wpforms-field-label\" for=\"wpforms-3675-field_4\">E-mail <span class=\"wpforms-required-label\" aria-hidden=\"true\">*<\/span><\/label><input type=\"email\" id=\"wpforms-3675-field_4\" class=\"wpforms-field-medium wpforms-field-required\" name=\"wpforms[fields][4]\" spellcheck=\"false\" aria-errormessage=\"wpforms-3675-field_4-error\" required><\/div>\t\t<div id=\"wpforms-3675-field_1-container\"\n\t\t\tclass=\"wpforms-field wpforms-field-text\"\n\t\t\tdata-field-type=\"text\"\n\t\t\tdata-field-id=\"1\"\n\t\t\t>\n\t\t\t<label class=\"wpforms-field-label\" for=\"wpforms-3675-field_1\" >E-mail Message Nom<\/label>\n\t\t\t<input type=\"text\" id=\"wpforms-3675-field_1\" class=\"wpforms-field-medium\" name=\"wpforms[fields][1]\" >\n\t\t<\/div>\n\t\t<div id=\"wpforms-3675-field_5-container\" class=\"wpforms-field wpforms-field-textarea\" data-field-id=\"5\"><label class=\"wpforms-field-label\" for=\"wpforms-3675-field_5\">Message <span class=\"wpforms-required-label\" aria-hidden=\"true\">*<\/span><\/label><textarea id=\"wpforms-3675-field_5\" class=\"wpforms-field-medium wpforms-field-required\" name=\"wpforms[fields][5]\" aria-errormessage=\"wpforms-3675-field_5-error\" required><\/textarea><\/div><script>\n\t\t\t\t( function() {\n\t\t\t\t\tconst style = document.createElement( 'style' );\n\t\t\t\t\tstyle.appendChild( document.createTextNode( '#wpforms-3675-field_1-container { position: absolute !important; overflow: hidden !important; display: inline !important; height: 1px !important; width: 1px !important; z-index: -1000 !important; padding: 0 !important; } #wpforms-3675-field_1-container input { visibility: hidden; } #wpforms-conversational-form-page #wpforms-3675-field_1-container label { counter-increment: none; }' ) );\n\t\t\t\t\tdocument.head.appendChild( style );\n\t\t\t\t\tdocument.currentScript?.remove();\n\t\t\t\t} )();\n\t\t\t<\/script><\/div><!-- .wpforms-field-container --><div class=\"wpforms-submit-container\" ><input type=\"hidden\" name=\"wpforms[id]\" value=\"3675\"><input type=\"hidden\" name=\"page_title\" value=\"\"><input type=\"hidden\" name=\"page_url\" value=\"https:\/\/homeproject.fr\/fr\/wp-json\/wp\/v2\/product\/14661\"><input type=\"hidden\" name=\"url_referer\" value=\"\"><button type=\"submit\" name=\"wpforms[submit]\" id=\"wpforms-submit-3675\" class=\"wpforms-submit\" data-alt-text=\"Envoi...\" data-submit-text=\"Envoyer\" aria-live=\"assertive\" value=\"wpforms-submit\">Envoyer<\/button><img decoding=\"async\" src=\"https:\/\/homeproject.fr\/fr\/wp-content\/plugins\/wpforms-lite\/assets\/images\/submit-spin.svg\" class=\"wpforms-submit-spinner\" style=\"display: none;\" width=\"26\" height=\"26\" alt=\"Chargement en cours\"><\/div><\/form><\/div>  <!-- .wpforms-container -->\n","protected":false},"excerpt":{"rendered":"<p data-start=\"252\" data-end=\"626\"><strong>\u00c9l\u00e9gance contemporaine pour int\u00e9rieur &amp; ext\u00e9rieur<\/strong><\/p>\n<p data-start=\"252\" data-end=\"626\">Apportez une touche d\u2019\u00e9l\u00e9gance raffin\u00e9e \u00e0 vos espaces avec le tapis <strong data-start=\"320\" data-end=\"339\">Luminous Copper<\/strong> de la marque <strong data-start=\"353\" data-end=\"367\">Ligne Pure<\/strong>. Ce tapis design \u00e0 l\u2019effet vieilli subtil s\u00e9duit par ses nuances cuivr\u00e9es et sa texture travaill\u00e9e qui \u00e9voque la patine du temps. Son motif abstrait et ses tons neutres en font un choix id\u00e9al pour un int\u00e9rieur contemporain, tout comme pour une terrasse chic.<\/p>\n<p data-start=\"628\" data-end=\"938\">Con\u00e7u pour un usage <strong data-start=\"648\" data-end=\"677\">int\u00e9rieur comme ext\u00e9rieur<\/strong>, ce tapis est fabriqu\u00e9 \u00e0 partir de <strong data-start=\"713\" data-end=\"750\">mati\u00e8res synth\u00e9tiques r\u00e9sistantes<\/strong> (Decolan et polyester), alliant esth\u00e9tique, robustesse et facilit\u00e9 d\u2019entretien. Son tissage plat et dense lui conf\u00e8re une excellente tenue et une surface agr\u00e9able au toucher.<\/p>\n","protected":false},"featured_media":14665,"template":"","meta":{"_uf_show_specific_survey":0,"_uf_disable_surveys":false,"iawp_total_views":10},"product_brand":[540],"product_cat":[349,363],"product_tag":[],"class_list":{"0":"post-14661","1":"product","2":"type-product","3":"status-publish","4":"has-post-thumbnail","6":"product_brand-ligne-pure","7":"product_cat-tapis","8":"product_cat-tapis-exterieurs","9":"product_shipping_class-gros-colis-messagerie","10":"pa_collection-luminous-par-ligne-pure","11":"pa_marque-ligne-pure","12":"pa_materiau-polyester","14":"first","15":"instock","16":"sale","17":"taxable","18":"shipping-taxable","19":"purchasable","20":"product-type-variable"},"yoast_head":"<!-- This site is optimized with the Yoast SEO plugin v27.5 - https:\/\/yoast.com\/product\/yoast-seo-wordpress\/ -->\n<title>Tapis int\u00e9rieur ext\u00e9rieur Luminous Copper par Ligne Pure - Homeproject.fr<\/title>\n<meta name=\"description\" content=\"Tapis contemporain Ligne Pure Luminous Copper pour int\u00e9rieur &amp; ext\u00e9rieur. Motif abstrait cuivr\u00e9, mati\u00e8res r\u00e9sistantes, entretien facile.\" \/>\n<meta name=\"robots\" content=\"index, follow, max-snippet:-1, max-image-preview:large, max-video-preview:-1\" \/>\n<link rel=\"canonical\" href=\"https:\/\/homeproject.fr\/fr\/produit\/tapis-interieur-exterieur-luminous-copper-par-ligne-pure\/\" \/>\n<meta property=\"og:locale\" content=\"fr_FR\" \/>\n<meta property=\"og:type\" content=\"article\" \/>\n<meta property=\"og:title\" content=\"Tapis int\u00e9rieur ext\u00e9rieur Luminous Copper par Ligne Pure - Homeproject.fr\" \/>\n<meta property=\"og:description\" content=\"Tapis contemporain Ligne Pure Luminous Copper pour int\u00e9rieur &amp; ext\u00e9rieur. Motif abstrait cuivr\u00e9, mati\u00e8res r\u00e9sistantes, entretien facile.\" \/>\n<meta property=\"og:url\" content=\"https:\/\/homeproject.fr\/fr\/produit\/tapis-interieur-exterieur-luminous-copper-par-ligne-pure\/\" \/>\n<meta property=\"og:site_name\" content=\"Homeproject.fr\" \/>\n<meta property=\"article:modified_time\" content=\"2025-06-20T15:10:36+00:00\" \/>\n<meta property=\"og:image\" content=\"https:\/\/homeproject.fr\/fr\/wp-content\/uploads\/2025\/06\/Tapis-contemporain-abstrait-interieur-exterieur-synthetique-Ligne-Pure-Luminous-Copper-7.jpg\" \/>\n\t<meta property=\"og:image:width\" content=\"1500\" \/>\n\t<meta property=\"og:image:height\" content=\"1500\" \/>\n\t<meta property=\"og:image:type\" content=\"image\/jpeg\" \/>\n<meta name=\"twitter:card\" content=\"summary_large_image\" \/>\n<meta name=\"twitter:label1\" content=\"Dur\u00e9e de lecture estim\u00e9e\" \/>\n\t<meta name=\"twitter:data1\" content=\"1 minute\" \/>\n<script type=\"application\/ld+json\" class=\"yoast-schema-graph\">{\"@context\":\"https:\\\/\\\/schema.org\",\"@graph\":[{\"@type\":\"WebPage\",\"@id\":\"https:\\\/\\\/homeproject.fr\\\/fr\\\/produit\\\/tapis-interieur-exterieur-luminous-copper-par-ligne-pure\\\/\",\"url\":\"https:\\\/\\\/homeproject.fr\\\/fr\\\/produit\\\/tapis-interieur-exterieur-luminous-copper-par-ligne-pure\\\/\",\"name\":\"Tapis int\u00e9rieur ext\u00e9rieur Luminous Copper par Ligne Pure - Homeproject.fr\",\"isPartOf\":{\"@id\":\"https:\\\/\\\/homeproject.fr\\\/fr\\\/#website\"},\"primaryImageOfPage\":{\"@id\":\"https:\\\/\\\/homeproject.fr\\\/fr\\\/produit\\\/tapis-interieur-exterieur-luminous-copper-par-ligne-pure\\\/#primaryimage\"},\"image\":{\"@id\":\"https:\\\/\\\/homeproject.fr\\\/fr\\\/produit\\\/tapis-interieur-exterieur-luminous-copper-par-ligne-pure\\\/#primaryimage\"},\"thumbnailUrl\":\"https:\\\/\\\/homeproject.fr\\\/fr\\\/wp-content\\\/uploads\\\/2025\\\/06\\\/Tapis-contemporain-abstrait-interieur-exterieur-synthetique-Ligne-Pure-Luminous-Copper-7.jpg\",\"datePublished\":\"2025-06-20T14:46:06+00:00\",\"dateModified\":\"2025-06-20T15:10:36+00:00\",\"description\":\"Tapis contemporain Ligne Pure Luminous Copper pour int\u00e9rieur & ext\u00e9rieur. Motif abstrait cuivr\u00e9, mati\u00e8res r\u00e9sistantes, entretien facile.\",\"breadcrumb\":{\"@id\":\"https:\\\/\\\/homeproject.fr\\\/fr\\\/produit\\\/tapis-interieur-exterieur-luminous-copper-par-ligne-pure\\\/#breadcrumb\"},\"inLanguage\":\"fr-FR\",\"potentialAction\":[{\"@type\":\"ReadAction\",\"target\":[\"https:\\\/\\\/homeproject.fr\\\/fr\\\/produit\\\/tapis-interieur-exterieur-luminous-copper-par-ligne-pure\\\/\"]}]},{\"@type\":\"ImageObject\",\"inLanguage\":\"fr-FR\",\"@id\":\"https:\\\/\\\/homeproject.fr\\\/fr\\\/produit\\\/tapis-interieur-exterieur-luminous-copper-par-ligne-pure\\\/#primaryimage\",\"url\":\"https:\\\/\\\/homeproject.fr\\\/fr\\\/wp-content\\\/uploads\\\/2025\\\/06\\\/Tapis-contemporain-abstrait-interieur-exterieur-synthetique-Ligne-Pure-Luminous-Copper-7.jpg\",\"contentUrl\":\"https:\\\/\\\/homeproject.fr\\\/fr\\\/wp-content\\\/uploads\\\/2025\\\/06\\\/Tapis-contemporain-abstrait-interieur-exterieur-synthetique-Ligne-Pure-Luminous-Copper-7.jpg\",\"width\":1500,\"height\":1500},{\"@type\":\"BreadcrumbList\",\"@id\":\"https:\\\/\\\/homeproject.fr\\\/fr\\\/produit\\\/tapis-interieur-exterieur-luminous-copper-par-ligne-pure\\\/#breadcrumb\",\"itemListElement\":[{\"@type\":\"ListItem\",\"position\":1,\"name\":\"Accueil\",\"item\":\"https:\\\/\\\/homeproject.fr\\\/fr\\\/\"},{\"@type\":\"ListItem\",\"position\":2,\"name\":\"Boutique\",\"item\":\"https:\\\/\\\/homeproject.fr\\\/fr\\\/boutique\\\/\"},{\"@type\":\"ListItem\",\"position\":3,\"name\":\"Tapis int\u00e9rieur ext\u00e9rieur Luminous Copper par Ligne Pure\"}]},{\"@type\":\"WebSite\",\"@id\":\"https:\\\/\\\/homeproject.fr\\\/fr\\\/#website\",\"url\":\"https:\\\/\\\/homeproject.fr\\\/fr\\\/\",\"name\":\"Homeproject.fr\",\"description\":\"Offrez l&#039;exceptionnel \u00e0 vos espaces \u00e0 vivre\",\"publisher\":{\"@id\":\"https:\\\/\\\/homeproject.fr\\\/fr\\\/#organization\"},\"potentialAction\":[{\"@type\":\"SearchAction\",\"target\":{\"@type\":\"EntryPoint\",\"urlTemplate\":\"https:\\\/\\\/homeproject.fr\\\/fr\\\/?s={search_term_string}\"},\"query-input\":{\"@type\":\"PropertyValueSpecification\",\"valueRequired\":true,\"valueName\":\"search_term_string\"}}],\"inLanguage\":\"fr-FR\"},{\"@type\":\"Organization\",\"@id\":\"https:\\\/\\\/homeproject.fr\\\/fr\\\/#organization\",\"name\":\"Homeproject.fr\",\"url\":\"https:\\\/\\\/homeproject.fr\\\/fr\\\/\",\"logo\":{\"@type\":\"ImageObject\",\"inLanguage\":\"fr-FR\",\"@id\":\"https:\\\/\\\/homeproject.fr\\\/fr\\\/#\\\/schema\\\/logo\\\/image\\\/\",\"url\":\"https:\\\/\\\/homeproject.fr\\\/fr\\\/wp-content\\\/uploads\\\/2024\\\/12\\\/Logo_HomeProject-noir-2.png\",\"contentUrl\":\"https:\\\/\\\/homeproject.fr\\\/fr\\\/wp-content\\\/uploads\\\/2024\\\/12\\\/Logo_HomeProject-noir-2.png\",\"width\":300,\"height\":91,\"caption\":\"Homeproject.fr\"},\"image\":{\"@id\":\"https:\\\/\\\/homeproject.fr\\\/fr\\\/#\\\/schema\\\/logo\\\/image\\\/\"}}]}<\/script>\n<!-- \/ Yoast SEO plugin. -->","yoast_head_json":{"title":"Tapis int\u00e9rieur ext\u00e9rieur Luminous Copper par Ligne Pure - Homeproject.fr","description":"Tapis contemporain Ligne Pure Luminous Copper pour int\u00e9rieur & ext\u00e9rieur. Motif abstrait cuivr\u00e9, mati\u00e8res r\u00e9sistantes, entretien facile.","robots":{"index":"index","follow":"follow","max-snippet":"max-snippet:-1","max-image-preview":"max-image-preview:large","max-video-preview":"max-video-preview:-1"},"canonical":"https:\/\/homeproject.fr\/fr\/produit\/tapis-interieur-exterieur-luminous-copper-par-ligne-pure\/","og_locale":"fr_FR","og_type":"article","og_title":"Tapis int\u00e9rieur ext\u00e9rieur Luminous Copper par Ligne Pure - Homeproject.fr","og_description":"Tapis contemporain Ligne Pure Luminous Copper pour int\u00e9rieur & ext\u00e9rieur. Motif abstrait cuivr\u00e9, mati\u00e8res r\u00e9sistantes, entretien facile.","og_url":"https:\/\/homeproject.fr\/fr\/produit\/tapis-interieur-exterieur-luminous-copper-par-ligne-pure\/","og_site_name":"Homeproject.fr","article_modified_time":"2025-06-20T15:10:36+00:00","og_image":[{"width":1500,"height":1500,"url":"https:\/\/homeproject.fr\/fr\/wp-content\/uploads\/2025\/06\/Tapis-contemporain-abstrait-interieur-exterieur-synthetique-Ligne-Pure-Luminous-Copper-7.jpg","type":"image\/jpeg"}],"twitter_card":"summary_large_image","twitter_misc":{"Dur\u00e9e de lecture estim\u00e9e":"1 minute"},"schema":{"@context":"https:\/\/schema.org","@graph":[{"@type":"WebPage","@id":"https:\/\/homeproject.fr\/fr\/produit\/tapis-interieur-exterieur-luminous-copper-par-ligne-pure\/","url":"https:\/\/homeproject.fr\/fr\/produit\/tapis-interieur-exterieur-luminous-copper-par-ligne-pure\/","name":"Tapis int\u00e9rieur ext\u00e9rieur Luminous Copper par Ligne Pure - Homeproject.fr","isPartOf":{"@id":"https:\/\/homeproject.fr\/fr\/#website"},"primaryImageOfPage":{"@id":"https:\/\/homeproject.fr\/fr\/produit\/tapis-interieur-exterieur-luminous-copper-par-ligne-pure\/#primaryimage"},"image":{"@id":"https:\/\/homeproject.fr\/fr\/produit\/tapis-interieur-exterieur-luminous-copper-par-ligne-pure\/#primaryimage"},"thumbnailUrl":"https:\/\/homeproject.fr\/fr\/wp-content\/uploads\/2025\/06\/Tapis-contemporain-abstrait-interieur-exterieur-synthetique-Ligne-Pure-Luminous-Copper-7.jpg","datePublished":"2025-06-20T14:46:06+00:00","dateModified":"2025-06-20T15:10:36+00:00","description":"Tapis contemporain Ligne Pure Luminous Copper pour int\u00e9rieur & ext\u00e9rieur. Motif abstrait cuivr\u00e9, mati\u00e8res r\u00e9sistantes, entretien facile.","breadcrumb":{"@id":"https:\/\/homeproject.fr\/fr\/produit\/tapis-interieur-exterieur-luminous-copper-par-ligne-pure\/#breadcrumb"},"inLanguage":"fr-FR","potentialAction":[{"@type":"ReadAction","target":["https:\/\/homeproject.fr\/fr\/produit\/tapis-interieur-exterieur-luminous-copper-par-ligne-pure\/"]}]},{"@type":"ImageObject","inLanguage":"fr-FR","@id":"https:\/\/homeproject.fr\/fr\/produit\/tapis-interieur-exterieur-luminous-copper-par-ligne-pure\/#primaryimage","url":"https:\/\/homeproject.fr\/fr\/wp-content\/uploads\/2025\/06\/Tapis-contemporain-abstrait-interieur-exterieur-synthetique-Ligne-Pure-Luminous-Copper-7.jpg","contentUrl":"https:\/\/homeproject.fr\/fr\/wp-content\/uploads\/2025\/06\/Tapis-contemporain-abstrait-interieur-exterieur-synthetique-Ligne-Pure-Luminous-Copper-7.jpg","width":1500,"height":1500},{"@type":"BreadcrumbList","@id":"https:\/\/homeproject.fr\/fr\/produit\/tapis-interieur-exterieur-luminous-copper-par-ligne-pure\/#breadcrumb","itemListElement":[{"@type":"ListItem","position":1,"name":"Accueil","item":"https:\/\/homeproject.fr\/fr\/"},{"@type":"ListItem","position":2,"name":"Boutique","item":"https:\/\/homeproject.fr\/fr\/boutique\/"},{"@type":"ListItem","position":3,"name":"Tapis int\u00e9rieur ext\u00e9rieur Luminous Copper par Ligne Pure"}]},{"@type":"WebSite","@id":"https:\/\/homeproject.fr\/fr\/#website","url":"https:\/\/homeproject.fr\/fr\/","name":"Homeproject.fr","description":"Offrez l&#039;exceptionnel \u00e0 vos espaces \u00e0 vivre","publisher":{"@id":"https:\/\/homeproject.fr\/fr\/#organization"},"potentialAction":[{"@type":"SearchAction","target":{"@type":"EntryPoint","urlTemplate":"https:\/\/homeproject.fr\/fr\/?s={search_term_string}"},"query-input":{"@type":"PropertyValueSpecification","valueRequired":true,"valueName":"search_term_string"}}],"inLanguage":"fr-FR"},{"@type":"Organization","@id":"https:\/\/homeproject.fr\/fr\/#organization","name":"Homeproject.fr","url":"https:\/\/homeproject.fr\/fr\/","logo":{"@type":"ImageObject","inLanguage":"fr-FR","@id":"https:\/\/homeproject.fr\/fr\/#\/schema\/logo\/image\/","url":"https:\/\/homeproject.fr\/fr\/wp-content\/uploads\/2024\/12\/Logo_HomeProject-noir-2.png","contentUrl":"https:\/\/homeproject.fr\/fr\/wp-content\/uploads\/2024\/12\/Logo_HomeProject-noir-2.png","width":300,"height":91,"caption":"Homeproject.fr"},"image":{"@id":"https:\/\/homeproject.fr\/fr\/#\/schema\/logo\/image\/"}}]}},"_links":{"self":[{"href":"https:\/\/homeproject.fr\/fr\/wp-json\/wp\/v2\/product\/14661","targetHints":{"allow":["GET"]}}],"collection":[{"href":"https:\/\/homeproject.fr\/fr\/wp-json\/wp\/v2\/product"}],"about":[{"href":"https:\/\/homeproject.fr\/fr\/wp-json\/wp\/v2\/types\/product"}],"version-history":[{"count":1,"href":"https:\/\/homeproject.fr\/fr\/wp-json\/wp\/v2\/product\/14661\/revisions"}],"predecessor-version":[{"id":14671,"href":"https:\/\/homeproject.fr\/fr\/wp-json\/wp\/v2\/product\/14661\/revisions\/14671"}],"wp:featuredmedia":[{"embeddable":true,"href":"https:\/\/homeproject.fr\/fr\/wp-json\/wp\/v2\/media\/14665"}],"wp:attachment":[{"href":"https:\/\/homeproject.fr\/fr\/wp-json\/wp\/v2\/media?parent=14661"}],"wp:term":[{"taxonomy":"product_brand","embeddable":true,"href":"https:\/\/homeproject.fr\/fr\/wp-json\/wp\/v2\/product_brand?post=14661"},{"taxonomy":"product_cat","embeddable":true,"href":"https:\/\/homeproject.fr\/fr\/wp-json\/wp\/v2\/product_cat?post=14661"},{"taxonomy":"product_tag","embeddable":true,"href":"https:\/\/homeproject.fr\/fr\/wp-json\/wp\/v2\/product_tag?post=14661"}],"curies":[{"name":"wp","href":"https:\/\/api.w.org\/{rel}","templated":true}]}}