{"id":14618,"date":"2025-06-19T13:06:13","date_gmt":"2025-06-19T13:06:13","guid":{"rendered":"https:\/\/homeproject.fr\/fr\/?post_type=product&#038;p=14618"},"modified":"2025-06-19T14:34:45","modified_gmt":"2025-06-19T14:34:45","slug":"tabouret-de-douche-etanche-avec-poignee-et-filet-collection-roll-par-ever-life","status":"publish","type":"product","link":"https:\/\/homeproject.fr\/fr\/produit\/tabouret-de-douche-etanche-avec-poignee-et-filet-collection-roll-par-ever-life\/","title":{"rendered":"Tabouret de douche \u00e9tanche avec poign\u00e9e et filet \u2013 Collection ROLL par Ever Life"},"content":{"rendered":"<h3 data-start=\"689\" data-end=\"727\"><strong data-start=\"693\" data-end=\"725\">Caract\u00e9ristiques principales<\/strong> :<\/h3>\n<ul data-start=\"728\" data-end=\"1196\">\n<li data-start=\"728\" data-end=\"781\">\n<p data-start=\"730\" data-end=\"781\"><strong data-start=\"730\" data-end=\"744\">Dimensions<\/strong> : Hauteur 50 cm \u2013 Diam\u00e8tre 35,3 cm<\/p>\n<\/li>\n<li data-start=\"782\" data-end=\"824\">\n<p data-start=\"784\" data-end=\"824\"><strong data-start=\"784\" data-end=\"805\">Poids ultra l\u00e9ger<\/strong> : 1 kg seulement<\/p>\n<\/li>\n<li data-start=\"825\" data-end=\"877\">\n<p data-start=\"827\" data-end=\"877\"><strong data-start=\"827\" data-end=\"839\">Mati\u00e8res<\/strong> : Polyester, acrylique, polystyr\u00e8ne<\/p>\n<\/li>\n<li data-start=\"878\" data-end=\"952\">\n<p data-start=\"880\" data-end=\"952\"><strong data-start=\"880\" data-end=\"912\">Filet \u00e9lastique noir int\u00e9gr\u00e9<\/strong> pour ranger serviettes ou accessoires<\/p>\n<\/li>\n<li data-start=\"953\" data-end=\"1007\">\n<p data-start=\"955\" data-end=\"1007\"><strong data-start=\"955\" data-end=\"975\">Poign\u00e9e lat\u00e9rale<\/strong> pour une prise en main facile<\/p>\n<\/li>\n<li data-start=\"1008\" data-end=\"1128\">\n<p data-start=\"1010\" data-end=\"1128\"><strong data-start=\"1010\" data-end=\"1032\">Facile d\u2019entretien<\/strong> : Lavage \u00e0 la main (max. 30\u00b0C), repassage possible, ne pas blanchir, ni passer au s\u00e8che-linge<\/p>\n<\/li>\n<li data-start=\"1129\" data-end=\"1196\">\n<p data-start=\"1131\" data-end=\"1196\"><strong data-start=\"1131\" data-end=\"1149\">Certifications<\/strong> : Syst\u00e8me qualit\u00e9 certifi\u00e9 TUV UNI EN ISO 9001<\/p>\n<\/li>\n<\/ul>\n<h3 data-start=\"1198\" data-end=\"1227\"><strong data-start=\"1202\" data-end=\"1225\">Coloris disponibles<\/strong> :<\/h3>\n<ul data-start=\"1228\" data-end=\"1387\">\n<li data-start=\"1228\" data-end=\"1255\">\n<p data-start=\"1230\" data-end=\"1255\">Blanc &amp; rouge (EVRLWBPMR)<\/p>\n<\/li>\n<li data-start=\"1256\" data-end=\"1282\">\n<p data-start=\"1258\" data-end=\"1282\">Beige &amp; noir (EVRLWBTMN)<\/p>\n<\/li>\n<li data-start=\"1283\" data-end=\"1314\">\n<p data-start=\"1285\" data-end=\"1314\">Gris acier &amp; noir (EVRLWGAMN)<\/p>\n<\/li>\n<li data-start=\"1315\" data-end=\"1350\">\n<p data-start=\"1317\" data-end=\"1350\">Gris basalte &amp; marron (EVRLWGBMM)<\/p>\n<\/li>\n<li data-start=\"1351\" data-end=\"1387\">\n<p data-start=\"1353\" data-end=\"1387\">Gris graphite &amp; orange (EVRLWGGMA)<\/p>\n<\/li>\n<\/ul>\n<h3 data-start=\"1389\" data-end=\"1421\"><strong data-start=\"1393\" data-end=\"1419\">Utilisations possibles<\/strong> :<\/h3>\n<ul data-start=\"1422\" data-end=\"1600\">\n<li data-start=\"1422\" data-end=\"1463\">\n<p data-start=\"1424\" data-end=\"1463\">Tabouret de <strong data-start=\"1436\" data-end=\"1463\">douche ou salle de bain<\/strong><\/p>\n<\/li>\n<li data-start=\"1464\" data-end=\"1515\">\n<p data-start=\"1466\" data-end=\"1515\">Si\u00e8ge d\u2019appoint dans un <strong data-start=\"1490\" data-end=\"1515\">espace d\u00e9tente ou spa<\/strong><\/p>\n<\/li>\n<li data-start=\"1516\" data-end=\"1600\">\n<p data-start=\"1518\" data-end=\"1600\">Accessoire pratique pour la <strong data-start=\"1546\" data-end=\"1566\">chambre d\u2019enfant<\/strong>, le <strong data-start=\"1571\" data-end=\"1581\">balcon<\/strong> ou la <strong data-start=\"1588\" data-end=\"1600\">terrasse<\/strong><\/p>\n<\/li>\n<\/ul>\n<p data-start=\"1602\" data-end=\"1797\">Avec son <strong data-start=\"1611\" data-end=\"1634\">design contemporain<\/strong> et sa conception ing\u00e9nieuse, le tabouret ROLL est bien plus qu\u2019un simple si\u00e8ge : c\u2019est un objet fonctionnel et d\u00e9coratif, qui combine confort, style et praticit\u00e9.<\/p>\n<h3><strong style=\"font-family: inherit;\">Vous avez des questions ?<\/strong><\/h3>\n<style id=\"wpforms-css-vars-3675\">\n\t\t\t\t#wpforms-3675 {\n\t\t\t\t\n\t\t\t}\n\t\t\t<\/style><div class=\"wpforms-container wpforms-container-full wpforms-render-modern\" id=\"wpforms-3675\"><form id=\"wpforms-form-3675\" class=\"wpforms-validate wpforms-form wpforms-ajax-form\" data-formid=\"3675\" method=\"post\" enctype=\"multipart\/form-data\" action=\"\/fr\/wp-json\/wp\/v2\/product\/14618\" data-token=\"afc9de651a65a54d0ab77295ba63d8ad\" data-token-time=\"1776583296\"><noscript class=\"wpforms-error-noscript\">Veuillez activer JavaScript dans votre navigateur pour remplir ce formulaire.<\/noscript><div id=\"wpforms-error-noscript\" style=\"display: none;\">Veuillez activer JavaScript dans votre navigateur pour remplir ce formulaire.<\/div><div class=\"wpforms-field-container\">\t\t<div id=\"wpforms-3675-field_1-container\"\n\t\t\tclass=\"wpforms-field wpforms-field-text\"\n\t\t\tdata-field-type=\"text\"\n\t\t\tdata-field-id=\"1\"\n\t\t\t>\n\t\t\t<label class=\"wpforms-field-label\" for=\"wpforms-3675-field_1\" >E-mail Message Nom<\/label>\n\t\t\t<input type=\"text\" id=\"wpforms-3675-field_1\" class=\"wpforms-field-medium\" name=\"wpforms[fields][1]\" >\n\t\t<\/div>\n\t\t<div id=\"wpforms-3675-field_3-container\" class=\"wpforms-field wpforms-field-name\" data-field-id=\"3\"><fieldset><legend class=\"wpforms-field-label\">Nom <span class=\"wpforms-required-label\" aria-hidden=\"true\">*<\/span><\/legend><div class=\"wpforms-field-row wpforms-field-medium\"><div class=\"wpforms-field-row-block wpforms-first wpforms-one-half\"><input type=\"text\" id=\"wpforms-3675-field_3\" class=\"wpforms-field-name-first wpforms-field-required\" name=\"wpforms[fields][3][first]\" aria-errormessage=\"wpforms-3675-field_3-error\" required><label for=\"wpforms-3675-field_3\" class=\"wpforms-field-sublabel after\">Pr\u00e9nom<\/label><\/div><div class=\"wpforms-field-row-block wpforms-one-half\"><input type=\"text\" id=\"wpforms-3675-field_3-last\" class=\"wpforms-field-name-last wpforms-field-required\" name=\"wpforms[fields][3][last]\" aria-errormessage=\"wpforms-3675-field_3-last-error\" required><label for=\"wpforms-3675-field_3-last\" class=\"wpforms-field-sublabel after\">Nom<\/label><\/div><\/div><\/fieldset><\/div><div id=\"wpforms-3675-field_4-container\" class=\"wpforms-field wpforms-field-email\" data-field-id=\"4\"><label class=\"wpforms-field-label\" for=\"wpforms-3675-field_4\">E-mail <span class=\"wpforms-required-label\" aria-hidden=\"true\">*<\/span><\/label><input type=\"email\" id=\"wpforms-3675-field_4\" class=\"wpforms-field-medium wpforms-field-required\" name=\"wpforms[fields][4]\" spellcheck=\"false\" aria-errormessage=\"wpforms-3675-field_4-error\" required><\/div><div id=\"wpforms-3675-field_5-container\" class=\"wpforms-field wpforms-field-textarea\" data-field-id=\"5\"><label class=\"wpforms-field-label\" for=\"wpforms-3675-field_5\">Message <span class=\"wpforms-required-label\" aria-hidden=\"true\">*<\/span><\/label><textarea id=\"wpforms-3675-field_5\" class=\"wpforms-field-medium wpforms-field-required\" name=\"wpforms[fields][5]\" aria-errormessage=\"wpforms-3675-field_5-error\" required><\/textarea><\/div><script>\n\t\t\t\t( function() {\n\t\t\t\t\tconst style = document.createElement( 'style' );\n\t\t\t\t\tstyle.appendChild( document.createTextNode( '#wpforms-3675-field_1-container { position: absolute !important; overflow: hidden !important; display: inline !important; height: 1px !important; width: 1px !important; z-index: -1000 !important; padding: 0 !important; } #wpforms-3675-field_1-container input { visibility: hidden; } #wpforms-conversational-form-page #wpforms-3675-field_1-container label { counter-increment: none; }' ) );\n\t\t\t\t\tdocument.head.appendChild( style );\n\t\t\t\t\tdocument.currentScript?.remove();\n\t\t\t\t} )();\n\t\t\t<\/script><\/div><!-- .wpforms-field-container --><div class=\"wpforms-submit-container\" ><input type=\"hidden\" name=\"wpforms[id]\" value=\"3675\"><input type=\"hidden\" name=\"page_title\" value=\"\"><input type=\"hidden\" name=\"page_url\" value=\"https:\/\/homeproject.fr\/fr\/wp-json\/wp\/v2\/product\/14618\"><input type=\"hidden\" name=\"url_referer\" value=\"\"><button type=\"submit\" name=\"wpforms[submit]\" id=\"wpforms-submit-3675\" class=\"wpforms-submit\" data-alt-text=\"Envoi...\" data-submit-text=\"Envoyer\" aria-live=\"assertive\" value=\"wpforms-submit\">Envoyer<\/button><img decoding=\"async\" src=\"https:\/\/homeproject.fr\/fr\/wp-content\/plugins\/wpforms-lite\/assets\/images\/submit-spin.svg\" class=\"wpforms-submit-spinner\" style=\"display: none;\" width=\"26\" height=\"26\" alt=\"Chargement en cours\"><\/div><\/form><\/div>  <!-- .wpforms-container -->\n","protected":false},"excerpt":{"rendered":"<p data-start=\"186\" data-end=\"234\"><strong data-start=\"186\" data-end=\"234\">Design moderne, ultra l\u00e9ger et multifonction<\/strong><\/p>\n<p data-start=\"236\" data-end=\"687\">Offrez \u00e0 votre salle de bain une touche \u00e0 la fois pratique et design avec le tabouret de la collection <strong data-start=\"339\" data-end=\"347\">ROLL<\/strong>. Con\u00e7u pour r\u00e9pondre aux besoins des espaces contemporains, ce tabouret cylindrique se distingue par sa <strong data-start=\"452\" data-end=\"486\">l\u00e9g\u00e8ret\u00e9 exceptionnelle (1 kg)<\/strong>, sa <strong data-start=\"491\" data-end=\"512\">structure \u00e9tanche<\/strong> et sa <strong data-start=\"519\" data-end=\"539\">poign\u00e9e lat\u00e9rale<\/strong> qui facilite le transport. Il est parfait pour une utilisation dans la salle de bain, mais aussi dans d&rsquo;autres pi\u00e8ces de la maison ou en ext\u00e9rieur.<\/p>\n","protected":false},"featured_media":14619,"template":"","meta":{"_uf_show_specific_survey":0,"_uf_disable_surveys":false,"iawp_total_views":30},"product_brand":[534],"product_cat":[536,149,486],"product_tag":[],"class_list":{"0":"post-14618","1":"product","2":"type-product","3":"status-publish","4":"has-post-thumbnail","6":"product_brand-ever-life","7":"product_cat-tabouret-de-salle-de-bain","8":"product_cat-tabourets","9":"product_cat-tabourets-exterieurs","10":"product_shipping_class-petit-colis","11":"pa_collection-roll-par-ever-life","12":"pa_marque-ever-life","13":"pa_materiau-acrylique","14":"pa_materiau-polystyrene","15":"pa_materiau-tissu","17":"first","18":"instock","19":"taxable","20":"shipping-taxable","21":"purchasable","22":"product-type-variable"},"yoast_head":"<!-- This site is optimized with the Yoast SEO plugin v27.4 - https:\/\/yoast.com\/product\/yoast-seo-wordpress\/ -->\n<title>Tabouret de douche \u00e9tanche avec poign\u00e9e et filet \u2013 Collection ROLL par Ever Life - Homeproject.fr<\/title>\n<meta name=\"description\" content=\"Tabouret de douche \u00e9tanche ultra l\u00e9ger avec poign\u00e9e. Design moderne, multifonction et facile \u00e0 entretenir. Id\u00e9al salle de bain et usage int\u00e9rieur\/ext\u00e9rieur.\" \/>\n<meta name=\"robots\" content=\"index, follow, max-snippet:-1, max-image-preview:large, max-video-preview:-1\" \/>\n<link rel=\"canonical\" href=\"https:\/\/homeproject.fr\/fr\/produit\/tabouret-de-douche-etanche-avec-poignee-et-filet-collection-roll-par-ever-life\/\" \/>\n<meta property=\"og:locale\" content=\"fr_FR\" \/>\n<meta property=\"og:type\" content=\"article\" \/>\n<meta property=\"og:title\" content=\"Tabouret de douche \u00e9tanche avec poign\u00e9e et filet \u2013 Collection ROLL par Ever Life - Homeproject.fr\" \/>\n<meta property=\"og:description\" content=\"Tabouret de douche \u00e9tanche ultra l\u00e9ger avec poign\u00e9e. Design moderne, multifonction et facile \u00e0 entretenir. Id\u00e9al salle de bain et usage int\u00e9rieur\/ext\u00e9rieur.\" \/>\n<meta property=\"og:url\" content=\"https:\/\/homeproject.fr\/fr\/produit\/tabouret-de-douche-etanche-avec-poignee-et-filet-collection-roll-par-ever-life\/\" \/>\n<meta property=\"og:site_name\" content=\"Homeproject.fr\" \/>\n<meta property=\"article:modified_time\" content=\"2025-06-19T14:34:45+00:00\" \/>\n<meta property=\"og:image\" content=\"https:\/\/homeproject.fr\/fr\/wp-content\/uploads\/2025\/06\/Tabouret-de-douche-en-tissu-gris-et-poignee-marron-Ever-Life-Roll-8.jpg\" \/>\n\t<meta property=\"og:image:width\" content=\"1500\" \/>\n\t<meta property=\"og:image:height\" content=\"1500\" \/>\n\t<meta property=\"og:image:type\" content=\"image\/jpeg\" \/>\n<meta name=\"twitter:card\" content=\"summary_large_image\" \/>\n<meta name=\"twitter:label1\" content=\"Dur\u00e9e de lecture estim\u00e9e\" \/>\n\t<meta name=\"twitter:data1\" content=\"1 minute\" \/>\n<script type=\"application\/ld+json\" class=\"yoast-schema-graph\">{\"@context\":\"https:\\\/\\\/schema.org\",\"@graph\":[{\"@type\":\"WebPage\",\"@id\":\"https:\\\/\\\/homeproject.fr\\\/fr\\\/produit\\\/tabouret-de-douche-etanche-avec-poignee-et-filet-collection-roll-par-ever-life\\\/\",\"url\":\"https:\\\/\\\/homeproject.fr\\\/fr\\\/produit\\\/tabouret-de-douche-etanche-avec-poignee-et-filet-collection-roll-par-ever-life\\\/\",\"name\":\"Tabouret de douche \u00e9tanche avec poign\u00e9e et filet \u2013 Collection ROLL par Ever Life - Homeproject.fr\",\"isPartOf\":{\"@id\":\"https:\\\/\\\/homeproject.fr\\\/fr\\\/#website\"},\"primaryImageOfPage\":{\"@id\":\"https:\\\/\\\/homeproject.fr\\\/fr\\\/produit\\\/tabouret-de-douche-etanche-avec-poignee-et-filet-collection-roll-par-ever-life\\\/#primaryimage\"},\"image\":{\"@id\":\"https:\\\/\\\/homeproject.fr\\\/fr\\\/produit\\\/tabouret-de-douche-etanche-avec-poignee-et-filet-collection-roll-par-ever-life\\\/#primaryimage\"},\"thumbnailUrl\":\"https:\\\/\\\/homeproject.fr\\\/fr\\\/wp-content\\\/uploads\\\/2025\\\/06\\\/Tabouret-de-douche-en-tissu-gris-et-poignee-marron-Ever-Life-Roll-8.jpg\",\"datePublished\":\"2025-06-19T13:06:13+00:00\",\"dateModified\":\"2025-06-19T14:34:45+00:00\",\"description\":\"Tabouret de douche \u00e9tanche ultra l\u00e9ger avec poign\u00e9e. Design moderne, multifonction et facile \u00e0 entretenir. Id\u00e9al salle de bain et usage int\u00e9rieur\\\/ext\u00e9rieur.\",\"breadcrumb\":{\"@id\":\"https:\\\/\\\/homeproject.fr\\\/fr\\\/produit\\\/tabouret-de-douche-etanche-avec-poignee-et-filet-collection-roll-par-ever-life\\\/#breadcrumb\"},\"inLanguage\":\"fr-FR\",\"potentialAction\":[{\"@type\":\"ReadAction\",\"target\":[\"https:\\\/\\\/homeproject.fr\\\/fr\\\/produit\\\/tabouret-de-douche-etanche-avec-poignee-et-filet-collection-roll-par-ever-life\\\/\"]}]},{\"@type\":\"ImageObject\",\"inLanguage\":\"fr-FR\",\"@id\":\"https:\\\/\\\/homeproject.fr\\\/fr\\\/produit\\\/tabouret-de-douche-etanche-avec-poignee-et-filet-collection-roll-par-ever-life\\\/#primaryimage\",\"url\":\"https:\\\/\\\/homeproject.fr\\\/fr\\\/wp-content\\\/uploads\\\/2025\\\/06\\\/Tabouret-de-douche-en-tissu-gris-et-poignee-marron-Ever-Life-Roll-8.jpg\",\"contentUrl\":\"https:\\\/\\\/homeproject.fr\\\/fr\\\/wp-content\\\/uploads\\\/2025\\\/06\\\/Tabouret-de-douche-en-tissu-gris-et-poignee-marron-Ever-Life-Roll-8.jpg\",\"width\":1500,\"height\":1500},{\"@type\":\"BreadcrumbList\",\"@id\":\"https:\\\/\\\/homeproject.fr\\\/fr\\\/produit\\\/tabouret-de-douche-etanche-avec-poignee-et-filet-collection-roll-par-ever-life\\\/#breadcrumb\",\"itemListElement\":[{\"@type\":\"ListItem\",\"position\":1,\"name\":\"Accueil\",\"item\":\"https:\\\/\\\/homeproject.fr\\\/fr\\\/\"},{\"@type\":\"ListItem\",\"position\":2,\"name\":\"Boutique\",\"item\":\"https:\\\/\\\/homeproject.fr\\\/fr\\\/boutique\\\/\"},{\"@type\":\"ListItem\",\"position\":3,\"name\":\"Tabouret de douche \u00e9tanche avec poign\u00e9e et filet \u2013 Collection ROLL par Ever Life\"}]},{\"@type\":\"WebSite\",\"@id\":\"https:\\\/\\\/homeproject.fr\\\/fr\\\/#website\",\"url\":\"https:\\\/\\\/homeproject.fr\\\/fr\\\/\",\"name\":\"Homeproject.fr\",\"description\":\"Offrez l&#039;exceptionnel \u00e0 vos espaces \u00e0 vivre\",\"publisher\":{\"@id\":\"https:\\\/\\\/homeproject.fr\\\/fr\\\/#organization\"},\"potentialAction\":[{\"@type\":\"SearchAction\",\"target\":{\"@type\":\"EntryPoint\",\"urlTemplate\":\"https:\\\/\\\/homeproject.fr\\\/fr\\\/?s={search_term_string}\"},\"query-input\":{\"@type\":\"PropertyValueSpecification\",\"valueRequired\":true,\"valueName\":\"search_term_string\"}}],\"inLanguage\":\"fr-FR\"},{\"@type\":\"Organization\",\"@id\":\"https:\\\/\\\/homeproject.fr\\\/fr\\\/#organization\",\"name\":\"Homeproject.fr\",\"url\":\"https:\\\/\\\/homeproject.fr\\\/fr\\\/\",\"logo\":{\"@type\":\"ImageObject\",\"inLanguage\":\"fr-FR\",\"@id\":\"https:\\\/\\\/homeproject.fr\\\/fr\\\/#\\\/schema\\\/logo\\\/image\\\/\",\"url\":\"https:\\\/\\\/homeproject.fr\\\/fr\\\/wp-content\\\/uploads\\\/2024\\\/12\\\/Logo_HomeProject-noir-2.png\",\"contentUrl\":\"https:\\\/\\\/homeproject.fr\\\/fr\\\/wp-content\\\/uploads\\\/2024\\\/12\\\/Logo_HomeProject-noir-2.png\",\"width\":300,\"height\":91,\"caption\":\"Homeproject.fr\"},\"image\":{\"@id\":\"https:\\\/\\\/homeproject.fr\\\/fr\\\/#\\\/schema\\\/logo\\\/image\\\/\"}}]}<\/script>\n<!-- \/ Yoast SEO plugin. -->","yoast_head_json":{"title":"Tabouret de douche \u00e9tanche avec poign\u00e9e et filet \u2013 Collection ROLL par Ever Life - Homeproject.fr","description":"Tabouret de douche \u00e9tanche ultra l\u00e9ger avec poign\u00e9e. Design moderne, multifonction et facile \u00e0 entretenir. Id\u00e9al salle de bain et usage int\u00e9rieur\/ext\u00e9rieur.","robots":{"index":"index","follow":"follow","max-snippet":"max-snippet:-1","max-image-preview":"max-image-preview:large","max-video-preview":"max-video-preview:-1"},"canonical":"https:\/\/homeproject.fr\/fr\/produit\/tabouret-de-douche-etanche-avec-poignee-et-filet-collection-roll-par-ever-life\/","og_locale":"fr_FR","og_type":"article","og_title":"Tabouret de douche \u00e9tanche avec poign\u00e9e et filet \u2013 Collection ROLL par Ever Life - Homeproject.fr","og_description":"Tabouret de douche \u00e9tanche ultra l\u00e9ger avec poign\u00e9e. Design moderne, multifonction et facile \u00e0 entretenir. Id\u00e9al salle de bain et usage int\u00e9rieur\/ext\u00e9rieur.","og_url":"https:\/\/homeproject.fr\/fr\/produit\/tabouret-de-douche-etanche-avec-poignee-et-filet-collection-roll-par-ever-life\/","og_site_name":"Homeproject.fr","article_modified_time":"2025-06-19T14:34:45+00:00","og_image":[{"width":1500,"height":1500,"url":"https:\/\/homeproject.fr\/fr\/wp-content\/uploads\/2025\/06\/Tabouret-de-douche-en-tissu-gris-et-poignee-marron-Ever-Life-Roll-8.jpg","type":"image\/jpeg"}],"twitter_card":"summary_large_image","twitter_misc":{"Dur\u00e9e de lecture estim\u00e9e":"1 minute"},"schema":{"@context":"https:\/\/schema.org","@graph":[{"@type":"WebPage","@id":"https:\/\/homeproject.fr\/fr\/produit\/tabouret-de-douche-etanche-avec-poignee-et-filet-collection-roll-par-ever-life\/","url":"https:\/\/homeproject.fr\/fr\/produit\/tabouret-de-douche-etanche-avec-poignee-et-filet-collection-roll-par-ever-life\/","name":"Tabouret de douche \u00e9tanche avec poign\u00e9e et filet \u2013 Collection ROLL par Ever Life - Homeproject.fr","isPartOf":{"@id":"https:\/\/homeproject.fr\/fr\/#website"},"primaryImageOfPage":{"@id":"https:\/\/homeproject.fr\/fr\/produit\/tabouret-de-douche-etanche-avec-poignee-et-filet-collection-roll-par-ever-life\/#primaryimage"},"image":{"@id":"https:\/\/homeproject.fr\/fr\/produit\/tabouret-de-douche-etanche-avec-poignee-et-filet-collection-roll-par-ever-life\/#primaryimage"},"thumbnailUrl":"https:\/\/homeproject.fr\/fr\/wp-content\/uploads\/2025\/06\/Tabouret-de-douche-en-tissu-gris-et-poignee-marron-Ever-Life-Roll-8.jpg","datePublished":"2025-06-19T13:06:13+00:00","dateModified":"2025-06-19T14:34:45+00:00","description":"Tabouret de douche \u00e9tanche ultra l\u00e9ger avec poign\u00e9e. Design moderne, multifonction et facile \u00e0 entretenir. Id\u00e9al salle de bain et usage int\u00e9rieur\/ext\u00e9rieur.","breadcrumb":{"@id":"https:\/\/homeproject.fr\/fr\/produit\/tabouret-de-douche-etanche-avec-poignee-et-filet-collection-roll-par-ever-life\/#breadcrumb"},"inLanguage":"fr-FR","potentialAction":[{"@type":"ReadAction","target":["https:\/\/homeproject.fr\/fr\/produit\/tabouret-de-douche-etanche-avec-poignee-et-filet-collection-roll-par-ever-life\/"]}]},{"@type":"ImageObject","inLanguage":"fr-FR","@id":"https:\/\/homeproject.fr\/fr\/produit\/tabouret-de-douche-etanche-avec-poignee-et-filet-collection-roll-par-ever-life\/#primaryimage","url":"https:\/\/homeproject.fr\/fr\/wp-content\/uploads\/2025\/06\/Tabouret-de-douche-en-tissu-gris-et-poignee-marron-Ever-Life-Roll-8.jpg","contentUrl":"https:\/\/homeproject.fr\/fr\/wp-content\/uploads\/2025\/06\/Tabouret-de-douche-en-tissu-gris-et-poignee-marron-Ever-Life-Roll-8.jpg","width":1500,"height":1500},{"@type":"BreadcrumbList","@id":"https:\/\/homeproject.fr\/fr\/produit\/tabouret-de-douche-etanche-avec-poignee-et-filet-collection-roll-par-ever-life\/#breadcrumb","itemListElement":[{"@type":"ListItem","position":1,"name":"Accueil","item":"https:\/\/homeproject.fr\/fr\/"},{"@type":"ListItem","position":2,"name":"Boutique","item":"https:\/\/homeproject.fr\/fr\/boutique\/"},{"@type":"ListItem","position":3,"name":"Tabouret de douche \u00e9tanche avec poign\u00e9e et filet \u2013 Collection ROLL par Ever Life"}]},{"@type":"WebSite","@id":"https:\/\/homeproject.fr\/fr\/#website","url":"https:\/\/homeproject.fr\/fr\/","name":"Homeproject.fr","description":"Offrez l&#039;exceptionnel \u00e0 vos espaces \u00e0 vivre","publisher":{"@id":"https:\/\/homeproject.fr\/fr\/#organization"},"potentialAction":[{"@type":"SearchAction","target":{"@type":"EntryPoint","urlTemplate":"https:\/\/homeproject.fr\/fr\/?s={search_term_string}"},"query-input":{"@type":"PropertyValueSpecification","valueRequired":true,"valueName":"search_term_string"}}],"inLanguage":"fr-FR"},{"@type":"Organization","@id":"https:\/\/homeproject.fr\/fr\/#organization","name":"Homeproject.fr","url":"https:\/\/homeproject.fr\/fr\/","logo":{"@type":"ImageObject","inLanguage":"fr-FR","@id":"https:\/\/homeproject.fr\/fr\/#\/schema\/logo\/image\/","url":"https:\/\/homeproject.fr\/fr\/wp-content\/uploads\/2024\/12\/Logo_HomeProject-noir-2.png","contentUrl":"https:\/\/homeproject.fr\/fr\/wp-content\/uploads\/2024\/12\/Logo_HomeProject-noir-2.png","width":300,"height":91,"caption":"Homeproject.fr"},"image":{"@id":"https:\/\/homeproject.fr\/fr\/#\/schema\/logo\/image\/"}}]}},"_links":{"self":[{"href":"https:\/\/homeproject.fr\/fr\/wp-json\/wp\/v2\/product\/14618","targetHints":{"allow":["GET"]}}],"collection":[{"href":"https:\/\/homeproject.fr\/fr\/wp-json\/wp\/v2\/product"}],"about":[{"href":"https:\/\/homeproject.fr\/fr\/wp-json\/wp\/v2\/types\/product"}],"version-history":[{"count":1,"href":"https:\/\/homeproject.fr\/fr\/wp-json\/wp\/v2\/product\/14618\/revisions"}],"predecessor-version":[{"id":14643,"href":"https:\/\/homeproject.fr\/fr\/wp-json\/wp\/v2\/product\/14618\/revisions\/14643"}],"wp:featuredmedia":[{"embeddable":true,"href":"https:\/\/homeproject.fr\/fr\/wp-json\/wp\/v2\/media\/14619"}],"wp:attachment":[{"href":"https:\/\/homeproject.fr\/fr\/wp-json\/wp\/v2\/media?parent=14618"}],"wp:term":[{"taxonomy":"product_brand","embeddable":true,"href":"https:\/\/homeproject.fr\/fr\/wp-json\/wp\/v2\/product_brand?post=14618"},{"taxonomy":"product_cat","embeddable":true,"href":"https:\/\/homeproject.fr\/fr\/wp-json\/wp\/v2\/product_cat?post=14618"},{"taxonomy":"product_tag","embeddable":true,"href":"https:\/\/homeproject.fr\/fr\/wp-json\/wp\/v2\/product_tag?post=14618"}],"curies":[{"name":"wp","href":"https:\/\/api.w.org\/{rel}","templated":true}]}}